{"id":3601,"date":"2020-04-15T10:37:30","date_gmt":"2020-04-15T10:37:30","guid":{"rendered":"https:\/\/multihoster.org\/bigfile\/"},"modified":"2020-04-15T13:59:20","modified_gmt":"2020-04-15T13:59:20","slug":"bigfile","status":"publish","type":"page","link":"https:\/\/multihoster.org\/pl\/bigfile\/","title":{"rendered":"BigFile Premium Konto: Filehoster W Skr\u00f3cie"},"content":{"rendered":"\n<div class=\"wp-block-image\"><figure class=\"alignleft size-large\"><img loading=\"lazy\" width=\"250\" height=\"114\" src=\"https:\/\/multihoster.org\/wp-content\/uploads\/2020\/04\/pasted-image-0-1-e1586947238554.png\" alt=\"BigFile logo\" class=\"wp-image-3584\"\/><\/figure><\/div>\n\n\n\n<p>Powiedz &#8222;do widzenia&#8221; wszystkim zewn\u0119trznym pami\u0119ciom masowym, takim jak pendrive&#8217;y czy zewn\u0119trzne dyski twarde, poniewa\u017c w tym czasie pojawi\u0142a si\u0119 internetowa pami\u0119\u0107 masowa na pliki u\u017cytkownika, kt\u00f3ra zosta\u0142a opracowana z pomoc\u0105 profesjonalnych programist\u00f3w i kt\u00f3ra mo\u017ce by\u0107 u\u017cywana za pomoc\u0105 po\u0142\u0105czenia internetowego na urz\u0105dzeniu. Ta internetowa pami\u0119\u0107 masowa nazywa si\u0119 <strong>BigFile<\/strong>.<\/p>\n\n\n<a class=\"maxbutton-2 maxbutton maxbutton-cta\" target=\"_blank\" rel=\"nofollow noopener\" href=\"\/go\/\"><span class='mb-text'>&gt;&gt; Przejd\u017a do strony Oryginalnego Linkifier<\/span><\/a>\n\n\n<h2>BigFile Run-through<\/h2>\n\n\n\n<p>Bigfile jest wcze\u015bniej znany jako &#8222;Uploadable.ch&#8221;. Jest to jedna z najbardziej znanych stron internetowych, na kt\u00f3rej mo\u017cna uzyska\u0107 dost\u0119p, przechowywa\u0107, przesy\u0142a\u0107 i pobiera\u0107 plik lub pliki. Bigfile zapewnia bezpieczny i niezawodny hosting plik\u00f3w i gwarantuje u\u017cytkownikom bezpieczne i pewne korzystanie z ich strony internetowej, jak r\u00f3wnie\u017c z transakcji p\u0142atniczych.<\/p>\n\n\n\n<p>Poza tym BigFile mo\u017ce przechowywa\u0107 wszystkie pliki u\u017cytkownika, niezale\u017cnie od tego, czy s\u0105 to dokumenty, filmy, muzyka czy inne rodzaje plik\u00f3w, i mo\u017ce udost\u0119pnia\u0107 te pliki u\u017cytkownikowi w dowolnym momencie, kiedy chce uzyska\u0107 do nich dost\u0119p lub kiedy ich potrzebuje, w dowolnym miejscu, w kt\u00f3rym znajduje si\u0119 urz\u0105dzenie z po\u0142\u0105czeniem internetowym, z kt\u00f3rego korzysta. U\u017cytkownik mo\u017ce przegl\u0105da\u0107 i udost\u0119pnia\u0107 swoje pliki (dokumenty, filmy, muzyk\u0119 lub inne rodzaje plik\u00f3w) na stronie BigFile za pomoc\u0105 dowolnej przegl\u0105darki internetowej w dowolnym urz\u0105dzeniu.<\/p>\n\n\n\n<p>Je\u017celi U\u017cytkownik napotka\u0142 na jakiekolwiek problemy lub problemy lub chce tylko zada\u0107 pytanie dotycz\u0105ce strony internetowej, funkcji, us\u0142ug lub p\u0142atno\u015bci BigFile, mo\u017ce skontaktowa\u0107 si\u0119 z zespo\u0142em pomocy technicznej BigFile, wype\u0142niaj\u0105c formularz kontaktowy na swojej stronie.<\/p>\n\n\n\n<p>Aby m\u00f3c korzysta\u0107 z r\u00f3\u017cnych funkcji i us\u0142ug strony BigFile, nale\u017cy za\u0142o\u017cy\u0107 konto, kt\u00f3re zostanie zarejestrowane na stronie. Ponadto ka\u017cdy u\u017cytkownik musi potwierdzi\u0107 i zweryfikowa\u0107 swoje konto pod k\u0105tem bezpiecze\u0144stwa wszystkich transakcji, kt\u00f3re b\u0119d\u0105 dokonywane za pomoc\u0105 systemu BigFile. Potwierdzone i zweryfikowane konto jest konieczne, aby unikn\u0105\u0107 oszustw i fa\u0142szywych transakcji. U\u017cytkownik powinien pami\u0119ta\u0107, \u017ce nie powinien udost\u0119pnia\u0107 swojego konta, a w szczeg\u00f3lno\u015bci informacji o swoich p\u0142atno\u015bciach \u017cadnym u\u017cytkownikom lub osobom trzecim dla swojego bezpiecze\u0144stwa.<\/p>\n\n\n\n<p>BigFile posiada dwa r\u00f3\u017cne rodzaje kont: konto BigFile Free i konto BigFile Premium. Konto Premium umo\u017cliwia u\u017cytkownikom korzystanie z wszystkich funkcji i us\u0142ug. BigFile pozwala u\u017cytkownikom posiadaj\u0105cym konto Premium na jednoczesne pobieranie wielu plik\u00f3w, w odr\u00f3\u017cnieniu od u\u017cytkownik\u00f3w posiadaj\u0105cych konto darmowe, maj\u0105 oni tylko ograniczon\u0105 liczb\u0119 plik\u00f3w do pobrania, z kt\u00f3rych tylko jeden (1) plik na raz mo\u017ce rozpocz\u0105\u0107 pobieranie kolejnego pliku dopiero po zako\u0144czeniu pobierania poprzedniego. Konto BigFile Premium umo\u017cliwia pobieranie pliku lub plik\u00f3w za pomoc\u0105 akcelerator\u00f3w pobierania, kt\u00f3re mog\u0105 zwi\u0119kszy\u0107 pr\u0119dko\u015b\u0107 pobierania nawet wtedy, gdy po\u0142\u0105czenie internetowe u\u017cytkownika nie ma wy\u017cszej pr\u0119dko\u015bci. Ponadto konto Premium Bigfile ma wy\u017csz\u0105 pr\u0119dko\u015b\u0107 ni\u017c konto darmowe, poniewa\u017c <a rel=\"noreferrer noopener\" aria-label=\"protok\u00f3\u0142 internetowy (opens in a new tab)\" href=\"https:\/\/en.wikipedia.org\/wiki\/Internet_Protocol\" target=\"_blank\">protok\u00f3\u0142 internetowy<\/a> lub adres IP u\u017cytkownika jest kierowany na serwery strony BigFile, kt\u00f3re nie s\u0105 bardziej zat\u0142oczone i nie maj\u0105 wi\u0119kszego nat\u0119\u017cenia ruchu ni\u017c konta darmowe. <\/p>\n\n\n\n<p>Pobieraj\u0105c plik lub pliki ze strony Bigfile, u\u017cytkownik mo\u017ce skorzysta\u0107 z narz\u0119dzia lub mened\u017cer\u00f3w pobierania, takich jak Internet Download Manager lub IDM, Jdownloader, Download Accelerator Plus lub DAP, Mipon lub innych, do kt\u00f3rych u\u017cytkownik jest przyzwyczajony.<\/p>\n\n\n\n<ul><li>\u0141atwy i dost\u0119pny \u2043 U\u017cytkownik mo\u017ce w ka\u017cdej chwili uzyska\u0107 \u0142atwy dost\u0119p do strony BigFile w dowolnym miejscu i czasie, nie martwi\u0105c si\u0119 o spos\u00f3b przenoszenia swoich plik\u00f3w. Ponadto, mo\u017ce on \u0142atwo zrozumie\u0107 i dostosowa\u0107 si\u0119 do funkcji, funkcji i us\u0142ug strony BigFile, poniewa\u017c s\u0105 one proste i podstawowe.<\/li><li>Sociable \u2043 Ka\u017cdy u\u017cytkownik mo\u017ce korzysta\u0107 z serwisu BigFile wraz ze swoimi kolegami z grupy, kolegami z zespo\u0142u, kolegami z klasy, przyjaci\u00f3\u0142mi, rodzin\u0105 lub innymi osobami, udost\u0119pniaj\u0105c im plik lub pliki. Plik lub pliki mo\u017ce przes\u0142a\u0107 przez Internet za po\u015brednictwem medi\u00f3w spo\u0142eczno\u015bciowych lub poczty elektronicznej.<\/li><li>Wi\u0119ksze rozmiary plik\u00f3w \u2043 Je\u017celi u\u017cytkownik korzysta z bezp\u0142atnego konta BigFile, to mo\u017ce liczy\u0107 na to, \u017ce b\u0119dzie mia\u0142 do dyspozycji tylko ograniczon\u0105 wielko\u015b\u0107 pami\u0119ci masowej, kt\u00f3r\u0105 otrzyma dwa gigabajty (2 GB) lub dwa tysi\u0105ce megabajt\u00f3w (2000 MB), a je\u017celi u\u017cytkownik korzysta z konta Premium BigFile, to otrzyma dziesi\u0119\u0107 gigabajt\u00f3w (10 GB), dziesi\u0119\u0107 tysi\u0119cy megabajt\u00f3w (10 000 MB) powierzchni dyskowej.<\/li><li>Szybka dostawa \u2043 Szybsza dostawa konta i kod\u00f3w produkt\u00f3w BigFile wysy\u0142ana jest na e-mail u\u017cytkownika.<\/li><li>R\u00f3\u017cne metody p\u0142atno\u015bci \u2043 BigFile obs\u0142uguje r\u00f3\u017cne metody p\u0142atno\u015bci, dzi\u0119ki czemu r\u00f3\u017cni u\u017cytkownicy na ca\u0142ym \u015bwiecie mog\u0105 p\u0142aci\u0107 lub kupowa\u0107 swoje produkty i us\u0142ugi.<\/li><li>Bardzo bezpieczna strona \u2043 Pliki u\u017cytkownik\u00f3w s\u0105 chronione, poniewa\u017c BigFile wykorzystuje najlepsz\u0105 technik\u0119 <a href=\"https:\/\/en.wikipedia.org\/wiki\/Encryption\" target=\"_blank\" rel=\"noreferrer noopener\" aria-label=\"szyfrowania  (opens in a new tab)\">szyfrowania <\/a>w celu zapewnienia bezpiecze\u0144stwa strony. <\/li><li>Zesp\u00f3\u0142 wsparcia technicznego 24\/7 \u2043 Na stronie BigFile znajduje si\u0119 zesp\u00f3\u0142 wsparcia technicznego dla czat\u00f3w na \u017cywo i wiadomo\u015bci e-mail. Zesp\u00f3\u0142 pomocy technicznej dzia\u0142a i jest dost\u0119pny przez 24 godziny na dob\u0119, 7 dni w tygodniu.<\/li><\/ul>\n\n\n<a class=\"maxbutton-2 maxbutton maxbutton-cta\" target=\"_blank\" rel=\"nofollow noopener\" href=\"\/go\/\"><span class='mb-text'>&gt;&gt; Przejd\u017a do strony Oryginalnego Linkifier<\/span><\/a>\n\n\n<h2>Korzy\u015bci i funkcje Bigfile Premium konto<\/h2>\n\n\n\n<ul><li>Ma maksymaln\u0105 pr\u0119dko\u015b\u0107 pobierania pliku lub plik\u00f3w. Nie ma \u017cadnego ograniczenia pr\u0119dko\u015bci.<\/li><li>Ma nieograniczony rozmiar osobistej pami\u0119ci masowej dla wszystkich u\u017cytkownik\u00f3w premium.<\/li><li>Posiada dziesi\u0119\u0107 gigabajt\u00f3w (10 GB) lub dziesi\u0119\u0107 tysi\u0119cy megabajt\u00f3w (10.000 MB) do za\u0142adowania pliku lub plik\u00f3w.<\/li><li>Archiwizacja plik\u00f3w jest nieograniczona.<\/li><li>Ma wi\u0119ksz\u0105 <a href=\"https:\/\/dictionary.cambridge.org\/us\/dictionary\/english\/bandwidth\" target=\"_blank\" rel=\"noreferrer noopener\" aria-label=\"przepustowo\u015b\u0107 (opens in a new tab)\">przepustowo\u015b\u0107<\/a>.<\/li><li>Nie ma czasu oczekiwania na pobranie pliku lub plik\u00f3w i nie ma reklam podczas korzystania z witryny BigFile.<\/li><li>Jest to w 100% bezpieczna i w 100% bezpieczna strona i konto.<\/li><li>Obs\u0142uguje zarz\u0105dzanie plikami.<\/li><li>Obs\u0142uguje wiele pobra\u0144 plik\u00f3w jednocze\u015bnie.<\/li><li>Ma mo\u017cliwo\u015b\u0107 wznowienia i wstrzymania pobierania.<\/li><li>Posiada akcelerator pobierania umo\u017cliwiaj\u0105cy szybsze pobieranie plik\u00f3w.<\/li><li>Obs\u0142uguje on r\u00f3\u017cne mened\u017cery lub narz\u0119dzia do pobierania pliku lub plik\u00f3w.<\/li><\/ul>\n\n\n\n<p>Prosz\u0119 zapozna\u0107 si\u0119 z poni\u017cszymi cenami konta BigFile Free i konta BigFile Premium.<\/p>\n\n\n\n<figure class=\"wp-block-table\"><table class=\"\"><tbody><tr><td class=\"has-text-align-center\" data-align=\"center\">Ceny kont BigFile<\/td><\/tr><\/tbody><\/table><\/figure>\n\n\n\n<figure class=\"wp-block-table\"><table class=\"\"><tbody><tr><td>Rodzaje kont BigFile<\/td><td>Dni lub miesi\u0105ce<\/td><td>Ceny<\/td><td>Wielko\u015b\u0107 pojemno\u015bci magazynu<\/td><td>Czy to jest bezpieczne?<\/td><td>Ocena bezpiecze\u0144stwa<\/td><\/tr><tr><td>Darmowe konto<\/td><td>Zero (0) dni lub zero (0) miesi\u0119cy<\/td><td>00.00 USD<\/td><td>niewielki<\/td><td>\u2611 TAK<\/td><td>100%<\/td><\/tr><tr><td>\u22c6 Premium Konto<\/td><td>Thirty (30) days or one (1) month<\/td><td>15.99 USD<\/td><td>Wi\u0119kszy<\/td><td>\u2611 TAK<\/td><td>100%<\/td><\/tr><tr><td>\u22c6 Premium Konto<\/td><td>Ninety (90) days or one (3) months<\/td><td>36.99 USD<\/td><td>Wi\u0119kszy<\/td><td>\u2611 TAK<\/td><td>100%<\/td><\/tr><tr><td>\u22c6Premium Konto<\/td><td>One hundred eighty days(180) days or six (6) months<\/td><td>61.90 USD<\/td><td>Wi\u0119kszy<\/td><td>\u2611 TAK<\/td><td>100%<\/td><\/tr><tr><td>\u22c6Premium Konto<\/td><td>Three hundred sixty-five (365) days or twelve (12) month<\/td><td>86.99 USD<\/td><td>Wi\u0119kszy<\/td><td>\u2611 TAK<\/td><td>100%<\/td><\/tr><\/tbody><\/table><\/figure>\n\n\n\n<h2>Kod vouchera do aktywacji BigFile Premium konto <\/h2>\n\n\n\n<p> Yes, the site of the Bigfile supports the payment via PayPal, VISA or MasterCard for the premium products and voucher codes. After the user paid the premium account or the voucher code, he or she will receive a code which consists of letters and numbers which he or she needs to use to activate the BigFile Premium Account. Without the voucher code, the account of a user will not be upgraded to the premium account and he or she cannot use the features and services of it. <\/p>\n\n\n\n<p><strong>Jak wprowadzi\u0107 kod vouchera, je\u015bli jest on nowym u\u017cytkownikiem?<\/strong><\/p>\n\n\n\n<ol><li>Wejd\u017a na stron\u0119 BigFile i znajd\u017a przycisk do rejestracji.<\/li><li>U\u017cytkownik powinien zarejestrowa\u0107 si\u0119 w celu za\u0142o\u017cenia konta w serwisie BigFile.<\/li><li>U\u017cytkownik powinien wype\u0142ni\u0107 wszystkie pola formularza zg\u0142oszeniowego BigFile. U\u017cytkownik powinien poda\u0107 swoj\u0105 nazw\u0119 u\u017cytkownika, adres e-mail oraz has\u0142o.<\/li><li>W polu &#8222;Kod vouchera Premium&#8221; nale\u017cy wpisa\u0107 kod vouchera do konta BigFile Premium.<\/li><li>Nast\u0119pnie klikn\u0105\u0107 na przycisk &#8222;Utw\u00f3rz konto&#8221;, aby w formularzu rejestracji na stronie BigFile poda\u0107 wszystkie dane u\u017cytkownika.<\/li><\/ol>\n\n\n\n<figure class=\"wp-block-image\"><img src=\"https:\/\/lh3.googleusercontent.com\/I8_mopX3mrPEEN7JGhuyPdzqO1jj6OrOFL0aF2bXkaQPVaETo4xVYVFGWxV-AR87AX0ydjO2BtvzQJaETNqSxoo1nAeSD6OtWGDOBTpoHd5t9MD_iP4vC7yPtYG5Td6GNSXMCWg7\" alt=\"Enter Voucher Code on the yellow highlighted field\"\/><\/figure>\n\n\n\n<p><strong>Jak wprowadzi\u0107 kod vouchera, je\u015bli jest on istniej\u0105cym u\u017cytkownikiem?<\/strong><\/p>\n\n\n\n<ol><li>Przejd\u017a do strony BigFile i znajd\u017a przycisk do logowania.<\/li><li>Przejd\u017a do strony logowania na stronie BigFile.<\/li><li>U\u017cytkownik powinien zalogowa\u0107 si\u0119 do swojego konta za pomoc\u0105 nazwy u\u017cytkownika i has\u0142a swojego konta w BigFile.<\/li><li>Przej\u015b\u0107 do zak\u0142adki Redeem na stronie BigFile. 4.<\/li><li>Skopiuj kod vouchera i wklej go w polu &#8222;Kod vouchera Premium&#8221; na stronie realizacji.<\/li><li>6. Nast\u0119pnie klikn\u0105\u0107 na przycisk &#8222;Prze\u015blij&#8221;, aby zastosowa\u0107 kod bonu i aktywowa\u0107 konto Premium swojego konta BigFile. U\u017cytkownik mo\u017ce teraz korzysta\u0107 ze wszystkich funkcji i us\u0142ug konta Premium BigFile.<\/li><\/ol>\n\n\n\n<figure class=\"wp-block-image\"><img src=\"https:\/\/lh5.googleusercontent.com\/Iu478QCvtTkoWyU6zrlZjC1KFVKkaTtq5MCNzq436AgZ5qP-MbuAktwuSDhTjTvvtVbCK7tR0T_bKu3-Z96e_r34TPaBE0pv0-A-Y2bwvoZxUEbX_lQ-21YikzWPKVlFQgycH-ML\" alt=\"Enter Voucher Code on the yellow highlighted field\"\/><\/figure>\n\n\n\n<p>\u015aredni czas dostawy produktu BigFile wynosi od dwudziestu czterech (24) godzin do trzech (3) dni. Tak wi\u0119c, je\u015bli U\u017cytkownik dokona p\u0142atno\u015bci za konto Premium lub kod vouchera BigFile, musi poczeka\u0107 w tym czasie, aby go otrzyma\u0107.<\/p>\n\n\n<a class=\"maxbutton-2 maxbutton maxbutton-cta\" target=\"_blank\" rel=\"nofollow noopener\" href=\"\/go\/\"><span class='mb-text'>&gt;&gt; Przejd\u017a do strony Oryginalnego Linkifier<\/span><\/a>","protected":false},"excerpt":{"rendered":"<p>Powiedz &#8222;do widzenia&#8221; wszystkim zewn\u0119trznym pami\u0119ciom masowym, takim jak pendrive&#8217;y czy zewn\u0119trzne dyski twarde, poniewa\u017c w tym czasie pojawi\u0142a si\u0119<\/p>\n","protected":false},"author":2,"featured_media":0,"parent":0,"menu_order":0,"comment_status":"closed","ping_status":"closed","template":"","meta":[],"yoast_head":"<!-- This site is optimized with the Yoast SEO plugin v18.3 - https:\/\/yoast.com\/wordpress\/plugins\/seo\/ -->\n<title>BigFile Premium Konto: Filehoster W Skr\u00f3cie<\/title>\n<meta name=\"description\" content=\"Czy BigFile jest renomowanym dostawc\u0105 czy nie, odpowied\u017a znajdziesz w aktualnym te\u015bcie na Multihoster.org \u279c Kliknij teraz \u271a aby przeczyta\u0107 nasze do\u015bwiadczenia!\" \/>\n<meta name=\"robots\" content=\"index, follow, max-snippet:-1, max-image-preview:large, max-video-preview:-1\" \/>\n<link rel=\"canonical\" href=\"https:\/\/multihoster.org\/pl\/bigfile\/\" \/>\n<meta property=\"og:locale\" content=\"pl_PL\" \/>\n<meta property=\"og:type\" content=\"article\" \/>\n<meta property=\"og:title\" content=\"BigFile Premium Konto: Filehoster W Skr\u00f3cie\" \/>\n<meta property=\"og:description\" content=\"Czy BigFile jest renomowanym dostawc\u0105 czy nie, odpowied\u017a znajdziesz w aktualnym te\u015bcie na Multihoster.org \u279c Kliknij teraz \u271a aby przeczyta\u0107 nasze do\u015bwiadczenia!\" \/>\n<meta property=\"og:url\" content=\"https:\/\/multihoster.org\/pl\/bigfile\/\" \/>\n<meta property=\"og:site_name\" content=\"Multihoster.org\" \/>\n<meta property=\"article:modified_time\" content=\"2020-04-15T13:59:20+00:00\" \/>\n<meta property=\"og:image\" content=\"https:\/\/multihoster.org\/wp-content\/uploads\/2020\/04\/pasted-image-0-1-e1586947238554.png\" \/>\n<meta name=\"twitter:card\" content=\"summary\" \/>\n<meta name=\"twitter:label1\" content=\"Szacowany czas czytania\" \/>\n\t<meta name=\"twitter:data1\" content=\"7 minut\" \/>\n<script type=\"application\/ld+json\" class=\"yoast-schema-graph\">{\"@context\":\"https:\/\/schema.org\",\"@graph\":[{\"@type\":\"WebSite\",\"@id\":\"https:\/\/multihoster.org\/#website\",\"url\":\"https:\/\/multihoster.org\/\",\"name\":\"Multihoster.org\",\"description\":\"Reviews of the major Filehosting services\",\"potentialAction\":[{\"@type\":\"SearchAction\",\"target\":{\"@type\":\"EntryPoint\",\"urlTemplate\":\"https:\/\/multihoster.org\/?s={search_term_string}\"},\"query-input\":\"required name=search_term_string\"}],\"inLanguage\":\"pl-PL\"},{\"@type\":\"ImageObject\",\"@id\":\"https:\/\/multihoster.org\/pl\/bigfile\/#primaryimage\",\"inLanguage\":\"pl-PL\",\"url\":\"https:\/\/multihoster.org\/wp-content\/uploads\/2020\/04\/pasted-image-0-1-e1586947238554.png\",\"contentUrl\":\"https:\/\/multihoster.org\/wp-content\/uploads\/2020\/04\/pasted-image-0-1-e1586947238554.png\",\"width\":250,\"height\":114,\"caption\":\"BigFile logo\"},{\"@type\":\"WebPage\",\"@id\":\"https:\/\/multihoster.org\/pl\/bigfile\/#webpage\",\"url\":\"https:\/\/multihoster.org\/pl\/bigfile\/\",\"name\":\"BigFile Premium Konto: Filehoster W Skr\u00f3cie\",\"isPartOf\":{\"@id\":\"https:\/\/multihoster.org\/#website\"},\"primaryImageOfPage\":{\"@id\":\"https:\/\/multihoster.org\/pl\/bigfile\/#primaryimage\"},\"datePublished\":\"2020-04-15T10:37:30+00:00\",\"dateModified\":\"2020-04-15T13:59:20+00:00\",\"description\":\"Czy BigFile jest renomowanym dostawc\u0105 czy nie, odpowied\u017a znajdziesz w aktualnym te\u015bcie na Multihoster.org \u279c Kliknij teraz \u271a aby przeczyta\u0107 nasze do\u015bwiadczenia!\",\"breadcrumb\":{\"@id\":\"https:\/\/multihoster.org\/pl\/bigfile\/#breadcrumb\"},\"inLanguage\":\"pl-PL\",\"potentialAction\":[{\"@type\":\"ReadAction\",\"target\":[\"https:\/\/multihoster.org\/pl\/bigfile\/\"]}]},{\"@type\":\"BreadcrumbList\",\"@id\":\"https:\/\/multihoster.org\/pl\/bigfile\/#breadcrumb\",\"itemListElement\":[{\"@type\":\"ListItem\",\"position\":1,\"name\":\"Startseite\",\"item\":\"https:\/\/multihoster.org\/pl\/\"},{\"@type\":\"ListItem\",\"position\":2,\"name\":\"BigFile Premium Konto: Filehoster W Skr\u00f3cie\"}]}]}<\/script>\n<!-- \/ Yoast SEO plugin. -->","yoast_head_json":{"title":"BigFile Premium Konto: Filehoster W Skr\u00f3cie","description":"Czy BigFile jest renomowanym dostawc\u0105 czy nie, odpowied\u017a znajdziesz w aktualnym te\u015bcie na Multihoster.org \u279c Kliknij teraz \u271a aby przeczyta\u0107 nasze do\u015bwiadczenia!","robots":{"index":"index","follow":"follow","max-snippet":"max-snippet:-1","max-image-preview":"max-image-preview:large","max-video-preview":"max-video-preview:-1"},"canonical":"https:\/\/multihoster.org\/pl\/bigfile\/","og_locale":"pl_PL","og_type":"article","og_title":"BigFile Premium Konto: Filehoster W Skr\u00f3cie","og_description":"Czy BigFile jest renomowanym dostawc\u0105 czy nie, odpowied\u017a znajdziesz w aktualnym te\u015bcie na Multihoster.org \u279c Kliknij teraz \u271a aby przeczyta\u0107 nasze do\u015bwiadczenia!","og_url":"https:\/\/multihoster.org\/pl\/bigfile\/","og_site_name":"Multihoster.org","article_modified_time":"2020-04-15T13:59:20+00:00","og_image":[{"url":"https:\/\/multihoster.org\/wp-content\/uploads\/2020\/04\/pasted-image-0-1-e1586947238554.png"}],"twitter_card":"summary","twitter_misc":{"Szacowany czas czytania":"7 minut"},"schema":{"@context":"https:\/\/schema.org","@graph":[{"@type":"WebSite","@id":"https:\/\/multihoster.org\/#website","url":"https:\/\/multihoster.org\/","name":"Multihoster.org","description":"Reviews of the major Filehosting services","potentialAction":[{"@type":"SearchAction","target":{"@type":"EntryPoint","urlTemplate":"https:\/\/multihoster.org\/?s={search_term_string}"},"query-input":"required name=search_term_string"}],"inLanguage":"pl-PL"},{"@type":"ImageObject","@id":"https:\/\/multihoster.org\/pl\/bigfile\/#primaryimage","inLanguage":"pl-PL","url":"https:\/\/multihoster.org\/wp-content\/uploads\/2020\/04\/pasted-image-0-1-e1586947238554.png","contentUrl":"https:\/\/multihoster.org\/wp-content\/uploads\/2020\/04\/pasted-image-0-1-e1586947238554.png","width":250,"height":114,"caption":"BigFile logo"},{"@type":"WebPage","@id":"https:\/\/multihoster.org\/pl\/bigfile\/#webpage","url":"https:\/\/multihoster.org\/pl\/bigfile\/","name":"BigFile Premium Konto: Filehoster W Skr\u00f3cie","isPartOf":{"@id":"https:\/\/multihoster.org\/#website"},"primaryImageOfPage":{"@id":"https:\/\/multihoster.org\/pl\/bigfile\/#primaryimage"},"datePublished":"2020-04-15T10:37:30+00:00","dateModified":"2020-04-15T13:59:20+00:00","description":"Czy BigFile jest renomowanym dostawc\u0105 czy nie, odpowied\u017a znajdziesz w aktualnym te\u015bcie na Multihoster.org \u279c Kliknij teraz \u271a aby przeczyta\u0107 nasze do\u015bwiadczenia!","breadcrumb":{"@id":"https:\/\/multihoster.org\/pl\/bigfile\/#breadcrumb"},"inLanguage":"pl-PL","potentialAction":[{"@type":"ReadAction","target":["https:\/\/multihoster.org\/pl\/bigfile\/"]}]},{"@type":"BreadcrumbList","@id":"https:\/\/multihoster.org\/pl\/bigfile\/#breadcrumb","itemListElement":[{"@type":"ListItem","position":1,"name":"Startseite","item":"https:\/\/multihoster.org\/pl\/"},{"@type":"ListItem","position":2,"name":"BigFile Premium Konto: Filehoster W Skr\u00f3cie"}]}]}},"_links":{"self":[{"href":"https:\/\/multihoster.org\/pl\/wp-json\/wp\/v2\/pages\/3601"}],"collection":[{"href":"https:\/\/multihoster.org\/pl\/wp-json\/wp\/v2\/pages"}],"about":[{"href":"https:\/\/multihoster.org\/pl\/wp-json\/wp\/v2\/types\/page"}],"author":[{"embeddable":true,"href":"https:\/\/multihoster.org\/pl\/wp-json\/wp\/v2\/users\/2"}],"replies":[{"embeddable":true,"href":"https:\/\/multihoster.org\/pl\/wp-json\/wp\/v2\/comments?post=3601"}],"version-history":[{"count":1,"href":"https:\/\/multihoster.org\/pl\/wp-json\/wp\/v2\/pages\/3601\/revisions"}],"predecessor-version":[{"id":3661,"href":"https:\/\/multihoster.org\/pl\/wp-json\/wp\/v2\/pages\/3601\/revisions\/3661"}],"wp:attachment":[{"href":"https:\/\/multihoster.org\/pl\/wp-json\/wp\/v2\/media?parent=3601"}],"curies":[{"name":"wp","href":"https:\/\/api.w.org\/{rel}","templated":true}]}}