{"id":3689,"date":"2020-04-15T15:38:06","date_gmt":"2020-04-15T15:38:06","guid":{"rendered":"https:\/\/multihoster.org\/extmatrix\/"},"modified":"2020-06-01T11:13:37","modified_gmt":"2020-06-01T11:13:37","slug":"extmatrix","status":"publish","type":"page","link":"https:\/\/multihoster.org\/pl\/extmatrix\/","title":{"rendered":"ExtMatrix Premium Konto: Filehoster W Skr\u00f3cie"},"content":{"rendered":"\n<div class=\"wp-block-image\"><figure class=\"aligncenter\"><img src=\"https:\/\/lh6.googleusercontent.com\/ajXxtb78K0qOd80BT2Q0PmNLZ9CoZlNY06w5CnxkVhNTnHG9z_D201mJ-ybLmNBhDo72X1tR4N2dV7HBQXJH5eBBn0pSUXFfou4Jme-DHtzgqVWP2YK2erUAvolG8u27ou0oqD7a\" alt=\"ExtMatrix logo\"\/><\/figure><\/div>\n\n\n<a class=\"maxbutton-2 maxbutton maxbutton-cta\" target=\"_blank\" rel=\"nofollow noopener\" href=\"\/go\/\"><span class='mb-text'>&gt;&gt; Przejd\u017a do strony Oryginalnego Linkifier<\/span><\/a>\n\n\n<h2>Co to jest ExtMatrix?<\/h2>\n\n\n\n<p>ExtMatrix jest internetow\u0105 platform\u0105 pami\u0119ci masowej w chmurze, z kt\u00f3rej mo\u017cna korzysta\u0107, zapisuj\u0105c r\u00f3\u017cne rodzaje danych, w tym obrazy, muzyk\u0119, filmy, dokumenty, pliki skompresowane i inne. Wszystkie dane, kt\u00f3re przechowujesz i przechowujesz b\u0119d\u0105 dost\u0119pne dla Ciebie wsz\u0119dzie tam, gdzie mo\u017cesz si\u0119 uda\u0107, na ca\u0142ym \u015bwiecie. Dlatego te\u017c, je\u015bli potrzebujesz magazynu plik\u00f3w, kt\u00f3ry jest bardzo przyst\u0119pny cenowo i niezawodny, ExtMatrix jest w\u0142a\u015bciw\u0105 platform\u0105 dla Ciebie. Nie ma aktywnych zagro\u017ce\u0144 zg\u0142aszanych ostatnio przez u\u017cytkownik\u00f3w, ExtMatrix jest bezpieczna i zabezpieczona do przegl\u0105dania.<\/p>\n\n\n\n<ul><li><strong>Hosting plik\u00f3w<br><\/strong>Hosting plik\u00f3w jest us\u0142ug\u0105, kt\u00f3ra pozwala na wgrywanie i zarz\u0105dzanie plikami na cudzym serwerze. Mo\u017ce by\u0107 ona umieszczona na prawdziwym serwerze lub wykorzystywa\u0107 pami\u0119\u0107 masow\u0105 w chmurze &#8211; taki sam rezultat by\u0142by mo\u017cliwy do osi\u0105gni\u0119cia. Przesy\u0142asz swoje dokumenty na serwer. I pozostan\u0105 one na serwerze do momentu ich zdj\u0119cia (z wyj\u0105tkiem sytuacji, gdy Twoje pliki zostan\u0105 wyeliminowane przez firm\u0119 z jakiego\u015b powodu, kt\u00f3ry m\u00f3g\u0142 naruszy\u0107 ich warunki.<br><\/li><li><strong>Udost\u0119pnianie plik\u00f3w<br><\/strong>Us\u0142uga dystrybucji plik\u00f3w mo\u017ce by\u0107 postrzegana jako rodzaj hostingu plik\u00f3w. Dzi\u0119ki udost\u0119pnianiu plik\u00f3w, otrzymujesz jedynie prawo do wgrywania i utrzymywania swoich plik\u00f3w na serwerach firmy, ale tak\u017ce dajesz innym osobom link do pobrania. Maj\u0105c ten link do pobrania, inni u\u017cytkownicy mog\u0105 uzyska\u0107 i pobra\u0107 Tw\u00f3j plik do swojego u\u017cytku.<br><\/li><li><strong>Obs\u0142ugiwane przegl\u0105darki internetowe<\/strong><br>1. Google chrome (wysoce zalecane)<br>2. Mozilla Firefox (zalecane)<br>3. Microsoft Edge<br>4. Safari<\/li><\/ul>\n\n\n\n<h3>Dlaczego wybra\u0107 ExtMatrix?<\/h3>\n\n\n\n<p>ExtMatrix jest najbardziej popularnym resellerem hostingu plik\u00f3w, dostarczaj\u0105cym fantastyczne us\u0142ugi i dobre ceny dla kont Premium ExtMatrix, ich g\u0142\u00f3wnym zadaniem jest utrzymanie go do tej pory. Aby wzmocni\u0107 i poprawi\u0107 relacje z naszymi klientami dzi\u0119ki szybszej reakcji i terminowym rozwi\u0105zaniom, zdecydowali\u015bmy si\u0119 na najlepsze profesjonalne zespo\u0142y wsparcia technicznego poprzez wsparcie na \u017cywo. Klienci mog\u0105 porozmawia\u0107 o swoim produkcie i uzyska\u0107 natychmiastowe rozwi\u0105zania zgodnie z ich potrzebami, to pomaga u\u017cytkownikom z ca\u0142ego \u015bwiata, aby nadzorowa\u0107 swoje rekordy w dowolnym dniu, \u017ce lubi\u0105. Jest bardzo przydatny i wygodny dla ludzi, zw\u0142aszcza dla student\u00f3w i biznesmen\u00f3w, poniewa\u017c mog\u0105 zapisywa\u0107, pobiera\u0107 i przenosi\u0107 swoje pliki bez konieczno\u015bci stosowania dysk\u00f3w flash, kart pami\u0119ci lub zewn\u0119trznych dysk\u00f3w twardych, ale oczywi\u015bcie z pomoc\u0105 po\u0142\u0105cze\u0144 internetowych w dowolnym miejscu. Grupa mo\u017ce wysy\u0142a\u0107 do\u0142\u0105czone us\u0142ugi do u\u017cytkownik\u00f3w szukaj\u0105cych szybkich, chronionych i bezpiecznych us\u0142ug wykonawczych w zakresie plik\u00f3w.<\/p>\n\n\n\n<h3>Dowiedz si\u0119 wi\u0119cej o charakterystyce ExtMatrix<\/h3>\n\n\n\n<ol><li>Utrzymujemy r\u00f3\u017cne formaty wideo, audio, obraz\u00f3w lub dokument\u00f3w.<\/li><li>Zawiera\u0142 on \u015bwietny organizator plik\u00f3w, kt\u00f3ry mo\u017ce bez trudu zarz\u0105dza\u0107 dokumentami.<\/li><li>Cz\u0142onkostwo Premium b\u0119dzie mia\u0142o najlepsz\u0105 w historii pr\u0119dko\u015b\u0107 pobierania, bez ogranicze\u0144 i bez ko\u0144ca przechowywania Twoich nagra\u0144, bez \u017cadnych reklam przeszkadzaj\u0105cych Tobie.etc.<\/li><\/ol>\n\n\n\n<h2>Cechy ExtMatrix<\/h2>\n\n\n\n<h3>Panel u\u017cytkownika<\/h3>\n\n\n\n<p>Panel u\u017cytkownika sk\u0142ada si\u0119 z nast\u0119puj\u0105cych element\u00f3w:<\/p>\n\n\n\n<ul><li><strong>Dashboard <\/strong>&#8211; Pokazuje aktualny status u\u017cytkownika, liczb\u0119 wszystkich pobra\u0144, plik\u00f3w i pami\u0119ci masowej.<\/li><li><strong>Mened\u017cer plik\u00f3w<\/strong> &#8211; Jest to strona, na kt\u00f3rej u\u017cytkownik zarz\u0105dza swoimi folderami i plikami na stronie ExtMatrix, zawiera utworzone foldery i dodane pliki (aktywne i nieaktywne pliki) u\u017cytkownika, rozmiar folderu lub pliku, typ zawarto\u015bci, linki do tych folder\u00f3w i plik\u00f3w, dat\u0119 przes\u0142ania oraz liczb\u0119 pobra\u0144 dla danego folderu lub pliku.<\/li><li><strong>Przesy\u0142anie wielu plik\u00f3w <\/strong>&#8211; u\u017cytkownik mo\u017ce przesy\u0142a\u0107 wiele plik\u00f3w w dowolnym typie pliku. Wystarczy klikn\u0105\u0107 &#8222;dodaj pliki&#8221; i klikn\u0105\u0107 przycisk &#8222;Start Upload&#8221;, aby przes\u0142a\u0107 pliki, kt\u00f3re w\u0142a\u015bnie doda\u0142e\u015b na stronie Openload.<\/li><li><strong>Ustawienia u\u017cytkownika<\/strong> &#8211; W tym miejscu u\u017cytkownicy zarz\u0105dzaj\u0105 swoimi kontami i informacjami.<\/li><li><strong>Ustawienia konwersji<\/strong> &#8211; W tym miejscu ustawiana jest konwersja wideo, automatycznie konwertuj\u0105ca jako\u015b\u0107 wideo przesy\u0142anego strumieniowo przez u\u017cytkownika na rozdzielczo\u015b\u0107, kt\u00f3r\u0105 u\u017cytkownik ju\u017c ustawi\u0142 i zapisa\u0142 w ustawieniach konwersji.<\/li><\/ul>\n\n\n\n<h3>Wgrywanie danych<\/h3>\n\n\n\n<p>Teraz przesy\u0142anie plik\u00f3w jest bezproblemowe!<\/p>\n\n\n\n<p>ExtMatrix jest tu po to, by pom\u00f3c ci w przechowywaniu i organizowaniu twoich plik\u00f3w, aby u\u0142atwi\u0107 ci \u017cycie. ExtMatrix posiada prost\u0105 unikalno\u015b\u0107 &#8222;przeci\u0105gnij i upu\u015b\u0107&#8221;, kt\u00f3ra sprawi, \u017ce przesy\u0142anie plik\u00f3w b\u0119dzie szybsze. Obs\u0142uguje r\u00f3wnie\u017c wysy\u0142anie wielu specjalnych plik\u00f3w z r\u00f3\u017cnymi typami plik\u00f3w.<\/p>\n\n\n\n<p>U\u017cytkownicy mog\u0105 po prostu przeci\u0105gn\u0105\u0107 sw\u00f3j folder lub plik z urz\u0105dzenia i upu\u015bci\u0107 go do swoich plik\u00f3w ExtMatrix. Nast\u0119pnie ExtMatrix wy\u015ble ca\u0142\u0105 zawarto\u015b\u0107 folderu lub pliku za Ciebie.<\/p>\n\n\n\n<p>Przesy\u0142anie plik\u00f3w lub folder\u00f3w za pomoc\u0105 urz\u0105dze\u0144 mobilnych mo\u017ce odbywa\u0107 si\u0119 za pomoc\u0105 opcji &#8222;Udost\u0119pnij do&#8221; i wybierz ExtMatrix, aby przes\u0142a\u0107 je bezpo\u015brednio na konto ExtMatrix u\u017cytkownika, a nast\u0119pnie przejd\u017a do strony ExtMatrix i spr\u00f3buj przes\u0142a\u0107 plik.<\/p>\n\n\n\n<p><strong>Poni\u017cej znajduj\u0105 si\u0119 typy plik\u00f3w, kt\u00f3re mog\u0105 by\u0107 wgrywane na ExtMatrix:<\/strong><\/p>\n\n\n\n<ul><li>Muzyka lub Audio<\/li><li> Filmy wideo<\/li><li>Aplikacje i gry<\/li><li>Ksi\u0105\u017cki lub E-booki<\/li><li>Archiwizacja lub kompresja<\/li><\/ul>\n\n\n<a class=\"maxbutton-2 maxbutton maxbutton-cta\" target=\"_blank\" rel=\"nofollow noopener\" href=\"\/go\/\"><span class='mb-text'>&gt;&gt; Przejd\u017a do strony Oryginalnego Linkifier<\/span><\/a>\n\n\n<h3>\u015aci\u0105gnij<\/h3>\n\n\n\n<p>U\u017cytkownicy mog\u0105 \u0142atwo pobra\u0107 plik ze strony internetowej ExtMatrix, poczty elektronicznej i medi\u00f3w spo\u0142eczno\u015bciowych, lub w dowolnym miejscu, korzystaj\u0105c z podanego \u0142\u0105cza ExtMatrix do plik\u00f3w. U\u017cytkownicy b\u0119d\u0105 musieli tylko klikn\u0105\u0107 na link i zostan\u0105 przekierowani do pliku w celu jego pobrania. <\/p>\n\n\n\n<h3>Dzielenie si\u0119<\/h3>\n\n\n\n<p>Link jest dost\u0119pny tylko dla w\u0142a\u015bciciela i wsp\u00f3\u0142dzielonego u\u017cytkownika. Jest on zazwyczaj u\u017cywany do prywatnych lub osobistych plik\u00f3w roboczych.<\/p>\n\n\n\n<h3>Dost\u0119p <\/h3>\n\n\n\n<p>U\u017cytkownicy s\u0105 wy\u0142\u0105cznie odpowiedzialni za ka\u017cdy dost\u0119p do nast\u0119puj\u0105cych us\u0142ug i korzystanie z nich. U\u017cytkownicy mog\u0105 r\u00f3wnie\u017c uzyska\u0107 dost\u0119p do plik\u00f3w za pomoc\u0105 telefon\u00f3w android, ios, komputer\u00f3w stacjonarnych lub laptop\u00f3w.<\/p>\n\n\n\n<h3>Dane <\/h3>\n\n\n\n<p>U\u017cytkownicy ponosz\u0105 wy\u0142\u0105czn\u0105 odpowiedzialno\u015b\u0107 za dane, kt\u00f3re s\u0105 przechowywane na serwerach. U\u017cytkownik kontroluje swoje dane poprzez wygenerowany link.<\/p>\n\n\n\n<h3>Powiadomienia<\/h3>\n\n\n\n<p>U\u017cytkownik natychmiast poinformuje o zauwa\u017ceniu jakiejkolwiek aktywno\u015bci wskazuj\u0105cej na to, \u017ce jego konto lub dane s\u0105 wykorzystywane bez autoryzacji.<\/p>\n\n\n\n<h2>Zalety macierzy ExtMatrix <\/h2>\n\n\n\n<figure class=\"wp-block-table\"><table><tbody><tr><td>Cecha charakterystyczna<\/td><td>Premium<\/td><td>Bezp\u0142atnie<\/td><\/tr><tr><td>Pr\u0119dko\u015b\u0107 pobierania<\/td><td>Nieograniczony<\/td><td>100kb\/s<\/td><\/tr><tr><td>Przesy\u0142anie rozmiaru pliku<\/td><td>10.00 GB<\/td><td>250.00 MB<\/td><\/tr><tr><td>Dost\u0119pny rozmiar pliku<\/td><td>Nieograniczony<\/td><td>100.00 GB<\/td><\/tr><tr><td>Pliki nieaktywne zostan\u0105 usuni\u0119te<\/td><td>Nigdy<\/td><td>30 Dzie\u0144(s)<\/td><\/tr><\/tbody><\/table><\/figure>\n\n\n\n<h2>Jak kupi\u0107 konto ExtMatrix Premium?<\/h2>\n\n\n\n<ol><li>Wybierz dowolny dzie\u0144, kt\u00f3ry jest wa\u017cny.<\/li><li>Wybierz PayPal lub kup teraz wybierz<\/li><li>Nast\u0119pnie zostaniesz przekierowany na p\u0142atno\u015bci.<\/li><li>U\u017cyj swojego aktualnego adresu e-mail, kt\u00f3ry jest powi\u0105zany z kontem Paypal, aby dokona\u0107 p\u0142atno\u015bci.<\/li><li>Istniej\u0105 pewne metody p\u0142atno\u015bci, kt\u00f3rych mo\u017cna u\u017cywa\u0107, takie jak karty kredytowe\/debetowe, takie jak Visa, MasterCard, AMEX i JCB poprzez PayPal.<\/li><li>Kiedy op\u0142ata si\u0119 powiedzie, wy\u015ble Ci e-mail z potwierdzeniem, \u017ce jest w Twojej skrzynce odbiorczej lub wiadomo\u015bci spam.<\/li><\/ol>\n\n\n\n<figure class=\"wp-block-table\"><table><tbody><tr><td>Plan pakietowy<\/td><td>ExtMatrix Premium Pack 30 dni<\/td><td>ExtMatrix Premium Pack 90 dni<\/td><td>ExtMatrix Premium Pack 180 dni<\/td><td>ExtMatrix Premium Pack 365 dni<\/td><\/tr><tr><td>Liczba dni.<\/td><td>30 dni<\/td><td>90 dni<br><strong>NAJLEPSZY SPRZEDAWCA<\/strong><\/td><td>180 dni<\/td><td>365 dni<br><strong>NAJLEPSZY SPRZEDAWCA<\/strong><\/td><\/tr><tr><td>Koszt jednego pakietu<\/td><td>15 dollars<\/td><td>35 dollars<\/td><td>56 dollars<\/td><td>90 dollars<\/td><\/tr><tr><td>Metody p\u0142atno\u015bci<\/td><td>Paypal, MasterCard, Visa, Amex<\/td><td>Paypal, MasterCard, Visa, Amex<\/td><td>Paypal, MasterCard, Visa, Amex<\/td><td>Paypal, MasterCard, Visa, Amex<\/td><\/tr><\/tbody><\/table><\/figure>\n\n\n\n<p>*Uwaga: Mo\u017cesz skontaktowa\u0107 si\u0119 z obs\u0142ug\u0105 techniczn\u0105, aby uzyska\u0107 wi\u0119cej szczeg\u00f3\u0142\u00f3w na temat innych metod p\u0142atno\u015bci ExtMatrix.<\/p>\n\n\n\n<p>Suma wielko\u015bci strony g\u0142\u00f3wnej ExtMatrix wynosi 275,9 kb. Ten efekt spada dalej ni\u017c 1 milion najlepszych stron internetowych i identyfikuje ogromn\u0105 i niezoptymalizowan\u0105 stron\u0119, kt\u00f3ra mo\u017ce si\u0119 starze\u0107. 25% stron internetowych potrzebuje mniej zasob\u00f3w do za\u0142adowania. JavaScript zajmuje 244,1 kb, co stanowi g\u0142\u00f3wny nurt obj\u0119to\u015bci strony.<\/p>\n\n\n\n<h2>Optymalizacja ExtMatrix<\/h2>\n\n\n\n<p><strong>Optymalizacja HTML <\/strong>&#8211; zawarto\u015b\u0107 HTML mo\u017ce by\u0107 skracana i kompresowana przez serwer strony internetowej. Najbardziej efektywnym sposobem jest wyciskanie tre\u015bci za pomoc\u0105 GZIP, co zmniejsza ilo\u015b\u0107 informacji przechodz\u0105cych przez ca\u0142\u0105 sie\u0107 pomi\u0119dzy serwerem a przegl\u0105dark\u0105. System na tym arkuszu jest dobrze uproszczony. Niezwykle zalecane jest, aby zawarto\u015b\u0107 tej strony nie by\u0142a kompresowana, pozwala ona zaoszcz\u0119dzi\u0107 do 3,9 kb lub 65% pierwotnej wielko\u015bci<\/p>\n\n\n\n<ul><li>Orygina\u0142 &#8211; 6,0 kb<\/li><li>Po minifikacji &#8211; 5,6 kb<\/li><li>Po \u015bci\u015bni\u0119ciu &#8211; 2,1 kb<\/li><\/ul>\n\n\n\n<p><strong>Optymalizacja obrazu &#8211;<\/strong> Optymalizacja obrazu mo\u017ce pom\u00f3c w usprawnieniu dzia\u0142ania strony internetowej. Tabela pokazuje r\u00f3\u017cnice pomi\u0119dzy rozmiarami przed optymalizacj\u0105. Oczywi\u015bcie, ExtMatrix \u017c\u0105da optymalizacji obrazu, wi\u0119c b\u0119dzie on utrzymywa\u0142 do 7,7 kb lub 51% oryginalnej obj\u0119to\u015bci, najbardziej podziwiane i dobrze zorganizowane narz\u0119dzia do optymalizacji ikon JPEG i PNG to Jpegoptim i PNG Crush.<\/p>\n\n\n\n<ul><li>Orygina\u0142 &#8211; 15,0 kb<\/li><li>Po optymalizacji &#8211; 7,3 kb<\/li><\/ul>\n\n\n\n<p><strong>Optymalizacja JavaScript <\/strong>&#8211; Lepiej jest upro\u015bci\u0107 JavaScript w celu poprawienia wykonania strony, rysunek przedstawia obecn\u0105 og\u00f3ln\u0105 ilo\u015b\u0107 ca\u0142ego JavaScript. Po dokonaniu jego korekty i kompresji, sugeruje si\u0119, \u017ce wszystkie rekordy JavaScript musz\u0105 by\u0107 spakowane razem i uproszczone, poniewa\u017c mo\u017ce on zachowa\u0107 do 177,4 kb lub 73% oryginalnego rozmiaru. Przegl\u0105darka wys\u0142a\u0142a 16 wymaga\u0144 CSS, JavaScript, AJAX i liczb, aby w pe\u0142ni odda\u0107 najbardziej znacz\u0105c\u0105 stron\u0119 ExtMatriksa. Sugerujemy, \u017ce niekt\u00f3re archiwa JavaScript i CSS musz\u0105 by\u0107 po\u0142\u0105czone w jedn\u0105 kategori\u0119. Mo\u017ce to zmniejszy\u0107 zapotrzebowanie na zasoby z 7 tu\u017c przed 1 dla Java Scripts i mo\u017ce wp\u0142yn\u0105\u0107 na szybko\u015b\u0107 \u0142adowania strony.<\/p>\n\n\n\n<ul><li>Orygina\u0142 &#8211; 244,1 kb<\/li><li>Po modyfikacji &#8211; 222,1 kb<\/li><li>Po \u015bci\u015bni\u0119ciu &#8211; 66,7 kb<\/li><\/ul>\n\n\n\n<p><strong>Optymalizacja CSS <\/strong>&#8211; modyfikacja plik\u00f3w CSS jest bardzo wa\u017cna dla skr\u00f3cenia czasu renderowania stron internetowych. Im szybciej pliki CSS mog\u0105 si\u0119 za\u0142adowa\u0107, tym wcze\u015bniejsza strona mo\u017ce by\u0107 renderowana. ExtMatrix potrzebuje wszystkich plik\u00f3w CSS do minifikacji i kompresji, poniewa\u017c mo\u017ce zaoszcz\u0119dzi\u0107 do 8.4 kb lub 78% oryginalnego rozmiaru.<\/p>\n\n\n\n<ul><li>Orygina\u0142 &#8211; 10,7 kb<\/li><li>Po minifikacji &#8211; 8,2 kb<\/li><li>Po \u015bci\u015bni\u0119ciu &#8211; 2,3 kb<\/li><\/ul>\n\n\n\n<h2>Najcz\u0119\u015bciej zadawane pytania (FAQ)<\/h2>\n\n\n\n<h3><strong>Co to jest konto Premium ExtMatrix?<\/strong><\/h3>\n\n\n\n<p>Z kontem Premium mo\u017cesz przechowywa\u0107 i mie\u0107 dost\u0119p do swoich plik\u00f3w bez \u017cadnych ogranicze\u0144 czasowych i ogranicze\u0144. Wystarczy otworzy\u0107 link ExtMatrix, a pobieranie rozpocznie si\u0119 automatycznie!<\/p>\n\n\n\n<h3><strong>Czy usuwasz nieaktywne pliki?<\/strong><\/h3>\n\n\n\n<p>Tak, po 30 dniach nieaktywno\u015bci. Pliki przes\u0142ane jako u\u017cytkownik Premium nie zostan\u0105 usuni\u0119te, wi\u0119c zacznij pobiera\u0107 swoj\u0105 ExtMatrix Premium ju\u017c teraz!<\/p>\n\n\n\n<h3><strong>Czy mog\u0119 przeszukiwa\u0107 serwery ExtMatrix w poszukiwaniu plik\u00f3w, kt\u00f3re chc\u0119 pobra\u0107?<\/strong><\/h3>\n\n\n\n<p>Nie! Chronimy prywatno\u015b\u0107 wszystkich u\u017cytkownik\u00f3w. Tylko osoba przechowuj\u0105ca plik w ExtMatrix mo\u017ce uzyska\u0107 dost\u0119p do swojego pliku.<\/p>\n\n\n<a class=\"maxbutton-2 maxbutton maxbutton-cta\" target=\"_blank\" rel=\"nofollow noopener\" href=\"\/go\/\"><span class='mb-text'>&gt;&gt; Przejd\u017a do strony Oryginalnego Linkifier<\/span><\/a>","protected":false},"excerpt":{"rendered":"<p>Co to jest ExtMatrix? ExtMatrix jest internetow\u0105 platform\u0105 pami\u0119ci masowej w chmurze, z kt\u00f3rej mo\u017cna korzysta\u0107, zapisuj\u0105c r\u00f3\u017cne rodzaje danych,<\/p>\n","protected":false},"author":2,"featured_media":0,"parent":0,"menu_order":0,"comment_status":"closed","ping_status":"closed","template":"","meta":[],"yoast_head":"<!-- This site is optimized with the Yoast SEO plugin v18.3 - https:\/\/yoast.com\/wordpress\/plugins\/seo\/ -->\n<title>ExtMatrix Premium Konto \u2013 Filehoster W Skr\u00f3cie<\/title>\n<meta name=\"description\" content=\"Czy ExtMatrix jest renomowanym dostawc\u0105 czy nie, odpowied\u017a znajdziesz w aktualnym te\u015bcie na Multihoster.org \u279c Kliknij teraz \u271a aby przeczyta\u0107 nasze do\u015bwiadczenia!\" \/>\n<meta name=\"robots\" content=\"index, follow, max-snippet:-1, max-image-preview:large, max-video-preview:-1\" \/>\n<link rel=\"canonical\" href=\"https:\/\/multihoster.org\/pl\/extmatrix\/\" \/>\n<meta property=\"og:locale\" content=\"pl_PL\" \/>\n<meta property=\"og:type\" content=\"article\" \/>\n<meta property=\"og:title\" content=\"ExtMatrix Premium Konto \u2013 Filehoster W Skr\u00f3cie\" \/>\n<meta property=\"og:description\" content=\"Czy ExtMatrix jest renomowanym dostawc\u0105 czy nie, odpowied\u017a znajdziesz w aktualnym te\u015bcie na Multihoster.org \u279c Kliknij teraz \u271a aby przeczyta\u0107 nasze do\u015bwiadczenia!\" \/>\n<meta property=\"og:url\" content=\"https:\/\/multihoster.org\/pl\/extmatrix\/\" \/>\n<meta property=\"og:site_name\" content=\"Multihoster.org\" \/>\n<meta property=\"article:modified_time\" content=\"2020-06-01T11:13:37+00:00\" \/>\n<meta property=\"og:image\" content=\"https:\/\/lh6.googleusercontent.com\/ajXxtb78K0qOd80BT2Q0PmNLZ9CoZlNY06w5CnxkVhNTnHG9z_D201mJ-ybLmNBhDo72X1tR4N2dV7HBQXJH5eBBn0pSUXFfou4Jme-DHtzgqVWP2YK2erUAvolG8u27ou0oqD7a\" \/>\n<meta name=\"twitter:card\" content=\"summary\" \/>\n<meta name=\"twitter:label1\" content=\"Szacowany czas czytania\" \/>\n\t<meta name=\"twitter:data1\" content=\"9 minut\" \/>\n<script type=\"application\/ld+json\" class=\"yoast-schema-graph\">{\"@context\":\"https:\/\/schema.org\",\"@graph\":[{\"@type\":\"WebSite\",\"@id\":\"https:\/\/multihoster.org\/#website\",\"url\":\"https:\/\/multihoster.org\/\",\"name\":\"Multihoster.org\",\"description\":\"Reviews of the major Filehosting services\",\"potentialAction\":[{\"@type\":\"SearchAction\",\"target\":{\"@type\":\"EntryPoint\",\"urlTemplate\":\"https:\/\/multihoster.org\/?s={search_term_string}\"},\"query-input\":\"required name=search_term_string\"}],\"inLanguage\":\"pl-PL\"},{\"@type\":\"ImageObject\",\"@id\":\"https:\/\/multihoster.org\/pl\/extmatrix\/#primaryimage\",\"inLanguage\":\"pl-PL\",\"url\":\"https:\/\/lh6.googleusercontent.com\/ajXxtb78K0qOd80BT2Q0PmNLZ9CoZlNY06w5CnxkVhNTnHG9z_D201mJ-ybLmNBhDo72X1tR4N2dV7HBQXJH5eBBn0pSUXFfou4Jme-DHtzgqVWP2YK2erUAvolG8u27ou0oqD7a\",\"contentUrl\":\"https:\/\/lh6.googleusercontent.com\/ajXxtb78K0qOd80BT2Q0PmNLZ9CoZlNY06w5CnxkVhNTnHG9z_D201mJ-ybLmNBhDo72X1tR4N2dV7HBQXJH5eBBn0pSUXFfou4Jme-DHtzgqVWP2YK2erUAvolG8u27ou0oqD7a\"},{\"@type\":\"WebPage\",\"@id\":\"https:\/\/multihoster.org\/pl\/extmatrix\/#webpage\",\"url\":\"https:\/\/multihoster.org\/pl\/extmatrix\/\",\"name\":\"ExtMatrix Premium Konto \u2013 Filehoster W Skr\u00f3cie\",\"isPartOf\":{\"@id\":\"https:\/\/multihoster.org\/#website\"},\"primaryImageOfPage\":{\"@id\":\"https:\/\/multihoster.org\/pl\/extmatrix\/#primaryimage\"},\"datePublished\":\"2020-04-15T15:38:06+00:00\",\"dateModified\":\"2020-06-01T11:13:37+00:00\",\"description\":\"Czy ExtMatrix jest renomowanym dostawc\u0105 czy nie, odpowied\u017a znajdziesz w aktualnym te\u015bcie na Multihoster.org \u279c Kliknij teraz \u271a aby przeczyta\u0107 nasze do\u015bwiadczenia!\",\"breadcrumb\":{\"@id\":\"https:\/\/multihoster.org\/pl\/extmatrix\/#breadcrumb\"},\"inLanguage\":\"pl-PL\",\"potentialAction\":[{\"@type\":\"ReadAction\",\"target\":[\"https:\/\/multihoster.org\/pl\/extmatrix\/\"]}]},{\"@type\":\"BreadcrumbList\",\"@id\":\"https:\/\/multihoster.org\/pl\/extmatrix\/#breadcrumb\",\"itemListElement\":[{\"@type\":\"ListItem\",\"position\":1,\"name\":\"Startseite\",\"item\":\"https:\/\/multihoster.org\/pl\/\"},{\"@type\":\"ListItem\",\"position\":2,\"name\":\"ExtMatrix Premium Konto: Filehoster W Skr\u00f3cie\"}]}]}<\/script>\n<!-- \/ Yoast SEO plugin. -->","yoast_head_json":{"title":"ExtMatrix Premium Konto \u2013 Filehoster W Skr\u00f3cie","description":"Czy ExtMatrix jest renomowanym dostawc\u0105 czy nie, odpowied\u017a znajdziesz w aktualnym te\u015bcie na Multihoster.org \u279c Kliknij teraz \u271a aby przeczyta\u0107 nasze do\u015bwiadczenia!","robots":{"index":"index","follow":"follow","max-snippet":"max-snippet:-1","max-image-preview":"max-image-preview:large","max-video-preview":"max-video-preview:-1"},"canonical":"https:\/\/multihoster.org\/pl\/extmatrix\/","og_locale":"pl_PL","og_type":"article","og_title":"ExtMatrix Premium Konto \u2013 Filehoster W Skr\u00f3cie","og_description":"Czy ExtMatrix jest renomowanym dostawc\u0105 czy nie, odpowied\u017a znajdziesz w aktualnym te\u015bcie na Multihoster.org \u279c Kliknij teraz \u271a aby przeczyta\u0107 nasze do\u015bwiadczenia!","og_url":"https:\/\/multihoster.org\/pl\/extmatrix\/","og_site_name":"Multihoster.org","article_modified_time":"2020-06-01T11:13:37+00:00","og_image":[{"url":"https:\/\/lh6.googleusercontent.com\/ajXxtb78K0qOd80BT2Q0PmNLZ9CoZlNY06w5CnxkVhNTnHG9z_D201mJ-ybLmNBhDo72X1tR4N2dV7HBQXJH5eBBn0pSUXFfou4Jme-DHtzgqVWP2YK2erUAvolG8u27ou0oqD7a"}],"twitter_card":"summary","twitter_misc":{"Szacowany czas czytania":"9 minut"},"schema":{"@context":"https:\/\/schema.org","@graph":[{"@type":"WebSite","@id":"https:\/\/multihoster.org\/#website","url":"https:\/\/multihoster.org\/","name":"Multihoster.org","description":"Reviews of the major Filehosting services","potentialAction":[{"@type":"SearchAction","target":{"@type":"EntryPoint","urlTemplate":"https:\/\/multihoster.org\/?s={search_term_string}"},"query-input":"required name=search_term_string"}],"inLanguage":"pl-PL"},{"@type":"ImageObject","@id":"https:\/\/multihoster.org\/pl\/extmatrix\/#primaryimage","inLanguage":"pl-PL","url":"https:\/\/lh6.googleusercontent.com\/ajXxtb78K0qOd80BT2Q0PmNLZ9CoZlNY06w5CnxkVhNTnHG9z_D201mJ-ybLmNBhDo72X1tR4N2dV7HBQXJH5eBBn0pSUXFfou4Jme-DHtzgqVWP2YK2erUAvolG8u27ou0oqD7a","contentUrl":"https:\/\/lh6.googleusercontent.com\/ajXxtb78K0qOd80BT2Q0PmNLZ9CoZlNY06w5CnxkVhNTnHG9z_D201mJ-ybLmNBhDo72X1tR4N2dV7HBQXJH5eBBn0pSUXFfou4Jme-DHtzgqVWP2YK2erUAvolG8u27ou0oqD7a"},{"@type":"WebPage","@id":"https:\/\/multihoster.org\/pl\/extmatrix\/#webpage","url":"https:\/\/multihoster.org\/pl\/extmatrix\/","name":"ExtMatrix Premium Konto \u2013 Filehoster W Skr\u00f3cie","isPartOf":{"@id":"https:\/\/multihoster.org\/#website"},"primaryImageOfPage":{"@id":"https:\/\/multihoster.org\/pl\/extmatrix\/#primaryimage"},"datePublished":"2020-04-15T15:38:06+00:00","dateModified":"2020-06-01T11:13:37+00:00","description":"Czy ExtMatrix jest renomowanym dostawc\u0105 czy nie, odpowied\u017a znajdziesz w aktualnym te\u015bcie na Multihoster.org \u279c Kliknij teraz \u271a aby przeczyta\u0107 nasze do\u015bwiadczenia!","breadcrumb":{"@id":"https:\/\/multihoster.org\/pl\/extmatrix\/#breadcrumb"},"inLanguage":"pl-PL","potentialAction":[{"@type":"ReadAction","target":["https:\/\/multihoster.org\/pl\/extmatrix\/"]}]},{"@type":"BreadcrumbList","@id":"https:\/\/multihoster.org\/pl\/extmatrix\/#breadcrumb","itemListElement":[{"@type":"ListItem","position":1,"name":"Startseite","item":"https:\/\/multihoster.org\/pl\/"},{"@type":"ListItem","position":2,"name":"ExtMatrix Premium Konto: Filehoster W Skr\u00f3cie"}]}]}},"_links":{"self":[{"href":"https:\/\/multihoster.org\/pl\/wp-json\/wp\/v2\/pages\/3689"}],"collection":[{"href":"https:\/\/multihoster.org\/pl\/wp-json\/wp\/v2\/pages"}],"about":[{"href":"https:\/\/multihoster.org\/pl\/wp-json\/wp\/v2\/types\/page"}],"author":[{"embeddable":true,"href":"https:\/\/multihoster.org\/pl\/wp-json\/wp\/v2\/users\/2"}],"replies":[{"embeddable":true,"href":"https:\/\/multihoster.org\/pl\/wp-json\/wp\/v2\/comments?post=3689"}],"version-history":[{"count":2,"href":"https:\/\/multihoster.org\/pl\/wp-json\/wp\/v2\/pages\/3689\/revisions"}],"predecessor-version":[{"id":4628,"href":"https:\/\/multihoster.org\/pl\/wp-json\/wp\/v2\/pages\/3689\/revisions\/4628"}],"wp:attachment":[{"href":"https:\/\/multihoster.org\/pl\/wp-json\/wp\/v2\/media?parent=3689"}],"curies":[{"name":"wp","href":"https:\/\/api.w.org\/{rel}","templated":true}]}}