{"id":3725,"date":"2020-04-16T09:00:53","date_gmt":"2020-04-16T09:00:53","guid":{"rendered":"https:\/\/multihoster.org\/tusfiles\/"},"modified":"2020-04-16T10:54:19","modified_gmt":"2020-04-16T10:54:19","slug":"tusfiles","status":"publish","type":"page","link":"https:\/\/multihoster.org\/pl\/tusfiles\/","title":{"rendered":"TusFiles Premium Konto: Filehoster W Skr\u00f3cie"},"content":{"rendered":"\n<figure class=\"wp-block-image is-resized\"><img loading=\"lazy\" src=\"https:\/\/lh5.googleusercontent.com\/VhTENL6he9zdRkCtqxyngyJXAG-GUaCUa8ROTiJUAAon7ohctlpp5uCnm4DAJW_yRxhz0Thc2ByUcVr3_gEC7bCDlnPBxDcTWS4EHLx-6pXRxF1bm8XmzhKiPPkmoaUpaxbRwOg\" alt=\"TusFiles logo\" width=\"571\" height=\"191\"\/><\/figure>\n\n\n<a class=\"maxbutton-2 maxbutton maxbutton-cta\" target=\"_blank\" rel=\"nofollow noopener\" href=\"\/go\/\"><span class='mb-text'>&gt;&gt; Przejd\u017a do strony Oryginalnego Linkifier<\/span><\/a>\n\n\n<p><\/p>\n\n\n\n<h2>Przegl\u0105d plik\u00f3w TusFiles<\/h2>\n\n\n\n<p>TusFiles jest jedn\u0105 z bezpiecznych i darmowych us\u0142ug hostingowych dla plik\u00f3w. Jest ona dost\u0119pna na ca\u0142ym \u015bwiecie i dla wszystkich przegl\u0105darek internetowych. U\u017cytkownicy tej strony maj\u0105 mo\u017cliwo\u015b\u0107 dost\u0119pu, udost\u0119pniania, wgrywania i pobierania plik\u00f3w.<\/p>\n\n\n\n<p>TusFiles posiada trzy (3) r\u00f3\u017cne typy kont:<\/p>\n\n\n\n<ol><li>Konto Go\u015bcinne TusFiles &#8211; Jest to konto dla u\u017cytkownika, kt\u00f3ry nie jest zarejestrowany lub nie jest cz\u0142onkiem serwisu TusFiles, ale u\u017cytkownicy go\u015bcinni mog\u0105 uzyska\u0107 jedynie ograniczone korzy\u015bci i mog\u0105 korzysta\u0107 jedynie z ograniczonych funkcji i us\u0142ug TusFiles. Ma op\u00f3\u017anienia lub d\u0142ugi czas oczekiwania na pobranie plik\u00f3w, og\u0142osze\u0144 i CAPTCHAs.<\/li><li> Konto TusFiles Free &#8211; Jest to konto dla u\u017cytkownika, kt\u00f3ry jest zarejestrowany lub kt\u00f3ry jest cz\u0142onkiem TusFiles ma prawo dost\u0119pu do strony Tusfiles, ale u\u017cytkownicy bezp\u0142atni mog\u0105 uzyska\u0107 jedynie ograniczone korzy\u015bci i mog\u0105 korzysta\u0107 z wi\u0119kszo\u015bci funkcji i us\u0142ug TusFiles, ale z wi\u0119ksz\u0105 pojemno\u015bci\u0105 pami\u0119ci masowej i z wi\u0119ksz\u0105 pr\u0119dko\u015bci\u0105 ni\u017c go\u015b\u0107 u\u017cytkownika. Ma r\u00f3wnie\u017c ma\u0142e op\u00f3\u017anienie lub kr\u00f3tki czas oczekiwania na pobranie plik\u00f3w, reklam i CAPTCHA.<\/li><li> Konto TusFiles Premium &#8211; Jest to konto dla u\u017cytkownika, kt\u00f3ry zakupi\u0142 i aktywowa\u0142 jeden z plan\u00f3w TusFiles Premium dla swojego konta w TusFiles. U\u017cytkownik konta TusFiles Premium ma prawo dost\u0119pu do strony Tusfiles bez ogranicze\u0144 w korzystaniu z wszystkich funkcji i us\u0142ug TusFiles. Nie ma op\u00f3\u017anie\u0144 ani czasu oczekiwania na pobranie, reklamy i CAPTCHAs.<\/li><\/ol>\n\n\n\n<h2>Cechy plik\u00f3w TusFiles R\u00f3\u017cne rachunki<\/h2>\n\n\n\n<figure class=\"wp-block-table\"><table class=\"\"><tbody><tr><td><br>Cechy plik\u00f3w TusFiles<\/td><td>Rodzaje plik\u00f3w TusFiles<br> Konto go\u015bcia<\/td><td>Rodzaje plik\u00f3w TusFiles<br> Darmowe konto<\/td><td>Rodzaje plik\u00f3w TusFiles<br> Konto Premium<\/td><\/tr><tr><td>Wielko\u015b\u0107 magazynu<\/td><td>1000 GB lub 1 TB<\/td><td>1000 GB lub TB<\/td><td>1000 GB lub 1 TB<\/td><\/tr><tr><td>Wska\u017anik pr\u0119dko\u015bci <\/td><td>Ograniczony<\/td><td>Ograniczony<\/td><td>Nieograniczony<\/td><\/tr><tr><td>Stawka przepustowo\u015bci<\/td><td>Ograniczony<\/td><td>Ograniczony<\/td><td>Nieograniczony<\/td><\/tr><tr><td>Liczba za\u0142adunk\u00f3w<\/td><td>Ograniczony<\/td><td>Ograniczony<\/td><td>Nieograniczony<\/td><\/tr><tr><td>Wyga\u015bni\u0119cie akt<\/td><td>Plik wyga\u015bnie po siedmiu (7) dniach.<\/td><td>Plik wyga\u015bnie po siedmiu (30) dniach.<\/td><td>Plik nie ma wyga\u015bni\u0119cia<\/td><\/tr><tr><td>Czy rozmiar pliku jest ograniczony podczas wysy\u0142ania?<\/td><td>Tak<\/td><td>Tak<\/td><td>Nie<\/td><\/tr><tr><td>Ma reklamy<\/td><td>Tak<\/td><td>Tak<\/td><td>Nie<\/td><\/tr><tr><td>Ma czas oczekiwania<\/td><td>Tak<\/td><td>Tak<\/td><td>Nie<\/td><\/tr><tr><td>Ma CAPTCHA<\/td><td>Tak<\/td><td>Tak<\/td><td>Nie<\/td><\/tr><tr><td>Ma op\u00f3\u017anienia w pobieraniu plik\u00f3w<\/td><td>Tak<\/td><td>Tak<\/td><td>Nie<\/td><\/tr><tr><td>Ma bezpo\u015brednie pobieranie<\/td><td>Nie<\/td><td>Nie<\/td><td>Tak<\/td><\/tr><tr><td>U\u017cytkownicy mog\u0105 pobra\u0107 plik jednocze\u015bnie?<\/td><td>Nie<\/td><td>Nie<\/td><td>Tak<\/td><\/tr><tr><td>Korzystanie z akceleratora do pobierania plik\u00f3w<\/td><td>Nie<\/td><td>Nie<\/td><td>Tak<\/td><\/tr><tr><td>Mo\u017ce przesy\u0142a\u0107 dane zdalnie za pomoc\u0105 adres\u00f3w URL<\/td><td>Nie<\/td><td>Nie<\/td><td>Tak<\/td><\/tr><tr><td>Mo\u017ce wstrzyma\u0107 pobieranie plik\u00f3w<\/td><td>Tak<\/td><td>Tak<\/td><td>Tak<\/td><\/tr><tr><td>Mo\u017ce wznowi\u0107 nieudane pobieranie<\/td><td>Tak<\/td><td>Tak<\/td><td>Tak<\/td><\/tr><tr><td>Ma dost\u0119p do korzystania z protoko\u0142u FTP (File Transfer Protocol)<\/td><td>Tak<\/td><td>Tak<\/td><td>Tak<\/td><\/tr><tr><td>Posiada zabezpieczenie SSL (Secure Sockets Layer)<\/td><td>Tak<\/td><td>Tak<\/td><td>Tak<\/td><\/tr><tr><td>Ma system partnerski<\/td><td>Tak<\/td><td>Tak<\/td><td>Tak<\/td><\/tr><tr><td>Ma wsparcie TusFiles<\/td><td>Tak<\/td><td>Tak<\/td><td>Tak<\/td><\/tr><tr><td>Czy to jest bezpieczne i pewne?<\/td><td>Tak<\/td><td>Tak<\/td><td>Tak<\/td><\/tr><\/tbody><\/table><\/figure>\n\n\n\n<h2>Koszt konta TusFiles<\/h2>\n\n\n\n<figure class=\"wp-block-table\"><table class=\"\"><tbody><tr><td>Ceny kont TusFiles<\/td><td>TusFiles Typy Konto go\u015bcia<\/td><td>Rodzaje plik\u00f3w TusFiles<br> Darmowe konto<\/td><td>Rodzaje plik\u00f3w TusFiles<br> Konto Premium<\/td><\/tr><tr><td>Cena za miesi\u0105c:<\/td><td>00.00 USD<\/td><td>00.00 USD<\/td><td>Zale\u017cy od planu kont Premium TusFile<\/td><\/tr><\/tbody><\/table><\/figure>\n\n\n\n<h2>Pakiety kont Premium TusFiles<\/h2>\n\n\n\n<figure class=\"wp-block-table\"><table class=\"\"><tbody><tr><td>Dni<\/td><td>Cena<\/td><td>Czy to jest bezpieczne i pewne?<\/td><\/tr><tr><td>7<\/td><td>6,50 USD<\/td><td>Tak<\/td><\/tr><tr><td>30<\/td><td>13,99 USD<\/td><td>Tak<\/td><\/tr><tr><td>60<\/td><td>15,99 USD<\/td><td>Tak<\/td><\/tr><tr><td>90<\/td><td>21,99 USD (sprzeda\u017c!)<\/td><td>Tak<\/td><\/tr><tr><td>180<\/td><td>32,99 USD (oryginalna cena wynosi 34,99)<\/td><td>Tak<\/td><\/tr><tr><td>365<\/td><td>53,99 USD<\/td><td>Tak<\/td><\/tr><\/tbody><\/table><\/figure>\n\n\n\n<p>P\u0142atno\u015b\u0107 za plan konta TusFiles Premium jest szybka i \u0142atwa. U\u017cytkownik musi tylko zap\u0142aci\u0107 cen\u0119 za plan konta TusFiles Premium poprzez poni\u017csz\u0105 list\u0119 metod p\u0142atno\u015bci.<\/p>\n\n\n\n<ul><li>Poprzez PayPal<\/li><li> Za pomoc\u0105 kart kredytowych<\/li><li> Przez Rupiah<\/li><li> Poprzez WebMoney Transfer lub WMZ<\/li><li> Poprzez bitcoin i inne <a rel=\"noreferrer noopener\" aria-label=\"kryptokursy (opens in a new tab)\" href=\"https:\/\/www.investopedia.com\/terms\/c\/cryptocurrency.asp\" target=\"_blank\">kryptokursy<\/a><\/li><\/ul>\n\n\n\n<h3>Aktywacja konta TusFiles Premium<\/h3>\n\n\n\n<p>Aby aktywowa\u0107 konto TusFiles Premium, u\u017cytkownik musi posiada\u0107 klucz aktywacyjny TusFiles Premium. <\/p>\n\n\n\n<ol><li>U\u017cytkownik powinien wej\u015b\u0107 na stron\u0119 TusFiles i zalogowa\u0107 si\u0119 na swoje konto. (Je\u015bli u\u017cytkownik nie posiada konta, wystarczy utworzy\u0107 je na stronie rejestracji w TusFiles). Przejd\u017a do strony TusFiles teraz.<\/li><li> Gdy u\u017cytkownik jest zalogowany, przejd\u017a na stron\u0119 &#8222;Moje konto&#8221; TusFiles.<\/li><li> Umie\u015b\u0107 klucz konta TusFiles Premium w polu &#8222;Activate Premium Key&#8221;.<\/li><li> U\u017cytkownik musi klikn\u0105\u0107 na przycisk &#8222;Zastosuj&#8221;, aby zastosowa\u0107 klucz aktywacji TusFiles Premium na koncie u\u017cytkownika, aby m\u00f3g\u0142 on teraz korzysta\u0107 ze wszystkich funkcji i us\u0142ug konta Tusfiles Premium.<\/li><\/ol>\n\n\n\n<h2>Utw\u00f3rz konto TusFiles: A Step by Step Guide<\/h2>\n\n\n\n<p>U\u017cytkownik powinien najpierw posiada\u0107 konto na TusFiles, aby korzysta\u0107 z r\u00f3\u017cnych funkcji i us\u0142ug strony TusFiles, takich jak udost\u0119pnianie plik\u00f3w, pobieranie plik\u00f3w, wgrywanie plik\u00f3w i przegl\u0105danie plik\u00f3w.<\/p>\n\n\n<a class=\"maxbutton-2 maxbutton maxbutton-cta\" target=\"_blank\" rel=\"nofollow noopener\" href=\"\/go\/\"><span class='mb-text'>&gt;&gt; Przejd\u017a do strony Oryginalnego Linkifier<\/span><\/a>\n\n\n<p><\/p>\n\n\n\n<p>Aby u\u017cytkownik m\u00f3g\u0142 utworzy\u0107 konto dla TusFiles, wykonaj wszystkie poni\u017csze kroki.<\/p>\n\n\n\n<ol><li>Przejd\u017a do strony TusFiles.<\/li><li> Na stronie g\u0142\u00f3wnej TusFiles, przejd\u017a do g\u00f3rnego rogu po prawej stronie strony TusFiles, kliknij na przycisk &#8222;Zarejestruj si\u0119&#8221;, aby zobaczy\u0107 formularz rejestracyjny.<\/li><li> U\u017cytkownik powinien wype\u0142ni\u0107 wszystkie potrzebne dane formularza rejestracji TusFiles. (Nazwa u\u017cytkownika, adres e-mail i has\u0142o). Pami\u0119taj, \u017ce wszystkie dane powinny by\u0107 wa\u017cne.<\/li><li> Aby has\u0142o zosta\u0142o poprawnie wprowadzone, nale\u017cy je ponownie wpisa\u0107.<\/li><li> Wpisz kod CAPTCHA widoczny na formularzu rejestracyjnym. Kod CAPTCHA powinien by\u0107 poprawny, aby konto zosta\u0142o zaakceptowane.<\/li><li> Zaznaczy\u0107 pole wyboru Warunki i zasady korzystania z plik\u00f3w TusFiles, aby wiedzie\u0107, \u017ce u\u017cytkownik zgadza si\u0119 z tym wszystkim. (U\u017cytkownik powinien najpierw zapozna\u0107 si\u0119 z Warunkami i Polityk\u0105 strony TusFiles).<\/li><li> Kliknij na przycisk &#8222;Wy\u015blij&#8221;, aby przes\u0142a\u0107 wszystkie szczeg\u00f3\u0142y na formularzu rejestracyjnym.<ul><li>*Je\u017celi u\u017cytkownik wprowadzi\u0142 wszystkie szczeg\u00f3\u0142y dotycz\u0105ce procesu rejestracji s\u0105 wa\u017cne, w\u00f3wczas Tusfiles automatycznie zapisuje wszystkie szczeg\u00f3\u0142y i tworzy dla niego konto TusFiles.<\/li><\/ul><\/li><li> Nast\u0119pnie u\u017cytkownik musi potwierdzi\u0107 swoje konto na stronie TusFiles za pomoc\u0105 poczty elektronicznej, klikaj\u0105c na link wys\u0142any przez Tusfiles. (TusFiles wy\u015ble link na adres e-mail u\u017cytkownika w celu aktywacji konta u\u017cytkownika).<\/li><\/ol>\n\n\n\n<p>Teraz u\u017cytkownik mo\u017ce zalogowa\u0107 si\u0119 w ka\u017cdej chwili i gdziekolwiek chce!<\/p>\n\n\n\n<h3>Zaloguj si\u0119 do konta na TusFiles<\/h3>\n\n\n\n<p>Aby u\u017cytkownik m\u00f3g\u0142 si\u0119 zalogowa\u0107, wykonaj cztery (4) proste kroki poni\u017cej.<\/p>\n\n\n\n<ol><li>Przejd\u017a do strony TusFiles.<\/li><li> Przejd\u017a do strony logowania.<\/li><li> Wprowad\u017a nazw\u0119 u\u017cytkownika TusFiles i has\u0142o TusFiles.<\/li><li> Kliknij na &#8222;Zaloguj si\u0119&#8221;.<\/li><\/ol>\n\n\n\n<p>Po zalogowaniu si\u0119 u\u017cytkownika, strona przejdzie bezpo\u015brednio do strony Moje konto na stronie TusFiles.<\/p>\n\n\n\n<h2>Przesy\u0142anie, pobieranie i udost\u0119pnianie<\/h2>\n\n\n\n<p>U\u017cytkownik mo\u017ce przegl\u0105da\u0107, przesy\u0142a\u0107, pobiera\u0107 i udost\u0119pnia\u0107 dowolny plik. Plik mo\u017ce by\u0107:<\/p>\n\n\n\n<ul><li>dokument, <\/li><li> obrazek, <\/li><li> wideo lub film, <\/li><li> nagranie lub utw\u00f3r muzyczny, <\/li><li> gra,<\/li><li> oprogramowanie,<\/li><li> lub inne rodzaje plik\u00f3w, kt\u00f3re nie szkodz\u0105 widzom lub czytelnikom i kt\u00f3re nie zawieraj\u0105 przemocy ani \u017cadnych z\u0142ych tre\u015bci. <\/li><\/ul>\n\n\n\n<h3><strong>Prze\u015blij plik na konto TusFiles<\/strong><\/h3>\n\n\n\n<p>Aby przes\u0142a\u0107 plik, wykonaj wszystkie poni\u017csze kroki:<\/p>\n\n\n\n<ol><li>Przejd\u017a do strony g\u0142\u00f3wnej witryny TusFiles i zaloguj si\u0119 na konto na TusFiles.<\/li><li> Znajd\u017a przycisk &#8222;Upload&#8221; i kliknij go. <\/li><li> Na stronie pojawi si\u0119 Eksplorator Plik\u00f3w. Przejd\u017a do lokalizacji pliku w urz\u0105dzeniu.<\/li><li> Wybra\u0107 plik lub pliki do przes\u0142ania i klikn\u0105\u0107 ok. Plik zostanie przes\u0142any automatycznie. <\/li><li> W oczekiwaniu na przes\u0142anie pliku lub plik\u00f3w, u\u017cytkownik mo\u017ce umie\u015bci\u0107 opis pliku w polu opisu.<\/li><li> Po zako\u0144czeniu wysy\u0142ania plik\u00f3w. Plik lub pliki zostan\u0105 zapisane na serwerze TusFiles.<\/li><\/ol>\n\n\n\n<p>Je\u017celi u\u017cytkownik go\u015b\u0107 Tusfiles lub niezarejestrowane konto przes\u0142a\u0142o plik, plik ten wyga\u015bnie lub zostanie usuni\u0119ty po pi\u0119tnastu (15) dniach, ale pliki, kt\u00f3re przes\u0142a\u0142 u\u017cytkownik bezp\u0142atny TusFiles lub zarejestrowane konto TusFiles nie wygasn\u0105 lub nie zostan\u0105 usuni\u0119te, je\u017celi pliki te maj\u0105 mniej ni\u017c dwadzie\u015bcia pi\u0119\u0107 megabajt\u00f3w (25 MB).<\/p>\n\n\n\n<h3><strong>Otw\u00f3rz i pobierz plik na Tusfiles<\/strong><\/h3>\n\n\n\n<p>Ka\u017cdy mo\u017ce przeszuka\u0107 plik na stronie Tusfiles w celu jego pobrania. Pliki zostan\u0105 pobrane z bazy danych TusFiles, a te zostan\u0105 pobrane z <a rel=\"noreferrer noopener\" aria-label=\"serwer\u00f3w  (opens in a new tab)\" href=\"https:\/\/www.webopedia.com\/TERM\/S\/server.html\" target=\"_blank\">serwer\u00f3w <\/a>lub dysk\u00f3w TusFiles.<\/p>\n\n\n\n<p>Aby pobra\u0107 plik, wykonaj cztery (4) proste kroki poni\u017cej:<\/p>\n\n\n\n<ol><li>Przejd\u017a do linku do pliku, kt\u00f3ry chce pobra\u0107.<\/li><li> Pojawi si\u0119 strona pobierania pliku z nazw\u0105, opisem i rozmiarem pliku.<\/li><li> Kliknij na przycisk &#8222;Rozpocznij pobieranie&#8221; lub przycisk &#8222;Pobierz&#8221;.<\/li><li> Plik zostanie pobrany automatycznie przez TusFiles.<\/li><\/ol>\n\n\n\n<p>U\u017cytkownik mo\u017ce r\u00f3wnie\u017c u\u017cy\u0107 dowolnego narz\u0119dzia do pobrania pliku, takiego jak Internet Download Manager lub IDM Jdownloader, lub innego.<\/p>\n\n\n\n<h3><strong>Udost\u0119pnij plik na plikach Tusfiles<\/strong><\/h3>\n\n\n\n<p>U\u017cytkownik TusFiles mo\u017ce udost\u0119pnia\u0107 pliki poprzez \u0142\u0105cze <a rel=\"noreferrer noopener\" aria-label=\"Uniform Resource Locator (URL) (opens in a new tab)\" href=\"https:\/\/en.wikipedia.org\/wiki\/URL\" target=\"_blank\">Uniform Resource Locator (URL)<\/a> konkretnego pliku i udost\u0119pnia\u0107 je do wiadomo\u015bci e-mail lub na r\u00f3\u017cnych platformach spo\u0142eczno\u015bciowych, takich jak np:<\/p>\n\n\n\n<ul><li>Facebook<\/li><li> Twitter<\/li><li> Youtube, i inne<\/li><\/ul>\n\n\n\n<h2>Zarabiaj za pomoc\u0105 Tusfiles<\/h2>\n\n\n\n<p>TusFiles jest bardzo hojny w pomaganiu ludziom. Maj\u0105 spos\u00f3b, by ludzie mogli zarabia\u0107 pieni\u0105dze. Ale zanim to nast\u0105pi, osoba musi najpierw posiada\u0107 konto TusFiles Premium. Wiele os\u00f3b korzysta z Tusfiles, poniewa\u017c mog\u0105 zarobi\u0107 dziel\u0105c si\u0119 swoimi wgranymi plikami ze wszystkimi, aby zwi\u0119kszy\u0107 liczb\u0119 pobra\u0144 plik\u00f3w.<\/p>\n\n\n\n<p>U\u017cytkownik mo\u017ce za\u0142adowa\u0107 plik, ile chce, poniewa\u017c TusFiles zap\u0142aci za to, ile os\u00f3b pobierze plik lub pliki u\u017cytkownika. Szacuj\u0105c doch\u00f3d, za ka\u017cde tysi\u0105c (1000) pobra\u0144, u\u017cytkownik otrzyma 0,50 USD do 10 USD. <\/p>\n\n\n\n<figure class=\"wp-block-table\"><table class=\"\"><tbody><tr><td class=\"has-text-align-center\" data-align=\"center\"><strong>Kontakty z plikami TusFiles<\/strong><\/td><\/tr><\/tbody><\/table><\/figure>\n\n\n\n<figure class=\"wp-block-table\"><table class=\"\"><tbody><tr><td>Strona internetowa:<\/td><td>http:\/\/www.tusfiles.net<\/td><\/tr><tr><td>Adres e-mail:<\/td><td>contact@tusfiles.net<\/td><\/tr><tr><td>Numer telefonu:<\/td><td>(432)-999-000<\/td><\/tr><tr><td>Adres:<\/td><td>Burgveldweg 21, 5864AJ Meerlo, Netherland<\/td><\/tr><tr><td>Dla wsparcia:<\/td><td>support@tusfiles<\/td><\/tr><tr><td>Za nadu\u017cycia:<\/td><td>abuse@tusfiles<\/td><\/tr><tr><td>Dla System Bugs and Ideas:<\/td><td>support@tusfiles<\/td><\/tr><tr><td>Za prawa autorskie:<\/td><td>dmca@tusfiles<\/td><\/tr><tr><td>Do rachunku:<\/td><td>billing@tusfiles<\/td><\/tr><\/tbody><\/table><\/figure>\n\n\n\n<figure class=\"wp-block-table\"><table class=\"\"><tbody><tr><td>Je\u015bli u\u017cytkownik ma problem lub pytanie dotycz\u0105ce strony TusFiles, funkcji i us\u0142ug, powinien skontaktowa\u0107 si\u0119 z kt\u00f3rym\u015b z powy\u017cszych kontakt\u00f3w TusFiles. Wszystkie kontakty z TusFiles s\u0105 zawsze online. S\u0105 one zawsze dost\u0119pne 24\/7 i siedem (7) dni w tygodniu.<\/td><\/tr><\/tbody><\/table><\/figure>\n\n\n<a class=\"maxbutton-2 maxbutton maxbutton-cta\" target=\"_blank\" rel=\"nofollow noopener\" href=\"\/go\/\"><span class='mb-text'>&gt;&gt; Przejd\u017a do strony Oryginalnego Linkifier<\/span><\/a>\n\n\n<p><\/p>\n","protected":false},"excerpt":{"rendered":"<p>Przegl\u0105d plik\u00f3w TusFiles TusFiles jest jedn\u0105 z bezpiecznych i darmowych us\u0142ug hostingowych dla plik\u00f3w. Jest ona dost\u0119pna na ca\u0142ym \u015bwiecie<\/p>\n","protected":false},"author":2,"featured_media":0,"parent":0,"menu_order":0,"comment_status":"closed","ping_status":"closed","template":"","meta":[],"yoast_head":"<!-- This site is optimized with the Yoast SEO plugin v18.3 - https:\/\/yoast.com\/wordpress\/plugins\/seo\/ -->\n<title>TusFiles Premium Konto: Filehoster W Skr\u00f3cie<\/title>\n<meta name=\"description\" content=\"Czy TusFiles jest renomowanym dostawc\u0105 czy nie, odpowied\u017a znajdziesz w aktualnym te\u015bcie na Multihoster.org \u279c Kliknij teraz \u271a aby przeczyta\u0107 nasze do\u015bwiadczenia!\" \/>\n<meta name=\"robots\" content=\"index, follow, max-snippet:-1, max-image-preview:large, max-video-preview:-1\" \/>\n<link rel=\"canonical\" href=\"https:\/\/multihoster.org\/pl\/tusfiles\/\" \/>\n<meta property=\"og:locale\" content=\"pl_PL\" \/>\n<meta property=\"og:type\" content=\"article\" \/>\n<meta property=\"og:title\" content=\"TusFiles Premium Konto: Filehoster W Skr\u00f3cie\" \/>\n<meta property=\"og:description\" content=\"Czy TusFiles jest renomowanym dostawc\u0105 czy nie, odpowied\u017a znajdziesz w aktualnym te\u015bcie na Multihoster.org \u279c Kliknij teraz \u271a aby przeczyta\u0107 nasze do\u015bwiadczenia!\" \/>\n<meta property=\"og:url\" content=\"https:\/\/multihoster.org\/pl\/tusfiles\/\" \/>\n<meta property=\"og:site_name\" content=\"Multihoster.org\" \/>\n<meta property=\"article:modified_time\" content=\"2020-04-16T10:54:19+00:00\" \/>\n<meta property=\"og:image\" content=\"https:\/\/lh5.googleusercontent.com\/VhTENL6he9zdRkCtqxyngyJXAG-GUaCUa8ROTiJUAAon7ohctlpp5uCnm4DAJW_yRxhz0Thc2ByUcVr3_gEC7bCDlnPBxDcTWS4EHLx-6pXRxF1bm8XmzhKiPPkmoaUpaxbRwOg\" \/>\n<meta name=\"twitter:card\" content=\"summary\" \/>\n<meta name=\"twitter:label1\" content=\"Szacowany czas czytania\" \/>\n\t<meta name=\"twitter:data1\" content=\"8 minut\" \/>\n<script type=\"application\/ld+json\" class=\"yoast-schema-graph\">{\"@context\":\"https:\/\/schema.org\",\"@graph\":[{\"@type\":\"WebSite\",\"@id\":\"https:\/\/multihoster.org\/#website\",\"url\":\"https:\/\/multihoster.org\/\",\"name\":\"Multihoster.org\",\"description\":\"Reviews of the major Filehosting services\",\"potentialAction\":[{\"@type\":\"SearchAction\",\"target\":{\"@type\":\"EntryPoint\",\"urlTemplate\":\"https:\/\/multihoster.org\/?s={search_term_string}\"},\"query-input\":\"required name=search_term_string\"}],\"inLanguage\":\"pl-PL\"},{\"@type\":\"ImageObject\",\"@id\":\"https:\/\/multihoster.org\/pl\/tusfiles\/#primaryimage\",\"inLanguage\":\"pl-PL\",\"url\":\"https:\/\/lh5.googleusercontent.com\/VhTENL6he9zdRkCtqxyngyJXAG-GUaCUa8ROTiJUAAon7ohctlpp5uCnm4DAJW_yRxhz0Thc2ByUcVr3_gEC7bCDlnPBxDcTWS4EHLx-6pXRxF1bm8XmzhKiPPkmoaUpaxbRwOg\",\"contentUrl\":\"https:\/\/lh5.googleusercontent.com\/VhTENL6he9zdRkCtqxyngyJXAG-GUaCUa8ROTiJUAAon7ohctlpp5uCnm4DAJW_yRxhz0Thc2ByUcVr3_gEC7bCDlnPBxDcTWS4EHLx-6pXRxF1bm8XmzhKiPPkmoaUpaxbRwOg\"},{\"@type\":\"WebPage\",\"@id\":\"https:\/\/multihoster.org\/pl\/tusfiles\/#webpage\",\"url\":\"https:\/\/multihoster.org\/pl\/tusfiles\/\",\"name\":\"TusFiles Premium Konto: Filehoster W Skr\u00f3cie\",\"isPartOf\":{\"@id\":\"https:\/\/multihoster.org\/#website\"},\"primaryImageOfPage\":{\"@id\":\"https:\/\/multihoster.org\/pl\/tusfiles\/#primaryimage\"},\"datePublished\":\"2020-04-16T09:00:53+00:00\",\"dateModified\":\"2020-04-16T10:54:19+00:00\",\"description\":\"Czy TusFiles jest renomowanym dostawc\u0105 czy nie, odpowied\u017a znajdziesz w aktualnym te\u015bcie na Multihoster.org \u279c Kliknij teraz \u271a aby przeczyta\u0107 nasze do\u015bwiadczenia!\",\"breadcrumb\":{\"@id\":\"https:\/\/multihoster.org\/pl\/tusfiles\/#breadcrumb\"},\"inLanguage\":\"pl-PL\",\"potentialAction\":[{\"@type\":\"ReadAction\",\"target\":[\"https:\/\/multihoster.org\/pl\/tusfiles\/\"]}]},{\"@type\":\"BreadcrumbList\",\"@id\":\"https:\/\/multihoster.org\/pl\/tusfiles\/#breadcrumb\",\"itemListElement\":[{\"@type\":\"ListItem\",\"position\":1,\"name\":\"Startseite\",\"item\":\"https:\/\/multihoster.org\/pl\/\"},{\"@type\":\"ListItem\",\"position\":2,\"name\":\"TusFiles Premium Konto: Filehoster W Skr\u00f3cie\"}]}]}<\/script>\n<!-- \/ Yoast SEO plugin. -->","yoast_head_json":{"title":"TusFiles Premium Konto: Filehoster W Skr\u00f3cie","description":"Czy TusFiles jest renomowanym dostawc\u0105 czy nie, odpowied\u017a znajdziesz w aktualnym te\u015bcie na Multihoster.org \u279c Kliknij teraz \u271a aby przeczyta\u0107 nasze do\u015bwiadczenia!","robots":{"index":"index","follow":"follow","max-snippet":"max-snippet:-1","max-image-preview":"max-image-preview:large","max-video-preview":"max-video-preview:-1"},"canonical":"https:\/\/multihoster.org\/pl\/tusfiles\/","og_locale":"pl_PL","og_type":"article","og_title":"TusFiles Premium Konto: Filehoster W Skr\u00f3cie","og_description":"Czy TusFiles jest renomowanym dostawc\u0105 czy nie, odpowied\u017a znajdziesz w aktualnym te\u015bcie na Multihoster.org \u279c Kliknij teraz \u271a aby przeczyta\u0107 nasze do\u015bwiadczenia!","og_url":"https:\/\/multihoster.org\/pl\/tusfiles\/","og_site_name":"Multihoster.org","article_modified_time":"2020-04-16T10:54:19+00:00","og_image":[{"url":"https:\/\/lh5.googleusercontent.com\/VhTENL6he9zdRkCtqxyngyJXAG-GUaCUa8ROTiJUAAon7ohctlpp5uCnm4DAJW_yRxhz0Thc2ByUcVr3_gEC7bCDlnPBxDcTWS4EHLx-6pXRxF1bm8XmzhKiPPkmoaUpaxbRwOg"}],"twitter_card":"summary","twitter_misc":{"Szacowany czas czytania":"8 minut"},"schema":{"@context":"https:\/\/schema.org","@graph":[{"@type":"WebSite","@id":"https:\/\/multihoster.org\/#website","url":"https:\/\/multihoster.org\/","name":"Multihoster.org","description":"Reviews of the major Filehosting services","potentialAction":[{"@type":"SearchAction","target":{"@type":"EntryPoint","urlTemplate":"https:\/\/multihoster.org\/?s={search_term_string}"},"query-input":"required name=search_term_string"}],"inLanguage":"pl-PL"},{"@type":"ImageObject","@id":"https:\/\/multihoster.org\/pl\/tusfiles\/#primaryimage","inLanguage":"pl-PL","url":"https:\/\/lh5.googleusercontent.com\/VhTENL6he9zdRkCtqxyngyJXAG-GUaCUa8ROTiJUAAon7ohctlpp5uCnm4DAJW_yRxhz0Thc2ByUcVr3_gEC7bCDlnPBxDcTWS4EHLx-6pXRxF1bm8XmzhKiPPkmoaUpaxbRwOg","contentUrl":"https:\/\/lh5.googleusercontent.com\/VhTENL6he9zdRkCtqxyngyJXAG-GUaCUa8ROTiJUAAon7ohctlpp5uCnm4DAJW_yRxhz0Thc2ByUcVr3_gEC7bCDlnPBxDcTWS4EHLx-6pXRxF1bm8XmzhKiPPkmoaUpaxbRwOg"},{"@type":"WebPage","@id":"https:\/\/multihoster.org\/pl\/tusfiles\/#webpage","url":"https:\/\/multihoster.org\/pl\/tusfiles\/","name":"TusFiles Premium Konto: Filehoster W Skr\u00f3cie","isPartOf":{"@id":"https:\/\/multihoster.org\/#website"},"primaryImageOfPage":{"@id":"https:\/\/multihoster.org\/pl\/tusfiles\/#primaryimage"},"datePublished":"2020-04-16T09:00:53+00:00","dateModified":"2020-04-16T10:54:19+00:00","description":"Czy TusFiles jest renomowanym dostawc\u0105 czy nie, odpowied\u017a znajdziesz w aktualnym te\u015bcie na Multihoster.org \u279c Kliknij teraz \u271a aby przeczyta\u0107 nasze do\u015bwiadczenia!","breadcrumb":{"@id":"https:\/\/multihoster.org\/pl\/tusfiles\/#breadcrumb"},"inLanguage":"pl-PL","potentialAction":[{"@type":"ReadAction","target":["https:\/\/multihoster.org\/pl\/tusfiles\/"]}]},{"@type":"BreadcrumbList","@id":"https:\/\/multihoster.org\/pl\/tusfiles\/#breadcrumb","itemListElement":[{"@type":"ListItem","position":1,"name":"Startseite","item":"https:\/\/multihoster.org\/pl\/"},{"@type":"ListItem","position":2,"name":"TusFiles Premium Konto: Filehoster W Skr\u00f3cie"}]}]}},"_links":{"self":[{"href":"https:\/\/multihoster.org\/pl\/wp-json\/wp\/v2\/pages\/3725"}],"collection":[{"href":"https:\/\/multihoster.org\/pl\/wp-json\/wp\/v2\/pages"}],"about":[{"href":"https:\/\/multihoster.org\/pl\/wp-json\/wp\/v2\/types\/page"}],"author":[{"embeddable":true,"href":"https:\/\/multihoster.org\/pl\/wp-json\/wp\/v2\/users\/2"}],"replies":[{"embeddable":true,"href":"https:\/\/multihoster.org\/pl\/wp-json\/wp\/v2\/comments?post=3725"}],"version-history":[{"count":2,"href":"https:\/\/multihoster.org\/pl\/wp-json\/wp\/v2\/pages\/3725\/revisions"}],"predecessor-version":[{"id":3749,"href":"https:\/\/multihoster.org\/pl\/wp-json\/wp\/v2\/pages\/3725\/revisions\/3749"}],"wp:attachment":[{"href":"https:\/\/multihoster.org\/pl\/wp-json\/wp\/v2\/media?parent=3725"}],"curies":[{"name":"wp","href":"https:\/\/api.w.org\/{rel}","templated":true}]}}