{"id":3767,"date":"2020-04-16T11:39:11","date_gmt":"2020-04-16T11:39:11","guid":{"rendered":"https:\/\/multihoster.org\/yunfile-premium-account-the-filehoster-at-a-glance\/"},"modified":"2020-04-16T14:56:29","modified_gmt":"2020-04-16T14:56:29","slug":"yunfile","status":"publish","type":"page","link":"https:\/\/multihoster.org\/pl\/yunfile\/","title":{"rendered":"YunFile Premium Konto: Filehoster W Skr\u00f3cie"},"content":{"rendered":"\n<figure class=\"wp-block-image\"><img src=\"https:\/\/lh4.googleusercontent.com\/fj3S8nsdOLj7HIxsYANKIVnqFTQIpLjmUFGUFsciGOiKAhGMWk0eqW1AEh3Dhm2ld8wO2OHAKpUXdwTHzUvJfH9aRSaRlP8Lnipg7FTuKKm_ALOHzUTIvBOFzSynNUZkEyJiHLI\" alt=\"YunFile logo\"\/><\/figure>\n\n\n<a class=\"maxbutton-2 maxbutton maxbutton-cta\" target=\"_blank\" rel=\"nofollow noopener\" href=\"\/go\/\"><span class='mb-text'>&gt;&gt; Przejd\u017a do strony Oryginalnego Linkifier<\/span><\/a>\n\n\n<p><\/p>\n\n\n\n<h2>YunFile: Oko\u0142o<\/h2>\n\n\n\n<p>Je\u015bli u\u017cytkownicy chc\u0105 \u0142adowa\u0107, pobiera\u0107 i udost\u0119pnia\u0107 swoje pliki w prosty spos\u00f3b, gdziekolwiek i kiedykolwiek s\u0105 oraz je\u015bli chc\u0105 zarobi\u0107 pieni\u0105dze, to mog\u0105 korzysta\u0107 ze strony YunFile. <\/p>\n\n\n\n<p>YunFile zosta\u0142o za\u0142o\u017cone w roku 2011. Jest to hoster plik\u00f3w, kt\u00f3ry daje u\u017cytkownikom mo\u017cliwo\u015b\u0107 korzystania z ich strony do wysy\u0142ania, pobierania i udost\u0119pniania plik\u00f3w. Dzi\u0119ki temu u\u017cytkownicy nie musz\u0105 si\u0119 martwi\u0107 o to, jak mog\u0105 wnosi\u0107 swoje pliki, poniewa\u017c mog\u0105 po prostu przegl\u0105da\u0107 stron\u0119 YunFile za pomoc\u0105 przegl\u0105darki internetowej swojego urz\u0105dzenia z po\u0142\u0105czeniem internetowym i wygodnie uzyskiwa\u0107 dost\u0119p do swoich plik\u00f3w, takich jak filmy, muzyka, dokumenty i oprogramowanie, gdziekolwiek si\u0119 znajduj\u0105.<\/p>\n\n\n\n<ul><li>Prosta i \u0142atwa strona internetowa \u2043 U\u017cytkownicy mog\u0105 \u0142atwo zrozumie\u0107 i porusza\u0107 si\u0119 po r\u00f3\u017cnych funkcjach na stronach internetowych YunFIle.<\/li><li> R\u00f3\u017cne metody p\u0142atno\u015bci \u2043 YunFile obs\u0142uguje r\u00f3\u017cne tryby p\u0142atno\u015bci za zakup kont Premium. Pozwalaj\u0105 one r\u00f3wnie\u017c resellerom na korzystanie z preferowanych przez nich tryb\u00f3w p\u0142atno\u015bci.<\/li><li> Obs\u0142uga klienta \u2043 YunFile posiada grup\u0119, kt\u00f3ra wspiera swoich klient\u00f3w lub u\u017cytkownik\u00f3w w razie w\u0105tpliwo\u015bci lub problem\u00f3w. Wsparcie odbywa si\u0119 za po\u015brednictwem po\u0142\u0105cze\u0144 telefonicznych i poczty elektronicznej. S\u0105 oni zawsze online przez 24 godziny na dob\u0119, w tym w soboty i niedziele.<\/li><li> \u0141atwe \u0142adowanie \u2043 YunFile zaleca korzystanie z przegl\u0105darki Google Chrome w celu prawid\u0142owego dost\u0119pu i \u0142adowania stron swojej witryny. Obs\u0142uguj\u0105 one wielow\u0105tkowy HTTP w celu szybszego \u0142adowania plik\u00f3w. Obs\u0142ugiwane metody wysy\u0142ania to Przesy\u0142anie do przegl\u0105darki lub Przesy\u0142anie Selection Upload i &#8222;Drag and Drop&#8221;.<\/li><li> \u0141atwe pobieranie \u2043 U\u017cytkownicy mog\u0105 korzysta\u0107 z mened\u017cera pobierania lub po prostu downloadera, takiego jak Internet Download Manager lub IDM i Jdownloader, aby pobra\u0107 plik lub pliki ze strony YunFile i zapisa\u0107 je na swoich urz\u0105dzeniach.<\/li><li> \u0141atwe udost\u0119pnianie plik\u00f3w \u2043 U\u017cytkownicy mog\u0105 udost\u0119pnia\u0107 swoje pliki innym osobom za po\u015brednictwem medi\u00f3w spo\u0142eczno\u015bciowych, poczty elektronicznej, blog\u00f3w lub vlog\u00f3w, korzystaj\u0105c ze strony YunFile. Musz\u0105 si\u0119 tylko upewni\u0107, \u017ce s\u0105 zawsze pod\u0142\u0105czeni do Internetu.<\/li><li> Bardzo tanie plany kont premium \u2043 U\u017cytkownicy mog\u0105 zaoszcz\u0119dzi\u0107 pieni\u0105dze, poniewa\u017c YunFile oferuje swoim u\u017cytkownikom bardzo tani\u0105 cen\u0119 za zakup plan\u00f3w kont premium.<\/li><li> Zarabiaj pieni\u0105dze \u2043 U\u017cytkownicy mog\u0105 korzysta\u0107 ze strony YunFile do zarabiania pieni\u0119dzy poprzez sw\u00f3j Program Polecaj\u0105cy, kt\u00f3ry u\u017cywa metod Pay Per Sale lub PPS, oraz Pay Per Download lub PPD. W przypadku PPS, YunFile daje u\u017cytkownikom do siedemdziesi\u0119ciu procent (70%) za ka\u017cde sprzedane konto premium, a w przypadku PPD, daj\u0105 u\u017cytkownikom do pi\u0119\u0107dziesi\u0119ciu dolar\u00f3w (50 dolar\u00f3w) za ka\u017cdy tysi\u0105c pobranych plik\u00f3w.<\/li><\/ul>\n\n\n\n<h2>YunFile: Konta<\/h2>\n\n\n\n<p>Aby u\u017cytkownicy mieli dost\u0119p i mogli korzysta\u0107 z funkcji i us\u0142ug strony YunFile, powinni si\u0119 zarejestrowa\u0107 i uzyska\u0107 weryfikacj\u0119 swoich kont. Nale\u017cy pami\u0119ta\u0107, \u017ce powinni oni by\u0107 odpowiedzialni za bezpiecze\u0144stwo i prywatno\u015b\u0107 swoich w\u0142asnych kont.<\/p>\n\n\n\n<p>YunFile posiada dwa rodzaje kont dla wszystkich u\u017cytkownik\u00f3w, s\u0105 to konta YunFile Free oraz YunFile Premium. Je\u015bli u\u017cytkownicy nie chc\u0105 mie\u0107 ograniczonego dost\u0119pu do wszystkich funkcji i us\u0142ug YunFIle, je\u015bli nie chc\u0105 pobiera\u0107 pliku lub plik\u00f3w z woln\u0105 pr\u0119dko\u015bci\u0105, je\u015bli nie chc\u0105 \u017cadnych irytuj\u0105cych reklam na ka\u017cdej stronie serwisu YunFile, a tak\u017ce je\u015bli chc\u0105 mie\u0107 wi\u0119ksz\u0105 przestrze\u0144 dyskow\u0105, powinni spr\u00f3bowa\u0107 uzyska\u0107 konto Premium.<\/p>\n\n\n\n<h3>Zalety uzyskania konta Premium YunFile<\/h3>\n\n\n\n<p>\u2713 U\u017cytkownicy mog\u0105 pobiera\u0107 swoje pliki ze strony YunFile bez czekania i bez kaptur\u00f3w.<br> \u2713 U\u017cytkownicy do\u015bwiadcz\u0105 wysokiej i nieograniczonej pr\u0119dko\u015bci pobierania pliku lub plik\u00f3w.<br> \u2713 Na stronie YunFile nie ma \u017cadnych reklam, gdy u\u017cytkownicy poruszaj\u0105 si\u0119 po jej stronach i pobieraj\u0105 plik lub pliki.<br> \u2713 U\u017cytkownicy nie s\u0105 ograniczeni do jednoczesnego pobierania wielu plik\u00f3w.<br> \u2713 U\u017cytkownicy maj\u0105 dost\u0119p do osobistej przestrzeni dyskowej.<br> \u2713 U\u017cytkownicy mog\u0105 oszcz\u0119dza\u0107 pieni\u0105dze.<br> \u2713 U\u017cytkownicy mog\u0105 przyst\u0105pi\u0107 do Programu Polecaj\u0105cego YunFIle i zarabia\u0107 pieni\u0105dze.<\/p>\n\n\n\n<p>Prosz\u0119 sprawdzi\u0107 poni\u017csze r\u00f3\u017cnice pomi\u0119dzy kontem darmowym a kontem premium YunFile, je\u015bli chodzi o jego funkcje i us\u0142ugi.<\/p>\n\n\n\n<h3>Konto Premium YunFile<\/h3>\n\n\n\n<figure class=\"wp-block-table\"><table class=\"\"><tbody><tr><td>Cechy i us\u0142ugi<\/td><td>Rodzaje kont YunFile Free<\/td><td>Typy plik\u00f3w YunFile \u22c6 Konto Premium \u22c6<\/td><\/tr><tr><td>Jest wolny?<\/td><td>\u2611 Tak<\/td><td>\u2612 Nie<\/td><\/tr><tr><td>Czy proces pobierania rozpoczyna si\u0119 natychmiast?<\/td><td>\u2612 Nie<\/td><td>\u2611 Tak<\/td><\/tr><tr><td>Czy to ma czas oczekiwania? <\/td><td>\u2611 Tak<\/td><td>\u2612 Nie<\/td><\/tr><tr><td>Jak d\u0142ugi jest czas oczekiwania na pobranie pliku? <\/td><td>Rozpocz\u0119cie pobierania trwa oko\u0142o trzydziestu sekund (30 sekund).<\/td><td>Nie ma czasu na czekanie.<\/td><\/tr><tr><td>Szybko\u015b\u0107 pobierania pliku<\/td><td>Wolny i ograniczony<\/td><td>Du\u017ca pr\u0119dko\u015b\u0107 i nie jest ograniczona<\/td><\/tr><tr><td>Pobieranie kilku numer\u00f3w plik\u00f3w w tym samym czasie<\/td><td>\u2612 Nie obs\u0142ugiwany<\/td><td>\u2611 Obs\u0142ugiwane<\/td><\/tr><tr><td>Ograniczenie dotycz\u0105ce pobierania pliku<\/td><td>Po ka\u017cdych dziesi\u0119ciu minutach mo\u017cna pobra\u0107 tylko jeden plik (1 plik \/10 min).<\/td><td>Brak ogranicze\u0144 dla u\u017cytkownik\u00f3w premium<\/td><\/tr><tr><td>Szybkie pobieranie plik\u00f3w, gdy serwer YunFile jest zaj\u0119ty<\/td><td>\u2612 Nie<\/td><td>\u2611 Tak<\/td><\/tr><tr><td>Pobieranie z wielu linii<\/td><td>\u2612 Nie<\/td><td>\u2611 Tak<\/td><\/tr><tr><td>Wznowienie i wstrzymanie pobierania pliku<\/td><td>\u2612 Not supported<\/td><td>\u2611 Obs\u0142ugiwane<\/td><\/tr><tr><td>Czy ma on akcelerator do pobierania pliku?<\/td><td>\u2612 Nie obs\u0142ugiwany<\/td><td>\u2611 Obs\u0142ugiwane<\/td><\/tr><tr><td>Czy u\u017cytkownicy mog\u0105 korzysta\u0107 z narz\u0119dzia do pobierania pliku lub plik\u00f3w?<\/td><td>\u2611 Tak<\/td><td>\u2611 Tak<\/td><\/tr><tr><td>Wielko\u015b\u0107 magazynu<\/td><td>Limited<\/td><td>Ma wi\u0119kszy magazyn<\/td><\/tr><tr><td>Miejsce na przechowywanie pobranego pliku lub plik\u00f3w u\u017cytkownik\u00f3w (do osobistego przechowywania)<\/td><td>\u2612 Nie obs\u0142ugiwany<\/td><td>\u2611 Obs\u0142ugiwane &#8211; Posiada w\u0142asn\u0105 pami\u0119\u0107 masow\u0105 dla u\u017cytkownik\u00f3w z segmentu premium Wielko\u015b\u0107 pami\u0119ci masowej to dwa tysi\u0105ce czterdzie\u015bci osiem gigabajt\u00f3w (2048 GB).<\/td><\/tr><tr><td>Czy to zawiera reklamy?<\/td><td>\u2611 Tak<\/td><td>\u2612 Nie<\/td><\/tr><tr><td>Czy CAPTCHA jest wymagana?<\/td><td>\u2611 Tak<\/td><td>\u2612 Nie<\/td><\/tr><tr><td>P\u0142atno\u015bci s\u0105 zabezpieczone<\/td><td>\u2611 Tak<\/td><td>\u2611 Tak<\/td><\/tr><\/tbody><\/table><\/figure>\n\n\n<a class=\"maxbutton-2 maxbutton maxbutton-cta\" target=\"_blank\" rel=\"nofollow noopener\" href=\"\/go\/\"><span class='mb-text'>&gt;&gt; Przejd\u017a do strony Oryginalnego Linkifier<\/span><\/a>\n\n\n<p><\/p>\n\n\n\n<p>Prosimy o zapoznanie si\u0119 z poni\u017cszymi cenami Konta Free i Pakiet\u00f3w Kont Premium YunFile.<\/p>\n\n\n\n<h3>Pakiety kont Premium YunFile<\/h3>\n\n\n\n<figure class=\"wp-block-table\"><table class=\"\"><tbody><tr><td>Rodzaje rachunk\u00f3w YunFile<\/td><td>Liczba dni lub miesi\u0119cy<\/td><td>Ceny rachunk\u00f3w w dolarach<\/td><td>Ceny na koncie w dolarach nowozelandzkich<\/td><td>Rachunek Ceny za dzie\u0144<\/td><td>Pojemno\u015b\u0107 pojemno\u015bci magazynowej<\/td><td>Czy to ma reklamy?<\/td><td>Czy to jest w 100% bezpieczne?<\/td><td>Czy to jest w 100% bezpieczne?<\/td><\/tr><tr><td>Darmowe konto<\/td><td>Zero (0) dni lub zero (0) miesi\u0119cy<\/td><td>00,00 USD<\/td><td>00.00 NT$<\/td><td>00,00 USD za dzie\u0144 <\/td><td>niewielki<\/td><td>\u2611 TAK<\/td><td>\u2611 TAK<\/td><td>100%<\/td><\/tr><tr><td>\u22c6Premium Konto<\/td><td>Jeden (1) dzie\u0144<\/td><td>03,31 USD<\/td><td>100.00 NT$<\/td><td>03,31 USD za dzie\u0144 <\/td><td>Du\u017ce<\/td><td>\u2612 NIE<\/td><td>\u2611 TAK<\/td><td>100%<\/td><\/tr><tr><td>\u22c6Premium Konto<\/td><td>Siedem (7) dni<\/td><td>08,27 USD<\/td><td>250.00 NT$<\/td><td>00,36 USD za dzie\u0144 <\/td><td>Du\u017ce<\/td><td>\u2612 NIE<\/td><td>\u2611 TAK<\/td><td>100%<\/td><\/tr><tr><td>\u22c6Premium Konto<\/td><td>Trzydzie\u015bci (30) dni lub jeden (1) miesi\u0105c<\/td><td>10,92 USD<\/td><td>330.00 NT$<\/td><td>00,36 USD za dzie\u0144 <\/td><td>Du\u017ce<\/td><td>\u2612 NIE<\/td><td>\u2611 TAK<\/td><td>100%<\/td><\/tr><tr><td>\u22c6Premium Konto<\/td><td>Dziewi\u0119\u0107dziesi\u0105t (90) dni lub jeden (3) miesi\u0105c<\/td><td>23,82 USD<\/td><td>720.00 NT$<\/td><td>00,26 USD za dzie\u0144 <\/td><td>Du\u017ce<\/td><td>\u2612 NIE<\/td><td>\u2611 TAK<\/td><td>100%<\/td><\/tr><tr><td>\u22c6Premium Konto<\/td><td>Sto osiemdziesi\u0105t dni(180) dni lub sze\u015b\u0107 (6) miesi\u0119cy<\/td><td>33,74 USD<\/td><td>1020.00 NT$<\/td><td>00,19 USD za dzie\u0144 <\/td><td>Du\u017ce<\/td><td>\u2612 NIE<\/td><td>\u2611 TAK<\/td><td>100%<\/td><\/tr><tr><td>\u22c6Premium Konto<\/td><td>Trzysta sze\u015b\u0107dziesi\u0105t pi\u0119\u0107 (365) dni lub dwana\u015bcie (12) miesi\u0119cy<\/td><td>48,63 USD<\/td><td>1470.00 NT$<\/td><td>00,13 USD za dzie\u0144 <\/td><td>Du\u017ce<\/td><td>\u2612 NIE<\/td><td>\u2611 TAK<\/td><td>100%<\/td><\/tr><tr><td>\u22c6Premium Konto<\/td><td>\u017bycie<\/td><td>397,00 USD<\/td><td>12,000.00 NT$<\/td><td>00,01 USD za dzie\u0144<\/td><td>Du\u017ce<\/td><td>\u2612 NIE<\/td><td>\u2611 TAK<\/td><td>100%<\/td><\/tr><\/tbody><\/table><\/figure>\n\n\n\n<figure class=\"wp-block-table\"><table class=\"\"><tbody><tr><td>YunFile Modes of Payment: U\u017cytkownicy mog\u0105 p\u0142aci\u0107 za konto Premium YunFile poprzez Visa, MasterCard, PayPal, JCB, American Express, Amazon Gift Card, Perfect Money, WebMoney lub zatwierdzonych sprzedawc\u00f3w YunFile.<\/td><\/tr><\/tbody><\/table><\/figure>\n\n\n\n<p>Je\u017celi u\u017cytkownicy napotkali jakiekolwiek problemy lub problemy lub inne w\u0105tpliwo\u015bci dotycz\u0105ce strony internetowej, funkcji, us\u0142ug, pakiet\u00f3w, p\u0142atno\u015bci lub subskrypcji YunFile, mog\u0105 spr\u00f3bowa\u0107 skontaktowa\u0107 si\u0119 z obs\u0142ug\u0105 klienta YunFile na swojej oficjalnej stronie lub je\u017celi kupi\u0105 konto Premium YunFile ze stron internetowych reseller\u00f3w, w\u00f3wczas mog\u0105 spr\u00f3bowa\u0107 znale\u017a\u0107 dane kontaktowe resellera, aby do nich dotrze\u0107.<\/p>\n\n\n<a class=\"maxbutton-2 maxbutton maxbutton-cta\" target=\"_blank\" rel=\"nofollow noopener\" href=\"\/go\/\"><span class='mb-text'>&gt;&gt; Przejd\u017a do strony Oryginalnego Linkifier<\/span><\/a>\n\n\n<p><\/p>\n","protected":false},"excerpt":{"rendered":"<p>YunFile: Oko\u0142o Je\u015bli u\u017cytkownicy chc\u0105 \u0142adowa\u0107, pobiera\u0107 i udost\u0119pnia\u0107 swoje pliki w prosty spos\u00f3b, gdziekolwiek i kiedykolwiek s\u0105 oraz je\u015bli<\/p>\n","protected":false},"author":2,"featured_media":0,"parent":0,"menu_order":0,"comment_status":"closed","ping_status":"closed","template":"","meta":[],"yoast_head":"<!-- This site is optimized with the Yoast SEO plugin v18.3 - https:\/\/yoast.com\/wordpress\/plugins\/seo\/ -->\n<title>YunFile Premium Konto: Filehoster W Skr\u00f3cie<\/title>\n<meta name=\"description\" content=\"Czy YunFile jest renomowanym dostawc\u0105 czy nie, odpowied\u017a znajdziesz w aktualnym te\u015bcie na Multihoster.org \u279c Kliknij teraz \u271a aby przeczyta\u0107 nasze do\u015bwiadczenia!\" \/>\n<meta name=\"robots\" content=\"index, follow, max-snippet:-1, max-image-preview:large, max-video-preview:-1\" \/>\n<link rel=\"canonical\" href=\"https:\/\/multihoster.org\/pl\/yunfile\/\" \/>\n<meta property=\"og:locale\" content=\"pl_PL\" \/>\n<meta property=\"og:type\" content=\"article\" \/>\n<meta property=\"og:title\" content=\"YunFile Premium Konto: Filehoster W Skr\u00f3cie\" \/>\n<meta property=\"og:description\" content=\"Czy YunFile jest renomowanym dostawc\u0105 czy nie, odpowied\u017a znajdziesz w aktualnym te\u015bcie na Multihoster.org \u279c Kliknij teraz \u271a aby przeczyta\u0107 nasze do\u015bwiadczenia!\" \/>\n<meta property=\"og:url\" content=\"https:\/\/multihoster.org\/pl\/yunfile\/\" \/>\n<meta property=\"og:site_name\" content=\"Multihoster.org\" \/>\n<meta property=\"article:modified_time\" content=\"2020-04-16T14:56:29+00:00\" \/>\n<meta property=\"og:image\" content=\"https:\/\/lh4.googleusercontent.com\/fj3S8nsdOLj7HIxsYANKIVnqFTQIpLjmUFGUFsciGOiKAhGMWk0eqW1AEh3Dhm2ld8wO2OHAKpUXdwTHzUvJfH9aRSaRlP8Lnipg7FTuKKm_ALOHzUTIvBOFzSynNUZkEyJiHLI\" \/>\n<meta name=\"twitter:card\" content=\"summary\" \/>\n<meta name=\"twitter:label1\" content=\"Szacowany czas czytania\" \/>\n\t<meta name=\"twitter:data1\" content=\"6 minut\" \/>\n<script type=\"application\/ld+json\" class=\"yoast-schema-graph\">{\"@context\":\"https:\/\/schema.org\",\"@graph\":[{\"@type\":\"WebSite\",\"@id\":\"https:\/\/multihoster.org\/#website\",\"url\":\"https:\/\/multihoster.org\/\",\"name\":\"Multihoster.org\",\"description\":\"Reviews of the major Filehosting services\",\"potentialAction\":[{\"@type\":\"SearchAction\",\"target\":{\"@type\":\"EntryPoint\",\"urlTemplate\":\"https:\/\/multihoster.org\/?s={search_term_string}\"},\"query-input\":\"required name=search_term_string\"}],\"inLanguage\":\"pl-PL\"},{\"@type\":\"ImageObject\",\"@id\":\"https:\/\/multihoster.org\/pl\/yunfile\/#primaryimage\",\"inLanguage\":\"pl-PL\",\"url\":\"https:\/\/lh4.googleusercontent.com\/fj3S8nsdOLj7HIxsYANKIVnqFTQIpLjmUFGUFsciGOiKAhGMWk0eqW1AEh3Dhm2ld8wO2OHAKpUXdwTHzUvJfH9aRSaRlP8Lnipg7FTuKKm_ALOHzUTIvBOFzSynNUZkEyJiHLI\",\"contentUrl\":\"https:\/\/lh4.googleusercontent.com\/fj3S8nsdOLj7HIxsYANKIVnqFTQIpLjmUFGUFsciGOiKAhGMWk0eqW1AEh3Dhm2ld8wO2OHAKpUXdwTHzUvJfH9aRSaRlP8Lnipg7FTuKKm_ALOHzUTIvBOFzSynNUZkEyJiHLI\"},{\"@type\":\"WebPage\",\"@id\":\"https:\/\/multihoster.org\/pl\/yunfile\/#webpage\",\"url\":\"https:\/\/multihoster.org\/pl\/yunfile\/\",\"name\":\"YunFile Premium Konto: Filehoster W Skr\u00f3cie\",\"isPartOf\":{\"@id\":\"https:\/\/multihoster.org\/#website\"},\"primaryImageOfPage\":{\"@id\":\"https:\/\/multihoster.org\/pl\/yunfile\/#primaryimage\"},\"datePublished\":\"2020-04-16T11:39:11+00:00\",\"dateModified\":\"2020-04-16T14:56:29+00:00\",\"description\":\"Czy YunFile jest renomowanym dostawc\u0105 czy nie, odpowied\u017a znajdziesz w aktualnym te\u015bcie na Multihoster.org \u279c Kliknij teraz \u271a aby przeczyta\u0107 nasze do\u015bwiadczenia!\",\"breadcrumb\":{\"@id\":\"https:\/\/multihoster.org\/pl\/yunfile\/#breadcrumb\"},\"inLanguage\":\"pl-PL\",\"potentialAction\":[{\"@type\":\"ReadAction\",\"target\":[\"https:\/\/multihoster.org\/pl\/yunfile\/\"]}]},{\"@type\":\"BreadcrumbList\",\"@id\":\"https:\/\/multihoster.org\/pl\/yunfile\/#breadcrumb\",\"itemListElement\":[{\"@type\":\"ListItem\",\"position\":1,\"name\":\"Startseite\",\"item\":\"https:\/\/multihoster.org\/pl\/\"},{\"@type\":\"ListItem\",\"position\":2,\"name\":\"YunFile Premium Konto: Filehoster W Skr\u00f3cie\"}]}]}<\/script>\n<!-- \/ Yoast SEO plugin. -->","yoast_head_json":{"title":"YunFile Premium Konto: Filehoster W Skr\u00f3cie","description":"Czy YunFile jest renomowanym dostawc\u0105 czy nie, odpowied\u017a znajdziesz w aktualnym te\u015bcie na Multihoster.org \u279c Kliknij teraz \u271a aby przeczyta\u0107 nasze do\u015bwiadczenia!","robots":{"index":"index","follow":"follow","max-snippet":"max-snippet:-1","max-image-preview":"max-image-preview:large","max-video-preview":"max-video-preview:-1"},"canonical":"https:\/\/multihoster.org\/pl\/yunfile\/","og_locale":"pl_PL","og_type":"article","og_title":"YunFile Premium Konto: Filehoster W Skr\u00f3cie","og_description":"Czy YunFile jest renomowanym dostawc\u0105 czy nie, odpowied\u017a znajdziesz w aktualnym te\u015bcie na Multihoster.org \u279c Kliknij teraz \u271a aby przeczyta\u0107 nasze do\u015bwiadczenia!","og_url":"https:\/\/multihoster.org\/pl\/yunfile\/","og_site_name":"Multihoster.org","article_modified_time":"2020-04-16T14:56:29+00:00","og_image":[{"url":"https:\/\/lh4.googleusercontent.com\/fj3S8nsdOLj7HIxsYANKIVnqFTQIpLjmUFGUFsciGOiKAhGMWk0eqW1AEh3Dhm2ld8wO2OHAKpUXdwTHzUvJfH9aRSaRlP8Lnipg7FTuKKm_ALOHzUTIvBOFzSynNUZkEyJiHLI"}],"twitter_card":"summary","twitter_misc":{"Szacowany czas czytania":"6 minut"},"schema":{"@context":"https:\/\/schema.org","@graph":[{"@type":"WebSite","@id":"https:\/\/multihoster.org\/#website","url":"https:\/\/multihoster.org\/","name":"Multihoster.org","description":"Reviews of the major Filehosting services","potentialAction":[{"@type":"SearchAction","target":{"@type":"EntryPoint","urlTemplate":"https:\/\/multihoster.org\/?s={search_term_string}"},"query-input":"required name=search_term_string"}],"inLanguage":"pl-PL"},{"@type":"ImageObject","@id":"https:\/\/multihoster.org\/pl\/yunfile\/#primaryimage","inLanguage":"pl-PL","url":"https:\/\/lh4.googleusercontent.com\/fj3S8nsdOLj7HIxsYANKIVnqFTQIpLjmUFGUFsciGOiKAhGMWk0eqW1AEh3Dhm2ld8wO2OHAKpUXdwTHzUvJfH9aRSaRlP8Lnipg7FTuKKm_ALOHzUTIvBOFzSynNUZkEyJiHLI","contentUrl":"https:\/\/lh4.googleusercontent.com\/fj3S8nsdOLj7HIxsYANKIVnqFTQIpLjmUFGUFsciGOiKAhGMWk0eqW1AEh3Dhm2ld8wO2OHAKpUXdwTHzUvJfH9aRSaRlP8Lnipg7FTuKKm_ALOHzUTIvBOFzSynNUZkEyJiHLI"},{"@type":"WebPage","@id":"https:\/\/multihoster.org\/pl\/yunfile\/#webpage","url":"https:\/\/multihoster.org\/pl\/yunfile\/","name":"YunFile Premium Konto: Filehoster W Skr\u00f3cie","isPartOf":{"@id":"https:\/\/multihoster.org\/#website"},"primaryImageOfPage":{"@id":"https:\/\/multihoster.org\/pl\/yunfile\/#primaryimage"},"datePublished":"2020-04-16T11:39:11+00:00","dateModified":"2020-04-16T14:56:29+00:00","description":"Czy YunFile jest renomowanym dostawc\u0105 czy nie, odpowied\u017a znajdziesz w aktualnym te\u015bcie na Multihoster.org \u279c Kliknij teraz \u271a aby przeczyta\u0107 nasze do\u015bwiadczenia!","breadcrumb":{"@id":"https:\/\/multihoster.org\/pl\/yunfile\/#breadcrumb"},"inLanguage":"pl-PL","potentialAction":[{"@type":"ReadAction","target":["https:\/\/multihoster.org\/pl\/yunfile\/"]}]},{"@type":"BreadcrumbList","@id":"https:\/\/multihoster.org\/pl\/yunfile\/#breadcrumb","itemListElement":[{"@type":"ListItem","position":1,"name":"Startseite","item":"https:\/\/multihoster.org\/pl\/"},{"@type":"ListItem","position":2,"name":"YunFile Premium Konto: Filehoster W Skr\u00f3cie"}]}]}},"_links":{"self":[{"href":"https:\/\/multihoster.org\/pl\/wp-json\/wp\/v2\/pages\/3767"}],"collection":[{"href":"https:\/\/multihoster.org\/pl\/wp-json\/wp\/v2\/pages"}],"about":[{"href":"https:\/\/multihoster.org\/pl\/wp-json\/wp\/v2\/types\/page"}],"author":[{"embeddable":true,"href":"https:\/\/multihoster.org\/pl\/wp-json\/wp\/v2\/users\/2"}],"replies":[{"embeddable":true,"href":"https:\/\/multihoster.org\/pl\/wp-json\/wp\/v2\/comments?post=3767"}],"version-history":[{"count":3,"href":"https:\/\/multihoster.org\/pl\/wp-json\/wp\/v2\/pages\/3767\/revisions"}],"predecessor-version":[{"id":3810,"href":"https:\/\/multihoster.org\/pl\/wp-json\/wp\/v2\/pages\/3767\/revisions\/3810"}],"wp:attachment":[{"href":"https:\/\/multihoster.org\/pl\/wp-json\/wp\/v2\/media?parent=3767"}],"curies":[{"name":"wp","href":"https:\/\/api.w.org\/{rel}","templated":true}]}}