{"id":3821,"date":"2020-04-16T14:55:32","date_gmt":"2020-04-16T14:55:32","guid":{"rendered":"https:\/\/multihoster.org\/movshare\/"},"modified":"2020-04-22T15:17:07","modified_gmt":"2020-04-22T15:17:07","slug":"movshare","status":"publish","type":"page","link":"https:\/\/multihoster.org\/pl\/movshare\/","title":{"rendered":"Movshare Premium Konto: Filehoster W Skr\u00f3cie"},"content":{"rendered":"\n<div class=\"wp-block-image\"><figure class=\"alignleft is-resized\"><img loading=\"lazy\" src=\"https:\/\/lh3.googleusercontent.com\/MLiKmLZbc9NrvE2Mar1qwpZVlqILKjQk8z9aY5Q2gD-uOg307wXEcHv6KvoJnlW5fNz81gNpaduEG_LoToiN2Lu-b_WBGYb0Jpi9cTEc2-6W4yh0MlLHEvpyG1CXXtOW06IQUAzV\" alt=\"Movshare logo\" width=\"223\" height=\"71\"\/><\/figure><\/div>\n\n\n\n<p>W dzisiejszych czasach przenoszenie i przechowywanie du\u017cych plik\u00f3w nigdy nie by\u0142o \u0142atwiejsze ni\u017c wcze\u015bniej. Jedno szybkie wyszukiwanie w Internecie doprowadzi do setek i tysi\u0119cy plik\u00f3w hostingu i udost\u0119pniania stron internetowych i znalezienie w\u0142a\u015bciwego, kt\u00f3ry b\u0119dzie odpowiada\u0142 Twoim potrzebom mo\u017ce by\u0107 uci\u0105\u017cliwe. Czy to do u\u017cytku osobistego lub jako kopia zapasowa du\u017cych plik\u00f3w na swoich projektach i pracy, godny zaufania hoster plik\u00f3w mo\u017ce by\u0107 trudne do znalezienia. Jedn\u0105 z szybkich, bezpiecznych i niezawodnych us\u0142ug premium jest Movshare. Movshare zapewnia us\u0142ugi hostingu plik\u00f3w z \u0142atwym dost\u0119pem do wielu urz\u0105dze\u0144, wykorzystuj\u0105c nowoczesne technologie i metody, aby zapewni\u0107 u\u017cytkownikom us\u0142ugi premium za u\u0142amek koszt\u00f3w innych us\u0142ug hostingu plik\u00f3w.<\/p>\n\n\n<a class=\"maxbutton-2 maxbutton maxbutton-cta\" target=\"_blank\" rel=\"nofollow noopener\" href=\"\/go\/\"><span class='mb-text'>&gt;&gt; Przejd\u017a do strony Oryginalnego Linkifier<\/span><\/a>\n\n\n<p><\/p>\n\n\n\n<h2>CO TO JEST MOVSHARE PREMIUM?<\/h2>\n\n\n\n<p>Movshare jest niezawodn\u0105, bezpieczn\u0105 i prost\u0105 us\u0142ug\u0105 hostingu plik\u00f3w, kt\u00f3ra wykorzystuje pami\u0119\u0107<a href=\"https:\/\/searchstorage.techtarget.com\/definition\/cloud-storage\" target=\"_blank\" rel=\"noreferrer noopener\" aria-label=\" masow\u0105 w chmurze (opens in a new tab)\"> masow\u0105 w chmurze<\/a>, z\u0142o\u017cone algorytmy bezpiecze\u0144stwa i szyfrowanie plik\u00f3w, aby zapewni\u0107 swoim u\u017cytkownikom szybk\u0105 i niezawodn\u0105 obs\u0142ug\u0119. Za\u0142o\u017cenie konta Premium pozwoli Ci korzysta\u0107 z takich funkcji jak przesy\u0142anie plik\u00f3w i pobieranie plik\u00f3w z nieograniczon\u0105 pr\u0119dko\u015bci\u0105, synchronizowanie plik\u00f3w na wielu urz\u0105dzeniach, takich jak smartfony, komputery stacjonarne czy laptopy, a tak\u017ce umo\u017cliwi udost\u0119pnianie tre\u015bci i multimedi\u00f3w setkom innych u\u017cytkownik\u00f3w na ca\u0142ym \u015bwiecie. Movshare pozwala r\u00f3wnie\u017c u\u017cytkownikom na przesy\u0142anie r\u00f3\u017cnych typ\u00f3w plik\u00f3w, takich jak zdj\u0119cia, filmy, muzyka, pliki pdf, pliki zip i wiele innych.  Wszystko to odbywa si\u0119 z \u0142atwo\u015bci\u0105 i wygod\u0105, a dzi\u0119ki planom abonamentowym zaczynaj\u0105cym si\u0119 ju\u017c od 9,99 dolar\u00f3w, Movshare jest jedn\u0105 z najta\u0144szych us\u0142ug hostingu plik\u00f3w premium, z kt\u00f3rych mo\u017cna korzysta\u0107 ju\u017c dzi\u015b, kt\u00f3ra zapewnia us\u0142ug\u0119, kt\u00f3ra rywalizuje z jeszcze bardziej popularnymi witrynami hostingu plik\u00f3w bez naruszania banku i bez nara\u017cania bezpiecze\u0144stwa.<\/p>\n\n\n\n<h2>DLACZEGO WARTO SKORZYSTA\u0106 Z MOVSHARE PREMIUM KONTO?<\/h2>\n\n\n\n<div class=\"wp-block-image\"><figure class=\"aligncenter\"><img src=\"https:\/\/lh4.googleusercontent.com\/K3gC3IH67GdYYG4EAprfsJp6Z2PlVgnvtVKGspGdO0zsRkUmp4hAJKciX6eG86Brvf-lfby-6dJpkE8G_DNxX2CTTZA88iMs7Q6XOeDX6oqq-JxNedsMYlaRVEWk5S4aLXclDqHP\" alt=\"Cloud sharing for everyone!\"\/><\/figure><\/div>\n\n\n\n<h3>NIEOGRANICZONE PR\u0118DKO\u015aCI<\/h3>\n\n\n\n<p>Wszyscy u\u017cytkownicy kont Premium mog\u0105 pobiera\u0107 i przesy\u0142a\u0107 pliki z maksymaln\u0105 pr\u0119dko\u015bci\u0105. Oznacza to, \u017ce pliki b\u0119d\u0105 wysy\u0142ane i pobierane z maksymaln\u0105 pr\u0119dko\u015bci\u0105 dozwolon\u0105 przez dostawc\u0119 po\u0142\u0105czenia internetowego. W przeciwie\u0144stwie do u\u017cytkownik\u00f3w darmowych, kt\u00f3rzy maj\u0105 ograniczon\u0105 <a href=\"https:\/\/techterms.com\/definition\/bandwidth\" target=\"_blank\" rel=\"noreferrer noopener\" aria-label=\"przepustowo\u015b\u0107  (opens in a new tab)\">przepustowo\u015b\u0107 <\/a>przy wysy\u0142aniu i pobieraniu plik\u00f3w, bycie u\u017cytkownikiem Premium pozwoli Ci na \u0142atwy dost\u0119p i udost\u0119pnianie Twoich plik\u00f3w bez \u017cadnych ogranicze\u0144. Szybka i nieograniczona pr\u0119dko\u015b\u0107 oznacza, \u017ce mo\u017cesz dostarcza\u0107, udost\u0119pnia\u0107 lub przesy\u0142a\u0107 tre\u015bci i multimedia szybciej ni\u017c wi\u0119kszo\u015b\u0107 u\u017cytkownik\u00f3w, a tak\u017ce pozwala na bezproblemowy dost\u0119p do tre\u015bci udost\u0119pnianych i przechowywanych przez innych u\u017cytkownik\u00f3w.<\/p>\n\n\n\n<h3>NIE MA CZASU OCZEKIWANIA<\/h3>\n\n\n\n<p>Wolni u\u017cytkownicy b\u0119d\u0105 musieli poczeka\u0107 i obejrze\u0107 reklamy, zanim b\u0119d\u0105 mogli pobra\u0107 z ogromnej biblioteki Movshare pliki i tre\u015bci udost\u0119pnione przez u\u017cytkownik\u00f3w. U\u017cytkownicy nie korzystaj\u0105cy z us\u0142ug premium b\u0119d\u0105 mieli r\u00f3wnie\u017c ograniczon\u0105 przepustowo\u015b\u0107 do wykorzystania i b\u0119d\u0105 mieli niski priorytet przy pobieraniu i wysy\u0142aniu plik\u00f3w. Jednak zapisanie si\u0119 na konto premium pozwoli Ci na natychmiastowy dost\u0119p do du\u017cych plik\u00f3w do woli, bez konieczno\u015bci zajmowania si\u0119 reklamami i czekania na rozpocz\u0119cie pobierania. Mo\u017cesz mie\u0107 r\u00f3wnie\u017c wysoki priorytet przy pobieraniu lub wysy\u0142aniu plik\u00f3w. Kiedy wielu u\u017cytkownik\u00f3w pobiera ten sam plik, u\u017cytkownicy premium maj\u0105 najwy\u017cszy priorytet. Darmowi u\u017cytkownicy b\u0119d\u0105 r\u00f3wnie\u017c musieli czeka\u0107 2 godziny na pobranie kolejnych plik\u00f3w, z drugiej strony posiadacze kont Premium mog\u0105 mie\u0107 dost\u0119p do wszystkiego, w dowolnym czasie i miejscu. Posiadanie konta Premium pozwala na jednoczesne pobieranie wielu plik\u00f3w, bez konieczno\u015bci oczekiwania na pobranie kolejnego pliku.<\/p>\n\n\n\n<h3>BEZPIECZNE PRZECHOWYWANIE PLIK\u00d3W<\/h3>\n\n\n\n<p>Movshare zapewnia swoim u\u017cytkownikom bezpieczn\u0105 i gwarantowan\u0105 ochron\u0119, jednak u\u017cytkownicy premium b\u0119d\u0105 mieli dost\u0119p do bardziej bezpiecznych protoko\u0142\u00f3w i proces\u00f3w chroni\u0105cych ich pliki przed z\u0142o\u015bliwymi zamiarami. Zapewniaj\u0105c u\u017cytkownikom premium mo\u017cliwo\u015b\u0107 ukrywania plik\u00f3w, tylko Ty i osoby posiadaj\u0105ce <a href=\"https:\/\/www.free-webhosts.com\/definition\/direct-linking.php\" target=\"_blank\" rel=\"noreferrer noopener\" aria-label=\"bezpo\u015brednie linki (opens in a new tab)\">bezpo\u015brednie linki<\/a> do danego pliku mog\u0105 uzyska\u0107 do niego dost\u0119p i go pobra\u0107. Inni u\u017cytkownicy nie b\u0119d\u0105 mogli przeszukiwa\u0107 plik\u00f3w, kt\u00f3re ukry\u0142e\u015b w katalogu Movshare. Otrzymasz r\u00f3wnie\u017c mo\u017cliwo\u015b\u0107 ochrony w\u0142asnych plik\u00f3w has\u0142em, dodaj\u0105c w ten spos\u00f3b kolejn\u0105 warstw\u0119 ochrony, kt\u00f3ra dzia\u0142a obok w\u0142asnej us\u0142ugi bezpiecze\u0144stwa Movshare. Szyfrowanie Premium Movshare zapewnia, \u017ce wszystkie przes\u0142ane pliki s\u0105 zabezpieczone i wolne od wszelkich form manipulacji przez nieautoryzowany i nielegalny dost\u0119p.<\/p>\n\n\n\n<h3>WY\u017bSZA GRANICA SK\u0141ADOWANIA<\/h3>\n\n\n\n<p>Korzystaj\u0105c z pami\u0119ci masowej w chmurze Movshare, wszyscy bezp\u0142atni u\u017cytkownicy mog\u0105 mie\u0107 do 10 gb bezp\u0142atnej pami\u0119ci masowej. Z drugiej strony, kiedy korzystasz z us\u0142ugi konta premium, masz do dyspozycji do 100gb pami\u0119ci masowej. Ta pami\u0119\u0107 masowa jest zoptymalizowana dla du\u017cych plik\u00f3w, takich jak filmy wideo, projekty lub inne tre\u015bci. W po\u0142\u0105czeniu z nieograniczon\u0105 szybko\u015bci\u0105 pobierania i wysy\u0142ania, wy\u017cszy limit pami\u0119ci masowej pozwoli Ci na samodzielne korzystanie z niej bez problem\u00f3w i wyj\u0105tk\u00f3w. Elastyczne zwi\u0119kszenie limitu pami\u0119ci masowej zostanie r\u00f3wnie\u017c zapewnione, gdy u\u017cytkownik zdecyduje si\u0119 by\u0107 u\u017cytkownikiem premium, aby dopasowa\u0107 go do swoich potrzeb w zakresie szybkiego i bezpiecznego przechowywania danych. Wgrywanie plik\u00f3w jest r\u00f3wnie\u017c ograniczone do 1gb dla u\u017cytkownik\u00f3w darmowych, ale jako u\u017cytkownik premium mo\u017cesz wgra\u0107 do 4gb na jeden plik na serwerze chmury.<\/p>\n\n\n<a class=\"maxbutton-2 maxbutton maxbutton-cta\" target=\"_blank\" rel=\"nofollow noopener\" href=\"\/go\/\"><span class='mb-text'>&gt;&gt; Przejd\u017a do strony Oryginalnego Linkifier<\/span><\/a>\n\n\n<h3>SYNCING FILE<\/h3>\n\n\n\n<p>Synchronizacja plik\u00f3w umo\u017cliwia dost\u0119p do nich w dowolnym czasie i miejscu, o ile s\u0105 one po\u0142\u0105czone z Internetem. Niezale\u017cnie od tego, czy jest to komputer osobisty, urz\u0105dzenie z systemem Android lub iOS, laptop czy komputer w pracy, Movshare zawsze zapewnia, \u017ce wszystkie przes\u0142ane pliki s\u0105 synchronizowane na wszystkich urz\u0105dzeniach. Oznacza to, \u017ce wszelkie zmiany w pliku (np. edycja dokument\u00f3w w programie arkusza kalkulacyjnego) b\u0119d\u0105 takie same we wszystkich pod\u0142\u0105czonych urz\u0105dzeniach. Oznacza to r\u00f3wnie\u017c, \u017ce b\u0119dziesz mia\u0142 mniej czasu na przesy\u0142anie plik\u00f3w z r\u00f3\u017cnych urz\u0105dze\u0144, poniewa\u017c s\u0105 one aktualizowane prawie w czasie rzeczywistym.<\/p>\n\n\n\n<h3>WSPARCIE 24\/7<\/h3>\n\n\n\n<p>Do zespo\u0142u wsparcia technicznego Movshare mo\u017cna zawsze dotrze\u0107 w przypadku, gdy u\u017cytkownicy natkn\u0105 si\u0119 na problemy. Bez wzgl\u0119du na to czy s\u0105 to problemy z dost\u0119pem do w\u0142asnego konta, b\u0142\u0119dy w przesy\u0142aniu i pobieraniu plik\u00f3w czy tylko og\u00f3lne pytania dotycz\u0105ce us\u0142ug i narz\u0119dzi dostarczanych przez Movshare, u\u017cytkownicy mog\u0105 dotrze\u0107 do zespo\u0142u wsparcia i uzyska\u0107 odpowied\u017a na swoje pytanie w kr\u00f3tkim czasie. Jako u\u017cytkownik premium, b\u0119dziesz mia\u0142 wy\u017cszy priorytet w kolejce i b\u0119dziesz m\u00f3g\u0142 rozmawia\u0107 z zespo\u0142em wsparcia w czasie rzeczywistym, je\u015bli si\u0119 na to zdecydujesz.<\/p>\n\n\n\n<h2>TANI ABONAMENT NA US\u0141UGI TYPU &#8222;MOVSHARE PREMIUM<\/h2>\n\n\n\n<p>Movshare jest jednym z najta\u0144szych us\u0142ug hostingu plik\u00f3w, z kt\u00f3rych mo\u017cesz skorzysta\u0107 ju\u017c dzi\u015b. Ich konta premium maj\u0105 mn\u00f3stwo korzy\u015bci i przewagi nad darmowymi u\u017cytkownikami. Je\u015bli zdecyduj\u0105 si\u0119 Pa\u0144stwo na skorzystanie z us\u0142ugi Movshare Premium Account, otrzymaj\u0105 Pa\u0144stwo wiele sposob\u00f3w p\u0142atno\u015bci. W por\u00f3wnaniu z innymi us\u0142ugami hostingu plik\u00f3w w Internecie, abonament Movshare jest elastyczny i przede wszystkim tani. Jest to mo\u017cliwe bez uszczerbku dla jako\u015bci i bezpiecze\u0144stwa, kt\u00f3re Movshare zapewnia swoim u\u017cytkownikom. Za jedyne 9,99$, mo\u017cesz zacz\u0105\u0107 korzysta\u0107 z zalet konta Premium przez 30 dni. W przypadku, gdy potrzebujesz d\u0142u\u017cszych plan\u00f3w przechowywania, dost\u0119pnych jest kilka opcji odpowiadaj\u0105cych Twoim potrzebom. Dzi\u0119ki szerokiej gamie mo\u017cliwo\u015bci wyboru w planach abonamentowych, ka\u017cdy mo\u017ce korzysta\u0107 z us\u0142ug Premium w wygodny spos\u00f3b. Inne us\u0142ugi hostingu plik\u00f3w b\u0119dzie pobiera\u0107 wi\u0119cej za prawie te same funkcje Movshare mo\u017ce zapewni\u0107 lepsze. Dost\u0119p do konta Premium, aby cieszy\u0107 si\u0119 wszystkimi wygodnymi korzy\u015bciami, kt\u00f3re s\u0105 do Pa\u0144stwa dyspozycji, nigdy nie by\u0142 tak \u0142atwy.<\/p>\n\n\n\n<h2>JAK KORZYSTA\u0106 Z KONTA PREMIUM MOVSHARE?<\/h2>\n\n\n\n<p>Link przekierowuj\u0105cy do strony rejestracji znajduje si\u0119 na stronie internetowej Movshare. Wszystkie instrukcje podane na stronie internetowej s\u0105 szybkie, skuteczne i \u0142atwe w u\u017cyciu, dzi\u0119ki czemu ka\u017cdy zainteresowany skorzystaniem z konta Premium mo\u017ce zarejestrowa\u0107 si\u0119 bez problem\u00f3w. Wystarczy wype\u0142ni\u0107 wymagane informacje, wybra\u0107 czas trwania wybranej subskrypcji, a zostaniesz przekierowany na bezpieczn\u0105 stron\u0119 p\u0142atno\u015bci. Wybierz swoj\u0105 p\u0142atno\u015b\u0107 i poczekaj na wiadomo\u015b\u0107 e-mail z potwierdzeniem wys\u0142an\u0105 do Ciebie i wpisz kod zabezpieczaj\u0105cy po zalogowaniu si\u0119 i jeste\u015b gotowy do korzystania z us\u0142ug Premium Movshare.<\/p>\n\n\n\n<h2>MOVSHARE PLAN\u00d3W ABONAMENTOWYCH<\/h2>\n\n\n\n<p>Dla bezp\u0142atnych u\u017cytkownik\u00f3w dost\u0119pna jest 3-dniowa wersja pr\u00f3bna Premium. Obejmuje ona wi\u0119kszo\u015b\u0107 korzy\u015bci wynikaj\u0105cych z bycia u\u017cytkownikiem premium, jednak\u017ce b\u0119d\u0105 oni mieli 15 dni zanim jakikolwiek plik, dokument lub no\u015bnik, kt\u00f3ry wy\u015bleli, zostanie usuni\u0119ty. Wszyscy u\u017cytkownicy kont Premium b\u0119d\u0105 mieli mo\u017cliwo\u015b\u0107 przechowywania swoich plik\u00f3w na zawsze na naszych serwerach w chmurze. W przypadku wybrania d\u0142u\u017cszej subskrypcji, nowym u\u017cytkownikom udzielane s\u0105 zni\u017cki. Kolejne subskrypcje us\u0142ugi Premium Movshare pozwol\u0105 Ci r\u00f3wnie\u017c korzysta\u0107 z tych zni\u017cek, a powracaj\u0105cy subskrybenci s\u0105 r\u00f3wnie\u017c mile widziani. W przypadku korzystania z us\u0142ugi Premium przez 12 miesi\u0119cy mo\u017cna korzysta\u0107 z nawet 20% zni\u017cki. Plany taryfowe Movshare s\u0105 nast\u0119puj\u0105ce:<\/p>\n\n\n\n<figure class=\"wp-block-table\"><table class=\"\"><tbody><tr><td>CZAS TRWANIA<\/td><td>CENA<\/td><\/tr><tr><td>3 DNI PREMIUM<\/td><td>BEZP\u0141ATNA PR\u00d3BA <\/td><\/tr><tr><td>PREMIA 30 DNIOWA<\/td><td>$9.99  <\/td><\/tr><tr><td>PREMIA 60 DNIOWA<\/td><td>$18.99  <\/td><\/tr><tr><td>PREMIA 90 DNIOWA<\/td><td>$24.99&nbsp;&nbsp;<\/td><\/tr><tr><td>PREMIA 180 DNIOWA<\/td><td>$49.99<\/td><\/tr><tr><td>1 ROK PREMIUM<\/td><td>$99.99<\/td><\/tr><\/tbody><\/table><\/figure>\n\n\n\n<figure class=\"wp-block-table\"><table class=\"\"><tbody><tr><td>ATTRYBUTY<\/td><td> BEZP\u0141ATNY <\/td><td>PREMIUM<\/td><\/tr><tr><td>Limit pobierania\/obci\u0105\u017cania<\/td><td>1 plik na raz<\/td><td>Brak limitu<\/td><\/tr><tr><td>Czas oczekiwania na pobranie plik\u00f3w<\/td><td>2 godziny<\/td><td>Brak limitu<\/td><\/tr><tr><td>Przydzia\u0142 pr\u0119dko\u015bci i szeroko\u015bci pasma<\/td><td>Limited<\/td><td>Nieograniczony<\/td><\/tr><tr><td>Czas trwania pliku<\/td><td>15 dni<\/td><td>Nieograniczony<\/td><\/tr><tr><td>Priorytet w kolejce<\/td><td>Niski poziom<\/td><td>Maksymalnie<\/td><\/tr><\/tbody><\/table><\/figure>\n\n\n\n<p>Movshare posiada szeroki wachlarz metod p\u0142atno\u015bci, co pozwala na korzystanie z szerokich korzy\u015bci wynikaj\u0105cych z bycia u\u017cytkownikiem premium w dogodnym dla Ciebie czasie. Wi\u0119kszo\u015b\u0107 kart kredytowych jest akceptowanych, takich jak Visa, Mastercard i American Express. Dost\u0119pna jest r\u00f3wnie\u017c p\u0142atno\u015b\u0107 online przez Paypal. Kilka innych metod p\u0142atno\u015bci jest dost\u0119pnych, je\u015bli uznasz je za bardziej wygodne. Movshare zapewnia, \u017ce wszystkie metody p\u0142atno\u015bci s\u0105 bezpieczne i pewne.<\/p>\n\n\n\n<div class=\"wp-block-image\"><figure class=\"aligncenter\"><img src=\"https:\/\/lh6.googleusercontent.com\/fzpCdnSsd7rxMxNU1fvvym8MRZgAihM7rvWUXa__J5MIDsaBK3XVYFX6RWAQXNFYM_AauM22kaDp-2_wSJq-xLqFDwUBDin6AvBVFOE_E1VRRNb5bm3nbSYjmPHrRseaOuxK6Xxn\" alt=\"Movshare Payment Methods\"\/><\/figure><\/div>\n\n\n\n<h2>PRYWATNO\u015a\u0106 I BEZPIECZE\u0143STWO U\u017bYTKOWNIKA<\/h2>\n\n\n\n<p>Informacje udost\u0119pniane przez u\u017cytkownika premium, takie jak dane osobowe, numery kontaktowe, has\u0142a i przes\u0142ane pliki s\u0105 przechowywane i zabezpieczane za pomoc\u0105 skomplikowanego szyfrowania. Aby zapobiec nieautoryzowanemu dost\u0119powi do przechowywanych plik\u00f3w i no\u015bnik\u00f3w, stosowane s\u0105 r\u00f3\u017cne poziomy zabezpiecze\u0144. Najwy\u017cszym priorytetem firmy Movshare jest zapewnienie, \u017ce wszystkie dane przesy\u0142ane na jej serwery w chmurze s\u0105 zawsze zabezpieczone. \u015acis\u0142e i skrupulatne monitorowanie podejrzanych dzia\u0142a\u0144 jest zawsze prowadzone przez in\u017cynier\u00f3w i specjalist\u00f3w, aby osi\u0105gn\u0105\u0107 najwy\u017cszy poziom us\u0142ug dla swoich u\u017cytkownik\u00f3w.<\/p>\n\n\n<a class=\"maxbutton-2 maxbutton maxbutton-cta\" target=\"_blank\" rel=\"nofollow noopener\" href=\"\/go\/\"><span class='mb-text'>&gt;&gt; Przejd\u017a do strony Oryginalnego Linkifier<\/span><\/a>","protected":false},"excerpt":{"rendered":"<p>W dzisiejszych czasach przenoszenie i przechowywanie du\u017cych plik\u00f3w nigdy nie by\u0142o \u0142atwiejsze ni\u017c wcze\u015bniej. Jedno szybkie wyszukiwanie w Internecie doprowadzi<\/p>\n","protected":false},"author":2,"featured_media":0,"parent":0,"menu_order":0,"comment_status":"closed","ping_status":"closed","template":"","meta":[],"yoast_head":"<!-- This site is optimized with the Yoast SEO plugin v18.3 - https:\/\/yoast.com\/wordpress\/plugins\/seo\/ -->\n<title>Movshare Premium Konto \u2013 Filehoster W Skr\u00f3cie<\/title>\n<meta name=\"description\" content=\"Czy Movshare jest renomowanym dostawc\u0105, czy nie, odpowied\u017a mo\u017cna znale\u017a\u0107 w aktualnym te\u015bcie na Multihoster.org \u279c Kliknij teraz \u271a, aby przeczyta\u0107 nasze do\u015bwiadczenia!\" \/>\n<meta name=\"robots\" content=\"index, follow, max-snippet:-1, max-image-preview:large, max-video-preview:-1\" \/>\n<link rel=\"canonical\" href=\"https:\/\/multihoster.org\/pl\/movshare\/\" \/>\n<meta property=\"og:locale\" content=\"pl_PL\" \/>\n<meta property=\"og:type\" content=\"article\" \/>\n<meta property=\"og:title\" content=\"Movshare Premium Konto \u2013 Filehoster W Skr\u00f3cie\" \/>\n<meta property=\"og:description\" content=\"Czy Movshare jest renomowanym dostawc\u0105, czy nie, odpowied\u017a mo\u017cna znale\u017a\u0107 w aktualnym te\u015bcie na Multihoster.org \u279c Kliknij teraz \u271a, aby przeczyta\u0107 nasze do\u015bwiadczenia!\" \/>\n<meta property=\"og:url\" content=\"https:\/\/multihoster.org\/pl\/movshare\/\" \/>\n<meta property=\"og:site_name\" content=\"Multihoster.org\" \/>\n<meta property=\"article:modified_time\" content=\"2020-04-22T15:17:07+00:00\" \/>\n<meta property=\"og:image\" content=\"https:\/\/lh3.googleusercontent.com\/MLiKmLZbc9NrvE2Mar1qwpZVlqILKjQk8z9aY5Q2gD-uOg307wXEcHv6KvoJnlW5fNz81gNpaduEG_LoToiN2Lu-b_WBGYb0Jpi9cTEc2-6W4yh0MlLHEvpyG1CXXtOW06IQUAzV\" \/>\n<meta name=\"twitter:card\" content=\"summary\" \/>\n<meta name=\"twitter:label1\" content=\"Szacowany czas czytania\" \/>\n\t<meta name=\"twitter:data1\" content=\"9 minut\" \/>\n<script type=\"application\/ld+json\" class=\"yoast-schema-graph\">{\"@context\":\"https:\/\/schema.org\",\"@graph\":[{\"@type\":\"WebSite\",\"@id\":\"https:\/\/multihoster.org\/#website\",\"url\":\"https:\/\/multihoster.org\/\",\"name\":\"Multihoster.org\",\"description\":\"Reviews of the major Filehosting services\",\"potentialAction\":[{\"@type\":\"SearchAction\",\"target\":{\"@type\":\"EntryPoint\",\"urlTemplate\":\"https:\/\/multihoster.org\/?s={search_term_string}\"},\"query-input\":\"required name=search_term_string\"}],\"inLanguage\":\"pl-PL\"},{\"@type\":\"ImageObject\",\"@id\":\"https:\/\/multihoster.org\/pl\/movshare\/#primaryimage\",\"inLanguage\":\"pl-PL\",\"url\":\"https:\/\/lh3.googleusercontent.com\/MLiKmLZbc9NrvE2Mar1qwpZVlqILKjQk8z9aY5Q2gD-uOg307wXEcHv6KvoJnlW5fNz81gNpaduEG_LoToiN2Lu-b_WBGYb0Jpi9cTEc2-6W4yh0MlLHEvpyG1CXXtOW06IQUAzV\",\"contentUrl\":\"https:\/\/lh3.googleusercontent.com\/MLiKmLZbc9NrvE2Mar1qwpZVlqILKjQk8z9aY5Q2gD-uOg307wXEcHv6KvoJnlW5fNz81gNpaduEG_LoToiN2Lu-b_WBGYb0Jpi9cTEc2-6W4yh0MlLHEvpyG1CXXtOW06IQUAzV\"},{\"@type\":\"WebPage\",\"@id\":\"https:\/\/multihoster.org\/pl\/movshare\/#webpage\",\"url\":\"https:\/\/multihoster.org\/pl\/movshare\/\",\"name\":\"Movshare Premium Konto \u2013 Filehoster W Skr\u00f3cie\",\"isPartOf\":{\"@id\":\"https:\/\/multihoster.org\/#website\"},\"primaryImageOfPage\":{\"@id\":\"https:\/\/multihoster.org\/pl\/movshare\/#primaryimage\"},\"datePublished\":\"2020-04-16T14:55:32+00:00\",\"dateModified\":\"2020-04-22T15:17:07+00:00\",\"description\":\"Czy Movshare jest renomowanym dostawc\u0105, czy nie, odpowied\u017a mo\u017cna znale\u017a\u0107 w aktualnym te\u015bcie na Multihoster.org \u279c Kliknij teraz \u271a, aby przeczyta\u0107 nasze do\u015bwiadczenia!\",\"breadcrumb\":{\"@id\":\"https:\/\/multihoster.org\/pl\/movshare\/#breadcrumb\"},\"inLanguage\":\"pl-PL\",\"potentialAction\":[{\"@type\":\"ReadAction\",\"target\":[\"https:\/\/multihoster.org\/pl\/movshare\/\"]}]},{\"@type\":\"BreadcrumbList\",\"@id\":\"https:\/\/multihoster.org\/pl\/movshare\/#breadcrumb\",\"itemListElement\":[{\"@type\":\"ListItem\",\"position\":1,\"name\":\"Startseite\",\"item\":\"https:\/\/multihoster.org\/pl\/\"},{\"@type\":\"ListItem\",\"position\":2,\"name\":\"Movshare Premium Konto: Filehoster W Skr\u00f3cie\"}]}]}<\/script>\n<!-- \/ Yoast SEO plugin. -->","yoast_head_json":{"title":"Movshare Premium Konto \u2013 Filehoster W Skr\u00f3cie","description":"Czy Movshare jest renomowanym dostawc\u0105, czy nie, odpowied\u017a mo\u017cna znale\u017a\u0107 w aktualnym te\u015bcie na Multihoster.org \u279c Kliknij teraz \u271a, aby przeczyta\u0107 nasze do\u015bwiadczenia!","robots":{"index":"index","follow":"follow","max-snippet":"max-snippet:-1","max-image-preview":"max-image-preview:large","max-video-preview":"max-video-preview:-1"},"canonical":"https:\/\/multihoster.org\/pl\/movshare\/","og_locale":"pl_PL","og_type":"article","og_title":"Movshare Premium Konto \u2013 Filehoster W Skr\u00f3cie","og_description":"Czy Movshare jest renomowanym dostawc\u0105, czy nie, odpowied\u017a mo\u017cna znale\u017a\u0107 w aktualnym te\u015bcie na Multihoster.org \u279c Kliknij teraz \u271a, aby przeczyta\u0107 nasze do\u015bwiadczenia!","og_url":"https:\/\/multihoster.org\/pl\/movshare\/","og_site_name":"Multihoster.org","article_modified_time":"2020-04-22T15:17:07+00:00","og_image":[{"url":"https:\/\/lh3.googleusercontent.com\/MLiKmLZbc9NrvE2Mar1qwpZVlqILKjQk8z9aY5Q2gD-uOg307wXEcHv6KvoJnlW5fNz81gNpaduEG_LoToiN2Lu-b_WBGYb0Jpi9cTEc2-6W4yh0MlLHEvpyG1CXXtOW06IQUAzV"}],"twitter_card":"summary","twitter_misc":{"Szacowany czas czytania":"9 minut"},"schema":{"@context":"https:\/\/schema.org","@graph":[{"@type":"WebSite","@id":"https:\/\/multihoster.org\/#website","url":"https:\/\/multihoster.org\/","name":"Multihoster.org","description":"Reviews of the major Filehosting services","potentialAction":[{"@type":"SearchAction","target":{"@type":"EntryPoint","urlTemplate":"https:\/\/multihoster.org\/?s={search_term_string}"},"query-input":"required name=search_term_string"}],"inLanguage":"pl-PL"},{"@type":"ImageObject","@id":"https:\/\/multihoster.org\/pl\/movshare\/#primaryimage","inLanguage":"pl-PL","url":"https:\/\/lh3.googleusercontent.com\/MLiKmLZbc9NrvE2Mar1qwpZVlqILKjQk8z9aY5Q2gD-uOg307wXEcHv6KvoJnlW5fNz81gNpaduEG_LoToiN2Lu-b_WBGYb0Jpi9cTEc2-6W4yh0MlLHEvpyG1CXXtOW06IQUAzV","contentUrl":"https:\/\/lh3.googleusercontent.com\/MLiKmLZbc9NrvE2Mar1qwpZVlqILKjQk8z9aY5Q2gD-uOg307wXEcHv6KvoJnlW5fNz81gNpaduEG_LoToiN2Lu-b_WBGYb0Jpi9cTEc2-6W4yh0MlLHEvpyG1CXXtOW06IQUAzV"},{"@type":"WebPage","@id":"https:\/\/multihoster.org\/pl\/movshare\/#webpage","url":"https:\/\/multihoster.org\/pl\/movshare\/","name":"Movshare Premium Konto \u2013 Filehoster W Skr\u00f3cie","isPartOf":{"@id":"https:\/\/multihoster.org\/#website"},"primaryImageOfPage":{"@id":"https:\/\/multihoster.org\/pl\/movshare\/#primaryimage"},"datePublished":"2020-04-16T14:55:32+00:00","dateModified":"2020-04-22T15:17:07+00:00","description":"Czy Movshare jest renomowanym dostawc\u0105, czy nie, odpowied\u017a mo\u017cna znale\u017a\u0107 w aktualnym te\u015bcie na Multihoster.org \u279c Kliknij teraz \u271a, aby przeczyta\u0107 nasze do\u015bwiadczenia!","breadcrumb":{"@id":"https:\/\/multihoster.org\/pl\/movshare\/#breadcrumb"},"inLanguage":"pl-PL","potentialAction":[{"@type":"ReadAction","target":["https:\/\/multihoster.org\/pl\/movshare\/"]}]},{"@type":"BreadcrumbList","@id":"https:\/\/multihoster.org\/pl\/movshare\/#breadcrumb","itemListElement":[{"@type":"ListItem","position":1,"name":"Startseite","item":"https:\/\/multihoster.org\/pl\/"},{"@type":"ListItem","position":2,"name":"Movshare Premium Konto: Filehoster W Skr\u00f3cie"}]}]}},"_links":{"self":[{"href":"https:\/\/multihoster.org\/pl\/wp-json\/wp\/v2\/pages\/3821"}],"collection":[{"href":"https:\/\/multihoster.org\/pl\/wp-json\/wp\/v2\/pages"}],"about":[{"href":"https:\/\/multihoster.org\/pl\/wp-json\/wp\/v2\/types\/page"}],"author":[{"embeddable":true,"href":"https:\/\/multihoster.org\/pl\/wp-json\/wp\/v2\/users\/2"}],"replies":[{"embeddable":true,"href":"https:\/\/multihoster.org\/pl\/wp-json\/wp\/v2\/comments?post=3821"}],"version-history":[{"count":2,"href":"https:\/\/multihoster.org\/pl\/wp-json\/wp\/v2\/pages\/3821\/revisions"}],"predecessor-version":[{"id":4312,"href":"https:\/\/multihoster.org\/pl\/wp-json\/wp\/v2\/pages\/3821\/revisions\/4312"}],"wp:attachment":[{"href":"https:\/\/multihoster.org\/pl\/wp-json\/wp\/v2\/media?parent=3821"}],"curies":[{"name":"wp","href":"https:\/\/api.w.org\/{rel}","templated":true}]}}