{"id":3858,"date":"2020-04-16T15:50:54","date_gmt":"2020-04-16T15:50:54","guid":{"rendered":"https:\/\/multihoster.org\/filesmonster\/"},"modified":"2020-12-14T18:56:08","modified_gmt":"2020-12-14T18:56:08","slug":"filesmonster","status":"publish","type":"page","link":"https:\/\/multihoster.org\/pl\/filesmonster\/","title":{"rendered":"FilesMonster Premium Konto: Filehoster W Skr\u00f3cie"},"content":{"rendered":"\n<figure class=\"wp-block-image\"><img src=\"https:\/\/lh4.googleusercontent.com\/mVWw15q9QtKDEJl6FY8p7PpoGD8y25cfV1zvM8rwNmbdQ1_g3JR0-LND1TBArjU2VehVrsqaTU1WmepskQnN-N6W0DPIr9lqtZkmPkWw7-dRzoPOCHRGXwpTURs7h7is9TTHoi4\" alt=\"Filesmonster Logo, Filesmonster Premium\"\/><\/figure>\n\n\n<a class=\"maxbutton-2 maxbutton maxbutton-cta\" target=\"_blank\" rel=\"nofollow noopener\" href=\"\/filesmonster\/goto\/\"><span class='mb-text'>&gt;&gt; Przejd\u017a do strony Oryginalnego Filesmonster<\/span><\/a>\n\n\n<p><\/p>\n\n\n\n<p>Przechowywanie plik\u00f3w jest konieczno\u015bci\u0105, zw\u0142aszcza je\u015bli Twoja firma zajmuje si\u0119 multimediami. Przynoszenie fizycznej zewn\u0119trznej pami\u0119ci masowej jest k\u0142opotliwe i musisz pod\u0142\u0105czy\u0107 urz\u0105dzenie do komputera tylko po to, aby uzyska\u0107 dost\u0119p do swoich plik\u00f3w, kiedy tylko chcesz. Jednym z mo\u017cliwych rozwi\u0105za\u0144 jest przechowywanie plik\u00f3w w Internecie. Istnieje wiele us\u0142ug pami\u0119ci masowej online, ale nigdy nie mo\u017cna mie\u0107 pewno\u015bci co do bezpiecze\u0144stwa swoich multimedi\u00f3w. Nie wspominaj\u0105c o tym, \u017ce jest to naprawd\u0119 drogie i mo\u017ce kosztowa\u0107 kilkaset dolar\u00f3w miesi\u0119cznie.<\/p>\n\n\n\n<p>Filesmonster mo\u017ce jednak w zasadzie dostarcza\u0107 dowolne rozwi\u0105zania pami\u0119ci masowej online klasy premium, ale z bezproblemow\u0105 chmur\u0105 i ta\u0144szymi op\u0142atami ni\u017c konwencjonalna us\u0142uga pami\u0119ci masowej online. Oferowane us\u0142ugi s\u0105 najwy\u017cszej klasy i mo\u017cna je r\u00f3wnie\u017c ulepszy\u0107, korzystaj\u0105c z konta Filesmonster Premium. Konto Premium oferuje r\u00f3wnie\u017c dodatkowe us\u0142ugi, kt\u00f3re mog\u0105 pom\u00f3c w organizacji wszystkich plik\u00f3w multimedialnych i dokument\u00f3w zwi\u0105zanych z prac\u0105.  Filesmonster Premium oferuje r\u00f3wnie\u017c mo\u017cliwo\u015b\u0107 korzystania z obszernej biblioteki tre\u015bci online i medi\u00f3w dzi\u0119ki wsp\u00f3\u0142pracy z r\u00f3\u017cnymi wysokiej jako\u015bci us\u0142ugami transmisji strumieniowej.<\/p>\n\n\n\n<h2>Co to jest Filesmonster?<\/h2>\n\n\n\n<p>Filesmonster to us\u0142uga hostingu plik\u00f3w online, kt\u00f3ra oferuje swoim klientom ta\u0144sz\u0105 us\u0142ug\u0119 przechowywania i \u0142atwy dost\u0119p do wszystkich Twoich rzeczy i medi\u00f3w, tak d\u0142ugo jak jeste\u015b pod\u0142\u0105czony do Internetu. Filesmonster k\u0142adzie r\u00f3wnie\u017c nacisk na bezpiecze\u0144stwo plik\u00f3w i zawsze upewnia si\u0119, \u017ce wszystkie ich <a rel=\"noreferrer noopener\" aria-label=\"chmury  (opens in a new tab)\" href=\"https:\/\/searchstorage.techtarget.com\/definition\/cloud-storage\" target=\"_blank\">chmury <\/a>s\u0105 wolne od wirus\u00f3w i nie s\u0105 nara\u017cone na kradzie\u017ce i plagiaty. Maj\u0105 te\u017c inne zalety, je\u015bli skorzystasz z ich taniego konta Filesmonster Premium. Dzi\u0119ki tej us\u0142udze mo\u017cesz korzysta\u0107 z innych funkcji, takich jak szybsze pobieranie plik\u00f3w, wi\u0119ksza pami\u0119\u0107 masowa i nieograniczony limit pobierania. Konto FIlesmonster Premium jest jednym z najta\u0144szych dost\u0119pnych abonament\u00f3w na hosting plik\u00f3w premium, poniewa\u017c b\u0119dzie Ci\u0119 to kosztowa\u0107 tylko oko\u0142o 15 dolar\u00f3w miesi\u0119cznie. Inne us\u0142ugi Premium mo\u017ce kosztowa\u0107 do kilkuset dolar\u00f3w, podczas gdy inne mog\u0105 kosztowa\u0107 prawie tysi\u0105c w zale\u017cno\u015bci od tego, czy us\u0142uga hostingu plik\u00f3w jest popularna strona internetowa. Chocia\u017c Filesmonster Premium oferuje r\u00f3wnie\u017c tak\u0105 sam\u0105 jako\u015b\u0107 us\u0142ug jak inne bardziej znane us\u0142ugi, Filesmonster Premium kosztuje znacznie taniej. Jest to idealne rozwi\u0105zanie, je\u015bli dopiero zaczynasz ma\u0142\u0105 firm\u0119, kt\u00f3ra wymaga zarz\u0105dzania plikami cyfrowymi i dost\u0119pu do nich w ka\u017cdej chwili, gdy ich potrzebujesz. Oferuje r\u00f3wnie\u017c ochron\u0119 przed z\u0142o\u015bliwym <a rel=\"noreferrer noopener\" aria-label=\"oprogramowaniem (opens in a new tab)\" href=\"https:\/\/www.malwarebytes.com\/malware\/\" target=\"_blank\">oprogramowaniem<\/a>, pop-upami i innymi irytuj\u0105cymi reklamami. Filesmonster Premium zapewnia r\u00f3wnie\u017c, \u017ce wszystkie Twoje pliki do pobrania pochodz\u0105 z partnerskich stron internetowych, wi\u0119c legalno\u015b\u0107 nie stanowi problemu. Pobierz, przechowuj i przechowuj swoje pliki bez obaw, gdy korzystasz z konta Filesmonster Premium.<\/p>\n\n\n\n<h2>Funkcje i us\u0142ugi Filesmonster Premium<\/h2>\n\n\n\n<p>Posiadanie konta FIlesmonster Premium pozwala na korzystanie z dodatkowych us\u0142ug i znacz\u0105cego unowocze\u015bnienia bezp\u0142atnej us\u0142ugi.<\/p>\n\n\n\n<figure class=\"wp-block-image\"><img src=\"https:\/\/lh5.googleusercontent.com\/cf15g2mKcENrXzNWavHcm_QtZ6dSGqKvIBATm1dBE0Q8-cVW-iGBE7VIn4WcE1dOxUWkwrzlZ-xwCz60bBWDouXvXNSp2fuodEuXMeTkEaLS65V2TdWKMoz56oyz2nIj0CxVT0Y\" alt=\"Filesmonster Premium features\"\/><\/figure>\n\n\n\n<h3>Szybsze pobieranie<\/h3>\n\n\n\n<p>Filesmonster Premium dodaje wi\u0119cej przepustowo\u015bci do Twoich plik\u00f3w do pobrania. \u015arednia pr\u0119dko\u015b\u0107 pobierania dla us\u0142ug hostingu plik\u00f3w wynosi tylko oko\u0142o 8-15 Mbps. Jest to przyzwoita pr\u0119dko\u015b\u0107, je\u015bli chcesz przechowywa\u0107 tylko ma\u0142e pliki, takie jak obrazy, dokumenty i pliki audio, ale je\u015bli chodzi o wi\u0119ksze pliki, takie jak filmy lub pliki wideo, du\u017ce aplikacje i ca\u0142e kopie zapasowe bazy danych, tej pr\u0119dko\u015bci pobierania b\u0119dzie brakowa\u0142o. FIlesmonster Premium ma nieograniczon\u0105 pr\u0119dko\u015b\u0107 pobierania, kt\u00f3r\u0105 mo\u017cesz si\u0119 cieszy\u0107. Szybko\u015b\u0107 ta jest idealna dla bardzo du\u017cych plik\u00f3w, takich jak filmy, kt\u00f3re edytujesz lub du\u017ce aplikacje. Albo mo\u017cna po prostu u\u017cy\u0107 tej pr\u0119dko\u015bci do pobierania medi\u00f3w, takich jak wysokiej jako\u015bci filmy i pliki audio dost\u0119pne na stronach internetowych swoich partner\u00f3w i us\u0142ug streamingowych.<\/p>\n\n\n\n<h3>Media Streaming<\/h3>\n\n\n\n<p>Filesmonster Premium to nie tylko us\u0142uga przechowywania plik\u00f3w w Internecie, to tak\u017ce premierowa strona strumieniowa. Posiadaj\u0105c konto FIlesmonster Premium, mo\u017cesz cieszy\u0107 si\u0119 tysi\u0105cami bezp\u0142atnych, wysokiej jako\u015bci plik\u00f3w multimedialnych. Ich partnerskie witryny strumieniowe zapewniaj\u0105 dost\u0119p do film\u00f3w i innych rodzaj\u00f3w medi\u00f3w, z kt\u00f3rych mo\u017cesz korzysta\u0107. Masz r\u00f3wnie\u017c mo\u017cliwo\u015b\u0107 pobrania tych medi\u00f3w i jego 100% legalno\u015bci. Korzystaj z obszernej biblioteki medi\u00f3w Premium z kontem Filesmonster Premium.<\/p>\n\n\n\n<h3>Pliki do pobrania z mo\u017cliwo\u015bci\u0105 ponownego pobrania<\/h3>\n\n\n\n<p>Czy to nie k\u0142opot, \u017ce \u015bci\u0105gasz plik, a potem musisz nagle wyj\u015b\u0107 na randk\u0119. Nie mo\u017cesz tak po prostu zostawi\u0107 swojego komputera w pracy, a inne us\u0142ugi nie pozwalaj\u0105 na ponowne pobieranie plik\u00f3w. Musisz powt\u00f3rzy\u0107 pobieranie od pocz\u0105tku. Nie wspominaj\u0105c ju\u017c o tym, \u017ce niekt\u00f3re du\u017ce pliki mog\u0105 zosta\u0107 uszkodzone po d\u0142u\u017cszej przerwie. Us\u0142uga Filesmonster Premium rozwi\u0105za\u0142a ten problem, zezwalaj\u0105c na ponowne pobieranie Twoich plik\u00f3w. Wstrzymaj pobieranie plik\u00f3w i kontynuuj je p\u00f3\u017aniej, program Filesmonster Premium umo\u017cliwia bezproblemowy dost\u0119p do pobranych plik\u00f3w w dowolnym czasie i miejscu.<\/p>\n\n\n<a class=\"maxbutton-2 maxbutton maxbutton-cta\" target=\"_blank\" rel=\"nofollow noopener\" href=\"\/filesmonster\/goto\/\"><span class='mb-text'>&gt;&gt; Przejd\u017a do strony Oryginalnego Filesmonster<\/span><\/a>\n\n\n<p><\/p>\n\n\n\n<h3>Natychmiastowe pobieranie<\/h3>\n\n\n\n<p>Darmowe konto musi czeka\u0107 kilka sekund na rozpocz\u0119cie pobierania. Dzieje si\u0119 tak dlatego, \u017ce u\u017cytkownicy darmowi maj\u0105 mniejszy priorytet dla ruchu sieciowego w por\u00f3wnaniu z kontem Filesmonster Premium. Je\u015bli si\u0119 spieszysz, ten czas oczekiwania mo\u017ce by\u0107 przyczyn\u0105 op\u00f3\u017anienia i by\u0107 bardzo czasoch\u0142onny. Dost\u0119pno\u015b\u0107 konta FIlesmonster Premium usuwa to ograniczenie. Mo\u017cesz natychmiast rozpocz\u0105\u0107 pobieranie od momentu klikni\u0119cia przycisku. Idealna us\u0142uga dla tw\u00f3rc\u00f3w tre\u015bci, kt\u00f3rzy s\u0105 zawsze w ruchu.<\/p>\n\n\n\n<h3>Download Manager<\/h3>\n\n\n\n<p>Brak mo\u017cliwo\u015bci monitorowania pobierania plik\u00f3w jest bardzo irytuj\u0105cy. Nie masz mo\u017cliwo\u015bci dowiedzie\u0107 si\u0119 o statusie pobierania, dop\u00f3ki nie zostanie ono zako\u0144czone. Jednak\u017ce, z kontem Filesmonster Premium, mo\u017cesz korzysta\u0107 z ich innowacyjnego narz\u0119dzia, jakim jest FIlesmonster Download Manager. Za pomoc\u0105 Mened\u017cera pobierania mo\u017cesz uporz\u0105dkowa\u0107 wszystkie istniej\u0105ce pliki do pobrania. Mo\u017cesz zobaczy\u0107 status swoich plik\u00f3w w czasie rzeczywistym, a tak\u017ce \u0142atwiejszy spos\u00f3b zarz\u0105dzania nimi. Mened\u017cer pobierania pokazuje, ile ju\u017c pobrano plik\u00f3w. Pokazuje nawet szacowany czas przed zako\u0144czeniem pobierania plik\u00f3w. Mened\u017cer Pobierania Filesmonster pozwala r\u00f3wnie\u017c ustawi\u0107, jaki plik ma by\u0107 priorytetowy, aby zako\u0144czy\u0107 pobieranie. Jest to idealne narz\u0119dzie do zarz\u0105dzania pobieraniem plik\u00f3w, nawet je\u015bli jeste\u015b w podr\u00f3\u017cy.<\/p>\n\n\n\n<h3>Pobierz wiele plik\u00f3w<\/h3>\n\n\n\n<p>Gdy si\u0119 spieszysz, mo\u017cliwo\u015b\u0107 \u015bci\u0105gni\u0119cia tylko jednego pliku jest bardzo frustruj\u0105ca. Inna us\u0142uga hostingu plik\u00f3w ogranicza swoich u\u017cytkownik\u00f3w do pobierania tylko jednego pliku w celu zmniejszenia ruchu sieciowego. Z drugiej strony, konto Filesmonster Premium pozwala na dost\u0119p do wielu plik\u00f3w w tym samym czasie. Mo\u017cesz swobodnie pobiera\u0107 pliki multimedialne i dokumenty tak d\u0142ugo, jak d\u0142ugo Twoje po\u0142\u0105czenie internetowe mo\u017ce obs\u0142ugiwa\u0107 ruch danych. Tw\u00f3rcy stron internetowych, kt\u00f3rzy stale musz\u0105 mie\u0107 dost\u0119p do swoich zasob\u00f3w i plik\u00f3w cyfrowych, mog\u0105 z \u0142atwo\u015bci\u0105 pobiera\u0107 wszystkie potrzebne im pliki.<\/p>\n\n\n\n<h3>Pobieranie plik\u00f3w nieudost\u0119pnionych<\/h3>\n\n\n\n<p><a rel=\"noreferrer noopener\" aria-label=\"Archiwizacja  (opens in a new tab)\" href=\"https:\/\/searchdatabackup.techtarget.com\/definition\/data-archiving\" target=\"_blank\">Archiwizacja <\/a>jest zazwyczaj wykonywana przez us\u0142ugi hostingu plik\u00f3w w celu zmniejszenia ruchu w sieci. Jednak Filesmonster Premium pozwala na pobieranie tylko pe\u0142nych plik\u00f3w. Poniewa\u017c archiwizacja ma mo\u017cliwo\u015b\u0107 uszkodzenia Twoich plik\u00f3w, Filesmonster Premium dba o to, aby wszystkie pobrane pliki pozosta\u0142y nienaruszone w momencie zako\u0144czenia pobierania.<\/p>\n\n\n\n<h2>Konto Filesmonster Premium: Jak uzyska\u0107 dost\u0119p do swojego w\u0142asnego konta?<\/h2>\n\n\n\n<p>Aby m\u00f3c korzysta\u0107 z tych wszystkich wspania\u0142ych us\u0142ug, musisz mie\u0107 konto Filesmonster Premium. Dzia\u0142ania te s\u0105 bardzo proste i szybkie. Wystarczy wej\u015b\u0107 na ich stron\u0119 internetow\u0105 i pod\u0105\u017ca\u0107 za stron\u0105 Premium. Wype\u0142nij wszystkie wymagane informacje, a nast\u0119pnie zostaniesz przekierowany do okna p\u0142atno\u015bci. Mo\u017cesz wybra\u0107, jak d\u0142ugo b\u0119dziesz korzysta\u0107 z us\u0142ugi FIlesmonster Premium. Oferuj\u0105 one r\u00f3wnie\u017c wersj\u0119 pr\u00f3bn\u0105 na 2 dni, dzi\u0119ki czemu mo\u017cesz zdecydowa\u0107, czy b\u0119dziesz nadal korzysta\u0107 z us\u0142ugi Premium. Pakiety s\u0105 nast\u0119puj\u0105ce:<\/p>\n\n\n\n<figure class=\"wp-block-table\"><table><tbody><tr><td>CZAS TRWANIA<\/td><td>CENA<\/td><\/tr><tr><td>2 dni<\/td><td>Pr\u00f3ba<\/td><\/tr><tr><td>15 dni<\/td><td>$12.00<\/td><\/tr><tr><td>1 miesi\u0105c<\/td><td>$17.00<\/td><\/tr><tr><td>3 miesi\u0105ce<\/td><td>$37.00<\/td><\/tr><tr><td>6 miesi\u0105ce<\/td><td>$66.00<\/td><\/tr><tr><td>1 rok<\/td><td>$116.00<\/td><\/tr><\/tbody><\/table><\/figure>\n\n\n\n<p>Jak widzisz, Filesmonster Premium oferuje zni\u017ck\u0119 przez d\u0142u\u017cszy okres czasu, kt\u00f3ry zdecydujesz si\u0119 wykorzysta\u0107. Pakiet na 1 rok pozwala zaoszcz\u0119dzi\u0107 dos\u0142ownie do 50%. Ale je\u015bli nie jeste\u015b jeszcze gotowy na skorzystanie z tak d\u0142ugiego okresu, mo\u017cesz wybra\u0107 dowolny pakiet. Pakiet 1-miesi\u0119czny jest zalecany dla pojedynczych projekt\u00f3w, a pakiet 6-miesi\u0119czny jest dobry dla cel\u00f3w biznesowych.<\/p>\n\n\n\n<figure class=\"wp-block-image\"><img src=\"https:\/\/lh3.googleusercontent.com\/_-N1WSd2sWsJUFiEMan-2e9yX0uRDUCET1Vis37Oavn7Ot3p6NMDHlQcBrYxi5Y6uUn8-4-oGyUOeOuBiCkFCyHyiBTr8iJECLDGHbHKsdrFePIffG4mok16YlMEZAErY0kaIs4\" alt=\"Filesmonster Premium payment methods\"\/><\/figure>\n\n\n\n<p>Filesmonster Premium posiada elastyczne metody p\u0142atno\u015bci. Mo\u017cesz zdecydowa\u0107 si\u0119 na p\u0142atno\u015b\u0107 za pomoc\u0105 VISA, MasterCard lub Maestro. Akceptuj\u0105 one r\u00f3wnie\u017c p\u0142atno\u015bci za pomoc\u0105 Bitcoins. Zwr\u00f3\u0107 uwag\u0119, \u017ce oferuj\u0105 dodatkowe 10% zni\u017cki dla u\u017cytkownik\u00f3w Bitcoin\u00f3w, wi\u0119c je\u015bli masz istniej\u0105cy fundusz na Bitcoinach to jest to bardzo wskazane. Istniej\u0105 r\u00f3wnie\u017c inne kluczowe punkty sprzeda\u017cy detalicznej premium, kt\u00f3re oferuj\u0105 inne sposoby na zakup us\u0142ugi FIlesmonster Premium, a niekt\u00f3re inne r\u00f3wnie\u017c oferuj\u0105 zni\u017cki. Masz swobod\u0119 wyboru najbardziej po\u017c\u0105danej dla Ciebie metody p\u0142atno\u015bci.<\/p>\n\n\n\n<h2>Czy Filesmonster Premium jest legalny?<\/h2>\n\n\n\n<p>Filesmonster Premium jest zdecydowanie LEGAL. Wszystkie media i us\u0142ugi streamingowe, kt\u00f3re oferuje strona internetowa, pochodz\u0105 z ich stron partnerskich i dostawc\u00f3w us\u0142ug streamingowych. Mo\u017cesz pobiera\u0107 dowolne tre\u015bci, kt\u00f3re chcesz bez obaw, poniewa\u017c wszystkie one s\u0105 licencjonowane i maj\u0105 pozwolenie od ich prawowitych w\u0142a\u015bcicieli.<\/p>\n\n\n\n<h2>Czy Filesmonster Premium jest bezpieczny?<\/h2>\n\n\n\n<p>Filesmonster Premium jest w 100% bezpieczny. Us\u0142ugodawca hostingu plik\u00f3w monitoruje i upewnia si\u0119, \u017ce strona jest zawsze wolna od irytuj\u0105cych reklam, z\u0142o\u015bliwo\u015bci i szpieg\u00f3w. Ich przechowywanie w chmurze jest r\u00f3wnie\u017c wzmocnione r\u00f3\u017cnymi protoko\u0142ami bezpiecze\u0144stwa, aby zapobiec niepo\u017c\u0105danemu dost\u0119powi do plik\u00f3w u\u017cytkownik\u00f3w i danych osobowych. Poziom bezpiecze\u0144stwa aplikacji Filesmonster Premium jest zawsze utrzymywany przez administrator\u00f3w us\u0142ugi przechowywania online. Tre\u015bci i media dost\u0119pne dla u\u017cytkownik\u00f3w s\u0105 r\u00f3wnie\u017c filtrowane, aby strona zawsze pozostawa\u0142a bezpieczna dla dzieci. Dzi\u0119ki Filesmonster Premium mo\u017cesz by\u0107 pewny bezpiecze\u0144stwa i ochrony swoich plik\u00f3w.<\/p>\n\n\n<a class=\"maxbutton-2 maxbutton maxbutton-cta\" target=\"_blank\" rel=\"nofollow noopener\" href=\"\/filesmonster\/goto\/\"><span class='mb-text'>&gt;&gt; Przejd\u017a do strony Oryginalnego Filesmonster<\/span><\/a>\n\n\n<p><\/p>\n","protected":false},"excerpt":{"rendered":"<p>Przechowywanie plik\u00f3w jest konieczno\u015bci\u0105, zw\u0142aszcza je\u015bli Twoja firma zajmuje si\u0119 multimediami. Przynoszenie fizycznej zewn\u0119trznej pami\u0119ci masowej jest k\u0142opotliwe i musisz<\/p>\n","protected":false},"author":2,"featured_media":0,"parent":0,"menu_order":0,"comment_status":"closed","ping_status":"closed","template":"","meta":[],"yoast_head":"<!-- This site is optimized with the Yoast SEO plugin v18.3 - https:\/\/yoast.com\/wordpress\/plugins\/seo\/ -->\n<title>FilesMonster Premium Konto: Filehoster W Skr\u00f3cie<\/title>\n<meta name=\"description\" content=\"Czy FilesMonster jest renomowanym dostawc\u0105 czy nie, odpowied\u017a znajdziesz w aktualnym te\u015bcie na Multihoster.org \u279c Kliknij teraz \u271a aby przeczyta\u0107 nasze do\u015bwiadczenia!\" \/>\n<meta name=\"robots\" content=\"index, follow, max-snippet:-1, max-image-preview:large, max-video-preview:-1\" \/>\n<link rel=\"canonical\" href=\"https:\/\/multihoster.org\/pl\/filesmonster\/\" \/>\n<meta property=\"og:locale\" content=\"pl_PL\" \/>\n<meta property=\"og:type\" content=\"article\" \/>\n<meta property=\"og:title\" content=\"FilesMonster Premium Konto: Filehoster W Skr\u00f3cie\" \/>\n<meta property=\"og:description\" content=\"Czy FilesMonster jest renomowanym dostawc\u0105 czy nie, odpowied\u017a znajdziesz w aktualnym te\u015bcie na Multihoster.org \u279c Kliknij teraz \u271a aby przeczyta\u0107 nasze do\u015bwiadczenia!\" \/>\n<meta property=\"og:url\" content=\"https:\/\/multihoster.org\/pl\/filesmonster\/\" \/>\n<meta property=\"og:site_name\" content=\"Multihoster.org\" \/>\n<meta property=\"article:modified_time\" content=\"2020-12-14T18:56:08+00:00\" \/>\n<meta property=\"og:image\" content=\"https:\/\/lh4.googleusercontent.com\/mVWw15q9QtKDEJl6FY8p7PpoGD8y25cfV1zvM8rwNmbdQ1_g3JR0-LND1TBArjU2VehVrsqaTU1WmepskQnN-N6W0DPIr9lqtZkmPkWw7-dRzoPOCHRGXwpTURs7h7is9TTHoi4\" \/>\n<meta name=\"twitter:card\" content=\"summary\" \/>\n<meta name=\"twitter:label1\" content=\"Szacowany czas czytania\" \/>\n\t<meta name=\"twitter:data1\" content=\"9 minut\" \/>\n<script type=\"application\/ld+json\" class=\"yoast-schema-graph\">{\"@context\":\"https:\/\/schema.org\",\"@graph\":[{\"@type\":\"WebSite\",\"@id\":\"https:\/\/multihoster.org\/#website\",\"url\":\"https:\/\/multihoster.org\/\",\"name\":\"Multihoster.org\",\"description\":\"Reviews of the major Filehosting services\",\"potentialAction\":[{\"@type\":\"SearchAction\",\"target\":{\"@type\":\"EntryPoint\",\"urlTemplate\":\"https:\/\/multihoster.org\/?s={search_term_string}\"},\"query-input\":\"required name=search_term_string\"}],\"inLanguage\":\"pl-PL\"},{\"@type\":\"ImageObject\",\"@id\":\"https:\/\/multihoster.org\/pl\/filesmonster\/#primaryimage\",\"inLanguage\":\"pl-PL\",\"url\":\"https:\/\/lh4.googleusercontent.com\/mVWw15q9QtKDEJl6FY8p7PpoGD8y25cfV1zvM8rwNmbdQ1_g3JR0-LND1TBArjU2VehVrsqaTU1WmepskQnN-N6W0DPIr9lqtZkmPkWw7-dRzoPOCHRGXwpTURs7h7is9TTHoi4\",\"contentUrl\":\"https:\/\/lh4.googleusercontent.com\/mVWw15q9QtKDEJl6FY8p7PpoGD8y25cfV1zvM8rwNmbdQ1_g3JR0-LND1TBArjU2VehVrsqaTU1WmepskQnN-N6W0DPIr9lqtZkmPkWw7-dRzoPOCHRGXwpTURs7h7is9TTHoi4\"},{\"@type\":\"WebPage\",\"@id\":\"https:\/\/multihoster.org\/pl\/filesmonster\/#webpage\",\"url\":\"https:\/\/multihoster.org\/pl\/filesmonster\/\",\"name\":\"FilesMonster Premium Konto: Filehoster W Skr\u00f3cie\",\"isPartOf\":{\"@id\":\"https:\/\/multihoster.org\/#website\"},\"primaryImageOfPage\":{\"@id\":\"https:\/\/multihoster.org\/pl\/filesmonster\/#primaryimage\"},\"datePublished\":\"2020-04-16T15:50:54+00:00\",\"dateModified\":\"2020-12-14T18:56:08+00:00\",\"description\":\"Czy FilesMonster jest renomowanym dostawc\u0105 czy nie, odpowied\u017a znajdziesz w aktualnym te\u015bcie na Multihoster.org \u279c Kliknij teraz \u271a aby przeczyta\u0107 nasze do\u015bwiadczenia!\",\"breadcrumb\":{\"@id\":\"https:\/\/multihoster.org\/pl\/filesmonster\/#breadcrumb\"},\"inLanguage\":\"pl-PL\",\"potentialAction\":[{\"@type\":\"ReadAction\",\"target\":[\"https:\/\/multihoster.org\/pl\/filesmonster\/\"]}]},{\"@type\":\"BreadcrumbList\",\"@id\":\"https:\/\/multihoster.org\/pl\/filesmonster\/#breadcrumb\",\"itemListElement\":[{\"@type\":\"ListItem\",\"position\":1,\"name\":\"Startseite\",\"item\":\"https:\/\/multihoster.org\/pl\/\"},{\"@type\":\"ListItem\",\"position\":2,\"name\":\"FilesMonster Premium Konto: Filehoster W Skr\u00f3cie\"}]}]}<\/script>\n<!-- \/ Yoast SEO plugin. -->","yoast_head_json":{"title":"FilesMonster Premium Konto: Filehoster W Skr\u00f3cie","description":"Czy FilesMonster jest renomowanym dostawc\u0105 czy nie, odpowied\u017a znajdziesz w aktualnym te\u015bcie na Multihoster.org \u279c Kliknij teraz \u271a aby przeczyta\u0107 nasze do\u015bwiadczenia!","robots":{"index":"index","follow":"follow","max-snippet":"max-snippet:-1","max-image-preview":"max-image-preview:large","max-video-preview":"max-video-preview:-1"},"canonical":"https:\/\/multihoster.org\/pl\/filesmonster\/","og_locale":"pl_PL","og_type":"article","og_title":"FilesMonster Premium Konto: Filehoster W Skr\u00f3cie","og_description":"Czy FilesMonster jest renomowanym dostawc\u0105 czy nie, odpowied\u017a znajdziesz w aktualnym te\u015bcie na Multihoster.org \u279c Kliknij teraz \u271a aby przeczyta\u0107 nasze do\u015bwiadczenia!","og_url":"https:\/\/multihoster.org\/pl\/filesmonster\/","og_site_name":"Multihoster.org","article_modified_time":"2020-12-14T18:56:08+00:00","og_image":[{"url":"https:\/\/lh4.googleusercontent.com\/mVWw15q9QtKDEJl6FY8p7PpoGD8y25cfV1zvM8rwNmbdQ1_g3JR0-LND1TBArjU2VehVrsqaTU1WmepskQnN-N6W0DPIr9lqtZkmPkWw7-dRzoPOCHRGXwpTURs7h7is9TTHoi4"}],"twitter_card":"summary","twitter_misc":{"Szacowany czas czytania":"9 minut"},"schema":{"@context":"https:\/\/schema.org","@graph":[{"@type":"WebSite","@id":"https:\/\/multihoster.org\/#website","url":"https:\/\/multihoster.org\/","name":"Multihoster.org","description":"Reviews of the major Filehosting services","potentialAction":[{"@type":"SearchAction","target":{"@type":"EntryPoint","urlTemplate":"https:\/\/multihoster.org\/?s={search_term_string}"},"query-input":"required name=search_term_string"}],"inLanguage":"pl-PL"},{"@type":"ImageObject","@id":"https:\/\/multihoster.org\/pl\/filesmonster\/#primaryimage","inLanguage":"pl-PL","url":"https:\/\/lh4.googleusercontent.com\/mVWw15q9QtKDEJl6FY8p7PpoGD8y25cfV1zvM8rwNmbdQ1_g3JR0-LND1TBArjU2VehVrsqaTU1WmepskQnN-N6W0DPIr9lqtZkmPkWw7-dRzoPOCHRGXwpTURs7h7is9TTHoi4","contentUrl":"https:\/\/lh4.googleusercontent.com\/mVWw15q9QtKDEJl6FY8p7PpoGD8y25cfV1zvM8rwNmbdQ1_g3JR0-LND1TBArjU2VehVrsqaTU1WmepskQnN-N6W0DPIr9lqtZkmPkWw7-dRzoPOCHRGXwpTURs7h7is9TTHoi4"},{"@type":"WebPage","@id":"https:\/\/multihoster.org\/pl\/filesmonster\/#webpage","url":"https:\/\/multihoster.org\/pl\/filesmonster\/","name":"FilesMonster Premium Konto: Filehoster W Skr\u00f3cie","isPartOf":{"@id":"https:\/\/multihoster.org\/#website"},"primaryImageOfPage":{"@id":"https:\/\/multihoster.org\/pl\/filesmonster\/#primaryimage"},"datePublished":"2020-04-16T15:50:54+00:00","dateModified":"2020-12-14T18:56:08+00:00","description":"Czy FilesMonster jest renomowanym dostawc\u0105 czy nie, odpowied\u017a znajdziesz w aktualnym te\u015bcie na Multihoster.org \u279c Kliknij teraz \u271a aby przeczyta\u0107 nasze do\u015bwiadczenia!","breadcrumb":{"@id":"https:\/\/multihoster.org\/pl\/filesmonster\/#breadcrumb"},"inLanguage":"pl-PL","potentialAction":[{"@type":"ReadAction","target":["https:\/\/multihoster.org\/pl\/filesmonster\/"]}]},{"@type":"BreadcrumbList","@id":"https:\/\/multihoster.org\/pl\/filesmonster\/#breadcrumb","itemListElement":[{"@type":"ListItem","position":1,"name":"Startseite","item":"https:\/\/multihoster.org\/pl\/"},{"@type":"ListItem","position":2,"name":"FilesMonster Premium Konto: Filehoster W Skr\u00f3cie"}]}]}},"_links":{"self":[{"href":"https:\/\/multihoster.org\/pl\/wp-json\/wp\/v2\/pages\/3858"}],"collection":[{"href":"https:\/\/multihoster.org\/pl\/wp-json\/wp\/v2\/pages"}],"about":[{"href":"https:\/\/multihoster.org\/pl\/wp-json\/wp\/v2\/types\/page"}],"author":[{"embeddable":true,"href":"https:\/\/multihoster.org\/pl\/wp-json\/wp\/v2\/users\/2"}],"replies":[{"embeddable":true,"href":"https:\/\/multihoster.org\/pl\/wp-json\/wp\/v2\/comments?post=3858"}],"version-history":[{"count":4,"href":"https:\/\/multihoster.org\/pl\/wp-json\/wp\/v2\/pages\/3858\/revisions"}],"predecessor-version":[{"id":5481,"href":"https:\/\/multihoster.org\/pl\/wp-json\/wp\/v2\/pages\/3858\/revisions\/5481"}],"wp:attachment":[{"href":"https:\/\/multihoster.org\/pl\/wp-json\/wp\/v2\/media?parent=3858"}],"curies":[{"name":"wp","href":"https:\/\/api.w.org\/{rel}","templated":true}]}}