{"id":3937,"date":"2020-04-17T12:53:08","date_gmt":"2020-04-17T12:53:08","guid":{"rendered":"https:\/\/multihoster.org\/novamov\/"},"modified":"2020-04-22T15:18:43","modified_gmt":"2020-04-22T15:18:43","slug":"novamov","status":"publish","type":"page","link":"https:\/\/multihoster.org\/pl\/novamov\/","title":{"rendered":"Novamov Premium Konto: Filehoster W Skr\u00f3cie"},"content":{"rendered":"\n<div class=\"wp-block-image\"><figure class=\"alignleft is-resized\"><img loading=\"lazy\" src=\"https:\/\/lh5.googleusercontent.com\/GEGPeWo_cWM4l1VHOyZGKI8iqjxPtmhqBonZwk9iL61NE2uaxrHmbfIXV7K51gYNic8K3vLA-auV1P1LvBH8gTHRgP6iYFCXEbf2phO325P-wCCXA7FH9fWrFrXH08HyES-oYE0g\" alt=\"Novamov official website\" width=\"297\" height=\"188\"\/><\/figure><\/div>\n\n\n\n<p>Novamov jest jedn\u0105 z witryn, kt\u00f3re u\u017cytkownicy przechodz\u0105 do strumieniowego przesy\u0142ania film\u00f3w lub do wyszukiwania pliku. U\u017cytkownicy mog\u0105 znale\u017a\u0107 pliki wideo do transmisji strumieniowej lub ogl\u0105da\u0107 je online za darmo, np. strumie\u0144 o oprogramowaniu, muzyce, filmach dokumentalnych, grach lub dowolnych gatunkach film\u00f3w lub wideo. <\/p>\n\n\n\n<p>Witryna Novamov jest \u0142atwa w nawigacji i jest dost\u0119pna w przegl\u0105darkach internetowych urz\u0105dze\u0144 u\u017cytkownik\u00f3w, kt\u00f3re maj\u0105 po\u0142\u0105czenie z Internetem.<\/p>\n\n\n\n<p>Ponadto, Novamov posiada funkcj\u0119 dla katalogu plik\u00f3w, kt\u00f3ry jest podzielony na sze\u015b\u0107 (6) kategorii, s\u0105 to: oprogramowanie, muzyka, dokumenty, filmy, streaming wideo i gry. U\u017cytkownicy mog\u0105 tam wyszukiwa\u0107 pliki, wpisuj\u0105c s\u0142owa lub wyrazy w polu wyszukiwania i nacisn\u0105\u0107 klawisz &#8222;Enter&#8221; lub klikn\u0105\u0107 przycisk &#8222;Go&#8221;, aby wyszuka\u0107.<\/p>\n\n\n\n<p>Pliki na stronie internetowej Novamova w katalogu s\u0105 posortowane wed\u0142ug nast\u0119puj\u0105cych kryteri\u00f3w:<\/p>\n\n\n\n<ul><li>Sortuj\u0105c wed\u0142ug recenzji plik\u00f3w.<\/li><li>Sortuj pliki wed\u0142ug ich nazw alfabetycznie od A do Z lub od Z do A w odwrotnej kolejno\u015bci.<\/li><li>Sortuj wed\u0142ug wielko\u015bci plik\u00f3w. (dla du\u017cych i ma\u0142ych plik\u00f3w)<\/li><\/ul>\n\n\n<a class=\"maxbutton-2 maxbutton maxbutton-cta\" target=\"_blank\" rel=\"nofollow noopener\" href=\"\/go\/\"><span class='mb-text'>&gt;&gt; Przejd\u017a do strony Oryginalnego Linkifier<\/span><\/a>\n\n\n<p><\/p>\n\n\n\n<h2>Novamov Premium Konto<\/h2>\n\n\n\n<p>Novamov posiada dwa konta, kt\u00f3re s\u0105 kontem bezp\u0142atnym lub kontem Premium. U\u017cytkownicy, kt\u00f3rzy korzystaj\u0105 z bezp\u0142atnego konta, maj\u0105 dost\u0119p tylko do ograniczonych funkcji i us\u0142ug transmisji strumieniowej na stronie Novamov, natomiast u\u017cytkownicy, kt\u00f3rzy zarejestrowali si\u0119 na konto Premium, maj\u0105 do niego nieograniczony dost\u0119p. Poni\u017cej znajduje si\u0119 opis korzy\u015bci wynikaj\u0105cych z bycia u\u017cytkownikiem Premium.<\/p>\n\n\n\n<h3>Korzy\u015bci z Novamov Premium Konto<\/h3>\n\n\n\n<ul><li>Na stronach internetowych ich serwisu nie ma \u017cadnych reklam ani captchas.<\/li><li>Filmy s\u0105 przesy\u0142ane strumieniowo z bardzo du\u017c\u0105 pr\u0119dko\u015bci\u0105.<\/li><li>U\u017cytkownicy mog\u0105 pobiera\u0107 dowolne pliki wideo z witryny Novamov, korzystaj\u0105c z dowolnego mened\u017cera pobierania.<\/li><li>Filmy, kt\u00f3re u\u017cytkownicy mog\u0105 przesy\u0142a\u0107 strumieniowo lub ogl\u0105da\u0107, s\u0105 w wysokiej rozdzielczo\u015bci lub jako\u015bci HD.<\/li><li>U\u017cytkownicy mog\u0105 ogl\u0105da\u0107 lub przesy\u0142a\u0107 strumieniowo dowolne pliki wideo bez \u017cadnych ogranicze\u0144.<\/li><li>U\u017cytkownicy mog\u0105 mie\u0107 dost\u0119p do katalogu plik\u00f3w w Novamovie.<\/li><\/ul>\n\n\n\n<h2>Novamov Video Downloader<\/h2>\n\n\n\n<p>Je\u015bli u\u017cytkownicy chc\u0105 pobra\u0107 film z witryny Novamov, mog\u0105 skorzysta\u0107 z Novamov Video Downloader. Aby dowiedzie\u0107 si\u0119, jak pobra\u0107 film, wystarczy wykona\u0107 pi\u0119\u0107 (5) krok\u00f3w poni\u017cej.<\/p>\n\n\n\n<p>1. U\u017cytkownicy musz\u0105 najpierw pobra\u0107 i zainstalowa\u0107 &#8222;Novamov Video Downloader&#8221;. Mog\u0105 oni wyszukiwa\u0107 to oprogramowanie za pomoc\u0105 przegl\u0105darek internetowych.<\/p>\n\n\n\n<p>2. Po pobraniu i zainstalowaniu programu downloader, u\u017cytkownicy mog\u0105 teraz przej\u015b\u0107 do linku filmu, kt\u00f3ry chc\u0105 pobra\u0107.<\/p>\n\n\n\n<p>3. Otw\u00f3rz Novamov Video Downloader.<\/p>\n\n\n\n<p>4. Na ekranach u\u017cytkownik\u00f3w pojawi si\u0119 okno logowania. Aby uzyska\u0107 dost\u0119p do programu do pobrania, musz\u0105 oni poda\u0107 prawid\u0142owe has\u0142o.<\/p>\n\n\n\n<p>5. Wpisz &#8222;admin\/u\u017cytkownik&#8221; dla has\u0142a. <\/p>\n\n\n\n<p>6. Nast\u0119pnie poprosi o kod, kt\u00f3ry u\u017cytkownicy mog\u0105 uzyska\u0107 z ostatnich ci\u0105g\u00f3w linku wideo. Prosz\u0119 zapozna\u0107 si\u0119 z poni\u017csz\u0105 ilustracj\u0105 dla pr\u00f3bki. Skopiuj go.<\/p>\n\n\n\n<figure class=\"wp-block-image\"><img src=\"https:\/\/lh4.googleusercontent.com\/_KDf_hoqc-1nGkhwvfXEE_sF9487xOwiOlqP3Qr_PK9mM13V9dVNmxam6C5OZgK6tmVwILC7ln2qRWOn9XpQtLFp_nBujGZTAswLP3VRtnD2m5ayfzUaF5dzYwIzhZ0Y7xHGGKLW\" alt=\"code link of the video file\"\/><\/figure>\n\n\n\n<p>7. Skopiuj go i wklej go w polu &#8222;Wklej kod tutaj&#8221; jak na poni\u017cszym obrazku.<\/p>\n\n\n\n<p>8. Kliknij na &#8222;Get Download Link&#8221;, aby pobra\u0107 plik wideo z kodu.<\/p>\n\n\n\n<figure class=\"wp-block-image is-resized\"><img loading=\"lazy\" src=\"https:\/\/lh4.googleusercontent.com\/RvpR8C_uQY3pR0sRocdQYPzBROkiLXUfiRlfzfsgg4du7skfY_7X6EHSbH18JB7NRIjjX78yXSX_ct1qjjguyrWp_1l8xVgLHDb_mgiq8OjF2YlQMiJ5vC2kXOh6WYjiWwFg3CQY\" alt=\"Get the download link\" width=\"204\" height=\"113\"\/><\/figure>\n\n\n\n<p>9. Kliknij na link &#8222;Kliknij tutaj, aby pobra\u0107 film&#8221;. Nast\u0119pnie film zacznie si\u0119 \u015bci\u0105ga\u0107. Prosz\u0119 zobaczy\u0107 obrazek poni\u017cej.<\/p>\n\n\n\n<figure class=\"wp-block-image is-resized\"><img loading=\"lazy\" src=\"https:\/\/lh6.googleusercontent.com\/5NOwK2jSWWgV5hVqk9p3RAjblqCX5mfImzd0d4uCCmce1nXjpPT3iBAJ57n9zxIcwasRhxkdXHx2yl9_Vmiqku2wDS-iVyINibd7Bc6sHBuyiDgZIXSvpZFzPGwJ8cLQGTHjErHO\" alt=\"Download the video file\" width=\"206\" height=\"115\"\/><\/figure>\n\n\n\n<p>10. Pojawi si\u0119 okno pobierania plik\u00f3w. Kliknij na przycisk &#8222;Zapisz&#8221;, aby kontynuowa\u0107 pobieranie.<\/p>\n\n\n\n<figure class=\"wp-block-image is-resized\"><img loading=\"lazy\" src=\"https:\/\/lh4.googleusercontent.com\/0hzF1tMyFK8VYx5sKPrF2bW3lVh7IOsfsqN7R_1JtRABtDXovPIde8ZTBf7FQcyQUnP14l-vTnhB6lz1thGZ4yC6QRe2sxX5nq3dOgdw8JfPWbGWJArKaq-GoMw8sVfewWR-hfUo\" alt=\"save the video\" width=\"208\" height=\"149\"\/><\/figure>\n\n\n\n<p>11. Na koniec, poczekaj, a\u017c plik wideo zostanie ca\u0142kowicie pobrany.<\/p>\n\n\n\n<figure class=\"wp-block-image is-resized\"><img loading=\"lazy\" src=\"https:\/\/lh5.googleusercontent.com\/V0XJqir-GvdpSkBWIQZpwY6XxP8N1400lRn0ClNXS3DLMDZeynh-RUCV4Ix15JWp2h2PygWUwO-IK7iD72YKvk6j85jax5jNmwVYKm-NdGSaROL8oQU0-c11RBdBS0EIo2Yo7R_i\" alt=\"video is downloading\" width=\"203\" height=\"135\"\/><\/figure>\n\n\n\n<p>Dzi\u0119ki oprogramowaniu do pobierania film\u00f3w Novamov, u\u017cytkownicy mog\u0105 teraz w dowolnym momencie pobra\u0107 dowolne pliki wideo.<\/p>\n\n\n<a class=\"maxbutton-2 maxbutton maxbutton-cta\" target=\"_blank\" rel=\"nofollow noopener\" href=\"\/go\/\"><span class='mb-text'>&gt;&gt; Przejd\u017a do strony Oryginalnego Linkifier<\/span><\/a>\n\n\n<h2>Novamov: Prze\u015blij wideo<\/h2>\n\n\n\n<p>Je\u015bli u\u017cytkownicy chc\u0105 przes\u0142a\u0107 plik, taki jak wideo, obraz, d\u017awi\u0119k i flash, mog\u0105 je przes\u0142a\u0107 za darmo na stronie Novamov. <\/p>\n\n\n\n<p>Aby przes\u0142a\u0107 dane, wystarczy wykona\u0107 sze\u015b\u0107 (6) prostych krok\u00f3w poni\u017cej:<\/p>\n\n\n\n<ol><li>U\u017cytkownicy musz\u0105 si\u0119 najpierw zalogowa\u0107 na stronie Novamov, aby m\u00f3c przes\u0142a\u0107 swoje pliki. Je\u015bli nie maj\u0105 jeszcze konta, musz\u0105 si\u0119 zarejestrowa\u0107.<\/li><li>Przejd\u017a do strony wgrywania plik\u00f3w i wype\u0142nij tam formularz (patrz obrazek poni\u017cej)<\/li><li>U\u017cytkownik powinien wybra\u0107 sw\u00f3j plik, klikaj\u0105c na przycisk &#8222;Wybierz plik&#8221;. Pojawi si\u0119 katalog ich urz\u0105dzenia, w kt\u00f3rym b\u0119d\u0105 mogli zlokalizowa\u0107 plik. Nast\u0119pnie nale\u017cy klikn\u0105\u0107 przycisk &#8222;OK&#8221;.<\/li><li>Ustawi\u0107 nazw\u0119 i podpis dla pliku, wype\u0142niaj\u0105c pola tytu\u0142 i opis.<\/li><li>Wybierz kategori\u0119 pliku (oprogramowanie, muzyka, filmy strumieniowe, filmy dokumentalne i gry).<\/li><li>Klikn\u0105\u0107 na przycisk &#8222;Prze\u015blij&#8221;, aby rozpocz\u0105\u0107 proces przesy\u0142ania. Musz\u0105 oni poczeka\u0107, a\u017c ich plik zostanie wgrany.<\/li><\/ol>\n\n\n\n<p>Po wgraniu pliku zostanie on zapisany w bazie danych i na serwerze Novamova i wy\u015bwietlony na stronie.<\/p>\n\n\n\n<div class=\"wp-block-image\"><figure class=\"alignleft is-resized\"><img loading=\"lazy\" src=\"https:\/\/lh5.googleusercontent.com\/H9yYqkTQDUyuUqt6FnEiav9q6Ifz17QqOi1bX5ghL1Puur1MqNmv21ta68b3ZZkxaoQt3Dri9mVH5ujnVPX7DOtluJ3wJ7UcKJZg_ubufnzHzkLKNv6cbRrjLKWCEPqhlz4UTdjp\" alt=\"Novanov Upload\" width=\"185\" height=\"106\"\/><\/figure><\/div>\n\n\n\n<p>Pami\u0119tajcie: U\u017cytkownikom Novamova zabrania si\u0119 umieszczania jakichkolwiek plik\u00f3w, kt\u00f3re s\u0105 chronione prawami autorskimi lub maj\u0105 zwi\u0105zek z pornografi\u0105, przemoc\u0105, sprawami seksualnymi i obra\u017aliwymi. Nie wolno im r\u00f3wnie\u017c korzysta\u0107 z metody hotlink\u00f3w przy przesy\u0142aniu plik\u00f3w. Aby dowiedzie\u0107 si\u0119 wi\u0119cej na ten temat, mog\u0105 zapozna\u0107 si\u0119 z Warunkami korzystania z us\u0142ugi (W\u015aU) firmy Novamov.<\/p>\n\n\n\n<h2>Novamov: Podziel si\u0119 filmem<\/h2>\n\n\n\n<p>Je\u015bli u\u017cytkownicy chc\u0105 udost\u0119pni\u0107 film wideo z witryny Novamov, mog\u0105 klikn\u0105\u0107 przycisk &#8222;Udost\u0119pnij na Facebooku&#8221; lub sam\u0105 ikon\u0119 udost\u0119pnienia, aby udost\u0119pni\u0107 go dowolnym portalom spo\u0142eczno\u015bciowym, e-mailem, blogom, vlogom lub stronom forum.<\/p>\n\n\n\n<h2>Novamov: Zarabiaj pieni\u0105dze<\/h2>\n\n\n\n<p>Novamov daje swoim u\u017cytkownikom spos\u00f3b na zarabianie pieni\u0119dzy. U\u017cytkownicy mog\u0105 otrzyma\u0107 do dwudziestu pi\u0119ciu procent (25%) za ka\u017cdy tysi\u0105c pobranych plik\u00f3w i do trzydziestu procent (30%) za swoje zarobki za polecenie.<\/p>\n\n\n\n<h2>Novamov: Dost\u0119p do strony<\/h2>\n\n\n\n<p>Je\u015bli u\u017cytkownicy pr\u00f3buj\u0105 odwiedzi\u0107 stron\u0119 Novamov teraz i nie mog\u0105 uzyska\u0107 do niej dost\u0119pu, to dlatego, \u017ce Novamov jest nieaktywny lub na ich stronie wykryto zawarto\u015b\u0107 chronion\u0105 prawem autorskim lub ich domena zosta\u0142a zawieszona przez EuroDNS. Prosimy o zapoznanie si\u0119 z poni\u017cszym obrazem.<\/p>\n\n\n\n<p>Je\u015bli u\u017cytkownicy s\u0105 kierowani na stron\u0119 EuroDNS z komunikatem &#8222;Ta nazwa domeny zosta\u0142a zawieszona&#8221;, jest to spowodowane nast\u0119puj\u0105cymi okoliczno\u015bciami:<\/p>\n\n\n\n<ol><li>W\u0142a\u015bciciel strony dokona\u0142 pewnych zmian w swoich danych kontaktowych, takich jak adres e-mail, ale nie zatwierdzi\u0142 ich.<\/li><li>Nie ma p\u0142atno\u015bci otrzymanych za hosting strony internetowej.<\/li><li>Je\u015bli witryna na wsp\u00f3lnym hostingiem, ale jego wydajno\u015b\u0107 jest powolny lub bardzo niska.<\/li><li>Je\u015bli witryna narusza jakiekolwiek prawa autorskie lub polityki.<\/li><\/ol>\n\n\n<a class=\"maxbutton-2 maxbutton maxbutton-cta\" target=\"_blank\" rel=\"nofollow noopener\" href=\"\/go\/\"><span class='mb-text'>&gt;&gt; Przejd\u017a do strony Oryginalnego Linkifier<\/span><\/a>","protected":false},"excerpt":{"rendered":"<p>Novamov jest jedn\u0105 z witryn, kt\u00f3re u\u017cytkownicy przechodz\u0105 do strumieniowego przesy\u0142ania film\u00f3w lub do wyszukiwania pliku. U\u017cytkownicy mog\u0105 znale\u017a\u0107 pliki<\/p>\n","protected":false},"author":2,"featured_media":0,"parent":0,"menu_order":0,"comment_status":"closed","ping_status":"closed","template":"","meta":[],"yoast_head":"<!-- This site is optimized with the Yoast SEO plugin v18.3 - https:\/\/yoast.com\/wordpress\/plugins\/seo\/ -->\n<title>Novamov Premium Konto \u2013 Filehoster W Skr\u00f3cie<\/title>\n<meta name=\"description\" content=\"Czy Novamov jest renomowanym dostawc\u0105 czy nie, odpowied\u017a znajdziesz w aktualnym te\u015bcie na Multihoster.org \u279c Kliknij teraz \u271a aby przeczyta\u0107 nasze do\u015bwiadczenia!\" \/>\n<meta name=\"robots\" content=\"index, follow, max-snippet:-1, max-image-preview:large, max-video-preview:-1\" \/>\n<link rel=\"canonical\" href=\"https:\/\/multihoster.org\/pl\/novamov\/\" \/>\n<meta property=\"og:locale\" content=\"pl_PL\" \/>\n<meta property=\"og:type\" content=\"article\" \/>\n<meta property=\"og:title\" content=\"Novamov Premium Konto \u2013 Filehoster W Skr\u00f3cie\" \/>\n<meta property=\"og:description\" content=\"Czy Novamov jest renomowanym dostawc\u0105 czy nie, odpowied\u017a znajdziesz w aktualnym te\u015bcie na Multihoster.org \u279c Kliknij teraz \u271a aby przeczyta\u0107 nasze do\u015bwiadczenia!\" \/>\n<meta property=\"og:url\" content=\"https:\/\/multihoster.org\/pl\/novamov\/\" \/>\n<meta property=\"og:site_name\" content=\"Multihoster.org\" \/>\n<meta property=\"article:modified_time\" content=\"2020-04-22T15:18:43+00:00\" \/>\n<meta property=\"og:image\" content=\"https:\/\/lh5.googleusercontent.com\/GEGPeWo_cWM4l1VHOyZGKI8iqjxPtmhqBonZwk9iL61NE2uaxrHmbfIXV7K51gYNic8K3vLA-auV1P1LvBH8gTHRgP6iYFCXEbf2phO325P-wCCXA7FH9fWrFrXH08HyES-oYE0g\" \/>\n<meta name=\"twitter:card\" content=\"summary\" \/>\n<meta name=\"twitter:label1\" content=\"Szacowany czas czytania\" \/>\n\t<meta name=\"twitter:data1\" content=\"5 minut\" \/>\n<script type=\"application\/ld+json\" class=\"yoast-schema-graph\">{\"@context\":\"https:\/\/schema.org\",\"@graph\":[{\"@type\":\"WebSite\",\"@id\":\"https:\/\/multihoster.org\/#website\",\"url\":\"https:\/\/multihoster.org\/\",\"name\":\"Multihoster.org\",\"description\":\"Reviews of the major Filehosting services\",\"potentialAction\":[{\"@type\":\"SearchAction\",\"target\":{\"@type\":\"EntryPoint\",\"urlTemplate\":\"https:\/\/multihoster.org\/?s={search_term_string}\"},\"query-input\":\"required name=search_term_string\"}],\"inLanguage\":\"pl-PL\"},{\"@type\":\"ImageObject\",\"@id\":\"https:\/\/multihoster.org\/pl\/novamov\/#primaryimage\",\"inLanguage\":\"pl-PL\",\"url\":\"https:\/\/lh5.googleusercontent.com\/GEGPeWo_cWM4l1VHOyZGKI8iqjxPtmhqBonZwk9iL61NE2uaxrHmbfIXV7K51gYNic8K3vLA-auV1P1LvBH8gTHRgP6iYFCXEbf2phO325P-wCCXA7FH9fWrFrXH08HyES-oYE0g\",\"contentUrl\":\"https:\/\/lh5.googleusercontent.com\/GEGPeWo_cWM4l1VHOyZGKI8iqjxPtmhqBonZwk9iL61NE2uaxrHmbfIXV7K51gYNic8K3vLA-auV1P1LvBH8gTHRgP6iYFCXEbf2phO325P-wCCXA7FH9fWrFrXH08HyES-oYE0g\"},{\"@type\":\"WebPage\",\"@id\":\"https:\/\/multihoster.org\/pl\/novamov\/#webpage\",\"url\":\"https:\/\/multihoster.org\/pl\/novamov\/\",\"name\":\"Novamov Premium Konto \u2013 Filehoster W Skr\u00f3cie\",\"isPartOf\":{\"@id\":\"https:\/\/multihoster.org\/#website\"},\"primaryImageOfPage\":{\"@id\":\"https:\/\/multihoster.org\/pl\/novamov\/#primaryimage\"},\"datePublished\":\"2020-04-17T12:53:08+00:00\",\"dateModified\":\"2020-04-22T15:18:43+00:00\",\"description\":\"Czy Novamov jest renomowanym dostawc\u0105 czy nie, odpowied\u017a znajdziesz w aktualnym te\u015bcie na Multihoster.org \u279c Kliknij teraz \u271a aby przeczyta\u0107 nasze do\u015bwiadczenia!\",\"breadcrumb\":{\"@id\":\"https:\/\/multihoster.org\/pl\/novamov\/#breadcrumb\"},\"inLanguage\":\"pl-PL\",\"potentialAction\":[{\"@type\":\"ReadAction\",\"target\":[\"https:\/\/multihoster.org\/pl\/novamov\/\"]}]},{\"@type\":\"BreadcrumbList\",\"@id\":\"https:\/\/multihoster.org\/pl\/novamov\/#breadcrumb\",\"itemListElement\":[{\"@type\":\"ListItem\",\"position\":1,\"name\":\"Startseite\",\"item\":\"https:\/\/multihoster.org\/pl\/\"},{\"@type\":\"ListItem\",\"position\":2,\"name\":\"Novamov Premium Konto: Filehoster W Skr\u00f3cie\"}]}]}<\/script>\n<!-- \/ Yoast SEO plugin. -->","yoast_head_json":{"title":"Novamov Premium Konto \u2013 Filehoster W Skr\u00f3cie","description":"Czy Novamov jest renomowanym dostawc\u0105 czy nie, odpowied\u017a znajdziesz w aktualnym te\u015bcie na Multihoster.org \u279c Kliknij teraz \u271a aby przeczyta\u0107 nasze do\u015bwiadczenia!","robots":{"index":"index","follow":"follow","max-snippet":"max-snippet:-1","max-image-preview":"max-image-preview:large","max-video-preview":"max-video-preview:-1"},"canonical":"https:\/\/multihoster.org\/pl\/novamov\/","og_locale":"pl_PL","og_type":"article","og_title":"Novamov Premium Konto \u2013 Filehoster W Skr\u00f3cie","og_description":"Czy Novamov jest renomowanym dostawc\u0105 czy nie, odpowied\u017a znajdziesz w aktualnym te\u015bcie na Multihoster.org \u279c Kliknij teraz \u271a aby przeczyta\u0107 nasze do\u015bwiadczenia!","og_url":"https:\/\/multihoster.org\/pl\/novamov\/","og_site_name":"Multihoster.org","article_modified_time":"2020-04-22T15:18:43+00:00","og_image":[{"url":"https:\/\/lh5.googleusercontent.com\/GEGPeWo_cWM4l1VHOyZGKI8iqjxPtmhqBonZwk9iL61NE2uaxrHmbfIXV7K51gYNic8K3vLA-auV1P1LvBH8gTHRgP6iYFCXEbf2phO325P-wCCXA7FH9fWrFrXH08HyES-oYE0g"}],"twitter_card":"summary","twitter_misc":{"Szacowany czas czytania":"5 minut"},"schema":{"@context":"https:\/\/schema.org","@graph":[{"@type":"WebSite","@id":"https:\/\/multihoster.org\/#website","url":"https:\/\/multihoster.org\/","name":"Multihoster.org","description":"Reviews of the major Filehosting services","potentialAction":[{"@type":"SearchAction","target":{"@type":"EntryPoint","urlTemplate":"https:\/\/multihoster.org\/?s={search_term_string}"},"query-input":"required name=search_term_string"}],"inLanguage":"pl-PL"},{"@type":"ImageObject","@id":"https:\/\/multihoster.org\/pl\/novamov\/#primaryimage","inLanguage":"pl-PL","url":"https:\/\/lh5.googleusercontent.com\/GEGPeWo_cWM4l1VHOyZGKI8iqjxPtmhqBonZwk9iL61NE2uaxrHmbfIXV7K51gYNic8K3vLA-auV1P1LvBH8gTHRgP6iYFCXEbf2phO325P-wCCXA7FH9fWrFrXH08HyES-oYE0g","contentUrl":"https:\/\/lh5.googleusercontent.com\/GEGPeWo_cWM4l1VHOyZGKI8iqjxPtmhqBonZwk9iL61NE2uaxrHmbfIXV7K51gYNic8K3vLA-auV1P1LvBH8gTHRgP6iYFCXEbf2phO325P-wCCXA7FH9fWrFrXH08HyES-oYE0g"},{"@type":"WebPage","@id":"https:\/\/multihoster.org\/pl\/novamov\/#webpage","url":"https:\/\/multihoster.org\/pl\/novamov\/","name":"Novamov Premium Konto \u2013 Filehoster W Skr\u00f3cie","isPartOf":{"@id":"https:\/\/multihoster.org\/#website"},"primaryImageOfPage":{"@id":"https:\/\/multihoster.org\/pl\/novamov\/#primaryimage"},"datePublished":"2020-04-17T12:53:08+00:00","dateModified":"2020-04-22T15:18:43+00:00","description":"Czy Novamov jest renomowanym dostawc\u0105 czy nie, odpowied\u017a znajdziesz w aktualnym te\u015bcie na Multihoster.org \u279c Kliknij teraz \u271a aby przeczyta\u0107 nasze do\u015bwiadczenia!","breadcrumb":{"@id":"https:\/\/multihoster.org\/pl\/novamov\/#breadcrumb"},"inLanguage":"pl-PL","potentialAction":[{"@type":"ReadAction","target":["https:\/\/multihoster.org\/pl\/novamov\/"]}]},{"@type":"BreadcrumbList","@id":"https:\/\/multihoster.org\/pl\/novamov\/#breadcrumb","itemListElement":[{"@type":"ListItem","position":1,"name":"Startseite","item":"https:\/\/multihoster.org\/pl\/"},{"@type":"ListItem","position":2,"name":"Novamov Premium Konto: Filehoster W Skr\u00f3cie"}]}]}},"_links":{"self":[{"href":"https:\/\/multihoster.org\/pl\/wp-json\/wp\/v2\/pages\/3937"}],"collection":[{"href":"https:\/\/multihoster.org\/pl\/wp-json\/wp\/v2\/pages"}],"about":[{"href":"https:\/\/multihoster.org\/pl\/wp-json\/wp\/v2\/types\/page"}],"author":[{"embeddable":true,"href":"https:\/\/multihoster.org\/pl\/wp-json\/wp\/v2\/users\/2"}],"replies":[{"embeddable":true,"href":"https:\/\/multihoster.org\/pl\/wp-json\/wp\/v2\/comments?post=3937"}],"version-history":[{"count":3,"href":"https:\/\/multihoster.org\/pl\/wp-json\/wp\/v2\/pages\/3937\/revisions"}],"predecessor-version":[{"id":4322,"href":"https:\/\/multihoster.org\/pl\/wp-json\/wp\/v2\/pages\/3937\/revisions\/4322"}],"wp:attachment":[{"href":"https:\/\/multihoster.org\/pl\/wp-json\/wp\/v2\/media?parent=3937"}],"curies":[{"name":"wp","href":"https:\/\/api.w.org\/{rel}","templated":true}]}}