{"id":394,"date":"2018-05-22T17:08:22","date_gmt":"2018-05-22T17:08:22","guid":{"rendered":"https:\/\/multihoster.org\/?page_id=394"},"modified":"2019-03-18T22:10:17","modified_gmt":"2019-03-18T22:10:17","slug":"filefactory","status":"publish","type":"page","link":"https:\/\/multihoster.org\/pl\/filefactory\/","title":{"rendered":"Filefactory Premium Account &#8211; Filehoster w skr\u00f3cie"},"content":{"rendered":"<p style=\"text-align: center;\"><span lang=\"de\"><img loading=\"lazy\" class=\"alignleft wp-image-240 size-medium\" src=\"https:\/\/multihoster.org\/wp-content\/uploads\/2018\/05\/filefactory_logo-300x86.jpg\" alt=\"logo\" width=\"300\" height=\"86\" srcset=\"https:\/\/multihoster.org\/wp-content\/uploads\/2018\/05\/filefactory_logo-300x86.jpg 300w, https:\/\/multihoster.org\/wp-content\/uploads\/2018\/05\/filefactory_logo.jpg 365w\" sizes=\"(max-width: 300px) 100vw, 300px\" \/><\/span><\/p>\n<p>Na stronie internetowej Filefactory u\u017cytkownicy mog\u0105 zar\u00f3wno przesy\u0142a\u0107 pliki, jak i pobiera\u0107 dane od innych u\u017cytkownik\u00f3w. Opr\u00f3cz wersji premium, kt\u00f3ra oferuje nieograniczon\u0105 pr\u0119dko\u015b\u0107 pobierania, Filefactory oferuje r\u00f3wnie\u017c ograniczony zakres us\u0142ug bezp\u0142atnie i jest jednym z wiod\u0105cych hoster\u00f3w plik\u00f3w od 2005 roku.<\/p>\n\n<p><a class=\"fasc-button fasc-size-xlarge fasc-type-glossy fasc-rounded-medium ico-fa fasc-ico-after fa-share\" style=\"background-color: #3f5f69; color: #ffffff;\" target=\"_blank\" rel=\"nofollow noopener noreferrer\" href=\"https:\/\/multihoster.org\/filefactory\/goto\/\">Przejd\u017a do FileFactory.com<\/a><\/p>\n<h2 class=\"normal\"><span lang=\"de\">Pozytywne cechy dostawcy<br \/>\n<\/span><\/h2>\n<ul>\n<li>Bezp\u0142atne korzystanie i konto Premium<\/li>\n<li>Udost\u0119pnianie danych za po\u015brednictwem konta w mediach spo\u0142eczno\u015bciowych<\/li>\n<li>Do 5 GB na ka\u017cdy wgrany plik<\/li>\n<li>Maksymalna pr\u0119dko\u015b\u0107 na koncie Premium<\/li>\n<li>Dost\u0119pny niedrogi roczny abonament<\/li>\n<\/ul>\n<h2><span lang=\"de\">Kompletna oferta Fabryka na pierwszy rzut oka<br \/>\n<\/span><\/h2>\n<p class=\"normal\"><span lang=\"de\">Je\u015bli chcesz spr\u00f3bowa\u0107 najpierw us\u0142ugi Filefactory, mo\u017cesz za\u0142o\u017cy\u0107 bezp\u0142atne konto lub po\u0142\u0105czy\u0107 si\u0119 przez Facebook, Twitter i Google. Zar\u00f3wno pr\u0119dko\u015b\u0107 pobierania, jak i liczba dost\u0119pnych pobra\u0144 w ci\u0105gu godziny lub dnia mo\u017ce by\u0107 ograniczona.<br \/>\n<\/span><\/p>\n<p>Je\u015bli chcesz pobiera\u0107 lub przesy\u0142a\u0107 pliki z Filefactory z nieograniczon\u0105 szybko\u015bci\u0105 przez ca\u0142y dzie\u0144, mo\u017cesz skorzysta\u0107 z niedrogiej us\u0142ugi Premium. Dost\u0119pne s\u0105 cztery taryfy, z kt\u00f3rych ka\u017cda obowi\u0105zuje przez 30 dni, 90 dni i 180 dni lub 365 dni. Opr\u00f3cz nieograniczonej szybko\u015bci i nieograniczonej ilo\u015bci danych, us\u0142uga Premium oferuje r\u00f3wnie\u017c dodatkowe korzy\u015bci.<\/p>\n<h2><span lang=\"de\">Oferty bonusowe<br \/>\n<\/span><\/h2>\n<p class=\"normal\"><span lang=\"de\">&nbsp;Ciekaw\u0105 ofert\u0105 bonusow\u0105 jest bonus, kt\u00f3ry otrzymujesz za rekomendowanie Fabryki Plik\u00f3w. Je\u015bli podoba Ci si\u0119 us\u0142uga premium dostawcy, mo\u017cesz j\u0105 \u0142atwo poleci\u0107 cz\u0142onkom rodziny oraz przyjacio\u0142om i znajomym, co daje atrakcyjn\u0105 prowizj\u0119.<\/span><\/p>\n<h2><span lang=\"de\">Koszty i opcje p\u0142atno\u015bci<br \/>\n<\/span><\/h2>\n<p><img loading=\"lazy\" class=\"aligncenter wp-image-243 size-full\" src=\"https:\/\/multihoster.org\/wp-content\/uploads\/2018\/05\/prices.jpg\" alt=\"ceny\" width=\"1442\" height=\"738\" srcset=\"https:\/\/multihoster.org\/wp-content\/uploads\/2018\/05\/prices.jpg 1442w, https:\/\/multihoster.org\/wp-content\/uploads\/2018\/05\/prices-300x154.jpg 300w, https:\/\/multihoster.org\/wp-content\/uploads\/2018\/05\/prices-768x393.jpg 768w, https:\/\/multihoster.org\/wp-content\/uploads\/2018\/05\/prices-1024x524.jpg 1024w\" sizes=\"(max-width: 1442px) 100vw, 1442px\" \/><\/p>\n<p class=\"normal\"><span lang=\"de\">Subskrypcja 30-dniowa jest dost\u0119pna za $13, je\u015bli wybierzesz wersj\u0119 90-dniow\u0105, koszt miesi\u0119czny wynosi $12. Z abonamentami 180-dniowymi otrzymujesz cen\u0119 10 euro oszcz\u0119dno\u015bci, a z abonamentem rocznym cena spada do zaledwie 8 euro miesi\u0119cznie. Opr\u00f3cz prenumeraty, istnieje r\u00f3wnie\u017c mo\u017cliwo\u015b\u0107 zakupu jednorazowego pakietu danych w celu zwi\u0119kszenia wolumenu dost\u0119pnych danych o ruchu, kt\u00f3re mog\u0105 mie\u0107 wielko\u015b\u0107 2, 5, 10 lub 20 terabajt\u00f3w.<\/span><\/p>\n\n<table id=\"tablepress-23\" class=\"tablepress tablepress-id-23\">\n<thead>\n<tr class=\"row-1 odd\">\n\t<th class=\"column-1\">$13<\/th><th class=\"column-2\">$35<\/th><th class=\"column-3\">$59<\/th><th class=\"column-4\">$94<\/th>\n<\/tr>\n<\/thead>\n<tbody class=\"row-hover\">\n<tr class=\"row-2 even\">\n\t<td class=\"column-1\">30 dni<\/td><td class=\"column-2\">390 dni<\/td><td class=\"column-3\">180 dni<\/td><td class=\"column-4\">365 dni<\/td>\n<\/tr>\n<tr class=\"row-3 odd\">\n\t<td class=\"column-1\">Nieograniczony<\/td><td class=\"column-2\">Nieograniczony<\/td><td class=\"column-3\">Nieograniczony<\/td><td class=\"column-4\">Nieograniczony<\/td>\n<\/tr>\n<tr class=\"row-4 even\">\n\t<td class=\"column-1\">Nieograniczone mo\u017cliwo\u015bci pobierania danych<\/td><td class=\"column-2\">Nieograniczone mo\u017cliwo\u015bci pobierania danych<\/td><td class=\"column-3\">Nieograniczone mo\u017cliwo\u015bci pobierania danych<\/td><td class=\"column-4\">Nieograniczone mo\u017cliwo\u015bci pobierania danych<\/td>\n<\/tr>\n<tr class=\"row-5 odd\">\n\t<td class=\"column-1\">Brak wyskakuj\u0105cych okienek<\/td><td class=\"column-2\">Brak wyskakuj\u0105cych okienek<\/td><td class=\"column-3\">Brak wyskakuj\u0105cych okienek<\/td><td class=\"column-4\">Brak wyskakuj\u0105cych okienek<\/td>\n<\/tr>\n<tr class=\"row-6 even\">\n\t<td class=\"column-1\">13 dolar\u00f3w miesi\u0119cznie<\/td><td class=\"column-2\">12 dolar\u00f3w miesi\u0119cznie<\/td><td class=\"column-3\">10 dolar\u00f3w miesi\u0119cznie<\/td><td class=\"column-4\">8 dolar\u00f3w miesi\u0119cznie<\/td>\n<\/tr>\n<\/tbody>\n<\/table>\n<!-- #tablepress-23 from cache -->\n<p class=\"normal\"><span lang=\"de\">Je\u015bli chodzi o opcje p\u0142atno\u015bci, do zakupu produktu w Fabryce Plik\u00f3w potrzebna jest wa\u017cna karta kredytowa. Mo\u017ce to by\u0107 karta VISA, Mastercard lub American Express Card, kt\u00f3ra zostanie zdeponowana na Twoim koncie i wykorzystana przez dostawc\u0119 do dalszych p\u0142atno\u015bci. P\u0142atno\u015b\u0107 kart\u0105 kredytow\u0105 gwarantuje, \u017ce proces p\u0142atno\u015bci w Filefactory jest bezpieczny, szybki i nieskomplikowany.<br \/>\n<\/span><\/p>\n<p class=\"normal\"><span lang=\"de\">Je\u015bli nie jest mo\u017cliwa zap\u0142ata \u017c\u0105dan\u0105 metod\u0105 p\u0142atno\u015bci taryfy w Fabryce Plik\u00f3w, mo\u017cna si\u0119 cofn\u0105\u0107 na mo\u017cliwo\u015b\u0107, \u017ce produkt z <a href=\"https:\/\/filesharingshop.com\/filefactory-premium-key-reseller.html\" target=\"_blank\" rel=\"noopener noreferrer\">Odsprzedawca Fabryka Plik\u00f3w<\/a>&nbsp; do sprzeda\u017cy.<br \/>\n<\/span><\/p>\n<p><a class=\"fasc-button fasc-size-xlarge fasc-type-glossy fasc-rounded-medium ico-fa fasc-ico-after fa-share\" style=\"background-color: #3f5f69; color: #ffffff;\" target=\"_blank\" rel=\"nofollow noopener noreferrer\" href=\"https:\/\/multihoster.org\/filefactory\/goto\/\">Przejd\u017a do FileFactory.com<\/a><\/p>\n<h2><span lang=\"de\">Powiadomienie o ochronie prywatno\u015bci i ochrona danych<br \/>\n<\/span><\/h2>\n<p class=\"normal\"><span lang=\"de\">Szukaj\u0105c odpowiedniego hosta plik\u00f3w, u\u017cytkownicy naturalnie szukaj\u0105 najwy\u017cszego poziomu bezpiecze\u0144stwa.Dlatego wiele zainteresowanych stron zadaje sobie pytanie &#8211; czy pobieranie i przesy\u0142anie danych w Filefactory jest bezpieczne? Przyjrzeli\u015bmy si\u0119 bli\u017cej dostawcy i doszli\u015bmy do wniosku, \u017ce Twoje dane s\u0105 bezpieczne i b\u0119d\u0105 traktowane poufnie w Filefactory.<\/span><\/p>\n<p class=\"normal\"><span lang=\"de\">Fabryka gwarantuje rzetelne obchodzenie si\u0119 z danymi osobowymi. S\u0142u\u017c\u0105 one do informowania klient\u00f3w o firmie, ofercie i dzia\u0142aniach partner\u00f3w. Filefactory wykorzystuje Pa\u0144stwa dane finansowe wy\u0142\u0105cznie do cel\u00f3w weryfikacyjnych przy zakupie produkt\u00f3w i us\u0142ug oraz do cel\u00f3w rozliczeniowych. Dane demograficzne s\u0105 gromadzone w celu dostosowania witryny i u\u017cyteczno\u015bci dla u\u017cytkownika.<\/span><\/p>\n<p>Zasadniczo dane osobowe s\u0105 przekazywane osobom trzecim tylko wtedy, gdy nale\u017c\u0105 do partner\u00f3w Fabryki i s\u0105 zgodne z tymi samymi wytycznymi dotycz\u0105cymi ochrony danych. Twoje dane s\u0105 wi\u0119c w bezpiecznych r\u0119kach nie tylko Filefactory, ale r\u00f3wnie\u017c partner\u00f3w biznesowych firmy.<\/p>\n<p class=\"normal\"><span lang=\"de\">Je\u015bli chcesz ca\u0142kowicie zablokowa\u0107 transfer swoich danych, mo\u017cesz zwr\u00f3ci\u0107 si\u0119 z indywidualn\u0105 pro\u015bb\u0105 do dostawcy, ale mo\u017ce to skutkowa\u0107 mniejszym wyborem funkcji.<br \/>\n<\/span><\/p>\n<h2><span lang=\"de\">Obs\u0142uga posprzeda\u017cna<\/span><\/h2>\n<p class=\"normal\"><span lang=\"de\">Aby skontaktowa\u0107 si\u0119 z dzia\u0142em obs\u0142ugi klienta Filefactory, mo\u017cna uzyska\u0107 dost\u0119p do forum pomocy technicznej w obszarze u\u017cytkownika lub napisa\u0107 wiadomo\u015b\u0107 e-mail w celu uzyskania pomocy.<br \/>\n<\/span><\/p>\n<h2><span lang=\"de\">przyjazno\u015b\u0107 dla u\u017cytkownika<br \/>\n<\/span><\/h2>\n<p><img loading=\"lazy\" class=\"aligncenter wp-image-242 size-full\" src=\"https:\/\/multihoster.org\/wp-content\/uploads\/2018\/05\/filefactory-options.jpg\" alt=\"walory\" width=\"1519\" height=\"678\" srcset=\"https:\/\/multihoster.org\/wp-content\/uploads\/2018\/05\/filefactory-options.jpg 1519w, https:\/\/multihoster.org\/wp-content\/uploads\/2018\/05\/filefactory-options-300x134.jpg 300w, https:\/\/multihoster.org\/wp-content\/uploads\/2018\/05\/filefactory-options-768x343.jpg 768w, https:\/\/multihoster.org\/wp-content\/uploads\/2018\/05\/filefactory-options-1024x457.jpg 1024w\" sizes=\"(max-width: 1519px) 100vw, 1519px\" \/><\/p>\n<p>Witryna jest bardzo przejrzysta, a wszystkie niezb\u0119dne informacje s\u0105 ju\u017c widoczne na stronie startowej. W g\u00f3rnej cz\u0119\u015bci strony g\u0142\u00f3wnej mo\u017cna utworzy\u0107 bezp\u0142atne konto i zarejestrowa\u0107 si\u0119 za po\u015brednictwem medi\u00f3w spo\u0142eczno\u015bciowych, tak aby proces rejestracji trwa\u0142 tylko kilka sekund.<\/p>\n<p>Mo\u017cesz aktywowa\u0107 skrzynk\u0119 plik\u00f3w, zrealizowa\u0107 voucher lub po\u0142\u0105czy\u0107 konto z jednym z kont w serwisach spo\u0142eczno\u015bciowych.<\/p>\n<p>Ponadto dost\u0119pna jest opcja Traffic Share, a ewentualne powiadomienia s\u0105 r\u00f3wnie\u017c wy\u015bwietlane w podsumowaniu rachunku.<\/p>\n<p>Uaktywnienie Filebox umo\u017cliwia innym u\u017cytkownikom przesy\u0142anie plik\u00f3w na konto. Je\u015bli chcesz, mo\u017cesz zdecydowa\u0107, czy ka\u017cdy u\u017cytkownik mo\u017ce przesy\u0142a\u0107 pliki, czy tylko u\u017cytkownicy, kt\u00f3rzy maj\u0105 wymagane has\u0142o, zaznaczaj\u0105c to pole wyboru.<\/p>\n<p>Opcja udost\u0119pniania danych o ruchu drogowym umo\u017cliwia udost\u0119pnianie danych do pobrania przez innych u\u017cytkownik\u00f3w, a tak\u017ce konfigurowanie ochrony has\u0142em w taki spos\u00f3b, aby dost\u0119p do plik\u00f3w mieli tylko niekt\u00f3rzy u\u017cytkownicy.<\/p>\n<p>Je\u015bli pliki maj\u0105 by\u0107 przesy\u0142ane samodzielnie, mo\u017cna to zrobi\u0107 na trzy r\u00f3\u017cne sposoby: mo\u017cna to zrobi\u0107 lokalnie z komputera. Maksymalny rozmiar pliku i spos\u00f3b przesy\u0142ania to 5 GB, co u\u0142atwia jednoczesne przesy\u0142anie du\u017cych plik\u00f3w.<\/p>\n<p>Dla wszystkich, kt\u00f3rzy szukaj\u0105 okre\u015blonych danych w Filefactory, zalecana jest funkcja wyszukiwania. Tutaj mo\u017cesz okre\u015bli\u0107, czego szukasz i uzyska\u0107 dost\u0119p do du\u017cej liczby pakiet\u00f3w danych, pod warunkiem, \u017ce inni u\u017cytkownicy maj\u0105 \u017c\u0105dane pliki i udost\u0119pniaj\u0105 je za Ciebie. Funkcja wyszukiwania umo\u017cliwia przeszukiwanie wszystkich plik\u00f3w lub wyszukiwanie tylko okre\u015blonych plik\u00f3w w sze\u015bciu kategoriach &#8211; plik\u00f3w audio, wideo, obraz\u00f3w, program\u00f3w, dokument\u00f3w i archiw\u00f3w.<\/p>\n<h2><span lang=\"de\">Zalety konta Premium w Fabryce Plik\u00f3w<br \/>\n<\/span><\/h2>\n<p class=\"normal\"><span lang=\"de\">Konto Premium w Fabryce Plik\u00f3w oferuje wiele funkcji, kt\u00f3re nie s\u0105 lub s\u0105 dost\u0119pne tylko w ograniczonym zakresie z bezp\u0142atnym kontem. Podczas gdy pr\u0119dko\u015b\u0107 pobierania jest ograniczona dla anonimowych u\u017cytkownik\u00f3w i zwyk\u0142ych cz\u0142onk\u00f3w, jako cz\u0142onek premium masz nieograniczon\u0105 pr\u0119dko\u015b\u0107 pobierania. Ponadto, w odr\u00f3\u017cnieniu od darmowego cz\u0142onkostwa na koncie Premium, mo\u017cesz pobiera\u0107 niesko\u0144czon\u0105 ilo\u015b\u0107 plik\u00f3w jednocze\u015bnie.<br \/>\n<\/span><\/p>\n<p class=\"normal\"><span lang=\"de\">Podczas gdy pliki s\u0105 przechowywane tylko przez 90 dni na bezp\u0142atnym koncie, cz\u0142onkowie premium mog\u0105 mie\u0107 swoje pliki przechowywane przez nieograniczony czas. Ponadto istnieje ograniczenie godzinowe, jak r\u00f3wnie\u017c ewentualne okresy oczekiwania z nieponoszeniem koszt\u00f3w cz\u0142onkostwa, podczas gdy na koncie Premium nie nale\u017cy spodziewa\u0107 si\u0119 ani okresu oczekiwania, ani ograniczenia pobierania.<\/span><\/p>\n<p class=\"normal\"><span lang=\"de\">Je\u015bli wybierzesz konto Premium, korzystasz r\u00f3wnie\u017c z automatycznej kontynuacji pobierania i wi\u0119kszo\u015b\u0107 mened\u017cer\u00f3w pobierania mo\u017ce by\u0107 u\u017cywana tylko z kont Premium.<br \/>\n<\/span><\/p>\n<p class=\"normal\"><span lang=\"de\">Konto premium jest wolne od reklam i pozwala na gor\u0105ce linkowanie plik\u00f3w i przesy\u0142anie ich za po\u015brednictwem FTP.<br \/>\n<\/span><\/p>\n<h2><span lang=\"de\">Nasz wniosek dotycz\u0105cy dostawcy Fabryka Plik\u00f3w<br \/>\n<\/span><\/h2>\n<p class=\"normal\"><span lang=\"de\">Na koniec mo\u017cna powiedzie\u0107, \u017ce dostawca Filefactory w pe\u0142ni spe\u0142nia nasze wymagania dotycz\u0105ce prywatno\u015bci i ochrony danych, zar\u00f3wno Pa\u0144stwo jako u\u017cytkownik, jak i Pa\u0144stwa dane s\u0105 bezpieczne w Filefactory.<br \/>\n<\/span><\/p>\n<p class=\"normal\"><span lang=\"de\">Ponadto, cz\u0142onkowie bez konta Premium maj\u0105 dost\u0119p do wielu danych. Cz\u0142onkowie Premium mog\u0105 korzysta\u0107 z us\u0142ugi Filefactory bez ogranicze\u0144 i w ten spos\u00f3b udost\u0119pnia\u0107 du\u017c\u0105 liczb\u0119 plik\u00f3w og\u00f3\u0142owi spo\u0142ecze\u0144stwa, jak r\u00f3wnie\u017c pobiera\u0107 cenne pakiety danych od innych u\u017cytkownik\u00f3w. Witryna zosta\u0142a zaprojektowana w taki spos\u00f3b, aby u\u0142atwi\u0107 nawigacj\u0119 do po\u017c\u0105danego celu, a zasady uczciwego korzystania z niej oraz wytyczne przeciwko wykorzystywaniu dzieci s\u0105 godne pochwa\u0142y.<\/span><\/p>\n<p>Po prostu skorzystaj z darmowej oferty cz\u0142onkowskiej Filefactory, aby przekona\u0107 si\u0119 o r\u00f3\u017cnorodno\u015bci mo\u017cliwo\u015bci. Je\u015bli chcesz, mo\u017cesz \u0142atwo i bezpiecznie zaktualizowa\u0107 swoje darmowe cz\u0142onkostwo w Filefactory do warto\u015bciowego konta premium w ci\u0105gu kilku minut, wp\u0142acaj\u0105c kart\u0119 kredytow\u0105.<\/p>\n<p><a class=\"fasc-button fasc-size-xlarge fasc-type-glossy fasc-rounded-medium ico-fa fasc-ico-after fa-share\" style=\"background-color: #3f5f69; color: #ffffff;\" target=\"_blank\" rel=\"nofollow noopener noreferrer\" href=\"https:\/\/multihoster.org\/filefactory\/goto\/\">Przejd\u017a do FileFactory.com<\/a><\/p>\n","protected":false},"excerpt":{"rendered":"<p>Na stronie internetowej Filefactory u\u017cytkownicy mog\u0105 zar\u00f3wno przesy\u0142a\u0107 pliki, jak i pobiera\u0107 dane od innych u\u017cytkownik\u00f3w. Opr\u00f3cz wersji premium, kt\u00f3ra<\/p>\n","protected":false},"author":2,"featured_media":0,"parent":0,"menu_order":0,"comment_status":"closed","ping_status":"closed","template":"","meta":[],"yoast_head":"<!-- This site is optimized with the Yoast SEO plugin v18.3 - https:\/\/yoast.com\/wordpress\/plugins\/seo\/ -->\n<title>lll\u25b7 Filefactory Premium Account powa\u017cne czy nie +++ Test na Multihoster.org<\/title>\n<meta name=\"description\" content=\"Je\u015bli firma Filefactory jest renomowanym dostawc\u0105 lub nie, odpowied\u017a znajdziesz w aktualnym te\u015bcie na stronie Multihoster.org \u279c Teraz kliknij \u271a, aby zapozna\u0107 si\u0119 z naszymi do\u015bwiadczeniami!\" \/>\n<meta name=\"robots\" content=\"index, follow, max-snippet:-1, max-image-preview:large, max-video-preview:-1\" \/>\n<link rel=\"canonical\" href=\"https:\/\/multihoster.org\/pl\/filefactory\/\" \/>\n<meta property=\"og:locale\" content=\"pl_PL\" \/>\n<meta property=\"og:type\" content=\"article\" \/>\n<meta property=\"og:title\" content=\"lll\u25b7 Filefactory Premium Account powa\u017cne czy nie +++ Test na Multihoster.org\" \/>\n<meta property=\"og:description\" content=\"Je\u015bli firma Filefactory jest renomowanym dostawc\u0105 lub nie, odpowied\u017a znajdziesz w aktualnym te\u015bcie na stronie Multihoster.org \u279c Teraz kliknij \u271a, aby zapozna\u0107 si\u0119 z naszymi do\u015bwiadczeniami!\" \/>\n<meta property=\"og:url\" content=\"https:\/\/multihoster.org\/pl\/filefactory\/\" \/>\n<meta property=\"og:site_name\" content=\"Multihoster.org\" \/>\n<meta property=\"article:modified_time\" content=\"2019-03-18T22:10:17+00:00\" \/>\n<meta property=\"og:image\" content=\"https:\/\/multihoster.org\/wp-content\/uploads\/2018\/05\/filefactory_logo-300x86.jpg\" \/>\n<meta name=\"twitter:card\" content=\"summary\" \/>\n<meta name=\"twitter:label1\" content=\"Szacowany czas czytania\" \/>\n\t<meta name=\"twitter:data1\" content=\"7 minut\" \/>\n<script type=\"application\/ld+json\" class=\"yoast-schema-graph\">{\"@context\":\"https:\/\/schema.org\",\"@graph\":[{\"@type\":\"WebSite\",\"@id\":\"https:\/\/multihoster.org\/#website\",\"url\":\"https:\/\/multihoster.org\/\",\"name\":\"Multihoster.org\",\"description\":\"Reviews of the major Filehosting services\",\"potentialAction\":[{\"@type\":\"SearchAction\",\"target\":{\"@type\":\"EntryPoint\",\"urlTemplate\":\"https:\/\/multihoster.org\/?s={search_term_string}\"},\"query-input\":\"required name=search_term_string\"}],\"inLanguage\":\"pl-PL\"},{\"@type\":\"ImageObject\",\"@id\":\"https:\/\/multihoster.org\/pl\/filefactory\/#primaryimage\",\"inLanguage\":\"pl-PL\",\"url\":\"https:\/\/multihoster.org\/wp-content\/uploads\/2018\/05\/filefactory_logo.jpg\",\"contentUrl\":\"https:\/\/multihoster.org\/wp-content\/uploads\/2018\/05\/filefactory_logo.jpg\",\"width\":365,\"height\":105},{\"@type\":\"WebPage\",\"@id\":\"https:\/\/multihoster.org\/pl\/filefactory\/#webpage\",\"url\":\"https:\/\/multihoster.org\/pl\/filefactory\/\",\"name\":\"lll\u25b7 Filefactory Premium Account powa\u017cne czy nie +++ Test na Multihoster.org\",\"isPartOf\":{\"@id\":\"https:\/\/multihoster.org\/#website\"},\"primaryImageOfPage\":{\"@id\":\"https:\/\/multihoster.org\/pl\/filefactory\/#primaryimage\"},\"datePublished\":\"2018-05-22T17:08:22+00:00\",\"dateModified\":\"2019-03-18T22:10:17+00:00\",\"description\":\"Je\u015bli firma Filefactory jest renomowanym dostawc\u0105 lub nie, odpowied\u017a znajdziesz w aktualnym te\u015bcie na stronie Multihoster.org \u279c Teraz kliknij \u271a, aby zapozna\u0107 si\u0119 z naszymi do\u015bwiadczeniami!\",\"breadcrumb\":{\"@id\":\"https:\/\/multihoster.org\/pl\/filefactory\/#breadcrumb\"},\"inLanguage\":\"pl-PL\",\"potentialAction\":[{\"@type\":\"ReadAction\",\"target\":[\"https:\/\/multihoster.org\/pl\/filefactory\/\"]}]},{\"@type\":\"BreadcrumbList\",\"@id\":\"https:\/\/multihoster.org\/pl\/filefactory\/#breadcrumb\",\"itemListElement\":[{\"@type\":\"ListItem\",\"position\":1,\"name\":\"Startseite\",\"item\":\"https:\/\/multihoster.org\/pl\/\"},{\"@type\":\"ListItem\",\"position\":2,\"name\":\"Filefactory Premium Account &#8211; Filehoster w skr\u00f3cie\"}]}]}<\/script>\n<!-- \/ Yoast SEO plugin. -->","yoast_head_json":{"title":"lll\u25b7 Filefactory Premium Account powa\u017cne czy nie +++ Test na Multihoster.org","description":"Je\u015bli firma Filefactory jest renomowanym dostawc\u0105 lub nie, odpowied\u017a znajdziesz w aktualnym te\u015bcie na stronie Multihoster.org \u279c Teraz kliknij \u271a, aby zapozna\u0107 si\u0119 z naszymi do\u015bwiadczeniami!","robots":{"index":"index","follow":"follow","max-snippet":"max-snippet:-1","max-image-preview":"max-image-preview:large","max-video-preview":"max-video-preview:-1"},"canonical":"https:\/\/multihoster.org\/pl\/filefactory\/","og_locale":"pl_PL","og_type":"article","og_title":"lll\u25b7 Filefactory Premium Account powa\u017cne czy nie +++ Test na Multihoster.org","og_description":"Je\u015bli firma Filefactory jest renomowanym dostawc\u0105 lub nie, odpowied\u017a znajdziesz w aktualnym te\u015bcie na stronie Multihoster.org \u279c Teraz kliknij \u271a, aby zapozna\u0107 si\u0119 z naszymi do\u015bwiadczeniami!","og_url":"https:\/\/multihoster.org\/pl\/filefactory\/","og_site_name":"Multihoster.org","article_modified_time":"2019-03-18T22:10:17+00:00","og_image":[{"url":"https:\/\/multihoster.org\/wp-content\/uploads\/2018\/05\/filefactory_logo-300x86.jpg"}],"twitter_card":"summary","twitter_misc":{"Szacowany czas czytania":"7 minut"},"schema":{"@context":"https:\/\/schema.org","@graph":[{"@type":"WebSite","@id":"https:\/\/multihoster.org\/#website","url":"https:\/\/multihoster.org\/","name":"Multihoster.org","description":"Reviews of the major Filehosting services","potentialAction":[{"@type":"SearchAction","target":{"@type":"EntryPoint","urlTemplate":"https:\/\/multihoster.org\/?s={search_term_string}"},"query-input":"required name=search_term_string"}],"inLanguage":"pl-PL"},{"@type":"ImageObject","@id":"https:\/\/multihoster.org\/pl\/filefactory\/#primaryimage","inLanguage":"pl-PL","url":"https:\/\/multihoster.org\/wp-content\/uploads\/2018\/05\/filefactory_logo.jpg","contentUrl":"https:\/\/multihoster.org\/wp-content\/uploads\/2018\/05\/filefactory_logo.jpg","width":365,"height":105},{"@type":"WebPage","@id":"https:\/\/multihoster.org\/pl\/filefactory\/#webpage","url":"https:\/\/multihoster.org\/pl\/filefactory\/","name":"lll\u25b7 Filefactory Premium Account powa\u017cne czy nie +++ Test na Multihoster.org","isPartOf":{"@id":"https:\/\/multihoster.org\/#website"},"primaryImageOfPage":{"@id":"https:\/\/multihoster.org\/pl\/filefactory\/#primaryimage"},"datePublished":"2018-05-22T17:08:22+00:00","dateModified":"2019-03-18T22:10:17+00:00","description":"Je\u015bli firma Filefactory jest renomowanym dostawc\u0105 lub nie, odpowied\u017a znajdziesz w aktualnym te\u015bcie na stronie Multihoster.org \u279c Teraz kliknij \u271a, aby zapozna\u0107 si\u0119 z naszymi do\u015bwiadczeniami!","breadcrumb":{"@id":"https:\/\/multihoster.org\/pl\/filefactory\/#breadcrumb"},"inLanguage":"pl-PL","potentialAction":[{"@type":"ReadAction","target":["https:\/\/multihoster.org\/pl\/filefactory\/"]}]},{"@type":"BreadcrumbList","@id":"https:\/\/multihoster.org\/pl\/filefactory\/#breadcrumb","itemListElement":[{"@type":"ListItem","position":1,"name":"Startseite","item":"https:\/\/multihoster.org\/pl\/"},{"@type":"ListItem","position":2,"name":"Filefactory Premium Account &#8211; Filehoster w skr\u00f3cie"}]}]}},"_links":{"self":[{"href":"https:\/\/multihoster.org\/pl\/wp-json\/wp\/v2\/pages\/394"}],"collection":[{"href":"https:\/\/multihoster.org\/pl\/wp-json\/wp\/v2\/pages"}],"about":[{"href":"https:\/\/multihoster.org\/pl\/wp-json\/wp\/v2\/types\/page"}],"author":[{"embeddable":true,"href":"https:\/\/multihoster.org\/pl\/wp-json\/wp\/v2\/users\/2"}],"replies":[{"embeddable":true,"href":"https:\/\/multihoster.org\/pl\/wp-json\/wp\/v2\/comments?post=394"}],"version-history":[{"count":8,"href":"https:\/\/multihoster.org\/pl\/wp-json\/wp\/v2\/pages\/394\/revisions"}],"predecessor-version":[{"id":2185,"href":"https:\/\/multihoster.org\/pl\/wp-json\/wp\/v2\/pages\/394\/revisions\/2185"}],"wp:attachment":[{"href":"https:\/\/multihoster.org\/pl\/wp-json\/wp\/v2\/media?parent=394"}],"curies":[{"name":"wp","href":"https:\/\/api.w.org\/{rel}","templated":true}]}}