{"id":3975,"date":"2020-04-17T14:05:21","date_gmt":"2020-04-17T14:05:21","guid":{"rendered":"https:\/\/multihoster.org\/euroshare\/"},"modified":"2020-06-01T12:56:06","modified_gmt":"2020-06-01T12:56:06","slug":"euroshare","status":"publish","type":"page","link":"https:\/\/multihoster.org\/pl\/euroshare\/","title":{"rendered":"Euroshare Premium Konto: Filehoster W Skr\u00f3cie"},"content":{"rendered":"\n<p>W Internecie jest tak wielu dostawc\u00f3w <a rel=\"noreferrer noopener\" aria-label=\"przechowywanie w chmurze (opens in a new tab)\" href=\"https:\/\/cloud.google.com\/storage\" target=\"_blank\">przechowywanie w chmurze<\/a>. Dostosowuj\u0105c si\u0119 do naszej obecnej ery cyfrowej, przestrzeni cyfrowej zazdro\u015bcili\u015bmy r\u00f3wnie\u017c w World Wide Web (WWW). Dowiedz si\u0119 o Euroshare i przekonaj si\u0119, jak bardzo Euroshare r\u00f3\u017cni si\u0119 od przeci\u0119tnego dostawcy pami\u0119ci masowych w chmurze.<\/p>\n\n\n\n<p>Platforma Euroshare za po\u015brednictwem konta Premium Euroshare jest najbardziej znanym i szeroko stosowanym dostawc\u0105 pami\u0119ci masowych w chmurze w krajach ca\u0142ej Europy i powoli na ca\u0142ym \u015bwiecie. Poinformuj si\u0119, przedstawiaj\u0105c szczeg\u00f3\u0142y dotycz\u0105ce platformy Euroshare w poni\u017cszym artykule, zawieraj\u0105cym podstawowe informacje na temat Euroshare, rejestracji konta do przechowywania danych w chmurze Euroshare, abonament\u00f3w na konto do przechowywania danych w chmurze Euroshare oraz niekt\u00f3rych cz\u0119sto zadawanych pyta\u0144 dotycz\u0105cych platformy Euroshare.<\/p>\n\n\n\n<figure class=\"wp-block-image\"><img src=\"https:\/\/lh3.googleusercontent.com\/VTnQu4OZ5FfXOlm95g35ntT2Gy6rVpChgvrLZpofPjotisXKCmjPxuOhFnzYLbxvWldiEqYE1H9_4zeRXqacKhgLrV_b7VfwHvfOODlsjx9ZA43TuT7O1b_Km1VX8LKzEVBnARo\" alt=\"\"\/><figcaption> Euroshare Website Interface <\/figcaption><\/figure>\n\n\n<a class=\"maxbutton-2 maxbutton maxbutton-cta\" target=\"_blank\" rel=\"nofollow noopener\" href=\"\/go\/\"><span class='mb-text'>&gt;&gt; Przejd\u017a do strony Oryginalnego Linkifier<\/span><\/a>\n\n\n<p><\/p>\n\n\n\n<h2>Zalety korzystania z platformy Euroshare Cloud Storage Platform<\/h2>\n\n\n\n<p>1. \u0141atwo\u015b\u0107 wgrywania i porz\u0105dkowania plik\u00f3w &#8211; w prosty spos\u00f3b mo\u017cesz wgra\u0107 i uporz\u0105dkowa\u0107 swoje pliki w systemie naszej platformy. Platforma posiada funkcj\u0119 &#8222;przeci\u0105gnij i upu\u015b\u0107&#8221;, kt\u00f3ra pomo\u017ce Ci zarz\u0105dza\u0107 Twoimi osobistymi i prywatnymi plikami. Platforma dynamicznie dostosowuje swoj\u0105 stron\u0119 internetow\u0105 do r\u00f3\u017cnych przegl\u0105darek internetowych, takich jak Internet Explorer, Microsoft Edge, Google Chrome. Tor Browser, Safari, Opera, UC Browser, UC Web i wszystkie inne rodzaje przegl\u0105darek u\u017cywanych do surfowania w sieci WWW.<\/p>\n\n\n\n<p>2. \u0141atwe udost\u0119pnianie plik\u00f3w na r\u00f3\u017cnych platformach &#8211; pami\u0119\u0107 masowa Euroshare cloud przechowuje pliki i jest zintegrowana z r\u00f3\u017cnymi funkcjami kompatybilno\u015bci. Pozwala to na automatyczne generowanie kod\u00f3w HTML dla Twoich plik\u00f3w, kt\u00f3re mog\u0105 by\u0107 udost\u0119pniane i przegl\u0105dane na r\u00f3\u017cnych platformach medi\u00f3w spo\u0142eczno\u015bciowych, takich jak Facebook, Instagram, Google Plus, Twitter, YouTube, Myspace i wszystkich innych platformach udost\u0119pniania w sieci World Wide Web.<\/p>\n\n\n\n<figure class=\"wp-block-image\"><img src=\"https:\/\/lh5.googleusercontent.com\/EB3eHSNoIzMT6-dcDIfuLWrZrXQ3wIC4zmcrgacsqX5-viUdY92CB-EcDLmZSX2io-1vSfZLcZcv_aphVjbx0jG6uYFLKQj20jztFG5FAGERBiIkOOytDIOjabeg2v_zizZxDHI\" alt=\"\"\/><\/figure>\n\n\n\n<p>Platforma Euroshare Dynamicznie dostosowuje si\u0119 do r\u00f3\u017cnych stron internetowych<\/p>\n\n\n\n<p>3. Szybkie i natychmiastowe \u0142adowanie i pobieranie &#8211; oferujemy najbardziej dost\u0119pn\u0105 i wydajn\u0105 funkcj\u0119 pobierania i przesy\u0142ania danych w por\u00f3wnaniu z tradycyjnym dostawc\u0105 pami\u0119ci masowych w chmurze. Nasze darmowe konto Euroshare Free i konto Euroshare Premium oferuj\u0105 najbardziej stabiln\u0105 opcj\u0119 pobierania i wgrywania wszystkich plik\u00f3w.<\/p>\n\n\n\n<p>4. Oferujemy najwy\u017csze bezpiecze\u0144stwo szyfrowania plik\u00f3w na Twoim koncie &#8211; niezale\u017cnie od tego, czy chodzi o sam\u0105 kopi\u0119 zapasow\u0105 pami\u0119ci masowej, platforma Euroshare zapewni bezpiecze\u0144stwo wszystkich Twoich plik\u00f3w, niezale\u017cnie od tego, czy s\u0105 to obrazy, pliki audio, wideo, dokumenty, prezentacje, pliki skompresowane, czy wszystkie inne rodzaje plik\u00f3w obecnych w naszym obecnym cyfrowym \u015bwiecie, dzi\u0119ki naszemu zaawansowanemu <a rel=\"noreferrer noopener\" aria-label=\"programowaniu  (opens in a new tab)\" href=\"https:\/\/www.khanacademy.org\/computing\/computer-programming\/programming\/intro-to-programming\/v\/programming-intro\" target=\"_blank\">programowaniu <\/a>i szyfrowaniu zintegrowanemu z jego stron\u0105 internetow\u0105, dzi\u0119ki czemu nie musisz si\u0119 martwi\u0107 o \u017cadne formy w\u0142amania czy kradzie\u017cy danych.<\/p>\n\n\n\n<p>Teraz, gdy wiesz, jak Euroshare poprzez swoje bezp\u0142atne konto Euroshare Free Account i Euroshare Premium Account wyprzedza swoj\u0105 konkurencj\u0119, mamy przyjemno\u015b\u0107 poprowadzi\u0107 Ci\u0119 w kwestii rejestracji magazynu Euroshare Account w chmurze. Zapoznaj si\u0119 z poni\u017cszym artyku\u0142em i rozpocznij \u0142adowanie i pobieranie za pomoc\u0105 naszej platformy.<\/p>\n\n\n\n<h2>Zarejestruj rachunek do przechowywania w chmurze Euroshare<\/h2>\n\n\n\n<p>Rejestracja konta jest tak \u0142atwa jak ABC. Przeprowadzimy Ci\u0119 przez wszystkie etapy, aby\u015b m\u00f3g\u0142 zacz\u0105\u0107 cieszy\u0107 si\u0119 dost\u0119pno\u015bci\u0105 i wydajno\u015bci\u0105 naszej platformy pami\u0119ci masowej w chmurze.<\/p>\n\n\n\n<p>1. Wpisz swoje pe\u0142ne imi\u0119, nazwisko i drugie imi\u0119. B\u0119dziemy r\u00f3wnie\u017c prosi\u0107 o Tw\u00f3j tytu\u0142 (Dr., Engr., Arch., Mr., Ms., or Mrs.), aby\u015bmy mogli w\u0142a\u015bciwie si\u0119 do Ciebie zwr\u00f3ci\u0107 i przekaza\u0107 Ci prawid\u0142owe pozdrowienia.<\/p>\n\n\n\n<p>2. Podaj dzia\u0142aj\u0105cy adres e-mail. Na ten adres wy\u015blemy wiadomo\u015b\u0107 e-mail w celu potwierdzenia konta Euroshare. Poprosimy r\u00f3wnie\u017c o podanie unikalnej nazwy u\u017cytkownika konta, aby zapewni\u0107 autentyczno\u015b\u0107 ka\u017cdemu u\u017cytkownikowi platformy Euroshare cloud computingu.<\/p>\n\n\n\n<p>3. Przeczytaj i zaznacz &#8222;Zgadzam si\u0119 na nasze zasady i warunki&#8221;. Zaznacz r\u00f3wnie\u017c nasze warunki ochrony prywatno\u015bci &#8222;reCaptcha&#8221;. Udost\u0119pniamy te funkcje, aby zapewni\u0107 ka\u017cdemu z naszych u\u017cytkownik\u00f3w prawo do prywatno\u015bci i cyfryzacji poprzez Digital Millennium Copyright Act (<a rel=\"noreferrer noopener\" aria-label=\"DMCA (opens in a new tab)\" href=\"https:\/\/www.dmca.com\/\" target=\"_blank\">DMCA<\/a>).<\/p>\n\n\n\n<p>4. Na koniec kliknij przycisk Zarejestruj si\u0119, a my natychmiast wy\u015blemy Ci link potwierdzaj\u0105cy na Tw\u00f3j e-mail, aby potwierdzi\u0107 Twoje konto. Uprzejmie prosimy o sprawdzenie filtr\u00f3w antyspamowych i folder\u00f3w poczty e-mail na wypadek, gdyby\u015b nic nie otrzyma\u0142. Po potwierdzeniu konta, masz ju\u017c swoje w\u0142asne, osobiste konto Euroshare Free Account.<\/p>\n\n\n\n<p>Mo\u017cesz potrzebowa\u0107 dodatkowych funkcji od firmy Euroshare TLD Registrar Solutions Ltd., kt\u00f3ra opracowa\u0142a Konto Premium Euroshare, przeczytaj poni\u017cej i zainspiruj si\u0119 jej elastycznymi subskrypcjami i funkcjami.<\/p>\n\n\n\n<h2>Wprowadzenie konta Premium Euroshare<\/h2>\n\n\n\n<p>Konto Premium Euroshare jest wyposa\u017cone w funkcje i w\u0142a\u015bciwo\u015bci. Poni\u017cej wymienione s\u0105 powody, dla kt\u00f3rych konto Euroshare jest kochane przez wielu u\u017cytkownik\u00f3w na ca\u0142ym \u015bwiecie.<\/p>\n\n\n\n<ol><li>Natychmiastowe pobieranie plik\u00f3w bez konieczno\u015bci czekania.<\/li><li> Wolne od wszelkich irytuj\u0105cych reklam.<\/li><li> Obs\u0142uga nieograniczonego jednoczesnego pobierania plik\u00f3w.<\/li><li> Oferuje nieograniczone pr\u0119dko\u015bci pobierania.<\/li><li> Obs\u0142uguje zewn\u0119trzne mened\u017cery pobierania.<\/li><li> Oferuje NIEOGRANICZONY CLOUD STORAGE.<\/li><li> Pliki b\u0119d\u0105 przechowywane w bezpiecznym miejscu i na zawsze.<\/li><li> Brak limitu pobierania na dzie\u0144.<\/li><li> Bardzo przyst\u0119pna cenowo i dost\u0119pna.<\/li><li> Informacje o u\u017cytkownikach s\u0105 zabezpieczone i szyfrowane do maksymalnego poziomu.<\/li><\/ol>\n\n\n\n<p>Mo\u017cesz wybra\u0107 z naszych r\u00f3\u017cnych niedrogich i elastycznych opcji p\u0142atno\u015bci poni\u017cej.<\/p>\n\n\n\n<p>Tabela 1. Konto Premium Euroshare przyst\u0119pne cenowo i elastyczne opcje p\u0142atno\u015bci<\/p>\n\n\n<a class=\"maxbutton-2 maxbutton maxbutton-cta\" target=\"_blank\" rel=\"nofollow noopener\" href=\"\/go\/\"><span class='mb-text'>&gt;&gt; Przejd\u017a do strony Oryginalnego Linkifier<\/span><\/a>\n\n\n<p><\/p>\n\n\n\n<p><strong>Rodzaje kont Premium Euroshare<\/strong><\/p>\n\n\n\n<figure class=\"wp-block-table\"><table><tbody><tr><td>Cechy charakterystyczne<\/td><td>Konto Premium Euroshare na 7 dni<\/td><td>Konto Premium Euroshare na 1 miesi\u0105c<\/td><td>Konto Premium Euroshare na 3 miesi\u0105ce<\/td><td>Konto Premium Euroshare na 6 miesi\u0119cy<\/td><td>Konto Premium Euroshare na 1 rok<\/td><\/tr><tr><td>P\u0142atno\u015b\u0107 og\u00f3\u0142em Kwota<\/td><td>1,00 EUR<\/td><td>3,50 EUR<\/td><td>8,00 EUR<\/td><td>16,00 EUR<\/td><td>31,00 EUR<\/td><\/tr><tr><td>Ca\u0142kowita p\u0142atno\u015b\u0107 za dzie\u0144<\/td><td>0,14 EUR na dzie\u0144<\/td><td>0,11 EUR na dzie\u0144<\/td><td>0,09 EUR na dzie\u0144<\/td><td>0,09 EUR na dzie\u0144<\/td><td>0,08 EUR na dzie\u0144<\/td><\/tr><tr><td>Bezpiecze\u0144stwo p\u0142atno\u015bci i prywatno\u015b\u0107<\/td><td>Przetwarzanie p\u0142atno\u015bci szyfrowanych (zgodne z DMCA)<\/td><td>Przetwarzanie p\u0142atno\u015bci szyfrowanych (zgodne z DMCA)<\/td><td>Przetwarzanie p\u0142atno\u015bci szyfrowanych (zgodne z DMCA)<\/td><td>Przetwarzanie p\u0142atno\u015bci szyfrowanych (zgodne z DMCA)<\/td><td>Przetwarzanie p\u0142atno\u015bci szyfrowanych (zgodne z DMCA)<\/td><\/tr><tr><td>P\u0142atno\u015b\u0107 Medium<\/td><td>MasterCard, Visa, Amex, i Discover<\/td><td>MasterCard, Visa, Amex, i Discover<\/td><td>MasterCard, Visa, Amex, i Discover<\/td><td>MasterCard, Visa, Amex, i Discover<\/td><td>MasterCard, Visa, Amex, i Discover<\/td><\/tr><\/tbody><\/table><\/figure>\n\n\n\n<p>Jak wida\u0107, konto Euroshare Premium posiada elastyczne i przyst\u0119pne cenowo rodzaje kont:<\/p>\n\n\n\n<ul><li>Mo\u017cesz zdecydowa\u0107 si\u0119 na zap\u0142acenie \u20ac 1.00 EUR, aby mie\u0107 konto premium na 7 dni, co daje tylko \u20ac 0.14 EUR dziennie; lub<\/li><li> 3,50 EUR za 1 miesi\u0105c, czyli tylko 0,11 EUR za dzie\u0144; lub 3,50 EUR za 1 miesi\u0105c, czyli tylko 0,11 EUR za dzie\u0144.<\/li><li> 8,00 EUR za 3 miesi\u0105ce, czyli tylko 0,09 EUR za dzie\u0144; lub 8,00 EUR za dzie\u0144.<\/li><li> 16,00 EUR, aby mie\u0107 konto premium przez 6 miesi\u0119cy, to jest tylko 0,09 EUR dziennie; lub wreszcie,<\/li><li> Wybierz nasz\u0105 najbardziej elastyczn\u0105 i przyst\u0119pn\u0105 opcj\u0119, z ca\u0142kowit\u0105 kwot\u0105 p\u0142atno\u015bci 31,00 EUR mo\u017cesz korzysta\u0107 z naszego konta Premium Euroshare za 1 rok, kt\u00f3ra wynosi tylko 0,08 EUR dziennie.<\/li><\/ul>\n\n\n\n<figure class=\"wp-block-image\"><img src=\"https:\/\/lh6.googleusercontent.com\/-eGmRLsaVSpY0sp0uKekyQmuK5N50RBKx9r4stFdK_IoXfkEElkVdBq1R7pEW4fXaK3QZt3WCd1fXbEz9QXN4jbO_krYpIzXgzSNol4RnFvAb9ALbOf-KkdeWLTsaor-Wlo94KM\" alt=\"Transmit Your Payments Through our Partners\"\/><\/figure>\n\n\n\n<p>Przekazuj swoje p\u0142atno\u015bci za po\u015brednictwem naszych partner\u00f3w<\/p>\n\n\n\n<p>Op\u0142aty rejestracyjne mo\u017cna \u0142atwo przekaza\u0107 za po\u015brednictwem naszych <a rel=\"noreferrer noopener\" aria-label=\"partner\u00f3w (opens in a new tab)\" href=\"http:\/\/www.wisegeek.net\/what-is-a-financial-services-corporation.htm\" target=\"_blank\">partner\u00f3w<\/a>: MasterCard, Visa, Amex, i Discover. Co wi\u0119cej, wszystkie konta premium posiadaj\u0105 <a rel=\"noreferrer noopener\" aria-label=\"zabezpieczenia  (opens in a new tab)\" href=\"https:\/\/computersciencewiki.org\/index.php\/Client-side_scripting_and_server-side_scripting\" target=\"_blank\">zabezpieczenia <\/a>i ochron\u0119 prywatno\u015bci, kt\u00f3re posiadaj\u0105 szyfrowane przetwarzanie p\u0142atno\u015bci zgodne z DMCA. S\u0105 to konstytucje, kt\u00f3re sprawiaj\u0105, \u017ce konkurencyjni dostawcy us\u0142ug przechowywania danych w chmurze zazdroszcz\u0105 sobie platformy Euroshare.<\/p>\n\n\n\n<h2>Ko\u0144cowe przemy\u015blenia na temat Euroshare Cloud Storage<\/h2>\n\n\n\n<p>Oferuje szeroki wachlarz mo\u017cliwo\u015bci i funkcji, a tak\u017ce przyst\u0119pne cenowo i dost\u0119pne rodzaje rachunk\u00f3w p\u0142atniczych. TLD Registrar Solutions Ltd. dzi\u0119ki swoim liderom, in\u017cynierom informatykom i ekspertom od programowania oprogramowania b\u0119dzie nadal poszukiwa\u0107 sposob\u00f3w na ci\u0105g\u0142y rozw\u00f3j naszej platformy, aby zapewni\u0107 najlepsz\u0105 przestrze\u0144 dla Twoich cyfrowych przedmiot\u00f3w na zawsze.<\/p>\n\n\n\n<h2>Euroshare Najcz\u0119\u015bciej zadawane pytania (FAQ)<\/h2>\n\n\n\n<h3>Czy mog\u0119 zadzwoni\u0107 do dzia\u0142u obs\u0142ugi klienta Euroshare Cloud Storage?<\/h3>\n\n\n\n<p>Zarz\u0105d Euroshare posiada przedstawiciela ds. obs\u0142ugi klienta (CSR), z kt\u00f3rym mo\u017cna si\u0119 skontaktowa\u0107 za po\u015brednictwem strony contact@euroshare.eu.<\/p>\n\n\n\n<h3>Kto opracowa\u0142 platform\u0119 Euroshare?<\/h3>\n\n\n\n<p>Platforma Euroshare Cloud Storage zosta\u0142a opracowana przez in\u017cynier\u00f3w oprogramowania i ekspert\u00f3w ds. programowania komputerowego w ramach TLD Registrar Solutions Ltd. w dniu 27 marca 2015 roku.<\/p>\n\n\n\n<h3>Czy mog\u0119 u\u017cywa\u0107 Euroshare Cloud Storage na zawsze?<\/h3>\n\n\n\n<p>Zapewniamy bezpiecze\u0144stwo i ochron\u0119 wszystkich plik\u00f3w w bazie danych Euroshare na zawsze, poniewa\u017c wzmocnili\u015bmy nasz\u0105 platform\u0119 o najnowsze technologie w dziedzinie programowania i in\u017cynierii oprogramowania.<\/p>\n\n\n\n<h3>Gdzie mog\u0119 zap\u0142aci\u0107 za uaktualnienie do konta Premium Euroshare?<\/h3>\n\n\n\n<p>Mo\u017cesz p\u0142aci\u0107 zdalnie za po\u015brednictwem naszych partner\u00f3w na ca\u0142ym \u015bwiecie poprzez MasterCard, Visa, Amex i Discover.<\/p>\n\n\n\n<h3>Czy Euroshare oferuje bezp\u0142atne konto?<\/h3>\n\n\n\n<p>Tak, jak tylko potwierdzisz swoje konto, jeste\u015b ju\u017c posiadaczem bezp\u0142atnego konta Euroshare, kt\u00f3re ma wiele funkcji i lepszych cech, zw\u0142aszcza nieograniczon\u0105 mo\u017cliwo\u015b\u0107 przechowywania danych w chmurze, z kt\u00f3rej mo\u017cesz korzysta\u0107.<\/p>\n\n\n<a class=\"maxbutton-2 maxbutton maxbutton-cta\" target=\"_blank\" rel=\"nofollow noopener\" href=\"\/go\/\"><span class='mb-text'>&gt;&gt; Przejd\u017a do strony Oryginalnego Linkifier<\/span><\/a>\n\n\n<p><\/p>\n","protected":false},"excerpt":{"rendered":"<p>W Internecie jest tak wielu dostawc\u00f3w przechowywanie w chmurze. Dostosowuj\u0105c si\u0119 do naszej obecnej ery cyfrowej, przestrzeni cyfrowej zazdro\u015bcili\u015bmy r\u00f3wnie\u017c<\/p>\n","protected":false},"author":2,"featured_media":0,"parent":0,"menu_order":0,"comment_status":"closed","ping_status":"closed","template":"","meta":[],"yoast_head":"<!-- This site is optimized with the Yoast SEO plugin v18.3 - https:\/\/yoast.com\/wordpress\/plugins\/seo\/ -->\n<title>Euroshare Premium Konto: Filehoster W Skr\u00f3cie<\/title>\n<meta name=\"description\" content=\"Czy Euroshare jest renomowanym dostawc\u0105 czy nie, odpowied\u017a znajdziesz w aktualnym te\u015bcie na Multihoster.org \u279c Kliknij teraz \u271a aby przeczyta\u0107 nasze do\u015bwiadczenia!\" \/>\n<meta name=\"robots\" content=\"index, follow, max-snippet:-1, max-image-preview:large, max-video-preview:-1\" \/>\n<link rel=\"canonical\" href=\"https:\/\/multihoster.org\/pl\/euroshare\/\" \/>\n<meta property=\"og:locale\" content=\"pl_PL\" \/>\n<meta property=\"og:type\" content=\"article\" \/>\n<meta property=\"og:title\" content=\"Euroshare Premium Konto: Filehoster W Skr\u00f3cie\" \/>\n<meta property=\"og:description\" content=\"Czy Euroshare jest renomowanym dostawc\u0105 czy nie, odpowied\u017a znajdziesz w aktualnym te\u015bcie na Multihoster.org \u279c Kliknij teraz \u271a aby przeczyta\u0107 nasze do\u015bwiadczenia!\" \/>\n<meta property=\"og:url\" content=\"https:\/\/multihoster.org\/pl\/euroshare\/\" \/>\n<meta property=\"og:site_name\" content=\"Multihoster.org\" \/>\n<meta property=\"article:modified_time\" content=\"2020-06-01T12:56:06+00:00\" \/>\n<meta property=\"og:image\" content=\"https:\/\/lh3.googleusercontent.com\/VTnQu4OZ5FfXOlm95g35ntT2Gy6rVpChgvrLZpofPjotisXKCmjPxuOhFnzYLbxvWldiEqYE1H9_4zeRXqacKhgLrV_b7VfwHvfOODlsjx9ZA43TuT7O1b_Km1VX8LKzEVBnARo\" \/>\n<meta name=\"twitter:card\" content=\"summary\" \/>\n<meta name=\"twitter:label1\" content=\"Szacowany czas czytania\" \/>\n\t<meta name=\"twitter:data1\" content=\"7 minut\" \/>\n<script type=\"application\/ld+json\" class=\"yoast-schema-graph\">{\"@context\":\"https:\/\/schema.org\",\"@graph\":[{\"@type\":\"WebSite\",\"@id\":\"https:\/\/multihoster.org\/#website\",\"url\":\"https:\/\/multihoster.org\/\",\"name\":\"Multihoster.org\",\"description\":\"Reviews of the major Filehosting services\",\"potentialAction\":[{\"@type\":\"SearchAction\",\"target\":{\"@type\":\"EntryPoint\",\"urlTemplate\":\"https:\/\/multihoster.org\/?s={search_term_string}\"},\"query-input\":\"required name=search_term_string\"}],\"inLanguage\":\"pl-PL\"},{\"@type\":\"ImageObject\",\"@id\":\"https:\/\/multihoster.org\/pl\/euroshare\/#primaryimage\",\"inLanguage\":\"pl-PL\",\"url\":\"https:\/\/lh3.googleusercontent.com\/VTnQu4OZ5FfXOlm95g35ntT2Gy6rVpChgvrLZpofPjotisXKCmjPxuOhFnzYLbxvWldiEqYE1H9_4zeRXqacKhgLrV_b7VfwHvfOODlsjx9ZA43TuT7O1b_Km1VX8LKzEVBnARo\",\"contentUrl\":\"https:\/\/lh3.googleusercontent.com\/VTnQu4OZ5FfXOlm95g35ntT2Gy6rVpChgvrLZpofPjotisXKCmjPxuOhFnzYLbxvWldiEqYE1H9_4zeRXqacKhgLrV_b7VfwHvfOODlsjx9ZA43TuT7O1b_Km1VX8LKzEVBnARo\"},{\"@type\":\"WebPage\",\"@id\":\"https:\/\/multihoster.org\/pl\/euroshare\/#webpage\",\"url\":\"https:\/\/multihoster.org\/pl\/euroshare\/\",\"name\":\"Euroshare Premium Konto: Filehoster W Skr\u00f3cie\",\"isPartOf\":{\"@id\":\"https:\/\/multihoster.org\/#website\"},\"primaryImageOfPage\":{\"@id\":\"https:\/\/multihoster.org\/pl\/euroshare\/#primaryimage\"},\"datePublished\":\"2020-04-17T14:05:21+00:00\",\"dateModified\":\"2020-06-01T12:56:06+00:00\",\"description\":\"Czy Euroshare jest renomowanym dostawc\u0105 czy nie, odpowied\u017a znajdziesz w aktualnym te\u015bcie na Multihoster.org \u279c Kliknij teraz \u271a aby przeczyta\u0107 nasze do\u015bwiadczenia!\",\"breadcrumb\":{\"@id\":\"https:\/\/multihoster.org\/pl\/euroshare\/#breadcrumb\"},\"inLanguage\":\"pl-PL\",\"potentialAction\":[{\"@type\":\"ReadAction\",\"target\":[\"https:\/\/multihoster.org\/pl\/euroshare\/\"]}]},{\"@type\":\"BreadcrumbList\",\"@id\":\"https:\/\/multihoster.org\/pl\/euroshare\/#breadcrumb\",\"itemListElement\":[{\"@type\":\"ListItem\",\"position\":1,\"name\":\"Startseite\",\"item\":\"https:\/\/multihoster.org\/pl\/\"},{\"@type\":\"ListItem\",\"position\":2,\"name\":\"Euroshare Premium Konto: Filehoster W Skr\u00f3cie\"}]}]}<\/script>\n<!-- \/ Yoast SEO plugin. -->","yoast_head_json":{"title":"Euroshare Premium Konto: Filehoster W Skr\u00f3cie","description":"Czy Euroshare jest renomowanym dostawc\u0105 czy nie, odpowied\u017a znajdziesz w aktualnym te\u015bcie na Multihoster.org \u279c Kliknij teraz \u271a aby przeczyta\u0107 nasze do\u015bwiadczenia!","robots":{"index":"index","follow":"follow","max-snippet":"max-snippet:-1","max-image-preview":"max-image-preview:large","max-video-preview":"max-video-preview:-1"},"canonical":"https:\/\/multihoster.org\/pl\/euroshare\/","og_locale":"pl_PL","og_type":"article","og_title":"Euroshare Premium Konto: Filehoster W Skr\u00f3cie","og_description":"Czy Euroshare jest renomowanym dostawc\u0105 czy nie, odpowied\u017a znajdziesz w aktualnym te\u015bcie na Multihoster.org \u279c Kliknij teraz \u271a aby przeczyta\u0107 nasze do\u015bwiadczenia!","og_url":"https:\/\/multihoster.org\/pl\/euroshare\/","og_site_name":"Multihoster.org","article_modified_time":"2020-06-01T12:56:06+00:00","og_image":[{"url":"https:\/\/lh3.googleusercontent.com\/VTnQu4OZ5FfXOlm95g35ntT2Gy6rVpChgvrLZpofPjotisXKCmjPxuOhFnzYLbxvWldiEqYE1H9_4zeRXqacKhgLrV_b7VfwHvfOODlsjx9ZA43TuT7O1b_Km1VX8LKzEVBnARo"}],"twitter_card":"summary","twitter_misc":{"Szacowany czas czytania":"7 minut"},"schema":{"@context":"https:\/\/schema.org","@graph":[{"@type":"WebSite","@id":"https:\/\/multihoster.org\/#website","url":"https:\/\/multihoster.org\/","name":"Multihoster.org","description":"Reviews of the major Filehosting services","potentialAction":[{"@type":"SearchAction","target":{"@type":"EntryPoint","urlTemplate":"https:\/\/multihoster.org\/?s={search_term_string}"},"query-input":"required name=search_term_string"}],"inLanguage":"pl-PL"},{"@type":"ImageObject","@id":"https:\/\/multihoster.org\/pl\/euroshare\/#primaryimage","inLanguage":"pl-PL","url":"https:\/\/lh3.googleusercontent.com\/VTnQu4OZ5FfXOlm95g35ntT2Gy6rVpChgvrLZpofPjotisXKCmjPxuOhFnzYLbxvWldiEqYE1H9_4zeRXqacKhgLrV_b7VfwHvfOODlsjx9ZA43TuT7O1b_Km1VX8LKzEVBnARo","contentUrl":"https:\/\/lh3.googleusercontent.com\/VTnQu4OZ5FfXOlm95g35ntT2Gy6rVpChgvrLZpofPjotisXKCmjPxuOhFnzYLbxvWldiEqYE1H9_4zeRXqacKhgLrV_b7VfwHvfOODlsjx9ZA43TuT7O1b_Km1VX8LKzEVBnARo"},{"@type":"WebPage","@id":"https:\/\/multihoster.org\/pl\/euroshare\/#webpage","url":"https:\/\/multihoster.org\/pl\/euroshare\/","name":"Euroshare Premium Konto: Filehoster W Skr\u00f3cie","isPartOf":{"@id":"https:\/\/multihoster.org\/#website"},"primaryImageOfPage":{"@id":"https:\/\/multihoster.org\/pl\/euroshare\/#primaryimage"},"datePublished":"2020-04-17T14:05:21+00:00","dateModified":"2020-06-01T12:56:06+00:00","description":"Czy Euroshare jest renomowanym dostawc\u0105 czy nie, odpowied\u017a znajdziesz w aktualnym te\u015bcie na Multihoster.org \u279c Kliknij teraz \u271a aby przeczyta\u0107 nasze do\u015bwiadczenia!","breadcrumb":{"@id":"https:\/\/multihoster.org\/pl\/euroshare\/#breadcrumb"},"inLanguage":"pl-PL","potentialAction":[{"@type":"ReadAction","target":["https:\/\/multihoster.org\/pl\/euroshare\/"]}]},{"@type":"BreadcrumbList","@id":"https:\/\/multihoster.org\/pl\/euroshare\/#breadcrumb","itemListElement":[{"@type":"ListItem","position":1,"name":"Startseite","item":"https:\/\/multihoster.org\/pl\/"},{"@type":"ListItem","position":2,"name":"Euroshare Premium Konto: Filehoster W Skr\u00f3cie"}]}]}},"_links":{"self":[{"href":"https:\/\/multihoster.org\/pl\/wp-json\/wp\/v2\/pages\/3975"}],"collection":[{"href":"https:\/\/multihoster.org\/pl\/wp-json\/wp\/v2\/pages"}],"about":[{"href":"https:\/\/multihoster.org\/pl\/wp-json\/wp\/v2\/types\/page"}],"author":[{"embeddable":true,"href":"https:\/\/multihoster.org\/pl\/wp-json\/wp\/v2\/users\/2"}],"replies":[{"embeddable":true,"href":"https:\/\/multihoster.org\/pl\/wp-json\/wp\/v2\/comments?post=3975"}],"version-history":[{"count":3,"href":"https:\/\/multihoster.org\/pl\/wp-json\/wp\/v2\/pages\/3975\/revisions"}],"predecessor-version":[{"id":4665,"href":"https:\/\/multihoster.org\/pl\/wp-json\/wp\/v2\/pages\/3975\/revisions\/4665"}],"wp:attachment":[{"href":"https:\/\/multihoster.org\/pl\/wp-json\/wp\/v2\/media?parent=3975"}],"curies":[{"name":"wp","href":"https:\/\/api.w.org\/{rel}","templated":true}]}}