{"id":4016,"date":"2020-04-20T09:20:34","date_gmt":"2020-04-20T09:20:34","guid":{"rendered":"https:\/\/multihoster.org\/worldbytez\/"},"modified":"2020-04-20T11:49:04","modified_gmt":"2020-04-20T11:49:04","slug":"worldbytez","status":"publish","type":"page","link":"https:\/\/multihoster.org\/pl\/worldbytez\/","title":{"rendered":"Worldbytez Premium Konto: Filehoster W Skr\u00f3cie"},"content":{"rendered":"\n<figure class=\"wp-block-image\"><img src=\"https:\/\/lh3.googleusercontent.com\/ZwKTn0qxlK9t2UpSPpApEe5RhukrV4XOwXWiMt7O2uS0uv62mqTWd7VBNkqdXw4yWEDJzMqcFq0fT2OOMQqR42ZbpbcLCdrawC7hLUuslDrahfg4QkcU5hu6ewz3tARyzoY346g\" alt=\"Worldbytez logo\"\/><\/figure>\n\n\n\n<p>Worldbytez jest jednym z tych dostawc\u00f3w hostingu plik\u00f3w, kt\u00f3ry oferuje przechowywanie lub tworzenie kopii zapasowych zdalnie lub online. Obs\u0142uguje on wysy\u0142anie, udost\u0119pnianie i pobieranie plik\u00f3w u\u017cytkownika lub jego klienta. Posiada stron\u0119 internetow\u0105 dost\u0119pn\u0105 w przegl\u0105darkach internetowych dowolnych urz\u0105dze\u0144 i posiada wersj\u0119 oprogramowania dost\u0119pn\u0105 w systemach operacyjnych Windows, Mac OS X i Linux.<\/p>\n\n\n\n<p>W dniu 17 pa\u017adziernika 2019 roku Worldbytez wyda\u0142 i og\u0142osi\u0142 wiadomo\u015bci o go\u015bciach lub niezarejestrowanych u\u017cytkownikach swojej strony internetowej. Worldbytez da\u0142 im bardzo dobry serwis, w kt\u00f3rym mog\u0105 teraz cieszy\u0107 si\u0119 pobieraniem pliku lub plik\u00f3w ze znacznie wi\u0119ksz\u0105 pr\u0119dko\u015bci\u0105 jako darmowe konto Worldbytez i mog\u0105 pobiera\u0107 dowolne pliki bez ogranicze\u0144 pr\u0119dko\u015bci.<\/p>\n\n\n<a class=\"maxbutton-2 maxbutton maxbutton-cta\" target=\"_blank\" rel=\"nofollow noopener\" href=\"\/go\/\"><span class='mb-text'>&gt;&gt; Przejd\u017a do strony Oryginalnego Linkifier<\/span><\/a>\n\n\n<p><\/p>\n\n\n\n<h2>The Cloud Drive of Worldbytez<\/h2>\n\n\n\n<p>Worldbytez posiada dysk w chmurze, w kt\u00f3rym u\u017cytkownik mo\u017ce bezpiecznie przechowywa\u0107 swoje dane lub pliki na serwerze chmury.<\/p>\n\n\n\n<p>Dost\u0119p do niego mo\u017cna uzyska\u0107 za pomoc\u0105 innego <a rel=\"noreferrer noopener\" aria-label=\"systemu operacyjnego (opens in a new tab)\" href=\"https:\/\/www.webopedia.com\/TERM\/O\/operating_system.html\" target=\"_blank\">systemu operacyjnego<\/a> lub systemu operacyjnego danego urz\u0105dzenia, np:<\/p>\n\n\n\n<ul><li>Microsoft Windows<\/li><li>Mac OS X<\/li><li>Linux or Ubuntu<\/li><\/ul>\n\n\n\n<h3>Dla u\u017cytkownik\u00f3w, kt\u00f3rzy korzystaj\u0105 z systemu Microsoft Windows<\/h3>\n\n\n\n<ol><li>U\u017cytkownik powinien otworzy\u0107 lokalizacj\u0119 &#8222;M\u00f3j komputer&#8221; swojego urz\u0105dzenia.<\/li><li> Znajd\u017a ikon\u0119 &#8222;Sie\u0107&#8221; znajduj\u0105c\u0105 si\u0119 po lewej stronie &#8222;M\u00f3j komputer&#8221;. Nast\u0119pnie kliknij na ni\u0105 prawym przyciskiem myszy. <\/li><li> Pojawi\u0105 si\u0119 opcje dla Sieci. Nast\u0119pnie wybierz i kliknij na &#8222;Map\u0119 dysku sieciowego&#8221;.<\/li><li> Wpisz link URL Worldbyteza &#8222;https:\/\/worldbytez.com\/webdav\/&#8221;.<\/li><li> Pojawi si\u0119 dysk w chmurze Worldbytez. Teraz u\u017cytkownik powinien wprowadzi\u0107 swoje konto u\u017cytkownika i has\u0142o w Worldbytez, aby si\u0119 zalogowa\u0107.<\/li><\/ol>\n\n\n\n<h3>Dla u\u017cytkownik\u00f3w, kt\u00f3rzy korzystaj\u0105 z systemu Mac OS X<\/h3>\n\n\n\n<ol><li>U\u017cytkownik musi przej\u015b\u0107 do &#8222;Finder&#8221; swojego urz\u0105dzenia Mac OS X.<\/li><li> Wybierz i kliknij na &#8222;Connect to Server&#8221;.<\/li><li> Wpisz link URL Worldbyteza &#8222;https:\/\/worldbytez.com\/webdav\/&#8221;.<\/li><li> Pojawi si\u0119 dysk w chmurze Worldbytez. Teraz u\u017cytkownik powinien wprowadzi\u0107 swoje konto u\u017cytkownika i has\u0142o w Worldbytez, aby si\u0119 zalogowa\u0107.<\/li><\/ol>\n\n\n\n<h3>Dla u\u017cytkownik\u00f3w, kt\u00f3rzy korzystaj\u0105 z Linuksa lub Ubuntu<\/h3>\n\n\n\n<ol><li>U\u017cytkownik musi przej\u015b\u0107 do mened\u017cera plik\u00f3w swojego urz\u0105dzenia z systemem Linux. <\/li><li> Przejd\u017a do paska menu i kliknij na &#8222;Pliki&#8221;.<\/li><li> Wybra\u0107 i klikn\u0105\u0107 na &#8222;Po\u0142\u0105cz si\u0119 z serwerem&#8221;.<\/li><li> Wprowadzi\u0107 link <a rel=\"noreferrer noopener\" aria-label=\"URL  (opens in a new tab)\" href=\"https:\/\/www.webopedia.com\/TERM\/U\/URL.html\" target=\"_blank\">URL <\/a>Worldbyteza &#8222;https:\/\/worldbytez.com\/webdav\/&#8221;.<\/li><li> Pojawi si\u0119 dysk w chmurze Worldbyteza. Teraz, u\u017cytkownik powinien wprowadzi\u0107 swoje konto u\u017cytkownika i has\u0142o w Worldbytez, aby si\u0119 zalogowa\u0107.<\/li><\/ol>\n\n\n\n<h2>The Tools of Worldbytez<\/h2>\n\n\n\n<p>Worldbytez obs\u0142uguje urz\u0105dzenia stacjonarne i mobilne z systemami operacyjnymi Windows, Mac OS X i Android. Stworzyli oni oprogramowanie Worldbytez, dzi\u0119ki czemu u\u017cytkownik mo\u017ce je \u0142atwo pobra\u0107 i uzyska\u0107 do niego dost\u0119p na swoich urz\u0105dzeniach.<\/p>\n\n\n\n<p>Dla urz\u0105dze\u0144 stacjonarnych (dla system\u00f3w Windows i Mac OS X):<\/p>\n\n\n\n<p>\u2713 Obs\u0142uguje wysy\u0142anie na FTP i Multi-Treaded.<br> \u2713 Obs\u0142uguje protok\u00f3\u0142 HTTP Proxy.<br> \u2713 Posiada funkcj\u0119 zarz\u0105dzania plikami, np. wysy\u0142ania, zmiany nazwy i usuwania plik\u00f3w.<br> \u2713 Mo\u017ce kopiowa\u0107 zawarto\u015b\u0107 folderu.<\/p>\n\n\n\n<p>Dla urz\u0105dze\u0144 z systemem Android:<\/p>\n\n\n\n<p>\u2713 Obs\u0142uguje za\u0142adunek dla wielow\u0105tkowego.<br> \u2713 Posiada mened\u017cery plik\u00f3w.<br> \u2713 Posiada funkcj\u0119 zarz\u0105dzania plikami, np. do wysy\u0142ania, przegl\u0105dania, kopiowania, usuwania i przenoszenia plik\u00f3w.<\/p>\n\n\n\n<h2>Administratorzy pobierania plik\u00f3w dla Worldbytez<\/h2>\n\n\n\n<p>Worldbytez zawsze zaleca, aby u\u017cytkownik korzysta\u0142 z mened\u017cera pobierania, takiego jak Internet Download Manager lub IDM i JDownloader, poniewa\u017c serwery strony internetowej Worldbytez doskonale nadaj\u0105 si\u0119 do pobierania plik\u00f3w za pomoc\u0105 tych mened\u017cer\u00f3w, ale u\u017cytkownik mo\u017ce r\u00f3wnie\u017c korzysta\u0107 z innych mened\u017cer\u00f3w pobierania, do kt\u00f3rych jest przyzwyczajony.<\/p>\n\n\n\n<p>Usu\u0144 link Worldbyteza<\/p>\n\n\n\n<p>U\u017cytkownik mo\u017ce usun\u0105\u0107 plik lub pliki, kt\u00f3re umie\u015bci\u0142 na stronie Worldbytez. Worldbytez zawsze podaje &#8222;link do usuni\u0119cia&#8221; po tym, jak u\u017cytkownik zako\u0144czy wgrywanie pliku, aby usun\u0105\u0107 go za pomoc\u0105 jednego klikni\u0119cia. Je\u015bli u\u017cytkownik zgubi\u0142 link do usuni\u0119cia pliku, mo\u017ce po prostu poczeka\u0107 do momentu wyga\u015bni\u0119cia wa\u017cno\u015bci pliku. System Worldbytez b\u0119dzie odpowiedzialny za automatyczne usuni\u0119cie pliku lub plik\u00f3w u\u017cytkownika z jego strony, baz danych i serwer\u00f3w.<\/p>\n\n\n\n<h2>Plany kont Premium Worldbyteza<\/h2>\n\n\n\n<figure class=\"wp-block-table\"><table class=\"\"><tbody><tr><td>Liczba Dni Premium:<\/td><td>60<\/td><td>100<\/td><td>180<\/td><td>365<\/td><td>750<\/td><\/tr><tr><td>Ceny:<\/td><td>18,00 Euro<\/td><td>22,00 Euro<\/td><td>3600 Euro<\/td><td>60,00 Euro<\/td><td>90,00 Euro<\/td><\/tr><tr><td>Nie ma czasu na czekanie:<\/td><td>\u2713<\/td><td>\u2713<\/td><td>\u2713<\/td><td>\u2713<\/td><td>\u2713<\/td><\/tr><tr><td>\u017badnych CAPTCHAs:<\/td><td>\u2713<\/td><td>\u2713<\/td><td>\u2713<\/td><td>\u2713<\/td><td>\u2713<\/td><\/tr><\/tbody><\/table><\/figure>\n\n\n\n<figure class=\"wp-block-table\"><table class=\"\"><tbody><tr><td>U\u017cytkownik mo\u017ce p\u0142aci\u0107 za pomoc\u0105 nast\u0119puj\u0105cych metod p\u0142atno\u015bci: Worldbytez Resellers, PayPal, Visa, MasterCard, American Express, Discover, Paysafecard, VivaPayments, Bitcoin lub Altcoin cryptocurrency, Economy, i Emedia.<\/td><\/tr><\/tbody><\/table><\/figure>\n\n\n\n<p><strong>Plany Premium Traffic Worldbytez<\/strong><\/p>\n\n\n\n<figure class=\"wp-block-table\"><table class=\"\"><tbody><tr><td>Rozmiar magazynowy:<\/td><td>4048 gigabajt\u00f3w<\/td><td>8200 gigabajt\u00f3w<\/td><td>30500 gigabajt\u00f3w<\/td><td>50500 gigabajt\u00f3w<\/td><td>Brak ogranicze\u0144<\/td><\/tr><tr><td>Ceny:<\/td><td>\u20ac 4.99<\/td><td>\u20ac&nbsp; 7.99<\/td><td>\u20ac&nbsp; 19.99<\/td><td>\u20ac&nbsp; 39.99<\/td><td>\u20ac&nbsp; 79.99<\/td><\/tr><\/tbody><\/table><\/figure>\n\n\n\n<figure class=\"wp-block-table\"><table class=\"\"><tbody><tr><td>U\u017cytkownik mo\u017ce p\u0142aci\u0107 za pomoc\u0105 nast\u0119puj\u0105cych metod p\u0142atno\u015bci: Visa, MasterCard, American Express, Discover, Bitcoin lub Altcoin.<\/td><\/tr><\/tbody><\/table><\/figure>\n\n\n<a class=\"maxbutton-2 maxbutton maxbutton-cta\" target=\"_blank\" rel=\"nofollow noopener\" href=\"\/go\/\"><span class='mb-text'>&gt;&gt; Przejd\u017a do strony Oryginalnego Linkifier<\/span><\/a>\n\n\n<p><\/p>\n\n\n\n<h3>Proces aktywacji konta Premium WorldBytez<\/h3>\n\n\n\n<p>Po zakupie Planu Konta Premium Worldbytez, u\u017cytkownik powinien przyst\u0105pi\u0107 do aktywacji jego us\u0142ugi. Aby aktywowa\u0107 us\u0142ug\u0119 konta Premium, musi on posiada\u0107 klucz aktywacyjny lub kod do konta Premium Worldbytez.  Klucz lub kod aktywacyjny mo\u017cna naby\u0107 u oficjalnych sprzedawc\u00f3w Worldbytez. <\/p>\n\n\n\n<p>Je\u015bli u\u017cytkownik posiada ju\u017c kod klucza aktywacyjnego do konta Premium Worldbytez, powinien post\u0119powa\u0107 zgodnie z poni\u017cszymi instrukcjami:<\/p>\n\n\n\n<ol><li>U\u017cytkownik musi najpierw zalogowa\u0107 si\u0119 na swoje konto na stronie logowania WorldBytez (https:\/\/worldbytez.com\/login.html), a je\u015bli jeszcze nie ma konta, to prosz\u0119 przej\u015b\u0107 do strony rejestracji na stronie Worldbytez (https:\/\/worldbytez.com\/register.html), aby za\u0142o\u017cy\u0107 konto. <\/li><li> Po zalogowaniu si\u0119 u\u017cytkownika na swoje konto na stronie Worldbytez. Przejd\u017a do strony &#8222;Moje konto&#8221; serwisu Worldbytez (https:\/\/worldbytez.com\/?op=my_account).<\/li><li> Znajd\u017a pole &#8222;Apply Premium Key&#8221;, aby wprowadzi\u0107 klucz aktywacyjny lub kod konta Premium Worldbytez. <\/li><li> Przycisk &#8222;Zastosuj&#8221; musi by\u0107 zawsze klikni\u0119ty, aby zastosowa\u0107 klucz aktywacyjny lub kod do konta u\u017cytkownika, kt\u00f3re ma by\u0107 aktywowane. Po aktywacji konta, u\u017cytkownik mo\u017ce teraz korzysta\u0107 z funkcji i us\u0142ug konta Premium w Worldbytez.<\/li><\/ol>\n\n\n\n<p><strong>W jaki spos\u00f3b u\u017cytkownik mo\u017ce otrzyma\u0107 kod aktywacyjny lub kod vouchera do konta Premium Worldbytez?<\/strong><\/p>\n\n\n\n<p>U\u017cytkownik mo\u017ce zakupi\u0107 kod aktywacyjny lub kod <a rel=\"noreferrer noopener\" aria-label=\"vouchera  (opens in a new tab)\" href=\"https:\/\/dictionary.cambridge.org\/us\/dictionary\/english\/voucher\" target=\"_blank\">vouchera <\/a>do konta Premium Worldbytez u kt\u00f3regokolwiek z oficjalnych sprzedawc\u00f3w Worldbytez. Aby dokona\u0107 zakupu, wystarczy post\u0119powa\u0107 zgodnie z poni\u017cszymi instrukcjami:<\/p>\n\n\n\n<p>1. U\u017cytkownik musi wej\u015b\u0107 na strony internetowe, na kt\u00f3rych znajduj\u0105 si\u0119 oficjalni sprzedawcy Worldbyteza.<\/p>\n\n\n\n<p>2. U\u017cytkownik mo\u017ce szuka\u0107 kodu vouchera jak na przyk\u0142adowym obrazku poni\u017cej. Taki kod mo\u017cna znale\u017a\u0107 na oficjalnych stronach internetowych Worldbytez.<\/p>\n\n\n\n<figure class=\"wp-block-image\"><img src=\"https:\/\/lh4.googleusercontent.com\/x9dESrr048atR0TPpugQH3ZgMa-Ja5VQXFe9gbPC3MwNcsle4Vhx4hFofb1OxRqIS-b5D2JoIww8RI5LRaLBA7uRfwEGXEExiqlgnJUwQBda78wmt2mUJx8nSlE8eBFYEo54qvE\" alt=\"sample voucher code\"\/><\/figure>\n\n\n\n<p>3. Pobierz kod vouchera od sprzedawc\u00f3w lub u\u017cytkownik mo\u017ce do nich dotrze\u0107 poprzez kontakt podany przez sprzedawc\u00f3w na stronie internetowej.<\/p>\n\n\n\n<p>Je\u015bli u\u017cytkownik napotka jakikolwiek problem przy zakupie kodu aktywacyjnego lub kodu voucherowego, powinien skontaktowa\u0107 si\u0119 ze sprzedawc\u0105 Worldbyteza lub poprzez stron\u0119 kontaktow\u0105 na swojej stronie internetowej (https:\/\/worldbytez.com\/contact.html) lub poprzez e-mail pod adresem info.worldbytez@gmail.com.<\/p>\n\n\n\n<h2>Resellerzy Worldbyteza<\/h2>\n\n\n\n<p>Chcesz zosta\u0107 jednym z reseller\u00f3w Worldbytez Premium Account i kod\u00f3w aktywacyjnych Worldbytez Premium Account lub kod\u00f3w do voucher\u00f3w?<\/p>\n\n\n\n<p>Sprzedawcy Worldbytez mog\u0105 sprzedawa\u0107 konta Premium Worldbytez oraz kody aktywacyjne kont Premium Worldbytez lub kody do voucher\u00f3w. Firma Worldbytez udziela swoim oficjalnym sprzedawcom rabatu na produkty Worldbytez, kt\u00f3re b\u0119d\u0105 sprzedawane na rynku online. Pocz\u0105tkowa kwota zni\u017cki, jak\u0105 Worldbytez udziela wszystkim swoim sprzedawcom, wynosi 20% (20%).<\/p>\n\n\n\n<p>Czasami sprzedawca decyduje si\u0119 na zni\u017ck\u0119 na ceny sprzedawanych produkt\u00f3w, wi\u0119c u\u017cytkownik lub klient mo\u017ce zaoszcz\u0119dzi\u0107 pieni\u0105dze, gdy kupuje od sprzedawcy. <\/p>\n\n\n\n<p>Je\u015bli u\u017cytkownik chce by\u0107 jednym z oficjalnych sprzedawc\u00f3w Worldbytez, powinien wys\u0142a\u0107 wiadomo\u015b\u0107 e-mail do Worldbytez na adres info@worldbytez.com, zawieraj\u0105c\u0105 nast\u0119puj\u0105ce wymagane informacje poni\u017cej:<\/p>\n\n\n\n<p>\u2713 Pe\u0142na nazwa u\u017cytkownika<br> \u2713 Kraj, w kt\u00f3rym znajduje si\u0119 u\u017cytkownik<br> \u2713 W kt\u00f3rym miejscu chce sprzedawa\u0107 produkty Worldbyteza?<br> \u2713 Spos\u00f3b p\u0142atno\u015bci, kt\u00f3ry jest dla niego preferowany.<br> \u2713 Ile u\u017cytkownik mo\u017ce sprzeda\u0107 tygodniowo?<br> \u2713 Nazwa u\u017cytkownika, kt\u00f3r\u0105 chce nada\u0107 swojemu kontu sprzedawcy.<br> \u2713 Link do strony internetowej, na kt\u00f3rej u\u017cytkownik zamierza sprzedawa\u0107 produkty Worldbytez.<\/p>\n\n\n\n<p>Nast\u0119pnie, je\u015bli u\u017cytkownik zostanie zatwierdzony przez Worldbytez jako sprzedawca, otrzyma wiadomo\u015b\u0107 potwierdzaj\u0105c\u0105 na sw\u00f3j adres e-mail z dodatkowymi informacjami od Worldbytez.<\/p>\n\n\n\n<figure class=\"wp-block-table\"><table class=\"\"><tbody><tr><td>Nazwa strony internetowej<\/td><td>Sposoby p\u0142atno\u015bci<\/td><\/tr><tr><td>D-keys<\/td><td>Za po\u015brednictwem MasterCard, Banku elektronicznego lub przelewu bankowego, VivaWallet, Worldwide Credit Cards, Prepaid Cards, Debit Cards, Visa i Visa Electron, Maestro i innych.<\/td><\/tr><tr><td>Lobi<\/td><td>Za po\u015brednictwem Banku elektronicznego lub przelewu bankowego, kart przedp\u0142aconych, kart debetowych, MasterCard, Maestro, Worldwide Credit Cards, Visa i Visa Electron i innych.<\/td><\/tr><tr><td>Digitadiko<\/td><td>Przez Paypal, Bank Elektroniczny lub Przelew Bankowy, Bitcoin lub Altcoin, Depozyt Bankowy, Karty Kredytowe, MasterCard, Visa, Visa Electron, Maestro, American Express, Paysafecard, Payza, Skrill, CashU, Ukash, OKpay, Webmoney, SMS i inne.<\/td><\/tr><tr><td>Economy-Shop<\/td><td>Poprzez Paypal, Bank Elektroniczny lub Przelew Bankowy, Visa i Visa Electron, Karty Przedp\u0142acone, Karty Debetowe, \u015awiatowe Karty Kredytowe, Maestro, MasterCard i inne.<\/td><\/tr><tr><td>EMediaShop<\/td><td>Poprzez Paypal, Bank Elektroniczny lub Przelew Bankowy, MasterCard, Karty Przedp\u0142acone, Karty Debetowe, Visa i Visa Electron, \u015awiatowe Karty Kredytowe, Maestro i inne.<\/td><\/tr><\/tbody><\/table><\/figure>\n\n\n\n<p>U\u017cytkownik mo\u017ce r\u00f3wnie\u017c zaoferowa\u0107 Worldbytezowi metod\u0119 p\u0142atno\u015bci, kt\u00f3rej u\u017cywa. U\u017cytkownik mo\u017ce o tym poinformowa\u0107 za po\u015brednictwem poczty elektronicznej Worldbytez (info.worldbytez@gmail.com) lub strony kontaktowej.<\/p>\n\n\n\n<p>U\u017cytkownik musi zawsze upewni\u0107 si\u0119, \u017ce wpisuje swoje dane poprawnie i poprawnie, wi\u0119c nie b\u0119dzie \u017cadnych problem\u00f3w, gdy b\u0119dzie p\u0142aci\u0142 Worldbytezowi lub gdy Worldbytez mu zap\u0142aci.<\/p>\n\n\n\n<p>Je\u015bli u\u017cytkownik chce w dowolnym momencie anulowa\u0107 subskrypcj\u0119 konta Premium Worldbytez, ale na razie Worldbytez nie obs\u0142uguje us\u0142ugi zwrotu pieni\u0119dzy dla swoich u\u017cytkownik\u00f3w lub klient\u00f3w.<\/p>\n\n\n\n<h3> Information about the Worldbytez company <\/h3>\n\n\n\n<figure class=\"wp-block-table\"><table class=\"\"><tbody><tr><td>Nazwa firmy (urz\u0119dnik):<\/td><td>Worldbytez LTD<\/td><\/tr><tr><td>Adres lokalizacyjny:<\/td><td>Ulica Toma Mitov nr 18, pierwsze pi\u0119tro.<\/td><\/tr><tr><td>Lokalizacja kraju:<\/td><td>Bulgaria<\/td><\/tr><tr><td>Kod pocztowy (miasto):<\/td><td>Powiat Blagoevgrad, gmina Petrich,2850<\/td><\/tr><tr><td>Identyfikator podatku od warto\u015bci dodanej (VAT)<\/td><td>204850418<\/td><\/tr><tr><td>Tel. Numer:<\/td><td>+359-877-005-642 (Skontaktuj si\u0119 z nimi od 12:00 do 22:00)<\/td><\/tr><tr><td>Email Dodaj:<\/td><td>info.worldbytez@gmail.com<\/td><\/tr><\/tbody><\/table><\/figure>\n\n\n<a class=\"maxbutton-2 maxbutton maxbutton-cta\" target=\"_blank\" rel=\"nofollow noopener\" href=\"\/go\/\"><span class='mb-text'>&gt;&gt; Przejd\u017a do strony Oryginalnego Linkifier<\/span><\/a>\n\n\n<p><\/p>\n","protected":false},"excerpt":{"rendered":"<p>Worldbytez jest jednym z tych dostawc\u00f3w hostingu plik\u00f3w, kt\u00f3ry oferuje przechowywanie lub tworzenie kopii zapasowych zdalnie lub online. Obs\u0142uguje on<\/p>\n","protected":false},"author":2,"featured_media":0,"parent":0,"menu_order":0,"comment_status":"closed","ping_status":"closed","template":"","meta":[],"yoast_head":"<!-- This site is optimized with the Yoast SEO plugin v18.3 - https:\/\/yoast.com\/wordpress\/plugins\/seo\/ -->\n<title>Worldbytez Premium Konto: Filehoster W Skr\u00f3cie<\/title>\n<meta name=\"description\" content=\"Czy Worldbytez jest renomowanym dostawc\u0105 czy nie, odpowied\u017a znajdziesz w aktualnym te\u015bcie na Multihoster.org \u279c Kliknij teraz \u271a aby przeczyta\u0107 nasze do\u015bwiadczenia!\" \/>\n<meta name=\"robots\" content=\"index, follow, max-snippet:-1, max-image-preview:large, max-video-preview:-1\" \/>\n<link rel=\"canonical\" href=\"https:\/\/multihoster.org\/pl\/worldbytez\/\" \/>\n<meta property=\"og:locale\" content=\"pl_PL\" \/>\n<meta property=\"og:type\" content=\"article\" \/>\n<meta property=\"og:title\" content=\"Worldbytez Premium Konto: Filehoster W Skr\u00f3cie\" \/>\n<meta property=\"og:description\" content=\"Czy Worldbytez jest renomowanym dostawc\u0105 czy nie, odpowied\u017a znajdziesz w aktualnym te\u015bcie na Multihoster.org \u279c Kliknij teraz \u271a aby przeczyta\u0107 nasze do\u015bwiadczenia!\" \/>\n<meta property=\"og:url\" content=\"https:\/\/multihoster.org\/pl\/worldbytez\/\" \/>\n<meta property=\"og:site_name\" content=\"Multihoster.org\" \/>\n<meta property=\"article:modified_time\" content=\"2020-04-20T11:49:04+00:00\" \/>\n<meta property=\"og:image\" content=\"https:\/\/lh3.googleusercontent.com\/ZwKTn0qxlK9t2UpSPpApEe5RhukrV4XOwXWiMt7O2uS0uv62mqTWd7VBNkqdXw4yWEDJzMqcFq0fT2OOMQqR42ZbpbcLCdrawC7hLUuslDrahfg4QkcU5hu6ewz3tARyzoY346g\" \/>\n<meta name=\"twitter:card\" content=\"summary\" \/>\n<meta name=\"twitter:label1\" content=\"Szacowany czas czytania\" \/>\n\t<meta name=\"twitter:data1\" content=\"8 minut\" \/>\n<script type=\"application\/ld+json\" class=\"yoast-schema-graph\">{\"@context\":\"https:\/\/schema.org\",\"@graph\":[{\"@type\":\"WebSite\",\"@id\":\"https:\/\/multihoster.org\/#website\",\"url\":\"https:\/\/multihoster.org\/\",\"name\":\"Multihoster.org\",\"description\":\"Reviews of the major Filehosting services\",\"potentialAction\":[{\"@type\":\"SearchAction\",\"target\":{\"@type\":\"EntryPoint\",\"urlTemplate\":\"https:\/\/multihoster.org\/?s={search_term_string}\"},\"query-input\":\"required name=search_term_string\"}],\"inLanguage\":\"pl-PL\"},{\"@type\":\"ImageObject\",\"@id\":\"https:\/\/multihoster.org\/pl\/worldbytez\/#primaryimage\",\"inLanguage\":\"pl-PL\",\"url\":\"https:\/\/lh3.googleusercontent.com\/ZwKTn0qxlK9t2UpSPpApEe5RhukrV4XOwXWiMt7O2uS0uv62mqTWd7VBNkqdXw4yWEDJzMqcFq0fT2OOMQqR42ZbpbcLCdrawC7hLUuslDrahfg4QkcU5hu6ewz3tARyzoY346g\",\"contentUrl\":\"https:\/\/lh3.googleusercontent.com\/ZwKTn0qxlK9t2UpSPpApEe5RhukrV4XOwXWiMt7O2uS0uv62mqTWd7VBNkqdXw4yWEDJzMqcFq0fT2OOMQqR42ZbpbcLCdrawC7hLUuslDrahfg4QkcU5hu6ewz3tARyzoY346g\"},{\"@type\":\"WebPage\",\"@id\":\"https:\/\/multihoster.org\/pl\/worldbytez\/#webpage\",\"url\":\"https:\/\/multihoster.org\/pl\/worldbytez\/\",\"name\":\"Worldbytez Premium Konto: Filehoster W Skr\u00f3cie\",\"isPartOf\":{\"@id\":\"https:\/\/multihoster.org\/#website\"},\"primaryImageOfPage\":{\"@id\":\"https:\/\/multihoster.org\/pl\/worldbytez\/#primaryimage\"},\"datePublished\":\"2020-04-20T09:20:34+00:00\",\"dateModified\":\"2020-04-20T11:49:04+00:00\",\"description\":\"Czy Worldbytez jest renomowanym dostawc\u0105 czy nie, odpowied\u017a znajdziesz w aktualnym te\u015bcie na Multihoster.org \u279c Kliknij teraz \u271a aby przeczyta\u0107 nasze do\u015bwiadczenia!\",\"breadcrumb\":{\"@id\":\"https:\/\/multihoster.org\/pl\/worldbytez\/#breadcrumb\"},\"inLanguage\":\"pl-PL\",\"potentialAction\":[{\"@type\":\"ReadAction\",\"target\":[\"https:\/\/multihoster.org\/pl\/worldbytez\/\"]}]},{\"@type\":\"BreadcrumbList\",\"@id\":\"https:\/\/multihoster.org\/pl\/worldbytez\/#breadcrumb\",\"itemListElement\":[{\"@type\":\"ListItem\",\"position\":1,\"name\":\"Startseite\",\"item\":\"https:\/\/multihoster.org\/pl\/\"},{\"@type\":\"ListItem\",\"position\":2,\"name\":\"Worldbytez Premium Konto: Filehoster W Skr\u00f3cie\"}]}]}<\/script>\n<!-- \/ Yoast SEO plugin. -->","yoast_head_json":{"title":"Worldbytez Premium Konto: Filehoster W Skr\u00f3cie","description":"Czy Worldbytez jest renomowanym dostawc\u0105 czy nie, odpowied\u017a znajdziesz w aktualnym te\u015bcie na Multihoster.org \u279c Kliknij teraz \u271a aby przeczyta\u0107 nasze do\u015bwiadczenia!","robots":{"index":"index","follow":"follow","max-snippet":"max-snippet:-1","max-image-preview":"max-image-preview:large","max-video-preview":"max-video-preview:-1"},"canonical":"https:\/\/multihoster.org\/pl\/worldbytez\/","og_locale":"pl_PL","og_type":"article","og_title":"Worldbytez Premium Konto: Filehoster W Skr\u00f3cie","og_description":"Czy Worldbytez jest renomowanym dostawc\u0105 czy nie, odpowied\u017a znajdziesz w aktualnym te\u015bcie na Multihoster.org \u279c Kliknij teraz \u271a aby przeczyta\u0107 nasze do\u015bwiadczenia!","og_url":"https:\/\/multihoster.org\/pl\/worldbytez\/","og_site_name":"Multihoster.org","article_modified_time":"2020-04-20T11:49:04+00:00","og_image":[{"url":"https:\/\/lh3.googleusercontent.com\/ZwKTn0qxlK9t2UpSPpApEe5RhukrV4XOwXWiMt7O2uS0uv62mqTWd7VBNkqdXw4yWEDJzMqcFq0fT2OOMQqR42ZbpbcLCdrawC7hLUuslDrahfg4QkcU5hu6ewz3tARyzoY346g"}],"twitter_card":"summary","twitter_misc":{"Szacowany czas czytania":"8 minut"},"schema":{"@context":"https:\/\/schema.org","@graph":[{"@type":"WebSite","@id":"https:\/\/multihoster.org\/#website","url":"https:\/\/multihoster.org\/","name":"Multihoster.org","description":"Reviews of the major Filehosting services","potentialAction":[{"@type":"SearchAction","target":{"@type":"EntryPoint","urlTemplate":"https:\/\/multihoster.org\/?s={search_term_string}"},"query-input":"required name=search_term_string"}],"inLanguage":"pl-PL"},{"@type":"ImageObject","@id":"https:\/\/multihoster.org\/pl\/worldbytez\/#primaryimage","inLanguage":"pl-PL","url":"https:\/\/lh3.googleusercontent.com\/ZwKTn0qxlK9t2UpSPpApEe5RhukrV4XOwXWiMt7O2uS0uv62mqTWd7VBNkqdXw4yWEDJzMqcFq0fT2OOMQqR42ZbpbcLCdrawC7hLUuslDrahfg4QkcU5hu6ewz3tARyzoY346g","contentUrl":"https:\/\/lh3.googleusercontent.com\/ZwKTn0qxlK9t2UpSPpApEe5RhukrV4XOwXWiMt7O2uS0uv62mqTWd7VBNkqdXw4yWEDJzMqcFq0fT2OOMQqR42ZbpbcLCdrawC7hLUuslDrahfg4QkcU5hu6ewz3tARyzoY346g"},{"@type":"WebPage","@id":"https:\/\/multihoster.org\/pl\/worldbytez\/#webpage","url":"https:\/\/multihoster.org\/pl\/worldbytez\/","name":"Worldbytez Premium Konto: Filehoster W Skr\u00f3cie","isPartOf":{"@id":"https:\/\/multihoster.org\/#website"},"primaryImageOfPage":{"@id":"https:\/\/multihoster.org\/pl\/worldbytez\/#primaryimage"},"datePublished":"2020-04-20T09:20:34+00:00","dateModified":"2020-04-20T11:49:04+00:00","description":"Czy Worldbytez jest renomowanym dostawc\u0105 czy nie, odpowied\u017a znajdziesz w aktualnym te\u015bcie na Multihoster.org \u279c Kliknij teraz \u271a aby przeczyta\u0107 nasze do\u015bwiadczenia!","breadcrumb":{"@id":"https:\/\/multihoster.org\/pl\/worldbytez\/#breadcrumb"},"inLanguage":"pl-PL","potentialAction":[{"@type":"ReadAction","target":["https:\/\/multihoster.org\/pl\/worldbytez\/"]}]},{"@type":"BreadcrumbList","@id":"https:\/\/multihoster.org\/pl\/worldbytez\/#breadcrumb","itemListElement":[{"@type":"ListItem","position":1,"name":"Startseite","item":"https:\/\/multihoster.org\/pl\/"},{"@type":"ListItem","position":2,"name":"Worldbytez Premium Konto: Filehoster W Skr\u00f3cie"}]}]}},"_links":{"self":[{"href":"https:\/\/multihoster.org\/pl\/wp-json\/wp\/v2\/pages\/4016"}],"collection":[{"href":"https:\/\/multihoster.org\/pl\/wp-json\/wp\/v2\/pages"}],"about":[{"href":"https:\/\/multihoster.org\/pl\/wp-json\/wp\/v2\/types\/page"}],"author":[{"embeddable":true,"href":"https:\/\/multihoster.org\/pl\/wp-json\/wp\/v2\/users\/2"}],"replies":[{"embeddable":true,"href":"https:\/\/multihoster.org\/pl\/wp-json\/wp\/v2\/comments?post=4016"}],"version-history":[{"count":2,"href":"https:\/\/multihoster.org\/pl\/wp-json\/wp\/v2\/pages\/4016\/revisions"}],"predecessor-version":[{"id":4037,"href":"https:\/\/multihoster.org\/pl\/wp-json\/wp\/v2\/pages\/4016\/revisions\/4037"}],"wp:attachment":[{"href":"https:\/\/multihoster.org\/pl\/wp-json\/wp\/v2\/media?parent=4016"}],"curies":[{"name":"wp","href":"https:\/\/api.w.org\/{rel}","templated":true}]}}