{"id":4055,"date":"2020-04-20T12:20:17","date_gmt":"2020-04-20T12:20:17","guid":{"rendered":"https:\/\/multihoster.org\/icerbox\/"},"modified":"2020-04-20T15:18:53","modified_gmt":"2020-04-20T15:18:53","slug":"icerbox","status":"publish","type":"page","link":"https:\/\/multihoster.org\/pl\/icerbox\/","title":{"rendered":"Icerbox Premium Konto: Filehoster W Skr\u00f3cie"},"content":{"rendered":"<a class=\"maxbutton-2 maxbutton maxbutton-cta\" target=\"_blank\" rel=\"nofollow noopener\" href=\"\/go\/\"><span class='mb-text'>&gt;&gt; Przejd\u017a do strony Oryginalnego Linkifier<\/span><\/a>\n\n\n<p><\/p>\n\n\n\n<h2>Co to jest Icerbox?<\/h2>\n\n\n\n<figure class=\"wp-block-image\"><img src=\"https:\/\/lh3.googleusercontent.com\/493jzcDX3PFt-Lt4SzyCUiMVL0kxnjE6P0HOZhCqmVcMoXTpG1Y-ZLhg51E6BcSVBUnWtZKDSkPAV93vpvaRYBqO7t0CUSYNX_YvYEzLePQxXWa2jTTsfKVAKx5fduxWmtxehI4\" alt=\"Icerbox Logo\"\/><\/figure>\n\n\n\n<p>Icerbox to us\u0142uga pami\u0119ci masowej w chmurze, kt\u00f3ra w bardzo prosty spos\u00f3b zapewnia swoim u\u017cytkownikom satysfakcjonuj\u0105c\u0105 obs\u0142ug\u0119 i innowacyjne funkcje. Icerbox Premium posiada bardzo wygodny system zarz\u0105dzania, kt\u00f3ry oferuje wi\u0119ksz\u0105 szybko\u015b\u0107 po\u0142\u0105cze\u0144, wi\u0119ksz\u0105 pojemno\u015b\u0107 pami\u0119ci masowej i bezpieczn\u0105 us\u0142ug\u0119 przechowywania danych w chmurze. Posiada r\u00f3wnie\u017c funkcj\u0119 wielozadaniowo\u015bci, kt\u00f3ra umo\u017cliwia u\u017cytkownikom pobieranie i przesy\u0142anie wielu plik\u00f3w w celu \u0142atwiejszego przesy\u0142ania i dost\u0119pu. Funkcja ta jest r\u00f3wnie\u017c dost\u0119pna w innych us\u0142ugach hostingu plik\u00f3w online, ale Icerbox Premium umo\u017cliwia korzystanie z tych us\u0142ug za ni\u017csz\u0105 op\u0142at\u0105.<\/p>\n\n\n\n<h2>Dlaczego warto za\u0142o\u017cy\u0107 konto Icerbox Premium?<\/h2>\n\n\n\n<p>Icerbox jest dobry sam w sobie, ale u\u017cytkownicy mog\u0105 znacznie poprawi\u0107 swoje us\u0142ugi poprzez posiadanie konta Icerbox Premium. Konto Icerbox Premium otwiera przed u\u017cytkownikami szerok\u0105 list\u0119 wspania\u0142ych i innowacyjnych funkcji. Z kontem Icerbox Premium u\u017cytkownicy maj\u0105 prawo do wi\u0119kszej pojemno\u015bci pami\u0119ci masowej i szybszych po\u0142\u0105cze\u0144 z serwerem. U\u017cytkownicy Premium korzystaj\u0105 z wi\u0119kszej przepustowo\u015bci, aby zapewni\u0107 sobie szybszy dost\u0119p do w\u0142asnej pami\u0119ci masowej, nie wspominaj\u0105c o wysokim priorytecie w ruchu sieciowym. U\u017cytkownicy Icerbox Premium s\u0105 r\u00f3wnie\u017c wolni od irytuj\u0105cych pop-up\u00f3w i reklam. Wszystkie te us\u0142ugi kosztuj\u0105 tylko mniej ni\u017c sto dolar\u00f3w za miesi\u0105c.<\/p>\n\n\n\n<h3>Back-Up danych<\/h3>\n\n\n\n<p>Icerbox Premium posiada funkcj\u0119 Back-Up, kt\u00f3ra mo\u017ce by\u0107 u\u017cyta do zabezpieczenia wa\u017cnych plik\u00f3w do przysz\u0142ego u\u017cytku. Bezpiecze\u0144stwo plik\u00f3w jest bardzo wa\u017cne dla w\u0142a\u015bcicieli firm, kt\u00f3rzy maj\u0105 zbyt wiele dokument\u00f3w do przechowania. Zdrowy rozs\u0105dek nakazuje, aby firmy posiada\u0142y du\u017c\u0105 liczb\u0119 dokument\u00f3w, na kt\u00f3rych utrat\u0119 nie mog\u0105 sobie pozwoli\u0107, takich jak listy p\u0142ac, rejestry obecno\u015bci i akta danych pracownik\u00f3w. Studenci r\u00f3wnie\u017c maj\u0105 du\u017ce zapotrzebowanie na bezpiecze\u0144stwo danych. Projekty i prezentacje mog\u0105 by\u0107 zapisywane w chmurze i w razie potrzeby mog\u0105 by\u0107 dost\u0119pne p\u00f3\u017aniej. Icerbox Premium mo\u017ce by\u0107 bardzo pomocny w tworzeniu kopii zapasowych plik\u00f3w. Dzi\u0119ki bardzo bezpiecznemu i szybkiemu po\u0142\u0105czeniu, Icerbox Premium jest doskona\u0142\u0105 us\u0142ug\u0105 przechowywania w chmurze dla tych, kt\u00f3rzy maj\u0105 wysoki priorytet dla bezpiecze\u0144stwa wa\u017cnych plik\u00f3w.<\/p>\n\n\n\n<h3>Dost\u0119p wieloplatformowy <\/h3>\n\n\n\n<p>Obecny wiek jest niezaprzeczalnie bardzo szybki, \u017ce niekt\u00f3re osoby nie mog\u0105 nad\u0105\u017cy\u0107 za tym, jak musz\u0105 zarz\u0105dza\u0107 swoimi plikami i mediami. Ale od czasu rozwoju aplikacji mobilnych te trywialne kwestie zosta\u0142y rozwi\u0105zane. Ludzie mog\u0105 teraz kontrolowa\u0107 swoje zarz\u0105dzanie danymi za pomoc\u0105 aplikacji mobilnych. Na szcz\u0119\u015bcie, Icerbox Premium oferuje wieloplatformow\u0105 \u0142\u0105czno\u015b\u0107. U\u017cytkownicy mog\u0105 uzyska\u0107 dost\u0119p do swoich plik\u00f3w za po\u015brednictwem urz\u0105dze\u0144 mobilnych. Niezale\u017cnie od tego, czy jest to system Windows, Android czy IOS, us\u0142uga przechowywania danych w chmurze Icerbox Premium zyska\u0142a Twoje poparcie. Ta szeroka, wieloplatformowa funkcjonalno\u015b\u0107 oferuje bardziej elastyczne i \u0142atwe sposoby na pe\u0142ne zarz\u0105dzanie potrzebami w zakresie przechowywania plik\u00f3w i dokument\u00f3w. Ta wieloplatformowa funkcja jest r\u00f3wnie\u017c idealna dla artyst\u00f3w cyfrowych i fotograf\u00f3w, kt\u00f3rzy potrzebuj\u0105 bezpiecznie przesy\u0142a\u0107 swoje prace do w\u0142asnej pami\u0119ci masowej online.<\/p>\n\n\n\n<h3>Bezpieczne przechowywanie w chmurze<\/h3>\n\n\n\n<p>Jednym z g\u0142\u00f3wnych powod\u00f3w, dla kt\u00f3rych ludzie korzystaj\u0105 z us\u0142ug przechowywania w chmurze, jest bezpiecze\u0144stwo ich wa\u017cnych plik\u00f3w. Istniej\u0105 jednak inne us\u0142ugi hostingu plik\u00f3w, kt\u00f3re \u0142atwo naruszaj\u0105 przechowywanie i baz\u0119 danych. Mo\u017ce to by\u0107 bardzo z\u0142e, zw\u0142aszcza je\u015bli przechowujesz wa\u017cne dokumenty lub no\u015bniki w chmurze. Z kolei Icerbox Premium posiada bardzo bezpieczn\u0105 pami\u0119\u0107 masow\u0105 w chmurze. Icerbox korzysta z centr\u00f3w danych, aby zapewni\u0107, \u017ce wszystkie pliki wysy\u0142ane przez u\u017cytkownik\u00f3w s\u0105 bezpiecznie przechowywane w ich chmurze. W Internecie istnieje wiele z\u0142o\u015bliwych podmiot\u00f3w, kt\u00f3re tylko czekaj\u0105, aby ukra\u015b\u0107 wa\u017cne pliki i no\u015bniki danych potencjalnym ofiarom, ale funkcje bezpiecze\u0144stwa Icerbox Premium eliminuj\u0105 ryzyko potencjalnego w\u0142amania i kradzie\u017cy no\u015bnik\u00f3w i dokument\u00f3w.<\/p>\n\n\n\n<h3>Wi\u0119ksza pojemno\u015b\u0107 magazynowa <\/h3>\n\n\n\n<p>Z kontem Icerbox Premium otrzymujesz zwi\u0119kszon\u0105 pojemno\u015b\u0107 pami\u0119ci masowej. Zazwyczaj bezp\u0142atni u\u017cytkownicy maj\u0105 do dyspozycji tylko ograniczon\u0105 ilo\u015b\u0107 pami\u0119ci masowej, ale korzystanie z konta Icerbox Premium pozwala na korzystanie z pami\u0119ci masowej o \u0142\u0105cznej pojemno\u015bci 1 TB w chmurze. Przechowuj wszystkie pliki, kt\u00f3re chcesz, nie martwi\u0105c si\u0119 o wyczerpanie dost\u0119pnej pojemno\u015bci pami\u0119ci masowej. Niezale\u017cnie od tego, czy chodzi o multimedia, czy du\u017ce pliki wideo, Icerbox Premium zapewni Ci pami\u0119\u0107 masow\u0105, kt\u00f3ra pomie\u015bci pliki o du\u017cych rozmiarach. Tw\u00f3rcy tre\u015bci mog\u0105 skorzysta\u0107 z tej ogromnej pojemno\u015bci pami\u0119ci masowej, przesy\u0142aj\u0105c swoje tre\u015bci online i przechowuj\u0105c swoje prace bezpiecznie w pami\u0119ci masowej w chmurze.<\/p>\n\n\n\n<h3>Nie ma reklam<\/h3>\n\n\n\n<p>W przeciwie\u0144stwie do konta darmowego, kt\u00f3re czerpie dochody z reklam, konto Icerbox Premium jest wolne od takich irytuj\u0105cych pop-up\u00f3w. Korzystaj z us\u0142ugi Icerbox Premium, nie b\u0119d\u0105c pods\u0142uchiwanym przez reklamy, kt\u00f3re mog\u0105 przenie\u015b\u0107 Ci\u0119 na inne strony internetowe.<\/p>\n\n\n<a class=\"maxbutton-2 maxbutton maxbutton-cta\" target=\"_blank\" rel=\"nofollow noopener\" href=\"\/go\/\"><span class='mb-text'>&gt;&gt; Przejd\u017a do strony Oryginalnego Linkifier<\/span><\/a>\n\n\n<p><\/p>\n\n\n\n<h3>Po\u0142\u0105czenia bezpo\u015brednie<\/h3>\n\n\n\n<p>Pobieranie plik\u00f3w i innych tre\u015bci z pami\u0119ci masowej Icerbox Premium w chmurze jest bardzo proste z kontem Icerbox Premium. U\u017cytkownicy kont Premium mog\u0105 korzysta\u0107 z adres\u00f3w URL i link\u00f3w bezpo\u015brednich, aby uzyska\u0107 szybszy dost\u0119p do swoich plik\u00f3w i tre\u015bci. Te adresy URL mog\u0105 by\u0107 r\u00f3wnie\u017c wykorzystywane do udost\u0119pniania swoich plik\u00f3w komukolwiek, kto chce. Ta funkcja konta Icerbox Premium pozwala na bezproblemowe zarz\u0105dzanie plikami. Jest to zalecane do wykorzystania w miejscu pracy. Osoby pracuj\u0105ce nad projektem mog\u0105 \u0142atwo udost\u0119pnia\u0107 swoje wa\u017cne pliki za pomoc\u0105 jednego linku. Pozosta\u0142e osoby w grupie mog\u0105 wtedy pobiera\u0107 pliki samodzielnie. Ten bezpo\u015bredni link w Icerbox Premium oferuje bardzo prosty i jednocze\u015bnie bezpieczny spos\u00f3b dzielenia si\u0119 wa\u017cnymi plikami pomi\u0119dzy przyjaci\u00f3\u0142mi i r\u00f3wie\u015bnikami. Wszystko, co musisz zrobi\u0107, to skopiowa\u0107 i wklei\u0107 adres URL, a Tw\u00f3j plik jest gotowy do u\u017cycia.<\/p>\n\n\n\n<figure class=\"wp-block-image\"><img src=\"https:\/\/lh3.googleusercontent.com\/HQNhdcagPamIueLOxgMqcKHczdiPnzCTHziaGCU8fl5jGCfi34JrXESuIjWn0wckTDMEg2hYRWAlCrPd-qL0EjhOMWbgBcBfa0rrMKEaq-Q14OSdRbdSa0AYVaM81sHcnq4BFbw\" alt=\"Icerbox Premium features\"\/><\/figure>\n\n\n\n<h2>Jak uzyska\u0107 w\u0142asne konto Icerbox Premium?<\/h2>\n\n\n\n<p>Icerbox Premium posiada wiele elastycznych pakiet\u00f3w do wyboru. Mo\u017cesz wybra\u0107 plan abonamentowy, kt\u00f3ry w pe\u0142ni odpowiada Twoim potrzebom i biznesowi. U\u017cytkownicy mog\u0105 swobodnie wybiera\u0107 spo\u015br\u00f3d trzech rodzaj\u00f3w kont: Basic, Medium i Big. Wszystkie maj\u0105 r\u00f3\u017cne pakiety w zale\u017cno\u015bci od potrzeb swoich u\u017cytkownik\u00f3w.<\/p>\n\n\n\n<p>Poni\u017cej znajduje si\u0119 por\u00f3wnanie typ\u00f3w kont Premium:<\/p>\n\n\n\n<figure class=\"wp-block-table\"><table class=\"\"><tbody><tr><td>Rodzaj rachunku<\/td><td>Podstawowe<\/td><td>Medium<\/td><td>Big<\/td><\/tr><tr><td>Czas trwania pomocy<\/td><td>1 miesi\u0105c<\/td><td>3 miesi\u0105ce<\/td><td>6 miesi\u0105ce<\/td><\/tr><tr><td>Wielko\u015b\u0107 magazynu<\/td><td>500 GB<\/td><td>750 GB<\/td><td>1 TB<\/td><\/tr><tr><td>Pr\u0119dko\u015b\u0107<\/td><td>Nieograniczony<\/td><td>Nieograniczony<\/td><td>Nieograniczony<\/td><\/tr><tr><td>Koszt<\/td><td>$17<\/td><td>$40<\/td><td>$70<\/td><\/tr><tr><td>\u015arednia na dzie\u0144<\/td><td>$0.57 za dzie\u0144<\/td><td>$0.44 za dzie\u0144<\/td><td>$0.39 za dzie\u0144<\/td><\/tr><\/tbody><\/table><\/figure>\n\n\n\n<p>Mo\u017cesz zauwa\u017cy\u0107, \u017ce im wi\u0119ksze konto, tym wi\u0119ksza kwota, kt\u00f3r\u0105 mo\u017cesz zaoszcz\u0119dzi\u0107, poniewa\u017c \u015bredni koszt za dzie\u0144 r\u00f3wnie\u017c spada. Jednak\u017ce, konto, kt\u00f3re wybierzesz nadal zale\u017cy od Twoich potrzeb i mo\u017cliwo\u015bci finansowych.<\/p>\n\n\n\n<p>Icerbox Premium oferuje r\u00f3wnie\u017c r\u00f3\u017cne elastyczne sposoby otrzymywania p\u0142atno\u015bci. Nale\u017c\u0105 do nich MasterCard, VISA i PayPal. Istniej\u0105 r\u00f3wnie\u017c sprzedawcy dost\u0119pni online do wyboru.<\/p>\n\n\n\n<figure class=\"wp-block-image\"><img src=\"https:\/\/lh5.googleusercontent.com\/Fs4nM-oeJK_bUhXeZfMF4JLqTpAPCBk3ZkK53lVTJ_LJGBKCJBMJXhtX--nKfr7GuNutQ3mEAoCn-7hiAd0NqrZ2Jh-8J86HHfExiefjzlFo36keZAoJrqcQjsxrUIE1B3SJDXE\" alt=\"Icerbox Premium packages\"\/><\/figure>\n\n\n\n<h2>Konto Icerbox Premium: Najlepsza wszechstronna us\u0142uga hostingu plik\u00f3w<\/h2>\n\n\n\n<p>Potrzeba lepszego i szybszego zarz\u0105dzania plikami i mediami stosunkowo wzrasta ze wzgl\u0119du na spos\u00f3b, w jaki ludzie s\u0105 bardziej zale\u017cni od przej\u015bcia na technologi\u0119 cyfrow\u0105 we wszystkim. Od prac szkolnych po wa\u017cne dokumenty firmowe, wszystko jest obecnie przekszta\u0142cane na pliki cyfrowe. Z tym trendem, tak jak z potrzeb\u0105 \u0142atwego i szybkiego przechowywania dokument\u00f3w. Icerbox Premium posiada wszystkie potrzebne funkcje i us\u0142ugi, kt\u00f3re mog\u0105 w pe\u0142ni zaspokoi\u0107 potrzeb\u0119 tak szybkiego dost\u0119pu do plik\u00f3w i medi\u00f3w. Dzi\u0119ki bezpiecznej pami\u0119ci masowej w chmurze u\u017cytkownicy mog\u0105 by\u0107 pewni bezpiecze\u0144stwa swoich plik\u00f3w. Szybko\u015b\u0107 i zwi\u0119kszona przepustowo\u015b\u0107 to kolejna rzecz, kt\u00f3ra sprawia, \u017ce Icerbox Premium jest lepszym wyborem ni\u017c wi\u0119kszo\u015b\u0107 us\u0142ug hostingu plik\u00f3w w tej samej cenie. Icerbox Premium, mimo \u017ce jest to tani abonament, nie brakuje w nim \u017cadnych lepszych us\u0142ug. Je\u015bli jeste\u015b studentem lub tw\u00f3rc\u0105 tre\u015bci cyfrowych, w szczeg\u00f3lno\u015bci, Icerbox Premium jest najlepsz\u0105 us\u0142ug\u0105 przechowywania plik\u00f3w w chmurze online, jak\u0105 mo\u017cesz znale\u017a\u0107.<\/p>\n\n\n<a class=\"maxbutton-2 maxbutton maxbutton-cta\" target=\"_blank\" rel=\"nofollow noopener\" href=\"\/go\/\"><span class='mb-text'>&gt;&gt; Przejd\u017a do strony Oryginalnego Linkifier<\/span><\/a>\n\n\n<p><\/p>\n","protected":false},"excerpt":{"rendered":"<p>Co to jest Icerbox? Icerbox to us\u0142uga pami\u0119ci masowej w chmurze, kt\u00f3ra w bardzo prosty spos\u00f3b zapewnia swoim u\u017cytkownikom satysfakcjonuj\u0105c\u0105<\/p>\n","protected":false},"author":2,"featured_media":0,"parent":0,"menu_order":0,"comment_status":"closed","ping_status":"closed","template":"","meta":[],"yoast_head":"<!-- This site is optimized with the Yoast SEO plugin v18.3 - https:\/\/yoast.com\/wordpress\/plugins\/seo\/ -->\n<title>Icerbox Premium Konto: Filehoster W Skr\u00f3cie<\/title>\n<meta name=\"description\" content=\"Czy Icerbox jest renomowanym dostawc\u0105, czy nie, odpowied\u017a mo\u017cna znale\u017a\u0107 w aktualnym te\u015bcie na Multihoster.org \u279c Kliknij teraz \u271a, aby przeczyta\u0107 nasze do\u015bwiadczenia!\" \/>\n<meta name=\"robots\" content=\"index, follow, max-snippet:-1, max-image-preview:large, max-video-preview:-1\" \/>\n<link rel=\"canonical\" href=\"https:\/\/multihoster.org\/pl\/icerbox\/\" \/>\n<meta property=\"og:locale\" content=\"pl_PL\" \/>\n<meta property=\"og:type\" content=\"article\" \/>\n<meta property=\"og:title\" content=\"Icerbox Premium Konto: Filehoster W Skr\u00f3cie\" \/>\n<meta property=\"og:description\" content=\"Czy Icerbox jest renomowanym dostawc\u0105, czy nie, odpowied\u017a mo\u017cna znale\u017a\u0107 w aktualnym te\u015bcie na Multihoster.org \u279c Kliknij teraz \u271a, aby przeczyta\u0107 nasze do\u015bwiadczenia!\" \/>\n<meta property=\"og:url\" content=\"https:\/\/multihoster.org\/pl\/icerbox\/\" \/>\n<meta property=\"og:site_name\" content=\"Multihoster.org\" \/>\n<meta property=\"article:modified_time\" content=\"2020-04-20T15:18:53+00:00\" \/>\n<meta property=\"og:image\" content=\"https:\/\/lh3.googleusercontent.com\/493jzcDX3PFt-Lt4SzyCUiMVL0kxnjE6P0HOZhCqmVcMoXTpG1Y-ZLhg51E6BcSVBUnWtZKDSkPAV93vpvaRYBqO7t0CUSYNX_YvYEzLePQxXWa2jTTsfKVAKx5fduxWmtxehI4\" \/>\n<meta name=\"twitter:card\" content=\"summary\" \/>\n<meta name=\"twitter:label1\" content=\"Szacowany czas czytania\" \/>\n\t<meta name=\"twitter:data1\" content=\"7 minut\" \/>\n<script type=\"application\/ld+json\" class=\"yoast-schema-graph\">{\"@context\":\"https:\/\/schema.org\",\"@graph\":[{\"@type\":\"WebSite\",\"@id\":\"https:\/\/multihoster.org\/#website\",\"url\":\"https:\/\/multihoster.org\/\",\"name\":\"Multihoster.org\",\"description\":\"Reviews of the major Filehosting services\",\"potentialAction\":[{\"@type\":\"SearchAction\",\"target\":{\"@type\":\"EntryPoint\",\"urlTemplate\":\"https:\/\/multihoster.org\/?s={search_term_string}\"},\"query-input\":\"required name=search_term_string\"}],\"inLanguage\":\"pl-PL\"},{\"@type\":\"ImageObject\",\"@id\":\"https:\/\/multihoster.org\/pl\/icerbox\/#primaryimage\",\"inLanguage\":\"pl-PL\",\"url\":\"https:\/\/lh3.googleusercontent.com\/493jzcDX3PFt-Lt4SzyCUiMVL0kxnjE6P0HOZhCqmVcMoXTpG1Y-ZLhg51E6BcSVBUnWtZKDSkPAV93vpvaRYBqO7t0CUSYNX_YvYEzLePQxXWa2jTTsfKVAKx5fduxWmtxehI4\",\"contentUrl\":\"https:\/\/lh3.googleusercontent.com\/493jzcDX3PFt-Lt4SzyCUiMVL0kxnjE6P0HOZhCqmVcMoXTpG1Y-ZLhg51E6BcSVBUnWtZKDSkPAV93vpvaRYBqO7t0CUSYNX_YvYEzLePQxXWa2jTTsfKVAKx5fduxWmtxehI4\"},{\"@type\":\"WebPage\",\"@id\":\"https:\/\/multihoster.org\/pl\/icerbox\/#webpage\",\"url\":\"https:\/\/multihoster.org\/pl\/icerbox\/\",\"name\":\"Icerbox Premium Konto: Filehoster W Skr\u00f3cie\",\"isPartOf\":{\"@id\":\"https:\/\/multihoster.org\/#website\"},\"primaryImageOfPage\":{\"@id\":\"https:\/\/multihoster.org\/pl\/icerbox\/#primaryimage\"},\"datePublished\":\"2020-04-20T12:20:17+00:00\",\"dateModified\":\"2020-04-20T15:18:53+00:00\",\"description\":\"Czy Icerbox jest renomowanym dostawc\u0105, czy nie, odpowied\u017a mo\u017cna znale\u017a\u0107 w aktualnym te\u015bcie na Multihoster.org \u279c Kliknij teraz \u271a, aby przeczyta\u0107 nasze do\u015bwiadczenia!\",\"breadcrumb\":{\"@id\":\"https:\/\/multihoster.org\/pl\/icerbox\/#breadcrumb\"},\"inLanguage\":\"pl-PL\",\"potentialAction\":[{\"@type\":\"ReadAction\",\"target\":[\"https:\/\/multihoster.org\/pl\/icerbox\/\"]}]},{\"@type\":\"BreadcrumbList\",\"@id\":\"https:\/\/multihoster.org\/pl\/icerbox\/#breadcrumb\",\"itemListElement\":[{\"@type\":\"ListItem\",\"position\":1,\"name\":\"Startseite\",\"item\":\"https:\/\/multihoster.org\/pl\/\"},{\"@type\":\"ListItem\",\"position\":2,\"name\":\"Icerbox Premium Konto: Filehoster W Skr\u00f3cie\"}]}]}<\/script>\n<!-- \/ Yoast SEO plugin. -->","yoast_head_json":{"title":"Icerbox Premium Konto: Filehoster W Skr\u00f3cie","description":"Czy Icerbox jest renomowanym dostawc\u0105, czy nie, odpowied\u017a mo\u017cna znale\u017a\u0107 w aktualnym te\u015bcie na Multihoster.org \u279c Kliknij teraz \u271a, aby przeczyta\u0107 nasze do\u015bwiadczenia!","robots":{"index":"index","follow":"follow","max-snippet":"max-snippet:-1","max-image-preview":"max-image-preview:large","max-video-preview":"max-video-preview:-1"},"canonical":"https:\/\/multihoster.org\/pl\/icerbox\/","og_locale":"pl_PL","og_type":"article","og_title":"Icerbox Premium Konto: Filehoster W Skr\u00f3cie","og_description":"Czy Icerbox jest renomowanym dostawc\u0105, czy nie, odpowied\u017a mo\u017cna znale\u017a\u0107 w aktualnym te\u015bcie na Multihoster.org \u279c Kliknij teraz \u271a, aby przeczyta\u0107 nasze do\u015bwiadczenia!","og_url":"https:\/\/multihoster.org\/pl\/icerbox\/","og_site_name":"Multihoster.org","article_modified_time":"2020-04-20T15:18:53+00:00","og_image":[{"url":"https:\/\/lh3.googleusercontent.com\/493jzcDX3PFt-Lt4SzyCUiMVL0kxnjE6P0HOZhCqmVcMoXTpG1Y-ZLhg51E6BcSVBUnWtZKDSkPAV93vpvaRYBqO7t0CUSYNX_YvYEzLePQxXWa2jTTsfKVAKx5fduxWmtxehI4"}],"twitter_card":"summary","twitter_misc":{"Szacowany czas czytania":"7 minut"},"schema":{"@context":"https:\/\/schema.org","@graph":[{"@type":"WebSite","@id":"https:\/\/multihoster.org\/#website","url":"https:\/\/multihoster.org\/","name":"Multihoster.org","description":"Reviews of the major Filehosting services","potentialAction":[{"@type":"SearchAction","target":{"@type":"EntryPoint","urlTemplate":"https:\/\/multihoster.org\/?s={search_term_string}"},"query-input":"required name=search_term_string"}],"inLanguage":"pl-PL"},{"@type":"ImageObject","@id":"https:\/\/multihoster.org\/pl\/icerbox\/#primaryimage","inLanguage":"pl-PL","url":"https:\/\/lh3.googleusercontent.com\/493jzcDX3PFt-Lt4SzyCUiMVL0kxnjE6P0HOZhCqmVcMoXTpG1Y-ZLhg51E6BcSVBUnWtZKDSkPAV93vpvaRYBqO7t0CUSYNX_YvYEzLePQxXWa2jTTsfKVAKx5fduxWmtxehI4","contentUrl":"https:\/\/lh3.googleusercontent.com\/493jzcDX3PFt-Lt4SzyCUiMVL0kxnjE6P0HOZhCqmVcMoXTpG1Y-ZLhg51E6BcSVBUnWtZKDSkPAV93vpvaRYBqO7t0CUSYNX_YvYEzLePQxXWa2jTTsfKVAKx5fduxWmtxehI4"},{"@type":"WebPage","@id":"https:\/\/multihoster.org\/pl\/icerbox\/#webpage","url":"https:\/\/multihoster.org\/pl\/icerbox\/","name":"Icerbox Premium Konto: Filehoster W Skr\u00f3cie","isPartOf":{"@id":"https:\/\/multihoster.org\/#website"},"primaryImageOfPage":{"@id":"https:\/\/multihoster.org\/pl\/icerbox\/#primaryimage"},"datePublished":"2020-04-20T12:20:17+00:00","dateModified":"2020-04-20T15:18:53+00:00","description":"Czy Icerbox jest renomowanym dostawc\u0105, czy nie, odpowied\u017a mo\u017cna znale\u017a\u0107 w aktualnym te\u015bcie na Multihoster.org \u279c Kliknij teraz \u271a, aby przeczyta\u0107 nasze do\u015bwiadczenia!","breadcrumb":{"@id":"https:\/\/multihoster.org\/pl\/icerbox\/#breadcrumb"},"inLanguage":"pl-PL","potentialAction":[{"@type":"ReadAction","target":["https:\/\/multihoster.org\/pl\/icerbox\/"]}]},{"@type":"BreadcrumbList","@id":"https:\/\/multihoster.org\/pl\/icerbox\/#breadcrumb","itemListElement":[{"@type":"ListItem","position":1,"name":"Startseite","item":"https:\/\/multihoster.org\/pl\/"},{"@type":"ListItem","position":2,"name":"Icerbox Premium Konto: Filehoster W Skr\u00f3cie"}]}]}},"_links":{"self":[{"href":"https:\/\/multihoster.org\/pl\/wp-json\/wp\/v2\/pages\/4055"}],"collection":[{"href":"https:\/\/multihoster.org\/pl\/wp-json\/wp\/v2\/pages"}],"about":[{"href":"https:\/\/multihoster.org\/pl\/wp-json\/wp\/v2\/types\/page"}],"author":[{"embeddable":true,"href":"https:\/\/multihoster.org\/pl\/wp-json\/wp\/v2\/users\/2"}],"replies":[{"embeddable":true,"href":"https:\/\/multihoster.org\/pl\/wp-json\/wp\/v2\/comments?post=4055"}],"version-history":[{"count":1,"href":"https:\/\/multihoster.org\/pl\/wp-json\/wp\/v2\/pages\/4055\/revisions"}],"predecessor-version":[{"id":4066,"href":"https:\/\/multihoster.org\/pl\/wp-json\/wp\/v2\/pages\/4055\/revisions\/4066"}],"wp:attachment":[{"href":"https:\/\/multihoster.org\/pl\/wp-json\/wp\/v2\/media?parent=4055"}],"curies":[{"name":"wp","href":"https:\/\/api.w.org\/{rel}","templated":true}]}}