{"id":4115,"date":"2020-04-21T11:37:48","date_gmt":"2020-04-21T11:37:48","guid":{"rendered":"https:\/\/multihoster.org\/wipfiles\/"},"modified":"2020-04-21T13:07:51","modified_gmt":"2020-04-21T13:07:51","slug":"wipfiles","status":"publish","type":"page","link":"https:\/\/multihoster.org\/pl\/wipfiles\/","title":{"rendered":"WipFiles Premium Konto: Filehoster W Skr\u00f3cie"},"content":{"rendered":"\n<figure class=\"wp-block-image\"><img src=\"https:\/\/lh5.googleusercontent.com\/bTpIFx537dT-rest-gAP3KZZQkErDmcV1CfuQEo4e0CqhVqUiWRKJNFvA_m0cN-o6cAS9cgFIdx33rQ16G9W5XHjJx52FBjTPKn7geqWRoSYrqyb3wRpKQ1plPi2_YMDZda5atg\" alt=\"WipFiles logo\"\/><\/figure>\n\n\n\n<p>WipFiles jest jednym z dostawc\u00f3w hostingu plik\u00f3w i ma trzy r\u00f3\u017cne rodzaje kont dla swoich u\u017cytkownik\u00f3w: Konto WipFiles Free, Konto Zarejestrowane WipFiles oraz Konto Premium WipFiles.<\/p>\n\n\n\n<p>Je\u015bli u\u017cytkownik ma problem z tym, w jaki spos\u00f3b b\u0119dzie utrzymywa\u0142 swoje pliki na miejscu, bez konieczno\u015bci martwienia si\u0119 o to zawsze, to oto rozwi\u0105zanie, kt\u00f3rego potrzebuje w swoim codziennym \u017cyciu. Oto WipFiles, kt\u00f3ry jest gotowy pom\u00f3c ka\u017cdemu w zarz\u0105dzaniu plikami i us\u0142ugami. U\u017cytkownik mo\u017ce korzysta\u0107 z WipFiles, aby utrzyma\u0107 swoje pliki w miejscu, gdziekolwiek si\u0119 znajduje, i mo\u017ce mie\u0107 do nich dost\u0119p lub otwiera\u0107 je w ka\u017cdej chwili, kiedy tylko zechce, zw\u0142aszcza je\u015bli jest to pilne, np. do prezentacji projekt\u00f3w lub raport\u00f3w, czy te\u017c do pisania bada\u0144 lub prac dyplomowych i innych wa\u017cnych rzeczy. <\/p>\n\n\n\n<p>Ponadto u\u017cytkownik mo\u017ce przechowywa\u0107, pobiera\u0107, uzyskiwa\u0107 dost\u0119p, przesy\u0142a\u0107 i udost\u0119pnia\u0107 swoje dane lub pliki bez konieczno\u015bci korzystania z zewn\u0119trznych pami\u0119ci masowych lub zewn\u0119trznych sterownik\u00f3w, poniewa\u017c WipFiles zapewnia (<a rel=\"noreferrer noopener\" aria-label=\"pojemno\u015b\u0107 pami\u0119ci masowej (opens in a new tab)\" href=\"https:\/\/techterms.com\/definition\/storagecapacity\" target=\"_blank\">pojemno\u015b\u0107 pami\u0119ci masowej<\/a>) u\u017cytkownikowi mo\u017cliwo\u015b\u0107 (<a rel=\"noreferrer noopener\" aria-label=\"tworzenia kopii zapasowych (opens in a new tab)\" href=\"https:\/\/www.yourdictionary.com\/back-up\" target=\"_blank\">tworzenia kopii zapasowych<\/a>) lub pobierania swoich danych lub plik\u00f3w w dowolnym miejscu i czasie za pomoc\u0105 po\u0142\u0105czenia internetowego. WipFiles dzia\u0142a jako pami\u0119\u0107 masowa w \u015bwiecie online lub wirtualnym.<\/p>\n\n\n\n<p>Strona WipFiles jest bardzo prosta i podstawowa, kt\u00f3ra mo\u017ce by\u0107 \u0142atwo zrozumiana i u\u017cywana przez r\u00f3\u017cne typy u\u017cytkownik\u00f3w. Strona WipFiles jest r\u00f3wnie\u017c obs\u0142ugiwana przez niekt\u00f3re j\u0119zyki, dzi\u0119ki czemu u\u017cytkownicy mog\u0105 przej\u015b\u0107 na j\u0119zyk, kt\u00f3ry jest dla nich zrozumia\u0142y. Obs\u0142ugiwane j\u0119zyki strony WipFiles to angielski, rosyjski, francuski, niemiecki, turecki, arabski, polski, tajski, japo\u0144ski, hiszpa\u0144ski, w\u0119gierski i indonezyjski.<\/p>\n\n\n\n<p>U\u017cytkownik mo\u017ce r\u00f3wnie\u017c czerpa\u0107 zyski z serwisu WipFiles, dziel\u0105c si\u0119 swoimi przes\u0142anymi plikami w dowolnym miejscu, np. na portalach spo\u0142eczno\u015bciowych, blogach lub e-mailach.<\/p>\n\n\n\n<p>Dlaczego u\u017cytkownik powinien wybra\u0107 konto WipFiles Premium?<\/p>\n\n\n\n<p>\u2714 Nie ma \u017cadnych ogranicze\u0144 w przesy\u0142aniu pliku lub plik\u00f3w.<br> \u2714 Nie ma ogranicze\u0144, je\u015bli chodzi o rozmiar pliku lub plik\u00f3w do przes\u0142ania.<br> \u2714 Nie ma ogranicze\u0144 co do wielko\u015bci miejsca w magazynie.<br> \u2714 Istnieje dwadzie\u015bcia cztery gigabajty (24 GB) obj\u0119to\u015bci do pobrania ka\u017cdego dnia.<br> \u2714 Obs\u0142uguje zdalne wysy\u0142anie pliku lub plik\u00f3w.<br> \u2714 Posiada akceleratory do pobierania pliku lub plik\u00f3w.<br> \u2714 Mo\u017ce on wznowi\u0107 lub wstrzyma\u0107 pobieranie pliku lub plik\u00f3w.<br> \u2714 Nie ma op\u00f3\u017anie\u0144 w pobieraniu plik\u00f3w.<br> \u2714 Nie posiada captcha.<br> \u2714 Nie ma <a href=\"https:\/\/www.merriam-webster.com\/dictionary\/advertisement\" target=\"_blank\" rel=\"noreferrer noopener\" aria-label=\"reklamy (opens in a new tab)\">reklamy<\/a>.<br> \u2714 Nie usuwa wgranych plik\u00f3w, ale usunie je, je\u015bli w\u0142a\u015bciciel lub wgraj\u0105cy za\u017c\u0105da ich usuni\u0119cia.<\/p>\n\n\n<a class=\"maxbutton-2 maxbutton maxbutton-cta\" target=\"_blank\" rel=\"nofollow noopener\" href=\"\/go\/\"><span class='mb-text'>&gt;&gt; Przejd\u017a do strony Oryginalnego Linkifier<\/span><\/a>\n\n\n<p><\/p>\n\n\n\n<h2>Konto WipFiles Premium<\/h2>\n\n\n\n<h3>R\u00f3\u017cne cechy typ\u00f3w kont WipFiles<\/h3>\n\n\n\n<figure class=\"wp-block-table\"><table class=\"\"><tbody><tr><td><br>Cechy plik\u00f3w WipFiles <\/td><td>Bezp\u0142atnie<\/td><td>Zarejestrowany<\/td><td>Premium<\/td><\/tr><tr><td>Rozmiar pliku do przes\u0142ania (Max)<\/td><td>Sto megabajt\u00f3w (100 MB)<\/td><td>Tysi\u0105c pi\u0119\u0107set megabajt\u00f3w (1500 MB)<\/td><td>Tysi\u0105c pi\u0119\u0107set megabajt\u00f3w (1500 MB)<\/td><\/tr><tr><td>Wielko\u015b\u0107 powierzchni magazynowej<\/td><td>Bardzo ograniczone<\/td><td>Limited<\/td><td>Du\u017ca pojemno\u015b\u0107 przestrzeni magazynowej<\/td><\/tr><tr><td>Wielko\u015b\u0107 obj\u0119to\u015bci pobieranego pliku<\/td><td>Ma cztery gigabajty (4 GB) w ci\u0105gu trzech (3) dni<\/td><td>Ma siedem gigabajt\u00f3w (7 GB) w trzy (3) dni<\/td><td>Ma siedem gigabajt\u00f3w (7 GB) w trzy (3) dni<\/td><\/tr><tr><td>Przesy\u0142anie pliku lub plik\u00f3w za pomoc\u0105 zdalnego przesy\u0142ania adres\u00f3w URL<\/td><td>\u2612 Nie obs\u0142ugiwany<\/td><td>\u2612 Nie obs\u0142ugiwany<\/td><td>\u2611 Obs\u0142ugiwane<\/td><\/tr><tr><td>Korzystanie z akcelerator\u00f3w do pobierania pliku lub plik\u00f3w<\/td><td>\u2611 Obs\u0142ugiwane<\/td><td>\u2611 Obs\u0142ugiwane<\/td><td>\u2611 Obs\u0142ugiwane<\/td><\/tr><tr><td>Wznowienie pobierania pliku lub plik\u00f3w<\/td><td>\u2611 Obs\u0142ugiwane<\/td><td>\u2611 Obs\u0142ugiwane<\/td><td>\u2611 Obs\u0142ugiwane<\/td><\/tr><tr><td>Pobieranie pliku lub plik\u00f3w bez op\u00f3\u017anienia lub czasu oczekiwania<\/td><td>\u2612 Nie obs\u0142ugiwany<\/td><td>\u2612 Nie obs\u0142ugiwany <\/td><td>\u2611 Obs\u0142ugiwane<\/td><\/tr><tr><td>Pobieranie pliku lub plik\u00f3w bez captcha<\/td><td>\u2612 Nie obs\u0142ugiwany<\/td><td>\u2611 Obs\u0142ugiwane<\/td><td>\u2611 Obs\u0142ugiwane<\/td><\/tr><tr><td>Strony bez reklam<\/td><td>\u2612 Nie obs\u0142ugiwany<\/td><td>\u2612 Nie obs\u0142ugiwany<\/td><td>\u2611 Obs\u0142ugiwane<\/td><\/tr><tr><td>Usuwanie pliku lub plik\u00f3w u\u017cytkownika<\/td><td>Pliki nigdy nie zostan\u0105 usuni\u0119te<\/td><td>Pliki nigdy nie zostan\u0105 usuni\u0119te<\/td><td>Pliki nigdy nie zostan\u0105 usuni\u0119te<\/td><\/tr><\/tbody><\/table><\/figure>\n\n\n\n<p>U\u017cytkownik powinien zap\u0142aci\u0107 cen\u0119 wybranego Planu Kont Premium WipFiles, aby m\u00f3c korzysta\u0107 ze wszystkich funkcji i us\u0142ug Premium WipFiles. Poni\u017cej znajduj\u0105 si\u0119 r\u00f3\u017cne metody p\u0142atno\u015bci, aby zap\u0142aci\u0107 za konto Premium WipFiles.<\/p>\n\n\n\n<h3>Ceny planu kont Premium WipFiles<\/h3>\n\n\n\n<figure class=\"wp-block-table\"><table class=\"\"><tbody><tr><td>Dni #:<\/td><td>30<\/td><td>90<\/td><td>180<\/td><td>365<\/td><\/tr><tr><td>Cena:<\/td><td>12,95 USD<\/td><td>32,50 USD<\/td><td>58,45 USD<\/td><td>99,95 USD<\/td><\/tr><tr><td>Metody p\u0142atno\u015bci:<\/td><td>U\u017cytkownik mo\u017ce p\u0142aci\u0107 za plan kont Premium WipFiles poprzez Visa, MasterCard i PayPal.<\/td><\/tr><\/tbody><\/table><\/figure>\n\n\n\n<p>U\u017cytkownik mo\u017ce r\u00f3wnie\u017c kupi\u0107 lub zap\u0142aci\u0107 za Plan Konta Premium WipFiles oraz kod aktywacyjny Konta Premium WipFiles lub kod vouchera od lub do oficjalnych sprzedawc\u00f3w WipFiles. Poni\u017cej znajduj\u0105 si\u0119 informacje o r\u00f3\u017cnych zatwierdzonych resellerach WipFiles i obs\u0142ugiwanych przez nich metodach p\u0142atno\u015bci.<\/p>\n\n\n<a class=\"maxbutton-2 maxbutton maxbutton-cta\" target=\"_blank\" rel=\"nofollow noopener\" href=\"\/go\/\"><span class='mb-text'>&gt;&gt; Przejd\u017a do strony Oryginalnego Linkifier<\/span><\/a>\n\n\n<p><\/p>\n\n\n\n<h2>Resellerzy plik\u00f3w WipFiles i ich metody p\u0142atno\u015bci<\/h2>\n\n\n\n<figure class=\"wp-block-table\"><table class=\"\"><tbody><tr><td>Nazwa strony internetowej<\/td><td>Sposoby p\u0142atno\u015bci<\/td><td>Kontakt zespo\u0142u wsparcia <\/td><\/tr><tr><td>KeyInstant<\/td><td>Karta kredytowa lub debetowa, PayPal, VISA, MasterCard, American Express, JCB, Discover, CashU, Diners Club, Bitcoin lub Altcoin, UnionPay, Paysera, Amazon Payments, Paysafecard, Skrill, WebMoney Transfer, Neteller, Payza, LavaPay, Perfect Money, OKPay, Payssion, Payeer, Neosurf.<\/td><td>support@keyinstant.com<\/td><\/tr><tr><td>PremiumAccountz.com<\/td><td>PayPal, VISA, MasterCard, American Express, JCB, Discover, Diners Club, UnionPay, AliPay, Amazon Payments, Paysafecard, Skrill, Bitcoin lub Altcoin, WebMoney Transfer, OKPay, Payssion, CashU, Neosurf.<\/td><td>support@premiumaccountz.com<\/td><\/tr><tr><td>uTop.us<\/td><td>PayPal, Payza, Skrill, Automatyczna Izba Rozliczeniowa lub ACH, Przelew Bankowy lub Przelew Bankowy, Alipay, Alfa-Click, BitCoin lub Altcoin lub LiteCoin oraz inne waluty kryptograficzne, B-Pay, Cash4wm, CashU, OneCard, Visa, Mastercard, Amex, JCB, EasyPayWay, Local Bank Transfer (dla Chin), UnionPay (ABC, BOC, CCB, ICBC, CMB, PSBC), Indie (SBI, Axis lub Kotak), National Electronic Funds Transfer (NEFT), Liqpay, Online Banking (dla kraj\u00f3w Zjednoczonego Kr\u00f3lestwa (UK), Austrii, Australii, Belgii, Bia\u0142orusi, Brazylii, Estonii, Niemcy, Indie, Lithunia, \u0141otwa, Holandia, Nowa Zelandia, Polska, Rosja, S\u0142owacja i Ukraina), Money Gram, Neteller, Okpay, Payeer, PerfectMoney, PaySera, Paxum, POLI, Qiwi, SafetyPay, p\u0142atno\u015bci SMS lub SMS, Ukash, Unistream, Wallet One, WebMoney Transfer (WebMoney Japan, WME lub WMR lub WMZ), Wester Union, Yandex Money, Z-Payments, OOOpay, SWIFT, PaySafeCard, Banamex, Banco do Brasil, Bancomer, Bradesco, Caixa, Banco Ita\u00fa, Oxxo, Santander Mexico, oraz Openbucks (p\u0142atno\u015bci kart\u0105 upominkow\u0105).<\/td><td>uTop@uTop.us<\/td><\/tr><tr><td>Digitadiko<\/td><td>Paypal, karty kredytowe, Paysafecard, depozyt bankowy, CashU, ClickandBuy, karta kredytowa\/debetowa, Maestro, MasterCard, Visa lub Visa Electron, Ukash, OKpay, Bitcoin lub Altcoin, Webmoney Transfer, p\u0142atno\u015b\u0107 SMS-em lub sms-em, Payza, Skrill, Ideal, Sofort, Giropay, bankowo\u015b\u0107 elektroniczna (dla kraj\u00f3w Austrii, Belgii, Czech, Holandii, Litwy i S\u0142owacji), Western Union i inne.<\/td><td>sales@digitadiko.com<\/td><\/tr><tr><td>OneClickReseller<\/td><td>Karty kredytowe (Visa, Mastercard, JCB, Diners, American Express, Discover WORLDWIDE), Paysafecard (USA lub EUROPE), karty debetowe, Direct Debit, Moneybookers, Skrill, Bitcoins lub Altcoins, Inpay (Local Bank Transfer for the United States of America (USA) or United Kingdom (UK) or Europe or Australia or China, and others), Alipay, SMS or text message payment, CashU, Perfect Money, Local Bank Transfer for South America and Europe (SafetyPay), Paysera, Webmoney Transfer, Western Union<\/td><td>Sales@OneClickReseller.com<\/td><\/tr><tr><td>FilePlanet Premium<\/td><td>VISA, MasterCard, Paysafecard, Sofort, Moneybookers, cashU, Przelewy24, SafetyPay, OKPAY, Bitcoin lub Altcoin lub Litecoin lub Dogecoin, WebMoney Transfer, Perfect Money, p\u0142atno\u015b\u0107 SMS-em lub SMS-em, bankowo\u015b\u0107 elektroniczna, Bank lub przelew, Privat24, QIWI, Yandex.Money.<\/td><td>dnlreseller@gmail.com<\/td><\/tr><tr><td>Hotfile Premium Store<\/td><td>Karty kredytowe (Visa i Mastercard), karty debetowe (Indie 52 Banki), Net Banking, karty Cash Cards, Depozyt got\u00f3wkowy (ICICI i SBI Bank), National Electronic Funds Transfer (NEFT), Western Union, Demand Draft, Depozyt czekowy, Webmoney Transfer, Bitcoins lub Altcoins, Money Gram<\/td><td>hotfilepremiumstore@gmail.com<\/td><\/tr><tr><td>BigShareShop<\/td><td>Bitcoins lub Altcoins, PayPal, WebMoney Transfer, CashU, Perfect Money, Sofort, Skrill, Payza, OKPay (portfel cyfrowy)<\/td><td>info@bigshareshop.com<\/td><\/tr><\/tbody><\/table><\/figure>\n\n\n\n<p>For specific countries:<\/p>\n\n\n\n<figure class=\"wp-block-table\"><table class=\"\"><tbody><tr><td>PayNow.taobao.com (Azja i Chiny)<\/td><td>Taobao, Alipay, UnionPay, karty kredytowe i wszystkie inne chi\u0144skie banki<\/td><td>spider@live.in<\/td><\/tr><tr><td>Premium in Rupees (India)<\/td><td>Karta kredytowa tylko w Indiach, Visa i Mastercard tylko w Indiach, Karta debetowa (Indie 52 Banki), Net Banking, Karty got\u00f3wkowe, Depozyt got\u00f3wkowy (ICICI i SBI Bank), National Electronic Funds Transfer (NEFT), Western Union, Demand Draft, Depozyt czekowy, Webmoney Transfer, Bitcoins lub Altcoin, Money Gram<\/td><td>premiuminrupees@gmail.com<\/td><\/tr><\/tbody><\/table><\/figure>\n\n\n\n<p><\/p>\n\n\n\n<h2>Dowiedz si\u0119, jak aktywowa\u0107 konto Premium plik\u00f3w WipFiles<\/h2>\n\n\n\n<p>Aktywacja konta Premium plik\u00f3w WipFiles jest bardzo wa\u017cna dla u\u017cytkownika, aby m\u00f3g\u0142 on korzysta\u0107 i cieszy\u0107 si\u0119 wszystkimi jego funkcjami i us\u0142ugami. Aby aktywowa\u0107 konto Premium WipFiles, u\u017cytkownik powinien zakupi\u0107 kod lub klucz aktywacyjny na stronie WipFiles lub na stronie, na kt\u00f3rej znajduj\u0105 si\u0119 zatwierdzeni odsprzedawcy WipFiles. Prosz\u0119 post\u0119powa\u0107 zgodnie z poni\u017cszymi instrukcjami, aby go aktywowa\u0107.<\/p>\n\n\n\n<ol><li>U\u017cytkownik powinien zarejestrowa\u0107 si\u0119 na stronie rejestracji WipFiles (http:\/\/wipfiles.net\/?op=registration), aby najpierw utworzy\u0107 swoje konto dla WipFiles. Po utworzeniu i potwierdzeniu swojego konta, mo\u017ce on zalogowa\u0107 si\u0119 na swoje konto na stronie logowania WipFiles pod adresem http:\/\/wipfiles.net\/login.html, aby przej\u015b\u0107 na stron\u0119 &#8222;Moje konto&#8221; (http:\/\/wipfiles.net\/?op=my_account).<\/li><li> Kiedy u\u017cytkownik znajduje si\u0119 na stronie &#8222;Moje Konto&#8221; WipFiles, poszukaj pola &#8222;Zastosuj Premium Key&#8221;.<\/li><li> W polu &#8222;Apply Premium Key&#8221;, prosz\u0119 wklei\u0107 kod aktywacyjny lub klucz do konta WipFiles Premium (Patrz przyk\u0142adowy obrazek poni\u017cej).<\/li><li> Kliknij na przycisk &#8222;Apply&#8221;, aby kod odzwierciedla\u0142 jego konto Premium (patrz przyk\u0142adowy obrazek poni\u017cej).<\/li><\/ol>\n\n\n\n<figure class=\"wp-block-image\"><img src=\"https:\/\/lh5.googleusercontent.com\/7WJRfpCm7A2oCIuAOLw7hQrc1eQBl_Xa0AbKbg9DGrm_q6MZ2QMHBgm9bD3GFdI5xicbq-QZ1WyRme8MKIYhFgUi98uMjo-YESsIU7BqQAvVqI7ZLEcFkMGzFvLjY6iNtsGOGus\" alt=\"WipFiles Premium Account Activation\"\/><\/figure>\n\n\n\n<h2>Skontaktuj si\u0119 z obs\u0142ug\u0105 plik\u00f3w WipFiles<\/h2>\n\n\n\n<p>U\u017cytkownik mo\u017ce skontaktowa\u0107 si\u0119 z WipFiles, je\u015bli ma jakiekolwiek pytania dotycz\u0105ce p\u0142atno\u015bci, reseller\u00f3w, plik\u00f3w, funkcji i us\u0142ug oraz produkt\u00f3w strony WipFiles lub poprzez ich e-mail pod adresem info.worldbytez@gmail.com lub poprzez ich stron\u0119 kontaktow\u0105 na swojej stronie http:\/\/wipfiles.net\/contact.html, ale powinien najpierw przeczyta\u0107 Cz\u0119sto Zadawane Pytania lub FAQ (http:\/\/wipfiles.net\/faq.html) oraz Warunki U\u017cytkowania WipFiles (http:\/\/wipfiles.net\/tos.html) przed skontaktowaniem si\u0119 z zespo\u0142em pomocy technicznej WipFiles.<\/p>\n\n\n<a class=\"maxbutton-2 maxbutton maxbutton-cta\" target=\"_blank\" rel=\"nofollow noopener\" href=\"\/go\/\"><span class='mb-text'>&gt;&gt; Przejd\u017a do strony Oryginalnego Linkifier<\/span><\/a>\n\n\n<p><\/p>\n","protected":false},"excerpt":{"rendered":"<p>WipFiles jest jednym z dostawc\u00f3w hostingu plik\u00f3w i ma trzy r\u00f3\u017cne rodzaje kont dla swoich u\u017cytkownik\u00f3w: Konto WipFiles Free, Konto<\/p>\n","protected":false},"author":2,"featured_media":0,"parent":0,"menu_order":0,"comment_status":"closed","ping_status":"closed","template":"","meta":[],"yoast_head":"<!-- This site is optimized with the Yoast SEO plugin v18.3 - https:\/\/yoast.com\/wordpress\/plugins\/seo\/ -->\n<title>WipFiles Premium Konto: Filehoster W Skr\u00f3cie<\/title>\n<meta name=\"description\" content=\"Czy WipFiles jest renomowanym dostawc\u0105 czy nie, odpowied\u017a znajdziesz w aktualnym te\u015bcie na Multihoster.org \u279c Kliknij teraz \u271a aby przeczyta\u0107 nasze do\u015bwiadczenia!\" \/>\n<meta name=\"robots\" content=\"index, follow, max-snippet:-1, max-image-preview:large, max-video-preview:-1\" \/>\n<link rel=\"canonical\" href=\"https:\/\/multihoster.org\/pl\/wipfiles\/\" \/>\n<meta property=\"og:locale\" content=\"pl_PL\" \/>\n<meta property=\"og:type\" content=\"article\" \/>\n<meta property=\"og:title\" content=\"WipFiles Premium Konto: Filehoster W Skr\u00f3cie\" \/>\n<meta property=\"og:description\" content=\"Czy WipFiles jest renomowanym dostawc\u0105 czy nie, odpowied\u017a znajdziesz w aktualnym te\u015bcie na Multihoster.org \u279c Kliknij teraz \u271a aby przeczyta\u0107 nasze do\u015bwiadczenia!\" \/>\n<meta property=\"og:url\" content=\"https:\/\/multihoster.org\/pl\/wipfiles\/\" \/>\n<meta property=\"og:site_name\" content=\"Multihoster.org\" \/>\n<meta property=\"article:modified_time\" content=\"2020-04-21T13:07:51+00:00\" \/>\n<meta property=\"og:image\" content=\"https:\/\/lh5.googleusercontent.com\/bTpIFx537dT-rest-gAP3KZZQkErDmcV1CfuQEo4e0CqhVqUiWRKJNFvA_m0cN-o6cAS9cgFIdx33rQ16G9W5XHjJx52FBjTPKn7geqWRoSYrqyb3wRpKQ1plPi2_YMDZda5atg\" \/>\n<meta name=\"twitter:card\" content=\"summary\" \/>\n<meta name=\"twitter:label1\" content=\"Szacowany czas czytania\" \/>\n\t<meta name=\"twitter:data1\" content=\"8 minut\" \/>\n<script type=\"application\/ld+json\" class=\"yoast-schema-graph\">{\"@context\":\"https:\/\/schema.org\",\"@graph\":[{\"@type\":\"WebSite\",\"@id\":\"https:\/\/multihoster.org\/#website\",\"url\":\"https:\/\/multihoster.org\/\",\"name\":\"Multihoster.org\",\"description\":\"Reviews of the major Filehosting services\",\"potentialAction\":[{\"@type\":\"SearchAction\",\"target\":{\"@type\":\"EntryPoint\",\"urlTemplate\":\"https:\/\/multihoster.org\/?s={search_term_string}\"},\"query-input\":\"required name=search_term_string\"}],\"inLanguage\":\"pl-PL\"},{\"@type\":\"ImageObject\",\"@id\":\"https:\/\/multihoster.org\/pl\/wipfiles\/#primaryimage\",\"inLanguage\":\"pl-PL\",\"url\":\"https:\/\/lh5.googleusercontent.com\/bTpIFx537dT-rest-gAP3KZZQkErDmcV1CfuQEo4e0CqhVqUiWRKJNFvA_m0cN-o6cAS9cgFIdx33rQ16G9W5XHjJx52FBjTPKn7geqWRoSYrqyb3wRpKQ1plPi2_YMDZda5atg\",\"contentUrl\":\"https:\/\/lh5.googleusercontent.com\/bTpIFx537dT-rest-gAP3KZZQkErDmcV1CfuQEo4e0CqhVqUiWRKJNFvA_m0cN-o6cAS9cgFIdx33rQ16G9W5XHjJx52FBjTPKn7geqWRoSYrqyb3wRpKQ1plPi2_YMDZda5atg\"},{\"@type\":\"WebPage\",\"@id\":\"https:\/\/multihoster.org\/pl\/wipfiles\/#webpage\",\"url\":\"https:\/\/multihoster.org\/pl\/wipfiles\/\",\"name\":\"WipFiles Premium Konto: Filehoster W Skr\u00f3cie\",\"isPartOf\":{\"@id\":\"https:\/\/multihoster.org\/#website\"},\"primaryImageOfPage\":{\"@id\":\"https:\/\/multihoster.org\/pl\/wipfiles\/#primaryimage\"},\"datePublished\":\"2020-04-21T11:37:48+00:00\",\"dateModified\":\"2020-04-21T13:07:51+00:00\",\"description\":\"Czy WipFiles jest renomowanym dostawc\u0105 czy nie, odpowied\u017a znajdziesz w aktualnym te\u015bcie na Multihoster.org \u279c Kliknij teraz \u271a aby przeczyta\u0107 nasze do\u015bwiadczenia!\",\"breadcrumb\":{\"@id\":\"https:\/\/multihoster.org\/pl\/wipfiles\/#breadcrumb\"},\"inLanguage\":\"pl-PL\",\"potentialAction\":[{\"@type\":\"ReadAction\",\"target\":[\"https:\/\/multihoster.org\/pl\/wipfiles\/\"]}]},{\"@type\":\"BreadcrumbList\",\"@id\":\"https:\/\/multihoster.org\/pl\/wipfiles\/#breadcrumb\",\"itemListElement\":[{\"@type\":\"ListItem\",\"position\":1,\"name\":\"Startseite\",\"item\":\"https:\/\/multihoster.org\/pl\/\"},{\"@type\":\"ListItem\",\"position\":2,\"name\":\"WipFiles Premium Konto: Filehoster W Skr\u00f3cie\"}]}]}<\/script>\n<!-- \/ Yoast SEO plugin. -->","yoast_head_json":{"title":"WipFiles Premium Konto: Filehoster W Skr\u00f3cie","description":"Czy WipFiles jest renomowanym dostawc\u0105 czy nie, odpowied\u017a znajdziesz w aktualnym te\u015bcie na Multihoster.org \u279c Kliknij teraz \u271a aby przeczyta\u0107 nasze do\u015bwiadczenia!","robots":{"index":"index","follow":"follow","max-snippet":"max-snippet:-1","max-image-preview":"max-image-preview:large","max-video-preview":"max-video-preview:-1"},"canonical":"https:\/\/multihoster.org\/pl\/wipfiles\/","og_locale":"pl_PL","og_type":"article","og_title":"WipFiles Premium Konto: Filehoster W Skr\u00f3cie","og_description":"Czy WipFiles jest renomowanym dostawc\u0105 czy nie, odpowied\u017a znajdziesz w aktualnym te\u015bcie na Multihoster.org \u279c Kliknij teraz \u271a aby przeczyta\u0107 nasze do\u015bwiadczenia!","og_url":"https:\/\/multihoster.org\/pl\/wipfiles\/","og_site_name":"Multihoster.org","article_modified_time":"2020-04-21T13:07:51+00:00","og_image":[{"url":"https:\/\/lh5.googleusercontent.com\/bTpIFx537dT-rest-gAP3KZZQkErDmcV1CfuQEo4e0CqhVqUiWRKJNFvA_m0cN-o6cAS9cgFIdx33rQ16G9W5XHjJx52FBjTPKn7geqWRoSYrqyb3wRpKQ1plPi2_YMDZda5atg"}],"twitter_card":"summary","twitter_misc":{"Szacowany czas czytania":"8 minut"},"schema":{"@context":"https:\/\/schema.org","@graph":[{"@type":"WebSite","@id":"https:\/\/multihoster.org\/#website","url":"https:\/\/multihoster.org\/","name":"Multihoster.org","description":"Reviews of the major Filehosting services","potentialAction":[{"@type":"SearchAction","target":{"@type":"EntryPoint","urlTemplate":"https:\/\/multihoster.org\/?s={search_term_string}"},"query-input":"required name=search_term_string"}],"inLanguage":"pl-PL"},{"@type":"ImageObject","@id":"https:\/\/multihoster.org\/pl\/wipfiles\/#primaryimage","inLanguage":"pl-PL","url":"https:\/\/lh5.googleusercontent.com\/bTpIFx537dT-rest-gAP3KZZQkErDmcV1CfuQEo4e0CqhVqUiWRKJNFvA_m0cN-o6cAS9cgFIdx33rQ16G9W5XHjJx52FBjTPKn7geqWRoSYrqyb3wRpKQ1plPi2_YMDZda5atg","contentUrl":"https:\/\/lh5.googleusercontent.com\/bTpIFx537dT-rest-gAP3KZZQkErDmcV1CfuQEo4e0CqhVqUiWRKJNFvA_m0cN-o6cAS9cgFIdx33rQ16G9W5XHjJx52FBjTPKn7geqWRoSYrqyb3wRpKQ1plPi2_YMDZda5atg"},{"@type":"WebPage","@id":"https:\/\/multihoster.org\/pl\/wipfiles\/#webpage","url":"https:\/\/multihoster.org\/pl\/wipfiles\/","name":"WipFiles Premium Konto: Filehoster W Skr\u00f3cie","isPartOf":{"@id":"https:\/\/multihoster.org\/#website"},"primaryImageOfPage":{"@id":"https:\/\/multihoster.org\/pl\/wipfiles\/#primaryimage"},"datePublished":"2020-04-21T11:37:48+00:00","dateModified":"2020-04-21T13:07:51+00:00","description":"Czy WipFiles jest renomowanym dostawc\u0105 czy nie, odpowied\u017a znajdziesz w aktualnym te\u015bcie na Multihoster.org \u279c Kliknij teraz \u271a aby przeczyta\u0107 nasze do\u015bwiadczenia!","breadcrumb":{"@id":"https:\/\/multihoster.org\/pl\/wipfiles\/#breadcrumb"},"inLanguage":"pl-PL","potentialAction":[{"@type":"ReadAction","target":["https:\/\/multihoster.org\/pl\/wipfiles\/"]}]},{"@type":"BreadcrumbList","@id":"https:\/\/multihoster.org\/pl\/wipfiles\/#breadcrumb","itemListElement":[{"@type":"ListItem","position":1,"name":"Startseite","item":"https:\/\/multihoster.org\/pl\/"},{"@type":"ListItem","position":2,"name":"WipFiles Premium Konto: Filehoster W Skr\u00f3cie"}]}]}},"_links":{"self":[{"href":"https:\/\/multihoster.org\/pl\/wp-json\/wp\/v2\/pages\/4115"}],"collection":[{"href":"https:\/\/multihoster.org\/pl\/wp-json\/wp\/v2\/pages"}],"about":[{"href":"https:\/\/multihoster.org\/pl\/wp-json\/wp\/v2\/types\/page"}],"author":[{"embeddable":true,"href":"https:\/\/multihoster.org\/pl\/wp-json\/wp\/v2\/users\/2"}],"replies":[{"embeddable":true,"href":"https:\/\/multihoster.org\/pl\/wp-json\/wp\/v2\/comments?post=4115"}],"version-history":[{"count":2,"href":"https:\/\/multihoster.org\/pl\/wp-json\/wp\/v2\/pages\/4115\/revisions"}],"predecessor-version":[{"id":4135,"href":"https:\/\/multihoster.org\/pl\/wp-json\/wp\/v2\/pages\/4115\/revisions\/4135"}],"wp:attachment":[{"href":"https:\/\/multihoster.org\/pl\/wp-json\/wp\/v2\/media?parent=4115"}],"curies":[{"name":"wp","href":"https:\/\/api.w.org\/{rel}","templated":true}]}}