{"id":4152,"date":"2020-04-21T13:38:55","date_gmt":"2020-04-21T13:38:55","guid":{"rendered":"https:\/\/multihoster.org\/hitfile\/"},"modified":"2020-04-21T14:58:29","modified_gmt":"2020-04-21T14:58:29","slug":"hitfile","status":"publish","type":"page","link":"https:\/\/multihoster.org\/pl\/hitfile\/","title":{"rendered":"HitFile Premium Konto: Filehoster W Skr\u00f3cie"},"content":{"rendered":"\n<figure class=\"wp-block-image\"><img src=\"https:\/\/lh5.googleusercontent.com\/psmArbJyOPQToAelAKReR6w8u_TN38n6-JFWYyeR1bVafnTkFlUTCWWFlurqKCkVG33WWByZVLtepWod6-ShScUoA11NeZzvEeRpH7vEPv4eaIjOFudHCCRg7SlfX6GUpFPDHKE\" alt=\"HitFile logo\"\/><\/figure>\n\n\n\n<p>HitFile jest hosterem plik\u00f3w, kt\u00f3ry mo\u017ce by\u0107 u\u017cywany do wysy\u0142ania, pobierania, udost\u0119pniania i przechowywania plik\u00f3w u\u017cytkownik\u00f3w.<\/p>\n\n\n<a class=\"maxbutton-2 maxbutton maxbutton-cta\" target=\"_blank\" rel=\"nofollow noopener\" href=\"\/go\/\"><span class='mb-text'>&gt;&gt; Przejd\u017a do strony Oryginalnego Linkifier<\/span><\/a>\n\n\n<p><\/p>\n\n\n\n<h2>Jak wgra\u0107 pliki<\/h2>\n\n\n\n<p>HitFile posiada trzy (3) metody wgrywania pliku lub plik\u00f3w. U\u017cytkownicy darmowych kont i kont premium w HitFile mog\u0105 uzyska\u0107 dost\u0119p do tych trzech metod. Zarejestrowani u\u017cytkownicy mog\u0105 korzysta\u0107 z ka\u017cdej z tych metod, ale u\u017cytkownicy, kt\u00f3rzy nie s\u0105 zarejestrowani na stronie HitFile, maj\u0105 ograniczony dost\u0119p do tych metod.<\/p>\n\n\n\n<p>Trzy (3) metody wgrywania pliku do HitFile:<\/p>\n\n\n\n<p>1. <strong>Pobieranie przegl\u0105darki<\/strong><\/p>\n\n\n\n<p>U\u017cytkownicy mog\u0105 korzysta\u0107 z dowolnej przegl\u0105darki internetowej, aby uzyska\u0107 do niej dost\u0119p. Metoda ta jest dost\u0119pna dla niezarejestrowanych i zarejestrowanych u\u017cytkownik\u00f3w.  Aby przes\u0142a\u0107 plik za pomoc\u0105 tej metody, u\u017cytkownicy powinni przej\u015b\u0107 na stron\u0119 HitFile i znale\u017a\u0107 zak\u0142adk\u0119 &#8222;Browser Upload&#8221; (patrz zdj\u0119cie poni\u017cej). Nast\u0119pnie u\u017cytkownicy mog\u0105 klikn\u0105\u0107 na przycisk &#8222;Wybierz plik&#8221;, aby wybra\u0107 plik lub pliki, lub w prosty spos\u00f3b, mog\u0105 po prostu &#8222;przeci\u0105gn\u0105\u0107 i upu\u015bci\u0107&#8221; plik lub pliki, kt\u00f3re chc\u0105 przes\u0142a\u0107 na stron\u0119.<\/p>\n\n\n\n<p><strong>2. FTP Upload<\/strong><\/p>\n\n\n\n<p><a rel=\"noreferrer noopener\" aria-label=\"FTP  (opens in a new tab)\" href=\"https:\/\/searchnetworking.techtarget.com\/definition\/File-Transfer-Protocol-FTP\" target=\"_blank\">FTP <\/a>jest kr\u00f3tkoterminowym rozwi\u0105zaniem dla protoko\u0142u przesy\u0142ania plik\u00f3w. Metoda ta jest dost\u0119pna dla niezarejestrowanych i zarejestrowanych u\u017cytkownik\u00f3w. Aby przes\u0142a\u0107 plik za pomoc\u0105 tej metody, u\u017cytkownicy powinni wej\u015b\u0107 na stron\u0119 HitFile i znale\u017a\u0107 link &#8222;FTP Upload&#8221; (patrz zdj\u0119cie poni\u017cej). Kliknij go, ale zanim u\u017cytkownik uzyska dost\u0119p do funkcji &#8222;FTP Upload&#8221;, powinien by\u0107 najpierw zalogowany na stronie HitFile.<\/p>\n\n\n\n<p><strong>3. URL Upload<\/strong><\/p>\n\n\n\n<p>Adres <a rel=\"noreferrer noopener\" aria-label=\"URL  (opens in a new tab)\" href=\"https:\/\/www.computerhope.com\/jargon\/u\/url.htm\" target=\"_blank\">URL <\/a>jest kr\u00f3tkoterminowy dla Jednolitego Lokalizatora Zasob\u00f3w. Metoda ta jest TYLKO dost\u0119pna i dost\u0119pna dla zarejestrowanych u\u017cytkownik\u00f3w. Aby przes\u0142a\u0107 plik za pomoc\u0105 tej metody, u\u017cytkownicy powinni wej\u015b\u0107 na stron\u0119 HitFile i znale\u017a\u0107 link &#8222;URL Upload&#8221; (patrz zdj\u0119cie poni\u017cej). Kliknij go, ale zanim u\u017cytkownik uzyska dost\u0119p do tej funkcji, powinien by\u0107 najpierw zalogowany na stronie HitFile.<\/p>\n\n\n\n<figure class=\"wp-block-image\"><img src=\"https:\/\/lh4.googleusercontent.com\/gVA_41CU0EDl621L4XjsBkHV5OdAaVh2jbKJHoRMxrl-R9k8ed02sHNYN7Kj_lmX78JnPNLj0NdsZ78cr31hzldmyTOBRyXfGwcBgT2uqmVbqAJdeoKiqWJRiujL6jNbWjIblrM\" alt=\"Upload Methods of HitFile\"\/><\/figure>\n\n\n\n<h2>Pobieranie pliku<\/h2>\n\n\n\n<p>W celu pobrania pliku, u\u017cytkownicy mog\u0105 skorzysta\u0107 z mened\u017cera pobierania plik\u00f3w, takiego jak poni\u017csza lista:<\/p>\n\n\n\n<ul><li>FlashGet,<\/li><li> Pobierz Akcelerator Plus,<\/li><li> W porz\u0105dku,<\/li><li> FlashGet,<\/li><li> GoZilla,<\/li><li> Google File Download Manager, oraz<\/li><li> Inni<\/li><\/ul>\n\n\n\n<h2>Tester plik\u00f3w<\/h2>\n\n\n\n<p>HitFile posiada sprawdzark\u0119 plik\u00f3w, kt\u00f3ra jest jedn\u0105 z ich dobrych cech. Jest on potrzebny do sprawdzenia pliku lub plik\u00f3w, je\u015bli s\u0105 one dost\u0119pne w bazie danych lub na serwerze HitFile.<\/p>\n\n\n\n<h3>Jak sprawdzi\u0107 plik za pomoc\u0105 programu File Checker?<\/h3>\n\n\n\n<ol><li>Przejd\u017a na stron\u0119 HitFile.<\/li><li> Przejd\u017a do dolnej cz\u0119\u015bci strony g\u0142\u00f3wnej witryny.<\/li><li> Znajd\u017a link &#8222;File Checker&#8221;.<\/li><li> Kliknij na niego, a przekieruje on u\u017cytkownik\u00f3w na stron\u0119 programu &#8222;File Checker&#8221;.<\/li><li> Skopiuj link do pliku, a nast\u0119pnie wklej go w polu &#8222;File Checker&#8221;.<\/li><li> Kliknij na przycisk &#8222;Check&#8221;, aby sprawdzi\u0107 wprowadzone linki do pliku lub plik\u00f3w. U\u017cytkownicy mog\u0105 r\u00f3wnie\u017c wyczy\u015bci\u0107 zawarto\u015b\u0107 pude\u0142ka programu do sprawdzania plik\u00f3w klikaj\u0105c na przycisk &#8222;Clear&#8221; (Wyczy\u015b\u0107).<\/li><\/ol>\n\n\n\n<h3>Zasady w programie File Checker:<\/h3>\n\n\n\n<ul><li>U\u017cytkownicy nie mog\u0105 wprowadza\u0107 link\u00f3w wi\u0119cej ni\u017c dwie\u015bcie (200) na raz.<\/li><li> U\u017cytkownicy powinni wpisywa\u0107 linki w ka\u017cdej linii. Jeden (1) link jest r\u00f3wny jednemu (1) wierszowi.<\/li><\/ul>\n\n\n\n<h3>Sprawdzanie po\u0142\u0105cze\u0144 interfejsu programowania aplikacji (API)<\/h3>\n\n\n\n<p>Ponadto, dla programist\u00f3w HitFile stworzy\u0142o i przygotowa\u0142o skrypty do korzystania z Application Programming Interface lub sprawdzania link\u00f3w <a rel=\"noreferrer noopener\" aria-label=\"API  (opens in a new tab)\" href=\"https:\/\/en.wikipedia.org\/wiki\/Application_programming_interface\" target=\"_blank\">API <\/a>w celu znalezienia pliku lub plik\u00f3w.<\/p>\n\n\n\n<p>To kilka przyk\u0142ad\u00f3w sprawdzania statusu pliku lub plik\u00f3w.<\/p>\n\n\n\n<p>1. Je\u015bli jeste\u015b programist\u0105, kt\u00f3ry chce sprawdzi\u0107 status tylko jednego (1) pliku. Nast\u0119pnie, mo\u017ce on odnie\u015b\u0107 si\u0119 do przyk\u0142adowego obrazu poni\u017cej.<\/p>\n\n\n\n<figure class=\"wp-block-image\"><img src=\"https:\/\/lh4.googleusercontent.com\/vIh0D0ak1psOMOGDcNGwP31uZ-iQqe483iMJtVWpxfcbIj5LxQlwAS8dw9C4m5JBJEJsKSlZAbLZrG25qGfeZb5x03Z_SvSlU03kQkSTAenKoP8-i2l2xdsqAnL6e7rgUE1BNLg\" alt=\"API link checker for 1 file\"\/><\/figure>\n\n\n\n<p>2.. Ale je\u015bli jeste\u015b deweloperem, kt\u00f3ry chce sprawdzi\u0107 status wi\u0119cej ni\u017c jednego (1) pliku. Nast\u0119pnie, poni\u017cszy przyk\u0142adowy obrazek jest dla Ciebie.<\/p>\n\n\n\n<figure class=\"wp-block-image\"><img src=\"https:\/\/lh3.googleusercontent.com\/pLWF2_WGdHXroQPMU1iemWrpxpLMg35sE5GpVHDHr2fyfg1YjXpwePMBZauSDTO62j2JNciJB14lfgDYUo3XrEwzcq3EkFWbRqYhxuFsf-_EQd1ScflP1En51xu_ETlroa8M0mk\" alt=\"API link checker for files\"\/><\/figure>\n\n\n\n<h2>HitFile Premium Konto <\/h2>\n\n\n\n<p>Rodzaj cz\u0142onkostwa w HitFile dla konta Premium<\/p>\n\n\n\n<figure class=\"wp-block-table\"><table class=\"\"><tbody><tr><td>Liczba dni<\/td><td>Ceny (dla pe\u0142nych)<\/td><td>Ceny (za dzie\u0144)<\/td><td>Ile pieni\u0119dzy mo\u017ce zaoszcz\u0119dzi\u0107 u\u017cytkownik?<\/td><\/tr><tr><td>25<\/td><td>9,95 USD<\/td><td>0,40 USD \/ dzie\u0144<\/td><td>Podstawowy (0 %)<\/td><\/tr><tr><td>70<\/td><td>24,95 USD<\/td><td>0,36 USD \/ dzie\u0144<\/td><td>Dziesi\u0119\u0107 procent (10%)<\/td><\/tr><tr><td>150<\/td><td>49,95 USD<\/td><td>0,33 USD \/ dzie\u0144<\/td><td>Pi\u0119tna\u015bcie procent (15%)<\/td><\/tr><tr><td>350<\/td><td>89,95 USD<\/td><td>0,26 USD \/ dzie\u0144<\/td><td>Trzydzie\u015bci pi\u0119\u0107 procent (35%)<\/td><\/tr><\/tbody><\/table><\/figure>\n\n\n\n<h3>Aktualizacja konta HitFile<\/h3>\n\n\n\n<p>U\u017cytkownicy musz\u0105 wykona\u0107 poni\u017csze kroki, aby uaktualni\u0107 konto u\u017cytkownika do konta premium.<\/p>\n\n\n<a class=\"maxbutton-2 maxbutton maxbutton-cta\" target=\"_blank\" rel=\"nofollow noopener\" href=\"\/go\/\"><span class='mb-text'>&gt;&gt; Przejd\u017a do strony Oryginalnego Linkifier<\/span><\/a>\n\n\n<p><\/p>\n\n\n\n<ol><li>U\u017cytkownicy powinni najpierw wybra\u0107, jakiego rodzaju cz\u0142onkostwa chc\u0105 lub potrzebuj\u0105.<\/li><li> Nast\u0119pnie u\u017cytkownicy musz\u0105 wybra\u0107 jedn\u0105 z metod p\u0142atno\u015bci za korzystanie z Konta Premium.<\/li><li> U\u017cytkownicy powinni zawsze sprawdza\u0107 &#8222;ochron\u0119 https&#8221;, aby w\u0142\u0105czy\u0107 zabezpieczenie przy pobieraniu pliku lub plik\u00f3w.<\/li><li> U\u017cytkownicy mog\u0105 zaznaczy\u0107 pole wyboru dla subskrypcji HitFile, ale nie mog\u0105 si\u0119 zdecydowa\u0107 na subskrypcj\u0119.<\/li><li> Wpisz jeden adres e-mail. Jest on potrzebny do otrzymywania konta Premium, kod\u00f3w Premium i aktualizacji o funkcjach, us\u0142ugach i kontach (je\u015bli s\u0105 subskrybowane).<\/li><li> Nast\u0119pnie kliknij na przycisk &#8222;Zap\u0142a\u0107 teraz&#8221;, aby przes\u0142a\u0107 wprowadzone dane i zap\u0142aci\u0107 za wybrane konto premium.<\/li><li> Je\u015bli u\u017cytkownik posiada ju\u017c kod konta premium, to powinien go wpisa\u0107 w polu, w kt\u00f3rym nale\u017cy wpisa\u0107 kod premium dla konta premium, aby aktywowa\u0107 wszystkie funkcje i us\u0142ugi premium.<\/li><\/ol>\n\n\n\n<figure class=\"wp-block-table\"><table class=\"\"><tbody><tr><td>\u2714 \u2714 \u2714 Pami\u0119taj, \u017ce u\u017cytkownicy musz\u0105 najpierw zapozna\u0107 si\u0119 z warunkami korzystania z HitFile, aby wiedzie\u0107, jak prawid\u0142owo korzysta\u0107 z funkcji i us\u0142ug strony, a tak\u017ce aby unikn\u0105\u0107 wszelkich nadu\u017cy\u0107 zwi\u0105zanych z HitFile.<\/td><\/tr><\/tbody><\/table><\/figure>\n\n\n\n<h3>P\u0142atno\u015b\u0107 za konto Premium HitFile<\/h3>\n\n\n\n<p>U\u017cytkownicy mog\u0105 p\u0142aci\u0107 za wybrany przez siebie typ cz\u0142onkostwa na konto Premium w HitFile za pomoc\u0105 r\u00f3\u017cnych metod p\u0142atno\u015bci. <\/p>\n\n\n\n<p>Obs\u0142ugiwane metody p\u0142atno\u015bci HitFile:<\/p>\n\n\n\n<ul><li>Visa,<\/li><li> MasterCard,<\/li><li> PayPal,<\/li><li> PaysafeCard,<\/li><li> Bitochenki, litewki lub inne waluty kryptograficzne<\/li><li> Sofortowa bankowo\u015b\u0107,<\/li><li> iDeal,<\/li><li> Bancontact, oraz<\/li><li> Autoryzowani sprzedawcy<\/li><\/ul>\n\n\n\n<p>U\u017cytkownicy nie musz\u0105 martwi\u0107 si\u0119 o swoje dane dotycz\u0105ce p\u0142atno\u015bci i szczeg\u00f3\u0142\u00f3w p\u0142atno\u015bci, poniewa\u017c wszystkie dane na stronie s\u0105 szyfrowane i w 100% zabezpieczone.<\/p>\n\n\n\n<h3>Konto Premium HitFile: Aktywuj go!<\/h3>\n\n\n\n<p>U\u017cytkownicy potrzebuj\u0105 kodu vouchera, aby aktywowa\u0107 swoje konto Premium i uzyska\u0107 dost\u0119p do wszystkich funkcji i us\u0142ug produktu. Mog\u0105 oni zakupi\u0107 kod voucherowy u sprzedawc\u00f3w HitFile. Aby go aktywowa\u0107, u\u017cytkownicy musz\u0105 wykona\u0107 nast\u0119puj\u0105ce procedury poni\u017cej.<\/p>\n\n\n\n<ol><li>U\u017cytkownicy musz\u0105 najpierw zakupi\u0107 kod vouchera od sprzedawc\u00f3w. Kod kuponowy, kt\u00f3ry u\u017cytkownicy zakupili dla konta Premium w HitFile, zostanie szybko dostarczony na ich adres e-mail.<\/li><li> Nast\u0119pnie powinni oni przej\u015b\u0107 na stron\u0119 HitFile, aby zalogowa\u0107 si\u0119 na swoje konto (adres e-mail i has\u0142o) na stronie logowania. Je\u015bli nie s\u0105 jeszcze zarejestrowani, powinni najpierw przej\u015b\u0107 do strony rejestracji znajduj\u0105cej si\u0119 w witrynie HitFile. U\u017cytkownicy powinni zawsze upewni\u0107 si\u0119, \u017ce s\u0105 zalogowani na stronie.<\/li><li> Nast\u0119pnie u\u017cytkownicy powinni przej\u015b\u0107 do strony Premium w witrynie HitFile i znale\u017a\u0107 pole kodu Premium, aby wprowadzi\u0107 tam kod vouchera.<\/li><li> Wprowad\u017a kod vouchera, a nast\u0119pnie kliknij na przycisk &#8222;Aktywuj kod premium&#8221;, aby aktywowa\u0107 zakupione konto premium.<\/li><\/ol>\n\n\n\n<figure class=\"wp-block-table\"><table class=\"\"><tbody><tr><td>B\u0141\u0104D: &#8222;Zbyt wiele pr\u00f3b na ten kod dost\u0119pu&#8221;<\/td><\/tr><tr><td>U\u017cytkownicy Premium mog\u0105 wchodzi\u0107 na stron\u0119 tylko do czterdziestu (40) razy dziennie, ale po udanej aktywacji konta Premium, strona zapami\u0119tuje u\u017cytkownik\u00f3w i nie prosi ponownie o kod dost\u0119pu.<\/td><\/tr><\/tbody><\/table><\/figure>\n\n\n\n<h2>Program odsprzeda\u017cy HitFile<\/h2>\n\n\n\n<p>U\u017cytkownicy mog\u0105 bra\u0107 udzia\u0142 w programie resellerskim HitFile. HitFile umo\u017cliwia resellerom dost\u0119p do lokalnych i mi\u0119dzynarodowych miejsc. U\u017cytkownicy, kt\u00f3rzy chc\u0105 uczestniczy\u0107 w programie musz\u0105 mie\u0107 swoje strony internetowe, kt\u00f3re posiadaj\u0105 system p\u0142atno\u015bci, poniewa\u017c jest to jeden z pierwszych wymog\u00f3w dla tego programu.<\/p>\n\n\n\n<p>Na razie nie wspieraj\u0105 one wst\u0119pnej wp\u0142aty na zakup kod\u00f3w premiowych.<\/p>\n\n\n\n<p>Aby u\u017cytkownicy mogli ubiega\u0107 si\u0119 o program dla reseller\u00f3w, musz\u0105 wype\u0142ni\u0107 formularz polecaj\u0105cy. Nast\u0119pnie, aplikacja u\u017cytkownik\u00f3w zostanie sprawdzona i zweryfikowana w ci\u0105gu pi\u0119ciu (5) dni roboczych od dnia z\u0142o\u017cenia aplikacji. HitFile wy\u015ble wiadomo\u015b\u0107 na adresy e-mail u\u017cytkownik\u00f3w, aby powiadomi\u0107 ich, \u017ce ich pro\u015bba lub ich wniosek o status autoryzowanego sprzedawcy HitFile zosta\u0142 zatwierdzony.<\/p>\n\n\n\n<p>Sprzedawcy plik\u00f3w HitFile &#8211; wykres Komisji<\/p>\n\n\n\n<figure class=\"wp-block-table\"><table class=\"\"><tbody><tr><td>Wielko\u015b\u0107 sprzeda\u017cy<\/td><td>Stawka rabatowa dla produktu<\/td><\/tr><tr><td>wi\u0119ksza lub r\u00f3wna 100,00 USD<\/td><td>20%<\/td><\/tr><tr><td>wi\u0119ksza lub r\u00f3wna 500,00 USD<\/td><td>22.5%<\/td><\/tr><tr><td>wi\u0119ksza lub r\u00f3wna 1 000,00 USD<\/td><td>25%<\/td><\/tr><tr><td>wi\u0119ksza lub r\u00f3wna 2 500,00 USD<\/td><td>27.5%<\/td><\/tr><tr><td>wi\u0119ksza lub r\u00f3wna 5 000,00 USD<\/td><td>30%<\/td><\/tr><tr><td>wi\u0119ksza lub r\u00f3wna 12 000,00 USD<\/td><td>32.5%<\/td><\/tr><tr><td>wi\u0119ksza lub r\u00f3wna 25 000,00 USD<\/td><td>35%<\/td><\/tr><tr><td>wi\u0119ksza lub r\u00f3wna 50 000,00 USD<\/td><td>37.5%<\/td><\/tr><tr><td>wi\u0119ksza lub r\u00f3wna 100 000,00 USD<\/td><td>40%<\/td><\/tr><\/tbody><\/table><\/figure>\n\n\n\n<h2>Otwarcie biletu<\/h2>\n\n\n\n<p>Bilet jest wykorzystywany do zg\u0142aszania pyta\u0144 i w\u0105tpliwo\u015bci u\u017cytkownika. U\u017cytkownicy mog\u0105 otworzy\u0107 bilet na stronie &#8222;Moja rozmowa&#8221;. Na tej stronie mog\u0105 r\u00f3wnie\u017c znale\u017a\u0107 swoje istniej\u0105ce bilety. Mog\u0105 r\u00f3wnie\u017c dotrze\u0107 do HitFile przez skype&#8217;a, e-mail lub poprzez bilet.<\/p>\n\n\n<a class=\"maxbutton-2 maxbutton maxbutton-cta\" target=\"_blank\" rel=\"nofollow noopener\" href=\"\/go\/\"><span class='mb-text'>&gt;&gt; Przejd\u017a do strony Oryginalnego Linkifier<\/span><\/a>\n\n\n<p><\/p>\n","protected":false},"excerpt":{"rendered":"<p>HitFile jest hosterem plik\u00f3w, kt\u00f3ry mo\u017ce by\u0107 u\u017cywany do wysy\u0142ania, pobierania, udost\u0119pniania i przechowywania plik\u00f3w u\u017cytkownik\u00f3w. Jak wgra\u0107 pliki HitFile<\/p>\n","protected":false},"author":2,"featured_media":0,"parent":0,"menu_order":0,"comment_status":"closed","ping_status":"closed","template":"","meta":[],"yoast_head":"<!-- This site is optimized with the Yoast SEO plugin v18.3 - https:\/\/yoast.com\/wordpress\/plugins\/seo\/ -->\n<title>HitFile Premium Konto: Filehoster W Skr\u00f3cie<\/title>\n<meta name=\"description\" content=\"Czy HitFile jest renomowanym dostawc\u0105 czy nie, odpowied\u017a znajdziesz w aktualnym te\u015bcie na Multihoster.org \u279c Kliknij teraz \u271a aby przeczyta\u0107 nasze do\u015bwiadczenia!\" \/>\n<meta name=\"robots\" content=\"index, follow, max-snippet:-1, max-image-preview:large, max-video-preview:-1\" \/>\n<link rel=\"canonical\" href=\"https:\/\/multihoster.org\/pl\/hitfile\/\" \/>\n<meta property=\"og:locale\" content=\"pl_PL\" \/>\n<meta property=\"og:type\" content=\"article\" \/>\n<meta property=\"og:title\" content=\"HitFile Premium Konto: Filehoster W Skr\u00f3cie\" \/>\n<meta property=\"og:description\" content=\"Czy HitFile jest renomowanym dostawc\u0105 czy nie, odpowied\u017a znajdziesz w aktualnym te\u015bcie na Multihoster.org \u279c Kliknij teraz \u271a aby przeczyta\u0107 nasze do\u015bwiadczenia!\" \/>\n<meta property=\"og:url\" content=\"https:\/\/multihoster.org\/pl\/hitfile\/\" \/>\n<meta property=\"og:site_name\" content=\"Multihoster.org\" \/>\n<meta property=\"article:modified_time\" content=\"2020-04-21T14:58:29+00:00\" \/>\n<meta property=\"og:image\" content=\"https:\/\/lh5.googleusercontent.com\/psmArbJyOPQToAelAKReR6w8u_TN38n6-JFWYyeR1bVafnTkFlUTCWWFlurqKCkVG33WWByZVLtepWod6-ShScUoA11NeZzvEeRpH7vEPv4eaIjOFudHCCRg7SlfX6GUpFPDHKE\" \/>\n<meta name=\"twitter:card\" content=\"summary\" \/>\n<meta name=\"twitter:label1\" content=\"Szacowany czas czytania\" \/>\n\t<meta name=\"twitter:data1\" content=\"7 minut\" \/>\n<script type=\"application\/ld+json\" class=\"yoast-schema-graph\">{\"@context\":\"https:\/\/schema.org\",\"@graph\":[{\"@type\":\"WebSite\",\"@id\":\"https:\/\/multihoster.org\/#website\",\"url\":\"https:\/\/multihoster.org\/\",\"name\":\"Multihoster.org\",\"description\":\"Reviews of the major Filehosting services\",\"potentialAction\":[{\"@type\":\"SearchAction\",\"target\":{\"@type\":\"EntryPoint\",\"urlTemplate\":\"https:\/\/multihoster.org\/?s={search_term_string}\"},\"query-input\":\"required name=search_term_string\"}],\"inLanguage\":\"pl-PL\"},{\"@type\":\"ImageObject\",\"@id\":\"https:\/\/multihoster.org\/pl\/hitfile\/#primaryimage\",\"inLanguage\":\"pl-PL\",\"url\":\"https:\/\/lh5.googleusercontent.com\/psmArbJyOPQToAelAKReR6w8u_TN38n6-JFWYyeR1bVafnTkFlUTCWWFlurqKCkVG33WWByZVLtepWod6-ShScUoA11NeZzvEeRpH7vEPv4eaIjOFudHCCRg7SlfX6GUpFPDHKE\",\"contentUrl\":\"https:\/\/lh5.googleusercontent.com\/psmArbJyOPQToAelAKReR6w8u_TN38n6-JFWYyeR1bVafnTkFlUTCWWFlurqKCkVG33WWByZVLtepWod6-ShScUoA11NeZzvEeRpH7vEPv4eaIjOFudHCCRg7SlfX6GUpFPDHKE\"},{\"@type\":\"WebPage\",\"@id\":\"https:\/\/multihoster.org\/pl\/hitfile\/#webpage\",\"url\":\"https:\/\/multihoster.org\/pl\/hitfile\/\",\"name\":\"HitFile Premium Konto: Filehoster W Skr\u00f3cie\",\"isPartOf\":{\"@id\":\"https:\/\/multihoster.org\/#website\"},\"primaryImageOfPage\":{\"@id\":\"https:\/\/multihoster.org\/pl\/hitfile\/#primaryimage\"},\"datePublished\":\"2020-04-21T13:38:55+00:00\",\"dateModified\":\"2020-04-21T14:58:29+00:00\",\"description\":\"Czy HitFile jest renomowanym dostawc\u0105 czy nie, odpowied\u017a znajdziesz w aktualnym te\u015bcie na Multihoster.org \u279c Kliknij teraz \u271a aby przeczyta\u0107 nasze do\u015bwiadczenia!\",\"breadcrumb\":{\"@id\":\"https:\/\/multihoster.org\/pl\/hitfile\/#breadcrumb\"},\"inLanguage\":\"pl-PL\",\"potentialAction\":[{\"@type\":\"ReadAction\",\"target\":[\"https:\/\/multihoster.org\/pl\/hitfile\/\"]}]},{\"@type\":\"BreadcrumbList\",\"@id\":\"https:\/\/multihoster.org\/pl\/hitfile\/#breadcrumb\",\"itemListElement\":[{\"@type\":\"ListItem\",\"position\":1,\"name\":\"Startseite\",\"item\":\"https:\/\/multihoster.org\/pl\/\"},{\"@type\":\"ListItem\",\"position\":2,\"name\":\"HitFile Premium Konto: Filehoster W Skr\u00f3cie\"}]}]}<\/script>\n<!-- \/ Yoast SEO plugin. -->","yoast_head_json":{"title":"HitFile Premium Konto: Filehoster W Skr\u00f3cie","description":"Czy HitFile jest renomowanym dostawc\u0105 czy nie, odpowied\u017a znajdziesz w aktualnym te\u015bcie na Multihoster.org \u279c Kliknij teraz \u271a aby przeczyta\u0107 nasze do\u015bwiadczenia!","robots":{"index":"index","follow":"follow","max-snippet":"max-snippet:-1","max-image-preview":"max-image-preview:large","max-video-preview":"max-video-preview:-1"},"canonical":"https:\/\/multihoster.org\/pl\/hitfile\/","og_locale":"pl_PL","og_type":"article","og_title":"HitFile Premium Konto: Filehoster W Skr\u00f3cie","og_description":"Czy HitFile jest renomowanym dostawc\u0105 czy nie, odpowied\u017a znajdziesz w aktualnym te\u015bcie na Multihoster.org \u279c Kliknij teraz \u271a aby przeczyta\u0107 nasze do\u015bwiadczenia!","og_url":"https:\/\/multihoster.org\/pl\/hitfile\/","og_site_name":"Multihoster.org","article_modified_time":"2020-04-21T14:58:29+00:00","og_image":[{"url":"https:\/\/lh5.googleusercontent.com\/psmArbJyOPQToAelAKReR6w8u_TN38n6-JFWYyeR1bVafnTkFlUTCWWFlurqKCkVG33WWByZVLtepWod6-ShScUoA11NeZzvEeRpH7vEPv4eaIjOFudHCCRg7SlfX6GUpFPDHKE"}],"twitter_card":"summary","twitter_misc":{"Szacowany czas czytania":"7 minut"},"schema":{"@context":"https:\/\/schema.org","@graph":[{"@type":"WebSite","@id":"https:\/\/multihoster.org\/#website","url":"https:\/\/multihoster.org\/","name":"Multihoster.org","description":"Reviews of the major Filehosting services","potentialAction":[{"@type":"SearchAction","target":{"@type":"EntryPoint","urlTemplate":"https:\/\/multihoster.org\/?s={search_term_string}"},"query-input":"required name=search_term_string"}],"inLanguage":"pl-PL"},{"@type":"ImageObject","@id":"https:\/\/multihoster.org\/pl\/hitfile\/#primaryimage","inLanguage":"pl-PL","url":"https:\/\/lh5.googleusercontent.com\/psmArbJyOPQToAelAKReR6w8u_TN38n6-JFWYyeR1bVafnTkFlUTCWWFlurqKCkVG33WWByZVLtepWod6-ShScUoA11NeZzvEeRpH7vEPv4eaIjOFudHCCRg7SlfX6GUpFPDHKE","contentUrl":"https:\/\/lh5.googleusercontent.com\/psmArbJyOPQToAelAKReR6w8u_TN38n6-JFWYyeR1bVafnTkFlUTCWWFlurqKCkVG33WWByZVLtepWod6-ShScUoA11NeZzvEeRpH7vEPv4eaIjOFudHCCRg7SlfX6GUpFPDHKE"},{"@type":"WebPage","@id":"https:\/\/multihoster.org\/pl\/hitfile\/#webpage","url":"https:\/\/multihoster.org\/pl\/hitfile\/","name":"HitFile Premium Konto: Filehoster W Skr\u00f3cie","isPartOf":{"@id":"https:\/\/multihoster.org\/#website"},"primaryImageOfPage":{"@id":"https:\/\/multihoster.org\/pl\/hitfile\/#primaryimage"},"datePublished":"2020-04-21T13:38:55+00:00","dateModified":"2020-04-21T14:58:29+00:00","description":"Czy HitFile jest renomowanym dostawc\u0105 czy nie, odpowied\u017a znajdziesz w aktualnym te\u015bcie na Multihoster.org \u279c Kliknij teraz \u271a aby przeczyta\u0107 nasze do\u015bwiadczenia!","breadcrumb":{"@id":"https:\/\/multihoster.org\/pl\/hitfile\/#breadcrumb"},"inLanguage":"pl-PL","potentialAction":[{"@type":"ReadAction","target":["https:\/\/multihoster.org\/pl\/hitfile\/"]}]},{"@type":"BreadcrumbList","@id":"https:\/\/multihoster.org\/pl\/hitfile\/#breadcrumb","itemListElement":[{"@type":"ListItem","position":1,"name":"Startseite","item":"https:\/\/multihoster.org\/pl\/"},{"@type":"ListItem","position":2,"name":"HitFile Premium Konto: Filehoster W Skr\u00f3cie"}]}]}},"_links":{"self":[{"href":"https:\/\/multihoster.org\/pl\/wp-json\/wp\/v2\/pages\/4152"}],"collection":[{"href":"https:\/\/multihoster.org\/pl\/wp-json\/wp\/v2\/pages"}],"about":[{"href":"https:\/\/multihoster.org\/pl\/wp-json\/wp\/v2\/types\/page"}],"author":[{"embeddable":true,"href":"https:\/\/multihoster.org\/pl\/wp-json\/wp\/v2\/users\/2"}],"replies":[{"embeddable":true,"href":"https:\/\/multihoster.org\/pl\/wp-json\/wp\/v2\/comments?post=4152"}],"version-history":[{"count":1,"href":"https:\/\/multihoster.org\/pl\/wp-json\/wp\/v2\/pages\/4152\/revisions"}],"predecessor-version":[{"id":4167,"href":"https:\/\/multihoster.org\/pl\/wp-json\/wp\/v2\/pages\/4152\/revisions\/4167"}],"wp:attachment":[{"href":"https:\/\/multihoster.org\/pl\/wp-json\/wp\/v2\/media?parent=4152"}],"curies":[{"name":"wp","href":"https:\/\/api.w.org\/{rel}","templated":true}]}}