{"id":4197,"date":"2020-04-22T09:42:02","date_gmt":"2020-04-22T09:42:02","guid":{"rendered":"https:\/\/multihoster.org\/easybytez-2\/"},"modified":"2020-04-22T11:01:30","modified_gmt":"2020-04-22T11:01:30","slug":"easybytez-2","status":"publish","type":"page","link":"https:\/\/multihoster.org\/pl\/easybytez-2\/","title":{"rendered":"Easybytez Premium Konto: Filehoster W Skr\u00f3cie"},"content":{"rendered":"\n<figure class=\"wp-block-image\"><img src=\"https:\/\/lh3.googleusercontent.com\/7sfcXzV_u2BPeouW-wuBjXqm-MqY932QRkL-JyOSuK8zPkTenI_E2y9N1CSskXlVvXUk4p9xSKJGO8Sf6Ih44wVJ_hMs6n57ybNKpCeG-IQrrKkupcu--8JouUcWxCYFXSUN36E\" alt=\"Easybytez logo\"\/><\/figure>\n\n\n\n<p>Easybytez jest dostawc\u0105 us\u0142ug hostingu plik\u00f3w, kt\u00f3ry oferuje pobieranie i wysy\u0142anie plik\u00f3w w dowolnym czasie i miejscu. Obs\u0142ugiwanych jest wiele typ\u00f3w plik\u00f3w, takich jak zdj\u0119cia, filmy, dokumenty i pliki archiwalne. W przeciwie\u0144stwie do innych, dro\u017cszych, bardziej z\u0142o\u017conych i skomplikowanych hoster\u00f3w plik\u00f3w, Easybytez \u017cyje do swojej nazwy, przynosz\u0105c \u0142atwy i wysokiej jako\u015bci hosting plik\u00f3w na ko\u0144cu palc\u00f3w.  Wgrywanie i pobieranie plik\u00f3w z Easybytez jest bezp\u0142atne, jednak je\u015bli chcesz korzysta\u0107 z us\u0142ugi konta Premium Easybytez i korzysta\u0107 z oferowanych przez ni\u0105 funkcji, rejestracja na konto Premium jest bardzo prosta. Ju\u017c od 3,99$ mo\u017cesz korzysta\u0107 z konta Premium Easybytez przez 7 dni. Mo\u017cesz pobiera\u0107 pliki z wielu host\u00f3w, mie\u0107 nieograniczony czas przechowywania swoich plik\u00f3w, wstrzyma\u0107 i wznowi\u0107 pobieranie, reklama darmowy dashboard i pomin\u0105\u0107 captchas. To, co wyr\u00f3\u017cnia konto Premium Easybytez na tle innych stron internetowych, to mo\u017cliwo\u015b\u0107 korzystania z nich wszystkich bez obawy o bezpiecze\u0144stwo i ochron\u0119 Twoich plik\u00f3w. W por\u00f3wnaniu do najbardziej popularnych dostawc\u00f3w us\u0142ug hostingu plik\u00f3w w Internecie, us\u0142uga Easybytez jest ta\u0144sza o ogromnej mar\u017cy i oferuje prawie te same funkcje, kt\u00f3re mo\u017cna znale\u017a\u0107 na tych stronach internetowych.<\/p>\n\n\n<a class=\"maxbutton-2 maxbutton maxbutton-cta\" target=\"_blank\" rel=\"nofollow noopener\" href=\"\/go\/\"><span class='mb-text'>&gt;&gt; Przejd\u017a do strony Oryginalnego Linkifier<\/span><\/a>\n\n\n<p><\/p>\n\n\n\n<h2>CECHY KONTA PREMIUM EASYBYTEZ<\/h2>\n\n\n\n<h3>PRZYJAZNY INTERFEJS U\u017bYTKOWNIKA<\/h3>\n\n\n\n<p>Dzi\u0119ki \u0142atwemu w obs\u0142udze i zrozumia\u0142emu interfejsowi u\u017cytkownika, przesy\u0142anie i pobieranie plik\u00f3w do <a rel=\"noreferrer noopener\" aria-label=\"pami\u0119ci masowej w chmurze (opens in a new tab)\" href=\"https:\/\/www.techopedia.com\/definition\/26535\/cloud-storage\" target=\"_blank\">pami\u0119ci masowej w chmurze<\/a> Easybyte zosta\u0142o u\u0142atwione.  Dost\u0119pno\u015b\u0107 konta premium pozwoli Ci szybko i \u0142atwo przesy\u0142a\u0107 i pobiera\u0107 pliki, bez konieczno\u015bci przechodzenia przez r\u00f3\u017cne linki lub irytuj\u0105ce reklamy. Aby przes\u0142a\u0107 plik, mo\u017cna go przeci\u0105gn\u0105\u0107 i upu\u015bci\u0107 w przegl\u0105darce, a pobieranie rozpocznie si\u0119 automatycznie. Pliki do pobrania s\u0105 dost\u0119pne za pomoc\u0105 jednego klikni\u0119cia dla w\u0142asnych plik\u00f3w, kt\u00f3re s\u0105 \u0142atwo dost\u0119pne przez Tw\u00f3j profil. Mo\u017cesz udost\u0119pni\u0107 ten link dowolnej osobie, jednak ma ona ograniczony czas na pobranie i uzyskanie dost\u0119pu do Twojego pliku, zanim link zniknie, a Ty musisz wygenerowa\u0107 kolejny. Mo\u017cesz r\u00f3wnie\u017c \u0142atwo sortowa\u0107 i organizowa\u0107 przes\u0142ane pliki wed\u0142ug kategorii, takich jak rozmiar pliku, data przes\u0142ania lub typ pliku, minimalizuj\u0105c w ten spos\u00f3b czas potrzebny na wyszukanie danego pliku w razie potrzeby. Strona internetowa Easybytez jest \u0142atwo dost\u0119pna dla ka\u017cdego, o ile jest po\u0142\u0105czona z internetem przez komputer osobisty lub urz\u0105dzenie przeno\u015bne. Na przyk\u0142ad, gdy chcesz przenie\u015b\u0107 plik z komputera osobistego w domu na inne urz\u0105dzenie w biurze w pracy, mo\u017cesz po prostu przes\u0142a\u0107 go w domu i uzyska\u0107 do niego \u0142atwy dost\u0119p oraz pobra\u0107 plik z innego komputera za pomoc\u0105 kilku prostych klikni\u0119\u0107.<\/p>\n\n\n\n<h3>NIEOGRANICZONY CZAS PRZECHOWYWANIA PLIK\u00d3W<\/h3>\n\n\n\n<p>Dzi\u0119ki bezp\u0142atnemu kontu, wszelkie przes\u0142ane pliki b\u0119d\u0105 przechowywane na serwerach przez okres do siedmiu dni, a po tym czasie zostan\u0105 usuni\u0119te na zawsze. Je\u015bli jednak pracujesz nad du\u017cymi plikami, kt\u00f3re musz\u0105 by\u0107 przechowywane lub zdalnie tworzone kopie zapasowe przez d\u0142u\u017cszy czas, skorzystanie z konta premium pozwoli Ci wykorzysta\u0107 serwery Easybytez do tworzenia kopii zapasowych tych plik\u00f3w. Firmy i ma\u0142e przedsi\u0119biorstwa, kt\u00f3re szukaj\u0105 zdalnej kopii zapasowej dla swoich najwa\u017cniejszych plik\u00f3w, mog\u0105 skorzysta\u0107 z tych funkcji najbardziej. Posiadanie niezawodnego rozwi\u0105zania pami\u0119ci masowej do tworzenia kopii zapasowych jest w dzisiejszych czasach niezb\u0119dne. W razie przypadkowego usuni\u0119cia wa\u017cnego pliku na komputerze lub urz\u0105dzeniu, mo\u017cna \u0142atwo uzyska\u0107 do niego dost\u0119p i odzyska\u0107 go z serwer\u00f3w w chmurze. Mo\u017cesz mie\u0107 pewno\u015b\u0107, \u017ce przes\u0142ane pliki nigdy nie zostan\u0105 usuni\u0119te i s\u0105 zawsze zabezpieczone, pod warunkiem \u017ce zalogujesz si\u0119 na swoje konto premium przynajmniej raz na 30 dni.<\/p>\n\n\n\n<h3>MAKSYMALNE PR\u0118DKO\u015aCI WYSY\u0141ANIA I POBIERANIA<\/h3>\n\n\n\n<p>Maksymalne pr\u0119dko\u015bci pobierania s\u0105 r\u00f3wnie\u017c dost\u0119pne dla kont Premium, aby zapewni\u0107 szybki transfer plik\u00f3w takich jak dokumenty, zdj\u0119cia czy filmy wideo. Konta Premium maj\u0105 r\u00f3wnie\u017c prawo do nadania priorytetu przy pobieraniu pliku. Nigdy nie b\u0119dziesz musia\u0142 czeka\u0107 na pobranie potrzebnych plik\u00f3w, a wszystko mo\u017cna zrobi\u0107 za pomoc\u0105 jednego klikni\u0119cia, podczas gdy bezp\u0142atni u\u017cytkownicy maj\u0105 ograniczenia, takie jak pobranie tylko 1 pliku w danym momencie. Maksymalne pr\u0119dko\u015bci transferu plik\u00f3w s\u0105 r\u00f3wnie\u017c zawarte w koncie premium, co pozwala na wgranie wi\u0119kszej ilo\u015bci plik\u00f3w w kr\u00f3tkim czasie. Korzystanie z <a rel=\"noreferrer noopener\" aria-label=\"mened\u017cer\u00f3w pobierania (opens in a new tab)\" href=\"https:\/\/encyclopedia2.thefreedictionary.com\/download+manager\" target=\"_blank\">mened\u017cer\u00f3w pobierania<\/a> jest r\u00f3wnie\u017c dozwolone w przypadku u\u017cytkownik\u00f3w kont Premium, aby upewni\u0107 si\u0119, \u017ce korzystaj\u0105 z maksymalnej pr\u0119dko\u015bci dostarczonej przez dostawc\u0119 us\u0142ug i pozwala zorganizowa\u0107 pobieranie plik\u00f3w w wygodny dla siebie spos\u00f3b. Darmowi u\u017cytkownicy mog\u0105 wysy\u0142a\u0107 tylko 1 plik na raz z limitem 200mb na plik, natomiast u\u017cytkownicy kont Premium mog\u0105 wysy\u0142a\u0107 kilka plik\u00f3w na raz, z maksymalnym rozmiarem wgrywania 5gb na plik.<\/p>\n\n\n\n<h3>WIELOKROTNE POBIERANIE I WZNAWIANIE POBIERANIA<\/h3>\n\n\n\n<p>U\u017cytkownicy kont Premium Easybytez mog\u0105 pobiera\u0107 wiele plik\u00f3w na raz. Bez konieczno\u015bci czekania na zako\u0144czenie pobierania pliku, mo\u017cesz rozpocz\u0105\u0107 pobieranie du\u017cych plik\u00f3w i natychmiast pobra\u0107 kolejny. Zaoszcz\u0119dzi Ci to czas, je\u015bli pobierasz du\u017ce pliki, takie jak filmy, kt\u00f3re s\u0105 podzielone na wiele plik\u00f3w. Wznawianie pobierania jest r\u00f3wnie\u017c dozwolone w przypadku subskrypcji planu premium. Je\u015bli musisz wstrzyma\u0107 pobieranie pliku, przy nast\u0119pnym wznowieniu pobierania rozpocznie si\u0119 ono od miejsca, w kt\u00f3rym je zostawi\u0142e\u015b, nawet je\u015bli wy\u0142\u0105czy\u0142e\u015b komputer i wyszed\u0142e\u015b z przegl\u0105darki. Wygoda wznowienia pobierania plik\u00f3w jest do Twojej dyspozycji, gdy korzystasz z konta Premium Easybyte. U\u017cytkownicy kont Premium mog\u0105 przes\u0142a\u0107 do 5gb pliku, kt\u00f3ry mo\u017ce by\u0107 przechowywany w chmurze na serwerach Easybytez na czas nieokre\u015blony.<\/p>\n\n\n<a class=\"maxbutton-2 maxbutton maxbutton-cta\" target=\"_blank\" rel=\"nofollow noopener\" href=\"\/go\/\"><span class='mb-text'>&gt;&gt; Przejd\u017a do strony Oryginalnego Linkifier<\/span><\/a>\n\n\n<p><\/p>\n\n\n\n<h3>REKLAMA I INTERFEJS &#8222;CAPTCHA-FREE<\/h3>\n\n\n\n<p>Wi\u0119kszo\u015b\u0107 stron internetowych posiada reklamy, kt\u00f3re wspieraj\u0105 ich finansowanie, aby utrzyma\u0107 go w ruchu. <a rel=\"noreferrer noopener\" aria-label=\"CAPTCHAs  (opens in a new tab)\" href=\"https:\/\/techterms.com\/definition\/captcha\" target=\"_blank\">CAPTCHAs <\/a>s\u0105 wdra\u017cane w celu zapobiegania spamowaniu przez boty pobranych plik\u00f3w i wysy\u0142aniu tre\u015bci na serwery. U\u017cytkownicy kont Premium maj\u0105 przywileje interfejsu wolnego od reklam i nie musz\u0105 odpowiada\u0107 na captchas w celu rozpocz\u0119cia \u0142adowania lub pobierania plik\u00f3w. Dzi\u0119ki temu bezp\u0142atni u\u017cytkownicy nie zak\u0142\u00f3caj\u0105 i nie przeci\u0105\u017caj\u0105 <a rel=\"noreferrer noopener\" aria-label=\"przepustowo\u015bci  (opens in a new tab)\" href=\"https:\/\/techterms.com\/definition\/bandwidth\" target=\"_blank\">przepustowo\u015bci <\/a>serwera i zapewniaj\u0105 kontom premium pierwsze\u0144stwo przy pobieraniu plik\u00f3w.<\/p>\n\n\n\n<h3>TANI I JEDNOCZE\u015aNIE BEZPIECZNY HOSTING PLIK\u00d3W<\/h3>\n\n\n\n<p>Has\u0142a mog\u0105 by\u0107 u\u017cywane do ochrony Twoich plik\u00f3w osobistych, takich jak zdj\u0119cia i filmy. Inni u\u017cytkownicy mog\u0105 przeszukiwa\u0107 i pobiera\u0107 pliki od ka\u017cdego na ca\u0142ym \u015bwiecie, a poprzez wprowadzenie bezpiecznego has\u0142a do Twoich plik\u00f3w nie mog\u0105 ich pobra\u0107 bez Twojego has\u0142a i Twojej zgody. Podczas przesy\u0142ania i pobierania plik\u00f3w stosowane s\u0105 rozszerzone metody zabezpiecze\u0144, aby zapobiec niepotrzebnym i uci\u0105\u017cliwym zachowaniom. W przypadku nieznanego dost\u0119pu do Twojego konta (np. dost\u0119p z urz\u0105dzenia, z kt\u00f3rego zazwyczaj nie korzystasz lub z nierozpoznanego adresu IP) zostanie wys\u0142ana wiadomo\u015b\u0107 e-mail z potwierdzeniem to\u017csamo\u015bci.<\/p>\n\n\n\n<p>\u017badna inna us\u0142uga hostingu plik\u00f3w nie jest zbli\u017cona do funkcji konta Premium EasyBytez.Elastyczne metody p\u0142atno\u015bci s\u0105 dost\u0119pne w przypadku skorzystania z konta Premium. Pocz\u0105wszy od 3,99 dolar\u00f3w, mo\u017cna korzysta\u0107 ze wszystkich zalet bycia posiadaczem konta premium przez 7 dni. Przed\u0142u\u017cenie subskrypcji daje Ci rabat, a dzi\u0119ki d\u0142u\u017cszemu okresowi posiadania konta premium mo\u017cesz korzysta\u0107 ze zni\u017cek nawet do 25%. P\u0142atno\u015b\u0107 za konto Premium EasyBytez jest bezpieczna i natychmiastowa. Wi\u0119kszo\u015b\u0107 kart kredytowych, takich jak Mastercard, Visa, Citibank czy American Express, jest akceptowana na stronie p\u0142atno\u015bci. Na stronie dost\u0119pnych jest r\u00f3wnie\u017c kilku dostawc\u00f3w us\u0142ug p\u0142atniczych, je\u015bli uznasz, \u017ce s\u0105 one wygodniejsze od tradycyjnych metod p\u0142atno\u015bci. P\u0142atno\u015b\u0107 dokonywana na stronie internetowej Easybytez jest szybka i bezpieczna.<\/p>\n\n\n\n<h2>KONTO DARMOWE VERSUS KONTO PREMIUM<\/h2>\n\n\n\n<figure class=\"wp-block-table\"><table class=\"\"><tbody><tr><td>FUNKCJE<\/td><td>BEZP\u0141ATNY<\/td><td>PREMIUM<\/td><\/tr><tr><td>PR\u0118DKO\u015a\u0106 JAZDY W D\u00d3\u0141<\/td><td>300Kb\/s<\/td><td>NIEOGRANICZONE<\/td><\/tr><tr><td>BANDWIDTH<\/td><td>OGRANICZONE<\/td><td>MAXIMUM<\/td><\/tr><tr><td>REKLAMY I CAPTCHA<\/td><td>TAK<\/td><td>NIE<\/td><\/tr><tr><td>LICZBA PLIK\u00d3W DO POBRANIA<\/td><td>1 W DZIEDZINIE CZASU<\/td><td>DO 5 PLIK\u00d3W<\/td><\/tr><tr><td>ZDOLNO\u015a\u0106 POBIERANIA<\/td><td>1GB\/HOUR<\/td><td>NIEOGRANICZONE<\/td><\/tr><tr><td>ZDOLNO\u015a\u0106 POBIERANIA<\/td><td>200MB<\/td><td>5GB<\/td><\/tr><tr><td>WZNOWIENIE POBIERANIA PLIK\u00d3W<\/td><td>NIE<\/td><td>ALLOWED<\/td><\/tr><tr><td>ZDOLNO\u015a\u0106 POBIERANIA<\/td><td>NIE<\/td><td>TAK<\/td><\/tr><tr><td>NATYCHMIASTOWE POBIERANIE<\/td><td>NIE<\/td><td>TAK<\/td><\/tr><\/tbody><\/table><\/figure>\n\n\n\n<h2>KORZYSTANIE Z KONTA PREMIUM JEST \u0141ATWE<\/h2>\n\n\n\n<p>\u0141atwo jest skorzysta\u0107 z konta premium, je\u015bli si\u0119 na to zdecydujesz. Na stronie internetowej Easybytez wystarczy klikn\u0105\u0107 zak\u0142adk\u0119 PREMIUM, kt\u00f3ra znajduje si\u0119 w g\u00f3rnej cz\u0119\u015bci strony. W ten spos\u00f3b przejdziesz do strony rejestracji. Wype\u0142nij niezb\u0119dne i wa\u017cne informacje, wybierz czas trwania abonamentu, a metody p\u0142atno\u015bci zostan\u0105 podane dla Ciebie. Zostanie r\u00f3wnie\u017c wys\u0142any do Ciebie e-mail z potwierdzeniem rejestracji wraz z danymi konta. <\/p>\n\n\n\n<figure class=\"wp-block-image\"><img src=\"https:\/\/lh6.googleusercontent.com\/XbpNEtdZIwyLYqDb6VDaBfktDsH_4QFTTdxK_4JYpbvaryOdF2KqUAK-mJm6sfLFfUWbYCA6ESdCTpwelxYWwg-yFOp_ZxStE14vbCRgj9fgS39BWocuoHNxqQ6zg72MQWdCtR4\" alt=\"Easybytez premium account link\"\/><\/figure>\n\n\n\n<figure class=\"wp-block-image\"><img src=\"https:\/\/lh5.googleusercontent.com\/w3uqvoyy9XNtC6Gd_seRXm2oGWEmKi9Mgm6elv3umo3eQ21EWsymgjp7gS_iNMI6MmNeKs1TVuH51iGm-5J8wp2fZe_1xg9jIoQedv6-J-ef4xSrfmIu3ZaBJS4TGozQnE8Tqic\" alt=\"Easybytez user registration form\"\/><\/figure>\n\n\n\n<p>P\u0142atno\u015b\u0107 kart\u0105 kredytow\u0105 jest zalecana, poniewa\u017c jest szybka, bezpieczna i przez wi\u0119kszo\u015b\u0107 czasu jest natychmiastowa. Je\u015bli jednak nie masz karty kredytowej, p\u0142atno\u015b\u0107 za po\u015brednictwem Paypal jest r\u00f3wnie\u017c zalecane. Metody p\u0142atno\u015bci i plany abonamentowe s\u0105 wymienione poni\u017cej.<\/p>\n\n\n\n<figure class=\"wp-block-table\"><table class=\"\"><tbody><tr><td>7 days premium<\/td><td>30 days premium<\/td><td>90 days premium<\/td><td>180 days premium<\/td><td>365 days premium<\/td><\/tr><tr><td>$3.99<\/td><td>$7.99<\/td><td>$17.99<\/td><td>$29.99<\/td><td>$54.99<\/td><\/tr><\/tbody><\/table><\/figure>\n\n\n\n<figure class=\"wp-block-image\"><img src=\"https:\/\/lh6.googleusercontent.com\/2cW4_B8fAFVEit8qPeWTkTYLv4VYbm0HSLnm24RPfRMPZE0-CoeF2ejrZosb5aF8Hp2KpD2A4cVupO70JC4qqYKNHpEjXqRR-Zwi1DlPI7vLdXl19eGEocdHHKHH5q2xjL_Mtek\" alt=\"Easybytez payment methods\"\/><\/figure>\n\n\n\n<h2>CZY EASYBYTEZ JEST BEZPIECZNY?<\/h2>\n\n\n\n<p>Easybytez zapewnia, \u017ce wszystkie informacje udost\u0119pniane przez ich u\u017cytkownik\u00f3w, takie jak dane karty kredytowej lub Tw\u00f3j adres e-mail, s\u0105 bezpieczne. Wszelkie informacje, kt\u00f3re posiadaj\u0105, nigdy nie s\u0105 nikomu udost\u0119pniane. Nawet pliki przes\u0142ane przez Ciebie s\u0105 zabezpieczone i chronione przed hakerami, kt\u00f3rzy pr\u00f3buj\u0105 uzyska\u0107 dost\u0119p do Twoich plik\u00f3w bez Twojej zgody. Zaawansowane szyfrowanie plik\u00f3w i protoko\u0142y bezpiecze\u0144stwa s\u0105 wdra\u017cane w celu ochrony Ciebie i prywatno\u015bci Twoich plik\u00f3w. Podczas gdy dozwolone jest przesy\u0142anie jakichkolwiek plik\u00f3w na serwery, inicjowane jest wst\u0119pne skanowanie plik\u00f3w w celu wykrycia z\u0142o\u015bliwego oprogramowania lub podejrzanej aktywno\u015bci.  Aby zapobiec utracie danych, wdra\u017cana jest r\u00f3wnie\u017c sta\u0142a obs\u0142uga techniczna. Wszystkie pliki wysy\u0142ane i przechowywane na serwerach s\u0105 w\u0142asno\u015bci\u0105 u\u017cytkownika i Easybytez w \u017caden spos\u00f3b nie zak\u0142\u00f3ca ich dzia\u0142ania. Zawsze mo\u017cesz zaufa\u0107 metodom zabezpiecze\u0144 Easybytez, kt\u00f3re s\u0105 wdra\u017cane w celu zaoszcz\u0119dzenia czasu i koszt\u00f3w zwi\u0105zanych z tworzeniem kopii zapasowych i przechowywaniem ich online.<\/p>\n\n\n<a class=\"maxbutton-2 maxbutton maxbutton-cta\" target=\"_blank\" rel=\"nofollow noopener\" href=\"\/go\/\"><span class='mb-text'>&gt;&gt; Przejd\u017a do strony Oryginalnego Linkifier<\/span><\/a>\n\n\n<p><\/p>\n","protected":false},"excerpt":{"rendered":"<p>Easybytez jest dostawc\u0105 us\u0142ug hostingu plik\u00f3w, kt\u00f3ry oferuje pobieranie i wysy\u0142anie plik\u00f3w w dowolnym czasie i miejscu. Obs\u0142ugiwanych jest wiele<\/p>\n","protected":false},"author":2,"featured_media":0,"parent":0,"menu_order":0,"comment_status":"closed","ping_status":"closed","template":"","meta":[],"yoast_head":"<!-- This site is optimized with the Yoast SEO plugin v18.3 - https:\/\/yoast.com\/wordpress\/plugins\/seo\/ -->\n<title>Easybytez Premium Konto: Filehoster W Skr\u00f3cie<\/title>\n<meta name=\"description\" content=\"Czy Easybytez jest renomowanym dostawc\u0105 czy nie, odpowied\u017a znajdziesz w aktualnym te\u015bcie na Multihoster.org \u279c Kliknij teraz \u271a aby przeczyta\u0107 nasze do\u015bwiadczenia!\" \/>\n<meta name=\"robots\" content=\"index, follow, max-snippet:-1, max-image-preview:large, max-video-preview:-1\" \/>\n<link rel=\"canonical\" href=\"https:\/\/multihoster.org\/pl\/easybytez-2\/\" \/>\n<meta property=\"og:locale\" content=\"pl_PL\" \/>\n<meta property=\"og:type\" content=\"article\" \/>\n<meta property=\"og:title\" content=\"Easybytez Premium Konto: Filehoster W Skr\u00f3cie\" \/>\n<meta property=\"og:description\" content=\"Czy Easybytez jest renomowanym dostawc\u0105 czy nie, odpowied\u017a znajdziesz w aktualnym te\u015bcie na Multihoster.org \u279c Kliknij teraz \u271a aby przeczyta\u0107 nasze do\u015bwiadczenia!\" \/>\n<meta property=\"og:url\" content=\"https:\/\/multihoster.org\/pl\/easybytez-2\/\" \/>\n<meta property=\"og:site_name\" content=\"Multihoster.org\" \/>\n<meta property=\"article:modified_time\" content=\"2020-04-22T11:01:30+00:00\" \/>\n<meta property=\"og:image\" content=\"https:\/\/lh3.googleusercontent.com\/7sfcXzV_u2BPeouW-wuBjXqm-MqY932QRkL-JyOSuK8zPkTenI_E2y9N1CSskXlVvXUk4p9xSKJGO8Sf6Ih44wVJ_hMs6n57ybNKpCeG-IQrrKkupcu--8JouUcWxCYFXSUN36E\" \/>\n<meta name=\"twitter:card\" content=\"summary\" \/>\n<meta name=\"twitter:label1\" content=\"Szacowany czas czytania\" \/>\n\t<meta name=\"twitter:data1\" content=\"8 minut\" \/>\n<script type=\"application\/ld+json\" class=\"yoast-schema-graph\">{\"@context\":\"https:\/\/schema.org\",\"@graph\":[{\"@type\":\"WebSite\",\"@id\":\"https:\/\/multihoster.org\/#website\",\"url\":\"https:\/\/multihoster.org\/\",\"name\":\"Multihoster.org\",\"description\":\"Reviews of the major Filehosting services\",\"potentialAction\":[{\"@type\":\"SearchAction\",\"target\":{\"@type\":\"EntryPoint\",\"urlTemplate\":\"https:\/\/multihoster.org\/?s={search_term_string}\"},\"query-input\":\"required name=search_term_string\"}],\"inLanguage\":\"pl-PL\"},{\"@type\":\"ImageObject\",\"@id\":\"https:\/\/multihoster.org\/pl\/easybytez-2\/#primaryimage\",\"inLanguage\":\"pl-PL\",\"url\":\"https:\/\/lh3.googleusercontent.com\/7sfcXzV_u2BPeouW-wuBjXqm-MqY932QRkL-JyOSuK8zPkTenI_E2y9N1CSskXlVvXUk4p9xSKJGO8Sf6Ih44wVJ_hMs6n57ybNKpCeG-IQrrKkupcu--8JouUcWxCYFXSUN36E\",\"contentUrl\":\"https:\/\/lh3.googleusercontent.com\/7sfcXzV_u2BPeouW-wuBjXqm-MqY932QRkL-JyOSuK8zPkTenI_E2y9N1CSskXlVvXUk4p9xSKJGO8Sf6Ih44wVJ_hMs6n57ybNKpCeG-IQrrKkupcu--8JouUcWxCYFXSUN36E\"},{\"@type\":\"WebPage\",\"@id\":\"https:\/\/multihoster.org\/pl\/easybytez-2\/#webpage\",\"url\":\"https:\/\/multihoster.org\/pl\/easybytez-2\/\",\"name\":\"Easybytez Premium Konto: Filehoster W Skr\u00f3cie\",\"isPartOf\":{\"@id\":\"https:\/\/multihoster.org\/#website\"},\"primaryImageOfPage\":{\"@id\":\"https:\/\/multihoster.org\/pl\/easybytez-2\/#primaryimage\"},\"datePublished\":\"2020-04-22T09:42:02+00:00\",\"dateModified\":\"2020-04-22T11:01:30+00:00\",\"description\":\"Czy Easybytez jest renomowanym dostawc\u0105 czy nie, odpowied\u017a znajdziesz w aktualnym te\u015bcie na Multihoster.org \u279c Kliknij teraz \u271a aby przeczyta\u0107 nasze do\u015bwiadczenia!\",\"breadcrumb\":{\"@id\":\"https:\/\/multihoster.org\/pl\/easybytez-2\/#breadcrumb\"},\"inLanguage\":\"pl-PL\",\"potentialAction\":[{\"@type\":\"ReadAction\",\"target\":[\"https:\/\/multihoster.org\/pl\/easybytez-2\/\"]}]},{\"@type\":\"BreadcrumbList\",\"@id\":\"https:\/\/multihoster.org\/pl\/easybytez-2\/#breadcrumb\",\"itemListElement\":[{\"@type\":\"ListItem\",\"position\":1,\"name\":\"Startseite\",\"item\":\"https:\/\/multihoster.org\/pl\/\"},{\"@type\":\"ListItem\",\"position\":2,\"name\":\"Easybytez Premium Konto: Filehoster W Skr\u00f3cie\"}]}]}<\/script>\n<!-- \/ Yoast SEO plugin. -->","yoast_head_json":{"title":"Easybytez Premium Konto: Filehoster W Skr\u00f3cie","description":"Czy Easybytez jest renomowanym dostawc\u0105 czy nie, odpowied\u017a znajdziesz w aktualnym te\u015bcie na Multihoster.org \u279c Kliknij teraz \u271a aby przeczyta\u0107 nasze do\u015bwiadczenia!","robots":{"index":"index","follow":"follow","max-snippet":"max-snippet:-1","max-image-preview":"max-image-preview:large","max-video-preview":"max-video-preview:-1"},"canonical":"https:\/\/multihoster.org\/pl\/easybytez-2\/","og_locale":"pl_PL","og_type":"article","og_title":"Easybytez Premium Konto: Filehoster W Skr\u00f3cie","og_description":"Czy Easybytez jest renomowanym dostawc\u0105 czy nie, odpowied\u017a znajdziesz w aktualnym te\u015bcie na Multihoster.org \u279c Kliknij teraz \u271a aby przeczyta\u0107 nasze do\u015bwiadczenia!","og_url":"https:\/\/multihoster.org\/pl\/easybytez-2\/","og_site_name":"Multihoster.org","article_modified_time":"2020-04-22T11:01:30+00:00","og_image":[{"url":"https:\/\/lh3.googleusercontent.com\/7sfcXzV_u2BPeouW-wuBjXqm-MqY932QRkL-JyOSuK8zPkTenI_E2y9N1CSskXlVvXUk4p9xSKJGO8Sf6Ih44wVJ_hMs6n57ybNKpCeG-IQrrKkupcu--8JouUcWxCYFXSUN36E"}],"twitter_card":"summary","twitter_misc":{"Szacowany czas czytania":"8 minut"},"schema":{"@context":"https:\/\/schema.org","@graph":[{"@type":"WebSite","@id":"https:\/\/multihoster.org\/#website","url":"https:\/\/multihoster.org\/","name":"Multihoster.org","description":"Reviews of the major Filehosting services","potentialAction":[{"@type":"SearchAction","target":{"@type":"EntryPoint","urlTemplate":"https:\/\/multihoster.org\/?s={search_term_string}"},"query-input":"required name=search_term_string"}],"inLanguage":"pl-PL"},{"@type":"ImageObject","@id":"https:\/\/multihoster.org\/pl\/easybytez-2\/#primaryimage","inLanguage":"pl-PL","url":"https:\/\/lh3.googleusercontent.com\/7sfcXzV_u2BPeouW-wuBjXqm-MqY932QRkL-JyOSuK8zPkTenI_E2y9N1CSskXlVvXUk4p9xSKJGO8Sf6Ih44wVJ_hMs6n57ybNKpCeG-IQrrKkupcu--8JouUcWxCYFXSUN36E","contentUrl":"https:\/\/lh3.googleusercontent.com\/7sfcXzV_u2BPeouW-wuBjXqm-MqY932QRkL-JyOSuK8zPkTenI_E2y9N1CSskXlVvXUk4p9xSKJGO8Sf6Ih44wVJ_hMs6n57ybNKpCeG-IQrrKkupcu--8JouUcWxCYFXSUN36E"},{"@type":"WebPage","@id":"https:\/\/multihoster.org\/pl\/easybytez-2\/#webpage","url":"https:\/\/multihoster.org\/pl\/easybytez-2\/","name":"Easybytez Premium Konto: Filehoster W Skr\u00f3cie","isPartOf":{"@id":"https:\/\/multihoster.org\/#website"},"primaryImageOfPage":{"@id":"https:\/\/multihoster.org\/pl\/easybytez-2\/#primaryimage"},"datePublished":"2020-04-22T09:42:02+00:00","dateModified":"2020-04-22T11:01:30+00:00","description":"Czy Easybytez jest renomowanym dostawc\u0105 czy nie, odpowied\u017a znajdziesz w aktualnym te\u015bcie na Multihoster.org \u279c Kliknij teraz \u271a aby przeczyta\u0107 nasze do\u015bwiadczenia!","breadcrumb":{"@id":"https:\/\/multihoster.org\/pl\/easybytez-2\/#breadcrumb"},"inLanguage":"pl-PL","potentialAction":[{"@type":"ReadAction","target":["https:\/\/multihoster.org\/pl\/easybytez-2\/"]}]},{"@type":"BreadcrumbList","@id":"https:\/\/multihoster.org\/pl\/easybytez-2\/#breadcrumb","itemListElement":[{"@type":"ListItem","position":1,"name":"Startseite","item":"https:\/\/multihoster.org\/pl\/"},{"@type":"ListItem","position":2,"name":"Easybytez Premium Konto: Filehoster W Skr\u00f3cie"}]}]}},"_links":{"self":[{"href":"https:\/\/multihoster.org\/pl\/wp-json\/wp\/v2\/pages\/4197"}],"collection":[{"href":"https:\/\/multihoster.org\/pl\/wp-json\/wp\/v2\/pages"}],"about":[{"href":"https:\/\/multihoster.org\/pl\/wp-json\/wp\/v2\/types\/page"}],"author":[{"embeddable":true,"href":"https:\/\/multihoster.org\/pl\/wp-json\/wp\/v2\/users\/2"}],"replies":[{"embeddable":true,"href":"https:\/\/multihoster.org\/pl\/wp-json\/wp\/v2\/comments?post=4197"}],"version-history":[{"count":3,"href":"https:\/\/multihoster.org\/pl\/wp-json\/wp\/v2\/pages\/4197\/revisions"}],"predecessor-version":[{"id":4226,"href":"https:\/\/multihoster.org\/pl\/wp-json\/wp\/v2\/pages\/4197\/revisions\/4226"}],"wp:attachment":[{"href":"https:\/\/multihoster.org\/pl\/wp-json\/wp\/v2\/media?parent=4197"}],"curies":[{"name":"wp","href":"https:\/\/api.w.org\/{rel}","templated":true}]}}