{"id":4227,"date":"2020-04-22T11:30:45","date_gmt":"2020-04-22T11:30:45","guid":{"rendered":"https:\/\/multihoster.org\/?page_id=4227"},"modified":"2020-04-22T15:36:30","modified_gmt":"2020-04-22T15:36:30","slug":"yuvutu","status":"publish","type":"page","link":"https:\/\/multihoster.org\/pl\/yuvutu\/","title":{"rendered":"Yuvutu Premium Konto: Best Streaming Site w skr\u00f3cie"},"content":{"rendered":"\n<div class=\"wp-block-image\"><figure class=\"aligncenter\"><img src=\"https:\/\/lh5.googleusercontent.com\/ksS0ngJd_qKDwy5l-mYDrqPQU6ueIVHGZOFdfmxVLcbxiBXqjSVR4K0_Hn078Vvkoy_qdsFqx0RIGuNvEuyxbd2fgJS9FmPQYkoQ9RA47DyGh5reN8tGpEobW4Tw6QNkJaRunA9M\" alt=\"Yuvutu Premium Account: The Best Streaming Site at a Glance\"\/><\/figure><\/div>\n\n\n\n<p>Istnieje wiele stron internetowych z filmami dla doros\u0142ych, a filmy HD dla doros\u0142ych z \u0142atwo\u015bci\u0105 sta\u0142y si\u0119 trendem, ale wszyscy wiemy, \u017ce te skryptowe filmy staj\u0105 si\u0119 coraz bardziej cliche w miar\u0119 up\u0142ywu czasu. Badania pokazuj\u0105, \u017ce wi\u0119kszo\u015b\u0107 os\u00f3b ogl\u0105daj\u0105cych filmy pornograficzne nie tylko opiera swoje poszukiwania na jako\u015bci tych film\u00f3w, ale tak\u017ce na samych gwiazdach porno. Istnieje du\u017ca liczba os\u00f3b, kt\u00f3re bardziej preferuj\u0105 realistyczne filmy ni\u017c te, kt\u00f3re zosta\u0142y napisane.<\/p>\n\n\n\n<p>Filmy dla doros\u0142ych przesz\u0142y ju\u017c d\u0142ug\u0105 drog\u0119. Istniej\u0105 teraz filmy porno VR, kt\u00f3re s\u0105 obecnie popularne w\u015br\u00f3d m\u0142odszej publiczno\u015bci. Kolejny to interaktywne filmy, w kt\u00f3rych to od Ciebie zale\u017cy, co aktorzy zrobi\u0105 w nast\u0119pnej scenie. Bardzo kusz\u0105ce, ale czy nie jest to po prostu nienaturalne? By\u0107 mo\u017ce przemys\u0142 pornograficzny rozwin\u0105\u0142 si\u0119 dla wi\u0119kszego dobra, ale r\u00f3wnie\u017c zaw\u0119\u017ca potencjaln\u0105 widowni\u0119 poprzez wykorzystanie tak z\u0142o\u017conych schemat\u00f3w w ich tre\u015bci.<\/p>\n\n\n\n<p>Ze wszystkimi tymi rzeczami, kt\u00f3re rozwin\u0105\u0142 si\u0119 przemys\u0142 pornograficzny, nadal istniej\u0105 strony internetowe zawieraj\u0105ce tre\u015bci pornograficzne, kt\u00f3re pozostaj\u0105 wierne g\u0142\u00f3wnej idei film\u00f3w dla doros\u0142ych. Yuvutu ma na celu zaspokojenie potrzeb wszystkich rodzaj\u00f3w ludzi, kt\u00f3rzy mog\u0105 w jaki\u015b spos\u00f3b natkn\u0105\u0107 si\u0119 na ich stron\u0119 internetow\u0105.<\/p>\n\n\n<a class=\"maxbutton-2 maxbutton maxbutton-cta\" target=\"_blank\" rel=\"nofollow noopener\" href=\"\/go\/\"><span class='mb-text'>&gt;&gt; Przejd\u017a do strony Oryginalnego Linkifier<\/span><\/a>\n\n\n<p><\/p>\n\n\n\n<h2>Co to jest Yuvutu?<\/h2>\n\n\n\n<p>Yuvutu to premierowa strona, je\u015bli chodzi o amatorskie filmy porno. Sk\u0142ada si\u0119 z biblioteki tysi\u0119cy film\u00f3w dla doros\u0142ych pochodz\u0105cych od r\u00f3\u017cnych u\u017cytkownik\u00f3w na ca\u0142ym \u015bwiecie. Mo\u017cesz r\u00f3wnie\u017c sam wgra\u0107 swoje domowe filmy i dzieli\u0107 si\u0119 nimi z tysi\u0105cami innych u\u017cytkownik\u00f3w. Yuvutu to nie tylko archiwum amatorskich film\u00f3w dla doros\u0142ych, ale tak\u017ce miejsce do blogowania, poznawania innych ludzi i nawi\u0105zywania nowych znajomo\u015bci.<\/p>\n\n\n\n<p>Yuvutu ma bardzo orze\u017awiaj\u0105ce podej\u015bcie. Nie tak jak konwencjonalne strony pornograficzne HD, Yuvutu oferuje bardziej wci\u0105gaj\u0105ce i naturalne wra\u017cenie na stronie. Yuvutu nie pokazuje tych gor\u0105cych, dobrze wygl\u0105daj\u0105cych gwiazd porno, zamiast tego daje normalnym ludziom szans\u0119 na zrobienie zdj\u0119cia w przemy\u015ble pornograficznym, pozwalaj\u0105c im na wgrywanie i produkcj\u0119 w\u0142asnych film\u00f3w dla doros\u0142ych. Biblioteka sk\u0142ada si\u0119 g\u0142\u00f3wnie z film\u00f3w, kt\u00f3re s\u0105 domowej roboty. Nie spodziewaj si\u0119 tu swojej ulubionej latynoskiej gwiazdy porno. W Yuvutu zwracaj\u0105 uwag\u0119 na tych, kt\u00f3rzy s\u0105 normalnymi lud\u017ami, tak jak ty.<\/p>\n\n\n\n<h2>Rzeczy, kt\u00f3re po prostu kochamy w Yuvutu<\/h2>\n\n\n\n<h3>Yuvutu i ich unikalna biblioteka tre\u015bci<\/h3>\n\n\n\n<p>Co ciekawe, Yuvutu ma szerok\u0105 publiczno\u015b\u0107 na ca\u0142ej planecie. Jest w ka\u017cdym wieku. Pokazuje to, \u017ce internet jest nadal w bardziej realistycznych filmach, tych, kt\u00f3re wydaj\u0105 si\u0119 by\u0107 po prostu zrobione z niskiej klasy urz\u0105dze\u0144. W rzeczywisto\u015bci jest to apel Yuuvutu. Kiedy rozmawiamy o porno, to najpierw przychodzi nam na my\u015bl takie strony jak Pornhub czy Spankbang. Jasne, \u017ce filmy HD s\u0105 bardzo zabawne ze wzgl\u0119du na ich jako\u015b\u0107, poniewa\u017c szczerze m\u00f3wi\u0105c, naprawd\u0119 chcemy wyra\u017anie zobaczy\u0107, po co przyszli\u015bmy w ka\u017cdej witrynie porno. Ale spos\u00f3b, w jaki historia i sceny s\u0105 bardzo przewidywalne i cliche zmniejszaj\u0105 emocje. Yuvutu przenosi nas do bardziej wci\u0105gaj\u0105cego \u015bwiata zwyk\u0142ych ludzi i ich powolnych zaj\u0119\u0107. Sekcja VOD wraz z VideoBoxem dodaje wygodniejszy spos\u00f3b strumieniowego przesy\u0142ania film\u00f3w poprzez nabycie konta Yuvutu Premium.<\/p>\n\n\n\n<figure class=\"wp-block-image\"><img src=\"https:\/\/lh3.googleusercontent.com\/YXGvwqX6IsjgPzcQQWPunCdHAv-JDBy9HlavQ6IbmtWdj1DV5KtvTzAiSOEX66_cLg3GvoNUp0xMVM3zB5mqCms_NOPZIxeHD5HH-ARrhwd-CtEApayx8218eLfhl3-UR_yKYm2L\" alt=\"Yuvutu Videos Library\"\/><\/figure>\n\n\n\n<h3>Yuvutu z ich uproszczon\u0105 stron\u0105 internetow\u0105<\/h3>\n\n\n\n<p>Je\u015bli przyjrze\u0107 si\u0119 uwa\u017cnie, strona Yuvutu jest bardzo podstawowa. Mo\u017cemy nawet powiedzie\u0107, \u017ce jest bardzo prymitywna. Doda\u0142o to jednak atrakcyjno\u015bci stronie. Podstawowy wygl\u0105d strony sprawia, \u017ce dla wi\u0119kszo\u015bci ludzi jest ona mniej zastraszaj\u0105ca. Dzi\u0119ki niej wi\u0119cej os\u00f3b anga\u017cuje si\u0119 w eksplorowanie i przesy\u0142anie w\u0142asnych tre\u015bci. Ta jako\u015b\u0107 Yuvutu jest bardzo atrakcyjna dla widz\u00f3w, co czyni j\u0105 jedn\u0105 z najwi\u0119kszych stron internetowych z kamerami na \u017cywo w Internecie.<\/p>\n\n\n\n<h3>Yuvutu ma jedn\u0105 z najlepszych kamer na \u017cywo<\/h3>\n\n\n\n<p>Yuvutu jest domem dla wysokiej jako\u015bci kamer na \u017cywo. Istnieje kilka film\u00f3w, kt\u00f3re sta\u0142y si\u0119 popularne w Internecie, kt\u00f3re maj\u0105 swoje korzenie w Yuvutu. W pewnym sensie, ca\u0142a biblioteka Yuvutu to trofeum wysokiej jako\u015bci kamer, z kt\u00f3rych ka\u017cda jest wyj\u0105tkowa na sw\u00f3j spos\u00f3b. Poniewa\u017c g\u0142\u00f3wnymi aktorami tych kamer na \u017cywo s\u0105 sami widzowie i subskrybenci, mo\u017cesz znale\u017a\u0107 wszystko, czego szukasz, od gor\u0105cych MILF\u00f3w do tych gor\u0105cych ebon\u00f3w, kt\u00f3re po prostu chc\u0105 towarzystwa. Mo\u017ce to r\u00f3wnie\u017c zapewni\u0107 interakcj\u0119 mi\u0119dzy samymi abonentami. Mo\u017cesz sp\u0119dzi\u0107 czas ogl\u0105daj\u0105c kamery na \u017cywo lub zrobi\u0107 sw\u00f3j w\u0142asny pokaz na \u017cywo i zebra\u0107 w\u0142asn\u0105 publiczno\u015b\u0107 i fan\u00f3w.<\/p>\n\n\n<a class=\"maxbutton-2 maxbutton maxbutton-cta\" target=\"_blank\" rel=\"nofollow noopener\" href=\"\/go\/\"><span class='mb-text'>&gt;&gt; Przejd\u017a do strony Oryginalnego Linkifier<\/span><\/a>\n\n\n<h3>Yuvutu i ich ruchliwa spo\u0142eczno\u015b\u0107<\/h3>\n\n\n\n<p> Yuvutu is composed of just about any people that you can imagine. The site provides plenty of ways for their subscribers to mingle with each other. The Live Chats is one example. With the Live Chat, you can meet other people around the globe that just want a company just like you. And since the community is composed of various people around the world, the Live Chats opens a window for overseas interactions. The Forums is another way to interact with different users gather to just share their ideas and thoughts on any topic. This is also where the admins get any suggestions to improve the website. The Blog section is another way to communicate with other members of the community. You just found a date? write it in your blog. If you just wanna share what you\u2019ve been feeling lately, it\u2019s up to you. <\/p>\n\n\n\n<figure class=\"wp-block-image\"><img src=\"https:\/\/lh3.googleusercontent.com\/qydOcysoQej5b7ysuajTE-4YAQVm9OGfNz4jnMelMSgvvIXJ9hEJ4skrRGHYC9qybITYoND184DK3bQkMfpQoNUqCpI5sZV48qy7nrwjNtWW_JGsH-hiNsgZj_I7ePGzdofpUvyM\" alt=\"Yuvutu Blog page\"\/><\/figure>\n\n\n\n<h3>Yuvutu jest r\u00f3wnie\u017c serwisem randkowym<\/h3>\n\n\n\n<p>Yuvutu, wierzcie lub nie, to tak\u017ce serwis randkowy. Chocia\u017c strona mo\u017ce wydawa\u0107 si\u0119 skupia\u0107 tylko na tre\u015bci wideo dla doros\u0142ych, jest to r\u00f3wnie\u017c \u015bwietny spos\u00f3b, aby znale\u017a\u0107 t\u0119 szczeg\u00f3ln\u0105 osob\u0119, kt\u00f3ra mo\u017ce by\u0107 poszukiwana. Yuvutu pozwala jej cz\u0142onkom znale\u017a\u0107 sw\u00f3j mecz i od czasu do czasu dosta\u0107 swoje w\u0142asne daty. Tak jak wszystkie aplikacje randkowe, Yuvutu oferuje opcje dla Ciebie, aby uporz\u0105dkowa\u0107 ludzi i znale\u017a\u0107, \u017ce jedna osoba, kt\u00f3rej szukasz. Sekcja Randki ma wiele funkcji, kt\u00f3re mo\u017cna wykorzysta\u0107 do udoskonalenia wyszukiwania. Wszystko, pocz\u0105wszy od p\u0142ci, preferencji seksualnych, wieku, a nawet lokalizacji, mo\u017cna dostosowa\u0107 swoje w\u0142asne preferencje, aby w pe\u0142ni zoptymalizowa\u0107 funkcj\u0119 kojarze\u0144. Ma r\u00f3wnie\u017c stron\u0119 profilu w nim, jak ka\u017cdy inny medi\u00f3w spo\u0142eczno\u015bciowych lub serwis randkowy.<\/p>\n\n\n\n<figure class=\"wp-block-image\"><img src=\"https:\/\/lh6.googleusercontent.com\/N8wWY7PHkjMaxYZVZfF98b3fTGQ3l5tfUktw_lWHqbMIEVBoBN7ho7U8XZ2J-nOHFU_PEK9Kc_ZhDg-19dTubKbmly50p1FbG2GMCaXCx8yb0x8JvRTach0UtAtY13hqC68HBMLH\" alt=\"Yuvutu Dating window\"\/><\/figure>\n\n\n\n<h2>Yuvutu Premium: Dlaczego warto subskrybowa\u0107?<\/h2>\n\n\n\n<p>Yuvutu Premium to spos\u00f3b na wsparcie strony internetowej. Korzystaj\u0105c z konta Yuvutu Premium otrzymujesz r\u00f3\u017cne korzy\u015bci, kt\u00f3re mog\u0105 sprawi\u0107, \u017ce Twoje do\u015bwiadczenie Yuvutu b\u0119dzie \u0142atwiejsze i przyjemniejsze. Posiadacz konta Premium Yuvutu mo\u017ce korzysta\u0107 z r\u00f3\u017cnych funkcji, aby w pe\u0142ni zanurzy\u0107 si\u0119 w ogl\u0105daniu i przegl\u0105daniu ogromnej ilo\u015bci film\u00f3w w bibliotece Yuvutu.<\/p>\n\n\n\n<p>Jako w\u0142a\u015bciciel konta Premium Yuvutu, otrzymujesz nast\u0119puj\u0105ce przywileje.<\/p>\n\n\n\n<p><strong>HD Videosy<\/strong><\/p>\n\n\n\n<p>Posiadacze kont Premium Yuvutu mog\u0105 ogl\u0105da\u0107 i cieszy\u0107 si\u0119 filmami dla doros\u0142ych w wysokiej rozdzielczo\u015bci. Mimo, \u017ce wszystkie filmy s\u0105 amatorskie, Yuvutu nadal posiada szerok\u0105 list\u0119 film\u00f3w w jako\u015bci HD, kt\u00f3rymi u\u017cytkownicy mog\u0105 si\u0119 cieszy\u0107 w czasie wolnym od pracy. Tak, to prawda, maj\u0105 one wysokiej jako\u015bci kamery i filmy. Wydaje si\u0119, \u017ce to dalekosi\u0119\u017cne, ale mo\u017cesz sprawdzi\u0107 to wszystko sam.<\/p>\n\n\n\n<p><strong>Nie ma reklam<\/strong><\/p>\n\n\n\n<p>W\u0142a\u015bciciele kont Premium Yuvutu mog\u0105 cieszy\u0107 si\u0119 ogl\u0105daniem film\u00f3w dla doros\u0142ych, nie b\u0119d\u0105c pods\u0142uchiwanym przez reklamy i inne wyskakuj\u0105ce okienka. Ogl\u0105daj wysokiej jako\u015bci amatorskie filmy swobodnie i bez zak\u0142\u00f3ce\u0144. Nie ma potrzeby zmagania si\u0119 z reklamami, kt\u00f3rych nie mo\u017cna sprzeda\u0107 i przypadkowymi linkami. Tylko stare dobre Yuvutu i ch\u0142\u00f3d.<\/p>\n\n\n\n<p><strong>Live Chats<\/strong><\/p>\n\n\n\n<p>Jedn\u0105 z po\u017c\u0105danych funkcji Yuvutu Premium jest funkcja Czat na \u017cywo. Ten Czat na \u017cywo pozwala na \u0142\u0105czenie si\u0119 i bycie przyjaci\u00f3\u0142mi z innymi u\u017cytkownikami i uploaderami. Czaty na \u017cywo s\u0105 otwarte 24\/7, wi\u0119c mo\u017cesz pozna\u0107 nowych ludzi, z kt\u00f3rymi mo\u017cesz si\u0119 zaprzyja\u017ani\u0107.<\/p>\n\n\n\n<p><strong>Kamery na \u017cywo<\/strong><\/p>\n\n\n\n<p>Spo\u0142eczno\u015b\u0107 Yuvutu Premium oferuje r\u00f3wnie\u017c dost\u0119p do kamer na \u017cywo. S\u0105 to pokazy na \u017cywo od r\u00f3\u017cnych u\u017cytkownik\u00f3w na ca\u0142ym \u015bwiecie. Mo\u017cesz r\u00f3wnie\u017c mie\u0107 sw\u00f3j w\u0142asny strumie\u0144 na \u017cywo i zdoby\u0107 w\u0142asn\u0105 publiczno\u015b\u0107 i zwolennik\u00f3w.<\/p>\n\n\n\n<p><strong>Fora<\/strong><\/p>\n\n\n\n<p>Posiadacze kont Premium Yuvutu mog\u0105 r\u00f3wnie\u017c dyskutowa\u0107 na swoich forach. Jest to kolejny spos\u00f3b na interakcj\u0119 ze spo\u0142eczno\u015bci\u0105 i umo\u017cliwienie witrynie poszukiwania sugestii w celu dalszego doskonalenia witryny i ich us\u0142ug dla klient\u00f3w i patron\u00f3w.<\/p>\n\n\n\n<p><strong>Wi\u0119ksza przepustowo\u015b\u0107<\/strong><\/p>\n\n\n\n<p>Poniewa\u017c posiadacz konta Yuvutu Premium ma wy\u017cszy priorytet w przesy\u0142aniu danych, mo\u017cesz zapewni\u0107 p\u0142ynn\u0105 transmisj\u0119 strumieniow\u0105. Posiadacz konta Premium ma wi\u0119kszy przydzia\u0142 przepustowo\u015bci w por\u00f3wnaniu z u\u017cytkownikiem bezp\u0142atnym, co oznacza, \u017ce wszystkie filmy s\u0105 buforowane szybciej i mo\u017cesz przesy\u0142a\u0107 strumieniowo tyle, ile chcesz.<\/p>\n\n\n\n<h2>Yuvutu Premium Konto: Jak uzyska\u0107 swoje w\u0142asne?<\/h2>\n\n\n\n<figure class=\"wp-block-image\"><img src=\"https:\/\/lh6.googleusercontent.com\/fTQs4pIIhRVSJ1ofBemQh8mfn8GrIYDHhU6FRtBBDtCQ6uIsl9I1LaR1BLB_UHLL9E9lmYCOGiguSXo8kw75N07nv2cPIUnHI63nsWzkDfawHp3qC3loAwi421UgnRtwOEyvyJCk\" alt=\"Yuvutu Premium account registration page\"\/><\/figure>\n\n\n\n<p>Aby cieszy\u0107 si\u0119 niesamowitymi korzy\u015bciami z Yuvutu Premium wystarczy wype\u0142ni\u0107 formularz znajduj\u0105cy si\u0119 na stronie Subskrypcji. Wystarczy wype\u0142ni\u0107 wszystkie potrzebne informacje, a nast\u0119pnie przej\u015b\u0107 do okna p\u0142atno\u015bci. Ju\u017c od 74,95 dolar\u00f3w rocznie, mo\u017cesz korzysta\u0107 z wszystkich tre\u015bci i funkcji Premium Yuvutu, kt\u00f3re ma do zaoferowania konto Premium. Po zap\u0142aceniu, jeste\u015b teraz ustawiony do zwiedzania strony internetowej wi\u0119cej i cieszy\u0107 si\u0119 interakcj\u0105 i przegl\u0105dania ich ogromny trofeum film\u00f3w.<\/p>\n\n\n\n<h2>Yuvutu Recenzja: Tw\u00f3j portal do jako\u015bci amatorskich film\u00f3w wideo<\/h2>\n\n\n\n<p>Teraz nast\u0119pnym razem, aby rozwa\u017cy\u0107 szukanie dobrej strony, aby po prostu cieszy\u0107 si\u0119 stare dobre tre\u015bci dla doros\u0142ych, dlaczego nie spr\u00f3bowa\u0107 na stronie Yuvutu. Yuvutu mo\u017ce brakowa\u0107 estetyki dobrej strony porno, ale wszyscy mo\u017cemy powiedzie\u0107, \u017ce ich Live Cams jest jednym z najlepszych tam. Us\u0142uga Premium oferuje tanie op\u0142aty abonamentowe, ale wiesz, \u017ce nie brakuje na niej us\u0142ug i funkcji.<\/p>\n\n\n<a class=\"maxbutton-2 maxbutton maxbutton-cta\" target=\"_blank\" rel=\"nofollow noopener\" href=\"\/go\/\"><span class='mb-text'>&gt;&gt; Przejd\u017a do strony Oryginalnego Linkifier<\/span><\/a>","protected":false},"excerpt":{"rendered":"<p>Istnieje wiele stron internetowych z filmami dla doros\u0142ych, a filmy HD dla doros\u0142ych z \u0142atwo\u015bci\u0105 sta\u0142y si\u0119 trendem, ale wszyscy<\/p>\n","protected":false},"author":2,"featured_media":0,"parent":0,"menu_order":0,"comment_status":"closed","ping_status":"closed","template":"","meta":[],"yoast_head":"<!-- This site is optimized with the Yoast SEO plugin v18.3 - https:\/\/yoast.com\/wordpress\/plugins\/seo\/ -->\n<title>Yuvutu Premium Konto - Best Streaming Site w skr\u00f3cie<\/title>\n<meta name=\"description\" content=\"Czy Yuvutu jest renomowanym dostawc\u0105 czy nie, odpowied\u017a znajdziesz w aktualnym te\u015bcie na Multihoster.org \u279c Kliknij teraz \u271a aby przeczyta\u0107 nasze do\u015bwiadczenia!\" \/>\n<meta name=\"robots\" content=\"index, follow, max-snippet:-1, max-image-preview:large, max-video-preview:-1\" \/>\n<link rel=\"canonical\" href=\"https:\/\/multihoster.org\/pl\/yuvutu\/\" \/>\n<meta property=\"og:locale\" content=\"pl_PL\" \/>\n<meta property=\"og:type\" content=\"article\" \/>\n<meta property=\"og:title\" content=\"Yuvutu Premium Konto - Best Streaming Site w skr\u00f3cie\" \/>\n<meta property=\"og:description\" content=\"Czy Yuvutu jest renomowanym dostawc\u0105 czy nie, odpowied\u017a znajdziesz w aktualnym te\u015bcie na Multihoster.org \u279c Kliknij teraz \u271a aby przeczyta\u0107 nasze do\u015bwiadczenia!\" \/>\n<meta property=\"og:url\" content=\"https:\/\/multihoster.org\/pl\/yuvutu\/\" \/>\n<meta property=\"og:site_name\" content=\"Multihoster.org\" \/>\n<meta property=\"article:modified_time\" content=\"2020-04-22T15:36:30+00:00\" \/>\n<meta property=\"og:image\" content=\"https:\/\/lh5.googleusercontent.com\/ksS0ngJd_qKDwy5l-mYDrqPQU6ueIVHGZOFdfmxVLcbxiBXqjSVR4K0_Hn078Vvkoy_qdsFqx0RIGuNvEuyxbd2fgJS9FmPQYkoQ9RA47DyGh5reN8tGpEobW4Tw6QNkJaRunA9M\" \/>\n<meta name=\"twitter:card\" content=\"summary\" \/>\n<meta name=\"twitter:label1\" content=\"Szacowany czas czytania\" \/>\n\t<meta name=\"twitter:data1\" content=\"9 minut\" \/>\n<script type=\"application\/ld+json\" class=\"yoast-schema-graph\">{\"@context\":\"https:\/\/schema.org\",\"@graph\":[{\"@type\":\"WebSite\",\"@id\":\"https:\/\/multihoster.org\/#website\",\"url\":\"https:\/\/multihoster.org\/\",\"name\":\"Multihoster.org\",\"description\":\"Reviews of the major Filehosting services\",\"potentialAction\":[{\"@type\":\"SearchAction\",\"target\":{\"@type\":\"EntryPoint\",\"urlTemplate\":\"https:\/\/multihoster.org\/?s={search_term_string}\"},\"query-input\":\"required name=search_term_string\"}],\"inLanguage\":\"pl-PL\"},{\"@type\":\"ImageObject\",\"@id\":\"https:\/\/multihoster.org\/pl\/yuvutu\/#primaryimage\",\"inLanguage\":\"pl-PL\",\"url\":\"https:\/\/lh5.googleusercontent.com\/ksS0ngJd_qKDwy5l-mYDrqPQU6ueIVHGZOFdfmxVLcbxiBXqjSVR4K0_Hn078Vvkoy_qdsFqx0RIGuNvEuyxbd2fgJS9FmPQYkoQ9RA47DyGh5reN8tGpEobW4Tw6QNkJaRunA9M\",\"contentUrl\":\"https:\/\/lh5.googleusercontent.com\/ksS0ngJd_qKDwy5l-mYDrqPQU6ueIVHGZOFdfmxVLcbxiBXqjSVR4K0_Hn078Vvkoy_qdsFqx0RIGuNvEuyxbd2fgJS9FmPQYkoQ9RA47DyGh5reN8tGpEobW4Tw6QNkJaRunA9M\"},{\"@type\":\"WebPage\",\"@id\":\"https:\/\/multihoster.org\/pl\/yuvutu\/#webpage\",\"url\":\"https:\/\/multihoster.org\/pl\/yuvutu\/\",\"name\":\"Yuvutu Premium Konto - Best Streaming Site w skr\u00f3cie\",\"isPartOf\":{\"@id\":\"https:\/\/multihoster.org\/#website\"},\"primaryImageOfPage\":{\"@id\":\"https:\/\/multihoster.org\/pl\/yuvutu\/#primaryimage\"},\"datePublished\":\"2020-04-22T11:30:45+00:00\",\"dateModified\":\"2020-04-22T15:36:30+00:00\",\"description\":\"Czy Yuvutu jest renomowanym dostawc\u0105 czy nie, odpowied\u017a znajdziesz w aktualnym te\u015bcie na Multihoster.org \u279c Kliknij teraz \u271a aby przeczyta\u0107 nasze do\u015bwiadczenia!\",\"breadcrumb\":{\"@id\":\"https:\/\/multihoster.org\/pl\/yuvutu\/#breadcrumb\"},\"inLanguage\":\"pl-PL\",\"potentialAction\":[{\"@type\":\"ReadAction\",\"target\":[\"https:\/\/multihoster.org\/pl\/yuvutu\/\"]}]},{\"@type\":\"BreadcrumbList\",\"@id\":\"https:\/\/multihoster.org\/pl\/yuvutu\/#breadcrumb\",\"itemListElement\":[{\"@type\":\"ListItem\",\"position\":1,\"name\":\"Startseite\",\"item\":\"https:\/\/multihoster.org\/pl\/\"},{\"@type\":\"ListItem\",\"position\":2,\"name\":\"Yuvutu Premium Konto: Best Streaming Site w skr\u00f3cie\"}]}]}<\/script>\n<!-- \/ Yoast SEO plugin. -->","yoast_head_json":{"title":"Yuvutu Premium Konto - Best Streaming Site w skr\u00f3cie","description":"Czy Yuvutu jest renomowanym dostawc\u0105 czy nie, odpowied\u017a znajdziesz w aktualnym te\u015bcie na Multihoster.org \u279c Kliknij teraz \u271a aby przeczyta\u0107 nasze do\u015bwiadczenia!","robots":{"index":"index","follow":"follow","max-snippet":"max-snippet:-1","max-image-preview":"max-image-preview:large","max-video-preview":"max-video-preview:-1"},"canonical":"https:\/\/multihoster.org\/pl\/yuvutu\/","og_locale":"pl_PL","og_type":"article","og_title":"Yuvutu Premium Konto - Best Streaming Site w skr\u00f3cie","og_description":"Czy Yuvutu jest renomowanym dostawc\u0105 czy nie, odpowied\u017a znajdziesz w aktualnym te\u015bcie na Multihoster.org \u279c Kliknij teraz \u271a aby przeczyta\u0107 nasze do\u015bwiadczenia!","og_url":"https:\/\/multihoster.org\/pl\/yuvutu\/","og_site_name":"Multihoster.org","article_modified_time":"2020-04-22T15:36:30+00:00","og_image":[{"url":"https:\/\/lh5.googleusercontent.com\/ksS0ngJd_qKDwy5l-mYDrqPQU6ueIVHGZOFdfmxVLcbxiBXqjSVR4K0_Hn078Vvkoy_qdsFqx0RIGuNvEuyxbd2fgJS9FmPQYkoQ9RA47DyGh5reN8tGpEobW4Tw6QNkJaRunA9M"}],"twitter_card":"summary","twitter_misc":{"Szacowany czas czytania":"9 minut"},"schema":{"@context":"https:\/\/schema.org","@graph":[{"@type":"WebSite","@id":"https:\/\/multihoster.org\/#website","url":"https:\/\/multihoster.org\/","name":"Multihoster.org","description":"Reviews of the major Filehosting services","potentialAction":[{"@type":"SearchAction","target":{"@type":"EntryPoint","urlTemplate":"https:\/\/multihoster.org\/?s={search_term_string}"},"query-input":"required name=search_term_string"}],"inLanguage":"pl-PL"},{"@type":"ImageObject","@id":"https:\/\/multihoster.org\/pl\/yuvutu\/#primaryimage","inLanguage":"pl-PL","url":"https:\/\/lh5.googleusercontent.com\/ksS0ngJd_qKDwy5l-mYDrqPQU6ueIVHGZOFdfmxVLcbxiBXqjSVR4K0_Hn078Vvkoy_qdsFqx0RIGuNvEuyxbd2fgJS9FmPQYkoQ9RA47DyGh5reN8tGpEobW4Tw6QNkJaRunA9M","contentUrl":"https:\/\/lh5.googleusercontent.com\/ksS0ngJd_qKDwy5l-mYDrqPQU6ueIVHGZOFdfmxVLcbxiBXqjSVR4K0_Hn078Vvkoy_qdsFqx0RIGuNvEuyxbd2fgJS9FmPQYkoQ9RA47DyGh5reN8tGpEobW4Tw6QNkJaRunA9M"},{"@type":"WebPage","@id":"https:\/\/multihoster.org\/pl\/yuvutu\/#webpage","url":"https:\/\/multihoster.org\/pl\/yuvutu\/","name":"Yuvutu Premium Konto - Best Streaming Site w skr\u00f3cie","isPartOf":{"@id":"https:\/\/multihoster.org\/#website"},"primaryImageOfPage":{"@id":"https:\/\/multihoster.org\/pl\/yuvutu\/#primaryimage"},"datePublished":"2020-04-22T11:30:45+00:00","dateModified":"2020-04-22T15:36:30+00:00","description":"Czy Yuvutu jest renomowanym dostawc\u0105 czy nie, odpowied\u017a znajdziesz w aktualnym te\u015bcie na Multihoster.org \u279c Kliknij teraz \u271a aby przeczyta\u0107 nasze do\u015bwiadczenia!","breadcrumb":{"@id":"https:\/\/multihoster.org\/pl\/yuvutu\/#breadcrumb"},"inLanguage":"pl-PL","potentialAction":[{"@type":"ReadAction","target":["https:\/\/multihoster.org\/pl\/yuvutu\/"]}]},{"@type":"BreadcrumbList","@id":"https:\/\/multihoster.org\/pl\/yuvutu\/#breadcrumb","itemListElement":[{"@type":"ListItem","position":1,"name":"Startseite","item":"https:\/\/multihoster.org\/pl\/"},{"@type":"ListItem","position":2,"name":"Yuvutu Premium Konto: Best Streaming Site w skr\u00f3cie"}]}]}},"_links":{"self":[{"href":"https:\/\/multihoster.org\/pl\/wp-json\/wp\/v2\/pages\/4227"}],"collection":[{"href":"https:\/\/multihoster.org\/pl\/wp-json\/wp\/v2\/pages"}],"about":[{"href":"https:\/\/multihoster.org\/pl\/wp-json\/wp\/v2\/types\/page"}],"author":[{"embeddable":true,"href":"https:\/\/multihoster.org\/pl\/wp-json\/wp\/v2\/users\/2"}],"replies":[{"embeddable":true,"href":"https:\/\/multihoster.org\/pl\/wp-json\/wp\/v2\/comments?post=4227"}],"version-history":[{"count":4,"href":"https:\/\/multihoster.org\/pl\/wp-json\/wp\/v2\/pages\/4227\/revisions"}],"predecessor-version":[{"id":4332,"href":"https:\/\/multihoster.org\/pl\/wp-json\/wp\/v2\/pages\/4227\/revisions\/4332"}],"wp:attachment":[{"href":"https:\/\/multihoster.org\/pl\/wp-json\/wp\/v2\/media?parent=4227"}],"curies":[{"name":"wp","href":"https:\/\/api.w.org\/{rel}","templated":true}]}}