{"id":4255,"date":"2020-04-15T11:45:16","date_gmt":"2020-04-15T11:45:16","guid":{"rendered":"https:\/\/multihoster.org\/filefactory-2\/"},"modified":"2020-04-22T15:24:08","modified_gmt":"2020-04-22T15:24:08","slug":"filefactory-2","status":"publish","type":"page","link":"https:\/\/multihoster.org\/pl\/filefactory-2\/","title":{"rendered":"Filefactory Premium Konto: Filehoster W Skr\u00f3cie"},"content":{"rendered":"\n<figure class=\"wp-block-image\"><img src=\"https:\/\/lh5.googleusercontent.com\/E_85ShbDJEwMU3bWL8XisrxKHczS1iTxaFdenH1gnImK_rmTuC_IeeXrYvd0MMxfD6MnFUPT7vbxcxsNQx0qOiylgHATd69Q35KgcHcTqoHy_QPLocrlW5mP43UHW8UwJrGYtgk\" alt=\"FileFactory Logo\"\/><\/figure>\n\n\n<a class=\"maxbutton-2 maxbutton maxbutton-cta\" target=\"_blank\" rel=\"nofollow noopener\" href=\"\/go\/\"><span class='mb-text'>&gt;&gt; Przejd\u017a do strony Oryginalnego Linkifier<\/span><\/a>\n\n\n<p><\/p>\n\n\n\n<h2>O FileFactory<\/h2>\n\n\n\n<p>FileFactory to darmowa us\u0142uga przechowywania i hostingu plik\u00f3w. Zosta\u0142 za\u0142o\u017cony i wydany w 2005 roku. Siedziba firmy znajduje si\u0119 w miejscu Hongkongu, na wyspie Hong Kong.<\/p>\n\n\n\n<p>Osoby, kt\u00f3re s\u0105 zarejestrowane jako jeden z cz\u0142onk\u00f3w FileFactory, a nawet niezarejestrowane lub anonimowe osoby na ca\u0142ym \u015bwiecie mog\u0105 uzyska\u0107 do niego dost\u0119p online. U\u017cytkownicy mog\u0105 tutaj pobiera\u0107 lub przesy\u0142a\u0107 dane bez ogranicze\u0144, a je\u015bli s\u0105 cz\u0142onkami premium, nie ma \u017cadnych ogranicze\u0144 co do przepustowo\u015bci lub pobierania. <\/p>\n\n\n\n<h3><strong>Cechy charakterystyczne<\/strong><\/h3>\n\n\n\n<ol><li>Funkcja podzia\u0142u ruchu<\/li><li> Nieograniczona transmisja strumieniowa i pobieranie<\/li><li> Prosty interfejs u\u017cytkownika i \u0142atwa obs\u0142uga<\/li><li> Nieograniczona pojemno\u015b\u0107 magazynowa<\/li><li> File Searching and File Management (tylko dla zarejestrowanych u\u017cytkownik\u00f3w FileFactory)<\/li><li> Panel sterowania<\/li><li> Tworzenie katalogu plik\u00f3w lub folder\u00f3w<\/li><li> Mo\u017cliwo\u015b\u0107 przesy\u0142ania wielu folder\u00f3w lub plik\u00f3w z dowolnymi typami plik\u00f3w<\/li><li> Zdalny spos\u00f3b za\u0142adunku<\/li><li> Statystyki<\/li><li> Program Partnerski i Polecaj\u0105cy do zarabiania pieni\u0119dzy<\/li><\/ol>\n\n\n\n<h3><strong>Obs\u0142ugiwane j\u0119zyki<\/strong><\/h3>\n\n\n\n<ul><li>Angielski<\/li><li> Du\u0144ski<\/li><li> Holenderski<\/li><li> Francuski<\/li><li> Niemiecki<\/li><li> Japo\u0144czyk<\/li><li> Norweski<\/li><li> Portugalski<\/li><li> Szwedzki<\/li><li> Hiszpa\u0144ski<\/li><\/ul>\n\n\n\n<h3><strong>Obs\u0142ugiwane przegl\u0105darki internetowe FileFactory<\/strong><\/h3>\n\n\n\n<figure class=\"wp-block-table\"><table class=\"\"><tbody><tr><td>Google Chrome (wysoce zalecane)<\/td><td>Mozilla Firefox (zalecane)<\/td><\/tr><tr><td>Microsoft Edge<\/td><td>Safari<\/td><\/tr><\/tbody><\/table><\/figure>\n\n\n\n<p>FileFactory zaleca, aby u\u017cytkownicy aktualizowali swoje wersje przegl\u0105darek internetowych w celu uzyskania i korzystania z najnowszych funkcji, funkcji i us\u0142ug FileFactory.<\/p>\n\n\n\n<h2>FileFactory TrafficShare<\/h2>\n\n\n\n<p>TrafficShare jest jedn\u0105 z najlepszych funkcji FileFactory, poniewa\u017c mo\u017ce zapewni\u0107 najwi\u0119ksz\u0105 pr\u0119dko\u015b\u0107 pobierania pliku. Kiedy ta funkcja jest w\u0142\u0105czona, FileFactory daje u\u017cytkownikom 100 GB danych miesi\u0119cznie.<\/p>\n\n\n\n<p>Cz\u0142onkowie kont Premium FileFactory mog\u0105 zawsze cieszy\u0107 si\u0119 nieograniczon\u0105 szybko\u015bci\u0105, przepustowo\u015bci\u0105 i pobieraniem plik\u00f3w FileFactory bez reklam i ogranicze\u0144, podczas gdy cz\u0142onkowie bezp\u0142atnych kont FileFactory nie mog\u0105, ale FileFactory ma mo\u017cliwo\u015b\u0107 korzystania z darmowych kont, aby do\u015bwiadczy\u0107 tych samych korzy\u015bci z kont Premium. <\/p>\n\n\n\n<h3>Jak w\u0142\u0105czy\u0107 funkcj\u0119 FileFactory TrafficShare?<\/h3>\n\n\n\n<p>Aby w\u0142\u0105czy\u0107 funkcj\u0119 FileFactory TrafficShare dla wszystkich folder\u00f3w i plik\u00f3w, wykonaj poni\u017csze kroki:<\/p>\n\n\n\n<ol><li>Przejd\u017a do strony FileFactory.<\/li><li> Przejd\u017a do strony FileFactory Account Page.<\/li><li> Przejd\u017a do Podsumowania strony FileFactory Account Page.<\/li><li> Znajd\u017a przycisk &#8222;TrafficShare&#8221; i prze\u0142\u0105cz go, aby w\u0142\u0105czy\u0107 go &#8222;On&#8221;.<\/li><\/ol>\n\n\n\n<p>Aby w\u0142\u0105czy\u0107 funkcj\u0119 FileFactory TrafficShare dla konkretnego folderu i pliku, wykonaj poni\u017csze kroki:<\/p>\n\n\n\n<ol><li>Przejd\u017a do folderu lub pliku, kt\u00f3ry chcesz w\u0142\u0105czy\u0107 TrafficShare.<\/li><li> Kliknij prawym przyciskiem myszy nazw\u0119 folderu, aby wy\u015bwietli\u0107 opcje.<\/li><li> Wybierz i kliknij &#8222;Ustawienia&#8221;.<\/li><li> Klikn\u0105\u0107 &#8222;Enable TrafficShare&#8221; (W\u0142\u0105cz TrafficShare).<\/li><\/ol>\n\n\n\n<h2>FileFactory Accounts<\/h2>\n\n\n\n<figure class=\"wp-block-table\"><table class=\"\"><tbody><tr><td>FileFactory Free Account<\/td><td>Konto Premium FileFactory<\/td><\/tr><tr><td>Cena jest bezp\u0142atna<br> Ma wiele reklam lub popup\u00f3w<br> Ma ograniczon\u0105 liczb\u0119 pobieranych plik\u00f3w, ale ma dobr\u0105 przepustowo\u015b\u0107 i dobr\u0105 pr\u0119dko\u015b\u0107 pobierania<br> Szybkie pobieranie<br> Nie posiada funkcji bezpo\u015bredniego pobierania, kt\u00f3ra umo\u017cliwia natychmiastowe rozpocz\u0119cie pobierania plik\u00f3w<br> Nie mo\u017cna wznowi\u0107 przerwania, zerwania, wstrzymania lub przerwania pobierania za pomoc\u0105 jakiegokolwiek mened\u017cera pobierania lub oprogramowania.<br> Posiada funkcj\u0119 TrafficShare<br> Pliki u\u017cytkownika s\u0105 przechowywane na serwerach FileFactory tylko przez trzydzie\u015bci (30) dni. Je\u017celi plik nie zostanie pobrany przez u\u017cytkownika w tym czasie, zostanie on automatycznie usuni\u0119ty przez system FileFactory. Pobranie pliku w ca\u0142o\u015bci lub w ca\u0142o\u015bci spowoduje, \u017ce b\u0119dzie on przechowywany na serwerach FileFactory przez kolejne trzydzie\u015bci (30) dni. Tak wi\u0119c, je\u015bli u\u017cytkownik b\u0119dzie kontynuowa\u0142 pobieranie plik\u00f3w, pliki te b\u0119d\u0105 nadal aktywne.<\/td><td>U\u017cytkownicy powinni za to p\u0142aci\u0107, ale otrzymywa\u0107 \u015bwiadczenia w pe\u0142nej wysoko\u015bci.<br> Nie ma \u017cadnych reklam ani popup\u00f3w<br> Ma najlepsz\u0105 i nieograniczon\u0105 liczb\u0119 pobra\u0144, przepustowo\u015b\u0107 i nieograniczon\u0105 pr\u0119dko\u015b\u0107 pobierania.<br> Szybsze pobieranie<br> Posiada funkcj\u0119 bezpo\u015bredniego pobierania, kt\u00f3ra umo\u017cliwia natychmiastowe rozpocz\u0119cie pobierania plik\u00f3w<br> Pobieranie mo\u017ce zosta\u0107 wznowione, przerwane, wstrzymane lub zatrzymane za pomoc\u0105 dowolnego mened\u017cera pobierania lub oprogramowania.<br> Posiada funkcj\u0119 TrafficShare<br> Pliki u\u017cytkownika s\u0105 przechowywane na serwerach FileFactory przez d\u0142ugi czas, je\u015bli konto FileFactory Premium u\u017cytkownika jest aktywne i je\u015bli konto FileFactory Premium u\u017cytkownika jeszcze nie wygas\u0142o.<br><br><br><br><\/td><\/tr><\/tbody><\/table><\/figure>\n\n\n\n<h3><strong>FileFactory Account Access<\/strong><\/h3>\n\n\n\n<p>Konta FileFactory Free i FileFactory Premium mog\u0105 by\u0107 dost\u0119pne na wielu urz\u0105dzeniach, takich jak komputery stacjonarne, laptopy, tablety lub telefony kom\u00f3rkowe, ale funkcja &#8222;single-sign-on&#8221; w FileFactory pozwala tylko na jedno urz\u0105dzenie dla jednego konta jednocze\u015bnie. Je\u015bli to samo konto jest zalogowane na r\u00f3\u017cnych urz\u0105dzeniach, konto zalogowane z innych urz\u0105dze\u0144 zostanie automatycznie wylogowane przez system FileFactory i tylko aktywna sesja pozostanie otwarta.<\/p>\n\n\n\n<h3><strong>PlikFactory Premium Linki do pobrania<\/strong><\/h3>\n\n\n\n<p>Linki s\u0105 wa\u017cne dla konkretnego folderu lub pliku, kt\u00f3ry mo\u017cna zlokalizowa\u0107 i uzyska\u0107 do niego dost\u0119p.<\/p>\n\n\n\n<p>Linki do pobrania FileFactory Premium s\u0105 generowane, gdy istnieje potrzeba pobrania za pomoc\u0105 konta FileFactory Premium.<\/p>\n\n\n\n<p>Istniej\u0105 dwa (2) rodzaje link\u00f3w do pobrania:<\/p>\n\n\n\n<ol><li>Po\u0142\u0105czenia bezpo\u015brednie<\/li><li> Linki Normalne &#8211; Linki te nie wygasaj\u0105 i s\u0105 u\u017cywane do generowania Link\u00f3w do Pobierania Premium folderu lub pliku.<\/li><\/ol>\n\n\n\n<h3><strong>Konto Premium FileFactory<\/strong><\/h3>\n\n\n\n<p>Subskrypcja plan\u00f3w FileFactory Premium daje dost\u0119p do konta FileFactory Premium.<\/p>\n\n\n\n<p><strong>PlikFactory Plany kont Premium<\/strong><\/p>\n\n\n\n<figure class=\"wp-block-table\"><table class=\"\"><tbody><tr><td>Liczba dni<\/td><td>Cena w USD<\/td><td>Cena za miesi\u0105c<\/td><td>Rebill\u00f3w<\/td><td>Korzy\u015bci<\/td><\/tr><tr><td>30<\/td><td>$13<\/td><td>$13<\/td><td>co 30 dni<\/td><td>Brak ogranicze\u0144 pr\u0119dko\u015bci i obci\u0105\u017cenia<br> Nie ma popup\u00f3w<\/td><\/tr><tr><td>90<\/td><td>$35<\/td><td>$12<\/td><td>co 90 dni<\/td><td>Brak ogranicze\u0144 pr\u0119dko\u015bci i obci\u0105\u017cenia<br> Nie ma popup\u00f3w<\/td><\/tr><tr><td>180<\/td><td>$59<\/td><td>$10<\/td><td>co 180 dni<\/td><td>Brak ogranicze\u0144 pr\u0119dko\u015bci i obci\u0105\u017cenia<br> Nie ma popup\u00f3w<\/td><\/tr><tr><td>365<\/td><td>$94<\/td><td>$8<\/td><td>co 365 dni<\/td><td>Brak ogranicze\u0144 pr\u0119dko\u015bci i obci\u0105\u017cenia<br> Nie ma popup\u00f3w<\/td><\/tr><\/tbody><\/table><\/figure>\n\n\n\n<p>Subskrypcja u\u017cytkownika na plan zostanie automatycznie odnowiona na koniec ka\u017cdej liczby dni. Jednak\u017ce, u\u017cytkownik mo\u017ce anulowa\u0107 swoj\u0105 subskrypcj\u0119, ale nadal b\u0119dzie mia\u0142 dost\u0119p do konta FileFactory Premium a\u017c do daty wyga\u015bni\u0119cia Planu FileFactory Premium. Kiedy p\u0142atny Plan Premium FileFactory zako\u0144czy si\u0119, konto u\u017cytkownika FileFactory Premium stanie si\u0119 nieaktywne.<\/p>\n\n\n\n<p>Ponadto, je\u015bli konto FileFactory Premium wyga\u015bnie, foldery i pliki na koncie zostan\u0105 trwale usuni\u0119te, wi\u0119c FileFactory doradza swoim cz\u0142onkom, aby sprawdzili i upewnili si\u0119, \u017ce p\u0142atno\u015bci za ich Plan FileFactory s\u0105 zawsze uaktualniane.<\/p>\n\n\n<a class=\"maxbutton-2 maxbutton maxbutton-cta\" target=\"_blank\" rel=\"nofollow noopener\" href=\"\/go\/\"><span class='mb-text'>&gt;&gt; Przejd\u017a do strony Oryginalnego Linkifier<\/span><\/a>\n\n\n<p><\/p>\n\n\n\n<h2>Por\u00f3wnaj FileFactory Accounts<\/h2>\n\n\n\n<figure class=\"wp-block-table\"><table class=\"\"><tbody><tr><td>FUNKCJE<\/td><td>\u00a0Anonimowy<br> (Typ u\u017cytkownika)<\/td><td>Bezp\u0142atny (typ u\u017cytkownika)<\/td><td>Premium (Typ u\u017cytkownika)<\/td><\/tr><tr><td>Szybko\u015b\u0107 pobierania plik\u00f3w<\/td><td>Do 50 KB<\/td><td>Do 100 KB\/s<\/td><td>Bez ogranicze\u0144<\/td><\/tr><tr><td>Ilo\u015b\u0107 razy pobrania<\/td><td>1<\/td><td>1<\/td><td>Bez ogranicze\u0144<\/td><\/tr><tr><td>Okres dni na przechowywanie plik\u00f3w<\/td><td>Brak<\/td><td>30 dni<\/td><td>Bez ogranicze\u0144<\/td><\/tr><tr><td>Obs\u0142ugiwany rozmiar folderu lub pliku do przes\u0142ania<\/td><td>Nie<\/td><td>5 GB<\/td><td>5 GB<\/td><\/tr><tr><td>Obs\u0142ugiwany rozmiar folderu lub pliku do pobrania<\/td><td>5 GB<\/td><td>5 GB<\/td><td>5 GB<\/td><\/tr><tr><td>Czy mened\u017cer pobierania plik\u00f3w<\/td><td>Nie<\/td><td>Nie<\/td><td>Tak<\/td><\/tr><tr><td>Czy wznowienie pobierania<\/td><td>Nie<\/td><td>Nie<\/td><td>Tak<\/td><\/tr><tr><td>Bezpo\u015brednie linki do pobrania<\/td><td>Nie<\/td><td>Nie<\/td><td>Tak<\/td><\/tr><tr><td>Ilo\u015b\u0107 <a rel=\"noreferrer noopener\" aria-label=\"baner\u00f3w reklamowych (opens in a new tab)\" href=\"https:\/\/www.investopedia.com\/terms\/b\/banneradvertising.asp\" target=\"_blank\">baner\u00f3w reklamowych<\/a> i <a rel=\"noreferrer noopener\" aria-label=\"popup\u00f3w (opens in a new tab)\" href=\"https:\/\/www.webopedia.com\/TERM\/P\/popup_ad.html\" target=\"_blank\">popup\u00f3w<\/a><\/td><td>Wiele<\/td><td>Niewiele<\/td><td>Brak<\/td><\/tr><tr><td>Przesy\u0142anie plik\u00f3w za pomoc\u0105 protoko\u0142u <a rel=\"noreferrer noopener\" aria-label=\"FTP (File Transfer Protocol) (opens in a new tab)\" href=\"https:\/\/www.techopedia.com\/definition\/1872\/file-transfer-protocol-ftp\" target=\"_blank\">FTP (File Transfer Protocol)<\/a><\/td><td>Nie<\/td><td>Nie<\/td><td>Tak<\/td><\/tr><tr><td>Ma wgrywark\u0119 skrzynek z plikami<\/td><td>Nie<\/td><td>Tak<\/td><td>Tak<\/td><\/tr><tr><td>Priorytet wsparcia<\/td><td>Nie<\/td><td>Nie<\/td><td>Tak<\/td><\/tr><tr><td>Pliki z zarz\u0105dzaniem folderami<\/td><td>Nie<\/td><td>Tak<\/td><td>Tak<\/td><\/tr><tr><td>Usuwanie i zmiana nazwy plik\u00f3w<\/td><td>Nie<\/td><td>Tak<\/td><td>Tak<\/td><\/tr><\/tbody><\/table><\/figure>\n\n\n\n<p>*KB oznacza Kilobajty<br> *GB oznacza Gigabajty<\/p>\n\n\n\n<h2>P\u0142atno\u015bci za FileFactory <\/h2>\n\n\n\n<p>FileFactory akceptuje i obs\u0142uguje wszystkie typy kart kredytowych, Paypal i FileFactory Verified Reseller dla transakcji p\u0142atniczych.<\/p>\n\n\n\n<h2>Zarabiaj za pomoc\u0105 FileFactory<\/h2>\n\n\n\n<p>Zarabianie tutaj na FileFactory jest dozwolone zar\u00f3wno dla kont FileFactory Free jak i FileFactory Premium.<\/p>\n\n\n\n<p>Poni\u017cej znajduj\u0105 si\u0119 dwa (2) sposoby na zarobienie pieni\u0119dzy za pomoc\u0105 FileFactory:<\/p>\n\n\n\n<h3>1. P\u0142aci\u0107 za sprzeda\u017c <\/h3>\n\n\n\n<p>Prowizja Pay Per Sale wynosi tutaj dziewi\u0119\u0107dziesi\u0105t procent (90%) dla wszystkich u\u017cytkownik\u00f3w, kt\u00f3rzy maj\u0105 now\u0105 sprzeda\u017c i dla wszystkich plik\u00f3w i poleconych s\u0105 podane pi\u0119\u0107dziesi\u0105t procent (50%) na podstawie sesji. <\/p>\n\n\n\n<p>To pochodzi z programu partnerskiego. Automatyczne \u015bledzenie link\u00f3w afiliowanych i pobieranie plik\u00f3w b\u0119dzie oparte na ka\u017cdej sesji z wykorzystaniem plik\u00f3w cookie strony.<\/p>\n\n\n\n<h3>2. P\u0142a\u0107 za pobranie<\/h3>\n\n\n\n<p>U\u017cytkownicy mog\u0105 zarabia\u0107 wed\u0142ug poni\u017cszych stawek za ka\u017cde pobranie tysi\u0105ca (1000) plik\u00f3w w zale\u017cno\u015bci od grupy kraj\u00f3w.<\/p>\n\n\n\n<p>STAWKI DLA GRUP KRAJ\u00d3W (A-D)<\/p>\n\n\n\n<figure class=\"wp-block-table\"><table class=\"\"><tbody><tr><td>Rozmiar pliku<\/td><td>A<\/td><td>B<\/td><td>C<\/td><td>D<\/td><\/tr><tr><td>10 MB &#8211; 299 MB<\/td><td>$5<\/td><td>$3<\/td><td>$1<\/td><td>$0.50<\/td><\/tr><tr><td>300 MB &#8211; 499 MB<\/td><td>$10<\/td><td>$6<\/td><td>$1<\/td><td>$0.50<\/td><\/tr><tr><td>500 MB &#8211; 999 MB<\/td><td>$20<\/td><td>$7<\/td><td>$2<\/td><td>$0.50<\/td><\/tr><tr><td>Ponad 1 GB<\/td><td>$40<\/td><td>$10<\/td><td>$3<\/td><td>$1<\/td><\/tr><\/tbody><\/table><\/figure>\n\n\n\n<figure class=\"wp-block-table\"><table class=\"\"><tbody><tr><td>Dla kraj\u00f3w Ameryki, Australii, Kanady i Wielkiej Brytanii (Wielka Brytania) nale\u017c\u0105 one do Grupy A.<br> Dla pa\u0144stw Austrii, Belgii, Danii, Finlandii, Francji, Niemiec, Grecji, W\u0142och, Japonii, Holandii, Nowej Zelandii, Norwegii, Rosji, Hiszpanii, Szwecji i Szwajcarii, nale\u017c\u0105 one do Grupy B.<br> W przypadku pa\u0144stw: Argentyny, Brazylii, Cypru, Republiki Czeskiej, Hongkongu, Irlandii, Izraela, Malezji, Mauritiusa, Meksyku, Polski, Portugalii, Singapuru, Republiki Po\u0142udniowej Afryki i Turcji, nale\u017c\u0105 one do grupy C.<br> W przypadku wszystkich pozosta\u0142ych kraj\u00f3w niewymienionych w grupach A, B i C, nale\u017c\u0105 one do grupy D.<\/td><\/tr><\/tbody><\/table><\/figure>\n\n\n\n<p>*MB = Megabajty *GB = Gigabajty<\/p>\n\n\n\n<p>Aby wzi\u0105\u0107 pod uwag\u0119 i zakwalifikowa\u0107 si\u0119 do pobrania, nale\u017cy zapozna\u0107 si\u0119 z poni\u017cszymi zasadami Pay Per Download.<\/p>\n\n\n\n<figure class=\"wp-block-table\"><table class=\"\"><tbody><tr><td>FileFactory Free Account \/ Anonimowy Cz\u0142onek <\/td><td>FileFactory Premium Cz\u0142onek Konta Premium<\/td><\/tr><tr><td>Je\u015bli cz\u0142onek bezp\u0142atny lub anonimowy pobierze ten sam plik w ci\u0105gu 24 godzin, b\u0119dzie on liczony jako 1.<br> Je\u015bli cz\u0142onek bezp\u0142atny lub anonimowy pobierze 5 r\u00f3\u017cnych plik\u00f3w w ci\u0105gu 24 godzin, zostanie on policzony jako 5.<br> Je\u015bli inny cz\u0142onek bezp\u0142atny lub anonimowy pobierze 5 razy ten sam plik w ci\u0105gu 24 godzin, zostanie on policzony jako 5.<br> Pobieranie plik\u00f3w u\u017cytkownika z jego konta FileFactory nie jest liczone.<\/td><td>Je\u015bli cz\u0142onek Premium pobierze 5 razy ten sam plik w ci\u0105gu 24 godzin, b\u0119dzie on liczony jako 1.<br> Je\u015bli cz\u0142onek Premium pobierze 5 r\u00f3\u017cnych plik\u00f3w w ci\u0105gu 24 godzin, b\u0119dzie to liczone jako 5.<br> Je\u015bli inny cz\u0142onek Premium pobierze 5 razy ten sam plik w ci\u0105gu 24 godzin, zostanie on policzony jako 5.<br> Pobieranie plik\u00f3w u\u017cytkownika z jego konta FileFactory nie jest liczone.<\/td><\/tr><\/tbody><\/table><\/figure>\n\n\n\n<p>TIPS:<\/p>\n\n\n\n<ol><li>Prze\u015blij pliki, kt\u00f3re s\u0105 popularne lub modne w obecnych czasach.<\/li><li> U\u017cyj strategii marketingowych i udost\u0119pniania, takich jak poczta elektroniczna, blogi, media spo\u0142eczno\u015bciowe, takie jak Facebook i Twitter, oraz innych sposob\u00f3w na zwi\u0119kszenie liczby akcji, widz\u00f3w i plik\u00f3w do pobrania.<\/li><\/ol>\n\n\n\n<h2>Centrum obs\u0142ugi klienta FileFactory <\/h2>\n\n\n\n<p>U\u017cytkownicy FileFactory mog\u0105 skontaktowa\u0107 si\u0119 z centrum pomocy technicznej FileFactory, je\u015bli maj\u0105 problemy lub pytania. Ponadto, mog\u0105 oni przej\u015b\u0107 do strony Najcz\u0119\u015bciej Zadawane Pytania (FAQ) FileFactory, aby przeczyta\u0107 kilka informacji z r\u00f3\u017cnych artyku\u0142\u00f3w o FileFactory i znale\u017a\u0107 na nie odpowiedzi.<\/p>\n\n\n<a class=\"maxbutton-2 maxbutton maxbutton-cta\" target=\"_blank\" rel=\"nofollow noopener\" href=\"\/go\/\"><span class='mb-text'>&gt;&gt; Przejd\u017a do strony Oryginalnego Linkifier<\/span><\/a>\n\n\n<p><\/p>\n","protected":false},"excerpt":{"rendered":"<p>O FileFactory FileFactory to darmowa us\u0142uga przechowywania i hostingu plik\u00f3w. Zosta\u0142 za\u0142o\u017cony i wydany w 2005 roku. Siedziba firmy znajduje<\/p>\n","protected":false},"author":2,"featured_media":0,"parent":0,"menu_order":0,"comment_status":"closed","ping_status":"closed","template":"","meta":[],"yoast_head":"<!-- This site is optimized with the Yoast SEO plugin v18.3 - https:\/\/yoast.com\/wordpress\/plugins\/seo\/ -->\n<title>Filefactory Premium Konto: Filehoster W Skr\u00f3cie<\/title>\n<meta name=\"description\" content=\"Czy Filefactory jest renomowanym dostawc\u0105, czy nie, odpowied\u017a mo\u017cna znale\u017a\u0107 w aktualnym te\u015bcie na Multihoster.org \u279c Kliknij teraz \u271a, aby przeczyta\u0107 nasze do\u015bwiadczenia!\" \/>\n<meta name=\"robots\" content=\"index, follow, max-snippet:-1, max-image-preview:large, max-video-preview:-1\" \/>\n<link rel=\"canonical\" href=\"https:\/\/multihoster.org\/pl\/filefactory-2\/\" \/>\n<meta property=\"og:locale\" content=\"pl_PL\" \/>\n<meta property=\"og:type\" content=\"article\" \/>\n<meta property=\"og:title\" content=\"Filefactory Premium Konto: Filehoster W Skr\u00f3cie\" \/>\n<meta property=\"og:description\" content=\"Czy Filefactory jest renomowanym dostawc\u0105, czy nie, odpowied\u017a mo\u017cna znale\u017a\u0107 w aktualnym te\u015bcie na Multihoster.org \u279c Kliknij teraz \u271a, aby przeczyta\u0107 nasze do\u015bwiadczenia!\" \/>\n<meta property=\"og:url\" content=\"https:\/\/multihoster.org\/pl\/filefactory-2\/\" \/>\n<meta property=\"og:site_name\" content=\"Multihoster.org\" \/>\n<meta property=\"article:modified_time\" content=\"2020-04-22T15:24:08+00:00\" \/>\n<meta property=\"og:image\" content=\"https:\/\/lh5.googleusercontent.com\/E_85ShbDJEwMU3bWL8XisrxKHczS1iTxaFdenH1gnImK_rmTuC_IeeXrYvd0MMxfD6MnFUPT7vbxcxsNQx0qOiylgHATd69Q35KgcHcTqoHy_QPLocrlW5mP43UHW8UwJrGYtgk\" \/>\n<meta name=\"twitter:card\" content=\"summary\" \/>\n<meta name=\"twitter:label1\" content=\"Szacowany czas czytania\" \/>\n\t<meta name=\"twitter:data1\" content=\"8 minut\" \/>\n<script type=\"application\/ld+json\" class=\"yoast-schema-graph\">{\"@context\":\"https:\/\/schema.org\",\"@graph\":[{\"@type\":\"WebSite\",\"@id\":\"https:\/\/multihoster.org\/#website\",\"url\":\"https:\/\/multihoster.org\/\",\"name\":\"Multihoster.org\",\"description\":\"Reviews of the major Filehosting services\",\"potentialAction\":[{\"@type\":\"SearchAction\",\"target\":{\"@type\":\"EntryPoint\",\"urlTemplate\":\"https:\/\/multihoster.org\/?s={search_term_string}\"},\"query-input\":\"required name=search_term_string\"}],\"inLanguage\":\"pl-PL\"},{\"@type\":\"ImageObject\",\"@id\":\"https:\/\/multihoster.org\/pl\/filefactory-2\/#primaryimage\",\"inLanguage\":\"pl-PL\",\"url\":\"https:\/\/lh5.googleusercontent.com\/E_85ShbDJEwMU3bWL8XisrxKHczS1iTxaFdenH1gnImK_rmTuC_IeeXrYvd0MMxfD6MnFUPT7vbxcxsNQx0qOiylgHATd69Q35KgcHcTqoHy_QPLocrlW5mP43UHW8UwJrGYtgk\",\"contentUrl\":\"https:\/\/lh5.googleusercontent.com\/E_85ShbDJEwMU3bWL8XisrxKHczS1iTxaFdenH1gnImK_rmTuC_IeeXrYvd0MMxfD6MnFUPT7vbxcxsNQx0qOiylgHATd69Q35KgcHcTqoHy_QPLocrlW5mP43UHW8UwJrGYtgk\"},{\"@type\":\"WebPage\",\"@id\":\"https:\/\/multihoster.org\/pl\/filefactory-2\/#webpage\",\"url\":\"https:\/\/multihoster.org\/pl\/filefactory-2\/\",\"name\":\"Filefactory Premium Konto: Filehoster W Skr\u00f3cie\",\"isPartOf\":{\"@id\":\"https:\/\/multihoster.org\/#website\"},\"primaryImageOfPage\":{\"@id\":\"https:\/\/multihoster.org\/pl\/filefactory-2\/#primaryimage\"},\"datePublished\":\"2020-04-15T11:45:16+00:00\",\"dateModified\":\"2020-04-22T15:24:08+00:00\",\"description\":\"Czy Filefactory jest renomowanym dostawc\u0105, czy nie, odpowied\u017a mo\u017cna znale\u017a\u0107 w aktualnym te\u015bcie na Multihoster.org \u279c Kliknij teraz \u271a, aby przeczyta\u0107 nasze do\u015bwiadczenia!\",\"breadcrumb\":{\"@id\":\"https:\/\/multihoster.org\/pl\/filefactory-2\/#breadcrumb\"},\"inLanguage\":\"pl-PL\",\"potentialAction\":[{\"@type\":\"ReadAction\",\"target\":[\"https:\/\/multihoster.org\/pl\/filefactory-2\/\"]}]},{\"@type\":\"BreadcrumbList\",\"@id\":\"https:\/\/multihoster.org\/pl\/filefactory-2\/#breadcrumb\",\"itemListElement\":[{\"@type\":\"ListItem\",\"position\":1,\"name\":\"Startseite\",\"item\":\"https:\/\/multihoster.org\/pl\/\"},{\"@type\":\"ListItem\",\"position\":2,\"name\":\"Filefactory Premium Konto: Filehoster W Skr\u00f3cie\"}]}]}<\/script>\n<!-- \/ Yoast SEO plugin. -->","yoast_head_json":{"title":"Filefactory Premium Konto: Filehoster W Skr\u00f3cie","description":"Czy Filefactory jest renomowanym dostawc\u0105, czy nie, odpowied\u017a mo\u017cna znale\u017a\u0107 w aktualnym te\u015bcie na Multihoster.org \u279c Kliknij teraz \u271a, aby przeczyta\u0107 nasze do\u015bwiadczenia!","robots":{"index":"index","follow":"follow","max-snippet":"max-snippet:-1","max-image-preview":"max-image-preview:large","max-video-preview":"max-video-preview:-1"},"canonical":"https:\/\/multihoster.org\/pl\/filefactory-2\/","og_locale":"pl_PL","og_type":"article","og_title":"Filefactory Premium Konto: Filehoster W Skr\u00f3cie","og_description":"Czy Filefactory jest renomowanym dostawc\u0105, czy nie, odpowied\u017a mo\u017cna znale\u017a\u0107 w aktualnym te\u015bcie na Multihoster.org \u279c Kliknij teraz \u271a, aby przeczyta\u0107 nasze do\u015bwiadczenia!","og_url":"https:\/\/multihoster.org\/pl\/filefactory-2\/","og_site_name":"Multihoster.org","article_modified_time":"2020-04-22T15:24:08+00:00","og_image":[{"url":"https:\/\/lh5.googleusercontent.com\/E_85ShbDJEwMU3bWL8XisrxKHczS1iTxaFdenH1gnImK_rmTuC_IeeXrYvd0MMxfD6MnFUPT7vbxcxsNQx0qOiylgHATd69Q35KgcHcTqoHy_QPLocrlW5mP43UHW8UwJrGYtgk"}],"twitter_card":"summary","twitter_misc":{"Szacowany czas czytania":"8 minut"},"schema":{"@context":"https:\/\/schema.org","@graph":[{"@type":"WebSite","@id":"https:\/\/multihoster.org\/#website","url":"https:\/\/multihoster.org\/","name":"Multihoster.org","description":"Reviews of the major Filehosting services","potentialAction":[{"@type":"SearchAction","target":{"@type":"EntryPoint","urlTemplate":"https:\/\/multihoster.org\/?s={search_term_string}"},"query-input":"required name=search_term_string"}],"inLanguage":"pl-PL"},{"@type":"ImageObject","@id":"https:\/\/multihoster.org\/pl\/filefactory-2\/#primaryimage","inLanguage":"pl-PL","url":"https:\/\/lh5.googleusercontent.com\/E_85ShbDJEwMU3bWL8XisrxKHczS1iTxaFdenH1gnImK_rmTuC_IeeXrYvd0MMxfD6MnFUPT7vbxcxsNQx0qOiylgHATd69Q35KgcHcTqoHy_QPLocrlW5mP43UHW8UwJrGYtgk","contentUrl":"https:\/\/lh5.googleusercontent.com\/E_85ShbDJEwMU3bWL8XisrxKHczS1iTxaFdenH1gnImK_rmTuC_IeeXrYvd0MMxfD6MnFUPT7vbxcxsNQx0qOiylgHATd69Q35KgcHcTqoHy_QPLocrlW5mP43UHW8UwJrGYtgk"},{"@type":"WebPage","@id":"https:\/\/multihoster.org\/pl\/filefactory-2\/#webpage","url":"https:\/\/multihoster.org\/pl\/filefactory-2\/","name":"Filefactory Premium Konto: Filehoster W Skr\u00f3cie","isPartOf":{"@id":"https:\/\/multihoster.org\/#website"},"primaryImageOfPage":{"@id":"https:\/\/multihoster.org\/pl\/filefactory-2\/#primaryimage"},"datePublished":"2020-04-15T11:45:16+00:00","dateModified":"2020-04-22T15:24:08+00:00","description":"Czy Filefactory jest renomowanym dostawc\u0105, czy nie, odpowied\u017a mo\u017cna znale\u017a\u0107 w aktualnym te\u015bcie na Multihoster.org \u279c Kliknij teraz \u271a, aby przeczyta\u0107 nasze do\u015bwiadczenia!","breadcrumb":{"@id":"https:\/\/multihoster.org\/pl\/filefactory-2\/#breadcrumb"},"inLanguage":"pl-PL","potentialAction":[{"@type":"ReadAction","target":["https:\/\/multihoster.org\/pl\/filefactory-2\/"]}]},{"@type":"BreadcrumbList","@id":"https:\/\/multihoster.org\/pl\/filefactory-2\/#breadcrumb","itemListElement":[{"@type":"ListItem","position":1,"name":"Startseite","item":"https:\/\/multihoster.org\/pl\/"},{"@type":"ListItem","position":2,"name":"Filefactory Premium Konto: Filehoster W Skr\u00f3cie"}]}]}},"_links":{"self":[{"href":"https:\/\/multihoster.org\/pl\/wp-json\/wp\/v2\/pages\/4255"}],"collection":[{"href":"https:\/\/multihoster.org\/pl\/wp-json\/wp\/v2\/pages"}],"about":[{"href":"https:\/\/multihoster.org\/pl\/wp-json\/wp\/v2\/types\/page"}],"author":[{"embeddable":true,"href":"https:\/\/multihoster.org\/pl\/wp-json\/wp\/v2\/users\/2"}],"replies":[{"embeddable":true,"href":"https:\/\/multihoster.org\/pl\/wp-json\/wp\/v2\/comments?post=4255"}],"version-history":[{"count":2,"href":"https:\/\/multihoster.org\/pl\/wp-json\/wp\/v2\/pages\/4255\/revisions"}],"predecessor-version":[{"id":4335,"href":"https:\/\/multihoster.org\/pl\/wp-json\/wp\/v2\/pages\/4255\/revisions\/4335"}],"wp:attachment":[{"href":"https:\/\/multihoster.org\/pl\/wp-json\/wp\/v2\/media?parent=4255"}],"curies":[{"name":"wp","href":"https:\/\/api.w.org\/{rel}","templated":true}]}}