{"id":427,"date":"2018-05-22T17:11:34","date_gmt":"2018-05-22T17:11:34","guid":{"rendered":"https:\/\/multihoster.org\/?page_id=427"},"modified":"2020-10-28T09:30:15","modified_gmt":"2020-10-28T09:30:15","slug":"rapidgator2","status":"publish","type":"page","link":"https:\/\/multihoster.org\/pl\/rapidgator2\/","title":{"rendered":"Rapidgator Premium Account &#8211; Filehoster w skr\u00f3cie"},"content":{"rendered":"\n<p>Nie jeste\u015bmy powi\u0105zani, stowarzyszeni, autoryzowani, zatwierdzeni przez Rapidgator.net, ani w \u017caden spos\u00f3b oficjalnie z nim nie zwi\u0105zani.<\/p>\n\n\n<p class=\"normal\"><span lang=\"de\"><img loading=\"lazy\" class=\"size-full wp-image-4672 alignleft\" src=\"https:\/\/multihoster.org\/wp-content\/uploads\/2020\/06\/rapidgator_logo.png\" alt=\"rapidgator_logo\" width=\"363\" height=\"62\" srcset=\"https:\/\/multihoster.org\/wp-content\/uploads\/2020\/06\/rapidgator_logo.png 363w, https:\/\/multihoster.org\/wp-content\/uploads\/2020\/06\/rapidgator_logo-300x51.png 300w\" sizes=\"(max-width: 363px) 100vw, 363px\" \/>Filehoster Rapidgator jest aktywny w bran\u017cy hostingu i udost\u0119pniania plik\u00f3w od 2010 roku i od tego czasu firma ma ugruntowan\u0105 pozycj\u0119 z kilkoma milionami u\u017cytkownik\u00f3w dziennie i nale\u017cy do najwy\u017cszej klasy w dziedzinie hostingu plik\u00f3w. Poprzez strategiczne umieszczenie serwer\u00f3w w w\u0119z\u0142ach internetowych, dostawca chce zapewni\u0107 swoim u\u017cytkownikom najlepsz\u0105 mo\u017cliw\u0105 pr\u0119dko\u015b\u0107 pobierania i wysy\u0142ania danych poprzez konta premium.<\/span><\/p>\n<p class=\"normal\"><span lang=\"de\">Nast\u0119puj\u0105ce kluczowe elementy zosta\u0142y podkre\u015blone w filozofii korporacyjnej Rapidgator:<\/span><\/p>\n<ul>\n<li>nabo\u017ce\u0144stwo<\/li>\n<li>Szacunek dla klienta<\/li>\n<li>poboczny<\/li>\n<li>technika<\/li>\n<li>Doskona\u0142o\u015b\u0107<\/li>\n<\/ul>\n<p>&nbsp;<\/p>\n\n<p><a class=\"fasc-button fasc-size-xlarge fasc-type-glossy fasc-rounded-medium ico-fa fasc-ico-after fa-share\" style=\"background-color: #43585e; color: #ffffff;\" target=\"_blank\" rel=\"nofollow noopener noreferrer\" href=\"https:\/\/multihoster.org\/rapidgator\/goto\/\">Kup konto Premium<\/a><\/p>\n<h2><span lang=\"de\">Pozytywne cechy dostawcy<\/span><\/h2>\n<ul>\n<li>bezp\u0142atne konto<\/li>\n<li>nieograniczona przestrze\u0144 magazynowa mo\u017cliwa<\/li>\n<li>bardzo wysoki stopie\u0144 bezpiecze\u0144stwa<\/li>\n<li>Maksymalna pr\u0119dko\u015b\u0107 do 10 TB.<\/li>\n<li>atrakcyjne wynagrodzenie<\/li>\n<\/ul>\n<h2><span lang=\"de\">Ca\u0142a gama produkt\u00f3w Rapidgator w skr\u00f3cie<br><\/span><\/h2>\n<p class=\"normal\"><span lang=\"de\">Opr\u00f3cz konta Rapidgator Premium, kt\u00f3re obejmuje szeroki zakres us\u0142ug, Filehoster oferuje utworzenie bezp\u0142atnego konta. Dzi\u0119ki temu u\u017cytkownicy mog\u0105 ju\u017c korzysta\u0107 z pewnego zakresu us\u0142ug i przetestowa\u0107 ofert\u0119 Rapidgator.<br><\/span><\/p>\n<p class=\"normal\"><span lang=\"de\">Je\u015bli jeste\u015b przekonany, mo\u017cesz prze\u0142\u0105czy\u0107 si\u0119 z konta darmowego na konto premium z maksymaln\u0105 pr\u0119dko\u015bci\u0105 do 10 TB. W ramach pami\u0119ci masowej maj\u0105 Pa\u0144stwo dost\u0119p do taryf o pojemno\u015bci 3 TB i nieograniczonych taryf, w kt\u00f3rych dane musz\u0105 by\u0107 pobierane przynajmniej raz na 60 dni, aby mog\u0142y pozosta\u0107 przechowywane na serwerach WWW.<br><\/span><\/p>\n<p class=\"normal\"><span lang=\"de\">Nowoczesne oprogramowanie zapewnia maksymalny poziom bezpiecze\u0144stwa, kt\u00f3ry wspiera Gwarancja Satysfakcji oraz <a href=\"https:\/\/www.trustedshops.de\/guetesiegel\/\" target=\"_blank\" rel=\"noopener noreferrer\">Uszczelnienie TRUSTed<\/a>. W Rapidgator.net mo\u017cna r\u00f3wnie\u017c zarabia\u0107 pieni\u0105dze w spos\u00f3b zrelaksowany.<br><\/span><\/p>\n<h2><span lang=\"de\">Oferty bonusowe<br><\/span><\/h2>\n<p class=\"normal\"><span lang=\"de\">Dzi\u0119ki Rapidgatorze mo\u017cesz nie tylko przesy\u0142a\u0107 i pobiera\u0107 r\u00f3\u017cne pliki, ale r\u00f3wnie\u017c zarabia\u0107 du\u017co pieni\u0119dzy &#8211; jak to dzia\u0142a?<br><\/span><\/p>\n<p class=\"normal\"><span lang=\"de\">To proste &#8211; aby zarobi\u0107 pieni\u0105dze za pomoc\u0105 Rapidgator wystarczy przes\u0142a\u0107 pliki i u\u017cy\u0107 systemu bonusowego do wyp\u0142acenia zarobk\u00f3w. Dostawca reklamuje, \u017ce u\u017cytkownicy mog\u0105 ju\u017c zarabia\u0107 pieni\u0105dze przy pierwszym wgraniu na konto Rapidgator, wi\u0119c koszty konta Rapidgator Premium szybko si\u0119 zwr\u00f3ci\u0142y.<br><\/span><\/p>\n<h2><span lang=\"de\">Koszty i opcje p\u0142atno\u015bci<br><\/span><\/h2>\n<p><img loading=\"lazy\" class=\"alignnone size-full wp-image-4737\" src=\"https:\/\/multihoster.org\/wp-content\/uploads\/2020\/06\/rapidgator-payment-method-1.png\" alt=\"\" width=\"716\" height=\"475\" srcset=\"https:\/\/multihoster.org\/wp-content\/uploads\/2020\/06\/rapidgator-payment-method-1.png 716w, https:\/\/multihoster.org\/wp-content\/uploads\/2020\/06\/rapidgator-payment-method-1-300x199.png 300w\" sizes=\"(max-width: 716px) 100vw, 716px\" \/><\/p>\n<p class=\"normal\"><span lang=\"de\">Podsumowuj\u0105c, Rapidgator.net oferuje dziewi\u0119\u0107 r\u00f3\u017cnych taryf, kt\u00f3re s\u0105 bardzo zr\u00f3\u017cnicowane, dzi\u0119ki czemu ka\u017cdy mo\u017ce znale\u017a\u0107 dla siebie idealn\u0105 ofert\u0119. Znajd\u0105 Pa\u0144stwo taryfy za maksymaln\u0105 pami\u0119\u0107 3 TB i 10 TB oraz taryfy za nieograniczon\u0105 pami\u0119\u0107, kt\u00f3re mog\u0105 by\u0107 ograniczone w czasie w zale\u017cno\u015bci od popularno\u015bci danych. Ceny wahaj\u0105 si\u0119 od 14,99 USD za miesi\u0119czn\u0105 subskrypcj\u0119 do 99,99 USD za subskrypcj\u0119 roczn\u0105.<\/span><\/p>\n\n<table id=\"tablepress-30\" class=\"tablepress tablepress-id-30\">\n<thead>\n<tr class=\"row-1 odd\">\n\t<th class=\"column-1\">taryfa<\/th><th class=\"column-2\">14,99$<\/th><th class=\"column-3\">14,99$<\/th><th class=\"column-4\">29,99$<\/th><th class=\"column-5\">39.99$<\/th><th class=\"column-6\">39.99$<\/th><th class=\"column-7\">49,99$<\/th><th class=\"column-8\">69,99$<\/th><th class=\"column-9\">99,99$<\/th><th class=\"column-10\">99,99$<\/th>\n<\/tr>\n<\/thead>\n<tbody class=\"row-hover\">\n<tr class=\"row-2 even\">\n\t<td class=\"column-1\">\u017cywot<\/td><td class=\"column-2\">30 dni<\/td><td class=\"column-3\">30 dni<\/td><td class=\"column-4\">60 dni<\/td><td class=\"column-5\">90 dni<\/td><td class=\"column-6\">90 dni<\/td><td class=\"column-7\">180 dni<\/td><td class=\"column-8\">180 dni<\/td><td class=\"column-9\">365 dni<\/td><td class=\"column-10\">365 dni<\/td>\n<\/tr>\n<tr class=\"row-3 odd\">\n\t<td class=\"column-1\">szybko\u015b\u0107<\/td><td class=\"column-2\">1 TB<\/td><td class=\"column-3\">1 TB<\/td><td class=\"column-4\">2 TB<\/td><td class=\"column-5\">4 TB<\/td><td class=\"column-6\">4 TB<\/td><td class=\"column-7\">6 TB<\/td><td class=\"column-8\">6 TB<\/td><td class=\"column-9\">12 TB<\/td><td class=\"column-10\">12 TB<\/td>\n<\/tr>\n<tr class=\"row-4 even\">\n\t<td class=\"column-1\">retencja<\/td><td class=\"column-2\">bez ogranicze\u0144<\/td><td class=\"column-3\">3 TB<\/td><td class=\"column-4\">3 TB<\/td><td class=\"column-5\">bez ogranicze\u0144<\/td><td class=\"column-6\">3 TB<\/td><td class=\"column-7\">bez ogranicze\u0144<\/td><td class=\"column-8\">3 TB<\/td><td class=\"column-9\">bez ogranicze\u0144<\/td><td class=\"column-10\">10 TB<\/td>\n<\/tr>\n<\/tbody>\n<\/table>\n<!-- #tablepress-30 from cache -->\n<p>Je\u015bli chodzi o opcje p\u0142atno\u015bci za konto Premium, mo\u017cesz wybra\u0107 pomi\u0119dzy p\u0142atno\u015bci\u0105 kart\u0105 VISA, kart\u0105 Maestro lub kart\u0105 Mastercard. Ci, kt\u00f3rzy przywi\u0105zuj\u0105 szczeg\u00f3ln\u0105 wag\u0119 do bezpiecze\u0144stwa przy dokonywaniu p\u0142atno\u015bci przez Internet, mog\u0105 skorzysta\u0107 z metod &#8222;sprawdzonych przez VISA&#8221; i &#8222;Mastercard SecureCode&#8221;. S\u0105 to procedury bezpiecze\u0144stwa VISA i Mastercard, kt\u00f3re przerywaj\u0105 dodatkow\u0105 weryfikacj\u0119 przy zakupie, aby mo\u017cna by\u0142o bezpiecznie kupi\u0107 \u017c\u0105dany produkt w Rapidgatorze i chroni\u0107 swoje dane i pieni\u0105dze.<\/p>\n<p>Istnieje r\u00f3wnie\u017c wiele innych metod p\u0142atno\u015bci, takich jak Paysafecard, Google Play lub Apple pay. Zwyk\u0142y przelew bankowy, zakup od sprzedawc\u00f3w i inne opcje s\u0105 r\u00f3wnie\u017c dost\u0119pne, w tym p\u0142atno\u015bci w cyfrowej walucie, takiej jak Bitcoin lub Litecoin.<\/p>\n<p><a class=\"fasc-button fasc-size-xlarge fasc-type-glossy fasc-rounded-medium ico-fa fasc-ico-after fa-share\" style=\"background-color: #43585e; color: #ffffff;\" target=\"_blank\" rel=\"nofollow noopener noreferrer\" href=\"https:\/\/multihoster.org\/rapidgator\/goto\/\">Kup konto Premium<\/a><\/p>\n<h2><span lang=\"de\">Powiadomienie o ochronie prywatno\u015bci i ochrona danych<br><\/span><\/h2>\n<p class=\"normal\"><span lang=\"de\">Je\u015bli chodzi o prywatno\u015b\u0107 i ochron\u0119 danych, dostawca wyznacza sobie najwy\u017csze standardy. Podczas korzystania z us\u0142ug Rapidgator.net automatycznie zapisywane s\u0105 r\u00f3\u017cne informacje, w tym nie tylko adres IP, ale tak\u017ce inne dane osobowe i demograficzne.<br><\/span><\/p>\n<p class=\"normal\"><span lang=\"de\">Twoje dane zostan\u0105 wykorzystane do nast\u0119puj\u0105cych cel\u00f3w:<\/span><\/p>\n<ul>\n<li>Zawieranie i zawieranie transakcji finansowych<\/li>\n<li>Pro\u015bby o informacje zwrotne i kontakt w zakresie serwisu i aplikacji<\/li>\n<li>Odpowiadaj na e-maile, zapytania, komentarze, skargi, itp.<\/li>\n<li>Prezentacja i analiza wykorzystania us\u0142ug i trend\u00f3w<\/li>\n<li>Personalizacja i doskonalenie us\u0142ug<\/li>\n<li>Przesy\u0142anie wiadomo\u015bci, informacji dodatkowych, potwierdze\u0144, aktualizacji,<\/li>\n<li>Powiadomienia o bezpiecze\u0144stwie itp.<\/li>\n<li>Powiadomienie o zmianach w serwisie i aplikacji<\/li>\n<\/ul>\n<p>Dane osobowe s\u0105 przekazywane osobom trzecim tylko w kilku przypadkach &#8211; na przyk\u0142ad instytucjom kredytowym w procesie p\u0142atno\u015bci i dostawcom poczty elektronicznej w celu wysy\u0142ania wiadomo\u015bci. Ponadto, informacje b\u0119d\u0105 przekazywane innym stronom tylko za wyra\u017an\u0105 zgod\u0105.<\/p>\n<p>Ponadto dane demograficzne s\u0105 przekazywane partnerom, kt\u00f3rzy nie maj\u0105 osobistych referencji. W rzadkich przypadkach Rapidgator mo\u017ce, ze wzgl\u0119d\u00f3w prawnych, czu\u0107 si\u0119 zobowi\u0105zany do ujawnienia danych, je\u017celi jest to konieczne do ochrony prawa, w\u0142asno\u015bci i bezpiecze\u0144stwa.<\/p>\n<h2><span lang=\"de\">obs\u0142uga posprzeda\u017cna<br><\/span><\/h2>\n<p class=\"normal\"><span lang=\"de\">Obs\u0142uga klienta Rapidgator.net jest dost\u0119pna w j\u0119zyku niemieckim, co oznacza, \u017ce ka\u017cdy niemiecki u\u017cytkownik otrzymuje nienaganne wsparcie techniczne.&nbsp; Telefoniczna obs\u0142uga klienta nie jest oferowana, ewentualne zapytania mo\u017cna sk\u0142ada\u0107 za po\u015brednictwem formularza opinii. Je\u015bli szukasz szybkiego rozwi\u0105zania, zalecamy r\u00f3wnie\u017c zajrze\u0107 do sekcji FAQ, kt\u00f3ra odpowiada na pytania, kt\u00f3re s\u0105 regularnie zadawane przez wielu u\u017cytkownik\u00f3w.<br><\/span><\/p>\n<h2><span lang=\"de\">przyjazno\u015b\u0107 dla u\u017cytkownika<br><\/span><\/h2>\n<p class=\"normal\"><span lang=\"de\">Tworzenie konta w Rapidgatorze zajmuje tylko kilka sekund i jest szybko zako\u0144czone. Natychmiast po zalogowaniu si\u0119 mo\u017cesz skorzysta\u0107 z funkcji &#8222;Wgraj plik&#8221; na koncie Rapidgator i przes\u0142a\u0107 \u017c\u0105dany plik do serwer\u00f3w internetowych Rapidgator za pomoc\u0105 wgrywania do Internetu, FTP lub zdalnego wgrywania.<br><\/span><\/p>\n<p class=\"normal\"><span lang=\"de\">Wszystkie inne us\u0142ugi mo\u017cna r\u00f3wnie\u017c znale\u017a\u0107 w prawym g\u00f3rnym rogu strony, gdzie mo\u017cna przegl\u0105da\u0107 najnowsze informacje, kupi\u0107 plan Rapidgator Premium, zobaczy\u0107 swoje zarobki, uzyska\u0107 dost\u0119p do konta i skontaktowa\u0107 si\u0119 z dzia\u0142em obs\u0142ugi klienta. W g\u00f3rnej cz\u0119\u015bci naro\u017cnika mo\u017cna wybra\u0107 j\u0119zyk, aby ka\u017cdy m\u00f3g\u0142 wprowadzi\u0107 informacje na stronie w swoim j\u0119zyku ojczystym.<br><\/span><\/p>\n<h2>Aplikacja mobilna<\/h2>\n<p>Je\u015bli chcesz korzysta\u0107 z zalet platformy Rapidgator.net w podr\u00f3\u017cy ze swojego smartfona lub tabletu, po prostu pobierz dostarczon\u0105 w tym celu aplikacj\u0119&nbsp; <a href=\"https:\/\/itunes.apple.com\/us\/app\/rapidgator-net-file-manager\/id1214212470?l=en&amp;ls=1&amp;mt=8\" target=\"_blank\" rel=\"noopener noreferrer\">do iTunes dla urz\u0105dze\u0144 Apple<\/a>&nbsp; a tak\u017ce <a href=\"https:\/\/play.google.com\/store\/apps\/details?id=net.rapidgator&amp;hl=de\" target=\"_blank\" rel=\"noopener noreferrer\">w sklepie Google Play Store dla urz\u0105dze\u0144 mobilnych z systemem operacyjnym Android<\/a>.<\/p>\n<h2><span lang=\"de\">Zalety konta Premium w Rapidgatorze<br><\/span><\/h2>\n<p>Konto Premium umo\u017cliwia przesy\u0142anie i pobieranie plik\u00f3w w Rapidgator.net z wyj\u0105tkowo du\u017c\u0105 szybko\u015bci\u0105. Korzystasz r\u00f3wnie\u017c z mo\u017cliwo\u015bci rozpocz\u0119cia pobierania dowolnej liczby plik\u00f3w jednocze\u015bnie, bez konieczno\u015bci czekania w kolejce. Dzi\u0119ki przepustowo\u015bci jednego TB lub wi\u0119kszej, pliki o rozmiarze do 5 GB mog\u0105 by\u0107 pobrane bardzo szybko.<\/p>\n<p>Najni\u017csze stawki zaczynaj\u0105 si\u0119 od 14,99 USD. Obydwie oferuj\u0105 30-dniowy abonament i jedno pasmo TB. R\u00f3\u017cnica le\u017cy w pami\u0119ci masowej &#8211; podczas gdy pierwsza taryfa Rapidgator Premium pozwala na przechowywanie nieograniczonej liczby plik\u00f3w, kt\u00f3re s\u0105 usuwane 60 dni po ostatnim pobraniu, druga taryfa oferuje maksymaln\u0105 pojemno\u015b\u0107 3 TB. W drugim przypadku dane nie s\u0105 usuwane, nawet je\u015bli nie zosta\u0142y pobrane przez 60 dni.<\/p>\n<p>Dzi\u0119ki 60-dniowemu abonamentowi za 29,99 USD, plan Rapidgator Premium umo\u017cliwia r\u00f3wnie\u017c przechowywanie do 3 TB danych i korzystanie z 2 TB wi\u0119kszej pr\u0119dko\u015bci.<\/p>\n<p>Szybko\u015b\u0107 jest jeszcze wi\u0119ksza dzi\u0119ki 90-dniowemu abonamentowi, kt\u00f3ry jest dost\u0119pny za $39.99. W ramach tej taryfy mo\u017cna pobiera\u0107 i przesy\u0142a\u0107 \u017c\u0105dane pliki o przepustowo\u015bci do 4 TB z kontem Rapidgator. Mo\u017cesz wybra\u0107 pomi\u0119dzy taryf\u0105 za nieograniczon\u0105 pami\u0119\u0107 masow\u0105, gdzie obowi\u0105zuje regu\u0142a 60 dni, a taryf\u0105 za ograniczon\u0105 pojemno\u015b\u0107 pami\u0119ci masowej 3 TB.<\/p>\n<p>Je\u015bli wybierzesz subskrypcj\u0119 180-dniow\u0105 za $49.99, mo\u017cesz cieszy\u0107 si\u0119 pr\u0119dko\u015bci\u0105 6 TB i przesy\u0142a\u0107 nieograniczone pliki, kt\u00f3re s\u0105 przechowywane przez okres do 60 dni po ostatnim pobraniu.<\/p>\n<p>Subskrypcja Rapidgator Premium na 180 dni za 69,99 USD zapewnia tak\u0105 sam\u0105 przepustowo\u015b\u0107 i 3 TB nieograniczonej pami\u0119ci masowej.<\/p>\n<p>Maksymalna pr\u0119dko\u015b\u0107 12 TB jest dost\u0119pna przy rocznym abonamencie, kt\u00f3ry jest dost\u0119pny za $99.99 w dw\u00f3ch r\u00f3\u017cnych wersjach. Mo\u017cesz wybra\u0107 pomi\u0119dzy abonamentem Rapidgator Premium z pami\u0119ci\u0105 masow\u0105 10 TB a taryf\u0105 Premium z nieograniczon\u0105 pami\u0119ci\u0105 masow\u0105, zgodnie z regu\u0142\u0105 60 dni.<\/p>\n<h2><span lang=\"de\">Nasz wniosek na temat Rapidgator<br><\/span><\/h2>\n<p class=\"normal\"><span lang=\"de\">Jako jeden z najwi\u0119kszych dostawc\u00f3w w bran\u017cy hostingu i udost\u0119pniania plik\u00f3w, Rapidgator przywi\u0105zuje du\u017c\u0105 wag\u0119 do wysokiego poziomu bezpiecze\u0144stwa, ochrony danych i prywatno\u015bci. Mimo, \u017ce obs\u0142uga klienta nie jest dost\u0119pna telefonicznie, niemiecka pomoc techniczna zawsze mo\u017ce zapewni\u0107 odpowiedni\u0105 pomoc w przypadku wszystkich problem\u00f3w zwi\u0105zanych z kontem Rapidgator.<br><\/span><\/p>\n<p class=\"normal\"><span lang=\"de\">Rapidgator wyr\u00f3\u017cnia si\u0119 przede wszystkim szerok\u0105 gam\u0105 produkt\u00f3w, w ramach kt\u00f3rych mo\u017cna wybra\u0107 dziewi\u0119\u0107 r\u00f3\u017cnych abonament\u00f3w w ramach taryf Rapidgator Premium. Oferuj\u0105 one zar\u00f3wno r\u00f3\u017cne pr\u0119dko\u015bci, jak i r\u00f3\u017cn\u0105 przestrze\u0144 magazynow\u0105. Mo\u017cesz wybra\u0107 konto premium z ograniczon\u0105 przestrzeni\u0105 dyskow\u0105 lub konto Rapidgator z nieograniczon\u0105 przestrzeni\u0105 dyskow\u0105. W przypadku wybrania opcji Rapidgator Premium z nieograniczon\u0105 pami\u0119ci\u0105 masow\u0105 dane s\u0105 przechowywane przez okres d\u0142u\u017cszy ni\u017c 60 dni, je\u015bli w tym okresie mia\u0142o miejsce ich pobranie.<\/span><\/p>\n<p class=\"normal\"><span lang=\"de\">Strona jest r\u00f3wnie\u017c przyjazna dla u\u017cytkownika i pozwala zobaczy\u0107 wszystko, co wa\u017cne na pierwszy rzut oka. Je\u015bli chcesz, mo\u017cesz r\u00f3wnie\u017c korzysta\u0107 z aplikacji mobilnej Rapidgator.<\/span><\/p>\n<p class=\"normal\">Niekt\u00f3rzy u\u017cytkownicy mog\u0105 by\u0107 zainteresowani programem bonusowym, kt\u00f3ry umo\u017cliwia zarabianie pieni\u0119dzy poprzez wgrywanie danych, dzi\u0119ki czemu mo\u017cna \u0142atwo odzyska\u0107 pieni\u0105dze zap\u0142acone za taryf\u0119 Rapidgator Premium.<\/p>\n<p><a class=\"fasc-button fasc-size-xlarge fasc-type-glossy fasc-rounded-medium ico-fa fasc-ico-after fa-share\" style=\"background-color: #43585e; color: #ffffff;\" target=\"_blank\" rel=\"nofollow noopener noreferrer\" href=\"https:\/\/multihoster.org\/rapidgator\/goto\/\">Kup konto Premium<\/a><\/p>","protected":false},"excerpt":{"rendered":"<p>Nie jeste\u015bmy powi\u0105zani, stowarzyszeni, autoryzowani, zatwierdzeni przez Rapidgator.net, ani w \u017caden spos\u00f3b oficjalnie z nim nie zwi\u0105zani. Filehoster Rapidgator jest<\/p>\n","protected":false},"author":2,"featured_media":0,"parent":0,"menu_order":0,"comment_status":"closed","ping_status":"closed","template":"","meta":[],"yoast_head":"<!-- This site is optimized with the Yoast SEO plugin v18.3 - https:\/\/yoast.com\/wordpress\/plugins\/seo\/ -->\n<title>lll\u25b7 Rapidgator Premium Account serious or not +++ Test na Multihoster.org<\/title>\n<meta name=\"description\" content=\"Je\u015bli firma Rapidgator jest renomowanym dostawc\u0105 lub nie, odpowied\u017a znajdziesz w aktualnym te\u015bcie na stronie Multihoster.org \u279c Teraz kliknij \u271a, aby zapozna\u0107 si\u0119 z naszymi do\u015bwiadczeniami!\" \/>\n<meta name=\"robots\" content=\"index, follow, max-snippet:-1, max-image-preview:large, max-video-preview:-1\" \/>\n<link rel=\"canonical\" href=\"https:\/\/multihoster.org\/pl\/rapidgator2\/\" \/>\n<meta property=\"og:locale\" content=\"pl_PL\" \/>\n<meta property=\"og:type\" content=\"article\" \/>\n<meta property=\"og:title\" content=\"lll\u25b7 Rapidgator Premium Account serious or not +++ Test na Multihoster.org\" \/>\n<meta property=\"og:description\" content=\"Je\u015bli firma Rapidgator jest renomowanym dostawc\u0105 lub nie, odpowied\u017a znajdziesz w aktualnym te\u015bcie na stronie Multihoster.org \u279c Teraz kliknij \u271a, aby zapozna\u0107 si\u0119 z naszymi do\u015bwiadczeniami!\" \/>\n<meta property=\"og:url\" content=\"https:\/\/multihoster.org\/pl\/rapidgator2\/\" \/>\n<meta property=\"og:site_name\" content=\"Multihoster.org\" \/>\n<meta property=\"article:modified_time\" content=\"2020-10-28T09:30:15+00:00\" \/>\n<meta property=\"og:image\" content=\"https:\/\/multihoster.org\/wp-content\/uploads\/2020\/06\/rapidgator_logo.png\" \/>\n<meta name=\"twitter:card\" content=\"summary\" \/>\n<meta name=\"twitter:label1\" content=\"Szacowany czas czytania\" \/>\n\t<meta name=\"twitter:data1\" content=\"8 minut\" \/>\n<script type=\"application\/ld+json\" class=\"yoast-schema-graph\">{\"@context\":\"https:\/\/schema.org\",\"@graph\":[{\"@type\":\"WebSite\",\"@id\":\"https:\/\/multihoster.org\/#website\",\"url\":\"https:\/\/multihoster.org\/\",\"name\":\"Multihoster.org\",\"description\":\"Reviews of the major Filehosting services\",\"potentialAction\":[{\"@type\":\"SearchAction\",\"target\":{\"@type\":\"EntryPoint\",\"urlTemplate\":\"https:\/\/multihoster.org\/?s={search_term_string}\"},\"query-input\":\"required name=search_term_string\"}],\"inLanguage\":\"pl-PL\"},{\"@type\":\"ImageObject\",\"@id\":\"https:\/\/multihoster.org\/pl\/rapidgator2\/#primaryimage\",\"inLanguage\":\"pl-PL\",\"url\":\"https:\/\/multihoster.org\/wp-content\/uploads\/2020\/06\/rapidgator_logo.png\",\"contentUrl\":\"https:\/\/multihoster.org\/wp-content\/uploads\/2020\/06\/rapidgator_logo.png\",\"width\":363,\"height\":62,\"caption\":\"rapidgator_logo\"},{\"@type\":\"WebPage\",\"@id\":\"https:\/\/multihoster.org\/pl\/rapidgator2\/#webpage\",\"url\":\"https:\/\/multihoster.org\/pl\/rapidgator2\/\",\"name\":\"lll\u25b7 Rapidgator Premium Account serious or not +++ Test na Multihoster.org\",\"isPartOf\":{\"@id\":\"https:\/\/multihoster.org\/#website\"},\"primaryImageOfPage\":{\"@id\":\"https:\/\/multihoster.org\/pl\/rapidgator2\/#primaryimage\"},\"datePublished\":\"2018-05-22T17:11:34+00:00\",\"dateModified\":\"2020-10-28T09:30:15+00:00\",\"description\":\"Je\u015bli firma Rapidgator jest renomowanym dostawc\u0105 lub nie, odpowied\u017a znajdziesz w aktualnym te\u015bcie na stronie Multihoster.org \u279c Teraz kliknij \u271a, aby zapozna\u0107 si\u0119 z naszymi do\u015bwiadczeniami!\",\"breadcrumb\":{\"@id\":\"https:\/\/multihoster.org\/pl\/rapidgator2\/#breadcrumb\"},\"inLanguage\":\"pl-PL\",\"potentialAction\":[{\"@type\":\"ReadAction\",\"target\":[\"https:\/\/multihoster.org\/pl\/rapidgator2\/\"]}]},{\"@type\":\"BreadcrumbList\",\"@id\":\"https:\/\/multihoster.org\/pl\/rapidgator2\/#breadcrumb\",\"itemListElement\":[{\"@type\":\"ListItem\",\"position\":1,\"name\":\"Startseite\",\"item\":\"https:\/\/multihoster.org\/pl\/\"},{\"@type\":\"ListItem\",\"position\":2,\"name\":\"Rapidgator Premium Account &#8211; Filehoster w skr\u00f3cie\"}]}]}<\/script>\n<!-- \/ Yoast SEO plugin. -->","yoast_head_json":{"title":"lll\u25b7 Rapidgator Premium Account serious or not +++ Test na Multihoster.org","description":"Je\u015bli firma Rapidgator jest renomowanym dostawc\u0105 lub nie, odpowied\u017a znajdziesz w aktualnym te\u015bcie na stronie Multihoster.org \u279c Teraz kliknij \u271a, aby zapozna\u0107 si\u0119 z naszymi do\u015bwiadczeniami!","robots":{"index":"index","follow":"follow","max-snippet":"max-snippet:-1","max-image-preview":"max-image-preview:large","max-video-preview":"max-video-preview:-1"},"canonical":"https:\/\/multihoster.org\/pl\/rapidgator2\/","og_locale":"pl_PL","og_type":"article","og_title":"lll\u25b7 Rapidgator Premium Account serious or not +++ Test na Multihoster.org","og_description":"Je\u015bli firma Rapidgator jest renomowanym dostawc\u0105 lub nie, odpowied\u017a znajdziesz w aktualnym te\u015bcie na stronie Multihoster.org \u279c Teraz kliknij \u271a, aby zapozna\u0107 si\u0119 z naszymi do\u015bwiadczeniami!","og_url":"https:\/\/multihoster.org\/pl\/rapidgator2\/","og_site_name":"Multihoster.org","article_modified_time":"2020-10-28T09:30:15+00:00","og_image":[{"url":"https:\/\/multihoster.org\/wp-content\/uploads\/2020\/06\/rapidgator_logo.png"}],"twitter_card":"summary","twitter_misc":{"Szacowany czas czytania":"8 minut"},"schema":{"@context":"https:\/\/schema.org","@graph":[{"@type":"WebSite","@id":"https:\/\/multihoster.org\/#website","url":"https:\/\/multihoster.org\/","name":"Multihoster.org","description":"Reviews of the major Filehosting services","potentialAction":[{"@type":"SearchAction","target":{"@type":"EntryPoint","urlTemplate":"https:\/\/multihoster.org\/?s={search_term_string}"},"query-input":"required name=search_term_string"}],"inLanguage":"pl-PL"},{"@type":"ImageObject","@id":"https:\/\/multihoster.org\/pl\/rapidgator2\/#primaryimage","inLanguage":"pl-PL","url":"https:\/\/multihoster.org\/wp-content\/uploads\/2020\/06\/rapidgator_logo.png","contentUrl":"https:\/\/multihoster.org\/wp-content\/uploads\/2020\/06\/rapidgator_logo.png","width":363,"height":62,"caption":"rapidgator_logo"},{"@type":"WebPage","@id":"https:\/\/multihoster.org\/pl\/rapidgator2\/#webpage","url":"https:\/\/multihoster.org\/pl\/rapidgator2\/","name":"lll\u25b7 Rapidgator Premium Account serious or not +++ Test na Multihoster.org","isPartOf":{"@id":"https:\/\/multihoster.org\/#website"},"primaryImageOfPage":{"@id":"https:\/\/multihoster.org\/pl\/rapidgator2\/#primaryimage"},"datePublished":"2018-05-22T17:11:34+00:00","dateModified":"2020-10-28T09:30:15+00:00","description":"Je\u015bli firma Rapidgator jest renomowanym dostawc\u0105 lub nie, odpowied\u017a znajdziesz w aktualnym te\u015bcie na stronie Multihoster.org \u279c Teraz kliknij \u271a, aby zapozna\u0107 si\u0119 z naszymi do\u015bwiadczeniami!","breadcrumb":{"@id":"https:\/\/multihoster.org\/pl\/rapidgator2\/#breadcrumb"},"inLanguage":"pl-PL","potentialAction":[{"@type":"ReadAction","target":["https:\/\/multihoster.org\/pl\/rapidgator2\/"]}]},{"@type":"BreadcrumbList","@id":"https:\/\/multihoster.org\/pl\/rapidgator2\/#breadcrumb","itemListElement":[{"@type":"ListItem","position":1,"name":"Startseite","item":"https:\/\/multihoster.org\/pl\/"},{"@type":"ListItem","position":2,"name":"Rapidgator Premium Account &#8211; Filehoster w skr\u00f3cie"}]}]}},"_links":{"self":[{"href":"https:\/\/multihoster.org\/pl\/wp-json\/wp\/v2\/pages\/427"}],"collection":[{"href":"https:\/\/multihoster.org\/pl\/wp-json\/wp\/v2\/pages"}],"about":[{"href":"https:\/\/multihoster.org\/pl\/wp-json\/wp\/v2\/types\/page"}],"author":[{"embeddable":true,"href":"https:\/\/multihoster.org\/pl\/wp-json\/wp\/v2\/users\/2"}],"replies":[{"embeddable":true,"href":"https:\/\/multihoster.org\/pl\/wp-json\/wp\/v2\/comments?post=427"}],"version-history":[{"count":9,"href":"https:\/\/multihoster.org\/pl\/wp-json\/wp\/v2\/pages\/427\/revisions"}],"predecessor-version":[{"id":4751,"href":"https:\/\/multihoster.org\/pl\/wp-json\/wp\/v2\/pages\/427\/revisions\/4751"}],"wp:attachment":[{"href":"https:\/\/multihoster.org\/pl\/wp-json\/wp\/v2\/media?parent=427"}],"curies":[{"name":"wp","href":"https:\/\/api.w.org\/{rel}","templated":true}]}}