{"id":4377,"date":"2020-04-16T15:45:17","date_gmt":"2020-04-16T15:45:17","guid":{"rendered":"https:\/\/multihoster.org\/fileboom-2\/"},"modified":"2020-04-23T10:57:30","modified_gmt":"2020-04-23T10:57:30","slug":"fileboom-2","status":"publish","type":"page","link":"https:\/\/multihoster.org\/pl\/fileboom-2\/","title":{"rendered":"FileBoom Premium Konto: Filehoster W Skr\u00f3cie"},"content":{"rendered":"\n<div class=\"wp-block-image\"><figure class=\"aligncenter\"><img src=\"https:\/\/lh6.googleusercontent.com\/CxrQlUrEqHUGytbKIXRKTBE5iOTePxQV1007Gp6AtDosm-ZPTakFqyaZuB0n_18sdTGcoM65JLOGrxaR5iLyMvJjuM7sNzCR3WB645azwwUip3X9bdRsvVxmU0XR7L5oGDv9SH4\" alt=\"FileBoom logo\"\/><\/figure><\/div>\n\n\n<a class=\"maxbutton-2 maxbutton maxbutton-cta\" target=\"_blank\" rel=\"nofollow noopener\" href=\"\/go\/\"><span class='mb-text'>&gt;&gt; Przejd\u017a do strony Oryginalnego Linkifier<\/span><\/a>\n\n\n<p><\/p>\n\n\n\n<h2>Po co u\u017cywa\u0107 Fileboom?<\/h2>\n\n\n\n<p>FileBoom to w 100% bezpieczna i pewna strona do wysy\u0142ania, przechowywania, pobierania i udost\u0119pniania plik\u00f3w, niezale\u017cnie od tego czy s\u0105 one wa\u017cne czy nie. <\/p>\n\n\n\n<p>U\u017cytkownik nie musi martwi\u0107 si\u0119 o swoje dane, poniewa\u017c FileBoom mo\u017ce zaoferowa\u0107 w 100% bezpieczne przechowywanie plik\u00f3w. Wszystkie pliki i pliki do pobrania tutaj s\u0105 zabezpieczone za pomoc\u0105 technologii szyfrowania w ich systemie. Wszystkie transakcje s\u0105 zabezpieczone, poniewa\u017c FileBoom korzysta z technologii szyfrowania Secure Sockets Layer lub SSL wraz z 128-bitowym podpisem <a rel=\"noreferrer noopener\" aria-label=\"VeriSign (opens in a new tab)\" href=\"https:\/\/en.wikipedia.org\/wiki\/Verisign\" target=\"_blank\">VeriSign<\/a>.<\/p>\n\n\n\n<p>Posiada r\u00f3wnie\u017c bardzo du\u017c\u0105 szybko\u015b\u0107 i przepustowo\u015b\u0107 przy ka\u017cdym pobraniu pliku oraz pozwala na przesy\u0142anie plik\u00f3w w kr\u00f3tkim czasie. <\/p>\n\n\n\n<p>Je\u015bli dana osoba chce bingowa\u0107 swoje pliki, mo\u017ce je wszystkie zapisa\u0107 na stronie FileBoom, wi\u0119c gdziekolwiek jest i kiedykolwiek b\u0119dzie potrzebowa\u0142a pliku do wys\u0142ania lub udost\u0119pnienia lub obejrzenia lub zaprezentowania, mo\u017ce po prostu uzyska\u0107 dost\u0119p do strony FileBoom bez u\u017cycia dysk\u00f3w flash lub innych zewn\u0119trznych dysk\u00f3w lub pami\u0119ci masowej, a nawet bez obawy o rozmiar pliku.<\/p>\n\n\n\n<p>Ponadto, witryna FileBoom jest dost\u0119pna dla ka\u017cdego urz\u0105dzenia za po\u015brednictwem dowolnej przegl\u0105darki internetowej z pomoc\u0105 po\u0142\u0105czenia internetowego.<\/p>\n\n\n\n<div class=\"wp-block-image\"><figure class=\"alignright\"><img src=\"https:\/\/lh4.googleusercontent.com\/TE6YeHqhuqCouM2nZVVNGTs4ttRgSZKicLQI_KLEQll3m-OHBUiiIjcUkQSRLG_SPn2DB5tEkreIrrB9os5WeBMjgpnMob9XSHjLMcUvl8x743gKUgkYLdaGA0m0ohjDaeDYJxI\" alt=\"FileBoom Languages\"\/><\/figure><\/div>\n\n\n\n<p>Co wi\u0119cej, strona FileBoom obs\u0142uguje dwa (2) r\u00f3\u017cne j\u0119zyki. S\u0105 to angielski i japo\u0144ski. U\u017cytkownik mo\u017ce prze\u0142\u0105czy\u0107 przycisk PL, aby prze\u0142\u0105czy\u0107 si\u0119 na j\u0119zyk angielski i japo\u0144ski, aby prze\u0142\u0105czy\u0107 si\u0119 na j\u0119zyk japo\u0144ski.<\/p>\n\n\n\n<p>FileBoom pozwala swoim u\u017cytkownikom na u\u017cycie dowolnego narz\u0119dzia do pobierania lub akceleratora pobierania w celu przyspieszenia procesu pobierania. U\u017cytkownik mo\u017ce korzysta\u0107 z Internet Download Manager lub IDM, JDownloader, Download Accelerator Plus i innych.<\/p>\n\n\n\n<p>Rodzaje wgrywania plik\u00f3w na stron\u0119 FileBoom:<\/p>\n\n\n\n<ol><li>Przesy\u0142anie plik\u00f3w<\/li><li> Flash Upload<\/li><li> Przesy\u0142anie zdalne<\/li><\/ol>\n\n\n\n<p>Przenoszenie pliku na stron\u0119 FileBoom:<\/p>\n\n\n\n<p>Istniej\u0105 dwa (2) sposoby na przeniesienie pliku lub plik\u00f3w u\u017cytkownika.<\/p>\n\n\n\n<ol><li>Drag and Drop &#8211; U\u017cytkownik mo\u017ce wykona\u0107 metod\u0119 &#8222;przeci\u0105gnij i upu\u015b\u0107&#8221;, aby przenie\u015b\u0107 plik lub pliki do okre\u015blonego folderu. <\/li><li> Edit &#8211; U\u017cytkownik mo\u017ce wybra\u0107 plik lub pliki, a nast\u0119pnie klikn\u0105\u0107 na przycisk &#8222;EDIT&#8221; i wybra\u0107 miejsce, do kt\u00f3rego chce przenie\u015b\u0107 plik lub pliki.<\/li><\/ol>\n\n\n\n<h2>FileBoom: Konta<\/h2>\n\n\n\n<p>FileBoom pozwala na dost\u0119p do strony i us\u0142ug tylko tym u\u017cytkownikom, kt\u00f3rzy maj\u0105 trzyna\u015bcie lub wi\u0119cej lat i nie pozwalaj\u0105 na wielokrotne lub wielokrotne korzystanie z kont u\u017cytkownik\u00f3w. Je\u015bli FileBoom znajdzie jakie\u015b konta w ten spos\u00f3b, usunie je automatycznie. <\/p>\n\n\n\n<p>Je\u015bli u\u017cytkownik nie ma jeszcze konta w systemie FileBoom, mo\u017ce po\u015bwi\u0119ci\u0107 czas na wype\u0142nienie formularza rejestracyjnego w systemie FileBoom, aby utworzy\u0107 swoje konto. Musi on wprowadzi\u0107 wa\u017cne pe\u0142ne imi\u0119 i nazwisko, adres e-mail i has\u0142o do formularza rejestracyjnego FileBoom i musi ponownie wprowadzi\u0107 swoje has\u0142o w celu weryfikacji has\u0142a. U\u017cytkownik musi zaznaczy\u0107 przycisk &#8222;Utw\u00f3rz konto u\u017cytkownika&#8221;, aby pomy\u015blnie przes\u0142a\u0107 informacje. Nast\u0119pnie u\u017cytkownik b\u0119dzie mia\u0142 teraz swoje konto i dost\u0119p do funkcji i us\u0142ug witryny FileBoom.<\/p>\n\n\n\n<figure class=\"wp-block-image\"><img src=\"https:\/\/lh6.googleusercontent.com\/hkO2ARhvoeZjlFGjLUqs4RNsbgir12DHGPTMK_-lcBhYZdvcDJDy3-6W_23KDb2iHuY-znbGj0XnWYnmVz82bKOFxM20A5p7n0AiGRAnYH1KmELXbvGUwZw_DiOLGADl2uVlRUk\" alt=\"VK\"\/><\/figure>\n\n\n\n<p>Je\u015bli u\u017cytkownik ma ju\u017c konto w systemie Fileboom, mo\u017ce przej\u015b\u0107 do strony logowania w systemie FileBoom i wprowadzi\u0107 adres e-mail swojego konta oraz has\u0142o do konta. Wszystkie dane powinny by\u0107 wpisane poprawnie, aby upewni\u0107 si\u0119, \u017ce mo\u017ce on z powodzeniem zalogowa\u0107 si\u0119 na stronie FileBoom. U\u017cytkownik mo\u017ce r\u00f3wnie\u017c logowa\u0107 si\u0119 za po\u015brednictwem serwis\u00f3w Facebook, Twitter, VK i Google Plus. U\u017cytkownik musi zaznaczy\u0107 przycisk &#8222;Zaloguj si\u0119&#8221;, aby przej\u015b\u0107 do swojego konta w serwisie FileBoom.<\/p>\n\n\n\n<p>Je\u015bli u\u017cytkownik ma jakiekolwiek pytania lub problemy zwi\u0105zane z zakupem konta FileBoom Premium, w\u00f3wczas najszybszym sposobem jest skontaktowanie si\u0119 z obs\u0142ug\u0105 klienta FileBoom.<\/p>\n\n\n\n<figure class=\"wp-block-table\"><table class=\"\"><tbody><tr><td>U\u017cytkownik nie powinien umieszcza\u0107 na stronie FileBoom \u017cadnych plik\u00f3w lub tre\u015bci, kt\u00f3re zawieraj\u0105 przemoc lub pornografi\u0119 i kt\u00f3re s\u0105 chronione prawami autorskimi lub nie maj\u0105 pozwolenia na u\u017cywanie, udost\u0119pnianie lub umieszczanie ich. W przypadku znalezienia takich plik\u00f3w, FileBoom natychmiast usunie, skasuje lub zawiesi konto u\u017cytkownika.<\/td><\/tr><\/tbody><\/table><\/figure>\n\n\n\n<p>FileBoom posiada dwa (2) r\u00f3\u017cne typy kont: konto bezp\u0142atne FileBoom i konto Premium FileBoom.<\/p>\n\n\n\n<p>R\u00f3\u017cnice mi\u0119dzy nimi s\u0105:<\/p>\n\n\n\n<ul><li>U\u017cytkownik konta FileBoom Premium mo\u017ce pobra\u0107 wiele plik\u00f3w w tym samym czasie, podczas gdy u\u017cytkownik konta FileBoom Free mo\u017ce pobra\u0107 tylko jeden plik w tym samym czasie.<\/li><li> U\u017cytkownik konta FileBoom Premium mo\u017ce do\u015bwiadczy\u0107 szybszego wgrywania i pobierania plik\u00f3w ni\u017c u\u017cytkownik konta FileBoom Free.<\/li><li> U\u017cytkownik konta bezp\u0142atnego FileBoom Free musi odczeka\u0107 ile sekund, zanim b\u0119dzie m\u00f3g\u0142 pobra\u0107 plik, podczas gdy u\u017cytkownik konta FileBoom Premium mo\u017ce pobra\u0107 plik natychmiast, nie czekaj\u0105c na to kilka sekund.<\/li><li> U\u017cytkownik konta Free FileBoom mo\u017ce zobaczy\u0107 reklamy na stronie FileBoom, podczas gdy u\u017cytkownik konta Premium FileBoom mo\u017ce pobra\u0107 plik natychmiast, bez konieczno\u015bci czekania na to kilka sekund.<\/li><\/ul>\n\n\n\n<h3>Funkcje konta FileBoom Free i FileBoom Premium<\/h3>\n\n\n\n<figure class=\"wp-block-table\"><table class=\"\"><tbody><tr><td>Typ konta FileBoom<\/td><td>Szybko\u015b\u0107 pobierania plik\u00f3w <\/td><td>Pocz\u0105tek pobierania plik\u00f3w<\/td><td>Ma akcelerator do pobierania plik\u00f3w?<\/td><td>Ma \u017cyciorys do pobrania?<\/td><td>Pobieranie wielu plik\u00f3w jednocze\u015bnie<\/td><\/tr><tr><td>Darmowe konto<\/td><td>Zbyt wolny<\/td><td>Pobieranie rozpocznie si\u0119 po 30 sekundach<\/td><td>X<\/td><td>X<\/td><td>X<\/td><\/tr><tr><td>Konto Premium <\/td><td>Szybko<\/td><td>Pobieranie rozpocznie si\u0119 natychmiast, bez czekania na sekundy.<\/td><td>\u2713<\/td><td>\u2713<\/td><td>\u2713<\/td><\/tr><\/tbody><\/table><\/figure>\n\n\n\n<figure class=\"wp-block-table\"><table class=\"\"><tbody><tr><td>Typ konta FileBoom<\/td><td>Przesy\u0142anie przez FTP<\/td><td>Przesy\u0142anie przez HTTP<\/td><\/tr><tr><td>Darmowe konto <\/td><td>X<\/td><td>X<\/td><\/tr><tr><td>Konto Premium <\/td><td>\u2713<\/td><td>\u2713<\/td><\/tr><\/tbody><\/table><\/figure>\n\n\n\n<figure class=\"wp-block-table\"><table class=\"\"><tbody><tr><td>Typ konta FileBoom<\/td><td>Rodzaj pliku<\/td><td>Maksymalny rozmiar pliku<\/td><td>Jak d\u0142ugo pliki s\u0105 przechowywane w magazynie?<\/td><\/tr><tr><td>Darmowe konto <\/td><td>Ka\u017cdy<\/td><td>500 MB lub 0,5 GB<\/td><td>30 dni lub 1 miesi\u0105c<\/td><\/tr><tr><td>Konto Premium <\/td><td>Ka\u017cdy<\/td><td>5000 MB lub 5 GB<\/td><td>90 dni lub 2 miesi\u0105ce<\/td><\/tr><\/tbody><\/table><\/figure>\n\n\n\n<p>*MB jest dla Megabajt\u00f3w, a GB jest dla Gigabajt\u00f3w<\/p>\n\n\n<a class=\"maxbutton-2 maxbutton maxbutton-cta\" target=\"_blank\" rel=\"nofollow noopener\" href=\"\/go\/\"><span class='mb-text'>&gt;&gt; Przejd\u017a do strony Oryginalnego Linkifier<\/span><\/a>\n\n\n<p><\/p>\n\n\n\n<h3>Zakup konta FileBoom Premium<\/h3>\n\n\n\n<p>U\u017cytkownik mo\u017ce wybra\u0107 jeden z poni\u017cszych typ\u00f3w konta FileBoom Premium, kt\u00f3re chce kupi\u0107 i u\u017cywa\u0107. <\/p>\n\n\n\n<p>Ceny konta Premium FileBoom<\/p>\n\n\n\n<figure class=\"wp-block-table\"><table class=\"\"><tbody><tr><td>Liczba dni lub miesi\u0119cy<\/td><td>Kwota<\/td><td>Kwota na dzie\u0144<\/td><td>Ukryte op\u0142aty lub nale\u017cno\u015bci<\/td><td>Czy to jest wolne od reklam?<\/td><td>Jest zabezpieczony?<\/td><\/tr><tr><td>3 dni<\/td><td>6,95 USD<\/td><td>2,32 USD<\/td><td>Brak<\/td><td>Tak<\/td><td>Tak<\/td><\/tr><tr><td>1 miesi\u0105c<\/td><td>16,95 USD<\/td><td>0,56 USD<\/td><td>Brak<\/td><td>Tak<\/td><td>Tak<\/td><\/tr><tr><td>2 miesi\u0105ce<\/td><td>41,95 USD<\/td><td>0,47 USD<\/td><td>Brak<\/td><td>Tak<\/td><td>Tak<\/td><\/tr><tr><td>12 miesi\u0105ce<\/td><td>113,95 USD<\/td><td>0,31 USD<\/td><td>Brak<\/td><td>Tak<\/td><td>Tak<\/td><\/tr><\/tbody><\/table><\/figure>\n\n\n\n<p>Zakup i p\u0142atno\u015b\u0107 u\u017cytkownika tutaj w FileBoom jest w 100% bezpieczna i w 100% bezpieczna. Wszystkie transakcje, zw\u0142aszcza finansowe, s\u0105 szyfrowane, wi\u0119c nie ma si\u0119 czym martwi\u0107.<\/p>\n\n\n\n<p>U\u017cytkownik mo\u017ce dokona\u0107 p\u0142atno\u015bci za pomoc\u0105 nast\u0119puj\u0105cych opcji FileBoom:<\/p>\n\n\n\n<ul><li>PayPal<\/li><li> Resellerzy FileBoom <\/li><li> Wiza <\/li><li> MasterCard<\/li><li> American Express<\/li><li> Odkryj kart\u0119<\/li><li> Japo\u0144skie Biuro Kredytowe lub JCB <\/li><\/ul>\n\n\n\n<p>Po udanym zakupie konta FileBoom Premium, na adres e-mail u\u017cytkownika zostanie wys\u0142ana wiadomo\u015b\u0107 potwierdzaj\u0105ca i kod aktywacyjny konta FileBoom Premium.<\/p>\n\n\n\n<p>Reseller FileBoom lub sam FileBoom wy\u015ble na adres e-mail u\u017cytkownika kod aktywacyjny sk\u0142adaj\u0105cy si\u0119 z czterdziestu (40) znak\u00f3w z kombinacj\u0105 cyfr i liter. Je\u015bli u\u017cytkownik pomy\u015blnie zap\u0142aci\u0142 za konto FileBoom Premium i nie otrzyma wiadomo\u015bci potwierdzaj\u0105cej lub kodu aktywacyjnego, musi skontaktowa\u0107 si\u0119 z FileBoom lub z resellerem FileBoom. Zazwyczaj kod aktywacyjny jest wysy\u0142any w skrzynce odbiorczej wiadomo\u015bci e-mail, ale u\u017cytkownik powinien zawsze sprawdzi\u0107 r\u00f3wnie\u017c sw\u00f3j spam lub folder \u015bmieci.<\/p>\n\n\n\n<figure class=\"wp-block-image\"><img src=\"https:\/\/lh3.googleusercontent.com\/aVw7UisiyildOJQ6jCxSM7a218_0lqaVn9GFA6r7fXrj8C6ePpPlXaAWPAXoYbX0ShCg18os_IEhdos_4w8PJeHtEooP_XzaX-Uh4_QOa3vms97ZmSQJCaNTZDk4dGt1MKqs6Zk\" alt=\"\"\/><\/figure>\n\n\n\n<p>Kod aktywacyjny jest bardzo wa\u017cny dla u\u017cytkownika, kt\u00f3ry zakupi\u0142 konto FileBoom Premium mo\u017ce aktywowa\u0107 i u\u017cywa\u0107 wszystkich funkcji FileBoom Premium. Aby go aktywowa\u0107, nale\u017cy post\u0119powa\u0107 zgodnie z poni\u017cszymi krokami.<\/p>\n\n\n\n<ol><li>U\u017cytkownik powinien przej\u015b\u0107 na stron\u0119 FileBoom, aby zalogowa\u0107 si\u0119 na swoje konto.<\/li><li> Przejd\u017a do strony aktywacji FileBoom.<\/li><li> Zobacz obrazek obok. \u2192<\/li><li> U\u017cytkownik powinien poda\u0107 adres e-mail swojego konta oraz poprawny kod aktywacyjny konta FileBoom Premium.<\/li><li> Sprawd\u017a na &#8222;Nie jestem robotem&#8221;, aby pokaza\u0107 CAPTCHA. Post\u0119puj zgodnie z instrukcjami dla CAPTCHA.<\/li><li> Na koniec, u\u017cytkownik powinien zaznaczy\u0107 przycisk &#8222;Prze\u015blij&#8221;, aby przes\u0142a\u0107 kod aktywacyjny, a FileBoom sprawdzi, czy jest on prawid\u0142owy.<\/li><\/ol>\n\n\n\n<p>Je\u015bli jest to poprawny kod aktywacyjny, to konto u\u017cytkownika z pewno\u015bci\u0105 zostanie aktywowane za pomoc\u0105 konta FileBoom Premium i b\u0119dzie on m\u00f3g\u0142 teraz korzysta\u0107 ze wszystkich funkcji i us\u0142ug FileBoom Premium.<\/p>\n\n\n\n<h2>Problemy podczas uzyskiwania dost\u0119pu do witryny i plik\u00f3w FileBoom<\/h2>\n\n\n\n<figure class=\"wp-block-table\"><table class=\"\"><tbody><tr><td>B\u0142\u0105d 401 lub &#8222;401 Nieautoryzowane&#8221;: Temp URL nieprawid\u0142owy&#8221;<\/td><\/tr><\/tbody><\/table><\/figure>\n\n\n\n<p>Gdy u\u017cytkownik pobiera plik, a nast\u0119pnie nagle pojawia si\u0119 b\u0142\u0105d 401 lub &#8222;401 Nieautoryzowane&#8221;: Temp URL invalid&#8221; pojawia si\u0119, dzieje si\u0119 tak dlatego, \u017ce us\u0142uga FileBoom zawsze zmienia protok\u00f3\u0142 internetowy lub adresy IP swoich u\u017cytkownik\u00f3w, co sprawi\u0142o, \u017ce system bezpiecze\u0144stwa FileBoom pomy\u015bla\u0142, \u017ce konto u\u017cytkownika zosta\u0142o zhakowane, wtedy system bezpiecze\u0144stwa FileBoom zablokuje aktualne \u0142\u0105cze, do kt\u00f3rego u\u017cytkownik ma dost\u0119p.<\/p>\n\n\n\n<p>W takim przypadku zesp\u00f3\u0142 ds. bezpiecze\u0144stwa Fileboom zaleca u\u017cytkownikom korzystanie z <a rel=\"noreferrer noopener\" aria-label=\"wirtualnej sieci prywatnej (VPN) (opens in a new tab)\" href=\"https:\/\/www.cisco.com\/c\/en\/us\/products\/security\/vpn-endpoint-security-clients\/what-is-vpn.html\" target=\"_blank\">wirtualnej sieci prywatnej (VPN)<\/a> lub publicznego <a rel=\"noreferrer noopener\" aria-label=\"serwera proxy (opens in a new tab)\" href=\"https:\/\/en.wikipedia.org\/wiki\/Proxy_server\" target=\"_blank\">serwera proxy<\/a> podczas uzyskiwania dost\u0119pu do witryny FileBoom oraz jej funkcji i us\u0142ug.<\/p>\n\n\n\n<p>Poni\u017cej znajduje si\u0119 zalecana przez FileBoom Virtual Private Network (VPN):<\/p>\n\n\n\n<ul><li>Hot VPN &#8211; Ten VPN jest przeznaczony tylko dla u\u017cytkownik\u00f3w Premium FileBoom). Dzia\u0142a dobrze i jest bardzo \u0142atwy w u\u017cyciu.<\/li><li> CyberGhost VPN<\/li><li> Tarcza Hotspot Shield<\/li><\/ul>\n\n\n\n<p>W przypadku Publicznego Serwera Proxy u\u017cytkownicy mog\u0105 ustawi\u0107 go w ustawieniach proxy swojego urz\u0105dzenia w sieci LAN lub w ustawieniach sieciowych albo w sieci. <\/p>\n\n\n\n<figure class=\"wp-block-table\"><table class=\"\"><tbody><tr><td>B\u0142\u0105d 503<\/td><\/tr><\/tbody><\/table><\/figure>\n\n\n\n<p>Kiedy u\u017cytkownik pobiera plik, ale potem dosta\u0142 b\u0142\u0105d 503, to dlatego, \u017ce serwer jest w trakcie konserwacji. FileBoom sugeruje, \u017ce u\u017cytkownik powinien spr\u00f3bowa\u0107 \u015bci\u0105gn\u0105\u0107 plik nast\u0119pnym razem.<\/p>\n\n\n\n<figure class=\"wp-block-table\"><table class=\"\"><tbody><tr><td>&#8222;Przepraszam, ten plik jest zablokowany lub usuni\u0119ty&#8221;<\/td><\/tr><\/tbody><\/table><\/figure>\n\n\n\n<p>Kiedy u\u017cytkownik nie mo\u017ce pobra\u0107 okre\u015blonego pliku, z powodu tej wiadomo\u015bci, to dlatego, \u017ce plik ten zosta\u0142 ju\u017c usuni\u0119ty przez wysy\u0142aj\u0105cego lub po prostu jego w\u0142a\u015bciciela. <\/p>\n\n\n\n<p>Link do pobrania konkretnego pliku nie jest ju\u017c dost\u0119pny. U\u017cytkownik mo\u017ce wys\u0142a\u0107 wiadomo\u015b\u0107 do zespo\u0142u FileBoom, aby o ni\u0105 poprosi\u0107. Wystarczy upewni\u0107 si\u0119, \u017ce do\u0142\u0105czy link do tego pliku, komunikat o b\u0142\u0119dzie, zrzut ekranu, przegl\u0105dark\u0119 internetow\u0105, kt\u00f3rej u\u017cywa i jej wersj\u0119 oraz opis.<\/p>\n\n\n\n<h3>Masz problem z za\u0142adowaniem strony do pobrania i CAPTCHA?<\/h3>\n\n\n\n<p>Je\u015bli u\u017cytkownik ma problem z za\u0142adowaniem strony pobierania witryny FileBoom i CAPTCHAs, FileBoom sugeruje, \u017ce powinien spr\u00f3bowa\u0107 uzyska\u0107 dost\u0119p lub skorzysta\u0107 z witryny w innych przegl\u0105darkach, takich jak Internet Explorer (IE) lub Google Chrome.<\/p>\n\n\n<a class=\"maxbutton-2 maxbutton maxbutton-cta\" target=\"_blank\" rel=\"nofollow noopener\" href=\"\/go\/\"><span class='mb-text'>&gt;&gt; Przejd\u017a do strony Oryginalnego Linkifier<\/span><\/a>\n\n\n<p><\/p>\n","protected":false},"excerpt":{"rendered":"<p>Po co u\u017cywa\u0107 Fileboom? FileBoom to w 100% bezpieczna i pewna strona do wysy\u0142ania, przechowywania, pobierania i udost\u0119pniania plik\u00f3w, niezale\u017cnie<\/p>\n","protected":false},"author":2,"featured_media":0,"parent":0,"menu_order":0,"comment_status":"closed","ping_status":"closed","template":"","meta":[],"yoast_head":"<!-- This site is optimized with the Yoast SEO plugin v18.3 - https:\/\/yoast.com\/wordpress\/plugins\/seo\/ -->\n<title>FileBoom Premium Konto: Filehoster W Skr\u00f3cie<\/title>\n<meta name=\"description\" content=\"Czy FileBoom jest renomowanym dostawc\u0105 czy nie, odpowied\u017a znajdziesz w aktualnym te\u015bcie na Multihoster.org \u279c Kliknij teraz \u271a aby przeczyta\u0107 nasze do\u015bwiadczenia!\" \/>\n<meta name=\"robots\" content=\"index, follow, max-snippet:-1, max-image-preview:large, max-video-preview:-1\" \/>\n<link rel=\"canonical\" href=\"https:\/\/multihoster.org\/pl\/fileboom-2\/\" \/>\n<meta property=\"og:locale\" content=\"pl_PL\" \/>\n<meta property=\"og:type\" content=\"article\" \/>\n<meta property=\"og:title\" content=\"FileBoom Premium Konto: Filehoster W Skr\u00f3cie\" \/>\n<meta property=\"og:description\" content=\"Czy FileBoom jest renomowanym dostawc\u0105 czy nie, odpowied\u017a znajdziesz w aktualnym te\u015bcie na Multihoster.org \u279c Kliknij teraz \u271a aby przeczyta\u0107 nasze do\u015bwiadczenia!\" \/>\n<meta property=\"og:url\" content=\"https:\/\/multihoster.org\/pl\/fileboom-2\/\" \/>\n<meta property=\"og:site_name\" content=\"Multihoster.org\" \/>\n<meta property=\"article:modified_time\" content=\"2020-04-23T10:57:30+00:00\" \/>\n<meta property=\"og:image\" content=\"https:\/\/lh6.googleusercontent.com\/CxrQlUrEqHUGytbKIXRKTBE5iOTePxQV1007Gp6AtDosm-ZPTakFqyaZuB0n_18sdTGcoM65JLOGrxaR5iLyMvJjuM7sNzCR3WB645azwwUip3X9bdRsvVxmU0XR7L5oGDv9SH4\" \/>\n<meta name=\"twitter:card\" content=\"summary\" \/>\n<meta name=\"twitter:label1\" content=\"Szacowany czas czytania\" \/>\n\t<meta name=\"twitter:data1\" content=\"8 minut\" \/>\n<script type=\"application\/ld+json\" class=\"yoast-schema-graph\">{\"@context\":\"https:\/\/schema.org\",\"@graph\":[{\"@type\":\"WebSite\",\"@id\":\"https:\/\/multihoster.org\/#website\",\"url\":\"https:\/\/multihoster.org\/\",\"name\":\"Multihoster.org\",\"description\":\"Reviews of the major Filehosting services\",\"potentialAction\":[{\"@type\":\"SearchAction\",\"target\":{\"@type\":\"EntryPoint\",\"urlTemplate\":\"https:\/\/multihoster.org\/?s={search_term_string}\"},\"query-input\":\"required name=search_term_string\"}],\"inLanguage\":\"pl-PL\"},{\"@type\":\"ImageObject\",\"@id\":\"https:\/\/multihoster.org\/pl\/fileboom-2\/#primaryimage\",\"inLanguage\":\"pl-PL\",\"url\":\"https:\/\/lh6.googleusercontent.com\/CxrQlUrEqHUGytbKIXRKTBE5iOTePxQV1007Gp6AtDosm-ZPTakFqyaZuB0n_18sdTGcoM65JLOGrxaR5iLyMvJjuM7sNzCR3WB645azwwUip3X9bdRsvVxmU0XR7L5oGDv9SH4\",\"contentUrl\":\"https:\/\/lh6.googleusercontent.com\/CxrQlUrEqHUGytbKIXRKTBE5iOTePxQV1007Gp6AtDosm-ZPTakFqyaZuB0n_18sdTGcoM65JLOGrxaR5iLyMvJjuM7sNzCR3WB645azwwUip3X9bdRsvVxmU0XR7L5oGDv9SH4\"},{\"@type\":\"WebPage\",\"@id\":\"https:\/\/multihoster.org\/pl\/fileboom-2\/#webpage\",\"url\":\"https:\/\/multihoster.org\/pl\/fileboom-2\/\",\"name\":\"FileBoom Premium Konto: Filehoster W Skr\u00f3cie\",\"isPartOf\":{\"@id\":\"https:\/\/multihoster.org\/#website\"},\"primaryImageOfPage\":{\"@id\":\"https:\/\/multihoster.org\/pl\/fileboom-2\/#primaryimage\"},\"datePublished\":\"2020-04-16T15:45:17+00:00\",\"dateModified\":\"2020-04-23T10:57:30+00:00\",\"description\":\"Czy FileBoom jest renomowanym dostawc\u0105 czy nie, odpowied\u017a znajdziesz w aktualnym te\u015bcie na Multihoster.org \u279c Kliknij teraz \u271a aby przeczyta\u0107 nasze do\u015bwiadczenia!\",\"breadcrumb\":{\"@id\":\"https:\/\/multihoster.org\/pl\/fileboom-2\/#breadcrumb\"},\"inLanguage\":\"pl-PL\",\"potentialAction\":[{\"@type\":\"ReadAction\",\"target\":[\"https:\/\/multihoster.org\/pl\/fileboom-2\/\"]}]},{\"@type\":\"BreadcrumbList\",\"@id\":\"https:\/\/multihoster.org\/pl\/fileboom-2\/#breadcrumb\",\"itemListElement\":[{\"@type\":\"ListItem\",\"position\":1,\"name\":\"Startseite\",\"item\":\"https:\/\/multihoster.org\/pl\/\"},{\"@type\":\"ListItem\",\"position\":2,\"name\":\"FileBoom Premium Konto: Filehoster W Skr\u00f3cie\"}]}]}<\/script>\n<!-- \/ Yoast SEO plugin. -->","yoast_head_json":{"title":"FileBoom Premium Konto: Filehoster W Skr\u00f3cie","description":"Czy FileBoom jest renomowanym dostawc\u0105 czy nie, odpowied\u017a znajdziesz w aktualnym te\u015bcie na Multihoster.org \u279c Kliknij teraz \u271a aby przeczyta\u0107 nasze do\u015bwiadczenia!","robots":{"index":"index","follow":"follow","max-snippet":"max-snippet:-1","max-image-preview":"max-image-preview:large","max-video-preview":"max-video-preview:-1"},"canonical":"https:\/\/multihoster.org\/pl\/fileboom-2\/","og_locale":"pl_PL","og_type":"article","og_title":"FileBoom Premium Konto: Filehoster W Skr\u00f3cie","og_description":"Czy FileBoom jest renomowanym dostawc\u0105 czy nie, odpowied\u017a znajdziesz w aktualnym te\u015bcie na Multihoster.org \u279c Kliknij teraz \u271a aby przeczyta\u0107 nasze do\u015bwiadczenia!","og_url":"https:\/\/multihoster.org\/pl\/fileboom-2\/","og_site_name":"Multihoster.org","article_modified_time":"2020-04-23T10:57:30+00:00","og_image":[{"url":"https:\/\/lh6.googleusercontent.com\/CxrQlUrEqHUGytbKIXRKTBE5iOTePxQV1007Gp6AtDosm-ZPTakFqyaZuB0n_18sdTGcoM65JLOGrxaR5iLyMvJjuM7sNzCR3WB645azwwUip3X9bdRsvVxmU0XR7L5oGDv9SH4"}],"twitter_card":"summary","twitter_misc":{"Szacowany czas czytania":"8 minut"},"schema":{"@context":"https:\/\/schema.org","@graph":[{"@type":"WebSite","@id":"https:\/\/multihoster.org\/#website","url":"https:\/\/multihoster.org\/","name":"Multihoster.org","description":"Reviews of the major Filehosting services","potentialAction":[{"@type":"SearchAction","target":{"@type":"EntryPoint","urlTemplate":"https:\/\/multihoster.org\/?s={search_term_string}"},"query-input":"required name=search_term_string"}],"inLanguage":"pl-PL"},{"@type":"ImageObject","@id":"https:\/\/multihoster.org\/pl\/fileboom-2\/#primaryimage","inLanguage":"pl-PL","url":"https:\/\/lh6.googleusercontent.com\/CxrQlUrEqHUGytbKIXRKTBE5iOTePxQV1007Gp6AtDosm-ZPTakFqyaZuB0n_18sdTGcoM65JLOGrxaR5iLyMvJjuM7sNzCR3WB645azwwUip3X9bdRsvVxmU0XR7L5oGDv9SH4","contentUrl":"https:\/\/lh6.googleusercontent.com\/CxrQlUrEqHUGytbKIXRKTBE5iOTePxQV1007Gp6AtDosm-ZPTakFqyaZuB0n_18sdTGcoM65JLOGrxaR5iLyMvJjuM7sNzCR3WB645azwwUip3X9bdRsvVxmU0XR7L5oGDv9SH4"},{"@type":"WebPage","@id":"https:\/\/multihoster.org\/pl\/fileboom-2\/#webpage","url":"https:\/\/multihoster.org\/pl\/fileboom-2\/","name":"FileBoom Premium Konto: Filehoster W Skr\u00f3cie","isPartOf":{"@id":"https:\/\/multihoster.org\/#website"},"primaryImageOfPage":{"@id":"https:\/\/multihoster.org\/pl\/fileboom-2\/#primaryimage"},"datePublished":"2020-04-16T15:45:17+00:00","dateModified":"2020-04-23T10:57:30+00:00","description":"Czy FileBoom jest renomowanym dostawc\u0105 czy nie, odpowied\u017a znajdziesz w aktualnym te\u015bcie na Multihoster.org \u279c Kliknij teraz \u271a aby przeczyta\u0107 nasze do\u015bwiadczenia!","breadcrumb":{"@id":"https:\/\/multihoster.org\/pl\/fileboom-2\/#breadcrumb"},"inLanguage":"pl-PL","potentialAction":[{"@type":"ReadAction","target":["https:\/\/multihoster.org\/pl\/fileboom-2\/"]}]},{"@type":"BreadcrumbList","@id":"https:\/\/multihoster.org\/pl\/fileboom-2\/#breadcrumb","itemListElement":[{"@type":"ListItem","position":1,"name":"Startseite","item":"https:\/\/multihoster.org\/pl\/"},{"@type":"ListItem","position":2,"name":"FileBoom Premium Konto: Filehoster W Skr\u00f3cie"}]}]}},"_links":{"self":[{"href":"https:\/\/multihoster.org\/pl\/wp-json\/wp\/v2\/pages\/4377"}],"collection":[{"href":"https:\/\/multihoster.org\/pl\/wp-json\/wp\/v2\/pages"}],"about":[{"href":"https:\/\/multihoster.org\/pl\/wp-json\/wp\/v2\/types\/page"}],"author":[{"embeddable":true,"href":"https:\/\/multihoster.org\/pl\/wp-json\/wp\/v2\/users\/2"}],"replies":[{"embeddable":true,"href":"https:\/\/multihoster.org\/pl\/wp-json\/wp\/v2\/comments?post=4377"}],"version-history":[{"count":1,"href":"https:\/\/multihoster.org\/pl\/wp-json\/wp\/v2\/pages\/4377\/revisions"}],"predecessor-version":[{"id":4389,"href":"https:\/\/multihoster.org\/pl\/wp-json\/wp\/v2\/pages\/4377\/revisions\/4389"}],"wp:attachment":[{"href":"https:\/\/multihoster.org\/pl\/wp-json\/wp\/v2\/media?parent=4377"}],"curies":[{"name":"wp","href":"https:\/\/api.w.org\/{rel}","templated":true}]}}