{"id":4403,"date":"2020-04-23T12:54:44","date_gmt":"2020-04-23T12:54:44","guid":{"rendered":"https:\/\/multihoster.org\/upload-cd\/"},"modified":"2020-05-29T14:21:39","modified_gmt":"2020-05-29T14:21:39","slug":"upload-cd","status":"publish","type":"page","link":"https:\/\/multihoster.org\/pl\/upload-cd\/","title":{"rendered":"Upload.cd Premium Konto: Filehoster W Skr\u00f3cie"},"content":{"rendered":"<a class=\"maxbutton-2 maxbutton maxbutton-cta\" target=\"_blank\" rel=\"nofollow noopener\" href=\"\/go\/\"><span class='mb-text'>&gt;&gt; Przejd\u017a do strony Oryginalnego Linkifier<\/span><\/a>\n\n\n<p><\/p>\n\n\n\n<h2>Co to jest Upload.cd?<\/h2>\n\n\n\n<p>Upload.cd pochodzi od samego s\u0142owa &#8222;upload&#8221;, kt\u00f3re s\u0142u\u017cy do przesy\u0142ania lub hostowania plik\u00f3w u\u017cytkownika na jego stronie. Strona Upload.cd jest dost\u0119pna w ka\u017cdym miejscu na \u015bwiecie. Jest to bezpieczna i niezawodna strona przechowywania i jest obs\u0142ugiwana przez <a rel=\"noreferrer noopener\" aria-label=\"us\u0142ug\u0119 cloud (opens in a new tab)\" href=\"https:\/\/www.webopedia.com\/TERM\/C\/cloud_services.html\" target=\"_blank\">us\u0142ug\u0119 cloud<\/a>, kt\u00f3ra mo\u017ce by\u0107 u\u017cywana do r\u00f3\u017cnych rzeczy.<\/p>\n\n\n\n<ul><li>Strona Upload.cd mo\u017ce by\u0107 u\u017cywana jako zdalna pami\u0119\u0107 masowa do tworzenia kopii zapasowych dowolnego typu plik\u00f3w lub danych u\u017cytkownika.<\/li><li> Strona Upload.cd mo\u017ce by\u0107 wykorzystana jako pomoc lub narz\u0119dzie do przenoszenia lub wysy\u0142ania plik\u00f3w od jednej osoby do drugiej lub nawet do kilku os\u00f3b. Jest to wielka pomoc dla wszystkich ludzi, poniewa\u017c nie po\u015bwi\u0119c\u0105 na to zbyt wiele wysi\u0142ku i czasu, ni\u017c u\u017cycie poczty elektronicznej do za\u0142\u0105czania swoich plik\u00f3w do wys\u0142ania innym.<\/li><li> Strona Upload.cd mo\u017ce by\u0107 u\u017cyta do pobrania pliku lub plik\u00f3w u\u017cytkownika za pomoc\u0105 przegl\u0105darki internetowej.<\/li><li> Strona Upload.cd jest u\u017cywana do szybkiego i bezpiecznego udost\u0119pniania pliku lub plik\u00f3w ka\u017cdemu.<\/li><\/ul>\n\n\n\n<p>Strona Upload.cd i serwery s\u0105 zabezpieczone. Jest to wykorzystanie szyfrowania, kt\u00f3re jest 256-bitowy <a rel=\"noreferrer noopener\" aria-label=\"Secure Sockets Layer lub SSL (opens in a new tab)\" href=\"https:\/\/www.cloudflare.com\/learning\/ssl\/what-is-ssl\/\" target=\"_blank\">Secure Sockets Layer lub SSL<\/a> na wszystkich stronach witryny. Zabezpieczenie witryny i serwer\u00f3w uniemo\u017cliwi hakerowi kradzie\u017c niekt\u00f3rych informacji o u\u017cytkowniku, zw\u0142aszcza za op\u0142at\u0105. U\u017cytkownik mo\u017ce uzyska\u0107 dost\u0119p do strony Upload.cd za po\u015brednictwem przegl\u0105darek internetowych na dowolnym urz\u0105dzeniu z po\u0142\u0105czeniem internetowym.<\/p>\n\n\n\n<p>U\u017cytkownik mo\u017ce wgra\u0107.cd ka\u017cdy rodzaj plik\u00f3w, takich jak muzyka (wav, mp3, wma, itp.), filmy (mpg, mpeg-4, avi, itp.), oraz dokumenty (doc\/docx, xlsx, pdf, ppt, itp.). U\u017cytkownik powinien pami\u0119ta\u0107, \u017ce wszystkie pliki, kt\u00f3re wy\u015ble na stron\u0119 Upload.cd s\u0105 uwa\u017cane za poufne i prywatne, kt\u00f3re nie mog\u0105 by\u0107 publicznie dost\u0119pne dla innych os\u00f3b, z wyj\u0105tkiem sytuacji, gdy w\u0142a\u015bciciel lub Upload.cder pliku zezwoli im na dost\u0119p lub przegl\u0105danie pliku u\u017cytkownika.<\/p>\n\n\n\n<figure class=\"wp-block-table\"><table><tbody><tr><td>Co to jest SSL? SSL to kr\u00f3tkoterminowy termin dla Secure Sockets Layer. Jest to jeden z rozwini\u0119tych papier\u00f3w warto\u015bciowych w nowoczesnej technologii. Jest on u\u017cywany do tworzenia \u0142\u0105cza, kt\u00f3re jest szyfrowane w celu zabezpieczenia danych. Jest on zazwyczaj u\u017cywany do stron internetowych lub przegl\u0105darek internetowych i wiadomo\u015bci e-mail.<\/td><\/tr><\/tbody><\/table><\/figure>\n\n\n\n<h2>Konta u\u017cytkownik\u00f3w na stronie Upload.cd<\/h2>\n\n\n\n<p>Upload.cd.cd posiada trzy (3) rodzaje kont u\u017cytkownik\u00f3w.<\/p>\n\n\n\n<ol><li>Upload.cd Free Account (Go\u015b\u0107),<\/li><li> Upload.cd Konto zarejestrowane, oraz<\/li><li> Konto Premium Upload.cd<\/li><\/ol>\n\n\n\n<p>Je\u015bli kiedykolwiek u\u017cytkownik chce zosta\u0107 cz\u0142onkiem Upload.cd lub je\u015bli chce kupi\u0107 pakiet konta Upload.cd Premium, musi najpierw zarejestrowa\u0107 si\u0119 na stronie rejestracji w serwisie Upload.cd. <\/p>\n\n\n\n<p>Aby si\u0119 zarejestrowa\u0107, u\u017cytkownik musi wype\u0142ni\u0107 nast\u0119puj\u0105ce pola i musi zrobi\u0107 to podczas rejestracji Upload.cd.<\/p>\n\n\n\n<ul><li>Nazwa u\u017cytkownika<\/li><li> Adres e-mail u\u017cytkownika<\/li><\/ul>\n\n\n\n<p>*Adres e-mail u\u017cytkownika nie b\u0119dzie wysy\u0142any do innych os\u00f3b lub nie b\u0119dzie u\u017cywany do innych cel\u00f3w, ale b\u0119dzie u\u017cywany TYLKO do us\u0142ug strony Upload.cd.<\/p>\n\n\n\n<ul><li>Has\u0142o, kt\u00f3re chce. (Jest to potrzebne do ponownego wpisania has\u0142a w celu uzyskania pewno\u015bci)<\/li><\/ul>\n\n\n\n<p>*Has\u0142o jest u\u017cywane do ochrony konta i informacji o u\u017cytkowniku. Tak wi\u0119c, to u\u017cytkownik jest odpowiedzialny za utrzymanie swojego has\u0142a w tajemnicy, aby utrzyma\u0107 konto w bezpiecznym stanie. Je\u015bli u\u017cytkownik loguje si\u0119 na innych komputerach lub urz\u0105dzeniach, upewnij si\u0119, \u017ce konto jest wylogowane po u\u017cyciu, aby upewni\u0107 si\u0119, \u017ce nikt nie ma dost\u0119pu do konta.<\/p>\n\n\n\n<ul><li>Musi on zgadza\u0107 si\u0119 z Warunkami i Polityk\u0105 strony Upload.cd.<\/li><li> U\u017cytkownik powinien wpisa\u0107 prawid\u0142owy kod CAPTCHA na obrazku. Je\u015bli nie rozumie kod\u00f3w CAPTCHA na obrazku, kliknij na ikon\u0119 od\u015bwie\u017cania, aby wy\u015bwietli\u0107 nowy kod CAPTCHA.<\/li><\/ul>\n\n\n\n<p>Po zako\u0144czeniu wype\u0142niania wszystkich p\u00f3l, u\u017cytkownik musi klikn\u0105\u0107 na przycisk &#8222;Wy\u015blij&#8221;, aby przes\u0142a\u0107 swoje dane do Wys\u0142ania. Nast\u0119pnie b\u0119dzie on zarejestrowanym u\u017cytkownikiem Upload.cd za darmo, zarejestrowanym lub kontem Premium. Ponadto, mo\u017ce on teraz zakupi\u0107 dowolny z pakiet\u00f3w Premium Upload.cd.<\/p>\n\n\n\n<h2>FAQ: Wp\u0142ata.cd Konto Premium<\/h2>\n\n\n\n<h3><strong>1. Nie pami\u0119tasz has\u0142a do konta u\u017cytkownika Upload.cd?<\/strong><\/h3>\n\n\n\n<p>Je\u015bli u\u017cytkownik nie mo\u017ce zapami\u0119ta\u0107 swojego has\u0142a, zaleca si\u0119 przej\u015bcie do strony odzyskiwania has\u0142a na stronie Upload.cd. Wymagane jest podanie adresu e-mail u\u017cytkownika, poniewa\u017c to w\u0142a\u015bnie na ten adres Upload.cd w ci\u0105gu pi\u0119ciu (5) do dziesi\u0119ciu (10) minut wy\u015ble nowe tymczasowe has\u0142o do konta Upload.cd u\u017cytkownika. U\u017cytkownik powinien sprawdzi\u0107 skrzynk\u0119 odbiorcz\u0105, spam lub folder \u015bmieci na swoim koncie e-mail. Mo\u017ce on w ka\u017cdej chwili zmieni\u0107 to has\u0142o w ustawieniach swojego konta na stronie Upload.cd. U\u017cytkownik powinien klikn\u0105\u0107 na przycisk &#8222;Przywr\u00f3\u0107&#8221;, aby przes\u0142a\u0107 swoje \u017c\u0105danie do Upload.cd w celu odzyskania has\u0142a. <\/p>\n\n\n\n<h3><strong>2. Chcesz usun\u0105\u0107 konto u\u017cytkownika Upload.cd?<\/strong><\/h3>\n\n\n\n<p>Aby usun\u0105\u0107 konto u\u017cytkownika, powinien on wys\u0142a\u0107 wiadomo\u015b\u0107 do zespo\u0142u pomocy technicznej Upload.cd. Wybierz &#8222;Usuni\u0119cie konta&#8221; jako temat wiadomo\u015bci i kliknij &#8222;Wy\u015blij&#8221;. U\u017cytkownik mo\u017ce r\u00f3wnie\u017c wys\u0142a\u0107 e-mail z Upload.cd na support@upload.cd z tym samym tytu\u0142em tematu. Nast\u0119pnie, zesp\u00f3\u0142 Upload.cd b\u0119dzie tym, kt\u00f3ry usunie go za ciebie.<\/p>\n\n\n\n<h3><strong>3. Chcesz wys\u0142a\u0107 wiadomo\u015b\u0107 na Upload.cd?<\/strong><\/h3>\n\n\n\n<p>Je\u015bli u\u017cytkownik ma jakie\u015b pytania lub zapytania lub opinie na temat strony Upload.cd, funkcji Upload.cd i us\u0142ug Upload.cd, to mo\u017ce wys\u0142a\u0107 wiadomo\u015b\u0107 poprzez stron\u0119 kontaktow\u0105 strony Upload.cd. Nazwa u\u017cytkownika, adres e-mail, temat, wiadomo\u015b\u0107 i captcha musz\u0105 by\u0107 wype\u0142nione na stronie kontaktowej, a nast\u0119pnie powinien on klikn\u0105\u0107 na przycisk &#8222;Wy\u015blij&#8221;, aby wys\u0142a\u0107 wiadomo\u015b\u0107 do zespo\u0142u Upload.cd.<\/p>\n\n\n<a class=\"maxbutton-2 maxbutton maxbutton-cta\" target=\"_blank\" rel=\"nofollow noopener\" href=\"\/go\/\"><span class='mb-text'>&gt;&gt; Przejd\u017a do strony Oryginalnego Linkifier<\/span><\/a>\n\n\n<p><\/p>\n\n\n\n<figure class=\"wp-block-table\"><table><tbody><tr><td>Co to jest CAPTCHA? CAPTCHA jest kr\u00f3tkoterminowym terminem u\u017cywanym do &#8222;Ca\u0142kowicie zautomatyzowanego testu Turbingu Publicznego, aby powiedzie\u0107 Computers and Humans Apart&#8221;. Sk\u0142ada si\u0119 on z r\u00f3\u017cnych liter, cyfr, symboli lub obrazk\u00f3w, kt\u00f3re s\u0105 u\u017cywane do weryfikacji, czy dana osoba jest prawdziwa lub tylko spam lub robot. <\/td><\/tr><\/tbody><\/table><\/figure>\n\n\n\n<p>Je\u015bli u\u017cytkownik nale\u017cy do bezp\u0142atnego konta Upload.cd, mo\u017cesz do\u015bwiadczy\u0107 pewnych problem\u00f3w, takich jak b\u0142\u0119dy na stronie podczas pr\u00f3by pobrania pliku ze wzgl\u0119du na ruch sieciowy, gdy wielu u\u017cytkownik\u00f3w pobiera pliki, ale problem ten nie wyst\u0119puje, gdy u\u017cytkownik nale\u017cy do konta Upload.cd Premium, poniewa\u017c u\u017cytkownicy Premium maj\u0105 pierwsze\u0144stwo na serwerach strony Upload.cd. <\/p>\n\n\n\n<p>Prosz\u0119 spojrze\u0107 na poni\u017csz\u0105 tabel\u0119, aby zobaczy\u0107 r\u00f3\u017cne funkcje lub us\u0142ugi strony Upload.cd dla r\u00f3\u017cnych typ\u00f3w kont u\u017cytkownik\u00f3w.<\/p>\n\n\n\n<p>Cechy lub us\u0142ugi Upload.cd<\/p>\n\n\n\n<figure class=\"wp-block-table\"><table><tbody><tr><td>Typ konta u\u017cytkownika Typ Upload.cd<\/td><td>Pr\u0119dko\u015b\u0107 \u015bci\u0105gania<\/td><td>Liczba pobra\u0144<\/td><td>Pojemno\u015b\u0107 przestrzeni magazynowej<\/td><td>Czas oczekiwania na pobranie<\/td><td>Ograniczenia dotycz\u0105ce pobierania<\/td><td>Mo\u017ce wznowi\u0107 pobieranie<\/td><td>Ma reklamy i CAPTCHAS?<\/td><td>Bezpieczny? Bezpieczny?<\/td><\/tr><tr><td>Darmowe konto <\/td><td>Do 50 kilobajt\u00f3w na sekund\u0119 (50 KB\/s)<\/td><td>1<\/td><td>Zero gigabajt\u00f3w (0 GB)<\/td><td>Pobieranie rozpocznie si\u0119 po sze\u015b\u0107dziesi\u0119ciu (60) sekundach lub jednej (1) minucie.<\/td><td>Tylko jeden (1) plik mo\u017ce by\u0107 pobrany co trzy (3) godziny<\/td><td>Nie mo\u017cna wznowi\u0107 pobierania<\/td><td>Tak<\/td><td>Tak<\/td><\/tr><tr><td>Konto Zarejestrowane <\/td><td>Do 80 kilobajt\u00f3w na sekund\u0119 (80 KB\/s)<\/td><td>1<\/td><td>Pi\u0119\u0107dziesi\u0105t gigabajt\u00f3w (50 GB)<\/td><td>Pobieranie rozpocznie si\u0119 po trzydziestu (30) sekundach.<\/td><td>Tylko jeden (1) plik mo\u017ce by\u0107 pobrany co trzy (3) godziny<\/td><td>Nie mo\u017cna wznowi\u0107 pobierania<\/td><td>Tak<\/td><td>Tak<\/td><\/tr><tr><td>Konto Premium <\/td><td>Nieograniczona pr\u0119dko\u015b\u0107 pobierania<\/td><td>Nieograniczona liczba pobra\u0144 plik\u00f3w<\/td><td>Pi\u0119\u0107set gigabajt\u00f3w (500 GB)<\/td><td>Brak czasu oczekiwania przy pobieraniu pliku lub plik\u00f3w<\/td><td>Brak czasu oczekiwania przy pobieraniu pliku lub plik\u00f3w<\/td><td>Mo\u017ce wznowi\u0107 wstrzymany plik lub pliki do pobrania<\/td><td>Brak<\/td><td>Tak<\/td><\/tr><\/tbody><\/table><\/figure>\n\n\n\n<h2>Konto Premium Upload.cd<\/h2>\n\n\n\n<figure class=\"wp-block-table\"><table><tbody><tr><td>\u017badnych miesi\u0119cy:<\/td><td>1 miesi\u0105c<\/td><td>2 miesi\u0105ce<\/td><td>6 miesi\u0105ce<\/td><td>12 miesi\u0105ce<\/td><\/tr><tr><td>Cena:<\/td><td>15,99 USD<\/td><td>34,99 USD<\/td><td>53,99 USD (Cena oryginalna wynosi 54,99 USD)<\/td><td>87,99 USD(cena oryginalna wynosi 89,99 USD)<\/td><\/tr><\/tbody><\/table><\/figure>\n\n\n\n<figure class=\"wp-block-table\"><table><tbody><tr><td>Czas dostawy tych paczek trwa jedynie kr\u00f3tko od oko\u0142o trzech (3) minut do dw\u00f3ch (2) godzin.<\/td><\/tr><\/tbody><\/table><\/figure>\n\n\n\n<p><strong>Gdzie u\u017cytkownik mo\u017ce kupi\u0107 i zap\u0142aci\u0107 Pakiet Premium Upload.cd?<\/strong><\/p>\n\n\n\n<ol><li>U\u017cytkownik mo\u017ce zakupi\u0107 Pakiety Premium Upload.cd za pomoc\u0105 strony Upload.cd, kt\u00f3ra znajduje si\u0119 w Upload.cd.cd poprzez PayPal lub karty kredytowe.<\/li><li> U\u017cytkownik mo\u017ce zakupi\u0107 Pakiety Premium Upload.cd za po\u015brednictwem oficjalnych sprzedawc\u00f3w Upload.cd Premium poprzez PayPal.<\/li><li> Inne obs\u0142ugiwane opcje p\u0142atno\u015bci Pakietu Premium Upload.cd:<\/li><\/ol>\n\n\n\n<figure class=\"wp-block-table\"><table><tbody><tr><td>Skrill<\/td><td>Karty kredytowe (Karta Visa i MasterCard)<\/td><td>Bitcoin lub Altcoin ka\u017cdy cyfrowy portfel z bitcoinem<\/td><td>Przelew bankowy lub bankowy<\/td><td> Alfa-Click<\/td><td>HSBC (Hongkong i Shanghai Banking Corporation)<\/td><td>Dotpay (p\u0142atno\u015b\u0107 elektroniczna)<\/td><\/tr><tr><td>American Express<\/td><td>WebMoney<\/td><td>Doskona\u0142e pieni\u0105dze<\/td><td>Santander Rio<\/td><td>Banco de Chile<\/td><td>Sberbank<\/td><td>WebPay plus<\/td><\/tr><tr><td>Paysafe card<\/td><td>Amazon<\/td><td>RED LINK<\/td><td>Red Compra<\/td><td>Moneta&nbsp;<\/td><td>Faktura<\/td><td>One Card<\/td><\/tr><tr><td>Japan Credit Bureau (JCB)<\/td><td>Paysera<\/td><td>IDEAL (p\u0142atno\u015b\u0107 online)<\/td><td>Portfel QIWI<\/td><td>OXXO<\/td><td>GiroPay<\/td><td>Oficjalni resellerzy Upload.cd<\/td><\/tr><\/tbody><\/table><\/figure>\n\n\n\n<p>Informacje o p\u0142atno\u015bciach u\u017cytkownik\u00f3w s\u0105 zaszyfrowane i nie b\u0119d\u0105 przechowywane przez Upload.cd na ich serwerach w celu zapewnienia ich bezpiecze\u0144stwa i ochrony. <\/p>\n\n\n\n<h2>Niekt\u00f3re wskaz\u00f3wki lub instrukcje dotycz\u0105ce korzystania z konta Premium Upload.cd<\/h2>\n\n\n\n<p><strong>Jak kupi\u0107 pakiet Premium Upload.cd?<\/strong><\/p>\n\n\n\n<ol><li>U\u017cytkownik powinien najpierw zalogowa\u0107 si\u0119 do swojego konta na stronie Upload.cd. Je\u015bli u\u017cytkownik nie posiada konta na Upload.cd, musi si\u0119 najpierw zarejestrowa\u0107.<\/li><li> U\u017cytkownik powinien zdecydowa\u0107 i wybra\u0107, jaki Pakiet Premium Upload.cd chce mie\u0107 na swoim koncie.<\/li><li> Klikn\u0105\u0107 na przycisk &#8222;KUP TERAZ&#8221;, aby przyst\u0105pi\u0107 do sprawdzania wybranego pakietu Premium Upload.cd.<\/li><li> Klikn\u0105\u0107 na przycisk &#8222;KUP TERAZ&#8221;, aby dokona\u0107 p\u0142atno\u015bci wybranego pakietu Upload.cd Premium.<\/li><li> Upload.cd wy\u015ble do u\u017cytkownika SMS lub wiadomo\u015b\u0107 tekstow\u0105 o wybranym kodzie kuponu Upload.cd Premium.<\/li><\/ol>\n\n\n\n<p><strong>Aktywacja kuponu Upload.cd Premium Package Code<\/strong><\/p>\n\n\n\n<ol><li>U\u017cytkownik powinien najpierw zalogowa\u0107 si\u0119 do swojego konta na stronie Upload.cd. Je\u015bli u\u017cytkownik nie posiada konta na Upload.cd, musi si\u0119 najpierw zarejestrowa\u0107.<\/li><li> U\u017cytkownik mo\u017ce teraz wprowadzi\u0107 kod <a href=\"https:\/\/www.investopedia.com\/terms\/c\/coupon.asp\" target=\"_blank\" rel=\"noreferrer noopener\" aria-label=\"kuponu  (opens in a new tab)\">kuponu <\/a>Upload.cd Premium na stronie wykupu kuponu.<\/li><li> Kliknij na przycisk &#8222;Sprawd\u017a to&#8221;, aby sprawdzi\u0107, czy wprowadzone kody kuponu s\u0105 poprawne i prawid\u0142owe. Je\u015bli jest on wa\u017cny i poprawny, zakupiony przez niego pakiet Premium Upload.cd zostanie aktywowany na jego koncie Upload.cd.<\/li><\/ol>\n\n\n\n<p><strong>Chcesz zrezygnowa\u0107 z subskrypcji konta Premium Upload.cd?<\/strong><\/p>\n\n\n\n<p>Aby anulowa\u0107 subskrypcj\u0119 u\u017cytkownika z konta Upload.cd Premium, powinien on wys\u0142a\u0107 wiadomo\u015b\u0107 do zespo\u0142u pomocy technicznej Upload.cd. Wybierz &#8222;Anuluj subskrypcj\u0119&#8221; jako temat wiadomo\u015bci i kliknij &#8222;Wy\u015blij&#8221;. U\u017cytkownik mo\u017ce r\u00f3wnie\u017c wys\u0142a\u0107 wiadomo\u015b\u0107 e-mail z Upload.cd na adres support@upload.cd z tym samym tytu\u0142em tematu. Nast\u0119pnie, zesp\u00f3\u0142 Upload.cd b\u0119dzie tym, kt\u00f3ry anuluje subskrypcj\u0119 za Ciebie.<\/p>\n\n\n<a class=\"maxbutton-2 maxbutton maxbutton-cta\" target=\"_blank\" rel=\"nofollow noopener\" href=\"\/go\/\"><span class='mb-text'>&gt;&gt; Przejd\u017a do strony Oryginalnego Linkifier<\/span><\/a>\n\n\n<p><\/p>\n","protected":false},"excerpt":{"rendered":"<p>Co to jest Upload.cd? Upload.cd pochodzi od samego s\u0142owa &#8222;upload&#8221;, kt\u00f3re s\u0142u\u017cy do przesy\u0142ania lub hostowania plik\u00f3w u\u017cytkownika na jego<\/p>\n","protected":false},"author":2,"featured_media":0,"parent":0,"menu_order":0,"comment_status":"closed","ping_status":"closed","template":"","meta":[],"yoast_head":"<!-- This site is optimized with the Yoast SEO plugin v18.3 - https:\/\/yoast.com\/wordpress\/plugins\/seo\/ -->\n<title>Upload.cd Premium Konto: Filehoster W Skr\u00f3cie<\/title>\n<meta name=\"description\" content=\"Czy Upload.cd jest renomowanym dostawc\u0105 czy nie, odpowied\u017a znajdziesz w aktualnym te\u015bcie na Multihoster.org \u279c Kliknij teraz \u271a aby przeczyta\u0107 nasze do\u015bwiadczenia!\" \/>\n<meta name=\"robots\" content=\"index, follow, max-snippet:-1, max-image-preview:large, max-video-preview:-1\" \/>\n<link rel=\"canonical\" href=\"https:\/\/multihoster.org\/pl\/upload-cd\/\" \/>\n<meta property=\"og:locale\" content=\"pl_PL\" \/>\n<meta property=\"og:type\" content=\"article\" \/>\n<meta property=\"og:title\" content=\"Upload.cd Premium Konto: Filehoster W Skr\u00f3cie\" \/>\n<meta property=\"og:description\" content=\"Czy Upload.cd jest renomowanym dostawc\u0105 czy nie, odpowied\u017a znajdziesz w aktualnym te\u015bcie na Multihoster.org \u279c Kliknij teraz \u271a aby przeczyta\u0107 nasze do\u015bwiadczenia!\" \/>\n<meta property=\"og:url\" content=\"https:\/\/multihoster.org\/pl\/upload-cd\/\" \/>\n<meta property=\"og:site_name\" content=\"Multihoster.org\" \/>\n<meta property=\"article:modified_time\" content=\"2020-05-29T14:21:39+00:00\" \/>\n<meta name=\"twitter:card\" content=\"summary\" \/>\n<meta name=\"twitter:label1\" content=\"Szacowany czas czytania\" \/>\n\t<meta name=\"twitter:data1\" content=\"9 minut\" \/>\n<script type=\"application\/ld+json\" class=\"yoast-schema-graph\">{\"@context\":\"https:\/\/schema.org\",\"@graph\":[{\"@type\":\"WebSite\",\"@id\":\"https:\/\/multihoster.org\/#website\",\"url\":\"https:\/\/multihoster.org\/\",\"name\":\"Multihoster.org\",\"description\":\"Reviews of the major Filehosting services\",\"potentialAction\":[{\"@type\":\"SearchAction\",\"target\":{\"@type\":\"EntryPoint\",\"urlTemplate\":\"https:\/\/multihoster.org\/?s={search_term_string}\"},\"query-input\":\"required name=search_term_string\"}],\"inLanguage\":\"pl-PL\"},{\"@type\":\"WebPage\",\"@id\":\"https:\/\/multihoster.org\/pl\/upload-cd\/#webpage\",\"url\":\"https:\/\/multihoster.org\/pl\/upload-cd\/\",\"name\":\"Upload.cd Premium Konto: Filehoster W Skr\u00f3cie\",\"isPartOf\":{\"@id\":\"https:\/\/multihoster.org\/#website\"},\"datePublished\":\"2020-04-23T12:54:44+00:00\",\"dateModified\":\"2020-05-29T14:21:39+00:00\",\"description\":\"Czy Upload.cd jest renomowanym dostawc\u0105 czy nie, odpowied\u017a znajdziesz w aktualnym te\u015bcie na Multihoster.org \u279c Kliknij teraz \u271a aby przeczyta\u0107 nasze do\u015bwiadczenia!\",\"breadcrumb\":{\"@id\":\"https:\/\/multihoster.org\/pl\/upload-cd\/#breadcrumb\"},\"inLanguage\":\"pl-PL\",\"potentialAction\":[{\"@type\":\"ReadAction\",\"target\":[\"https:\/\/multihoster.org\/pl\/upload-cd\/\"]}]},{\"@type\":\"BreadcrumbList\",\"@id\":\"https:\/\/multihoster.org\/pl\/upload-cd\/#breadcrumb\",\"itemListElement\":[{\"@type\":\"ListItem\",\"position\":1,\"name\":\"Startseite\",\"item\":\"https:\/\/multihoster.org\/pl\/\"},{\"@type\":\"ListItem\",\"position\":2,\"name\":\"Upload.cd Premium Konto: Filehoster W Skr\u00f3cie\"}]}]}<\/script>\n<!-- \/ Yoast SEO plugin. -->","yoast_head_json":{"title":"Upload.cd Premium Konto: Filehoster W Skr\u00f3cie","description":"Czy Upload.cd jest renomowanym dostawc\u0105 czy nie, odpowied\u017a znajdziesz w aktualnym te\u015bcie na Multihoster.org \u279c Kliknij teraz \u271a aby przeczyta\u0107 nasze do\u015bwiadczenia!","robots":{"index":"index","follow":"follow","max-snippet":"max-snippet:-1","max-image-preview":"max-image-preview:large","max-video-preview":"max-video-preview:-1"},"canonical":"https:\/\/multihoster.org\/pl\/upload-cd\/","og_locale":"pl_PL","og_type":"article","og_title":"Upload.cd Premium Konto: Filehoster W Skr\u00f3cie","og_description":"Czy Upload.cd jest renomowanym dostawc\u0105 czy nie, odpowied\u017a znajdziesz w aktualnym te\u015bcie na Multihoster.org \u279c Kliknij teraz \u271a aby przeczyta\u0107 nasze do\u015bwiadczenia!","og_url":"https:\/\/multihoster.org\/pl\/upload-cd\/","og_site_name":"Multihoster.org","article_modified_time":"2020-05-29T14:21:39+00:00","twitter_card":"summary","twitter_misc":{"Szacowany czas czytania":"9 minut"},"schema":{"@context":"https:\/\/schema.org","@graph":[{"@type":"WebSite","@id":"https:\/\/multihoster.org\/#website","url":"https:\/\/multihoster.org\/","name":"Multihoster.org","description":"Reviews of the major Filehosting services","potentialAction":[{"@type":"SearchAction","target":{"@type":"EntryPoint","urlTemplate":"https:\/\/multihoster.org\/?s={search_term_string}"},"query-input":"required name=search_term_string"}],"inLanguage":"pl-PL"},{"@type":"WebPage","@id":"https:\/\/multihoster.org\/pl\/upload-cd\/#webpage","url":"https:\/\/multihoster.org\/pl\/upload-cd\/","name":"Upload.cd Premium Konto: Filehoster W Skr\u00f3cie","isPartOf":{"@id":"https:\/\/multihoster.org\/#website"},"datePublished":"2020-04-23T12:54:44+00:00","dateModified":"2020-05-29T14:21:39+00:00","description":"Czy Upload.cd jest renomowanym dostawc\u0105 czy nie, odpowied\u017a znajdziesz w aktualnym te\u015bcie na Multihoster.org \u279c Kliknij teraz \u271a aby przeczyta\u0107 nasze do\u015bwiadczenia!","breadcrumb":{"@id":"https:\/\/multihoster.org\/pl\/upload-cd\/#breadcrumb"},"inLanguage":"pl-PL","potentialAction":[{"@type":"ReadAction","target":["https:\/\/multihoster.org\/pl\/upload-cd\/"]}]},{"@type":"BreadcrumbList","@id":"https:\/\/multihoster.org\/pl\/upload-cd\/#breadcrumb","itemListElement":[{"@type":"ListItem","position":1,"name":"Startseite","item":"https:\/\/multihoster.org\/pl\/"},{"@type":"ListItem","position":2,"name":"Upload.cd Premium Konto: Filehoster W Skr\u00f3cie"}]}]}},"_links":{"self":[{"href":"https:\/\/multihoster.org\/pl\/wp-json\/wp\/v2\/pages\/4403"}],"collection":[{"href":"https:\/\/multihoster.org\/pl\/wp-json\/wp\/v2\/pages"}],"about":[{"href":"https:\/\/multihoster.org\/pl\/wp-json\/wp\/v2\/types\/page"}],"author":[{"embeddable":true,"href":"https:\/\/multihoster.org\/pl\/wp-json\/wp\/v2\/users\/2"}],"replies":[{"embeddable":true,"href":"https:\/\/multihoster.org\/pl\/wp-json\/wp\/v2\/comments?post=4403"}],"version-history":[{"count":3,"href":"https:\/\/multihoster.org\/pl\/wp-json\/wp\/v2\/pages\/4403\/revisions"}],"predecessor-version":[{"id":4566,"href":"https:\/\/multihoster.org\/pl\/wp-json\/wp\/v2\/pages\/4403\/revisions\/4566"}],"wp:attachment":[{"href":"https:\/\/multihoster.org\/pl\/wp-json\/wp\/v2\/media?parent=4403"}],"curies":[{"name":"wp","href":"https:\/\/api.w.org\/{rel}","templated":true}]}}