{"id":4424,"date":"2020-04-23T13:10:23","date_gmt":"2020-04-23T13:10:23","guid":{"rendered":"https:\/\/multihoster.org\/vidto\/"},"modified":"2020-04-23T15:42:18","modified_gmt":"2020-04-23T15:42:18","slug":"vidto","status":"publish","type":"page","link":"https:\/\/multihoster.org\/pl\/vidto\/","title":{"rendered":"Vidto Premium Konto: Najlepsza witryna dla us\u0142ug transmisji strumieniowej"},"content":{"rendered":"<a class=\"maxbutton-2 maxbutton maxbutton-cta\" target=\"_blank\" rel=\"nofollow noopener\" href=\"\/go\/\"><span class='mb-text'>&gt;&gt; Przejd\u017a do strony Oryginalnego Linkifier<\/span><\/a>\n\n\n<p><\/p>\n\n\n\n<h2>Co to jest Vidto?<\/h2>\n\n\n\n<p>Vidto jest jednym z najlepszych miejsc dla us\u0142ug streamingowych. Ludzie mog\u0105 u\u017cywa\u0107 swojej strony do strumieniowego przesy\u0142ania film\u00f3w, takich jak filmy dokumentalne, kresk\u00f3wki lub anime, filmy, przedstawienia i inne gatunki wideo. Witryna Vidto jest dost\u0119pna na ka\u017cdym urz\u0105dzeniu z po\u0142\u0105czeniem internetowym. U\u017cytkownicy mog\u0105 uzyska\u0107 dost\u0119p do swojej witryny w przegl\u0105darkach internetowych, aby rozpocz\u0105\u0107 transmisj\u0119 strumieniow\u0105.<\/p>\n\n\n\n<h2>Vidto Premium Konto<\/h2>\n\n\n\n<p>Korzy\u015bci z posiadania Vidto Premium Konto<\/p>\n\n\n\n<ul><li>U\u017cytkownicy mog\u0105 pobiera\u0107 dowolne filmy z serwisu Vidto bez konieczno\u015bci czekania.<\/li><li>U\u017cytkownicy do\u015bwiadcz\u0105 bardzo du\u017cej szybko\u015bci w pobieraniu dowolnych film\u00f3w i ich strumieniowym przesy\u0142aniu za pomoc\u0105 konta Premium Vidto.<\/li><li>Na stronach internetowych serwisu Vidto nie ma \u017cadnych reklam.<\/li><li>U\u017cytkownicy do\u015bwiadcz\u0105 bardzo du\u017cej szybko\u015bci transmisji strumieniowej film\u00f3w wideo.<\/li><li>U\u017cytkownicy mog\u0105 korzysta\u0107 z r\u00f3\u017cnych mened\u017cer\u00f3w pobierania lub pobiera\u0107 oprogramowanie i strony internetowe, je\u015bli chc\u0105 pobiera\u0107 dowolne filmy wideo z witryny Vidto.<\/li><li>U\u017cytkownicy mog\u0105 przesy\u0142a\u0107 strumieniowo dowolne filmy w wysokiej rozdzielczo\u015bci lub jako\u015bci.<\/li><li>U\u017cytkownicy mog\u0105 odtwarza\u0107 lub przesy\u0142a\u0107 strumieniowo filmy w trybie online i offline.<\/li><li>U\u017cytkownicy mog\u0105 zapisywa\u0107 pliki wideo w trybie offline.<\/li><\/ul>\n\n\n\n<h2>Vidto: Pobieranie film\u00f3w<\/h2>\n\n\n\n<p>Niekt\u00f3re rzeczy, kt\u00f3re u\u017cytkownicy musz\u0105 wiedzie\u0107 o pobieraniu film\u00f3w na Vidto:<\/p>\n\n\n\n<p><strong>P1: Co musz\u0105 zrobi\u0107 u\u017cytkownicy, je\u015bli nie mog\u0105 pobra\u0107 \u017cadnych film\u00f3w z witryny Vidto?<\/strong><\/p>\n\n\n\n<p>A1: Je\u015bli u\u017cytkownik nie mo\u017ce pobra\u0107 \u017cadnych film\u00f3w wideo ze strony Vidto, mo\u017ce u\u017cy\u0107 dowolnego oprogramowania lub aplikacji do nagrywania wideo lub przechwytywania ekranu w celu nagrania filmu z d\u017awi\u0119kiem, kt\u00f3rego u\u017cytkownik potrzebuje na swoim ekranie. Nazywa si\u0119 to r\u00f3wnie\u017c metod\u0105 &#8222;Raw Recording&#8221;.<\/p>\n\n\n\n<p><strong>P2: Czy u\u017cytkownicy mog\u0105 otwiera\u0107 i odtwarza\u0107 na swoich urz\u0105dzeniach filmy, kt\u00f3re pobrali ze strony Vidto?<\/strong><\/p>\n\n\n\n<p>A2: Tak, gdy u\u017cytkownicy pobrali pliki wideo za pomoc\u0105 programu do pobierania na swoich urz\u0105dzeniach, zazwyczaj konwertuje on automatycznie plik wideo na typ wideo mp4, dzi\u0119ki czemu mog\u0105 oni otworzy\u0107 i odtworzy\u0107 pliki wideo, kt\u00f3re pobrali ze strony Vidto. <\/p>\n\n\n\n<p><strong>P3: Czy u\u017cytkownicy mog\u0105 udost\u0119pnia\u0107 innym osobom filmy, kt\u00f3re pobrali z witryny Vidto?<\/strong><\/p>\n\n\n\n<p>A3: Po pobraniu przez u\u017cytkownik\u00f3w jakichkolwiek film\u00f3w ze strony Vidto, mog\u0105 oni korzysta\u0107 z tych film\u00f3w wy\u0142\u0105cznie do u\u017cytku osobistego, ale nie mog\u0105 ich udost\u0119pnia\u0107 w mediach spo\u0142eczno\u015bciowych ani wysy\u0142a\u0107 innym osobom za pomoc\u0105 narz\u0119dzia lub aplikacji do udost\u0119pniania na swoich urz\u0105dzeniach. <\/p>\n\n\n\n<p><strong>P4: Czy u\u017cytkownicy mog\u0105 konwertowa\u0107 wideo do innych format\u00f3w wideo po pobraniu z witryny Vidto?<\/strong><\/p>\n\n\n\n<p>A4: Tak, u\u017cytkownicy mog\u0105 konwertowa\u0107 wideo do innych format\u00f3w wideo, kt\u00f3re chc\u0105, \u017ce zosta\u0142y one pobrane z boku Vidto.<\/p>\n\n\n\n<p><strong>P5: Czy pobieranie film\u00f3w z witryny Vidto jest legalne czy nie?<\/strong><\/p>\n\n\n\n<p>A5: Tak, pobieranie jakichkolwiek film\u00f3w z witryny Vidto jest bezpieczne i legalne, ale zale\u017cy od ich warunk\u00f3w, poniewa\u017c istniej\u0105 filmy z prawami autorskimi, wi\u0119c u\u017cytkownicy b\u0119d\u0105 musieli najpierw poprosi\u0107 o zgod\u0119 w\u0142a\u015bciciela filmu.<\/p>\n\n\n\n<h3>Co nale\u017cy wzi\u0105\u0107 pod uwag\u0119, gdy u\u017cytkownicy szukaj\u0105 programu Video Downloader?<\/h3>\n\n\n\n<p>Gdy u\u017cytkownicy szukaj\u0105 programu do pobierania plik\u00f3w wideo, powinni rozwa\u017cy\u0107 te rzeczy poni\u017cej.  <\/p>\n\n\n\n<ul><li>U\u017cytkownicy musz\u0105 sprawdzi\u0107, czy graficzny interfejs u\u017cytkownika lub GUI oprogramowania lub strony lub aplikacji jest przejrzysty, prosty i przyjazny dla u\u017cytkownika.<\/li><li>Czy Video Downloader zawiera tylko jedn\u0105 funkcj\u0119, czy te\u017c wiele funkcji?<\/li><li>U\u017cytkownicy musz\u0105 sprawdzi\u0107, czy Video Downloader posiada funkcj\u0119 konwersji pobranych film\u00f3w do r\u00f3\u017cnych typ\u00f3w lub format\u00f3w wideo.<\/li><\/ul>\n\n\n\n<h3>Pobieranie film\u00f3w z Vidto za pomoc\u0105 telefon\u00f3w kom\u00f3rkowych<\/h3>\n\n\n\n<p>Istniej\u0105 u\u017cytkownicy, kt\u00f3rzy chc\u0105 pobiera\u0107 filmy za pomoc\u0105 swoich telefon\u00f3w kom\u00f3rkowych, wi\u0119c Vidto pozwala im na korzystanie z telefon\u00f3w kom\u00f3rkowych i pobieranie film\u00f3w, kt\u00f3re mog\u0105 pobra\u0107 bezpo\u015brednio z Vidto. Mog\u0105 oni korzysta\u0107 z Google Play Store lub App Store w celu wyszukania programu do pobierania film\u00f3w.<\/p>\n\n\n\n<h2>Vidto: Subskrypcja<\/h2>\n\n\n\n<p>Aby pobra\u0107 filmy, u\u017cytkownicy mog\u0105 subskrybowa\u0107 Vidto. Po dokonaniu subskrypcji u\u017cytkownicy mog\u0105 zapisywa\u0107 dowolne filmy, dzi\u0119ki czemu mog\u0105 je odtwarza\u0107 w trybie offline. Zdecydowanie jest to bardzo wa\u017cna decyzja, aby zapisa\u0107 si\u0119 do subskrypcji.<\/p>\n\n\n<a class=\"maxbutton-2 maxbutton maxbutton-cta\" target=\"_blank\" rel=\"nofollow noopener\" href=\"\/go\/\"><span class='mb-text'>&gt;&gt; Przejd\u017a do strony Oryginalnego Linkifier<\/span><\/a>\n\n\n<h2>Vidto: Dost\u0119p do strony<\/h2>\n\n\n\n<h3>Co zrobi\u0107, je\u015bli strona Vidto jest na dole po stronie u\u017cytkownika?<\/h3>\n\n\n\n<p>Je\u015bli u\u017cytkownicy pr\u00f3buj\u0105 uzyska\u0107 dost\u0119p do strony Vidto, ale to si\u0119 dzieje i wydaje si\u0119 by\u0107 w d\u00f3\u0142, wi\u0119c musz\u0105 spr\u00f3bowa\u0107 zrobi\u0107 sze\u015b\u0107 (6) sposob\u00f3w rozwi\u0105zywania problem\u00f3w poni\u017cej.<\/p>\n\n\n\n<p>1st Way \u2192 U\u017cytkownicy powinni spr\u00f3bowa\u0107 od\u015bwie\u017cy\u0107 swoj\u0105 przegl\u0105dark\u0119 internetow\u0105 naciskaj\u0105c jednocze\u015bnie klawisze CTRL + F5 lub po prostu nacisn\u0105\u0107 klawisz F5. Je\u015bli problem nadal nie zosta\u0142 rozwi\u0105zany, nale\u017cy przej\u015b\u0107 do drugiego sposobu.<\/p>\n\n\n\n<p>2nd Way \u2192 U\u017cytkownicy powinni sprawdzi\u0107 swoje po\u0142\u0105czenie internetowe. Nale\u017cy wy\u0142\u0105czy\u0107 <a rel=\"noreferrer noopener\" aria-label=\"modem lub router  (opens in a new tab)\" href=\"https:\/\/www.lifewire.com\/difference-between-modem-and-router-4159854\" target=\"_blank\">modem lub router <\/a>i zrestartowa\u0107 urz\u0105dzenia. Po zrestartowaniu urz\u0105dzenia nale\u017cy je ponownie w\u0142\u0105czy\u0107 (modem lub router). Nale\u017cy usun\u0105\u0107 pliki cookie i <a href=\"https:\/\/en.wikipedia.org\/wiki\/Cache_(computing)\" target=\"_blank\" rel=\"noreferrer noopener\" aria-label=\"caches (opens in a new tab)\">caches<\/a>. Je\u015bli problem nadal nie zosta\u0142 rozwi\u0105zany, nale\u017cy przej\u015b\u0107 do trzeciej drogi.<\/p>\n\n\n\n<p>3rd Way \u2192 U\u017cytkownicy musz\u0105 sprawdzi\u0107 ustawienia zapory sieciowej swoich urz\u0105dze\u0144, poniewa\u017c mo\u017ce to by\u0107 jeden z powod\u00f3w, dla kt\u00f3rych strona Vidto nie mo\u017ce by\u0107 prawid\u0142owo dost\u0119pna. Mog\u0105 oni tymczasowo wy\u0142\u0105czy\u0107 programy antywirusowe lub zapory sieciowe. Je\u015bli wi\u0119c po wy\u0142\u0105czeniu programu antywirusowego lub zapory sieciowej mo\u017cna teraz uzyska\u0107 dost\u0119p do strony Vidto, oznacza to, \u017ce przyczyn\u0105 problemu jest oprogramowanie urz\u0105dzenia u\u017cytkownika. Je\u015bli problem nadal nie zosta\u0142 rozwi\u0105zany, nale\u017cy przej\u015b\u0107 do czwartej drogi.<\/p>\n\n\n\n<p>4th Way \u2192 U\u017cytkownicy musz\u0105 sprawdzi\u0107 ustawienia serwera proxy w swojej sieci, nast\u0119pnie mog\u0105 ustawi\u0107 serwer proxy na automatyczny lub skontaktowa\u0107 si\u0119 z administratorem sieci, aby upewni\u0107 si\u0119, \u017ce ustawiony serwer proxy dzia\u0142a. Je\u015bli problem nadal nie zosta\u0142 rozwi\u0105zany, nale\u017cy przej\u015b\u0107 do pi\u0105tej drogi.<\/p>\n\n\n\n<p>5th Way \u2192 U\u017cytkownicy powinni sprawdzi\u0107 swoje ustawienia sieciowe i spr\u00f3bowa\u0107 doda\u0107 stron\u0119 Vidto do zaufanych stron przegl\u0105darki internetowej. Je\u015bli problem nadal nie zosta\u0142 rozwi\u0105zany, nale\u017cy przej\u015b\u0107 do 6. drogi.<\/p>\n\n\n\n<p>6th Way \u2192 Je\u015bli problem nadal wyst\u0119puje, to przyczyn\u0105 mo\u017ce by\u0107 system nazw domenowych lub DNS. Jest to us\u0142uga, kt\u00f3ra t\u0142umaczy nazw\u0119 domeny Vidto na zrozumia\u0142y dla komputera format protoko\u0142u internetowego lub adresu IP. U\u017cytkownicy mog\u0105 wyczy\u015bci\u0107 lub sp\u0142uka\u0107 DNS, wpisuj\u0105c polecenie &#8222;ipconfig \/flushdns&#8221; w wierszu polece\u0144 swojego urz\u0105dzenia, niezale\u017cnie od tego, czy jest to Windows, MAC OS, Linux. Je\u015bli nadal nie dzia\u0142a, mog\u0105 skontaktowa\u0107 si\u0119 z dostawc\u0105 us\u0142ug internetowych lub dostawc\u0105 us\u0142ug internetowych, kt\u00f3ry jest odpowiedzialny za zarz\u0105dzanie DNS.<\/p>\n\n\n\n<h3>Co zrobi\u0107, gdy pojawi si\u0119 problem z witryn\u0105 Vidto?<\/h3>\n\n\n\n<p>Je\u015bli u\u017cytkownicy pr\u00f3buj\u0105 uzyska\u0107 dost\u0119p do Vidto, ale wtedy strona ma problem z powodu swojego serwera, wi\u0119c musz\u0105 spr\u00f3bowa\u0107 zrobi\u0107 dwa (2) sposoby poni\u017cej.<\/p>\n\n\n\n<ol><li>U\u017cytkownicy mog\u0105 spr\u00f3bowa\u0107 od\u015bwie\u017cy\u0107 stron\u0119 lub zrestartowa\u0107 us\u0142ug\u0119 klienta DNS.<\/li><li>U\u017cytkownicy mog\u0105 poczeka\u0107, a\u017c strona Vidto zostanie ponownie uruchomiona.<\/li><li>U\u017cytkownicy mog\u0105 zg\u0142asza\u0107 swoje pytania lub w\u0105tpliwo\u015bci na swoim koncie w mediach spo\u0142eczno\u015bciowych na Facebooku lub Twitterze.<\/li><\/ol>\n\n\n\n<h2>Vidto: Przesy\u0142anie strumieniowe wideo<\/h2>\n\n\n\n<p><strong>Wi\u0119c, co to znaczy &#8222;streaming&#8221;?<\/strong><\/p>\n\n\n\n<p>Strumieniowanie oznacza, \u017ce jest to ci\u0105g\u0142e przesy\u0142anie danych pliku lub plik\u00f3w, w tym d\u017awi\u0119k\u00f3w i film\u00f3w z serwera do konkretnego klienta. Prostym przyk\u0142adem jest sytuacja, w kt\u00f3rej ludzie ogl\u0105daj\u0105 dowolne programy telewizyjne lub s\u0142uchaj\u0105 podcast\u00f3w lub dowolnej muzyki za pomoc\u0105 swoich urz\u0105dze\u0144 pod\u0142\u0105czonych do Internetu. Dzia\u0142ania te nie s\u0105 podobne do tych, gdy u\u017cytkownicy pobieraj\u0105 plik lub pliki, a nast\u0119pnie uzyskuj\u0105 do nich dost\u0119p p\u00f3\u017aniej, poniewa\u017c s\u0105 one wykonywane w czasie rzeczywistym lub w czasie rzeczywistym. W przypadku przesy\u0142ania strumieniowego plik wideo, kt\u00f3ry jest przesy\u0142any strumieniowo na urz\u0105dzeniu u\u017cytkownika, jest zdalnie zapisywany i przesy\u0142any przez sie\u0107.<\/p>\n\n\n\n<p>W przypadku transmisji strumieniowej, u\u017cytkownicy mog\u0105 skorzysta\u0107 z przegl\u0105darki internetowej lub wtyczki albo rozszerzenia lub aplikacji, aby rozpocz\u0105\u0107 odtwarzanie wideo, zanim ca\u0142e dane wideo zostan\u0105 przes\u0142ane za pomoc\u0105 Internetu.<\/p>\n\n\n\n<figure class=\"wp-block-table\"><table class=\"\"><tbody><tr><td class=\"has-text-align-center\" data-align=\"center\"><strong>Czynniki, kt\u00f3re mog\u0105 mie\u0107 wp\u0142yw na przesy\u0142anie strumieniowe<\/strong><\/td><\/tr><\/tbody><\/table><\/figure>\n\n\n\n<figure class=\"wp-block-table\"><table class=\"\"><tbody><tr><td>Strona sieciowa<\/td><td>Strona u\u017cytkownika<\/td><\/tr><tr><td>Za op\u00f3\u017anienie sieci. \u2192 Ma r\u00f3\u017cne czynniki, kt\u00f3re wp\u0142ywaj\u0105 lub wp\u0142ywaj\u0105 na op\u00f3\u017anienie, w tym lokalizacj\u0119 tre\u015bci, w kt\u00f3rej u\u017cytkownicy pr\u00f3buj\u0105 uzyska\u0107 dost\u0119p do przechowywanych tam plik\u00f3w.<\/td><td>Na problemy w Wireless Fidelity lub WiFi. \u2192 Je\u015bli u\u017cytkownicy zrestartuj\u0105 modem lub router, lub nast\u0105pi\u0105 zmiany w sieci Ethernet, mo\u017ce to pom\u00f3c w poprawie lub zwi\u0119kszeniu wydajno\u015bci transmisji strumieniowej.<\/td><\/tr><tr><td>Na zatory w sieci. \u2192 Chodzi o to, kiedy jest du\u017co danych, kt\u00f3re s\u0105 wysy\u0142ane przez sie\u0107. Mo\u017ce to skutkowa\u0107 obni\u017ceniem lub zmniejszeniem wydajno\u015bci transmisji strumieniowej.<\/td><td>Dla urz\u0105dze\u0144 u\u017cytkownik\u00f3w, kt\u00f3re maj\u0105 nisk\u0105 wydajno\u015b\u0107. \u2192 Przy odtwarzaniu jakichkolwiek film\u00f3w urz\u0105dzenie powinno mie\u0107 wystarczaj\u0105c\u0105 lub du\u017c\u0105 moc obliczeniow\u0105, poniewa\u017c gdy u\u017cytkownicy strumieniowo przesy\u0142aj\u0105 film, a w tle dzia\u0142aj\u0105 inne aplikacje, b\u0119dzie to mia\u0142o wp\u0142yw na wydajno\u015b\u0107 strumieniowego przesy\u0142ania. Strumie\u0144 b\u0119dzie r\u00f3wnie\u017c powolny.<\/td><\/tr><tr><td><br><\/td><td>Za ilo\u015b\u0107 pasma. \u2192 Zwykle sie\u0107 domowa potrzebuje oko\u0142o czterech megabajt\u00f3w na sekund\u0119 (4 Mbps), aby odtworzy\u0107 dobr\u0105 jako\u015b\u0107 obrazu, ale dla film\u00f3w o wysokiej rozdzielczo\u015bci sie\u0107 domowa b\u0119dzie potrzebowa\u0142a wi\u0119cej ni\u017c tylko cztery megabajty na sekund\u0119 (4 Mbps).<\/td><\/tr><\/tbody><\/table><\/figure>\n\n\n<a class=\"maxbutton-2 maxbutton maxbutton-cta\" target=\"_blank\" rel=\"nofollow noopener\" href=\"\/go\/\"><span class='mb-text'>&gt;&gt; Przejd\u017a do strony Oryginalnego Linkifier<\/span><\/a>","protected":false},"excerpt":{"rendered":"<p>Co to jest Vidto? Vidto jest jednym z najlepszych miejsc dla us\u0142ug streamingowych. Ludzie mog\u0105 u\u017cywa\u0107 swojej strony do strumieniowego<\/p>\n","protected":false},"author":2,"featured_media":0,"parent":0,"menu_order":0,"comment_status":"closed","ping_status":"closed","template":"","meta":[],"yoast_head":"<!-- This site is optimized with the Yoast SEO plugin v18.3 - https:\/\/yoast.com\/wordpress\/plugins\/seo\/ -->\n<title>Vidto Premium Konto \u2013 Najlepsza witryna dla us\u0142ug transmisji strumieniowej<\/title>\n<meta name=\"description\" content=\"Czy Vidto jest renomowanym dostawc\u0105 czy nie, odpowied\u017a znajdziesz w aktualnym te\u015bcie na Multihoster.org \u279c Kliknij teraz \u271a aby przeczyta\u0107 nasze do\u015bwiadczenia!\" \/>\n<meta name=\"robots\" content=\"index, follow, max-snippet:-1, max-image-preview:large, max-video-preview:-1\" \/>\n<link rel=\"canonical\" href=\"https:\/\/multihoster.org\/pl\/vidto\/\" \/>\n<meta property=\"og:locale\" content=\"pl_PL\" \/>\n<meta property=\"og:type\" content=\"article\" \/>\n<meta property=\"og:title\" content=\"Vidto Premium Konto \u2013 Najlepsza witryna dla us\u0142ug transmisji strumieniowej\" \/>\n<meta property=\"og:description\" content=\"Czy Vidto jest renomowanym dostawc\u0105 czy nie, odpowied\u017a znajdziesz w aktualnym te\u015bcie na Multihoster.org \u279c Kliknij teraz \u271a aby przeczyta\u0107 nasze do\u015bwiadczenia!\" \/>\n<meta property=\"og:url\" content=\"https:\/\/multihoster.org\/pl\/vidto\/\" \/>\n<meta property=\"og:site_name\" content=\"Multihoster.org\" \/>\n<meta property=\"article:modified_time\" content=\"2020-04-23T15:42:18+00:00\" \/>\n<meta name=\"twitter:card\" content=\"summary\" \/>\n<meta name=\"twitter:label1\" content=\"Szacowany czas czytania\" \/>\n\t<meta name=\"twitter:data1\" content=\"8 minut\" \/>\n<script type=\"application\/ld+json\" class=\"yoast-schema-graph\">{\"@context\":\"https:\/\/schema.org\",\"@graph\":[{\"@type\":\"WebSite\",\"@id\":\"https:\/\/multihoster.org\/#website\",\"url\":\"https:\/\/multihoster.org\/\",\"name\":\"Multihoster.org\",\"description\":\"Reviews of the major Filehosting services\",\"potentialAction\":[{\"@type\":\"SearchAction\",\"target\":{\"@type\":\"EntryPoint\",\"urlTemplate\":\"https:\/\/multihoster.org\/?s={search_term_string}\"},\"query-input\":\"required name=search_term_string\"}],\"inLanguage\":\"pl-PL\"},{\"@type\":\"WebPage\",\"@id\":\"https:\/\/multihoster.org\/pl\/vidto\/#webpage\",\"url\":\"https:\/\/multihoster.org\/pl\/vidto\/\",\"name\":\"Vidto Premium Konto \u2013 Najlepsza witryna dla us\u0142ug transmisji strumieniowej\",\"isPartOf\":{\"@id\":\"https:\/\/multihoster.org\/#website\"},\"datePublished\":\"2020-04-23T13:10:23+00:00\",\"dateModified\":\"2020-04-23T15:42:18+00:00\",\"description\":\"Czy Vidto jest renomowanym dostawc\u0105 czy nie, odpowied\u017a znajdziesz w aktualnym te\u015bcie na Multihoster.org \u279c Kliknij teraz \u271a aby przeczyta\u0107 nasze do\u015bwiadczenia!\",\"breadcrumb\":{\"@id\":\"https:\/\/multihoster.org\/pl\/vidto\/#breadcrumb\"},\"inLanguage\":\"pl-PL\",\"potentialAction\":[{\"@type\":\"ReadAction\",\"target\":[\"https:\/\/multihoster.org\/pl\/vidto\/\"]}]},{\"@type\":\"BreadcrumbList\",\"@id\":\"https:\/\/multihoster.org\/pl\/vidto\/#breadcrumb\",\"itemListElement\":[{\"@type\":\"ListItem\",\"position\":1,\"name\":\"Startseite\",\"item\":\"https:\/\/multihoster.org\/pl\/\"},{\"@type\":\"ListItem\",\"position\":2,\"name\":\"Vidto Premium Konto: Najlepsza witryna dla us\u0142ug transmisji strumieniowej\"}]}]}<\/script>\n<!-- \/ Yoast SEO plugin. -->","yoast_head_json":{"title":"Vidto Premium Konto \u2013 Najlepsza witryna dla us\u0142ug transmisji strumieniowej","description":"Czy Vidto jest renomowanym dostawc\u0105 czy nie, odpowied\u017a znajdziesz w aktualnym te\u015bcie na Multihoster.org \u279c Kliknij teraz \u271a aby przeczyta\u0107 nasze do\u015bwiadczenia!","robots":{"index":"index","follow":"follow","max-snippet":"max-snippet:-1","max-image-preview":"max-image-preview:large","max-video-preview":"max-video-preview:-1"},"canonical":"https:\/\/multihoster.org\/pl\/vidto\/","og_locale":"pl_PL","og_type":"article","og_title":"Vidto Premium Konto \u2013 Najlepsza witryna dla us\u0142ug transmisji strumieniowej","og_description":"Czy Vidto jest renomowanym dostawc\u0105 czy nie, odpowied\u017a znajdziesz w aktualnym te\u015bcie na Multihoster.org \u279c Kliknij teraz \u271a aby przeczyta\u0107 nasze do\u015bwiadczenia!","og_url":"https:\/\/multihoster.org\/pl\/vidto\/","og_site_name":"Multihoster.org","article_modified_time":"2020-04-23T15:42:18+00:00","twitter_card":"summary","twitter_misc":{"Szacowany czas czytania":"8 minut"},"schema":{"@context":"https:\/\/schema.org","@graph":[{"@type":"WebSite","@id":"https:\/\/multihoster.org\/#website","url":"https:\/\/multihoster.org\/","name":"Multihoster.org","description":"Reviews of the major Filehosting services","potentialAction":[{"@type":"SearchAction","target":{"@type":"EntryPoint","urlTemplate":"https:\/\/multihoster.org\/?s={search_term_string}"},"query-input":"required name=search_term_string"}],"inLanguage":"pl-PL"},{"@type":"WebPage","@id":"https:\/\/multihoster.org\/pl\/vidto\/#webpage","url":"https:\/\/multihoster.org\/pl\/vidto\/","name":"Vidto Premium Konto \u2013 Najlepsza witryna dla us\u0142ug transmisji strumieniowej","isPartOf":{"@id":"https:\/\/multihoster.org\/#website"},"datePublished":"2020-04-23T13:10:23+00:00","dateModified":"2020-04-23T15:42:18+00:00","description":"Czy Vidto jest renomowanym dostawc\u0105 czy nie, odpowied\u017a znajdziesz w aktualnym te\u015bcie na Multihoster.org \u279c Kliknij teraz \u271a aby przeczyta\u0107 nasze do\u015bwiadczenia!","breadcrumb":{"@id":"https:\/\/multihoster.org\/pl\/vidto\/#breadcrumb"},"inLanguage":"pl-PL","potentialAction":[{"@type":"ReadAction","target":["https:\/\/multihoster.org\/pl\/vidto\/"]}]},{"@type":"BreadcrumbList","@id":"https:\/\/multihoster.org\/pl\/vidto\/#breadcrumb","itemListElement":[{"@type":"ListItem","position":1,"name":"Startseite","item":"https:\/\/multihoster.org\/pl\/"},{"@type":"ListItem","position":2,"name":"Vidto Premium Konto: Najlepsza witryna dla us\u0142ug transmisji strumieniowej"}]}]}},"_links":{"self":[{"href":"https:\/\/multihoster.org\/pl\/wp-json\/wp\/v2\/pages\/4424"}],"collection":[{"href":"https:\/\/multihoster.org\/pl\/wp-json\/wp\/v2\/pages"}],"about":[{"href":"https:\/\/multihoster.org\/pl\/wp-json\/wp\/v2\/types\/page"}],"author":[{"embeddable":true,"href":"https:\/\/multihoster.org\/pl\/wp-json\/wp\/v2\/users\/2"}],"replies":[{"embeddable":true,"href":"https:\/\/multihoster.org\/pl\/wp-json\/wp\/v2\/comments?post=4424"}],"version-history":[{"count":4,"href":"https:\/\/multihoster.org\/pl\/wp-json\/wp\/v2\/pages\/4424\/revisions"}],"predecessor-version":[{"id":4481,"href":"https:\/\/multihoster.org\/pl\/wp-json\/wp\/v2\/pages\/4424\/revisions\/4481"}],"wp:attachment":[{"href":"https:\/\/multihoster.org\/pl\/wp-json\/wp\/v2\/media?parent=4424"}],"curies":[{"name":"wp","href":"https:\/\/api.w.org\/{rel}","templated":true}]}}