{"id":449,"date":"2018-05-22T17:13:34","date_gmt":"2018-05-22T17:13:34","guid":{"rendered":"https:\/\/multihoster.org\/?page_id=449"},"modified":"2018-09-12T06:55:10","modified_gmt":"2018-09-12T06:55:10","slug":"smoozed","status":"publish","type":"page","link":"https:\/\/multihoster.org\/pl\/smoozed\/","title":{"rendered":"Smoozed &#8211; Multihoster w skr\u00f3cie"},"content":{"rendered":"<p><img loading=\"lazy\" class=\"alignleft wp-image-255\" src=\"https:\/\/multihoster.org\/wp-content\/uploads\/2018\/05\/smoozed_logo.jpg\" alt=\"logo\" width=\"302\" height=\"139\" srcset=\"https:\/\/multihoster.org\/wp-content\/uploads\/2018\/05\/smoozed_logo.jpg 574w, https:\/\/multihoster.org\/wp-content\/uploads\/2018\/05\/smoozed_logo-300x138.jpg 300w\" sizes=\"(max-width: 302px) 100vw, 302px\" \/>Smoozed opisuje si\u0119 jako m\u0142oda, pr\u0119\u017cnie rozwijaj\u0105ca si\u0119 firma oferuj\u0105ca interesuj\u0105c\u0105 gam\u0119 r\u00f3\u017cnych us\u0142ug po\u015brednictwa. Opr\u00f3cz hostingu plik\u00f3w obejmuje to r\u00f3wnie\u017c dost\u0119p do serwera VPN. Chcieliby\u015bmy przedstawi\u0107 Wam Hoster Smoozed i podzieli\u0107 si\u0119 z Wami naszym do\u015bwiadczeniem i wiedz\u0105 dotycz\u0105c\u0105 us\u0142ug, opcji p\u0142atno\u015bci, listy Hoster\u00f3w i wielu innych.<\/p>\n<p class=\"normal\"><span lang=\"de\">Gospodarz Smoozed na pierwszym planie filozofii firmy stawia nast\u0119puj\u0105ce trzy warto\u015bci:<\/span><\/p>\n<ul>\n<li>naprawd\u0119 bezpieczny<\/li>\n<li>nienaganny<\/li>\n<li>pe\u0142n\u0105 kontrol\u0119 koszt\u00f3w<\/li>\n<\/ul>\n\n<p><a class=\"fasc-button fasc-size-xlarge fasc-type-glossy fasc-rounded-medium ico-fa fasc-ico-after fa-share\" style=\"background-color: #43585e; color: #ffffff;\" rel=\"nofollow\" href=\"https:\/\/multihoster.org\/smoozed\/goto\/\">Przejd\u017a do Smoozed.com<\/a><\/p>\n<h2>Pozytywne cechy dostawcy<\/h2>\n<ul>\n<li>du\u017cy wyb\u00f3r rejestrator\u00f3w plik\u00f3w<\/li>\n<li>korzystna stawka roczna<\/li>\n<li>ponad 40 dost\u0119pnych host\u00f3w plik\u00f3w<\/li>\n<li>Obs\u0142uga klienta w j\u0119zyku niemieckim i angielskim<\/li>\n<li>Atrakcyjne mo\u017cliwo\u015bci zarobkowania<\/li>\n<\/ul>\n<h2><span lang=\"de\">Ca\u0142a gama produkt\u00f3w Smoozed w skr\u00f3cie<\/span><\/h2>\n<p class=\"normal\"><span lang=\"de\">Smoozed oferuje w sumie trzy r\u00f3\u017cne stawki. W tym momencie wszystkie taryfy oferuj\u0105 ten sam zakres us\u0142ug, a jedynie czas trwania taryfy jest r\u00f3\u017cny w zale\u017cno\u015bci od abonamentu. Stawka podstawowa obowi\u0105zuje przez 30 dni, stawka zaawansowana przez 6 miesi\u0119cy, a stawka ultrad\u017awi\u0119kowa przez 12 miesi\u0119cy. <\/span><\/p>\n<h2><span lang=\"de\">Oferty bonusowe<\/span><\/h2>\n<p class=\"normal\"><span lang=\"de\">Ciekaw\u0105 ofert\u0105 bonusow\u0105 Smoozed jest Smoozed Addon dla przegl\u0105darki Google Chrome. Pozwala to unikn\u0105\u0107 ogranicze\u0144 pr\u0119dko\u015bci i czasu oczekiwania na swobodnie dost\u0119pnych stronach internetowych.<\/span><\/p>\n<p class=\"normal\"><span lang=\"de\">Podobnie jak wielu innych dostawc\u00f3w, Smoozed oferuje atrakcyjny program bonusowy, dzi\u0119ki kt\u00f3remu mo\u017cna zarobi\u0107 wi\u0119cej ni\u017c tylko ma\u0142e kieszonkowe, w zale\u017cno\u015bci od czasu i motywacji. Ka\u017cdy, komu uda si\u0119 wygra\u0107 kogo\u015b jako klient Smoozed otrzymuje pe\u0142n\u0105 40 procentow\u0105 prowizj\u0119 od pierwszej sprzeda\u017cy &#8211; dodatkowo wszystkie kolejne zam\u00f3wienia s\u0105 r\u00f3wnie\u017c wynagradzane prowizj\u0105 w wysoko\u015bci 30 procent. Przekazuj\u0105c jak najwi\u0119cej luster, mo\u017cna r\u00f3wnie\u017c zmaksymalizowa\u0107 wynagrodzenie za PPV.<\/span><\/p>\n<p class=\"normal\"><span lang=\"de\">W przeciwie\u0144stwie do innych dostawc\u00f3w, kt\u00f3rzy p\u0142ac\u0105 prowizj\u0119 tylko za niekt\u00f3re metody p\u0142atno\u015bci, zawsze otrzymujesz prowizj\u0119 od firmy Smoozed, bez wzgl\u0119du na to, jak klient p\u0142aci. Zarobione pieni\u0105dze wyp\u0142acane s\u0105 zazwyczaj w ci\u0105gu 24 godzin od z\u0142o\u017cenia zam\u00f3wienia za pomoc\u0105 jednej z poni\u017cszych metod p\u0142atno\u015bci:<\/span><\/p>\n<ul>\n<li>Bitcoin<\/li>\n<li>Bank<\/li>\n<li>Webmoney<\/li>\n<\/ul>\n<h2><span lang=\"de\">Koszty i opcje p\u0142atno\u015bci<\/span><\/h2>\n<p><img loading=\"lazy\" class=\"alignnone wp-image-258 size-full\" src=\"https:\/\/multihoster.org\/wp-content\/uploads\/2018\/05\/cost_of_smoozed.jpg\" alt=\"ceny\" width=\"1228\" height=\"536\" srcset=\"https:\/\/multihoster.org\/wp-content\/uploads\/2018\/05\/cost_of_smoozed.jpg 1228w, https:\/\/multihoster.org\/wp-content\/uploads\/2018\/05\/cost_of_smoozed-300x131.jpg 300w, https:\/\/multihoster.org\/wp-content\/uploads\/2018\/05\/cost_of_smoozed-768x335.jpg 768w, https:\/\/multihoster.org\/wp-content\/uploads\/2018\/05\/cost_of_smoozed-1024x447.jpg 1024w\" sizes=\"(max-width: 1228px) 100vw, 1228px\" \/><\/p>\n<p class=\"normal\"><span lang=\"de\">W celu skorzystania z us\u0142ug Smoozed, karta kredytowa mo\u017ce by\u0107 u\u017cyta jako p\u0142atno\u015b\u0107, ale mo\u017cliwe s\u0105 r\u00f3wnie\u017c inne metody p\u0142atno\u015bci. Poni\u017cej znajdziesz wszystkie dost\u0119pne metody p\u0142atno\u015bci. Anonimowa p\u0142atno\u015b\u0107 za po\u015brednictwem Paysafecard nie jest mo\u017cliwa w Smoozed &#8211; je\u015bli nadal chcesz p\u0142aci\u0107 anonimowo, mo\u017cesz u\u017cy\u0107 waluty Bitcoin.<\/span><\/p>\n<ul>\n<li>VISA-Karte<\/li>\n<li>MasterCard<\/li>\n<li>SEPA express<\/li>\n<li>Handypay<\/li>\n<li>Bitcoin<\/li>\n<\/ul>\n<p>&nbsp;<\/p>\n\n<table id=\"tablepress-42\" class=\"tablepress tablepress-id-42\">\n<thead>\n<tr class=\"row-1 odd\">\n\t<th class=\"column-1\">BASIC<\/th><th class=\"column-2\">ADVANCED<\/th><th class=\"column-3\">ULTRA<\/th>\n<\/tr>\n<\/thead>\n<tbody class=\"row-hover\">\n<tr class=\"row-2 even\">\n\t<td class=\"column-1\">1 miesi\u0105c<\/td><td class=\"column-2\">6 miesi\u0119cy<\/td><td class=\"column-3\">12 miesi\u0119cy<\/td>\n<\/tr>\n<tr class=\"row-3 odd\">\n\t<td class=\"column-1\">9,95 \u20ac<\/td><td class=\"column-2\">29.99 \u20ac  zamiast 49.99 \u20ac<\/td><td class=\"column-3\">39,95 \u20ac zamiast 99,99<\/td>\n<\/tr>\n<tr class=\"row-4 even\">\n\t<td class=\"column-1\">Ponad 40 host\u00f3w<\/td><td class=\"column-2\">Ponad 40 host\u00f3w<\/td><td class=\"column-3\">Ponad 40 host\u00f3w<\/td>\n<\/tr>\n<tr class=\"row-5 odd\">\n\t<td class=\"column-1\">Dost\u0119p VPN<\/td><td class=\"column-2\">Dost\u0119p VPN<\/td><td class=\"column-3\">Dost\u0119p VPN<\/td>\n<\/tr>\n<\/tbody>\n<\/table>\n<!-- #tablepress-42 from cache -->\n<p>&nbsp;<\/p>\n<p><a class=\"fasc-button fasc-size-xlarge fasc-type-glossy fasc-rounded-medium ico-fa fasc-ico-after fa-share\" style=\"background-color: #43585e; color: #ffffff;\" rel=\"nofollow\" href=\"https:\/\/multihoster.org\/smoozed\/goto\/\">Przejd\u017a do Smoozed.com<\/a><\/p>\n<h2><span lang=\"de\">Powiadomienie o ochronie prywatno\u015bci i ochrona danych<\/span><\/h2>\n<p class=\"normal\"><span lang=\"de\">Jako firma dzia\u0142aj\u0105ca na skal\u0119 mi\u0119dzynarodow\u0105, Smoozed obiecuje swoim klientom kompleksow\u0105 ochron\u0119 danych i jedno\u015b\u0107 prywatno\u015bci. Pierwsze dane osobowe s\u0105 gromadzone podczas rejestracji. Informacje te zostan\u0105 przekazane wy\u0142\u0105cznie w ramach Pa\u0144stwa zgody lub zobowi\u0105zania prawnego. W przypadku przechowywania danych przechowywane s\u0105 g\u0142\u00f3wnie adres IP, data i godzina, nazwa pliku i rozmiar pliku. Dane kart kredytowych nie s\u0105 przechowywane przez Smoozed, lecz przez odpowiedniego dostawc\u0119 us\u0142ug p\u0142atniczych. <\/span><\/p>\n<h2><span lang=\"de\">Obs\u0142uga posprzeda\u017cna<\/span><\/h2>\n<p class=\"normal\"><span lang=\"de\">Bezproblemowa obs\u0142uga klienta jest dost\u0119pna w j\u0119zyku angielskim i niemieckim. Mo\u017cesz wybra\u0107 formularz kontaktowy lub wys\u0142a\u0107 e-mail do obs\u0142ugi. Spos\u00f3b wsparcia znajduje si\u0119 na samym dole strony obok o\u015bwiadczenia o ochronie danych osobowych i warunk\u00f3w p\u0142atno\u015bci. Opcjonalnie mo\u017cesz r\u00f3wnie\u017c zajrze\u0107 do sekcji FAQ, gdzie wyja\u015bnione s\u0105 odpowiedzi na najcz\u0119\u015bciej zadawane pytania.<\/span><\/p>\n<h2><span lang=\"de\">Przyjazno\u015b\u0107 dla u\u017cytkownika<\/span><\/h2>\n<p>Strona Smoozed.net oferuje najwa\u017cniejsze informacje w przejrzysty spos\u00f3b, tak aby wszystko by\u0142o widoczne na pierwszy rzut oka. Na stronie startowej znajdziesz wiele informacji o us\u0142udze przed zalogowaniem si\u0119, mo\u017cesz zapozna\u0107 si\u0119 z powodami, kt\u00f3re m\u00f3wi\u0105 w imieniu dostawcy us\u0142ug i przyjrze\u0107 si\u0119 bli\u017cej kontu Smoozed Premium. W przeciwie\u0144stwie do wielu innych hoster\u00f3w plik\u00f3w, nie mo\u017cna utworzy\u0107 darmowe konto w hosterze Smoozed, ale musi kupi\u0107 premium rate do logowania.<\/p>\n<p>Kto zdecyduje si\u0119 na konto Smoozed Premium, wejdzie do przegl\u0105du kont po zalogowaniu si\u0119. W tym miejscu mo\u017cesz u\u017cy\u0107 funkcji &#8222;Moje foldery&#8221;, aby utworzy\u0107 nowe foldery dla przesy\u0142anych i pobieranych plik\u00f3w. Dost\u0119pne s\u0105 tutaj opcje &#8222;Usu\u0144 zaznaczone&#8221;, &#8222;\u0141\u0105cza wyj\u015bciowe&#8221; i &#8222;Sprawd\u017a nowe&#8221;.<\/p>\n<p>W dalszej cz\u0119\u015bci znajduj\u0105 si\u0119 r\u00f3wnie\u017c rozdzia\u0142y &#8222;Ustawienia&#8221;, &#8222;Przegl\u0105d wynagrodze\u0144&#8221; i &#8222;Statystyki&#8221;. W ustawieniach mo\u017cna przegl\u0105da\u0107 i zmienia\u0107 odpowiednie informacje o koncie, a kod API mo\u017cna r\u00f3wnie\u017c znale\u017a\u0107 tutaj. W sekcji &#8222;Przegl\u0105d wynagrodze\u0144&#8221; mo\u017cesz dowiedzie\u0107 si\u0119, jakie prowizje otrzymujesz za reklam\u0119 r\u00f3\u017cnych host\u00f3w plik\u00f3w. Wynagrodzenie r\u00f3\u017cni si\u0119 w zale\u017cno\u015bci od us\u0142ugodawcy i kraju. Ponadto w tym miejscu mo\u017cna zam\u00f3wi\u0107 wyp\u0142at\u0119 ju\u017c zarobionych prowizji.<\/p>\n<p>Statystyki umo\u017cliwiaj\u0105 wgl\u0105d w szczeg\u00f3\u0142y prowizji. Obejmuj\u0105 one dat\u0119, wysoko\u015b\u0107 prowizji i rodzaj wynagrodzenia.<\/p>\n<h2><span lang=\"de\">Aplikacja mobilna<\/span><\/h2>\n<p class=\"normal\"><span lang=\"de\">Nie ma aplikacji na smartfon od Smoozed, ale Fileshoster oferuje&nbsp; <a href=\"https:\/\/chrome.google.com\/webstore\/detail\/smoozedcom\/nkhlemgodcjginbhoelemnjkhmgnaaca\" target=\"_blank\" rel=\"noopener\">Rozszerzenie dla przegl\u0105darki<\/a>&nbsp; za pomoc\u0105 kt\u00f3rego mo\u017cna korzysta\u0107 z us\u0142ug strony internetowej i sprawowa\u0107 nad nimi kontrol\u0119.<\/span><\/p>\n<h2><span lang=\"de\">Zalety konta Premium<\/span><\/h2>\n<p class=\"normal\"><span lang=\"de\">Konto Premium Smoozed pozwala nie tylko na pobieranie i przesy\u0142anie danych, jak to ma miejsce w przypadku wielu hoster\u00f3w plik\u00f3w, ale r\u00f3wnie\u017c na bezpieczne i anonimowe korzystanie z Internetu za pomoc\u0105 serwera VPN. <\/span><\/p>\n<p><img loading=\"lazy\" class=\"alignnone wp-image-257 size-full\" src=\"https:\/\/multihoster.org\/wp-content\/uploads\/2018\/05\/image_1.jpg\" alt=\"walory\" width=\"1815\" height=\"803\" srcset=\"https:\/\/multihoster.org\/wp-content\/uploads\/2018\/05\/image_1.jpg 1815w, https:\/\/multihoster.org\/wp-content\/uploads\/2018\/05\/image_1-300x133.jpg 300w, https:\/\/multihoster.org\/wp-content\/uploads\/2018\/05\/image_1-768x340.jpg 768w, https:\/\/multihoster.org\/wp-content\/uploads\/2018\/05\/image_1-1024x453.jpg 1024w\" sizes=\"(max-width: 1815px) 100vw, 1815px\" \/><\/p>\n<p class=\"normal\"><span lang=\"de\">Ponadto, pakiet Smoozed Premium zawiera ponad 40 hoster\u00f3w plik\u00f3w, do kt\u00f3rych mo\u017cna uzyska\u0107 dost\u0119p za pomoc\u0105 Pro rate. Tutaj mo\u017cesz cieszy\u0107 si\u0119 indywidualnymi zaletami i funkcjami swojego konta Smoozed Premium w zale\u017cno\u015bci od hostera, pocz\u0105wszy od maksymalnej pr\u0119dko\u015bci, poprzez niesko\u0144czon\u0105 ilo\u015b\u0107 pobra\u0144 w tym samym czasie, a\u017c po wi\u0119ksz\u0105 przestrze\u0144 dyskow\u0105.<\/span><\/p>\n<h2><span lang=\"de\">Smoozed Hoster List &#8211; wszystkie hosty plik\u00f3w na pierwszy rzut oka.<\/span><\/h2>\n<p class=\"normal\"><span lang=\"de\">Wyb\u00f3r hoster\u00f3w plik\u00f3w jest naprawd\u0119 du\u017cy i obejmuje ponad 40 dostawc\u00f3w. Poni\u017cej przedstawiamy Pa\u0144stwu list\u0119 Smoozed Hoster, na kt\u00f3rej mo\u017cna zobaczy\u0107, kt\u00f3re hosty plik\u00f3w znajduj\u0105 si\u0119 na koncie Smoozed Premium.<\/span><\/p>\n<p>&nbsp;<\/p>\n\n<table id=\"tablepress-11\" class=\"tablepress tablepress-id-11\">\n<tbody class=\"row-hover\">\n<tr class=\"row-1 odd\">\n\t<td class=\"column-1\">alfafile<\/td><td class=\"column-2\">airpravod<\/td><td class=\"column-3\">bigfile<\/td><td class=\"column-4\">datafile<\/td>\n<\/tr>\n<tr class=\"row-2 even\">\n\t<td class=\"column-1\">depfile<\/td><td class=\"column-2\">depostfile<\/td><td class=\"column-3\">easybytez<\/td><td class=\"column-4\">file<\/td>\n<\/tr>\n<tr class=\"row-3 odd\">\n\t<td class=\"column-1\">fileboom<\/td><td class=\"column-2\">filefactory<\/td><td class=\"column-3\">filespace<\/td><td class=\"column-4\">flash-x<\/td>\n<\/tr>\n<tr class=\"row-4 even\">\n\t<td class=\"column-1\">giapeta<\/td><td class=\"column-2\">hitfile<\/td><td class=\"column-3\">keep2share<\/td><td class=\"column-4\">letitbit<\/td>\n<\/tr>\n<tr class=\"row-5 odd\">\n\t<td class=\"column-1\">nowvideo<\/td><td class=\"column-2\">oboom<\/td><td class=\"column-3\">powerwatch<\/td><td class=\"column-4\">rapidgator<\/td>\n<\/tr>\n<tr class=\"row-6 even\">\n\t<td class=\"column-1\">rapidrar<\/td><td class=\"column-2\">rapidu<\/td><td class=\"column-3\">rockfile<\/td><td class=\"column-4\">salefiles<\/td>\n<\/tr>\n<tr class=\"row-7 odd\">\n\t<td class=\"column-1\">share-online<\/td><td class=\"column-2\">shared<\/td><td class=\"column-3\">streamcloud<\/td><td class=\"column-4\">tezfiles<\/td>\n<\/tr>\n<tr class=\"row-8 even\">\n\t<td class=\"column-1\">turbobit<\/td><td class=\"column-2\">tusfiles<\/td><td class=\"column-3\">uploaded<\/td><td class=\"column-4\">uploadrocket<\/td>\n<\/tr>\n<tr class=\"row-9 odd\">\n\t<td class=\"column-1\">uptobox<\/td><td class=\"column-2\">userscloud<\/td><td class=\"column-3\">vidto<\/td><td class=\"column-4\">vip-file<\/td>\n<\/tr>\n<tr class=\"row-10 even\">\n\t<td class=\"column-1\">vivo<\/td><td class=\"column-2\">1fichier<\/td><td class=\"column-3\">2shared<\/td><td class=\"column-4\">4 shared<\/td>\n<\/tr>\n<\/tbody>\n<\/table>\n<!-- #tablepress-11 from cache -->\n<p>&nbsp;<\/p>\n<h2><span lang=\"de\">Nasz wniosek na temat Smoozeda<\/span><\/h2>\n<p class=\"normal\"><span lang=\"de\">Smoozed jest idealnym hosterem dla ka\u017cdego, kto poszukuje \u015bwietnego wyboru. Ponad 40 r\u00f3\u017cnych hoster\u00f3w plik\u00f3w zapewnia szeroki wyb\u00f3r, a ponadto dost\u0119p do sieci Smoozed VPN jest cenn\u0105 funkcj\u0105.<\/span><\/p>\n<p class=\"normal\"><span lang=\"de\">\u0141\u0105cznie dost\u0119pne s\u0105 trzy stawki Smoozed Premium, kt\u00f3re oferuj\u0105 ten sam zakres us\u0142ug na r\u00f3\u017cne okresy. Mo\u017cliwe jest postanowienie umowy na okres jednego miesi\u0105ca, sze\u015bciu miesi\u0119cy lub jednego roku. Opr\u00f3cz karty kredytowej dost\u0119pne s\u0105 metody p\u0142atno\u015bci Bitcoin, SEPA express i Handypay. P\u0142atno\u015b\u0107 za po\u015brednictwem Paysafecard nie dzia\u0142a dla Smoozed.<\/span><\/p>\n<p class=\"normal\"><span lang=\"de\">Smoozed obiecuje rzeteln\u0105 obs\u0142ug\u0119 Pa\u0144stwa danych i oferuje obs\u0142ug\u0119 klienta w j\u0119zyku niemieckim i angielskim.<\/span><\/p>\n<p class=\"normal\"><span lang=\"de\">Dzi\u0119ki Kontu Premium Smoozed mo\u017cesz nie tylko korzysta\u0107 z cennej us\u0142ugi wielu host\u00f3w plik\u00f3w, ale r\u00f3wnie\u017c otrzymywa\u0107 atrakcyjne prowizje poprzez model wynagradzania. <\/span><\/p>\n<p>&nbsp;<\/p>\n<p><a class=\"fasc-button fasc-size-xlarge fasc-type-glossy fasc-rounded-medium ico-fa fasc-ico-after fa-share\" style=\"background-color: #43585e; color: #ffffff;\" rel=\"nofollow\" href=\"https:\/\/multihoster.org\/smoozed\/goto\/\">Przejd\u017a do Smoozed.com<\/a><\/p>\n","protected":false},"excerpt":{"rendered":"<p>Smoozed opisuje si\u0119 jako m\u0142oda, pr\u0119\u017cnie rozwijaj\u0105ca si\u0119 firma oferuj\u0105ca interesuj\u0105c\u0105 gam\u0119 r\u00f3\u017cnych us\u0142ug po\u015brednictwa. Opr\u00f3cz hostingu plik\u00f3w obejmuje to<\/p>\n","protected":false},"author":2,"featured_media":0,"parent":0,"menu_order":0,"comment_status":"closed","ping_status":"closed","template":"","meta":[],"yoast_head":"<!-- This site is optimized with the Yoast SEO plugin v18.3 - https:\/\/yoast.com\/wordpress\/plugins\/seo\/ -->\n<title>lll\u25b7 Smoozed Premium Account powa\u017cne czy nie? Test na Multihoster.org<\/title>\n<meta name=\"description\" content=\"Czy firma Smoozed jest renomowanym dostawc\u0105, czy te\u017c nie? Odpowied\u017a na to pytanie mo\u017cna znale\u017a\u0107 w aktualnym te\u015bcie na stronie Multihoster.org \u279c Teraz kliknij \u271a, aby zapozna\u0107 si\u0119 z naszymi do\u015bwiadczeniami!\" \/>\n<meta name=\"robots\" content=\"index, follow, max-snippet:-1, max-image-preview:large, max-video-preview:-1\" \/>\n<link rel=\"canonical\" href=\"https:\/\/multihoster.org\/pl\/smoozed\/\" \/>\n<meta property=\"og:locale\" content=\"pl_PL\" \/>\n<meta property=\"og:type\" content=\"article\" \/>\n<meta property=\"og:title\" content=\"lll\u25b7 Smoozed Premium Account powa\u017cne czy nie? Test na Multihoster.org\" \/>\n<meta property=\"og:description\" content=\"Czy firma Smoozed jest renomowanym dostawc\u0105, czy te\u017c nie? Odpowied\u017a na to pytanie mo\u017cna znale\u017a\u0107 w aktualnym te\u015bcie na stronie Multihoster.org \u279c Teraz kliknij \u271a, aby zapozna\u0107 si\u0119 z naszymi do\u015bwiadczeniami!\" \/>\n<meta property=\"og:url\" content=\"https:\/\/multihoster.org\/pl\/smoozed\/\" \/>\n<meta property=\"og:site_name\" content=\"Multihoster.org\" \/>\n<meta property=\"article:modified_time\" content=\"2018-09-12T06:55:10+00:00\" \/>\n<meta property=\"og:image\" content=\"https:\/\/multihoster.org\/wp-content\/uploads\/2018\/05\/smoozed_logo.jpg\" \/>\n<meta name=\"twitter:card\" content=\"summary\" \/>\n<meta name=\"twitter:label1\" content=\"Szacowany czas czytania\" \/>\n\t<meta name=\"twitter:data1\" content=\"6 minut\" \/>\n<script type=\"application\/ld+json\" class=\"yoast-schema-graph\">{\"@context\":\"https:\/\/schema.org\",\"@graph\":[{\"@type\":\"WebSite\",\"@id\":\"https:\/\/multihoster.org\/#website\",\"url\":\"https:\/\/multihoster.org\/\",\"name\":\"Multihoster.org\",\"description\":\"Reviews of the major Filehosting services\",\"potentialAction\":[{\"@type\":\"SearchAction\",\"target\":{\"@type\":\"EntryPoint\",\"urlTemplate\":\"https:\/\/multihoster.org\/?s={search_term_string}\"},\"query-input\":\"required name=search_term_string\"}],\"inLanguage\":\"pl-PL\"},{\"@type\":\"ImageObject\",\"@id\":\"https:\/\/multihoster.org\/pl\/smoozed\/#primaryimage\",\"inLanguage\":\"pl-PL\",\"url\":\"https:\/\/multihoster.org\/wp-content\/uploads\/2018\/05\/smoozed_logo.jpg\",\"contentUrl\":\"https:\/\/multihoster.org\/wp-content\/uploads\/2018\/05\/smoozed_logo.jpg\",\"width\":574,\"height\":264},{\"@type\":\"WebPage\",\"@id\":\"https:\/\/multihoster.org\/pl\/smoozed\/#webpage\",\"url\":\"https:\/\/multihoster.org\/pl\/smoozed\/\",\"name\":\"lll\u25b7 Smoozed Premium Account powa\u017cne czy nie? Test na Multihoster.org\",\"isPartOf\":{\"@id\":\"https:\/\/multihoster.org\/#website\"},\"primaryImageOfPage\":{\"@id\":\"https:\/\/multihoster.org\/pl\/smoozed\/#primaryimage\"},\"datePublished\":\"2018-05-22T17:13:34+00:00\",\"dateModified\":\"2018-09-12T06:55:10+00:00\",\"description\":\"Czy firma Smoozed jest renomowanym dostawc\u0105, czy te\u017c nie? Odpowied\u017a na to pytanie mo\u017cna znale\u017a\u0107 w aktualnym te\u015bcie na stronie Multihoster.org \u279c Teraz kliknij \u271a, aby zapozna\u0107 si\u0119 z naszymi do\u015bwiadczeniami!\",\"breadcrumb\":{\"@id\":\"https:\/\/multihoster.org\/pl\/smoozed\/#breadcrumb\"},\"inLanguage\":\"pl-PL\",\"potentialAction\":[{\"@type\":\"ReadAction\",\"target\":[\"https:\/\/multihoster.org\/pl\/smoozed\/\"]}]},{\"@type\":\"BreadcrumbList\",\"@id\":\"https:\/\/multihoster.org\/pl\/smoozed\/#breadcrumb\",\"itemListElement\":[{\"@type\":\"ListItem\",\"position\":1,\"name\":\"Startseite\",\"item\":\"https:\/\/multihoster.org\/pl\/\"},{\"@type\":\"ListItem\",\"position\":2,\"name\":\"Smoozed &#8211; Multihoster w skr\u00f3cie\"}]}]}<\/script>\n<!-- \/ Yoast SEO plugin. -->","yoast_head_json":{"title":"lll\u25b7 Smoozed Premium Account powa\u017cne czy nie? Test na Multihoster.org","description":"Czy firma Smoozed jest renomowanym dostawc\u0105, czy te\u017c nie? Odpowied\u017a na to pytanie mo\u017cna znale\u017a\u0107 w aktualnym te\u015bcie na stronie Multihoster.org \u279c Teraz kliknij \u271a, aby zapozna\u0107 si\u0119 z naszymi do\u015bwiadczeniami!","robots":{"index":"index","follow":"follow","max-snippet":"max-snippet:-1","max-image-preview":"max-image-preview:large","max-video-preview":"max-video-preview:-1"},"canonical":"https:\/\/multihoster.org\/pl\/smoozed\/","og_locale":"pl_PL","og_type":"article","og_title":"lll\u25b7 Smoozed Premium Account powa\u017cne czy nie? Test na Multihoster.org","og_description":"Czy firma Smoozed jest renomowanym dostawc\u0105, czy te\u017c nie? Odpowied\u017a na to pytanie mo\u017cna znale\u017a\u0107 w aktualnym te\u015bcie na stronie Multihoster.org \u279c Teraz kliknij \u271a, aby zapozna\u0107 si\u0119 z naszymi do\u015bwiadczeniami!","og_url":"https:\/\/multihoster.org\/pl\/smoozed\/","og_site_name":"Multihoster.org","article_modified_time":"2018-09-12T06:55:10+00:00","og_image":[{"url":"https:\/\/multihoster.org\/wp-content\/uploads\/2018\/05\/smoozed_logo.jpg"}],"twitter_card":"summary","twitter_misc":{"Szacowany czas czytania":"6 minut"},"schema":{"@context":"https:\/\/schema.org","@graph":[{"@type":"WebSite","@id":"https:\/\/multihoster.org\/#website","url":"https:\/\/multihoster.org\/","name":"Multihoster.org","description":"Reviews of the major Filehosting services","potentialAction":[{"@type":"SearchAction","target":{"@type":"EntryPoint","urlTemplate":"https:\/\/multihoster.org\/?s={search_term_string}"},"query-input":"required name=search_term_string"}],"inLanguage":"pl-PL"},{"@type":"ImageObject","@id":"https:\/\/multihoster.org\/pl\/smoozed\/#primaryimage","inLanguage":"pl-PL","url":"https:\/\/multihoster.org\/wp-content\/uploads\/2018\/05\/smoozed_logo.jpg","contentUrl":"https:\/\/multihoster.org\/wp-content\/uploads\/2018\/05\/smoozed_logo.jpg","width":574,"height":264},{"@type":"WebPage","@id":"https:\/\/multihoster.org\/pl\/smoozed\/#webpage","url":"https:\/\/multihoster.org\/pl\/smoozed\/","name":"lll\u25b7 Smoozed Premium Account powa\u017cne czy nie? Test na Multihoster.org","isPartOf":{"@id":"https:\/\/multihoster.org\/#website"},"primaryImageOfPage":{"@id":"https:\/\/multihoster.org\/pl\/smoozed\/#primaryimage"},"datePublished":"2018-05-22T17:13:34+00:00","dateModified":"2018-09-12T06:55:10+00:00","description":"Czy firma Smoozed jest renomowanym dostawc\u0105, czy te\u017c nie? Odpowied\u017a na to pytanie mo\u017cna znale\u017a\u0107 w aktualnym te\u015bcie na stronie Multihoster.org \u279c Teraz kliknij \u271a, aby zapozna\u0107 si\u0119 z naszymi do\u015bwiadczeniami!","breadcrumb":{"@id":"https:\/\/multihoster.org\/pl\/smoozed\/#breadcrumb"},"inLanguage":"pl-PL","potentialAction":[{"@type":"ReadAction","target":["https:\/\/multihoster.org\/pl\/smoozed\/"]}]},{"@type":"BreadcrumbList","@id":"https:\/\/multihoster.org\/pl\/smoozed\/#breadcrumb","itemListElement":[{"@type":"ListItem","position":1,"name":"Startseite","item":"https:\/\/multihoster.org\/pl\/"},{"@type":"ListItem","position":2,"name":"Smoozed &#8211; Multihoster w skr\u00f3cie"}]}]}},"_links":{"self":[{"href":"https:\/\/multihoster.org\/pl\/wp-json\/wp\/v2\/pages\/449"}],"collection":[{"href":"https:\/\/multihoster.org\/pl\/wp-json\/wp\/v2\/pages"}],"about":[{"href":"https:\/\/multihoster.org\/pl\/wp-json\/wp\/v2\/types\/page"}],"author":[{"embeddable":true,"href":"https:\/\/multihoster.org\/pl\/wp-json\/wp\/v2\/users\/2"}],"replies":[{"embeddable":true,"href":"https:\/\/multihoster.org\/pl\/wp-json\/wp\/v2\/comments?post=449"}],"version-history":[{"count":7,"href":"https:\/\/multihoster.org\/pl\/wp-json\/wp\/v2\/pages\/449\/revisions"}],"predecessor-version":[{"id":1412,"href":"https:\/\/multihoster.org\/pl\/wp-json\/wp\/v2\/pages\/449\/revisions\/1412"}],"wp:attachment":[{"href":"https:\/\/multihoster.org\/pl\/wp-json\/wp\/v2\/media?parent=449"}],"curies":[{"name":"wp","href":"https:\/\/api.w.org\/{rel}","templated":true}]}}