{"id":468,"date":"2018-05-22T17:14:39","date_gmt":"2018-05-22T17:14:39","guid":{"rendered":"https:\/\/multihoster.org\/?page_id=468"},"modified":"2018-09-12T08:02:26","modified_gmt":"2018-09-12T08:02:26","slug":"uploaded","status":"publish","type":"page","link":"https:\/\/multihoster.org\/pl\/uploaded\/","title":{"rendered":"Uploaded Premium Account &#8211; Filehoster w skr\u00f3cie"},"content":{"rendered":"<p class=\"normal\"><span lang=\"de\"><img loading=\"lazy\" class=\"alignleft wp-image-260\" src=\"https:\/\/multihoster.org\/wp-content\/uploads\/2018\/05\/uploaded_logo.jpg\" alt=\"logo\" width=\"231\" height=\"135\" srcset=\"https:\/\/multihoster.org\/wp-content\/uploads\/2018\/05\/uploaded_logo.jpg 675w, https:\/\/multihoster.org\/wp-content\/uploads\/2018\/05\/uploaded_logo-300x175.jpg 300w\" sizes=\"(max-width: 231px) 100vw, 231px\" \/>Dostawca Za\u0142adowany jest dostawca us\u0142ugi przechowywania chmura, kt\u00f3ra pochodzi ze Szwajcarii i oferuje wirtualn\u0105 przestrze\u0144 przechowywania, na kt\u00f3rej u\u017cytkownicy mog\u0105 przechowywa\u0107 swoje pliki osobiste. Opr\u00f3cz szerokiej gamy stawek premium, dostawca oferuje r\u00f3wnie\u017c bezp\u0142atne konto. Mo\u017cesz wi\u0119c spr\u00f3bowa\u0107 us\u0142ugi Filehoster przed zakupem przes\u0142anej Premium.<\/span><\/p>\n<p>&nbsp;<\/p>\n\n<p><a class=\"fasc-button fasc-size-xlarge fasc-type-glossy fasc-rounded-medium ico-fa fasc-ico-after fa-share\" style=\"background-color: #43585e; color: #ffffff;\" rel=\"nofollow\" href=\"https:\/\/multihoster.org\/uploaded\/goto\/\">Przejd\u017a do Uploaded.net<\/a><\/p>\n<h2><span lang=\"de\">Pozytywne cechy dostawcy<\/span><\/h2>\n<ul>\n<li>Stawka ubezpieczenia od 4,99 euro<\/li>\n<li>atrakcyjne zyski<\/li>\n<li>bezp\u0142atna aktualizacja klasy premium poprzez punkty<\/li>\n<li>Wsparcie telefoniczne<\/li>\n<li>Taryfy dla klient\u00f3w korporacyjnych<\/li>\n<\/ul>\n<h2><span lang=\"de\">Kompletna oferta Wgranych na pierwszy rzut oka<\/span><\/h2>\n<p class=\"normal\"><span lang=\"de\">Filehoster oferuje r\u00f3\u017cne stawki dla klient\u00f3w indywidualnych, jak r\u00f3wnie\u017c dwie stawki dla klient\u00f3w korporacyjnych. Je\u015bli kupisz konto premium w Uploaded, mo\u017cesz skorzysta\u0107 z pe\u0142nego zakresu us\u0142ugodawcy. Jednak nawet przy bezp\u0142atnym koncie mo\u017cesz przetestowa\u0107 us\u0142ug\u0119 dostawcy w ograniczonym zakresie. Korzystaj\u0105c z Przes\u0142anego Kuponu, kt\u00f3ry mo\u017cesz znale\u017a\u0107 w Internecie z odrobin\u0105 szcz\u0119\u015bcia, mo\u017cesz obni\u017cy\u0107 cen\u0119 zakupu Przes\u0142anego konta Premium. Warto wi\u0119c szuka\u0107 atrakcyjnych przes\u0142anych kupon\u00f3w na blogi, strony z kuponami lub inne strony internetowe.<\/span><\/p>\n<h2><span lang=\"de\">Oferta dla klient\u00f3w indywidualnych<\/span><\/h2>\n<p class=\"normal\"><span lang=\"de\">Oferta dla klient\u00f3w indywidualnych sk\u0142ada si\u0119 w sumie z 6 taryf, kt\u00f3re wahaj\u0105 si\u0119 od 4,99 euro do 99,99 euro miesi\u0119cznie w cenach. Wgrane stawki Premium mo\u017cna naby\u0107 za 48 godzin, jeden miesi\u0105c, trzy miesi\u0105ce i sze\u015b\u0107 miesi\u0119cy. Przedzia\u0142 obejmuje r\u00f3wnie\u017c roczn\u0105 i dwuletni\u0105 subskrypcj\u0119. Pod koniec wgranej taryfy premium otrzymasz pewn\u0105 liczb\u0119 punkt\u00f3w, kt\u00f3re mo\u017cesz wykorzysta\u0107 do rozszerzenia swojego konta i jego zakresu funkcjonalnego bez ponoszenia \u017cadnych koszt\u00f3w finansowych.<\/span><\/p>\n<h2><span lang=\"de\">Oferta dla klient\u00f3w korporacyjnych<\/span><\/h2>\n<p><img loading=\"lazy\" class=\"alignnone wp-image-262 size-full\" src=\"https:\/\/multihoster.org\/wp-content\/uploads\/2018\/05\/image_1-1.jpg\" alt=\"strona g\u0142\u00f3wna\" width=\"1411\" height=\"887\" srcset=\"https:\/\/multihoster.org\/wp-content\/uploads\/2018\/05\/image_1-1.jpg 1411w, https:\/\/multihoster.org\/wp-content\/uploads\/2018\/05\/image_1-1-300x189.jpg 300w, https:\/\/multihoster.org\/wp-content\/uploads\/2018\/05\/image_1-1-768x483.jpg 768w, https:\/\/multihoster.org\/wp-content\/uploads\/2018\/05\/image_1-1-1024x644.jpg 1024w\" sizes=\"(max-width: 1411px) 100vw, 1411px\" \/><\/p>\n<p class=\"normal\"><span lang=\"de\">Opr\u00f3cz oferty dla klient\u00f3w indywidualnych, Uploaded oferuje r\u00f3wnie\u017c dwa produkty korporacyjne dla klient\u00f3w korporacyjnych. Te wgrane ceny premium mog\u0105 by\u0107 u\u017cywane tylko przez klient\u00f3w komercyjnych, a nie przez klient\u00f3w prywatnych. S\u0105 to stawki Corporate Premium i Corporate Premium Plus. Okres obowi\u0105zywania obu taryf wynosi 12 miesi\u0119cy. Corporate Premium oferuje 500 GB pami\u0119ci masowej do tworzenia kopii zapasowych miesi\u0119cznie i 500 GB hybrydowego ruchu korporacyjnego miesi\u0119cznie. Taryfa Premium Plus zwi\u0119ksza pojemno\u015b\u0107 i ruch z 500 GB do 1 TB. <\/span><\/p>\n<h2><span lang=\"de\">oferty bonusowe<\/span><\/h2>\n<p class=\"normal\"><span lang=\"de\">Wys\u0142ane oferuje kilka sposob\u00f3w zarabia\u0107 i oszcz\u0119dza\u0107 pieni\u0105dze na platformie. Atrakcyjny system punktowy pozwala na zakup bezp\u0142atnego 30-dniowego abonamentu. Dzi\u0119ki zebraniu wystarczaj\u0105cej liczby punkt\u00f3w mo\u017cesz korzysta\u0107 z us\u0142ugi Premium bez konieczno\u015bci kupowania konta w Za\u0142adowanym serwisie.<\/span><\/p>\n<p class=\"normal\"><span lang=\"de\">Inn\u0105 opcj\u0105 jest generowanie przychod\u00f3w poprzez wgrywanie plik\u00f3w. Ka\u017cdy, kto wykupi\u0142 Uploaded Premium i przesy\u0142a popularne pliki, kt\u00f3re s\u0105 cz\u0119sto pobierane przez innych u\u017cytkownik\u00f3w, mo\u017ce regularnie oczekiwa\u0107 na wyp\u0142at\u0119.<\/span><\/p>\n<p class=\"normal\"><span lang=\"de\">Ponadto mo\u017cna otrzyma\u0107 prowizj\u0119 za rekrutacj\u0119 nowych u\u017cytkownik\u00f3w. Zar\u00f3wno za\u0142o\u017cenie bezp\u0142atnego konta, jak i zakup wp\u0142aconego konta oraz ewentualne dalsze zam\u00f3wienia s\u0105 wynagradzane.<\/span><\/p>\n<h2><span lang=\"de\">Koszty i opcje p\u0142atno\u015bci<\/span><\/h2>\n<p><img loading=\"lazy\" class=\"alignnone wp-image-264 size-full\" src=\"https:\/\/multihoster.org\/wp-content\/uploads\/2018\/05\/cost_of_uploaded.jpg\" alt=\"ceny\" width=\"1474\" height=\"667\" srcset=\"https:\/\/multihoster.org\/wp-content\/uploads\/2018\/05\/cost_of_uploaded.jpg 1474w, https:\/\/multihoster.org\/wp-content\/uploads\/2018\/05\/cost_of_uploaded-300x136.jpg 300w, https:\/\/multihoster.org\/wp-content\/uploads\/2018\/05\/cost_of_uploaded-768x348.jpg 768w, https:\/\/multihoster.org\/wp-content\/uploads\/2018\/05\/cost_of_uploaded-1024x463.jpg 1024w\" sizes=\"(max-width: 1474px) 100vw, 1474px\" \/><\/p>\n<p class=\"normal\"><span lang=\"de\">Wys\u0142any zakres podzielony jest na sze\u015b\u0107 taryf. Najta\u0144sza stawka za 48 godzin, druga najta\u0144sza za miesi\u0105c, a nast\u0119pna za trzy miesi\u0105ce. Ponadto istnieje sze\u015bciomiesi\u0119czny abonament, roczna stopa procentowa i dwuletni rachunek premiowy. <\/span><\/p>\n<p class=\"normal\"><span lang=\"de\">Otrzymujesz 48-godzinne konto za 4,99 euro. Za 9,99 euro mo\u017cna korzysta\u0107 z us\u0142ug Przesy\u0142ane przez jeden miesi\u0105c, a za 24,99 euro do trzech miesi\u0119cy. W przypadku p\u00f3\u0142rocznego abonamentu cena wzrasta tylko o 15 euro do 29,99 euro, a w przypadku rocznego abonamentu do 69,99 euro. Najlepsze warunki otrzymujesz kupuj\u0105c 2-letnie konto w cenie 99,99 euro.<\/span><\/p>\n<p class=\"normal\"><span lang=\"de\">Za przes\u0142ane konto Premium mo\u017cesz wygodnie zap\u0142aci\u0107 kart\u0105 kredytow\u0105 lub zleci\u0107 pobranie pieni\u0119dzy z konta za pomoc\u0105 polecenia zap\u0142aty. Mo\u017cliwe jest r\u00f3wnie\u017c wykupienie konta za po\u015brednictwem Paysafe, natychmiastowy przelew oraz SMS Pay i Call2Pay. Ponadto, dostawca akceptuje Bitcoins jako wa\u017cny \u015brodek p\u0142atniczy.<\/span><\/p>\n<p>&nbsp;<\/p>\n\n<table id=\"tablepress-36\" class=\"tablepress tablepress-id-36\">\n<thead>\n<tr class=\"row-1 odd\">\n\t<th class=\"column-1\">4,99 \u20ac<\/th><th class=\"column-2\">9,99 \u20ac<\/th><th class=\"column-3\">24,99 \u20ac<\/th><th class=\"column-4\">39,99 \u20ac<\/th><th class=\"column-5\">69,99 \u20ac<\/th><th class=\"column-6\">99,99 \u20ac<\/th>\n<\/tr>\n<\/thead>\n<tbody class=\"row-hover\">\n<tr class=\"row-2 even\">\n\t<td class=\"column-1\">48 godzin<\/td><td class=\"column-2\">1 miesi\u0105c<\/td><td class=\"column-3\">3 Miesi\u0105c<\/td><td class=\"column-4\">6 Miesi\u0105c<\/td><td class=\"column-5\">1 rok<\/td><td class=\"column-6\">2 lata<\/td>\n<\/tr>\n<tr class=\"row-3 odd\">\n\t<td class=\"column-1\">500 Punkt\u00f3w<\/td><td class=\"column-2\">1 000 punkt\u00f3w<\/td><td class=\"column-3\">2 000 punkt\u00f3w<\/td><td class=\"column-4\">6 000 punkt\u00f3w<\/td><td class=\"column-5\">7000 punkt\u00f3w<\/td><td class=\"column-6\">9 000 punkt\u00f3w<\/td>\n<\/tr>\n<tr class=\"row-4 even\">\n\t<td class=\"column-1\">pe\u0142na pr\u0119dko\u015b\u0107<\/td><td class=\"column-2\">pe\u0142na pr\u0119dko\u015b\u0107<\/td><td class=\"column-3\">pe\u0142na pr\u0119dko\u015b\u0107<\/td><td class=\"column-4\">pe\u0142na pr\u0119dko\u015b\u0107<\/td><td class=\"column-5\">pe\u0142na pr\u0119dko\u015b\u0107<\/td><td class=\"column-6\">pe\u0142na pr\u0119dko\u015b\u0107<\/td>\n<\/tr>\n<tr class=\"row-5 odd\">\n\t<td class=\"column-1\">Pobieranie r\u00f3wnoleg\u0142e<\/td><td class=\"column-2\">Pobieranie r\u00f3wnoleg\u0142e<\/td><td class=\"column-3\">Pobieranie r\u00f3wnoleg\u0142e<\/td><td class=\"column-4\">Pobieranie r\u00f3wnoleg\u0142e<\/td><td class=\"column-5\">Pobieranie r\u00f3wnoleg\u0142e<\/td><td class=\"column-6\">Pobieranie r\u00f3wnoleg\u0142e<\/td>\n<\/tr>\n<tr class=\"row-6 even\">\n\t<td class=\"column-1\">Brak czasu oczekiwania<\/td><td class=\"column-2\">Brak czasu oczekiwania<\/td><td class=\"column-3\">Brak czasu oczekiwania<\/td><td class=\"column-4\">Brak czasu oczekiwania<\/td><td class=\"column-5\">Brak czasu oczekiwania<\/td><td class=\"column-6\">Brak czasu oczekiwania<\/td>\n<\/tr>\n<tr class=\"row-7 odd\">\n\t<td class=\"column-1\">administracyjny<\/td><td class=\"column-2\">administracyjny<\/td><td class=\"column-3\">administracyjny<\/td><td class=\"column-4\">administracyjny<\/td><td class=\"column-5\">administracyjny<\/td><td class=\"column-6\">administracyjny<\/td>\n<\/tr>\n<tr class=\"row-8 even\">\n\t<td class=\"column-1\">z mened\u017cerem plik\u00f3w<\/td><td class=\"column-2\">z mened\u017cerem plik\u00f3w<\/td><td class=\"column-3\">z mened\u017cerem plik\u00f3w<\/td><td class=\"column-4\">z mened\u017cerem plik\u00f3w<\/td><td class=\"column-5\">z mened\u017cerem plik\u00f3w<\/td><td class=\"column-6\">z mened\u017cerem plik\u00f3w<\/td>\n<\/tr>\n<\/tbody>\n<\/table>\n<!-- #tablepress-36 from cache -->\n<p><a class=\"fasc-button fasc-size-xlarge fasc-type-glossy fasc-rounded-medium ico-fa fasc-ico-after fa-share\" style=\"background-color: #43585e; color: #ffffff;\" rel=\"nofollow\" href=\"https:\/\/multihoster.org\/uploaded\/goto\/\">Przejd\u017a do Uploaded.net<\/a><\/p>\n<h2><span lang=\"de\">Powiadomienie o ochronie prywatno\u015bci i ochrona danych<\/span><\/h2>\n<p class=\"normal\"><span lang=\"de\">W poszukiwaniu idealnego hostera plik\u00f3w czynniki ochrony danych i prywatno\u015bci odgrywaj\u0105 oczywi\u015bcie niezwykle wa\u017cn\u0105 rol\u0119 w procesie podejmowania decyzji. Dzi\u0119ki Us\u0142ugodawcy Przesy\u0142ane dane b\u0119d\u0105 traktowane bezpiecznie i poufnie. Dostawca wyja\u015bnia dok\u0142adn\u0105 obs\u0142ug\u0119 Pa\u0144stwa danych w ramach og\u00f3lnych warunk\u00f3w i wytycznych. <\/span><\/p>\n<p class=\"normal\"><span lang=\"de\">Przechowywane dane nie b\u0119d\u0105 przegl\u0105dane przez dostawc\u0119 bez porz\u0105dku prawnego. Korzystaj\u0105c z us\u0142ug Wgranych, informacje s\u0105 automatycznie przechowywane, w tym zar\u00f3wno dane osobowe w ramach rejestracji, jak i dane anonimowe, kt\u00f3re s\u0105 analizowane do cel\u00f3w statystycznych. Zgodnie z wytycznymi dotycz\u0105cymi ochrony danych dostawca zobowi\u0105zuje si\u0119 do nieprzekazywania danych osobom trzecim, chyba \u017ce istnieje obowi\u0105zek prawny.<\/span><\/p>\n<h2><span lang=\"de\">Obs\u0142uga posprzeda\u017cna<\/span><\/h2>\n<p class=\"normal\"><span lang=\"de\">Link do przes\u0142anej pomocy technicznej znajduje si\u0119 na dole strony. Stamt\u0105d dostaniesz si\u0119 do obszaru wsparcia technicznego, gdzie masz dwie opcje. Po pierwsze, mo\u017cna skontaktowa\u0107 si\u0119 bezpo\u015brednio z dzia\u0142em obs\u0142ugi klienta telefonicznie, korzystaj\u0105c z podanego numeru. Opcjonalnie mo\u017cna r\u00f3wnie\u017c wys\u0142a\u0107 pro\u015bb\u0119 na pi\u015bmie do Dzia\u0142u Obs\u0142ugi Klienta za pomoc\u0105 formularza kontaktowego.<\/span><\/p>\n<h2><span lang=\"de\">Przyjazno\u015b\u0107 dla u\u017cytkownika<\/span><\/h2>\n<p class=\"normal\"><span lang=\"de\">Po zalogowaniu si\u0119 mo\u017cesz wybra\u0107 mi\u0119dzy przesy\u0142aniem plik\u00f3w, zdalnym przesy\u0142aniem oraz przesy\u0142aniem i importem FTP. Obejmuje to informacje o koncie u\u017cytkownika, jego dochodach i abonamentach. Wy\u015bwietlany jest tu r\u00f3wnie\u017c ruch oraz u\u017cywany i dost\u0119pny no\u015bnik kopii zapasowych. Widok profilu umo\u017cliwia r\u00f3wnie\u017c aktualizacj\u0119 konta do konta premium. Powy\u017cej znajduj\u0105 si\u0119 obszary &#8222;Pliki i foldery&#8221; oraz &#8222;UDrive&#8221;.<\/span><\/p>\n<p>Dostawca mo\u017ce otrzyma\u0107 ma\u0142y minus za to, \u017ce na stronie nie ma funkcji wyszukiwania bezpo\u015bredniego. Na tym etapie jednak inne us\u0142ugi, takie jak Szybka Wyszukiwarka lub Us\u0142uga <a href=\"http:\/\/ddlsearch.free.fr\/\" target=\"_blank\" rel=\"noopener\">DDL Wyszukiwanie bez ogranicze\u0144<\/a> <span lang=\"de\">mo\u017ce by\u0107 u\u017cyty.<\/span><\/p>\n<h2><span lang=\"de\">Zalety konta Premium<\/span><\/h2>\n<p class=\"normal\"><span lang=\"de\">Konto Premium pozwala na korzystanie z us\u0142ug Przesy\u0142anych z maksymaln\u0105 pr\u0119dko\u015bci\u0105 i jednoczesne rozpoczynanie kilku pobra\u0144 bez \u017cadnych ogranicze\u0144. Pobieranie rozpoczyna si\u0119 natychmiast i bez reklamy. W mened\u017cerze plik\u00f3w mo\u017cna zarz\u0105dza\u0107 przesy\u0142anymi plikami, kt\u00f3re maj\u0105 nieograniczon\u0105 trwa\u0142o\u015b\u0107.<\/span><\/p>\n<h2><span lang=\"de\">Nasz wniosek o dostawcy Wys\u0142any<\/span><\/h2>\n<p class=\"normal\"><span lang=\"de\">Us\u0142ugodawca Wysy\u0142any mo\u017ce przekona\u0107 w kontek\u015bcie ochrony danych i prywatno\u015bci z wysokim stopniem bezpiecze\u0144stwa i oferuje szeroki asortyment taryf w uzupe\u0142nieniu do bezp\u0142atnego konta. Przede wszystkim wyr\u00f3\u017cnia si\u0119 48-godzinna stawka, kt\u00f3ra jest ju\u017c dost\u0119pna od 4,99 euro. Ciekawe s\u0105 r\u00f3wnie\u017c taryfy dla klient\u00f3w korporacyjnych, kt\u00f3re oferowane s\u0105 tylko przez kilku hoster\u00f3w plik\u00f3w.<\/span><\/p>\n<p>Strona jest przejrzysta i dobrze ustrukturyzowana zar\u00f3wno przed jak i po zalogowaniu. W razie jakichkolwiek pyta\u0144 prosimy o kontakt telefoniczny z naszym dzia\u0142em obs\u0142ugi klienta i formularz kontaktowy.<\/p>\n<p>Je\u015bli wybierzesz Przesy\u0142ane konto Premium, istnieje pi\u0119\u0107 innych metod p\u0142atno\u015bci opr\u00f3cz karty kredytowej, polecenia zap\u0142aty i Bitcoin.<\/p>\n<p>Przed zakupem przes\u0142anego Konta zalecamy przeszukanie Internetu pod k\u0105tem przes\u0142anych kupon\u00f3w. Mo\u017cna je zawsze znale\u017a\u0107 bezpo\u015brednio na blogu lub innych stronach internetowych. Po prostu wpisz w przegl\u0105darce s\u0142owo kluczowe &#8222;Wgrany kupon&#8221;, aby skorzysta\u0107 z lepszej ceny przy zakupie Wgranego konta Premium.<\/p>\n<p><a class=\"fasc-button fasc-size-xlarge fasc-type-glossy fasc-rounded-medium ico-fa fasc-ico-after fa-share\" style=\"background-color: #43585e; color: #ffffff;\" rel=\"nofollow\" href=\"https:\/\/multihoster.org\/uploaded\/goto\/\">Przejd\u017a do Uploaded.net<\/a><\/p>\n","protected":false},"excerpt":{"rendered":"<p>Dostawca Za\u0142adowany jest dostawca us\u0142ugi przechowywania chmura, kt\u00f3ra pochodzi ze Szwajcarii i oferuje wirtualn\u0105 przestrze\u0144 przechowywania, na kt\u00f3rej u\u017cytkownicy mog\u0105<\/p>\n","protected":false},"author":2,"featured_media":0,"parent":0,"menu_order":0,"comment_status":"closed","ping_status":"closed","template":"","meta":[],"yoast_head":"<!-- This site is optimized with the Yoast SEO plugin v18.3 - https:\/\/yoast.com\/wordpress\/plugins\/seo\/ -->\n<title>lll\u25b7 Uploaded Premium Account powa\u017cne czy nie? Test na Multihoster.org<\/title>\n<meta name=\"description\" content=\"Czy firma Uploaded jest renomowanym dostawc\u0105, czy te\u017c nie? Odpowied\u017a na to pytanie mo\u017cna znale\u017a\u0107 w aktualnym te\u015bcie na stronie Multihoster.org \u279c Teraz kliknij \u271a, aby zapozna\u0107 si\u0119 z naszymi do\u015bwiadczeniami!\" \/>\n<meta name=\"robots\" content=\"index, follow, max-snippet:-1, max-image-preview:large, max-video-preview:-1\" \/>\n<link rel=\"canonical\" href=\"https:\/\/multihoster.org\/pl\/uploaded\/\" \/>\n<meta property=\"og:locale\" content=\"pl_PL\" \/>\n<meta property=\"og:type\" content=\"article\" \/>\n<meta property=\"og:title\" content=\"lll\u25b7 Uploaded Premium Account powa\u017cne czy nie? Test na Multihoster.org\" \/>\n<meta property=\"og:description\" content=\"Czy firma Uploaded jest renomowanym dostawc\u0105, czy te\u017c nie? Odpowied\u017a na to pytanie mo\u017cna znale\u017a\u0107 w aktualnym te\u015bcie na stronie Multihoster.org \u279c Teraz kliknij \u271a, aby zapozna\u0107 si\u0119 z naszymi do\u015bwiadczeniami!\" \/>\n<meta property=\"og:url\" content=\"https:\/\/multihoster.org\/pl\/uploaded\/\" \/>\n<meta property=\"og:site_name\" content=\"Multihoster.org\" \/>\n<meta property=\"article:modified_time\" content=\"2018-09-12T08:02:26+00:00\" \/>\n<meta property=\"og:image\" content=\"https:\/\/multihoster.org\/wp-content\/uploads\/2018\/05\/uploaded_logo.jpg\" \/>\n<meta name=\"twitter:card\" content=\"summary\" \/>\n<meta name=\"twitter:label1\" content=\"Szacowany czas czytania\" \/>\n\t<meta name=\"twitter:data1\" content=\"6 minut\" \/>\n<script type=\"application\/ld+json\" class=\"yoast-schema-graph\">{\"@context\":\"https:\/\/schema.org\",\"@graph\":[{\"@type\":\"WebSite\",\"@id\":\"https:\/\/multihoster.org\/#website\",\"url\":\"https:\/\/multihoster.org\/\",\"name\":\"Multihoster.org\",\"description\":\"Reviews of the major Filehosting services\",\"potentialAction\":[{\"@type\":\"SearchAction\",\"target\":{\"@type\":\"EntryPoint\",\"urlTemplate\":\"https:\/\/multihoster.org\/?s={search_term_string}\"},\"query-input\":\"required name=search_term_string\"}],\"inLanguage\":\"pl-PL\"},{\"@type\":\"ImageObject\",\"@id\":\"https:\/\/multihoster.org\/pl\/uploaded\/#primaryimage\",\"inLanguage\":\"pl-PL\",\"url\":\"https:\/\/multihoster.org\/wp-content\/uploads\/2018\/05\/uploaded_logo.jpg\",\"contentUrl\":\"https:\/\/multihoster.org\/wp-content\/uploads\/2018\/05\/uploaded_logo.jpg\",\"width\":675,\"height\":394},{\"@type\":\"WebPage\",\"@id\":\"https:\/\/multihoster.org\/pl\/uploaded\/#webpage\",\"url\":\"https:\/\/multihoster.org\/pl\/uploaded\/\",\"name\":\"lll\u25b7 Uploaded Premium Account powa\u017cne czy nie? Test na Multihoster.org\",\"isPartOf\":{\"@id\":\"https:\/\/multihoster.org\/#website\"},\"primaryImageOfPage\":{\"@id\":\"https:\/\/multihoster.org\/pl\/uploaded\/#primaryimage\"},\"datePublished\":\"2018-05-22T17:14:39+00:00\",\"dateModified\":\"2018-09-12T08:02:26+00:00\",\"description\":\"Czy firma Uploaded jest renomowanym dostawc\u0105, czy te\u017c nie? Odpowied\u017a na to pytanie mo\u017cna znale\u017a\u0107 w aktualnym te\u015bcie na stronie Multihoster.org \u279c Teraz kliknij \u271a, aby zapozna\u0107 si\u0119 z naszymi do\u015bwiadczeniami!\",\"breadcrumb\":{\"@id\":\"https:\/\/multihoster.org\/pl\/uploaded\/#breadcrumb\"},\"inLanguage\":\"pl-PL\",\"potentialAction\":[{\"@type\":\"ReadAction\",\"target\":[\"https:\/\/multihoster.org\/pl\/uploaded\/\"]}]},{\"@type\":\"BreadcrumbList\",\"@id\":\"https:\/\/multihoster.org\/pl\/uploaded\/#breadcrumb\",\"itemListElement\":[{\"@type\":\"ListItem\",\"position\":1,\"name\":\"Startseite\",\"item\":\"https:\/\/multihoster.org\/pl\/\"},{\"@type\":\"ListItem\",\"position\":2,\"name\":\"Uploaded Premium Account &#8211; Filehoster w skr\u00f3cie\"}]}]}<\/script>\n<!-- \/ Yoast SEO plugin. -->","yoast_head_json":{"title":"lll\u25b7 Uploaded Premium Account powa\u017cne czy nie? Test na Multihoster.org","description":"Czy firma Uploaded jest renomowanym dostawc\u0105, czy te\u017c nie? Odpowied\u017a na to pytanie mo\u017cna znale\u017a\u0107 w aktualnym te\u015bcie na stronie Multihoster.org \u279c Teraz kliknij \u271a, aby zapozna\u0107 si\u0119 z naszymi do\u015bwiadczeniami!","robots":{"index":"index","follow":"follow","max-snippet":"max-snippet:-1","max-image-preview":"max-image-preview:large","max-video-preview":"max-video-preview:-1"},"canonical":"https:\/\/multihoster.org\/pl\/uploaded\/","og_locale":"pl_PL","og_type":"article","og_title":"lll\u25b7 Uploaded Premium Account powa\u017cne czy nie? Test na Multihoster.org","og_description":"Czy firma Uploaded jest renomowanym dostawc\u0105, czy te\u017c nie? Odpowied\u017a na to pytanie mo\u017cna znale\u017a\u0107 w aktualnym te\u015bcie na stronie Multihoster.org \u279c Teraz kliknij \u271a, aby zapozna\u0107 si\u0119 z naszymi do\u015bwiadczeniami!","og_url":"https:\/\/multihoster.org\/pl\/uploaded\/","og_site_name":"Multihoster.org","article_modified_time":"2018-09-12T08:02:26+00:00","og_image":[{"url":"https:\/\/multihoster.org\/wp-content\/uploads\/2018\/05\/uploaded_logo.jpg"}],"twitter_card":"summary","twitter_misc":{"Szacowany czas czytania":"6 minut"},"schema":{"@context":"https:\/\/schema.org","@graph":[{"@type":"WebSite","@id":"https:\/\/multihoster.org\/#website","url":"https:\/\/multihoster.org\/","name":"Multihoster.org","description":"Reviews of the major Filehosting services","potentialAction":[{"@type":"SearchAction","target":{"@type":"EntryPoint","urlTemplate":"https:\/\/multihoster.org\/?s={search_term_string}"},"query-input":"required name=search_term_string"}],"inLanguage":"pl-PL"},{"@type":"ImageObject","@id":"https:\/\/multihoster.org\/pl\/uploaded\/#primaryimage","inLanguage":"pl-PL","url":"https:\/\/multihoster.org\/wp-content\/uploads\/2018\/05\/uploaded_logo.jpg","contentUrl":"https:\/\/multihoster.org\/wp-content\/uploads\/2018\/05\/uploaded_logo.jpg","width":675,"height":394},{"@type":"WebPage","@id":"https:\/\/multihoster.org\/pl\/uploaded\/#webpage","url":"https:\/\/multihoster.org\/pl\/uploaded\/","name":"lll\u25b7 Uploaded Premium Account powa\u017cne czy nie? Test na Multihoster.org","isPartOf":{"@id":"https:\/\/multihoster.org\/#website"},"primaryImageOfPage":{"@id":"https:\/\/multihoster.org\/pl\/uploaded\/#primaryimage"},"datePublished":"2018-05-22T17:14:39+00:00","dateModified":"2018-09-12T08:02:26+00:00","description":"Czy firma Uploaded jest renomowanym dostawc\u0105, czy te\u017c nie? Odpowied\u017a na to pytanie mo\u017cna znale\u017a\u0107 w aktualnym te\u015bcie na stronie Multihoster.org \u279c Teraz kliknij \u271a, aby zapozna\u0107 si\u0119 z naszymi do\u015bwiadczeniami!","breadcrumb":{"@id":"https:\/\/multihoster.org\/pl\/uploaded\/#breadcrumb"},"inLanguage":"pl-PL","potentialAction":[{"@type":"ReadAction","target":["https:\/\/multihoster.org\/pl\/uploaded\/"]}]},{"@type":"BreadcrumbList","@id":"https:\/\/multihoster.org\/pl\/uploaded\/#breadcrumb","itemListElement":[{"@type":"ListItem","position":1,"name":"Startseite","item":"https:\/\/multihoster.org\/pl\/"},{"@type":"ListItem","position":2,"name":"Uploaded Premium Account &#8211; Filehoster w skr\u00f3cie"}]}]}},"_links":{"self":[{"href":"https:\/\/multihoster.org\/pl\/wp-json\/wp\/v2\/pages\/468"}],"collection":[{"href":"https:\/\/multihoster.org\/pl\/wp-json\/wp\/v2\/pages"}],"about":[{"href":"https:\/\/multihoster.org\/pl\/wp-json\/wp\/v2\/types\/page"}],"author":[{"embeddable":true,"href":"https:\/\/multihoster.org\/pl\/wp-json\/wp\/v2\/users\/2"}],"replies":[{"embeddable":true,"href":"https:\/\/multihoster.org\/pl\/wp-json\/wp\/v2\/comments?post=468"}],"version-history":[{"count":6,"href":"https:\/\/multihoster.org\/pl\/wp-json\/wp\/v2\/pages\/468\/revisions"}],"predecessor-version":[{"id":1437,"href":"https:\/\/multihoster.org\/pl\/wp-json\/wp\/v2\/pages\/468\/revisions\/1437"}],"wp:attachment":[{"href":"https:\/\/multihoster.org\/pl\/wp-json\/wp\/v2\/media?parent=468"}],"curies":[{"name":"wp","href":"https:\/\/api.w.org\/{rel}","templated":true}]}}