{"id":4969,"date":"2020-07-01T14:33:40","date_gmt":"2020-07-01T14:33:40","guid":{"rendered":"https:\/\/multihoster.org\/?page_id=4969"},"modified":"2020-07-03T11:55:23","modified_gmt":"2020-07-03T11:55:23","slug":"bigrock","status":"publish","type":"page","link":"https:\/\/multihoster.org\/pl\/bigrock\/","title":{"rendered":"BigRock Web Hosting: Czy ma solidny fundament rockowy?"},"content":{"rendered":"\n<p>BigRock jest wiod\u0105cym dostawc\u0105 us\u0142ug hostingowych dla firm, specjalist\u00f3w i os\u00f3b prywatnych na ca\u0142ym \u015bwiecie. Zacz\u0119\u0142o si\u0119 w Indiach, a nast\u0119pnie rozszerzy\u0142o i sta\u0142o si\u0119 cz\u0119\u015bci\u0105 firmy Endurance International Group (EIG), kt\u00f3ra dostarcza nam narz\u0119dzia internetowe potrzebne do kompleksowej obs\u0142ugi rynku. Ceny s\u0105 idealne dla ma\u0142ych firm, co czyni nas jednym z niewielu dost\u0119pnych tanich host\u00f3w internetowych. Ta platforma produktowa inwestuje w badania i rozw\u00f3j technologii i jest obecna w tej bran\u017cy od ponad 10 lat z klientami na ca\u0142ym \u015bwiecie do ponad 6 milion\u00f3w domen.<\/p>\n\n\n<a class=\"maxbutton-4 maxbutton maxbutton-cta\" target=\"_blank\" rel=\"nofollow noopener\" href=\"\/go\/\"><span class='mb-text'>Webhosting<\/span><\/a>\n\n\n<p><\/p>\n\n\n\n<h2><strong>BigRock i jego funkcje<\/strong><\/h2>\n\n\n\n<ul><li>Efektywne rozwi\u0105zania w zakresie obecno\u015bci w sieci.<\/li><li>DIY Website Builder, kt\u00f3ry pomo\u017ce Ci uzyska\u0107 darmowe szablony do projektowania swojej strony internetowej.<\/li><li>W\u0142\u0105czenie dodatkowych produkt\u00f3w: Dost\u0119p SSH, 99,99% gwarancja uptime Bigrock, Python, hot powerful Linux hosting, Evenodd, CS-cart, nawigacja toggle, du\u017ca przepustowo\u015b\u0107 i ilo\u015b\u0107 miejsca na dysku, wyszukiwarka nazw domen, lokalizacja serwera, interfejs u\u017cytkownika, zarz\u0105dzanie DNS, i wiele innych.<\/li><li>Dost\u0119pne s\u0105 dodatki do transferu danych rejestracyjnych.<\/li><li>Dostawcy nazw domen i eksperci.<\/li><li>Wspania\u0142e narz\u0119dzia bezpiecze\u0144stwa: Big rocks&#8217; protection links z 1) certyfikatami SSL do przechowywania informacji o stronie internetowej, to\u017csamo\u015bci osobistej, takiej jak informacje o karcie kredytowej, 2) Sitelock do ochrony strony przed hakerami, 3) RAID 10 do tworzenia kopii zapasowych baz danych. 4) Bezpiecze\u0144stwo w chmurze, kt\u00f3ra skanuje stron\u0119 internetow\u0105, rozwi\u0105zuje problem z\u0142o\u015bliwego oprogramowania i innych luk w zabezpieczeniach.<\/li><li>ICANN-akredytowana.<\/li><li>Dost\u0119p g\u0142\u00f3wny.<\/li><li>Nara\u017cenie na dzia\u0142anie wyszukiwarek internetowych.<\/li><li>30-dniowa gwarancja zwrotu pieni\u0119dzy na przetestowanie systemu w pierwszej kolejno\u015bci. (Uwaga: Tylko jednorazowy zwrot pieni\u0119dzy)<\/li><li>Grupy wsparcia 24\/7 oraz dedykowany zesp\u00f3\u0142 hosta, kt\u00f3ry skontaktuje si\u0119 z Tob\u0105 w celu podj\u0119cia dzia\u0142a\u0144 i udzielenia pomocy przez telefon, czat wsparcia lub e-mail w przypadku wyst\u0105pienia problem\u00f3w. Mo\u017cesz nawet skontaktowa\u0107 si\u0119 z Crystal Hesmer, dyrektorem wykonawczym.<\/li><\/ul>\n\n\n\n<h2>Us\u0142ugi w zakresie domen<\/h2>\n\n\n\n<ul><li>Wyszukiwanie domen<\/li><li>Rejestracja domen<\/li><li>Transfer domeny<\/li><\/ul>\n\n\n\n<p>Aby uregulowa\u0107 korzystanie z planu hostingowego, trzeba zda\u0107 sobie spraw\u0119 z wagi rejestracji domeny. Je\u015bli posiadasz ju\u017c jedn\u0105 nazw\u0119 domeny, mo\u017cesz po prostu przenie\u015b\u0107 j\u0105 do nas. Je\u015bli nie, us\u0142ugi firmy w zakresie rejestracji domen mog\u0105 da\u0107 Ci list\u0119 dost\u0119pno\u015bci doskona\u0142ych nazw domen, w kt\u00f3rej mo\u017cesz zarejestrowa\u0107 nazw\u0119 domeny. Na jedn\u0105 nazw\u0119 domeny mo\u017cna wykupi\u0107 tylko jeden plan hostingowy poczty elektronicznej lub plan budowy strony internetowej. Je\u015bli potrzebujesz dw\u00f3ch lub wi\u0119cej takich plan\u00f3w dla swojej przegl\u0105darki, b\u0119dziesz musia\u0142 zarejestrowa\u0107 si\u0119 u nas na inn\u0105 nazw\u0119 domeny. Ceny zale\u017c\u0105 od rozszerze\u0144 domeny, z kt\u00f3rych chcesz skorzysta\u0107, takich jak .me za 6,99$, .us za 8,1$, .in za 10,59$, .net za 12,50$, .biz za 21,00$, .press za 72,37$.<\/p>\n\n\n\n<p><strong>Inne rozszerzenia nazw domen dost\u0119pne w Bigrocku:<\/strong><\/p>\n\n\n\n<p>.store .biz .website .net .place .solutions .host .session .way .life .news .claims .guide .reviews .expert .blog .directory .menu .events .london .review .city .sales .boats .fish .win .technology .management .nc .top .info .data .rest .enterprises .partners .media .club .asia .design church .limo .catering .finance .cafe .family .deals .tours .forsale .rehab .bargains .net.nz .dog .singles .buzz .plus .property .contractors .racing .vin .town .graphics .house .florist .democrat .furniture .software .works .vision .pub .computer .jobs .ventures .cricket .guru .blackfriday .fishing .creditcard .care .style .reisen .sarl .wiki .gallery .video .accountant .consulting .associates .center .zone .audio .guitars .dating .loans .vodka .lighting .studio .clothing .camp .football .viajes .download .farm .travel .toys .cab .surgery .pink .coffee .soccer .evenodd .cruises .equipment .gripe .construction .ooo .lease .men .cash .bar .restaurant .flights .education .hiphop .exchange .properties .gmbh .party .science .tattoo .network .fund .rodeo .rule .productions .watch .hockey .pics .cooking .bike .ninja .horse .clinic .supplies .voyage .careers .cleaning .schule .degree .diamonds .vacations .codes .estate .ink .industries .auction .fitness .delivery .engineering .plumbing .trade .rip .red .webcam .faith .healthcare .institute .boutique .coach .wine .vet .photo .capital .accountants .land .games .futbol .startups .ngo .gift .school .repair .dance .investments .memorial .coupons .report .actor .mortgage .golf .agency .pictures .cake .photography .holdings .tienda .theater .glass .loan .tennis .villas .parts .apartments .tokyo .salon .camera .tax .bid .condos .taxi .wtf .rentals .immobilien .diet .pizza .career .gifts .tips .engineer .jewelry .luxury .kitchen .university .bingo .recipes . academy .sale .convenience .ws .community .training .mba .shoes .builders .work .tv .link .photos .help .name<\/p>\n\n\n\n<h2>Rodzaje hostingu BigRock<\/h2>\n\n\n\n<p>5 rodzaj\u00f3w plan\u00f3w hostingowych s\u0105 nast\u0119puj\u0105ce:<\/p>\n\n\n\n<h3>Hosting wsp\u00f3\u0142dzielony<\/h3>\n\n\n\n<p>Ten plan wsp\u00f3\u0142dzieli operacje z systemami zarz\u0105dzania tre\u015bci\u0105, takimi jak Drupal i Windows. Shared Hosting ma plany, kt\u00f3re dadz\u0105 Ci nieograniczone wykorzystanie do przechowywania, wiadomo\u015bci, przepustowo\u015b\u0107, panel sterowania cPanel lub panel sterowania Plesk, i wiele stron internetowych w zale\u017cno\u015bci od planu, kt\u00f3ry skorzysta\u0142e\u015b.<\/p>\n\n\n\n<h3>Hosting specjalistyczny<\/h3>\n\n\n\n<p>Ten plan zawiera WordPress, CMS, Evenodd i e-commerce.<\/p>\n\n\n\n<h3>Reseller Hosting<\/h3>\n\n\n\n<p>Dzi\u0119ki temu resellerskiemu hostingowi mog\u0105 Pa\u0144stwo zarabia\u0107 na udost\u0119pnianiu innym us\u0142ug hostingowych podczas korzystania z serwer\u00f3w i us\u0142ug Bigrock. Ma to cztery zakresy cenowe z r\u00f3\u017cnymi opcjami.<\/p>\n\n\n\n<h3>Hosting w chmurze<\/h3>\n\n\n\n<p>Jest to bardziej rozbudowany plan hostingowy, w kt\u00f3rym otrzymujesz w\u0142asne zasoby dedykowane z serwera w chmurze. Jest on przeznaczony dla ma\u0142ej platformy i posiada akcelerator internetowy.<\/p>\n\n\n\n<h3>VPS Hosting<\/h3>\n\n\n\n<p>Wi\u0105\u017ce si\u0119 to z pewn\u0105 ilo\u015bci\u0105 miejsca na dysku i szeroko\u015bci\u0105 pasma. Obejmuje on dystrybucje Linuksa, automatyczne prze\u0142\u0105czanie awaryjne, szybkie dyski SSD, ochron\u0119 DDoS, us\u0142ugi p\u00f3\u0142zarz\u0105dzane i inne.<\/p>\n\n\n\n<h3>Us\u0142ugi hostingu internetowego:<\/h3>\n\n\n\n<ul><li>Linux i Windows Hosting<\/li><li>Hosting WordPress i CMS<\/li><li>E-Commerce Hosting, Reseller Hosting z Zencartem<\/li><li>Joomla Hosting<\/li><li>i wi\u0119cej\u2026<\/li><\/ul>\n\n\n\n<p>(Us\u0142ugi oferowane do kraju: India Global USA i zasila oko\u0142o 6 milion\u00f3w stron internetowych klient\u00f3w biznesowych)<\/p>\n\n\n\n<h3>Wy\u015blij plan hostingowy:<\/h3>\n\n\n\n<p>Uzyska\u0107 hosting e-mail, aby mie\u0107 oficjalny adres e-mail oparty na domenie. Jest to oferowane do ma\u0142ych firm profesjonalist\u00f3w, zw\u0142aszcza dla w\u0142a\u015bcicieli ma\u0142ych firm, wi\u0119c maj\u0105 nieograniczone adresy e-mail \/ og\u0142oszenia e-mail dla swoich wielu klient\u00f3w.<\/p>\n\n\n\n<h2>Zarejestruj konto<\/h2>\n\n\n\n<p>Zak\u0142adaj\u0105c konto, musz\u0105 Pa\u0144stwo najpierw zaakceptowa\u0107 warunki korzystania z serwisu Big Rock, polityk\u0119 prywatno\u015bci i prawa autorskie. Obs\u0142ugiwane opcje p\u0142atno\u015bci s\u0105 zgodne z prawami autorskimi akredytowanych przez ICANN rejestrator\u00f3w. Sposoby p\u0142atno\u015bci to indyjskie karty debetowe i bankowo\u015b\u0107 netto. Big rock posiada specjaln\u0105 ofert\u0119 i co jaki\u015b czas otrzymuje kupon rabatowy.<\/p>\n\n\n<a class=\"maxbutton-4 maxbutton maxbutton-cta\" target=\"_blank\" rel=\"nofollow noopener\" href=\"\/go\/\"><span class='mb-text'>Webhosting<\/span><\/a>\n\n\n<p><\/p>\n\n\n\n<h2>Jaka jest granica &#8222;nieograniczona&#8221;?<\/h2>\n\n\n\n<p>Mimo, \u017ce big rock nie ma ustalonych limit\u00f3w, to jednak w pewnych warunkach u\u017cytkownik mo\u017ce zosta\u0107 poproszony o aktualizacj\u0119, je\u015bli liczba serwer\u00f3w lub przepustowo\u015b\u0107 jest nadu\u017cywana. Oto dopuszczalne wykorzystanie ogranicze\u0144:<\/p>\n\n\n\n<ul><li>Twoja strona nie powinna zatrudnia\u0107 wi\u0119cej ni\u017c 25% zasob\u00f3w serwera w czasie d\u0142u\u017cszym ni\u017c 90 sekund. W przypadku przekroczenia wykorzystania serwera i przepustowo\u015bci, zostanie wys\u0142any do Ciebie system powiadomie\u0144. Big Rock mo\u017ce zawiesi\u0107 Pa\u0144stwa konto, je\u015bli korzystanie z zasob\u00f3w ma wp\u0142yw na innych u\u017cytkownik\u00f3w na tym samym serwerze.<\/li><li>Hosting stron internetowych nie jest przeznaczony do przechowywania i udost\u0119pniania plik\u00f3w.<\/li><\/ul>\n\n\n\n<h2>Informacje zwrotne od klient\u00f3w<\/h2>\n\n\n\n<ul><li>Hello, with the big rock I was able to make a business website through Satyajit Chitale BigRock without any hassles even if I have zero web building experience and no idea in programming. In addition, my business partners had impressive experiences with the infrastructure and services of the big rock. (Mohsin Khan)<\/li><li>Hello! My favorite from the DIY package I purchased is Vikrant Sharma BigRock DIY sitebuilder. I only spent a low value of $8.1 to $72.37 as compared when I hired Khalid Bashir Khan My as my website designer before. (Ajay Chauhan)<\/li><li>Hello, I would say this is the best decision I made for my job. Thanks to Bigrock I was able to connect with plenty of companies located in Canada and California and gain contracts from them. Now I am acing the competition in online marketing! (Rishabh Pugalia)<\/li><\/ul>\n\n\n\n<h2>Coroczny Turniej Big Rock<\/h2>\n\n\n\n<p>Coroczny Turniej Big Rock odb\u0119dzie si\u0119 w Morehead City w P\u00f3\u0142nocnej Karolinie w dniach 5-13 czerwca 2020 roku. Jest to wielki sportowy turniej w\u0119dkarski po\u0142\u0105czony z rywalizacj\u0105 na \u0142odziach rybackich z misj\u0105 zarobienia \u015brodk\u00f3w na pomoc i zaspokojenie potrzeb wielu os\u00f3b. Je\u015bli chcesz prze\u017cy\u0107 zawody i uzyska\u0107 du\u017co akcji, zarejestruj swoje \u0142odzie do tego wielkiego turnieju bigrockowego na jego oficjalnej stronie internetowej, a nast\u0119pnie post\u0119puj zgodnie z podanymi zasadami i warunkami.<\/p>\n\n\n\n<p>Aby zam\u00f3wi\u0107 markowe produkty koszulkowe, zdj\u0119cia kraju, dostaw\u0119 bigrocka, lub w przypadku pyta\u0144 i w\u0105tpliwo\u015bci dotycz\u0105cych corocznego turnieju big rockowego, mo\u017cesz skontaktowa\u0107 si\u0119 z nami lub wys\u0142a\u0107 do nas e-mail:<\/p>\n\n\n\n<ul><li>The Big Rock Blue Marlin Tournament 710 Evans Street, Morehead City, NC 28557 Ext. Big Rock Retail Store.<\/li><li>Big Rock Retail Store, Ext. 1 Crystal Hesmer, Executive Director, 252-241-1515 (Toll-Free)<\/li><li>710 Evans Street, Morehead City, NC 28557 Biuro (252) 247-3575 (Toll-Free) | bigrock.com<\/li><li>Zesp\u00f3\u0142 Sprzeda\u017cy z Zastrze\u017conymi Prawami: 1-888-924-4762 (Toll Free)<\/li><li>Email na bigrock.com<\/li><\/ul>\n\n\n\n<h2>Werdykt ko\u0144cowy: To jest wygrana!<\/h2>\n\n\n\n<p>BigRock naprawd\u0119 stoi do swojej nazwy, \u017ce jest to solidne podej\u015bcie jako dostawca hosta strony internetowej do wielu domen. Jego produkty s\u0105 warte inwestycji, poniewa\u017c udowadnia na swoich warunkach i doskona\u0142\u0105 wydajno\u015b\u0107 w hostingu nowych stron internetowych. W rzeczywisto\u015bci, masz wystarczaj\u0105co du\u017co powod\u00f3w powy\u017cej, aby wzi\u0105\u0107 to jako opcja.<\/p>\n\n\n\n<h2>Najcz\u0119\u015bciej zadawane pytania<\/h2>\n\n\n\n<h3>Jaki jest tw\u00f3j plan najlepiej sprzedaj\u0105cych si\u0119 gospodarzy internetowych?<\/h3>\n\n\n\n<p>Starter pack, kt\u00f3ry jest najlepszy do u\u017cytku osobistego ma 50.000 odwiedzaj\u0105cych miesi\u0119cznie, Advanced pack u\u017cywany przez web deweloper\u00f3w ma 75.000 odwiedzaj\u0105cych, natomiast Business pack najlepszy dla firm ma 1.00.000 klient\u00f3w.<\/p>\n\n\n\n<h3>Czy mog\u0119 przenie\u015b\u0107 e-maile do G suite?<\/h3>\n\n\n\n<p>Tak. Instrukcje s\u0105 podane na ich stronie internetowej w Bazie Wiedzy.<\/p>\n\n\n\n<h3>Czy musz\u0119 p\u0142aci\u0107 przy aktualizacji?<\/h3>\n\n\n\n<p>Cena aktualizacji b\u0119dzie kosztowa\u0107 tylko troch\u0119 r\u00f3\u017cnicy w cenie planu i mo\u017cna \u0142atwo doda\u0107 go do koszyka.<\/p>\n\n\n<a class=\"maxbutton-4 maxbutton maxbutton-cta\" target=\"_blank\" rel=\"nofollow noopener\" href=\"\/go\/\"><span class='mb-text'>Webhosting<\/span><\/a>\n\n\n<p><\/p>\n","protected":false},"excerpt":{"rendered":"<p>BigRock jest wiod\u0105cym dostawc\u0105 us\u0142ug hostingowych dla firm, specjalist\u00f3w i os\u00f3b prywatnych na ca\u0142ym \u015bwiecie. Zacz\u0119\u0142o si\u0119 w Indiach, a<\/p>\n","protected":false},"author":2,"featured_media":0,"parent":0,"menu_order":0,"comment_status":"closed","ping_status":"closed","template":"","meta":[],"yoast_head":"<!-- This site is optimized with the Yoast SEO plugin v18.3 - https:\/\/yoast.com\/wordpress\/plugins\/seo\/ -->\n<title>BigRock Web Hosting: Czy ma solidny fundament rockowy?<\/title>\n<meta name=\"robots\" content=\"index, follow, max-snippet:-1, max-image-preview:large, max-video-preview:-1\" \/>\n<link rel=\"canonical\" href=\"https:\/\/multihoster.org\/pl\/bigrock\/\" \/>\n<meta property=\"og:locale\" content=\"pl_PL\" \/>\n<meta property=\"og:type\" content=\"article\" \/>\n<meta property=\"og:title\" content=\"BigRock Web Hosting: Czy ma solidny fundament rockowy?\" \/>\n<meta property=\"og:description\" content=\"BigRock jest wiod\u0105cym dostawc\u0105 us\u0142ug hostingowych dla firm, specjalist\u00f3w i os\u00f3b prywatnych na ca\u0142ym \u015bwiecie. Zacz\u0119\u0142o si\u0119 w Indiach, a\" \/>\n<meta property=\"og:url\" content=\"https:\/\/multihoster.org\/pl\/bigrock\/\" \/>\n<meta property=\"og:site_name\" content=\"Multihoster.org\" \/>\n<meta property=\"article:modified_time\" content=\"2020-07-03T11:55:23+00:00\" \/>\n<meta name=\"twitter:card\" content=\"summary\" \/>\n<meta name=\"twitter:label1\" content=\"Szacowany czas czytania\" \/>\n\t<meta name=\"twitter:data1\" content=\"8 minut\" \/>\n<script type=\"application\/ld+json\" class=\"yoast-schema-graph\">{\"@context\":\"https:\/\/schema.org\",\"@graph\":[{\"@type\":\"WebSite\",\"@id\":\"https:\/\/multihoster.org\/#website\",\"url\":\"https:\/\/multihoster.org\/\",\"name\":\"Multihoster.org\",\"description\":\"Reviews of the major Filehosting services\",\"potentialAction\":[{\"@type\":\"SearchAction\",\"target\":{\"@type\":\"EntryPoint\",\"urlTemplate\":\"https:\/\/multihoster.org\/?s={search_term_string}\"},\"query-input\":\"required name=search_term_string\"}],\"inLanguage\":\"pl-PL\"},{\"@type\":\"WebPage\",\"@id\":\"https:\/\/multihoster.org\/pl\/bigrock\/#webpage\",\"url\":\"https:\/\/multihoster.org\/pl\/bigrock\/\",\"name\":\"BigRock Web Hosting: Czy ma solidny fundament rockowy?\",\"isPartOf\":{\"@id\":\"https:\/\/multihoster.org\/#website\"},\"datePublished\":\"2020-07-01T14:33:40+00:00\",\"dateModified\":\"2020-07-03T11:55:23+00:00\",\"breadcrumb\":{\"@id\":\"https:\/\/multihoster.org\/pl\/bigrock\/#breadcrumb\"},\"inLanguage\":\"pl-PL\",\"potentialAction\":[{\"@type\":\"ReadAction\",\"target\":[\"https:\/\/multihoster.org\/pl\/bigrock\/\"]}]},{\"@type\":\"BreadcrumbList\",\"@id\":\"https:\/\/multihoster.org\/pl\/bigrock\/#breadcrumb\",\"itemListElement\":[{\"@type\":\"ListItem\",\"position\":1,\"name\":\"Startseite\",\"item\":\"https:\/\/multihoster.org\/pl\/\"},{\"@type\":\"ListItem\",\"position\":2,\"name\":\"BigRock Web Hosting: Czy ma solidny fundament rockowy?\"}]}]}<\/script>\n<!-- \/ Yoast SEO plugin. -->","yoast_head_json":{"title":"BigRock Web Hosting: Czy ma solidny fundament rockowy?","robots":{"index":"index","follow":"follow","max-snippet":"max-snippet:-1","max-image-preview":"max-image-preview:large","max-video-preview":"max-video-preview:-1"},"canonical":"https:\/\/multihoster.org\/pl\/bigrock\/","og_locale":"pl_PL","og_type":"article","og_title":"BigRock Web Hosting: Czy ma solidny fundament rockowy?","og_description":"BigRock jest wiod\u0105cym dostawc\u0105 us\u0142ug hostingowych dla firm, specjalist\u00f3w i os\u00f3b prywatnych na ca\u0142ym \u015bwiecie. Zacz\u0119\u0142o si\u0119 w Indiach, a","og_url":"https:\/\/multihoster.org\/pl\/bigrock\/","og_site_name":"Multihoster.org","article_modified_time":"2020-07-03T11:55:23+00:00","twitter_card":"summary","twitter_misc":{"Szacowany czas czytania":"8 minut"},"schema":{"@context":"https:\/\/schema.org","@graph":[{"@type":"WebSite","@id":"https:\/\/multihoster.org\/#website","url":"https:\/\/multihoster.org\/","name":"Multihoster.org","description":"Reviews of the major Filehosting services","potentialAction":[{"@type":"SearchAction","target":{"@type":"EntryPoint","urlTemplate":"https:\/\/multihoster.org\/?s={search_term_string}"},"query-input":"required name=search_term_string"}],"inLanguage":"pl-PL"},{"@type":"WebPage","@id":"https:\/\/multihoster.org\/pl\/bigrock\/#webpage","url":"https:\/\/multihoster.org\/pl\/bigrock\/","name":"BigRock Web Hosting: Czy ma solidny fundament rockowy?","isPartOf":{"@id":"https:\/\/multihoster.org\/#website"},"datePublished":"2020-07-01T14:33:40+00:00","dateModified":"2020-07-03T11:55:23+00:00","breadcrumb":{"@id":"https:\/\/multihoster.org\/pl\/bigrock\/#breadcrumb"},"inLanguage":"pl-PL","potentialAction":[{"@type":"ReadAction","target":["https:\/\/multihoster.org\/pl\/bigrock\/"]}]},{"@type":"BreadcrumbList","@id":"https:\/\/multihoster.org\/pl\/bigrock\/#breadcrumb","itemListElement":[{"@type":"ListItem","position":1,"name":"Startseite","item":"https:\/\/multihoster.org\/pl\/"},{"@type":"ListItem","position":2,"name":"BigRock Web Hosting: Czy ma solidny fundament rockowy?"}]}]}},"_links":{"self":[{"href":"https:\/\/multihoster.org\/pl\/wp-json\/wp\/v2\/pages\/4969"}],"collection":[{"href":"https:\/\/multihoster.org\/pl\/wp-json\/wp\/v2\/pages"}],"about":[{"href":"https:\/\/multihoster.org\/pl\/wp-json\/wp\/v2\/types\/page"}],"author":[{"embeddable":true,"href":"https:\/\/multihoster.org\/pl\/wp-json\/wp\/v2\/users\/2"}],"replies":[{"embeddable":true,"href":"https:\/\/multihoster.org\/pl\/wp-json\/wp\/v2\/comments?post=4969"}],"version-history":[{"count":2,"href":"https:\/\/multihoster.org\/pl\/wp-json\/wp\/v2\/pages\/4969\/revisions"}],"predecessor-version":[{"id":5208,"href":"https:\/\/multihoster.org\/pl\/wp-json\/wp\/v2\/pages\/4969\/revisions\/5208"}],"wp:attachment":[{"href":"https:\/\/multihoster.org\/pl\/wp-json\/wp\/v2\/media?parent=4969"}],"curies":[{"name":"wp","href":"https:\/\/api.w.org\/{rel}","templated":true}]}}