{"id":822,"date":"2018-08-09T15:42:59","date_gmt":"2018-08-09T15:42:59","guid":{"rendered":"https:\/\/multihoster.org\/?page_id=822"},"modified":"2018-09-11T04:56:31","modified_gmt":"2018-09-11T04:56:31","slug":"datafile","status":"publish","type":"page","link":"https:\/\/multihoster.org\/pl\/datafile\/","title":{"rendered":"DataFile Premium Account &#8211; Filehoster w skr\u00f3cie"},"content":{"rendered":"<p><img loading=\"lazy\" class=\" wp-image-1047 alignleft\" src=\"https:\/\/multihoster.org\/wp-content\/uploads\/2018\/08\/datafile.png\" alt=\"datafile\" width=\"429\" height=\"125\" srcset=\"https:\/\/multihoster.org\/wp-content\/uploads\/2018\/08\/datafile.png 425w, https:\/\/multihoster.org\/wp-content\/uploads\/2018\/08\/datafile-300x88.png 300w\" sizes=\"(max-width: 429px) 100vw, 429px\" \/><\/p>\n<p>Dzi\u0119ki obecno\u015bci na stronie internetowej DataFile masz mo\u017cliwo\u015b\u0107 pobrania plik\u00f3w i udost\u0119pnienia ich innym u\u017cytkownikom lub mo\u017cesz pobra\u0107 je samodzielnie z dowolnego \u017ar\u00f3d\u0142a.<\/p>\n<p>Aby pobra\u0107 dokumenty i inne dane, mo\u017cesz skorzysta\u0107 z darmowego downloadera lub, je\u015bli chcesz dostarczy\u0107 wi\u0119ksze pliki, za\u0142o\u017cy\u0107 konto p\u0142atne na datafile.com.<\/p>\n\n<p><a class=\"fasc-button fasc-size-xlarge fasc-type-glossy fasc-rounded-medium ico-fa fasc-ico-after fa-share\" style=\"background-color: #247edd; color: #ffffff;\" target=\"_blank\" rel=\"nofollow\" href=\"https:\/\/multihoster.org\/datafile\/goto\/\">Przejd\u017a do DataFile.com<\/a><\/p>\n<h2 style=\"text-align: left;\">Pozytywne cechy dostawcy<\/h2>\n<ul>\n<li>Proste i proste w obs\u0142udze<\/li>\n<li>Przyjazny i dobry<\/li>\n<li>Bardzo \u0142atwy w u\u017cyciu<\/li>\n<li>R\u00f3\u017cne metody p\u0142atno\u015bci<\/li>\n<\/ul>\n<h2>Kompletna oferta DataFile w skr\u00f3cie<\/h2>\n<p>Aby zosta\u0107 aktywnym w DataFile, musisz najpierw zarejestrowa\u0107 si\u0119 za pomoc\u0105 adresu e-mail i has\u0142a oraz potwierdzi\u0107 hackiem, \u017ce nie jeste\u015b robotem. Po zako\u0144czeniu tego procesu mo\u017cna skorzysta\u0107 z bezp\u0142atnej us\u0142ugi, kt\u00f3ra umo\u017cliwia pobranie plik\u00f3w o maksymalnej pojemno\u015bci 10 GB i \u0142\u0105cznej pojemno\u015bci 500 GB lub wybra\u0107 konto Premium DataFile.<\/p>\n<p><img loading=\"lazy\" class=\"alignnone size-full wp-image-795\" src=\"https:\/\/multihoster.org\/wp-content\/uploads\/2018\/08\/datafile.jpg\" alt=\"datafile\" width=\"1615\" height=\"824\" srcset=\"https:\/\/multihoster.org\/wp-content\/uploads\/2018\/08\/datafile.jpg 1615w, https:\/\/multihoster.org\/wp-content\/uploads\/2018\/08\/datafile-300x153.jpg 300w, https:\/\/multihoster.org\/wp-content\/uploads\/2018\/08\/datafile-768x392.jpg 768w, https:\/\/multihoster.org\/wp-content\/uploads\/2018\/08\/datafile-1024x522.jpg 1024w\" sizes=\"(max-width: 1615px) 100vw, 1615px\" \/><\/p>\n<p>&nbsp;<\/p>\n<p>Jest to wa\u017cne 30 dni i kosztuje 14,99$, co odpowiada 50 centom za dzie\u0144. Zalet\u0105 jest to, \u017ce mo\u017cna pobra\u0107 pliki do 30 gigabajt\u00f3w, \u017ce mo\u017cna je przechowywa\u0107 przez czas nieokre\u015blony, je\u015bli konto jest utrzymywane (je\u015bli dane s\u0105 usuwane, dane s\u0105 zawsze dost\u0119pne przez 30 dni) i \u017ce nie ma czasu oczekiwania na pobranie. Istnieje wiele sposob\u00f3w p\u0142atno\u015bci DataFile Premium, od p\u0142atno\u015bci kart\u0105 kredytow\u0105 do GooglePlay i Bitcoin, prawie wszystko jest mo\u017cliwe. Wielu autoryzowanych sprzedawc\u00f3w jest r\u00f3wnie\u017c dost\u0119pnych, je\u015bli \u017c\u0105dana dodatkowa opcja p\u0142atno\u015bci nie jest bezpo\u015brednio dost\u0119pna za po\u015brednictwem DataFile Premium.<\/p>\n<p><strong>\n<table id=\"tablepress-53\" class=\"tablepress tablepress-id-53\">\n<tbody class=\"row-hover\">\n<tr class=\"row-1 odd\">\n\t<td class=\"column-1\">Znaki rozpoznawcze<\/td><td class=\"column-2\">Bezp\u0142atnie<\/td><td class=\"column-3\">30 dni za $14,99<\/td>\n<\/tr>\n<tr class=\"row-2 even\">\n\t<td class=\"column-1\">Pr\u0119dko\u015b\u0107 pobierania<\/td><td class=\"column-2\">Znikomy<\/td><td class=\"column-3\">bardzo szybko<\/td>\n<\/tr>\n<tr class=\"row-3 odd\">\n\t<td class=\"column-1\">Przesy\u0142anie GB<\/td><td class=\"column-2\">10 GB<\/td><td class=\"column-3\">30 GB<\/td>\n<\/tr>\n<tr class=\"row-4 even\">\n\t<td class=\"column-1\">Zatrzymywanie danych<\/td><td class=\"column-2\">30 dni<\/td><td class=\"column-3\">Nieograniczony<\/td>\n<\/tr>\n<tr class=\"row-5 odd\">\n\t<td class=\"column-1\">Wstrzymaj Pobieranie plik\u00f3w<\/td><td class=\"column-2\">Nie<\/td><td class=\"column-3\">Tak<\/td>\n<\/tr>\n<tr class=\"row-6 even\">\n\t<td class=\"column-1\">Brak reklamy<\/td><td class=\"column-2\">Nie<\/td><td class=\"column-3\">Tak<\/td>\n<\/tr>\n<tr class=\"row-7 odd\">\n\t<td class=\"column-1\">Wielokrotne pobieranie<\/td><td class=\"column-2\">Nie<\/td><td class=\"column-3\">Tak<\/td>\n<\/tr>\n<tr class=\"row-8 even\">\n\t<td class=\"column-1\">Op\u00f3\u017anienie wczytywania danych<\/td><td class=\"column-2\">30 sekund<\/td><td class=\"column-3\">0 sekund<\/td>\n<\/tr>\n<\/tbody>\n<\/table>\n<!-- #tablepress-53 from cache --><\/strong><\/p>\n<p><a class=\"fasc-button fasc-size-xlarge fasc-type-glossy fasc-rounded-medium ico-fa fasc-ico-after fa-share\" style=\"background-color: #247edd; color: #ffffff;\" target=\"_blank\" rel=\"nofollow\" href=\"https:\/\/multihoster.org\/datafile\/goto\/\">Przejd\u017a do DataFile.com<\/a><\/p>\n<p>&nbsp;<\/p>\n<h2>Powiadomienie o ochronie prywatno\u015bci i ochrona danych<\/h2>\n<p>Oczywi\u015bcie u\u017cytkownicy serwis\u00f3w internetowych zawsze dbaj\u0105 o to, aby Twoje dane by\u0142y traktowane poufnie i bezpiecznie. Dok\u0142adnie zbadali\u015bmy us\u0142ug\u0119 konta DataFile i wierzymy, \u017ce Pa\u0144stwa dane z DataFile s\u0105 absolutnie bezpieczne i b\u0119d\u0105 traktowane jako poufne.<\/p>\n<p>DataFile gwarantuje Pa\u0144stwu absolutnie niezawodne przetwarzanie Pa\u0144stwa danych zgodnie z Pa\u0144stwa warunkami handlowymi. Dane s\u0105 anonimizowane w celu udoskonalenia us\u0142ugi DataFile i wyci\u0105gni\u0119cia technicznych wniosk\u00f3w marketingowych. Wszystkie dane dotycz\u0105ce zakupu, informacje finansowe oraz imi\u0119 i nazwisko i wszystkie dane osobowe b\u0119d\u0105 przechowywane w \u015bcis\u0142ej tajemnicy zgodnie z obowi\u0105zuj\u0105cymi przepisami prawa i w spos\u00f3b bezpieczny zgodnie z najnowszymi standardami.<\/p>\n<p>Og\u00f3lnie rzecz bior\u0105c, dane zawarte w DataFile s\u0105 ca\u0142kowicie bezpieczne i b\u0119d\u0105 przekazywane bezpo\u015brednim partnerom biznesowym zgodnie z tymi samymi lub wy\u017cszymi standardami i obowi\u0105zuj\u0105cymi przepisami prawa, takimi jak DataFile. Dzi\u0119ki DataFile.com mo\u017cesz mie\u0107 pewno\u015b\u0107, \u017ce Twoje informacje s\u0105 w bezpiecznych r\u0119kach i nigdy nie zostan\u0105 przekazane osobom nieupowa\u017cnionym.<\/p>\n<h2>Obs\u0142uga posprzeda\u017cna<\/h2>\n<p>Mo\u017cesz skontaktowa\u0107 si\u0119 z DataFile bezpo\u015brednio na 3 sposoby. Zalecamy korzystanie z obu opcji Internetu. Z jednej strony w punkcie menu po prawej stronie znajduje si\u0119 zak\u0142adka Kontakty, kt\u00f3ra prowadzi do formularza kontaktowego. Tutaj mo\u017cesz wys\u0142a\u0107 wiadomo\u015b\u0107 do DataFile u\u017cywaj\u0105c odpowiedniej kategorii, swojego adresu e-mail i za\u0142\u0105cznik\u00f3w w przypadku problem\u00f3w i komentarzy. Ponadto w tej samej zak\u0142adce znajduje si\u0119 adres e-mail, z kt\u00f3rego mo\u017cna korzysta\u0107. Na ko\u0144cu znajdziesz r\u00f3wnie\u017c adres pocztowy.<\/p>\n<h2>przyjazno\u015b\u0107 dla u\u017cytkownika<\/h2>\n<p>Wgrywanie danych do pliku DataFile jest bardzo proste i \u0142atwe. Wgrywanie plik\u00f3w znajduje si\u0119 na stronie g\u0142\u00f3wnej lub w lewym g\u00f3rnym rogu zak\u0142adki &#8222;Wgrywanie plik\u00f3w&#8221;. Znajduje si\u0119 bezpo\u015brednio w centrum i nie mo\u017cna go pomin\u0105\u0107. Wszystkie inne wa\u017cne obszary witryny s\u0105 dost\u0119pne bezpo\u015brednio z g\u00f3ry, dzi\u0119ki czemu zawsze masz pod r\u0119k\u0105 wszystko. Strona jest zaprojektowana w taki spos\u00f3b, \u017ce rzadko trzeba przewija\u0107 i zazwyczaj mo\u017cna to wszystko zobaczy\u0107 na pierwszy rzut oka.<\/p>\n<p><img loading=\"lazy\" class=\"alignnone size-full wp-image-796\" src=\"https:\/\/multihoster.org\/wp-content\/uploads\/2018\/08\/our-datafile-rating.jpg\" alt=\"rating\" width=\"1675\" height=\"830\" srcset=\"https:\/\/multihoster.org\/wp-content\/uploads\/2018\/08\/our-datafile-rating.jpg 1675w, https:\/\/multihoster.org\/wp-content\/uploads\/2018\/08\/our-datafile-rating-300x149.jpg 300w, https:\/\/multihoster.org\/wp-content\/uploads\/2018\/08\/our-datafile-rating-768x381.jpg 768w, https:\/\/multihoster.org\/wp-content\/uploads\/2018\/08\/our-datafile-rating-1024x507.jpg 1024w\" sizes=\"(max-width: 1675px) 100vw, 1675px\" \/><\/p>\n<p>Podobnie jak downloader, wszystko jest w \u015brodku, wi\u0119c zawsze masz dobry przegl\u0105d i nie musisz szuka\u0107 niczego. Pliki s\u0105 posortowane w bardzo przejrzysty mened\u017cer plik\u00f3w, kt\u00f3ry dzia\u0142a z du\u017cymi ikonami, dzi\u0119ki czemu mo\u017cna pracowa\u0107 nawet najs\u0142abszymi oczami. R\u00f3\u017cnorodne opcje sortowania pozwalaj\u0105 szybko i niezawodnie znale\u017a\u0107 to, czego szukasz, nawet w przypadku du\u017cej liczby plik\u00f3w.<\/p>\n<p>Plik DataFile ma na og\u00f3\u0142 bardzo prost\u0105 i wygodn\u0105 struktur\u0119. Nie ma du\u017cych struktur ani gniazd, ale wszystko jest podzielone na maksymalnie 3 poziomy, dzi\u0119ki czemu prawie ka\u017cdy mo\u017ce si\u0119 bardzo szybko porozumie\u0107 i produktywnie pracowa\u0107 z DataFile. G\u0142\u00f3wne czynno\u015bci zwi\u0105zane z pobieraniem i zarz\u0105dzaniem plikami dzia\u0142aj\u0105 tylko w 2 zak\u0142adkach, znajduj\u0105cych si\u0119 w lewym g\u00f3rnym rogu, &#8222;Przesy\u0142anie plik\u00f3w&#8221; i &#8222;Pliki&#8221; na \u015brodku. Pomi\u0119dzy nimi znajduje si\u0119 mo\u017cliwo\u015b\u0107 uzyskania konta Premium DataFile w kategorii &#8222;Pobierz Premium&#8221;.<\/p>\n<h2>Nasz wniosek dotycz\u0105cy pliku danych<\/h2>\n<p>\u0141atwo\u015b\u0107 u\u017cytkowania i kompletno\u015b\u0107 serwisu DataFile.com jest bardzo wzorowa, a dzi\u0119ki jego prostej, ale bardzo dobrej funkcjonalno\u015bci, s\u0105 zrozumia\u0142e i zrozumia\u0142e dla ka\u017cdego. Praca z kontem DataFile jest prosta i bardzo przyjemna.<\/p>\n<p><a class=\"fasc-button fasc-size-xlarge fasc-type-glossy fasc-rounded-medium ico-fa fasc-ico-after fa-share\" style=\"background-color: #247edd; color: #ffffff;\" target=\"_blank\" rel=\"nofollow\" href=\"https:\/\/multihoster.org\/datafile\/goto\/\">Przejd\u017a do DataFile.com<\/a><\/p>\n<p>&nbsp;<\/p>\n","protected":false},"excerpt":{"rendered":"<p>Dzi\u0119ki obecno\u015bci na stronie internetowej DataFile masz mo\u017cliwo\u015b\u0107 pobrania plik\u00f3w i udost\u0119pnienia ich innym u\u017cytkownikom lub mo\u017cesz pobra\u0107 je samodzielnie<\/p>\n","protected":false},"author":2,"featured_media":0,"parent":0,"menu_order":0,"comment_status":"closed","ping_status":"closed","template":"","meta":[],"yoast_head":"<!-- This site is optimized with the Yoast SEO plugin v18.3 - https:\/\/yoast.com\/wordpress\/plugins\/seo\/ -->\n<title>ll\u25b7 DataFile Premium Account powa\u017cne czy nie? +++ Test na Multihoster.org<\/title>\n<meta name=\"description\" content=\"\u0141adowanie plik\u00f3w jest szybkie i \u0142atwe dzi\u0119ki plikowi DataFile. Poka\u017cemy Ci, co mo\u017ce zrobi\u0107 plik DataFile i jak mo\u017cesz z niego korzysta\u0107.\" \/>\n<meta name=\"robots\" content=\"index, follow, max-snippet:-1, max-image-preview:large, max-video-preview:-1\" \/>\n<link rel=\"canonical\" href=\"https:\/\/multihoster.org\/pl\/datafile\/\" \/>\n<meta property=\"og:locale\" content=\"pl_PL\" \/>\n<meta property=\"og:type\" content=\"article\" \/>\n<meta property=\"og:title\" content=\"ll\u25b7 DataFile Premium Account powa\u017cne czy nie? +++ Test na Multihoster.org\" \/>\n<meta property=\"og:description\" content=\"\u0141adowanie plik\u00f3w jest szybkie i \u0142atwe dzi\u0119ki plikowi DataFile. Poka\u017cemy Ci, co mo\u017ce zrobi\u0107 plik DataFile i jak mo\u017cesz z niego korzysta\u0107.\" \/>\n<meta property=\"og:url\" content=\"https:\/\/multihoster.org\/pl\/datafile\/\" \/>\n<meta property=\"og:site_name\" content=\"Multihoster.org\" \/>\n<meta property=\"article:modified_time\" content=\"2018-09-11T04:56:31+00:00\" \/>\n<meta property=\"og:image\" content=\"https:\/\/multihoster.org\/wp-content\/uploads\/2018\/08\/datafile.png\" \/>\n<meta name=\"twitter:card\" content=\"summary\" \/>\n<meta name=\"twitter:label1\" content=\"Szacowany czas czytania\" \/>\n\t<meta name=\"twitter:data1\" content=\"4 minuty\" \/>\n<script type=\"application\/ld+json\" class=\"yoast-schema-graph\">{\"@context\":\"https:\/\/schema.org\",\"@graph\":[{\"@type\":\"WebSite\",\"@id\":\"https:\/\/multihoster.org\/#website\",\"url\":\"https:\/\/multihoster.org\/\",\"name\":\"Multihoster.org\",\"description\":\"Reviews of the major Filehosting services\",\"potentialAction\":[{\"@type\":\"SearchAction\",\"target\":{\"@type\":\"EntryPoint\",\"urlTemplate\":\"https:\/\/multihoster.org\/?s={search_term_string}\"},\"query-input\":\"required name=search_term_string\"}],\"inLanguage\":\"pl-PL\"},{\"@type\":\"ImageObject\",\"@id\":\"https:\/\/multihoster.org\/pl\/datafile\/#primaryimage\",\"inLanguage\":\"pl-PL\",\"url\":\"https:\/\/multihoster.org\/wp-content\/uploads\/2018\/08\/datafile.png\",\"contentUrl\":\"https:\/\/multihoster.org\/wp-content\/uploads\/2018\/08\/datafile.png\",\"width\":425,\"height\":124,\"caption\":\"datafile\"},{\"@type\":\"WebPage\",\"@id\":\"https:\/\/multihoster.org\/pl\/datafile\/#webpage\",\"url\":\"https:\/\/multihoster.org\/pl\/datafile\/\",\"name\":\"ll\u25b7 DataFile Premium Account powa\u017cne czy nie? +++ Test na Multihoster.org\",\"isPartOf\":{\"@id\":\"https:\/\/multihoster.org\/#website\"},\"primaryImageOfPage\":{\"@id\":\"https:\/\/multihoster.org\/pl\/datafile\/#primaryimage\"},\"datePublished\":\"2018-08-09T15:42:59+00:00\",\"dateModified\":\"2018-09-11T04:56:31+00:00\",\"description\":\"\u0141adowanie plik\u00f3w jest szybkie i \u0142atwe dzi\u0119ki plikowi DataFile. Poka\u017cemy Ci, co mo\u017ce zrobi\u0107 plik DataFile i jak mo\u017cesz z niego korzysta\u0107.\",\"breadcrumb\":{\"@id\":\"https:\/\/multihoster.org\/pl\/datafile\/#breadcrumb\"},\"inLanguage\":\"pl-PL\",\"potentialAction\":[{\"@type\":\"ReadAction\",\"target\":[\"https:\/\/multihoster.org\/pl\/datafile\/\"]}]},{\"@type\":\"BreadcrumbList\",\"@id\":\"https:\/\/multihoster.org\/pl\/datafile\/#breadcrumb\",\"itemListElement\":[{\"@type\":\"ListItem\",\"position\":1,\"name\":\"Startseite\",\"item\":\"https:\/\/multihoster.org\/pl\/\"},{\"@type\":\"ListItem\",\"position\":2,\"name\":\"DataFile Premium Account &#8211; Filehoster w skr\u00f3cie\"}]}]}<\/script>\n<!-- \/ Yoast SEO plugin. -->","yoast_head_json":{"title":"ll\u25b7 DataFile Premium Account powa\u017cne czy nie? +++ Test na Multihoster.org","description":"\u0141adowanie plik\u00f3w jest szybkie i \u0142atwe dzi\u0119ki plikowi DataFile. Poka\u017cemy Ci, co mo\u017ce zrobi\u0107 plik DataFile i jak mo\u017cesz z niego korzysta\u0107.","robots":{"index":"index","follow":"follow","max-snippet":"max-snippet:-1","max-image-preview":"max-image-preview:large","max-video-preview":"max-video-preview:-1"},"canonical":"https:\/\/multihoster.org\/pl\/datafile\/","og_locale":"pl_PL","og_type":"article","og_title":"ll\u25b7 DataFile Premium Account powa\u017cne czy nie? +++ Test na Multihoster.org","og_description":"\u0141adowanie plik\u00f3w jest szybkie i \u0142atwe dzi\u0119ki plikowi DataFile. Poka\u017cemy Ci, co mo\u017ce zrobi\u0107 plik DataFile i jak mo\u017cesz z niego korzysta\u0107.","og_url":"https:\/\/multihoster.org\/pl\/datafile\/","og_site_name":"Multihoster.org","article_modified_time":"2018-09-11T04:56:31+00:00","og_image":[{"url":"https:\/\/multihoster.org\/wp-content\/uploads\/2018\/08\/datafile.png"}],"twitter_card":"summary","twitter_misc":{"Szacowany czas czytania":"4 minuty"},"schema":{"@context":"https:\/\/schema.org","@graph":[{"@type":"WebSite","@id":"https:\/\/multihoster.org\/#website","url":"https:\/\/multihoster.org\/","name":"Multihoster.org","description":"Reviews of the major Filehosting services","potentialAction":[{"@type":"SearchAction","target":{"@type":"EntryPoint","urlTemplate":"https:\/\/multihoster.org\/?s={search_term_string}"},"query-input":"required name=search_term_string"}],"inLanguage":"pl-PL"},{"@type":"ImageObject","@id":"https:\/\/multihoster.org\/pl\/datafile\/#primaryimage","inLanguage":"pl-PL","url":"https:\/\/multihoster.org\/wp-content\/uploads\/2018\/08\/datafile.png","contentUrl":"https:\/\/multihoster.org\/wp-content\/uploads\/2018\/08\/datafile.png","width":425,"height":124,"caption":"datafile"},{"@type":"WebPage","@id":"https:\/\/multihoster.org\/pl\/datafile\/#webpage","url":"https:\/\/multihoster.org\/pl\/datafile\/","name":"ll\u25b7 DataFile Premium Account powa\u017cne czy nie? +++ Test na Multihoster.org","isPartOf":{"@id":"https:\/\/multihoster.org\/#website"},"primaryImageOfPage":{"@id":"https:\/\/multihoster.org\/pl\/datafile\/#primaryimage"},"datePublished":"2018-08-09T15:42:59+00:00","dateModified":"2018-09-11T04:56:31+00:00","description":"\u0141adowanie plik\u00f3w jest szybkie i \u0142atwe dzi\u0119ki plikowi DataFile. Poka\u017cemy Ci, co mo\u017ce zrobi\u0107 plik DataFile i jak mo\u017cesz z niego korzysta\u0107.","breadcrumb":{"@id":"https:\/\/multihoster.org\/pl\/datafile\/#breadcrumb"},"inLanguage":"pl-PL","potentialAction":[{"@type":"ReadAction","target":["https:\/\/multihoster.org\/pl\/datafile\/"]}]},{"@type":"BreadcrumbList","@id":"https:\/\/multihoster.org\/pl\/datafile\/#breadcrumb","itemListElement":[{"@type":"ListItem","position":1,"name":"Startseite","item":"https:\/\/multihoster.org\/pl\/"},{"@type":"ListItem","position":2,"name":"DataFile Premium Account &#8211; Filehoster w skr\u00f3cie"}]}]}},"_links":{"self":[{"href":"https:\/\/multihoster.org\/pl\/wp-json\/wp\/v2\/pages\/822"}],"collection":[{"href":"https:\/\/multihoster.org\/pl\/wp-json\/wp\/v2\/pages"}],"about":[{"href":"https:\/\/multihoster.org\/pl\/wp-json\/wp\/v2\/types\/page"}],"author":[{"embeddable":true,"href":"https:\/\/multihoster.org\/pl\/wp-json\/wp\/v2\/users\/2"}],"replies":[{"embeddable":true,"href":"https:\/\/multihoster.org\/pl\/wp-json\/wp\/v2\/comments?post=822"}],"version-history":[{"count":10,"href":"https:\/\/multihoster.org\/pl\/wp-json\/wp\/v2\/pages\/822\/revisions"}],"predecessor-version":[{"id":1322,"href":"https:\/\/multihoster.org\/pl\/wp-json\/wp\/v2\/pages\/822\/revisions\/1322"}],"wp:attachment":[{"href":"https:\/\/multihoster.org\/pl\/wp-json\/wp\/v2\/media?parent=822"}],"curies":[{"name":"wp","href":"https:\/\/api.w.org\/{rel}","templated":true}]}}