{"id":864,"date":"2018-08-09T19:33:20","date_gmt":"2018-08-09T19:33:20","guid":{"rendered":"https:\/\/multihoster.org\/?page_id=864"},"modified":"2019-10-28T16:07:29","modified_gmt":"2019-10-28T16:07:29","slug":"turbobit","status":"publish","type":"page","link":"https:\/\/multihoster.org\/pl\/turbobit\/","title":{"rendered":"Turbobit Premium Account &#8211; Filehoster w skr\u00f3cie"},"content":{"rendered":"<p><img loading=\"lazy\" class=\"alignnone size-full wp-image-1076 alignleft\" src=\"https:\/\/multihoster.org\/wp-content\/uploads\/2018\/08\/turbobit.png\" alt=\"turbobit\" width=\"365\" height=\"105\" srcset=\"https:\/\/multihoster.org\/wp-content\/uploads\/2018\/08\/turbobit.png 365w, https:\/\/multihoster.org\/wp-content\/uploads\/2018\/08\/turbobit-300x86.png 300w\" sizes=\"(max-width: 365px) 100vw, 365px\" \/><\/p>\n<p>Z Turbobitem mo\u017cesz nie tylko pobra\u0107 du\u017c\u0105 liczb\u0119 plik\u00f3w, ale r\u00f3wnie\u017c pobra\u0107 w\u0142asne pliki i otrzyma\u0107 atrakcyjn\u0105 op\u0142at\u0119. Mo\u017cesz wybiera\u0107 pomi\u0119dzy korzystaniem z Turbo a korzystaniem z niego.<\/p>\n<p>Ch\u0119tnie podzielimy si\u0119 z Pa\u0144stwem naszym do\u015bwiadczeniem z dostawc\u0105 Turbobit i po prostu zalecamy, aby Pa\u0144stwa pierwsze osobiste do\u015bwiadczenia z dostawc\u0105 za darmo.<\/p>\n<p>W celu uzyskania dalszych informacji prosz\u0119 klikn\u0105\u0107 na link: <a href=\"https:\/\/turbobitpremium.info\/\" target=\"_blank\" rel=\"noopener noreferrer\">Turbobit Premium<\/a><\/p>\n\n<p><a class=\"fasc-button fasc-size-xlarge fasc-type-glossy fasc-rounded-medium ico-fa fasc-ico-after fa-share\" style=\"background-color: #43585e; color: #ffffff;\" target=\"_blank\" rel=\"nofollow noopener noreferrer\" href=\"https:\/\/multihoster.org\/turbobit\/goto\/\">Przejd\u017a do Turbobit.net<\/a><\/p>\n<h2>&nbsp;<\/h2>\n<h2>Kompletny asortyment Turbobit w skr\u00f3cie<\/h2>\n<p>Przede wszystkim Turbobit oferuje konto premium, kt\u00f3re pozwala na maksymaln\u0105 pr\u0119dko\u015b\u0107 pobierania danych. Ponadto, nie ma obowi\u0105zkowych przerw, nie ma reklamy i mo\u017cna r\u00f3wnie\u017c korzysta\u0107 z mened\u017cera pobierania.<\/p>\n<p>Opr\u00f3cz konta Premium, kt\u00f3re nazywa si\u0119 Turbo Access, go\u015bcie mog\u0105 za darmo przetestowa\u0107 us\u0142ug\u0119 dostawcy us\u0142ug i pobra\u0107 \u017c\u0105dane pliki za pomoc\u0105 kilku klikni\u0119\u0107 bez konta.<\/p>\n<p>Je\u015bli chcesz zakupi\u0107 konto Turbobit Premium, mo\u017cesz wybra\u0107 jedn\u0105 z pi\u0119ciu subskrypcji.<\/p>\n<h2>Oferty bonusowe<\/h2>\n<p>Turbobit to ciekawy spos\u00f3b na zarobienie pieni\u0119dzy dla tych, kt\u00f3rzy udost\u0119pniaj\u0105 najpopularniejsze pliki. Mo\u017cliwe jest pobranie do $40 za 1000 &#8211; w ten spos\u00f3b mo\u017cna zarobi\u0107 nie tylko niewielkie wynagrodzenie, ale r\u00f3wnie\u017c pe\u0142ne miesi\u0119czne wynagrodzenie. Ponadto, mo\u017cna zarabia\u0107 cenne prowizje poprzez reklam\u0119 dla dostawcy.<\/p>\n<p>&nbsp;<\/p>\n<p><img loading=\"lazy\" class=\"alignnone size-full wp-image-836\" src=\"https:\/\/multihoster.org\/wp-content\/uploads\/2018\/08\/turbobit.jpg\" alt=\"turbobit\" width=\"1457\" height=\"864\" srcset=\"https:\/\/multihoster.org\/wp-content\/uploads\/2018\/08\/turbobit.jpg 1457w, https:\/\/multihoster.org\/wp-content\/uploads\/2018\/08\/turbobit-300x178.jpg 300w, https:\/\/multihoster.org\/wp-content\/uploads\/2018\/08\/turbobit-768x455.jpg 768w, https:\/\/multihoster.org\/wp-content\/uploads\/2018\/08\/turbobit-1024x607.jpg 1024w\" sizes=\"(max-width: 1457px) 100vw, 1457px\" \/><\/p>\n<p>&nbsp;<\/p>\n<h2>Koszty i opcje p\u0142atno\u015bci<\/h2>\n<p>Je\u015bli chcesz r\u00f3wnie\u017c zakupi\u0107 konto Turbobit Premium, w Turbobit dost\u0119pnych jest kilka metod p\u0142atno\u015bci. Obejmuj\u0105 one p\u0142atno\u015bci dokonywane przez MasterCard i VISA, jak r\u00f3wnie\u017c Paypal, S\u20acPA i Skrill. Anonimowa p\u0142atno\u015b\u0107 jest r\u00f3wnie\u017c mo\u017cliwa za po\u015brednictwem Paysafecard lub Bitcoin. Mo\u017cesz r\u00f3wnie\u017c po\u0142\u0105czy\u0107 si\u0119 z kontem Premium za pomoc\u0105 giropay, WebMoney i wielu innych metod. R\u00f3\u017cni\u0105 si\u0119 one od OPENBUCKS do p\u0142atno\u015bci za ochron\u0119.<\/p>\n<p>Je\u015bli zdecydujesz si\u0119 na automatyczne odnowienie subskrypcji podczas procesu p\u0142atno\u015bci, otrzymasz 25% zni\u017cki na wszystkie dodatkowe zam\u00f3wienia z konta premium, co znacznie obni\u017cy cen\u0119 przysz\u0142ych wyp\u0142at.<\/p>\n<p><strong>\n<table id=\"tablepress-60\" class=\"tablepress tablepress-id-60\">\n<tbody class=\"row-hover\">\n<tr class=\"row-1 odd\">\n\t<td class=\"column-1\">Turbo 1 tydzie\u0144<\/td><td class=\"column-2\">Turbo 1 miesi\u0105c<\/td><td class=\"column-3\">Turbo 6 miesi\u0119cy<\/td><td class=\"column-4\">Turbo 1 rok<\/td><td class=\"column-5\">Turbo 2 rok<\/td>\n<\/tr>\n<tr class=\"row-2 even\">\n\t<td class=\"column-1\">5,95 $<\/td><td class=\"column-2\">9,95 $<\/td><td class=\"column-3\">34,95 $<\/td><td class=\"column-4\">59,95 $<\/td><td class=\"column-5\">89,95 $<\/td>\n<\/tr>\n<tr class=\"row-3 odd\">\n\t<td class=\"column-1\">0,85 $ za dzie\u0144<\/td><td class=\"column-2\">0,33 $ za dzie\u0144<\/td><td class=\"column-3\">0,19 $ za dzie\u0144<\/td><td class=\"column-4\">0,16 $ za dzie\u0144<\/td><td class=\"column-5\">0,12 $ za dzie\u0144<\/td>\n<\/tr>\n<\/tbody>\n<\/table>\n<!-- #tablepress-60 from cache --><\/strong><\/p>\n<p><a class=\"fasc-button fasc-size-xlarge fasc-type-glossy fasc-rounded-medium ico-fa fasc-ico-after fa-share\" style=\"background-color: #43585e; color: #ffffff;\" target=\"_blank\" rel=\"nofollow noopener noreferrer\" href=\"https:\/\/multihoster.org\/turbobit\/goto\/\">Przejd\u017a do Turbobit.net<\/a><\/p>\n<h2>Powiadomienie o ochronie prywatno\u015bci i ochrona danych<\/h2>\n<p>W odniesieniu do ochrony danych dostawca o\u015bwiadcza, \u017ce podejmie wszelkie niezb\u0119dne \u015brodki w celu ochrony prywatno\u015bci i danych odwiedzaj\u0105cych i klient\u00f3w.<\/p>\n<p>Gdy odwiedzasz stron\u0119 internetow\u0105 i korzystasz z us\u0142ug, automatycznie zapisywane s\u0105 r\u00f3\u017cne dane. Na przyk\u0142ad podczas rejestracji zapisywany jest adres e-mail oraz imi\u0119 i nazwisko. Ponadto, anonimowe dane demograficzne mog\u0105 by\u0107 gromadzone w czasie, aby zoptymalizowa\u0107 procesy biznesowe i lepiej obs\u0142ugiwa\u0107 klient\u00f3w. Obejmuje to dane takie jak adres IP, odwiedzane strony internetowe, przegl\u0105darka lub czas odwiedzania strony internetowej, dane, kt\u00f3re s\u0105 przechowywane anonimowo, a nie jako dane osobowe. Mo\u017cna r\u00f3wnie\u017c u\u017cywa\u0107 plik\u00f3w cookie.<\/p>\n<p>Twoje dane osobowe s\u0105 chronione przez szyfrowanie w celu zapewnienia bezpiecze\u0144stwa ruchu drogowego.<\/p>\n<h2>Obs\u0142uga posprzeda\u017cna<\/h2>\n<p>Turbobitowa obs\u0142uga klienta jest dost\u0119pna przez e-mail, Skype i ICQ i odpowiada na indywidualne pytania od poniedzia\u0142ku do soboty w godzinach od 12:00 do 18:00. Aby skontaktowa\u0107 si\u0119 z nami przez e-mail, otw\u00f3rz formularz kontaktowy, wybierz \u017c\u0105dany obszar i opisz swoje \u017c\u0105danie.<\/p>\n<p>Ponadto, znajdziesz sekcj\u0119 FAQ, dost\u0119pn\u0105 tylko w j\u0119zyku angielskim i rosyjskim.<\/p>\n<h2>Przyjazno\u015b\u0107 dla u\u017cytkownika<\/h2>\n<p>Strona ma przejrzyst\u0105 struktur\u0119, dzi\u0119ki czemu odwiedzaj\u0105cy mog\u0105 szybko zobaczy\u0107, jakie us\u0142ugi Turbobit oferuje. Opcja pobierania, dla kt\u00f3rej nie trzeba nawet zak\u0142ada\u0107 konta, jest szybko wyszukiwana, a wszystkie niezb\u0119dne informacje o dost\u0119pie do Turbo s\u0105 szybko i wyra\u017anie widoczne. Ponadto mo\u017cna \u0142atwo zaktualizowa\u0107 konto Turbobit na wysokiej klasy.<\/p>\n<p>Na stronie g\u0142\u00f3wnej, niezarejestrowani u\u017cytkownicy mog\u0105 ju\u017c za\u0142adowa\u0107 przegl\u0105dark\u0119 i przeci\u0105gn\u0105\u0107 i upu\u015bci\u0107 pliki do \u0142adowarki poprzez &#8222;Wybierz plik&#8221; lub &#8222;Przeci\u0105gnij i upu\u015b\u0107&#8221;. Na g\u00f3rze znajduj\u0105 si\u0119 dwie inne karty opr\u00f3cz pobierania pliku: Dost\u0119p Turbo i zarabianie pieni\u0119dzy. Podczas gdy pierwsza zak\u0142adka zapewnia u\u017cytkownikowi wszystkie niezb\u0119dne informacje na temat konta premium, druga zak\u0142adka oferuje interesuj\u0105ce mo\u017cliwo\u015bci generowania przychod\u00f3w, kt\u00f3re s\u0105 mo\u017cliwe do uzyskania przez dostawc\u0119 us\u0142ug Turbobit.<\/p>\n<p>W lewym g\u00f3rnym rogu znajduje si\u0119 funkcja &#8222;Wgraj plik&#8221; i dost\u0119p do &#8222;Moje pliki&#8221;. Tutaj mo\u017cesz przegl\u0105da\u0107 i porz\u0105dkowa\u0107 pobrane lub pobrane pliki.<\/p>\n<p>Opieraj\u0105c si\u0119 na naszych do\u015bwiadczeniach z Turbobitem, mo\u017cemy powiedzie\u0107, \u017ce bezp\u0142atne i premium konta Turbobit oferuj\u0105 znacz\u0105c\u0105 warto\u015b\u0107 dodan\u0105.<\/p>\n<p>&nbsp;<\/p>\n<p><img loading=\"lazy\" class=\"alignnone size-full wp-image-837\" src=\"https:\/\/multihoster.org\/wp-content\/uploads\/2018\/08\/turbo_access.jpg\" alt=\"Pricing\" width=\"1365\" height=\"885\" srcset=\"https:\/\/multihoster.org\/wp-content\/uploads\/2018\/08\/turbo_access.jpg 1365w, https:\/\/multihoster.org\/wp-content\/uploads\/2018\/08\/turbo_access-300x195.jpg 300w, https:\/\/multihoster.org\/wp-content\/uploads\/2018\/08\/turbo_access-768x498.jpg 768w, https:\/\/multihoster.org\/wp-content\/uploads\/2018\/08\/turbo_access-1024x664.jpg 1024w\" sizes=\"(max-width: 1365px) 100vw, 1365px\" \/><\/p>\n<h2>Zalety konta premium w Turbobit<\/h2>\n<p>Opr\u00f3cz bezp\u0142atnych funkcji konta, Turbobit Turbo Access oferuje szereg funkcji. Pozwala na pobranie \u017c\u0105danych plik\u00f3w z maksymaln\u0105 pr\u0119dko\u015bci\u0105 pobierania bez zak\u0142\u00f3cania reklam. Wymuszone przerwy s\u0105 r\u00f3wnie\u017c eliminowane, a korzystanie z mened\u017cera pobierania jest dozwolone.<\/p>\n<h2>Nasze wnioski dotycz\u0105ce dostawcy Turbobit<\/h2>\n<p>Og\u00f3lnie rzecz bior\u0105c, Turbobit to ciekawy spos\u00f3b na pobieranie i pobieranie plik\u00f3w. Mo\u017cesz najpierw przetestowa\u0107 swoje darmowe konto, a nast\u0119pnie kupi\u0107 konto Turbobit Premium, kt\u00f3re jest dost\u0119pne w ramach r\u00f3\u017cnych abonament\u00f3w. Dzi\u0119ki naszemu do\u015bwiadczeniu, firma Turbobit jest w stanie przekona\u0107 swoim kompleksowym serwisem, atrakcyjnym potencja\u0142em dochodowym i pierwszorz\u0119dn\u0105 \u0142atwo\u015bci\u0105 obs\u0142ugi.<\/p>\n<p><a class=\"fasc-button fasc-size-xlarge fasc-type-glossy fasc-rounded-medium ico-fa fasc-ico-after fa-share\" style=\"background-color: #43585e; color: #ffffff;\" target=\"_blank\" rel=\"nofollow noopener noreferrer\" href=\"https:\/\/multihoster.org\/turbobit\/goto\/\">Przejd\u017a do Turbobit.net<\/a><\/p>\n","protected":false},"excerpt":{"rendered":"<p>Z Turbobitem mo\u017cesz nie tylko pobra\u0107 du\u017c\u0105 liczb\u0119 plik\u00f3w, ale r\u00f3wnie\u017c pobra\u0107 w\u0142asne pliki i otrzyma\u0107 atrakcyjn\u0105 op\u0142at\u0119. Mo\u017cesz wybiera\u0107<\/p>\n","protected":false},"author":2,"featured_media":0,"parent":0,"menu_order":0,"comment_status":"closed","ping_status":"closed","template":"","meta":[],"yoast_head":"<!-- This site is optimized with the Yoast SEO plugin v18.3 - https:\/\/yoast.com\/wordpress\/plugins\/seo\/ -->\n<title>lll\u25b7 Turbobit Premium Account powa\u017cne czy nie? +++ Test na Multihoster.org<\/title>\n<meta name=\"description\" content=\"Ch\u0119tnie przedstawimy Pa\u0144stwu ofert\u0119 Filehoster Turbobit i podziel\u0105 si\u0119 z Pa\u0144stwem naszymi do\u015bwiadczeniami na bezp\u0142atnym koncie oraz na koncie Turbobit Premium.\" \/>\n<meta name=\"robots\" content=\"index, follow, max-snippet:-1, max-image-preview:large, max-video-preview:-1\" \/>\n<link rel=\"canonical\" href=\"https:\/\/multihoster.org\/pl\/turbobit\/\" \/>\n<meta property=\"og:locale\" content=\"pl_PL\" \/>\n<meta property=\"og:type\" content=\"article\" \/>\n<meta property=\"og:title\" content=\"lll\u25b7 Turbobit Premium Account powa\u017cne czy nie? +++ Test na Multihoster.org\" \/>\n<meta property=\"og:description\" content=\"Ch\u0119tnie przedstawimy Pa\u0144stwu ofert\u0119 Filehoster Turbobit i podziel\u0105 si\u0119 z Pa\u0144stwem naszymi do\u015bwiadczeniami na bezp\u0142atnym koncie oraz na koncie Turbobit Premium.\" \/>\n<meta property=\"og:url\" content=\"https:\/\/multihoster.org\/pl\/turbobit\/\" \/>\n<meta property=\"og:site_name\" content=\"Multihoster.org\" \/>\n<meta property=\"article:modified_time\" content=\"2019-10-28T16:07:29+00:00\" \/>\n<meta property=\"og:image\" content=\"https:\/\/multihoster.org\/wp-content\/uploads\/2018\/08\/turbobit.png\" \/>\n<meta name=\"twitter:card\" content=\"summary\" \/>\n<meta name=\"twitter:label1\" content=\"Szacowany czas czytania\" \/>\n\t<meta name=\"twitter:data1\" content=\"4 minuty\" \/>\n<script type=\"application\/ld+json\" class=\"yoast-schema-graph\">{\"@context\":\"https:\/\/schema.org\",\"@graph\":[{\"@type\":\"WebSite\",\"@id\":\"https:\/\/multihoster.org\/#website\",\"url\":\"https:\/\/multihoster.org\/\",\"name\":\"Multihoster.org\",\"description\":\"Reviews of the major Filehosting services\",\"potentialAction\":[{\"@type\":\"SearchAction\",\"target\":{\"@type\":\"EntryPoint\",\"urlTemplate\":\"https:\/\/multihoster.org\/?s={search_term_string}\"},\"query-input\":\"required name=search_term_string\"}],\"inLanguage\":\"pl-PL\"},{\"@type\":\"ImageObject\",\"@id\":\"https:\/\/multihoster.org\/pl\/turbobit\/#primaryimage\",\"inLanguage\":\"pl-PL\",\"url\":\"https:\/\/multihoster.org\/wp-content\/uploads\/2018\/08\/turbobit.png\",\"contentUrl\":\"https:\/\/multihoster.org\/wp-content\/uploads\/2018\/08\/turbobit.png\",\"width\":365,\"height\":105,\"caption\":\"turbobit\"},{\"@type\":\"WebPage\",\"@id\":\"https:\/\/multihoster.org\/pl\/turbobit\/#webpage\",\"url\":\"https:\/\/multihoster.org\/pl\/turbobit\/\",\"name\":\"lll\u25b7 Turbobit Premium Account powa\u017cne czy nie? +++ Test na Multihoster.org\",\"isPartOf\":{\"@id\":\"https:\/\/multihoster.org\/#website\"},\"primaryImageOfPage\":{\"@id\":\"https:\/\/multihoster.org\/pl\/turbobit\/#primaryimage\"},\"datePublished\":\"2018-08-09T19:33:20+00:00\",\"dateModified\":\"2019-10-28T16:07:29+00:00\",\"description\":\"Ch\u0119tnie przedstawimy Pa\u0144stwu ofert\u0119 Filehoster Turbobit i podziel\u0105 si\u0119 z Pa\u0144stwem naszymi do\u015bwiadczeniami na bezp\u0142atnym koncie oraz na koncie Turbobit Premium.\",\"breadcrumb\":{\"@id\":\"https:\/\/multihoster.org\/pl\/turbobit\/#breadcrumb\"},\"inLanguage\":\"pl-PL\",\"potentialAction\":[{\"@type\":\"ReadAction\",\"target\":[\"https:\/\/multihoster.org\/pl\/turbobit\/\"]}]},{\"@type\":\"BreadcrumbList\",\"@id\":\"https:\/\/multihoster.org\/pl\/turbobit\/#breadcrumb\",\"itemListElement\":[{\"@type\":\"ListItem\",\"position\":1,\"name\":\"Startseite\",\"item\":\"https:\/\/multihoster.org\/pl\/\"},{\"@type\":\"ListItem\",\"position\":2,\"name\":\"Turbobit Premium Account &#8211; Filehoster w skr\u00f3cie\"}]}]}<\/script>\n<!-- \/ Yoast SEO plugin. -->","yoast_head_json":{"title":"lll\u25b7 Turbobit Premium Account powa\u017cne czy nie? +++ Test na Multihoster.org","description":"Ch\u0119tnie przedstawimy Pa\u0144stwu ofert\u0119 Filehoster Turbobit i podziel\u0105 si\u0119 z Pa\u0144stwem naszymi do\u015bwiadczeniami na bezp\u0142atnym koncie oraz na koncie Turbobit Premium.","robots":{"index":"index","follow":"follow","max-snippet":"max-snippet:-1","max-image-preview":"max-image-preview:large","max-video-preview":"max-video-preview:-1"},"canonical":"https:\/\/multihoster.org\/pl\/turbobit\/","og_locale":"pl_PL","og_type":"article","og_title":"lll\u25b7 Turbobit Premium Account powa\u017cne czy nie? +++ Test na Multihoster.org","og_description":"Ch\u0119tnie przedstawimy Pa\u0144stwu ofert\u0119 Filehoster Turbobit i podziel\u0105 si\u0119 z Pa\u0144stwem naszymi do\u015bwiadczeniami na bezp\u0142atnym koncie oraz na koncie Turbobit Premium.","og_url":"https:\/\/multihoster.org\/pl\/turbobit\/","og_site_name":"Multihoster.org","article_modified_time":"2019-10-28T16:07:29+00:00","og_image":[{"url":"https:\/\/multihoster.org\/wp-content\/uploads\/2018\/08\/turbobit.png"}],"twitter_card":"summary","twitter_misc":{"Szacowany czas czytania":"4 minuty"},"schema":{"@context":"https:\/\/schema.org","@graph":[{"@type":"WebSite","@id":"https:\/\/multihoster.org\/#website","url":"https:\/\/multihoster.org\/","name":"Multihoster.org","description":"Reviews of the major Filehosting services","potentialAction":[{"@type":"SearchAction","target":{"@type":"EntryPoint","urlTemplate":"https:\/\/multihoster.org\/?s={search_term_string}"},"query-input":"required name=search_term_string"}],"inLanguage":"pl-PL"},{"@type":"ImageObject","@id":"https:\/\/multihoster.org\/pl\/turbobit\/#primaryimage","inLanguage":"pl-PL","url":"https:\/\/multihoster.org\/wp-content\/uploads\/2018\/08\/turbobit.png","contentUrl":"https:\/\/multihoster.org\/wp-content\/uploads\/2018\/08\/turbobit.png","width":365,"height":105,"caption":"turbobit"},{"@type":"WebPage","@id":"https:\/\/multihoster.org\/pl\/turbobit\/#webpage","url":"https:\/\/multihoster.org\/pl\/turbobit\/","name":"lll\u25b7 Turbobit Premium Account powa\u017cne czy nie? +++ Test na Multihoster.org","isPartOf":{"@id":"https:\/\/multihoster.org\/#website"},"primaryImageOfPage":{"@id":"https:\/\/multihoster.org\/pl\/turbobit\/#primaryimage"},"datePublished":"2018-08-09T19:33:20+00:00","dateModified":"2019-10-28T16:07:29+00:00","description":"Ch\u0119tnie przedstawimy Pa\u0144stwu ofert\u0119 Filehoster Turbobit i podziel\u0105 si\u0119 z Pa\u0144stwem naszymi do\u015bwiadczeniami na bezp\u0142atnym koncie oraz na koncie Turbobit Premium.","breadcrumb":{"@id":"https:\/\/multihoster.org\/pl\/turbobit\/#breadcrumb"},"inLanguage":"pl-PL","potentialAction":[{"@type":"ReadAction","target":["https:\/\/multihoster.org\/pl\/turbobit\/"]}]},{"@type":"BreadcrumbList","@id":"https:\/\/multihoster.org\/pl\/turbobit\/#breadcrumb","itemListElement":[{"@type":"ListItem","position":1,"name":"Startseite","item":"https:\/\/multihoster.org\/pl\/"},{"@type":"ListItem","position":2,"name":"Turbobit Premium Account &#8211; Filehoster w skr\u00f3cie"}]}]}},"_links":{"self":[{"href":"https:\/\/multihoster.org\/pl\/wp-json\/wp\/v2\/pages\/864"}],"collection":[{"href":"https:\/\/multihoster.org\/pl\/wp-json\/wp\/v2\/pages"}],"about":[{"href":"https:\/\/multihoster.org\/pl\/wp-json\/wp\/v2\/types\/page"}],"author":[{"embeddable":true,"href":"https:\/\/multihoster.org\/pl\/wp-json\/wp\/v2\/users\/2"}],"replies":[{"embeddable":true,"href":"https:\/\/multihoster.org\/pl\/wp-json\/wp\/v2\/comments?post=864"}],"version-history":[{"count":8,"href":"https:\/\/multihoster.org\/pl\/wp-json\/wp\/v2\/pages\/864\/revisions"}],"predecessor-version":[{"id":2304,"href":"https:\/\/multihoster.org\/pl\/wp-json\/wp\/v2\/pages\/864\/revisions\/2304"}],"wp:attachment":[{"href":"https:\/\/multihoster.org\/pl\/wp-json\/wp\/v2\/media?parent=864"}],"curies":[{"name":"wp","href":"https:\/\/api.w.org\/{rel}","templated":true}]}}