{"id":905,"date":"2018-08-09T17:57:22","date_gmt":"2018-08-09T17:57:22","guid":{"rendered":"https:\/\/multihoster.org\/?page_id=905"},"modified":"2018-09-11T05:21:26","modified_gmt":"2018-09-11T05:21:26","slug":"file-al","status":"publish","type":"page","link":"https:\/\/multihoster.org\/pl\/file-al\/","title":{"rendered":"File.al Premium Account &#8211; Filehoster w skr\u00f3cie"},"content":{"rendered":"<p><img loading=\"lazy\" class=\"wp-image-1057 alignleft\" src=\"https:\/\/multihoster.org\/wp-content\/uploads\/2018\/08\/file.al_.png\" alt=\"file.al\" width=\"306\" height=\"138\" srcset=\"https:\/\/multihoster.org\/wp-content\/uploads\/2018\/08\/file.al_.png 406w, https:\/\/multihoster.org\/wp-content\/uploads\/2018\/08\/file.al_-300x135.png 300w\" sizes=\"(max-width: 306px) 100vw, 306px\" \/><\/p>\n<p>Filehoster File.AL umo\u017cliwia pobranie kilku plik\u00f3w z bezp\u0142atnym kontem. Funkcje serwisu s\u0105 jednak ograniczone w niekt\u00f3rych obszarach, takich jak reklama.<\/p>\n<p>Aktualizacja do pliku.AL Premium pozwala w pe\u0142ni korzysta\u0107 z us\u0142ugi wraz z jej wszystkimi funkcjami i nie podlega \u017cadnym ograniczeniom.<\/p>\n<p>&nbsp;<\/p>\n\n<p><a class=\"fasc-button fasc-size-xlarge fasc-type-glossy fasc-rounded-medium ico-fa fasc-ico-after fa-share\" style=\"background-color: #247edd; color: #ffffff;\" target=\"_blank\" rel=\"nofollow\" href=\"https:\/\/multihoster.org\/file-al\/goto\/\">Przejd\u017a do File.al<\/a><\/p>\n<p>&nbsp;<\/p>\n<h2>Kompletna oferta File.AL w skr\u00f3cie<\/h2>\n<p>Bezp\u0142atne konto umo\u017cliwia pobieranie i pobieranie plik\u00f3w o pojemno\u015bci do 5 GB po rejestracji. \u0141\u0105czna pojemno\u015b\u0107 pami\u0119ci wynosi 500 GB.<\/p>\n<p>Je\u015bli chcesz korzysta\u0107 z innych funkcji, na przyk\u0142ad do pracy z kontem File.AL bez reklam lub op\u00f3\u017anie\u0144 w pobieraniu, mo\u017cesz zaktualizowa\u0107 konto File.AL Premium.<\/p>\n<p>Ponadto, mo\u017cesz zarabia\u0107 interesuj\u0105ce prowizje pobieraj\u0105c pliki i przyci\u0105gaj\u0105c nowych klient\u00f3w.<\/p>\n<h2>Zalety konta Premium w File.AL<\/h2>\n<p>Maksymalny rozmiar darmowego konta wynosi 5 GB, natomiast File.AL pozwala na pobieranie i pobieranie plik\u00f3w premium do 50 GB. Ograniczenie przestrzeni magazynowej zosta\u0142o ca\u0142kowicie usuni\u0119te. Ponadto konto Premium File.AL obs\u0142uguje r\u00f3wnie\u017c akcelerator pobierania. Mo\u017cesz r\u00f3wnie\u017c w \u0142atwy spos\u00f3b wstrzyma\u0107 i zatrzyma\u0107 pobieranie bez konieczno\u015bci reklamowania si\u0119 i bez op\u00f3\u017anie\u0144 w pobieraniu. Ponadto nie ma kaptur\u00f3w do pobrania z konta Premium.<\/p>\n<p>&nbsp;<\/p>\n<p><img loading=\"lazy\" class=\"alignnone size-full wp-image-882\" src=\"https:\/\/multihoster.org\/wp-content\/uploads\/2018\/08\/laptop.jpg\" alt=\"laptop\" width=\"1920\" height=\"1153\" srcset=\"https:\/\/multihoster.org\/wp-content\/uploads\/2018\/08\/laptop.jpg 1920w, https:\/\/multihoster.org\/wp-content\/uploads\/2018\/08\/laptop-300x180.jpg 300w, https:\/\/multihoster.org\/wp-content\/uploads\/2018\/08\/laptop-768x461.jpg 768w, https:\/\/multihoster.org\/wp-content\/uploads\/2018\/08\/laptop-1024x615.jpg 1024w\" sizes=\"(max-width: 1920px) 100vw, 1920px\" \/><\/p>\n<h2>Koszty i opcje p\u0142atno\u015bci<\/h2>\n<p>Istnieje kilka sposob\u00f3w p\u0142atno\u015bci File.AL Premium. Obejmuj\u0105 one karty kredytowe standardowe i Paypal, karty kredytowe Sofort\u00fcberweisung, Sofort\u00fcberweisung, Sofort Banking, Perfect Money i Webmoney. Mo\u017cliwy jest r\u00f3wnie\u017c zwyk\u0142y transfer. Je\u015bli chcesz p\u0142aci\u0107 anonimowo, mo\u017cesz u\u017cy\u0107 jednej z czterech zaszyfrowanych walut. Tutaj mo\u017cesz wybiera\u0107 pomi\u0119dzy Bitcoins, Bitcoin Cash, Litecoin i Ethereal. Je\u015bli nie podoba Ci si\u0119 jedna z tych metod, mo\u017cesz u\u017cy\u0107 wielu innych metod p\u0142atno\u015bci za po\u015brednictwem sprzedawc\u00f3w File.AL Premium Reseller.<\/p>\n<p><strong>\n<table id=\"tablepress-67\" class=\"tablepress tablepress-id-67\">\n<tbody class=\"row-hover\">\n<tr class=\"row-1 odd\">\n\t<td class=\"column-1\">30 dni <\/td><td class=\"column-2\">60 dni <\/td><td class=\"column-3\">90 dni <\/td><td class=\"column-4\">185 dni <\/td><td class=\"column-5\">356 dni <\/td>\n<\/tr>\n<tr class=\"row-2 even\">\n\t<td class=\"column-1\">19,95 $<\/td><td class=\"column-2\">29,95 $<\/td><td class=\"column-3\">39,95 $<\/td><td class=\"column-4\">69,95 $<\/td><td class=\"column-5\">99,95 $<\/td>\n<\/tr>\n<\/tbody>\n<\/table>\n<!-- #tablepress-67 from cache --><\/strong><\/p>\n<p><a class=\"fasc-button fasc-size-xlarge fasc-type-glossy fasc-rounded-medium ico-fa fasc-ico-after fa-share\" style=\"background-color: #247edd; color: #ffffff;\" target=\"_blank\" rel=\"nofollow\" href=\"https:\/\/multihoster.org\/file-al\/goto\/\">Przejd\u017a do File.al<\/a><\/p>\n<p>&nbsp;<\/p>\n<h2>Powiadomienie o ochronie prywatno\u015bci i ochrona danych<\/h2>\n<p>Je\u015bli chodzi o prywatno\u015b\u0107 i ochron\u0119 danych, File.AL nie posiada oddzielnej polityki ochrony danych. Pewne jest jednak, \u017ce firma musi przestrzega\u0107 obowi\u0105zuj\u0105cych przepis\u00f3w o ochronie danych osobowych. Agencja VA udost\u0119pnia u\u017cytkownikowi bardziej szczeg\u00f3\u0142owe informacje o us\u0142udze, prawach i obowi\u0105zkach w j\u0119zyku angielskim.<\/p>\n<h2>Obs\u0142uga posprzeda\u017cna<\/h2>\n<p>Aby skontaktowa\u0107 si\u0119 z dzia\u0142em obs\u0142ugi klienta File.AL, na dole strony znajduje si\u0119 zak\u0142adka &#8222;Kontakty&#8221;. Za pomoc\u0105 jednego klikni\u0119cia mo\u017cna uzyska\u0107 dost\u0119p do Centrum Obs\u0142ugi Klienta, gdzie mo\u017cna otworzy\u0107 nowy bilet lub sprawdzi\u0107 status aktualnego biletu. Wewn\u0105trz biletu obowi\u0105zkowy jest temat, nazwisko, adres e-mail i konkretne zapytanie.<\/p>\n<h2>Przyjazno\u015b\u0107 dla u\u017cytkownika<\/h2>\n<p>Strona File.AL jest bardzo przejrzysta i prosta. Na g\u00f3rze znajduj\u0105 si\u0119 wszystkie wa\u017cne zak\u0142adki, od &#8222;Wgraj plik&#8221; i &#8222;Aktualizuj do Premium&#8221;, &#8222;Wsp\u00f3\u0142pracuj&#8221;, &#8222;Zarejestruj si\u0119&#8221; i &#8222;Zaloguj&#8221; do &#8222;Zapomnia\u0142em has\u0142a&#8221;.<\/p>\n<p>Na stronie g\u0142\u00f3wnej mo\u017cna zalogowa\u0107 si\u0119 za pomoc\u0105 nazwy u\u017cytkownika lub adresu e-mail i odpowiedniego has\u0142a. Jako zarejestrowany u\u017cytkownik mo\u017cesz teraz wybra\u0107 zak\u0142adki &#8222;Moje konto&#8221;, &#8222;Moje pliki&#8221; i &#8222;Raporty&#8221;.<\/p>\n<p>W zak\u0142adce &#8222;Moje konto&#8221; zobaczysz nie tylko ustawienia konta G\/L, ale tak\u017ce saldo konta, przestrze\u0144 dyskow\u0105 oraz ruch, jaki nadal masz w danym dniu. Ponadto znajd\u0105 Pa\u0144stwo link do publikowanych przez siebie danych, link do poszczeg\u00f3lnych partner\u00f3w i wiele innych. Obejmuje to r\u00f3wnie\u017c ustawienia pr\u0119dko\u015bci pobierania lub odliczania.<\/p>\n<p>W podstronie &#8222;Moje pliki&#8221; znajduj\u0105 si\u0119 bardziej szczeg\u00f3\u0142owe informacje o wszystkich pobranych plikach, opr\u00f3cz ju\u017c wykorzystanego miejsca w pami\u0119ci masowej.<\/p>\n<p>Klikaj\u0105c na zak\u0142adk\u0119 &#8222;Raporty&#8221; mo\u017cna wybra\u0107 \u017c\u0105dany przedzia\u0142 czasowy i otrzyma\u0107 odpowiedni raport. Raport obejmuje pobrane pliki, sprzeda\u017c i fakturowanie, zwroty koszt\u00f3w, referencje i strony internetowe.<\/p>\n<p>&nbsp;<\/p>\n<p><img loading=\"lazy\" class=\"alignnone size-full wp-image-879\" src=\"https:\/\/multihoster.org\/wp-content\/uploads\/2018\/08\/file_al.jpg\" alt=\"File.AL\" width=\"1672\" height=\"872\" srcset=\"https:\/\/multihoster.org\/wp-content\/uploads\/2018\/08\/file_al.jpg 1672w, https:\/\/multihoster.org\/wp-content\/uploads\/2018\/08\/file_al-300x156.jpg 300w, https:\/\/multihoster.org\/wp-content\/uploads\/2018\/08\/file_al-768x401.jpg 768w, https:\/\/multihoster.org\/wp-content\/uploads\/2018\/08\/file_al-1024x534.jpg 1024w\" sizes=\"(max-width: 1672px) 100vw, 1672px\" \/><\/p>\n<p>&nbsp;<\/p>\n<h2>Nasz wniosek na temat dostawcy File.AL<\/h2>\n<p>W sumie File.AL oferuje ciekaw\u0105 ofert\u0119. U\u017cytkownicy mog\u0105 przetestowa\u0107 go za darmo na 500 GB miejsca na dysku przed prze\u0142\u0105czeniem si\u0119 na File.AL Premium. Obecno\u015b\u0107 w Internecie jest przejrzysta i umo\u017cliwia szybkie wyszukiwanie wszystkich informacji i funkcji. \u0141atwy jest r\u00f3wnie\u017c kontakt z dzia\u0142em obs\u0142ugi klienta. Wp\u0142aty na konto Premium File.AL mo\u017cna dokonywa\u0107 r\u00f3\u017cnymi sposobami, w tym anonimowo.<\/p>\n<p><a class=\"fasc-button fasc-size-xlarge fasc-type-glossy fasc-rounded-medium ico-fa fasc-ico-after fa-share\" style=\"background-color: #247edd; color: #ffffff;\" target=\"_blank\" rel=\"nofollow\" href=\"https:\/\/multihoster.org\/file-al\/goto\/\">Przejd\u017a do File.al<\/a><\/p>\n<p>&nbsp;<\/p>\n","protected":false},"excerpt":{"rendered":"<p>Filehoster File.AL umo\u017cliwia pobranie kilku plik\u00f3w z bezp\u0142atnym kontem. Funkcje serwisu s\u0105 jednak ograniczone w niekt\u00f3rych obszarach, takich jak reklama.<\/p>\n","protected":false},"author":2,"featured_media":0,"parent":0,"menu_order":0,"comment_status":"closed","ping_status":"closed","template":"","meta":[],"yoast_head":"<!-- This site is optimized with the Yoast SEO plugin v18.3 - https:\/\/yoast.com\/wordpress\/plugins\/seo\/ -->\n<title>lll\u25b7 File.al Premium Account powa\u017cne czy nie? +++ Test na Multihoster.org<\/title>\n<meta name=\"description\" content=\"Chcesz wiedzie\u0107, czy Filehoster File.AL jest w\u0142a\u015bciwym wyborem? Ch\u0119tnie przedstawimy Pa\u0144stwu szczeg\u00f3\u0142owo dostawc\u0119 i konto File.AL Premium.\" \/>\n<meta name=\"robots\" content=\"index, follow, max-snippet:-1, max-image-preview:large, max-video-preview:-1\" \/>\n<link rel=\"canonical\" href=\"https:\/\/multihoster.org\/pl\/file-al\/\" \/>\n<meta property=\"og:locale\" content=\"pl_PL\" \/>\n<meta property=\"og:type\" content=\"article\" \/>\n<meta property=\"og:title\" content=\"lll\u25b7 File.al Premium Account powa\u017cne czy nie? +++ Test na Multihoster.org\" \/>\n<meta property=\"og:description\" content=\"Chcesz wiedzie\u0107, czy Filehoster File.AL jest w\u0142a\u015bciwym wyborem? Ch\u0119tnie przedstawimy Pa\u0144stwu szczeg\u00f3\u0142owo dostawc\u0119 i konto File.AL Premium.\" \/>\n<meta property=\"og:url\" content=\"https:\/\/multihoster.org\/pl\/file-al\/\" \/>\n<meta property=\"og:site_name\" content=\"Multihoster.org\" \/>\n<meta property=\"article:modified_time\" content=\"2018-09-11T05:21:26+00:00\" \/>\n<meta property=\"og:image\" content=\"https:\/\/multihoster.org\/wp-content\/uploads\/2018\/08\/file.al_.png\" \/>\n<meta name=\"twitter:card\" content=\"summary\" \/>\n<meta name=\"twitter:label1\" content=\"Szacowany czas czytania\" \/>\n\t<meta name=\"twitter:data1\" content=\"4 minuty\" \/>\n<script type=\"application\/ld+json\" class=\"yoast-schema-graph\">{\"@context\":\"https:\/\/schema.org\",\"@graph\":[{\"@type\":\"WebSite\",\"@id\":\"https:\/\/multihoster.org\/#website\",\"url\":\"https:\/\/multihoster.org\/\",\"name\":\"Multihoster.org\",\"description\":\"Reviews of the major Filehosting services\",\"potentialAction\":[{\"@type\":\"SearchAction\",\"target\":{\"@type\":\"EntryPoint\",\"urlTemplate\":\"https:\/\/multihoster.org\/?s={search_term_string}\"},\"query-input\":\"required name=search_term_string\"}],\"inLanguage\":\"pl-PL\"},{\"@type\":\"ImageObject\",\"@id\":\"https:\/\/multihoster.org\/pl\/file-al\/#primaryimage\",\"inLanguage\":\"pl-PL\",\"url\":\"https:\/\/multihoster.org\/wp-content\/uploads\/2018\/08\/file.al_.png\",\"contentUrl\":\"https:\/\/multihoster.org\/wp-content\/uploads\/2018\/08\/file.al_.png\",\"width\":406,\"height\":183,\"caption\":\"file.al\"},{\"@type\":\"WebPage\",\"@id\":\"https:\/\/multihoster.org\/pl\/file-al\/#webpage\",\"url\":\"https:\/\/multihoster.org\/pl\/file-al\/\",\"name\":\"lll\u25b7 File.al Premium Account powa\u017cne czy nie? +++ Test na Multihoster.org\",\"isPartOf\":{\"@id\":\"https:\/\/multihoster.org\/#website\"},\"primaryImageOfPage\":{\"@id\":\"https:\/\/multihoster.org\/pl\/file-al\/#primaryimage\"},\"datePublished\":\"2018-08-09T17:57:22+00:00\",\"dateModified\":\"2018-09-11T05:21:26+00:00\",\"description\":\"Chcesz wiedzie\u0107, czy Filehoster File.AL jest w\u0142a\u015bciwym wyborem? Ch\u0119tnie przedstawimy Pa\u0144stwu szczeg\u00f3\u0142owo dostawc\u0119 i konto File.AL Premium.\",\"breadcrumb\":{\"@id\":\"https:\/\/multihoster.org\/pl\/file-al\/#breadcrumb\"},\"inLanguage\":\"pl-PL\",\"potentialAction\":[{\"@type\":\"ReadAction\",\"target\":[\"https:\/\/multihoster.org\/pl\/file-al\/\"]}]},{\"@type\":\"BreadcrumbList\",\"@id\":\"https:\/\/multihoster.org\/pl\/file-al\/#breadcrumb\",\"itemListElement\":[{\"@type\":\"ListItem\",\"position\":1,\"name\":\"Startseite\",\"item\":\"https:\/\/multihoster.org\/pl\/\"},{\"@type\":\"ListItem\",\"position\":2,\"name\":\"File.al Premium Account &#8211; Filehoster w skr\u00f3cie\"}]}]}<\/script>\n<!-- \/ Yoast SEO plugin. -->","yoast_head_json":{"title":"lll\u25b7 File.al Premium Account powa\u017cne czy nie? +++ Test na Multihoster.org","description":"Chcesz wiedzie\u0107, czy Filehoster File.AL jest w\u0142a\u015bciwym wyborem? Ch\u0119tnie przedstawimy Pa\u0144stwu szczeg\u00f3\u0142owo dostawc\u0119 i konto File.AL Premium.","robots":{"index":"index","follow":"follow","max-snippet":"max-snippet:-1","max-image-preview":"max-image-preview:large","max-video-preview":"max-video-preview:-1"},"canonical":"https:\/\/multihoster.org\/pl\/file-al\/","og_locale":"pl_PL","og_type":"article","og_title":"lll\u25b7 File.al Premium Account powa\u017cne czy nie? +++ Test na Multihoster.org","og_description":"Chcesz wiedzie\u0107, czy Filehoster File.AL jest w\u0142a\u015bciwym wyborem? Ch\u0119tnie przedstawimy Pa\u0144stwu szczeg\u00f3\u0142owo dostawc\u0119 i konto File.AL Premium.","og_url":"https:\/\/multihoster.org\/pl\/file-al\/","og_site_name":"Multihoster.org","article_modified_time":"2018-09-11T05:21:26+00:00","og_image":[{"url":"https:\/\/multihoster.org\/wp-content\/uploads\/2018\/08\/file.al_.png"}],"twitter_card":"summary","twitter_misc":{"Szacowany czas czytania":"4 minuty"},"schema":{"@context":"https:\/\/schema.org","@graph":[{"@type":"WebSite","@id":"https:\/\/multihoster.org\/#website","url":"https:\/\/multihoster.org\/","name":"Multihoster.org","description":"Reviews of the major Filehosting services","potentialAction":[{"@type":"SearchAction","target":{"@type":"EntryPoint","urlTemplate":"https:\/\/multihoster.org\/?s={search_term_string}"},"query-input":"required name=search_term_string"}],"inLanguage":"pl-PL"},{"@type":"ImageObject","@id":"https:\/\/multihoster.org\/pl\/file-al\/#primaryimage","inLanguage":"pl-PL","url":"https:\/\/multihoster.org\/wp-content\/uploads\/2018\/08\/file.al_.png","contentUrl":"https:\/\/multihoster.org\/wp-content\/uploads\/2018\/08\/file.al_.png","width":406,"height":183,"caption":"file.al"},{"@type":"WebPage","@id":"https:\/\/multihoster.org\/pl\/file-al\/#webpage","url":"https:\/\/multihoster.org\/pl\/file-al\/","name":"lll\u25b7 File.al Premium Account powa\u017cne czy nie? +++ Test na Multihoster.org","isPartOf":{"@id":"https:\/\/multihoster.org\/#website"},"primaryImageOfPage":{"@id":"https:\/\/multihoster.org\/pl\/file-al\/#primaryimage"},"datePublished":"2018-08-09T17:57:22+00:00","dateModified":"2018-09-11T05:21:26+00:00","description":"Chcesz wiedzie\u0107, czy Filehoster File.AL jest w\u0142a\u015bciwym wyborem? Ch\u0119tnie przedstawimy Pa\u0144stwu szczeg\u00f3\u0142owo dostawc\u0119 i konto File.AL Premium.","breadcrumb":{"@id":"https:\/\/multihoster.org\/pl\/file-al\/#breadcrumb"},"inLanguage":"pl-PL","potentialAction":[{"@type":"ReadAction","target":["https:\/\/multihoster.org\/pl\/file-al\/"]}]},{"@type":"BreadcrumbList","@id":"https:\/\/multihoster.org\/pl\/file-al\/#breadcrumb","itemListElement":[{"@type":"ListItem","position":1,"name":"Startseite","item":"https:\/\/multihoster.org\/pl\/"},{"@type":"ListItem","position":2,"name":"File.al Premium Account &#8211; Filehoster w skr\u00f3cie"}]}]}},"_links":{"self":[{"href":"https:\/\/multihoster.org\/pl\/wp-json\/wp\/v2\/pages\/905"}],"collection":[{"href":"https:\/\/multihoster.org\/pl\/wp-json\/wp\/v2\/pages"}],"about":[{"href":"https:\/\/multihoster.org\/pl\/wp-json\/wp\/v2\/types\/page"}],"author":[{"embeddable":true,"href":"https:\/\/multihoster.org\/pl\/wp-json\/wp\/v2\/users\/2"}],"replies":[{"embeddable":true,"href":"https:\/\/multihoster.org\/pl\/wp-json\/wp\/v2\/comments?post=905"}],"version-history":[{"count":9,"href":"https:\/\/multihoster.org\/pl\/wp-json\/wp\/v2\/pages\/905\/revisions"}],"predecessor-version":[{"id":1332,"href":"https:\/\/multihoster.org\/pl\/wp-json\/wp\/v2\/pages\/905\/revisions\/1332"}],"wp:attachment":[{"href":"https:\/\/multihoster.org\/pl\/wp-json\/wp\/v2\/media?parent=905"}],"curies":[{"name":"wp","href":"https:\/\/api.w.org\/{rel}","templated":true}]}}