{"id":944,"date":"2018-08-09T19:18:51","date_gmt":"2018-08-09T19:18:51","guid":{"rendered":"https:\/\/multihoster.org\/?page_id=944"},"modified":"2018-09-12T05:48:18","modified_gmt":"2018-09-12T05:48:18","slug":"nitroflare","status":"publish","type":"page","link":"https:\/\/multihoster.org\/pl\/nitroflare\/","title":{"rendered":"Nitroflare Premium Account &#8211; Filehoster w skr\u00f3cie"},"content":{"rendered":"<p><img loading=\"lazy\" class=\"alignnone wp-image-1066 alignleft\" src=\"https:\/\/multihoster.org\/wp-content\/uploads\/2018\/08\/nitroflare.png\" alt=\"nitroflare\" width=\"405\" height=\"92\" srcset=\"https:\/\/multihoster.org\/wp-content\/uploads\/2018\/08\/nitroflare.png 414w, https:\/\/multihoster.org\/wp-content\/uploads\/2018\/08\/nitroflare-300x68.png 300w\" sizes=\"(max-width: 405px) 100vw, 405px\" \/><\/p>\n<p>NitroFlare jest jedn\u0105 z najlepszych w bran\u017cy i okre\u015bla si\u0119 jako najszybsza i najlepsza us\u0142uga bezpiecznego pobierania, przechowywania i udost\u0119pniania danych przez Internet. Filehoster oferuje mi\u0119dzynarodow\u0105 us\u0142ug\u0119 transferu, przechowywania, tworzenia kopii zapasowych i dystrybucji danych.<\/p>\n<p>NitroFlare wyja\u015bnia na stronie g\u0142\u00f3wnej, \u017ce pr\u0119dko\u015b\u0107 serwera jest prawie nieograniczona i \u017ce nie ma por\u00f3wnywalnych us\u0142ug, kt\u00f3re oferowa\u0142yby ten sam poziom jako\u015bci. Dostawca odnosi si\u0119 oczywi\u015bcie do us\u0142ugi NitroFlare Premium, kt\u00f3ra jest \u015bwiadczona odp\u0142atnie.<\/p>\n\n<p><a class=\"fasc-button fasc-size-xlarge fasc-type-glossy fasc-rounded-medium ico-fa fasc-ico-after fa-share\" style=\"background-color: #43585e; color: #ffffff;\" target=\"_blank\" rel=\"nofollow\" href=\"https:\/\/multihoster.org\/nitroflare\/goto\/\">Przejd\u017a do Nitroflare.com<\/a><\/p>\n<p>&nbsp;<\/p>\n<h2>Ca\u0142a gama NitroFlare w skr\u00f3cie<\/h2>\n<p>NitroFlare umo\u017cliwia pobranie kilku plik\u00f3w o pojemno\u015bci do 10 GB w przegl\u0105darce, zdalne pobranie lub FTP na serwery dostawcy us\u0142ug internetowych z bezp\u0142atnym kontem.<\/p>\n<p>Opr\u00f3cz bezp\u0142atnego konta, masz \u0142\u0105cznie pi\u0119\u0107 op\u0142aconych abonament\u00f3w na konto NitroFlare Premium, dzi\u0119ki czemu mo\u017cesz korzysta\u0107 z pe\u0142nego zakresu us\u0142ug NitroFlare. NitroFlare Premium oferuje 2-dniowy okres pr\u00f3bny i stawki za 30 dni, 90 dni, 180 dni i 365 dni. Dwudniowy abonament pr\u00f3bny jest tylko nieznacznie ta\u0144szy od 30-dniowej stawki, co szybko prowadzi odwiedzaj\u0105cego do 30-dniowego abonamentu NitroFlare Premium.<\/p>\n<h2>Oferty bonusowe<\/h2>\n<p>NitroFlare oferuje nie tylko mo\u017cliwo\u015b\u0107 pobierania i pobierania plik\u00f3w, ale r\u00f3wnie\u017c ciekawy spos\u00f3b na zarabianie pieni\u0119dzy i promocj\u0119 serwisu. W zale\u017cno\u015bci od rodzaju konta, mo\u017cesz otrzyma\u0107 prowizj\u0119 w wysoko\u015bci do 10%, je\u015bli us\u0142ugodawca korzysta za Twoim po\u015brednictwem z nowych klient\u00f3w.<\/p>\n<p><img loading=\"lazy\" class=\"alignnone size-full wp-image-919\" src=\"https:\/\/multihoster.org\/wp-content\/uploads\/2018\/08\/nitroflare.jpg\" alt=\"Nitroflare\" width=\"894\" height=\"632\" srcset=\"https:\/\/multihoster.org\/wp-content\/uploads\/2018\/08\/nitroflare.jpg 894w, https:\/\/multihoster.org\/wp-content\/uploads\/2018\/08\/nitroflare-300x212.jpg 300w, https:\/\/multihoster.org\/wp-content\/uploads\/2018\/08\/nitroflare-768x543.jpg 768w\" sizes=\"(max-width: 894px) 100vw, 894px\" \/><\/p>\n<h2>Koszty i opcje p\u0142atno\u015bci<\/h2>\n<p>Opcje p\u0142atno\u015bci za konto premium NitroFlare obejmuj\u0105 popularne metody p\u0142atno\u015bci kart\u0105 kredytow\u0105. Przyj\u0119to karty VISA, MasterCard, American Express i Discover Card. Inne metody, takie jak WebMoney, s\u0105 r\u00f3wnie\u017c dost\u0119pne do p\u0142acenia za NitroFlare Premium. Je\u015bli chcesz p\u0142aci\u0107 anonimowo, mo\u017cesz to zrobi\u0107 za po\u015brednictwem Bitcoin.<\/p>\n<p><strong>\n<table id=\"tablepress-74\" class=\"tablepress tablepress-id-74\">\n<tbody class=\"row-hover\">\n<tr class=\"row-1 odd\">\n\t<td class=\"column-1\">Trial<\/td><td class=\"column-2\">Medium<\/td><td class=\"column-3\">Popular<\/td><td class=\"column-4\">Big<\/td><td class=\"column-5\">Huge<\/td>\n<\/tr>\n<tr class=\"row-2 even\">\n\t<td class=\"column-1\">2 dni<\/td><td class=\"column-2\">30 dni<\/td><td class=\"column-3\">90 dni<\/td><td class=\"column-4\">180 dni<\/td><td class=\"column-5\">365 dni<\/td>\n<\/tr>\n<tr class=\"row-3 odd\">\n\t<td class=\"column-1\">10 $<\/td><td class=\"column-2\">12 $<\/td><td class=\"column-3\">30 $<\/td><td class=\"column-4\">50 $<\/td><td class=\"column-5\">90 $<\/td>\n<\/tr>\n<\/tbody>\n<\/table>\n<!-- #tablepress-74 from cache --><\/strong><\/p>\n<p><a class=\"fasc-button fasc-size-xlarge fasc-type-glossy fasc-rounded-medium ico-fa fasc-ico-after fa-share\" style=\"background-color: #43585e; color: #ffffff;\" target=\"_blank\" rel=\"nofollow\" href=\"https:\/\/multihoster.org\/nitroflare\/goto\/\">Przejd\u017a do Nitroflare.com<\/a><\/p>\n<h2>Powiadomienie o ochronie prywatno\u015bci i ochrona danych<\/h2>\n<p>Prywatno\u015b\u0107 i ochrona danych staj\u0105 si\u0119 coraz wa\u017cniejsze dla wielu konsument\u00f3w. Je\u015bli chodzi o ochron\u0119 danych osobowych i prywatno\u015bci, mog\u0105 Pa\u0144stwo liczy\u0107 na niezawodno\u015b\u0107 NitroFlare.<\/p>\n<p>Dostawca przechowuje typowe informacje, takie jak adres IP, adres e-mail, imi\u0119 i nazwisko oraz pobrane i przes\u0142ane pliki. Korzystaj\u0105c z us\u0142ugi NitroFlare, akceptuj\u0105 Pa\u0144stwo r\u00f3wnie\u017c korzystanie z plik\u00f3w cookie, kt\u00f3re cz\u0119sto poprawiaj\u0105 komfort u\u017cytkowania.<\/p>\n<p>Dane osobowe nie s\u0105 przechowywane przez NitroFlare, poniewa\u017c proces p\u0142atno\u015bci obejmuje oddzielne us\u0142ugi p\u0142atnicze, kt\u00f3re przetwarzaj\u0105 dane.<\/p>\n<h2>Obs\u0142uga posprzeda\u017cna<\/h2>\n<p>Link do dzia\u0142u obs\u0142ugi klienta znajduje si\u0119 na g\u00f3rze strony internetowej w zak\u0142adce &#8222;Pomoc techniczna&#8221;. Zostanie wy\u015bwietlony monit o pierwsze wyszukanie rozwi\u0105zania w polu pyta\u0144 i odpowiedzi u g\u00f3ry strony docelowej. Poni\u017cej znajduje si\u0119 formularz kontaktowy, w kt\u00f3rym nale\u017cy poda\u0107 adres e-mail, temat oraz konkretn\u0105 aplikacj\u0119. Nast\u0119pnie mo\u017cna potwierdzi\u0107 kaptch\u0119 i wys\u0142a\u0107 wiadomo\u015b\u0107.<\/p>\n<p><img loading=\"lazy\" class=\"alignnone size-full wp-image-920\" src=\"https:\/\/multihoster.org\/wp-content\/uploads\/2018\/08\/support.jpg\" alt=\"support\" width=\"859\" height=\"624\" srcset=\"https:\/\/multihoster.org\/wp-content\/uploads\/2018\/08\/support.jpg 859w, https:\/\/multihoster.org\/wp-content\/uploads\/2018\/08\/support-300x218.jpg 300w, https:\/\/multihoster.org\/wp-content\/uploads\/2018\/08\/support-768x558.jpg 768w\" sizes=\"(max-width: 859px) 100vw, 859px\" \/><\/p>\n<h2>Przyjazno\u015b\u0107 dla u\u017cytkownika<\/h2>\n<p>Obecno\u015b\u0107 nitroflare.com w Internecie jest wyra\u017anie ustrukturyzowana tak, \u017ce na stronie g\u0142\u00f3wnej mo\u017cna zobaczy\u0107 wszystko, co jest wa\u017cne. Nawet bez konta mo\u017cna pobiera\u0107 pliki o pojemno\u015bci do 10 GB za pomoc\u0105 przegl\u0105darki internetowej, FTP lub zdalnego. Ponadto na g\u00f3rze strony znajduj\u0105 si\u0119 podstrony &#8222;Bonusy&#8221;, &#8222;Pieni\u0105dze zarobione&#8221; i &#8222;Wsparcie&#8221;.<\/p>\n<p>Klikni\u0119cie na &#8222;U\u017cytkownik&#8221; w prawym g\u00f3rnym rogu strony prowadzi do widoku konta. Mo\u017cesz wy\u015bwietli\u0107 m.in. dost\u0119pn\u0105 pojemno\u015b\u0107 pami\u0119ci, stan konta oraz informacje o zwyci\u0119skich opcjach. Mo\u017cna r\u00f3wnie\u017c znale\u017a\u0107 statystyki klikni\u0119\u0107, pobierania i sprzeda\u017cy.<\/p>\n<p>St\u0105d mo\u017cesz przej\u015b\u0107 do zak\u0142adki &#8222;Moje pliki&#8221;, gdzie mo\u017cesz uporz\u0105dkowa\u0107 i przegl\u0105da\u0107 swoje pliki w praktyczny spos\u00f3b. Mo\u017cesz r\u00f3wnie\u017c otwiera\u0107 raporty partnerskie i zak\u0142ada\u0107 konto FTP. Mo\u017cesz r\u00f3wnie\u017c przegl\u0105da\u0107 swoje indywidualne pliki do pobrania i referencje sprzeda\u017cy oraz znale\u017a\u0107 linki do dw\u00f3ch interfejs\u00f3w API dla programist\u00f3w.<\/p>\n<h2>Zalety konta Premium w NitroFlare<\/h2>\n<p>Z kontem NitroFlare Premium mo\u017cesz korzysta\u0107 z maksymalnej pr\u0119dko\u015bci podczas odwiedzania strony NitroFlare.com. Poza tym mo\u017cesz nie tylko \u015bci\u0105ga\u0107 filmy, ale tak\u017ce ogl\u0105da\u0107 je online.<\/p>\n<p>Ponadto reklama podczas korzystania z us\u0142ugi nie zak\u0142\u00f3ca spokoju u\u017cytkownika i korzysta on z NitroFlare Premium dzi\u0119ki priorytetowej obs\u0142udze klienta.<\/p>\n<h2>Wnioski dotycz\u0105ce NitroFlare&#8217;a<\/h2>\n<p>Podsumowuj\u0105c, NitroFlare oferuje interesuj\u0105c\u0105 gam\u0119 produkt\u00f3w, z kt\u00f3rych mo\u017cna korzysta\u0107 bezp\u0142atnie lub za op\u0142at\u0105. Dzi\u0119ki Premium NitroFlare masz wszystkie opcje i mo\u017cesz korzysta\u0107 z maksymalnej pr\u0119dko\u015bci, ale rozmiar Twojego bezp\u0142atnego konta jest ograniczony. Strona ma przejrzyst\u0105 struktur\u0119, dzi\u0119ki czemu mo\u017cna szybko znale\u017a\u0107 wszystkie informacje i funkcje. Wypr\u00f3buj bezp\u0142atn\u0105 ofert\u0119 NitroFlare i zaktualizuj j\u0105 do NitroFlare Premium, je\u015bli chcesz.<\/p>\n<p><a class=\"fasc-button fasc-size-xlarge fasc-type-glossy fasc-rounded-medium ico-fa fasc-ico-after fa-share\" style=\"background-color: #43585e; color: #ffffff;\" target=\"_blank\" rel=\"nofollow\" href=\"https:\/\/multihoster.org\/nitroflare\/goto\/\">Przejd\u017a do Nitroflare.com<\/a><\/p>\n","protected":false},"excerpt":{"rendered":"<p>NitroFlare jest jedn\u0105 z najlepszych w bran\u017cy i okre\u015bla si\u0119 jako najszybsza i najlepsza us\u0142uga bezpiecznego pobierania, przechowywania i udost\u0119pniania<\/p>\n","protected":false},"author":2,"featured_media":0,"parent":0,"menu_order":0,"comment_status":"closed","ping_status":"closed","template":"","meta":[],"yoast_head":"<!-- This site is optimized with the Yoast SEO plugin v18.3 - https:\/\/yoast.com\/wordpress\/plugins\/seo\/ -->\n<title>lll\u25b7 NitroFlare Premium Account powa\u017cne czy nie? +++ Test na Multihoster.org<\/title>\n<meta name=\"description\" content=\"Przyjrzeli\u015bmy si\u0119 bli\u017cej hostowi plik\u00f3w NitroFlare i z przyjemno\u015bci\u0105 przedstawimy Pa\u0144stwu dostawc\u0119.\" \/>\n<meta name=\"robots\" content=\"index, follow, max-snippet:-1, max-image-preview:large, max-video-preview:-1\" \/>\n<link rel=\"canonical\" href=\"https:\/\/multihoster.org\/pl\/nitroflare\/\" \/>\n<meta property=\"og:locale\" content=\"pl_PL\" \/>\n<meta property=\"og:type\" content=\"article\" \/>\n<meta property=\"og:title\" content=\"lll\u25b7 NitroFlare Premium Account powa\u017cne czy nie? +++ Test na Multihoster.org\" \/>\n<meta property=\"og:description\" content=\"Przyjrzeli\u015bmy si\u0119 bli\u017cej hostowi plik\u00f3w NitroFlare i z przyjemno\u015bci\u0105 przedstawimy Pa\u0144stwu dostawc\u0119.\" \/>\n<meta property=\"og:url\" content=\"https:\/\/multihoster.org\/pl\/nitroflare\/\" \/>\n<meta property=\"og:site_name\" content=\"Multihoster.org\" \/>\n<meta property=\"article:modified_time\" content=\"2018-09-12T05:48:18+00:00\" \/>\n<meta property=\"og:image\" content=\"https:\/\/multihoster.org\/wp-content\/uploads\/2018\/08\/nitroflare.png\" \/>\n<meta name=\"twitter:card\" content=\"summary\" \/>\n<meta name=\"twitter:label1\" content=\"Szacowany czas czytania\" \/>\n\t<meta name=\"twitter:data1\" content=\"4 minuty\" \/>\n<script type=\"application\/ld+json\" class=\"yoast-schema-graph\">{\"@context\":\"https:\/\/schema.org\",\"@graph\":[{\"@type\":\"WebSite\",\"@id\":\"https:\/\/multihoster.org\/#website\",\"url\":\"https:\/\/multihoster.org\/\",\"name\":\"Multihoster.org\",\"description\":\"Reviews of the major Filehosting services\",\"potentialAction\":[{\"@type\":\"SearchAction\",\"target\":{\"@type\":\"EntryPoint\",\"urlTemplate\":\"https:\/\/multihoster.org\/?s={search_term_string}\"},\"query-input\":\"required name=search_term_string\"}],\"inLanguage\":\"pl-PL\"},{\"@type\":\"ImageObject\",\"@id\":\"https:\/\/multihoster.org\/pl\/nitroflare\/#primaryimage\",\"inLanguage\":\"pl-PL\",\"url\":\"https:\/\/multihoster.org\/wp-content\/uploads\/2018\/08\/nitroflare.png\",\"contentUrl\":\"https:\/\/multihoster.org\/wp-content\/uploads\/2018\/08\/nitroflare.png\",\"width\":414,\"height\":94,\"caption\":\"nitroflare\"},{\"@type\":\"WebPage\",\"@id\":\"https:\/\/multihoster.org\/pl\/nitroflare\/#webpage\",\"url\":\"https:\/\/multihoster.org\/pl\/nitroflare\/\",\"name\":\"lll\u25b7 NitroFlare Premium Account powa\u017cne czy nie? +++ Test na Multihoster.org\",\"isPartOf\":{\"@id\":\"https:\/\/multihoster.org\/#website\"},\"primaryImageOfPage\":{\"@id\":\"https:\/\/multihoster.org\/pl\/nitroflare\/#primaryimage\"},\"datePublished\":\"2018-08-09T19:18:51+00:00\",\"dateModified\":\"2018-09-12T05:48:18+00:00\",\"description\":\"Przyjrzeli\u015bmy si\u0119 bli\u017cej hostowi plik\u00f3w NitroFlare i z przyjemno\u015bci\u0105 przedstawimy Pa\u0144stwu dostawc\u0119.\",\"breadcrumb\":{\"@id\":\"https:\/\/multihoster.org\/pl\/nitroflare\/#breadcrumb\"},\"inLanguage\":\"pl-PL\",\"potentialAction\":[{\"@type\":\"ReadAction\",\"target\":[\"https:\/\/multihoster.org\/pl\/nitroflare\/\"]}]},{\"@type\":\"BreadcrumbList\",\"@id\":\"https:\/\/multihoster.org\/pl\/nitroflare\/#breadcrumb\",\"itemListElement\":[{\"@type\":\"ListItem\",\"position\":1,\"name\":\"Startseite\",\"item\":\"https:\/\/multihoster.org\/pl\/\"},{\"@type\":\"ListItem\",\"position\":2,\"name\":\"Nitroflare Premium Account &#8211; Filehoster w skr\u00f3cie\"}]}]}<\/script>\n<!-- \/ Yoast SEO plugin. -->","yoast_head_json":{"title":"lll\u25b7 NitroFlare Premium Account powa\u017cne czy nie? +++ Test na Multihoster.org","description":"Przyjrzeli\u015bmy si\u0119 bli\u017cej hostowi plik\u00f3w NitroFlare i z przyjemno\u015bci\u0105 przedstawimy Pa\u0144stwu dostawc\u0119.","robots":{"index":"index","follow":"follow","max-snippet":"max-snippet:-1","max-image-preview":"max-image-preview:large","max-video-preview":"max-video-preview:-1"},"canonical":"https:\/\/multihoster.org\/pl\/nitroflare\/","og_locale":"pl_PL","og_type":"article","og_title":"lll\u25b7 NitroFlare Premium Account powa\u017cne czy nie? +++ Test na Multihoster.org","og_description":"Przyjrzeli\u015bmy si\u0119 bli\u017cej hostowi plik\u00f3w NitroFlare i z przyjemno\u015bci\u0105 przedstawimy Pa\u0144stwu dostawc\u0119.","og_url":"https:\/\/multihoster.org\/pl\/nitroflare\/","og_site_name":"Multihoster.org","article_modified_time":"2018-09-12T05:48:18+00:00","og_image":[{"url":"https:\/\/multihoster.org\/wp-content\/uploads\/2018\/08\/nitroflare.png"}],"twitter_card":"summary","twitter_misc":{"Szacowany czas czytania":"4 minuty"},"schema":{"@context":"https:\/\/schema.org","@graph":[{"@type":"WebSite","@id":"https:\/\/multihoster.org\/#website","url":"https:\/\/multihoster.org\/","name":"Multihoster.org","description":"Reviews of the major Filehosting services","potentialAction":[{"@type":"SearchAction","target":{"@type":"EntryPoint","urlTemplate":"https:\/\/multihoster.org\/?s={search_term_string}"},"query-input":"required name=search_term_string"}],"inLanguage":"pl-PL"},{"@type":"ImageObject","@id":"https:\/\/multihoster.org\/pl\/nitroflare\/#primaryimage","inLanguage":"pl-PL","url":"https:\/\/multihoster.org\/wp-content\/uploads\/2018\/08\/nitroflare.png","contentUrl":"https:\/\/multihoster.org\/wp-content\/uploads\/2018\/08\/nitroflare.png","width":414,"height":94,"caption":"nitroflare"},{"@type":"WebPage","@id":"https:\/\/multihoster.org\/pl\/nitroflare\/#webpage","url":"https:\/\/multihoster.org\/pl\/nitroflare\/","name":"lll\u25b7 NitroFlare Premium Account powa\u017cne czy nie? +++ Test na Multihoster.org","isPartOf":{"@id":"https:\/\/multihoster.org\/#website"},"primaryImageOfPage":{"@id":"https:\/\/multihoster.org\/pl\/nitroflare\/#primaryimage"},"datePublished":"2018-08-09T19:18:51+00:00","dateModified":"2018-09-12T05:48:18+00:00","description":"Przyjrzeli\u015bmy si\u0119 bli\u017cej hostowi plik\u00f3w NitroFlare i z przyjemno\u015bci\u0105 przedstawimy Pa\u0144stwu dostawc\u0119.","breadcrumb":{"@id":"https:\/\/multihoster.org\/pl\/nitroflare\/#breadcrumb"},"inLanguage":"pl-PL","potentialAction":[{"@type":"ReadAction","target":["https:\/\/multihoster.org\/pl\/nitroflare\/"]}]},{"@type":"BreadcrumbList","@id":"https:\/\/multihoster.org\/pl\/nitroflare\/#breadcrumb","itemListElement":[{"@type":"ListItem","position":1,"name":"Startseite","item":"https:\/\/multihoster.org\/pl\/"},{"@type":"ListItem","position":2,"name":"Nitroflare Premium Account &#8211; Filehoster w skr\u00f3cie"}]}]}},"_links":{"self":[{"href":"https:\/\/multihoster.org\/pl\/wp-json\/wp\/v2\/pages\/944"}],"collection":[{"href":"https:\/\/multihoster.org\/pl\/wp-json\/wp\/v2\/pages"}],"about":[{"href":"https:\/\/multihoster.org\/pl\/wp-json\/wp\/v2\/types\/page"}],"author":[{"embeddable":true,"href":"https:\/\/multihoster.org\/pl\/wp-json\/wp\/v2\/users\/2"}],"replies":[{"embeddable":true,"href":"https:\/\/multihoster.org\/pl\/wp-json\/wp\/v2\/comments?post=944"}],"version-history":[{"count":9,"href":"https:\/\/multihoster.org\/pl\/wp-json\/wp\/v2\/pages\/944\/revisions"}],"predecessor-version":[{"id":1370,"href":"https:\/\/multihoster.org\/pl\/wp-json\/wp\/v2\/pages\/944\/revisions\/1370"}],"wp:attachment":[{"href":"https:\/\/multihoster.org\/pl\/wp-json\/wp\/v2\/media?parent=944"}],"curies":[{"name":"wp","href":"https:\/\/api.w.org\/{rel}","templated":true}]}}