{"id":1084,"date":"2018-08-16T04:40:39","date_gmt":"2018-08-16T04:40:39","guid":{"rendered":"https:\/\/multihoster.org\/?page_id=1084"},"modified":"2019-10-28T16:08:36","modified_gmt":"2019-10-28T16:08:36","slug":"turbobit","status":"publish","type":"page","link":"https:\/\/multihoster.org\/tr\/turbobit\/","title":{"rendered":"Turbobit Premium Hesap &#8211; Bir bak\u0131\u015fta Filehoster"},"content":{"rendered":"<div id=\"gt-res-content\">\n<div id=\"gt-res-dir-ctr\" class=\"trans-verified-button-small\" dir=\"ltr\">\n<p><img loading=\"lazy\" class=\"alignnone size-full wp-image-1076 alignleft\" src=\"https:\/\/multihoster.org\/wp-content\/uploads\/2018\/08\/turbobit.png\" alt=\"turbobit\" width=\"365\" height=\"105\" srcset=\"https:\/\/multihoster.org\/wp-content\/uploads\/2018\/08\/turbobit.png 365w, https:\/\/multihoster.org\/wp-content\/uploads\/2018\/08\/turbobit-300x86.png 300w\" sizes=\"(max-width: 365px) 100vw, 365px\" \/><\/p>\n<div id=\"tts_button\"><span id=\"result_box\" class=\"\" lang=\"tr\"><span class=\"\">Turbobit ile sadece \u00e7ok say\u0131da dosya indirebilir, ayn\u0131 zamanda kendi dosyalar\u0131n\u0131z\u0131 y\u00fckleyebilir ve cazip bir \u00fccret alabilirsiniz.<\/span> \u00dccretsiz kullan\u0131m veya Turbo kullan\u0131m\u0131 aras\u0131nda se\u00e7im yapabilirsiniz.<\/span><\/div>\n<\/div>\n<\/div>\n<p>Deneyimlerimizi Turbobit sa\u011flay\u0131c\u0131s\u0131yla sizlerle payla\u015fmaktan mutluluk duyar\u0131z ve \u00fccretsiz ki\u015fisel hesap sa\u011flay\u0131c\u0131n\u0131zla ilk ki\u015fisel deneyimlerinizi yapman\u0131z\u0131 \u00f6neririz.<\/p>\n<p>Daha fazla bilgi i\u00e7in l\u00fctfen linki takip edin: <a href=\"https:\/\/turbobitpremium.info\/\" target=\"_blank\" rel=\"noopener noreferrer\">Turbobit Premium<\/a><\/p>\n\n<p><a class=\"fasc-button fasc-size-xlarge fasc-type-glossy fasc-rounded-medium ico-fa fasc-ico-after fa-share\" style=\"background-color: #43585e; color: #ffffff;\" target=\"_blank\" rel=\"nofollow noopener noreferrer\" href=\"https:\/\/multihoster.org\/turbobit\/goto\/\">Turbobit.net adresine git<\/a><\/p>\n<h2><span id=\"result_box\" class=\"short_text\" lang=\"tr\"><span class=\"\">Bir bak\u0131\u015fta tam turbobit aral\u0131\u011f\u0131<\/span><\/span><\/h2>\n<p>\u0130lk olarak, Turbobit maksimum indirme h\u0131z\u0131na izin veren de\u011ferli bir premium hesap sunuyor. Ayr\u0131ca, zorunlu kesintiler yoktur, reklam yoktur ve indirme y\u00f6neticisi de kullan\u0131labilir.<\/p>\n<p>Turbo Access olarak adland\u0131r\u0131lan Premium hesab\u0131na ek olarak, ziyaret\u00e7iler ayn\u0131 zamanda servis sa\u011flay\u0131c\u0131s\u0131n\u0131 \u00fccretsiz olarak test edebilir ve istenen dosyalar\u0131 bir hesap olmadan sadece birka\u00e7 t\u0131klama ile y\u00fckleyebilirler.<\/p>\n<p>Bir Premium Turbobit hesab\u0131 sat\u0131n almak istiyorsan\u0131z, be\u015f abonelik aras\u0131ndan se\u00e7im yapabilirsiniz.<\/p>\n<h2><span id=\"result_box\" class=\"short_text\" lang=\"tr\"><span class=\"\">bonus teklifler<\/span><\/span><\/h2>\n<p>Turbobit, en pop\u00fcler dosyalar\u0131 haz\u0131rlayanlar i\u00e7in para kazanman\u0131n ilgin\u00e7 bir yolunu sunuyor. 1000 indirme ba\u015f\u0131na 40 dolara kadar m\u00fcmk\u00fcn &#8211; bu \u015fekilde sadece k\u00fc\u00e7\u00fck bir maa\u015f de\u011fil, tam ayl\u0131k maa\u015f\u0131 da kazanabilirsiniz. Ayr\u0131ca, sa\u011flay\u0131c\u0131y\u0131 reklam vererek de\u011ferli komisyonlar alabilirsiniz.<\/p>\n<p><img loading=\"lazy\" class=\"alignnone size-full wp-image-836\" src=\"https:\/\/multihoster.org\/wp-content\/uploads\/2018\/08\/turbobit.jpg\" alt=\"turbobit\" width=\"1457\" height=\"864\" srcset=\"https:\/\/multihoster.org\/wp-content\/uploads\/2018\/08\/turbobit.jpg 1457w, https:\/\/multihoster.org\/wp-content\/uploads\/2018\/08\/turbobit-300x178.jpg 300w, https:\/\/multihoster.org\/wp-content\/uploads\/2018\/08\/turbobit-768x455.jpg 768w, https:\/\/multihoster.org\/wp-content\/uploads\/2018\/08\/turbobit-1024x607.jpg 1024w\" sizes=\"(max-width: 1457px) 100vw, 1457px\" \/><\/p>\n<p>&nbsp;<\/p>\n<h2><span id=\"result_box\" class=\"short_text\" lang=\"tr\"><span class=\"\">Maliyetler ve \u00f6deme se\u00e7enekleri<\/span><\/span><\/h2>\n<p>Ayr\u0131ca bir Premium Turbobit hesab\u0131 sat\u0131n almak isterseniz, Turbobit&#8217;in sundu\u011fu \u00e7e\u015fitli \u00f6deme y\u00f6ntemleri vard\u0131r. Bunlar aras\u0131nda MasterCard ve VISA, Paypal, S \u20ac PA ve Skrill ile \u00f6deme bulunmaktad\u0131r. Paysafecard veya Bitcoin ile anonim \u00f6deme yapmak da m\u00fcmk\u00fcnd\u00fcr. Ayr\u0131ca, Premium Hesab\u0131n\u0131za Giropay, WebMoney ve di\u011fer bir\u00e7ok y\u00f6ntemle giri\u015f yapabilirsiniz. Bunlar OPENBUCKS&#8217;ten g\u00fcvenlik \u00f6demelerine kadar de\u011fi\u015fmektedir.<\/p>\n<p>\u00d6deme i\u015flemi s\u0131ras\u0131nda aboneli\u011finizi otomatik olarak yenilemeyi tercih ederseniz, premium hesab\u0131n\u0131zdan t\u00fcm ek sipari\u015flerde% 25 indirim al\u0131rs\u0131n\u0131z. Bu, gelecekteki para \u00e7ekme i\u015flemlerinin fiyat\u0131n\u0131 \u00f6nemli \u00f6l\u00e7\u00fcde d\u00fc\u015f\u00fcr\u00fcr.<\/p>\n<p><strong>\n<table id=\"tablepress-76\" class=\"tablepress tablepress-id-76\">\n<tbody class=\"row-hover\">\n<tr class=\"row-1 odd\">\n\t<td class=\"column-1\">Turbo 1 hafta<\/td><td class=\"column-2\">Turbo 1 ay<\/td><td class=\"column-3\">Turbo 6 ay<\/td><td class=\"column-4\">Turbo 1 y\u0131l<\/td><td class=\"column-5\">Turbo 2 y\u0131l<\/td>\n<\/tr>\n<tr class=\"row-2 even\">\n\t<td class=\"column-1\">5,95 $<\/td><td class=\"column-2\">9,95 $<\/td><td class=\"column-3\">34,95 $<\/td><td class=\"column-4\">59,95 $<\/td><td class=\"column-5\">89,95 $<\/td>\n<\/tr>\n<tr class=\"row-3 odd\">\n\t<td class=\"column-1\">G\u00fcnl\u00fck 0,85 dolar<\/td><td class=\"column-2\">G\u00fcnde 0.33 dolar<\/td><td class=\"column-3\">G\u00fcnde 0.19 dolar<\/td><td class=\"column-4\">G\u00fcnde 0.16 dolar<\/td><td class=\"column-5\">G\u00fcnde 0,15 dolar<\/td>\n<\/tr>\n<\/tbody>\n<\/table>\n<!-- #tablepress-76 from cache --><\/strong><\/p>\n<p><a class=\"fasc-button fasc-size-xlarge fasc-type-glossy fasc-rounded-medium ico-fa fasc-ico-after fa-share\" style=\"background-color: #43585e; color: #ffffff;\" target=\"_blank\" rel=\"nofollow noopener noreferrer\" href=\"https:\/\/multihoster.org\/turbobit\/goto\/\">Turbobit.net adresine git<\/a><\/p>\n<p>&nbsp;<\/p>\n<h2><span id=\"result_box\" class=\"short_text\" lang=\"tr\"><span class=\"\">Gizlilik ve Gizlilik<\/span><\/span><\/h2>\n<p>Veri koruma konusunda, sa\u011flay\u0131c\u0131 ziyaret\u00e7ilerin ve m\u00fc\u015fterilerin gizlili\u011fini ve verilerini korumak i\u00e7in gerekli t\u00fcm \u00f6nlemleri alaca\u011f\u0131n\u0131 beyan eder.<\/p>\n<p>Web sitesini ziyaret etti\u011finizde ve hizmetleri kulland\u0131\u011f\u0131n\u0131zda, \u00e7e\u015fitli veriler otomatik olarak depolan\u0131r. \u00d6rne\u011fin, e-posta adresiniz ve ad\u0131n\u0131z kay\u0131t s\u0131ras\u0131nda kaydedilir. Ayr\u0131ca, i\u015f s\u00fcre\u00e7lerini optimize etmek ve m\u00fc\u015fterilere daha iyi hizmet vermek i\u00e7in anonim demografik veriler zamanla toplanabilir. Buna, IP adresiniz, ziyaret etti\u011finiz web siteleri, taray\u0131c\u0131n\u0131z veya web sitesi ziyaret s\u00fcreniz, ki\u015fisel veriler olarak de\u011fil, anonim olarak saklanan veriler dahildir. \u00c7erezler de kullan\u0131labilir.<\/p>\n<p>Trafik g\u00fcvenli\u011finizi sa\u011flamak i\u00e7in ki\u015fisel verileriniz \u015fifreleme ile korunmaktad\u0131r.<\/p>\n<h2>m\u00fc\u015fteri hizmetleri<\/h2>\n<p>Turbobit M\u00fc\u015fteri Servisi, e-posta, Skype ve ICQ arac\u0131l\u0131\u011f\u0131yla mevcuttur ve ki\u015fisel sorular\u0131n\u0131z\u0131 Pazartesi&#8217;den Cumartesiye 12:00 ile 18:00 aras\u0131nda yan\u0131tlar. E-posta ile bize ula\u015fmak i\u00e7in ileti\u015fim formunu a\u00e7\u0131n, istedi\u011finiz alan\u0131 se\u00e7in ve talebinizi a\u00e7\u0131klay\u0131n.<\/p>\n<p>Ayr\u0131ca, sadece \u0130ngilizce ve Rus\u00e7a dillerinde bir SSS alan\u0131 bulacaks\u0131n\u0131z.<\/p>\n<h2><span id=\"result_box\" class=\"short_text\" lang=\"tr\"><span class=\"\">hafifletmek<\/span><\/span><\/h2>\n<p>Web sitesi, ziyaret\u00e7ilerin, sundu\u011fu Turbobit hizmetlerini h\u0131zl\u0131 bir \u015fekilde g\u00f6rebilmeleri i\u00e7in a\u00e7\u0131k\u00e7a yap\u0131land\u0131r\u0131lm\u0131\u015ft\u0131r. Bir hesap olu\u015fturmaya bile gerek duymad\u0131\u011f\u0131n\u0131z y\u00fckleme se\u00e7ene\u011fi h\u0131zl\u0131 bir \u015fekilde bulunur ve Turbo eri\u015fimi ile ilgili gerekli t\u00fcm bilgiler h\u0131zl\u0131 ve net bir \u015fekilde g\u00f6r\u00fcn\u00fcr hale gelir. Ayr\u0131ca, premium Turbobit hesab\u0131na ge\u00e7mek de kolayd\u0131r.<\/p>\n<p>Ana sayfada, kay\u0131tl\u0131 olmayan kullan\u0131c\u0131lar zaten bir taray\u0131c\u0131 y\u00fckleyebilir ve dosyalar\u0131 &#8220;Dosya Se\u00e7&#8221; veya &#8220;S\u00fcr\u00fckle ve B\u0131rak&#8221; ile s\u00fcr\u00fckleyip b\u0131rakabilir. \u00dcst k\u0131s\u0131mda dosyaya ek olarak iki ba\u015fka sekme daha var: Turbo eri\u015fimi ve para kazanma. \u0130lk sekme kullan\u0131c\u0131ya premium hesapla ilgili gerekli t\u00fcm bilgileri verirken, ikinci sekme, Turbobit sa\u011flay\u0131c\u0131s\u0131 taraf\u0131ndan m\u00fcmk\u00fcn olan ilgin\u00e7 gelir f\u0131rsatlar\u0131 sunar.<\/p>\n<p>Sol \u00fcstte &#8220;Dosya y\u00fckle&#8221; i\u015flevini ve &#8220;Dosyalar\u0131m&#8221; a eri\u015feceksin. Burada y\u00fckledi\u011finiz veya indirdi\u011finiz dosyalar\u0131 g\u00f6r\u00fcnt\u00fcleyebilir ve d\u00fczenleyebilirsiniz.<\/p>\n<p>Turbobit ile ilgili deneyimimize dayanarak, Turbobit&#8217;in \u00fccretsiz ve premium hesaplar\u0131n\u0131n her ikisinin de \u00f6nemli katma de\u011fer sundu\u011funu s\u00f6yleyebiliriz.<\/p>\n<p><img loading=\"lazy\" class=\"alignnone size-full wp-image-837\" src=\"https:\/\/multihoster.org\/wp-content\/uploads\/2018\/08\/turbo_access.jpg\" alt=\"Pricing\" width=\"1365\" height=\"885\" srcset=\"https:\/\/multihoster.org\/wp-content\/uploads\/2018\/08\/turbo_access.jpg 1365w, https:\/\/multihoster.org\/wp-content\/uploads\/2018\/08\/turbo_access-300x195.jpg 300w, https:\/\/multihoster.org\/wp-content\/uploads\/2018\/08\/turbo_access-768x498.jpg 768w, https:\/\/multihoster.org\/wp-content\/uploads\/2018\/08\/turbo_access-1024x664.jpg 1024w\" sizes=\"(max-width: 1365px) 100vw, 1365px\" \/><\/p>\n<h2><span id=\"result_box\" class=\"short_text\" lang=\"tr\"><span class=\"\">Turbobit ile premium hesab\u0131n avantajlar\u0131<\/span><\/span><\/h2>\n<p>\u00dccretsiz hesap i\u015flevlerine ek olarak, Turbobit Turbo Access bir dizi i\u015flev sunar. \u0130stedi\u011finiz dosyalar\u0131 reklamdan rahats\u0131z edilmeden maksimum indirme h\u0131z\u0131nda indirmenize izin verir. Zorlanm\u0131\u015f kesintiler de ortadan kald\u0131r\u0131l\u0131r ve bir indirme y\u00f6neticisinin kullan\u0131m\u0131na izin verilir.<\/p>\n<h2><span id=\"result_box\" class=\"short_text\" lang=\"tr\"><span class=\"\">Turbobit tedarik\u00e7isine sonu\u00e7lar\u0131m\u0131z<\/span><\/span><\/h2>\n<p>Sonu\u00e7 olarak, Turbobit dosyalar\u0131 y\u00fcklemek ve indirmek i\u00e7in ilgin\u00e7 bir yoldur. \u00d6nce \u00fccretsiz hesab\u0131n\u0131z\u0131 test edebilir ve daha sonra \u00e7e\u015fitli abonelikler arac\u0131l\u0131\u011f\u0131yla kullan\u0131labilen bir Premium Turbobit hesab\u0131 sat\u0131n alabilirsiniz. Deneyimlerimiz sayesinde Turbobit, kapsaml\u0131 servisi, cazip kazan\u00e7 potansiyeli ve birinci s\u0131n\u0131f kullan\u0131m kolayl\u0131\u011f\u0131 ile ikna edebiliyor.<\/p>\n<p><a class=\"fasc-button fasc-size-xlarge fasc-type-glossy fasc-rounded-medium ico-fa fasc-ico-after fa-share\" style=\"background-color: #43585e; color: #ffffff;\" target=\"_blank\" rel=\"nofollow noopener noreferrer\" href=\"https:\/\/multihoster.org\/turbobit\/goto\/\">Turbobit.net adresine git<\/a><\/p>\n","protected":false},"excerpt":{"rendered":"<p>Turbobit ile sadece \u00e7ok say\u0131da dosya indirebilir, ayn\u0131 zamanda kendi dosyalar\u0131n\u0131z\u0131 y\u00fckleyebilir ve cazip bir \u00fccret alabilirsiniz. \u00dccretsiz kullan\u0131m veya<\/p>\n","protected":false},"author":2,"featured_media":0,"parent":0,"menu_order":0,"comment_status":"closed","ping_status":"closed","template":"","meta":[],"yoast_head":"<!-- This site is optimized with the Yoast SEO plugin v18.3 - https:\/\/yoast.com\/wordpress\/plugins\/seo\/ -->\n<title>TurboBit Premium Hesap sayg\u0131n m\u0131, de\u011fil mi? ++ Multihoster.org \u00fczerinde Test<\/title>\n<meta name=\"description\" content=\"Sizi, Filehoster Turbobit&#039;e tan\u0131tmak ve tecr\u00fcbemizi sizlerle birlikte \u00fccretsiz hesap ve Turbobit Premium Hesab\u0131 ile payla\u015fmak istiyoruz.\" \/>\n<meta name=\"robots\" content=\"index, follow, max-snippet:-1, max-image-preview:large, max-video-preview:-1\" \/>\n<link rel=\"canonical\" href=\"https:\/\/multihoster.org\/tr\/turbobit\/\" \/>\n<meta property=\"og:locale\" content=\"tr_TR\" \/>\n<meta property=\"og:type\" content=\"article\" \/>\n<meta property=\"og:title\" content=\"TurboBit Premium Hesap sayg\u0131n m\u0131, de\u011fil mi? ++ Multihoster.org \u00fczerinde Test\" \/>\n<meta property=\"og:description\" content=\"Sizi, Filehoster Turbobit&#039;e tan\u0131tmak ve tecr\u00fcbemizi sizlerle birlikte \u00fccretsiz hesap ve Turbobit Premium Hesab\u0131 ile payla\u015fmak istiyoruz.\" \/>\n<meta property=\"og:url\" content=\"https:\/\/multihoster.org\/tr\/turbobit\/\" \/>\n<meta property=\"og:site_name\" content=\"Multihoster.org\" \/>\n<meta property=\"article:modified_time\" content=\"2019-10-28T16:08:36+00:00\" \/>\n<meta property=\"og:image\" content=\"https:\/\/multihoster.org\/wp-content\/uploads\/2018\/08\/turbobit.png\" \/>\n<meta name=\"twitter:card\" content=\"summary\" \/>\n<meta name=\"twitter:label1\" content=\"Tahmini okuma s\u00fcresi\" \/>\n\t<meta name=\"twitter:data1\" content=\"4 dakika\" \/>\n<script type=\"application\/ld+json\" class=\"yoast-schema-graph\">{\"@context\":\"https:\/\/schema.org\",\"@graph\":[{\"@type\":\"WebSite\",\"@id\":\"https:\/\/multihoster.org\/#website\",\"url\":\"https:\/\/multihoster.org\/\",\"name\":\"Multihoster.org\",\"description\":\"Reviews of the major Filehosting services\",\"potentialAction\":[{\"@type\":\"SearchAction\",\"target\":{\"@type\":\"EntryPoint\",\"urlTemplate\":\"https:\/\/multihoster.org\/?s={search_term_string}\"},\"query-input\":\"required name=search_term_string\"}],\"inLanguage\":\"tr\"},{\"@type\":\"ImageObject\",\"@id\":\"https:\/\/multihoster.org\/tr\/turbobit\/#primaryimage\",\"inLanguage\":\"tr\",\"url\":\"https:\/\/multihoster.org\/wp-content\/uploads\/2018\/08\/turbobit.png\",\"contentUrl\":\"https:\/\/multihoster.org\/wp-content\/uploads\/2018\/08\/turbobit.png\",\"width\":365,\"height\":105,\"caption\":\"turbobit\"},{\"@type\":\"WebPage\",\"@id\":\"https:\/\/multihoster.org\/tr\/turbobit\/#webpage\",\"url\":\"https:\/\/multihoster.org\/tr\/turbobit\/\",\"name\":\"TurboBit Premium Hesap sayg\u0131n m\u0131, de\u011fil mi? ++ Multihoster.org \u00fczerinde Test\",\"isPartOf\":{\"@id\":\"https:\/\/multihoster.org\/#website\"},\"primaryImageOfPage\":{\"@id\":\"https:\/\/multihoster.org\/tr\/turbobit\/#primaryimage\"},\"datePublished\":\"2018-08-16T04:40:39+00:00\",\"dateModified\":\"2019-10-28T16:08:36+00:00\",\"description\":\"Sizi, Filehoster Turbobit'e tan\u0131tmak ve tecr\u00fcbemizi sizlerle birlikte \u00fccretsiz hesap ve Turbobit Premium Hesab\u0131 ile payla\u015fmak istiyoruz.\",\"breadcrumb\":{\"@id\":\"https:\/\/multihoster.org\/tr\/turbobit\/#breadcrumb\"},\"inLanguage\":\"tr\",\"potentialAction\":[{\"@type\":\"ReadAction\",\"target\":[\"https:\/\/multihoster.org\/tr\/turbobit\/\"]}]},{\"@type\":\"BreadcrumbList\",\"@id\":\"https:\/\/multihoster.org\/tr\/turbobit\/#breadcrumb\",\"itemListElement\":[{\"@type\":\"ListItem\",\"position\":1,\"name\":\"Startseite\",\"item\":\"https:\/\/multihoster.org\/tr\/\"},{\"@type\":\"ListItem\",\"position\":2,\"name\":\"Turbobit Premium Hesap &#8211; Bir bak\u0131\u015fta Filehoster\"}]}]}<\/script>\n<!-- \/ Yoast SEO plugin. -->","yoast_head_json":{"title":"TurboBit Premium Hesap sayg\u0131n m\u0131, de\u011fil mi? ++ Multihoster.org \u00fczerinde Test","description":"Sizi, Filehoster Turbobit'e tan\u0131tmak ve tecr\u00fcbemizi sizlerle birlikte \u00fccretsiz hesap ve Turbobit Premium Hesab\u0131 ile payla\u015fmak istiyoruz.","robots":{"index":"index","follow":"follow","max-snippet":"max-snippet:-1","max-image-preview":"max-image-preview:large","max-video-preview":"max-video-preview:-1"},"canonical":"https:\/\/multihoster.org\/tr\/turbobit\/","og_locale":"tr_TR","og_type":"article","og_title":"TurboBit Premium Hesap sayg\u0131n m\u0131, de\u011fil mi? ++ Multihoster.org \u00fczerinde Test","og_description":"Sizi, Filehoster Turbobit'e tan\u0131tmak ve tecr\u00fcbemizi sizlerle birlikte \u00fccretsiz hesap ve Turbobit Premium Hesab\u0131 ile payla\u015fmak istiyoruz.","og_url":"https:\/\/multihoster.org\/tr\/turbobit\/","og_site_name":"Multihoster.org","article_modified_time":"2019-10-28T16:08:36+00:00","og_image":[{"url":"https:\/\/multihoster.org\/wp-content\/uploads\/2018\/08\/turbobit.png"}],"twitter_card":"summary","twitter_misc":{"Tahmini okuma s\u00fcresi":"4 dakika"},"schema":{"@context":"https:\/\/schema.org","@graph":[{"@type":"WebSite","@id":"https:\/\/multihoster.org\/#website","url":"https:\/\/multihoster.org\/","name":"Multihoster.org","description":"Reviews of the major Filehosting services","potentialAction":[{"@type":"SearchAction","target":{"@type":"EntryPoint","urlTemplate":"https:\/\/multihoster.org\/?s={search_term_string}"},"query-input":"required name=search_term_string"}],"inLanguage":"tr"},{"@type":"ImageObject","@id":"https:\/\/multihoster.org\/tr\/turbobit\/#primaryimage","inLanguage":"tr","url":"https:\/\/multihoster.org\/wp-content\/uploads\/2018\/08\/turbobit.png","contentUrl":"https:\/\/multihoster.org\/wp-content\/uploads\/2018\/08\/turbobit.png","width":365,"height":105,"caption":"turbobit"},{"@type":"WebPage","@id":"https:\/\/multihoster.org\/tr\/turbobit\/#webpage","url":"https:\/\/multihoster.org\/tr\/turbobit\/","name":"TurboBit Premium Hesap sayg\u0131n m\u0131, de\u011fil mi? ++ Multihoster.org \u00fczerinde Test","isPartOf":{"@id":"https:\/\/multihoster.org\/#website"},"primaryImageOfPage":{"@id":"https:\/\/multihoster.org\/tr\/turbobit\/#primaryimage"},"datePublished":"2018-08-16T04:40:39+00:00","dateModified":"2019-10-28T16:08:36+00:00","description":"Sizi, Filehoster Turbobit'e tan\u0131tmak ve tecr\u00fcbemizi sizlerle birlikte \u00fccretsiz hesap ve Turbobit Premium Hesab\u0131 ile payla\u015fmak istiyoruz.","breadcrumb":{"@id":"https:\/\/multihoster.org\/tr\/turbobit\/#breadcrumb"},"inLanguage":"tr","potentialAction":[{"@type":"ReadAction","target":["https:\/\/multihoster.org\/tr\/turbobit\/"]}]},{"@type":"BreadcrumbList","@id":"https:\/\/multihoster.org\/tr\/turbobit\/#breadcrumb","itemListElement":[{"@type":"ListItem","position":1,"name":"Startseite","item":"https:\/\/multihoster.org\/tr\/"},{"@type":"ListItem","position":2,"name":"Turbobit Premium Hesap &#8211; Bir bak\u0131\u015fta Filehoster"}]}]}},"_links":{"self":[{"href":"https:\/\/multihoster.org\/tr\/wp-json\/wp\/v2\/pages\/1084"}],"collection":[{"href":"https:\/\/multihoster.org\/tr\/wp-json\/wp\/v2\/pages"}],"about":[{"href":"https:\/\/multihoster.org\/tr\/wp-json\/wp\/v2\/types\/page"}],"author":[{"embeddable":true,"href":"https:\/\/multihoster.org\/tr\/wp-json\/wp\/v2\/users\/2"}],"replies":[{"embeddable":true,"href":"https:\/\/multihoster.org\/tr\/wp-json\/wp\/v2\/comments?post=1084"}],"version-history":[{"count":8,"href":"https:\/\/multihoster.org\/tr\/wp-json\/wp\/v2\/pages\/1084\/revisions"}],"predecessor-version":[{"id":2306,"href":"https:\/\/multihoster.org\/tr\/wp-json\/wp\/v2\/pages\/1084\/revisions\/2306"}],"wp:attachment":[{"href":"https:\/\/multihoster.org\/tr\/wp-json\/wp\/v2\/media?parent=1084"}],"curies":[{"name":"wp","href":"https:\/\/api.w.org\/{rel}","templated":true}]}}