{"id":1176,"date":"2018-09-11T05:07:18","date_gmt":"2018-09-11T05:07:18","guid":{"rendered":"https:\/\/multihoster.org\/?page_id=1176"},"modified":"2018-10-04T14:22:57","modified_gmt":"2018-10-04T14:22:57","slug":"datafile","status":"publish","type":"page","link":"https:\/\/multihoster.org\/tr\/datafile\/","title":{"rendered":"DataFile Premium Hesab\u0131 &#8211; Bir bak\u0131\u015fta Filehoster"},"content":{"rendered":"<p><img loading=\"lazy\" class=\" wp-image-1047 alignleft\" src=\"https:\/\/multihoster.org\/wp-content\/uploads\/2018\/08\/datafile.png\" alt=\"datafile\" width=\"425\" height=\"124\" srcset=\"https:\/\/multihoster.org\/wp-content\/uploads\/2018\/08\/datafile.png 425w, https:\/\/multihoster.org\/wp-content\/uploads\/2018\/08\/datafile-300x88.png 300w\" sizes=\"(max-width: 425px) 100vw, 425px\" \/><\/p>\n<p style=\"text-align: left;\">Web varl\u0131\u011f\u0131ndan DataFile ile dosya y\u00fckleme ve di\u011fer kullan\u0131c\u0131lara sunma olana\u011f\u0131n\u0131z var veya dosyalar\u0131 her t\u00fcrl\u00fc kaynaktan kendiniz indirebilirsiniz.<\/p>\n<p style=\"text-align: left;\">Kendi belgelerinizi ve di\u011fer verilerinizi y\u00fcklemek i\u00e7in \u00fccretsiz y\u00fckleyiciyi kullanabilir veya daha b\u00fcy\u00fck dosyalar sa\u011flamak istiyorsan\u0131z, datafile.com adresinden \u00fccretli bir hesap olu\u015fturabilirsiniz.<\/p>\n\n<p><a class=\"fasc-button fasc-size-xlarge fasc-type-glossy fasc-rounded-medium ico-fa fasc-ico-after fa-share\" style=\"background-color: #247edd; color: #ffffff;\" target=\"_blank\" rel=\"nofollow\" href=\"https:\/\/multihoster.org\/datafile\/goto\/\">DataFile.com&#8217;a git<\/a><\/p>\n<h2 style=\"text-align: left;\">Tedarik\u00e7inin olumlu \u00f6zellikleri<\/h2>\n<ul>\n<li>Basit ve basit<\/li>\n<li><span id=\"result_box\" class=\"short_text\" lang=\"tr\"><span class=\"\">Elveri\u015fli ve iyi<\/span><\/span><\/li>\n<li><span id=\"result_box\" class=\"short_text\" lang=\"tr\"><span class=\"\">Y\u00fcksek kullan\u0131c\u0131 dostu<\/span><\/span><\/li>\n<li><span id=\"result_box\" class=\"short_text\" lang=\"tr\"><span class=\"\">\u00c7e\u015fitli \u00f6deme y\u00f6ntemleri<\/span><\/span><\/li>\n<\/ul>\n<h2>Bir bak\u0131\u015fta DataFile&#8217;\u0131n eksiksiz teklifi<\/h2>\n<p>DataFile ile aktif hale gelmek i\u00e7in, \u00f6nce e-posta adresinizi ve \u015fifrenizi kaydettirmeli ve robot olmad\u0131\u011f\u0131n\u0131z\u0131 bir hack ile do\u011frulaman\u0131z gerekmektedir.<\/p>\n<p><img loading=\"lazy\" class=\"alignnone size-full wp-image-795\" src=\"https:\/\/multihoster.org\/wp-content\/uploads\/2018\/08\/datafile.jpg\" alt=\"datafile\" width=\"1615\" height=\"824\" srcset=\"https:\/\/multihoster.org\/wp-content\/uploads\/2018\/08\/datafile.jpg 1615w, https:\/\/multihoster.org\/wp-content\/uploads\/2018\/08\/datafile-300x153.jpg 300w, https:\/\/multihoster.org\/wp-content\/uploads\/2018\/08\/datafile-768x392.jpg 768w, https:\/\/multihoster.org\/wp-content\/uploads\/2018\/08\/datafile-1024x522.jpg 1024w\" sizes=\"(max-width: 1615px) 100vw, 1615px\" \/><\/p>\n<p><span id=\"result_box\" class=\"\" lang=\"tr\"><span class=\"\">Bu i\u015flem tamamland\u0131\u011f\u0131nda, en fazla 10 gigabayt&#8217;a ve toplam 500 gigabayta kadar dosya y\u00fcklemenize veya bir DataFile Premium hesab\u0131 se\u00e7menize izin veren \u00fccretsiz hizmeti kullanabilirsiniz.<\/span><\/span><\/p>\n<p><span id=\"result_box\" class=\"\" lang=\"tr\"><span class=\"\">Bu 30 g\u00fcn i\u00e7in ge\u00e7erlidir ve g\u00fcnl\u00fck 50 sente e\u015fde\u011fer olan 14.99 Dolar&#8217;d\u0131r.<\/span> <span class=\"\">Avantajlar, 30 gigabayt&#8217;a kadar olan dosyalar\u0131n y\u00fcklenebilmesidir, ki bu hesap devam ederse s\u00fcresiz saklanabilir (e\u011fer silinirse, veriler hala 30 g\u00fcn boyunca kullan\u0131labilir) ve indirme i\u00e7in bekleme s\u00fcresi yoktur.<\/span> <span class=\"\">DataFile Premium i\u00e7in, kredi kart\u0131 \u00f6demelerinden GooglePlay ve bitcoins&#8217;e kadar \u00f6deme yapman\u0131n bir\u00e7ok yolu vard\u0131r, hemen hemen her \u015fey m\u00fcmk\u00fcnd\u00fcr.<\/span> <span class=\"\">\u0130stedi\u011finiz ek \u00f6deme se\u00e7ene\u011finin do\u011frudan DataFile Premium ile sa\u011flanamamas\u0131 durumunda bir\u00e7ok yetkili sat\u0131c\u0131 da mevcuttur.<\/span><\/span><\/p>\n<p><strong>\n<table id=\"tablepress-77\" class=\"tablepress tablepress-id-77\">\n<tbody class=\"row-hover\">\n<tr class=\"row-1 odd\">\n\t<td class=\"column-1\">Marka<\/td><td class=\"column-2\">\u00dccretsiz<\/td><td class=\"column-3\">14.99 $ i\u00e7in 30 g\u00fcn<\/td>\n<\/tr>\n<tr class=\"row-2 even\">\n\t<td class=\"column-1\">indirme h\u0131z\u0131<\/td><td class=\"column-2\">minimum<\/td><td class=\"column-3\">Maksimum<\/td>\n<\/tr>\n<tr class=\"row-3 odd\">\n\t<td class=\"column-1\">Y\u00fckleme-TR<\/td><td class=\"column-2\">10 GB<\/td><td class=\"column-3\">30 GB<\/td>\n<\/tr>\n<tr class=\"row-4 even\">\n\t<td class=\"column-1\">Veri \u00d6n\u015fart\u0131<\/td><td class=\"column-2\">30 g\u00fcn<\/td><td class=\"column-3\">S\u0131n\u0131rs\u0131z<\/td>\n<\/tr>\n<tr class=\"row-5 odd\">\n\t<td class=\"column-1\">\u0130ndirme i\u015flemlerini duraklatma<\/td><td class=\"column-2\">Yok hay\u0131r<\/td><td class=\"column-3\">Evet<\/td>\n<\/tr>\n<tr class=\"row-6 even\">\n\t<td class=\"column-1\">Reklam yok<\/td><td class=\"column-2\">Yok hay\u0131r<\/td><td class=\"column-3\">Evet<\/td>\n<\/tr>\n<tr class=\"row-7 odd\">\n\t<td class=\"column-1\">Birden \u00c7ok \u0130ndirme<\/td><td class=\"column-2\">Yok hay\u0131r<\/td><td class=\"column-3\">Evet<\/td>\n<\/tr>\n<tr class=\"row-8 even\">\n\t<td class=\"column-1\">Gecikmeyi indir<\/td><td class=\"column-2\">30 saniye<\/td><td class=\"column-3\">0 saniye<\/td>\n<\/tr>\n<\/tbody>\n<\/table>\n<!-- #tablepress-77 from cache --><\/strong><\/p>\n<p><a class=\"fasc-button fasc-size-xlarge fasc-type-glossy fasc-rounded-medium ico-fa fasc-ico-after fa-share\" style=\"background-color: #247edd; color: #ffffff;\" target=\"_blank\" rel=\"nofollow\" href=\"https:\/\/multihoster.org\/datafile\/goto\/\">DataFile.com&#8217;a git<\/a><\/p>\n<h2><span id=\"result_box\" class=\"short_text\" lang=\"tr\"><span class=\"\">Gizlilik Bildirimi ve Veri Korumas\u0131<\/span><\/span><\/h2>\n<p><span id=\"result_box\" class=\"\" lang=\"tr\"><span title=\"It is now self-evident that users of services on the Internet always ensure that your data is treated securely and confidentially.\">Art\u0131k \u0130nternet&#8217;teki servis kullan\u0131c\u0131lar\u0131n\u0131n, verilerinizin g\u00fcvenli ve gizli bir \u015fekilde ele al\u0131nmas\u0131n\u0131 sa\u011flad\u0131\u011f\u0131ndan emin olun. <\/span><span title=\"We have carefully reviewed the service of the DataFile account and believe that your data with Datafile is absolutely secure and will be treated confidentially. \">DataFile hesab\u0131n\u0131n hizmetini dikkatle inceledik ve Datafile ile verilerinizin kesinlikle g\u00fcvenli oldu\u011funa ve gizli olarak ele al\u0131naca\u011f\u0131na inan\u0131yoruz.<\/span><\/span><\/p>\n<p><span title=\"DataFile guarantees you absolutely reliable processing of your data in accordance with your terms and conditions.\">DataFile, verilerinizin \u015fartlar ve ko\u015fullar\u0131n\u0131za uygun olarak g\u00fcvenilir bir \u015fekilde i\u015flenmesini garanti eder. <\/span><span title=\"The data is made anonymous in order to improve the DataFile service and to draw technical marketing conclusions.\">DataFile hizmetini geli\u015ftirmek ve teknik pazarlama sonu\u00e7lar\u0131n\u0131 \u00e7izmek i\u00e7in veriler anonim hale getirilmi\u015ftir. <\/span><span title=\"All purchase data, your financial information, as well as your name and all personal data will be kept strictly confidential in accordance with applicable law and will be kept safe in accordance with the latest standards. \">T\u00fcm sat\u0131n alma verileri, mali bilgileriniz, ad\u0131n\u0131z ve t\u00fcm ki\u015fisel bilgileriniz y\u00fcr\u00fcrl\u00fckteki yasalara uygun olarak kesinlikle gizli tutulacak ve en son standartlara uygun olarak g\u00fcvenli tutulacakt\u0131r.<\/span><\/p>\n<p><span title=\"All in all, your data at DataFile is absolutely secure and will only be passed on to the company's direct partners in accordance with the same or higher standards and applicable laws, such as DataFile.\">Sonu\u00e7 olarak, DataFile&#8217;daki verileriniz kesinlikle g\u00fcvenlidir ve yaln\u0131zca DataFile gibi ayn\u0131 veya daha y\u00fcksek standartlara ve ge\u00e7erli yasalara uygun olarak \u015firketin do\u011frudan ortaklar\u0131na aktar\u0131lacakt\u0131r. <\/span><span title=\"With DataFile.com, you can be sure that your information is in reliable hands and will never be passed on to unauthorised persons.\">DataFile.com ile, bilgilerinizin g\u00fcvenilir ellerde oldu\u011fundan ve hi\u00e7bir zaman yetkisiz ki\u015filere aktar\u0131lmayaca\u011f\u0131ndan emin olabilirsiniz.<\/span><\/p>\n<h2><span id=\"result_box\" class=\"short_text\" lang=\"tr\"><span class=\"\">Sat\u0131\u015f sonras\u0131 servis<\/span><\/span><\/h2>\n<p><span id=\"result_box\" class=\"\" lang=\"tr\">DataFile ile do\u011frudan 3 \u015fekilde ileti\u015fime ge\u00e7ebilirsiniz. \u0130nternet \u00fczerinden iki se\u00e7enek \u00f6nerilir. Bir yandan, men\u00fc noktas\u0131n\u0131n alt\u0131nda, ileti\u015fim formuna g\u00f6t\u00fcrecek en sa\u011fdaki Ki\u015fi sekmesini g\u00f6receksiniz. <span class=\"\">Burada uygun kategori, e-posta adresiniz ve sorun ve yorumlar durumunda ekleri kullanarak DataFile&#8217;a mesaj g\u00f6nderebilirsiniz.<\/span> Ayr\u0131ca, ayn\u0131 sekmenin alt\u0131nda kullanabilece\u011finiz bir e-posta adresi de vard\u0131r. <span class=\"\">Son olarak, posta adresi de bulunabilir.<\/span><\/span><\/p>\n<h2><span id=\"result_box\" class=\"short_text\" lang=\"tr\"><span class=\"\">Kullan\u0131c\u0131 dostu<\/span><\/span><\/h2>\n<p><span id=\"result_box\" class=\"\" lang=\"tr\"><span class=\"\">DataFile&#8217;a y\u00fckleme yapmak \u00e7ok basit ve kolayd\u0131r.<\/span> <span class=\"\">Y\u00fckleyici, ana sayfada veya &#8220;Dosyalar\u0131 kar\u015f\u0131ya y\u00fckleme&#8221; sekmesinin alt\u0131nda sol \u00fcstte bulunabilir.<\/span> <span class=\"\">Do\u011frudan ortas\u0131na yerle\u015ftirilir ve g\u00f6z ard\u0131 edilemez.<\/span> <span class=\"\">Web sitesindeki di\u011fer t\u00fcm \u00f6nemli yerlere do\u011frudan en \u00fcstte ula\u015fabilirsiniz, b\u00f6ylece her zaman bir bak\u0131\u015fta her \u015feye sahip olursunuz.<\/span> Web sitesi, nadiren kayd\u0131rma yapmak zorunda oldu\u011funuz ve genellikle her \u015feyi bir bak\u0131\u015fta g\u00f6rebilmeniz i\u00e7in tasarlanm\u0131\u015ft\u0131r.<\/span><\/p>\n<p><img loading=\"lazy\" class=\"alignnone size-full wp-image-796\" src=\"https:\/\/multihoster.org\/wp-content\/uploads\/2018\/08\/our-datafile-rating.jpg\" alt=\"rating\" width=\"1675\" height=\"830\" srcset=\"https:\/\/multihoster.org\/wp-content\/uploads\/2018\/08\/our-datafile-rating.jpg 1675w, https:\/\/multihoster.org\/wp-content\/uploads\/2018\/08\/our-datafile-rating-300x149.jpg 300w, https:\/\/multihoster.org\/wp-content\/uploads\/2018\/08\/our-datafile-rating-768x381.jpg 768w, https:\/\/multihoster.org\/wp-content\/uploads\/2018\/08\/our-datafile-rating-1024x507.jpg 1024w\" sizes=\"(max-width: 1675px) 100vw, 1675px\" \/><\/p>\n<p><span id=\"result_box\" class=\"\" lang=\"tr\"><span class=\"\">Y\u00fckleyici gibi, her \u015fey ortadad\u0131r, bu y\u00fczden her zaman iyi bir genel bak\u0131\u015fa sahip olursunuz ve hi\u00e7bir \u015fey aramak zorunda kalmazs\u0131n\u0131z.<\/span> <span class=\"\">Dosyalar\u0131n\u0131z, b\u00fcy\u00fck simgelerle \u00e7al\u0131\u015fan \u00e7ok net bir dosya y\u00f6neticisine ayr\u0131l\u0131r, b\u00f6ylece daha zay\u0131f g\u00f6zlerle de \u00e7al\u0131\u015fabilirsiniz.<\/span> \u00c7ok \u00e7e\u015fitli s\u0131ralama se\u00e7enekleriyle, \u00e7ok fazla dosyada bile arad\u0131\u011f\u0131n\u0131z \u015feyi h\u0131zl\u0131 ve g\u00fcvenilir bir \u015fekilde bulabilirsiniz.<\/span><\/p>\n<p>DataFile genellikle \u00e7ok basit ve pratik bir yap\u0131ya sahiptir. B\u00fcy\u00fck yap\u0131lar veya yuvalar yoktur, ancak her \u015fey en fazla 3 seviyeye b\u00f6l\u00fcnm\u00fc\u015ft\u00fcr, bu y\u00fczden hemen hemen herkes h\u0131zla \u00e7ok h\u0131zl\u0131 bir \u015fekilde ge\u00e7ebilir ve DataFile ile verimli bir \u015fekilde \u00e7al\u0131\u015fabilir. Dosyalar\u0131n y\u00fcklenmesi ve y\u00f6netilmesi i\u00e7in ana eylemler, en soldaki &#8220;Y\u00fckleme dosyas\u0131&#8221; ve &#8220;Dosyalar&#8221; \u0131n ortas\u0131nda bulunan yaln\u0131zca 2 sekmeyle \u00e7al\u0131\u015f\u0131r. Aralar\u0131nda &#8220;Get Premium&#8221; kategorisi alt\u0131nda DataFile Premium Hesab\u0131 alma olas\u0131l\u0131\u011f\u0131n\u0131 bulacaks\u0131n\u0131z.<\/p>\n<h2>DataFile ile ilgili sonucumuz<\/h2>\n<p><span id=\"result_box\" class=\"\" lang=\"tr\"><span class=\"\">DataFile.com&#8217;un kullan\u0131labilirli\u011fi ve t\u00fcm site \u00e7ok \u00f6rnek niteli\u011findedir ve basit ama \u00e7ok iyi i\u015flevselli\u011fi sayesinde herkes i\u00e7in anla\u015f\u0131labilir ve anla\u015f\u0131lmas\u0131 kolayd\u0131r.<\/span> <span class=\"\">DataFile hesab\u0131yla \u00e7al\u0131\u015fmak basit, basit ve \u00e7ok ho\u015f.<\/span><\/span><\/p>\n<p><a class=\"fasc-button fasc-size-xlarge fasc-type-glossy fasc-rounded-medium ico-fa fasc-ico-after fa-share\" style=\"background-color: #247edd; color: #ffffff;\" target=\"_blank\" rel=\"nofollow\" href=\"https:\/\/multihoster.org\/datafile\/goto\/\">DataFile.com&#8217;a git<\/a><\/p>\n","protected":false},"excerpt":{"rendered":"<p>Web varl\u0131\u011f\u0131ndan DataFile ile dosya y\u00fckleme ve di\u011fer kullan\u0131c\u0131lara sunma olana\u011f\u0131n\u0131z var veya dosyalar\u0131 her t\u00fcrl\u00fc kaynaktan kendiniz indirebilirsiniz. Kendi<\/p>\n","protected":false},"author":2,"featured_media":0,"parent":0,"menu_order":0,"comment_status":"closed","ping_status":"closed","template":"","meta":[],"yoast_head":"<!-- This site is optimized with the Yoast SEO plugin v18.3 - https:\/\/yoast.com\/wordpress\/plugins\/seo\/ -->\n<title>DataFile sayg\u0131n m\u0131, de\u011fil mi? Multihoster.org \u00fczerinde +++ test<\/title>\n<meta name=\"description\" content=\"DataFile ile dosya y\u00fcklemek h\u0131zl\u0131 ve kolayd\u0131r. DataFile&#039;\u0131n neler yapabilece\u011fini ve Anbeiter&#039;i kendiniz i\u00e7in nas\u0131l kullanabilece\u011finizi g\u00f6steriyoruz.\" \/>\n<meta name=\"robots\" content=\"index, follow, max-snippet:-1, max-image-preview:large, max-video-preview:-1\" \/>\n<link rel=\"canonical\" href=\"https:\/\/multihoster.org\/tr\/datafile\/\" \/>\n<meta property=\"og:locale\" content=\"tr_TR\" \/>\n<meta property=\"og:type\" content=\"article\" \/>\n<meta property=\"og:title\" content=\"DataFile sayg\u0131n m\u0131, de\u011fil mi? Multihoster.org \u00fczerinde +++ test\" \/>\n<meta property=\"og:description\" content=\"DataFile ile dosya y\u00fcklemek h\u0131zl\u0131 ve kolayd\u0131r. DataFile&#039;\u0131n neler yapabilece\u011fini ve Anbeiter&#039;i kendiniz i\u00e7in nas\u0131l kullanabilece\u011finizi g\u00f6steriyoruz.\" \/>\n<meta property=\"og:url\" content=\"https:\/\/multihoster.org\/tr\/datafile\/\" \/>\n<meta property=\"og:site_name\" content=\"Multihoster.org\" \/>\n<meta property=\"article:modified_time\" content=\"2018-10-04T14:22:57+00:00\" \/>\n<meta property=\"og:image\" content=\"https:\/\/multihoster.org\/wp-content\/uploads\/2018\/08\/datafile.png\" \/>\n<meta name=\"twitter:card\" content=\"summary\" \/>\n<meta name=\"twitter:label1\" content=\"Tahmini okuma s\u00fcresi\" \/>\n\t<meta name=\"twitter:data1\" content=\"4 dakika\" \/>\n<script type=\"application\/ld+json\" class=\"yoast-schema-graph\">{\"@context\":\"https:\/\/schema.org\",\"@graph\":[{\"@type\":\"WebSite\",\"@id\":\"https:\/\/multihoster.org\/#website\",\"url\":\"https:\/\/multihoster.org\/\",\"name\":\"Multihoster.org\",\"description\":\"Reviews of the major Filehosting services\",\"potentialAction\":[{\"@type\":\"SearchAction\",\"target\":{\"@type\":\"EntryPoint\",\"urlTemplate\":\"https:\/\/multihoster.org\/?s={search_term_string}\"},\"query-input\":\"required name=search_term_string\"}],\"inLanguage\":\"tr\"},{\"@type\":\"ImageObject\",\"@id\":\"https:\/\/multihoster.org\/tr\/datafile\/#primaryimage\",\"inLanguage\":\"tr\",\"url\":\"https:\/\/multihoster.org\/wp-content\/uploads\/2018\/08\/datafile.png\",\"contentUrl\":\"https:\/\/multihoster.org\/wp-content\/uploads\/2018\/08\/datafile.png\",\"width\":425,\"height\":124,\"caption\":\"datafile\"},{\"@type\":\"WebPage\",\"@id\":\"https:\/\/multihoster.org\/tr\/datafile\/#webpage\",\"url\":\"https:\/\/multihoster.org\/tr\/datafile\/\",\"name\":\"DataFile sayg\u0131n m\u0131, de\u011fil mi? Multihoster.org \u00fczerinde +++ test\",\"isPartOf\":{\"@id\":\"https:\/\/multihoster.org\/#website\"},\"primaryImageOfPage\":{\"@id\":\"https:\/\/multihoster.org\/tr\/datafile\/#primaryimage\"},\"datePublished\":\"2018-09-11T05:07:18+00:00\",\"dateModified\":\"2018-10-04T14:22:57+00:00\",\"description\":\"DataFile ile dosya y\u00fcklemek h\u0131zl\u0131 ve kolayd\u0131r. DataFile'\u0131n neler yapabilece\u011fini ve Anbeiter'i kendiniz i\u00e7in nas\u0131l kullanabilece\u011finizi g\u00f6steriyoruz.\",\"breadcrumb\":{\"@id\":\"https:\/\/multihoster.org\/tr\/datafile\/#breadcrumb\"},\"inLanguage\":\"tr\",\"potentialAction\":[{\"@type\":\"ReadAction\",\"target\":[\"https:\/\/multihoster.org\/tr\/datafile\/\"]}]},{\"@type\":\"BreadcrumbList\",\"@id\":\"https:\/\/multihoster.org\/tr\/datafile\/#breadcrumb\",\"itemListElement\":[{\"@type\":\"ListItem\",\"position\":1,\"name\":\"Startseite\",\"item\":\"https:\/\/multihoster.org\/tr\/\"},{\"@type\":\"ListItem\",\"position\":2,\"name\":\"DataFile Premium Hesab\u0131 &#8211; Bir bak\u0131\u015fta Filehoster\"}]}]}<\/script>\n<!-- \/ Yoast SEO plugin. -->","yoast_head_json":{"title":"DataFile sayg\u0131n m\u0131, de\u011fil mi? Multihoster.org \u00fczerinde +++ test","description":"DataFile ile dosya y\u00fcklemek h\u0131zl\u0131 ve kolayd\u0131r. DataFile'\u0131n neler yapabilece\u011fini ve Anbeiter'i kendiniz i\u00e7in nas\u0131l kullanabilece\u011finizi g\u00f6steriyoruz.","robots":{"index":"index","follow":"follow","max-snippet":"max-snippet:-1","max-image-preview":"max-image-preview:large","max-video-preview":"max-video-preview:-1"},"canonical":"https:\/\/multihoster.org\/tr\/datafile\/","og_locale":"tr_TR","og_type":"article","og_title":"DataFile sayg\u0131n m\u0131, de\u011fil mi? Multihoster.org \u00fczerinde +++ test","og_description":"DataFile ile dosya y\u00fcklemek h\u0131zl\u0131 ve kolayd\u0131r. DataFile'\u0131n neler yapabilece\u011fini ve Anbeiter'i kendiniz i\u00e7in nas\u0131l kullanabilece\u011finizi g\u00f6steriyoruz.","og_url":"https:\/\/multihoster.org\/tr\/datafile\/","og_site_name":"Multihoster.org","article_modified_time":"2018-10-04T14:22:57+00:00","og_image":[{"url":"https:\/\/multihoster.org\/wp-content\/uploads\/2018\/08\/datafile.png"}],"twitter_card":"summary","twitter_misc":{"Tahmini okuma s\u00fcresi":"4 dakika"},"schema":{"@context":"https:\/\/schema.org","@graph":[{"@type":"WebSite","@id":"https:\/\/multihoster.org\/#website","url":"https:\/\/multihoster.org\/","name":"Multihoster.org","description":"Reviews of the major Filehosting services","potentialAction":[{"@type":"SearchAction","target":{"@type":"EntryPoint","urlTemplate":"https:\/\/multihoster.org\/?s={search_term_string}"},"query-input":"required name=search_term_string"}],"inLanguage":"tr"},{"@type":"ImageObject","@id":"https:\/\/multihoster.org\/tr\/datafile\/#primaryimage","inLanguage":"tr","url":"https:\/\/multihoster.org\/wp-content\/uploads\/2018\/08\/datafile.png","contentUrl":"https:\/\/multihoster.org\/wp-content\/uploads\/2018\/08\/datafile.png","width":425,"height":124,"caption":"datafile"},{"@type":"WebPage","@id":"https:\/\/multihoster.org\/tr\/datafile\/#webpage","url":"https:\/\/multihoster.org\/tr\/datafile\/","name":"DataFile sayg\u0131n m\u0131, de\u011fil mi? Multihoster.org \u00fczerinde +++ test","isPartOf":{"@id":"https:\/\/multihoster.org\/#website"},"primaryImageOfPage":{"@id":"https:\/\/multihoster.org\/tr\/datafile\/#primaryimage"},"datePublished":"2018-09-11T05:07:18+00:00","dateModified":"2018-10-04T14:22:57+00:00","description":"DataFile ile dosya y\u00fcklemek h\u0131zl\u0131 ve kolayd\u0131r. DataFile'\u0131n neler yapabilece\u011fini ve Anbeiter'i kendiniz i\u00e7in nas\u0131l kullanabilece\u011finizi g\u00f6steriyoruz.","breadcrumb":{"@id":"https:\/\/multihoster.org\/tr\/datafile\/#breadcrumb"},"inLanguage":"tr","potentialAction":[{"@type":"ReadAction","target":["https:\/\/multihoster.org\/tr\/datafile\/"]}]},{"@type":"BreadcrumbList","@id":"https:\/\/multihoster.org\/tr\/datafile\/#breadcrumb","itemListElement":[{"@type":"ListItem","position":1,"name":"Startseite","item":"https:\/\/multihoster.org\/tr\/"},{"@type":"ListItem","position":2,"name":"DataFile Premium Hesab\u0131 &#8211; Bir bak\u0131\u015fta Filehoster"}]}]}},"_links":{"self":[{"href":"https:\/\/multihoster.org\/tr\/wp-json\/wp\/v2\/pages\/1176"}],"collection":[{"href":"https:\/\/multihoster.org\/tr\/wp-json\/wp\/v2\/pages"}],"about":[{"href":"https:\/\/multihoster.org\/tr\/wp-json\/wp\/v2\/types\/page"}],"author":[{"embeddable":true,"href":"https:\/\/multihoster.org\/tr\/wp-json\/wp\/v2\/users\/2"}],"replies":[{"embeddable":true,"href":"https:\/\/multihoster.org\/tr\/wp-json\/wp\/v2\/comments?post=1176"}],"version-history":[{"count":5,"href":"https:\/\/multihoster.org\/tr\/wp-json\/wp\/v2\/pages\/1176\/revisions"}],"predecessor-version":[{"id":1324,"href":"https:\/\/multihoster.org\/tr\/wp-json\/wp\/v2\/pages\/1176\/revisions\/1324"}],"wp:attachment":[{"href":"https:\/\/multihoster.org\/tr\/wp-json\/wp\/v2\/media?parent=1176"}],"curies":[{"name":"wp","href":"https:\/\/api.w.org\/{rel}","templated":true}]}}