{"id":1183,"date":"2018-09-11T05:27:09","date_gmt":"2018-09-11T05:27:09","guid":{"rendered":"https:\/\/multihoster.org\/?page_id=1183"},"modified":"2018-10-04T14:23:04","modified_gmt":"2018-10-04T14:23:04","slug":"file-al","status":"publish","type":"page","link":"https:\/\/multihoster.org\/tr\/file-al\/","title":{"rendered":"File.al Premium Hesab\u0131 &#8211; Bir bak\u0131\u015fta Filehoster"},"content":{"rendered":"<p><img loading=\"lazy\" class=\"wp-image-1057 alignleft\" src=\"https:\/\/multihoster.org\/wp-content\/uploads\/2018\/08\/file.al_.png\" alt=\"file.al\" width=\"251\" height=\"113\" srcset=\"https:\/\/multihoster.org\/wp-content\/uploads\/2018\/08\/file.al_.png 406w, https:\/\/multihoster.org\/wp-content\/uploads\/2018\/08\/file.al_-300x135.png 300w\" sizes=\"(max-width: 251px) 100vw, 251px\" \/><\/p>\n<p><span id=\"result_box\" class=\"\" lang=\"tr\"><span class=\"\">Filehoster File.AL, \u00fccretsiz bir hesap ile \u00e7e\u015fitli dosyalar\u0131 y\u00fcklemenize ve indirmenize izin verir.<\/span> Bununla birlikte, servisin i\u015flevleri belirli alanlarda, \u00f6rne\u011fin, reklam.<\/span><\/p>\n<p>File.AL Premium&#8217;a y\u00fckseltmek, t\u00fcm \u00f6zelliklerle hizmetten tam olarak yararlanman\u0131z\u0131 sa\u011flar ve herhangi bir k\u0131s\u0131tlamaya tabi de\u011fildir.<\/p>\n\n<p><a class=\"fasc-button fasc-size-xlarge fasc-type-glossy fasc-rounded-medium ico-fa fasc-ico-after fa-share\" style=\"background-color: #247edd; color: #ffffff;\" target=\"_blank\" rel=\"nofollow noopener\" href=\"https:\/\/multihoster.org\/file-al\/goto\/\">File.al&#8217;a git<\/a><\/p>\n<p>&nbsp;<\/p>\n<h2><span id=\"result_box\" class=\"short_text\" lang=\"tr\"><span class=\"\">Bir bak\u0131\u015fta File.AL&#8217;\u0131n tam teklifi<\/span><\/span><\/h2>\n<p><span id=\"result_box\" class=\"\" lang=\"tr\"><span class=\"\">\u00dccretsiz hesap, kay\u0131ttan sonra 5GB&#8217;a kadar dosya indirmenize veya y\u00fcklemenize izin verir.<\/span> 500 GB&#8217;l\u0131k bir depolama alan\u0131n\u0131z var.<\/span><\/p>\n<p><span class=\"\">Di\u011fer \u00f6zelliklerden yararlanmak istiyorsan\u0131z, \u00f6rne\u011fin, File.AL hesab\u0131n\u0131 reklams\u0131z veya indirme gecikmesi olmadan \u00e7al\u0131\u015fmak i\u00e7in File.AL Premium Hesab\u0131na ge\u00e7i\u015f yapmak m\u00fcmk\u00fcnd\u00fcr.<\/span><\/p>\n<p><span class=\"\">Ayr\u0131ca, dosyalar\u0131 y\u00fckleyerek ve yeni m\u00fc\u015fteriler \u00e7ekerek cazip komisyonlar alabilirsiniz.<\/span><\/p>\n<h2><span id=\"result_box\" class=\"short_text\" lang=\"tr\"><span class=\"\">Bir Premium Hesab\u0131n File.AL&#8217;deki avantajlar\u0131<\/span><\/span><\/h2>\n<p><span id=\"result_box\" class=\"\" lang=\"tr\">\u00dccretsiz hesab\u0131n maksimum dosya boyutu 5 GB iken, File.AL 50GB&#8217;a kadar premium dosyalar\u0131 y\u00fcklemenize ve indirmenize izin verir. Depolama alan\u0131 k\u0131s\u0131tlamas\u0131 tamamen ihmal edilmi\u015ftir. Ayr\u0131ca, File.AL Premium Hesab\u0131 ayr\u0131ca bir indirme h\u0131zland\u0131r\u0131c\u0131s\u0131n\u0131 da destekler. Ayr\u0131ca, reklamlarla u\u011fra\u015fmadan ve indirme gecikmesi olmadan indirme i\u015flemlerini kolayca duraklatabilir ve durdurabilirsiniz. <span class=\"\">Premium Hesap ile hi\u00e7bir indirme captchas yoktur.<\/span><\/span><\/p>\n<p><img loading=\"lazy\" class=\"alignnone size-full wp-image-882\" src=\"https:\/\/multihoster.org\/wp-content\/uploads\/2018\/08\/laptop.jpg\" alt=\"laptop\" width=\"1920\" height=\"1153\" srcset=\"https:\/\/multihoster.org\/wp-content\/uploads\/2018\/08\/laptop.jpg 1920w, https:\/\/multihoster.org\/wp-content\/uploads\/2018\/08\/laptop-300x180.jpg 300w, https:\/\/multihoster.org\/wp-content\/uploads\/2018\/08\/laptop-768x461.jpg 768w, https:\/\/multihoster.org\/wp-content\/uploads\/2018\/08\/laptop-1024x615.jpg 1024w\" sizes=\"(max-width: 1920px) 100vw, 1920px\" \/><\/p>\n<h2><span id=\"result_box\" class=\"short_text\" lang=\"tr\"><span class=\"\">Maliyetler ve \u00f6deme se\u00e7enekleri<\/span><\/span><\/h2>\n<p><span id=\"result_box\" class=\"\" lang=\"tr\">File.AL Premium i\u00e7in \u00f6deme yapmay\u0131 se\u00e7menin birka\u00e7 yolu vard\u0131r. Bunlar, standart kredi kartlar\u0131ndan Paypal&#8217;dan Sofort\u00fcberweisung&#8217;a, Sofort Banking, Perfect Money ve Webmoney&#8217;den. Normal bir transfer de m\u00fcmk\u00fcnd\u00fcr. <span class=\"\">Ads\u0131z \u00f6deme yapmak isterseniz, d\u00f6rt \u015fifreleme para birimini kullanabilirsiniz.<\/span> <span class=\"\">Burada Bitcoins, Bitcoin Cash, Litecoin ve Ethereum aras\u0131nda se\u00e7im yapabilirsiniz.<\/span> <span class=\"\">Bu y\u00f6ntemlerden birini be\u011fenmezseniz, File.AL Premium sat\u0131c\u0131lar\u0131yla di\u011fer bir\u00e7ok \u00f6deme y\u00f6ntemini kullanabilirsiniz.<\/span><\/span><\/p>\n<p><strong>\n<table id=\"tablepress-78\" class=\"tablepress tablepress-id-78\">\n<tbody class=\"row-hover\">\n<tr class=\"row-1 odd\">\n\t<td class=\"column-1\">30 g\u00fcn<\/td><td class=\"column-2\">60 g\u00fcn<\/td><td class=\"column-3\">90 g\u00fcn<\/td><td class=\"column-4\">185 g\u00fcn<\/td><td class=\"column-5\">356 g\u00fcn<\/td>\n<\/tr>\n<tr class=\"row-2 even\">\n\t<td class=\"column-1\">19,95 $<\/td><td class=\"column-2\">29,95 $<\/td><td class=\"column-3\">39,95 $<\/td><td class=\"column-4\">69,95 $<\/td><td class=\"column-5\">99,95 $<\/td>\n<\/tr>\n<\/tbody>\n<\/table>\n<!-- #tablepress-78 from cache --><\/strong><\/p>\n<p><a class=\"fasc-button fasc-size-xlarge fasc-type-glossy fasc-rounded-medium ico-fa fasc-ico-after fa-share\" style=\"background-color: #247edd; color: #ffffff;\" target=\"_blank\" rel=\"nofollow noopener\" href=\"https:\/\/multihoster.org\/file-al\/goto\/\">File.al&#8217;a git<\/a><\/p>\n<h2><span id=\"result_box\" class=\"short_text\" lang=\"tr\"><span class=\"\">Gizlilik Bildirimi ve Veri Korumas\u0131<\/span><\/span><\/h2>\n<p><span id=\"result_box\" class=\"\" lang=\"tr\">Gizlilik ve veri koruma konusunda File.AL, veri koruma konusunda ayr\u0131 bir beyanda bulunmaz. <span class=\"\">Bununla birlikte, kesin olan, \u015firketin ge\u00e7erli veri koruma y\u00f6netmeliklerine uymas\u0131 gerekti\u011fidir.<\/span> <span class=\"\">AV, kullan\u0131c\u0131ya hizmetin \u0130ngilizce, haklar ve y\u00fck\u00fcml\u00fcl\u00fckleri hakk\u0131nda daha ayr\u0131nt\u0131l\u0131 bilgi sa\u011flar.<\/span><\/span><\/p>\n<h2><span id=\"result_box\" class=\"short_text\" lang=\"tr\"><span class=\"\">Sat\u0131\u015f sonras\u0131 servis<\/span><\/span><\/h2>\n<p><span id=\"result_box\" class=\"\" lang=\"tr\"><span class=\"\">File.AL M\u00fc\u015fteri Hizmetlerine ba\u015fvurmak i\u00e7in sayfan\u0131n alt\u0131ndaki &#8220;\u0130leti\u015fim&#8221; sekmesini g\u00f6receksiniz.<\/span> <span class=\"\">Tek bir t\u0131klama ile yeni bir biletin a\u00e7\u0131labilece\u011fi veya ge\u00e7erli bir biletin durumunun kontrol edilebilece\u011fi M\u00fc\u015fteri Merkezine ula\u015f\u0131rs\u0131n\u0131z.<\/span> <span class=\"\">Bilet \u00e7er\u00e7evesinde konu, isim, e-posta adresi ve somut talep gereklidir.<\/span><\/span><\/p>\n<h2><span id=\"result_box\" class=\"short_text\" lang=\"tr\"><span class=\"\">Kullan\u0131c\u0131 dostu<\/span><\/span><\/h2>\n<p><span id=\"result_box\" class=\"\" lang=\"tr\"><span title=\"The File.AL website is very clear and simple.\">File.AL web sitesi \u00e7ok a\u00e7\u0131k ve basittir. <\/span><span title=\"At the top you will find all the important tabs, from &quot;Upload files&quot; and &quot;Upgrade to Premium&quot;, &quot;Affiliate&quot;, &quot;Register&quot; and &quot;Login&quot; to &quot;Forgot password&quot;. \">En \u00fcstte, &#8220;Dosya y\u00fckle&#8221; ve &#8220;Yeni s\u00fcr\u00fcme ge\u00e7&#8221;, &#8220;Sat\u0131\u015f Orta\u011f\u0131&#8221;, &#8220;Kay\u0131t&#8221; ve &#8220;Oturum a\u00e7&#8221; dan &#8220;\u015eifremi unuttum&#8221; gibi t\u00fcm \u00f6nemli sekmeleri bulabilirsiniz.<\/span><\/span><\/p>\n<p><span title=\"On the homepage you can log in with your username or e-mail and the corresponding password.\">Ana sayfada kullan\u0131c\u0131 ad\u0131n\u0131z veya e-posta adresiniz ve ilgili \u015fifreniz ile giri\u015f yapabilirsiniz. <\/span><span title=\"As a registered user, you can now select the tabs &quot;My Account&quot;, &quot;My Files&quot; and &quot;Reports&quot;. \">Kay\u0131tl\u0131 bir kullan\u0131c\u0131 olarak art\u0131k &#8220;Hesab\u0131m&#8221;, &#8220;Dosyalar\u0131m&#8221; ve &#8220;Raporlar&#8221; sekmelerini se\u00e7ebilirsiniz.<\/span><\/p>\n<p><span title=\"Under &quot;My account&quot; you will not only see the settings of the general account, but also the balance of the account, the storage space used and the traffic still available for the current day.\">&#8220;Hesab\u0131m&#8221; alt\u0131nda, yaln\u0131zca genel hesab\u0131n ayarlar\u0131n\u0131 de\u011fil, hesab\u0131n bakiyesini, kullan\u0131lan depolama alan\u0131n\u0131 ve ge\u00e7erli g\u00fcn i\u00e7in h\u00e2l\u00e2 mevcut olan trafi\u011fi g\u00f6receksiniz. <\/span><span title=\"In addition, you will find the link to the data you publish, your individual partner link and many other data.\">Ayr\u0131ca, yay\u0131nlad\u0131\u011f\u0131n\u0131z verilerin ba\u011flant\u0131s\u0131n\u0131, bireysel i\u015f orta\u011f\u0131 ba\u011flant\u0131n\u0131z\u0131 ve di\u011fer bir\u00e7ok veriyi bulacaks\u0131n\u0131z. <\/span><span title=\"This also includes the settings for download speed or download countdown. \">Bu ayr\u0131ca indirme h\u0131z\u0131 veya indirme geri say\u0131m\u0131 ayarlar\u0131n\u0131 i\u00e7erir.<\/span><\/p>\n<p><span title=\"On the subpage &quot;My files&quot; you will see more detailed information about all the files you have uploaded in addition to the already used storage space. \">&#8220;Dosyalar\u0131m&#8221; alt sayfas\u0131nda, \u00f6nceden kulland\u0131\u011f\u0131n\u0131z depolama alan\u0131na ek olarak y\u00fckledi\u011finiz t\u00fcm dosyalar hakk\u0131nda daha ayr\u0131nt\u0131l\u0131 bilgiler g\u00f6receksiniz.<\/span><\/p>\n<p><span title=\"By clicking on the &quot;Reports&quot; tab, you can select the desired period and receive the corresponding report.\">&#8220;Raporlar&#8221; sekmesine t\u0131klayarak istedi\u011finiz s\u00fcreyi se\u00e7ebilir ve ilgili raporu alabilirsiniz. <\/span><span title=\"The report ranges from downloads, premium sales and rebills to refunds, referrals and websites.\">Rapor, indirmelerden, premium sat\u0131\u015flardan ve yeniden y\u00fcklemelerden geri \u00f6deme, y\u00f6nlendirme ve web sitelerine kadar uzanmaktad\u0131r.<\/span><\/p>\n<p><img loading=\"lazy\" class=\"alignnone size-full wp-image-879\" src=\"https:\/\/multihoster.org\/wp-content\/uploads\/2018\/08\/file_al.jpg\" alt=\"File.AL\" width=\"1672\" height=\"872\" srcset=\"https:\/\/multihoster.org\/wp-content\/uploads\/2018\/08\/file_al.jpg 1672w, https:\/\/multihoster.org\/wp-content\/uploads\/2018\/08\/file_al-300x156.jpg 300w, https:\/\/multihoster.org\/wp-content\/uploads\/2018\/08\/file_al-768x401.jpg 768w, https:\/\/multihoster.org\/wp-content\/uploads\/2018\/08\/file_al-1024x534.jpg 1024w\" sizes=\"(max-width: 1672px) 100vw, 1672px\" \/><\/p>\n<p>&nbsp;<\/p>\n<h2><span id=\"result_box\" class=\"short_text\" lang=\"tr\"><span class=\"\">Sa\u011flay\u0131c\u0131 File.AL ile ilgili sonucumuz<\/span><\/span><\/h2>\n<p><span id=\"result_box\" class=\"\" lang=\"tr\"><span class=\"\">Sonu\u00e7 olarak, File.AL ilgin\u00e7 bir teklif sunuyor.<\/span> <span class=\"\">Kullan\u0131c\u0131lar, File.AL Premium&#8217;a y\u00fckseltmeden \u00f6nce 500 GB&#8217;a kadar bir depolama alan\u0131yla \u00fccretsiz olarak test edebilirler.<\/span> <span class=\"\">\u00c7evrimi\u00e7i durum a\u00e7\u0131k bir \u015fekilde yap\u0131land\u0131r\u0131lm\u0131\u015ft\u0131r, b\u00f6ylece t\u00fcm bilgi ve i\u015flevler h\u0131zl\u0131 bir \u015fekilde bulunabilir.<\/span> M\u00fc\u015fteri hizmetleri ile ileti\u015fim kurmak da kolayd\u0131r. <span class=\"\">Anonim \u00f6deme i\u00e7in baz\u0131 y\u00f6ntemler de dahil olmak \u00fczere, File.AL Premium Hesab\u0131&#8217;n\u0131n \u00f6demesi i\u00e7in \u00e7e\u015fitli \u00f6deme y\u00f6ntemleri mevcuttur.<\/span><\/span><\/p>\n<p><a class=\"fasc-button fasc-size-xlarge fasc-type-glossy fasc-rounded-medium ico-fa fasc-ico-after fa-share\" style=\"background-color: #247edd; color: #ffffff;\" target=\"_blank\" rel=\"nofollow noopener\" href=\"https:\/\/multihoster.org\/file-al\/goto\/\">File.al&#8217;a git<\/a><\/p>\n","protected":false},"excerpt":{"rendered":"<p>Filehoster File.AL, \u00fccretsiz bir hesap ile \u00e7e\u015fitli dosyalar\u0131 y\u00fcklemenize ve indirmenize izin verir. Bununla birlikte, servisin i\u015flevleri belirli alanlarda, \u00f6rne\u011fin,<\/p>\n","protected":false},"author":2,"featured_media":0,"parent":0,"menu_order":0,"comment_status":"closed","ping_status":"closed","template":"","meta":[],"yoast_head":"<!-- This site is optimized with the Yoast SEO plugin v18.3 - https:\/\/yoast.com\/wordpress\/plugins\/seo\/ -->\n<title>File.AL Premium Hesab\u0131 - Bir bak\u0131\u015fta sa\u011flay\u0131c\u0131<\/title>\n<meta name=\"description\" content=\"Filehoster File.AL do\u011fru se\u00e7im olup olmad\u0131\u011f\u0131n\u0131 bilmek ister misiniz? Sizi sa\u011flay\u0131c\u0131ya ve File.AL Premium Hesab\u0131na ayr\u0131nt\u0131l\u0131 olarak tan\u0131tmak istiyoruz.\" \/>\n<meta name=\"robots\" content=\"index, follow, max-snippet:-1, max-image-preview:large, max-video-preview:-1\" \/>\n<link rel=\"canonical\" href=\"https:\/\/multihoster.org\/tr\/file-al\/\" \/>\n<meta property=\"og:locale\" content=\"tr_TR\" \/>\n<meta property=\"og:type\" content=\"article\" \/>\n<meta property=\"og:title\" content=\"File.AL Premium Hesab\u0131 - Bir bak\u0131\u015fta sa\u011flay\u0131c\u0131\" \/>\n<meta property=\"og:description\" content=\"Filehoster File.AL do\u011fru se\u00e7im olup olmad\u0131\u011f\u0131n\u0131 bilmek ister misiniz? Sizi sa\u011flay\u0131c\u0131ya ve File.AL Premium Hesab\u0131na ayr\u0131nt\u0131l\u0131 olarak tan\u0131tmak istiyoruz.\" \/>\n<meta property=\"og:url\" content=\"https:\/\/multihoster.org\/tr\/file-al\/\" \/>\n<meta property=\"og:site_name\" content=\"Multihoster.org\" \/>\n<meta property=\"article:modified_time\" content=\"2018-10-04T14:23:04+00:00\" \/>\n<meta property=\"og:image\" content=\"https:\/\/multihoster.org\/wp-content\/uploads\/2018\/08\/file.al_.png\" \/>\n<meta name=\"twitter:card\" content=\"summary\" \/>\n<meta name=\"twitter:label1\" content=\"Tahmini okuma s\u00fcresi\" \/>\n\t<meta name=\"twitter:data1\" content=\"4 dakika\" \/>\n<script type=\"application\/ld+json\" class=\"yoast-schema-graph\">{\"@context\":\"https:\/\/schema.org\",\"@graph\":[{\"@type\":\"WebSite\",\"@id\":\"https:\/\/multihoster.org\/#website\",\"url\":\"https:\/\/multihoster.org\/\",\"name\":\"Multihoster.org\",\"description\":\"Reviews of the major Filehosting services\",\"potentialAction\":[{\"@type\":\"SearchAction\",\"target\":{\"@type\":\"EntryPoint\",\"urlTemplate\":\"https:\/\/multihoster.org\/?s={search_term_string}\"},\"query-input\":\"required name=search_term_string\"}],\"inLanguage\":\"tr\"},{\"@type\":\"ImageObject\",\"@id\":\"https:\/\/multihoster.org\/tr\/file-al\/#primaryimage\",\"inLanguage\":\"tr\",\"url\":\"https:\/\/multihoster.org\/wp-content\/uploads\/2018\/08\/file.al_.png\",\"contentUrl\":\"https:\/\/multihoster.org\/wp-content\/uploads\/2018\/08\/file.al_.png\",\"width\":406,\"height\":183,\"caption\":\"file.al\"},{\"@type\":\"WebPage\",\"@id\":\"https:\/\/multihoster.org\/tr\/file-al\/#webpage\",\"url\":\"https:\/\/multihoster.org\/tr\/file-al\/\",\"name\":\"File.AL Premium Hesab\u0131 - Bir bak\u0131\u015fta sa\u011flay\u0131c\u0131\",\"isPartOf\":{\"@id\":\"https:\/\/multihoster.org\/#website\"},\"primaryImageOfPage\":{\"@id\":\"https:\/\/multihoster.org\/tr\/file-al\/#primaryimage\"},\"datePublished\":\"2018-09-11T05:27:09+00:00\",\"dateModified\":\"2018-10-04T14:23:04+00:00\",\"description\":\"Filehoster File.AL do\u011fru se\u00e7im olup olmad\u0131\u011f\u0131n\u0131 bilmek ister misiniz? Sizi sa\u011flay\u0131c\u0131ya ve File.AL Premium Hesab\u0131na ayr\u0131nt\u0131l\u0131 olarak tan\u0131tmak istiyoruz.\",\"breadcrumb\":{\"@id\":\"https:\/\/multihoster.org\/tr\/file-al\/#breadcrumb\"},\"inLanguage\":\"tr\",\"potentialAction\":[{\"@type\":\"ReadAction\",\"target\":[\"https:\/\/multihoster.org\/tr\/file-al\/\"]}]},{\"@type\":\"BreadcrumbList\",\"@id\":\"https:\/\/multihoster.org\/tr\/file-al\/#breadcrumb\",\"itemListElement\":[{\"@type\":\"ListItem\",\"position\":1,\"name\":\"Startseite\",\"item\":\"https:\/\/multihoster.org\/tr\/\"},{\"@type\":\"ListItem\",\"position\":2,\"name\":\"File.al Premium Hesab\u0131 &#8211; Bir bak\u0131\u015fta Filehoster\"}]}]}<\/script>\n<!-- \/ Yoast SEO plugin. -->","yoast_head_json":{"title":"File.AL Premium Hesab\u0131 - Bir bak\u0131\u015fta sa\u011flay\u0131c\u0131","description":"Filehoster File.AL do\u011fru se\u00e7im olup olmad\u0131\u011f\u0131n\u0131 bilmek ister misiniz? Sizi sa\u011flay\u0131c\u0131ya ve File.AL Premium Hesab\u0131na ayr\u0131nt\u0131l\u0131 olarak tan\u0131tmak istiyoruz.","robots":{"index":"index","follow":"follow","max-snippet":"max-snippet:-1","max-image-preview":"max-image-preview:large","max-video-preview":"max-video-preview:-1"},"canonical":"https:\/\/multihoster.org\/tr\/file-al\/","og_locale":"tr_TR","og_type":"article","og_title":"File.AL Premium Hesab\u0131 - Bir bak\u0131\u015fta sa\u011flay\u0131c\u0131","og_description":"Filehoster File.AL do\u011fru se\u00e7im olup olmad\u0131\u011f\u0131n\u0131 bilmek ister misiniz? Sizi sa\u011flay\u0131c\u0131ya ve File.AL Premium Hesab\u0131na ayr\u0131nt\u0131l\u0131 olarak tan\u0131tmak istiyoruz.","og_url":"https:\/\/multihoster.org\/tr\/file-al\/","og_site_name":"Multihoster.org","article_modified_time":"2018-10-04T14:23:04+00:00","og_image":[{"url":"https:\/\/multihoster.org\/wp-content\/uploads\/2018\/08\/file.al_.png"}],"twitter_card":"summary","twitter_misc":{"Tahmini okuma s\u00fcresi":"4 dakika"},"schema":{"@context":"https:\/\/schema.org","@graph":[{"@type":"WebSite","@id":"https:\/\/multihoster.org\/#website","url":"https:\/\/multihoster.org\/","name":"Multihoster.org","description":"Reviews of the major Filehosting services","potentialAction":[{"@type":"SearchAction","target":{"@type":"EntryPoint","urlTemplate":"https:\/\/multihoster.org\/?s={search_term_string}"},"query-input":"required name=search_term_string"}],"inLanguage":"tr"},{"@type":"ImageObject","@id":"https:\/\/multihoster.org\/tr\/file-al\/#primaryimage","inLanguage":"tr","url":"https:\/\/multihoster.org\/wp-content\/uploads\/2018\/08\/file.al_.png","contentUrl":"https:\/\/multihoster.org\/wp-content\/uploads\/2018\/08\/file.al_.png","width":406,"height":183,"caption":"file.al"},{"@type":"WebPage","@id":"https:\/\/multihoster.org\/tr\/file-al\/#webpage","url":"https:\/\/multihoster.org\/tr\/file-al\/","name":"File.AL Premium Hesab\u0131 - Bir bak\u0131\u015fta sa\u011flay\u0131c\u0131","isPartOf":{"@id":"https:\/\/multihoster.org\/#website"},"primaryImageOfPage":{"@id":"https:\/\/multihoster.org\/tr\/file-al\/#primaryimage"},"datePublished":"2018-09-11T05:27:09+00:00","dateModified":"2018-10-04T14:23:04+00:00","description":"Filehoster File.AL do\u011fru se\u00e7im olup olmad\u0131\u011f\u0131n\u0131 bilmek ister misiniz? Sizi sa\u011flay\u0131c\u0131ya ve File.AL Premium Hesab\u0131na ayr\u0131nt\u0131l\u0131 olarak tan\u0131tmak istiyoruz.","breadcrumb":{"@id":"https:\/\/multihoster.org\/tr\/file-al\/#breadcrumb"},"inLanguage":"tr","potentialAction":[{"@type":"ReadAction","target":["https:\/\/multihoster.org\/tr\/file-al\/"]}]},{"@type":"BreadcrumbList","@id":"https:\/\/multihoster.org\/tr\/file-al\/#breadcrumb","itemListElement":[{"@type":"ListItem","position":1,"name":"Startseite","item":"https:\/\/multihoster.org\/tr\/"},{"@type":"ListItem","position":2,"name":"File.al Premium Hesab\u0131 &#8211; Bir bak\u0131\u015fta Filehoster"}]}]}},"_links":{"self":[{"href":"https:\/\/multihoster.org\/tr\/wp-json\/wp\/v2\/pages\/1183"}],"collection":[{"href":"https:\/\/multihoster.org\/tr\/wp-json\/wp\/v2\/pages"}],"about":[{"href":"https:\/\/multihoster.org\/tr\/wp-json\/wp\/v2\/types\/page"}],"author":[{"embeddable":true,"href":"https:\/\/multihoster.org\/tr\/wp-json\/wp\/v2\/users\/2"}],"replies":[{"embeddable":true,"href":"https:\/\/multihoster.org\/tr\/wp-json\/wp\/v2\/comments?post=1183"}],"version-history":[{"count":5,"href":"https:\/\/multihoster.org\/tr\/wp-json\/wp\/v2\/pages\/1183\/revisions"}],"predecessor-version":[{"id":1335,"href":"https:\/\/multihoster.org\/tr\/wp-json\/wp\/v2\/pages\/1183\/revisions\/1335"}],"wp:attachment":[{"href":"https:\/\/multihoster.org\/tr\/wp-json\/wp\/v2\/media?parent=1183"}],"curies":[{"name":"wp","href":"https:\/\/api.w.org\/{rel}","templated":true}]}}