{"id":1196,"date":"2018-09-12T05:34:22","date_gmt":"2018-09-12T05:34:22","guid":{"rendered":"https:\/\/multihoster.org\/?page_id=1196"},"modified":"2018-10-04T14:23:27","modified_gmt":"2018-10-04T14:23:27","slug":"keep2share","status":"publish","type":"page","link":"https:\/\/multihoster.org\/tr\/keep2share\/","title":{"rendered":"Keep2Share Premium Hesab\u0131 &#8211; Bir bak\u0131\u015fta Filehoster"},"content":{"rendered":"<p class=\"normal\"><span lang=\"de\"><img loading=\"lazy\" class=\"alignleft wp-image-246 size-medium\" src=\"https:\/\/multihoster.org\/wp-content\/uploads\/2018\/05\/keep2share_logo-300x97.jpg\" alt=\"logo\" width=\"300\" height=\"97\" srcset=\"https:\/\/multihoster.org\/wp-content\/uploads\/2018\/05\/keep2share_logo-300x97.jpg 300w, https:\/\/multihoster.org\/wp-content\/uploads\/2018\/05\/keep2share_logo.jpg 382w\" sizes=\"(max-width: 300px) 100vw, 300px\" \/><span id=\"result_box\" class=\"\" lang=\"tr\">Filehoster Keep2Share, kullan\u0131c\u0131lar\u0131na en y\u00fcksek d\u00fczeyde g\u00fcvenlik sunar ve hem veri hem de \u015fifreli sistem sayesinde t\u00fcm verilerin g\u00fcvenli bir \u015fekilde saklanmas\u0131n\u0131 sa\u011flar. <span class=\"\">Keep2Share \u00e7al\u0131\u015fanlar\u0131n\u0131n g\u00fcn\u00fcn her an haz\u0131r bulunmas\u0131 ve haz\u0131r olmas\u0131, t\u00fcm verilerin en iyi \u015fekilde korundu\u011funu ve web sitesinin her zaman eri\u015filebilir oldu\u011funu garanti eder.<\/span><\/span><br \/>\n<\/span><\/p>\n<p class=\"normal\"><span lang=\"de\"><span id=\"result_box\" class=\"\" lang=\"tr\"><span class=\"\">Buna ek olarak, Keep2Share \u00e7ok h\u0131zl\u0131 bir h\u0131z sunman\u0131n yan\u0131 s\u0131ra bekleme s\u00fcresi olmaks\u0131z\u0131n indirme i\u015flemlerinin ba\u015flang\u0131c\u0131n\u0131 sunuyor.<\/span><\/span><\/span><\/p>\n\n<p><a class=\"fasc-button fasc-size-xlarge fasc-type-glossy fasc-rounded-medium ico-fa fasc-ico-after fa-share\" style=\"background-color: #43585e; color: #ffffff;\" target=\"_blank\" rel=\"nofollow\" href=\"https:\/\/multihoster.org\/keep2share\/goto\/\">Keep2Share.net adresine git<\/a><\/p>\n<h2><span lang=\"de\"><span id=\"result_box\" class=\"short_text\" lang=\"tr\"><span class=\"\">Tedarik\u00e7inin olumlu \u00f6zellikleri<\/span><\/span><\/span><\/h2>\n<ul>\n<li style=\"text-align: left;\"><span id=\"result_box\" class=\"\" lang=\"tr\"><span class=\"\">Premium hesap zaten g\u00fcnde 31 sentten edinilebilir<\/span><\/span><\/li>\n<li style=\"text-align: left;\"><span id=\"result_box\" class=\"short_text\" lang=\"tr\"><span class=\"\">Premium Hesap ile Vir\u00fcs Kontrol\u00fc<\/span><\/span><\/li>\n<li style=\"text-align: left;\"><span id=\"result_box\" class=\"\" lang=\"tr\"><span class=\"\">VISA ve Mastercard SecureCode ile Do\u011frulanm\u0131\u015f G\u00fcvenli \u00f6deme<\/span><\/span><\/li>\n<li style=\"text-align: left;\"><span id=\"result_box\" class=\"short_text\" lang=\"tr\"><span class=\"\">\u0130ndirme Y\u00f6neticisinin kullan\u0131m\u0131 m\u00fcmk\u00fcn<\/span><\/span><\/li>\n<li style=\"text-align: left;\"><span id=\"result_box\" class=\"short_text\" lang=\"tr\"><span class=\"\">Ayn\u0131 anda birden fazla indirme<\/span><\/span><\/li>\n<\/ul>\n<h2><span lang=\"de\"><span id=\"result_box\" class=\"short_text\" lang=\"tr\"><span class=\"\">Bir bak\u0131\u015fta t\u00fcm Keep2Share teklifi<\/span><\/span><\/span><\/h2>\n<p class=\"normal\"><span lang=\"de\"><span id=\"result_box\" class=\"\" lang=\"tr\"><span class=\"\">Buna ek olarak, Keep2Share, bekleme s\u00fcresi olmadan indirme i\u015flemlerinin yan\u0131 s\u0131ra son derece h\u0131zl\u0131 bir h\u0131z sa\u011flar.<\/span> <span class=\"\">Dosya tutucu Keep2Share size iki tarifeli nispeten k\u00fc\u00e7\u00fck premium hesaplar sunar.<\/span> <span class=\"\">Premium Pro hesab\u0131 size maksimum h\u0131z sunarken, normal Premium tarifesinin bant geni\u015fli\u011fi biraz s\u0131n\u0131rl\u0131d\u0131r.<\/span> <span class=\"\">Veri hacmi, Premium tarifesi i\u00e7in 20,000 MB, Premium Pro tarifesi i\u00e7in 50.000 MB aras\u0131ndad\u0131r.<\/span><\/span><\/span><\/p>\n<h2><span lang=\"de\">Costs and payment options<br \/>\n<\/span><\/h2>\n<p><img loading=\"lazy\" class=\"alignnone wp-image-248 size-full\" src=\"https:\/\/multihoster.org\/wp-content\/uploads\/2018\/05\/cost_image_1.jpg\" alt=\"prices\" width=\"1011\" height=\"813\" srcset=\"https:\/\/multihoster.org\/wp-content\/uploads\/2018\/05\/cost_image_1.jpg 1011w, https:\/\/multihoster.org\/wp-content\/uploads\/2018\/05\/cost_image_1-300x241.jpg 300w, https:\/\/multihoster.org\/wp-content\/uploads\/2018\/05\/cost_image_1-768x618.jpg 768w\" sizes=\"(max-width: 1011px) 100vw, 1011px\" \/><\/p>\n<p><span id=\"result_box\" class=\"\" lang=\"tr\"><span title=\"At Keep2Share you can choose between the usual payment via credit card, either with the VISA card, with the Mastercard or via American Express.\">Keep2Share&#8217;da, VISA kart\u0131 ile Mastercard veya American Express \u00fczerinden kredi kart\u0131 ile normal \u00f6deme aras\u0131nda se\u00e7im yapabilirsiniz. <\/span><span title=\"When paying with your VISA card or Mastercard, you benefit from an additional security procedure at this point.\">VISA kart\u0131n\u0131zla veya Mastercard ile \u00f6deme yaparken, bu noktada ek bir g\u00fcvenlik prosed\u00fcr\u00fcnden yararlanabilirsiniz. <\/span><span title=\"These are the verified by VISA and MasterCard SecureCode procedures, which interpose additional verification when purchasing in order to effectively protect your data and your money. \">Bunlar, verilerinizi ve paran\u0131z\u0131 etkili bir \u015fekilde korumak i\u00e7in sat\u0131n al\u0131rken ek do\u011frulamay\u0131 hedefleyen VISA ve MasterCard SecureCode prosed\u00fcrleri taraf\u0131ndan do\u011frulanm\u0131\u015ft\u0131r.<\/span><\/span><\/p>\n<p><span title=\"In addition to payment via VISA card or MasterCard, the provider offers you further options to purchase a Keep2Share Premium Account.\">VISA kart\u0131 veya MasterCard ile \u00f6deme yapmaya ek olarak, sa\u011flay\u0131c\u0131 size bir Keep2Share Premium Hesab\u0131 sat\u0131n almak i\u00e7in daha fazla se\u00e7enek sunar. <\/span><span title=\"This includes payment with the Sofort\u00fcberweisung service, the usual online bank transfer and payment with Bitcoin.\">Buna Sofort\u00fcberweisung servisi, normal \u00e7evrimi\u00e7i banka transferi ve Bitcoin ile \u00f6deme ile \u00f6deme dahildir. <\/span><span title=\"As a last option, local payment methods are available, in Germany you can pay via banks such as Postbank, DZ Bank or webmoney carry out. \">Son se\u00e7enek olarak, yerel \u00f6deme y\u00f6ntemleri mevcuttur, Almanya&#8217;da Postbank, DZ Bank veya <a href=\"https:\/\/www.wmtransfer.com\/\" target=\"_blank\" rel=\"noopener\">webmoney<\/a> gibi bankalar arac\u0131l\u0131\u011f\u0131yla \u00f6deme yapabilirsiniz.<\/span><\/p>\n<p><span title=\"The popular payment methods Paypal and Paysafe are not offered by Keep2Share.\">Paypal ve Paysafe gibi pop\u00fcler \u00f6deme y\u00f6ntemleri Keep2Share taraf\u0131ndan sunulmamaktad\u0131r. <\/span><span title=\"If you cannot use any of the payment methods listed and still want to pay for your account simply and securely online, you can optionally buy a prepaid credit card.\">E\u011fer listelenen \u00f6deme y\u00f6ntemlerinden herhangi birini kullanam\u0131yorsan\u0131z ve hala hesab\u0131n\u0131z i\u00e7in sadece \u00e7evrimi\u00e7i ve g\u00fcvenli bir \u015fekilde \u00f6deme yapmak istiyorsan\u0131z, iste\u011fe ba\u011fl\u0131 olarak \u00f6n \u00f6demeli bir kredi kart\u0131 sat\u0131n alabilirsiniz.<\/span><\/p>\n<p><strong>\n<table id=\"tablepress-80\" class=\"tablepress tablepress-id-80\">\n<thead>\n<tr class=\"row-1 odd\">\n\t<th class=\"column-1\">Keep2Share PREMIUM PRO<\/th><th class=\"column-2\">Keep2Share PREMIUM<\/th>\n<\/tr>\n<\/thead>\n<tbody class=\"row-hover\">\n<tr class=\"row-2 even\">\n\t<td class=\"column-1\">G\u00fcnde 50.000 MB<\/td><td class=\"column-2\">G\u00fcnde 20.000 MB<\/td>\n<\/tr>\n<tr class=\"row-3 odd\">\n\t<td class=\"column-1\">G\u00fcnde 11,75 USD<\/td><td class=\"column-2\">G\u00fcnl\u00fck 9,50 USD<\/td>\n<\/tr>\n<tr class=\"row-4 even\">\n\t<td class=\"column-1\">0,38 USD g\u00fcnl\u00fck<\/td><td class=\"column-2\">0,31 USD g\u00fcnl\u00fck<\/td>\n<\/tr>\n<tr class=\"row-5 odd\">\n\t<td class=\"column-1\">Maksimum indirme h\u0131z\u0131<\/td><td class=\"column-2\">H\u0131zl\u0131 indirme h\u0131z\u0131<\/td>\n<\/tr>\n<tr class=\"row-6 even\">\n\t<td class=\"column-1\">\u0130ndirme Y\u00f6neticisi kullan\u0131labilir<\/td><td class=\"column-2\">\u0130ndirme Y\u00f6neticisi kullan\u0131labilir<\/td>\n<\/tr>\n<tr class=\"row-7 odd\">\n\t<td class=\"column-1\">Ayn\u0131 anda birden fazla indirme<\/td><td class=\"column-2\">Ayn\u0131 anda birden fazla indirme<\/td>\n<\/tr>\n<tr class=\"row-8 even\">\n\t<td class=\"column-1\">Yeniden \u0130ndirilebilir Dosyalar<\/td><td class=\"column-2\">Yeniden \u0130ndirilebilir Dosyalar<\/td>\n<\/tr>\n<tr class=\"row-9 odd\">\n\t<td class=\"column-1\">vir\u00fcs kontrol\u00fc<\/td><td class=\"column-2\"><\/td>\n<\/tr>\n<tr class=\"row-10 even\">\n\t<td class=\"column-1\">Favori dosyam<\/td><td class=\"column-2\"><\/td>\n<\/tr>\n<tr class=\"row-11 odd\">\n\t<td class=\"column-1\">S\u0131n\u0131rs\u0131z Video \u00d6nizlemesi<\/td><td class=\"column-2\"><\/td>\n<\/tr>\n<tr class=\"row-12 even\">\n\t<td class=\"column-1\">Anonim indirme<\/td><td class=\"column-2\"><\/td>\n<\/tr>\n<tr class=\"row-13 odd\">\n\t<td class=\"column-1\">Daha b\u00fcy\u00fck depolama alan\u0131<\/td><td class=\"column-2\"><\/td>\n<\/tr>\n<tr class=\"row-14 even\">\n\t<td class=\"column-1\">Maksimum dosya boyutu 10 GB<\/td><td class=\"column-2\"><\/td>\n<\/tr>\n<\/tbody>\n<\/table>\n<\/strong><\/p>\n<p><a class=\"fasc-button fasc-size-xlarge fasc-type-glossy fasc-rounded-medium ico-fa fasc-ico-after fa-share\" style=\"background-color: #43585e; color: #ffffff;\" target=\"_blank\" rel=\"nofollow\" href=\"https:\/\/multihoster.org\/keep2share\/goto\/\">Keep2Share.net adresine git<\/a><\/p>\n<h2><span lang=\"de\"><span id=\"result_box\" class=\"short_text\" lang=\"tr\"><span class=\"\">Gizlilik Bildirimi ve Veri Korumas\u0131<\/span><\/span><\/span><\/h2>\n<p><span id=\"result_box\" class=\"\" lang=\"tr\"><span class=\"\">\u0130nternet&#8217;te gizlilik ve veri koruma giderek daha \u00f6nemli bir konu haline geliyor.<\/span> <span class=\"\">Bilgi ve deneyimlerimizi Keep2Share ile payla\u015fmaktan mutluluk duyar\u0131z, b\u00f6ylece sa\u011flay\u0131c\u0131n\u0131n tam bir resmini elde edebilirsiniz.<\/span><\/span><\/p>\n<p>Keep2Share hizmetini kullan\u0131rken, e-posta adresi, ad veya banka hesab\u0131 gibi ki\u015fisel veriler ve ki\u015fisel olmayan veriler de otomatik olarak saklan\u0131r.<\/p>\n<p>Ki\u015fisel veriler sadece \u00f6deme s\u00fcreci, irtibatlar\u0131n kurulmas\u0131 ve bildirimler vb. Gibi hizmetler i\u00e7in kullan\u0131l\u0131r ve \u00fc\u00e7\u00fcnc\u00fc \u015fah\u0131slara aktar\u0131lmaz. Demografik veriler ki\u015fisel veriler de\u011fildir ve gizlilik de bu noktada korunacak \u015fekilde anonim olarak toplan\u0131r.<\/p>\n<h2><span lang=\"de\"><span id=\"result_box\" class=\"short_text\" lang=\"tr\"><span class=\"\">Sat\u0131\u015f sonras\u0131 servis<\/span><\/span><\/span><\/h2>\n<p><img loading=\"lazy\" class=\"alignnone wp-image-247 size-full\" src=\"https:\/\/multihoster.org\/wp-content\/uploads\/2018\/05\/keep2share_image_2.jpg\" alt=\"advantages\" width=\"1799\" height=\"777\" srcset=\"https:\/\/multihoster.org\/wp-content\/uploads\/2018\/05\/keep2share_image_2.jpg 1799w, https:\/\/multihoster.org\/wp-content\/uploads\/2018\/05\/keep2share_image_2-300x130.jpg 300w, https:\/\/multihoster.org\/wp-content\/uploads\/2018\/05\/keep2share_image_2-768x332.jpg 768w, https:\/\/multihoster.org\/wp-content\/uploads\/2018\/05\/keep2share_image_2-1024x442.jpg 1024w\" sizes=\"(max-width: 1799px) 100vw, 1799px\" \/><\/p>\n<p class=\"normal\"><span lang=\"de\"><span id=\"result_box\" class=\"\" lang=\"tr\"><span class=\"\">Keep2Share servisi hakk\u0131nda herhangi bir sorunuz varsa, sayfan\u0131n alt\u0131ndaki servis sayfas\u0131n\u0131n ba\u011flant\u0131s\u0131n\u0131 bulacaks\u0131n\u0131z.<\/span> <span class=\"\">Buradan s\u0131k sorulan sorulara verilen cevaplar\u0131n daha \u00f6nce a\u00e7\u0131kland\u0131\u011f\u0131 SSS alan\u0131na ula\u015fabilirsiniz.<\/span> Sa\u011flay\u0131c\u0131 zaten y\u00fcksek bir deneyime sahiptir ve genellikle kullan\u0131c\u0131lar\u0131n yard\u0131ma ihtiyac\u0131 oldu\u011funu bilir. Bu \u015fekilde tatmin edici bir \u00e7\u00f6z\u00fcm bulamazsan\u0131z, \u00e7evrimi\u00e7i form arac\u0131l\u0131\u011f\u0131yla do\u011frudan destekle ileti\u015fime ge\u00e7ebilir ve sorunu daha ayr\u0131nt\u0131l\u0131 bir \u015fekilde a\u00e7\u0131klayabilirsiniz. Bu b\u00f6l\u00fcmde, servis sa\u011flay\u0131c\u0131n\u0131z ile kendi deneyiminiz hakk\u0131nda geri bildirim sa\u011flayarak Keep2Share M\u00fc\u015fteri Hizmetlerine de sa\u011flayabilirsiniz, b\u00f6ylece kendiniz ve di\u011fer kullan\u0131c\u0131lar i\u00e7in uzun vadede hizmeti iyile\u015ftirebilirsiniz.<\/span><\/span><\/p>\n<h2><span lang=\"de\"><span id=\"result_box\" class=\"short_text\" lang=\"tr\"><span class=\"\">Kullan\u0131c\u0131 dostu<\/span><\/span><\/span><\/h2>\n<p class=\"normal\"><span lang=\"de\"><span id=\"result_box\" class=\"\" lang=\"tr\"><span class=\"\">Keep2Share&#8217;ye giri\u015f yapmak i\u00e7in, kolayca bir Keep2Share hesab\u0131 olu\u015fturabilir veya Facebook veya Google \u00fczerinden kaydolabilirsiniz.<\/span> Hesab\u0131 tamamen kullanmak i\u00e7in, \u00f6nce e-posta adresinizi onaylaman\u0131z ve ard\u0131ndan &#8220;Dosyalar\u0131m&#8221;, &#8220;Profilim&#8221; ve &#8220;S\u0131k Kullan\u0131lanlar\u0131m&#8221; \u0131 se\u00e7meniz gerekir. Buna ek olarak, Keep2Share hesab\u0131n\u0131z\u0131 premium bir hesaba y\u00fckseltmenin bir yolunu bulacaks\u0131n\u0131z. Kullan\u0131c\u0131 dostu aray\u00fcz\u00fc sayesinde, hizmet sa\u011flay\u0131c\u0131n\u0131n hizmetlerini tam olarak kullanmak ve keyfini \u00e7\u0131karmak i\u00e7in \u00e7ok fazla deneyim gerektirmez.<\/span><\/span><\/p>\n<h2><span lang=\"de\"><span id=\"result_box\" class=\"\" lang=\"tr\"><span class=\"\">Premium hesab\u0131n Keep2Share ile avantajlar\u0131<\/span><\/span><\/span><\/h2>\n<p><span id=\"result_box\" class=\"\" lang=\"tr\"><span class=\"\">Keep2Share Premium Hesab\u0131 ile, Premium Pro s\u00fcr\u00fcm\u00fcnden sadece biraz daha d\u00fc\u015f\u00fck olan h\u0131zl\u0131 bir h\u0131z\u0131n tad\u0131n\u0131 \u00e7\u0131karabilirsiniz ve ayn\u0131 anda birden fazla indirme i\u015flemi ger\u00e7ekle\u015ftirme olas\u0131l\u0131\u011f\u0131 vard\u0131r.<\/span> \u0130ndirmeler ayr\u0131ca bir indirme y\u00f6neticisi taraf\u0131ndan kolayca izlenebilir, duraklat\u0131labilir ve tekrar ba\u015flat\u0131labilir.<\/span><\/p>\n<p>Maksimum h\u0131z ve dosyalar\u0131n\u0131z\u0131n vir\u00fcs kontrol\u00fcn\u00fc sa\u011flayan Keep2Share Premium Pro hesab\u0131yla daha da fazlas\u0131n\u0131 elde edin. Ayr\u0131ca, daha fazla depolama alan\u0131n\u0131z, S\u0131k Kullan\u0131lan Dosyalar klas\u00f6r\u00fcndeki videolar\u0131n \u00f6nizlemesini ve dosyalar\u0131n depolanmas\u0131n\u0131 s\u0131n\u0131rs\u0131z kullanabilirsiniz. Premium Pro hesab\u0131 ayr\u0131ca dosyalar\u0131 anonim olarak indirmenize izin verir, bu paketle maksimum dosya boyutunu 5 GB&#8217;tan 10 GB&#8217;a \u00e7\u0131kar\u0131r.<\/p>\n<h2><span lang=\"de\"><span id=\"result_box\" class=\"short_text\" lang=\"tr\"><span class=\"\">Keep2Share ile ilgili sonucumuz<\/span><\/span><\/span><\/h2>\n<p><span id=\"result_box\" class=\"\" lang=\"tr\">Keep2Share sadece kapsaml\u0131 bir veri korumas\u0131 ve gizlilik vaat etmemekle kalmaz, ayn\u0131 zamanda dosyalar\u0131 bar\u0131nd\u0131ran ve kar\u015f\u0131dan y\u00fckledi\u011finiz i\u00e7in cazip fiyatlar sunar. <span class=\"\">G\u00fcnde 31 veya 38 sent i\u00e7in mevcut olan iki Keep2Share Premium oran\u0131 aras\u0131ndan se\u00e7im yapabilirsiniz.<\/span> <span class=\"\">Sa\u011flay\u0131c\u0131n\u0131n teklifini test etmek isterseniz, \u00fccretsiz bir Keep2Share hesab\u0131 da olu\u015fturabilirsiniz.<\/span><\/span><\/p>\n<p><span class=\"\">Keep2Share Premium Hesap Pro size Premium Hesap&#8217;tan daha fazla \u00f6zellik sunar ve dosyalar\u0131n\u0131z\u0131, s\u0131n\u0131rs\u0131z video \u00f6nizlemesini ve 10 GB&#8217;ye kadar boyutta dosyalar\u0131 anonim olarak indirmenize izin verir.<\/span><\/p>\n<p><span class=\"\">\u00d6deme kredi kart\u0131 ile yap\u0131labilir ve di\u011fer \u00f6deme y\u00f6ntemleri de mevcuttur.<\/span> <span class=\"\">VISA ve MasterCard ek g\u00fcvenlik prosed\u00fcrleri, maksimum g\u00fcvenlik sa\u011flar ve Paypal ve Paysafe hari\u00e7 di\u011fer bir\u00e7ok \u00f6deme y\u00f6ntemi m\u00fcmk\u00fcnd\u00fcr.<\/span><\/p>\n<p><a class=\"fasc-button fasc-size-xlarge fasc-type-glossy fasc-rounded-medium ico-fa fasc-ico-after fa-share\" style=\"background-color: #43585e; color: #ffffff;\" target=\"_blank\" rel=\"nofollow\" href=\"https:\/\/multihoster.org\/keep2share\/goto\/\">Keep2Share.net adresine git<\/a><\/p>\n","protected":false},"excerpt":{"rendered":"<p>Filehoster Keep2Share, kullan\u0131c\u0131lar\u0131na en y\u00fcksek d\u00fczeyde g\u00fcvenlik sunar ve hem veri hem de \u015fifreli sistem sayesinde t\u00fcm verilerin g\u00fcvenli bir<\/p>\n","protected":false},"author":2,"featured_media":0,"parent":0,"menu_order":0,"comment_status":"closed","ping_status":"closed","template":"","meta":[],"yoast_head":"<!-- This site is optimized with the Yoast SEO plugin v18.3 - https:\/\/yoast.com\/wordpress\/plugins\/seo\/ -->\n<title>lll \u25b7 Keep2share sayg\u0131n m\u0131, de\u011fil mi? Multihoster.org \u00fczerinde +++ test<\/title>\n<meta name=\"description\" content=\"Keep2Share sayg\u0131n bir tedarik\u00e7i mi, de\u011fil mi? Cevap en son Multihoster.org adresinde bulunabilir. \u279c \u015eimdi t\u0131klay\u0131n our deneyimlerimizi okuyun!\" \/>\n<meta name=\"robots\" content=\"index, follow, max-snippet:-1, max-image-preview:large, max-video-preview:-1\" \/>\n<link rel=\"canonical\" href=\"https:\/\/multihoster.org\/tr\/keep2share\/\" \/>\n<meta property=\"og:locale\" content=\"tr_TR\" \/>\n<meta property=\"og:type\" content=\"article\" \/>\n<meta property=\"og:title\" content=\"lll \u25b7 Keep2share sayg\u0131n m\u0131, de\u011fil mi? Multihoster.org \u00fczerinde +++ test\" \/>\n<meta property=\"og:description\" content=\"Keep2Share sayg\u0131n bir tedarik\u00e7i mi, de\u011fil mi? Cevap en son Multihoster.org adresinde bulunabilir. \u279c \u015eimdi t\u0131klay\u0131n our deneyimlerimizi okuyun!\" \/>\n<meta property=\"og:url\" content=\"https:\/\/multihoster.org\/tr\/keep2share\/\" \/>\n<meta property=\"og:site_name\" content=\"Multihoster.org\" \/>\n<meta property=\"article:modified_time\" content=\"2018-10-04T14:23:27+00:00\" \/>\n<meta property=\"og:image\" content=\"https:\/\/multihoster.org\/wp-content\/uploads\/2018\/05\/keep2share_logo-300x97.jpg\" \/>\n<meta name=\"twitter:card\" content=\"summary\" \/>\n<meta name=\"twitter:label1\" content=\"Tahmini okuma s\u00fcresi\" \/>\n\t<meta name=\"twitter:data1\" content=\"5 dakika\" \/>\n<script type=\"application\/ld+json\" class=\"yoast-schema-graph\">{\"@context\":\"https:\/\/schema.org\",\"@graph\":[{\"@type\":\"WebSite\",\"@id\":\"https:\/\/multihoster.org\/#website\",\"url\":\"https:\/\/multihoster.org\/\",\"name\":\"Multihoster.org\",\"description\":\"Reviews of the major Filehosting services\",\"potentialAction\":[{\"@type\":\"SearchAction\",\"target\":{\"@type\":\"EntryPoint\",\"urlTemplate\":\"https:\/\/multihoster.org\/?s={search_term_string}\"},\"query-input\":\"required name=search_term_string\"}],\"inLanguage\":\"tr\"},{\"@type\":\"ImageObject\",\"@id\":\"https:\/\/multihoster.org\/tr\/keep2share\/#primaryimage\",\"inLanguage\":\"tr\",\"url\":\"https:\/\/multihoster.org\/wp-content\/uploads\/2018\/05\/keep2share_logo.jpg\",\"contentUrl\":\"https:\/\/multihoster.org\/wp-content\/uploads\/2018\/05\/keep2share_logo.jpg\",\"width\":382,\"height\":123},{\"@type\":\"WebPage\",\"@id\":\"https:\/\/multihoster.org\/tr\/keep2share\/#webpage\",\"url\":\"https:\/\/multihoster.org\/tr\/keep2share\/\",\"name\":\"lll \u25b7 Keep2share sayg\u0131n m\u0131, de\u011fil mi? Multihoster.org \u00fczerinde +++ test\",\"isPartOf\":{\"@id\":\"https:\/\/multihoster.org\/#website\"},\"primaryImageOfPage\":{\"@id\":\"https:\/\/multihoster.org\/tr\/keep2share\/#primaryimage\"},\"datePublished\":\"2018-09-12T05:34:22+00:00\",\"dateModified\":\"2018-10-04T14:23:27+00:00\",\"description\":\"Keep2Share sayg\u0131n bir tedarik\u00e7i mi, de\u011fil mi? Cevap en son Multihoster.org adresinde bulunabilir. \u279c \u015eimdi t\u0131klay\u0131n our deneyimlerimizi okuyun!\",\"breadcrumb\":{\"@id\":\"https:\/\/multihoster.org\/tr\/keep2share\/#breadcrumb\"},\"inLanguage\":\"tr\",\"potentialAction\":[{\"@type\":\"ReadAction\",\"target\":[\"https:\/\/multihoster.org\/tr\/keep2share\/\"]}]},{\"@type\":\"BreadcrumbList\",\"@id\":\"https:\/\/multihoster.org\/tr\/keep2share\/#breadcrumb\",\"itemListElement\":[{\"@type\":\"ListItem\",\"position\":1,\"name\":\"Startseite\",\"item\":\"https:\/\/multihoster.org\/tr\/\"},{\"@type\":\"ListItem\",\"position\":2,\"name\":\"Keep2Share Premium Hesab\u0131 &#8211; Bir bak\u0131\u015fta Filehoster\"}]}]}<\/script>\n<!-- \/ Yoast SEO plugin. -->","yoast_head_json":{"title":"lll \u25b7 Keep2share sayg\u0131n m\u0131, de\u011fil mi? Multihoster.org \u00fczerinde +++ test","description":"Keep2Share sayg\u0131n bir tedarik\u00e7i mi, de\u011fil mi? Cevap en son Multihoster.org adresinde bulunabilir. \u279c \u015eimdi t\u0131klay\u0131n our deneyimlerimizi okuyun!","robots":{"index":"index","follow":"follow","max-snippet":"max-snippet:-1","max-image-preview":"max-image-preview:large","max-video-preview":"max-video-preview:-1"},"canonical":"https:\/\/multihoster.org\/tr\/keep2share\/","og_locale":"tr_TR","og_type":"article","og_title":"lll \u25b7 Keep2share sayg\u0131n m\u0131, de\u011fil mi? Multihoster.org \u00fczerinde +++ test","og_description":"Keep2Share sayg\u0131n bir tedarik\u00e7i mi, de\u011fil mi? Cevap en son Multihoster.org adresinde bulunabilir. \u279c \u015eimdi t\u0131klay\u0131n our deneyimlerimizi okuyun!","og_url":"https:\/\/multihoster.org\/tr\/keep2share\/","og_site_name":"Multihoster.org","article_modified_time":"2018-10-04T14:23:27+00:00","og_image":[{"url":"https:\/\/multihoster.org\/wp-content\/uploads\/2018\/05\/keep2share_logo-300x97.jpg"}],"twitter_card":"summary","twitter_misc":{"Tahmini okuma s\u00fcresi":"5 dakika"},"schema":{"@context":"https:\/\/schema.org","@graph":[{"@type":"WebSite","@id":"https:\/\/multihoster.org\/#website","url":"https:\/\/multihoster.org\/","name":"Multihoster.org","description":"Reviews of the major Filehosting services","potentialAction":[{"@type":"SearchAction","target":{"@type":"EntryPoint","urlTemplate":"https:\/\/multihoster.org\/?s={search_term_string}"},"query-input":"required name=search_term_string"}],"inLanguage":"tr"},{"@type":"ImageObject","@id":"https:\/\/multihoster.org\/tr\/keep2share\/#primaryimage","inLanguage":"tr","url":"https:\/\/multihoster.org\/wp-content\/uploads\/2018\/05\/keep2share_logo.jpg","contentUrl":"https:\/\/multihoster.org\/wp-content\/uploads\/2018\/05\/keep2share_logo.jpg","width":382,"height":123},{"@type":"WebPage","@id":"https:\/\/multihoster.org\/tr\/keep2share\/#webpage","url":"https:\/\/multihoster.org\/tr\/keep2share\/","name":"lll \u25b7 Keep2share sayg\u0131n m\u0131, de\u011fil mi? Multihoster.org \u00fczerinde +++ test","isPartOf":{"@id":"https:\/\/multihoster.org\/#website"},"primaryImageOfPage":{"@id":"https:\/\/multihoster.org\/tr\/keep2share\/#primaryimage"},"datePublished":"2018-09-12T05:34:22+00:00","dateModified":"2018-10-04T14:23:27+00:00","description":"Keep2Share sayg\u0131n bir tedarik\u00e7i mi, de\u011fil mi? Cevap en son Multihoster.org adresinde bulunabilir. \u279c \u015eimdi t\u0131klay\u0131n our deneyimlerimizi okuyun!","breadcrumb":{"@id":"https:\/\/multihoster.org\/tr\/keep2share\/#breadcrumb"},"inLanguage":"tr","potentialAction":[{"@type":"ReadAction","target":["https:\/\/multihoster.org\/tr\/keep2share\/"]}]},{"@type":"BreadcrumbList","@id":"https:\/\/multihoster.org\/tr\/keep2share\/#breadcrumb","itemListElement":[{"@type":"ListItem","position":1,"name":"Startseite","item":"https:\/\/multihoster.org\/tr\/"},{"@type":"ListItem","position":2,"name":"Keep2Share Premium Hesab\u0131 &#8211; Bir bak\u0131\u015fta Filehoster"}]}]}},"_links":{"self":[{"href":"https:\/\/multihoster.org\/tr\/wp-json\/wp\/v2\/pages\/1196"}],"collection":[{"href":"https:\/\/multihoster.org\/tr\/wp-json\/wp\/v2\/pages"}],"about":[{"href":"https:\/\/multihoster.org\/tr\/wp-json\/wp\/v2\/types\/page"}],"author":[{"embeddable":true,"href":"https:\/\/multihoster.org\/tr\/wp-json\/wp\/v2\/users\/2"}],"replies":[{"embeddable":true,"href":"https:\/\/multihoster.org\/tr\/wp-json\/wp\/v2\/comments?post=1196"}],"version-history":[{"count":5,"href":"https:\/\/multihoster.org\/tr\/wp-json\/wp\/v2\/pages\/1196\/revisions"}],"predecessor-version":[{"id":1363,"href":"https:\/\/multihoster.org\/tr\/wp-json\/wp\/v2\/pages\/1196\/revisions\/1363"}],"wp:attachment":[{"href":"https:\/\/multihoster.org\/tr\/wp-json\/wp\/v2\/media?parent=1196"}],"curies":[{"name":"wp","href":"https:\/\/api.w.org\/{rel}","templated":true}]}}