{"id":1203,"date":"2018-09-12T05:51:22","date_gmt":"2018-09-12T05:51:22","guid":{"rendered":"https:\/\/multihoster.org\/?page_id=1203"},"modified":"2018-10-04T14:23:33","modified_gmt":"2018-10-04T14:23:33","slug":"nitroflare","status":"publish","type":"page","link":"https:\/\/multihoster.org\/tr\/nitroflare\/","title":{"rendered":"Nitroflare Premium Hesab\u0131 &#8211; Bir bak\u0131\u015fta Filehoster"},"content":{"rendered":"<p><img loading=\"lazy\" class=\" wp-image-1066 alignleft\" src=\"https:\/\/multihoster.org\/wp-content\/uploads\/2018\/08\/nitroflare.png\" alt=\"nitroflare\" width=\"331\" height=\"75\" srcset=\"https:\/\/multihoster.org\/wp-content\/uploads\/2018\/08\/nitroflare.png 414w, https:\/\/multihoster.org\/wp-content\/uploads\/2018\/08\/nitroflare-300x68.png 300w\" sizes=\"(max-width: 331px) 100vw, 331px\" \/><\/p>\n<p><span id=\"result_box\" class=\"\" lang=\"tr\">NitroFlare, sekt\u00f6rdeki en iyilerden biridir ve kendini internetteki verileri y\u00fcklemek, saklamak ve g\u00fcvenli bir \u015fekilde payla\u015fmak i\u00e7in en iyi ve en h\u0131zl\u0131 hizmet olarak tan\u0131mlamaktad\u0131r. <span class=\"\">Filehoster, verileri aktarmak, saklamak, yedeklemek ve da\u011f\u0131tmak i\u00e7in uluslararas\u0131 bir hizmet sunar.<\/span><\/span><\/p>\n<p><span id=\"result_box\" class=\"\" lang=\"tr\">NitroFlare, ana sayfada sunucu h\u0131z\u0131n\u0131n neredeyse s\u0131n\u0131rs\u0131z oldu\u011funu ve ayn\u0131 d\u00fczeyde kalite sunan benzer hizmetlerin olmad\u0131\u011f\u0131n\u0131 a\u00e7\u0131kl\u0131yor. <span class=\"\">Sa\u011flay\u0131c\u0131, \u00f6demeye kar\u015f\u0131 sa\u011flanan NitroFlare Premium Servisine refere eder.<\/span><\/span><\/p>\n\n<p><a class=\"fasc-button fasc-size-xlarge fasc-type-glossy fasc-rounded-medium ico-fa fasc-ico-after fa-share\" style=\"background-color: #43585e; color: #ffffff;\" target=\"_blank\" rel=\"nofollow\" href=\"https:\/\/multihoster.org\/nitroflare\/goto\/\">Nitroflare.com&#8217;a git<\/a><\/p>\n<h2><span id=\"result_box\" class=\"short_text\" lang=\"tr\"><span class=\"\">Bir bak\u0131\u015fta eksiksiz NitroFlare serisi<\/span><\/span><\/h2>\n<p><span id=\"result_box\" class=\"\" lang=\"tr\">NitroFlare, taray\u0131c\u0131 y\u00fcklemesi, uzaktan y\u00fckleme veya FTP arac\u0131l\u0131\u011f\u0131yla \u00fccretsiz bir hesap ile sa\u011flay\u0131c\u0131lar\u0131n sunucular\u0131na indirme ba\u015f\u0131na 10 GB&#8217;a kadar \u00e7e\u015fitli dosyalar\u0131 y\u00fcklemenizi sa\u011flar.<\/span><\/p>\n<p><span class=\"\">\u00dccretsiz hesaba ek olarak, bir NitroFlare Premium Hesab\u0131na toplam be\u015f \u00fccretli aboneli\u011finiz vard\u0131r ve bu sayede t\u00fcm NitroFlare hizmetlerinden yararlanabilirsiniz.<\/span> <span class=\"\">NitroFlare Premium, 2 g\u00fcnl\u00fck bir deneme ve 30 g\u00fcn, 90 g\u00fcn, 180 g\u00fcn ve 365 g\u00fcn i\u00e7in fiyatlar sunar.<\/span> <span class=\"\">Deneme 2 g\u00fcnl\u00fck abonelik, 30 g\u00fcnl\u00fck tarifeden sadece biraz daha ucuzdur ve bu da ziyaret\u00e7iyi 30 g\u00fcnl\u00fck NitroFlare Premium aboneli\u011fine g\u00f6t\u00fcr\u00fcr.<\/span><\/p>\n<h2><span id=\"result_box\" class=\"short_text\" lang=\"tr\"><span class=\"\">Bonus teklifleri<\/span><\/span><\/h2>\n<p><span id=\"result_box\" class=\"\" lang=\"tr\">NitroFlare, sadece dosya y\u00fckleme ve indirme olana\u011f\u0131 sunman\u0131n yan\u0131 s\u0131ra, para kazanma ve hizmeti tan\u0131tman\u0131n cazip bir yolunu sunar. <span class=\"\">Hesap t\u00fcr\u00fcne ba\u011fl\u0131 olarak, sa\u011flay\u0131c\u0131 sizden yeni m\u00fc\u015fterilerden yararlan\u0131yorsa,% 10&#8217;a varan bir komisyon alabilirsiniz.<\/span><\/span><\/p>\n<p><img loading=\"lazy\" class=\"alignnone size-full wp-image-919\" src=\"https:\/\/multihoster.org\/wp-content\/uploads\/2018\/08\/nitroflare.jpg\" alt=\"Nitroflare\" width=\"894\" height=\"632\" srcset=\"https:\/\/multihoster.org\/wp-content\/uploads\/2018\/08\/nitroflare.jpg 894w, https:\/\/multihoster.org\/wp-content\/uploads\/2018\/08\/nitroflare-300x212.jpg 300w, https:\/\/multihoster.org\/wp-content\/uploads\/2018\/08\/nitroflare-768x543.jpg 768w\" sizes=\"(max-width: 894px) 100vw, 894px\" \/><\/p>\n<h2><span id=\"result_box\" class=\"short_text\" lang=\"tr\"><span class=\"\">Maliyetler ve \u00f6deme y\u00f6ntemleri<\/span><\/span><\/h2>\n<p><span id=\"result_box\" class=\"\" lang=\"tr\"><span class=\"\">NitroFlare Premium Hesab\u0131 i\u00e7in \u00f6deme se\u00e7enekleri, iyi bilinen kredi kart\u0131 y\u00f6ntemlerini i\u00e7erir.<\/span> VISA, MasterCard, American Express ve Discover Card kabul edilir. <span class=\"\">WebMoney gibi di\u011fer y\u00f6ntemler de NitroFlare Premium&#8217;un \u00f6demesi i\u00e7in kullan\u0131labilir.<\/span> <span class=\"\">E\u011fer isimsiz olarak \u00f6deme yapmak isterseniz, bunu Bitcoin \u00fczerinden yapabilirsiniz.<\/span><\/span><\/p>\n<p><strong>\n<table id=\"tablepress-81\" class=\"tablepress tablepress-id-81\">\n<tbody class=\"row-hover\">\n<tr class=\"row-1 odd\">\n\t<td class=\"column-1\">Trial<\/td><td class=\"column-2\">Medium<\/td><td class=\"column-3\">Popular<\/td><td class=\"column-4\">Big<\/td><td class=\"column-5\">Huge<\/td>\n<\/tr>\n<tr class=\"row-2 even\">\n\t<td class=\"column-1\">2 g\u00fcn<\/td><td class=\"column-2\">30 g\u00fcn<\/td><td class=\"column-3\">90 g\u00fcn<\/td><td class=\"column-4\">180 g\u00fcn<\/td><td class=\"column-5\">365 g\u00fcn<\/td>\n<\/tr>\n<tr class=\"row-3 odd\">\n\t<td class=\"column-1\">10 $<\/td><td class=\"column-2\">12 $<\/td><td class=\"column-3\">30 $<\/td><td class=\"column-4\">50 $<\/td><td class=\"column-5\">90 $<\/td>\n<\/tr>\n<\/tbody>\n<\/table>\n<!-- #tablepress-81 from cache --><\/strong><\/p>\n<p><a class=\"fasc-button fasc-size-xlarge fasc-type-glossy fasc-rounded-medium ico-fa fasc-ico-after fa-share\" style=\"background-color: #43585e; color: #ffffff;\" target=\"_blank\" rel=\"nofollow\" href=\"https:\/\/multihoster.org\/nitroflare\/goto\/\">Nitroflare.com&#8217;a git<\/a><\/p>\n<h2><span id=\"result_box\" class=\"short_text\" lang=\"tr\"><span class=\"\">Gizlilik Bildirimi ve Veri Korumas\u0131<\/span><\/span><\/h2>\n<p><span id=\"result_box\" class=\"\" lang=\"tr\">Gizlilik ve veri koruma, bir\u00e7ok t\u00fcketici i\u00e7in giderek daha \u00f6nemli hale gelmektedir. <span class=\"\">Ki\u015fisel verilerinizin ve gizlili\u011finizin korunmas\u0131yla ilgili olarak, NitroFlare&#8217;nin g\u00fcvenilirli\u011fine g\u00fcvenebilirsiniz.<\/span><\/span><\/p>\n<p><span class=\"\">Sa\u011flay\u0131c\u0131, IP adresi, e-posta adresi, ad ve y\u00fcklenen ve indirilen dosyalar gibi ortak bilgileri depolar.<\/span> <span class=\"\">NitroFlare hizmetini kullanarak, genellikle kullan\u0131c\u0131 deneyimini geli\u015ftiren \u00e7erezlerin kullan\u0131m\u0131n\u0131 da kabul edersiniz.<\/span><\/p>\n<p><span class=\"\">\u00d6deme s\u00fcreci, verileri i\u015fleyen ayr\u0131 \u00f6deme hizmetlerini i\u00e7erdi\u011finden, ki\u015fisel finansal veriler NitroFlare taraf\u0131ndan saklanmaz.<\/span><\/p>\n<h2><span id=\"result_box\" class=\"short_text\" lang=\"tr\"><span class=\"\">Sat\u0131\u015f sonras\u0131 servis<\/span><\/span><\/h2>\n<p><span id=\"result_box\" class=\"\" lang=\"tr\"><span class=\"\">M\u00fc\u015fteri hizmetleri linki, web sitesinin en \u00fcst\u00fcnde &#8220;Destek&#8221; sekmesi alt\u0131nda bulunabilir.<\/span> Kullan\u0131c\u0131dan, hedef sayfan\u0131n \u00fcst k\u0131sm\u0131ndaki soru ve cevap kutusuna \u00f6nce bir \u00e7\u00f6z\u00fcm aramas\u0131 istenecektir. A\u015fa\u011f\u0131da, e-posta adresinin, konunun ve uygulaman\u0131n somutla\u015fmas\u0131n\u0131n gerekli oldu\u011fu bir ileti\u015fim formu bulacaks\u0131n\u0131z. Captcha daha sonra onaylanabilir ve mesaj g\u00f6nderilebilir.<\/span><\/p>\n<p><img loading=\"lazy\" class=\"alignnone size-full wp-image-920\" src=\"https:\/\/multihoster.org\/wp-content\/uploads\/2018\/08\/support.jpg\" alt=\"support\" width=\"859\" height=\"624\" srcset=\"https:\/\/multihoster.org\/wp-content\/uploads\/2018\/08\/support.jpg 859w, https:\/\/multihoster.org\/wp-content\/uploads\/2018\/08\/support-300x218.jpg 300w, https:\/\/multihoster.org\/wp-content\/uploads\/2018\/08\/support-768x558.jpg 768w\" sizes=\"(max-width: 859px) 100vw, 859px\" \/><\/p>\n<h2><span id=\"result_box\" class=\"short_text\" lang=\"tr\"><span class=\"\">Kullan\u0131c\u0131 dostu<\/span><\/span><\/h2>\n<p><span id=\"result_box\" class=\"\" lang=\"tr\"><span class=\"\">Online varl\u0131k nitroflare.com a\u00e7\u0131k\u00e7a yap\u0131land\u0131r\u0131lm\u0131\u015ft\u0131r, b\u00f6ylece ana sayfada bir bak\u0131\u015fta \u00f6nemli olan her \u015feyi g\u00f6rebilirsiniz.<\/span> <span class=\"\">Hesap olmadan bile, Taray\u0131c\u0131 Y\u00fckleme, FTP Y\u00fckleme veya Uzaktan Y\u00fckleme ile 10 GB&#8217;a kadar dosya y\u00fckleyebilirsiniz.<\/span> Ayr\u0131ca, sayfan\u0131n en \u00fcst\u00fcnde &#8220;Sat\u0131n alma primi&#8221;, &#8220;Para kazan&#8221; ve &#8220;Destek&#8221; alt sayfalar\u0131n\u0131 bulacaks\u0131n\u0131z.<\/span><\/p>\n<p>Sayfan\u0131n sa\u011f \u00fcst k\u00f6\u015fesindeki &#8220;Kullan\u0131c\u0131&#8221; y\u0131 t\u0131klayarak hesap \u00f6zetine ula\u015f\u0131rs\u0131n\u0131z. Burada, di\u011fer \u015feylerin yan\u0131 s\u0131ra mevcut depolama kapasitesi, hesap bakiyesi ve kazan\u00e7 se\u00e7enekleri hakk\u0131ndaki bilgileri g\u00f6rebilirsiniz. T\u0131klamalar, indirmeler ve sat\u0131\u015flarla ilgili istatistikleri de bulabilirsiniz.<\/p>\n<p>Buradan dosyalar\u0131n\u0131z\u0131 pratik olarak d\u00fczenleyebilece\u011finiz ve g\u00f6r\u00fcnt\u00fcleyebilece\u011finiz &#8220;Dosyalar\u0131m&#8221; sekmesine gidebilirsiniz. Ortakl\u0131k raporlar\u0131n\u0131 a\u00e7mak ve bir FTP hesab\u0131 olu\u015fturmak da m\u00fcmk\u00fcnd\u00fcr. Ayr\u0131ca bireysel y\u00fcklemelerinizi ve sat\u0131\u015f referanslar\u0131n\u0131z\u0131 g\u00f6r\u00fcnt\u00fcleyebilir ve iki geli\u015ftirici API&#8217;s\u0131na ba\u011flant\u0131 bulabilirsiniz.<\/p>\n<h2><span id=\"result_box\" class=\"\" lang=\"tr\"><span class=\"\">Bir Premium Hesab\u0131n NitroFlare ile avantajlar\u0131<\/span><\/span><\/h2>\n<p><span id=\"result_box\" class=\"\" lang=\"tr\">NitroFlare Premium Hesab\u0131 ile, NitroFlare.com&#8217;u ziyaret etti\u011finizde maksimum h\u0131z\u0131 kullanabilirsiniz. Ayr\u0131ca, sadece istenen videolar\u0131 indirmekle kalmay\u0131p, ayn\u0131 zamanda onlar\u0131 \u00e7evrimi\u00e7i g\u00f6r\u00fcnt\u00fclemenin avantaj\u0131ndan da yararlanabilirsiniz.<\/span><\/p>\n<p><span class=\"\">Buna ek olarak, hizmeti kullan\u0131rken herhangi bir reklamdan rahats\u0131z olmazs\u0131n\u0131z ve \u00f6ncelikli m\u00fc\u015fteri hizmetleri ile NitroFlare Premium&#8217;dan faydalanabilirsiniz.<\/span><\/p>\n<h2><span id=\"result_box\" class=\"short_text\" lang=\"tr\"><span class=\"\">NitroFlare ile ilgili sonucumuz<\/span><\/span><\/h2>\n<p><span id=\"result_box\" class=\"\" lang=\"tr\">Sonu\u00e7 olarak, NitroFlare hem \u00fccretsiz hem de \u00fccret kar\u015f\u0131l\u0131\u011f\u0131nda kullan\u0131labilecek ilgin\u00e7 bir \u00fcr\u00fcn yelpazesi sunmaktad\u0131r. <span class=\"\">NitroFlare Premium Hesab\u0131 ile t\u00fcm se\u00e7eneklere sahipsiniz ve maksimum h\u0131z\u0131 kullanabilirsiniz, ancak \u00fccretsiz hesab\u0131n boyutu s\u0131n\u0131rl\u0131d\u0131r.<\/span> <span class=\"\">Sayfa a\u00e7\u0131k\u00e7a yap\u0131land\u0131r\u0131lm\u0131\u015ft\u0131r, b\u00f6ylece t\u00fcm bilgi ve fonksiyonlar h\u0131zl\u0131 bir \u015fekilde bulunabilir.<\/span> <span class=\"\">Kendiniz i\u00e7in \u00fccretsiz NitroFlare teklifini deneyin ve isterseniz isterseniz NitroFlare Premium&#8217;a y\u00fckseltin.<\/span><\/span><\/p>\n<p><a class=\"fasc-button fasc-size-xlarge fasc-type-glossy fasc-rounded-medium ico-fa fasc-ico-after fa-share\" style=\"background-color: #43585e; color: #ffffff;\" target=\"_blank\" rel=\"nofollow\" href=\"https:\/\/multihoster.org\/nitroflare\/goto\/\">Nitroflare.com&#8217;a git<\/a><\/p>\n","protected":false},"excerpt":{"rendered":"<p>NitroFlare, sekt\u00f6rdeki en iyilerden biridir ve kendini internetteki verileri y\u00fcklemek, saklamak ve g\u00fcvenli bir \u015fekilde payla\u015fmak i\u00e7in en iyi ve<\/p>\n","protected":false},"author":2,"featured_media":0,"parent":0,"menu_order":0,"comment_status":"closed","ping_status":"closed","template":"","meta":[],"yoast_head":"<!-- This site is optimized with the Yoast SEO plugin v18.3 - https:\/\/yoast.com\/wordpress\/plugins\/seo\/ -->\n<title>Multihoster NitroFlare - bir bak\u0131\u015fta \u00f6nemli olan her \u015fey<\/title>\n<meta name=\"description\" content=\"Filehoster NitroFlare&#039;e bir g\u00f6z att\u0131k ve sizi sa\u011flay\u0131c\u0131ya tan\u0131tmak istiyoruz.\" \/>\n<meta name=\"robots\" content=\"index, follow, max-snippet:-1, max-image-preview:large, max-video-preview:-1\" \/>\n<link rel=\"canonical\" href=\"https:\/\/multihoster.org\/tr\/nitroflare\/\" \/>\n<meta property=\"og:locale\" content=\"tr_TR\" \/>\n<meta property=\"og:type\" content=\"article\" \/>\n<meta property=\"og:title\" content=\"Multihoster NitroFlare - bir bak\u0131\u015fta \u00f6nemli olan her \u015fey\" \/>\n<meta property=\"og:description\" content=\"Filehoster NitroFlare&#039;e bir g\u00f6z att\u0131k ve sizi sa\u011flay\u0131c\u0131ya tan\u0131tmak istiyoruz.\" \/>\n<meta property=\"og:url\" content=\"https:\/\/multihoster.org\/tr\/nitroflare\/\" \/>\n<meta property=\"og:site_name\" content=\"Multihoster.org\" \/>\n<meta property=\"article:modified_time\" content=\"2018-10-04T14:23:33+00:00\" \/>\n<meta property=\"og:image\" content=\"https:\/\/multihoster.org\/wp-content\/uploads\/2018\/08\/nitroflare.png\" \/>\n<meta name=\"twitter:card\" content=\"summary\" \/>\n<meta name=\"twitter:label1\" content=\"Tahmini okuma s\u00fcresi\" \/>\n\t<meta name=\"twitter:data1\" content=\"4 dakika\" \/>\n<script type=\"application\/ld+json\" class=\"yoast-schema-graph\">{\"@context\":\"https:\/\/schema.org\",\"@graph\":[{\"@type\":\"WebSite\",\"@id\":\"https:\/\/multihoster.org\/#website\",\"url\":\"https:\/\/multihoster.org\/\",\"name\":\"Multihoster.org\",\"description\":\"Reviews of the major Filehosting services\",\"potentialAction\":[{\"@type\":\"SearchAction\",\"target\":{\"@type\":\"EntryPoint\",\"urlTemplate\":\"https:\/\/multihoster.org\/?s={search_term_string}\"},\"query-input\":\"required name=search_term_string\"}],\"inLanguage\":\"tr\"},{\"@type\":\"ImageObject\",\"@id\":\"https:\/\/multihoster.org\/tr\/nitroflare\/#primaryimage\",\"inLanguage\":\"tr\",\"url\":\"https:\/\/multihoster.org\/wp-content\/uploads\/2018\/08\/nitroflare.png\",\"contentUrl\":\"https:\/\/multihoster.org\/wp-content\/uploads\/2018\/08\/nitroflare.png\",\"width\":414,\"height\":94,\"caption\":\"nitroflare\"},{\"@type\":\"WebPage\",\"@id\":\"https:\/\/multihoster.org\/tr\/nitroflare\/#webpage\",\"url\":\"https:\/\/multihoster.org\/tr\/nitroflare\/\",\"name\":\"Multihoster NitroFlare - bir bak\u0131\u015fta \u00f6nemli olan her \u015fey\",\"isPartOf\":{\"@id\":\"https:\/\/multihoster.org\/#website\"},\"primaryImageOfPage\":{\"@id\":\"https:\/\/multihoster.org\/tr\/nitroflare\/#primaryimage\"},\"datePublished\":\"2018-09-12T05:51:22+00:00\",\"dateModified\":\"2018-10-04T14:23:33+00:00\",\"description\":\"Filehoster NitroFlare'e bir g\u00f6z att\u0131k ve sizi sa\u011flay\u0131c\u0131ya tan\u0131tmak istiyoruz.\",\"breadcrumb\":{\"@id\":\"https:\/\/multihoster.org\/tr\/nitroflare\/#breadcrumb\"},\"inLanguage\":\"tr\",\"potentialAction\":[{\"@type\":\"ReadAction\",\"target\":[\"https:\/\/multihoster.org\/tr\/nitroflare\/\"]}]},{\"@type\":\"BreadcrumbList\",\"@id\":\"https:\/\/multihoster.org\/tr\/nitroflare\/#breadcrumb\",\"itemListElement\":[{\"@type\":\"ListItem\",\"position\":1,\"name\":\"Startseite\",\"item\":\"https:\/\/multihoster.org\/tr\/\"},{\"@type\":\"ListItem\",\"position\":2,\"name\":\"Nitroflare Premium Hesab\u0131 &#8211; Bir bak\u0131\u015fta Filehoster\"}]}]}<\/script>\n<!-- \/ Yoast SEO plugin. -->","yoast_head_json":{"title":"Multihoster NitroFlare - bir bak\u0131\u015fta \u00f6nemli olan her \u015fey","description":"Filehoster NitroFlare'e bir g\u00f6z att\u0131k ve sizi sa\u011flay\u0131c\u0131ya tan\u0131tmak istiyoruz.","robots":{"index":"index","follow":"follow","max-snippet":"max-snippet:-1","max-image-preview":"max-image-preview:large","max-video-preview":"max-video-preview:-1"},"canonical":"https:\/\/multihoster.org\/tr\/nitroflare\/","og_locale":"tr_TR","og_type":"article","og_title":"Multihoster NitroFlare - bir bak\u0131\u015fta \u00f6nemli olan her \u015fey","og_description":"Filehoster NitroFlare'e bir g\u00f6z att\u0131k ve sizi sa\u011flay\u0131c\u0131ya tan\u0131tmak istiyoruz.","og_url":"https:\/\/multihoster.org\/tr\/nitroflare\/","og_site_name":"Multihoster.org","article_modified_time":"2018-10-04T14:23:33+00:00","og_image":[{"url":"https:\/\/multihoster.org\/wp-content\/uploads\/2018\/08\/nitroflare.png"}],"twitter_card":"summary","twitter_misc":{"Tahmini okuma s\u00fcresi":"4 dakika"},"schema":{"@context":"https:\/\/schema.org","@graph":[{"@type":"WebSite","@id":"https:\/\/multihoster.org\/#website","url":"https:\/\/multihoster.org\/","name":"Multihoster.org","description":"Reviews of the major Filehosting services","potentialAction":[{"@type":"SearchAction","target":{"@type":"EntryPoint","urlTemplate":"https:\/\/multihoster.org\/?s={search_term_string}"},"query-input":"required name=search_term_string"}],"inLanguage":"tr"},{"@type":"ImageObject","@id":"https:\/\/multihoster.org\/tr\/nitroflare\/#primaryimage","inLanguage":"tr","url":"https:\/\/multihoster.org\/wp-content\/uploads\/2018\/08\/nitroflare.png","contentUrl":"https:\/\/multihoster.org\/wp-content\/uploads\/2018\/08\/nitroflare.png","width":414,"height":94,"caption":"nitroflare"},{"@type":"WebPage","@id":"https:\/\/multihoster.org\/tr\/nitroflare\/#webpage","url":"https:\/\/multihoster.org\/tr\/nitroflare\/","name":"Multihoster NitroFlare - bir bak\u0131\u015fta \u00f6nemli olan her \u015fey","isPartOf":{"@id":"https:\/\/multihoster.org\/#website"},"primaryImageOfPage":{"@id":"https:\/\/multihoster.org\/tr\/nitroflare\/#primaryimage"},"datePublished":"2018-09-12T05:51:22+00:00","dateModified":"2018-10-04T14:23:33+00:00","description":"Filehoster NitroFlare'e bir g\u00f6z att\u0131k ve sizi sa\u011flay\u0131c\u0131ya tan\u0131tmak istiyoruz.","breadcrumb":{"@id":"https:\/\/multihoster.org\/tr\/nitroflare\/#breadcrumb"},"inLanguage":"tr","potentialAction":[{"@type":"ReadAction","target":["https:\/\/multihoster.org\/tr\/nitroflare\/"]}]},{"@type":"BreadcrumbList","@id":"https:\/\/multihoster.org\/tr\/nitroflare\/#breadcrumb","itemListElement":[{"@type":"ListItem","position":1,"name":"Startseite","item":"https:\/\/multihoster.org\/tr\/"},{"@type":"ListItem","position":2,"name":"Nitroflare Premium Hesab\u0131 &#8211; Bir bak\u0131\u015fta Filehoster"}]}]}},"_links":{"self":[{"href":"https:\/\/multihoster.org\/tr\/wp-json\/wp\/v2\/pages\/1203"}],"collection":[{"href":"https:\/\/multihoster.org\/tr\/wp-json\/wp\/v2\/pages"}],"about":[{"href":"https:\/\/multihoster.org\/tr\/wp-json\/wp\/v2\/types\/page"}],"author":[{"embeddable":true,"href":"https:\/\/multihoster.org\/tr\/wp-json\/wp\/v2\/users\/2"}],"replies":[{"embeddable":true,"href":"https:\/\/multihoster.org\/tr\/wp-json\/wp\/v2\/comments?post=1203"}],"version-history":[{"count":3,"href":"https:\/\/multihoster.org\/tr\/wp-json\/wp\/v2\/pages\/1203\/revisions"}],"predecessor-version":[{"id":1372,"href":"https:\/\/multihoster.org\/tr\/wp-json\/wp\/v2\/pages\/1203\/revisions\/1372"}],"wp:attachment":[{"href":"https:\/\/multihoster.org\/tr\/wp-json\/wp\/v2\/media?parent=1203"}],"curies":[{"name":"wp","href":"https:\/\/api.w.org\/{rel}","templated":true}]}}