{"id":1208,"date":"2018-09-12T06:25:57","date_gmt":"2018-09-12T06:25:57","guid":{"rendered":"https:\/\/multihoster.org\/?page_id=1208"},"modified":"2018-10-04T14:23:39","modified_gmt":"2018-10-04T14:23:39","slug":"oboom","status":"publish","type":"page","link":"https:\/\/multihoster.org\/tr\/oboom\/","title":{"rendered":"Oboom Premium Hesab\u0131 &#8211; Bir bak\u0131\u015fta Filehoster"},"content":{"rendered":"<p><img loading=\"lazy\" class=\"size-full wp-image-101 alignleft\" src=\"https:\/\/multihoster.org\/wp-content\/uploads\/2018\/04\/logo.png\" alt=\"logo\" width=\"222\" height=\"59\"><\/p>\n<p><span id=\"result_box\" class=\"\" lang=\"tr\">Oboom, dosyalar\u0131n\u0131z\u0131 tamamen konum ve cihazdan ba\u011f\u0131ms\u0131z olarak bulutta saklayabilece\u011finiz tamamen \u00fccretsiz bir hizmet sunar. <span class=\"\">Sa\u011flay\u0131c\u0131, ekip \u00e7al\u0131\u015fmas\u0131na b\u00fcy\u00fck \u00f6nem vermekte ve platformu herhangi bir yerden ve herhangi bir cihazdan kolayca payla\u015fman\u0131n bir yolunu olu\u015fturmak i\u00e7in platformu kullanmak istemektedir.<\/span> <span class=\"\">Takdir ve g\u00fcvenlik elbette en \u00f6ncelikli konulard\u0131r.<\/span><\/span><\/p>\n\n<p><a class=\"fasc-button fasc-size-xlarge fasc-type-glossy fasc-rounded-medium ico-fa fasc-ico-after fa-share\" style=\"background-color: #43585e; color: #ffffff;\" rel=\"nofollow\" href=\"https:\/\/multihoster.org\/oboom\/goto\/\">Oboom.com&#8217;a git<\/a><\/p>\n<h2><span id=\"result_box\" class=\"short_text\" lang=\"tr\"><span class=\"\">Tedarik\u00e7inin olumlu \u00f6zellikleri<\/span><\/span><\/h2>\n<ul>\n<li><span id=\"result_box\" class=\"short_text\" lang=\"tr\"><span class=\"\">bedava hesap<\/span><\/span><\/li>\n<li><span id=\"result_box\" class=\"short_text\" lang=\"tr\"><span class=\"\">50 GB&#8217;a kadar bo\u015f disk alan\u0131<\/span><\/span><\/li>\n<li><span id=\"result_box\" class=\"short_text\" lang=\"tr\"><span class=\"\">anonim hesap olu\u015fturma imkan\u0131<\/span><\/span><\/li>\n<li><span id=\"result_box\" class=\"short_text\" lang=\"tr\"><span class=\"\">Telefonla destek<\/span><\/span><\/li>\n<li><span id=\"result_box\" class=\"short_text\" lang=\"tr\"><span class=\"\">\u0130ndirme y\u00f6neticisinin kullan\u0131m\u0131 m\u00fcmk\u00fcn<\/span><\/span><\/li>\n<\/ul>\n<h2><span id=\"result_box\" class=\"short_text\" lang=\"tr\"><span class=\"\">Bir bak\u0131\u015fta t\u00fcm Oboom teklifi<\/span><\/span><\/h2>\n<p><span id=\"result_box\" class=\"\" lang=\"tr\"><span class=\"\">Sa\u011flay\u0131c\u0131, kullan\u0131c\u0131lar\u0131na \u00fcr\u00fcn yelpazesinde a\u00e7\u0131k bir prim hesab\u0131 sunmaz, \u00e7\u00fcnk\u00fc prensipte yaln\u0131zca Oboom&#8217;un teklifinde \u00fccretsiz bir hesap vard\u0131r.<\/span> Sa\u011flay\u0131c\u0131, her kullan\u0131c\u0131 i\u00e7in hizmetini tamamen \u00fccretsiz olarak sunmaktad\u0131r. <span class=\"\">Kullan\u0131c\u0131lar\u0131n emrinde 50 GB&#8217;a kadar depolama alan\u0131 vard\u0131r.<\/span><\/span><\/p>\n<p><span class=\"\">Oboom Premium teklifi kapsam\u0131nda ba\u015fka avantajlardan yararlanmak isteyenler, bunu Smoozed Pro hesab\u0131yla ba\u015farabilirler.<\/span> Bununla, h\u0131z limiti ve bekleme s\u00fcresi yoktur. <span class=\"\">Oboom Premium Hesab\u0131n\u0131 kullanmak i\u00e7in, \u00f6nce Smoozed&#8217;e kay\u0131t olman\u0131z ve ard\u0131ndan JDownloader veya Smoozed Addon&#8217;da Smoozed Pro hesab\u0131n\u0131n eri\u015fim verilerini girmeniz gerekir.<\/span><\/p>\n<p><span class=\"\">Smoozed&#8217;de bir Pro Hesap ile yaln\u0131zca Oboom Premium&#8217;un t\u00fcm hizmetlerini kullanamazs\u0131n\u0131z, ayn\u0131 zamanda hemen hemen t\u00fcm di\u011fer dosya bar\u0131nd\u0131rma hizmetlerini de kullanabilirsiniz.<\/span><\/p>\n<h2 class=\"normal\"><span id=\"result_box\" class=\"short_text\" lang=\"tr\"><span class=\"\">Bonus teklifleri<\/span><\/span><\/h2>\n<p><span id=\"result_box\" class=\"\" lang=\"tr\"><span class=\"\">\u00c7ok cazip bir bonus teklif, \u0130ndirme Ba\u015f\u0131na \u00d6deme modelidir.<\/span> <span class=\"\">Kullan\u0131c\u0131lar, \u00f6zellikle \u00e7ok say\u0131da dosyay\u0131 buluta y\u00fckleyen bir komisyon al\u0131r.<\/span> <span class=\"\">Bunun \u00f6nko\u015fulu, elbette, dosyalar\u0131n \u00e7ok pop\u00fcler oldu\u011fu ve buna g\u00f6re s\u0131k\u00e7a indirildi\u011fidir.<\/span> <span class=\"\">Bonus program\u0131 do\u011frudan Oboom taraf\u0131ndan de\u011fil, ilgili dosya hoper&#8217;leriyle d\u00fczenlenir.<\/span> <span class=\"\">Sa\u011flay\u0131c\u0131lar\u0131n bir\u00e7o\u011fu, sa\u011flay\u0131c\u0131lar\u0131 pop\u00fcler dosyalar\u0131 y\u00fcklemeleri i\u00e7in motive etmek i\u00e7in kendi bonus programlar\u0131na sahiptir.<\/span> <span class=\"\">Komisyonlar sa\u011flay\u0131c\u0131ya g\u00f6re farkl\u0131l\u0131k g\u00f6sterir ve sadece cazip bir ek gelir de\u011fil, ana gelir kayna\u011f\u0131 bile olabilir.<\/span><\/span><\/p>\n<h2><span id=\"result_box\" class=\"short_text\" lang=\"tr\"><span class=\"\">Maliyetler ve \u00f6deme se\u00e7enekleri<\/span><\/span><\/h2>\n<p class=\"normal\"><span id=\"result_box\" class=\"\" lang=\"tr\"><span class=\"\">Oboom Premium Service i\u00e7in bir \u00f6deme se\u00e7ene\u011fi olarak kredi kart\u0131, SEPA express ve Handypay ile \u00f6deme yapabilirsiniz.<\/span> <span class=\"\">Dijital para Bitcoin de \u00f6deme y\u00f6ntemi olarak kabul edilir.<\/span><\/span><\/p>\n<p><strong>\n<table id=\"tablepress-82\" class=\"tablepress tablepress-id-82\">\n<tbody class=\"row-hover\">\n<tr class=\"row-1 odd\">\n\t<td class=\"column-1\">BASIC<\/td><td class=\"column-2\">ADVANCED<\/td><td class=\"column-3\">ULTRA<\/td>\n<\/tr>\n<tr class=\"row-2 even\">\n\t<td class=\"column-1\">1 ay<\/td><td class=\"column-2\">6 ay<\/td><td class=\"column-3\">12 ay<\/td>\n<\/tr>\n<tr class=\"row-3 odd\">\n\t<td class=\"column-1\">9,95 \u20ac<\/td><td class=\"column-2\">29,99 \u20ac yerine 29,99 \u20ac<\/td><td class=\"column-3\">99,99 \u20ac yerine 39,95 \u20ac<\/td>\n<\/tr>\n<tr class=\"row-4 even\">\n\t<td class=\"column-1\">40'\u0131n \u00fczerinde dosya<\/td><td class=\"column-2\">40'\u0131n \u00fczerinde dosya<\/td><td class=\"column-3\">40'\u0131n \u00fczerinde dosya<\/td>\n<\/tr>\n<tr class=\"row-5 odd\">\n\t<td class=\"column-1\">VPN eri\u015fim<\/td><td class=\"column-2\">VPN eri\u015fim<\/td><td class=\"column-3\">VPN eri\u015fim<\/td>\n<\/tr>\n<\/tbody>\n<\/table>\n<!-- #tablepress-82 from cache --><\/strong><\/p>\n<p><a class=\"fasc-button fasc-size-xlarge fasc-type-glossy fasc-rounded-medium ico-fa fasc-ico-after fa-share\" style=\"background-color: #43585e; color: #ffffff;\" rel=\"nofollow\" href=\"https:\/\/multihoster.org\/oboom\/goto\/\">Oboom.com&#8217;a git<\/a><\/p>\n<h2><span id=\"result_box\" class=\"short_text\" lang=\"tr\"><span class=\"\">Gizlilik Bildirimi ve Veri Korumas\u0131<\/span><\/span><\/h2>\n<p><span id=\"result_box\" class=\"\" lang=\"tr\"><span class=\"\">Veri koruma ve gizlilik konusunda Oboom, gizlilik ve yasal d\u00fczenlemelere uygunlu\u011fa b\u00fcy\u00fck \u00f6nem vermektedir.<\/span> <span class=\"\">Di\u011fer bir\u00e7ok sa\u011flay\u0131c\u0131dan farkl\u0131 olarak, Oboom ki\u015fisel veriler sa\u011flamadan m\u00fcmk\u00fcn olan bir hizmet sunar.<\/span><\/span><\/p>\n<p><span class=\"\">Ki\u015fisel veriler yine de toplanmal\u0131, bu her zaman g\u00f6n\u00fcll\u00fc olarak ger\u00e7ekle\u015fir.<\/span> Oboom bu bilgileri hi\u00e7bir zaman a\u00e7\u0131k\u00e7a izin almadan \u00fc\u00e7\u00fcnc\u00fc taraflara iletmeyecektir. Sa\u011flay\u0131c\u0131 her zaman m\u00fcmk\u00fcn olan en iyi g\u00fcvenli\u011fi garanti etmeye \u00e7al\u0131\u015f\u0131r, ancak \u0130nternet \u00fczerinde tam bir koruman\u0131n m\u00fcmk\u00fcn olmad\u0131\u011f\u0131n\u0131 belirtir.<\/p>\n<p>Sosyal a\u011f Facebook kullan\u0131rken, mevcut eklentileri kullanarak taray\u0131c\u0131 ve Facebook sunucusu aras\u0131nda veri al\u0131\u015fveri\u015fi yap\u0131labilir. Bu, Facebook hesab\u0131n\u0131zdan \u00e7\u0131k\u0131\u015f yap\u0131larak \u00f6nlenebilir. Di\u011fer veriler, bireysel kullan\u0131c\u0131 deneyimini iyile\u015ftirmek i\u00e7in bu bilgileri kullanan Google Analytics hizmeti taraf\u0131ndan de\u011ferlendirilir. Ayr\u0131ca, Google Plus veya Twitter kullan\u0131rken ki\u015fisel veriler de\u011fi\u015ftirilebilir veya saklanabilir.<\/p>\n<h2><span id=\"result_box\" class=\"short_text\" lang=\"tr\"><span class=\"\">M\u00fc\u015fteri deste\u011fi<\/span><\/span><\/h2>\n<p class=\"normal\"><span id=\"result_box\" class=\"\" lang=\"tr\">Oboom deste\u011fi g\u00fcn boyunca sabah 9&#8217;dan ak\u015fam 5&#8217;e kadar mevcuttur. L\u00fctfen 414 1588 0562 numaral\u0131 telefonu aray\u0131n. Ayr\u0131ca, yan\u0131tlanmam\u0131\u015f sorular\u0131n\u0131z varsa destek i\u00e7in bir e-posta yazabilirsiniz. <span class=\"\">Bug\u00fcn daha h\u0131zl\u0131 olan ve \u00e7\u00f6z\u00fcm sunan bir ba\u015fka se\u00e7enek de SSS alan\u0131d\u0131r.<\/span> <span class=\"\">Di\u011fer kullan\u0131c\u0131lar taraf\u0131ndan d\u00fczenli olarak sorulan bir\u00e7ok soru burada.<\/span><\/span><\/p>\n<h2><span id=\"result_box\" class=\"short_text\" lang=\"tr\"><span class=\"\">Web sitesinin kullan\u0131c\u0131 dostu olmas\u0131<\/span><\/span><\/h2>\n<p><span id=\"result_box\" class=\"\" lang=\"tr\"><span class=\"\">Sa\u011flay\u0131c\u0131 Oboom&#8217;un web sitesi, hizmet ve \u015firket felsefesinin ilk bak\u0131\u015fta net olmas\u0131 i\u00e7in a\u00e7\u0131k\u00e7a yap\u0131land\u0131r\u0131lm\u0131\u015ft\u0131r.<\/span> <span class=\"\">Sayfan\u0131n sa\u011f \u00fcst taraf\u0131nda bir hesap olu\u015fturabilir, giri\u015f yapabilir veya Facebook, Twitter ve Google+ kullanabilirsiniz.<\/span><\/span><\/p>\n<p>Giri\u015f yapt\u0131ktan hemen sonra, dosyalar\u0131 y\u00fckleyebilece\u011finiz veya indirebilece\u011finiz CloudDrive \u00f6zetine y\u00f6nlendirilirsiniz. Ayr\u0131ca, ayarlarda istedi\u011finiz de\u011fi\u015fiklikleri yapabilir veya ortak programa daha yak\u0131ndan g\u00f6z atabilirsiniz.<\/p>\n<p><img loading=\"lazy\" class=\"alignnone wp-image-100 size-large\" src=\"https:\/\/multihoster.org\/wp-content\/uploads\/2018\/04\/upload-1024x459.png\" alt=\"upload\" width=\"800\" height=\"359\" srcset=\"https:\/\/multihoster.org\/wp-content\/uploads\/2018\/04\/upload-1024x459.png 1024w, https:\/\/multihoster.org\/wp-content\/uploads\/2018\/04\/upload-300x135.png 300w, https:\/\/multihoster.org\/wp-content\/uploads\/2018\/04\/upload-768x345.png 768w, https:\/\/multihoster.org\/wp-content\/uploads\/2018\/04\/upload.png 1199w\" sizes=\"(max-width: 800px) 100vw, 800px\" \/><\/p>\n<h2><span id=\"result_box\" class=\"short_text\" lang=\"tr\"><span class=\"\">Mobil uygulama<\/span><\/span><\/h2>\n<p class=\"normal\"><span id=\"result_box\" class=\"\" lang=\"tr\"><span class=\"\">Oboom bir mobil uygulama sunmuyor, sadece normal web taray\u0131c\u0131s\u0131 \u00fczerinden kullan\u0131m.<\/span> <span class=\"\">Sa\u011flay\u0131c\u0131, m\u00fcmk\u00fcn olan en k\u0131sa s\u00fcrede \u00e7ubuk veya mobil cihaz arac\u0131l\u0131\u011f\u0131yla eri\u015fim i\u00e7in bir se\u00e7enek sunmak ister.<\/span> O zamana kadar, kullan\u0131c\u0131lar Oboom&#8217;daki indirme ve y\u00fcklemeleri kontrol etmek i\u00e7in jDownloader&#8217;\u0131 kolayca kullanabilirler. Burada ayr\u0131ca Smoozed Pro hesab\u0131n\u0131zla giri\u015f yapabilir ve Oboom Premium Hizmetini kullanabilirsiniz.<\/span><\/p>\n<h2><span id=\"result_box\" class=\"short_text\" lang=\"tr\"><span class=\"\">Premium Hesab\u0131&#8217;n\u0131n avantajlar\u0131<\/span><\/span><\/h2>\n<p><span id=\"result_box\" class=\"\" lang=\"tr\"><span class=\"\">Ayr\u0131 bir Oboom Premium Hesab\u0131 yoktur, ancak Smoozed Premium Hesab\u0131 ile Oboom&#8217;un size sundu\u011fu maksimum \u00f6zellik yelpazesini kullanabilirsiniz.<\/span> Ek olarak, Smoozed Premium Pro hesab\u0131 bir\u00e7ok ba\u015fka \u00f6zellik i\u00e7erir.<\/span><\/p>\n<p>Smoozed Pro hesab\u0131yla, Filefactory, Keep2Share ve Streamcloud gibi tan\u0131nm\u0131\u015f sa\u011flay\u0131c\u0131lar dahil olmak \u00fczere \u00e7ok \u00e7e\u015fitli farkl\u0131 dosya payla\u015f\u0131m\u0131na eri\u015febilirsiniz. Premium Hesap, herhangi bir sa\u011flay\u0131c\u0131dan maksimum h\u0131zda teklif alman\u0131z\u0131 sa\u011flar. Emrinizde g\u00fcnde toplam 50 GB&#8217;l\u0131k bir trafi\u011finiz vard\u0131r ve ayr\u0131ca anonim ve g\u00fcvenli bir \u0130nternet kullan\u0131m\u0131 i\u00e7in bir VPN sunucusunun kullan\u0131lmas\u0131 da m\u00fcmk\u00fcnd\u00fcr.<\/p>\n<p>Burada, Smoozed Premium Pro hesab\u0131yla Oboom Premium&#8217;a ek olarak kullanabilece\u011finiz t\u00fcm dosya payla\u015f\u0131mlar\u0131n\u0131 sunuyoruz.<\/p>\n<h2><span id=\"result_box\" class=\"short_text\" lang=\"tr\"><span class=\"\">Sa\u011flay\u0131c\u0131 Oboom hakk\u0131ndaki sonucumuz<\/span><\/span><\/h2>\n<p><span id=\"result_box\" class=\"\" lang=\"tr\"><span class=\"\">Sonu\u00e7 olarak, sa\u011flay\u0131c\u0131 Oboom ciddi ve g\u00fcvenilir bir izlenim yarat\u0131yor.<\/span> <span class=\"\">\u00d6zellikle inand\u0131r\u0131c\u0131 olan \u015fey, Oboom&#8217;un eksiksiz hizmetinin \u00fccretsiz olmas\u0131d\u0131r.<\/span> Her kullan\u0131c\u0131 kendi verilerini anonim olarak bulutta saklayabilir ve ki\u015fisel verileri girmek zorunda kalmadan 50 gigabaytl\u0131k bir depolama alan\u0131yla saklayabilir.<\/span><\/p>\n<p>Zaten Smoozed hesab\u0131n\u0131z varsa Oboom Premium Hizmetini maksimum h\u0131zda ve bekleme s\u00fcresi olmadan kullanabilirsiniz. Smoozed ile ayda 10 Euro&#8217;ya kadar abone olabilirsiniz ve b\u00f6ylece sadece bir Oboom Premium Hesab\u0131 de\u011fil, ayn\u0131 zamanda hemen hemen her dosya sahibinin hizmetine de eri\u015febilirsiniz.<\/p>\n<p>Farkl\u0131 \u00f6deme y\u00f6ntemleri se\u00e7ebilirsiniz. Destek hizmetini, rakiplerinden hizmet a\u00e7\u0131s\u0131ndan ay\u0131ran Almanca olan e-posta ve telefon ile size ula\u015ft\u0131r\u0131labilir.<\/p>\n<p><a class=\"fasc-button fasc-size-xlarge fasc-type-glossy fasc-rounded-medium ico-fa fasc-ico-after fa-share\" style=\"background-color: #43585e; color: #ffffff;\" rel=\"nofollow\" href=\"https:\/\/multihoster.org\/oboom\/goto\/\">Oboom.com&#8217;a git<\/a><\/p>\n","protected":false},"excerpt":{"rendered":"<p>Oboom, dosyalar\u0131n\u0131z\u0131 tamamen konum ve cihazdan ba\u011f\u0131ms\u0131z olarak bulutta saklayabilece\u011finiz tamamen \u00fccretsiz bir hizmet sunar. Sa\u011flay\u0131c\u0131, ekip \u00e7al\u0131\u015fmas\u0131na b\u00fcy\u00fck \u00f6nem<\/p>\n","protected":false},"author":2,"featured_media":0,"parent":0,"menu_order":0,"comment_status":"closed","ping_status":"closed","template":"","meta":[],"yoast_head":"<!-- This site is optimized with the Yoast SEO plugin v18.3 - https:\/\/yoast.com\/wordpress\/plugins\/seo\/ -->\n<title>lll \u25b7 Oboom sayg\u0131n m\u0131, de\u011fil mi? Multihoster.org \u00fczerinde +++ test<\/title>\n<meta name=\"description\" content=\"Oboom sayg\u0131n bir sa\u011flay\u0131c\u0131 m\u0131, de\u011fil mi? Cevap en son Multihoster.org adresinde bulunabilir. \u279c \u015eimdi t\u0131klay\u0131n our deneyimlerimizi okuyun!\" \/>\n<meta name=\"robots\" content=\"index, follow, max-snippet:-1, max-image-preview:large, max-video-preview:-1\" \/>\n<link rel=\"canonical\" href=\"https:\/\/multihoster.org\/tr\/oboom\/\" \/>\n<meta property=\"og:locale\" content=\"tr_TR\" \/>\n<meta property=\"og:type\" content=\"article\" \/>\n<meta property=\"og:title\" content=\"lll \u25b7 Oboom sayg\u0131n m\u0131, de\u011fil mi? Multihoster.org \u00fczerinde +++ test\" \/>\n<meta property=\"og:description\" content=\"Oboom sayg\u0131n bir sa\u011flay\u0131c\u0131 m\u0131, de\u011fil mi? Cevap en son Multihoster.org adresinde bulunabilir. \u279c \u015eimdi t\u0131klay\u0131n our deneyimlerimizi okuyun!\" \/>\n<meta property=\"og:url\" content=\"https:\/\/multihoster.org\/tr\/oboom\/\" \/>\n<meta property=\"og:site_name\" content=\"Multihoster.org\" \/>\n<meta property=\"article:modified_time\" content=\"2018-10-04T14:23:39+00:00\" \/>\n<meta property=\"og:image\" content=\"https:\/\/multihoster.org\/wp-content\/uploads\/2018\/04\/logo.png\" \/>\n<meta name=\"twitter:card\" content=\"summary\" \/>\n<meta name=\"twitter:label1\" content=\"Tahmini okuma s\u00fcresi\" \/>\n\t<meta name=\"twitter:data1\" content=\"5 dakika\" \/>\n<script type=\"application\/ld+json\" class=\"yoast-schema-graph\">{\"@context\":\"https:\/\/schema.org\",\"@graph\":[{\"@type\":\"WebSite\",\"@id\":\"https:\/\/multihoster.org\/#website\",\"url\":\"https:\/\/multihoster.org\/\",\"name\":\"Multihoster.org\",\"description\":\"Reviews of the major Filehosting services\",\"potentialAction\":[{\"@type\":\"SearchAction\",\"target\":{\"@type\":\"EntryPoint\",\"urlTemplate\":\"https:\/\/multihoster.org\/?s={search_term_string}\"},\"query-input\":\"required name=search_term_string\"}],\"inLanguage\":\"tr\"},{\"@type\":\"ImageObject\",\"@id\":\"https:\/\/multihoster.org\/tr\/oboom\/#primaryimage\",\"inLanguage\":\"tr\",\"url\":\"https:\/\/multihoster.org\/wp-content\/uploads\/2018\/04\/logo.png\",\"contentUrl\":\"https:\/\/multihoster.org\/wp-content\/uploads\/2018\/04\/logo.png\",\"width\":222,\"height\":59,\"caption\":\"logo\"},{\"@type\":\"WebPage\",\"@id\":\"https:\/\/multihoster.org\/tr\/oboom\/#webpage\",\"url\":\"https:\/\/multihoster.org\/tr\/oboom\/\",\"name\":\"lll \u25b7 Oboom sayg\u0131n m\u0131, de\u011fil mi? Multihoster.org \u00fczerinde +++ test\",\"isPartOf\":{\"@id\":\"https:\/\/multihoster.org\/#website\"},\"primaryImageOfPage\":{\"@id\":\"https:\/\/multihoster.org\/tr\/oboom\/#primaryimage\"},\"datePublished\":\"2018-09-12T06:25:57+00:00\",\"dateModified\":\"2018-10-04T14:23:39+00:00\",\"description\":\"Oboom sayg\u0131n bir sa\u011flay\u0131c\u0131 m\u0131, de\u011fil mi? Cevap en son Multihoster.org adresinde bulunabilir. \u279c \u015eimdi t\u0131klay\u0131n our deneyimlerimizi okuyun!\",\"breadcrumb\":{\"@id\":\"https:\/\/multihoster.org\/tr\/oboom\/#breadcrumb\"},\"inLanguage\":\"tr\",\"potentialAction\":[{\"@type\":\"ReadAction\",\"target\":[\"https:\/\/multihoster.org\/tr\/oboom\/\"]}]},{\"@type\":\"BreadcrumbList\",\"@id\":\"https:\/\/multihoster.org\/tr\/oboom\/#breadcrumb\",\"itemListElement\":[{\"@type\":\"ListItem\",\"position\":1,\"name\":\"Startseite\",\"item\":\"https:\/\/multihoster.org\/tr\/\"},{\"@type\":\"ListItem\",\"position\":2,\"name\":\"Oboom Premium Hesab\u0131 &#8211; Bir bak\u0131\u015fta Filehoster\"}]}]}<\/script>\n<!-- \/ Yoast SEO plugin. -->","yoast_head_json":{"title":"lll \u25b7 Oboom sayg\u0131n m\u0131, de\u011fil mi? Multihoster.org \u00fczerinde +++ test","description":"Oboom sayg\u0131n bir sa\u011flay\u0131c\u0131 m\u0131, de\u011fil mi? Cevap en son Multihoster.org adresinde bulunabilir. \u279c \u015eimdi t\u0131klay\u0131n our deneyimlerimizi okuyun!","robots":{"index":"index","follow":"follow","max-snippet":"max-snippet:-1","max-image-preview":"max-image-preview:large","max-video-preview":"max-video-preview:-1"},"canonical":"https:\/\/multihoster.org\/tr\/oboom\/","og_locale":"tr_TR","og_type":"article","og_title":"lll \u25b7 Oboom sayg\u0131n m\u0131, de\u011fil mi? Multihoster.org \u00fczerinde +++ test","og_description":"Oboom sayg\u0131n bir sa\u011flay\u0131c\u0131 m\u0131, de\u011fil mi? Cevap en son Multihoster.org adresinde bulunabilir. \u279c \u015eimdi t\u0131klay\u0131n our deneyimlerimizi okuyun!","og_url":"https:\/\/multihoster.org\/tr\/oboom\/","og_site_name":"Multihoster.org","article_modified_time":"2018-10-04T14:23:39+00:00","og_image":[{"url":"https:\/\/multihoster.org\/wp-content\/uploads\/2018\/04\/logo.png"}],"twitter_card":"summary","twitter_misc":{"Tahmini okuma s\u00fcresi":"5 dakika"},"schema":{"@context":"https:\/\/schema.org","@graph":[{"@type":"WebSite","@id":"https:\/\/multihoster.org\/#website","url":"https:\/\/multihoster.org\/","name":"Multihoster.org","description":"Reviews of the major Filehosting services","potentialAction":[{"@type":"SearchAction","target":{"@type":"EntryPoint","urlTemplate":"https:\/\/multihoster.org\/?s={search_term_string}"},"query-input":"required name=search_term_string"}],"inLanguage":"tr"},{"@type":"ImageObject","@id":"https:\/\/multihoster.org\/tr\/oboom\/#primaryimage","inLanguage":"tr","url":"https:\/\/multihoster.org\/wp-content\/uploads\/2018\/04\/logo.png","contentUrl":"https:\/\/multihoster.org\/wp-content\/uploads\/2018\/04\/logo.png","width":222,"height":59,"caption":"logo"},{"@type":"WebPage","@id":"https:\/\/multihoster.org\/tr\/oboom\/#webpage","url":"https:\/\/multihoster.org\/tr\/oboom\/","name":"lll \u25b7 Oboom sayg\u0131n m\u0131, de\u011fil mi? Multihoster.org \u00fczerinde +++ test","isPartOf":{"@id":"https:\/\/multihoster.org\/#website"},"primaryImageOfPage":{"@id":"https:\/\/multihoster.org\/tr\/oboom\/#primaryimage"},"datePublished":"2018-09-12T06:25:57+00:00","dateModified":"2018-10-04T14:23:39+00:00","description":"Oboom sayg\u0131n bir sa\u011flay\u0131c\u0131 m\u0131, de\u011fil mi? Cevap en son Multihoster.org adresinde bulunabilir. \u279c \u015eimdi t\u0131klay\u0131n our deneyimlerimizi okuyun!","breadcrumb":{"@id":"https:\/\/multihoster.org\/tr\/oboom\/#breadcrumb"},"inLanguage":"tr","potentialAction":[{"@type":"ReadAction","target":["https:\/\/multihoster.org\/tr\/oboom\/"]}]},{"@type":"BreadcrumbList","@id":"https:\/\/multihoster.org\/tr\/oboom\/#breadcrumb","itemListElement":[{"@type":"ListItem","position":1,"name":"Startseite","item":"https:\/\/multihoster.org\/tr\/"},{"@type":"ListItem","position":2,"name":"Oboom Premium Hesab\u0131 &#8211; Bir bak\u0131\u015fta Filehoster"}]}]}},"_links":{"self":[{"href":"https:\/\/multihoster.org\/tr\/wp-json\/wp\/v2\/pages\/1208"}],"collection":[{"href":"https:\/\/multihoster.org\/tr\/wp-json\/wp\/v2\/pages"}],"about":[{"href":"https:\/\/multihoster.org\/tr\/wp-json\/wp\/v2\/types\/page"}],"author":[{"embeddable":true,"href":"https:\/\/multihoster.org\/tr\/wp-json\/wp\/v2\/users\/2"}],"replies":[{"embeddable":true,"href":"https:\/\/multihoster.org\/tr\/wp-json\/wp\/v2\/comments?post=1208"}],"version-history":[{"count":4,"href":"https:\/\/multihoster.org\/tr\/wp-json\/wp\/v2\/pages\/1208\/revisions"}],"predecessor-version":[{"id":1387,"href":"https:\/\/multihoster.org\/tr\/wp-json\/wp\/v2\/pages\/1208\/revisions\/1387"}],"wp:attachment":[{"href":"https:\/\/multihoster.org\/tr\/wp-json\/wp\/v2\/media?parent=1208"}],"curies":[{"name":"wp","href":"https:\/\/api.w.org\/{rel}","templated":true}]}}