{"id":1227,"date":"2018-09-12T08:06:03","date_gmt":"2018-09-12T08:06:03","guid":{"rendered":"https:\/\/multihoster.org\/?page_id=1227"},"modified":"2018-10-04T14:24:06","modified_gmt":"2018-10-04T14:24:06","slug":"uploaded","status":"publish","type":"page","link":"https:\/\/multihoster.org\/tr\/uploaded\/","title":{"rendered":"Uploaded Premium Account &#8211; Bir bak\u0131\u015fta Filehoster"},"content":{"rendered":"<p class=\"normal\"><span lang=\"de\"><img loading=\"lazy\" class=\"alignleft wp-image-260\" src=\"https:\/\/multihoster.org\/wp-content\/uploads\/2018\/05\/uploaded_logo.jpg\" alt=\"logo\" width=\"191\" height=\"111\" srcset=\"https:\/\/multihoster.org\/wp-content\/uploads\/2018\/05\/uploaded_logo.jpg 675w, https:\/\/multihoster.org\/wp-content\/uploads\/2018\/05\/uploaded_logo-300x175.jpg 300w\" sizes=\"(max-width: 191px) 100vw, 191px\" \/><span id=\"result_box\" class=\"\" lang=\"tr\">Uploaded sa\u011flay\u0131c\u0131, \u0130svi\u00e7re&#8217;den gelen ve kullan\u0131c\u0131lar\u0131n ki\u015fisel dosyalar\u0131n\u0131 depolayabilecekleri sanal depolama alan\u0131 sunan bir bulut depolama sa\u011flay\u0131c\u0131s\u0131 hizmetidir. \u00c7ok \u00e7e\u015fitli prim oranlar\u0131na ek olarak, sa\u011flay\u0131c\u0131 ayr\u0131ca \u00fccretsiz bir hesap sunmaktad\u0131r. <span class=\"\">B\u00f6ylece Uploaded Premium sat\u0131n almadan \u00f6nce Filehoster servisini deneyebilirsiniz.<\/span><\/span><\/span><\/p>\n<h2>&nbsp;<\/h2>\n\n<p><a class=\"fasc-button fasc-size-xlarge fasc-type-glossy fasc-rounded-medium ico-fa fasc-ico-after fa-share\" style=\"background-color: #43585e; color: #ffffff;\" rel=\"nofollow\" href=\"https:\/\/multihoster.org\/uploaded\/goto\/\">Uploaded.net&#8217;e git<\/a><\/p>\n<h2><span lang=\"de\"><span id=\"result_box\" class=\"short_text\" lang=\"tr\"><span class=\"\">Tedarik\u00e7inin olumlu \u00f6zellikleri<\/span><\/span><\/span><\/h2>\n<ul>\n<li><span id=\"result_box\" class=\"\" lang=\"tr\">Premium fiyat\u0131 4,99 Euro&#8217;dan<\/span><\/li>\n<li><span id=\"result_box\" class=\"\" lang=\"tr\">cazip kazan\u00e7<\/span><\/li>\n<li><span id=\"result_box\" class=\"\" lang=\"tr\">Puanlarla \u00fccretsiz premium y\u00fckseltme<\/span><\/li>\n<li><span id=\"result_box\" class=\"\" lang=\"tr\">Telefonla destek<\/span><\/li>\n<li><span id=\"result_box\" class=\"\" lang=\"tr\"><span class=\"\">Kurumsal m\u00fc\u015fteriler i\u00e7in tarifeler<\/span><\/span><\/li>\n<\/ul>\n<p>&nbsp;<\/p>\n<h2><span lang=\"de\"><span id=\"result_box\" class=\"short_text\" lang=\"tr\"><span class=\"\">Bir bak\u0131\u015fta UPLOADED&#8217;in tam teklifi<\/span><\/span><\/span><\/h2>\n<p class=\"normal\"><span lang=\"de\"><span id=\"result_box\" class=\"\" lang=\"tr\">Filehoster UPLOADED, \u00f6zel m\u00fc\u015fteriler i\u00e7in \u00e7e\u015fitli prim oranlar\u0131 ve kurumsal m\u00fc\u015fteriler i\u00e7in iki \u00fccret sunar. UPLOADED adresinde bir premium hesap sat\u0131n al\u0131rsan\u0131z, sa\u011flay\u0131c\u0131n\u0131n t\u00fcm kapsam\u0131n\u0131 kullanabilirsiniz. Bununla birlikte, \u00fccretsiz bir hesapla bile, sa\u011flay\u0131c\u0131n\u0131n hizmetini s\u0131n\u0131rl\u0131 \u00f6l\u00e7\u00fcde test edebilirsiniz. \u0130nternette biraz \u015fansla bulabilece\u011finiz bir UPLOADED Kuponu kullanarak, UPLOADED Premium Hesab\u0131 sat\u0131n alma fiyat\u0131n\u0131 d\u00fc\u015f\u00fcrebilirsiniz. <span class=\"\">Yani, bloglarda, kupon sayfalar\u0131nda veya di\u011fer web sitelerinde \u00e7ekici UPLOADED kuponlar\u0131 aramaya de\u011fer.<\/span><\/span><\/span><\/p>\n<h2><span lang=\"de\"><span id=\"result_box\" class=\"short_text\" lang=\"tr\"><span class=\"\">\u00d6zel m\u00fc\u015fteriler i\u00e7in teklif<\/span><\/span><\/span><\/h2>\n<p class=\"normal\"><span lang=\"de\"><span id=\"result_box\" class=\"\" lang=\"tr\">\u00d6zel m\u00fc\u015fteriler i\u00e7in teklif, fiyatlar a\u00e7\u0131s\u0131ndan ayl\u0131k 4,99 Euro ile 99,99 Euro aras\u0131nda de\u011fi\u015fen toplam 6 tarifeden olu\u015fmaktad\u0131r. UPLOADED Premium oranlar\u0131 48 saat, bir ay, \u00fc\u00e7 ay ve alt\u0131 ay boyunca sat\u0131n al\u0131nabilir. Aral\u0131k ayr\u0131ca y\u0131ll\u0131k ve iki y\u0131ll\u0131k bir abonelik i\u00e7erir. <span class=\"\">UPLOADED prim tarifesinin sonunda, hesab\u0131n\u0131z\u0131 ve fonksiyonel aral\u0131\u011f\u0131n\u0131z\u0131 herhangi bir finansal fiyat olmaks\u0131z\u0131n geni\u015fletmek i\u00e7in kullanabilece\u011finiz belirli say\u0131da puan al\u0131rs\u0131n\u0131z.<\/span><\/span><\/span><\/p>\n<h2><span lang=\"de\"><span id=\"result_box\" class=\"short_text\" lang=\"tr\"><span class=\"\">Kurumsal m\u00fc\u015fteriler i\u00e7in teklif<\/span><\/span><\/span><\/h2>\n<p><img loading=\"lazy\" class=\"alignnone wp-image-262 size-full\" src=\"https:\/\/multihoster.org\/wp-content\/uploads\/2018\/05\/image_1-1.jpg\" alt=\"homepage\" width=\"1411\" height=\"887\" srcset=\"https:\/\/multihoster.org\/wp-content\/uploads\/2018\/05\/image_1-1.jpg 1411w, https:\/\/multihoster.org\/wp-content\/uploads\/2018\/05\/image_1-1-300x189.jpg 300w, https:\/\/multihoster.org\/wp-content\/uploads\/2018\/05\/image_1-1-768x483.jpg 768w, https:\/\/multihoster.org\/wp-content\/uploads\/2018\/05\/image_1-1-1024x644.jpg 1024w\" sizes=\"(max-width: 1411px) 100vw, 1411px\" \/><\/p>\n<p class=\"normal\"><span lang=\"de\"><span id=\"result_box\" class=\"\" lang=\"tr\">\u00d6zel m\u00fc\u015fteriler i\u00e7in teklifin yan\u0131 s\u0131ra, UPLOADED ayr\u0131ca kurumsal m\u00fc\u015fteriler i\u00e7in iki kurumsal \u00fcr\u00fcn sunmaktad\u0131r. Bu y\u00fcklenen prim fiyatlar\u0131, yaln\u0131zca \u00f6zel m\u00fc\u015fteriler taraf\u0131ndan de\u011fil, yaln\u0131zca ticari m\u00fc\u015fteriler taraf\u0131ndan kullan\u0131labilir. Bunlar Kurumsal Prim ve Kurumsal Premium Art\u0131 oranlar\u0131d\u0131r. Her iki tarifenin de 12 ayl\u0131k bir vadesi vard\u0131r. <span class=\"\">Kurumsal Premium oran\u0131 ayda 500 GB yedekleme depolama alan\u0131 ve ayda 500 GB kurumsal karma trafik sunar.<\/span> <span class=\"\">Premium Plus tarifesi, depolama ve trafi\u011fi 500 GB&#8217;den 1 TB&#8217;ye \u00e7\u0131kar\u0131r.<\/span><\/span><\/span><\/p>\n<h2><span lang=\"de\"><span id=\"result_box\" class=\"short_text\" lang=\"tr\"><span class=\"\">Bonus teklifleri<\/span><\/span><br \/>\n<\/span><\/h2>\n<p><span id=\"result_box\" class=\"\" lang=\"tr\">UPLOADED, platformda para kazanman\u0131n ve tasarruf etmenin birka\u00e7 yolunu sunar. \u00c7ekici puan sistemi, 30 g\u00fcnl\u00fck \u00fccretsiz bir abonelik sat\u0131n alman\u0131z\u0131 sa\u011flar. Yeterli puan toplayarak UPLOADED&#8217;de bir hesap sat\u0131n almak zorunda kalmadan Premium Servisi kullanabilirsiniz.<\/span><\/p>\n<p>Ba\u015fka bir se\u00e7enek, dosyalar\u0131 y\u00fckleyerek gelir elde etmektir. UPLOADED Premium plan\u0131n\u0131 alan ve di\u011fer kullan\u0131c\u0131lar taraf\u0131ndan s\u0131k\u00e7a indirilen pop\u00fcler dosyalar\u0131 y\u00fckleyen herkes d\u00fczenli olarak de\u011ferli bir \u00f6demeyi d\u00f6rt g\u00f6zle bekleyebilir.<\/p>\n<p>Ek olarak, yeni kullan\u0131c\u0131lar almak i\u00e7in bir komisyon alabilirsiniz. <span class=\"\">Hem \u00fccretsiz bir hesab\u0131n olu\u015fturulmas\u0131 hem de UPLOADED bir hesab\u0131n sat\u0131n al\u0131nmas\u0131 ve muhtemel takip emirleri \u00f6denir.<\/span><\/p>\n<h2><span lang=\"de\"><span id=\"result_box\" class=\"short_text\" lang=\"tr\"><span class=\"\">Maliyetler ve \u00f6deme se\u00e7enekleri<\/span><\/span><\/span><\/h2>\n<p><img loading=\"lazy\" class=\"alignnone wp-image-264 size-full\" src=\"https:\/\/multihoster.org\/wp-content\/uploads\/2018\/05\/cost_of_uploaded.jpg\" alt=\"prices\" width=\"1474\" height=\"667\" srcset=\"https:\/\/multihoster.org\/wp-content\/uploads\/2018\/05\/cost_of_uploaded.jpg 1474w, https:\/\/multihoster.org\/wp-content\/uploads\/2018\/05\/cost_of_uploaded-300x136.jpg 300w, https:\/\/multihoster.org\/wp-content\/uploads\/2018\/05\/cost_of_uploaded-768x348.jpg 768w, https:\/\/multihoster.org\/wp-content\/uploads\/2018\/05\/cost_of_uploaded-1024x463.jpg 1024w\" sizes=\"(max-width: 1474px) 100vw, 1474px\" \/><\/p>\n<p><span id=\"result_box\" class=\"\" lang=\"tr\"><span class=\"\">UPLOADED aral\u0131\u011f\u0131 alt\u0131 tarife ayr\u0131lm\u0131\u015ft\u0131r.<\/span> <span class=\"\">En ucuz oran 48 saat, ikinci ay en ucuz ve \u00fc\u00e7 ayd\u0131r.<\/span> Ayr\u0131ca, alt\u0131 ayl\u0131k bir abonelik, y\u0131ll\u0131k oran ve iki y\u0131l i\u00e7in bir prim hesab\u0131 vard\u0131r.<\/span><\/p>\n<p>48 saat hesab\u0131n\u0131 4,99 Euro&#8217;ya getir. 9,99 Euro i\u00e7in bir ay boyunca UPLOADED hizmetlerini ve \u00fc\u00e7 aya kadar 24,99 Euro&#8217;yu kullanabilirsiniz. Alt\u0131 ayl\u0131k bir abonelik i\u00e7in, fiyat sadece 15 avrodan 29.99 avroya ve y\u0131ll\u0131k abonelik i\u00e7in 69,99 avroya y\u00fckseliyor. E\u011fer 2 y\u0131ll\u0131k hesab\u0131 99.99 Euro&#8217;luk bir fiyata sat\u0131n al\u0131rsan\u0131z en iyi ko\u015fullar\u0131 elde edersiniz.<\/p>\n<p>UPLOADED Premium Hesab\u0131n\u0131za kredi kart\u0131n\u0131zla kolayca \u00f6deme yapabilir veya do\u011frudan bor\u00e7land\u0131rma yoluyla hesab\u0131n\u0131zdan bor\u00e7 kaydedebilirsiniz. <span class=\"\">UPLOADED hesab\u0131n Paysafe \u00fczerinden, an\u0131nda aktar\u0131m\u0131n yan\u0131 s\u0131ra SMS Pay ve Call2Pay ile sat\u0131n al\u0131nmas\u0131 da m\u00fcmk\u00fcnd\u00fcr.<\/span> <span class=\"\">Buna ek olarak, sa\u011flay\u0131c\u0131, ge\u00e7erli bir \u00f6deme arac\u0131 olarak Bitcoins&#8217;u kabul eder.<\/span><\/p>\n<p><strong>\n<table id=\"tablepress-85\" class=\"tablepress tablepress-id-85\">\n<thead>\n<tr class=\"row-1 odd\">\n\t<th class=\"column-1\">4,99 \u20ac<\/th><th class=\"column-2\">9,99 \u20ac<\/th><th class=\"column-3\">24,99 \u20ac<\/th><th class=\"column-4\">39,99 \u20ac<\/th><th class=\"column-5\">69,99 \u20ac<\/th><th class=\"column-6\">99,99 \u20ac<\/th>\n<\/tr>\n<\/thead>\n<tbody class=\"row-hover\">\n<tr class=\"row-2 even\">\n\t<td class=\"column-1\">48 hours<\/td><td class=\"column-2\">1 ay<\/td><td class=\"column-3\">3 ay<\/td><td class=\"column-4\">6 ay<\/td><td class=\"column-5\">1 y\u0131l<\/td><td class=\"column-6\">2 y\u0131l<\/td>\n<\/tr>\n<tr class=\"row-3 odd\">\n\t<td class=\"column-1\">500 Points<\/td><td class=\"column-2\">1,000 Points<\/td><td class=\"column-3\">2,000 Points\t<\/td><td class=\"column-4\">6,000 Points<\/td><td class=\"column-5\">7,000 Points<\/td><td class=\"column-6\">9,000 Points<\/td>\n<\/tr>\n<tr class=\"row-4 even\">\n\t<td class=\"column-1\">son s\u00fcrat<\/td><td class=\"column-2\">son s\u00fcrat<\/td><td class=\"column-3\">son s\u00fcrat<\/td><td class=\"column-4\">son s\u00fcrat<\/td><td class=\"column-5\">son s\u00fcrat<\/td><td class=\"column-6\">son s\u00fcrat<\/td>\n<\/tr>\n<tr class=\"row-5 odd\">\n\t<td class=\"column-1\">Paralel \u0130ndirmeler<\/td><td class=\"column-2\">Paralel \u0130ndirmeler<\/td><td class=\"column-3\">Paralel \u0130ndirmeler<\/td><td class=\"column-4\">Paralel \u0130ndirmeler<\/td><td class=\"column-5\">Paralel \u0130ndirmeler<\/td><td class=\"column-6\">Paralel \u0130ndirmeler<\/td>\n<\/tr>\n<tr class=\"row-6 even\">\n\t<td class=\"column-1\">Bekleme s\u00fcresi<\/td><td class=\"column-2\">Bekleme s\u00fcresi<\/td><td class=\"column-3\">Bekleme s\u00fcresi<\/td><td class=\"column-4\">Bekleme s\u00fcresi<\/td><td class=\"column-5\">Bekleme s\u00fcresi<\/td><td class=\"column-6\">Bekleme s\u00fcresi<\/td>\n<\/tr>\n<tr class=\"row-7 odd\">\n\t<td class=\"column-1\">y\u00f6netim<\/td><td class=\"column-2\">y\u00f6netim<\/td><td class=\"column-3\">y\u00f6netim<\/td><td class=\"column-4\">y\u00f6netim<\/td><td class=\"column-5\">y\u00f6netim<\/td><td class=\"column-6\">y\u00f6netim<\/td>\n<\/tr>\n<tr class=\"row-8 even\">\n\t<td class=\"column-1\">dosya y\u00f6neticisi ile<\/td><td class=\"column-2\">dosya y\u00f6neticisi ile<\/td><td class=\"column-3\">dosya y\u00f6neticisi ile<\/td><td class=\"column-4\">dosya y\u00f6neticisi ile<\/td><td class=\"column-5\">dosya y\u00f6neticisi ile<\/td><td class=\"column-6\">dosya y\u00f6neticisi ile<\/td>\n<\/tr>\n<\/tbody>\n<\/table>\n<!-- #tablepress-85 from cache --><\/strong><\/p>\n<p><a class=\"fasc-button fasc-size-xlarge fasc-type-glossy fasc-rounded-medium ico-fa fasc-ico-after fa-share\" style=\"background-color: #43585e; color: #ffffff;\" rel=\"nofollow\" href=\"https:\/\/multihoster.org\/uploaded\/goto\/\">Uploaded.net&#8217;e git<\/a><\/p>\n<h2><span lang=\"de\"><span id=\"result_box\" class=\"short_text\" lang=\"tr\"><span class=\"\">Gizlilik Bildirimi ve Veri Korumas\u0131<\/span><\/span><\/span><\/h2>\n<p><span id=\"result_box\" class=\"\" lang=\"tr\">M\u00fckemmel dosya bar\u0131nd\u0131rma aray\u0131\u015f\u0131nda, veri koruma ve gizlilik fakt\u00f6rleri, karar verme s\u00fcrecinde do\u011fal olarak \u00e7ok \u00f6nemli bir rol oynamaktad\u0131r. Sa\u011flay\u0131c\u0131 ile verilerinizin g\u00fcvenli ve gizli bir \u015fekilde ele al\u0131naca\u011f\u0131ndan emin olabilirsiniz. Sa\u011flay\u0131c\u0131, verilerinizi genel \u015fartlar ve ko\u015fullar ve y\u00f6nergeler \u00e7er\u00e7evesinde tam olarak a\u00e7\u0131klar.<\/span><\/p>\n<p><span class=\"\">Saklanan veriler sa\u011flay\u0131c\u0131 taraf\u0131ndan yasal sipari\u015f olmadan g\u00f6r\u00fcnt\u00fclenmez.<\/span> <span class=\"\">UPLOADED hizmetlerini kullanarak, kay\u0131tlar ve anonim veriler \u00e7er\u00e7evesinde ki\u015fisel veriler de dahil olmak \u00fczere, istatistiksel ama\u00e7lar i\u00e7in de\u011ferlendirilen bilgiler otomatik olarak saklan\u0131r.<\/span> <span class=\"\">Veri koruma y\u00f6nergelerine uygun olarak, sa\u011flay\u0131c\u0131 yasal bir zorunluluk olmad\u0131k\u00e7a verileri \u00fc\u00e7\u00fcnc\u00fc taraflara iletmemeyi taahh\u00fct eder.<\/span><\/p>\n<h2><span lang=\"de\"><span id=\"result_box\" class=\"short_text\" lang=\"tr\"><span class=\"\">Sat\u0131\u015f sonras\u0131 servis<\/span><\/span><\/span><\/h2>\n<p><span id=\"result_box\" class=\"\" lang=\"tr\"><span class=\"\">Y\u00fcklenen deste\u011fin ba\u011flant\u0131s\u0131 sayfan\u0131n alt\u0131nda.<\/span> Buradan iki se\u00e7ene\u011finiz olan destek alan\u0131na var\u0131rs\u0131n\u0131z. \u00d6ncelikle, sa\u011flanan numaray\u0131 kullanarak m\u00fc\u015fteri hizmetlerine do\u011frudan telefonla ula\u015fabilirsiniz. \u0130ste\u011fe ba\u011fl\u0131 olarak, talebinizi ileti\u015fim formu arac\u0131l\u0131\u011f\u0131yla Y\u00fckl\u00fc destek olarak yaz\u0131l\u0131 olarak da g\u00f6nderebilirsiniz.<\/span><\/p>\n<h2><span lang=\"de\"><span id=\"result_box\" class=\"short_text\" lang=\"tr\"><span class=\"\">Kullan\u0131c\u0131 dostu<\/span><\/span><\/span><\/h2>\n<p><span id=\"result_box\" class=\"\" lang=\"tr\">Giri\u015f yapt\u0131ktan sonra Dosya Y\u00fckleme, Uzaktan Y\u00fckleme ve FTP Y\u00fckleme ve \u0130\u00e7e Aktarma aras\u0131nda se\u00e7im yapabilirsiniz. Bu, hesab\u0131n\u0131z, geliriniz ve abonelikleriniz hakk\u0131nda bilgiler i\u00e7erir. Ayr\u0131ca trafik ve kullan\u0131lan ve mevcut yedek depolama alan\u0131 burada g\u00f6r\u00fcnt\u00fclenir. Profil g\u00f6r\u00fcn\u00fcm\u00fc, hesab\u0131n\u0131z\u0131 premium bir hesaba y\u00fckseltmenize de olanak tan\u0131r. Yukar\u0131da &#8220;Files and Folders&#8221; ve &#8220;uDrive&#8221; alanlar\u0131n\u0131 bulacaks\u0131n\u0131z.<\/span><\/p>\n<p>Sa\u011flay\u0131c\u0131, sayfada do\u011frudan arama fonksiyonu bulunmamas\u0131 nedeniyle k\u00fc\u00e7\u00fck bir eksi puan alabilir. <span class=\"\">Ancak bu noktada, H\u0131zl\u0131 Arama Motoru veya Hizmet DDL Arama \u00dccretsiz gibi di\u011fer hizmetler kullan\u0131labilir.<\/span><\/p>\n<h2><span lang=\"de\"><span id=\"result_box\" class=\"short_text\" lang=\"tr\"><span class=\"\">Premium Hesab\u0131&#8217;n\u0131n avantajlar\u0131<\/span><\/span><\/span><\/h2>\n<p class=\"normal\"><span lang=\"de\"><span id=\"result_box\" class=\"\" lang=\"tr\">Bir Premium Hesap, UPLOADED hizmetlerini maksimum h\u0131z ile kullanman\u0131za ve herhangi bir k\u0131s\u0131tlama olmaks\u0131z\u0131n ayn\u0131 anda birka\u00e7 y\u00fcklemeye ba\u015flaman\u0131za olanak tan\u0131r. \u0130ndirme hemen ve reklams\u0131z ba\u015flar. <span class=\"\">S\u0131n\u0131rs\u0131z dayan\u0131kl\u0131l\u0131\u011f\u0131 olan y\u00fcklenen dosyalar\u0131n\u0131z\u0131, dosya y\u00f6neticisinde a\u00e7\u0131k\u00e7a y\u00f6netebilirsiniz.<\/span><\/span><\/span><\/p>\n<h2><span lang=\"de\"><span id=\"result_box\" class=\"short_text\" lang=\"tr\"><span class=\"\">UPLOADED sa\u011flay\u0131c\u0131 hakk\u0131nda sonu\u00e7lar\u0131m\u0131z<\/span><\/span><\/span><\/h2>\n<p><span id=\"result_box\" class=\"\" lang=\"tr\">UPLOADED tedarik\u00e7isi, veri koruma ve gizlilik ba\u011flam\u0131nda y\u00fcksek g\u00fcvenlik derecesi ile ikna edebilir ve \u00fccretsiz hesaba ek olarak geni\u015f bir tarifeler yelpazesi sunar. Zaten 4,99 avro olan 48 saatlik fiyat, her \u015feyden \u00f6nce \u00f6ne \u00e7\u0131k\u0131yor. \u0130lgin\u00e7 olan, ayn\u0131 zamanda sadece birka\u00e7 dosya bar\u0131nd\u0131rma hizmeti sunan kurumsal m\u00fc\u015fteriler i\u00e7in tarifelerdir.<\/span><\/p>\n<p>Web sitesi, giri\u015ften \u00f6nce ve sonra a\u00e7\u0131k ve iyi yap\u0131land\u0131r\u0131lm\u0131\u015ft\u0131r. Herhangi bir sorunuz varsa, l\u00fctfen m\u00fc\u015fteri hizmetleri ile telefon ve ileti\u015fim formu ile ileti\u015fime ge\u00e7in.<\/p>\n<p>UPLOADED Premium Hesap se\u00e7erseniz, kredi kart\u0131, otomatik \u00f6deme ve Bitcoin ek olarak be\u015f \u00f6deme y\u00f6ntemi vard\u0131r.<\/p>\n<p><span class=\"\">UPLOADED Hesab\u0131n\u0131z\u0131 sat\u0131n almadan \u00f6nce UPLOADED Kupon i\u00e7in \u0130nternet&#8217;te arama yapman\u0131z\u0131 \u00f6neririz.<\/span> Bunlar her zaman do\u011frudan dosya ma\u011fazas\u0131nda veya di\u011fer web sitelerinde bulunabilir. <span class=\"\">UPLOADED Premium Hesab\u0131n\u0131z\u0131 sat\u0131n al\u0131rken daha iyi bir fiyattan yararlanmak i\u00e7in taray\u0131c\u0131n\u0131zda &#8220;UPLOADED&#8221; anahtar kelimesini girmeniz yeterlidir.<\/span><\/p>\n<p><a class=\"fasc-button fasc-size-xlarge fasc-type-glossy fasc-rounded-medium ico-fa fasc-ico-after fa-share\" style=\"background-color: #43585e; color: #ffffff;\" rel=\"nofollow\" href=\"https:\/\/multihoster.org\/uploaded\/goto\/\">Uploaded.net&#8217;e git<\/a><\/p>\n","protected":false},"excerpt":{"rendered":"<p>Uploaded sa\u011flay\u0131c\u0131, \u0130svi\u00e7re&#8217;den gelen ve kullan\u0131c\u0131lar\u0131n ki\u015fisel dosyalar\u0131n\u0131 depolayabilecekleri sanal depolama alan\u0131 sunan bir bulut depolama sa\u011flay\u0131c\u0131s\u0131 hizmetidir. \u00c7ok \u00e7e\u015fitli<\/p>\n","protected":false},"author":2,"featured_media":0,"parent":0,"menu_order":0,"comment_status":"closed","ping_status":"closed","template":"","meta":[],"yoast_head":"<!-- This site is optimized with the Yoast SEO plugin v18.3 - https:\/\/yoast.com\/wordpress\/plugins\/seo\/ -->\n<title>lll \u25b7 Uploaded sayg\u0131n m\u0131, de\u011fil mi? Multihoster.org \u00fczerinde +++ test<\/title>\n<meta name=\"description\" content=\"Uploaded sayg\u0131n bir tedarik\u00e7i mi, de\u011fil mi? Cevap en son Multihoster.org adresinde bulunabilir. \u279c \u015eimdi t\u0131klay\u0131n our deneyimlerimizi okuyun!\" \/>\n<meta name=\"robots\" content=\"index, follow, max-snippet:-1, max-image-preview:large, max-video-preview:-1\" \/>\n<link rel=\"canonical\" href=\"https:\/\/multihoster.org\/tr\/uploaded\/\" \/>\n<meta property=\"og:locale\" content=\"tr_TR\" \/>\n<meta property=\"og:type\" content=\"article\" \/>\n<meta property=\"og:title\" content=\"lll \u25b7 Uploaded sayg\u0131n m\u0131, de\u011fil mi? Multihoster.org \u00fczerinde +++ test\" \/>\n<meta property=\"og:description\" content=\"Uploaded sayg\u0131n bir tedarik\u00e7i mi, de\u011fil mi? Cevap en son Multihoster.org adresinde bulunabilir. \u279c \u015eimdi t\u0131klay\u0131n our deneyimlerimizi okuyun!\" \/>\n<meta property=\"og:url\" content=\"https:\/\/multihoster.org\/tr\/uploaded\/\" \/>\n<meta property=\"og:site_name\" content=\"Multihoster.org\" \/>\n<meta property=\"article:modified_time\" content=\"2018-10-04T14:24:06+00:00\" \/>\n<meta property=\"og:image\" content=\"https:\/\/multihoster.org\/wp-content\/uploads\/2018\/05\/uploaded_logo.jpg\" \/>\n<meta name=\"twitter:card\" content=\"summary\" \/>\n<meta name=\"twitter:label1\" content=\"Tahmini okuma s\u00fcresi\" \/>\n\t<meta name=\"twitter:data1\" content=\"6 dakika\" \/>\n<script type=\"application\/ld+json\" class=\"yoast-schema-graph\">{\"@context\":\"https:\/\/schema.org\",\"@graph\":[{\"@type\":\"WebSite\",\"@id\":\"https:\/\/multihoster.org\/#website\",\"url\":\"https:\/\/multihoster.org\/\",\"name\":\"Multihoster.org\",\"description\":\"Reviews of the major Filehosting services\",\"potentialAction\":[{\"@type\":\"SearchAction\",\"target\":{\"@type\":\"EntryPoint\",\"urlTemplate\":\"https:\/\/multihoster.org\/?s={search_term_string}\"},\"query-input\":\"required name=search_term_string\"}],\"inLanguage\":\"tr\"},{\"@type\":\"ImageObject\",\"@id\":\"https:\/\/multihoster.org\/tr\/uploaded\/#primaryimage\",\"inLanguage\":\"tr\",\"url\":\"https:\/\/multihoster.org\/wp-content\/uploads\/2018\/05\/uploaded_logo.jpg\",\"contentUrl\":\"https:\/\/multihoster.org\/wp-content\/uploads\/2018\/05\/uploaded_logo.jpg\",\"width\":675,\"height\":394},{\"@type\":\"WebPage\",\"@id\":\"https:\/\/multihoster.org\/tr\/uploaded\/#webpage\",\"url\":\"https:\/\/multihoster.org\/tr\/uploaded\/\",\"name\":\"lll \u25b7 Uploaded sayg\u0131n m\u0131, de\u011fil mi? Multihoster.org \u00fczerinde +++ test\",\"isPartOf\":{\"@id\":\"https:\/\/multihoster.org\/#website\"},\"primaryImageOfPage\":{\"@id\":\"https:\/\/multihoster.org\/tr\/uploaded\/#primaryimage\"},\"datePublished\":\"2018-09-12T08:06:03+00:00\",\"dateModified\":\"2018-10-04T14:24:06+00:00\",\"description\":\"Uploaded sayg\u0131n bir tedarik\u00e7i mi, de\u011fil mi? Cevap en son Multihoster.org adresinde bulunabilir. \u279c \u015eimdi t\u0131klay\u0131n our deneyimlerimizi okuyun!\",\"breadcrumb\":{\"@id\":\"https:\/\/multihoster.org\/tr\/uploaded\/#breadcrumb\"},\"inLanguage\":\"tr\",\"potentialAction\":[{\"@type\":\"ReadAction\",\"target\":[\"https:\/\/multihoster.org\/tr\/uploaded\/\"]}]},{\"@type\":\"BreadcrumbList\",\"@id\":\"https:\/\/multihoster.org\/tr\/uploaded\/#breadcrumb\",\"itemListElement\":[{\"@type\":\"ListItem\",\"position\":1,\"name\":\"Startseite\",\"item\":\"https:\/\/multihoster.org\/tr\/\"},{\"@type\":\"ListItem\",\"position\":2,\"name\":\"Uploaded Premium Account &#8211; Bir bak\u0131\u015fta Filehoster\"}]}]}<\/script>\n<!-- \/ Yoast SEO plugin. -->","yoast_head_json":{"title":"lll \u25b7 Uploaded sayg\u0131n m\u0131, de\u011fil mi? Multihoster.org \u00fczerinde +++ test","description":"Uploaded sayg\u0131n bir tedarik\u00e7i mi, de\u011fil mi? Cevap en son Multihoster.org adresinde bulunabilir. \u279c \u015eimdi t\u0131klay\u0131n our deneyimlerimizi okuyun!","robots":{"index":"index","follow":"follow","max-snippet":"max-snippet:-1","max-image-preview":"max-image-preview:large","max-video-preview":"max-video-preview:-1"},"canonical":"https:\/\/multihoster.org\/tr\/uploaded\/","og_locale":"tr_TR","og_type":"article","og_title":"lll \u25b7 Uploaded sayg\u0131n m\u0131, de\u011fil mi? Multihoster.org \u00fczerinde +++ test","og_description":"Uploaded sayg\u0131n bir tedarik\u00e7i mi, de\u011fil mi? Cevap en son Multihoster.org adresinde bulunabilir. \u279c \u015eimdi t\u0131klay\u0131n our deneyimlerimizi okuyun!","og_url":"https:\/\/multihoster.org\/tr\/uploaded\/","og_site_name":"Multihoster.org","article_modified_time":"2018-10-04T14:24:06+00:00","og_image":[{"url":"https:\/\/multihoster.org\/wp-content\/uploads\/2018\/05\/uploaded_logo.jpg"}],"twitter_card":"summary","twitter_misc":{"Tahmini okuma s\u00fcresi":"6 dakika"},"schema":{"@context":"https:\/\/schema.org","@graph":[{"@type":"WebSite","@id":"https:\/\/multihoster.org\/#website","url":"https:\/\/multihoster.org\/","name":"Multihoster.org","description":"Reviews of the major Filehosting services","potentialAction":[{"@type":"SearchAction","target":{"@type":"EntryPoint","urlTemplate":"https:\/\/multihoster.org\/?s={search_term_string}"},"query-input":"required name=search_term_string"}],"inLanguage":"tr"},{"@type":"ImageObject","@id":"https:\/\/multihoster.org\/tr\/uploaded\/#primaryimage","inLanguage":"tr","url":"https:\/\/multihoster.org\/wp-content\/uploads\/2018\/05\/uploaded_logo.jpg","contentUrl":"https:\/\/multihoster.org\/wp-content\/uploads\/2018\/05\/uploaded_logo.jpg","width":675,"height":394},{"@type":"WebPage","@id":"https:\/\/multihoster.org\/tr\/uploaded\/#webpage","url":"https:\/\/multihoster.org\/tr\/uploaded\/","name":"lll \u25b7 Uploaded sayg\u0131n m\u0131, de\u011fil mi? Multihoster.org \u00fczerinde +++ test","isPartOf":{"@id":"https:\/\/multihoster.org\/#website"},"primaryImageOfPage":{"@id":"https:\/\/multihoster.org\/tr\/uploaded\/#primaryimage"},"datePublished":"2018-09-12T08:06:03+00:00","dateModified":"2018-10-04T14:24:06+00:00","description":"Uploaded sayg\u0131n bir tedarik\u00e7i mi, de\u011fil mi? Cevap en son Multihoster.org adresinde bulunabilir. \u279c \u015eimdi t\u0131klay\u0131n our deneyimlerimizi okuyun!","breadcrumb":{"@id":"https:\/\/multihoster.org\/tr\/uploaded\/#breadcrumb"},"inLanguage":"tr","potentialAction":[{"@type":"ReadAction","target":["https:\/\/multihoster.org\/tr\/uploaded\/"]}]},{"@type":"BreadcrumbList","@id":"https:\/\/multihoster.org\/tr\/uploaded\/#breadcrumb","itemListElement":[{"@type":"ListItem","position":1,"name":"Startseite","item":"https:\/\/multihoster.org\/tr\/"},{"@type":"ListItem","position":2,"name":"Uploaded Premium Account &#8211; Bir bak\u0131\u015fta Filehoster"}]}]}},"_links":{"self":[{"href":"https:\/\/multihoster.org\/tr\/wp-json\/wp\/v2\/pages\/1227"}],"collection":[{"href":"https:\/\/multihoster.org\/tr\/wp-json\/wp\/v2\/pages"}],"about":[{"href":"https:\/\/multihoster.org\/tr\/wp-json\/wp\/v2\/types\/page"}],"author":[{"embeddable":true,"href":"https:\/\/multihoster.org\/tr\/wp-json\/wp\/v2\/users\/2"}],"replies":[{"embeddable":true,"href":"https:\/\/multihoster.org\/tr\/wp-json\/wp\/v2\/comments?post=1227"}],"version-history":[{"count":3,"href":"https:\/\/multihoster.org\/tr\/wp-json\/wp\/v2\/pages\/1227\/revisions"}],"predecessor-version":[{"id":1440,"href":"https:\/\/multihoster.org\/tr\/wp-json\/wp\/v2\/pages\/1227\/revisions\/1440"}],"wp:attachment":[{"href":"https:\/\/multihoster.org\/tr\/wp-json\/wp\/v2\/media?parent=1227"}],"curies":[{"name":"wp","href":"https:\/\/api.w.org\/{rel}","templated":true}]}}