{"id":1521,"date":"2018-09-27T09:00:01","date_gmt":"2018-09-27T09:00:01","guid":{"rendered":"https:\/\/multihoster.org\/?page_id=1521"},"modified":"2019-03-18T20:41:44","modified_gmt":"2019-03-18T20:41:44","slug":"fileboom","status":"publish","type":"page","link":"https:\/\/multihoster.org\/tr\/fileboom\/","title":{"rendered":"Fileboom Premium Hesab\u0131 &#8211; Bir bak\u0131\u015fta Filehoster"},"content":{"rendered":"<p><img loading=\"lazy\" class=\"size-full wp-image-1467 alignleft\" src=\"https:\/\/multihoster.org\/wp-content\/uploads\/2018\/09\/logo-1.png\" alt=\"logo\" width=\"229\" height=\"54\"><span id=\"result_box\" class=\"\" lang=\"tr\">Filehoster Fileboom.me i\u00e7in g\u00fcvenli dosya depolama mutlak bir \u00f6nceliktir. Fileboom hesab\u0131n\u0131zda, sa\u011flay\u0131c\u0131 dosyalar\u0131 kaydetmenize ve farkl\u0131 dosyalar\u0131 indirmenize izin verir. Fileboom.me \u00fccretsiz bir hesap ve olas\u0131l\u0131klardan en iyi \u015fekilde yararlanman\u0131z\u0131 sa\u011flayan Fileboom Premium i\u00e7erir. <span class=\"\">Pop\u00fcler Paypal \u00f6deme hizmeti sa\u011flay\u0131c\u0131s\u0131 da dahil olmak \u00fczere \u00e7e\u015fitli \u00f6deme y\u00f6ntemleri vard\u0131r.<\/span><\/span><\/p>\n\n<p><a class=\"fasc-button fasc-size-xlarge fasc-type-glossy fasc-rounded-medium ico-fa fasc-ico-after fa-share\" style=\"background-color: #33809e; color: #ffffff;\" target=\"_blank\" rel=\"nofollow noopener noreferrer\" href=\"https:\/\/multihoster.org\/fileboom\/goto\/\">Fileboom.me&#8217;a<\/a><\/p>\n<h2><span id=\"result_box\" class=\"short_text\" lang=\"tr\"><span class=\"\">Sa\u011flay\u0131c\u0131n\u0131n olumlu \u00f6zellikleri<\/span><\/span><\/h2>\n<ul>\n<li><span id=\"result_box\" class=\"\" lang=\"tr\">\u00dccretsiz kullan\u0131m imkan\u0131<\/span><\/li>\n<li><span id=\"result_box\" class=\"\" lang=\"tr\">\u015eeffaf yap\u0131<\/span><\/li>\n<li><span id=\"result_box\" class=\"\" lang=\"tr\">M\u00fckemmel veri koruma<\/span><\/li>\n<li><span id=\"result_box\" class=\"\" lang=\"tr\"><span class=\"\">Cazip Premium \u00f6zellikler<\/span><\/span><\/li>\n<\/ul>\n<p>&nbsp;<\/p>\n<p><img loading=\"lazy\" class=\"alignnone size-full wp-image-1463\" src=\"https:\/\/multihoster.org\/wp-content\/uploads\/2018\/09\/overview.png\" alt=\"overview\" width=\"1393\" height=\"311\" srcset=\"https:\/\/multihoster.org\/wp-content\/uploads\/2018\/09\/overview.png 1393w, https:\/\/multihoster.org\/wp-content\/uploads\/2018\/09\/overview-300x67.png 300w, https:\/\/multihoster.org\/wp-content\/uploads\/2018\/09\/overview-768x171.png 768w, https:\/\/multihoster.org\/wp-content\/uploads\/2018\/09\/overview-1024x229.png 1024w\" sizes=\"(max-width: 1393px) 100vw, 1393px\" \/><\/p>\n<h2><span id=\"result_box\" class=\"short_text\" lang=\"tr\"><span class=\"\">Bir bak\u0131\u015fta t\u00fcm Fileboom bariyerleri<\/span><\/span><\/h2>\n<p><span id=\"result_box\" class=\"\" lang=\"tr\">\u00dccretsiz bir Fileboom hesab\u0131 h\u0131zl\u0131 bir \u015fekilde olu\u015fturulur ve sadece birka\u00e7 saniye s\u00fcrer. E-posta adresini do\u011frulad\u0131ktan sonra servis s\u0131n\u0131rl\u0131 bir \u015fekilde kullan\u0131labilir. Dosya y\u00fcklemek i\u00e7in 10 GB alan var.<\/span><\/p>\n<p><span class=\"\">Bir Fileboom Premium hesab\u0131 sat\u0131n alarak maksimum hizmet yelpazesini kullanabilirsiniz.<\/span> <span class=\"\">Burada maksimum indirme h\u0131z\u0131n\u0131, birka\u00e7 dosyan\u0131n ayn\u0131 anda indirilmesini ve di\u011fer bir\u00e7ok i\u015flevi g\u00f6receksiniz.<\/span> <span class=\"\">Fileboom Premium&#8217;u sat\u0131n ald\u0131\u011f\u0131n\u0131zda, d\u00f6rt farkl\u0131 paket se\u00e7ene\u011fi ve farkl\u0131 \u00f6deme y\u00f6ntemleri kabul edilir.<\/span><\/p>\n<p>&nbsp;<\/p>\n<h2><span id=\"result_box\" class=\"short_text\" lang=\"tr\"><span class=\"\">Bond teklifleri<\/span><\/span><\/h2>\n<p><span id=\"result_box\" class=\"\" lang=\"tr\">Fileboom size bonus teklifinin bir par\u00e7as\u0131 olarak bir ortakl\u0131k program\u0131 talep etme f\u0131rsat\u0131 sunuyor. Fileboom Premium talep etmek ve bunun i\u00e7in bir \u00f6d\u00fcl almak istiyorsan\u0131z, &#8220;Para kazan&#8221; sekmesinde ilk ad\u0131mlar\u0131 atabilirsiniz. <span class=\"\">Burada ki\u015fisel bilgilerinizi girebilirsiniz ve hafta i\u00e7i 24 saat i\u00e7inde bir cevap alacaks\u0131n\u0131z.<\/span><\/span><\/p>\n<h2><span id=\"result_box\" class=\"short_text\" lang=\"tr\"><span class=\"\">Maliyetler ve \u00f6deme se\u00e7enekleri<\/span><\/span><\/h2>\n<p><span id=\"result_box\" class=\"\" lang=\"tr\">Sadece \u00fccretsiz bir Fileboom hesab\u0131n\u0131n avantajlar\u0131ndan yararlanmak istemezseniz, ayn\u0131 zamanda Fileboom Premium \u00f6zelli\u011fi de, \u00fc\u00e7 \u00f6deme y\u00f6ntemi aras\u0131ndan se\u00e7im yapabilirsiniz: VISA, MasterCard ve American Express. PayPal ve \u00e7e\u015fitli yerel y\u00f6ntemlerle \u00f6deme yapmak da m\u00fcmk\u00fcnd\u00fcr. <span class=\"\">Webmoney ve Postbank&#8217;tan LBBBBW ve G\u00fcvenlik \u00d6demesine.<\/span> <span class=\"\">Fileboom ile PaysafeCard ile anonim \u00f6deme yapmak m\u00fcmk\u00fcn de\u011fildir.<\/span><\/span><\/p>\n<p><strong>\n<table id=\"tablepress-107\" class=\"tablepress tablepress-id-107\">\n<tbody class=\"row-hover\">\n<tr class=\"row-1 odd\">\n\t<td class=\"column-1\">3 g\u00fcn<\/td><td class=\"column-2\">30 g\u00fcn<\/td><td class=\"column-3\">90 g\u00fcn<\/td><td class=\"column-4\">180 g\u00fcn<\/td>\n<\/tr>\n<tr class=\"row-2 even\">\n\t<td class=\"column-1\">6,95 $<\/td><td class=\"column-2\">16,95 $<\/td><td class=\"column-3\">41,95 $<\/td><td class=\"column-4\">113,95 $<\/td>\n<\/tr>\n<tr class=\"row-3 odd\">\n\t<td class=\"column-1\">G\u00fcnde 2,23 dolar<\/td><td class=\"column-2\">0,56 $ pro Tag<\/td><td class=\"column-3\">0,47 $ pro Tag<\/td><td class=\"column-4\">0,31 $ pro Tag<\/td>\n<\/tr>\n<\/tbody>\n<\/table>\n<!-- #tablepress-107 from cache --><\/strong><\/p>\n<p><a class=\"fasc-button fasc-size-xlarge fasc-type-glossy fasc-rounded-medium ico-fa fasc-ico-after fa-share\" style=\"background-color: #33809e; color: #ffffff;\" target=\"_blank\" rel=\"nofollow noopener noreferrer\" href=\"https:\/\/multihoster.org\/fileboom\/goto\/\">Fileboom.me&#8217;a<\/a><\/p>\n<p><img loading=\"lazy\" class=\"alignnone size-full wp-image-1466\" src=\"https:\/\/multihoster.org\/wp-content\/uploads\/2018\/09\/prices-1.png\" alt=\"prices\" width=\"1152\" height=\"463\" srcset=\"https:\/\/multihoster.org\/wp-content\/uploads\/2018\/09\/prices-1.png 1152w, https:\/\/multihoster.org\/wp-content\/uploads\/2018\/09\/prices-1-300x121.png 300w, https:\/\/multihoster.org\/wp-content\/uploads\/2018\/09\/prices-1-768x309.png 768w, https:\/\/multihoster.org\/wp-content\/uploads\/2018\/09\/prices-1-1024x412.png 1024w\" sizes=\"(max-width: 1152px) 100vw, 1152px\" \/><\/p>\n<h2><span id=\"result_box\" class=\"short_text\" lang=\"tr\"><span class=\"\">Gizlilik bildirimi<\/span><\/span><\/h2>\n<p><span id=\"result_box\" class=\"\" lang=\"tr\">Fileboom.me, eksiksiz veri korumas\u0131 ve ki\u015fisel verilerin g\u00fcvenilir bir \u015fekilde i\u015flenmesini sa\u011flar. <span class=\"\">Kay\u0131t s\u0131ras\u0131nda, e-posta adresiniz, ki\u015fisel ve finansal verileriniz gibi ki\u015fisel veriler Fileboom Premium&#8217;u sat\u0131n almak i\u00e7in saklan\u0131r.<\/span> <span class=\"\">Hizmetin iyile\u015ftirilmesi i\u00e7in, sa\u011flay\u0131c\u0131 anonim kullan\u0131c\u0131lardan \u00e7e\u015fitli veriler toplar.<\/span> <span class=\"\">\u00c7erezler ayr\u0131ca kullan\u0131c\u0131 deneyimini optimize etmek i\u00e7in kullan\u0131l\u0131r.<\/span><\/span><\/p>\n<p><span class=\"\">\u00d6deme s\u00fcrecini m\u00fcmk\u00fcn oldu\u011funca g\u00fcvenli hale getirmek i\u00e7in, bireysel s\u00fcre\u00e7ler g\u00fcvenli bir \u015fekilde \u015fifrelenir.<\/span><\/p>\n<h2><span id=\"result_box\" class=\"short_text\" lang=\"tr\"><span class=\"\">Sat\u0131\u015f sonras\u0131 servis<\/span><\/span><\/h2>\n<p><span id=\"result_box\" class=\"\" lang=\"tr\">Fileboom m\u00fc\u015fteri servisi, sayfan\u0131n alt\u0131nda &#8220;Yard\u0131m&#8221; \u0131n alt\u0131nda bulunur. M\u00fc\u015fteri servis merkezine vard\u0131\u011f\u0131n\u0131zda, s\u0131k sorulan sorular\u0131 ve mevcut fikirleri bulacaks\u0131n\u0131z. <span class=\"\">M\u00fc\u015fteri Hizmetleri Merkezi&#8217;nin sa\u011f taraf\u0131nda Fileboom ekibiyle ba\u011flant\u0131 kurmak i\u00e7in &#8220;Bize ula\u015f\u0131n&#8221; ve &#8220;Yorum g\u00f6nder&#8221; se\u00e7eneklerini bulacaks\u0131n\u0131z.<\/span><\/span><\/p>\n<h2><span id=\"result_box\" class=\"short_text\" lang=\"tr\"><span class=\"\">Y\u00f6netim sadeli\u011fi<\/span><\/span><\/h2>\n<p><span id=\"result_box\" class=\"\" lang=\"tr\">Web sitesi basit ve a\u00e7\u0131kt\u0131r. Hizmet teklifi ana sayfada zaten a\u00e7\u0131k bir \u015fekilde g\u00f6sterilmektedir. Dosya y\u00fckleme, dosya y\u00fckleme, Flash y\u00fckleme veya uzaktan y\u00fckleme ile m\u00fcmk\u00fcnd\u00fcr.<\/span><\/p>\n<p>Giri\u015f yapt\u0131ktan sonra, dosyalar\u0131n\u0131z\u0131 &#8220;Dosyalar\u0131m&#8221; se\u00e7ene\u011finin alt\u0131nda en \u00fcste y\u00f6netebilirsiniz. &#8211; Buradan dosyalar\u0131n\u0131z\u0131 da y\u00fckleyebilirsiniz. <span class=\"\">Ayr\u0131ca, &#8220;Profiller&#8221; sekmesinde profilinizle ilgili daha ayr\u0131nt\u0131l\u0131 bilgileri ve &#8220;Premium&#8221; ve &#8220;Para kazan&#8221; \u00f6\u011felerini bulabilirsiniz.<\/span><\/p>\n<p>&nbsp;<\/p>\n<h2><span id=\"result_box\" class=\"short_text\" lang=\"tr\"><span class=\"\">Fileboom ile premium hesab\u0131n avantajlar\u0131<\/span><\/span><\/h2>\n<p><span id=\"result_box\" class=\"\" lang=\"tr\"><span class=\"\">Bir Fileboom Premium hesab\u0131yla, t\u00fcm servis sa\u011flay\u0131c\u0131s\u0131n\u0131 ve \u00e7e\u015fitli i\u015flevleri kullanabilirsiniz.<\/span><\/span><\/p>\n<p><span id=\"result_box\" class=\"\" lang=\"tr\">Maksimum indirme h\u0131z\u0131n\u0131 kullanabilir ve anl\u0131k bir ba\u015flang\u0131\u00e7tan yararlanabilirsiniz, b\u00f6ylece 30 saniyelik bekleme s\u00fcresi atlan\u0131r. <a href=\"https:\/\/www.heise.de\/download\/product\/free-download-manager-19323\">\u0130ndirme -Y\u00f6netici<\/a>, FTP ve HTTP y\u00fckleme gibi problemsiz olarak kullan\u0131labilir. Dosyalar 90 g\u00fcn boyunca saklan\u0131r ve indirme istek \u00fczerine ask\u0131ya al\u0131nabilir veya devam ettirilebilir. Maksimum dosya boyutu 500 MB&#8217;tan 5 GB&#8217;a \u00e7\u0131kar ve ayr\u0131ca Fileboom Premium hesab\u0131n\u0131z\u0131 kullanarak ayn\u0131 anda birden fazla dosya indirebilirsiniz. Bir Fileboom Premium hesab\u0131 bir\u00e7ok \u015fekilde \u00f6denebilir, ancak bir Paysafecard ile \u00f6denemez. <span class=\"\">Ancak, Fileboom Premium distrib\u00fct\u00f6rlerinden Paysafecard ile bir Fileboom Premium hesab\u0131 sat\u0131n almak m\u00fcmk\u00fcnd\u00fcr.<\/span><\/span><\/p>\n<h2><span id=\"result_box\" class=\"short_text\" lang=\"tr\"><span class=\"\">Fileboom sa\u011flay\u0131c\u0131s\u0131ndan iste\u011fimiz<\/span><\/span><\/h2>\n<p><span id=\"result_box\" class=\"\" lang=\"tr\">T\u00fcm Fileboom.me, \u00fccretsiz bir Fileboom hesab\u0131 ile belirli bir \u00f6l\u00e7\u00fcde kullan\u0131labilecek ilgin\u00e7 bir teklif sunuyor. <span class=\"\">Fileboom Premium hesab\u0131n\u0131zdan maksimum indirme h\u0131z\u0131, birden \u00e7ok dosyan\u0131n ayn\u0131 anda indirilmesi ve \u0130ndirme H\u0131zland\u0131r\u0131c\u0131s\u0131 gibi t\u00fcm \u00f6zelliklerin keyfini \u00e7\u0131karabilirsiniz.<\/span> <span class=\"\">3, 30, 90 veya 180 g\u00fcnl\u00fck bir Fileboom Premium hesab\u0131 sat\u0131n ald\u0131\u011f\u0131n\u0131zda, pop\u00fcler Paypal \u00f6deme hizmeti de dahil olmak \u00fczere \u00e7e\u015fitli \u00f6deme hizmeti sa\u011flay\u0131c\u0131lar\u0131 aras\u0131ndan se\u00e7im yapabilirsiniz.<\/span> <span class=\"\">Do\u011frudan sa\u011flay\u0131c\u0131dan anonim \u00f6deme y\u00f6ntemleri yoktur, ancak Fileboom Premium hesab\u0131n\u0131 sat\u0131n almak i\u00e7in Fileboom distrib\u00fct\u00f6rlerinde Paysafecard gibi \u00f6deme y\u00f6ntemlerini kullanabilirsiniz.<\/span><\/span><\/p>\n<p><a class=\"fasc-button fasc-size-xlarge fasc-type-glossy fasc-rounded-medium ico-fa fasc-ico-after fa-share\" style=\"background-color: #33809e; color: #ffffff;\" target=\"_blank\" rel=\"nofollow noopener noreferrer\" href=\"https:\/\/multihoster.org\/fileboom\/goto\/\">Fileboom.me&#8217;a<\/a><\/p>\n","protected":false},"excerpt":{"rendered":"<p>Filehoster Fileboom.me i\u00e7in g\u00fcvenli dosya depolama mutlak bir \u00f6nceliktir. Fileboom hesab\u0131n\u0131zda, sa\u011flay\u0131c\u0131 dosyalar\u0131 kaydetmenize ve farkl\u0131 dosyalar\u0131 indirmenize izin verir.<\/p>\n","protected":false},"author":2,"featured_media":0,"parent":0,"menu_order":0,"comment_status":"closed","ping_status":"closed","template":"","meta":[],"yoast_head":"<!-- This site is optimized with the Yoast SEO plugin v18.3 - https:\/\/yoast.com\/wordpress\/plugins\/seo\/ -->\n<title>lll \u25b7 Fileboom Premium Hesap sayg\u0131n m\u0131, de\u011fil mi? Multihoster.org \u00fczerinde test<\/title>\n<meta name=\"description\" content=\"Fileboom&#039;un yan\u0131 s\u0131ra Fileboom Premium Hesab\u0131 hakk\u0131nda daha ayr\u0131nt\u0131l\u0131 bilgi almak ister misiniz? Sizleri bu dosyaya ayr\u0131nt\u0131l\u0131 olarak tan\u0131tmak istiyoruz.\" \/>\n<meta name=\"robots\" content=\"index, follow, max-snippet:-1, max-image-preview:large, max-video-preview:-1\" \/>\n<link rel=\"canonical\" href=\"https:\/\/multihoster.org\/tr\/fileboom\/\" \/>\n<meta property=\"og:locale\" content=\"tr_TR\" \/>\n<meta property=\"og:type\" content=\"article\" \/>\n<meta property=\"og:title\" content=\"lll \u25b7 Fileboom Premium Hesap sayg\u0131n m\u0131, de\u011fil mi? Multihoster.org \u00fczerinde test\" \/>\n<meta property=\"og:description\" content=\"Fileboom&#039;un yan\u0131 s\u0131ra Fileboom Premium Hesab\u0131 hakk\u0131nda daha ayr\u0131nt\u0131l\u0131 bilgi almak ister misiniz? Sizleri bu dosyaya ayr\u0131nt\u0131l\u0131 olarak tan\u0131tmak istiyoruz.\" \/>\n<meta property=\"og:url\" content=\"https:\/\/multihoster.org\/tr\/fileboom\/\" \/>\n<meta property=\"og:site_name\" content=\"Multihoster.org\" \/>\n<meta property=\"article:modified_time\" content=\"2019-03-18T20:41:44+00:00\" \/>\n<meta property=\"og:image\" content=\"https:\/\/multihoster.org\/wp-content\/uploads\/2018\/09\/logo-1.png\" \/>\n<meta name=\"twitter:card\" content=\"summary\" \/>\n<meta name=\"twitter:label1\" content=\"Tahmini okuma s\u00fcresi\" \/>\n\t<meta name=\"twitter:data1\" content=\"4 dakika\" \/>\n<script type=\"application\/ld+json\" class=\"yoast-schema-graph\">{\"@context\":\"https:\/\/schema.org\",\"@graph\":[{\"@type\":\"WebSite\",\"@id\":\"https:\/\/multihoster.org\/#website\",\"url\":\"https:\/\/multihoster.org\/\",\"name\":\"Multihoster.org\",\"description\":\"Reviews of the major Filehosting services\",\"potentialAction\":[{\"@type\":\"SearchAction\",\"target\":{\"@type\":\"EntryPoint\",\"urlTemplate\":\"https:\/\/multihoster.org\/?s={search_term_string}\"},\"query-input\":\"required name=search_term_string\"}],\"inLanguage\":\"tr\"},{\"@type\":\"ImageObject\",\"@id\":\"https:\/\/multihoster.org\/tr\/fileboom\/#primaryimage\",\"inLanguage\":\"tr\",\"url\":\"https:\/\/multihoster.org\/wp-content\/uploads\/2018\/09\/logo-1.png\",\"contentUrl\":\"https:\/\/multihoster.org\/wp-content\/uploads\/2018\/09\/logo-1.png\",\"width\":229,\"height\":54,\"caption\":\"logo\"},{\"@type\":\"WebPage\",\"@id\":\"https:\/\/multihoster.org\/tr\/fileboom\/#webpage\",\"url\":\"https:\/\/multihoster.org\/tr\/fileboom\/\",\"name\":\"lll \u25b7 Fileboom Premium Hesap sayg\u0131n m\u0131, de\u011fil mi? Multihoster.org \u00fczerinde test\",\"isPartOf\":{\"@id\":\"https:\/\/multihoster.org\/#website\"},\"primaryImageOfPage\":{\"@id\":\"https:\/\/multihoster.org\/tr\/fileboom\/#primaryimage\"},\"datePublished\":\"2018-09-27T09:00:01+00:00\",\"dateModified\":\"2019-03-18T20:41:44+00:00\",\"description\":\"Fileboom'un yan\u0131 s\u0131ra Fileboom Premium Hesab\u0131 hakk\u0131nda daha ayr\u0131nt\u0131l\u0131 bilgi almak ister misiniz? Sizleri bu dosyaya ayr\u0131nt\u0131l\u0131 olarak tan\u0131tmak istiyoruz.\",\"breadcrumb\":{\"@id\":\"https:\/\/multihoster.org\/tr\/fileboom\/#breadcrumb\"},\"inLanguage\":\"tr\",\"potentialAction\":[{\"@type\":\"ReadAction\",\"target\":[\"https:\/\/multihoster.org\/tr\/fileboom\/\"]}]},{\"@type\":\"BreadcrumbList\",\"@id\":\"https:\/\/multihoster.org\/tr\/fileboom\/#breadcrumb\",\"itemListElement\":[{\"@type\":\"ListItem\",\"position\":1,\"name\":\"Startseite\",\"item\":\"https:\/\/multihoster.org\/tr\/\"},{\"@type\":\"ListItem\",\"position\":2,\"name\":\"Fileboom Premium Hesab\u0131 &#8211; Bir bak\u0131\u015fta Filehoster\"}]}]}<\/script>\n<!-- \/ Yoast SEO plugin. -->","yoast_head_json":{"title":"lll \u25b7 Fileboom Premium Hesap sayg\u0131n m\u0131, de\u011fil mi? Multihoster.org \u00fczerinde test","description":"Fileboom'un yan\u0131 s\u0131ra Fileboom Premium Hesab\u0131 hakk\u0131nda daha ayr\u0131nt\u0131l\u0131 bilgi almak ister misiniz? Sizleri bu dosyaya ayr\u0131nt\u0131l\u0131 olarak tan\u0131tmak istiyoruz.","robots":{"index":"index","follow":"follow","max-snippet":"max-snippet:-1","max-image-preview":"max-image-preview:large","max-video-preview":"max-video-preview:-1"},"canonical":"https:\/\/multihoster.org\/tr\/fileboom\/","og_locale":"tr_TR","og_type":"article","og_title":"lll \u25b7 Fileboom Premium Hesap sayg\u0131n m\u0131, de\u011fil mi? Multihoster.org \u00fczerinde test","og_description":"Fileboom'un yan\u0131 s\u0131ra Fileboom Premium Hesab\u0131 hakk\u0131nda daha ayr\u0131nt\u0131l\u0131 bilgi almak ister misiniz? Sizleri bu dosyaya ayr\u0131nt\u0131l\u0131 olarak tan\u0131tmak istiyoruz.","og_url":"https:\/\/multihoster.org\/tr\/fileboom\/","og_site_name":"Multihoster.org","article_modified_time":"2019-03-18T20:41:44+00:00","og_image":[{"url":"https:\/\/multihoster.org\/wp-content\/uploads\/2018\/09\/logo-1.png"}],"twitter_card":"summary","twitter_misc":{"Tahmini okuma s\u00fcresi":"4 dakika"},"schema":{"@context":"https:\/\/schema.org","@graph":[{"@type":"WebSite","@id":"https:\/\/multihoster.org\/#website","url":"https:\/\/multihoster.org\/","name":"Multihoster.org","description":"Reviews of the major Filehosting services","potentialAction":[{"@type":"SearchAction","target":{"@type":"EntryPoint","urlTemplate":"https:\/\/multihoster.org\/?s={search_term_string}"},"query-input":"required name=search_term_string"}],"inLanguage":"tr"},{"@type":"ImageObject","@id":"https:\/\/multihoster.org\/tr\/fileboom\/#primaryimage","inLanguage":"tr","url":"https:\/\/multihoster.org\/wp-content\/uploads\/2018\/09\/logo-1.png","contentUrl":"https:\/\/multihoster.org\/wp-content\/uploads\/2018\/09\/logo-1.png","width":229,"height":54,"caption":"logo"},{"@type":"WebPage","@id":"https:\/\/multihoster.org\/tr\/fileboom\/#webpage","url":"https:\/\/multihoster.org\/tr\/fileboom\/","name":"lll \u25b7 Fileboom Premium Hesap sayg\u0131n m\u0131, de\u011fil mi? Multihoster.org \u00fczerinde test","isPartOf":{"@id":"https:\/\/multihoster.org\/#website"},"primaryImageOfPage":{"@id":"https:\/\/multihoster.org\/tr\/fileboom\/#primaryimage"},"datePublished":"2018-09-27T09:00:01+00:00","dateModified":"2019-03-18T20:41:44+00:00","description":"Fileboom'un yan\u0131 s\u0131ra Fileboom Premium Hesab\u0131 hakk\u0131nda daha ayr\u0131nt\u0131l\u0131 bilgi almak ister misiniz? Sizleri bu dosyaya ayr\u0131nt\u0131l\u0131 olarak tan\u0131tmak istiyoruz.","breadcrumb":{"@id":"https:\/\/multihoster.org\/tr\/fileboom\/#breadcrumb"},"inLanguage":"tr","potentialAction":[{"@type":"ReadAction","target":["https:\/\/multihoster.org\/tr\/fileboom\/"]}]},{"@type":"BreadcrumbList","@id":"https:\/\/multihoster.org\/tr\/fileboom\/#breadcrumb","itemListElement":[{"@type":"ListItem","position":1,"name":"Startseite","item":"https:\/\/multihoster.org\/tr\/"},{"@type":"ListItem","position":2,"name":"Fileboom Premium Hesab\u0131 &#8211; Bir bak\u0131\u015fta Filehoster"}]}]}},"_links":{"self":[{"href":"https:\/\/multihoster.org\/tr\/wp-json\/wp\/v2\/pages\/1521"}],"collection":[{"href":"https:\/\/multihoster.org\/tr\/wp-json\/wp\/v2\/pages"}],"about":[{"href":"https:\/\/multihoster.org\/tr\/wp-json\/wp\/v2\/types\/page"}],"author":[{"embeddable":true,"href":"https:\/\/multihoster.org\/tr\/wp-json\/wp\/v2\/users\/2"}],"replies":[{"embeddable":true,"href":"https:\/\/multihoster.org\/tr\/wp-json\/wp\/v2\/comments?post=1521"}],"version-history":[{"count":3,"href":"https:\/\/multihoster.org\/tr\/wp-json\/wp\/v2\/pages\/1521\/revisions"}],"predecessor-version":[{"id":2153,"href":"https:\/\/multihoster.org\/tr\/wp-json\/wp\/v2\/pages\/1521\/revisions\/2153"}],"wp:attachment":[{"href":"https:\/\/multihoster.org\/tr\/wp-json\/wp\/v2\/media?parent=1521"}],"curies":[{"name":"wp","href":"https:\/\/api.w.org\/{rel}","templated":true}]}}