{"id":1560,"date":"2018-09-28T06:39:40","date_gmt":"2018-09-28T06:39:40","guid":{"rendered":"https:\/\/multihoster.org\/?page_id=1560"},"modified":"2019-03-18T21:56:57","modified_gmt":"2019-03-18T21:56:57","slug":"filejoker","status":"publish","type":"page","link":"https:\/\/multihoster.org\/tr\/filejoker\/","title":{"rendered":"FileJoker Premium Hesab\u0131 &#8211; Bir bak\u0131\u015fta ev sahibi"},"content":{"rendered":"<p><span data-darkreader-inline-color=\"\"><img loading=\"lazy\" class=\"size-medium wp-image-1456 alignleft\" src=\"https:\/\/multihoster.org\/wp-content\/uploads\/2018\/09\/logo-300x72.png\" alt=\"logo\" width=\"300\" height=\"72\" srcset=\"https:\/\/multihoster.org\/wp-content\/uploads\/2018\/09\/logo-300x72.png 300w, https:\/\/multihoster.org\/wp-content\/uploads\/2018\/09\/logo.png 419w\" sizes=\"(max-width: 300px) 100vw, 300px\" \/><span id=\"result_box\" class=\"\" lang=\"tr\"><span class=\"\">FileJoker ile \u00fccretsiz veya \u00fccretli bir versiyon aras\u0131nda se\u00e7im yapabilirsiniz.<\/span> <span class=\"\">Her \u015fey sizin ihtiya\u00e7lar\u0131n\u0131za g\u00f6re de\u011fi\u015fir, bu sizin i\u00e7in do\u011fru se\u00e7imdir.<\/span> <span class=\"\">\u00c7ok say\u0131da ana makine verilerini indirmek veya indirmek istiyorsan\u0131z, bir Premium s\u00fcr\u00fcm sat\u0131n alman\u0131z\u0131 \u00f6neririz.<\/span> <span class=\"\">Gerekli dosyalara beklemek zorunda kalmadan h\u0131zl\u0131ca eri\u015fmek istiyorsan\u0131z, Premium Hesap da do\u011fru se\u00e7enektir.<\/span> <span class=\"\">Ancak, ana bilgisayar\u0131 nadiren kullan\u0131rsan\u0131z ve zaman a\u015f\u0131m\u0131 ile ilgili bir sorun ya\u015farsan\u0131z, \u00fccretsiz s\u00fcr\u00fcm\u00fc de kullanabilirsiniz.<\/span><\/span><\/span><\/p>\n\n<p><a class=\"fasc-button fasc-size-xlarge fasc-type-glossy fasc-rounded-medium ico-fa fasc-ico-after fa-share\" style=\"background-color: #247edd; color: #ffffff;\" target=\"_blank\" rel=\"nofollow noopener noreferrer\" href=\"https:\/\/multihoster.org\/filejoker\/goto\/\">Filejoker.com&#8217;a git<\/a><\/p>\n<h2><span id=\"result_box\" class=\"short_text\" lang=\"tr\"><span class=\"\">Sa\u011flay\u0131c\u0131n\u0131n olumlu \u00f6zellikleri<\/span><\/span><\/h2>\n<ul>\n<li><span id=\"result_box\" class=\"\" lang=\"tr\">\u00dccretsiz hesap ve premium hizmetler<\/span><\/li>\n<li><span id=\"result_box\" class=\"\" lang=\"tr\">Geni\u015fletilmi\u015f Premium Hesap<\/span><\/li>\n<li><span id=\"result_box\" class=\"\" lang=\"tr\">Veri korumas\u0131nda y\u00fcksek g\u00fcvenlik<\/span><\/li>\n<li><span id=\"result_box\" class=\"\" lang=\"tr\"><span class=\"\">\u0130kna edici kullan\u0131m kolayl\u0131\u011f\u0131<\/span><\/span><\/li>\n<\/ul>\n<p>&nbsp;<\/p>\n<h3><span id=\"result_box\" class=\"short_text\" lang=\"tr\"><span class=\"\">\u00dccretsiz giri\u015f gizli<\/span><\/span><\/h3>\n<p><span data-darkreader-inline-color=\"\"><span id=\"result_box\" class=\"\" lang=\"tr\">FileJoker web sitesinin a\u00e7\u0131klamas\u0131nda \u00fccretsiz ve kay\u0131tl\u0131 s\u00fcr\u00fcmler bulacaks\u0131n\u0131z. \u00dccretsiz s\u00fcr\u00fcm sadece \u00fccretsiz bir s\u00fcr\u00fcm olarak indirilebilir. Kay\u0131tl\u0131 versiyonda 50 GB veri indirebilirsiniz. <span class=\"\">Ancak, kay\u0131t imkan\u0131 bulmak o kadar kolay de\u011fildir.<\/span> <span class=\"\">Normal kay\u0131t d\u00fc\u011fmesi olmad\u0131\u011f\u0131ndan, burada k\u00fc\u00e7\u00fck bir yol vard\u0131r.<\/span><\/span><\/span><\/p>\n<h3><span id=\"result_box\" class=\"short_text\" lang=\"tr\"><span class=\"\">Sat\u0131c\u0131 se\u00e7ene\u011fine kay\u0131t olun<\/span><\/span><\/h3>\n<p><span data-darkreader-inline-color=\"\"><span id=\"result_box\" class=\"\" lang=\"tr\">Ana sayfan\u0131n sa\u011f \u00fcst k\u00f6\u015fesinde Premium&#8217;u t\u0131klarsan\u0131z, 4 d\u00f6nem i\u00e7in 4 teklif g\u00f6receksiniz &#8211; abonelik ne kadar uzun olursa, abonelik o kadar ucuz olacakt\u0131r. A\u015fa\u011f\u0131da her rezervasyon d\u00f6nemi i\u00e7in \u00e7e\u015fitli \u00f6deme se\u00e7enekleri bulacaks\u0131n\u0131z. Bu \u00f6deme se\u00e7eneklerinde, bir\u00e7ok perakendeciden biriyle bir hesap sat\u0131n alma se\u00e7ene\u011fini bulacaks\u0131n\u0131z. <span class=\"\">Bayi d\u00fc\u011fmesine t\u0131klarsan\u0131z, solda k\u00fc\u00e7\u00fck, sa\u011fdaki k\u00fc\u00e7\u00fck kay\u0131t d\u00fc\u011fmesini bulacaks\u0131n\u0131z.<\/span><\/span><\/span><\/p>\n<h2><span id=\"result_box\" class=\"short_text\" lang=\"tr\"><span class=\"\">\u00d6deme y\u00f6ntemleri<\/span><\/span><\/h2>\n<p><span data-darkreader-inline-color=\"\"><span id=\"result_box\" class=\"\" lang=\"tr\">FileJoker Hoster ile farkl\u0131 \u015fekillerde \u00f6deme yapabilirsiniz. Bir yandan, online bankac\u0131l\u0131k gibi VISA ve MasterCard ile normal kanallar m\u00fcmk\u00fcnd\u00fcr. \u00d6te yandan, site Paysafecard ile de \u00f6deme yapabilece\u011finiz alternatif \u00f6deme y\u00f6ntemleri sunuyor. Bunlar CoinPayment, WebMonkey ve SMS ile \u00f6deme s\u00fcrecini i\u00e7erir. <span class=\"\">Bitcoin \u00f6demesi \u00f6zellikle ilgin\u00e7tir, \u00e7\u00fcnk\u00fc burada \u00fc\u00e7, on, yirmi veya 35 g\u00fcnl\u00fck varyasyona ba\u011fl\u0131 olarak, \u00fccretsiz eri\u015fim elde edersiniz.<\/span><\/span><\/span><\/p>\n<p><strong>\n<table id=\"tablepress-114\" class=\"tablepress tablepress-id-114\">\n<tbody class=\"row-hover\">\n<tr class=\"row-1 odd\">\n\t<td class=\"column-1\">30 g\u00fcnl\u00fck prim<\/td><td class=\"column-2\">90 g\u00fcnl\u00fck prim<\/td><td class=\"column-3\">180 g\u00fcnl\u00fck prim<\/td><td class=\"column-4\">365 g\u00fcnl\u00fck prim<\/td>\n<\/tr>\n<tr class=\"row-2 even\">\n\t<td class=\"column-1\">14,05 $<\/td><td class=\"column-2\">34,95 $<\/td><td class=\"column-3\">59,95 $<\/td><td class=\"column-4\">89,95 $<\/td>\n<\/tr>\n<tr class=\"row-3 odd\">\n\t<td class=\"column-1\">3 g\u00fcn Bitcoin bonusu<\/td><td class=\"column-2\">10 g\u00fcn Bitcoin bonusu<\/td><td class=\"column-3\">20 g\u00fcn Bitcoin bonusu<\/td><td class=\"column-4\">35 g\u00fcn Bitcoin bonusu<\/td>\n<\/tr>\n<\/tbody>\n<\/table>\n<!-- #tablepress-114 from cache --><\/strong><\/p>\n<p><a class=\"fasc-button fasc-size-xlarge fasc-type-glossy fasc-rounded-medium ico-fa fasc-ico-after fa-share\" style=\"background-color: #247edd; color: #ffffff;\" target=\"_blank\" rel=\"nofollow noopener noreferrer\" href=\"https:\/\/multihoster.org\/filejoker\/goto\/\">Filejoker.com&#8217;a git<\/a><\/p>\n<p><img loading=\"lazy\" class=\"alignnone wp-image-1458 size-full\" src=\"https:\/\/multihoster.org\/wp-content\/uploads\/2018\/09\/prices.png\" alt=\"prices\" width=\"906\" height=\"565\" srcset=\"https:\/\/multihoster.org\/wp-content\/uploads\/2018\/09\/prices.png 906w, https:\/\/multihoster.org\/wp-content\/uploads\/2018\/09\/prices-300x187.png 300w, https:\/\/multihoster.org\/wp-content\/uploads\/2018\/09\/prices-768x479.png 768w\" sizes=\"(max-width: 906px) 100vw, 906px\" \/><\/p>\n<p><img loading=\"lazy\" class=\"alignnone wp-image-1457 size-full\" src=\"https:\/\/multihoster.org\/wp-content\/uploads\/2018\/09\/payment.png\" alt=\"payment-options\" width=\"981\" height=\"71\" srcset=\"https:\/\/multihoster.org\/wp-content\/uploads\/2018\/09\/payment.png 981w, https:\/\/multihoster.org\/wp-content\/uploads\/2018\/09\/payment-300x22.png 300w, https:\/\/multihoster.org\/wp-content\/uploads\/2018\/09\/payment-768x56.png 768w\" sizes=\"(max-width: 981px) 100vw, 981px\" \/><\/p>\n<h2><span id=\"result_box\" class=\"short_text\" lang=\"tr\"><span class=\"\">Gizlilik politikas\u0131<\/span><\/span><\/h2>\n<p><span id=\"result_box\" class=\"\" lang=\"tr\"><span title=\"FileJoker ha hecho todo lo posible para garantizar que la informaci\u00f3n que usted nos proporciona sea tratada con el m\u00e1ximo cuidado y confidencialidad, tal y como se describe en la Pol\u00edtica de privacidad.\">FileJoker, bize sa\u011flad\u0131\u011f\u0131n\u0131z bilgilerin Gizlilik Politikas\u0131nda a\u00e7\u0131kland\u0131\u011f\u0131 \u00fczere azami \u00f6zen ve gizlilik ile ele al\u0131nd\u0131\u011f\u0131ndan emin olmak i\u00e7in m\u00fcmk\u00fcn olan her \u015feyi yapm\u0131\u015ft\u0131r. <\/span><span title=\"Explica c\u00f3mo la informaci\u00f3n y los datos que usted ingresa son utilizados por los visitantes del sitio web.\n\n\">Girdi\u011finiz bilgi ve verilerin web sitesi ziyaret\u00e7ileri taraf\u0131ndan nas\u0131l kullan\u0131ld\u0131\u011f\u0131n\u0131 a\u00e7\u0131klay\u0131n.<\/span><\/span><\/p>\n<p><span title=\"Por un lado, los datos generados por la visita se almacenan de forma an\u00f3nima.\">Bir yandan, ziyaret taraf\u0131ndan olu\u015fturulan veriler anonim olarak saklan\u0131r. <\/span><span title=\"Esto incluye informaci\u00f3n como datos demogr\u00e1ficos o, por ejemplo, el sistema operativo y el navegador utilizado.\">Bu, demografik veriler veya \u00f6rne\u011fin i\u015fletim sistemi ve kullan\u0131lan taray\u0131c\u0131 gibi bilgileri i\u00e7erir. <\/span><span title=\"Por otro lado, se registran los datos proporcionados durante el proceso de conexi\u00f3n.\">Di\u011fer taraftan, ba\u011flant\u0131 i\u015flemi s\u0131ras\u0131nda sa\u011flanan veriler kaydedilir. <\/span><span title=\"Esto tambi\u00e9n se aplica a la direcci\u00f3n de correo electr\u00f3nico y la contrase\u00f1a.\">Bu e-posta adresi ve \u015fifre i\u00e7in de ge\u00e7erlidir. <\/span><span title=\"Despu\u00e9s del registro, puede introducir todos los dem\u00e1s tipos de datos, que por supuesto tambi\u00e9n se almacenan.\n\n\">Kay\u0131ttan sonra, tabii ki de saklanan di\u011fer t\u00fcm veri t\u00fcrlerini girebilirsiniz.<\/span><\/p>\n<p><span title=\"Toda esta informaci\u00f3n es tratada de forma confidencial, an\u00f3nima y encriptada por razones de seguridad, de acuerdo con la ley.\">T\u00fcm bu bilgiler, yasaya uygun olarak g\u00fcvenlik nedenleriyle gizli, anonim ve \u015fifrelenir. <\/span><span title=\"Adem\u00e1s, para un mejor uso de la web, los datos se almacenan mediante el uso de cookies, lo que garantiza que el usuario no tenga que introducir todo de forma repetida y pueda trabajar con mayor rapidez en la web.\">Ek olarak, web&#8217;in daha iyi kullan\u0131m\u0131 i\u00e7in, verilerin, kullan\u0131c\u0131n\u0131n tekrar tekrar her \u015feye girmesi ve web \u00fczerinde daha h\u0131zl\u0131 \u00e7al\u0131\u015fabilmesini garanti eden \u00e7erezlerin kullan\u0131m\u0131 yoluyla saklanmas\u0131.<\/span><\/p>\n<h2><span id=\"result_box\" class=\"short_text\" lang=\"tr\"><span class=\"\">M\u00fc\u015fteri hizmetleri<\/span><\/span><\/h2>\n<p><span data-darkreader-inline-color=\"\"><span id=\"result_box\" class=\"\" lang=\"tr\">FileJoker sa\u011flay\u0131c\u0131s\u0131 ile ileti\u015fim minimum d\u00fczeydedir. Bu, sa\u011f alt k\u00f6\u015fedeki &#8220;\u0130rtibat&#8221; d\u00fc\u011fmesine t\u0131klayarak eri\u015filen bir ileti\u015fim formu. Bu, sizi ad\u0131n\u0131z\u0131, e-posta adresinizi ve mesaj\u0131n\u0131z\u0131 ortada girebilece\u011finiz bir sayfaya g\u00f6t\u00fcrecektir. <span class=\"\">A\u015fa\u011f\u0131da, bir mesaj g\u00f6nderebilece\u011finiz Captech&#8217;ten bir talep var.<\/span><\/span><\/span><\/p>\n<h2><span id=\"result_box\" class=\"short_text\" lang=\"tr\"><span class=\"\">Kullan\u0131m\u0131 kolay<\/span><\/span><\/h2>\n<p><span id=\"result_box\" class=\"\" lang=\"tr\"><span title=\"El sitio web de FileJoker est\u00e1 muy bien organizado y es f\u00e1cil de usar despu\u00e9s de registrarse.\">FileJoker web sitesi, kay\u0131t olduktan sonra \u00e7ok iyi organize edilmi\u015f ve kullan\u0131m\u0131 kolayd\u0131r. <\/span><span title=\"Toda la informaci\u00f3n necesaria es obvia y el funcionamiento es fluido.\">Gerekli t\u00fcm bilgiler a\u00e7\u0131kt\u0131r ve i\u015flem ak\u0131\u015fkand\u0131r. <\/span><span title=\"En la esquina superior derecha se encuentran las pesta\u00f1as &quot;Mi cuenta&quot;, &quot;Mis archivos&quot; y &quot;Premium&quot;.\">Sa\u011f \u00fcst k\u00f6\u015fede &#8220;Hesab\u0131m&#8221;, &#8220;Dosyalar\u0131m&#8221; ve &#8220;Premium&#8221; sekmeleri bulunur. <\/span><span title=\"Con esto \u00faltimo, puede aumentar la velocidad y el tama\u00f1o de su espacio de almacenamiento en l\u00ednea y evitar el tiempo de espera.\">\u0130kincisi ile, \u00e7evrimi\u00e7i depolama alan\u0131n\u0131z\u0131n h\u0131z\u0131n\u0131 ve boyutunu art\u0131rabilir ve bekleme s\u00fcresini \u00f6nleyebilirsiniz. <\/span><span title=\"Para ello, seleccione una de las suscripciones.\">Bunu yapmak i\u00e7in aboneliklerden birini se\u00e7in. <\/span><span title=\"En la pesta\u00f1a &quot;Mi cuenta&quot; puede realizar algunos ajustes en su cuenta.\">&#8220;Hesab\u0131m&#8221; sekmesinde hesab\u0131n\u0131zda baz\u0131 ayarlamalar yapabilirsiniz. <\/span><span title=\"La parte realmente importante es &quot;Mis archivos&quot;, porque aqu\u00ed puedes subir datos f\u00e1cilmente usando el bot\u00f3n en el medio, &quot;\u00a1Carga tus archivos ahora!\n\n\">Ger\u00e7ekten \u00f6nemli olan k\u0131s\u0131m &#8220;Dosyalar\u0131m&#8221;, \u00e7\u00fcnk\u00fc ortadaki d\u00fc\u011fmeyi kullanarak verileri kolayca y\u00fckleyebilirsiniz, &#8220;Dosyalar\u0131n\u0131z\u0131 \u015fimdi y\u00fckleyin!<\/span><\/span><\/p>\n<p><span title=\"En general, FileJoker recibe puntos con una organizaci\u00f3n muy simple y clara.\">Genel olarak, FileJoker \u00e7ok basit ve net bir organizasyonla puan al\u0131r. <\/span><span title=\"Hay muy pocos niveles y todo es f\u00e1cil de encontrar.\">\u00c7ok az seviye var ve her \u015feyin bulunmas\u0131 kolay. <\/span><span title=\"La mayor\u00eda de las operaciones se pueden realizar con 2-3 clics.\">\u00c7o\u011fu operasyon 2-3 t\u0131klama ile yap\u0131labilir. <\/span><span title=\"Todo est\u00e1 organizado de forma clara y exacta como la mayor\u00eda de los usuarios ya saben de otros sitios web conocidos.\">\u00c7o\u011fu kullan\u0131c\u0131 zaten iyi bilinen di\u011fer web siteleri hakk\u0131nda bildiklerinden her \u015fey net ve do\u011fru bir \u015fekilde d\u00fczenlenmi\u015ftir. <\/span><span title=\"Por lo tanto, deber\u00eda haber varios problemas para los usuarios de Internet.\">Bu nedenle, \u0130nternet kullan\u0131c\u0131lar\u0131 i\u00e7in \u00e7e\u015fitli problemler olmal\u0131.<\/span><\/p>\n<h2><span id=\"result_box\" class=\"short_text\" lang=\"tr\"><span class=\"\">Filejoker ile premium hesab\u0131n avantajlar\u0131<\/span><\/span><\/h2>\n<p><span id=\"result_box\" class=\"\" lang=\"tr\">Filejoker Premium hesab\u0131n\u0131z, indirme h\u0131z\u0131n\u0131z\u0131 en \u00fcst d\u00fczeye \u00e7\u0131karman\u0131za ve ayn\u0131 anda birden \u00e7ok indirmeyi ger\u00e7ekle\u015ftirmenize izin verir. Maksimum indirme boyutu ve depolama kapasitesi s\u0131n\u0131rs\u0131zd\u0131r. <span class=\"\">Bekleme s\u00fcresi veya yakalama yan\u0131t\u0131 yok, indirme i\u015flemini durdurabilir ve devam ettirebilirsiniz.<\/span><\/span><a href=\"https:\/\/itunes.apple.com\/us\/app\/zeus-cloud-manager\/id1275020805\" target=\"_blank\" rel=\"noopener noreferrer\">mobile App<\/a> <span id=\"result_box\" class=\"\" lang=\"tr\"><span class=\"\">ve teknik deste\u011fe ba\u015fvurun.<\/span><\/span><\/p>\n<h2><span id=\"result_box\" class=\"\" lang=\"tr\"><span class=\"\">FileJoker sa\u011flay\u0131c\u0131s\u0131yla ilgili sonu\u00e7lar\u0131m\u0131z<\/span><\/span><\/h2>\n<p><span data-darkreader-inline-color=\"\"><span id=\"result_box\" class=\"\" lang=\"tr\">FileJoker sa\u011flay\u0131c\u0131s\u0131, s\u0131n\u0131rs\u0131z kullan\u0131m ve bekleme s\u00fcresi i\u00e7in \u00fccretsiz hizmetin yan\u0131 s\u0131ra premium bir hesap sunmaktad\u0131r. Bu sayede profesyonel kullan\u0131c\u0131 ve amat\u00f6r, hizmeti adil ko\u015fullarda kullanabilme imk\u00e2n\u0131na sahiptir. <span class=\"\">Premium versiyona ge\u00e7me olas\u0131l\u0131\u011f\u0131, \u00e7e\u015fitli \u015fekillerde yap\u0131labilen \u00f6deme gibi kolay bulunur.<\/span> <span class=\"\">Paysafecard ile anonim \u00f6deme do\u011frudan Filejoker&#8217;den de\u011fil, bir\u00e7ok Filejoker Premium distrib\u00fct\u00f6r\u00fcnden m\u00fcmk\u00fcn de\u011fildir.<\/span> <span class=\"\">Operasyon \u00e7ok basit ve sezgiseldir, bu sayede deneyimsiz kullan\u0131c\u0131lar web sitesini iyi y\u00f6netebilir.<\/span> <span class=\"\">Bu nedenle, FileJoker FileHoster \u015fiddetle tavsiye edilir ve her durumda, veri indirmek veya indirmek i\u00e7in iyi bir yoldur.<\/span><\/span><\/span><\/p>\n<p><a class=\"fasc-button fasc-size-xlarge fasc-type-glossy fasc-rounded-medium ico-fa fasc-ico-after fa-share\" style=\"background-color: #247edd; color: #ffffff;\" target=\"_blank\" rel=\"nofollow noopener noreferrer\" href=\"https:\/\/multihoster.org\/filejoker\/goto\/\">Filejoker.com&#8217;a git<\/a><\/p>\n","protected":false},"excerpt":{"rendered":"<p>FileJoker ile \u00fccretsiz veya \u00fccretli bir versiyon aras\u0131nda se\u00e7im yapabilirsiniz. Her \u015fey sizin ihtiya\u00e7lar\u0131n\u0131za g\u00f6re de\u011fi\u015fir, bu sizin i\u00e7in do\u011fru<\/p>\n","protected":false},"author":2,"featured_media":0,"parent":0,"menu_order":0,"comment_status":"closed","ping_status":"closed","template":"","meta":[],"yoast_head":"<!-- This site is optimized with the Yoast SEO plugin v18.3 - https:\/\/yoast.com\/wordpress\/plugins\/seo\/ -->\n<title>lll \u25b7 FileJoker Premium Hesap sayg\u0131n m\u0131, de\u011fil mi? Multihoster.org \u00fczerinde test<\/title>\n<meta name=\"description\" content=\"Filehoster FileJoker ile ilgili t\u00fcm \u00f6nemli bilgileri size sunmaktay\u0131z ve size \u00fccretsiz olarak hangi \u00f6zellikleri kullanabilece\u011finizi ve bir \u00fccret kar\u015f\u0131l\u0131\u011f\u0131nda kullanabileceklerinizi size g\u00f6stermekteyiz.\" \/>\n<meta name=\"robots\" content=\"index, follow, max-snippet:-1, max-image-preview:large, max-video-preview:-1\" \/>\n<link rel=\"canonical\" href=\"https:\/\/multihoster.org\/tr\/filejoker\/\" \/>\n<meta property=\"og:locale\" content=\"tr_TR\" \/>\n<meta property=\"og:type\" content=\"article\" \/>\n<meta property=\"og:title\" content=\"lll \u25b7 FileJoker Premium Hesap sayg\u0131n m\u0131, de\u011fil mi? Multihoster.org \u00fczerinde test\" \/>\n<meta property=\"og:description\" content=\"Filehoster FileJoker ile ilgili t\u00fcm \u00f6nemli bilgileri size sunmaktay\u0131z ve size \u00fccretsiz olarak hangi \u00f6zellikleri kullanabilece\u011finizi ve bir \u00fccret kar\u015f\u0131l\u0131\u011f\u0131nda kullanabileceklerinizi size g\u00f6stermekteyiz.\" \/>\n<meta property=\"og:url\" content=\"https:\/\/multihoster.org\/tr\/filejoker\/\" \/>\n<meta property=\"og:site_name\" content=\"Multihoster.org\" \/>\n<meta property=\"article:modified_time\" content=\"2019-03-18T21:56:57+00:00\" \/>\n<meta property=\"og:image\" content=\"https:\/\/multihoster.org\/wp-content\/uploads\/2018\/09\/logo-300x72.png\" \/>\n<meta name=\"twitter:card\" content=\"summary\" \/>\n<meta name=\"twitter:label1\" content=\"Tahmini okuma s\u00fcresi\" \/>\n\t<meta name=\"twitter:data1\" content=\"5 dakika\" \/>\n<script type=\"application\/ld+json\" class=\"yoast-schema-graph\">{\"@context\":\"https:\/\/schema.org\",\"@graph\":[{\"@type\":\"WebSite\",\"@id\":\"https:\/\/multihoster.org\/#website\",\"url\":\"https:\/\/multihoster.org\/\",\"name\":\"Multihoster.org\",\"description\":\"Reviews of the major Filehosting services\",\"potentialAction\":[{\"@type\":\"SearchAction\",\"target\":{\"@type\":\"EntryPoint\",\"urlTemplate\":\"https:\/\/multihoster.org\/?s={search_term_string}\"},\"query-input\":\"required name=search_term_string\"}],\"inLanguage\":\"tr\"},{\"@type\":\"ImageObject\",\"@id\":\"https:\/\/multihoster.org\/tr\/filejoker\/#primaryimage\",\"inLanguage\":\"tr\",\"url\":\"https:\/\/multihoster.org\/wp-content\/uploads\/2018\/09\/logo.png\",\"contentUrl\":\"https:\/\/multihoster.org\/wp-content\/uploads\/2018\/09\/logo.png\",\"width\":419,\"height\":100,\"caption\":\"logo\"},{\"@type\":\"WebPage\",\"@id\":\"https:\/\/multihoster.org\/tr\/filejoker\/#webpage\",\"url\":\"https:\/\/multihoster.org\/tr\/filejoker\/\",\"name\":\"lll \u25b7 FileJoker Premium Hesap sayg\u0131n m\u0131, de\u011fil mi? Multihoster.org \u00fczerinde test\",\"isPartOf\":{\"@id\":\"https:\/\/multihoster.org\/#website\"},\"primaryImageOfPage\":{\"@id\":\"https:\/\/multihoster.org\/tr\/filejoker\/#primaryimage\"},\"datePublished\":\"2018-09-28T06:39:40+00:00\",\"dateModified\":\"2019-03-18T21:56:57+00:00\",\"description\":\"Filehoster FileJoker ile ilgili t\u00fcm \u00f6nemli bilgileri size sunmaktay\u0131z ve size \u00fccretsiz olarak hangi \u00f6zellikleri kullanabilece\u011finizi ve bir \u00fccret kar\u015f\u0131l\u0131\u011f\u0131nda kullanabileceklerinizi size g\u00f6stermekteyiz.\",\"breadcrumb\":{\"@id\":\"https:\/\/multihoster.org\/tr\/filejoker\/#breadcrumb\"},\"inLanguage\":\"tr\",\"potentialAction\":[{\"@type\":\"ReadAction\",\"target\":[\"https:\/\/multihoster.org\/tr\/filejoker\/\"]}]},{\"@type\":\"BreadcrumbList\",\"@id\":\"https:\/\/multihoster.org\/tr\/filejoker\/#breadcrumb\",\"itemListElement\":[{\"@type\":\"ListItem\",\"position\":1,\"name\":\"Startseite\",\"item\":\"https:\/\/multihoster.org\/tr\/\"},{\"@type\":\"ListItem\",\"position\":2,\"name\":\"FileJoker Premium Hesab\u0131 &#8211; Bir bak\u0131\u015fta ev sahibi\"}]}]}<\/script>\n<!-- \/ Yoast SEO plugin. -->","yoast_head_json":{"title":"lll \u25b7 FileJoker Premium Hesap sayg\u0131n m\u0131, de\u011fil mi? Multihoster.org \u00fczerinde test","description":"Filehoster FileJoker ile ilgili t\u00fcm \u00f6nemli bilgileri size sunmaktay\u0131z ve size \u00fccretsiz olarak hangi \u00f6zellikleri kullanabilece\u011finizi ve bir \u00fccret kar\u015f\u0131l\u0131\u011f\u0131nda kullanabileceklerinizi size g\u00f6stermekteyiz.","robots":{"index":"index","follow":"follow","max-snippet":"max-snippet:-1","max-image-preview":"max-image-preview:large","max-video-preview":"max-video-preview:-1"},"canonical":"https:\/\/multihoster.org\/tr\/filejoker\/","og_locale":"tr_TR","og_type":"article","og_title":"lll \u25b7 FileJoker Premium Hesap sayg\u0131n m\u0131, de\u011fil mi? Multihoster.org \u00fczerinde test","og_description":"Filehoster FileJoker ile ilgili t\u00fcm \u00f6nemli bilgileri size sunmaktay\u0131z ve size \u00fccretsiz olarak hangi \u00f6zellikleri kullanabilece\u011finizi ve bir \u00fccret kar\u015f\u0131l\u0131\u011f\u0131nda kullanabileceklerinizi size g\u00f6stermekteyiz.","og_url":"https:\/\/multihoster.org\/tr\/filejoker\/","og_site_name":"Multihoster.org","article_modified_time":"2019-03-18T21:56:57+00:00","og_image":[{"url":"https:\/\/multihoster.org\/wp-content\/uploads\/2018\/09\/logo-300x72.png"}],"twitter_card":"summary","twitter_misc":{"Tahmini okuma s\u00fcresi":"5 dakika"},"schema":{"@context":"https:\/\/schema.org","@graph":[{"@type":"WebSite","@id":"https:\/\/multihoster.org\/#website","url":"https:\/\/multihoster.org\/","name":"Multihoster.org","description":"Reviews of the major Filehosting services","potentialAction":[{"@type":"SearchAction","target":{"@type":"EntryPoint","urlTemplate":"https:\/\/multihoster.org\/?s={search_term_string}"},"query-input":"required name=search_term_string"}],"inLanguage":"tr"},{"@type":"ImageObject","@id":"https:\/\/multihoster.org\/tr\/filejoker\/#primaryimage","inLanguage":"tr","url":"https:\/\/multihoster.org\/wp-content\/uploads\/2018\/09\/logo.png","contentUrl":"https:\/\/multihoster.org\/wp-content\/uploads\/2018\/09\/logo.png","width":419,"height":100,"caption":"logo"},{"@type":"WebPage","@id":"https:\/\/multihoster.org\/tr\/filejoker\/#webpage","url":"https:\/\/multihoster.org\/tr\/filejoker\/","name":"lll \u25b7 FileJoker Premium Hesap sayg\u0131n m\u0131, de\u011fil mi? Multihoster.org \u00fczerinde test","isPartOf":{"@id":"https:\/\/multihoster.org\/#website"},"primaryImageOfPage":{"@id":"https:\/\/multihoster.org\/tr\/filejoker\/#primaryimage"},"datePublished":"2018-09-28T06:39:40+00:00","dateModified":"2019-03-18T21:56:57+00:00","description":"Filehoster FileJoker ile ilgili t\u00fcm \u00f6nemli bilgileri size sunmaktay\u0131z ve size \u00fccretsiz olarak hangi \u00f6zellikleri kullanabilece\u011finizi ve bir \u00fccret kar\u015f\u0131l\u0131\u011f\u0131nda kullanabileceklerinizi size g\u00f6stermekteyiz.","breadcrumb":{"@id":"https:\/\/multihoster.org\/tr\/filejoker\/#breadcrumb"},"inLanguage":"tr","potentialAction":[{"@type":"ReadAction","target":["https:\/\/multihoster.org\/tr\/filejoker\/"]}]},{"@type":"BreadcrumbList","@id":"https:\/\/multihoster.org\/tr\/filejoker\/#breadcrumb","itemListElement":[{"@type":"ListItem","position":1,"name":"Startseite","item":"https:\/\/multihoster.org\/tr\/"},{"@type":"ListItem","position":2,"name":"FileJoker Premium Hesab\u0131 &#8211; Bir bak\u0131\u015fta ev sahibi"}]}]}},"_links":{"self":[{"href":"https:\/\/multihoster.org\/tr\/wp-json\/wp\/v2\/pages\/1560"}],"collection":[{"href":"https:\/\/multihoster.org\/tr\/wp-json\/wp\/v2\/pages"}],"about":[{"href":"https:\/\/multihoster.org\/tr\/wp-json\/wp\/v2\/types\/page"}],"author":[{"embeddable":true,"href":"https:\/\/multihoster.org\/tr\/wp-json\/wp\/v2\/users\/2"}],"replies":[{"embeddable":true,"href":"https:\/\/multihoster.org\/tr\/wp-json\/wp\/v2\/comments?post=1560"}],"version-history":[{"count":3,"href":"https:\/\/multihoster.org\/tr\/wp-json\/wp\/v2\/pages\/1560\/revisions"}],"predecessor-version":[{"id":2158,"href":"https:\/\/multihoster.org\/tr\/wp-json\/wp\/v2\/pages\/1560\/revisions\/2158"}],"wp:attachment":[{"href":"https:\/\/multihoster.org\/tr\/wp-json\/wp\/v2\/media?parent=1560"}],"curies":[{"name":"wp","href":"https:\/\/api.w.org\/{rel}","templated":true}]}}