{"id":1606,"date":"2018-10-01T05:18:21","date_gmt":"2018-10-01T05:18:21","guid":{"rendered":"https:\/\/multihoster.org\/?page_id=1606"},"modified":"2018-10-04T14:23:45","modified_gmt":"2018-10-04T14:23:45","slug":"offcloud","status":"publish","type":"page","link":"https:\/\/multihoster.org\/tr\/offcloud\/","title":{"rendered":"Offcloud &#8211; \u00d6zetle Multihoster"},"content":{"rendered":"<p><img loading=\"lazy\" class=\"wp-image-1573 alignleft\" src=\"https:\/\/multihoster.org\/wp-content\/uploads\/2018\/10\/logo.png\" alt=\"logo\" width=\"263\" height=\"110\" srcset=\"https:\/\/multihoster.org\/wp-content\/uploads\/2018\/10\/logo.png 410w, https:\/\/multihoster.org\/wp-content\/uploads\/2018\/10\/logo-300x125.png 300w\" sizes=\"(max-width: 263px) 100vw, 263px\" \/><span id=\"result_box\" class=\"\" lang=\"tr\">Offcloud Multihoster, \u00e7e\u015fitli dosyalar\u0131 indirme ve istenilen dosyalar\u0131 bulutta indirme olana\u011f\u0131 sunar. Ayr\u0131ca bulutta yedek olu\u015fturabilir, API ve d\u00fczinelerce ba\u015fka arac\u0131 kullanabilirsiniz. <span class=\"\">\u00dccretsiz s\u00fcr\u00fcm ve Offcloud premium hesab\u0131 aras\u0131nda se\u00e7im yapabilirsiniz.<\/span><\/span><\/p>\n<p><span data-darkreader-inline-color=\"\"><span id=\"result_box\" class=\"\" lang=\"tr\">Offcloud, \u00e7ok say\u0131da web sitesini destekleyen ve bu nedenle \u00e7ok eksiksiz bir hizmet sunan bulutta bir indirme y\u00f6neticisi olarak hareket eder. <span class=\"\">Buluttaki desteklenen web siteleri aras\u0131nda 1 dosya dosyas\u0131 bulunur.<\/span><\/span> <a href=\"https:\/\/multihoster.org\/de\/rapidgator\/\" target=\"_blank\" rel=\"noopener\">Rapidgator<\/a> <span id=\"result_box\" class=\"short_text\" lang=\"tr\"><span class=\"\">de<\/span><\/span> <a href=\"https:\/\/multihoster.org\/de\/filefactory\/\" target=\"_blank\" rel=\"noopener\">FileFactory<\/a> <span id=\"result_box\" class=\"\" lang=\"tr\">ve daha fazlas\u0131. Ayr\u0131ca Soundcloud ve Youtube&#8217;dan Vimeo&#8217;ya ve tan\u0131nm\u0131\u015f erotik hizmetlere kadar bir\u00e7ok yay\u0131n servis sa\u011flay\u0131c\u0131s\u0131n\u0131 da destekliyoruz. <span class=\"\">Offcloud&#8217;u test ettik ve do\u011frulad\u0131k.<\/span> <span class=\"\">A\u015fa\u011f\u0131da daha fazla bilgi ve deneyimimizi Offcloud ile bulacaks\u0131n\u0131z.<\/span><\/span><br \/>\n<\/span><\/p>\n<h2><strong><span id=\"result_box\" class=\"short_text\" lang=\"tr\"><span class=\"\">Tedarik\u00e7inin olumlu \u00f6zellikleri<\/span><\/span><\/strong><\/h2>\n<ul>\n<li><span id=\"result_box\" class=\"\" lang=\"tr\">\u00dccretsiz ve Premium hesap<\/span><\/li>\n<li><span id=\"result_box\" class=\"\" lang=\"tr\">\u00e7ok \u00e7e\u015fitli desteklenen siteler<\/span><\/li>\n<li><span id=\"result_box\" class=\"\" lang=\"tr\">\u00e7e\u015fitli ara\u00e7lar ve uzant\u0131lar<\/span><\/li>\n<li><span id=\"result_box\" class=\"\" lang=\"tr\"><span class=\"\">anonim \u00f6deme y\u00f6ntemleri<\/span><\/span><\/li>\n<li><span id=\"result_box\" class=\"\" lang=\"tr\"><span class=\"\">Temiz, kullan\u0131m\u0131 kolay tasar\u0131m<\/span><\/span><\/li>\n<\/ul>\n<h2><span data-darkreader-inline-color=\"\"><span id=\"result_box\" class=\"short_text\" lang=\"tr\"><span class=\"\">Bir bak\u0131\u015fta t\u00fcm Offcloud teklifi<\/span><\/span><\/span><\/h2>\n<p><span id=\"result_box\" class=\"\" lang=\"tr\">\u0130lk \u00f6nce Offcloud servisini denemek isterseniz, \u00fccretsiz bir hesap olu\u015fturabilirsiniz. Bu se\u00e7enek do\u011frudan e-posta adresinizi girmeniz gereken tek bir t\u0131klamayla kay\u0131t i\u015flemini tamamlayaca\u011f\u0131n\u0131z ana sayfada bulunabilir. Tedarik\u00e7iden bir e-posta alacaks\u0131n\u0131z ve hesab\u0131n\u0131z i\u00e7in bir \u015fifre belirleyebileceksiniz.<\/p>\n<p>Maksimum hizmet yelpazesinden yararlanmak istiyorsan\u0131z, hesab\u0131n\u0131z\u0131 Premium Offcloud hesab\u0131na y\u00fckseltebilir ve d\u00f6rt \u00fccretten birini kapatabilirsiniz. <span class=\"\">Burada bir aydan bir y\u0131la kadar bir s\u00fcre i\u00e7in oranlar\u0131 se\u00e7ebilirsiniz.<\/span><\/span><\/p>\n<h2><span id=\"result_box\" class=\"short_text\" lang=\"tr\"><span class=\"\">Bonus teklifleri<\/span><\/span><\/h2>\n<p><span data-darkreader-inline-color=\"\"><span id=\"result_box\" class=\"\" lang=\"tr\"><span class=\"\">Paketleme teklifleri alan\u0131nda, bulut bili\u015fim i\u00e7in iki uygulama vard\u0131r &#8211;<\/span><\/span> <a href=\"https:\/\/chrome.google.com\/webstore\/detail\/offcloudcom-extension\/mhenombkbjeannffjnhcnelokhkfndch\" target=\"_blank\" rel=\"noopener\">Offcloud f\u00fcr Google Chrome<\/a> <span id=\"result_box\" class=\"\" lang=\"tr\">ve Google Drive i\u00e7in Offcloud. <span class=\"\">Ayr\u0131ca, Google Chrome, Opera, Firefox, Safari ve Edge taraf\u0131ndan desteklenen pratik taray\u0131c\u0131 uzant\u0131lar\u0131 bulunmaktad\u0131r.<\/span> Ek olarak, iki otomasyon arac\u0131 ve \u00fc\u00e7 pano indirme y\u00f6neticisi vard\u0131r. <span class=\"\">Genel olarak, Offcloud \u00fccretsiz bir hesapla birlikte kullan\u0131labilecek \u00e7ok \u00e7e\u015fitli bonus teklifleri sunmaktad\u0131r.<\/span><\/span><br \/>\n<\/span><\/p>\n<p><span id=\"result_box\" class=\"\" lang=\"tr\">Bir tedarik\u00e7iyi reklam vererek ve yeni m\u00fc\u015fteriler edinerek, \u00fccretsiz bir premium hesap sat\u0131n almak i\u00e7in kullan\u0131labilecek kredi kuponlar\u0131 da alabilirsiniz. Paypal veya Bitcoin kullanarak \u00f6denen do\u011frudan komisyon da kazanabilirsiniz. <span class=\"\">Tek yapmalar\u0131 gereken, ki\u015fisel bir y\u00f6nlendirme ba\u011flant\u0131s\u0131 sa\u011flamak ve tedarik\u00e7inin web sitesini ba\u011flant\u0131 yoluyla ziyaret etmesini ve bir hesap olu\u015fturmas\u0131n\u0131 beklemek.<\/span><\/span><\/p>\n<h2><span data-darkreader-inline-color=\"\"><span id=\"result_box\" class=\"short_text\" lang=\"tr\"><span class=\"\">Maliyetler ve \u00f6deme y\u00f6ntemleri<\/span><\/span><\/span><\/h2>\n<p><span data-darkreader-inline-color=\"\"><span id=\"result_box\" class=\"\" lang=\"tr\">Kay\u0131t i\u00e7in \u00f6deme yapmak i\u00e7in birka\u00e7 prosed\u00fcr\u00fcn\u00fcz vard\u0131r. \u00d6rne\u011fin, kredi kart\u0131, Paypal veya Alipay ile \u00f6deme yapabilirsiniz. \u00d6deme hizmeti sa\u011flay\u0131c\u0131lar\u0131 Alipay, UnionPay ve Neosurf, WebMoney ve daha fazlas\u0131 da mevcuttur. <span class=\"\">Hesab\u0131 anonim olarak \u00f6demek isterseniz, Bitcoin veya Paysafe \u00f6deme y\u00f6ntemlerini kullanabilirsiniz.<\/span><\/span><\/span><\/p>\n<p><strong>\n<table id=\"tablepress-122\" class=\"tablepress tablepress-id-122\">\n<thead>\n<tr class=\"row-1 odd\">\n\t<th class=\"column-1\">\u0130yi Kit<\/th><th class=\"column-2\">Faydal\u0131 \u0130\u015f Orta\u011f\u0131<\/th>\n<\/tr>\n<\/thead>\n<tbody class=\"row-hover\">\n<tr class=\"row-2 even\">\n\t<td class=\"column-1\">1 ay<\/td><td class=\"column-2\">1 y\u0131l<\/td>\n<\/tr>\n<tr class=\"row-3 odd\">\n\t<td class=\"column-1\">9,99 $<\/td><td class=\"column-2\">59,99 $<\/td>\n<\/tr>\n<\/tbody>\n<\/table>\n<!-- #tablepress-122 from cache --><\/strong><\/p>\n<p><img loading=\"lazy\" class=\"alignnone size-full wp-image-1473\" src=\"https:\/\/multihoster.org\/wp-content\/uploads\/2018\/09\/prices-2.png\" alt=\"prices\" width=\"844\" height=\"280\" srcset=\"https:\/\/multihoster.org\/wp-content\/uploads\/2018\/09\/prices-2.png 844w, https:\/\/multihoster.org\/wp-content\/uploads\/2018\/09\/prices-2-300x100.png 300w, https:\/\/multihoster.org\/wp-content\/uploads\/2018\/09\/prices-2-768x255.png 768w\" sizes=\"(max-width: 844px) 100vw, 844px\" \/><\/p>\n<h2><span data-darkreader-inline-color=\"\"><span id=\"result_box\" class=\"short_text\" lang=\"tr\"><span class=\"\">Gizlilik politikas\u0131<\/span><\/span><\/span><\/h2>\n<p><span id=\"result_box\" class=\"\" lang=\"tr\">Offcloud sa\u011flay\u0131c\u0131s\u0131, verileri g\u00fcvenli ve g\u00fcvenilir bir \u015fekilde i\u015flemeye mecburdur. Kay\u0131t s\u0131ras\u0131nda sa\u011flanan e-posta adresi ve isim gibi ki\u015fisel veriler, di\u011ferleri aras\u0131nda kay\u0131tl\u0131d\u0131r. Ayr\u0131ca, demografik veriler, bir ki\u015fiye do\u011frudan referans verilmeksizin anonim olarak ge\u00e7irilen i\u015f s\u00fcre\u00e7lerini optimize etmek i\u00e7in kullan\u0131labilir. Raporlanan finansal veriler sadece planlanan s\u00fcre\u00e7ler i\u00e7in kullan\u0131l\u0131r. <span class=\"\">\u00c7erezler ayr\u0131ca kullan\u0131c\u0131 deneyimini geli\u015ftirmek i\u00e7in de kullan\u0131labilir.<\/span><\/span><\/p>\n<h2><span data-darkreader-inline-color=\"\"><span id=\"result_box\" class=\"short_text\" lang=\"tr\"><span class=\"\">M\u00fc\u015fteri hizmetleri<\/span><\/span><\/span><\/h2>\n<p><span data-darkreader-inline-color=\"\"><span id=\"result_box\" class=\"\" lang=\"tr\">Offcloud servisi ile ilgili sorular\u0131n\u0131z varsa, Destek men\u00fcs\u00fc se\u00e7ene\u011finde hesab\u0131n\u0131zda bir bilet a\u00e7abilirsiniz. Bu ama\u00e7la, \u00f6nce ham nesneyi ve sonra tam talebi a\u00e7\u0131klayabiliriz. Ayr\u0131ca Twitter \u00fczerinden Offcloud deste\u011fiyle ileti\u015fime ge\u00e7ebilirsiniz. <span class=\"\">M\u00fc\u015fteri hizmetlerine ba\u015fvurmadan \u00f6nce, sorunuza do\u011fru cevab\u0131 bulmak i\u00e7in a\u015fa\u011f\u0131daki s\u0131k sorulan sorular\u0131 da arayabilirsiniz.<\/span> Kapsaml\u0131 Offcloud deneyimi sayesinde, burada bir\u00e7ok sorun \u00e7\u00f6z\u00fclebilir.<\/span><\/span><\/p>\n<h2><span data-darkreader-inline-color=\"\"><span id=\"result_box\" class=\"short_text\" lang=\"tr\"><span class=\"\">Kullan\u0131m kolayl\u0131\u011f\u0131<\/span><\/span><\/span><\/h2>\n<p><span id=\"result_box\" class=\"\" lang=\"tr\">Offcloud testinde, kullan\u0131m kolayl\u0131\u011f\u0131 hakk\u0131nda net bir \u015fekilde bilgi edinebilirsiniz. Site a\u00e7\u0131k\u00e7a d\u00fczenlenmi\u015ftir ve \u00fccretsiz bir hesap i\u00e7in kay\u0131t, ana sayfada birka\u00e7 saniye i\u00e7inde ger\u00e7ekle\u015fir. Fiyatlar ve hizmetler hakk\u0131nda daha ayr\u0131nt\u0131l\u0131 bilgi kolayca mevcuttur.<\/p>\n<p>Giri\u015f yapt\u0131ktan sonra, hizmetin bir par\u00e7as\u0131 olarak sayfan\u0131n sol taraf\u0131ndaki Anl\u0131k, Bulut ve Uzak sekmeler aras\u0131nda se\u00e7im yapabilirsiniz. <span class=\"\">Anl\u0131k G\u00f6r\u00fcnt\u00fc sekmesinde, birden \u00e7ok dosyay\u0131 an\u0131nda y\u00fckleyebilir veya indirebilirsiniz, Bulut sekmesi, dosyalar\u0131 Internet&#8217;te ge\u00e7ici olarak depolaman\u0131za olanak tan\u0131r ve uzak y\u00fckleme \u00f6zelli\u011fi, yaln\u0131zca uzak bir hesap olu\u015fturmay\u0131 gerektiren herhangi bir dosyay\u0131 indirmenize izin verir.<\/span> <span class=\"\">Hesab\u0131n sol taraf\u0131nda ayr\u0131ca Ma\u011fazalar, Destek, Hesaplar ve Uygulamalar ve Ortaklar alt sayfalar\u0131n\u0131 bulacaks\u0131n\u0131z.<\/span> <span class=\"\">Genel olarak, Offcloud testimiz servisin basit ve kullan\u0131m\u0131 kolay oldu\u011funu g\u00f6sterir &#8211; genel olarak, sadece Offcloud sa\u011flay\u0131c\u0131s\u0131 ile olumlu deneyimlerimiz vard\u0131r.<\/span><\/span><\/p>\n<h2><span data-darkreader-inline-color=\"\"><span id=\"result_box\" class=\"short_text\" lang=\"tr\"><span class=\"\">Offcloud premium hesab\u0131n\u0131n avantajlar\u0131<\/span><\/span><\/span><\/h2>\n<p><span data-darkreader-inline-color=\"\"><span id=\"result_box\" class=\"\" lang=\"tr\">Premium Offcloud hesab\u0131yla, s\u0131n\u0131rs\u0131z ba\u011flant\u0131 olu\u015fturmay\u0131 kullanabilir ve Premium Filehoster ve streaming video sayfalar\u0131na eri\u015febilirsiniz. BitTorrent linklerini ve m\u0131knat\u0131slar\u0131 da kullanabilirsiniz. Proxy sunucusunun s\u0131n\u0131rs\u0131z bant geni\u015fli\u011fine, s\u0131n\u0131rs\u0131z miktarda bulut depolama alan\u0131na ve istedi\u011finiz say\u0131da uzak dosyaya sahip olursunuz. <span class=\"\">Ayr\u0131ca, PDF dosyalar\u0131n\u0131 indirme se\u00e7ene\u011fine de sahipsiniz.<\/span><\/span> <a href=\"http:\/\/www.goer.org\/HTML\/\" target=\"_blank\" rel=\"noopener\">PocketHTML<\/a> <span id=\"result_box\" class=\"short_text\" lang=\"tr\"><span class=\"\">d\u00f6n\u00fc\u015ft\u00fcrme.<\/span><\/span><br \/>\n<\/span><\/p>\n<h2><span data-darkreader-inline-color=\"\"><span id=\"result_box\" class=\"short_text\" lang=\"tr\"><span class=\"\">Offcloud servis sa\u011flay\u0131c\u0131m\u0131z i\u00e7in taleplerimiz<\/span><\/span><\/span><\/h2>\n<p><span data-darkreader-inline-color=\"\"><span id=\"result_box\" class=\"\" lang=\"tr\">Genel olarak, Offcloud \u00fccretsiz olarak test edilebilecek \u00e7ok ilgin\u00e7 ve eksiksiz bir teklif sunar. T\u00fcm tedarik\u00e7i hizmetlerini kullanmak istiyorsan\u0131z, Premium abonelik sat\u0131n alabilirsiniz. Bir Premium hesap i\u00e7in \u00f6deme yapmak i\u00e7in, iki anonim \u00f6deme s\u00fcreci dahil olmak \u00fczere farkl\u0131 \u00f6deme y\u00f6ntemleri aras\u0131nda se\u00e7im yapabilirsiniz. Testte, Offcloud Multihoster olduk\u00e7a ikna edici. <span class=\"\">Web sitesi t\u00fcm fonksiyonlar\u0131n ve bilgilerin h\u0131zl\u0131 bir \u015fekilde g\u00f6r\u00fclebilmesi i\u00e7in yap\u0131land\u0131r\u0131lm\u0131\u015ft\u0131r.<\/span> <span class=\"\">Ayr\u0131ca bir\u00e7ok kullan\u0131\u015fl\u0131 ara\u00e7 ve uzant\u0131 bulacaks\u0131n\u0131z.<\/span> <span class=\"\">\u00dccretsiz bir hesapla kendi bulut deneyiminizi kolayca olu\u015fturabilir ve isterseniz t\u00fcm olas\u0131l\u0131klar\u0131 olan bir premium hesap se\u00e7ebilirsiniz.<\/span><\/span><\/span><\/p>\n","protected":false},"excerpt":{"rendered":"<p>Offcloud Multihoster, \u00e7e\u015fitli dosyalar\u0131 indirme ve istenilen dosyalar\u0131 bulutta indirme olana\u011f\u0131 sunar. Ayr\u0131ca bulutta yedek olu\u015fturabilir, API ve d\u00fczinelerce ba\u015fka<\/p>\n","protected":false},"author":2,"featured_media":0,"parent":0,"menu_order":0,"comment_status":"closed","ping_status":"closed","template":"","meta":[],"yoast_head":"<!-- This site is optimized with the Yoast SEO plugin v18.3 - https:\/\/yoast.com\/wordpress\/plugins\/seo\/ -->\n<title>lll \u25b7 offcloud sayg\u0131n m\u0131, de\u011fil mi? Multihoster.org \u00fczerinde +++ test<\/title>\n<meta name=\"description\" content=\"Multihoster Offcloud&#039;un sizin i\u00e7in do\u011fru se\u00e7im olup olmad\u0131\u011f\u0131n\u0131 m\u0131 merak ediyorsunuz? Sa\u011flay\u0131c\u0131y\u0131 mikroskop alt\u0131nda ald\u0131k ve deneyimlerimizi sizlerle payla\u015fmaktan ho\u015fland\u0131k.\" \/>\n<meta name=\"robots\" content=\"index, follow, max-snippet:-1, max-image-preview:large, max-video-preview:-1\" \/>\n<link rel=\"canonical\" href=\"https:\/\/multihoster.org\/tr\/offcloud\/\" \/>\n<meta property=\"og:locale\" content=\"tr_TR\" \/>\n<meta property=\"og:type\" content=\"article\" \/>\n<meta property=\"og:title\" content=\"lll \u25b7 offcloud sayg\u0131n m\u0131, de\u011fil mi? Multihoster.org \u00fczerinde +++ test\" \/>\n<meta property=\"og:description\" content=\"Multihoster Offcloud&#039;un sizin i\u00e7in do\u011fru se\u00e7im olup olmad\u0131\u011f\u0131n\u0131 m\u0131 merak ediyorsunuz? Sa\u011flay\u0131c\u0131y\u0131 mikroskop alt\u0131nda ald\u0131k ve deneyimlerimizi sizlerle payla\u015fmaktan ho\u015fland\u0131k.\" \/>\n<meta property=\"og:url\" content=\"https:\/\/multihoster.org\/tr\/offcloud\/\" \/>\n<meta property=\"og:site_name\" content=\"Multihoster.org\" \/>\n<meta property=\"article:modified_time\" content=\"2018-10-04T14:23:45+00:00\" \/>\n<meta property=\"og:image\" content=\"https:\/\/multihoster.org\/wp-content\/uploads\/2018\/10\/logo.png\" \/>\n<meta name=\"twitter:card\" content=\"summary\" \/>\n<meta name=\"twitter:label1\" content=\"Tahmini okuma s\u00fcresi\" \/>\n\t<meta name=\"twitter:data1\" content=\"5 dakika\" \/>\n<script type=\"application\/ld+json\" class=\"yoast-schema-graph\">{\"@context\":\"https:\/\/schema.org\",\"@graph\":[{\"@type\":\"WebSite\",\"@id\":\"https:\/\/multihoster.org\/#website\",\"url\":\"https:\/\/multihoster.org\/\",\"name\":\"Multihoster.org\",\"description\":\"Reviews of the major Filehosting services\",\"potentialAction\":[{\"@type\":\"SearchAction\",\"target\":{\"@type\":\"EntryPoint\",\"urlTemplate\":\"https:\/\/multihoster.org\/?s={search_term_string}\"},\"query-input\":\"required name=search_term_string\"}],\"inLanguage\":\"tr\"},{\"@type\":\"ImageObject\",\"@id\":\"https:\/\/multihoster.org\/tr\/offcloud\/#primaryimage\",\"inLanguage\":\"tr\",\"url\":\"https:\/\/multihoster.org\/wp-content\/uploads\/2018\/10\/logo.png\",\"contentUrl\":\"https:\/\/multihoster.org\/wp-content\/uploads\/2018\/10\/logo.png\",\"width\":410,\"height\":171,\"caption\":\"logo\"},{\"@type\":\"WebPage\",\"@id\":\"https:\/\/multihoster.org\/tr\/offcloud\/#webpage\",\"url\":\"https:\/\/multihoster.org\/tr\/offcloud\/\",\"name\":\"lll \u25b7 offcloud sayg\u0131n m\u0131, de\u011fil mi? Multihoster.org \u00fczerinde +++ test\",\"isPartOf\":{\"@id\":\"https:\/\/multihoster.org\/#website\"},\"primaryImageOfPage\":{\"@id\":\"https:\/\/multihoster.org\/tr\/offcloud\/#primaryimage\"},\"datePublished\":\"2018-10-01T05:18:21+00:00\",\"dateModified\":\"2018-10-04T14:23:45+00:00\",\"description\":\"Multihoster Offcloud'un sizin i\u00e7in do\u011fru se\u00e7im olup olmad\u0131\u011f\u0131n\u0131 m\u0131 merak ediyorsunuz? Sa\u011flay\u0131c\u0131y\u0131 mikroskop alt\u0131nda ald\u0131k ve deneyimlerimizi sizlerle payla\u015fmaktan ho\u015fland\u0131k.\",\"breadcrumb\":{\"@id\":\"https:\/\/multihoster.org\/tr\/offcloud\/#breadcrumb\"},\"inLanguage\":\"tr\",\"potentialAction\":[{\"@type\":\"ReadAction\",\"target\":[\"https:\/\/multihoster.org\/tr\/offcloud\/\"]}]},{\"@type\":\"BreadcrumbList\",\"@id\":\"https:\/\/multihoster.org\/tr\/offcloud\/#breadcrumb\",\"itemListElement\":[{\"@type\":\"ListItem\",\"position\":1,\"name\":\"Startseite\",\"item\":\"https:\/\/multihoster.org\/tr\/\"},{\"@type\":\"ListItem\",\"position\":2,\"name\":\"Offcloud &#8211; \u00d6zetle Multihoster\"}]}]}<\/script>\n<!-- \/ Yoast SEO plugin. -->","yoast_head_json":{"title":"lll \u25b7 offcloud sayg\u0131n m\u0131, de\u011fil mi? Multihoster.org \u00fczerinde +++ test","description":"Multihoster Offcloud'un sizin i\u00e7in do\u011fru se\u00e7im olup olmad\u0131\u011f\u0131n\u0131 m\u0131 merak ediyorsunuz? Sa\u011flay\u0131c\u0131y\u0131 mikroskop alt\u0131nda ald\u0131k ve deneyimlerimizi sizlerle payla\u015fmaktan ho\u015fland\u0131k.","robots":{"index":"index","follow":"follow","max-snippet":"max-snippet:-1","max-image-preview":"max-image-preview:large","max-video-preview":"max-video-preview:-1"},"canonical":"https:\/\/multihoster.org\/tr\/offcloud\/","og_locale":"tr_TR","og_type":"article","og_title":"lll \u25b7 offcloud sayg\u0131n m\u0131, de\u011fil mi? Multihoster.org \u00fczerinde +++ test","og_description":"Multihoster Offcloud'un sizin i\u00e7in do\u011fru se\u00e7im olup olmad\u0131\u011f\u0131n\u0131 m\u0131 merak ediyorsunuz? Sa\u011flay\u0131c\u0131y\u0131 mikroskop alt\u0131nda ald\u0131k ve deneyimlerimizi sizlerle payla\u015fmaktan ho\u015fland\u0131k.","og_url":"https:\/\/multihoster.org\/tr\/offcloud\/","og_site_name":"Multihoster.org","article_modified_time":"2018-10-04T14:23:45+00:00","og_image":[{"url":"https:\/\/multihoster.org\/wp-content\/uploads\/2018\/10\/logo.png"}],"twitter_card":"summary","twitter_misc":{"Tahmini okuma s\u00fcresi":"5 dakika"},"schema":{"@context":"https:\/\/schema.org","@graph":[{"@type":"WebSite","@id":"https:\/\/multihoster.org\/#website","url":"https:\/\/multihoster.org\/","name":"Multihoster.org","description":"Reviews of the major Filehosting services","potentialAction":[{"@type":"SearchAction","target":{"@type":"EntryPoint","urlTemplate":"https:\/\/multihoster.org\/?s={search_term_string}"},"query-input":"required name=search_term_string"}],"inLanguage":"tr"},{"@type":"ImageObject","@id":"https:\/\/multihoster.org\/tr\/offcloud\/#primaryimage","inLanguage":"tr","url":"https:\/\/multihoster.org\/wp-content\/uploads\/2018\/10\/logo.png","contentUrl":"https:\/\/multihoster.org\/wp-content\/uploads\/2018\/10\/logo.png","width":410,"height":171,"caption":"logo"},{"@type":"WebPage","@id":"https:\/\/multihoster.org\/tr\/offcloud\/#webpage","url":"https:\/\/multihoster.org\/tr\/offcloud\/","name":"lll \u25b7 offcloud sayg\u0131n m\u0131, de\u011fil mi? Multihoster.org \u00fczerinde +++ test","isPartOf":{"@id":"https:\/\/multihoster.org\/#website"},"primaryImageOfPage":{"@id":"https:\/\/multihoster.org\/tr\/offcloud\/#primaryimage"},"datePublished":"2018-10-01T05:18:21+00:00","dateModified":"2018-10-04T14:23:45+00:00","description":"Multihoster Offcloud'un sizin i\u00e7in do\u011fru se\u00e7im olup olmad\u0131\u011f\u0131n\u0131 m\u0131 merak ediyorsunuz? Sa\u011flay\u0131c\u0131y\u0131 mikroskop alt\u0131nda ald\u0131k ve deneyimlerimizi sizlerle payla\u015fmaktan ho\u015fland\u0131k.","breadcrumb":{"@id":"https:\/\/multihoster.org\/tr\/offcloud\/#breadcrumb"},"inLanguage":"tr","potentialAction":[{"@type":"ReadAction","target":["https:\/\/multihoster.org\/tr\/offcloud\/"]}]},{"@type":"BreadcrumbList","@id":"https:\/\/multihoster.org\/tr\/offcloud\/#breadcrumb","itemListElement":[{"@type":"ListItem","position":1,"name":"Startseite","item":"https:\/\/multihoster.org\/tr\/"},{"@type":"ListItem","position":2,"name":"Offcloud &#8211; \u00d6zetle Multihoster"}]}]}},"_links":{"self":[{"href":"https:\/\/multihoster.org\/tr\/wp-json\/wp\/v2\/pages\/1606"}],"collection":[{"href":"https:\/\/multihoster.org\/tr\/wp-json\/wp\/v2\/pages"}],"about":[{"href":"https:\/\/multihoster.org\/tr\/wp-json\/wp\/v2\/types\/page"}],"author":[{"embeddable":true,"href":"https:\/\/multihoster.org\/tr\/wp-json\/wp\/v2\/users\/2"}],"replies":[{"embeddable":true,"href":"https:\/\/multihoster.org\/tr\/wp-json\/wp\/v2\/comments?post=1606"}],"version-history":[{"count":2,"href":"https:\/\/multihoster.org\/tr\/wp-json\/wp\/v2\/pages\/1606\/revisions"}],"predecessor-version":[{"id":1610,"href":"https:\/\/multihoster.org\/tr\/wp-json\/wp\/v2\/pages\/1606\/revisions\/1610"}],"wp:attachment":[{"href":"https:\/\/multihoster.org\/tr\/wp-json\/wp\/v2\/media?parent=1606"}],"curies":[{"name":"wp","href":"https:\/\/api.w.org\/{rel}","templated":true}]}}