{"id":1656,"date":"2018-10-04T13:12:23","date_gmt":"2018-10-04T13:12:23","guid":{"rendered":"https:\/\/multihoster.org\/?page_id=1656"},"modified":"2020-06-05T15:50:19","modified_gmt":"2020-06-05T15:50:19","slug":"alfafile","status":"publish","type":"page","link":"https:\/\/multihoster.org\/tr\/alfafile\/","title":{"rendered":"Premium Hesap Alfafile &#8211; Ana bilgisayar dosyas\u0131n\u0131n g\u00f6zden ge\u00e7irilmesi"},"content":{"rendered":"\n<p>Alfafile.net&#8217;e ba\u011fl\u0131 de\u011filiz, ili\u015fkilendirilmedik, yetkilendirilmedik, onaylanmad\u0131\u011f\u0131m\u0131z veya herhangi bir \u015fekilde resmi olarak ba\u011fl\u0131 de\u011filiz<\/p>\n\n\n<p><span id=\"result_box\" class=\"\" lang=\"tr\"><img loading=\"lazy\" class=\"wp-image-4766 alignleft\" src=\"https:\/\/multihoster.org\/wp-content\/uploads\/2020\/06\/alfafile_logo.png\" alt=\"\" width=\"293\" height=\"75\" srcset=\"https:\/\/multihoster.org\/wp-content\/uploads\/2020\/06\/alfafile_logo.png 414w, https:\/\/multihoster.org\/wp-content\/uploads\/2020\/06\/alfafile_logo-300x77.png 300w\" sizes=\"(max-width: 293px) 100vw, 293px\" \/>Alfafile, 2014 y\u0131l\u0131ndan bu yana sekt\u00f6rde mevcut olup, bu \u00f6zel hizmeti bug\u00fcne kadar pek \u00e7ok ziyaret\u00e7iye sunabilmi\u015ftir. <span class=\"\">Kullan\u0131c\u0131lar dosyalar\u0131 indirip kaydedebilir ve \u00e7e\u015fitli verileri platforma aktarabilir.<\/span><\/span><\/p>\n<p><span id=\"result_box\" class=\"\" lang=\"tr\">Ayr\u0131ca Alfafile Premium hesab\u0131, kullan\u0131m\u0131 kolay bir dosya y\u00f6neticisi ve maksimum indirme h\u0131z\u0131 i\u00e7erir.<\/span><\/p>\n<p><span class=\"\">Tedarik\u00e7i, haklar\u0131n\u0131z\u0131 ve ki\u015fisel verilerinizi tam olarak korumay\u0131 taahh\u00fct eder ve size m\u00fckemmel bir hizmet sunmak i\u00e7in teknolojilerini s\u00fcrekli olarak geli\u015ftirir.<\/span><\/p>\n<p><img loading=\"lazy\" class=\"alignnone size-full wp-image-4757\" src=\"https:\/\/multihoster.org\/wp-content\/uploads\/2020\/06\/alfafile_site.png\" alt=\"alfafile site\" width=\"770\" height=\"510\" srcset=\"https:\/\/multihoster.org\/wp-content\/uploads\/2020\/06\/alfafile_site.png 770w, https:\/\/multihoster.org\/wp-content\/uploads\/2020\/06\/alfafile_site-300x199.png 300w, https:\/\/multihoster.org\/wp-content\/uploads\/2020\/06\/alfafile_site-768x509.png 768w\" sizes=\"(max-width: 770px) 100vw, 770px\" \/><\/p>\n<a class=\"maxbutton-1 maxbutton maxbutton-x\" target=\"_blank\" rel=\"nofollow noopener\" href=\"\/alfafile\/goto\/\"><span class='mb-text'>Premium Hesap Sat\u0131n Al\u0131n<\/span><\/a>\n<p>\u00a0<\/p>\n\n<h2><span lang=\"DE\"><span id=\"result_box\" class=\"short_text\" lang=\"tr\"><span class=\"\">Tedarik\u00e7inin olumlu \u00f6zellikleri<\/span><\/span><\/span><\/h2>\n<ul>\n<li><span id=\"result_box\" class=\"\" lang=\"tr\">\u00dccretsiz ve k\u00fc\u00e7\u00fck bir fiyat i\u00e7in<\/span><\/li>\n<li><span id=\"result_box\" class=\"\" lang=\"tr\">En \u00fcst d\u00fczeyde kapsaml\u0131 servis<\/span><\/li>\n<li><span id=\"result_box\" class=\"\" lang=\"tr\">Veri gizlili\u011fi<\/span><\/li>\n<li><span id=\"result_box\" class=\"\" lang=\"tr\"><span class=\"\">Kullan\u0131c\u0131 aray\u00fcz\u00fcn\u00fc temizle<\/span><\/span><\/li>\n<\/ul>\n<h2><span lang=\"DE\"><span id=\"result_box\" class=\"short_text\" lang=\"tr\"><span class=\"\">\u00d6zetle bir dizi Alfafile \u00fcr\u00fcn\u00fc<\/span><\/span><\/span><\/h2>\n<p style=\"margin: 18.0pt 0cm 6.0pt 0cm;\"><span lang=\"DE\" style=\"font-family: 'Arial','sans-serif'; color: black;\" data-darkreader-inline-color=\"\"><span id=\"result_box\" class=\"\" lang=\"tr\">Alfafile \u00fccretsiz bir hesap ve Alfafile Premium hesab\u0131 sunuyor. Hizmetin kullan\u0131m\u0131 ve test edilmesi, sadece \u00fccretsiz Alfafile Premium hesab\u0131 kullan\u0131larak s\u0131n\u0131rl\u0131 olarak m\u00fcmk\u00fcn olsa da Alfafile Premium&#8217;da t\u00fcm fonksiyonlar mevcuttur. <span class=\"\">Maksimum indirme h\u0131z\u0131na ve ayn\u0131 anda birden \u00e7ok indirmeyi \u00e7al\u0131\u015ft\u0131rma \u00f6zelli\u011fine ek olarak, Alfafile Premium hesab\u0131n\u0131zda ba\u015fka bir\u00e7ok ek \u00f6zellik kullanabilirsiniz.<\/span><\/span><\/span><\/p>\n<h2><span lang=\"DE\"><span id=\"result_box\" class=\"short_text\" lang=\"tr\"><span class=\"\">Bonus teklifleri<\/span><\/span><\/span><\/h2>\n<p style=\"margin: 18.0pt 0cm 6.0pt 0cm;\"><span lang=\"DE\" style=\"font-family: 'Arial','sans-serif'; color: black;\" data-darkreader-inline-color=\"\"><span id=\"result_box\" class=\"\" lang=\"tr\">Alfafile hizmetini takdir eden ve ba\u011f\u0131\u015flamak isteyen herkes i\u00e7in bir ortakl\u0131k program\u0131 mevcuttur. <span class=\"\">Burada bireysel sponsorluk linki ile Alfafile Premium teklifinin reklam\u0131n\u0131 yapabilir ve yeni bir kullan\u0131c\u0131 kaydederken sat\u0131\u015f fiyat\u0131n\u0131n% 50&#8217;sine kadar \u00e7ekici bir komisyon al\u0131rs\u0131n\u0131z.<\/span><\/span><\/span><\/p>\n<h2 style=\"margin: 16.0pt 0cm 4.0pt 0cm;\"><span lang=\"DE\" style=\"font-size: 16pt; font-family: 'Arial', 'sans-serif'; color: black;\" data-darkreader-inline-color=\"\"><span id=\"result_box\" class=\"short_text\" lang=\"tr\"><span class=\"\">Maliyetler ve \u00f6deme y\u00f6ntemleri<\/span><\/span><\/span><\/h2>\n<p style=\"margin: 0cm 0cm 12.0pt 0cm;\"><span lang=\"DE\" style=\"font-size: 11.0pt; font-family: 'Arial','sans-serif'; color: black;\" data-darkreader-inline-color=\"\">A<span id=\"result_box\" class=\"\" lang=\"tr\">lfafile Premium i\u00e7in \u00f6deme yapmak i\u00e7in nispeten daha az se\u00e7ene\u011finiz var. VISA, Bitcoin, Bitcoin Cash ve PAYPASSION ile \u00f6deme yap\u0131labilir. <span class=\"\">Farkl\u0131 bir \u00f6deme y\u00f6ntemini tercih ederseniz, bir\u00e7ok ma\u011fazadan Alfafile Premium sat\u0131n alabilirsiniz.<\/span> <span class=\"\">Webmoney&#8217;den AmazonPayments&#8217;a ve banka kartlar\u0131ndan MasterCard&#8217;a ve American Express&#8217;e kadar \u00e7e\u015fitli ba\u015fka prosed\u00fcrler de m\u00fcmk\u00fcnd\u00fcr.<\/span><\/span><\/span><\/p>\n<p><strong>\n<table id=\"tablepress-131\" class=\"tablepress tablepress-id-131\">\n<tbody class=\"row-hover\">\n<tr class=\"row-1 odd\">\n\t<td class=\"column-1\">30 Premium al<\/td><td class=\"column-2\">30 Premium al<\/td><td class=\"column-3\">30 Premium al<\/td><td class=\"column-4\">30 Premium al<\/td>\n<\/tr>\n<tr class=\"row-2 even\">\n\t<td class=\"column-1\">14,99 $<\/td><td class=\"column-2\">34,99 $<\/td><td class=\"column-3\">49,99 $<\/td><td class=\"column-4\">89.99 $<\/td>\n<\/tr>\n<tr class=\"row-3 odd\">\n\t<td class=\"column-1\">1 TB bant geni\u015fli\u011fi<\/td><td class=\"column-2\">3 TB bant geni\u015fli\u011fi<\/td><td class=\"column-3\">6 TB bant geni\u015fli\u011fi<\/td><td class=\"column-4\">12 TB bant geni\u015fli\u011fi<\/td>\n<\/tr>\n<tr class=\"row-4 even\">\n\t<td class=\"column-1\">1 TB depolama<\/td><td class=\"column-2\">1 TB depolama<\/td><td class=\"column-3\">5 TB depolama<\/td><td class=\"column-4\">10 TB depolama<\/td>\n<\/tr>\n<\/tbody>\n<\/table>\n<!-- #tablepress-131 from cache --><\/strong><\/p>\n<a class=\"maxbutton-1 maxbutton maxbutton-x\" target=\"_blank\" rel=\"nofollow noopener\" href=\"\/alfafile\/goto\/\"><span class='mb-text'>Premium Hesap Sat\u0131n Al\u0131n<\/span><\/a>\n<h2><span lang=\"DE\"><span id=\"result_box\" class=\"short_text\" lang=\"tr\"><span class=\"\">Gizlilik politikas\u0131<\/span><\/span><\/span><\/h2>\n<p><span id=\"result_box\" class=\"\" lang=\"tr\">Etkin depolaman\u0131n bir par\u00e7as\u0131 olarak Alfafile, ad\u0131, e-posta adresi, do\u011fum tarihi ve kullan\u0131c\u0131n\u0131n teklifin bir par\u00e7as\u0131 olarak ana bilgisayara g\u00f6nderdi\u011fi di\u011fer bilgileri saklar.<\/span><\/p>\n<p>Ek olarak, Alfafile hizmetini kullan\u0131rken baz\u0131 veriler pasif olarak toplan\u0131r. Buna IP adresi ve sunucu g\u00fcnl\u00fckleri dahildir. <span class=\"\">Kullan\u0131m konforunu art\u0131ran ve kullan\u0131c\u0131n\u0131n ihtiya\u00e7lar\u0131na g\u00f6re bireysel olarak uyarlanan \u00e7erezler de kullan\u0131l\u0131r.<\/span><\/p>\n<h2><span lang=\"DE\"><span id=\"result_box\" class=\"short_text\" lang=\"tr\"><span class=\"\">Sat\u0131\u015f sonras\u0131 servis<\/span><\/span><\/span><\/h2>\n<p style=\"margin: 18.0pt 0cm 6.0pt 0cm;\"><span lang=\"DE\" style=\"font-size: 11.0pt; font-family: 'Arial','sans-serif'; color: black;\" data-darkreader-inline-color=\"\"><span id=\"result_box\" class=\"\" lang=\"tr\">Kay\u0131t olduktan sonra, sa\u011f \u00fcst k\u00f6\u015fedeki men\u00fc simgesine ve ard\u0131ndan &#8220;Destek&#8221; alt men\u00fcs\u00fcne t\u0131klayarak medyaya eri\u015febilirsiniz. <span class=\"\">Burada e-posta adresinizi, konu ve bireysel iste\u011finizi a\u00e7\u0131klayabilir ve captcha yan\u0131t\u0131ndan sonra bir mesaj g\u00f6nderebilirsiniz.<\/span><\/span><\/span><\/p>\n<p><img loading=\"lazy\" class=\"alignnone  wp-image-4785\" src=\"https:\/\/multihoster.org\/wp-content\/uploads\/2020\/06\/alfafile_login-1.png\" alt=\"alfafile_login\" width=\"571\" height=\"366\" srcset=\"https:\/\/multihoster.org\/wp-content\/uploads\/2020\/06\/alfafile_login-1.png 765w, https:\/\/multihoster.org\/wp-content\/uploads\/2020\/06\/alfafile_login-1-300x192.png 300w\" sizes=\"(max-width: 571px) 100vw, 571px\" \/><\/p>\n<h2><span lang=\"DE\"><span id=\"result_box\" class=\"short_text\" lang=\"tr\"><span class=\"\">Kullan\u0131m kolayl\u0131\u011f\u0131<\/span><\/span><\/span><\/h2>\n<p><span id=\"result_box\" class=\"\" lang=\"tr\"><span title=\"Alfafile Filehoster zachwyca szczeg\u00f3lnie przejrzystym i prostym interfejsem u\u017cytkownika. \">Alfafile Filehoster \u00f6zellikle a\u00e7\u0131k ve basit bir kullan\u0131c\u0131 aray\u00fcz\u00fc ile etkileyicidir.<\/span><\/span><\/p>\n<p><span title=\"Na stronie g\u0142\u00f3wnej oferta Alfafile prezentowana jest w formie \u0142atwych do zrozumienia obraz\u00f3w, natomiast na g\u00f3rze strony znajduj\u0105 si\u0119 opcje rejestracji, logowania i zakupu konta Premium.\">Ana sayfada Alfafile teklifi kolay anla\u015f\u0131l\u0131r g\u00f6r\u00fcnt\u00fcler \u015feklinde sunulurken, sayfan\u0131n \u00fcst k\u0131sm\u0131nda bir Premium hesab\u0131n kaydedilmesi, oturum a\u00e7\u0131lmas\u0131 ve sat\u0131n al\u0131nmas\u0131 i\u00e7in se\u00e7enekler bulunmaktad\u0131r. <\/span><span title=\"Ponadto w zak\u0142adkach &quot;Program Partnerski&quot; znajduj\u0105 si\u0119 zak\u0142adki &quot;Program Partnerski&quot; dla wszystkich tych, kt\u00f3rzy chc\u0105 reklamowa\u0107 si\u0119 na Alfafile Premium, &quot;Aktualno\u015bci&quot; dla wiadomo\u015bci od dostawc\u00f3w oraz obszar pyta\u0144 i odpowiedzi, prezentacja firmy i obs\u0142uga elementu menu. \">Ayr\u0131ca, &#8220;Ortakl\u0131k Program\u0131&#8221; sekmeleri, tedarik\u00e7ilerinden gelen mesajlar ve soru ve cevaplar, \u015firket tan\u0131t\u0131m\u0131 ve men\u00fc \u00f6\u011fesi hizmeti i\u00e7in Alfafile Premium&#8217;da reklam vermek isteyen herkes i\u00e7in &#8220;Ortakl\u0131k Program\u0131&#8221; sekmelerini i\u00e7erir.<\/span><\/p>\n<p><span title=\"Po zalogowaniu mo\u017cesz r\u00f3wnie\u017c wybra\u0107 funkcje &quot;Moje pliki&quot;, &quot;Konto&quot; i &quot;Premium&quot;.\">Giri\u015f yapt\u0131ktan sonra &#8220;Dosyalar\u0131m&#8221;, &#8220;Hesap&#8221; ve &#8220;Premium&#8221; i\u015flevlerini de se\u00e7ebilirsiniz. <\/span><span title=\"W zak\u0142adce &quot;Moje pliki&quot; mo\u017cesz wgra\u0107 swoje pliki, zarz\u0105dza\u0107 nimi w spos\u00f3b przejrzysty i, je\u015bli chcesz, udost\u0119pnia\u0107 folder innym u\u017cytkownikom.\">&#8220;Dosyalar\u0131m&#8221; sekmesinde dosyalar\u0131n\u0131z\u0131 y\u00fckleyebilir, \u015feffaf bir \u015fekilde y\u00f6netebilir ve isterseniz klas\u00f6r\u00fc di\u011fer kullan\u0131c\u0131larla payla\u015fabilirsiniz. <\/span><span title=\"Kliknij na &quot;Konto&quot;, aby doda\u0107 opcje menu &quot;P\u0142atno\u015bci&quot;, &quot;Statystyki&quot;, &quot;Usuni\u0119te pliki&quot; i &quot;Profile zdalne&quot;.\">&#8220;\u00d6demeler&#8221;, &#8220;\u0130statistikler&#8221;, &#8220;Silinen dosyalar&#8221; ve &#8220;Uzak profiller&#8221; men\u00fc se\u00e7eneklerini eklemek i\u00e7in &#8220;Hesap&#8221; \u0131 t\u0131klay\u0131n. <\/span><span title=\"Zak\u0142adki &quot;Unikalne pliki do pobrania&quot;, &quot;Bezpiecze\u0144stwo i ochrona danych&quot; oraz &quot;Opcje pobierania&quot; s\u0105 dost\u0119pne tylko dla posiadaczy kont Alfafile Premium.\">&#8220;Benzersiz indirmeler&#8221;, &#8220;G\u00fcvenlik ve veri koruma&#8221; ve &#8220;\u0130ndirme se\u00e7enekleri&#8221; sekmeleri yaln\u0131zca Alfafile Premium hesap sahipleri taraf\u0131ndan kullan\u0131labilir. <\/span><span title=\"Bezp\u0142atne konto oferuje pojemno\u015b\u0107 3 TB i przepustowo\u015b\u0107 2GB.\">\u00dccretsiz hesap 3 TB kapasite ve 2GB bant geni\u015fli\u011fi sunuyor.<\/span><\/p>\n<h2><span lang=\"DE\"><span id=\"result_box\" class=\"short_text\" lang=\"tr\"><span class=\"\">AlfaFile&#8217;daki premium hesab\u0131n avantajlar\u0131<\/span><\/span><\/span><\/h2>\n<p style=\"margin: 18.0pt 0cm 6.0pt 0cm;\"><span lang=\"DE\" style=\"font-size: 11.0pt; font-family: 'Arial','sans-serif'; color: black;\" data-darkreader-inline-color=\"\"><span id=\"result_box\" class=\"\" lang=\"tr\">Bir Premium hizmet sat\u0131n almak i\u00e7in d\u00f6rt paket aras\u0131ndan se\u00e7im yapabilirsiniz. Maksimum indirme h\u0131z\u0131 dahil olmak \u00fczere bir\u00e7ok i\u015flevi kullanacaks\u0131n\u0131z. Ayn\u0131 anda indirmek i\u00e7in bir\u00e7ok dosya indirebilirsiniz. Dosyalara do\u011frudan ba\u011flant\u0131lar\u0131n\u0131z var, \u00fccretsiz reklam \u00f6zelliklerini indirmek ve kullanmak i\u00e7in kuyruklar\u0131 beklemek zorunda de\u011filsiniz. <span class=\"\">Alfafile Premium, 20 GB&#8217;a kadar indirilen ve indirilen dosyalar\u0131n maksimum boyutunu art\u0131r\u0131r. Burada, sa\u011flay\u0131c\u0131, genellikle sadece dosya ba\u015f\u0131na maksimum 5-10 GB boyutuna izin veren di\u011fer dosya sunucular\u0131ndan ay\u0131rt edilir.<\/span><\/span><\/span><\/p>\n<p><img loading=\"lazy\" class=\"alignnone size-full wp-image-4794\" src=\"https:\/\/multihoster.org\/wp-content\/uploads\/2020\/06\/alfafile_review.png\" alt=\"\" width=\"571\" height=\"428\" srcset=\"https:\/\/multihoster.org\/wp-content\/uploads\/2020\/06\/alfafile_review.png 571w, https:\/\/multihoster.org\/wp-content\/uploads\/2020\/06\/alfafile_review-300x225.png 300w\" sizes=\"(max-width: 571px) 100vw, 571px\" \/><\/p>\n<h2><span id=\"result_box\" class=\"short_text\" lang=\"tr\"><span class=\"\">Alfafile tedarik\u00e7isi i\u00e7in ba\u015fvurular\u0131m\u0131z<\/span><\/span><\/h2>\n<p style=\"margin: 18.0pt 0cm 6.0pt 0cm;\"><span lang=\"DE\" style=\"font-size: 11.0pt; font-family: 'Arial','sans-serif'; color: black;\" data-darkreader-inline-color=\"\"><span id=\"result_box\" class=\"\" lang=\"tr\">Son olarak, Alfafile sa\u011flay\u0131c\u0131s\u0131n\u0131 dosyalar\u0131 bar\u0131nd\u0131ran ve kar\u015f\u0131dan y\u00fcklemek i\u00e7in ilgin\u00e7 bir se\u00e7enek olarak \u00f6nerebiliriz. Filehoster kapsaml\u0131 veri korumas\u0131, kullan\u0131m\u0131 kolay bir kullan\u0131c\u0131 aray\u00fcz\u00fc ve de\u011ferli Premium hesap \u00f6zellikleri sunar. <span class=\"\">Alfafile teklifi bir dereceye kadar \u00fccretsizdir, e\u011fer olabildi\u011fince \u00e7ok i\u015flev kullanmak istiyorsan\u0131z Alfafile Premium&#8217;u sat\u0131n alabilirsiniz.<\/span><\/span><\/span><\/p>\n<a class=\"maxbutton-1 maxbutton maxbutton-x\" target=\"_blank\" rel=\"nofollow noopener\" href=\"\/alfafile\/goto\/\"><span class='mb-text'>Premium Hesap Sat\u0131n Al\u0131n<\/span><\/a>","protected":false},"excerpt":{"rendered":"<p>Alfafile.net&#8217;e ba\u011fl\u0131 de\u011filiz, ili\u015fkilendirilmedik, yetkilendirilmedik, onaylanmad\u0131\u011f\u0131m\u0131z veya herhangi bir \u015fekilde resmi olarak ba\u011fl\u0131 de\u011filiz Alfafile, 2014 y\u0131l\u0131ndan bu yana sekt\u00f6rde<\/p>\n","protected":false},"author":2,"featured_media":0,"parent":0,"menu_order":0,"comment_status":"closed","ping_status":"closed","template":"","meta":[],"yoast_head":"<!-- This site is optimized with the Yoast SEO plugin v18.3 - https:\/\/yoast.com\/wordpress\/plugins\/seo\/ -->\n<title>lll \u25b7 Alfafile Premium Hesab\u0131 sayg\u0131n m\u0131, de\u011fil mi? Multihoster.org \u00fczerinde test<\/title>\n<meta name=\"description\" content=\"Filehoster Alfafile ilgin\u00e7, \u00fccretsiz bir hesap ve geni\u015f Alfafile Premium Hesab\u0131 sunuyor. Size teklifi ayr\u0131nt\u0131l\u0131 olarak sunuyoruz.\" \/>\n<meta name=\"robots\" content=\"index, follow, max-snippet:-1, max-image-preview:large, max-video-preview:-1\" \/>\n<link rel=\"canonical\" href=\"https:\/\/multihoster.org\/tr\/alfafile\/\" \/>\n<meta property=\"og:locale\" content=\"tr_TR\" \/>\n<meta property=\"og:type\" content=\"article\" \/>\n<meta property=\"og:title\" content=\"lll \u25b7 Alfafile Premium Hesab\u0131 sayg\u0131n m\u0131, de\u011fil mi? Multihoster.org \u00fczerinde test\" \/>\n<meta property=\"og:description\" content=\"Filehoster Alfafile ilgin\u00e7, \u00fccretsiz bir hesap ve geni\u015f Alfafile Premium Hesab\u0131 sunuyor. Size teklifi ayr\u0131nt\u0131l\u0131 olarak sunuyoruz.\" \/>\n<meta property=\"og:url\" content=\"https:\/\/multihoster.org\/tr\/alfafile\/\" \/>\n<meta property=\"og:site_name\" content=\"Multihoster.org\" \/>\n<meta property=\"article:modified_time\" content=\"2020-06-05T15:50:19+00:00\" \/>\n<meta property=\"og:image\" content=\"https:\/\/multihoster.org\/wp-content\/uploads\/2020\/06\/alfafile_logo.png\" \/>\n<meta name=\"twitter:card\" content=\"summary\" \/>\n<meta name=\"twitter:label1\" content=\"Tahmini okuma s\u00fcresi\" \/>\n\t<meta name=\"twitter:data1\" content=\"4 dakika\" \/>\n<script type=\"application\/ld+json\" class=\"yoast-schema-graph\">{\"@context\":\"https:\/\/schema.org\",\"@graph\":[{\"@type\":\"WebSite\",\"@id\":\"https:\/\/multihoster.org\/#website\",\"url\":\"https:\/\/multihoster.org\/\",\"name\":\"Multihoster.org\",\"description\":\"Reviews of the major Filehosting services\",\"potentialAction\":[{\"@type\":\"SearchAction\",\"target\":{\"@type\":\"EntryPoint\",\"urlTemplate\":\"https:\/\/multihoster.org\/?s={search_term_string}\"},\"query-input\":\"required name=search_term_string\"}],\"inLanguage\":\"tr\"},{\"@type\":\"ImageObject\",\"@id\":\"https:\/\/multihoster.org\/tr\/alfafile\/#primaryimage\",\"inLanguage\":\"tr\",\"url\":\"https:\/\/multihoster.org\/wp-content\/uploads\/2020\/06\/alfafile_logo.png\",\"contentUrl\":\"https:\/\/multihoster.org\/wp-content\/uploads\/2020\/06\/alfafile_logo.png\",\"width\":414,\"height\":106},{\"@type\":\"WebPage\",\"@id\":\"https:\/\/multihoster.org\/tr\/alfafile\/#webpage\",\"url\":\"https:\/\/multihoster.org\/tr\/alfafile\/\",\"name\":\"lll \u25b7 Alfafile Premium Hesab\u0131 sayg\u0131n m\u0131, de\u011fil mi? Multihoster.org \u00fczerinde test\",\"isPartOf\":{\"@id\":\"https:\/\/multihoster.org\/#website\"},\"primaryImageOfPage\":{\"@id\":\"https:\/\/multihoster.org\/tr\/alfafile\/#primaryimage\"},\"datePublished\":\"2018-10-04T13:12:23+00:00\",\"dateModified\":\"2020-06-05T15:50:19+00:00\",\"description\":\"Filehoster Alfafile ilgin\u00e7, \u00fccretsiz bir hesap ve geni\u015f Alfafile Premium Hesab\u0131 sunuyor. Size teklifi ayr\u0131nt\u0131l\u0131 olarak sunuyoruz.\",\"breadcrumb\":{\"@id\":\"https:\/\/multihoster.org\/tr\/alfafile\/#breadcrumb\"},\"inLanguage\":\"tr\",\"potentialAction\":[{\"@type\":\"ReadAction\",\"target\":[\"https:\/\/multihoster.org\/tr\/alfafile\/\"]}]},{\"@type\":\"BreadcrumbList\",\"@id\":\"https:\/\/multihoster.org\/tr\/alfafile\/#breadcrumb\",\"itemListElement\":[{\"@type\":\"ListItem\",\"position\":1,\"name\":\"Startseite\",\"item\":\"https:\/\/multihoster.org\/tr\/\"},{\"@type\":\"ListItem\",\"position\":2,\"name\":\"Premium Hesap Alfafile &#8211; Ana bilgisayar dosyas\u0131n\u0131n g\u00f6zden ge\u00e7irilmesi\"}]}]}<\/script>\n<!-- \/ Yoast SEO plugin. -->","yoast_head_json":{"title":"lll \u25b7 Alfafile Premium Hesab\u0131 sayg\u0131n m\u0131, de\u011fil mi? Multihoster.org \u00fczerinde test","description":"Filehoster Alfafile ilgin\u00e7, \u00fccretsiz bir hesap ve geni\u015f Alfafile Premium Hesab\u0131 sunuyor. Size teklifi ayr\u0131nt\u0131l\u0131 olarak sunuyoruz.","robots":{"index":"index","follow":"follow","max-snippet":"max-snippet:-1","max-image-preview":"max-image-preview:large","max-video-preview":"max-video-preview:-1"},"canonical":"https:\/\/multihoster.org\/tr\/alfafile\/","og_locale":"tr_TR","og_type":"article","og_title":"lll \u25b7 Alfafile Premium Hesab\u0131 sayg\u0131n m\u0131, de\u011fil mi? Multihoster.org \u00fczerinde test","og_description":"Filehoster Alfafile ilgin\u00e7, \u00fccretsiz bir hesap ve geni\u015f Alfafile Premium Hesab\u0131 sunuyor. Size teklifi ayr\u0131nt\u0131l\u0131 olarak sunuyoruz.","og_url":"https:\/\/multihoster.org\/tr\/alfafile\/","og_site_name":"Multihoster.org","article_modified_time":"2020-06-05T15:50:19+00:00","og_image":[{"url":"https:\/\/multihoster.org\/wp-content\/uploads\/2020\/06\/alfafile_logo.png"}],"twitter_card":"summary","twitter_misc":{"Tahmini okuma s\u00fcresi":"4 dakika"},"schema":{"@context":"https:\/\/schema.org","@graph":[{"@type":"WebSite","@id":"https:\/\/multihoster.org\/#website","url":"https:\/\/multihoster.org\/","name":"Multihoster.org","description":"Reviews of the major Filehosting services","potentialAction":[{"@type":"SearchAction","target":{"@type":"EntryPoint","urlTemplate":"https:\/\/multihoster.org\/?s={search_term_string}"},"query-input":"required name=search_term_string"}],"inLanguage":"tr"},{"@type":"ImageObject","@id":"https:\/\/multihoster.org\/tr\/alfafile\/#primaryimage","inLanguage":"tr","url":"https:\/\/multihoster.org\/wp-content\/uploads\/2020\/06\/alfafile_logo.png","contentUrl":"https:\/\/multihoster.org\/wp-content\/uploads\/2020\/06\/alfafile_logo.png","width":414,"height":106},{"@type":"WebPage","@id":"https:\/\/multihoster.org\/tr\/alfafile\/#webpage","url":"https:\/\/multihoster.org\/tr\/alfafile\/","name":"lll \u25b7 Alfafile Premium Hesab\u0131 sayg\u0131n m\u0131, de\u011fil mi? Multihoster.org \u00fczerinde test","isPartOf":{"@id":"https:\/\/multihoster.org\/#website"},"primaryImageOfPage":{"@id":"https:\/\/multihoster.org\/tr\/alfafile\/#primaryimage"},"datePublished":"2018-10-04T13:12:23+00:00","dateModified":"2020-06-05T15:50:19+00:00","description":"Filehoster Alfafile ilgin\u00e7, \u00fccretsiz bir hesap ve geni\u015f Alfafile Premium Hesab\u0131 sunuyor. Size teklifi ayr\u0131nt\u0131l\u0131 olarak sunuyoruz.","breadcrumb":{"@id":"https:\/\/multihoster.org\/tr\/alfafile\/#breadcrumb"},"inLanguage":"tr","potentialAction":[{"@type":"ReadAction","target":["https:\/\/multihoster.org\/tr\/alfafile\/"]}]},{"@type":"BreadcrumbList","@id":"https:\/\/multihoster.org\/tr\/alfafile\/#breadcrumb","itemListElement":[{"@type":"ListItem","position":1,"name":"Startseite","item":"https:\/\/multihoster.org\/tr\/"},{"@type":"ListItem","position":2,"name":"Premium Hesap Alfafile &#8211; Ana bilgisayar dosyas\u0131n\u0131n g\u00f6zden ge\u00e7irilmesi"}]}]}},"_links":{"self":[{"href":"https:\/\/multihoster.org\/tr\/wp-json\/wp\/v2\/pages\/1656"}],"collection":[{"href":"https:\/\/multihoster.org\/tr\/wp-json\/wp\/v2\/pages"}],"about":[{"href":"https:\/\/multihoster.org\/tr\/wp-json\/wp\/v2\/types\/page"}],"author":[{"embeddable":true,"href":"https:\/\/multihoster.org\/tr\/wp-json\/wp\/v2\/users\/2"}],"replies":[{"embeddable":true,"href":"https:\/\/multihoster.org\/tr\/wp-json\/wp\/v2\/comments?post=1656"}],"version-history":[{"count":8,"href":"https:\/\/multihoster.org\/tr\/wp-json\/wp\/v2\/pages\/1656\/revisions"}],"predecessor-version":[{"id":4838,"href":"https:\/\/multihoster.org\/tr\/wp-json\/wp\/v2\/pages\/1656\/revisions\/4838"}],"wp:attachment":[{"href":"https:\/\/multihoster.org\/tr\/wp-json\/wp\/v2\/media?parent=1656"}],"curies":[{"name":"wp","href":"https:\/\/api.w.org\/{rel}","templated":true}]}}