{"id":1708,"date":"2018-10-04T13:40:55","date_gmt":"2018-10-04T13:40:55","guid":{"rendered":"https:\/\/multihoster.org\/?page_id=1708"},"modified":"2020-01-08T11:58:56","modified_gmt":"2020-01-08T11:58:56","slug":"linkifier","status":"publish","type":"page","link":"https:\/\/multihoster.org\/tr\/linkifier\/","title":{"rendered":"Linkifier deneyimi &#8211; provada Multihoster"},"content":{"rendered":"<p><img loading=\"lazy\" class=\"wp-image-1679 alignleft\" src=\"https:\/\/multihoster.org\/wp-content\/uploads\/2018\/10\/logo-2.png\" alt=\"\" width=\"267\" height=\"93\" srcset=\"https:\/\/multihoster.org\/wp-content\/uploads\/2018\/10\/logo-2.png 473w, https:\/\/multihoster.org\/wp-content\/uploads\/2018\/10\/logo-2-300x105.png 300w\" sizes=\"(max-width: 267px) 100vw, 267px\" \/><\/p>\n<p><span id=\"result_box\" class=\"\" lang=\"tr\">Linksfier sa\u011flay\u0131c\u0131s\u0131 \u00e7ok say\u0131da farkl\u0131 dosya sunucusuna eri\u015fim sa\u011flar. \u015eirket, 2015 y\u0131l\u0131nda kuruldu ve bu alanda yetenek ve bilgi birikimi ile ikna etmek isteyen k\u00fc\u00e7\u00fck ve dinamik bir ekipten olu\u015fmaktad\u0131r. <span class=\"\">81 dosya \u00fcreticisi, Turbobit, FileFactory ve Uploaded gibi en pop\u00fcler sa\u011flay\u0131c\u0131lar da dahil olmak \u00fczere \u00e7e\u015fitli indirmeler sunuyor.<\/span><\/span><\/p>\n<p><span id=\"result_box\" class=\"\" lang=\"tr\">Kay\u0131t tamamen \u00fccretsizdir ve isterseniz \u00fccretsiz hesab\u0131n\u0131z\u0131 bir premium hesaba d\u00f6n\u00fc\u015ft\u00fcrebilirsiniz. Anonim Paysafecard kart\u0131 ile \u00f6deme dahil olmak \u00fczere \u00e7e\u015fitli \u00f6deme y\u00f6ntemleri vard\u0131r. <span class=\"\">Tedarik\u00e7iyi inceledik ve deneyiminizi Linksfier testimizle payla\u015fmak istiyoruz.<\/span><\/span><\/p>\n<p><img loading=\"lazy\" class=\"alignnone size-full wp-image-1668\" src=\"https:\/\/multihoster.org\/wp-content\/uploads\/2018\/10\/Linkfier.jpg\" alt=\"Linkfier\" width=\"968\" height=\"682\" srcset=\"https:\/\/multihoster.org\/wp-content\/uploads\/2018\/10\/Linkfier.jpg 968w, https:\/\/multihoster.org\/wp-content\/uploads\/2018\/10\/Linkfier-300x211.jpg 300w, https:\/\/multihoster.org\/wp-content\/uploads\/2018\/10\/Linkfier-768x541.jpg 768w\" sizes=\"(max-width: 968px) 100vw, 968px\" \/><\/p>\n<a class=\"maxbutton-1 maxbutton maxbutton-x\" target=\"_blank\" rel=\"nofollow noopener\" href=\"\/alfafile\/goto\/\"><span class='mb-text'>Linkifier \u015fehrine git -&gt;<\/span><\/a>\n<h2><span id=\"result_box\" class=\"short_text\" lang=\"tr\"><span class=\"\">Tedarik\u00e7inin olumlu \u00f6zellikleri<\/span><\/span><\/h2>\n<ul>\n<li><span id=\"result_box\" class=\"\" lang=\"tr\">\u00dccretsiz giri\u015f hesab\u0131 ve premium hesap<\/span><\/li>\n<li><span id=\"result_box\" class=\"\" lang=\"tr\">Farkl\u0131 \u00f6deme y\u00f6ntemleri<\/span><\/li>\n<li><span id=\"result_box\" class=\"\" lang=\"tr\"><span class=\"\">\u00dcyeler i\u00e7in% 40&#8217;a kadar komisyon<\/span><\/span><\/li>\n<li><span id=\"result_box\" class=\"\" lang=\"tr\">\u015eeffaf web sitesi yap\u0131s\u0131<\/span><\/li>\n<\/ul>\n<h2><span lang=\"DE\"><span id=\"result_box\" class=\"short_text\" lang=\"tr\"><span class=\"\">Linksfier&#8217;in eksiksiz bir program\u0131<\/span><\/span><\/span><\/h2>\n<p><span id=\"result_box\" class=\"\" lang=\"tr\">Linksfier hem \u00fccretsiz hem de premium hesap sunuyor. \u00dccretsiz f\u0131rsattan yararlanmak i\u00e7in tek yapman\u0131z gereken, e-posta adresinize kaydolmak ve hizmeti ilk defa almak i\u00e7in belirli limitler dahilinde kullanmakt\u0131r. <span class=\"\">Maksimum indirme h\u0131z\u0131 dahil olmak \u00fczere t\u00fcm hizmetleri kullanmak isterseniz, bir premium hesap se\u00e7ebilirsiniz.<\/span> <span class=\"\">30 g\u00fcn ile 2 y\u0131l aras\u0131nda 5 paket aras\u0131ndan se\u00e7im yapabilirsiniz.<\/span><\/span><\/p>\n<p><img loading=\"lazy\" class=\"alignnone size-full wp-image-1669\" src=\"https:\/\/multihoster.org\/wp-content\/uploads\/2018\/10\/log-in.jpg\" alt=\"log in\" width=\"904\" height=\"678\" srcset=\"https:\/\/multihoster.org\/wp-content\/uploads\/2018\/10\/log-in.jpg 904w, https:\/\/multihoster.org\/wp-content\/uploads\/2018\/10\/log-in-300x225.jpg 300w, https:\/\/multihoster.org\/wp-content\/uploads\/2018\/10\/log-in-768x576.jpg 768w\" sizes=\"(max-width: 904px) 100vw, 904px\" \/><\/p>\n<a class=\"maxbutton-1 maxbutton maxbutton-x\" target=\"_blank\" rel=\"nofollow noopener\" href=\"\/alfafile\/goto\/\"><span class='mb-text'>Linkifier \u015fehrine git -&gt;<\/span><\/a>\n<h2><span id=\"result_box\" class=\"short_text\" lang=\"tr\"><span class=\"\">Bonus teklifleri<\/span><\/span><\/h2>\n<p><span id=\"result_box\" class=\"\" lang=\"tr\">Linksfier hizmetini kullanmak istiyorsan\u0131z, bir ortakl\u0131k program\u0131na kaydolabilir ve% 40&#8217;a kadar cazip komisyonlar kazanabilirsiniz. <span class=\"\">\u00dcyeler farkl\u0131 ipu\u00e7lar\u0131 al\u0131r ve Linksfier&#8217;in uzun y\u0131llara dayanan deneyimlerinden yararlanabilirler.<\/span><\/span><\/p>\n<h2><span id=\"result_box\" class=\"short_text\" lang=\"tr\"><span class=\"\">Maliyetler ve \u00f6deme y\u00f6ntemleri<\/span><\/span><\/h2>\n<p><span id=\"result_box\" class=\"\" lang=\"tr\">Linksfier, premium hesap i\u00e7in \u00e7e\u015fitli \u00f6deme se\u00e7enekleri sunar. Paypal ve kredi kartlar\u0131ndan WebMoney ve Skrill&#8217;e. Bitcoin veya Paysafecard \u00fczerinden anonim \u00f6deme yapmak da m\u00fcmk\u00fcnd\u00fcr. <span class=\"\">\u00d6nemli bir promosyon koduyla, belirli ko\u015fullar alt\u0131nda maliyetler d\u00fc\u015febilir.<\/span> <span class=\"\">Testte, Linksfier&#8217;in \u00f6deme s\u00fcreci sorunsuz bir \u015fekilde \u00e7al\u0131\u015ft\u0131.<\/span><\/span><\/p>\n<p><strong>\n<table id=\"tablepress-140\" class=\"tablepress tablepress-id-140\">\n<tbody class=\"row-hover\">\n<tr class=\"row-1 odd\">\n\t<td class=\"column-1\">30 g\u00fcn<\/td><td class=\"column-2\">90 g\u00fcn<\/td><td class=\"column-3\">180 g\u00fcn<\/td><td class=\"column-4\">365 g\u00fcn<\/td><td class=\"column-5\">730 g\u00fcn<\/td>\n<\/tr>\n<tr class=\"row-2 even\">\n\t<td class=\"column-1\">9,99 $<\/td><td class=\"column-2\">26,99 $<\/td><td class=\"column-3\">44,99 $<\/td><td class=\"column-4\">84,99 $<\/td><td class=\"column-5\">149,99 $<\/td>\n<\/tr>\n<tr class=\"row-3 odd\">\n\t<td class=\"column-1\"><\/td><td class=\"column-2\">30 g\u00fcn \u00fccretsiz<\/td><td class=\"column-3\">60 g\u00fcn \u00fccretsiz<\/td><td class=\"column-4\"><\/td><td class=\"column-5\"><\/td>\n<\/tr>\n<\/tbody>\n<\/table>\n<!-- #tablepress-140 from cache --><\/strong><\/p>\n<h2><span id=\"result_box\" class=\"short_text\" lang=\"tr\"><span class=\"\">Gizlilik politikas\u0131<\/span><\/span><\/h2>\n<p><span id=\"result_box\" class=\"\" lang=\"tr\"><span title=\"Informacje s\u0105 przechowywane przez Linkifier w oparciu o nasze do\u015bwiadczenia z rejestracji, korzystania z czatu na \u017cywo, otwarcia biletu pomocy technicznej i wprowadzania informacji na stronie internetowej. \">Bu bilgiler, LinksFier taraf\u0131ndan kay\u0131t olmayla ilgili deneyimimize, canl\u0131 sohbetin kullan\u0131m\u0131na, teknik yard\u0131m biletinin a\u00e7\u0131lmas\u0131na ve web sitesinde bilgi girilmesine dayanarak saklan\u0131r.<\/span><\/span><\/p>\n<p><span title=\"Przechowywane dane s\u0105 wykorzystywane w celu spersonalizowania do\u015bwiadczenia u\u017cytkownika dla odwiedzaj\u0105cych, a tym samym zapewnienia interesuj\u0105cych tre\u015bci. \">Saklanan veriler, ziyaret\u00e7ilerin kullan\u0131c\u0131 deneyimini ki\u015fiselle\u015ftirmek ve b\u00f6ylece ilgin\u00e7 i\u00e7erik sa\u011flamak i\u00e7in kullan\u0131l\u0131r.<\/span><\/p>\n<p><span title=\"Ponadto, dane s\u0105 wykorzystywane do poprawy obs\u0142ugi klienta, szybkiego przetwarzania transakcji, zarz\u0105dzania promocjami, ankietami i tym podobne.\">Ek olarak, veriler m\u00fc\u015fteri hizmetlerini, h\u0131zl\u0131 i\u015flem i\u015flemlerini, promosyonlar\u0131n y\u00f6netimini, anketleri ve benzerlerini geli\u015ftirmek i\u00e7in kullan\u0131l\u0131r. <\/span><span title=\"Dane osobowe s\u0105 r\u00f3wnie\u017c wykorzystywane do wysy\u0142ania e-maili o produktach i us\u0142ugach. \">Ki\u015fisel veriler ayr\u0131ca \u00fcr\u00fcn ve hizmetler hakk\u0131nda e-posta g\u00f6ndermek i\u00e7in kullan\u0131l\u0131r.<\/span><\/p>\n<p><span title=\"Dane s\u0105 chronione przez bezpieczne sieci i regularne skanowanie z\u0142o\u015bliwego oprogramowania.\">Veri g\u00fcvenli a\u011flar ve d\u00fczenli k\u00f6t\u00fc ama\u00e7l\u0131 yaz\u0131l\u0131m taramas\u0131 ile korunmaktad\u0131r. <\/span><span title=\"Tylko ograniczona liczba os\u00f3b ma dost\u0119p do danych osobowych, a technologia szyfrowania SSL jest stosowana do wszystkich wra\u017cliwych danych.\">Sadece s\u0131n\u0131rl\u0131 say\u0131da insan\u0131n ki\u015fisel verilere eri\u015fimi vard\u0131r ve t\u00fcm hassas veriler i\u00e7in SSL \u015fifreleme teknolojisi kullan\u0131l\u0131r. <\/span><span title=\"Transakcje s\u0105 obs\u0142ugiwane przez dostawc\u0119 bramki i nie s\u0105 przechowywane lub wykonywane na serwerach Linkifier. \">\u0130\u015flemler a\u011f ge\u00e7idi sa\u011flay\u0131c\u0131s\u0131 taraf\u0131ndan ele al\u0131n\u0131r ve Linksfier sunucular\u0131nda saklanmaz veya y\u00fcr\u00fct\u00fcl\u00fcr.<\/span><\/p>\n<p><span title=\"Pliki cookie s\u0105 wykorzystywane do przechowywania preferencji odwiedzaj\u0105cych dla przysz\u0142ych go\u015bci oraz do poprawy og\u00f3lnej u\u017cyteczno\u015bci.\">\u00c7erezler, ziyaret\u00e7ilerin gelecekteki misafirler i\u00e7in tercihlerini saklamak ve genel kullan\u0131labilirli\u011fi geli\u015ftirmek i\u00e7in kullan\u0131l\u0131r. <\/span><span title=\"Informacje te s\u0105 przekazywane tylko niekt\u00f3rym partnerom.\">Bu bilgi sadece belirli ortaklara verilmektedir.<\/span><\/p>\n<h2><span id=\"result_box\" class=\"short_text\" lang=\"tr\"><span class=\"\">Sat\u0131\u015f sonras\u0131 servis<\/span><\/span><\/h2>\n<p><span id=\"result_box\" class=\"\" lang=\"tr\">Linksfier m\u00fc\u015fteri hizmetleri departman\u0131na ula\u015fmak i\u00e7in, ana sayfan\u0131n alt\u0131nda &#8220;\u0130leti\u015fim&#8221; men\u00fc se\u00e7ene\u011fi bulunur. <span class=\"\">Linksfier&#8217;deki sosyal medya hesaplar\u0131n\u0131za nas\u0131l eri\u015fece\u011finizi \u00f6\u011frenebilir ve Linksfier deneyiminden yararlanabilmeniz i\u00e7in ileti\u015fim formunu kullanarak iste\u011finizi belirtebilirsiniz.<\/span><\/span><\/p>\n<h2><span lang=\"DE\"><span id=\"result_box\" class=\"short_text\" lang=\"tr\"><span class=\"\">Kullan\u0131m kolayl\u0131\u011f\u0131<\/span><\/span><\/span><\/h2>\n<p><span id=\"result_box\" class=\"\" lang=\"tr\"><span title=\"Strona Linkifier ma prost\u0105 struktur\u0119 i mo\u017ce nas ca\u0142kowicie przekona\u0107 w te\u015bcie.\">Linksfier sitesi basit bir yap\u0131ya sahiptir ve bizi tamamen testte ikna edebilir. <\/span><span title=\"Mo\u017cesz zarejestrowa\u0107 si\u0119 za darmo na sw\u00f3j adres e-mail bezpo\u015brednio na stronie g\u0142\u00f3wnej.\">Do\u011frudan e-posta adresinden \u00fccretsiz olarak ana sayfaya kay\u0131t olabilirsiniz. <\/span><span title=\"Ma\u0142e przewijanie w d\u00f3\u0142 pozwoli Ci uzyska\u0107 wi\u0119cej informacji na temat dostawcy i us\u0142ugi.\">K\u00fc\u00e7\u00fck a\u015fa\u011f\u0131 kayd\u0131rma, servis sa\u011flay\u0131c\u0131 ve servis hakk\u0131nda daha fazla bilgi alman\u0131z\u0131 sa\u011flayacakt\u0131r. <\/span><span title=\"Na g\u00f3rze znajduj\u0105 si\u0119 zak\u0142adki Hosts dla kompatybilnych plik\u00f3w, Go Premium, About Us, Register i Login.\">\u00dcstte uyumlu dosyalar, Go Premium, Hakk\u0131m\u0131zda, Kay\u0131t ve Giri\u015f i\u00e7in Hosts sekmeleri vard\u0131r. <\/span><span title=\"W punkcie menu &quot;Obs\u0142ugiwane pliki hosta&quot; znajdziesz list\u0119 obs\u0142ugiwanych plik\u00f3w hosta, a w punkcie menu &quot;Go Premium&quot; znajdziesz zakres us\u0142ug konta premium, koszty i opcje p\u0142atno\u015bci. \">&#8220;Desteklenen Ana Bilgisayar Dosyalar\u0131&#8221; men\u00fc \u00f6\u011fesi alt\u0131nda, desteklenen ana makine dosyalar\u0131n\u0131n bir listesini bulacaks\u0131n\u0131z ve &#8220;Git Premium&#8221; men\u00fc se\u00e7ene\u011finde, premium hesap hizmetleri, maliyetler ve \u00f6deme se\u00e7enekleri yelpazesini bulacaks\u0131n\u0131z.<\/span><\/span><\/p>\n<p><span title=\"Po zalogowaniu masz mo\u017cliwo\u015b\u0107 wygenerowania \u017c\u0105danych link\u00f3w w punkcie menu &quot;Pobierz&quot; lub wy\u015bwietlenia aktualnego stanu hosta w zak\u0142adce &quot;Stan hosta&quot;.\">Giri\u015f yapt\u0131ktan sonra, &#8220;\u0130ndirme&#8221; men\u00fc \u00f6\u011fesinde istenen ba\u011flant\u0131lar\u0131 olu\u015fturabilir veya ana bilgisayar\u0131n &#8220;Durum durumu&#8221; sekmesindeki mevcut durumunu g\u00f6r\u00fcnt\u00fcleyebilirsiniz. <\/span><span title=\"Mo\u017cesz r\u00f3wnie\u017c zajrze\u0107 do historii swojego konta, aby uzyska\u0107 informacje o swoim koncie lub pakiecie.\">Hesab\u0131n\u0131z veya paketiniz hakk\u0131nda bilgi almak i\u00e7in hesap ge\u00e7mi\u015finize de bakabilirsiniz. <\/span><span title=\"Wreszcie, istnieje opcja menu &quot;Aktualizuj&quot;, gdzie mo\u017cna uaktualni\u0107 swoje darmowe konto do konta Premium Linkifier.\">Son olarak, \u00fccretsiz hesab\u0131n\u0131z\u0131 Premium Linksfier hesab\u0131na y\u00fckseltebilece\u011finiz &#8220;G\u00fcncelleme&#8221; men\u00fc se\u00e7ene\u011fi var. <\/span><span title=\"Og\u00f3lnie rzecz bior\u0105c, jeste\u015bmy bardzo zadowoleni z u\u017cyteczno\u015bci Linkifier w te\u015bcie.\">Genel olarak, Linksfier&#8217;in testteki yararl\u0131l\u0131\u011f\u0131ndan \u00e7ok memnunuz.<\/span><\/p>\n<p><img loading=\"lazy\" class=\"alignnone size-full wp-image-1670\" src=\"https:\/\/multihoster.org\/wp-content\/uploads\/2018\/10\/pricing.jpg\" alt=\"pricing\" width=\"1075\" height=\"654\" srcset=\"https:\/\/multihoster.org\/wp-content\/uploads\/2018\/10\/pricing.jpg 1075w, https:\/\/multihoster.org\/wp-content\/uploads\/2018\/10\/pricing-300x183.jpg 300w, https:\/\/multihoster.org\/wp-content\/uploads\/2018\/10\/pricing-768x467.jpg 768w, https:\/\/multihoster.org\/wp-content\/uploads\/2018\/10\/pricing-1024x623.jpg 1024w\" sizes=\"(max-width: 1075px) 100vw, 1075px\" \/><\/p>\n<h2><span lang=\"DE\"><span id=\"result_box\" class=\"short_text\" lang=\"tr\"><span class=\"\">Linksfier premium hesab\u0131n\u0131n avantajlar\u0131<\/span><\/span><\/span><\/h2>\n<p><span id=\"result_box\" class=\"\" lang=\"tr\">Premium bir hesapla, Linksfier arac\u0131l\u0131\u011f\u0131yla eri\u015filebilen t\u00fcm ana makine dosyalar\u0131n\u0131 kullanabilirsiniz. Y\u00fckleme, Turbobit ve RAPID GATOR gibi d\u00fczenli dosya sunucular\u0131na ek olarak, 75&#8217;in \u00fczerinde sa\u011flay\u0131c\u0131 mevcuttur.<\/span><\/p>\n<p><span class=\"\">Maksimum indirme h\u0131z\u0131ndan yararlan\u0131n, 300 Mbit \/ s de\u011ferine ula\u015fabilir ve herhangi bir s\u0131n\u0131rlama olmaks\u0131z\u0131n herhangi bir say\u0131da indirmeye izin verin.<\/span> <span class=\"\">Birden fazla dosyay\u0131 bir kerede indirmeye ba\u015flayabilirsiniz.<\/span> Linksfier Premium ile bekleme s\u00fcresi veya reklam yoktur. <span class=\"\">Servis sa\u011flay\u0131c\u0131dan ho\u015flanm\u0131yorsan\u0131z, para iade garantisinden yararlanabilirsiniz.<\/span><\/p>\n<h2><span lang=\"DE\"><span id=\"result_box\" class=\"short_text\" lang=\"tr\"><span class=\"\">Linksfier sa\u011flay\u0131c\u0131s\u0131 i\u00e7in \u00f6nerilerimiz<\/span><\/span><\/span><\/h2>\n<p><span id=\"result_box\" class=\"\" lang=\"tr\">Genel olarak Linksfier, \u00fccretsiz ve zorunluluk olmadan test edilebilen cazip bir teklif sunmaktad\u0131r. Tedarik\u00e7i ile ilgili iyi bir deneyime sahibiz ve sizin i\u00e7in Linksfier&#8217;e genel bak\u0131\u015f\u0131m\u0131z\u0131 \u00f6zetlemek isteriz:<\/span><\/p>\n<p><span class=\"\">Site \u015feffaf, kullan\u0131m\u0131 kolay ve \u00e7ekici kullan\u0131c\u0131 deneyimi sunuyor.<\/span> <span class=\"\">\u00dccretsiz bir hesab\u0131n bir par\u00e7as\u0131 olarak, i\u015flevlerin kapsam\u0131 s\u0131n\u0131rl\u0131d\u0131r.<\/span> <span class=\"\">Yenilemek isterseniz, 5 paketden birini 9.99 $ kar\u015f\u0131l\u0131\u011f\u0131nda sat\u0131n alabilirsiniz.<\/span> Se\u00e7im yapabilece\u011finiz \u00e7e\u015fitli \u00f6deme se\u00e7enekleri vard\u0131r. <span class=\"\">Bitcoin veya Paysafecard kullanarak anonim bir \u00f6deme yapmak da m\u00fcmk\u00fcnd\u00fcr.<\/span> <span class=\"\">Veri koruma ve gizlilik konusunda, Linksfier sa\u011flay\u0131c\u0131s\u0131, t\u00fcm bilgilerin basit bir \u015fekilde sunuldu\u011fu, anla\u015f\u0131lmas\u0131 kolay bir veri koruma bildirimi sunmaktad\u0131r.<\/span> <span class=\"\">Genel olarak, Linksfier testimiz \u00e7ok olumluydu, bu y\u00fczden Linksfier tedarik\u00e7isi ile kendi deneyimlerinizi payla\u015fman\u0131z\u0131 tavsiye edebiliriz.<\/span><\/p>\n<a class=\"maxbutton-1 maxbutton maxbutton-x\" target=\"_blank\" rel=\"nofollow noopener\" href=\"\/alfafile\/goto\/\"><span class='mb-text'>Linkifier \u015fehrine git -&gt;<\/span><\/a>\n","protected":false},"excerpt":{"rendered":"<p>Linksfier sa\u011flay\u0131c\u0131s\u0131 \u00e7ok say\u0131da farkl\u0131 dosya sunucusuna eri\u015fim sa\u011flar. \u015eirket, 2015 y\u0131l\u0131nda kuruldu ve bu alanda yetenek ve bilgi birikimi<\/p>\n","protected":false},"author":2,"featured_media":0,"parent":0,"menu_order":0,"comment_status":"closed","ping_status":"closed","template":"","meta":[],"yoast_head":"<!-- This site is optimized with the Yoast SEO plugin v18.3 - https:\/\/yoast.com\/wordpress\/plugins\/seo\/ -->\n<title>Testte Multihoster Linkifier - Multihoster.org&#039;un deneyimleri<\/title>\n<meta name=\"description\" content=\"\u00dccretsiz teklifin yan\u0131 s\u0131ra Linkifier&#039;in premium hesab\u0131yla ilgileniyor musunuz? \u0130ncelemede sa\u011flay\u0131c\u0131 Linkifier&#039;i sunuyoruz.\" \/>\n<meta name=\"robots\" content=\"index, follow, max-snippet:-1, max-image-preview:large, max-video-preview:-1\" \/>\n<link rel=\"canonical\" href=\"https:\/\/multihoster.org\/tr\/linkifier\/\" \/>\n<meta property=\"og:locale\" content=\"tr_TR\" \/>\n<meta property=\"og:type\" content=\"article\" \/>\n<meta property=\"og:title\" content=\"Testte Multihoster Linkifier - Multihoster.org&#039;un deneyimleri\" \/>\n<meta property=\"og:description\" content=\"\u00dccretsiz teklifin yan\u0131 s\u0131ra Linkifier&#039;in premium hesab\u0131yla ilgileniyor musunuz? \u0130ncelemede sa\u011flay\u0131c\u0131 Linkifier&#039;i sunuyoruz.\" \/>\n<meta property=\"og:url\" content=\"https:\/\/multihoster.org\/tr\/linkifier\/\" \/>\n<meta property=\"og:site_name\" content=\"Multihoster.org\" \/>\n<meta property=\"article:modified_time\" content=\"2020-01-08T11:58:56+00:00\" \/>\n<meta property=\"og:image\" content=\"https:\/\/multihoster.org\/wp-content\/uploads\/2018\/10\/logo-2.png\" \/>\n<meta name=\"twitter:card\" content=\"summary\" \/>\n<meta name=\"twitter:label1\" content=\"Tahmini okuma s\u00fcresi\" \/>\n\t<meta name=\"twitter:data1\" content=\"5 dakika\" \/>\n<script type=\"application\/ld+json\" class=\"yoast-schema-graph\">{\"@context\":\"https:\/\/schema.org\",\"@graph\":[{\"@type\":\"WebSite\",\"@id\":\"https:\/\/multihoster.org\/#website\",\"url\":\"https:\/\/multihoster.org\/\",\"name\":\"Multihoster.org\",\"description\":\"Reviews of the major Filehosting services\",\"potentialAction\":[{\"@type\":\"SearchAction\",\"target\":{\"@type\":\"EntryPoint\",\"urlTemplate\":\"https:\/\/multihoster.org\/?s={search_term_string}\"},\"query-input\":\"required name=search_term_string\"}],\"inLanguage\":\"tr\"},{\"@type\":\"ImageObject\",\"@id\":\"https:\/\/multihoster.org\/tr\/linkifier\/#primaryimage\",\"inLanguage\":\"tr\",\"url\":\"https:\/\/multihoster.org\/wp-content\/uploads\/2018\/10\/logo-2.png\",\"contentUrl\":\"https:\/\/multihoster.org\/wp-content\/uploads\/2018\/10\/logo-2.png\",\"width\":473,\"height\":165},{\"@type\":\"WebPage\",\"@id\":\"https:\/\/multihoster.org\/tr\/linkifier\/#webpage\",\"url\":\"https:\/\/multihoster.org\/tr\/linkifier\/\",\"name\":\"Testte Multihoster Linkifier - Multihoster.org'un deneyimleri\",\"isPartOf\":{\"@id\":\"https:\/\/multihoster.org\/#website\"},\"primaryImageOfPage\":{\"@id\":\"https:\/\/multihoster.org\/tr\/linkifier\/#primaryimage\"},\"datePublished\":\"2018-10-04T13:40:55+00:00\",\"dateModified\":\"2020-01-08T11:58:56+00:00\",\"description\":\"\u00dccretsiz teklifin yan\u0131 s\u0131ra Linkifier'in premium hesab\u0131yla ilgileniyor musunuz? \u0130ncelemede sa\u011flay\u0131c\u0131 Linkifier'i sunuyoruz.\",\"breadcrumb\":{\"@id\":\"https:\/\/multihoster.org\/tr\/linkifier\/#breadcrumb\"},\"inLanguage\":\"tr\",\"potentialAction\":[{\"@type\":\"ReadAction\",\"target\":[\"https:\/\/multihoster.org\/tr\/linkifier\/\"]}]},{\"@type\":\"BreadcrumbList\",\"@id\":\"https:\/\/multihoster.org\/tr\/linkifier\/#breadcrumb\",\"itemListElement\":[{\"@type\":\"ListItem\",\"position\":1,\"name\":\"Startseite\",\"item\":\"https:\/\/multihoster.org\/tr\/\"},{\"@type\":\"ListItem\",\"position\":2,\"name\":\"Linkifier deneyimi &#8211; provada Multihoster\"}]}]}<\/script>\n<!-- \/ Yoast SEO plugin. -->","yoast_head_json":{"title":"Testte Multihoster Linkifier - Multihoster.org'un deneyimleri","description":"\u00dccretsiz teklifin yan\u0131 s\u0131ra Linkifier'in premium hesab\u0131yla ilgileniyor musunuz? \u0130ncelemede sa\u011flay\u0131c\u0131 Linkifier'i sunuyoruz.","robots":{"index":"index","follow":"follow","max-snippet":"max-snippet:-1","max-image-preview":"max-image-preview:large","max-video-preview":"max-video-preview:-1"},"canonical":"https:\/\/multihoster.org\/tr\/linkifier\/","og_locale":"tr_TR","og_type":"article","og_title":"Testte Multihoster Linkifier - Multihoster.org'un deneyimleri","og_description":"\u00dccretsiz teklifin yan\u0131 s\u0131ra Linkifier'in premium hesab\u0131yla ilgileniyor musunuz? \u0130ncelemede sa\u011flay\u0131c\u0131 Linkifier'i sunuyoruz.","og_url":"https:\/\/multihoster.org\/tr\/linkifier\/","og_site_name":"Multihoster.org","article_modified_time":"2020-01-08T11:58:56+00:00","og_image":[{"url":"https:\/\/multihoster.org\/wp-content\/uploads\/2018\/10\/logo-2.png"}],"twitter_card":"summary","twitter_misc":{"Tahmini okuma s\u00fcresi":"5 dakika"},"schema":{"@context":"https:\/\/schema.org","@graph":[{"@type":"WebSite","@id":"https:\/\/multihoster.org\/#website","url":"https:\/\/multihoster.org\/","name":"Multihoster.org","description":"Reviews of the major Filehosting services","potentialAction":[{"@type":"SearchAction","target":{"@type":"EntryPoint","urlTemplate":"https:\/\/multihoster.org\/?s={search_term_string}"},"query-input":"required name=search_term_string"}],"inLanguage":"tr"},{"@type":"ImageObject","@id":"https:\/\/multihoster.org\/tr\/linkifier\/#primaryimage","inLanguage":"tr","url":"https:\/\/multihoster.org\/wp-content\/uploads\/2018\/10\/logo-2.png","contentUrl":"https:\/\/multihoster.org\/wp-content\/uploads\/2018\/10\/logo-2.png","width":473,"height":165},{"@type":"WebPage","@id":"https:\/\/multihoster.org\/tr\/linkifier\/#webpage","url":"https:\/\/multihoster.org\/tr\/linkifier\/","name":"Testte Multihoster Linkifier - Multihoster.org'un deneyimleri","isPartOf":{"@id":"https:\/\/multihoster.org\/#website"},"primaryImageOfPage":{"@id":"https:\/\/multihoster.org\/tr\/linkifier\/#primaryimage"},"datePublished":"2018-10-04T13:40:55+00:00","dateModified":"2020-01-08T11:58:56+00:00","description":"\u00dccretsiz teklifin yan\u0131 s\u0131ra Linkifier'in premium hesab\u0131yla ilgileniyor musunuz? \u0130ncelemede sa\u011flay\u0131c\u0131 Linkifier'i sunuyoruz.","breadcrumb":{"@id":"https:\/\/multihoster.org\/tr\/linkifier\/#breadcrumb"},"inLanguage":"tr","potentialAction":[{"@type":"ReadAction","target":["https:\/\/multihoster.org\/tr\/linkifier\/"]}]},{"@type":"BreadcrumbList","@id":"https:\/\/multihoster.org\/tr\/linkifier\/#breadcrumb","itemListElement":[{"@type":"ListItem","position":1,"name":"Startseite","item":"https:\/\/multihoster.org\/tr\/"},{"@type":"ListItem","position":2,"name":"Linkifier deneyimi &#8211; provada Multihoster"}]}]}},"_links":{"self":[{"href":"https:\/\/multihoster.org\/tr\/wp-json\/wp\/v2\/pages\/1708"}],"collection":[{"href":"https:\/\/multihoster.org\/tr\/wp-json\/wp\/v2\/pages"}],"about":[{"href":"https:\/\/multihoster.org\/tr\/wp-json\/wp\/v2\/types\/page"}],"author":[{"embeddable":true,"href":"https:\/\/multihoster.org\/tr\/wp-json\/wp\/v2\/users\/2"}],"replies":[{"embeddable":true,"href":"https:\/\/multihoster.org\/tr\/wp-json\/wp\/v2\/comments?post=1708"}],"version-history":[{"count":7,"href":"https:\/\/multihoster.org\/tr\/wp-json\/wp\/v2\/pages\/1708\/revisions"}],"predecessor-version":[{"id":2377,"href":"https:\/\/multihoster.org\/tr\/wp-json\/wp\/v2\/pages\/1708\/revisions\/2377"}],"wp:attachment":[{"href":"https:\/\/multihoster.org\/tr\/wp-json\/wp\/v2\/media?parent=1708"}],"curies":[{"name":"wp","href":"https:\/\/api.w.org\/{rel}","templated":true}]}}