{"id":1829,"date":"2018-10-05T05:24:40","date_gmt":"2018-10-05T05:24:40","guid":{"rendered":"https:\/\/multihoster.org\/?page_id=1829"},"modified":"2018-10-05T14:53:29","modified_gmt":"2018-10-05T14:53:29","slug":"linksnappy","status":"publish","type":"page","link":"https:\/\/multihoster.org\/tr\/linksnappy\/","title":{"rendered":"LinkSnappy Experiences &#8211; Bir bak\u0131\u015fta Multihoster"},"content":{"rendered":"<p><img loading=\"lazy\" class=\"wp-image-1723 alignleft\" src=\"https:\/\/multihoster.org\/wp-content\/uploads\/2018\/10\/logo-3.png\" alt=\"logo\" width=\"204\" height=\"119\" srcset=\"https:\/\/multihoster.org\/wp-content\/uploads\/2018\/10\/logo-3.png 371w, https:\/\/multihoster.org\/wp-content\/uploads\/2018\/10\/logo-3-300x175.png 300w\" sizes=\"(max-width: 204px) 100vw, 204px\" \/><\/p>\n<p><span id=\"result_box\" class=\"\" lang=\"tr\">LinkSnappy multihosting size bir premium link generator ve torrent cloud istemcisi sunuyor. Buna ek olarak, LinkSnappy teklifini daha da eksiksiz ve g\u00fcvenli hale getirmek i\u00e7in bir\u00e7ok ba\u015fka \u00f6zellik vard\u0131r. <span class=\"\">Paysafecard gibi anonim \u00f6deme y\u00f6ntemleri ve Paypal gibi basit ve pop\u00fcler y\u00f6ntemler dahil olmak \u00fczere bir\u00e7ok \u00f6deme hizmeti sa\u011flay\u0131c\u0131s\u0131, basit \u00f6demeler i\u00e7in kullan\u0131labilir.<\/span> <span class=\"\">LinkSnappy sa\u011flay\u0131c\u0131y\u0131 test ettik ve deneyimimizi LinkSnappy ile sunmak istedik.<\/span><\/span><\/p>\n<h2><span id=\"result_box\" class=\"short_text\" lang=\"tr\">Tedarik\u00e7inin olumlu \u00f6zellikleri<\/span><\/h2>\n<ul>\n<li><span id=\"result_box\" class=\"\" lang=\"tr\">\u00dccretsiz kullan\u0131m imkan\u0131<\/span><\/li>\n<li><span id=\"result_box\" class=\"\" lang=\"tr\">Anonim \u00f6deme y\u00f6ntemleri<\/span><\/li>\n<li><span id=\"result_box\" class=\"\" lang=\"tr\"><span class=\"\">60&#8217;dan fazla dosya sunucusuna eri\u015fim<\/span><\/span><\/li>\n<li><span id=\"result_box\" class=\"\" lang=\"tr\"><span class=\"\">Kullan\u0131m\u0131 \u00e7ok kolay<\/span><\/span><\/li>\n<\/ul>\n<p>&nbsp;<\/p>\n<p><img loading=\"lazy\" class=\"alignnone size-full wp-image-1720\" src=\"https:\/\/multihoster.org\/wp-content\/uploads\/2018\/10\/linksnappy.jpg\" alt=\"linksnappy\" width=\"879\" height=\"631\" srcset=\"https:\/\/multihoster.org\/wp-content\/uploads\/2018\/10\/linksnappy.jpg 879w, https:\/\/multihoster.org\/wp-content\/uploads\/2018\/10\/linksnappy-300x215.jpg 300w, https:\/\/multihoster.org\/wp-content\/uploads\/2018\/10\/linksnappy-768x551.jpg 768w\" sizes=\"(max-width: 879px) 100vw, 879px\" \/><\/p>\n<p>&nbsp;<\/p>\n<h2><span id=\"result_box\" class=\"short_text\" lang=\"tr\"><span class=\"\">Bir bak\u0131\u015fta t\u00fcm LinkSnappy \u00fcr\u00fcnleri<\/span><\/span><\/h2>\n<p><span id=\"result_box\" class=\"\" lang=\"tr\">LinkSnappy servisini, bir yandan \u00fccretsiz FileSnappy hesab\u0131yla kullanabilir ve isterseniz, denemenin sonunda bir premium hesap sat\u0131n alabilirsiniz. <span class=\"\">Bunu e-posta ile kaydederek a\u00e7abilirsiniz; Google, Facebook ve Twitter gibi sosyal medya arac\u0131l\u0131\u011f\u0131yla da ba\u011flant\u0131 kurmak m\u00fcmk\u00fcnd\u00fcr.<\/span> <span class=\"\">\u00dccretsiz hesap sayesinde, g\u00fcnl\u00fck veri miktar\u0131 ve di\u011fer i\u015flevler s\u0131n\u0131rl\u0131d\u0131r.<\/span><\/p>\n<p><span class=\"\">T\u00fcm LinkSnappy servislerini kullanmak istiyorsan\u0131z, d\u00f6rt paketten birini kullanabilir ve bir Premium hesap sat\u0131n alabilirsiniz.<\/span> <span class=\"\">Tarihler 7 g\u00fcn, 30 g\u00fcn, 90 g\u00fcn ve 180 g\u00fcnd\u00fcr.<\/span><\/span><\/p>\n<h2><span id=\"result_box\" class=\"short_text\" lang=\"tr\"><span class=\"\">Bonus teklifleri<\/span><\/span><\/h2>\n<p><span id=\"result_box\" class=\"\" lang=\"tr\">LinkSnappy taraf\u0131ndan sunulan ilgin\u00e7 bir bonus, Premium LinkSnappy hesab\u0131n\u0131 tan\u0131tarak \u00fccretsiz abonelik g\u00fcnleri alma yetene\u011fidir. Bir \u00f6n ko\u015ful, yeni kullan\u0131c\u0131lar\u0131n LinkSnappy&#8217;e bir y\u00f6nlendirme ba\u011flant\u0131s\u0131 arac\u0131l\u0131\u011f\u0131yla eri\u015febilmeleri ve bir Premium aboneli\u011fine karar vermeleridir &#8211; bir konuk \u00fcye de avantajlardan yararlan\u0131r ve ilk sipari\u015fte% 5 indirim al\u0131r. <span class=\"\">90 veya 180 g\u00fcn boyunca bir Premium hesap olu\u015fturursan\u0131z, arkada\u015flar\u0131n\u0131za ve ailenize verebilece\u011finiz bir kupon al\u0131rs\u0131n\u0131z.<\/span><\/span><\/p>\n<h2><span id=\"result_box\" class=\"short_text\" lang=\"tr\"><span class=\"\">Maliyetler ve \u00f6deme y\u00f6ntemleri<\/span><\/span><\/h2>\n<p><span id=\"result_box\" class=\"\" lang=\"tr\">LinkSnappy Premium hesab\u0131n\u0131z i\u00e7in farkl\u0131 \u00f6deme y\u00f6ntemleri aras\u0131nda se\u00e7im yapabilirsiniz. \u00d6deme kredi kart\u0131, Paypal ve banka kart\u0131 ile yap\u0131labilir. <span class=\"\">Anonim \u00f6deme i\u00e7in Paysafecard kart \u00f6deme y\u00f6ntemi ve \u00e7e\u015fitli \u015fifreli para birimleri se\u00e7ilebilir.<\/span><\/span><\/p>\n<p><strong>\n<table id=\"tablepress-149\" class=\"tablepress tablepress-id-149\">\n<tbody class=\"row-hover\">\n<tr class=\"row-1 odd\">\n\t<td class=\"column-1\">7 g\u00fcn<\/td><td class=\"column-2\">30 g\u00fcn<\/td><td class=\"column-3\">90 g\u00fcn<\/td><td class=\"column-4\">180 g\u00fcn<\/td>\n<\/tr>\n<tr class=\"row-2 even\">\n\t<td class=\"column-1\">4,99 $<\/td><td class=\"column-2\">12,99 $<\/td><td class=\"column-3\">29,99 $<\/td><td class=\"column-4\">54,99 $<\/td>\n<\/tr>\n<tr class=\"row-3 odd\">\n\t<td class=\"column-1\"><\/td><td class=\"column-2\">30 g\u00fcn i\u00e7in kupon<\/td><td class=\"column-3\">60 g\u00fcn i\u00e7in kupon<\/td><td class=\"column-4\"><\/td>\n<\/tr>\n<\/tbody>\n<\/table>\n<!-- #tablepress-149 from cache --><\/strong><\/p>\n<h2><span id=\"result_box\" class=\"short_text\" lang=\"tr\"><span class=\"\">Gizlilik politikas\u0131<\/span><\/span><\/h2>\n<p><span id=\"result_box\" class=\"\" lang=\"tr\"><span class=\"\">Tabii ki, LinkSnappy&#8217;den geni\u015f bir veri korumas\u0131 bekleyebilirsiniz.<\/span> <span class=\"\">Ki\u015fisel verileriniz sadece istenilen s\u00fcre\u00e7lerde, \u00f6rne\u011fin kay\u0131t, \u00f6deme i\u015fleme veya ileti\u015fimde kullan\u0131lacakt\u0131r.<\/span> Ayr\u0131ca, IP adresi ve di\u011fer veriler ba\u011flant\u0131 \u00fcreticisini indirirken veya kullan\u0131rken i\u00e7 dizinlerde saklan\u0131r. <span class=\"\">Kullan\u0131m rahatl\u0131\u011f\u0131n\u0131 art\u0131rmak i\u00e7in demografik bilgiler toplan\u0131r ve reklam ortaklar\u0131yla payla\u015f\u0131labilir.<\/span> \u00c7erezler en uygun kullan\u0131m i\u00e7in de kullan\u0131l\u0131r. <span class=\"\">Tecr\u00fcbelerimize gelince, Linksnappy&#8217;in gizlilik ve veri korumas\u0131yla ilgili bir ele\u015ftirisi yok.<\/span><\/span><\/p>\n<p>&nbsp;<\/p>\n<p><img loading=\"lazy\" class=\"alignnone size-full wp-image-1721\" src=\"https:\/\/multihoster.org\/wp-content\/uploads\/2018\/10\/log-in-1.jpg\" alt=\"log in\" width=\"895\" height=\"641\" srcset=\"https:\/\/multihoster.org\/wp-content\/uploads\/2018\/10\/log-in-1.jpg 895w, https:\/\/multihoster.org\/wp-content\/uploads\/2018\/10\/log-in-1-300x215.jpg 300w, https:\/\/multihoster.org\/wp-content\/uploads\/2018\/10\/log-in-1-768x550.jpg 768w\" sizes=\"(max-width: 895px) 100vw, 895px\" \/><\/p>\n<p>&nbsp;<\/p>\n<h2><span id=\"result_box\" class=\"short_text\" lang=\"tr\"><span class=\"\">Sat\u0131\u015f sonras\u0131 servis<\/span><\/span><\/h2>\n<p><span id=\"result_box\" class=\"\" lang=\"tr\">LinkSnappy m\u00fc\u015fteri hizmetleri b\u00f6l\u00fcm\u00fcne giri\u015f yapt\u0131ktan sonra &#8220;Hesab\u0131m&#8221; sekmesine giderek eri\u015febilirsiniz. Bu sekmede, Yard\u0131m Masas\u0131&#8217;na ba\u011flant\u0131 da dahil olmak \u00fczere di\u011fer men\u00fc \u00f6\u011felerini bulacaks\u0131n\u0131z. Burada do\u011frudan bir bilet olu\u015fturabilir veya Servis Merkezine ba\u011flanabilirsiniz, b\u00f6ylece biletinizin durumunu kolayca kontrol edebilirsiniz. <span class=\"\">Sorununuzu, sayfan\u0131n \u00fcst k\u0131sm\u0131ndaki &#8220;Hesab\u0131m&#8221; sekmesinin yan\u0131ndaki SSS b\u00f6l\u00fcm\u00fcn\u00fc ziyaret ederek de \u00e7\u00f6zebilirsiniz.<\/span> <span class=\"\">Ayr\u0131ca, web sitesinin sa\u011f alt k\u00f6\u015fesinde canl\u0131 bir sohbet i\u015flevi vard\u0131r.<\/span><\/span><\/p>\n<p><img loading=\"lazy\" class=\"alignnone size-full wp-image-1722\" src=\"https:\/\/multihoster.org\/wp-content\/uploads\/2018\/10\/details.jpg\" alt=\"details\" width=\"898\" height=\"632\" srcset=\"https:\/\/multihoster.org\/wp-content\/uploads\/2018\/10\/details.jpg 898w, https:\/\/multihoster.org\/wp-content\/uploads\/2018\/10\/details-300x211.jpg 300w, https:\/\/multihoster.org\/wp-content\/uploads\/2018\/10\/details-768x541.jpg 768w, https:\/\/multihoster.org\/wp-content\/uploads\/2018\/10\/details-130x90.jpg 130w\" sizes=\"(max-width: 898px) 100vw, 898px\" \/><\/p>\n<h2><\/h2>\n<h2><span id=\"result_box\" class=\"short_text\" lang=\"tr\"><span class=\"\">Kullan\u0131m kolayl\u0131\u011f\u0131<\/span><\/span><\/h2>\n<p><span id=\"result_box\" class=\"\" lang=\"tr\"><span title=\"W te\u015bcie LinkSnappy sprawdzamy \u0142atwo\u015b\u0107 obs\u0142ugi i chcieliby\u015bmy podzieli\u0107 si\u0119 z Pa\u0144stwem naszymi do\u015bwiadczeniami z LinkSnappy.\">LinkSnappy testinde, kullan\u0131m kolayl\u0131\u011f\u0131n\u0131 kontrol ediyoruz ve deneyimimizi LinkSnappy ile sizlerle payla\u015fmak istiyoruz. <\/span><span title=\"Strona ma przejrzyst\u0105 struktur\u0119, dzi\u0119ki czemu wszystkie podstawowe informacje o dostawcy mo\u017cna znale\u017a\u0107 na stronie g\u0142\u00f3wnej.\n\n\">Sitenin \u015feffaf bir yap\u0131s\u0131 vard\u0131r, bu y\u00fczden tedarik\u00e7iyle ilgili t\u00fcm temel bilgiler ana sayfada bulunabilir.<\/p>\n<p><\/span><span title=\"Bezp\u0142atna rejestracja jest r\u00f3wnie\u017c mo\u017cliwa poprzez stron\u0119 g\u0142\u00f3wn\u0105.\">Ana sayfa \u00fczerinden \u00fccretsiz kay\u0131t da m\u00fcmk\u00fcnd\u00fcr. <\/span><span title=\"Na dole strony znajdziesz wi\u0119cej informacji na temat zadowolenia klienta poprzez konsultacje z innymi u\u017cytkownikami, kt\u00f3rzy ju\u017c wypr\u00f3bowali LinkSnappy.\n\n\">Sayfan\u0131n alt k\u0131sm\u0131nda, LinkSnappy&#8217;i daha \u00f6nce denemi\u015f olan di\u011fer kullan\u0131c\u0131lara dan\u0131\u015farak m\u00fc\u015fteri memnuniyeti hakk\u0131nda daha fazla bilgi bulacaks\u0131n\u0131z.<\/p>\n<p><\/span><span title=\"Powy\u017cej znajdziesz r\u00f3wnie\u017c sekcj\u0119 pyta\u0144 i odpowiedzi oraz pomocne samouczki na temat korzystania z Linksnappy.com.\">Yukar\u0131da ayr\u0131ca Linksnappy.com&#8217;u kullanma konusunda sorular\u0131n, cevaplar\u0131n ve faydal\u0131 \u00f6\u011freticilerin bir b\u00f6l\u00fcm\u00fcn\u00fc bulacaks\u0131n\u0131z. <\/span><span title=\"W sekcji Status znajdziesz szczeg\u00f3\u0142owe informacje na temat obs\u0142ugiwanych plik\u00f3w hosta oraz informacje na temat statusu Twojego konta.\n\n\">Durum b\u00f6l\u00fcm\u00fcnde, hizmet verilecek ana bilgisayar dosyalar\u0131 ve hesab\u0131n\u0131z\u0131n durumu hakk\u0131nda bilgi bulabilirsiniz.<\/p>\n<p><\/span><span title=\"Po po\u0142\u0105czeniu, nowe opcje &quot;Pobierz&quot; i &quot;Torrent&quot; s\u0105 dost\u0119pne u g\u00f3ry strony.\">Ba\u011flant\u0131dan sonra, sayfan\u0131n \u00fcst k\u0131sm\u0131nda bulunan &#8220;\u0130ndir&#8221; ve &#8220;Torrent&#8221; se\u00e7eneklerinden yararlanabilirsiniz. <\/span><span title=\"Tutaj mo\u017cesz pobra\u0107 i zarz\u0105dza\u0107 \u017c\u0105danymi plikami.\">Burada istedi\u011finiz dosyalar\u0131 indirebilir ve y\u00f6netebilirsiniz. <\/span><span title=\"Poni\u017cej znajduj\u0105 si\u0119 zak\u0142adki &quot;Linki&quot; i &quot;Pliki&quot;.\">A\u015fa\u011f\u0131da &#8220;Ba\u011flant\u0131lar&#8221; ve &#8220;Dosyalar&#8221; sekmeleri vard\u0131r. <\/span><span title=\"Znajdziesz tam r\u00f3wnie\u017c opcj\u0119 Premium Update oraz zak\u0142adk\u0119 Support.\n\n\">Premium G\u00fcncelleme se\u00e7ene\u011fini ve Destek sekmesini de bulabilirsiniz.<\/p>\n<p><\/span><span title=\"Og\u00f3lnie rzecz bior\u0105c, nasze do\u015bwiadczenie pokazuje, \u017ce LinkSnappy oferuje dobr\u0105 obs\u0142ug\u0119 i atrakcyjn\u0105 \u0142atwo\u015b\u0107 obs\u0142ugi.\">Genel olarak, deneyimlerimiz LinkSnappy&#8217;in iyi servis ve \u00e7ekici kullan\u0131m kolayl\u0131\u011f\u0131 sundu\u011funu g\u00f6stermektedir.<\/span><\/span><\/p>\n<h2><span id=\"result_box\" class=\"short_text\" lang=\"tr\"><span class=\"\">Premium Link Snappy hesab\u0131n\u0131n avantajlar\u0131<\/span><\/span><\/h2>\n<p><span id=\"result_box\" class=\"\" lang=\"tr\">Premium LinkSnappy hesab\u0131yla, deneyimlerimize dayanarak 60&#8217;tan fazla dosya ana bilgisayar\u0131yla en y\u00fcksek indirme h\u0131z\u0131n\u0131n keyfini \u00e7\u0131karabilirsiniz. Ek olarak, &#8220;\u00d6zel indirme&#8221; i\u015flevini kullan\u0131rs\u0131n\u0131z, bu nedenle ne IP adresiniz ne de indirilecek olan dosyalar kaydedilmez. Dosyalar\u0131 indirmeye gerek kalmadan do\u011frudan \u00e7evrimi\u00e7i olarak da da\u011f\u0131tabilirsiniz. Premium hesap ayr\u0131ca otomatik ba\u011flant\u0131 \u00fcretimi i\u00e7in Chrome, Firefox ve jDownloader i\u00e7in kullan\u0131\u015fl\u0131 eklentiler sunar. M\u00fc\u015fteri hizmetleri departman\u0131, herhangi bir sorunu h\u0131zl\u0131 bir \u015fekilde \u00e7\u00f6zmenize yard\u0131mc\u0131 olmak i\u00e7in haftada 7 g\u00fcn, g\u00fcnde 24 saat hizmetinizdedir. <span class=\"\">Premium Hesap hizmetini be\u011fenmezseniz, 7 g\u00fcnl\u00fck bir para iade garantiniz olur.<\/span><\/span><\/p>\n<h2><span id=\"result_box\" class=\"short_text\" lang=\"tr\"><span class=\"\">LinkSnappy i\u00e7in uygulamalar\u0131m\u0131z<\/span><\/span><\/h2>\n<p><span id=\"result_box\" class=\"\" lang=\"tr\">Son olarak, LinkSnappy&#8217;nin art\u0131k \u00fccretsiz bir hesapla tam hizmet sundu\u011funu s\u00f6yleyebiliriz. Site \u00e7ok net bir \u015fekilde d\u00fczenlenmi\u015ftir ve kay\u0131t i\u015flemi h\u0131zl\u0131 ve kolayd\u0131r. Maksimum indirme h\u0131z\u0131ndan yararlanmak ve ek \u00f6zelliklerden yararlanmak istiyorsan\u0131z, bir LinkSnappy Premium hesab\u0131 sat\u0131n almak i\u00e7in d\u00f6rt elit abonelikten birini sat\u0131n alabilirsiniz. \u00d6deme y\u00f6ntemleri olarak pop\u00fcler Paypal ve Paysafecard y\u00f6ntemleri de dahil olmak \u00fczere bir\u00e7ok tedarik\u00e7i bulabilirsiniz. <span class=\"\">Bu bak\u0131mdan, 7 g\u00fcnl\u00fck bir para iade garantisi de ilgi \u00e7ekicidir.<\/span> <span class=\"\">M\u00fc\u015fteri servisi, canl\u0131 sohbet yoluyla da kolayca bulunabiliyor ve bonus teklifleri \u00e7ok ilgin\u00e7.<\/span> <span class=\"\">Tecr\u00fcbemizin bak\u0131\u015f a\u00e7\u0131s\u0131ndan, tedarik\u00e7i bu nedenle tamamen ikna edebilir.<\/span><\/span><\/p>\n","protected":false},"excerpt":{"rendered":"<p>LinkSnappy multihosting size bir premium link generator ve torrent cloud istemcisi sunuyor. Buna ek olarak, LinkSnappy teklifini daha da eksiksiz<\/p>\n","protected":false},"author":2,"featured_media":0,"parent":0,"menu_order":0,"comment_status":"closed","ping_status":"closed","template":"","meta":[],"yoast_head":"<!-- This site is optimized with the Yoast SEO plugin v18.3 - https:\/\/yoast.com\/wordpress\/plugins\/seo\/ -->\n<title>lll \u25b7 Linksnappy hesab\u0131 sayg\u0131n olsun ya da olmas\u0131n? Multihoster.org \u00fczerinde +++ test<\/title>\n<meta name=\"description\" content=\"MultiHoster LinkSnappy&#039;i test ettik ve servis sa\u011flay\u0131c\u0131m\u0131z\u0131n ciddiyetiyle ilgili deneyimlerimizi sizlerle payla\u015fmak istiyoruz.\" \/>\n<meta name=\"robots\" content=\"index, follow, max-snippet:-1, max-image-preview:large, max-video-preview:-1\" \/>\n<link rel=\"canonical\" href=\"https:\/\/multihoster.org\/tr\/linksnappy\/\" \/>\n<meta property=\"og:locale\" content=\"tr_TR\" \/>\n<meta property=\"og:type\" content=\"article\" \/>\n<meta property=\"og:title\" content=\"lll \u25b7 Linksnappy hesab\u0131 sayg\u0131n olsun ya da olmas\u0131n? Multihoster.org \u00fczerinde +++ test\" \/>\n<meta property=\"og:description\" content=\"MultiHoster LinkSnappy&#039;i test ettik ve servis sa\u011flay\u0131c\u0131m\u0131z\u0131n ciddiyetiyle ilgili deneyimlerimizi sizlerle payla\u015fmak istiyoruz.\" \/>\n<meta property=\"og:url\" content=\"https:\/\/multihoster.org\/tr\/linksnappy\/\" \/>\n<meta property=\"og:site_name\" content=\"Multihoster.org\" \/>\n<meta property=\"article:modified_time\" content=\"2018-10-05T14:53:29+00:00\" \/>\n<meta property=\"og:image\" content=\"https:\/\/multihoster.org\/wp-content\/uploads\/2018\/10\/logo-3.png\" \/>\n<meta name=\"twitter:card\" content=\"summary\" \/>\n<meta name=\"twitter:label1\" content=\"Tahmini okuma s\u00fcresi\" \/>\n\t<meta name=\"twitter:data1\" content=\"5 dakika\" \/>\n<script type=\"application\/ld+json\" class=\"yoast-schema-graph\">{\"@context\":\"https:\/\/schema.org\",\"@graph\":[{\"@type\":\"WebSite\",\"@id\":\"https:\/\/multihoster.org\/#website\",\"url\":\"https:\/\/multihoster.org\/\",\"name\":\"Multihoster.org\",\"description\":\"Reviews of the major Filehosting services\",\"potentialAction\":[{\"@type\":\"SearchAction\",\"target\":{\"@type\":\"EntryPoint\",\"urlTemplate\":\"https:\/\/multihoster.org\/?s={search_term_string}\"},\"query-input\":\"required name=search_term_string\"}],\"inLanguage\":\"tr\"},{\"@type\":\"ImageObject\",\"@id\":\"https:\/\/multihoster.org\/tr\/linksnappy\/#primaryimage\",\"inLanguage\":\"tr\",\"url\":\"https:\/\/multihoster.org\/wp-content\/uploads\/2018\/10\/logo-3.png\",\"contentUrl\":\"https:\/\/multihoster.org\/wp-content\/uploads\/2018\/10\/logo-3.png\",\"width\":371,\"height\":216},{\"@type\":\"WebPage\",\"@id\":\"https:\/\/multihoster.org\/tr\/linksnappy\/#webpage\",\"url\":\"https:\/\/multihoster.org\/tr\/linksnappy\/\",\"name\":\"lll \u25b7 Linksnappy hesab\u0131 sayg\u0131n olsun ya da olmas\u0131n? Multihoster.org \u00fczerinde +++ test\",\"isPartOf\":{\"@id\":\"https:\/\/multihoster.org\/#website\"},\"primaryImageOfPage\":{\"@id\":\"https:\/\/multihoster.org\/tr\/linksnappy\/#primaryimage\"},\"datePublished\":\"2018-10-05T05:24:40+00:00\",\"dateModified\":\"2018-10-05T14:53:29+00:00\",\"description\":\"MultiHoster LinkSnappy'i test ettik ve servis sa\u011flay\u0131c\u0131m\u0131z\u0131n ciddiyetiyle ilgili deneyimlerimizi sizlerle payla\u015fmak istiyoruz.\",\"breadcrumb\":{\"@id\":\"https:\/\/multihoster.org\/tr\/linksnappy\/#breadcrumb\"},\"inLanguage\":\"tr\",\"potentialAction\":[{\"@type\":\"ReadAction\",\"target\":[\"https:\/\/multihoster.org\/tr\/linksnappy\/\"]}]},{\"@type\":\"BreadcrumbList\",\"@id\":\"https:\/\/multihoster.org\/tr\/linksnappy\/#breadcrumb\",\"itemListElement\":[{\"@type\":\"ListItem\",\"position\":1,\"name\":\"Startseite\",\"item\":\"https:\/\/multihoster.org\/tr\/\"},{\"@type\":\"ListItem\",\"position\":2,\"name\":\"LinkSnappy Experiences &#8211; Bir bak\u0131\u015fta Multihoster\"}]}]}<\/script>\n<!-- \/ Yoast SEO plugin. -->","yoast_head_json":{"title":"lll \u25b7 Linksnappy hesab\u0131 sayg\u0131n olsun ya da olmas\u0131n? Multihoster.org \u00fczerinde +++ test","description":"MultiHoster LinkSnappy'i test ettik ve servis sa\u011flay\u0131c\u0131m\u0131z\u0131n ciddiyetiyle ilgili deneyimlerimizi sizlerle payla\u015fmak istiyoruz.","robots":{"index":"index","follow":"follow","max-snippet":"max-snippet:-1","max-image-preview":"max-image-preview:large","max-video-preview":"max-video-preview:-1"},"canonical":"https:\/\/multihoster.org\/tr\/linksnappy\/","og_locale":"tr_TR","og_type":"article","og_title":"lll \u25b7 Linksnappy hesab\u0131 sayg\u0131n olsun ya da olmas\u0131n? Multihoster.org \u00fczerinde +++ test","og_description":"MultiHoster LinkSnappy'i test ettik ve servis sa\u011flay\u0131c\u0131m\u0131z\u0131n ciddiyetiyle ilgili deneyimlerimizi sizlerle payla\u015fmak istiyoruz.","og_url":"https:\/\/multihoster.org\/tr\/linksnappy\/","og_site_name":"Multihoster.org","article_modified_time":"2018-10-05T14:53:29+00:00","og_image":[{"url":"https:\/\/multihoster.org\/wp-content\/uploads\/2018\/10\/logo-3.png"}],"twitter_card":"summary","twitter_misc":{"Tahmini okuma s\u00fcresi":"5 dakika"},"schema":{"@context":"https:\/\/schema.org","@graph":[{"@type":"WebSite","@id":"https:\/\/multihoster.org\/#website","url":"https:\/\/multihoster.org\/","name":"Multihoster.org","description":"Reviews of the major Filehosting services","potentialAction":[{"@type":"SearchAction","target":{"@type":"EntryPoint","urlTemplate":"https:\/\/multihoster.org\/?s={search_term_string}"},"query-input":"required name=search_term_string"}],"inLanguage":"tr"},{"@type":"ImageObject","@id":"https:\/\/multihoster.org\/tr\/linksnappy\/#primaryimage","inLanguage":"tr","url":"https:\/\/multihoster.org\/wp-content\/uploads\/2018\/10\/logo-3.png","contentUrl":"https:\/\/multihoster.org\/wp-content\/uploads\/2018\/10\/logo-3.png","width":371,"height":216},{"@type":"WebPage","@id":"https:\/\/multihoster.org\/tr\/linksnappy\/#webpage","url":"https:\/\/multihoster.org\/tr\/linksnappy\/","name":"lll \u25b7 Linksnappy hesab\u0131 sayg\u0131n olsun ya da olmas\u0131n? Multihoster.org \u00fczerinde +++ test","isPartOf":{"@id":"https:\/\/multihoster.org\/#website"},"primaryImageOfPage":{"@id":"https:\/\/multihoster.org\/tr\/linksnappy\/#primaryimage"},"datePublished":"2018-10-05T05:24:40+00:00","dateModified":"2018-10-05T14:53:29+00:00","description":"MultiHoster LinkSnappy'i test ettik ve servis sa\u011flay\u0131c\u0131m\u0131z\u0131n ciddiyetiyle ilgili deneyimlerimizi sizlerle payla\u015fmak istiyoruz.","breadcrumb":{"@id":"https:\/\/multihoster.org\/tr\/linksnappy\/#breadcrumb"},"inLanguage":"tr","potentialAction":[{"@type":"ReadAction","target":["https:\/\/multihoster.org\/tr\/linksnappy\/"]}]},{"@type":"BreadcrumbList","@id":"https:\/\/multihoster.org\/tr\/linksnappy\/#breadcrumb","itemListElement":[{"@type":"ListItem","position":1,"name":"Startseite","item":"https:\/\/multihoster.org\/tr\/"},{"@type":"ListItem","position":2,"name":"LinkSnappy Experiences &#8211; Bir bak\u0131\u015fta Multihoster"}]}]}},"_links":{"self":[{"href":"https:\/\/multihoster.org\/tr\/wp-json\/wp\/v2\/pages\/1829"}],"collection":[{"href":"https:\/\/multihoster.org\/tr\/wp-json\/wp\/v2\/pages"}],"about":[{"href":"https:\/\/multihoster.org\/tr\/wp-json\/wp\/v2\/types\/page"}],"author":[{"embeddable":true,"href":"https:\/\/multihoster.org\/tr\/wp-json\/wp\/v2\/users\/2"}],"replies":[{"embeddable":true,"href":"https:\/\/multihoster.org\/tr\/wp-json\/wp\/v2\/comments?post=1829"}],"version-history":[{"count":2,"href":"https:\/\/multihoster.org\/tr\/wp-json\/wp\/v2\/pages\/1829\/revisions"}],"predecessor-version":[{"id":1833,"href":"https:\/\/multihoster.org\/tr\/wp-json\/wp\/v2\/pages\/1829\/revisions\/1833"}],"wp:attachment":[{"href":"https:\/\/multihoster.org\/tr\/wp-json\/wp\/v2\/media?parent=1829"}],"curies":[{"name":"wp","href":"https:\/\/api.w.org\/{rel}","templated":true}]}}