{"id":1913,"date":"2018-10-05T14:54:47","date_gmt":"2018-10-05T14:54:47","guid":{"rendered":"https:\/\/multihoster.org\/?page_id=1913"},"modified":"2018-10-05T14:54:47","modified_gmt":"2018-10-05T14:54:47","slug":"share-online","status":"publish","type":"page","link":"https:\/\/multihoster.org\/tr\/share-online\/","title":{"rendered":"Premium Share-Online Hesab\u0131 &#8211; Ana bilgisayar dosyas\u0131n\u0131n g\u00f6zden ge\u00e7irilmesi"},"content":{"rendered":"<p><img loading=\"lazy\" class=\"wp-image-1871 alignleft\" src=\"https:\/\/multihoster.org\/wp-content\/uploads\/2018\/10\/logo-4.png\" alt=\"\" width=\"236\" height=\"61\" \/><\/p>\n<p><span id=\"result_box\" class=\"\" lang=\"tr\">Share-Online hem indirme hem de indirme fonksiyonlar\u0131 sunar. Teklif \u00fccretsiz bir fatura hesab\u0131 ve premium bir hesaba eri\u015fim i\u00e7erir. <span class=\"\">Yedekleme hesab\u0131n\u0131n kullan\u0131m\u0131yla ilgili birka\u00e7 k\u0131s\u0131tlama vard\u0131r ve premium eri\u015fim, t\u00fcm i\u015flevleri kullanman\u0131za izin verir.<\/span><\/span><\/p>\n<h2><span id=\"result_box\" class=\"short_text\" lang=\"tr\"><span class=\"\">Bir bak\u0131\u015fta t\u00fcm Share-Online \u00fcr\u00fcnleri<\/span><\/span><\/h2>\n<p><span id=\"result_box\" class=\"\" lang=\"tr\">\u00dccretsiz \u00c7evrimi\u00e7i Payla\u015f\u0131m teklifinden yararlanmak istiyorsan\u0131z, belirli s\u0131n\u0131rlamalara sahip bir koleksiyoncu hesab\u0131yla ba\u015flayabilirsiniz. \u0130ndirme k\u0131s\u0131tlamalar\u0131 aras\u0131nda en az 30 saniyelik bekleme s\u00fcresi, saniyede 150 kb h\u0131z s\u0131n\u0131r\u0131 ve dosya ba\u015f\u0131na saat ba\u015f\u0131na 2 GB indirme s\u0131n\u0131r\u0131 bulunur. \u0130ndirme s\u00f6z konusu oldu\u011funda, dosyalar en fazla 45 g\u00fcnl\u00fck i\u015flem yap\u0131lmad\u0131\u011f\u0131nda silinir.<\/span><\/p>\n<p><span class=\"\">\u00c7evrimi\u00e7i Payla\u015f\u0131lan Premium Hesap ile hemen ba\u015flayabilir ve maksimum indirme h\u0131z\u0131n\u0131n keyfini \u00e7\u0131karabilirsiniz.<\/span> <span class=\"\">Ayr\u0131ca bekleme s\u00fcresi, reklam ve di\u011fer pek \u00e7ok fonksiyon yoktur.<\/span><\/p>\n<p><span class=\"\">Art\u0131k ana sayfaya kay\u0131t olmak zorunda kalmadan 1024 MB&#8217;a kadar dosyalar\u0131 kolayca indirebilirsiniz.<\/span><\/p>\n<h2><span id=\"result_box\" class=\"short_text\" lang=\"tr\"><span class=\"\">Bonus teklifleri<\/span><\/span><\/h2>\n<p><span id=\"result_box\" class=\"\" lang=\"tr\">Share-Online ortakl\u0131k program\u0131n\u0131 iki \u015fekilde kullanabilirsiniz. Bir yandan, \u00c7evrimi\u00e7i Payla\u015f teklifini arkada\u015flar\u0131n\u0131za ve tan\u0131d\u0131klar\u0131n\u0131za bireysel bir ba\u011fl\u0131 kurulu\u015f linki \u00fczerinden tan\u0131tabilirsiniz. Ayr\u0131ca, web sitenizde afi\u015fleri kullanarak reklam verebilirsiniz. 7 g\u00fcn veya daha uzun bir s\u00fcre i\u00e7in ge\u00e7erli bir hesap sat\u0131n ald\u0131\u011f\u0131n\u0131zda, her bir ilk sat\u0131\u015f i\u00e7in% 30 ve m\u00fcteakip sat\u0131n al\u0131mlar i\u00e7in% 20 komisyon alacaks\u0131n\u0131z.<\/span><\/p>\n<p>&nbsp;<\/p>\n<p><img loading=\"lazy\" class=\"size-full wp-image-1844 aligncenter\" src=\"https:\/\/multihoster.org\/wp-content\/uploads\/2018\/10\/Share-Online.jpg\" alt=\"Share-Online\" width=\"1086\" height=\"711\" srcset=\"https:\/\/multihoster.org\/wp-content\/uploads\/2018\/10\/Share-Online.jpg 1086w, https:\/\/multihoster.org\/wp-content\/uploads\/2018\/10\/Share-Online-300x196.jpg 300w, https:\/\/multihoster.org\/wp-content\/uploads\/2018\/10\/Share-Online-768x503.jpg 768w, https:\/\/multihoster.org\/wp-content\/uploads\/2018\/10\/Share-Online-1024x670.jpg 1024w\" sizes=\"(max-width: 1086px) 100vw, 1086px\" \/><\/p>\n<h2><span id=\"result_box\" class=\"short_text\" lang=\"tr\"><span class=\"\">Maliyetler ve \u00f6deme y\u00f6ntemleri<\/span><\/span><\/h2>\n<p><span id=\"result_box\" class=\"\" lang=\"tr\">Tedarik\u00e7i geni\u015f bir yelpazede y\u00fcksek kaliteli eri\u015fim paketleri sunmaktad\u0131r &#8211; 2 paketten 1080 g\u00fcne kadar 9 paketten se\u00e7im yapabilirsiniz. Pop\u00fcler Paypal ve Paysafecard y\u00f6ntemleri dahil olmak \u00fczere \u00e7e\u015fitli \u00f6deme y\u00f6ntemleri vard\u0131r. \u00d6deme yapmak da m\u00fcmk\u00fcnd\u00fcr. \u0130sterseniz, normal bir banka havalesi, do\u011frudan banka havalesi, web adresi, SMS veya telefon se\u00e7ebilirsiniz. BitPay \u00fczerinden \u015fifreli bir para birimi ile de \u00f6deme yapabilirsiniz. \u0130ste\u011fe ba\u011fl\u0131 olarak, varsa bir kupon kodu girebilirsiniz. <span class=\"\">Farkl\u0131 bir \u00f6deme y\u00f6ntemini tercih ediyorsan\u0131z, alt\u0131 adet \u00c7evrimi\u00e7i Payla\u015f\u0131m ma\u011fazas\u0131n\u0131 tan\u0131tan Kuponlar b\u00f6l\u00fcm\u00fcnde bir men\u00fc \u00f6\u011fesi bulacaks\u0131n\u0131z.<\/span><\/span><\/p>\n<p><strong>\n<table id=\"tablepress-158\" class=\"tablepress tablepress-id-158\">\n<tbody class=\"row-hover\">\n<tr class=\"row-1 odd\">\n\t<td class=\"column-1\">\u00e7al\u0131\u015fma s\u00fcresi<\/td><td class=\"column-2\">fiyat<\/td><td class=\"column-3\">G\u00fcnl\u00fck fiyat<\/td><td class=\"column-4\">ikramiye<br \/>\n(100 puan = 1 \u20ac)<\/td>\n<\/tr>\n<tr class=\"row-2 even\">\n\t<td class=\"column-1\">2 g\u00fcn<\/td><td class=\"column-2\">4,99 \u20ac<\/td><td class=\"column-3\">2,50 \u20ac<\/td><td class=\"column-4\">200 puan<\/td>\n<\/tr>\n<tr class=\"row-3 odd\">\n\t<td class=\"column-1\">30 g\u00fcn<\/td><td class=\"column-2\">9,49 \u20ac<\/td><td class=\"column-3\">0,32 \u20ac<\/td><td class=\"column-4\">1000 puan<\/td>\n<\/tr>\n<tr class=\"row-4 even\">\n\t<td class=\"column-1\">36 g\u00fcn<\/td><td class=\"column-2\">10,00 \u20ac<\/td><td class=\"column-3\">0,28 \u20ac<\/td><td class=\"column-4\">2000 puan<\/td>\n<\/tr>\n<tr class=\"row-5 odd\">\n\t<td class=\"column-1\">90 g\u00fcn<\/td><td class=\"column-2\">21,99 \u20ac<\/td><td class=\"column-3\">0,24 \u20ac<\/td><td class=\"column-4\">2000 puan<\/td>\n<\/tr>\n<tr class=\"row-6 even\">\n\t<td class=\"column-1\">105 g\u00fcn<\/td><td class=\"column-2\">25,00 \u20ac<\/td><td class=\"column-3\">0,24 \u20ac<\/td><td class=\"column-4\">3500 puan<\/td>\n<\/tr>\n<tr class=\"row-7 odd\">\n\t<td class=\"column-1\">180 g\u00fcn<\/td><td class=\"column-2\">37,99 \u20ac<\/td><td class=\"column-3\">0,21 \u20ac<\/td><td class=\"column-4\">3800 puan<\/td>\n<\/tr>\n<tr class=\"row-8 even\">\n\t<td class=\"column-1\">270 g\u00fcn<\/td><td class=\"column-2\">50,00 \u20ac<\/td><td class=\"column-3\">0,19 \u20ac<\/td><td class=\"column-4\">4000 puan<\/td>\n<\/tr>\n<tr class=\"row-9 odd\">\n\t<td class=\"column-1\">480 g\u00fcn<\/td><td class=\"column-2\">59,99 \u20ac<\/td><td class=\"column-3\">0,14 \u20ac<\/td><td class=\"column-4\">4000 puan<\/td>\n<\/tr>\n<tr class=\"row-10 even\">\n\t<td class=\"column-1\">1080 g\u00fcn<\/td><td class=\"column-2\">99,99 \u20ac<\/td><td class=\"column-3\">0,09 \u20ac<\/td><td class=\"column-4\">8000 puan<\/td>\n<\/tr>\n<\/tbody>\n<\/table>\n<!-- #tablepress-158 from cache --><\/strong><\/p>\n<p><span id=\"result_box\" class=\"\" lang=\"tr\">Sadece birka\u00e7 g\u00fcnl\u00fc\u011f\u00fcne eri\u015fime izin veren premium eri\u015fimi de\u011fil, ayn\u0131 zamanda \u00f6n \u00f6demeli fonlardan da yararlanabilirsiniz. <span class=\"\">Kredinizi kendi takdirinize ba\u011fl\u0131 olarak toplayabilir ve isterseniz bir saat, \u00fc\u00e7 saat, dokuz saat ya da 15 saatlik bir rezervasyon yapabilirsiniz.<\/span><\/span><\/p>\n<h2><span id=\"result_box\" class=\"short_text\" lang=\"tr\"><span class=\"\">Gizlilik politikas\u0131<\/span><\/span><\/h2>\n<p><span id=\"result_box\" class=\"\" lang=\"tr\">Filehoster Share-Online, saklanan bilgileri g\u00fcvenli bir \u015fekilde i\u015flemek i\u00e7in her t\u00fcrl\u00fc \u00e7abay\u0131 sarf etti\u011fini beyan eder. Onlar sat\u0131lmaz veya de\u011fi\u015ftirilmez. E-posta adresi yaln\u0131zca bildirim amac\u0131yla kullan\u0131l\u0131r ve daha sonra silinir. <span class=\"\">IP adresiniz, \u00fcretim kapasitesinin kullan\u0131m\u0131yla ilgili istatistiksel ama\u00e7lar i\u00e7in kaydedilir ve indirme i\u015fleminin bitiminden sonra bir saat i\u00e7inde silinir.<\/span><\/span><\/p>\n<p><img loading=\"lazy\" class=\"size-full wp-image-1853 aligncenter\" src=\"https:\/\/multihoster.org\/wp-content\/uploads\/2018\/10\/features.jpg\" alt=\"features\" width=\"1010\" height=\"702\" srcset=\"https:\/\/multihoster.org\/wp-content\/uploads\/2018\/10\/features.jpg 1010w, https:\/\/multihoster.org\/wp-content\/uploads\/2018\/10\/features-300x209.jpg 300w, https:\/\/multihoster.org\/wp-content\/uploads\/2018\/10\/features-768x534.jpg 768w, https:\/\/multihoster.org\/wp-content\/uploads\/2018\/10\/features-392x272.jpg 392w, https:\/\/multihoster.org\/wp-content\/uploads\/2018\/10\/features-130x90.jpg 130w\" sizes=\"(max-width: 1010px) 100vw, 1010px\" \/><\/p>\n<p>&nbsp;<\/p>\n<h2><span id=\"result_box\" class=\"short_text\" lang=\"tr\"><span class=\"\">Sat\u0131\u015f sonras\u0131 servis<\/span><\/span><\/h2>\n<p><span id=\"result_box\" class=\"\" lang=\"tr\">M\u00fc\u015fteri hizmetleri b\u00f6l\u00fcm\u00fcne eri\u015fmek i\u00e7in ana sayfan\u0131n \u00fcst k\u0131sm\u0131ndaki &#8220;Teknik destek&#8221; men\u00fc se\u00e7ene\u011fini kullanabilirsiniz. Buradan, bir soru sorabilece\u011finiz ve arama yard\u0131m\u0131na t\u0131klayarak cevap arad\u0131\u011f\u0131n\u0131z HELPDESK&#8217;e eri\u015febilirsiniz. Ayr\u0131ca geni\u015f bir bilgi bankas\u0131 da bulacaks\u0131n\u0131z. <span class=\"\">Bu \u015fekilde bir \u00e7\u00f6z\u00fcm bulamazsan\u0131z, bireysel yard\u0131m bileti a\u00e7abilir ve talep halinde bilet durumunu kontrol edebilirsiniz.<\/span><\/span><\/p>\n<h2><span id=\"result_box\" class=\"short_text\" lang=\"tr\"><span class=\"\">Kullan\u0131m kolayl\u0131\u011f\u0131<\/span><\/span><\/h2>\n<p><span id=\"result_box\" class=\"\" lang=\"tr\"><span title=\"Strona Share-Online.biz jest przejrzysta i \u0142atwa w obs\u0142udze.\">Share-Online.biz web sitesi \u015feffaf ve kullan\u0131m\u0131 kolayd\u0131r. <\/span><span title=\"Mo\u017cesz pobra\u0107 pliki do 1024 MB bezpo\u015brednio ze strony g\u0142\u00f3wnej bez konieczno\u015bci rejestracji.\">Kay\u0131t yapmadan do\u011frudan ana sayfadan 1024 MB&#8217;a kadar dosyalar\u0131 indirebilirsiniz. <\/span><span title=\"Je\u015bli chcesz skorzysta\u0107 z wi\u0119kszej liczby funkcji, mo\u017cesz utworzy\u0107 darmowe konto lub kupi\u0107 bezpo\u015brednio konto premium.\">Daha fazla \u00f6zellikten yararlanmak istiyorsan\u0131z, \u00fccretsiz bir hesap olu\u015fturabilir veya do\u011frudan bir premium hesap sat\u0131n alabilirsiniz. <\/span><span title=\"Opcj\u0119 rejestracji znajdziesz u g\u00f3ry menu, opr\u00f3cz zak\u0142adek &quot;NEW&quot;, &quot;PACKAGE COMPARISON&quot;, &quot;FAQ&quot;, &quot;TOOLS&quot; i &quot;SUPPORT&quot;. \">Kay\u0131t se\u00e7ene\u011fi, men\u00fcn\u00fcn en \u00fcst\u00fcnde &#8220;NEW&#8221;, &#8220;PACKAGE COMPARISON&#8221;, &#8220;FAQ&#8221;, &#8220;TOOLS&#8221; ve &#8220;SUPPORT&#8221; sekmelerine ek olarak bulunabilir.<\/span><\/span><\/p>\n<p><span title=\"Rejestracja wymaga podania tylko adresu e-mail, Twoje dane logowania zostan\u0105 wys\u0142ane do Ciebie natychmiast po rejestracji na stronie.\">Kay\u0131t sadece bir e-posta adresi gerektiriyorsa, giri\u015f bilgileriniz siteye kay\u0131t olduktan hemen sonra size g\u00f6nderilecektir. <\/span><span title=\"Dlatego absolutnie nie ma potrzeby zagl\u0105dania do skrzynki pocztowej. \">Bu y\u00fczden posta kutunuza bakmaya kesinlikle gerek yok.<\/span><\/p>\n<p><span title=\"Po rejestracji mo\u017cna r\u00f3wnie\u017c wybra\u0107 opcj\u0119 &quot;M\u00d3J PROFIL&quot;.\">Kay\u0131ttan sonra &#8220;MY PROF\u0130L&#8221; se\u00e7ene\u011fini de se\u00e7ebilirsiniz. <\/span><span title=\"Tutaj mo\u017cesz zobaczy\u0107, skonfigurowa\u0107 i aktywowa\u0107 si\u0119 jako cz\u0119\u015b\u0107 programu partnerskiego, aby uzyska\u0107 wi\u0119cej szczeg\u00f3\u0142owych informacji i szczeg\u00f3\u0142\u00f3w dotycz\u0105cych Twojego konta.\">Burada, hesab\u0131n\u0131zla ilgili daha ayr\u0131nt\u0131l\u0131 bilgi ve detaylar elde etmek i\u00e7in bir ba\u011fl\u0131 kurulu\u015f program\u0131n\u0131n bir par\u00e7as\u0131 olarak g\u00f6r\u00fcnt\u00fcleyebilir, yap\u0131land\u0131rabilir ve etkinle\u015ftirebilirsiniz. <\/span><span title=\"Dost\u0119pne s\u0105 r\u00f3wnie\u017c opcje pobierania FTP, zdalnego pobierania i zarz\u0105dzania pobieraniem.\">FTP indirme, uzaktan indirme ve indirme y\u00f6netimi se\u00e7enekleri de mevcuttur. <\/span><span title=\"Mo\u017cesz r\u00f3wnie\u017c rozszerzy\u0107 sw\u00f3j dost\u0119p, kupi\u0107 konto przedp\u0142acone i zarz\u0105dza\u0107 swoimi punktami.\">Ayr\u0131ca eri\u015fiminizi geni\u015fletebilir, \u00f6n \u00f6demeli bir hesap sat\u0131n alabilir ve puanlar\u0131n\u0131z\u0131 y\u00f6netebilirsiniz. <\/span><span title=\"W zak\u0142adce &quot;Zap\u0142a\u0107 za \u017cycie&quot; mo\u017cesz dowiedzie\u0107 si\u0119 wi\u0119cej o modelu &quot;Zap\u0142a\u0107 za \u017cycie&quot; i skorzysta\u0107 z opcji &quot;Przegl\u0105daj p\u0142atno\u015bci&quot;, aby zobaczy\u0107 poprzednie p\u0142atno\u015bci.\">&#8220;\u00d6de i\u00e7in \u00d6de&#8221; sekmesinde, &#8220;\u00d6de i\u00e7in \u00d6de&#8221; modeli hakk\u0131nda daha fazla bilgi edinebilir ve \u00f6nceki \u00f6demeleri g\u00f6rmek i\u00e7in &#8220;\u00d6demelere g\u00f6z at&#8221; se\u00e7ene\u011fini kullanabilirsiniz.<\/span><\/p>\n<h2><span id=\"result_box\" class=\"short_text\" lang=\"tr\"><span class=\"\">Premium hesab\u0131n Share-Online&#8217;dan avantajlar\u0131<\/span><\/span><\/h2>\n<p><span id=\"result_box\" class=\"\" lang=\"tr\">Share-Online bonusu ile t\u00fcm fonksiyonlar\u0131 k\u0131s\u0131tlama olmaks\u0131z\u0131n kullanabilirsiniz. <span class=\"\">Bu, maksimum h\u0131za sahip oldu\u011funuz ve bir aradan sonra indirme i\u015fleminin devam edebilece\u011fi anlam\u0131na gelir.<\/span> Bekleme s\u00fcresi, reklam, \u00e7ocuk bezi veya pop-up yoktur. <span class=\"\">Ayr\u0131ca, bir defada bir\u00e7ok etkin indirmeye sahip olabilir ve her zaman misafirler veya koleksiyoncular \u00fczerinde \u00f6nceli\u011fe sahip olabilirsiniz.<\/span> <span class=\"\">Zaman k\u0131s\u0131tlamalar\u0131n\u0131n ve hareketsizli\u011fin ortadan kald\u0131r\u0131lmas\u0131 tamamen ortadan kald\u0131r\u0131lm\u0131\u015ft\u0131r.<\/span><\/span><\/p>\n<p><strong><img loading=\"lazy\" class=\"size-full wp-image-1862 aligncenter\" src=\"https:\/\/multihoster.org\/wp-content\/uploads\/2018\/10\/pricing-1.jpg\" alt=\"pricing\" width=\"1031\" height=\"731\" srcset=\"https:\/\/multihoster.org\/wp-content\/uploads\/2018\/10\/pricing-1.jpg 1031w, https:\/\/multihoster.org\/wp-content\/uploads\/2018\/10\/pricing-1-300x213.jpg 300w, https:\/\/multihoster.org\/wp-content\/uploads\/2018\/10\/pricing-1-768x545.jpg 768w, https:\/\/multihoster.org\/wp-content\/uploads\/2018\/10\/pricing-1-1024x726.jpg 1024w\" sizes=\"(max-width: 1031px) 100vw, 1031px\" \/><\/strong><\/p>\n<h2 style=\"margin: 18.0pt 0cm 6.0pt 0cm;\"><span id=\"result_box\" class=\"short_text\" lang=\"tr\"><span class=\"\">\u00c7evrimi\u00e7i tedarik\u00e7iler i\u00e7in ortak \u00f6zetimiz<\/span><\/span><\/h2>\n<p><span id=\"result_box\" class=\"\" lang=\"tr\">\u00d6zet olarak, Share-Online servis sa\u011flay\u0131c\u0131n\u0131n \u00e7ok \u00e7e\u015fitli teklifleri oldu\u011fu s\u00f6ylenebilir. <span class=\"\">Kullan\u0131c\u0131 aray\u00fcz\u00fcn\u00fcn kullan\u0131m\u0131 kolay ve anla\u015f\u0131labilir olmas\u0131, hem deneyimli hem de acemi kullan\u0131c\u0131lar\u0131n teklifi sorunsuz kullanmas\u0131na olanak tan\u0131r.<\/span> <span class=\"\">Kay\u0131t h\u0131zl\u0131 bir \u015fekilde tamamlan\u0131r ve Premium&#8217;a y\u00fckseltmek i\u00e7in farkl\u0131 paketler ve \u00f6deme y\u00f6ntemleri aras\u0131nda se\u00e7im yapabilirsiniz.<\/span><\/span><\/p>\n","protected":false},"excerpt":{"rendered":"<p>Share-Online hem indirme hem de indirme fonksiyonlar\u0131 sunar. Teklif \u00fccretsiz bir fatura hesab\u0131 ve premium bir hesaba eri\u015fim i\u00e7erir. Yedekleme<\/p>\n","protected":false},"author":2,"featured_media":0,"parent":0,"menu_order":0,"comment_status":"closed","ping_status":"closed","template":"","meta":[],"yoast_head":"<!-- This site is optimized with the Yoast SEO plugin v18.3 - https:\/\/yoast.com\/wordpress\/plugins\/seo\/ -->\n<title>lll \u25b7 Share-Online.biz Premium ciddi mi de\u011fil mi? Multihoster.org \u00fczerinde +++ test<\/title>\n<meta name=\"description\" content=\"Filehoster Share-Online, s\u0131n\u0131rs\u0131z bir \u015fekilde premium hesap ile kullan\u0131labilecek indirme ve y\u00fckleme i\u00e7in ilgin\u00e7 ve kapsaml\u0131 bir teklif sunar.\" \/>\n<meta name=\"robots\" content=\"index, follow, max-snippet:-1, max-image-preview:large, max-video-preview:-1\" \/>\n<link rel=\"canonical\" href=\"https:\/\/multihoster.org\/tr\/share-online\/\" \/>\n<meta property=\"og:locale\" content=\"tr_TR\" \/>\n<meta property=\"og:type\" content=\"article\" \/>\n<meta property=\"og:title\" content=\"lll \u25b7 Share-Online.biz Premium ciddi mi de\u011fil mi? Multihoster.org \u00fczerinde +++ test\" \/>\n<meta property=\"og:description\" content=\"Filehoster Share-Online, s\u0131n\u0131rs\u0131z bir \u015fekilde premium hesap ile kullan\u0131labilecek indirme ve y\u00fckleme i\u00e7in ilgin\u00e7 ve kapsaml\u0131 bir teklif sunar.\" \/>\n<meta property=\"og:url\" content=\"https:\/\/multihoster.org\/tr\/share-online\/\" \/>\n<meta property=\"og:site_name\" content=\"Multihoster.org\" \/>\n<meta property=\"og:image\" content=\"https:\/\/multihoster.org\/wp-content\/uploads\/2018\/10\/logo-4.png\" \/>\n<meta name=\"twitter:card\" content=\"summary\" \/>\n<meta name=\"twitter:label1\" content=\"Tahmini okuma s\u00fcresi\" \/>\n\t<meta name=\"twitter:data1\" content=\"5 dakika\" \/>\n<script type=\"application\/ld+json\" class=\"yoast-schema-graph\">{\"@context\":\"https:\/\/schema.org\",\"@graph\":[{\"@type\":\"WebSite\",\"@id\":\"https:\/\/multihoster.org\/#website\",\"url\":\"https:\/\/multihoster.org\/\",\"name\":\"Multihoster.org\",\"description\":\"Reviews of the major Filehosting services\",\"potentialAction\":[{\"@type\":\"SearchAction\",\"target\":{\"@type\":\"EntryPoint\",\"urlTemplate\":\"https:\/\/multihoster.org\/?s={search_term_string}\"},\"query-input\":\"required name=search_term_string\"}],\"inLanguage\":\"tr\"},{\"@type\":\"ImageObject\",\"@id\":\"https:\/\/multihoster.org\/tr\/share-online\/#primaryimage\",\"inLanguage\":\"tr\",\"url\":\"https:\/\/multihoster.org\/wp-content\/uploads\/2018\/10\/logo-4.png\",\"contentUrl\":\"https:\/\/multihoster.org\/wp-content\/uploads\/2018\/10\/logo-4.png\",\"width\":290,\"height\":75},{\"@type\":\"WebPage\",\"@id\":\"https:\/\/multihoster.org\/tr\/share-online\/#webpage\",\"url\":\"https:\/\/multihoster.org\/tr\/share-online\/\",\"name\":\"lll \u25b7 Share-Online.biz Premium ciddi mi de\u011fil mi? Multihoster.org \u00fczerinde +++ test\",\"isPartOf\":{\"@id\":\"https:\/\/multihoster.org\/#website\"},\"primaryImageOfPage\":{\"@id\":\"https:\/\/multihoster.org\/tr\/share-online\/#primaryimage\"},\"datePublished\":\"2018-10-05T14:54:47+00:00\",\"dateModified\":\"2018-10-05T14:54:47+00:00\",\"description\":\"Filehoster Share-Online, s\u0131n\u0131rs\u0131z bir \u015fekilde premium hesap ile kullan\u0131labilecek indirme ve y\u00fckleme i\u00e7in ilgin\u00e7 ve kapsaml\u0131 bir teklif sunar.\",\"breadcrumb\":{\"@id\":\"https:\/\/multihoster.org\/tr\/share-online\/#breadcrumb\"},\"inLanguage\":\"tr\",\"potentialAction\":[{\"@type\":\"ReadAction\",\"target\":[\"https:\/\/multihoster.org\/tr\/share-online\/\"]}]},{\"@type\":\"BreadcrumbList\",\"@id\":\"https:\/\/multihoster.org\/tr\/share-online\/#breadcrumb\",\"itemListElement\":[{\"@type\":\"ListItem\",\"position\":1,\"name\":\"Startseite\",\"item\":\"https:\/\/multihoster.org\/tr\/\"},{\"@type\":\"ListItem\",\"position\":2,\"name\":\"Premium Share-Online Hesab\u0131 &#8211; Ana bilgisayar dosyas\u0131n\u0131n g\u00f6zden ge\u00e7irilmesi\"}]}]}<\/script>\n<!-- \/ Yoast SEO plugin. -->","yoast_head_json":{"title":"lll \u25b7 Share-Online.biz Premium ciddi mi de\u011fil mi? Multihoster.org \u00fczerinde +++ test","description":"Filehoster Share-Online, s\u0131n\u0131rs\u0131z bir \u015fekilde premium hesap ile kullan\u0131labilecek indirme ve y\u00fckleme i\u00e7in ilgin\u00e7 ve kapsaml\u0131 bir teklif sunar.","robots":{"index":"index","follow":"follow","max-snippet":"max-snippet:-1","max-image-preview":"max-image-preview:large","max-video-preview":"max-video-preview:-1"},"canonical":"https:\/\/multihoster.org\/tr\/share-online\/","og_locale":"tr_TR","og_type":"article","og_title":"lll \u25b7 Share-Online.biz Premium ciddi mi de\u011fil mi? Multihoster.org \u00fczerinde +++ test","og_description":"Filehoster Share-Online, s\u0131n\u0131rs\u0131z bir \u015fekilde premium hesap ile kullan\u0131labilecek indirme ve y\u00fckleme i\u00e7in ilgin\u00e7 ve kapsaml\u0131 bir teklif sunar.","og_url":"https:\/\/multihoster.org\/tr\/share-online\/","og_site_name":"Multihoster.org","og_image":[{"url":"https:\/\/multihoster.org\/wp-content\/uploads\/2018\/10\/logo-4.png"}],"twitter_card":"summary","twitter_misc":{"Tahmini okuma s\u00fcresi":"5 dakika"},"schema":{"@context":"https:\/\/schema.org","@graph":[{"@type":"WebSite","@id":"https:\/\/multihoster.org\/#website","url":"https:\/\/multihoster.org\/","name":"Multihoster.org","description":"Reviews of the major Filehosting services","potentialAction":[{"@type":"SearchAction","target":{"@type":"EntryPoint","urlTemplate":"https:\/\/multihoster.org\/?s={search_term_string}"},"query-input":"required name=search_term_string"}],"inLanguage":"tr"},{"@type":"ImageObject","@id":"https:\/\/multihoster.org\/tr\/share-online\/#primaryimage","inLanguage":"tr","url":"https:\/\/multihoster.org\/wp-content\/uploads\/2018\/10\/logo-4.png","contentUrl":"https:\/\/multihoster.org\/wp-content\/uploads\/2018\/10\/logo-4.png","width":290,"height":75},{"@type":"WebPage","@id":"https:\/\/multihoster.org\/tr\/share-online\/#webpage","url":"https:\/\/multihoster.org\/tr\/share-online\/","name":"lll \u25b7 Share-Online.biz Premium ciddi mi de\u011fil mi? Multihoster.org \u00fczerinde +++ test","isPartOf":{"@id":"https:\/\/multihoster.org\/#website"},"primaryImageOfPage":{"@id":"https:\/\/multihoster.org\/tr\/share-online\/#primaryimage"},"datePublished":"2018-10-05T14:54:47+00:00","dateModified":"2018-10-05T14:54:47+00:00","description":"Filehoster Share-Online, s\u0131n\u0131rs\u0131z bir \u015fekilde premium hesap ile kullan\u0131labilecek indirme ve y\u00fckleme i\u00e7in ilgin\u00e7 ve kapsaml\u0131 bir teklif sunar.","breadcrumb":{"@id":"https:\/\/multihoster.org\/tr\/share-online\/#breadcrumb"},"inLanguage":"tr","potentialAction":[{"@type":"ReadAction","target":["https:\/\/multihoster.org\/tr\/share-online\/"]}]},{"@type":"BreadcrumbList","@id":"https:\/\/multihoster.org\/tr\/share-online\/#breadcrumb","itemListElement":[{"@type":"ListItem","position":1,"name":"Startseite","item":"https:\/\/multihoster.org\/tr\/"},{"@type":"ListItem","position":2,"name":"Premium Share-Online Hesab\u0131 &#8211; Ana bilgisayar dosyas\u0131n\u0131n g\u00f6zden ge\u00e7irilmesi"}]}]}},"_links":{"self":[{"href":"https:\/\/multihoster.org\/tr\/wp-json\/wp\/v2\/pages\/1913"}],"collection":[{"href":"https:\/\/multihoster.org\/tr\/wp-json\/wp\/v2\/pages"}],"about":[{"href":"https:\/\/multihoster.org\/tr\/wp-json\/wp\/v2\/types\/page"}],"author":[{"embeddable":true,"href":"https:\/\/multihoster.org\/tr\/wp-json\/wp\/v2\/users\/2"}],"replies":[{"embeddable":true,"href":"https:\/\/multihoster.org\/tr\/wp-json\/wp\/v2\/comments?post=1913"}],"version-history":[{"count":3,"href":"https:\/\/multihoster.org\/tr\/wp-json\/wp\/v2\/pages\/1913\/revisions"}],"predecessor-version":[{"id":1927,"href":"https:\/\/multihoster.org\/tr\/wp-json\/wp\/v2\/pages\/1913\/revisions\/1927"}],"wp:attachment":[{"href":"https:\/\/multihoster.org\/tr\/wp-json\/wp\/v2\/media?parent=1913"}],"curies":[{"name":"wp","href":"https:\/\/api.w.org\/{rel}","templated":true}]}}