{"id":1960,"date":"2018-10-05T14:52:49","date_gmt":"2018-10-05T14:52:49","guid":{"rendered":"https:\/\/multihoster.org\/?page_id=1960"},"modified":"2019-08-05T14:50:26","modified_gmt":"2019-08-05T14:50:26","slug":"easybytez","status":"publish","type":"page","link":"https:\/\/multihoster.org\/tr\/easybytez\/","title":{"rendered":"Premium Hesap EasyBytez &#8211; \u00d6zetle Multihoster"},"content":{"rendered":"<p style=\"margin: 20.15pt 0cm 5.95pt 0cm;\"><span style=\"font-family: 'Arial',sans-serif; color: black;\" data-darkreader-inline-color=\"\"><img loading=\"lazy\" class=\"size-full wp-image-1479 alignleft\" src=\"https:\/\/multihoster.org\/wp-content\/uploads\/2018\/09\/logo-3.png\" alt=\"logo\" width=\"258\" height=\"67\"><span id=\"result_box\" class=\"\" lang=\"tr\">Multihoster EasyBytez ile \u00e7e\u015fitli dosyalar\u0131 indirebilir ve indirebilirsiniz. Bir hesap olu\u015fturmadan indirme yapmak art\u0131k m\u00fcmk\u00fcn. \u00dccretsiz olarak kaydolabilir ve isterseniz, hesab\u0131n\u0131z\u0131 EasyBytez Premium&#8217;a y\u00fckseltebilirsiniz. <span class=\"\">Tedarik\u00e7i, y\u00fcksek seviyede koruma ve g\u00fcvenlik, y\u00fcksek h\u0131z ve cazip kullan\u0131m kolayl\u0131\u011f\u0131 vaat ediyor.<\/span><\/span><\/span><\/p>\n<p><a class=\"fasc-button fasc-size-xlarge fasc-type-glossy fasc-rounded-medium ico-fa fasc-ico-after fa-share\" style=\"background-color: #39697a; color: #fbf7f1; --darkreader-inline-bgcolor: #3f5f69; --darkreader-inline-color: #f7f0e5;\" target=\"_blank\" rel=\"nofollow noopener noreferrer\" data-darkreader-inline-bgcolor=\"\" data-darkreader-inline-color=\"\" href=\"https:\/\/multihoster.org\/file-al\/goto\/\">Easybytez \u015fehrine git<\/a><\/p>\n<h2><span id=\"result_box\" class=\"short_text\" lang=\"tr\"><span class=\"\">T\u00fcm yelpazenin g\u00f6zden ge\u00e7irilmesi<\/span><\/span><\/h2>\n<p style=\"margin: 18.15pt 0cm 5.95pt 0cm;\"><span style=\"font-family: 'Arial',sans-serif; color: black;\" data-darkreader-inline-color=\"\"><span id=\"result_box\" class=\"\" lang=\"tr\">Bir yandan, EasyBytez hizmetini s\u0131n\u0131rl\u0131 \u00f6l\u00e7\u00fcde kullanman\u0131za izin veren \u00fccretsiz bir hesap olu\u015fturabilirsiniz. Ayr\u0131ca, EasyBytez Premium i\u015flevini de kullanabilirsiniz. <span class=\"\">EasyBytez Premium hesab\u0131, maksimum h\u0131z ve EasyBytez&#8217;in \u00fccretsiz kullan\u0131m\u0131 dahil olmak \u00fczere eksiksiz bir fonksiyon yelpazesi sunar.<\/span><\/span><\/span><\/p>\n<h2><span id=\"result_box\" class=\"short_text\" lang=\"tr\"><span class=\"\">Tedarik\u00e7inin olumlu \u00f6zellikleri<\/span><\/span><\/h2>\n<ul>\n<li><span id=\"result_box\" class=\"\" lang=\"tr\">\u00dccretsiz ve \u00fccretli<\/span><\/li>\n<li><span id=\"result_box\" class=\"\" lang=\"tr\">Geni\u015fletilmi\u015f Premium hizmet<\/span><\/li>\n<li><span id=\"result_box\" class=\"\" lang=\"tr\">Kullan\u0131labilir anonim \u00f6deme y\u00f6ntemleri<\/span><\/li>\n<li><span id=\"result_box\" class=\"\" lang=\"tr\"><span class=\"\">Basit ve kullan\u0131m\u0131 kolay<\/span><\/span><\/li>\n<\/ul>\n<h2><span id=\"result_box\" class=\"short_text\" lang=\"tr\"><span class=\"\">Bonus teklifleri<\/span><\/span><\/h2>\n<p style=\"margin: 18.15pt 0cm 5.95pt 0cm;\"><span style=\"font-family: 'Arial',sans-serif; color: black;\" data-darkreader-inline-color=\"\"><span id=\"result_box\" class=\"\" lang=\"tr\"><span class=\"\">EasyBytez Premium hesab\u0131 ile sadece dosya indirme ve indirme se\u00e7ene\u011fine sahip olman\u0131n yan\u0131 s\u0131ra, EasyBytez Premium hesab\u0131n\u0131z\u0131 tavsiye edilen bir referans linki ile yay\u0131nlayarak ilgin\u00e7 bir komisyon da alabilirsiniz.<\/span><\/span><\/span><\/p>\n<h2><span id=\"result_box\" class=\"short_text\" lang=\"tr\"><span class=\"\">Maliyetler ve \u00f6deme y\u00f6ntemleri<\/span><\/span><\/h2>\n<p style=\"margin: 0cm; margin-bottom: .0001pt;\"><span style=\"font-family: 'Arial',sans-serif; color: black;\" data-darkreader-inline-color=\"\"><span id=\"result_box\" class=\"\" lang=\"tr\">Bir EasyBytez Premium hesab\u0131 i\u00e7in \u00f6deme yaparsan\u0131z, farkl\u0131 \u00f6deme y\u00f6ntemleri aras\u0131nda se\u00e7im yapabilirsiniz. Pop\u00fcler paypal \u00f6deme servis sa\u011flay\u0131c\u0131s\u0131na ek olarak, VISA ve Mastercard \u00f6deme y\u00f6ntemlerini i\u00e7erir. Vivapayments.com \u00fczerinden \u00f6deme yapmak da m\u00fcmk\u00fcnd\u00fcr. <span class=\"\">Hesab\u0131n\u0131z\u0131 anonim olarak \u00f6demek istiyorsan\u0131z, Paysafecard veya Bitcoin y\u00f6ntemini se\u00e7ebilirsiniz.<\/span> <span class=\"\">Ayr\u0131ca EasyBytez Premium hesab\u0131n\u0131z\u0131 bir\u00e7ok ma\u011fazadan birinde sat\u0131n alabilirsiniz.<\/span><\/span><\/span><\/p>\n<p><strong>\n<table id=\"tablepress-166\" class=\"tablepress tablepress-id-166\">\n<tbody class=\"row-hover\">\n<tr class=\"row-1 odd\">\n\t<td class=\"column-1\">30 g\u00fcn<\/td><td class=\"column-2\">90 g\u00fcn<\/td><td class=\"column-3\">185 g\u00fcn30 g\u00fcn<\/td><td class=\"column-4\">365 g\u00fcn<\/td><td class=\"column-5\">730 g\u00fcn<\/td>\n<\/tr>\n<tr class=\"row-2 even\">\n\t<td class=\"column-1\">$ 9,99<\/td><td class=\"column-2\">$ 23,99<\/td><td class=\"column-3\">$ 38,99<\/td><td class=\"column-4\">$ 65,99<\/td><td class=\"column-5\">$ 99,99<\/td>\n<\/tr>\n<\/tbody>\n<\/table>\n<!-- #tablepress-166 from cache --><\/strong><\/p>\n<p><a class=\"fasc-button fasc-size-xlarge fasc-type-glossy fasc-rounded-medium ico-fa fasc-ico-after fa-share\" style=\"background-color: #39697a; color: #fbf7f1; --darkreader-inline-bgcolor: #3f5f69; --darkreader-inline-color: #f7f0e5;\" target=\"_blank\" rel=\"nofollow noopener noreferrer\" data-darkreader-inline-bgcolor=\"\" data-darkreader-inline-color=\"\" href=\"https:\/\/multihoster.org\/file-al\/goto\/\">Easybytez \u015fehrine git<\/a><\/p>\n<p><img loading=\"lazy\" class=\"alignnone size-full wp-image-1478\" src=\"https:\/\/multihoster.org\/wp-content\/uploads\/2018\/09\/prices-3.png\" alt=\"prices\" width=\"1116\" height=\"200\" srcset=\"https:\/\/multihoster.org\/wp-content\/uploads\/2018\/09\/prices-3.png 1116w, https:\/\/multihoster.org\/wp-content\/uploads\/2018\/09\/prices-3-300x54.png 300w, https:\/\/multihoster.org\/wp-content\/uploads\/2018\/09\/prices-3-768x138.png 768w, https:\/\/multihoster.org\/wp-content\/uploads\/2018\/09\/prices-3-1024x184.png 1024w\" sizes=\"(max-width: 1116px) 100vw, 1116px\" \/><\/p>\n<h2><span id=\"result_box\" class=\"short_text\" lang=\"tr\"><span class=\"\">Gizlilik politikas\u0131<\/span><\/span><\/h2>\n<p style=\"margin: 18.15pt 0cm 5.95pt 0cm;\"><span style=\"font-family: 'Arial',sans-serif; color: black;\" data-darkreader-inline-color=\"\"><span id=\"result_box\" class=\"\" lang=\"tr\">EasyBytez&#8217;e kay\u0131t olarak, ki\u015fisel verilerinizin EasyBytez veritaban\u0131nda saklanmas\u0131n\u0131 ve bunlar\u0131 pazarlama amac\u0131yla \u00fc\u00e7\u00fcnc\u00fc \u015fah\u0131slara aktarman\u0131z\u0131 kabul etmi\u015f oluyorsunuz. Kay\u0131tl\u0131 ki\u015fisel veriler, ki\u015fisel verilerin korunmas\u0131 ile ilgili kurallara uyan \u00fc\u00e7\u00fcnc\u00fc taraflara aktar\u0131labilir. <span class=\"\">Di\u011fer herhangi bir ana bilgisayar dosyas\u0131 gibi, EasyBytez, verileri kullan\u0131rken veri koruma ve gizlilik i\u00e7in yasal gerekliliklere uymal\u0131d\u0131r.<\/span> <span class=\"\">Tedarik\u00e7i% 100 \u00f6deme g\u00fcvenli\u011fini garanti eder.<\/span><\/span><\/span><\/p>\n<h2><span id=\"result_box\" class=\"short_text\" lang=\"tr\"><span class=\"\">Sat\u0131\u015f sonras\u0131 servis<\/span><\/span><\/h2>\n<p style=\"margin: 18.15pt 0cm 5.95pt 0cm;\"><span style=\"font-family: 'Arial',sans-serif; color: black;\" data-darkreader-inline-color=\"\"><span id=\"result_box\" class=\"\" lang=\"tr\">M\u00fc\u015fteri servisine eri\u015fim, ana sayfan\u0131n sa\u011f \u00fcst k\u00f6\u015fesindeki &#8220;\u0130leti\u015fim&#8221; men\u00fc \u00f6\u011fesine t\u0131klayarak elde edilebilir. M\u00fc\u015fteri alan\u0131na geldi\u011finizde yeni bir bilet a\u00e7abilir veya mevcut biletin durumunu kontrol edebilirsiniz. <span class=\"\">&#8220;\u0130leti\u015fim&#8221; men\u00fc se\u00e7eneklerine ek olarak, \u015fu anda bir\u00e7ok soruyu yan\u0131tlayabilece\u011finiz s\u0131k sorulan sorular\u0131 da bulacaks\u0131n\u0131z.<\/span><\/span><\/span><\/p>\n<h2><span id=\"result_box\" class=\"short_text\" lang=\"tr\"><span class=\"\">Kullan\u0131m kolayl\u0131\u011f\u0131<\/span><\/span><\/h2>\n<p><span id=\"result_box\" class=\"\" lang=\"tr\"><span title=\"Strona EasyBytez.com jest dobrze ustrukturyzowana, na stronie g\u0142\u00f3wnej odwiedzaj\u0105cy mo\u017ce \u0142atwo znale\u017a\u0107 drog\u0119 i pobra\u0107 \u017c\u0105dane pliki do rozmiaru 100 MB bez konieczno\u015bci rejestracji.\">EasyBytez.com web sitesi iyi yap\u0131land\u0131r\u0131lm\u0131\u015ft\u0131r, ana sayfada ziyaret\u00e7iler kolayca kay\u0131t yapt\u0131rmadan istedikleri dosyalar\u0131 100 MB&#8217;a kadar indirebilirler. <\/span><span title=\"Na g\u00f3rze strony znajdziesz dodatkowe pozycje menu, aby uzyska\u0107 wi\u0119cej szczeg\u00f3\u0142owych informacji na temat konta Premium, skontaktowa\u0107 si\u0119 z zespo\u0142em EasyBytez lub wyszuka\u0107 odpowiedzi na swoje pytanie w sekcji FAQs.\">Sayfan\u0131n \u00fcst k\u0131sm\u0131nda, Premium hesab\u0131n\u0131zla ilgili daha ayr\u0131nt\u0131l\u0131 bilgi almak, EasyBytez ekibiyle ileti\u015fime ge\u00e7mek veya SSS b\u00f6l\u00fcm\u00fcndeki sorunuzu yan\u0131tlamak i\u00e7in ek men\u00fc \u00f6\u011feleri bulacaks\u0131n\u0131z. <\/span><span title=\"Istnieje r\u00f3wnie\u017c sekcja wiadomo\u015bci, jak r\u00f3wnie\u017c zak\u0142adki &quot;Prze\u015blij plik&quot; i &quot;Subskrybuj&quot;. \">Ayr\u0131ca &#8220;Y\u00fckleme dosyas\u0131&#8221; ve &#8220;Abone ol&#8221; sekmelerinin yan\u0131 s\u0131ra bir haber b\u00f6l\u00fcm\u00fc de bulunmaktad\u0131r.<\/span><\/span><\/p>\n<p><span title=\"Klikaj\u0105c na &quot;Zarejestruj si\u0119&quot;, mo\u017cesz utworzy\u0107 darmowe konto EasyBytez.\">&#8220;Kay\u0131t&#8221; butonuna t\u0131klayarak \u00fccretsiz bir EasyBytez hesab\u0131 olu\u015fturabilirsiniz. <\/span><span title=\"Aby to zrobi\u0107, trzeba mie\u0107 nazw\u0119 u\u017cytkownika i adres e-mail, mo\u017cna ustawi\u0107 has\u0142o i utworzy\u0107 konto po odpowiedzi captcha. \">Bunu yapmak i\u00e7in bir kullan\u0131c\u0131 ad\u0131 ve e-posta adresiniz olmal\u0131, bir \u015fifre belirleyebilir ve captcha yan\u0131t\u0131ndan sonra bir hesap olu\u015fturabilirsiniz.<\/span><\/p>\n<p><span title=\"Po zalogowaniu mo\u017cesz wybra\u0107 pomi\u0119dzy &quot;Upload File&quot;, &quot;Upload Flash&quot;, &quot;Upload Distance&quot;, &quot;Free Leech URL&quot; i &quot;Upload FTP&quot; na stronie g\u0142\u00f3wnej.\">Giri\u015f yapt\u0131ktan sonra, ana sayfada &#8220;Dosya Y\u00fckle&#8221;, &#8220;Upload Upload&#8221;, &#8220;Upload Distance&#8221;, &#8220;Free Leech URL&#8221; ve &#8220;Upload FTP&#8221; se\u00e7enekleri aras\u0131ndan se\u00e7im yapabilirsiniz. <\/span><span title=\"Maksymalny rozmiar pliku do pobrania po zarejestrowaniu si\u0119 na bezp\u0142atne konto wynosi 512 MB. \">\u00dccretsiz bir hesaba kaydolduktan sonra indirilecek maksimum dosya boyutu 512 MB&#8217;dir.<\/span><\/p>\n<p><span title=\"Na g\u00f3rze strony mo\u017cesz zarz\u0105dza\u0107 swoimi plikami w menu &quot;Moje pliki&quot; i zobaczy\u0107 wi\u0119cej szczeg\u00f3\u0142owych informacji na temat swojego konta w zak\u0142adce &quot;Moje konto&quot;.\">Sayfan\u0131n \u00fcst k\u0131sm\u0131nda dosyalar\u0131n\u0131z\u0131 &#8220;Dosyalar\u0131m&#8221; men\u00fcs\u00fcnde y\u00f6netebilir ve hesab\u0131n\u0131zla ilgili daha ayr\u0131nt\u0131l\u0131 bilgileri &#8220;Hesab\u0131m&#8221; sekmesinden g\u00f6r\u00fcnt\u00fcleyebilirsiniz. <\/span><span title=\"Dost\u0119pne s\u0105 r\u00f3wnie\u017c opcje &quot;Dashboard&quot; do podgl\u0105du raport\u00f3w oraz &quot;Get Premium&quot; i &quot;Support&quot;.\">Raporlar\u0131 g\u00f6r\u00fcnt\u00fclemek i\u00e7in &#8220;G\u00f6sterge Tablosu&#8221; ve &#8220;Get Premium&#8221; ve &#8220;Support&#8221; se\u00e7enekleri de vard\u0131r. <\/span><span title=\"W punkcie menu &quot;Get Premium&quot; znajdziesz pakiety dla us\u0142ugi Premium, funkcje EasyBytez Premium oraz opcje p\u0142atno\u015bci.\">&#8220;Get Premium&#8221; men\u00fc se\u00e7ene\u011finde Premium hizmet, EasyBytez Premium \u00f6zellikleri ve \u00f6deme se\u00e7enekleri i\u00e7in paketler bulacaks\u0131n\u0131z. <\/span><span title=\"Mo\u017cesz skontaktowa\u0107 si\u0119 z dzia\u0142em obs\u0142ugi klienta poprzez zak\u0142adk\u0119 Wsparcie.\">M\u00fc\u015fteri servis departman\u0131na Destek sekmesinden ula\u015fabilirsiniz.<\/span><\/p>\n<h2><span id=\"result_box\" class=\"short_text\" lang=\"tr\"><span class=\"\">Premium hesab\u0131n EasyBytez ile avantajlar\u0131<\/span><\/span><\/h2>\n<p style=\"margin: 18.15pt 0cm 5.95pt 0cm;\"><span style=\"font-family: 'Arial',sans-serif; color: black;\" data-darkreader-inline-color=\"\"><span id=\"result_box\" class=\"\" lang=\"tr\"><span class=\"\">EasyBytez Premium hesab\u0131 ile maksimum h\u0131za ve s\u0131n\u0131rs\u0131z miktarda g\u00fcnl\u00fck verilere sahip olursunuz.<\/span> <span class=\"\">EasyBytez Premium sayesinde saat ba\u015f\u0131na performans indirme de s\u0131n\u0131rs\u0131zd\u0131r.<\/span> <span class=\"\">Ayr\u0131ca, An\u0131nda Ba\u015flatma sayesinde, dosya indirme i\u00e7in art\u0131k bekleme s\u00fcresi yoktur.<\/span> Dosya boyutunu s\u0131n\u0131rlamak, indirilecek dosyalarda da tamamen atlan\u0131r. Dosyalar\u0131 5 GB&#8217;a kadar indirebilirsiniz. Ayn\u0131 anda indirilebilecek, onlar\u0131 durduracak ve tekrar ba\u015flatacak bir\u00e7ok etkin dosya da olabilir. Etkin olmayan dosyalar 250 g\u00fcne kadar EasyBytez Premium hesab\u0131nda saklan\u0131r. Depolama kapasitesi 5 TB olup, talep \u00fczerine ve bir \u00fccret kar\u015f\u0131l\u0131\u011f\u0131nda art\u0131r\u0131labilir. Son olarak, FTP y\u00fcklemesi sadece EasyBytez Premium ile kullan\u0131labilen bir \u00f6zellik olarak eklenmi\u015ftir.<\/span><\/span><\/p>\n<h2><span id=\"result_box\" class=\"short_text\" lang=\"tr\">EasyBytez i\u00e7in yapt\u0131\u011f\u0131m\u0131z ba\u015fvurular<\/span><\/h2>\n<p style=\"margin: 18.15pt 0cm 5.95pt 0cm;\"><span style=\"font-family: 'Arial',sans-serif; color: black;\" data-darkreader-inline-color=\"\"><span id=\"result_box\" class=\"\" lang=\"tr\">\u00d6zetle, EasyBytez, veri indirmek ve indirmek ve dosyalar\u0131 indirmek i\u00e7in kullan\u0131m\u0131 kolay bir platformdur. Gizlilik ve veri koruma s\u00f6z konusu oldu\u011funda, ev sahibi y\u00fcksek d\u00fczeyde g\u00fcvenlik vaat ediyor. <span class=\"\">EasyBytez&#8217;in teklifiyle ilgileniyorsan\u0131z, t\u00fcm i\u015flevleri kullanmak i\u00e7in EasyBytez Premium&#8217;a ge\u00e7ebilir, test edebilir ve isterseniz diledi\u011finiz zaman kullanabilirsiniz.<\/span> <span class=\"\">Farkl\u0131 \u00f6deme y\u00f6ntemleri aras\u0131nda se\u00e7im yapabilirsiniz.<\/span><\/span><\/span><\/p>\n<p><a class=\"fasc-button fasc-size-xlarge fasc-type-glossy fasc-rounded-medium ico-fa fasc-ico-after fa-share\" style=\"background-color: #39697a; color: #fbf7f1; --darkreader-inline-bgcolor: #3f5f69; --darkreader-inline-color: #f7f0e5;\" target=\"_blank\" rel=\"nofollow noopener noreferrer\" data-darkreader-inline-bgcolor=\"\" data-darkreader-inline-color=\"\" href=\"https:\/\/multihoster.org\/file-al\/goto\/\">Easybytez \u015fehrine git<\/a><\/p>\n","protected":false},"excerpt":{"rendered":"<p>Multihoster EasyBytez ile \u00e7e\u015fitli dosyalar\u0131 indirebilir ve indirebilirsiniz. Bir hesap olu\u015fturmadan indirme yapmak art\u0131k m\u00fcmk\u00fcn. \u00dccretsiz olarak kaydolabilir ve isterseniz,<\/p>\n","protected":false},"author":2,"featured_media":0,"parent":0,"menu_order":0,"comment_status":"closed","ping_status":"closed","template":"","meta":[],"yoast_head":"<!-- This site is optimized with the Yoast SEO plugin v18.3 - https:\/\/yoast.com\/wordpress\/plugins\/seo\/ -->\n<title>llll \u25b7 EasyBytez Premium Hesap sayg\u0131n m\u0131, de\u011fil mi?<\/title>\n<meta name=\"description\" content=\"EasyBytez&#039;in teklifiyle ilgileniyor musunuz? Sizi sa\u011flay\u0131c\u0131ya ve EasyBytez premium hesab\u0131na ayr\u0131nt\u0131l\u0131 olarak tan\u0131tmak istiyoruz.\" \/>\n<meta name=\"robots\" content=\"index, follow, max-snippet:-1, max-image-preview:large, max-video-preview:-1\" \/>\n<link rel=\"canonical\" href=\"https:\/\/multihoster.org\/tr\/easybytez\/\" \/>\n<meta property=\"og:locale\" content=\"tr_TR\" \/>\n<meta property=\"og:type\" content=\"article\" \/>\n<meta property=\"og:title\" content=\"llll \u25b7 EasyBytez Premium Hesap sayg\u0131n m\u0131, de\u011fil mi?\" \/>\n<meta property=\"og:description\" content=\"EasyBytez&#039;in teklifiyle ilgileniyor musunuz? Sizi sa\u011flay\u0131c\u0131ya ve EasyBytez premium hesab\u0131na ayr\u0131nt\u0131l\u0131 olarak tan\u0131tmak istiyoruz.\" \/>\n<meta property=\"og:url\" content=\"https:\/\/multihoster.org\/tr\/easybytez\/\" \/>\n<meta property=\"og:site_name\" content=\"Multihoster.org\" \/>\n<meta property=\"article:modified_time\" content=\"2019-08-05T14:50:26+00:00\" \/>\n<meta property=\"og:image\" content=\"https:\/\/multihoster.org\/wp-content\/uploads\/2018\/09\/logo-3.png\" \/>\n<meta name=\"twitter:card\" content=\"summary\" \/>\n<meta name=\"twitter:label1\" content=\"Tahmini okuma s\u00fcresi\" \/>\n\t<meta name=\"twitter:data1\" content=\"4 dakika\" \/>\n<script type=\"application\/ld+json\" class=\"yoast-schema-graph\">{\"@context\":\"https:\/\/schema.org\",\"@graph\":[{\"@type\":\"WebSite\",\"@id\":\"https:\/\/multihoster.org\/#website\",\"url\":\"https:\/\/multihoster.org\/\",\"name\":\"Multihoster.org\",\"description\":\"Reviews of the major Filehosting services\",\"potentialAction\":[{\"@type\":\"SearchAction\",\"target\":{\"@type\":\"EntryPoint\",\"urlTemplate\":\"https:\/\/multihoster.org\/?s={search_term_string}\"},\"query-input\":\"required name=search_term_string\"}],\"inLanguage\":\"tr\"},{\"@type\":\"ImageObject\",\"@id\":\"https:\/\/multihoster.org\/tr\/easybytez\/#primaryimage\",\"inLanguage\":\"tr\",\"url\":\"https:\/\/multihoster.org\/wp-content\/uploads\/2018\/09\/logo-3.png\",\"contentUrl\":\"https:\/\/multihoster.org\/wp-content\/uploads\/2018\/09\/logo-3.png\",\"width\":258,\"height\":67,\"caption\":\"logo\"},{\"@type\":\"WebPage\",\"@id\":\"https:\/\/multihoster.org\/tr\/easybytez\/#webpage\",\"url\":\"https:\/\/multihoster.org\/tr\/easybytez\/\",\"name\":\"llll \u25b7 EasyBytez Premium Hesap sayg\u0131n m\u0131, de\u011fil mi?\",\"isPartOf\":{\"@id\":\"https:\/\/multihoster.org\/#website\"},\"primaryImageOfPage\":{\"@id\":\"https:\/\/multihoster.org\/tr\/easybytez\/#primaryimage\"},\"datePublished\":\"2018-10-05T14:52:49+00:00\",\"dateModified\":\"2019-08-05T14:50:26+00:00\",\"description\":\"EasyBytez'in teklifiyle ilgileniyor musunuz? Sizi sa\u011flay\u0131c\u0131ya ve EasyBytez premium hesab\u0131na ayr\u0131nt\u0131l\u0131 olarak tan\u0131tmak istiyoruz.\",\"breadcrumb\":{\"@id\":\"https:\/\/multihoster.org\/tr\/easybytez\/#breadcrumb\"},\"inLanguage\":\"tr\",\"potentialAction\":[{\"@type\":\"ReadAction\",\"target\":[\"https:\/\/multihoster.org\/tr\/easybytez\/\"]}]},{\"@type\":\"BreadcrumbList\",\"@id\":\"https:\/\/multihoster.org\/tr\/easybytez\/#breadcrumb\",\"itemListElement\":[{\"@type\":\"ListItem\",\"position\":1,\"name\":\"Startseite\",\"item\":\"https:\/\/multihoster.org\/tr\/\"},{\"@type\":\"ListItem\",\"position\":2,\"name\":\"Premium Hesap EasyBytez &#8211; \u00d6zetle Multihoster\"}]}]}<\/script>\n<!-- \/ Yoast SEO plugin. -->","yoast_head_json":{"title":"llll \u25b7 EasyBytez Premium Hesap sayg\u0131n m\u0131, de\u011fil mi?","description":"EasyBytez'in teklifiyle ilgileniyor musunuz? Sizi sa\u011flay\u0131c\u0131ya ve EasyBytez premium hesab\u0131na ayr\u0131nt\u0131l\u0131 olarak tan\u0131tmak istiyoruz.","robots":{"index":"index","follow":"follow","max-snippet":"max-snippet:-1","max-image-preview":"max-image-preview:large","max-video-preview":"max-video-preview:-1"},"canonical":"https:\/\/multihoster.org\/tr\/easybytez\/","og_locale":"tr_TR","og_type":"article","og_title":"llll \u25b7 EasyBytez Premium Hesap sayg\u0131n m\u0131, de\u011fil mi?","og_description":"EasyBytez'in teklifiyle ilgileniyor musunuz? Sizi sa\u011flay\u0131c\u0131ya ve EasyBytez premium hesab\u0131na ayr\u0131nt\u0131l\u0131 olarak tan\u0131tmak istiyoruz.","og_url":"https:\/\/multihoster.org\/tr\/easybytez\/","og_site_name":"Multihoster.org","article_modified_time":"2019-08-05T14:50:26+00:00","og_image":[{"url":"https:\/\/multihoster.org\/wp-content\/uploads\/2018\/09\/logo-3.png"}],"twitter_card":"summary","twitter_misc":{"Tahmini okuma s\u00fcresi":"4 dakika"},"schema":{"@context":"https:\/\/schema.org","@graph":[{"@type":"WebSite","@id":"https:\/\/multihoster.org\/#website","url":"https:\/\/multihoster.org\/","name":"Multihoster.org","description":"Reviews of the major Filehosting services","potentialAction":[{"@type":"SearchAction","target":{"@type":"EntryPoint","urlTemplate":"https:\/\/multihoster.org\/?s={search_term_string}"},"query-input":"required name=search_term_string"}],"inLanguage":"tr"},{"@type":"ImageObject","@id":"https:\/\/multihoster.org\/tr\/easybytez\/#primaryimage","inLanguage":"tr","url":"https:\/\/multihoster.org\/wp-content\/uploads\/2018\/09\/logo-3.png","contentUrl":"https:\/\/multihoster.org\/wp-content\/uploads\/2018\/09\/logo-3.png","width":258,"height":67,"caption":"logo"},{"@type":"WebPage","@id":"https:\/\/multihoster.org\/tr\/easybytez\/#webpage","url":"https:\/\/multihoster.org\/tr\/easybytez\/","name":"llll \u25b7 EasyBytez Premium Hesap sayg\u0131n m\u0131, de\u011fil mi?","isPartOf":{"@id":"https:\/\/multihoster.org\/#website"},"primaryImageOfPage":{"@id":"https:\/\/multihoster.org\/tr\/easybytez\/#primaryimage"},"datePublished":"2018-10-05T14:52:49+00:00","dateModified":"2019-08-05T14:50:26+00:00","description":"EasyBytez'in teklifiyle ilgileniyor musunuz? Sizi sa\u011flay\u0131c\u0131ya ve EasyBytez premium hesab\u0131na ayr\u0131nt\u0131l\u0131 olarak tan\u0131tmak istiyoruz.","breadcrumb":{"@id":"https:\/\/multihoster.org\/tr\/easybytez\/#breadcrumb"},"inLanguage":"tr","potentialAction":[{"@type":"ReadAction","target":["https:\/\/multihoster.org\/tr\/easybytez\/"]}]},{"@type":"BreadcrumbList","@id":"https:\/\/multihoster.org\/tr\/easybytez\/#breadcrumb","itemListElement":[{"@type":"ListItem","position":1,"name":"Startseite","item":"https:\/\/multihoster.org\/tr\/"},{"@type":"ListItem","position":2,"name":"Premium Hesap EasyBytez &#8211; \u00d6zetle Multihoster"}]}]}},"_links":{"self":[{"href":"https:\/\/multihoster.org\/tr\/wp-json\/wp\/v2\/pages\/1960"}],"collection":[{"href":"https:\/\/multihoster.org\/tr\/wp-json\/wp\/v2\/pages"}],"about":[{"href":"https:\/\/multihoster.org\/tr\/wp-json\/wp\/v2\/types\/page"}],"author":[{"embeddable":true,"href":"https:\/\/multihoster.org\/tr\/wp-json\/wp\/v2\/users\/2"}],"replies":[{"embeddable":true,"href":"https:\/\/multihoster.org\/tr\/wp-json\/wp\/v2\/comments?post=1960"}],"version-history":[{"count":4,"href":"https:\/\/multihoster.org\/tr\/wp-json\/wp\/v2\/pages\/1960\/revisions"}],"predecessor-version":[{"id":2216,"href":"https:\/\/multihoster.org\/tr\/wp-json\/wp\/v2\/pages\/1960\/revisions\/2216"}],"wp:attachment":[{"href":"https:\/\/multihoster.org\/tr\/wp-json\/wp\/v2\/media?parent=1960"}],"curies":[{"name":"wp","href":"https:\/\/api.w.org\/{rel}","templated":true}]}}