{"id":2400,"date":"2020-03-20T11:47:28","date_gmt":"2020-03-20T11:47:28","guid":{"rendered":"https:\/\/multihoster.org\/?page_id=2400"},"modified":"2020-05-29T10:40:53","modified_gmt":"2020-05-29T10:40:53","slug":"mega","status":"publish","type":"page","link":"https:\/\/multihoster.org\/tr\/mega\/","title":{"rendered":"Mega Premium Hesap: Bir Bak\u0131\u015fta Filehoster"},"content":{"rendered":"\n<p>Mega, g\u00fcvenli, g\u00fcvenli ve kullan\u0131\u015fl\u0131 <a rel=\"noreferrer noopener\" aria-label=\"Bulut depolama (\u00f6ffnet in neuem Tab)\" href=\"https:\/\/cloud.google.com\/storage\" target=\"_blank\">Bulut depolama<\/a> &#8216;dir. Bu bulut depolama, s\u00fcrekli ve \u00e7evrimi\u00e7i web depolama uluslararas\u0131 standartlar\u0131na uygun olarak kendini g\u00fcnceller ve yeniden \u015fekillendirir. \u00d6nemli foto\u011fraflar\u0131n\u0131z, videolar\u0131n\u0131z ve di\u011fer dosyalar\u0131n\u0131z i\u00e7in \u00f6zelliklerinin yan\u0131 s\u0131ra g\u00fcvenliklerini \u00f6\u011frenmek ve keyfini \u00e7\u0131karmak i\u00e7in daha fazla bilgi edinin.<\/p>\n\n\n<a class=\"maxbutton-2 maxbutton maxbutton-cta\" target=\"_blank\" rel=\"nofollow noopener\" href=\"\/go\/\"><span class='mb-text'>&gt;&gt; Orijinal Linkifier Web Sitesine Git<\/span><\/a>\n\n\n<p><\/p>\n\n\n\n<h2>M\u00fctevazi \u201cMega\u201d K\u00f6kenler<\/h2>\n\n\n\n<p>Mega, Yeni Zelanda vatanda\u015f\u0131 Kim Dotcom&#8217;un bir dizi s\u00fcrekli testinden sonra 19 Ocak 2013&#8217;te \u00e7evrimi\u00e7i olarak sonu\u00e7land\u0131r\u0131ld\u0131 ve konu\u015fland\u0131r\u0131ld\u0131.<\/p>\n\n\n\n<p>Konu\u015fland\u0131r\u0131lmas\u0131n\u0131n ilk saatinde, Y\u00fcz Bin kullan\u0131c\u0131 (100.000.00), \u00f6zelliklerini ve hizmetlerini \u00f6ng\u00f6rerek hemen web sitesine kaydoldu. Kullan\u0131c\u0131lar, dakikada ortalama altm\u0131\u015f (60) farkl\u0131 dosya y\u00fckleyen Bir Milyona (1.000.000.00) y\u00fckseldik\u00e7e kay\u0131t katlanarak artt\u0131. Bu art\u0131\u015flar devam etti ve \u00fc\u00e7 (3) g\u00fcn i\u00e7inde y\u00fcklenen dosyalar saniyede be\u015f y\u00fcze (500) ula\u015ft\u0131.<\/p>\n\n\n\n<figure class=\"wp-block-image\"><img src=\"https:\/\/lh5.googleusercontent.com\/ziFsG1DkHhIGJyIU2hWhpt6qMoGKojcN-gTFptnOvGyD6gg2nqjB2Pv2xjpsSN9Wd_8XNgyv8zEvv_3om4-z7X1l5bYHfG9DBymKYAxnVaU5JQWfhQozCW24eOoS1CLrvNHJ3UU\" alt=\"Monitor, tablet and mobile phone.\"\/><\/figure>\n\n\n\n<p>Mega dosya bar\u0131nd\u0131rma hizmeti (FHS) platformu, d\u00fcnyan\u0131n d\u00f6rt bir yan\u0131ndaki kullan\u0131c\u0131lar yay\u0131nland\u0131ktan sonra farkl\u0131 cihazlar kullanarak kay\u0131tl\u0131 olarak b\u00fcy\u00fck \u00f6l\u00e7\u00fcde kabul edildi.<\/p>\n\n\n\n<p>Mega dosya bar\u0131nd\u0131rma hizmetinin (FHS) y\u00f6netimi, cep telefonlar\u0131 i\u00e7in bir uygulama geli\u015ftirme ihtiyac\u0131n\u0131 g\u00f6rd\u00fc ve 4 Temmuz 2013&#8217;te Mega Android uygulamas\u0131 Google Playstore&#8217;da yay\u0131nland\u0131. 26 Kas\u0131m 2013&#8217;te Apple App Store&#8217;da bir Mega iOS uygulamas\u0131 yay\u0131nlamalar\u0131n\u0131n nedeni iPhone kullan\u0131c\u0131lar\u0131na da artan bir ihtiya\u00e7 vard\u0131. Y\u00f6netim ayr\u0131ca, Windows PC&#8217;de dosya bar\u0131nd\u0131rma hizmetlerini (FHS) kullanma konusunda daha fazla kolayl\u0131k sa\u011flayan 20 Ocak 2014&#8217;te Windows i\u00e7in MEGAsync uygulamas\u0131n\u0131 yay\u0131nlamay\u0131 ba\u015fard\u0131. Linux i\u00e7in Linux tabanl\u0131 bir MEGAsync uygulamas\u0131 da 6 Eyl\u00fcl 2014&#8217;te Linux i\u00e7in yay\u0131nland\u0131.<\/p>\n\n\n\n<p>2013&#8217;\u00fcn sonlar\u0131nda ve 2014&#8217;\u00fcn ba\u015flar\u0131nda Mega, g\u00fcnde y\u00fcz (100) <a rel=\"noreferrer noopener\" aria-label=\"DMCA yay\u0131ndan kald\u0131rma (\u00f6ffnet in neuem Tab)\" href=\"https:\/\/www.dmca.com\/faq\/What-is-a-DMCA-Takedown\" target=\"_blank\">DMCA yay\u0131ndan kald\u0131rma<\/a> ve her ikisi de Mega y\u00f6netimi ve Yeni Zelanda H\u00fck\u00fcmeti taraf\u0131ndan reddedilen h\u00fck\u00fcmet teleklemesiyle ilgili komplo hikayeleri de dahil olmak \u00fczere bir\u00e7ok sorun ve tart\u0131\u015fmayla kar\u015f\u0131la\u015ft\u0131. Bu zorluklara ra\u011fmen, Kim Dotcom ve di\u011fer meslekta\u015flar\u0131 Yeni Zelanda Menkul K\u0131ymetler Borsas\u0131&#8217;na Mega askere haz\u0131rlanabildiler.<\/p>\n\n\n\n<p>2016 y\u0131l\u0131nda Mega, d\u00fcnya \u00e7ap\u0131nda bildirilen otuz be\u015f milyon dolar (35.000.000,00 $) kullan\u0131c\u0131yla geli\u015fmeye devam ediyor ve Mega dosya bar\u0131nd\u0131rma hizmeti (FHS) en iyi, de\u011filse d\u00fcnyan\u0131n en iyi \u00e7evrimi\u00e7i depolama \/ bulut depolama.<\/p>\n\n\n\n<h2>Mega G\u00fcvenlik<\/h2>\n\n\n\n<p>Mega&#8217;n\u0131n geli\u015ftirilmesinden \u00f6nce bile, geli\u015ftiricileri ve y\u00f6netimi, kullan\u0131c\u0131lar\u0131 i\u00e7in maksimum veri gizlili\u011fi sa\u011flamaya ve Mega&#8217;n\u0131n <a rel=\"noreferrer noopener\" aria-label=\"istemci taraf\u0131 komut dosyas\u0131 olu\u015fturma ile (\u00f6ffnet in neuem Tab)\" href=\"https:\/\/computersciencewiki.org\/index.php\/Client-side_scripting_and_server-side_scripting\" target=\"_blank\">istemci taraf\u0131 komut dosyas\u0131 olu\u015fturma ile<\/a> tasarlanma nedeninin mevcut yerel ve uluslararas\u0131 yasalara uymaya odakland\u0131. \u0130stemci taraf\u0131 komut dosyas\u0131 olu\u015fturma ile, her kullan\u0131c\u0131n\u0131n t\u00fcm bilgileri AES algoritmas\u0131 ile sunucuya girmeden \u00f6nce \u015fifrelenir. \u015eifrelenen her bilgi, t\u00fcm kullan\u0131c\u0131lar\u0131na herhangi bir veri kimlik av\u0131 ve veri h\u0131rs\u0131zl\u0131\u011f\u0131na kar\u015f\u0131 g\u00fcvenlik ve g\u00fcvenlik sa\u011flayan iki (2) ayr\u0131 konumda bulunan iki (2) sunucuda depolan\u0131r.<\/p>\n\n\n\n<figure class=\"wp-block-image\"><img src=\"https:\/\/lh6.googleusercontent.com\/Kam2Hbb_7G5v_03-2uEFBW1Nli8ElLUeGiVkcZ7lCEoIOtq0KnRlA0s5CNLyCIB0xkXwkgYtvmGA1NTNx-y810NH7p7IgN_Jw7OjBs-ACucc6tXxhlTfZJsOO5ey5BDiXXJebJs\" alt=\"Data storage\"\/><\/figure>\n\n\n\n<p>Kullan\u0131c\u0131lar\u0131n \u015fifrelenmi\u015f verileri ve bilgileri, ayr\u0131 konumlarda bulunan iki (2) modern sunucuda g\u00fcvende tutulur<\/p>\n\n\n\n<h2>Mega Veri Tahsisleri<\/h2>\n\n\n\n<p>Kullan\u0131c\u0131lar\u0131n\u0131n eri\u015filebilirli\u011fini ve rahatl\u0131\u011f\u0131n\u0131 sa\u011flamak i\u00e7in Mega, Mega \u00fccretsiz hesap ve a\u015fa\u011f\u0131daki gibi Mega Premium hesap y\u00f6ntemlerinde eri\u015filebilir ve e\u015fitlikli dosya bar\u0131nd\u0131rma hizmeti (FHS) sunar:<\/p>\n\n\n\n<p>&nbsp;1. Mega \u00dccretsiz &#8211; \u00dccretsiz bir hesapta on be\u015f (15) GB kullan\u0131labilir bulut depolama alan\u0131 vard\u0131r; bir (1) ay boyunca otuz be\u015f (35) GB deneme bulut depolama alan\u0131; ve en fazla otuz be\u015f (35) GB&#8217;l\u0131k ba\u015far\u0131lara dayal\u0131 ek tahsis.<\/p>\n\n\n\n<p>2.&nbsp; Mega Premium Account Pro Lite &#8211; Ayda bir (1) TB&#8217;ye kadar tahsis y\u00fckleyip indirebilen d\u00f6rt y\u00fcz (400) GB depolama alan\u0131 ile on bir puan otuz sekiz dolar (11.38 $) ayl\u0131k \u00f6deme gerektiren bir premium hesap.<\/p>\n\n\n\n<p>3. Mega Premium Account Pro II &#8211; Her biri iki (2) TB&#8217;a kadar y\u00fckleme veya indirme h\u0131z\u0131na sahip olabilen iki bin (2000) GB depolama alan\u0131na sahip yirmi iki puan yetmi\u015f sekiz dolar (22.78 $) tutar\u0131nda ayl\u0131k \u00f6deme gerektiren bir premium hesap ay.<\/p>\n\n\n\n<p>4. Mega Premium Account Pro III &#8211; Ayda sekiz (8) TB&#8217;a kadar y\u00fckleme veya indirme h\u0131z\u0131na sahip olabilen sekiz bin (8000) GB depolama alan\u0131 ile yirmi iki puan yirmi dokuz puan yetmi\u015f sekiz puan (29.78 $) tutar\u0131nda ayl\u0131k \u00f6deme gerektiren bir premium hesap.<\/p>\n\n\n<a class=\"maxbutton-2 maxbutton maxbutton-cta\" target=\"_blank\" rel=\"nofollow noopener\" href=\"\/go\/\"><span class='mb-text'>&gt;&gt; Orijinal Linkifier Web Sitesine Git<\/span><\/a>\n\n\n<p><\/p>\n\n\n\n<p>5. Mega Premium Account Pro IV &#8211; Ayda on alt\u0131 (16) TB&#8217;a kadar y\u00fckleme veya indirme h\u0131z\u0131na sahip olabilecek on alt\u0131 bin (16000) GB depolama alan\u0131 ile elli iki puan yetmi\u015f sekiz dolar (52.78 $) tutar\u0131nda ayl\u0131k \u00f6deme gerektiren bir premium hesap.<\/p>\n\n\n\n<figure class=\"wp-block-image\"><img src=\"https:\/\/lh5.googleusercontent.com\/u3_8o-SUQK7WVh-qzE8SfPyslU1u7vYvnwoS4qZECM7b9bCFWlgXIi9MorBY1jiojon-tNXUw5llENtpBrZV1FdrMvKQed4ZVLq7kPVyPDYAaREb6DT0IADZVDjN_hwQaPepxOI\" alt=\"Hand holding a medal\"\/><\/figure>\n\n\n\n<p>T\u00fcm Mega Premium Hesap Pro Planlar\u0131n\u0131n (Lite, II, III ve IV) bir (1) y\u0131ll\u0131k Mega Premium Hesap Pro Plan\u0131na abone olduktan sonra \u00fccretsiz iki (2) ayl\u0131k abonelikle gelece\u011fini unutmay\u0131n. Ba\u015flang\u0131\u00e7ta Mega&#8217;n\u0131n elli (50) GB \u00fccretsiz \u00e7evrimi\u00e7i web depolama alan\u0131 sa\u011flad\u0131\u011f\u0131n\u0131 duymu\u015f olabilirsiniz. 2017 y\u0131l\u0131nda y\u00f6netim, sunucular\u0131n\u0131n artan bak\u0131m maliyeti nedeniyle freebie&#8217;yi bir ay boyunca otuz (35) GB ile s\u0131n\u0131rlamaya karar verdi. Yine de, Mega y\u00f6netimi platforma bir \u00f6d\u00fcl sistemi ekleyerek bunlar\u0131 telafi etmeye \u00e7al\u0131\u015f\u0131r.<\/p>\n\n\n\n<p>\u00d6d\u00fcller, Windows i\u00e7in Mega program\u0131 ve Android ve iOS i\u00e7in Mega uygulamalar\u0131 y\u00fckleyerek elde edilebilir. Arkada\u015flar\u0131n\u0131z\u0131 ve daha bir\u00e7ok g\u00f6revi davet etmek, her kullan\u0131c\u0131ya bu ba\u015far\u0131lar i\u00e7in \u00f6d\u00fcl olarak ek bulut depolama kapasitesi sa\u011flayabilir.<\/p>\n\n\n\n<h2>Mega Ula\u015f\u0131labilirlik<\/h2>\n\n\n\n<p>Mega dosya bar\u0131nd\u0131rma hizmeti (FHS) platformunun veya bulut depolama alan\u0131n\u0131n geli\u015ftirilmesi, kullan\u0131c\u0131 dostu aray\u00fczleri ile Windows i\u00e7in Mega program\u0131 ve Android ve iOS i\u00e7in Mega uygulamas\u0131 arac\u0131l\u0131\u011f\u0131yla kullan\u0131c\u0131lar\u0131 i\u00e7in ergonomik ve sorunsuz bir deneyim sa\u011flamak i\u00e7in dikkatle incelenmi\u015f ve tasarlanm\u0131\u015ft\u0131r. Mega web sitesi bile, d\u00fcnyan\u0131n her yerinden kullan\u0131c\u0131lar\u0131n\u0131n \u00e7e\u015fitlili\u011fi ve kaynaklar\u0131 g\u00f6z \u00f6n\u00fcnde bulundurularak tasarland\u0131. Mega web sitesine, Windows, iOS, Linux, Ubuntu ve mobil cihazlar i\u00e7in Android dahil olmak \u00fczere farkl\u0131 i\u015fletim sistemleri i\u00e7in Google Chrome, Mozilla Firefox, Internet Explorer, Safari ve Opera dahil olmak \u00fczere ana genel internet taray\u0131c\u0131lar\u0131 kullan\u0131larak kolayca eri\u015filebilir.<\/p>\n\n\n\n<p>Mega, g\u00f6revler ve belirli ba\u015far\u0131lar i\u00e7in te\u015fvik edici depolama sa\u011flar<\/p>\n\n\n\n<h2>Mega Yenilik<\/h2>\n\n\n\n<p>M\u00fc\u015fterilerinin ve m\u00fc\u015fterilerinin her birini daha da memnun etmek i\u00e7in Mega, \u00fcr\u00fcnlerini a\u015fa\u011f\u0131daki gibi yeniden geli\u015ftirerek ve ek \u00f6zellikler sa\u011flayarak yaz\u0131l\u0131m\u0131n\u0131 s\u00fcrekli olarak geli\u015ftirir:<\/p>\n\n\n\n<p>1. MEGAchat \u2013 Her zamanki web mesajla\u015fma servisleriniz gibi MEGAchat de ileti\u015fim i\u00e7in taray\u0131c\u0131 tabanl\u0131 bir platformdur. MEGAchat sohbet, g\u00f6r\u00fcnt\u00fcl\u00fc arama ve g\u00f6r\u00fcnt\u00fcl\u00fc konferans hizmetleri ek \u00f6zelliklerle sunar. Normal web mesajla\u015fma gibi MEGAchat, kullan\u0131c\u0131lar\u0131n\u0131 ileti\u015fim korsanlar\u0131ndan ve telefon dinleme i\u015flemlerinden korumak i\u00e7in bulut depolama kar\u015f\u0131l\u0131\u011f\u0131 olarak en y\u00fcksek veri \u015fifrelemesine sahiptir.<\/p>\n\n\n\n<p>2. MEGA <a rel=\"noreferrer noopener\" aria-label=\"Uzant\u0131lar  (\u00f6ffnet in neuem Tab)\" href=\"https:\/\/www.forbes.com\/sites\/adrianbridgwater\/2019\/04\/16\/how-browser-extensions-work\/\" target=\"_blank\">Uzant\u0131lar <\/a>&#8211; Mega, Windows, iOS, <a rel=\"noreferrer noopener\" aria-label=\" (\u00f6ffnet in neuem Tab)\" href=\"https:\/\/opensource.com\/resources\/linux\" target=\"_blank\">Linux<\/a>, <a rel=\"noreferrer noopener\" aria-label=\"Ubuntu  (\u00f6ffnet in neuem Tab)\" href=\"https:\/\/ubuntu.com\/\" target=\"_blank\">Ubuntu <\/a>dahil olmak \u00fczere farkl\u0131 i\u015fletim sistemleri i\u00e7in Google Chrome, Mozilla Firefox, Internet Explorer, Safari ve Opera dahil olmak \u00fczere ana genel internet taray\u0131c\u0131lar\u0131n\u0131z i\u00e7in uzant\u0131lar geli\u015ftirebildi. Bildirildi\u011fi gibi bu uzant\u0131lar, taray\u0131c\u0131 uzant\u0131lar\u0131n\u0131 y\u00fcklemek, y\u00fckleme ve indirme i\u015flemini daha h\u0131zl\u0131 hale getirmenin yan\u0131 s\u0131ra istemci taraf\u0131 korumas\u0131 sa\u011flayarak daha fazla rahatl\u0131k sa\u011flad\u0131.<\/p>\n\n\n\n<h2>Mega Sonu\u00e7<\/h2>\n\n\n\n<p>Peki, veri ve bilgi eri\u015filebilirlik ve g\u00fcvenli\u011finizi bir \u00fcst seviyeye ta\u015f\u0131maya haz\u0131r m\u0131s\u0131n\u0131z? \u00dccretsiz kaydolun ve Mega dosya bar\u0131nd\u0131rma hizmeti (FHS) platformunu kullanman\u0131n Mega avantajlar\u0131n\u0131 ya\u015fay\u0131n. Bu, temel bilgilerle eri\u015filebilen ancak bir Mega bulut depolama alan\u0131 sa\u011flayan bulut depolama alan\u0131d\u0131r.<\/p>\n\n\n\n<h2>Frequently Asked Questions (FAQ)<\/h2>\n\n\n\n<h3><strong>1. Mega dosya bar\u0131nd\u0131rma hizmetini (FHS) kullanmada sorunlar ve zorluklar olmas\u0131 durumunda Mega ile ileti\u015fim kurabilir miyim?<\/strong><\/h3>\n\n\n\n<p>Evet, Mega, Mega dosya bar\u0131nd\u0131rma hizmetini (FHS) kullanmadaki sorunlar\u0131n\u0131z\u0131 ve zorluklar\u0131n\u0131z\u0131 dinleyecek ve \u00e7\u00f6zecek bir Mega m\u00fc\u015fteri destek ekibine sahiptir. M\u00fc\u015fteri destek ekibi, d\u00fcnyan\u0131n d\u00f6rt bir yan\u0131ndaki t\u00fcm uluslara haftan\u0131n yirmi d\u00f6rt yedi (24\/7) veya yedi (7) g\u00fcn\u00fc herhangi bir saatte \u00e7evrimi\u00e7i olarak ula\u015f\u0131labilir. \u00c7\u00fcnk\u00fc Mega, kullan\u0131c\u0131lar\u0131 ve m\u00fc\u015fterileri i\u00e7in azami \u00f6zeni ve deste\u011fi sa\u011flar. Ayr\u0131ca, Mega Premium Account Pro kullan\u0131c\u0131lar\u0131 (Lite, II, III ve IV) m\u00fc\u015fteri destek hizmetleri i\u00e7in \u00f6nceliktir, ancak Mega y\u00f6netimi t\u00fcm endi\u015feleri en k\u0131sa s\u00fcrede yerine getirir.<\/p>\n\n\n\n<h3><strong>&nbsp;2. Dosyalar\u0131m Mega Cloud depolama alan\u0131nda g\u00fcvenli mi?<\/strong><\/h3>\n\n\n\n<p>Mega geli\u015ftiriciler, kullan\u0131c\u0131lar\u0131 i\u00e7in maksimum veri gizlili\u011fi sa\u011flamaya odakland\u0131. Platform, istemci taraf\u0131 komut dosyas\u0131 olu\u015fturma yoluyla mevcut yerel ve uluslararas\u0131 yasalara uyacak \u015fekilde dikkatle tasarlanm\u0131\u015ft\u0131r. \u0130stemci taraf\u0131 komut dosyas\u0131 olu\u015fturma ile, her kullan\u0131c\u0131n\u0131n t\u00fcm bilgileri sunucuya AES algoritmas\u0131yla girmeden \u00f6nce \u015fifrelenir. \u015eifrelenen her bilgi, t\u00fcm kullan\u0131c\u0131lar\u0131na herhangi bir veri kimlik av\u0131 ve veri h\u0131rs\u0131zl\u0131\u011f\u0131na kar\u015f\u0131 g\u00fcvenlik ve g\u00fcvenlik sa\u011flayan iki (2) ayr\u0131 konumda bulunan iki (2) sunucuda depolan\u0131r.<\/p>\n\n\n\n<h3><strong>&nbsp;3. Mega dosya bar\u0131nd\u0131rma hizmetini (FHS) \u00f6demeden kullanabilir miyim?<\/strong><\/h3>\n\n\n\n<p>Mega&#8217;n\u0131n on be\u015f (15) GB kullan\u0131labilir bulut depolama alan\u0131 tahsisli \u00fccretsiz bir hesap \u015femas\u0131 vard\u0131r; bir (1) ay boyunca otuz be\u015f (35) GB deneme bulut depolama alan\u0131; ve en fazla otuz be\u015f (35) GB&#8217;l\u0131k ba\u015far\u0131lara dayal\u0131 ek tahsis. Aksi takdirde, kullan\u0131c\u0131lar daha fazla bulut depolama alan\u0131na eri\u015fmek i\u00e7in Mega Premium Hesap Pro&#8217;ya (Lite, I, II, III, IV) y\u00fckseltmeyi se\u00e7ebilir.<\/p>\n\n\n\n<h3><strong>&nbsp;4. Dahili web taray\u0131c\u0131m\u0131 kullanarak Mega dosya bar\u0131nd\u0131rma hizmetine (FHS) eri\u015febilir miyim?<\/strong><\/h3>\n\n\n\n<p>Evet, Mega web sitesine Windows, iOS, Linux, Ubuntu ve Android i\u00e7in mobil dahil olmak \u00fczere farkl\u0131 i\u015fletim sistemleri i\u00e7in Google Chrome, Mozilla Firefox, Internet Explorer, Safari ve Opera dahil olmak \u00fczere ana genel ve yerle\u015fik internet taray\u0131c\u0131lar\u0131 kullan\u0131larak kolayca eri\u015filebilir. Buna ek olarak, Mega, y\u00fckleme ve indirme i\u015flemlerini daha h\u0131zl\u0131 hale getirmenin yan\u0131 s\u0131ra kullan\u0131c\u0131lar\u0131na istemci taraf\u0131 korumas\u0131 sa\u011flayarak kullan\u0131c\u0131lar\u0131na rahatl\u0131k ve kolayl\u0131k sa\u011flayan yukar\u0131daki her taray\u0131c\u0131 i\u00e7in bir uzant\u0131ya sahiptir.<\/p>\n\n\n<a class=\"maxbutton-2 maxbutton maxbutton-cta\" target=\"_blank\" rel=\"nofollow noopener\" href=\"\/go\/\"><span class='mb-text'>&gt;&gt; Orijinal Linkifier Web Sitesine Git<\/span><\/a>\n\n\n<p><\/p>\n","protected":false},"excerpt":{"rendered":"<p>Mega, g\u00fcvenli, g\u00fcvenli ve kullan\u0131\u015fl\u0131 Bulut depolama &#8216;dir. Bu bulut depolama, s\u00fcrekli ve \u00e7evrimi\u00e7i web depolama uluslararas\u0131 standartlar\u0131na uygun olarak<\/p>\n","protected":false},"author":2,"featured_media":0,"parent":0,"menu_order":0,"comment_status":"closed","ping_status":"closed","template":"","meta":[],"yoast_head":"<!-- This site is optimized with the Yoast SEO plugin v18.3 - https:\/\/yoast.com\/wordpress\/plugins\/seo\/ -->\n<title>Mega Premium Hesap \u2013 Bir Bak\u0131\u015fta Filehoster<\/title>\n<meta name=\"description\" content=\"Mega sayg\u0131n bir sa\u011flay\u0131c\u0131 m\u0131 de\u011fil mi, cevab\u0131n\u0131 Multihoster.org&#039;daki mevcut testte bulabilirsiniz \u279c \u015eimdi t\u0131klay\u0131n \u271a deneyimlerimizi okumak i\u00e7in!\" \/>\n<meta name=\"robots\" content=\"index, follow, max-snippet:-1, max-image-preview:large, max-video-preview:-1\" \/>\n<link rel=\"canonical\" href=\"https:\/\/multihoster.org\/tr\/mega\/\" \/>\n<meta property=\"og:locale\" content=\"tr_TR\" \/>\n<meta property=\"og:type\" content=\"article\" \/>\n<meta property=\"og:title\" content=\"Mega Premium Hesap \u2013 Bir Bak\u0131\u015fta Filehoster\" \/>\n<meta property=\"og:description\" content=\"Mega sayg\u0131n bir sa\u011flay\u0131c\u0131 m\u0131 de\u011fil mi, cevab\u0131n\u0131 Multihoster.org&#039;daki mevcut testte bulabilirsiniz \u279c \u015eimdi t\u0131klay\u0131n \u271a deneyimlerimizi okumak i\u00e7in!\" \/>\n<meta property=\"og:url\" content=\"https:\/\/multihoster.org\/tr\/mega\/\" \/>\n<meta property=\"og:site_name\" content=\"Multihoster.org\" \/>\n<meta property=\"article:modified_time\" content=\"2020-05-29T10:40:53+00:00\" \/>\n<meta property=\"og:image\" content=\"https:\/\/lh5.googleusercontent.com\/ziFsG1DkHhIGJyIU2hWhpt6qMoGKojcN-gTFptnOvGyD6gg2nqjB2Pv2xjpsSN9Wd_8XNgyv8zEvv_3om4-z7X1l5bYHfG9DBymKYAxnVaU5JQWfhQozCW24eOoS1CLrvNHJ3UU\" \/>\n<meta name=\"twitter:card\" content=\"summary\" \/>\n<meta name=\"twitter:label1\" content=\"Tahmini okuma s\u00fcresi\" \/>\n\t<meta name=\"twitter:data1\" content=\"9 dakika\" \/>\n<script type=\"application\/ld+json\" class=\"yoast-schema-graph\">{\"@context\":\"https:\/\/schema.org\",\"@graph\":[{\"@type\":\"WebSite\",\"@id\":\"https:\/\/multihoster.org\/#website\",\"url\":\"https:\/\/multihoster.org\/\",\"name\":\"Multihoster.org\",\"description\":\"Reviews of the major Filehosting services\",\"potentialAction\":[{\"@type\":\"SearchAction\",\"target\":{\"@type\":\"EntryPoint\",\"urlTemplate\":\"https:\/\/multihoster.org\/?s={search_term_string}\"},\"query-input\":\"required name=search_term_string\"}],\"inLanguage\":\"tr\"},{\"@type\":\"ImageObject\",\"@id\":\"https:\/\/multihoster.org\/tr\/mega\/#primaryimage\",\"inLanguage\":\"tr\",\"url\":\"https:\/\/lh5.googleusercontent.com\/ziFsG1DkHhIGJyIU2hWhpt6qMoGKojcN-gTFptnOvGyD6gg2nqjB2Pv2xjpsSN9Wd_8XNgyv8zEvv_3om4-z7X1l5bYHfG9DBymKYAxnVaU5JQWfhQozCW24eOoS1CLrvNHJ3UU\",\"contentUrl\":\"https:\/\/lh5.googleusercontent.com\/ziFsG1DkHhIGJyIU2hWhpt6qMoGKojcN-gTFptnOvGyD6gg2nqjB2Pv2xjpsSN9Wd_8XNgyv8zEvv_3om4-z7X1l5bYHfG9DBymKYAxnVaU5JQWfhQozCW24eOoS1CLrvNHJ3UU\"},{\"@type\":\"WebPage\",\"@id\":\"https:\/\/multihoster.org\/tr\/mega\/#webpage\",\"url\":\"https:\/\/multihoster.org\/tr\/mega\/\",\"name\":\"Mega Premium Hesap \u2013 Bir Bak\u0131\u015fta Filehoster\",\"isPartOf\":{\"@id\":\"https:\/\/multihoster.org\/#website\"},\"primaryImageOfPage\":{\"@id\":\"https:\/\/multihoster.org\/tr\/mega\/#primaryimage\"},\"datePublished\":\"2020-03-20T11:47:28+00:00\",\"dateModified\":\"2020-05-29T10:40:53+00:00\",\"description\":\"Mega sayg\u0131n bir sa\u011flay\u0131c\u0131 m\u0131 de\u011fil mi, cevab\u0131n\u0131 Multihoster.org'daki mevcut testte bulabilirsiniz \u279c \u015eimdi t\u0131klay\u0131n \u271a deneyimlerimizi okumak i\u00e7in!\",\"breadcrumb\":{\"@id\":\"https:\/\/multihoster.org\/tr\/mega\/#breadcrumb\"},\"inLanguage\":\"tr\",\"potentialAction\":[{\"@type\":\"ReadAction\",\"target\":[\"https:\/\/multihoster.org\/tr\/mega\/\"]}]},{\"@type\":\"BreadcrumbList\",\"@id\":\"https:\/\/multihoster.org\/tr\/mega\/#breadcrumb\",\"itemListElement\":[{\"@type\":\"ListItem\",\"position\":1,\"name\":\"Startseite\",\"item\":\"https:\/\/multihoster.org\/tr\/\"},{\"@type\":\"ListItem\",\"position\":2,\"name\":\"Mega Premium Hesap: Bir Bak\u0131\u015fta Filehoster\"}]}]}<\/script>\n<!-- \/ Yoast SEO plugin. -->","yoast_head_json":{"title":"Mega Premium Hesap \u2013 Bir Bak\u0131\u015fta Filehoster","description":"Mega sayg\u0131n bir sa\u011flay\u0131c\u0131 m\u0131 de\u011fil mi, cevab\u0131n\u0131 Multihoster.org'daki mevcut testte bulabilirsiniz \u279c \u015eimdi t\u0131klay\u0131n \u271a deneyimlerimizi okumak i\u00e7in!","robots":{"index":"index","follow":"follow","max-snippet":"max-snippet:-1","max-image-preview":"max-image-preview:large","max-video-preview":"max-video-preview:-1"},"canonical":"https:\/\/multihoster.org\/tr\/mega\/","og_locale":"tr_TR","og_type":"article","og_title":"Mega Premium Hesap \u2013 Bir Bak\u0131\u015fta Filehoster","og_description":"Mega sayg\u0131n bir sa\u011flay\u0131c\u0131 m\u0131 de\u011fil mi, cevab\u0131n\u0131 Multihoster.org'daki mevcut testte bulabilirsiniz \u279c \u015eimdi t\u0131klay\u0131n \u271a deneyimlerimizi okumak i\u00e7in!","og_url":"https:\/\/multihoster.org\/tr\/mega\/","og_site_name":"Multihoster.org","article_modified_time":"2020-05-29T10:40:53+00:00","og_image":[{"url":"https:\/\/lh5.googleusercontent.com\/ziFsG1DkHhIGJyIU2hWhpt6qMoGKojcN-gTFptnOvGyD6gg2nqjB2Pv2xjpsSN9Wd_8XNgyv8zEvv_3om4-z7X1l5bYHfG9DBymKYAxnVaU5JQWfhQozCW24eOoS1CLrvNHJ3UU"}],"twitter_card":"summary","twitter_misc":{"Tahmini okuma s\u00fcresi":"9 dakika"},"schema":{"@context":"https:\/\/schema.org","@graph":[{"@type":"WebSite","@id":"https:\/\/multihoster.org\/#website","url":"https:\/\/multihoster.org\/","name":"Multihoster.org","description":"Reviews of the major Filehosting services","potentialAction":[{"@type":"SearchAction","target":{"@type":"EntryPoint","urlTemplate":"https:\/\/multihoster.org\/?s={search_term_string}"},"query-input":"required name=search_term_string"}],"inLanguage":"tr"},{"@type":"ImageObject","@id":"https:\/\/multihoster.org\/tr\/mega\/#primaryimage","inLanguage":"tr","url":"https:\/\/lh5.googleusercontent.com\/ziFsG1DkHhIGJyIU2hWhpt6qMoGKojcN-gTFptnOvGyD6gg2nqjB2Pv2xjpsSN9Wd_8XNgyv8zEvv_3om4-z7X1l5bYHfG9DBymKYAxnVaU5JQWfhQozCW24eOoS1CLrvNHJ3UU","contentUrl":"https:\/\/lh5.googleusercontent.com\/ziFsG1DkHhIGJyIU2hWhpt6qMoGKojcN-gTFptnOvGyD6gg2nqjB2Pv2xjpsSN9Wd_8XNgyv8zEvv_3om4-z7X1l5bYHfG9DBymKYAxnVaU5JQWfhQozCW24eOoS1CLrvNHJ3UU"},{"@type":"WebPage","@id":"https:\/\/multihoster.org\/tr\/mega\/#webpage","url":"https:\/\/multihoster.org\/tr\/mega\/","name":"Mega Premium Hesap \u2013 Bir Bak\u0131\u015fta Filehoster","isPartOf":{"@id":"https:\/\/multihoster.org\/#website"},"primaryImageOfPage":{"@id":"https:\/\/multihoster.org\/tr\/mega\/#primaryimage"},"datePublished":"2020-03-20T11:47:28+00:00","dateModified":"2020-05-29T10:40:53+00:00","description":"Mega sayg\u0131n bir sa\u011flay\u0131c\u0131 m\u0131 de\u011fil mi, cevab\u0131n\u0131 Multihoster.org'daki mevcut testte bulabilirsiniz \u279c \u015eimdi t\u0131klay\u0131n \u271a deneyimlerimizi okumak i\u00e7in!","breadcrumb":{"@id":"https:\/\/multihoster.org\/tr\/mega\/#breadcrumb"},"inLanguage":"tr","potentialAction":[{"@type":"ReadAction","target":["https:\/\/multihoster.org\/tr\/mega\/"]}]},{"@type":"BreadcrumbList","@id":"https:\/\/multihoster.org\/tr\/mega\/#breadcrumb","itemListElement":[{"@type":"ListItem","position":1,"name":"Startseite","item":"https:\/\/multihoster.org\/tr\/"},{"@type":"ListItem","position":2,"name":"Mega Premium Hesap: Bir Bak\u0131\u015fta Filehoster"}]}]}},"_links":{"self":[{"href":"https:\/\/multihoster.org\/tr\/wp-json\/wp\/v2\/pages\/2400"}],"collection":[{"href":"https:\/\/multihoster.org\/tr\/wp-json\/wp\/v2\/pages"}],"about":[{"href":"https:\/\/multihoster.org\/tr\/wp-json\/wp\/v2\/types\/page"}],"author":[{"embeddable":true,"href":"https:\/\/multihoster.org\/tr\/wp-json\/wp\/v2\/users\/2"}],"replies":[{"embeddable":true,"href":"https:\/\/multihoster.org\/tr\/wp-json\/wp\/v2\/comments?post=2400"}],"version-history":[{"count":4,"href":"https:\/\/multihoster.org\/tr\/wp-json\/wp\/v2\/pages\/2400\/revisions"}],"predecessor-version":[{"id":4520,"href":"https:\/\/multihoster.org\/tr\/wp-json\/wp\/v2\/pages\/2400\/revisions\/4520"}],"wp:attachment":[{"href":"https:\/\/multihoster.org\/tr\/wp-json\/wp\/v2\/media?parent=2400"}],"curies":[{"name":"wp","href":"https:\/\/api.w.org\/{rel}","templated":true}]}}