{"id":2458,"date":"2020-03-20T11:54:39","date_gmt":"2020-03-20T11:54:39","guid":{"rendered":"https:\/\/multihoster.org\/?page_id=2458"},"modified":"2020-03-23T15:08:46","modified_gmt":"2020-03-23T15:08:46","slug":"openload","status":"publish","type":"page","link":"https:\/\/multihoster.org\/tr\/openload\/","title":{"rendered":"Openload Premium Hesap: Bir Bak\u0131\u015fta Filehoster"},"content":{"rendered":"\n<figure class=\"wp-block-image\"><img src=\"https:\/\/lh5.googleusercontent.com\/zV-SviouA7daBi8XugOcCpDkWQex4kXx8M9Vf7o2khVu4x6L7g7Xzcm_Z_MCXx37l-jre3m8D_bsoBYz19rCNEpdq4_lj5tULatS1vbk1d0_-LC6OlHPlvNtysq_a8-q3U1RKqs\" alt=\"Openload Logo\"\/><\/figure>\n\n\n\n<p>Birisi Openload.co sitesine eri\u015fmeye veya bu siteyi ziyaret etmeye \u00e7al\u0131\u015ft\u0131\u011f\u0131nda, bu hata iletisinin \u201cWeb sitesinde telif hakk\u0131 ihlali nedeniyle art\u0131k kullan\u0131lamad\u0131\u011f\u0131n\u0131\u201d s\u00f6ylemek \u00fcz\u00fcc\u00fc. Alliance4creativity.com adresine y\u00f6nlendirileceksiniz \u201d. Evet, Openload.co sitesi ve hizmetleri 31 Ekim 2019&#8217;dan beri kapat\u0131ld\u0131 ve be\u015f (5) saniye say\u0131mdan sonra otomatik olarak Yarat\u0131c\u0131l\u0131k ve E\u011flence \u0130ttifak\u0131na veya ACE sitesine otomatik olarak y\u00f6nlendirilecek. Bunun nedeni, korsan olan \u00e7ok say\u0131da i\u00e7eri\u011fin Openload alan\u0131 alt\u0131nda bulunmas\u0131d\u0131r. Streammango da kapal\u0131.<\/p>\n\n\n\n<p>Dikkat \u00e7ekici bir \u015fekilde, d\u00fcnyadaki insanlar\u0131n \u00e7o\u011fu \u015fimdi video, m\u00fczik ve belge gibi dosyalar\u0131 indirmek i\u00e7in her zaman \u00fccretsiz ar\u0131yorlar. \u00dccretsiz ve dosya bar\u0131nd\u0131rma yetene\u011fine sahip \u00f6nerilen sitelerden biri Openload.<\/p>\n\n\n\n<p>A\u00e7\u0131k y\u00fck depolama ile ayn\u0131d\u0131r ancak dijital formdad\u0131r. Bir kullan\u0131c\u0131n\u0131n siteye her t\u00fcrl\u00fc dosyay\u0131 kaydetmek ve siteden bir dosya almak i\u00e7in y\u00fckleyebilece\u011fi sitedir. Bir kullan\u0131c\u0131 farkl\u0131 dosyalar\u0131 ba\u015fkalar\u0131yla da payla\u015fabilir.<\/p>\n\n\n\n<p>Openload Premium olan premium bir s\u00fcr\u00fcm\u00fc var.<\/p>\n\n\n<a class=\"maxbutton-2 maxbutton maxbutton-cta\" target=\"_blank\" rel=\"nofollow noopener\" href=\"\/go\/\"><span class='mb-text'>&gt;&gt; Orijinal Linkifier Web Sitesine Git<\/span><\/a>\n\n\n<p><\/p>\n\n\n\n<h2>Openload Free ve Open Premium Hesab\u0131 ne sunuyor?<\/h2>\n\n\n\n<figure class=\"wp-block-table\"><table class=\"\"><tbody><tr><td>Openload versiyon:<\/td><td>Openload Bedava<\/td><\/tr><tr><td>Fiyat:<\/td><td>Bedava<\/td><\/tr><tr><td>Depolama kapasitesi:<\/td><td>S\u0131n\u0131rl\u0131<\/td><\/tr><tr><td>Desteklenen cihazlar:<\/td><td>\u0130nternet ba\u011flant\u0131s\u0131 olan t\u00fcm cihazlar<\/td><\/tr><\/tbody><\/table><\/figure>\n\n\n\n<figure class=\"wp-block-table\"><table class=\"\"><tbody><tr><td>Openload  versiyon:<\/td><td>Openload Premium<\/td><\/tr><tr><td>Fiyat:<\/td><td>Bedava<\/td><\/tr><tr><td>Depolama kapasitesi:<\/td><td>S\u0131n\u0131rs\u0131z<\/td><\/tr><tr><td>Desteklenen cihazlar:<\/td><td>\u0130nternet ba\u011flant\u0131s\u0131 olan t\u00fcm cihazlar<\/td><\/tr><\/tbody><\/table><\/figure>\n\n\n\n<p>Openload&#8217;un iki s\u00fcr\u00fcm\u00fcn\u00fc kar\u015f\u0131la\u015ft\u0131rd\u0131\u011f\u0131n\u0131zda, bunlar\u0131n her ikisi de \u00fccretsizdir, ancak Openload Premium Hesab\u0131, Openload&#8217;un \u00fccretsiz s\u00fcr\u00fcm\u00fcnden daha fazla i\u015flevsellik i\u00e7erir ve daha b\u00fcy\u00fck bir depolama kapasitesine sahiptir.<\/p>\n\n\n\n<h2>Openload: Dosya Y\u00fckleme<\/h2>\n\n\n\n<h2><\/h2>\n\n\n\n<p>\u00d6zellikle Openload Premium Hesab\u0131 kullan\u0131yorsan\u0131z Openload&#8217;a dosya, belge, m\u00fczik ve video y\u00fckleyebilirsiniz. Sadece a\u015fa\u011f\u0131daki prosed\u00fcrleri takip edin.<\/p>\n\n\n\n<p>1. Openload sitesine gidin.<\/p>\n\n\n\n<p>2. Klas\u00f6rlerinize g\u00f6z at\u0131n ve y\u00fcklemek istedi\u011finiz dosyay\u0131 veya belgeyi veya m\u00fczik veya videoyu bulun. <\/p>\n\n\n\n<p>3. Buldu\u011funuzda, o dosyay\u0131 se\u00e7in.<\/p>\n\n\n\n<p>4. Dosyay\u0131 Openload y\u00fckleme sayfas\u0131na s\u00fcr\u00fckleyip b\u0131rak\u0131n.<\/p>\n\n\n\n<p>5. Dosyan\u0131z otomatik olarak Openload sitesine y\u00fcklenecektir.<\/p>\n\n\n\n<h2>Openload: Dosya \u0130ndirme<\/h2>\n\n\n\n<h3><strong>OpenLoad dosya bar\u0131nd\u0131rma sitesinde herhangi bir video nas\u0131l indirilir?<\/strong><\/h3>\n\n\n\n<p>Endi\u015felenmenize gerek yok, \u00e7\u00fcnk\u00fc dosyalar\u0131 indirmek burada \u00fccretsiz. Openload&#8217;da bir dosyay\u0131 indirmenin iki (2) yolu vard\u0131r. Openload dosya bar\u0131nd\u0131rma sitesinden herhangi bir dosyay\u0131 indirmek i\u00e7in a\u015fa\u011f\u0131daki yordamlar\u0131 izleyin.<\/p>\n\n\n\n<p><\/p>\n\n\n\n<figure class=\"wp-block-table\"><table class=\"\"><tbody><tr><td>Bir dosyay\u0131 indirmenin ilk yolu:<br><br>1. Openload sitesine gidin.<br>2. \u0130ndirmek istedi\u011finiz dosyay\u0131 bulun.<br>3. Bu dosyaya t\u0131klad\u0131\u011f\u0131n\u0131zda dosyan\u0131n sayfas\u0131na y\u00f6nlendirilirsiniz.<br>4. Sayfada &#8220;\u0130ND\u0130R&#8221; d\u00fc\u011fmesini bulun ve t\u0131klay\u0131n. G\u00f6sterilecek reklamlar\u0131 kapat\u0131n.<br>5. &#8220;\u00dcCRETS\u0130Z \u0130ND\u0130RME&#8221; olan ba\u015fka bir d\u00fc\u011fme g\u00f6r\u00fcnecek, d\u00fc\u011fmeyi etkinle\u015ftirmek i\u00e7in 3 ila 5 saniye bekleyin, d\u00fc\u011fmeyi t\u0131klay\u0131n ve dosya \u015fimdi indirilmeye ba\u015flanacak.<br>6. \u0130ndirme i\u015fleminiz, Internet Download Manager (IDM) gibi indirme yaz\u0131l\u0131m\u0131n\u0131z\u0131 otomatik olarak a\u00e7ar veya b\u00f6yle bir yaz\u0131l\u0131m\u0131n\u0131z yoksa, indirme i\u015fleminizi ger\u00e7ekle\u015ftiren taray\u0131c\u0131 olacakt\u0131r.<\/td><td>\u0130ndirmenin ikinci yolu (A TRICK &#8211; videolar i\u00e7in):<br> Bu \u015fekilde video dosyas\u0131 t\u00fcrleri i\u00e7indir.<br> \u0130ND\u0130R d\u00fc\u011fmesine t\u0131klamak yerine, kullan\u0131c\u0131n\u0131n indirmesi i\u00e7in ba\u015fka bir zor yol var. A\u015fa\u011f\u0131ya bak\u0131n\u0131z.<br>1. Openload sitesine gidin.<br>2. \u0130zlemek i\u00e7in indirmek istedi\u011finiz bir video bulun.<br>3. Bu videoyu t\u0131klay\u0131n, videonun sayfas\u0131na y\u00f6nlendirileceksiniz.<br>4. \u0130\u015fte hile. &#8220;OYNAT&#8221; d\u00fc\u011fmesini t\u0131klay\u0131n ve g\u00f6sterilecek reklamlar\u0131 kapat\u0131n. Video reklamlar taraf\u0131ndan duraklat\u0131lm\u0131\u015fsa video y\u00fcklenene kadar \u201cPLAY\u201d d\u00fc\u011fmesini t\u0131klamaya devam edin.<br>5. Video y\u00fcklendi\u011finde, videoyu sa\u011f t\u0131klay\u0131n ve \u201cVideoyu farkl\u0131 kaydet\u201d se\u00e7ene\u011fini t\u0131klay\u0131n.<br>6. Cihaz\u0131n\u0131zda video dosyas\u0131n\u0131 kaydetmek istedi\u011finiz bir konum se\u00e7in.<br>7. \u201cTamam\u201d \u0131 t\u0131klay\u0131n.<br>8. \u0130ndirme i\u015fleminiz, Internet Download Manager (IDM) gibi indirme yaz\u0131l\u0131m\u0131n\u0131z\u0131 otomatik olarak a\u00e7ar veya b\u00f6yle bir yaz\u0131l\u0131m\u0131n\u0131z yoksa, indirme i\u015fleminizi ger\u00e7ekle\u015ftiren taray\u0131c\u0131 olacakt\u0131r.<\/td><\/tr><\/tbody><\/table><\/figure>\n\n\n\n<ul><li>Videonun do\u011fru \u015fekilde indirildi\u011finden emin olmak i\u00e7in cihaz\u0131n\u0131z\u0131n internet ba\u011flant\u0131s\u0131 sabit olmal\u0131d\u0131r. Aksi takdirde, video tamamen indirilmez veya bozulur.<\/li><li> Sitenin \u00fclkenizde yasaklanmas\u0131 durumunda kullan\u0131c\u0131lar, siteye eri\u015fmek ve herhangi bir video indirmek i\u00e7in Sanal \u00d6zel A\u011f veya <a rel=\"noreferrer noopener\" aria-label=\"VPN  (\u00f6ffnet in neuem Tab)\" href=\"https:\/\/us.norton.com\/internetsecurity-privacy-what-is-a-vpn.html\" target=\"_blank\">VPN <\/a>kullanabilir.<\/li><\/ul>\n\n\n\n<h2>Openload: Videolar\u0131 \u0130zleme<\/h2>\n\n\n\n<p>Openload dosya bar\u0131nd\u0131rma sitesinde herhangi bir video izlemek \u00e7ok kolayd\u0131r. Sadece siteye gitmeniz, izlemek istedi\u011finiz videoyu bulman\u0131z,<\/p>\n\n\n\n<p>1.. Openload sitesine gidin.<\/p>\n\n\n\n<p>2. \u00c7evrimi\u00e7i izlemek istedi\u011finiz bir video bulun. <\/p>\n\n\n\n<p>3. Bu videoya t\u0131klay\u0131n, videonun sayfas\u0131na y\u00f6nlendirileceksiniz. <\/p>\n\n\n\n<p>4. \u201cOYNAT\u201d d\u00fc\u011fmesine t\u0131klay\u0131n. ve videoyu y\u00fckleyene kadar bekleyin. Bundan sonra, art\u0131k t\u00fcm videoyu \u00e7evrimi\u00e7i izlemenin tad\u0131n\u0131 \u00e7\u0131karabilirsiniz.<\/p>\n\n\n\n<h2>Openload: Dosya Payla\u015fma<\/h2>\n\n\n\n<p>Kullan\u0131c\u0131lar ba\u011flant\u0131lar arac\u0131l\u0131\u011f\u0131yla di\u011fer ki\u015filerle dosya payla\u015fabilirler.<\/p>\n\n\n\n<figure class=\"wp-block-table\"><table class=\"\"><tbody><tr><td>Kay\u0131tl\u0131 olmayan kullan\u0131c\u0131lar i\u00e7in:<br>1. Openload sitesine gidin.<br>2. \u00c7evrimi\u00e7i payla\u015fmak istedi\u011finiz bir dosya bulun. <br>3. Sadece payla\u015fmak istedi\u011finiz dosyan\u0131n ba\u011flant\u0131s\u0131n\u0131 kopyalay\u0131n. <br>4. Kopyalanan ba\u011flant\u0131y\u0131 kime veya nereye yap\u0131\u015ft\u0131r\u0131n payla\u015fmak istiyorum.<\/td><td>Kay\u0131tl\u0131 kullan\u0131c\u0131lar i\u00e7in:<br>1. Openload sitesine gidin.<br>2. Oturum a\u00e7\u0131n ve Kullan\u0131c\u0131 Panelinde Dosya Y\u00f6neticisi&#8217;ne gidin.<br>3. \u00c7evrimi\u00e7i payla\u015fmak istedi\u011finiz bir dosya bulun. <br>4. Dosyay\u0131 se\u00e7in ve dosyan\u0131n ba\u011flant\u0131s\u0131n\u0131 kopyalay\u0131n. <br>5. Kopyalanan ba\u011flant\u0131y\u0131 kime veya payla\u015fmak istedi\u011finiz yere yap\u0131\u015ft\u0131r\u0131n.<\/td><\/tr><\/tbody><\/table><\/figure>\n\n\n<a class=\"maxbutton-2 maxbutton maxbutton-cta\" target=\"_blank\" rel=\"nofollow noopener\" href=\"\/go\/\"><span class='mb-text'>&gt;&gt; Orijinal Linkifier Web Sitesine Git<\/span><\/a>\n\n\n<p><\/p>\n\n\n\n<p>Dosyaya eri\u015fmek i\u00e7in ba\u015fkalar\u0131n\u0131n ba\u011flant\u0131y\u0131 t\u0131klamas\u0131 gerekir ve bunlar otomatik olarak dosyaya y\u00f6nlendirilir.<\/p>\n\n\n\n<h2>Openload: Kullan\u0131c\u0131 Paneli<\/h2>\n\n\n\n<p>Kullan\u0131c\u0131 Paneli a\u015fa\u011f\u0131dakilerden olu\u015fur: G\u00f6sterge Tablosu, Dosya Y\u00f6neticisi, Uzaktan Y\u00fckleme, \u00c7oklu Y\u00fckleme, Kullan\u0131c\u0131 Ayarlar\u0131, Sat\u0131\u015f Ortakl\u0131\u011f\u0131 Program\u0131, D\u00f6n\u00fc\u015f\u00fcm Ayarlar\u0131 ve \u0130statistikler.<\/p>\n\n\n\n<p>Kullan\u0131c\u0131 paneline eri\u015fmeden \u00f6nce, yukar\u0131daki bu i\u015flevleri kullanmak i\u00e7in kullan\u0131c\u0131n\u0131n Openload&#8217;a kaydolmas\u0131 gerekir.<\/p>\n\n\n\n<ul><li>G\u00f6sterge Paneli<\/li><\/ul>\n\n\n\n<p>Bu, ge\u00e7erli kullan\u0131c\u0131 durumunu, toplam indirme say\u0131s\u0131n\u0131, dosya ve depolamay\u0131 g\u00f6sterir.<\/p>\n\n\n\n<ul><li>Dosya Y\u00f6neticisi<\/li><\/ul>\n\n\n\n<p>Bu, kullan\u0131c\u0131n\u0131n Openload sitesindeki klas\u00f6rlerini ve dosyalar\u0131n\u0131 y\u00f6netti\u011fi sayfad\u0131r. Bu, kullan\u0131c\u0131n\u0131n olu\u015fturdu\u011fu klas\u00f6rleri ve bir kullan\u0131c\u0131n\u0131n eklenen dosyalar\u0131n\u0131 (etkin ve etkin olmayan dosyalar), klas\u00f6r veya dosya boyutunu, i\u00e7erik t\u00fcr\u00fcn\u00fc, bu klas\u00f6r ve dosyalar\u0131n ba\u011flant\u0131lar\u0131n\u0131, y\u00fckleme tarih saatini ve bir klas\u00f6r i\u00e7in indirme say\u0131s\u0131n\u0131 i\u00e7erir veya dosya.<\/p>\n\n\n\n<ul><li>Uzaktan y\u00fckleme yapmak<\/li><\/ul>\n\n\n\n<p>Bir dosya, kullan\u0131c\u0131n\u0131n Openload hesab\u0131na y\u00fcklenecek kaynak ba\u011flant\u0131s\u0131ndan gelir.<\/p>\n\n\n\n<ul><li>\u00c7oklu Y\u00fckleme<\/li><\/ul>\n\n\n\n<p>Bir kullan\u0131c\u0131 herhangi bir dosya t\u00fcr\u00fcnde birden fazla dosya y\u00fckleyebilir. Dosyalar\u0131 eklemek i\u00e7in \u201cDOSYALARI EKLE\u201d d\u00fc\u011fmesine t\u0131klay\u0131n ve Openload sitesine yeni ekledi\u011finiz dosyalar\u0131 y\u00fcklemek i\u00e7in \u201cY\u00dcKLEMEY\u0130 BA\u015eLAT\u201d d\u00fc\u011fmesine t\u0131klay\u0131n.<\/p>\n\n\n\n<p>Kullan\u0131c\u0131lar, y\u00fckleme dosyas\u0131n\u0131n yan\u0131ndaki \u201c\u0130PTAL\u201d d\u00fc\u011fmesini t\u0131klayarak y\u00fckleme dosyas\u0131n\u0131 istedikleri zaman iptal edebilirler. Ayr\u0131ca, y\u00fckleme listesini tamamen iptal edebilir veya t\u00fcm listeyi temizleyebilirler, \u201cT\u00dcM\u00dcN\u00dc \u0130PTAL ET \/ T\u00dcM\u00dcN\u00dc TEM\u0130ZLE\u201d d\u00fc\u011fmesini t\u0131klaman\u0131z yeterlidir.<\/p>\n\n\n\n<p>Y\u00fcklenen dosya eklenecek ve Kullan\u0131c\u0131 Paneli&#8217;nin Dosya Y\u00f6neticisi sayfas\u0131nda g\u00f6r\u00fcnt\u00fclenecektir.<\/p>\n\n\n\n<ul><li>Kullan\u0131c\u0131 ayarlar\u0131<\/li><\/ul>\n\n\n\n<p>Buras\u0131, kullan\u0131c\u0131lar\u0131n hesaplar\u0131n\u0131 ve bilgilerini y\u00f6netti\u011fi yerdir.<\/p>\n\n\n\n<ul><li>Ortakl\u0131k Program\u0131<\/li><\/ul>\n\n\n\n<p>Bir kullan\u0131c\u0131n\u0131n ba\u011fl\u0131 kurulu\u015f program\u0131na kat\u0131labilmesi i\u00e7in, Openload sitesine y\u00fcklenmesine izin verilmeyen dosya t\u00fcrleri oldu\u011fu i\u00e7in Openload Ba\u011fl\u0131 Kurulu\u015f Program\u0131 kurallar\u0131n\u0131 ve ko\u015fullar\u0131n\u0131 kabul etmesi ve kabul etmesi gerekir.<\/p>\n\n\n\n<ul><li>\u0130statistik<\/li><\/ul>\n\n\n\n<p>Bu, bir kullan\u0131c\u0131n\u0131n dolar, <a rel=\"noreferrer noopener\" aria-label=\"trafik  (\u00f6ffnet in neuem Tab)\" href=\"https:\/\/www.computerhope.com\/jargon\/t\/traffic.htm\" target=\"_blank\">trafik <\/a>ve trafi\u011fin oldu\u011fu \u00fclkelerdeki \u00f6d\u00fcl\u00fcn\u00fc veya gelirini g\u00f6sterir. Bunlar g\u00fcne, aya ve y\u0131la g\u00f6re g\u00f6sterilir.<\/p>\n\n\n\n<ul><li>D\u00f6n\u00fc\u015f\u00fcm Ayarlar\u0131<\/li><\/ul>\n\n\n\n<p>Videonun d\u00f6n\u00fc\u015f\u00fcm\u00fcn\u00fcn ayarland\u0131\u011f\u0131 yer buras\u0131d\u0131r. Openload, bir kullan\u0131c\u0131 taraf\u0131ndan ak\u0131\u015fla aktar\u0131ld\u0131\u011f\u0131nda videonun kalitesini kullan\u0131c\u0131n\u0131n ayarlar\u0131nda \u00f6nceden ayarlay\u0131p kaydetti\u011fi \u00e7\u00f6z\u00fcn\u00fcrl\u00fc\u011fe otomatik olarak d\u00f6n\u00fc\u015ft\u00fcrmek i\u00e7in otomatik d\u00f6n\u00fc\u015ft\u00fcrme \u00f6zelli\u011fine sahiptir.<\/p>\n\n\n\n<figure class=\"wp-block-table\"><table class=\"\"><tbody><tr><td>Openload Desteklenen \u00c7\u00f6z\u00fcn\u00fcrl\u00fckler<\/td><\/tr><tr><td>HD, HD 720p, SD 480p, and SD 360p<\/td><\/tr><\/tbody><\/table><\/figure>\n\n\n\n<h2>Openload: \u0130ndirme Ba\u015f\u0131na \u00d6deme (PPD) Program\u0131<\/h2>\n\n\n\n<p>Openload, \u00f6zellikle Openload Premium Hesab\u0131 ile, kullan\u0131c\u0131lar\u0131n gelir elde etmesi i\u00e7in olu\u015fturulan \u0130ndirme Ba\u015f\u0131na \u00d6deme veya PPD Program\u0131 adl\u0131 bir programa sahiptir. Belirli bir kullan\u0131c\u0131, Openload sitesini indirerek veya ak\u0131\u015f yaparak kazanmak i\u00e7in Openload&#8217;u kullanabilir. Openload, sitelerinde i\u00e7erik olu\u015fturan kullan\u0131c\u0131lara 10.000 indirme veya ak\u0131\u015f ba\u015f\u0131na sabit bir miktarla \u00f6deme yapar, ancak indirme veya ak\u0131\u015flar\u0131n al\u0131nd\u0131\u011f\u0131 \u00fclkeye ba\u011fl\u0131d\u0131r (A\u015fa\u011f\u0131daki \u0130ndirme Ba\u015f\u0131na \u00d6deme i\u00e7in Openload Tier (PPD) Program \u015fekline bak\u0131n).<\/p>\n\n\n\n<p>\u00d6demeler: Yirmi dolar (20 $) kadar d\u00fc\u015f\u00fck bir kullan\u0131c\u0131 i\u00e7in \u00f6deme talep edebilir ve \u00f6demeler g\u00fcn i\u00e7inde i\u015fleme konulur.<\/p>\n\n\n\n<h3><strong>Openload&#8217;da indirmeler veya ak\u0131\u015flar nas\u0131l say\u0131l\u0131yor?<\/strong><\/h3>\n\n\n\n<p>Openload&#8217;da, her <a rel=\"noreferrer noopener\" aria-label=\"\u0130nternet Protokol\u00fc (IP) (\u00f6ffnet in neuem Tab)\" href=\"https:\/\/www.wpbeginner.com\/glossary\/ip-address\/\" target=\"_blank\">\u0130nternet Protokol\u00fc (IP)<\/a> adresinin indirilmesi veya ak\u0131\u015flar\u0131 t\u00fcm g\u00fcn boyunca en fazla \u00fc\u00e7 kez (3x) say\u0131l\u0131r, ancak bu otomatik indirme yolu i\u00e7in, Openload bunlar i\u00e7in \u00f6d\u00fcl vermez.<\/p>\n\n\n\n<p>Not: Bir kullan\u0131c\u0131 Openload veya Openload Premium Sat\u0131\u015f Ortakl\u0131\u011f\u0131 Program\u0131 ve \u0130ndirme Ba\u015f\u0131na \u00d6deme veya PPD Program\u0131n\u0131n t\u00fcm kural ve ko\u015fullar\u0131na uymazsa, hesab\u0131 ge\u00e7ici olarak ask\u0131ya al\u0131nacak veya daha da k\u00f6t\u00fcle\u015fecektir, hesap kal\u0131c\u0131 olarak feshedilecektir.<\/p>\n\n\n\n<h3><strong>\u0130ndirme Ba\u015f\u0131na \u00d6deme (PPD) Program\u0131 i\u00e7in A\u00e7\u0131k Y\u00fck Katmanlar\u0131<\/strong><\/h3>\n\n\n\n<p>A\u015fa\u011f\u0131daki \u015fekil, Openload&#8217;un farkl\u0131 \u00fclkeleri sitedeki indirmeler veya ak\u0131\u015flar i\u00e7in \u00f6deme yapt\u0131klar\u0131 en d\u00fc\u015f\u00fck seviyeden en y\u00fcksek seviyeye nas\u0131l s\u0131ralad\u0131\u011f\u0131n\u0131 g\u00f6sterecektir.<\/p>\n\n\n\n<p class=\"has-text-align-center\"><img loading=\"lazy\" width=\"387\" height=\"479\" class=\"wp-image-2440\" style=\"width: 400px;\" src=\"https:\/\/multihoster.org\/wp-content\/uploads\/2020\/03\/Tier-1.png\" alt=\"\" srcset=\"https:\/\/multihoster.org\/wp-content\/uploads\/2020\/03\/Tier-1.png 387w, https:\/\/multihoster.org\/wp-content\/uploads\/2020\/03\/Tier-1-242x300.png 242w\" sizes=\"(max-width: 387px) 100vw, 387px\" \/><\/p>\n\n\n\n<figure class=\"wp-block-table\"><table class=\"\"><tbody><tr><td>Seviye Seviyeleri<\/td><td>\u00d6d\u00fcl<\/td><\/tr><tr><td>En Y\u00fcksek Katman<\/td><td>Otuz be\u015f dolar (35 $)<\/td><\/tr><tr><td>Y\u00fcksek Seviye<\/td><td>Yirmi be\u015f dolar (25 $)<\/td><\/tr><tr><td>Orta D\u00fczey<\/td><td>Onbe\u015f dolar (15 $)<\/td><\/tr><tr><td>D\u00fc\u015f\u00fck katmanl\u0131<\/td><td>Yedi dolar ve elli sent (7.50 $)<\/td><\/tr><tr><td>En D\u00fc\u015f\u00fck Katman<\/td><td>Be\u015f dolar (5 $)<\/td><\/tr><\/tbody><\/table><\/figure>\n\n\n<a class=\"maxbutton-2 maxbutton maxbutton-cta\" target=\"_blank\" rel=\"nofollow noopener\" href=\"\/go\/\"><span class='mb-text'>&gt;&gt; Orijinal Linkifier Web Sitesine Git<\/span><\/a>\n\n\n<p><\/p>\n","protected":false},"excerpt":{"rendered":"<p>Birisi Openload.co sitesine eri\u015fmeye veya bu siteyi ziyaret etmeye \u00e7al\u0131\u015ft\u0131\u011f\u0131nda, bu hata iletisinin \u201cWeb sitesinde telif hakk\u0131 ihlali nedeniyle art\u0131k<\/p>\n","protected":false},"author":2,"featured_media":0,"parent":0,"menu_order":0,"comment_status":"closed","ping_status":"closed","template":"","meta":[],"yoast_head":"<!-- This site is optimized with the Yoast SEO plugin v18.3 - https:\/\/yoast.com\/wordpress\/plugins\/seo\/ -->\n<title>Openload Premium Account \u2013 Bir Bak\u0131\u015fta Filehoster<\/title>\n<meta name=\"description\" content=\"Openload sayg\u0131n bir sa\u011flay\u0131c\u0131 m\u0131 de\u011fil mi, cevab\u0131 Multihoster.org&#039;daki mevcut testte bulabilirsiniz \u279c \u015eimdi t\u0131klay\u0131n \u271a deneyimlerimizi okumak i\u00e7in!\" \/>\n<meta name=\"robots\" content=\"index, follow, max-snippet:-1, max-image-preview:large, max-video-preview:-1\" \/>\n<link rel=\"canonical\" href=\"https:\/\/multihoster.org\/tr\/openload\/\" \/>\n<meta property=\"og:locale\" content=\"tr_TR\" \/>\n<meta property=\"og:type\" content=\"article\" \/>\n<meta property=\"og:title\" content=\"Openload Premium Account \u2013 Bir Bak\u0131\u015fta Filehoster\" \/>\n<meta property=\"og:description\" content=\"Openload sayg\u0131n bir sa\u011flay\u0131c\u0131 m\u0131 de\u011fil mi, cevab\u0131 Multihoster.org&#039;daki mevcut testte bulabilirsiniz \u279c \u015eimdi t\u0131klay\u0131n \u271a deneyimlerimizi okumak i\u00e7in!\" \/>\n<meta property=\"og:url\" content=\"https:\/\/multihoster.org\/tr\/openload\/\" \/>\n<meta property=\"og:site_name\" content=\"Multihoster.org\" \/>\n<meta property=\"article:modified_time\" content=\"2020-03-23T15:08:46+00:00\" \/>\n<meta property=\"og:image\" content=\"https:\/\/lh5.googleusercontent.com\/zV-SviouA7daBi8XugOcCpDkWQex4kXx8M9Vf7o2khVu4x6L7g7Xzcm_Z_MCXx37l-jre3m8D_bsoBYz19rCNEpdq4_lj5tULatS1vbk1d0_-LC6OlHPlvNtysq_a8-q3U1RKqs\" \/>\n<meta name=\"twitter:card\" content=\"summary\" \/>\n<meta name=\"twitter:label1\" content=\"Tahmini okuma s\u00fcresi\" \/>\n\t<meta name=\"twitter:data1\" content=\"9 dakika\" \/>\n<script type=\"application\/ld+json\" class=\"yoast-schema-graph\">{\"@context\":\"https:\/\/schema.org\",\"@graph\":[{\"@type\":\"WebSite\",\"@id\":\"https:\/\/multihoster.org\/#website\",\"url\":\"https:\/\/multihoster.org\/\",\"name\":\"Multihoster.org\",\"description\":\"Reviews of the major Filehosting services\",\"potentialAction\":[{\"@type\":\"SearchAction\",\"target\":{\"@type\":\"EntryPoint\",\"urlTemplate\":\"https:\/\/multihoster.org\/?s={search_term_string}\"},\"query-input\":\"required name=search_term_string\"}],\"inLanguage\":\"tr\"},{\"@type\":\"ImageObject\",\"@id\":\"https:\/\/multihoster.org\/tr\/openload\/#primaryimage\",\"inLanguage\":\"tr\",\"url\":\"https:\/\/lh5.googleusercontent.com\/zV-SviouA7daBi8XugOcCpDkWQex4kXx8M9Vf7o2khVu4x6L7g7Xzcm_Z_MCXx37l-jre3m8D_bsoBYz19rCNEpdq4_lj5tULatS1vbk1d0_-LC6OlHPlvNtysq_a8-q3U1RKqs\",\"contentUrl\":\"https:\/\/lh5.googleusercontent.com\/zV-SviouA7daBi8XugOcCpDkWQex4kXx8M9Vf7o2khVu4x6L7g7Xzcm_Z_MCXx37l-jre3m8D_bsoBYz19rCNEpdq4_lj5tULatS1vbk1d0_-LC6OlHPlvNtysq_a8-q3U1RKqs\"},{\"@type\":\"WebPage\",\"@id\":\"https:\/\/multihoster.org\/tr\/openload\/#webpage\",\"url\":\"https:\/\/multihoster.org\/tr\/openload\/\",\"name\":\"Openload Premium Account \u2013 Bir Bak\u0131\u015fta Filehoster\",\"isPartOf\":{\"@id\":\"https:\/\/multihoster.org\/#website\"},\"primaryImageOfPage\":{\"@id\":\"https:\/\/multihoster.org\/tr\/openload\/#primaryimage\"},\"datePublished\":\"2020-03-20T11:54:39+00:00\",\"dateModified\":\"2020-03-23T15:08:46+00:00\",\"description\":\"Openload sayg\u0131n bir sa\u011flay\u0131c\u0131 m\u0131 de\u011fil mi, cevab\u0131 Multihoster.org'daki mevcut testte bulabilirsiniz \u279c \u015eimdi t\u0131klay\u0131n \u271a deneyimlerimizi okumak i\u00e7in!\",\"breadcrumb\":{\"@id\":\"https:\/\/multihoster.org\/tr\/openload\/#breadcrumb\"},\"inLanguage\":\"tr\",\"potentialAction\":[{\"@type\":\"ReadAction\",\"target\":[\"https:\/\/multihoster.org\/tr\/openload\/\"]}]},{\"@type\":\"BreadcrumbList\",\"@id\":\"https:\/\/multihoster.org\/tr\/openload\/#breadcrumb\",\"itemListElement\":[{\"@type\":\"ListItem\",\"position\":1,\"name\":\"Startseite\",\"item\":\"https:\/\/multihoster.org\/tr\/\"},{\"@type\":\"ListItem\",\"position\":2,\"name\":\"Openload Premium Hesap: Bir Bak\u0131\u015fta Filehoster\"}]}]}<\/script>\n<!-- \/ Yoast SEO plugin. -->","yoast_head_json":{"title":"Openload Premium Account \u2013 Bir Bak\u0131\u015fta Filehoster","description":"Openload sayg\u0131n bir sa\u011flay\u0131c\u0131 m\u0131 de\u011fil mi, cevab\u0131 Multihoster.org'daki mevcut testte bulabilirsiniz \u279c \u015eimdi t\u0131klay\u0131n \u271a deneyimlerimizi okumak i\u00e7in!","robots":{"index":"index","follow":"follow","max-snippet":"max-snippet:-1","max-image-preview":"max-image-preview:large","max-video-preview":"max-video-preview:-1"},"canonical":"https:\/\/multihoster.org\/tr\/openload\/","og_locale":"tr_TR","og_type":"article","og_title":"Openload Premium Account \u2013 Bir Bak\u0131\u015fta Filehoster","og_description":"Openload sayg\u0131n bir sa\u011flay\u0131c\u0131 m\u0131 de\u011fil mi, cevab\u0131 Multihoster.org'daki mevcut testte bulabilirsiniz \u279c \u015eimdi t\u0131klay\u0131n \u271a deneyimlerimizi okumak i\u00e7in!","og_url":"https:\/\/multihoster.org\/tr\/openload\/","og_site_name":"Multihoster.org","article_modified_time":"2020-03-23T15:08:46+00:00","og_image":[{"url":"https:\/\/lh5.googleusercontent.com\/zV-SviouA7daBi8XugOcCpDkWQex4kXx8M9Vf7o2khVu4x6L7g7Xzcm_Z_MCXx37l-jre3m8D_bsoBYz19rCNEpdq4_lj5tULatS1vbk1d0_-LC6OlHPlvNtysq_a8-q3U1RKqs"}],"twitter_card":"summary","twitter_misc":{"Tahmini okuma s\u00fcresi":"9 dakika"},"schema":{"@context":"https:\/\/schema.org","@graph":[{"@type":"WebSite","@id":"https:\/\/multihoster.org\/#website","url":"https:\/\/multihoster.org\/","name":"Multihoster.org","description":"Reviews of the major Filehosting services","potentialAction":[{"@type":"SearchAction","target":{"@type":"EntryPoint","urlTemplate":"https:\/\/multihoster.org\/?s={search_term_string}"},"query-input":"required name=search_term_string"}],"inLanguage":"tr"},{"@type":"ImageObject","@id":"https:\/\/multihoster.org\/tr\/openload\/#primaryimage","inLanguage":"tr","url":"https:\/\/lh5.googleusercontent.com\/zV-SviouA7daBi8XugOcCpDkWQex4kXx8M9Vf7o2khVu4x6L7g7Xzcm_Z_MCXx37l-jre3m8D_bsoBYz19rCNEpdq4_lj5tULatS1vbk1d0_-LC6OlHPlvNtysq_a8-q3U1RKqs","contentUrl":"https:\/\/lh5.googleusercontent.com\/zV-SviouA7daBi8XugOcCpDkWQex4kXx8M9Vf7o2khVu4x6L7g7Xzcm_Z_MCXx37l-jre3m8D_bsoBYz19rCNEpdq4_lj5tULatS1vbk1d0_-LC6OlHPlvNtysq_a8-q3U1RKqs"},{"@type":"WebPage","@id":"https:\/\/multihoster.org\/tr\/openload\/#webpage","url":"https:\/\/multihoster.org\/tr\/openload\/","name":"Openload Premium Account \u2013 Bir Bak\u0131\u015fta Filehoster","isPartOf":{"@id":"https:\/\/multihoster.org\/#website"},"primaryImageOfPage":{"@id":"https:\/\/multihoster.org\/tr\/openload\/#primaryimage"},"datePublished":"2020-03-20T11:54:39+00:00","dateModified":"2020-03-23T15:08:46+00:00","description":"Openload sayg\u0131n bir sa\u011flay\u0131c\u0131 m\u0131 de\u011fil mi, cevab\u0131 Multihoster.org'daki mevcut testte bulabilirsiniz \u279c \u015eimdi t\u0131klay\u0131n \u271a deneyimlerimizi okumak i\u00e7in!","breadcrumb":{"@id":"https:\/\/multihoster.org\/tr\/openload\/#breadcrumb"},"inLanguage":"tr","potentialAction":[{"@type":"ReadAction","target":["https:\/\/multihoster.org\/tr\/openload\/"]}]},{"@type":"BreadcrumbList","@id":"https:\/\/multihoster.org\/tr\/openload\/#breadcrumb","itemListElement":[{"@type":"ListItem","position":1,"name":"Startseite","item":"https:\/\/multihoster.org\/tr\/"},{"@type":"ListItem","position":2,"name":"Openload Premium Hesap: Bir Bak\u0131\u015fta Filehoster"}]}]}},"_links":{"self":[{"href":"https:\/\/multihoster.org\/tr\/wp-json\/wp\/v2\/pages\/2458"}],"collection":[{"href":"https:\/\/multihoster.org\/tr\/wp-json\/wp\/v2\/pages"}],"about":[{"href":"https:\/\/multihoster.org\/tr\/wp-json\/wp\/v2\/types\/page"}],"author":[{"embeddable":true,"href":"https:\/\/multihoster.org\/tr\/wp-json\/wp\/v2\/users\/2"}],"replies":[{"embeddable":true,"href":"https:\/\/multihoster.org\/tr\/wp-json\/wp\/v2\/comments?post=2458"}],"version-history":[{"count":4,"href":"https:\/\/multihoster.org\/tr\/wp-json\/wp\/v2\/pages\/2458\/revisions"}],"predecessor-version":[{"id":2729,"href":"https:\/\/multihoster.org\/tr\/wp-json\/wp\/v2\/pages\/2458\/revisions\/2729"}],"wp:attachment":[{"href":"https:\/\/multihoster.org\/tr\/wp-json\/wp\/v2\/media?parent=2458"}],"curies":[{"name":"wp","href":"https:\/\/api.w.org\/{rel}","templated":true}]}}