{"id":2593,"date":"2020-03-20T16:34:49","date_gmt":"2020-03-20T16:34:49","guid":{"rendered":"https:\/\/multihoster.org\/?page_id=2593"},"modified":"2020-03-30T14:07:04","modified_gmt":"2020-03-30T14:07:04","slug":"4share","status":"publish","type":"page","link":"https:\/\/multihoster.org\/tr\/4share\/","title":{"rendered":"4share Premium Hesap: Bir Bak\u0131\u015fta Filehoster"},"content":{"rendered":"\n<figure class=\"wp-block-image\"><img src=\"https:\/\/lh3.googleusercontent.com\/RrbU4oZEm4QWQKICoZLyymhFtYa8lbr9pXG3GYEgIjcXl-e1SHUFBrLO4GvlZAt1bGGxzdjop4KvAsHTOgT02oisMpTGlnhNxTCtO6KVy24hCDffb1nmnOyrDKLKxgDucv-ks1w\" alt=\"4share logo\"\/><\/figure>\n\n\n\n<p>\u0130nternette g\u00fcvenilir bir dosya bar\u0131nd\u0131r\u0131c\u0131s\u0131 aramak samanl\u0131kta i\u011fne aramak gibidir. Orada \u00e7ok say\u0131da dosya bar\u0131nd\u0131r\u0131c\u0131s\u0131 var, ancak \u00e7o\u011funlukla s\u00f6z verdikleri kaliteli hizmeti sunmuyorlar. Ancak, orada ucuz ve g\u00fcvenilir dosya bar\u0131nd\u0131rma hizmetleri sunan iyi servis sa\u011flay\u0131c\u0131lar\u0131 vard\u0131r. Bunlardan biri 4Share dosya bar\u0131nd\u0131rma hizmetidir (4shared ile kar\u0131\u015ft\u0131r\u0131lmamal\u0131d\u0131r). 4share, her dosya bar\u0131nd\u0131rma hizmetinde en ucuz \u00fccretlerden birine sahiptir, ancak yine de daha pop\u00fcler dosya bar\u0131nd\u0131rma \u00f6zelliklerine sahiptir.<\/p>\n\n\n<a class=\"maxbutton-2 maxbutton maxbutton-cta\" target=\"_blank\" rel=\"nofollow noopener\" href=\"\/go\/\"><span class='mb-text'>&gt;&gt; Orijinal Linkifier Web Sitesine Git<\/span><\/a>\n\n\n<p><\/p>\n\n\n\n<h2>4share nedir?<\/h2>\n\n\n\n<p>4share, dosyalar\u0131n\u0131 depolamak i\u00e7in bulut teknolojisini kullanan bir dosya bar\u0131nd\u0131rma hizmetidir. 4share, orada bulunan her dosya bar\u0131nd\u0131r\u0131c\u0131s\u0131nda en ucuz \u00fccretlerden birini sunar. Ayda sadece 50.000 VND veya 2,20 $ kar\u015f\u0131l\u0131\u011f\u0131nda, 4 payla\u015f\u0131ml\u0131 Premium Hesap sahibi, sadece di\u011fer dosya bar\u0131nd\u0131rma hizmetlerinden yararlanmak i\u00e7in birka\u00e7 y\u00fcz dolara mal olabilen say\u0131s\u0131z hizmetin tad\u0131n\u0131 \u00e7\u0131karabilir. Web sitelerinde dosyalar\u0131n\u0131z\u0131 kolayca y\u00f6netmek i\u00e7in kullan\u0131labilecek bir dizin \u00f6zelli\u011fi vard\u0131r.<\/p>\n\n\n\n<p>4share ile dosya payla\u015fmak \u00e7ok kolay ve zahmetsizdir. 4share, dosyalar\u0131n h\u0131zl\u0131 payla\u015f\u0131m\u0131 i\u00e7in do\u011frudan ba\u011flant\u0131lar kullan\u0131r. Ek koruma ve g\u00fcvenlik i\u00e7in Premium hesap hizmetlerinden yararland\u0131\u011f\u0131n\u0131zda dosyalar\u0131n\u0131za \u015fifreler bile ekleyebilirsiniz.<\/p>\n\n\n\n<p>D\u00fcnyadaki farkl\u0131 kullan\u0131c\u0131lar aras\u0131nda yer alan geni\u015f i\u00e7erik ve medya kitapl\u0131\u011f\u0131ndan milyonlarca dosya aray\u0131n. \u0130\u00e7eri\u011finizi arkada\u015flar\u0131n\u0131zla ve arkada\u015flar\u0131n\u0131zla kolayca ve an\u0131nda payla\u015f\u0131n. Tek yapman\u0131z gereken ba\u011flant\u0131y\u0131 ve \u015fifreyi payla\u015fmakt\u0131r ve hepsi payla\u015f\u0131m i\u00e7in ayarlanm\u0131\u015ft\u0131r. Ayr\u0131ca, 4 payla\u015f\u0131ml\u0131 Premium hesap \u00d6d\u00fcl Sistemi ve Y\u00fckleme Arac\u0131 Bonusu arac\u0131l\u0131\u011f\u0131yla farkl\u0131 dosyalar\u0131 indirip y\u00fckleyerek de para kazanabilirsiniz. Bu puanlar daha sonra nakde \u00e7evrilebilen alt\u0131na d\u00f6n\u00fc\u015ft\u00fcr\u00fclebilir.<\/p>\n\n\n\n<figure class=\"wp-block-image\"><img src=\"https:\/\/lh5.googleusercontent.com\/UqjTF6dyAIxPnGl0cG9cZKd5-ISTAysBk0Km5fS-pdki6nUVmGnzLWP9N7E6lsdcOlewtGUjdr-ThYbNJNK01Dnm7QBFhuP7SkTy7MgF_mQpduSUB6pZkiK98R5sbmLoG9-tiso\" alt=\"4share website\"\/><\/figure>\n\n\n\n<h2>4share Premium \u00d6zellikleri<\/h2>\n\n\n\n<ul><li>Unlimited Speed<\/li><\/ul>\n\n\n\n<p>4share Premium Hesap olu\u015fturmak, dosyalara h\u0131z s\u0131n\u0131r\u0131 olmadan eri\u015fmenizi sa\u011flar. Bu, y\u00fckleme veya indirme i\u015fleminizin h\u0131z\u0131n\u0131n tamamen internet ba\u011flant\u0131n\u0131za ba\u011fl\u0131 oldu\u011fu anlam\u0131na gelir. S\u00fcrekli olarak sanat\u00e7\u0131lar ve edit\u00f6rler gibi i\u00e7eriklerini \u00e7evrimi\u00e7i olarak y\u00fcklemesi ve indirmesi gereken kullan\u0131c\u0131lar i\u00e7in m\u00fckemmeldir. Bununla birlikte, \u00fccretsiz bir hesap kullan\u0131c\u0131s\u0131, a\u011f trafi\u011finde d\u00fc\u015f\u00fck \u00f6ncelik nedeniyle s\u0131n\u0131rl\u0131 bir h\u0131za sahiptir. \u00dccretsiz kullan\u0131c\u0131lar i\u00e7in bant geni\u015fli\u011fi de s\u0131n\u0131rl\u0131d\u0131r<\/p>\n\n\n\n<ul><li>Uzun Saklama S\u00fcresi<\/li><\/ul>\n\n\n\n<p>4share Premium hesap kullan\u0131c\u0131lar\u0131 bulut sunucusunda depolama s\u00fcresini uzatt\u0131. Premium hesap kullan\u0131c\u0131lar\u0131 toplam 30 g\u00fcnl\u00fck depolama s\u00fcresine ek olarak ekstra V.I.P. daha uzun s\u00fcreler. Bununla birlikte, \u00fccretsiz bir kullan\u0131c\u0131 yaln\u0131zca 15 g\u00fcnle s\u0131n\u0131rl\u0131d\u0131r. T\u00fcm dosyalar sunucuda daha uzun s\u00fcre sakland\u0131\u011f\u0131ndan ve medyan\u0131z\u0131 ve dosyalar\u0131n\u0131z\u0131 kontrol etmeden uzun s\u00fcre b\u0131rakmak konusunda endi\u015felenmenize gerek olmad\u0131\u011f\u0131ndan, premium bir hesap tavsiye edilir.<\/p>\n\n\n\n<ul><li>Daha Y\u00fcksek Dosya \u0130ndirme S\u0131n\u0131r\u0131<\/li><\/ul>\n\n\n\n<p>\u00dccretsiz bir kullan\u0131c\u0131 g\u00fcnde s\u0131n\u0131rl\u0131 dosya boyutu indirmesine sahiptir, ancak 4 payla\u015f\u0131ml\u0131 premium hesaptan yararlanarak her g\u00fcn toplam 500 GB&#8217;l\u0131k dosya indirme i\u015flemlerinin keyfini \u00e7\u0131karman\u0131z\u0131 sa\u011flar. Dosyalar\u0131n\u0131za istedi\u011finiz zaman, istedi\u011finiz zaman ve ek h\u0131z ile \u00f6zg\u00fcrce y\u00f6netebilirsiniz. Dosyalar\u0131n\u0131za her ihtiya\u00e7 duydu\u011funuzda kolayca eri\u015febilmenizi sa\u011flar.<\/p>\n\n\n\n<ul><li>Birden \u00c7ok \u0130ndirme<\/li><\/ul>\n\n\n\n<p>Premium hesap, dosyalar\u0131 ayn\u0131 anda indirmenize izin verir. Bu, 4share Premium hesab\u0131yla t\u00fcm gerekli dosyalar\u0131n\u0131z\u0131n h\u0131zl\u0131 ve sorunsuz bir \u015fekilde al\u0131nabilece\u011fi anlam\u0131na gelir. \u00dccretsiz bir kullan\u0131c\u0131 eri\u015fim ba\u015f\u0131na sadece 1 indirme ile s\u0131n\u0131rl\u0131d\u0131r ve tekrar indirmeye ba\u015flayabilmesi i\u00e7in birka\u00e7 saniye beklemesi gerekir.<\/p>\n\n\n\n<ul><li>4share ara\u00e7<\/li><\/ul>\n\n\n\n<p>4share Tool, 4share Premium&#8217;un indirmelerinizi y\u00f6neten \u00f6zel bir \u00f6zelli\u011fidir. Bu 4 payla\u015f\u0131m g\u00f6ze \u00e7arpan ara\u00e7lardan biridir. \u0130ndirmelerinizi ayn\u0131 anda izlemenizi sa\u011flar. Ayr\u0131ca arac\u0131 kullanarak herhangi bir indirme i\u015flemini duraklatabilir ve devam ettirebilirsiniz. Bir indirme y\u00f6neticisi olarak, \u015fu anda indirmekte oldu\u011funuz dosyalar hakk\u0131nda gerekli her bilgiyi g\u00f6sterir.<\/p>\n\n\n\n<figure class=\"wp-block-image\"><img src=\"https:\/\/lh3.googleusercontent.com\/FU1HIpkqN2mjTD0NQ9L6upbQoXOAO1Sx8rWUABkhEoBfRDvFsP4KqwQdRXOmAZaxpnjPn5RWEoHy50yPBfL_OPAzPl35SlCBxY_0MjDbXq0qWZWBb6xP0qT71UEmcotfljgXZ_w\" alt=\"4share Tool App window\"\/><\/figure>\n\n\n\n<ul><li>Daha Y\u00fcksek Depolama S\u0131n\u0131r\u0131<\/li><\/ul>\n\n\n\n<p>4share Premium hesap kullan\u0131c\u0131lar\u0131, \u00fccretsiz kullan\u0131c\u0131lardan daha y\u00fcksek depolama alan\u0131 s\u0131n\u0131rlar\u0131na sahiptir. Premium hesap kullan\u0131c\u0131lar\u0131na \u00fccretsiz olarak kullanmalar\u0131 i\u00e7in 300GB de\u011ferinde depolama alan\u0131 verilir. \u0130ster videolar, ister i\u015f ve okul i\u00e7in basit belgeler olsun, 4share Premium kullan\u0131c\u0131lar\u0131na \u00e7ok fazla depolama alan\u0131 sunar. Filmler veya di\u011fer ortamlar, \u00fccretsiz bir hesap kullan\u0131c\u0131s\u0131n\u0131n yaln\u0131zca s\u0131n\u0131rl\u0131 depolama alan\u0131na sahip olmas\u0131na ra\u011fmen depolama alan\u0131 s\u0131n\u0131r\u0131 konusunda endi\u015felenmenize gerek kalmadan saklanabilir.<\/p>\n\n\n\n<ul><li>Dizin Y\u00f6neticisi<\/li><\/ul>\n\n\n\n<p>Kendi 4 payla\u015f\u0131m Premium hesaplar\u0131ndan yararlanan kullan\u0131c\u0131lar, ba\u015fka bir p\u00fcr\u00fczs\u00fcz \u00f6zellik olan Directory Manager&#8217;\u0131n tad\u0131n\u0131 \u00e7\u0131kar\u0131rlar. Dizin Y\u00f6neticisi, depolama alan\u0131n\u0131za y\u00fckledi\u011finiz her \u015feyi y\u00f6netmenize ve s\u0131ralaman\u0131za olanak tan\u0131r. Dosyalar\u0131n\u0131za ve medyan\u0131za her zaman ve her yerden sorunsuzca eri\u015fin. Dizin Y\u00f6neticisi dosyalar\u0131n daha sorunsuz ve sorunsuz bir \u015fekilde aranmas\u0131n\u0131 sa\u011flar.<\/p>\n\n\n\n<ul><li>\u015eifre Korumas\u0131<\/li><\/ul>\n\n\n\n<p>4share Premium hesap kullan\u0131c\u0131lar\u0131 taraf\u0131ndan y\u00fcklenen t\u00fcm dosyalar bir \u015fifre ile korunmaktad\u0131r. Parola girmedik\u00e7e di\u011fer kullan\u0131c\u0131lar dosyalar\u0131n\u0131za eri\u015femez. Dosyalar\u0131n i\u015f i\u00e7in veya sanat ve video gibi kendi olu\u015fturdu\u011funuz medyan\u0131n saklanmas\u0131 i\u00e7in \u00e7ok pratik. Di\u011fer taraftaki \u00fccretsiz bir kullan\u0131c\u0131n\u0131n dosyalar\u0131 di\u011fer kullan\u0131c\u0131lara a\u00e7\u0131kt\u0131r ve ba\u011flant\u0131lar\u0131ndan eri\u015filebilir. \u00d6zel dosyalar\u0131n\u0131z\u0131 korumak istiyorsan\u0131z, 4 payla\u015f\u0131ml\u0131 bir Premium hesap tavsiye edilir. \u0130nternet, dosyalar\u0131 ve di\u011fer i\u00e7erikleri \u00e7almay\u0131 ama\u00e7layan k\u00f6t\u00fc niyetli varl\u0131klarla doludur. 4share Premium \u015fifre sistemi, kullan\u0131c\u0131lar\u0131 i\u00e7in bu t\u00fcr riskleri tamamen ortadan kald\u0131r\u0131r.<\/p>\n\n\n\n<ul><li>Do\u011frudan ba\u011flant\u0131<\/li><\/ul>\n\n\n<a class=\"maxbutton-2 maxbutton maxbutton-cta\" target=\"_blank\" rel=\"nofollow noopener\" href=\"\/go\/\"><span class='mb-text'>&gt;&gt; Orijinal Linkifier Web Sitesine Git<\/span><\/a>\n\n\n<p><\/p>\n\n\n\n<p>4share Premium ile dosya payla\u015f\u0131m\u0131 do\u011frudan ba\u011flant\u0131larla yap\u0131l\u0131r. Dosyan\u0131z\u0131n payla\u015fmak istedi\u011finiz bir ba\u011flant\u0131s\u0131 sa\u011fland\u0131 ve yaln\u0131zca payla\u015fmak istedi\u011finiz di\u011fer ki\u015fiye g\u00f6nderin. Daha g\u00fcvenli payla\u015f\u0131m i\u00e7in bir \u015fifre de ekleyebilirsiniz.<\/p>\n\n\n\n<ul><li>Ucuz Ayl\u0131k Abonelik<\/li><\/ul>\n\n\n\n<p>4share Premium, web \u00fczerindeki herhangi bir dosya bar\u0131nd\u0131rma hizmetinde en d\u00fc\u015f\u00fck abonelik \u00fccretine sahiptir. Ayda sadece yakla\u015f\u0131k 50.000 VND veya 2,20 $ ile, 4share Premium hesab\u0131n\u0131n her bir \u00f6zelli\u011fi, kullanabilmeniz i\u00e7in haz\u0131rd\u0131r. Di\u011fer dosya bar\u0131nd\u0131rma hizmetleri, \u00f6zellikleri ve hizmet kalitesi neredeyse 4share ile ayn\u0131 olsa bile ayda 250 $ &#8216;a kadar mal olabilir. 4share, kullan\u0131c\u0131lar\u0131na geleneksel dosya bar\u0131nd\u0131rma ve daha fazla \u00f6zellik ile daha ucuz bir alternatif sunmay\u0131 ama\u00e7l\u0131yor. Dosyalar\u0131na ve ortamlar\u0131na her zaman eri\u015filmesi gereken, ancak dosya y\u00f6netimi i\u00e7in s\u0131n\u0131rl\u0131 bir b\u00fct\u00e7esi olan bir \u00f6\u011frenci veya k\u00fc\u00e7\u00fck i\u015fletme sahibiyseniz, 4share Premium hesab\u0131 sizin i\u00e7in yap\u0131l\u0131r.<\/p>\n\n\n\n<ul><li>Kullanici rehberi<\/li><\/ul>\n\n\n\n<p>Daha rahat kullan\u0131m i\u00e7in, kullan\u0131c\u0131lara \u00f6zellikleri daha iyi kullanmalar\u0131na ve uygulama reklam\u0131 web sitesinde gezinmelerine yard\u0131mc\u0131 olacak kullan\u0131\u015fl\u0131 bir rehber sunulur. Gerekli t\u00fcm bilgiler, indirme ve y\u00fckleme, ba\u011flant\u0131 payla\u015fma ve Bonus Puan Sistemi gibi Kullan\u0131c\u0131 K\u0131lavuzunda zaten listelenmi\u015ftir. 4share Premium hesab\u0131n\u0131z\u0131n aboneli\u011fini geni\u015fletmek i\u00e7in de k\u0131lavuzlar vard\u0131r.<\/p>\n\n\n\n<h2>4share Premium Bonus puanlar<\/h2>\n\n\n\n<p>4share Premium Bonus Puan\u0131 kullan\u0131c\u0131lar\u0131 i\u00e7in bir \u00f6d\u00fcl sistemidir. Premium hesap kullan\u0131c\u0131s\u0131, dosya indirme ve y\u00fckleme i\u015flemleriyle puan kazanabilir. 2GB&#8217;l\u0131k bir indirme size 1 puan veya 10 Bant geni\u015fli\u011fi puan\u0131 kazand\u0131r\u0131r. Bu puanlar Alt\u0131n (uygulamada kullan\u0131lan i\u00e7 nakit) ile de\u011fi\u015ftirilebilir. Bu Alt\u0131n daha sonra 4share taraf\u0131ndan di\u011fer \u00fcr\u00fcn ve hizmetler ile de\u011fi\u015ftirilebilir. Aboneli\u011finizi uzatmak i\u00e7in bunu da kullanabilirsiniz. 40 \u00f6d\u00fcl puan\u0131 1 Alt\u0131na e\u015fittir. Bununla birlikte, ayn\u0131 dosyan\u0131n indirilmesi yaln\u0131zca saatte sadece 3 kez noktalara d\u00f6n\u00fc\u015ft\u00fcr\u00fcl\u00fcr.<\/p>\n\n\n\n<h2>4share Premium Hesap \u00d6d\u00fcl Sistemi ile Para Kazan\u0131n<\/h2>\n\n\n\n<p>4share Premium Hesap Puanlar\u0131n\u0131n nakde \u00e7evrilebilece\u011fini biliyor muydunuz? \u0130lgili puanlar nakde \u00e7evrilebilir ve do\u011frudan banka hesab\u0131n\u0131za \u00e7ekilebilir. Tek bir Alt\u0131n puan\u0131 300 VND veya 0,015 $ ile de\u011fi\u015ftirilebilir. Bu sistem, internette dosya payla\u015f\u0131rken ekstra gelir elde etme f\u0131rsat\u0131 verir. Minimum para \u00e7ekme miktar\u0131 500.000 veya 21.00 $ &#8216;d\u0131r.<\/p>\n\n\n\n<p>\u00d6d\u00fcl Sisteminin, sistemi tamamen optimize etmek ve hizmet kalitesini daha da iyile\u015ftirmek i\u00e7in her ay de\u011fi\u015fikliklere maruz kalabilece\u011fi de not edilmelidir.<\/p>\n\n\n\n<h2>4share Premium Hesap \u00d6d\u00fclleri ile Kazan\u00e7lar\u0131n\u0131z\u0131 Nas\u0131l \u00c7ekebilirsiniz?<\/h2>\n\n\n\n<p>\u00d6d\u00fcl Sistemi ile kazan\u00e7lar\u0131n\u0131z\u0131 sadece basit ad\u0131mlarla \u00e7ekebilirsiniz.<\/p>\n\n\n\n<p><strong>Ad\u0131m 1. <\/strong>Uygulamaya bilgilerinizi ve telefon numaran\u0131z\u0131 g\u00f6nderin.<\/p>\n\n\n\n<p><strong>Ad\u0131m 2.<\/strong> Hesab\u0131n onaylanmas\u0131n\u0131 bekleyin.<\/p>\n\n\n\n<p><strong>A\u015fama 3.<\/strong> Paran\u0131n banka hesab\u0131n\u0131za yans\u0131mas\u0131n\u0131 bekleyin.<br><\/p>\n\n\n\n<h2>4share Premium Hesap Kullanmak<\/h2>\n\n\n\n<p>4share Premium hesab\u0131, VISA ve MasterCard gibi farkl\u0131 \u00f6deme y\u00f6ntemlerini kabul eder.<\/p>\n\n\n\n<h2>4share Premium Hesap VS \u00dccretsiz Hesap<\/h2>\n\n\n\n<figure class=\"wp-block-table\"><table class=\"\"><tbody><tr><td>\u00d6zellikleri<\/td><td>4share Premium<\/td><td>Bedava hesap<\/td><\/tr><tr><td>Ayl\u0131k Abonelik \u00fccreti<\/td><td>$2.20 \/ 50,000 VND<\/td><td>Bedava<\/td><\/tr><tr><td>Depolama zaman\u0131<\/td><td>30 g\u00fcn + Bonus<\/td><td>15 g\u00fcnler<\/td><\/tr><tr><td>\u0130ndirme h\u0131z\u0131<\/td><td>s\u0131n\u0131rs\u0131z h\u0131z<\/td><td>s\u0131n\u0131rl\u0131<\/td><\/tr><tr><td>\u0130ndirme ba\u015f\u0131na dosya say\u0131s\u0131<\/td><td>s\u0131n\u0131rs\u0131z<\/td><td>tek indirme<\/td><\/tr><tr><td>Depolama boyutu<\/td><td>300GB<\/td><td>s\u0131n\u0131rl\u0131<\/td><\/tr><tr><td>S\u00fcrd\u00fcrme yetene\u011fi<\/td><td>mevcut<\/td><td>mevcut<\/td><\/tr><tr><td>\u015eifre korumas\u0131<\/td><td>mevcut<\/td><td>mevcut<\/td><\/tr><tr><td>Bekleme s\u00fcresi<\/td><td>anl\u0131k<\/td><td>birka\u00e7 saniye<\/td><\/tr><tr><td>G\u00fcnl\u00fck indirme limiti<\/td><td>G\u00fcnde 500GB<\/td><td>s\u0131n\u0131rl\u0131<\/td><\/tr><\/tbody><\/table><\/figure>\n\n\n\n<h2>4share Premium: Web&#8217;deki En Ucuz Filehoster<\/h2>\n\n\n\n<p>4share Premium kesinlikle web \u00fczerindeki en ucuz dosya bar\u0131nd\u0131rma hizmetlerinden biridir. Ayda sadece 2 ABD dolar\u0131 kar\u015f\u0131l\u0131\u011f\u0131nda, Premium hesap kullan\u0131c\u0131s\u0131, dosyalar\u0131n\u0131 sorunsuz bir \u015fekilde y\u00f6netmelerine olanak tan\u0131yan bir\u00e7ok hizmet ve ara\u00e7 i\u00e7in uygundur. Orada hizmet bar\u0131nd\u0131ran di\u011fer dosyalar var ama \u00e7o\u011fu 4share Premium size verebilir ayn\u0131 \u00f6zellik i\u00e7in birka\u00e7 y\u00fcz dolar \u00fccret. Ve Uploader Bonus sistemi taraflardan para kazanman\u0131za izin verir, b\u00f6ylece daha iyi bir anla\u015fma isteyebilirsiniz?<\/p>\n\n\n<a class=\"maxbutton-2 maxbutton maxbutton-cta\" target=\"_blank\" rel=\"nofollow noopener\" href=\"\/go\/\"><span class='mb-text'>&gt;&gt; Orijinal Linkifier Web Sitesine Git<\/span><\/a>\n\n\n<p><\/p>\n","protected":false},"excerpt":{"rendered":"<p>\u0130nternette g\u00fcvenilir bir dosya bar\u0131nd\u0131r\u0131c\u0131s\u0131 aramak samanl\u0131kta i\u011fne aramak gibidir. Orada \u00e7ok say\u0131da dosya bar\u0131nd\u0131r\u0131c\u0131s\u0131 var, ancak \u00e7o\u011funlukla s\u00f6z verdikleri<\/p>\n","protected":false},"author":2,"featured_media":0,"parent":0,"menu_order":0,"comment_status":"closed","ping_status":"closed","template":"","meta":[],"yoast_head":"<!-- This site is optimized with the Yoast SEO plugin v18.3 - https:\/\/yoast.com\/wordpress\/plugins\/seo\/ -->\n<title>4share Premium Hesap - Bir Bak\u0131\u015fta Filehoster<\/title>\n<meta name=\"description\" content=\"4share sayg\u0131n bir sa\u011flay\u0131c\u0131 m\u0131 de\u011fil mi, cevab\u0131 Multihoster.org&#039;daki mevcut testte bulabilirsiniz \u279c \u015eimdi t\u0131klay\u0131n \u271a deneyimlerimizi okumak i\u00e7in!\" \/>\n<meta name=\"robots\" content=\"index, follow, max-snippet:-1, max-image-preview:large, max-video-preview:-1\" \/>\n<link rel=\"canonical\" href=\"https:\/\/multihoster.org\/tr\/4share\/\" \/>\n<meta property=\"og:locale\" content=\"tr_TR\" \/>\n<meta property=\"og:type\" content=\"article\" \/>\n<meta property=\"og:title\" content=\"4share Premium Hesap - Bir Bak\u0131\u015fta Filehoster\" \/>\n<meta property=\"og:description\" content=\"4share sayg\u0131n bir sa\u011flay\u0131c\u0131 m\u0131 de\u011fil mi, cevab\u0131 Multihoster.org&#039;daki mevcut testte bulabilirsiniz \u279c \u015eimdi t\u0131klay\u0131n \u271a deneyimlerimizi okumak i\u00e7in!\" \/>\n<meta property=\"og:url\" content=\"https:\/\/multihoster.org\/tr\/4share\/\" \/>\n<meta property=\"og:site_name\" content=\"Multihoster.org\" \/>\n<meta property=\"article:modified_time\" content=\"2020-03-30T14:07:04+00:00\" \/>\n<meta property=\"og:image\" content=\"https:\/\/lh3.googleusercontent.com\/RrbU4oZEm4QWQKICoZLyymhFtYa8lbr9pXG3GYEgIjcXl-e1SHUFBrLO4GvlZAt1bGGxzdjop4KvAsHTOgT02oisMpTGlnhNxTCtO6KVy24hCDffb1nmnOyrDKLKxgDucv-ks1w\" \/>\n<meta name=\"twitter:card\" content=\"summary\" \/>\n<meta name=\"twitter:label1\" content=\"Tahmini okuma s\u00fcresi\" \/>\n\t<meta name=\"twitter:data1\" content=\"9 dakika\" \/>\n<script type=\"application\/ld+json\" class=\"yoast-schema-graph\">{\"@context\":\"https:\/\/schema.org\",\"@graph\":[{\"@type\":\"WebSite\",\"@id\":\"https:\/\/multihoster.org\/#website\",\"url\":\"https:\/\/multihoster.org\/\",\"name\":\"Multihoster.org\",\"description\":\"Reviews of the major Filehosting services\",\"potentialAction\":[{\"@type\":\"SearchAction\",\"target\":{\"@type\":\"EntryPoint\",\"urlTemplate\":\"https:\/\/multihoster.org\/?s={search_term_string}\"},\"query-input\":\"required name=search_term_string\"}],\"inLanguage\":\"tr\"},{\"@type\":\"ImageObject\",\"@id\":\"https:\/\/multihoster.org\/tr\/4share\/#primaryimage\",\"inLanguage\":\"tr\",\"url\":\"https:\/\/lh3.googleusercontent.com\/RrbU4oZEm4QWQKICoZLyymhFtYa8lbr9pXG3GYEgIjcXl-e1SHUFBrLO4GvlZAt1bGGxzdjop4KvAsHTOgT02oisMpTGlnhNxTCtO6KVy24hCDffb1nmnOyrDKLKxgDucv-ks1w\",\"contentUrl\":\"https:\/\/lh3.googleusercontent.com\/RrbU4oZEm4QWQKICoZLyymhFtYa8lbr9pXG3GYEgIjcXl-e1SHUFBrLO4GvlZAt1bGGxzdjop4KvAsHTOgT02oisMpTGlnhNxTCtO6KVy24hCDffb1nmnOyrDKLKxgDucv-ks1w\"},{\"@type\":\"WebPage\",\"@id\":\"https:\/\/multihoster.org\/tr\/4share\/#webpage\",\"url\":\"https:\/\/multihoster.org\/tr\/4share\/\",\"name\":\"4share Premium Hesap - Bir Bak\u0131\u015fta Filehoster\",\"isPartOf\":{\"@id\":\"https:\/\/multihoster.org\/#website\"},\"primaryImageOfPage\":{\"@id\":\"https:\/\/multihoster.org\/tr\/4share\/#primaryimage\"},\"datePublished\":\"2020-03-20T16:34:49+00:00\",\"dateModified\":\"2020-03-30T14:07:04+00:00\",\"description\":\"4share sayg\u0131n bir sa\u011flay\u0131c\u0131 m\u0131 de\u011fil mi, cevab\u0131 Multihoster.org'daki mevcut testte bulabilirsiniz \u279c \u015eimdi t\u0131klay\u0131n \u271a deneyimlerimizi okumak i\u00e7in!\",\"breadcrumb\":{\"@id\":\"https:\/\/multihoster.org\/tr\/4share\/#breadcrumb\"},\"inLanguage\":\"tr\",\"potentialAction\":[{\"@type\":\"ReadAction\",\"target\":[\"https:\/\/multihoster.org\/tr\/4share\/\"]}]},{\"@type\":\"BreadcrumbList\",\"@id\":\"https:\/\/multihoster.org\/tr\/4share\/#breadcrumb\",\"itemListElement\":[{\"@type\":\"ListItem\",\"position\":1,\"name\":\"Startseite\",\"item\":\"https:\/\/multihoster.org\/tr\/\"},{\"@type\":\"ListItem\",\"position\":2,\"name\":\"4share Premium Hesap: Bir Bak\u0131\u015fta Filehoster\"}]}]}<\/script>\n<!-- \/ Yoast SEO plugin. -->","yoast_head_json":{"title":"4share Premium Hesap - Bir Bak\u0131\u015fta Filehoster","description":"4share sayg\u0131n bir sa\u011flay\u0131c\u0131 m\u0131 de\u011fil mi, cevab\u0131 Multihoster.org'daki mevcut testte bulabilirsiniz \u279c \u015eimdi t\u0131klay\u0131n \u271a deneyimlerimizi okumak i\u00e7in!","robots":{"index":"index","follow":"follow","max-snippet":"max-snippet:-1","max-image-preview":"max-image-preview:large","max-video-preview":"max-video-preview:-1"},"canonical":"https:\/\/multihoster.org\/tr\/4share\/","og_locale":"tr_TR","og_type":"article","og_title":"4share Premium Hesap - Bir Bak\u0131\u015fta Filehoster","og_description":"4share sayg\u0131n bir sa\u011flay\u0131c\u0131 m\u0131 de\u011fil mi, cevab\u0131 Multihoster.org'daki mevcut testte bulabilirsiniz \u279c \u015eimdi t\u0131klay\u0131n \u271a deneyimlerimizi okumak i\u00e7in!","og_url":"https:\/\/multihoster.org\/tr\/4share\/","og_site_name":"Multihoster.org","article_modified_time":"2020-03-30T14:07:04+00:00","og_image":[{"url":"https:\/\/lh3.googleusercontent.com\/RrbU4oZEm4QWQKICoZLyymhFtYa8lbr9pXG3GYEgIjcXl-e1SHUFBrLO4GvlZAt1bGGxzdjop4KvAsHTOgT02oisMpTGlnhNxTCtO6KVy24hCDffb1nmnOyrDKLKxgDucv-ks1w"}],"twitter_card":"summary","twitter_misc":{"Tahmini okuma s\u00fcresi":"9 dakika"},"schema":{"@context":"https:\/\/schema.org","@graph":[{"@type":"WebSite","@id":"https:\/\/multihoster.org\/#website","url":"https:\/\/multihoster.org\/","name":"Multihoster.org","description":"Reviews of the major Filehosting services","potentialAction":[{"@type":"SearchAction","target":{"@type":"EntryPoint","urlTemplate":"https:\/\/multihoster.org\/?s={search_term_string}"},"query-input":"required name=search_term_string"}],"inLanguage":"tr"},{"@type":"ImageObject","@id":"https:\/\/multihoster.org\/tr\/4share\/#primaryimage","inLanguage":"tr","url":"https:\/\/lh3.googleusercontent.com\/RrbU4oZEm4QWQKICoZLyymhFtYa8lbr9pXG3GYEgIjcXl-e1SHUFBrLO4GvlZAt1bGGxzdjop4KvAsHTOgT02oisMpTGlnhNxTCtO6KVy24hCDffb1nmnOyrDKLKxgDucv-ks1w","contentUrl":"https:\/\/lh3.googleusercontent.com\/RrbU4oZEm4QWQKICoZLyymhFtYa8lbr9pXG3GYEgIjcXl-e1SHUFBrLO4GvlZAt1bGGxzdjop4KvAsHTOgT02oisMpTGlnhNxTCtO6KVy24hCDffb1nmnOyrDKLKxgDucv-ks1w"},{"@type":"WebPage","@id":"https:\/\/multihoster.org\/tr\/4share\/#webpage","url":"https:\/\/multihoster.org\/tr\/4share\/","name":"4share Premium Hesap - Bir Bak\u0131\u015fta Filehoster","isPartOf":{"@id":"https:\/\/multihoster.org\/#website"},"primaryImageOfPage":{"@id":"https:\/\/multihoster.org\/tr\/4share\/#primaryimage"},"datePublished":"2020-03-20T16:34:49+00:00","dateModified":"2020-03-30T14:07:04+00:00","description":"4share sayg\u0131n bir sa\u011flay\u0131c\u0131 m\u0131 de\u011fil mi, cevab\u0131 Multihoster.org'daki mevcut testte bulabilirsiniz \u279c \u015eimdi t\u0131klay\u0131n \u271a deneyimlerimizi okumak i\u00e7in!","breadcrumb":{"@id":"https:\/\/multihoster.org\/tr\/4share\/#breadcrumb"},"inLanguage":"tr","potentialAction":[{"@type":"ReadAction","target":["https:\/\/multihoster.org\/tr\/4share\/"]}]},{"@type":"BreadcrumbList","@id":"https:\/\/multihoster.org\/tr\/4share\/#breadcrumb","itemListElement":[{"@type":"ListItem","position":1,"name":"Startseite","item":"https:\/\/multihoster.org\/tr\/"},{"@type":"ListItem","position":2,"name":"4share Premium Hesap: Bir Bak\u0131\u015fta Filehoster"}]}]}},"_links":{"self":[{"href":"https:\/\/multihoster.org\/tr\/wp-json\/wp\/v2\/pages\/2593"}],"collection":[{"href":"https:\/\/multihoster.org\/tr\/wp-json\/wp\/v2\/pages"}],"about":[{"href":"https:\/\/multihoster.org\/tr\/wp-json\/wp\/v2\/types\/page"}],"author":[{"embeddable":true,"href":"https:\/\/multihoster.org\/tr\/wp-json\/wp\/v2\/users\/2"}],"replies":[{"embeddable":true,"href":"https:\/\/multihoster.org\/tr\/wp-json\/wp\/v2\/comments?post=2593"}],"version-history":[{"count":2,"href":"https:\/\/multihoster.org\/tr\/wp-json\/wp\/v2\/pages\/2593\/revisions"}],"predecessor-version":[{"id":2756,"href":"https:\/\/multihoster.org\/tr\/wp-json\/wp\/v2\/pages\/2593\/revisions\/2756"}],"wp:attachment":[{"href":"https:\/\/multihoster.org\/tr\/wp-json\/wp\/v2\/media?parent=2593"}],"curies":[{"name":"wp","href":"https:\/\/api.w.org\/{rel}","templated":true}]}}