{"id":2631,"date":"2020-03-23T14:50:25","date_gmt":"2020-03-23T14:50:25","guid":{"rendered":"https:\/\/multihoster.org\/?page_id=2631"},"modified":"2020-03-30T11:32:38","modified_gmt":"2020-03-30T11:32:38","slug":"fileshark","status":"publish","type":"page","link":"https:\/\/multihoster.org\/tr\/fileshark\/","title":{"rendered":"Fileshark Premium Hesap: Bir Bak\u0131\u015fta Filehoster"},"content":{"rendered":"\n<figure class=\"wp-block-image\"><img src=\"https:\/\/lh4.googleusercontent.com\/N5IM2C40_yjvv_zNuUXu_SxRfezN8Y3UuSImioDPIB7qgYp675Bu-9gKwYTRBFSYFMrhZaGjkGxm8jlfgHOY7Rq1gtoupayw2C0T3YGPzQlLEQd--oMxWZwfJxjT65ei4p-A8fA\" alt=\"FileShark logo\"\/><\/figure>\n\n\n<a class=\"maxbutton-2 maxbutton maxbutton-cta\" target=\"_blank\" rel=\"nofollow noopener\" href=\"\/go\/\"><span class='mb-text'>&gt;&gt; Orijinal Linkifier Web Sitesine Git<\/span><\/a>\n\n\n<p><\/p>\n\n\n\n<h2>FileShark nedir?<\/h2>\n\n\n\n<p>FileShark, \u00e7evrimi\u00e7i dosya y\u00fckleme ve indirme sitelerinden biridir. Kullan\u0131c\u0131lar\u0131n dosyalar\u0131 i\u00e7in g\u00fcvenli\u011fe sahip olmas\u0131n\u0131 sa\u011flar. Burada bir kullan\u0131c\u0131 dosyalar\u0131n\u0131n y\u00fcklenmesini, indirilmesini, g\u00f6r\u00fcnt\u00fclenmesini ve payla\u015f\u0131lmas\u0131n\u0131 yapabilir.<\/p>\n\n\n\n<p>FileShark sitesine eri\u015fmeden veya siteyi kullanmaya devam etmeden \u00f6nce, kullan\u0131c\u0131lar\u0131n \u00f6nce FileShark&#8217;\u0131n a\u00e7\u0131l\u0131r hizmet \u015fartlar\u0131n\u0131 okumas\u0131 gerekir.<\/p>\n\n\n\n<p>FileShark sitesi aslen Polonya&#8217;da dil olan Leh\u00e7e&#8217;dir. Bir kullan\u0131c\u0131, web taray\u0131c\u0131s\u0131n\u0131n google translate \u00f6zelli\u011fini kullanarak dili kolayca ve otomatik olarak \u0130ngilizceye veya kendi ana diline \u00e7evirebilir.<\/p>\n\n\n\n<h2>FileShark Hesaplar\u0131<\/h2>\n\n\n\n<ul><li>FileShark Kay\u0131tl\u0131 Olmayan Kullan\u0131c\u0131 Hesab\u0131<\/li><\/ul>\n\n\n\n<p>Hen\u00fcz FileShark&#8217;ta kay\u0131tl\u0131 olmayan herhangi bir kullan\u0131c\u0131 FileShark sitesine eri\u015febilir. Kay\u0131tl\u0131 olmayan bir kullan\u0131c\u0131n\u0131n yaln\u0131zca FileShark ile yapabilece\u011fi \u015feyler a\u015fa\u011f\u0131dad\u0131r.<\/p>\n\n\n\n<p>1. Bir kullan\u0131c\u0131 FileShark sitesine g\u00f6z atabilir ve sitede gezinebilir.<\/p>\n\n\n\n<p>2. Premium kullan\u0131c\u0131 FileShark sitesinin baz\u0131 \u00f6zelliklerine eri\u015febilir ve bu \u00f6zelliklerin keyfini \u00e7\u0131karabilir.<\/p>\n\n\n\n<p>3. Kullan\u0131c\u0131 bir dosya indirebilir ancak indirme h\u0131z\u0131 s\u0131n\u0131r\u0131 vard\u0131r ve maksimum h\u0131z yaln\u0131zca saniyede 150 kilobayta (kbps) kadard\u0131r.<\/p>\n\n\n\n<p>4. Bir dosyay\u0131 indirirken, indirme i\u015flemi ba\u015flamadan \u00f6nce kullan\u0131c\u0131n\u0131n altm\u0131\u015f (60) saniye beklemesi gerekir.<\/p>\n\n\n\n<p>5.&nbsp; Bir kullan\u0131c\u0131 ayn\u0131 anda birden fazla dosya indiremez.<\/p>\n\n\n\n<p>6. Bir kullan\u0131c\u0131 bir dosya y\u00fcklerken, bu dosyan\u0131n 1024 megabayt (MB) olan dosyan\u0131n maksimum boyutundan daha b\u00fcy\u00fck olmamas\u0131 gerekir ve kullan\u0131c\u0131n\u0131n ayn\u0131 anda yaln\u0131zca bir (1) dosya y\u00fcklemesine izin verilir.<\/p>\n\n\n\n<p>7. Kaydedilen dosya i\u00e7in bir s\u0131n\u0131rlama s\u00fcresi vard\u0131r. Filehark, kay\u0131tl\u0131 olmayan kullan\u0131c\u0131lara dosya depolama i\u00e7in yaln\u0131zca otuz (30) g\u00fcn s\u00fcre verir.<\/p>\n\n\n\n<ul><li>FileShark \u00dccretsiz Hesab\u0131<\/li><\/ul>\n\n\n\n<p>Bir kullan\u0131c\u0131 FileShark&#8217;ta \u00fccretsiz bir kullan\u0131c\u0131 hesab\u0131 olarak \u00fccretsiz kay\u0131t olabilir. FileShark \u00dccretsiz Hesap kullan\u0131c\u0131lar\u0131, FileShark&#8217;\u0131n kay\u0131tl\u0131 olmayan kullan\u0131c\u0131lar\u0131 ile ayn\u0131 avantaja sahiptir.<\/p>\n\n\n\n<p>1. \u00dccretsiz bir hesap FileShark sitesine g\u00f6z atabilir ve sitede gezinebilir.<\/p>\n\n\n\n<p>2. \u00dccretsiz hesap kullan\u0131c\u0131 hesab\u0131, FileShark sitesinin \u00f6zelliklerinin \u00e7o\u011funa eri\u015febilir ve keyfini \u00e7\u0131karabilir.<\/p>\n\n\n\n<p>3. \u00dccretsiz bir hesap kullan\u0131c\u0131s\u0131 bir dosyay\u0131 indirebilir ancak indirme h\u0131z\u0131 s\u0131n\u0131r\u0131 vard\u0131r ve maksimum h\u0131z, yaln\u0131zca FileShark&#8217;\u0131n kay\u0131tl\u0131 olmayan kullan\u0131c\u0131lar\u0131 gibi saniyede 150 kilobayta (kbps) kadard\u0131r.<\/p>\n\n\n\n<p>4. Bir dosyay\u0131 indirirken, indirme i\u015fleminin ba\u015flamas\u0131 i\u00e7in \u00fccretsiz bir hesab\u0131n altm\u0131\u015f (60) saniye beklemesi gerekir.<\/p>\n\n\n\n<p>5. \u00dccretsiz bir hesap ayn\u0131 anda birden fazla dosya indiremez.<\/p>\n\n\n\n<p>6. Bir kullan\u0131c\u0131 bir dosya y\u00fcklerken, bu dosya 10240 megabayt (MB) olan dosyan\u0131n maksimum boyutundan fazla olmamal\u0131d\u0131r ve bir kullan\u0131c\u0131n\u0131n ayn\u0131 anda yaln\u0131zca yirmi (20) dosya y\u00fcklemesine izin verilir.<\/p>\n\n\n\n<p>7. Kaydedilen dosya i\u00e7in bir s\u0131n\u0131rlama s\u00fcresi vard\u0131r. Filehark, \u00fccretsiz hesap kullan\u0131c\u0131lar\u0131na dosya depolama i\u00e7in yaln\u0131zca otuz (30) g\u00fcn verecektir.<\/p>\n\n\n\n<p>8. Tek bir kullan\u0131c\u0131, sekiz terabayt (8 TB) maksimum kapasiteye kadar veri depolayabilir.<\/p>\n\n\n\n<p>9. \u00dccretsiz bir hesap yaln\u0131zca bir g\u00fcn veya yirmi d\u00f6rt (24) saat boyunca otuz gigabayta (30 GB) kadar veri indirmenizi gerektirir.<\/p>\n\n\n\n<ul><li>FileShark Premium Hesap<\/li><\/ul>\n\n\n\n<p>Bir kullan\u0131c\u0131n\u0131n FileShark Premium Hesab\u0131 i\u00e7in elde edebilece\u011fi avantajlar nelerdir?<\/p>\n\n\n\n<p>1.&nbsp; Premium kullan\u0131c\u0131 FileShark sitesinin herhangi bir yerine g\u00f6z atabilir ve gezinebilir.<\/p>\n\n\n\n<p>2.&nbsp; Premium kullan\u0131c\u0131 FileShark sitesinin en iyi \u00f6zelliklerine eri\u015febilir ve keyfini \u00e7\u0131karabilir.<\/p>\n\n\n\n<p>3. \u0130ndirmeler i\u00e7in bekleme s\u00fcresi yoktur, \u00e7\u00fcnk\u00fc kullan\u0131c\u0131lar indirmeleri hemen otomatik olarak ba\u015flatabilir.<\/p>\n\n\n\n<p>4. Premium kullan\u0131c\u0131 indirme h\u0131z\u0131n\u0131 maksimum d\u00fczeyde ya\u015fayabilir. Bir kullan\u0131c\u0131n\u0131n internet ba\u011flant\u0131s\u0131n\u0131n indirmelerin h\u0131z\u0131n\u0131 etkiledi\u011fini unutmay\u0131n, bu nedenle bir kullan\u0131c\u0131n\u0131n internet ba\u011flant\u0131s\u0131 h\u0131zl\u0131ysa, dosyan\u0131n indirilmesi de h\u0131zl\u0131 olacakt\u0131r.<\/p>\n\n\n\n<p>5. Premium kullan\u0131c\u0131n\u0131n dosya depolama i\u00e7in herhangi bir s\u0131n\u0131r\u0131 yoktur<\/p>\n\n\n\n<p>6. Premium kullan\u0131c\u0131n\u0131n ayn\u0131 anda veya ayn\u0131 anda birden \u00e7ok kez indirmesine izin verilir.<\/p>\n\n\n\n<p>7. Premium kullan\u0131c\u0131, kullan\u0131c\u0131 indirmelerini duraklatmak veya devam ettirmek i\u00e7in bir se\u00e7enektir.<\/p>\n\n\n\n<p>8. Premium kullan\u0131c\u0131 indirmeler i\u00e7in daha uzun s\u00fcre beklemeyecektir \u00e7\u00fcnk\u00fc FileShark Premium Hesab\u0131nda bekleme kuyruklar\u0131 yoktur.<\/p>\n\n\n\n<p>9. Premium kullan\u0131c\u0131 ak\u0131\u015f ama\u00e7lar\u0131 i\u00e7in deste\u011fe sahip olacakt\u0131r<\/p>\n\n\n\n<p class=\"has-text-align-center\"><strong> FileShark Premium <\/strong><\/p>\n\n\n\n<figure class=\"wp-block-table\"><table class=\"\"><tbody><tr><td class=\"has-text-align-center\" data-align=\"center\">G\u00fcn say\u0131s\u0131<\/td><td class=\"has-text-align-center\" data-align=\"center\">Dolar (USD) fiyat\u0131<\/td><td class=\"has-text-align-center\" data-align=\"center\">Euro cinsinden fiyat<\/td><td class=\"has-text-align-center\" data-align=\"center\">Polonya Zlotisi (PLN) fiyat\u0131<\/td><\/tr><tr><td class=\"has-text-align-center\" data-align=\"center\">3<\/td><td class=\"has-text-align-center\" data-align=\"center\">$6.99<\/td><td class=\"has-text-align-center\" data-align=\"center\"> \u20ac 6<\/td><td class=\"has-text-align-center\" data-align=\"center\">25 z\u0142<\/td><\/tr><tr><td class=\"has-text-align-center\" data-align=\"center\">15<\/td><td class=\"has-text-align-center\" data-align=\"center\">$8.99<\/td><td class=\"has-text-align-center\" data-align=\"center\"> \u20ac 7.99<\/td><td class=\"has-text-align-center\" data-align=\"center\">33 z\u0142 <\/td><\/tr><tr><td class=\"has-text-align-center\" data-align=\"center\">30<\/td><td class=\"has-text-align-center\" data-align=\"center\">$12.49<\/td><td class=\"has-text-align-center\" data-align=\"center\"> \u20ac 10.99<\/td><td class=\"has-text-align-center\" data-align=\"center\">46 z\u0142 <\/td><\/tr><tr><td class=\"has-text-align-center\" data-align=\"center\">60<\/td><td class=\"has-text-align-center\" data-align=\"center\">$22.99<\/td><td class=\"has-text-align-center\" data-align=\"center\"> \u20ac 19.99<\/td><td class=\"has-text-align-center\" data-align=\"center\">84 z\u0142 <\/td><\/tr><tr><td class=\"has-text-align-center\" data-align=\"center\">90<\/td><td class=\"has-text-align-center\" data-align=\"center\">$32.99<\/td><td class=\"has-text-align-center\" data-align=\"center\"> \u20ac 28.99<\/td><td class=\"has-text-align-center\" data-align=\"center\">121 z\u0142 <\/td><\/tr><tr><td class=\"has-text-align-center\" data-align=\"center\">365<\/td><td class=\"has-text-align-center\" data-align=\"center\">$129<\/td><td class=\"has-text-align-center\" data-align=\"center\"> \u20ac 111<\/td><td class=\"has-text-align-center\" data-align=\"center\">475 z\u0142 <\/td><\/tr><\/tbody><\/table><\/figure>\n\n\n\n<p class=\"has-text-align-center\"><strong> FileShark Premium Hesap (\u00c7ift)<\/strong><\/p>\n\n\n\n<figure class=\"wp-block-table\"><table class=\"\"><tbody><tr><td>Toplam G\u00fcn Say\u0131s\u0131:<\/td><td>3 g\u00fcn<\/td><\/tr><tr><td>Depolama boyutu:<\/td><td>100 GB aktar\u0131m \/ 24 saat<\/td><\/tr><tr><td>USD fiyat\u0131:<\/td><td> $13.50 <\/td><\/tr><tr><td>Euro cinsinden fiyat:<\/td><td> \u20ac 12 <\/td><\/tr><tr><td>Polonya&#8217;da fiyat z\u0142oty:<\/td><td> 49.90 z\u0142 <\/td><\/tr><tr><td><\/td><td><\/td><\/tr><tr><td>Toplam G\u00fcn Say\u0131s\u0131:<\/td><td>30 g\u00fcn<\/td><\/tr><tr><td>Depolama boyutu:<\/td><td>100 GB aktar\u0131m \/ 24 saat<\/td><\/tr><tr><td>Dolar (USD) Fiyat\u0131:<\/td><td> $24 <\/td><\/tr><tr><td>Euro cinsinden fiyat:<\/td><td> \u20ac20.50 <\/td><\/tr><tr><td>Polonya Zlotisi (PLN) fiyat:<\/td><td> 91.90 z\u0142 <\/td><\/tr><\/tbody><\/table><\/figure>\n\n\n\n<p>*GB, Gigabyte anlam\u0131na gelir<\/p>\n\n\n<a class=\"maxbutton-2 maxbutton maxbutton-cta\" target=\"_blank\" rel=\"nofollow noopener\" href=\"\/go\/\"><span class='mb-text'>&gt;&gt; Orijinal Linkifier Web Sitesine Git<\/span><\/a>\n\n\n<p><\/p>\n\n\n\n<h2>FileShark \u00d6demeler<\/h2>\n\n\n\n<p>FileShark \u00f6demeleri i\u00e7in kullan\u0131c\u0131, a\u015fa\u011f\u0131daki desteklenen \u00f6deme y\u00f6ntemlerini kullanarak FileShark Premium Hesab\u0131n\u0131 \u00f6deyebilir.<\/p>\n\n\n\n<p>1. Paypal,<\/p>\n\n\n\n<p>2. Visa,<\/p>\n\n\n\n<p>3. MasterCard,<\/p>\n\n\n\n<p>4.American Express or AMEX,<\/p>\n\n\n\n<p>5. Unionpay,<\/p>\n\n\n\n<p>6. Sofort,<\/p>\n\n\n\n<p>7. Ideal,<\/p>\n\n\n\n<p>8. Giropay,&nbsp;<\/p>\n\n\n\n<p>9. Bitcoin, ve<\/p>\n\n\n\n<p>10. FileShark Bayiler<br><\/p>\n\n\n\n<p>FileShark Teslim S\u00fcresi: FileShark Premium \u00fcr\u00fcn\u00fcn\u00fcn teslim s\u00fcresi, \u00f6demeden sonraki g\u00fcn\u00fcn bir (1) dakika ila iki (2) saatidir.<\/p>\n\n\n\n<h2>FileShark Premium Hesab\u0131n\u0131n Etkinle\u015ftirilmesi<\/h2>\n\n\n\n<p>FileShark Premium Hesab\u0131n\u0131 etkinle\u015ftirmek i\u00e7in kullan\u0131c\u0131n\u0131n anahtar\u0131 veya kodu olmal\u0131d\u0131r. Endi\u015felenmeyin, \u00e7\u00fcnk\u00fc FileShark Premium Hesab\u0131n\u0131 kulland\u0131ktan sonra, kullan\u0131c\u0131 FileShark Premium Hesab\u0131n\u0131n etkinle\u015ftirilmesi i\u00e7in anahtar veya kod al\u0131r.<\/p>\n\n\n\n<p>Bir kullan\u0131c\u0131n\u0131n zaten anahtar\u0131 varsa, a\u015fa\u011f\u0131daki ad\u0131mlar\u0131 izlemeniz yeterlidir:<\/p>\n\n\n\n<p>1. Hen\u00fcz FileShark&#8217;a kay\u0131tl\u0131 olmayan bir kullan\u0131c\u0131 i\u00e7in \u00f6nce kay\u0131t olmas\u0131 gerekir, b\u00f6ylece kullan\u0131c\u0131 oturum a\u00e7\u0131p FileShark Premium anahtar\u0131n\u0131 veya kodunu girmek i\u00e7in FileShark Paneline gidebilir. Ard\u0131ndan, kaydetmek i\u00e7in &#8220;Uygula&#8221; d\u00fc\u011fmesini t\u0131klay\u0131n.<br><\/p>\n\n\n\n<p>2. Bir kullan\u0131c\u0131 hesab\u0131 zaten kay\u0131tl\u0131ysa, FileShark&#8217;ta oturum a\u00e7abilir ve FileShark Premium Hesab\u0131n\u0131 etkinle\u015ftirmek i\u00e7in anahtar\u0131 veya kodu girmek \u00fczere FileShark Paneline gidebilir. Ard\u0131ndan, kaydetmek i\u00e7in &#8220;Uygula&#8221; d\u00fc\u011fmesini t\u0131klay\u0131n.<br><\/p>\n\n\n\n<p>Anahtar veya kod girilip uyguland\u0131ktan ve FileShark taraf\u0131ndan do\u011fruland\u0131ktan sonra, kullan\u0131c\u0131n\u0131n \u00fccretsiz hesab\u0131 otomatik olarak Premium Hesaba ge\u00e7irilir veya Premium Hesab\u0131 otomatik olarak geni\u015fletir.<\/p>\n\n\n\n<h2>FileShark&#8217;a dosya y\u00fckleme<\/h2>\n\n\n\n<p>Kullan\u0131c\u0131lar\u0131n FileShark&#8217;a dosya y\u00fcklemesinin \u00fc\u00e7 (3) yolu vard\u0131r:<\/p>\n\n\n\n<p>1. Youtube ba\u011flant\u0131s\u0131 kullanarak dosya y\u00fckleme &#8211; Bir kullan\u0131c\u0131 sadece dosyan\u0131n ba\u011flant\u0131s\u0131n\u0131 kopyalay\u0131p y\u00fcklemek i\u00e7in FileShark Y\u00fckleme \u00e7ubu\u011funa yap\u0131\u015ft\u0131rabilir. Dosyan\u0131n maksimum boyutu 1 gigabaytt\u0131r (GB)<br><\/p>\n\n\n\n<p>2. Bulut a\u011f\u0131na bir dosya y\u00fckleyin &#8211; Bu \u015fekilde, dosyan\u0131n maksimum boyutu 1 gigabaytt\u0131r (GB).<br><\/p>\n\n\n\n<p>3. Dosya Aktar\u0131m Protokol\u00fc&#8217;n\u00fc (FTP) kullanarak y\u00fckleyin. FTP&#8217;nin ne oldu\u011funa bak\u0131n.<\/p>\n\n\n\n<p>Dosyan\u0131n maksimum boyutu 1 gigabaytt\u0131r (GB)<\/p>\n\n\n\n<p>Dosya y\u00fcklendi\u011finde, dosya eklenecek ve FileShark&#8217;\u0131n ana sayfas\u0131nda g\u00f6r\u00fcnt\u00fclenecektir.<\/p>\n\n\n\n<p>Peki, FTP nedir?<\/p>\n\n\n\n<p>FTP, Dosya Aktar\u0131m Protokol\u00fc&#8217;n\u00fcn k\u0131sa d\u00f6nemidir. \u0130nternetin bir <a rel=\"noreferrer noopener\" aria-label=\"protokol\u00fcd\u00fcr  (opens in a new tab)\" href=\"https:\/\/dictionary.cambridge.org\/us\/dictionary\/english\/protocol\" target=\"_blank\">protokol\u00fcd\u00fcr <\/a>ve \u0130nternet&#8217;teki bir cihazdan dosya aktarmak i\u00e7in kullan\u0131l\u0131r. Bir kullan\u0131c\u0131 cihaz\u0131n\u0131 kullanarak bir dosya talep eder ve daha sonra, kullan\u0131c\u0131n\u0131n talep etti\u011fi dosyay\u0131 sa\u011flayacak yerel veya uzak bir sunucu vard\u0131r.<br><\/p>\n\n\n\n<p>Bir kullan\u0131c\u0131 bir dosya y\u00fckledi\u011finde kategoriler a\u015fa\u011f\u0131dad\u0131r:<\/p>\n\n\n\n<p>T\u00fcm Kategoriler &#8211; T\u00fcm dosyalar eklenecek ve dosyalar\u0131n ba\u015fl\u0131\u011f\u0131 da dahil olmak \u00fczere bu sayfada g\u00f6r\u00fcnt\u00fclenecektir.<\/p>\n\n\n\n<figure class=\"wp-block-table\"><table class=\"\"><tbody><tr><td> Amat\u00f6r<\/td><td> Oyunlar<\/td><td> Parola<\/td><td> Siyaset<\/td><td>TV \u015fovlar\u0131<\/td><\/tr><tr><td> Ofis<\/td><td> Tarih<\/td><td>M\u00fczik<\/td><td> \u00d6\u011freticiler<\/td><td>K\u0131r\u0131k Filmler<\/td><\/tr><tr><td>A\u015f\u0131r\u0131 Videolar<\/td><td> Japonca<\/td><td>Bilim ve Teknoloji<\/td><td> Ads <\/td><td>Youtube serisi<\/td><\/tr><tr><td> filmler<\/td><td>Tiyatro veya M\u00fczikal Tiyatro<\/td><td> Nostalji<\/td><td> Seksi<\/td><td>Komik videolar<\/td><\/tr><tr><td>Film par\u00e7alar\u0131<\/td><td>\u00c7izgi Filmler veya Animasyonlar<\/td><td> Parodiler<\/td><td>Spor Dallar\u0131<\/td><td> Evcil Hayvanlar<\/td><\/tr><tr><td> Gadgets<\/td><td> B\u00fcy\u00fcler<\/td><td>Bira filmler<\/td><td> Fragmanlar<\/td><td><\/td><\/tr><\/tbody><\/table><\/figure>\n\n\n\n<h2>\u0130ndirilmesi<\/h2>\n\n\n\n<p>FileShark Kay\u0131tl\u0131 Olmayan, FileShark \u00dccretsiz Hesab\u0131 ve FileShark Premium Hesab\u0131 kullan\u0131c\u0131lar\u0131 FileShark&#8217;taki indirme ba\u011flant\u0131lar\u0131n\u0131 kullanarak dosya veya dosya indirebilir. FileShark&#8217;\u0131n indirme sayfas\u0131na eri\u015fmek i\u00e7in bir dosyan\u0131n indirme ba\u011flant\u0131lar\u0131n\u0131n kullan\u0131c\u0131 taraf\u0131ndan t\u0131klanmas\u0131 gerekir. Bir kullan\u0131c\u0131 bir dosyan\u0131n indirme sayfas\u0131ndayken indirmeyi ba\u015flatmak i\u00e7in yaln\u0131zca \u201c\u0130ndir\u201d d\u00fc\u011fmesini t\u0131klamas\u0131 yeterlidir.<\/p>\n\n\n\n<h2>Payla\u015f\u0131m<\/h2>\n\n\n\n<p>Bir kullan\u0131c\u0131 FileShark taraf\u0131ndan sa\u011flanan ba\u011flant\u0131lar\u0131 kullanarak dosyas\u0131n\u0131 veya dosyalar\u0131n\u0131 payla\u015fabilir. Facebook, Twitter ve Instagram gibi sosyal medya platformlar\u0131nda hatta Yahoo Mail veya Google Mail gibi e-postalarda payla\u015fabilir.<\/p>\n\n\n\n<h2>Raporlar<\/h2>\n\n\n\n<p>Herhangi bir durumda k\u00f6t\u00fcye kullan\u0131m eylemi ger\u00e7ekle\u015firse, FileShark&#8217;a bildirilmesi gerekir.<\/p>\n\n\n\n<p>Kay\u0131tl\u0131 olsun veya olmas\u0131n bir kullan\u0131c\u0131, k\u00f6t\u00fcye kullan\u0131m durumunu FileShark&#8217;\u0131n \u0130leti\u015fim Sayfas\u0131nda veya K\u00f6t\u00fcye Kullan\u0131m Bildir sayfas\u0131nda bildirmelidir. E-posta adresini ve raporun i\u00e7eri\u011fini i\u00e7ermelidir. Raporu g\u00f6ndermek i\u00e7in &#8220;G\u00f6nder&#8221; d\u00fc\u011fmesini t\u0131klaman\u0131z yeterlidir.<\/p>\n\n\n<a class=\"maxbutton-2 maxbutton maxbutton-cta\" target=\"_blank\" rel=\"nofollow noopener\" href=\"\/go\/\"><span class='mb-text'>&gt;&gt; Orijinal Linkifier Web Sitesine Git<\/span><\/a>\n\n\n<p><\/p>\n","protected":false},"excerpt":{"rendered":"<p>FileShark nedir? FileShark, \u00e7evrimi\u00e7i dosya y\u00fckleme ve indirme sitelerinden biridir. Kullan\u0131c\u0131lar\u0131n dosyalar\u0131 i\u00e7in g\u00fcvenli\u011fe sahip olmas\u0131n\u0131 sa\u011flar. Burada bir kullan\u0131c\u0131<\/p>\n","protected":false},"author":2,"featured_media":0,"parent":0,"menu_order":0,"comment_status":"closed","ping_status":"closed","template":"","meta":[],"yoast_head":"<!-- This site is optimized with the Yoast SEO plugin v18.3 - https:\/\/yoast.com\/wordpress\/plugins\/seo\/ -->\n<title>Fileshark Premium Hesap - Bir Bak\u0131\u015fta Filehoster<\/title>\n<meta name=\"description\" content=\"Fileshark sayg\u0131n bir sa\u011flay\u0131c\u0131 m\u0131 de\u011fil mi, cevab\u0131 Multihoster.org&#039;daki mevcut testte bulabilirsiniz \u279c \u015eimdi t\u0131klay\u0131n \u271a deneyimlerimizi okumak i\u00e7in!\" \/>\n<meta name=\"robots\" content=\"index, follow, max-snippet:-1, max-image-preview:large, max-video-preview:-1\" \/>\n<link rel=\"canonical\" href=\"https:\/\/multihoster.org\/tr\/fileshark\/\" \/>\n<meta property=\"og:locale\" content=\"tr_TR\" \/>\n<meta property=\"og:type\" content=\"article\" \/>\n<meta property=\"og:title\" content=\"Fileshark Premium Hesap - Bir Bak\u0131\u015fta Filehoster\" \/>\n<meta property=\"og:description\" content=\"Fileshark sayg\u0131n bir sa\u011flay\u0131c\u0131 m\u0131 de\u011fil mi, cevab\u0131 Multihoster.org&#039;daki mevcut testte bulabilirsiniz \u279c \u015eimdi t\u0131klay\u0131n \u271a deneyimlerimizi okumak i\u00e7in!\" \/>\n<meta property=\"og:url\" content=\"https:\/\/multihoster.org\/tr\/fileshark\/\" \/>\n<meta property=\"og:site_name\" content=\"Multihoster.org\" \/>\n<meta property=\"article:modified_time\" content=\"2020-03-30T11:32:38+00:00\" \/>\n<meta property=\"og:image\" content=\"https:\/\/lh4.googleusercontent.com\/N5IM2C40_yjvv_zNuUXu_SxRfezN8Y3UuSImioDPIB7qgYp675Bu-9gKwYTRBFSYFMrhZaGjkGxm8jlfgHOY7Rq1gtoupayw2C0T3YGPzQlLEQd--oMxWZwfJxjT65ei4p-A8fA\" \/>\n<meta name=\"twitter:card\" content=\"summary\" \/>\n<meta name=\"twitter:label1\" content=\"Tahmini okuma s\u00fcresi\" \/>\n\t<meta name=\"twitter:data1\" content=\"7 dakika\" \/>\n<script type=\"application\/ld+json\" class=\"yoast-schema-graph\">{\"@context\":\"https:\/\/schema.org\",\"@graph\":[{\"@type\":\"WebSite\",\"@id\":\"https:\/\/multihoster.org\/#website\",\"url\":\"https:\/\/multihoster.org\/\",\"name\":\"Multihoster.org\",\"description\":\"Reviews of the major Filehosting services\",\"potentialAction\":[{\"@type\":\"SearchAction\",\"target\":{\"@type\":\"EntryPoint\",\"urlTemplate\":\"https:\/\/multihoster.org\/?s={search_term_string}\"},\"query-input\":\"required name=search_term_string\"}],\"inLanguage\":\"tr\"},{\"@type\":\"ImageObject\",\"@id\":\"https:\/\/multihoster.org\/tr\/fileshark\/#primaryimage\",\"inLanguage\":\"tr\",\"url\":\"https:\/\/lh4.googleusercontent.com\/N5IM2C40_yjvv_zNuUXu_SxRfezN8Y3UuSImioDPIB7qgYp675Bu-9gKwYTRBFSYFMrhZaGjkGxm8jlfgHOY7Rq1gtoupayw2C0T3YGPzQlLEQd--oMxWZwfJxjT65ei4p-A8fA\",\"contentUrl\":\"https:\/\/lh4.googleusercontent.com\/N5IM2C40_yjvv_zNuUXu_SxRfezN8Y3UuSImioDPIB7qgYp675Bu-9gKwYTRBFSYFMrhZaGjkGxm8jlfgHOY7Rq1gtoupayw2C0T3YGPzQlLEQd--oMxWZwfJxjT65ei4p-A8fA\"},{\"@type\":\"WebPage\",\"@id\":\"https:\/\/multihoster.org\/tr\/fileshark\/#webpage\",\"url\":\"https:\/\/multihoster.org\/tr\/fileshark\/\",\"name\":\"Fileshark Premium Hesap - Bir Bak\u0131\u015fta Filehoster\",\"isPartOf\":{\"@id\":\"https:\/\/multihoster.org\/#website\"},\"primaryImageOfPage\":{\"@id\":\"https:\/\/multihoster.org\/tr\/fileshark\/#primaryimage\"},\"datePublished\":\"2020-03-23T14:50:25+00:00\",\"dateModified\":\"2020-03-30T11:32:38+00:00\",\"description\":\"Fileshark sayg\u0131n bir sa\u011flay\u0131c\u0131 m\u0131 de\u011fil mi, cevab\u0131 Multihoster.org'daki mevcut testte bulabilirsiniz \u279c \u015eimdi t\u0131klay\u0131n \u271a deneyimlerimizi okumak i\u00e7in!\",\"breadcrumb\":{\"@id\":\"https:\/\/multihoster.org\/tr\/fileshark\/#breadcrumb\"},\"inLanguage\":\"tr\",\"potentialAction\":[{\"@type\":\"ReadAction\",\"target\":[\"https:\/\/multihoster.org\/tr\/fileshark\/\"]}]},{\"@type\":\"BreadcrumbList\",\"@id\":\"https:\/\/multihoster.org\/tr\/fileshark\/#breadcrumb\",\"itemListElement\":[{\"@type\":\"ListItem\",\"position\":1,\"name\":\"Startseite\",\"item\":\"https:\/\/multihoster.org\/tr\/\"},{\"@type\":\"ListItem\",\"position\":2,\"name\":\"Fileshark Premium Hesap: Bir Bak\u0131\u015fta Filehoster\"}]}]}<\/script>\n<!-- \/ Yoast SEO plugin. -->","yoast_head_json":{"title":"Fileshark Premium Hesap - Bir Bak\u0131\u015fta Filehoster","description":"Fileshark sayg\u0131n bir sa\u011flay\u0131c\u0131 m\u0131 de\u011fil mi, cevab\u0131 Multihoster.org'daki mevcut testte bulabilirsiniz \u279c \u015eimdi t\u0131klay\u0131n \u271a deneyimlerimizi okumak i\u00e7in!","robots":{"index":"index","follow":"follow","max-snippet":"max-snippet:-1","max-image-preview":"max-image-preview:large","max-video-preview":"max-video-preview:-1"},"canonical":"https:\/\/multihoster.org\/tr\/fileshark\/","og_locale":"tr_TR","og_type":"article","og_title":"Fileshark Premium Hesap - Bir Bak\u0131\u015fta Filehoster","og_description":"Fileshark sayg\u0131n bir sa\u011flay\u0131c\u0131 m\u0131 de\u011fil mi, cevab\u0131 Multihoster.org'daki mevcut testte bulabilirsiniz \u279c \u015eimdi t\u0131klay\u0131n \u271a deneyimlerimizi okumak i\u00e7in!","og_url":"https:\/\/multihoster.org\/tr\/fileshark\/","og_site_name":"Multihoster.org","article_modified_time":"2020-03-30T11:32:38+00:00","og_image":[{"url":"https:\/\/lh4.googleusercontent.com\/N5IM2C40_yjvv_zNuUXu_SxRfezN8Y3UuSImioDPIB7qgYp675Bu-9gKwYTRBFSYFMrhZaGjkGxm8jlfgHOY7Rq1gtoupayw2C0T3YGPzQlLEQd--oMxWZwfJxjT65ei4p-A8fA"}],"twitter_card":"summary","twitter_misc":{"Tahmini okuma s\u00fcresi":"7 dakika"},"schema":{"@context":"https:\/\/schema.org","@graph":[{"@type":"WebSite","@id":"https:\/\/multihoster.org\/#website","url":"https:\/\/multihoster.org\/","name":"Multihoster.org","description":"Reviews of the major Filehosting services","potentialAction":[{"@type":"SearchAction","target":{"@type":"EntryPoint","urlTemplate":"https:\/\/multihoster.org\/?s={search_term_string}"},"query-input":"required name=search_term_string"}],"inLanguage":"tr"},{"@type":"ImageObject","@id":"https:\/\/multihoster.org\/tr\/fileshark\/#primaryimage","inLanguage":"tr","url":"https:\/\/lh4.googleusercontent.com\/N5IM2C40_yjvv_zNuUXu_SxRfezN8Y3UuSImioDPIB7qgYp675Bu-9gKwYTRBFSYFMrhZaGjkGxm8jlfgHOY7Rq1gtoupayw2C0T3YGPzQlLEQd--oMxWZwfJxjT65ei4p-A8fA","contentUrl":"https:\/\/lh4.googleusercontent.com\/N5IM2C40_yjvv_zNuUXu_SxRfezN8Y3UuSImioDPIB7qgYp675Bu-9gKwYTRBFSYFMrhZaGjkGxm8jlfgHOY7Rq1gtoupayw2C0T3YGPzQlLEQd--oMxWZwfJxjT65ei4p-A8fA"},{"@type":"WebPage","@id":"https:\/\/multihoster.org\/tr\/fileshark\/#webpage","url":"https:\/\/multihoster.org\/tr\/fileshark\/","name":"Fileshark Premium Hesap - Bir Bak\u0131\u015fta Filehoster","isPartOf":{"@id":"https:\/\/multihoster.org\/#website"},"primaryImageOfPage":{"@id":"https:\/\/multihoster.org\/tr\/fileshark\/#primaryimage"},"datePublished":"2020-03-23T14:50:25+00:00","dateModified":"2020-03-30T11:32:38+00:00","description":"Fileshark sayg\u0131n bir sa\u011flay\u0131c\u0131 m\u0131 de\u011fil mi, cevab\u0131 Multihoster.org'daki mevcut testte bulabilirsiniz \u279c \u015eimdi t\u0131klay\u0131n \u271a deneyimlerimizi okumak i\u00e7in!","breadcrumb":{"@id":"https:\/\/multihoster.org\/tr\/fileshark\/#breadcrumb"},"inLanguage":"tr","potentialAction":[{"@type":"ReadAction","target":["https:\/\/multihoster.org\/tr\/fileshark\/"]}]},{"@type":"BreadcrumbList","@id":"https:\/\/multihoster.org\/tr\/fileshark\/#breadcrumb","itemListElement":[{"@type":"ListItem","position":1,"name":"Startseite","item":"https:\/\/multihoster.org\/tr\/"},{"@type":"ListItem","position":2,"name":"Fileshark Premium Hesap: Bir Bak\u0131\u015fta Filehoster"}]}]}},"_links":{"self":[{"href":"https:\/\/multihoster.org\/tr\/wp-json\/wp\/v2\/pages\/2631"}],"collection":[{"href":"https:\/\/multihoster.org\/tr\/wp-json\/wp\/v2\/pages"}],"about":[{"href":"https:\/\/multihoster.org\/tr\/wp-json\/wp\/v2\/types\/page"}],"author":[{"embeddable":true,"href":"https:\/\/multihoster.org\/tr\/wp-json\/wp\/v2\/users\/2"}],"replies":[{"embeddable":true,"href":"https:\/\/multihoster.org\/tr\/wp-json\/wp\/v2\/comments?post=2631"}],"version-history":[{"count":3,"href":"https:\/\/multihoster.org\/tr\/wp-json\/wp\/v2\/pages\/2631\/revisions"}],"predecessor-version":[{"id":2689,"href":"https:\/\/multihoster.org\/tr\/wp-json\/wp\/v2\/pages\/2631\/revisions\/2689"}],"wp:attachment":[{"href":"https:\/\/multihoster.org\/tr\/wp-json\/wp\/v2\/media?parent=2631"}],"curies":[{"name":"wp","href":"https:\/\/api.w.org\/{rel}","templated":true}]}}