{"id":2658,"date":"2020-03-24T10:34:56","date_gmt":"2020-03-24T10:34:56","guid":{"rendered":"https:\/\/multihoster.org\/?page_id=2658"},"modified":"2020-03-30T11:39:17","modified_gmt":"2020-03-30T11:39:17","slug":"filespace","status":"publish","type":"page","link":"https:\/\/multihoster.org\/tr\/filespace\/","title":{"rendered":"FileSpace Premium Hesap: Bir Bak\u0131\u015fta Filehoster"},"content":{"rendered":"\n<figure class=\"wp-block-image\"><img src=\"https:\/\/lh4.googleusercontent.com\/ZlNxd9tp6QAC8NYVn7sS81txC1GN292jtBZXWzo5HeZmw7cG-D62mGS9VIPg_g9wXTN3YgBUTKdFfpRXi1ks9dHqy8SQs1OU77XHIIGd4BKzqx0H0b5sP_VAu_TudblE8pKPbSA\" alt=\"FileSpace logo\"\/><\/figure>\n\n\n\n<p>FileSpace sitesi, d\u00fcnyan\u0131n en iyi dosya bar\u0131nd\u0131rma sa\u011flay\u0131c\u0131lar\u0131ndan biri olarak kabul edilir. Vincent ve Grenadinler \u00fclkesindeki Kingstown, Bayside Ltd, 112 Bonadie Caddesi&#8217;nde yer almaktad\u0131r.<\/p>\n\n\n\n<p>FileSpace, kullan\u0131c\u0131lar\u0131 veya m\u00fc\u015fterileri i\u00e7in yeterli depolama alan\u0131 kapasitesi sa\u011flamak \u00fczere sunucu say\u0131s\u0131n\u0131 art\u0131rd\u0131. Ayr\u0131ca, bir dosyan\u0131n veya dosyalar\u0131n y\u00fcklenmesini, payla\u015f\u0131lmas\u0131n\u0131 ve saklanmas\u0131n\u0131 kolayla\u015ft\u0131rmak i\u00e7in \u00e7evrimi\u00e7i depolama alan\u0131 sunar.<\/p>\n\n\n\n<p>Ayr\u0131ca, FileSpace sitesi kullan\u0131c\u0131lara farkl\u0131 dosyalar\u0131n\u0131 \u00e7evrimi\u00e7i y\u00fckleme, indirme, payla\u015fma ve depolama olana\u011f\u0131 sa\u011flar. FileSpace arac\u0131l\u0131\u011f\u0131yla, bir kullan\u0131c\u0131 dosyalar\u0131na her ihtiya\u00e7 duydu\u011funda ve nerede olursa olsun kolayca ve h\u0131zl\u0131 bir \u015fekilde eri\u015febilir ve y\u00f6netebilir: i\u015fte, okulda, evde, al\u0131\u015fveri\u015f merkezlerinde, restoranlarda veya hatta arabada. Ayr\u0131ca <a rel=\"noreferrer noopener\" aria-label=\"dosya aktar\u0131m Protokol\u00fc (opens in a new tab)\" href=\"https:\/\/www.webopedia.com\/TERM\/F\/ftp.html\" target=\"_blank\">dosya aktar\u0131m Protokol\u00fc<\/a> veya FTP y\u00fckleme, Web y\u00fckleme ve Uzaktan Y\u00fckleme ile y\u00fckleme \u00f6zelli\u011fini de destekler.<br><\/p>\n\n\n\n<p>Dosya Alan\u0131 sitesi farkl\u0131 dillerle desteklenir; bunlar \u0130ngilizce, Almanca, Endonezyaca, \u0130spanyolca, Tay dili, Frans\u0131zca, T\u00fcrk\u00e7e, Arap\u00e7a, Rus\u00e7a, Japonya, Leh\u00e7e, Felemenk\u00e7e ve \u0130branice&#8217;dir. Bir kullan\u0131c\u0131 anlad\u0131\u011f\u0131 \u015fekilde bu farkl\u0131 dillere ge\u00e7ebilir.<\/p>\n\n\n<a class=\"maxbutton-2 maxbutton maxbutton-cta\" target=\"_blank\" rel=\"nofollow noopener\" href=\"\/go\/\"><span class='mb-text'>&gt;&gt; Orijinal Linkifier Web Sitesine Git<\/span><\/a>\n\n\n<p><\/p>\n\n\n\n<h2>FileSpace \u00d6zelliklerinden \u0130ki tanesi<\/h2>\n\n\n\n<h3>FileSpace&#8217;in Ba\u011flant\u0131 Denetleyicisi \u00d6zelli\u011fi<\/h3>\n\n\n\n<p>FileSpace, FileSpace veritaban\u0131nda ve sunucusunda mevcutsa veya bulunmuyorsa, bir dosyan\u0131n veya dosyalar\u0131n Tekd\u00fczen Kaynak Konum Belirleyicisini veya URL Ba\u011flant\u0131s\u0131n\u0131 kontrol etmek olan Ba\u011flant\u0131 Denetleyicisi adl\u0131 bir \u00f6zelli\u011fe sahiptir.<\/p>\n\n\n\n<p>Bir dosyan\u0131n mevcut olup olmad\u0131\u011f\u0131n\u0131 kontrol etmek i\u00e7in, bir dosyan\u0131n URL ba\u011flant\u0131s\u0131n\u0131 Ba\u011flant\u0131 Denetleyicisi kutusuna koyun (l\u00fctfen a\u015fa\u011f\u0131daki resme bak\u0131n) ve g\u00f6ndermek i\u00e7in \u201cURL&#8217;leri Kontrol Et\u201d d\u00fc\u011fmesini t\u0131klay\u0131n. Daha sonra FileSpace sistemi sizin i\u00e7in otomatik olarak kontrol edecek sistem olacakt\u0131r.<br><\/p>\n\n\n\n<figure class=\"wp-block-image\"><img src=\"https:\/\/lh3.googleusercontent.com\/ct8ssgeQ3Tc9slZLlOKbro7K0knCMN1O8xlIF94jUoU6tVLnxtN1LdhRt7zSuYr0t2ojlR3V3Vhl_2uG9mxGjpziKHk6CzySYdQJPRNs-6mzsde67spjnW8C7LGrcRxT7-IPlnI\" alt=\"FileSpace Link Checker - URL field\"\/><\/figure>\n\n\n\n<h3>FileSpace&#8217;in Parola Kurtarma \u00d6zelli\u011fi<\/h3>\n\n\n\n<p>FileSpace kullan\u0131c\u0131s\u0131 bazen hesap parolas\u0131n\u0131 unutabilir, ancak endi\u015felenmesi gerekmez, \u00e7\u00fcnk\u00fc FileSpace, kullan\u0131c\u0131lar\u0131n\u0131n hesap parolas\u0131n\u0131 kurtarmak i\u00e7in Parola Kurtarma adl\u0131 bir \u00f6zelli\u011fe sahiptir.<\/p>\n\n\n\n<p>Kullan\u0131c\u0131n\u0131n Parola Kurtarma i\u00e7in ihtiya\u00e7 duydu\u011fu ayr\u0131nt\u0131lar nelerdir?<\/p>\n\n\n\n<ul><li>FileSpace kullan\u0131c\u0131s\u0131n\u0131n kullan\u0131c\u0131 ad\u0131 veya e-posta adresi. (Girilen e-posta adresinin, e-postay\u0131 FileSpace&#8217;den almak i\u00e7in ge\u00e7erli ve etkin bir adres oldu\u011fundan emin olun.)<\/li><li> Devam etmek i\u00e7in <a rel=\"noreferrer noopener\" aria-label=\"CAPTCHA (opens in a new tab)\" href=\"https:\/\/en.wikipedia.org\/wiki\/CAPTCHA\" target=\"_blank\">CAPTCHA<\/a>&#8216;n\u0131n do\u011fru olmas\u0131 gerekir.<\/li><\/ul>\n\n\n\n<p>Dosya Alan\u0131&#8217;n\u0131n kurtarma i\u00e7in yeni \u015fifreyi kullan\u0131c\u0131n\u0131n e-posta adresine g\u00f6ndermesi i\u00e7in \u015fifre kurtarma iste\u011fini g\u00f6ndermek \u00fczere \u201c\u015eifremi s\u0131f\u0131rla\u201d d\u00fc\u011fmesini t\u0131klamas\u0131 gerekir.<\/p>\n\n\n\n<p>Bir kullan\u0131c\u0131, FileSpace \u015fifre kurtarma mesaj\u0131 i\u00e7in e-posta klas\u00f6rlerini (Gelen Kutusu, Spam veya \u00d6nemsiz) kontrol etmelidir. Bir kullan\u0131c\u0131 FileSpace taraf\u0131ndan g\u00f6nderilen yeni \u015fifresini FileSpace sitesindeki Hesap ayarlar\u0131nda de\u011fi\u015ftirebilir.<\/p>\n\n\n\n<h2>FileSpace Hesaplar\u0131n\u0131n \u00d6zellikleri<\/h2>\n\n\n\n<p>FileSpace&#8217;in iki farkl\u0131 hesab\u0131 vard\u0131r. Bunlar FileSpace Normal Hesab\u0131 ve FileSpace Premium Hesab\u0131d\u0131r. FileSpace&#8217;in iki hesap t\u00fcr\u00fc aras\u0131ndaki fark\u0131 \u00f6\u011frenmek i\u00e7in a\u015fa\u011f\u0131daki tabloya bak\u0131n.<\/p>\n\n\n\n<figure class=\"wp-block-table\"><table class=\"\"><tbody><tr><td>FileSpace&#8217;in Farkl\u0131 \u00d6zellikleri<\/td><td>Farkl\u0131 FileSpace Hesab\u0131 T\u00fcrleri<\/td><\/tr><tr><td>Normal Hesap<\/td><td>Account Premium Hesap<\/td><\/tr><tr><td>Dosya indirme h\u0131z\u0131<\/td><td>Saniyede y\u00fcz kilobayt (100 KB \/ s)<\/td><td>s\u0131n\u0131rs\u0131z<\/td><\/tr><tr><td>\u0130ndirme i\u00e7in ba\u015flama zaman\u0131<\/td><td>\u0130ndirme i\u015flemi altm\u0131\u015f (60) saniye sonra ba\u015flayacakt\u0131r<\/td><td>\u0130ndirme hemen ba\u015flayacak<\/td><\/tr><tr><td>Ka\u00e7 dosya indirilebilir?<\/td><td>Bir kerede yaln\u0131zca bir dosya indirebilir<\/td><td>Ayn\u0131 anda birka\u00e7 dosya indirebilir<\/td><\/tr><tr><td>Bir dosya ne kadar s\u00fcre saklanabilir?<\/td><td>Dosyalar yaln\u0131zca son indirmeden sonra tam altm\u0131\u015f (60) g\u00fcn boyunca saklanabilir<\/td><td>s\u0131n\u0131rs\u0131z<\/td><\/tr><tr><td>Depolama i\u00e7in ne kadar alan var?<\/td><td>Elli gigabayt (50 GB) veya Elli bin megabayt (50000 MB)<\/td><td>Be\u015f y\u00fcz gigabayt (500 GB) veya Be\u015f y\u00fcz bin megabayt (500000 MB)<\/td><\/tr><tr><td>Bir kullan\u0131c\u0131 do\u011frudan bir dosya indirebilir mi?<\/td><td><strong>X<\/strong><\/td><td>\u2714&nbsp;<\/td><\/tr><tr><td>Kullan\u0131c\u0131 Dosya Aktar\u0131m Protokol\u00fc&#8217;n\u00fc veya FTP&#8217;yi kullanarak dosya y\u00fckleyebilir mi?<\/td><td><strong>X<\/strong><\/td><td>\u2714<\/td><\/tr><tr><td>Bir kullan\u0131c\u0131 uzaktan dosya y\u00fckleyebilir mi?<\/td><td><strong>X<\/strong><\/td><td>\u2714<\/td><\/tr><tr><td>Web&#8217;den y\u00fckleme<\/td><td>\u2714<\/td><td>\u2714<\/td><\/tr><tr><td>Reklam \u0130\u00e7eriyor<\/td><td>\u2714<\/td><td><strong>X<\/strong><\/td><\/tr><\/tbody><\/table><\/figure>\n\n\n\n<p><\/p>\n\n\n\n<h2>FileSpace Premium Hesap Paketleri<\/h2>\n\n\n\n<p>FileSpace, FileSpace Premium Hesab\u0131 i\u00e7in farkl\u0131 planlara sahiptir. Plan\u0131n fiyat\u0131 g\u00fcn say\u0131s\u0131na ba\u011fl\u0131d\u0131r. A\u015fa\u011f\u0131daki tabloya bak\u0131n.<\/p>\n\n\n\n<figure class=\"wp-block-table\"><table class=\"\"><tbody><tr><td><strong>FileSpace Premium Hesap Planlar\u0131<\/strong><\/td><\/tr><tr><td>Ka\u00e7 g\u00fcn?<\/td><td>Fiyat\u0131 ne kadar?<\/td><\/tr><tr><td>30 g\u00fcn<\/td><td>13.71 USD<\/td><\/tr><tr><td>90 g\u00fcn <\/td><td>34.92 USD<\/td><\/tr><tr><td>330 g\u00fcn <\/td><td>97.54 USD<\/td><\/tr><\/tbody><\/table><\/figure>\n\n\n<a class=\"maxbutton-2 maxbutton maxbutton-cta\" target=\"_blank\" rel=\"nofollow noopener\" href=\"\/go\/\"><span class='mb-text'>&gt;&gt; Orijinal Linkifier Web Sitesine Git<\/span><\/a>\n\n\n<p><\/p>\n\n\n\n<h2>FileSpace \u00d6deme Y\u00f6ntemleri<\/h2>\n\n\n\n<p>FileSpace \u00f6deme sistemi se\u00e7enekleri, kullan\u0131c\u0131lar\u0131n FileShare Premium Hesap Planlar\u0131n\u0131 \u00f6demede daha fazla se\u00e7ene\u011fe ve kolayl\u0131\u011fa sahip olmas\u0131 i\u00e7in y\u00fckseltildi. Bu y\u00fczden endi\u015felenmenize gerek yok \u00e7\u00fcnk\u00fc FileSpace&#8217;deki \u00f6deme \u00e7ok do\u011fru ve \u00e7ok g\u00fcvenilir.<\/p>\n\n\n\n<figure class=\"wp-block-table\"><table class=\"\"><tbody><tr><td><strong>FileSpace Premium Hesap Plan\u0131 nas\u0131l \u00f6denir?<\/strong><\/td><\/tr><tr><td>Kredi kartlar\u0131 (Visa ve MasterCard)<\/td><td>Web Money Transfer or WMZ<\/td><td>Sofort Banking<\/td><\/tr><tr><td>PayPal<\/td><td>QIWI wallet and Digital wallets<\/td><td>PaySafeCard<\/td><\/tr><tr><td>Bitcoin, Ripple, Litecoin, and Ethereum<\/td><td>AdvCash<\/td><td>CashU<\/td><\/tr><tr><td>Skrill<\/td><td>TrustPay (Internet Banking)<\/td><td>AliPay<\/td><\/tr><tr><td>Taobao.com<\/td><td>Interkassa<\/td><td>Resmi Dosya Alan\u0131 Sat\u0131c\u0131lar\u0131<\/td><\/tr><\/tbody><\/table><\/figure>\n\n\n\n<p>FileSpace Premium Hesap Anahtar\u0131 i\u00e7in, FileSpace g\u00fcvenilir olan bir\u00e7ok sat\u0131c\u0131ya sahiptir. Bir kullan\u0131c\u0131 FileSpace Premium Hesap Anahtarlar\u0131n\u0131 satt\u0131\u011f\u0131 i\u00e7in FileSpace sat\u0131c\u0131lar\u0131ndan sat\u0131n alabilir.<\/p>\n\n\n\n<p>Bir kullan\u0131c\u0131n\u0131n \u00f6deme ve FileSpace Premium planlar\u0131 veya hizmetleriyle ilgili ba\u015fka sorular\u0131 varsa, cs@filespace.com adresinden e-posta adresine bir mesaj g\u00f6ndererek FileSpace m\u00fc\u015fteri hizmetlerine ba\u015fvurabilir.<\/p>\n\n\n\n<h2>FileSpace Ortakl\u0131k Program\u0131: FileSpace \u00fcyelerinden biri olun!<\/h2>\n\n\n\n<p>FileSpace, kullan\u0131c\u0131lar\u0131na veya \u00fcyelerine siteyi kullanarak kazanma f\u0131rsat\u0131 veren \u201cOrtakl\u0131k Program\u0131\u201d adl\u0131 bir program olu\u015fturdu.<\/p>\n\n\n\n<p>A\u015fa\u011f\u0131da, bir kullan\u0131c\u0131n\u0131n veya FileSpace \u00fcyesinin \u00dcyesinin Ba\u011fl\u0131 Kurulu\u015f Program\u0131na kat\u0131ld\u0131\u011f\u0131nda elde edebilece\u011fi a\u015fa\u011f\u0131daki avantajlar bulunmaktad\u0131r:<\/p>\n\n\n\n<p>&nbsp;&nbsp;\u2022 Dosya Alan\u0131 kullan\u0131c\u0131s\u0131, Sat\u0131\u015f Ba\u015f\u0131na \u00d6deme veya PPS k\u00e2r modunu kullanarak Dosya Alan\u0131 Premium sat\u0131\u015flar\u0131n\u0131n y\u00fczde altm\u0131\u015f\u0131na (% 60) kadar kazanabilir.<\/p>\n\n\n\n<p>&nbsp;&nbsp;\u2022 Dosya Alan\u0131n\u0131n bir kullan\u0131c\u0131s\u0131, her bin (1000) indirme say\u0131s\u0131 i\u00e7in otuz sekiz dolar (38 $) art\u0131 kar\u0131\u015f\u0131k kar modunda Dosya Alan\u0131 sat\u0131\u015flar\u0131n\u0131n y\u00fczde yirmi (% 20) kazanabilir.<\/p>\n\n\n\n<p>&nbsp;&nbsp;\u2022 Dosya Alan\u0131, Dosya Alan\u0131 web sitesinin sahiplerinin kazanmas\u0131 i\u00e7in y\u00fczde yirmi (% 20) ve tavsiye kazan\u00e7lar\u0131 i\u00e7in y\u00fczde be\u015f (% 5) verir. Y\u00f6nlendirme kazan\u00e7lar\u0131 i\u00e7in, FileSpace \u00fcyesinin ba\u011flant\u0131lar\u0131n\u0131 kullanarak FileSpace&#8217;e ba\u015far\u0131l\u0131 bir \u015fekilde kaydolup kat\u0131lan t\u00fcm ki\u015filerin otomatik olarak \u00fcyenin y\u00f6nlendirmelerine eklenece\u011fi anlam\u0131na gelir.<\/p>\n\n\n\n<p>&nbsp;&nbsp;\u2022 \u0130statistikler \u00e7ok ayr\u0131nt\u0131l\u0131d\u0131r ve ayr\u0131ca Dosya Aktar\u0131m Protokol\u00fc veya FTP&#8217;ye ve Uzaktan URL y\u00fcklemesine eri\u015fimi vard\u0131r.<\/p>\n\n\n\n<p>&nbsp;&nbsp;\u2022 Bunun i\u00e7in Dosya Alan\u0131 \u00f6demeleri iki (2) i\u015f g\u00fcn\u00fc i\u00e7inde tamamlan\u0131r. Dosya Alan\u0131n\u0131n minimum \u00f6deme tutar\u0131 on dolar (10 $) kadar d\u00fc\u015f\u00fckt\u00fcr. Kullan\u0131c\u0131lar\u0131na veya m\u00fc\u015fterilerine WebMoney, Bitcoin veya Ethereum veya di\u011fer dijital para birimleri, PayPal, AdvCash ve di\u011ferleri arac\u0131l\u0131\u011f\u0131yla \u00f6deme yap\u0131yorlar (L\u00fctfen yukar\u0131daki \u00f6deme se\u00e7eneklerine bak\u0131n).<br><\/p>\n\n\n\n<p>FileSpace sitesinin kullan\u0131c\u0131s\u0131, Kat\u0131l\u0131mc\u0131 Program\u0131nda kendi kar modunu se\u00e7me \u00f6zg\u00fcrl\u00fc\u011f\u00fcne sahiptir. L\u00fctfen a\u015fa\u011f\u0131daki kar modlar\u0131na bak\u0131n.<\/p>\n\n\n\n<h3>FileSpace&#8217;in \u0130ki (2) Kar Modu<\/h3>\n\n\n\n<p>1. Sat\u0131\u015f Ba\u015f\u0131na \u00d6deme veya PPS &#8211; Bu modu kullanarak, bir kullan\u0131c\u0131 her bir FileSpace kullan\u0131c\u0131s\u0131n\u0131n veya \u00fcyesinin ilk sat\u0131\u015f\u0131n\u0131n y\u00fczde altm\u0131\u015f\u0131na (% 60) ve di\u011fer sat\u0131\u015flar ve faturalar i\u00e7in y\u00fczde elli (% 50) kazanabilir.<\/p>\n\n\n\n<p>2. \u0130ndirme Ba\u015f\u0131na \u00d6deme veya PPD + Sat\u0131\u015f Ba\u015f\u0131na \u00d6deme veya PPS&#8217;den olu\u015fan kar\u0131\u015f\u0131k &#8211; Bu modu kullanarak, kullan\u0131c\u0131 her bin (1000) indirme say\u0131s\u0131 i\u00e7in yirmi dolar (20 $) ve t\u00fcm\u00fc i\u00e7in y\u00fczde yirmi (% 20) kazanabilir. sat\u0131\u015f ve faturalar\u0131.<\/p>\n\n\n\n<h3>Dosya Alan\u0131n\u0131n Ba\u011fl\u0131 Kurulu\u015f Program\u0131na kat\u0131lmay\u0131 nas\u0131l isteyebilirim?<\/h3>\n\n\n\n<p>Bir kullan\u0131c\u0131n\u0131n Dosya Alan\u0131n\u0131n Ba\u011fl\u0131 Kurulu\u015f Program\u0131na kat\u0131lma talebinde bulunmas\u0131 i\u00e7in, e-posta yoluyla veya FileSpace sitesinin ileti\u015fim sayfas\u0131 arac\u0131l\u0131\u011f\u0131yla bir mesaj olu\u015fturmas\u0131 gerekir.<\/p>\n\n\n\n<p>Bir kullan\u0131c\u0131n\u0131n kendi web sitesinin <a rel=\"noreferrer noopener\" aria-label=\"D\u00fczg\u00fcn Kaynak Bulucu (opens in a new tab)\" href=\"https:\/\/en.wikipedia.org\/wiki\/URL\" target=\"_blank\">D\u00fczg\u00fcn Kaynak Bulucu<\/a> veya URL ba\u011flant\u0131s\u0131n\u0131 veya URL ba\u011flant\u0131lar\u0131n\u0131 forumlar\u0131ndaki, bloglardaki, sosyal medyadaki ve di\u011fer sitelerdeki di\u011fer web sitelerindeki yay\u0131nlar\u0131ndan kopyalamas\u0131 gerekir. Ba\u011flant\u0131y\u0131 ileti i\u00e7eri\u011fine yap\u0131\u015ft\u0131rmal\u0131 ve FileSpace e-postas\u0131na g\u00f6ndermeli veya Dosya Alan\u0131 sitesini kullan\u0131yorsan\u0131z, iste\u011fi g\u00f6ndermek i\u00e7in \u201cG\u00f6nder\u201d d\u00fc\u011fmesine t\u0131klaman\u0131z yeterlidir.<\/p>\n\n\n\n<p>Kullan\u0131c\u0131 ayr\u0131ca dosyalar\u0131n depolanmas\u0131 i\u00e7in ne kadar alan gerekti\u011fini de ekleyebilir. Ayr\u0131ca iletinin i\u00e7eri\u011finde \u00f6nemli ayr\u0131nt\u0131lar da sa\u011flayabilir. Bir kullan\u0131c\u0131 da ki\u015fisini ekleyebilir.<\/p>\n\n\n\n<p>FileSpace&#8217;in ba\u011fl\u0131 y\u00f6neticisi, kullan\u0131c\u0131lar\u0131n isteklerine veya mesajlar\u0131na yaln\u0131zca k\u0131rk sekiz saat (48 saat) i\u00e7inde yan\u0131t vermekle sorumlu olacakt\u0131r.<\/p>\n\n\n\n<h2>Herhangi bir sorunuz veya endi\u015feniz var m\u0131?<\/h2>\n\n\n\n<p>Bir kullan\u0131c\u0131n\u0131n FileSpace sitesi, premium planlar, \u00f6demeler, sat\u0131\u015f orta\u011f\u0131 program\u0131, \u00f6zellikler ve hizmetler hakk\u0131nda herhangi bir sorusu veya endi\u015fesi olursa, cs@filespace.com adresindeki e-posta adresinden FileSpace ile ileti\u015fime ge\u00e7mekten veya FileSpace sitesindeki ileti\u015fim formundan (http:\/\/www.filespace.com) veya 855-218-6668 numaral\u0131 telefon numaras\u0131ndan, ancak bir ileti g\u00f6ndermeden \u00f6nce Hizmet \u015eartlar\u0131 ve Politikas\u0131n\u0131 okumak i\u00e7in biraz zaman ay\u0131r\u0131n. Dosya Alan\u0131.<\/p>\n\n\n\n<p>Dosya Alan\u0131, kullan\u0131c\u0131lar\u0131n sorular\u0131na ve endi\u015felerine yan\u0131t vermekten \u00e7ok sorumludur. Her zaman iki (2) i\u015f g\u00fcn\u00fc i\u00e7inde yan\u0131t g\u00f6ndermelerini bekleyin.<\/p>\n\n\n<a class=\"maxbutton-2 maxbutton maxbutton-cta\" target=\"_blank\" rel=\"nofollow noopener\" href=\"\/go\/\"><span class='mb-text'>&gt;&gt; Orijinal Linkifier Web Sitesine Git<\/span><\/a>\n\n\n<p><br><\/p>\n","protected":false},"excerpt":{"rendered":"<p>FileSpace sitesi, d\u00fcnyan\u0131n en iyi dosya bar\u0131nd\u0131rma sa\u011flay\u0131c\u0131lar\u0131ndan biri olarak kabul edilir. Vincent ve Grenadinler \u00fclkesindeki Kingstown, Bayside Ltd, 112<\/p>\n","protected":false},"author":2,"featured_media":0,"parent":0,"menu_order":0,"comment_status":"closed","ping_status":"closed","template":"","meta":[],"yoast_head":"<!-- This site is optimized with the Yoast SEO plugin v18.3 - https:\/\/yoast.com\/wordpress\/plugins\/seo\/ -->\n<title>FileSpace Premium Hesap - Bir Bak\u0131\u015fta Filehoster<\/title>\n<meta name=\"description\" content=\"FileSpace sayg\u0131n bir sa\u011flay\u0131c\u0131 m\u0131 de\u011fil mi, cevab\u0131 Multihoster.org&#039;daki mevcut testte bulabilirsiniz \u279c \u015eimdi t\u0131klay\u0131n \u271a deneyimlerimizi okumak i\u00e7in!\" \/>\n<meta name=\"robots\" content=\"index, follow, max-snippet:-1, max-image-preview:large, max-video-preview:-1\" \/>\n<link rel=\"canonical\" href=\"https:\/\/multihoster.org\/tr\/filespace\/\" \/>\n<meta property=\"og:locale\" content=\"tr_TR\" \/>\n<meta property=\"og:type\" content=\"article\" \/>\n<meta property=\"og:title\" content=\"FileSpace Premium Hesap - Bir Bak\u0131\u015fta Filehoster\" \/>\n<meta property=\"og:description\" content=\"FileSpace sayg\u0131n bir sa\u011flay\u0131c\u0131 m\u0131 de\u011fil mi, cevab\u0131 Multihoster.org&#039;daki mevcut testte bulabilirsiniz \u279c \u015eimdi t\u0131klay\u0131n \u271a deneyimlerimizi okumak i\u00e7in!\" \/>\n<meta property=\"og:url\" content=\"https:\/\/multihoster.org\/tr\/filespace\/\" \/>\n<meta property=\"og:site_name\" content=\"Multihoster.org\" \/>\n<meta property=\"article:modified_time\" content=\"2020-03-30T11:39:17+00:00\" \/>\n<meta property=\"og:image\" content=\"https:\/\/lh4.googleusercontent.com\/ZlNxd9tp6QAC8NYVn7sS81txC1GN292jtBZXWzo5HeZmw7cG-D62mGS9VIPg_g9wXTN3YgBUTKdFfpRXi1ks9dHqy8SQs1OU77XHIIGd4BKzqx0H0b5sP_VAu_TudblE8pKPbSA\" \/>\n<meta name=\"twitter:card\" content=\"summary\" \/>\n<meta name=\"twitter:label1\" content=\"Tahmini okuma s\u00fcresi\" \/>\n\t<meta name=\"twitter:data1\" content=\"8 dakika\" \/>\n<script type=\"application\/ld+json\" class=\"yoast-schema-graph\">{\"@context\":\"https:\/\/schema.org\",\"@graph\":[{\"@type\":\"WebSite\",\"@id\":\"https:\/\/multihoster.org\/#website\",\"url\":\"https:\/\/multihoster.org\/\",\"name\":\"Multihoster.org\",\"description\":\"Reviews of the major Filehosting services\",\"potentialAction\":[{\"@type\":\"SearchAction\",\"target\":{\"@type\":\"EntryPoint\",\"urlTemplate\":\"https:\/\/multihoster.org\/?s={search_term_string}\"},\"query-input\":\"required name=search_term_string\"}],\"inLanguage\":\"tr\"},{\"@type\":\"ImageObject\",\"@id\":\"https:\/\/multihoster.org\/tr\/filespace\/#primaryimage\",\"inLanguage\":\"tr\",\"url\":\"https:\/\/lh4.googleusercontent.com\/ZlNxd9tp6QAC8NYVn7sS81txC1GN292jtBZXWzo5HeZmw7cG-D62mGS9VIPg_g9wXTN3YgBUTKdFfpRXi1ks9dHqy8SQs1OU77XHIIGd4BKzqx0H0b5sP_VAu_TudblE8pKPbSA\",\"contentUrl\":\"https:\/\/lh4.googleusercontent.com\/ZlNxd9tp6QAC8NYVn7sS81txC1GN292jtBZXWzo5HeZmw7cG-D62mGS9VIPg_g9wXTN3YgBUTKdFfpRXi1ks9dHqy8SQs1OU77XHIIGd4BKzqx0H0b5sP_VAu_TudblE8pKPbSA\"},{\"@type\":\"WebPage\",\"@id\":\"https:\/\/multihoster.org\/tr\/filespace\/#webpage\",\"url\":\"https:\/\/multihoster.org\/tr\/filespace\/\",\"name\":\"FileSpace Premium Hesap - Bir Bak\u0131\u015fta Filehoster\",\"isPartOf\":{\"@id\":\"https:\/\/multihoster.org\/#website\"},\"primaryImageOfPage\":{\"@id\":\"https:\/\/multihoster.org\/tr\/filespace\/#primaryimage\"},\"datePublished\":\"2020-03-24T10:34:56+00:00\",\"dateModified\":\"2020-03-30T11:39:17+00:00\",\"description\":\"FileSpace sayg\u0131n bir sa\u011flay\u0131c\u0131 m\u0131 de\u011fil mi, cevab\u0131 Multihoster.org'daki mevcut testte bulabilirsiniz \u279c \u015eimdi t\u0131klay\u0131n \u271a deneyimlerimizi okumak i\u00e7in!\",\"breadcrumb\":{\"@id\":\"https:\/\/multihoster.org\/tr\/filespace\/#breadcrumb\"},\"inLanguage\":\"tr\",\"potentialAction\":[{\"@type\":\"ReadAction\",\"target\":[\"https:\/\/multihoster.org\/tr\/filespace\/\"]}]},{\"@type\":\"BreadcrumbList\",\"@id\":\"https:\/\/multihoster.org\/tr\/filespace\/#breadcrumb\",\"itemListElement\":[{\"@type\":\"ListItem\",\"position\":1,\"name\":\"Startseite\",\"item\":\"https:\/\/multihoster.org\/tr\/\"},{\"@type\":\"ListItem\",\"position\":2,\"name\":\"FileSpace Premium Hesap: Bir Bak\u0131\u015fta Filehoster\"}]}]}<\/script>\n<!-- \/ Yoast SEO plugin. -->","yoast_head_json":{"title":"FileSpace Premium Hesap - Bir Bak\u0131\u015fta Filehoster","description":"FileSpace sayg\u0131n bir sa\u011flay\u0131c\u0131 m\u0131 de\u011fil mi, cevab\u0131 Multihoster.org'daki mevcut testte bulabilirsiniz \u279c \u015eimdi t\u0131klay\u0131n \u271a deneyimlerimizi okumak i\u00e7in!","robots":{"index":"index","follow":"follow","max-snippet":"max-snippet:-1","max-image-preview":"max-image-preview:large","max-video-preview":"max-video-preview:-1"},"canonical":"https:\/\/multihoster.org\/tr\/filespace\/","og_locale":"tr_TR","og_type":"article","og_title":"FileSpace Premium Hesap - Bir Bak\u0131\u015fta Filehoster","og_description":"FileSpace sayg\u0131n bir sa\u011flay\u0131c\u0131 m\u0131 de\u011fil mi, cevab\u0131 Multihoster.org'daki mevcut testte bulabilirsiniz \u279c \u015eimdi t\u0131klay\u0131n \u271a deneyimlerimizi okumak i\u00e7in!","og_url":"https:\/\/multihoster.org\/tr\/filespace\/","og_site_name":"Multihoster.org","article_modified_time":"2020-03-30T11:39:17+00:00","og_image":[{"url":"https:\/\/lh4.googleusercontent.com\/ZlNxd9tp6QAC8NYVn7sS81txC1GN292jtBZXWzo5HeZmw7cG-D62mGS9VIPg_g9wXTN3YgBUTKdFfpRXi1ks9dHqy8SQs1OU77XHIIGd4BKzqx0H0b5sP_VAu_TudblE8pKPbSA"}],"twitter_card":"summary","twitter_misc":{"Tahmini okuma s\u00fcresi":"8 dakika"},"schema":{"@context":"https:\/\/schema.org","@graph":[{"@type":"WebSite","@id":"https:\/\/multihoster.org\/#website","url":"https:\/\/multihoster.org\/","name":"Multihoster.org","description":"Reviews of the major Filehosting services","potentialAction":[{"@type":"SearchAction","target":{"@type":"EntryPoint","urlTemplate":"https:\/\/multihoster.org\/?s={search_term_string}"},"query-input":"required name=search_term_string"}],"inLanguage":"tr"},{"@type":"ImageObject","@id":"https:\/\/multihoster.org\/tr\/filespace\/#primaryimage","inLanguage":"tr","url":"https:\/\/lh4.googleusercontent.com\/ZlNxd9tp6QAC8NYVn7sS81txC1GN292jtBZXWzo5HeZmw7cG-D62mGS9VIPg_g9wXTN3YgBUTKdFfpRXi1ks9dHqy8SQs1OU77XHIIGd4BKzqx0H0b5sP_VAu_TudblE8pKPbSA","contentUrl":"https:\/\/lh4.googleusercontent.com\/ZlNxd9tp6QAC8NYVn7sS81txC1GN292jtBZXWzo5HeZmw7cG-D62mGS9VIPg_g9wXTN3YgBUTKdFfpRXi1ks9dHqy8SQs1OU77XHIIGd4BKzqx0H0b5sP_VAu_TudblE8pKPbSA"},{"@type":"WebPage","@id":"https:\/\/multihoster.org\/tr\/filespace\/#webpage","url":"https:\/\/multihoster.org\/tr\/filespace\/","name":"FileSpace Premium Hesap - Bir Bak\u0131\u015fta Filehoster","isPartOf":{"@id":"https:\/\/multihoster.org\/#website"},"primaryImageOfPage":{"@id":"https:\/\/multihoster.org\/tr\/filespace\/#primaryimage"},"datePublished":"2020-03-24T10:34:56+00:00","dateModified":"2020-03-30T11:39:17+00:00","description":"FileSpace sayg\u0131n bir sa\u011flay\u0131c\u0131 m\u0131 de\u011fil mi, cevab\u0131 Multihoster.org'daki mevcut testte bulabilirsiniz \u279c \u015eimdi t\u0131klay\u0131n \u271a deneyimlerimizi okumak i\u00e7in!","breadcrumb":{"@id":"https:\/\/multihoster.org\/tr\/filespace\/#breadcrumb"},"inLanguage":"tr","potentialAction":[{"@type":"ReadAction","target":["https:\/\/multihoster.org\/tr\/filespace\/"]}]},{"@type":"BreadcrumbList","@id":"https:\/\/multihoster.org\/tr\/filespace\/#breadcrumb","itemListElement":[{"@type":"ListItem","position":1,"name":"Startseite","item":"https:\/\/multihoster.org\/tr\/"},{"@type":"ListItem","position":2,"name":"FileSpace Premium Hesap: Bir Bak\u0131\u015fta Filehoster"}]}]}},"_links":{"self":[{"href":"https:\/\/multihoster.org\/tr\/wp-json\/wp\/v2\/pages\/2658"}],"collection":[{"href":"https:\/\/multihoster.org\/tr\/wp-json\/wp\/v2\/pages"}],"about":[{"href":"https:\/\/multihoster.org\/tr\/wp-json\/wp\/v2\/types\/page"}],"author":[{"embeddable":true,"href":"https:\/\/multihoster.org\/tr\/wp-json\/wp\/v2\/users\/2"}],"replies":[{"embeddable":true,"href":"https:\/\/multihoster.org\/tr\/wp-json\/wp\/v2\/comments?post=2658"}],"version-history":[{"count":2,"href":"https:\/\/multihoster.org\/tr\/wp-json\/wp\/v2\/pages\/2658\/revisions"}],"predecessor-version":[{"id":2686,"href":"https:\/\/multihoster.org\/tr\/wp-json\/wp\/v2\/pages\/2658\/revisions\/2686"}],"wp:attachment":[{"href":"https:\/\/multihoster.org\/tr\/wp-json\/wp\/v2\/media?parent=2658"}],"curies":[{"name":"wp","href":"https:\/\/api.w.org\/{rel}","templated":true}]}}