{"id":2829,"date":"2020-03-30T14:04:07","date_gmt":"2020-03-30T14:04:07","guid":{"rendered":"https:\/\/multihoster.org\/?page_id=2829"},"modified":"2020-03-31T15:48:18","modified_gmt":"2020-03-31T15:48:18","slug":"4shared","status":"publish","type":"page","link":"https:\/\/multihoster.org\/tr\/4shared\/","title":{"rendered":"4shared Premium Hesap: Bir Bak\u0131\u015fta Filehoster"},"content":{"rendered":"\n<figure class=\"wp-block-image size-large\"><img loading=\"lazy\" width=\"350\" height=\"91\" src=\"https:\/\/multihoster.org\/wp-content\/uploads\/2020\/03\/4shared.png\" alt=\"4shared logo\" class=\"wp-image-3099\" srcset=\"https:\/\/multihoster.org\/wp-content\/uploads\/2020\/03\/4shared.png 350w, https:\/\/multihoster.org\/wp-content\/uploads\/2020\/03\/4shared-300x78.png 300w\" sizes=\"(max-width: 350px) 100vw, 350px\" \/><\/figure>\n\n\n<a class=\"maxbutton-2 maxbutton maxbutton-cta\" target=\"_blank\" rel=\"nofollow noopener\" href=\"\/go\/\"><span class='mb-text'>&gt;&gt; Orijinal Linkifier Web Sitesine Git<\/span><\/a>\n\n\n<p><\/p>\n\n\n\n<h2>The 4shared<\/h2>\n\n\n\n<p>4shared, d\u00fcnya \u00e7ap\u0131nda en g\u00fcvenli ve g\u00fcvenilir dosya bar\u0131nd\u0131rma ve dosya aktarma sitelerinden biridir. 4shared&#8217;de kullan\u0131c\u0131lar\u0131n payla\u015ft\u0131\u011f\u0131 on (10) milyondan fazla dosya var.<\/p>\n\n\n\n<p>4shared, 2005 y\u0131l\u0131nda Ukrayna, Kiev&#8217;de yarat\u0131ld\u0131 ve piyasaya s\u00fcr\u00fcld\u00fc ve \u015fimdiye kadar bir\u00e7ok insan i\u00e7in hala \u00e7ok yararl\u0131. Bir dosyay\u0131 veya dosyalar\u0131 di\u011fer kullan\u0131c\u0131lara veya di\u011fer cihazlara kaydetme, y\u00fckleme, indirme ve payla\u015fma i\u015flevlerine sahiptir. \u0130nsanlar\u0131n ihtiya\u00e7 duyduklar\u0131 herhangi bir ama\u00e7 i\u00e7in bu siteyi kullanarak internette herhangi bir yerde dosyalar\u0131n\u0131 kolayca kaydetmelerine, y\u00fcklemelerine ve a\u00e7malar\u0131na yard\u0131mc\u0131 olur.<\/p>\n\n\n\n<p>4shared kullan\u0131c\u0131 aray\u00fcz\u00fc \u00e7ok basit ve \u00e7ok kullan\u0131c\u0131 dostudur, bu da bir\u00e7ok kullan\u0131c\u0131n\u0131n \u00f6zelliklerini ve \u00f6zelliklerini anlamas\u0131n\u0131 kolayla\u015ft\u0131r\u0131r.<\/p>\n\n\n\n<p>Bir kullan\u0131c\u0131 kendi 4shared hesab\u0131nda m\u00fczik veya \u015fark\u0131lar i\u00e7in k\u00fct\u00fcphanesini olu\u015fturabilir. Burada g\u00fczel olan \u015fey 4shared&#8217;in m\u00fczik ak\u0131\u015f\u0131n\u0131 desteklemesi. Bir kullan\u0131c\u0131, cep telefonunun (Android ve iOS) veya masa\u00fcst\u00fc cihazlar\u0131n\u0131n web taray\u0131c\u0131lar\u0131 arac\u0131l\u0131\u011f\u0131yla m\u00fczik dinleyebilir.<\/p>\n\n\n\n<p>4shared, kullan\u0131c\u0131lar\u0131n 4shared \u00f6zellikleri ve hizmetleri ile ilgili baz\u0131 sorular\u0131n\u0131n cevaplar\u0131n\u0131 bulabilecekleri bir yard\u0131m merkezine sahiptir. Ayr\u0131ca, m\u00fc\u015fterilerin veya kullan\u0131c\u0131lar\u0131n siteleri veya \u00fcr\u00fcnleri hakk\u0131ndaki endi\u015felerine yard\u0131mc\u0131 olmak i\u00e7in teknik deste\u011fe de sahiptirler.<\/p>\n\n\n\n<p>4shared&#8217;in iki t\u00fcr hesab\u0131 vard\u0131r &#8211; 4shared \u00fccretsiz hesab\u0131 ve 4shared Premium hesab\u0131.<\/p>\n\n\n\n<p>Bir hesaba sahip olmak kolayd\u0131r. Bir kullan\u0131c\u0131 Twitter, Facebook veya Google&#8217;daki sosyal medya hesab\u0131n\u0131 veya kullan\u0131c\u0131n\u0131n sahip oldu\u011fu herhangi bir e-posta adresini kullanarak kaydolabilir. Hesab\u0131 olu\u015fturduktan sonra, bir kullan\u0131c\u0131 4shared mesaj\u0131ndaki ba\u011flant\u0131y\u0131 t\u0131klayarak Inbox veya Spam klas\u00f6r\u00fcndeki e-postas\u0131nda do\u011frulamal\u0131d\u0131r. Ard\u0131ndan, 4shared, hesab\u0131 do\u011frulan\u0131rsa kullan\u0131c\u0131y\u0131 bilgilendirir.<\/p>\n\n\n\n<p>4shared&#8217;in bir kullan\u0131c\u0131s\u0131 a\u015fa\u011f\u0131daki avantajlardan yararlanabilir:<\/p>\n\n\n\n<p>1. Bir kullan\u0131c\u0131 kendi profilini \u00f6zelle\u015ftirerek 4shared&#8217;de yapabilir. Bir kullan\u0131c\u0131n\u0131n hesap ayarlar\u0131na tasar\u0131m ve di\u011ferlerini ekleyebilir veya de\u011fi\u015ftirebilir.<\/p>\n\n\n\n<p>2. Bir kullan\u0131c\u0131, \u00f6zel mesajla\u015fma yoluyla veya herkese a\u00e7\u0131k yay\u0131nlara yorum g\u00f6ndererek di\u011fer kullan\u0131c\u0131larla ileti\u015fim kurabilir.<\/p>\n\n\n\n<p>3. Bir kullan\u0131c\u0131 4shared&#8217;in web sitesinde m\u00fczik veya herhangi bir medya dosyas\u0131n\u0131 g\u00f6r\u00fcnt\u00fcleyebilir ve aktarabilir.<\/p>\n\n\n\n<p>4. Bir kullan\u0131c\u0131, hesab\u0131na eri\u015fmek ve daha sonra y\u00f6netmek i\u00e7in 4shared mobil uygulamas\u0131n\u0131 kullanabilir.<\/p>\n\n\n\n<p>Kullan\u0131c\u0131lar ayr\u0131ca 4shared sitesinin dilini a\u015fa\u011f\u0131daki desteklenen dillere \u00e7evirebilir.<\/p>\n\n\n\n<h3>4shared sitesindeki diller:<\/h3>\n\n\n\n<ul><li>\u0130ngilizce,<\/li><li> Deutsch,<\/li><li> \u0130talyan,<\/li><li> Frans\u0131zca,<\/li><li> Leh\u00e7e,<\/li><li> T\u00fcrk,<\/li><li> Endonezyaca veya Malayca,<\/li><li> Portekizce,<\/li><li> Tay,<\/li><li> Arap\u00e7a,<\/li><li> Mandarin veya \u00c7ince,<\/li><li> Vietnam,<\/li><li> Japonca,<\/li><li> ve Korece.<\/li><\/ul>\n\n\n\n<h2>The 4shared Blog<\/h2>\n\n\n\n<p>4shared, yeni \u00f6zellikler veya 4shared&#8217;in kendisiyle ilgili di\u011fer g\u00fcncellemeler hakk\u0131nda farkl\u0131 makaleler i\u00e7eren blog sitesine sahip oldu\u011fu i\u00e7in herhangi bir kullan\u0131c\u0131 makalelerini burada yay\u0131nlayabilir. Makaleler farkl\u0131 kullan\u0131c\u0131lar taraf\u0131ndan yaz\u0131l\u0131r ve farkl\u0131 kullan\u0131c\u0131lar belirli bir makale hakk\u0131nda yorum yapabilir ve ayr\u0131ca makalenin ba\u011flant\u0131s\u0131n\u0131 Twitter veya Facebook gibi sosyal medya arac\u0131l\u0131\u011f\u0131yla da payla\u015fabilirler.<\/p>\n\n\n\n<p>4shared blogunda, kullan\u0131c\u0131lar\u0131n 4shared&#8217;i kullanan kullan\u0131c\u0131lar\u0131n say\u0131s\u0131n\u0131, bir kullan\u0131c\u0131n\u0131n her g\u00fcn ziyaret say\u0131s\u0131n\u0131, 4shared sitesinde bar\u0131nd\u0131r\u0131lan dosyalar\u0131n boyutunu ve dosyalar\u0131n boyutunu g\u00f6rebilece\u011fi istatistiklerini g\u00f6r\u00fcnt\u00fcler. her g\u00fcn transfer ediliyor.<\/p>\n\n\n\n<p>Kullan\u0131c\u0131lar ayr\u0131ca 4shared blog sitesinin dilini \u0130ngilizce, Endonezyaca, Portekizce, Tayca, Arap\u00e7a ve Korece&#8217;ye \u00e7evirebilir.<\/p>\n\n\n\n<h2>The 4shared Premium Hesap<\/h2>\n\n\n\n<p>4shared Premium Hesab\u0131 4shared \u00fccretsiz hesab\u0131ndan daha fazla \u00f6zelli\u011fe sahiptir. Bir kullan\u0131c\u0131, payla\u015f\u0131m ve indirme s\u0131ras\u0131nda sitenin sayfas\u0131nda reklam istemiyorsa, kullan\u0131c\u0131 dosyalar\u0131 ve hesab\u0131 i\u00e7in geli\u015fmi\u015f bir g\u00fcvenlik isterse, kullan\u0131c\u0131 b\u00fcy\u00fck miktarda depolama alan\u0131 istiyorsa ve kullan\u0131c\u0131 \u00e7ok h\u0131zl\u0131 bir yol istiyorsa y\u00fckleme ve indirme i\u015flemlerinde 4shared Premium Hesab\u0131n\u0131 almal\u0131d\u0131r.<\/p>\n\n\n\n<figure class = \"wp-block-table\"> <table class = \"\"> <tbody> <tr> <td> 4shared Premium <\/td> <td> 4shared \u00dccretsiz <\/td> <\/tr> <tr> <td> <li> \u00d6demeniz gerekiyor <br> <li> Reklam yok <br> <li> Depolama i\u00e7in y\u00fcz gigabayt (100 GB) <br> <li> Y\u00fckleme i\u00e7in y\u00fcz gigabayt (100 GB) <br > <li> Teknik Deste\u011fi Var <br> <li> \u0130ndirme i\u00e7in <a href=\"https:\/\/www.yourdictionary.com\/accelerator\"> h\u0131zland\u0131r\u0131c\u0131 <\/a> var <br> <li> \u0130ndirme i\u015flemine devam edebilir < br> <li> Bir dosya i\u00e7in do\u011frudan indirme ba\u011flant\u0131s\u0131 var <br> <li> Ayr\u0131nt\u0131l\u0131 istatistiklere sahip <br> <li> Arama i\u00e7in bir i\u015flevi var <br> <li> Dosyay\u0131 geri y\u00fckleyebilir <br> <li> Can dosya yedekleme yap <br> <li> Dosyalar\u0131 ve makaleleri sosyal medya a\u011flar\u0131na veya e-postalara payla\u015fma <br> <li> QR kodlar\u0131n\u0131n kullan\u0131m\u0131 <br> <li> Klas\u00f6rleri kilitlemek i\u00e7in bir \u015fifre belirleyin <br> <li> M\u00fczik veya di\u011fer medya dosyalar\u0131n\u0131 aktarabilir <br> <li> Foto\u011fraf g\u00f6r\u00fcnt\u00fcleyicisi var <br> <li> Vir\u00fcsten koruma ile dosyalar\u0131 kontrol etme <br> <li> 4shared&#8217;in mobil ve masa\u00fcst\u00fc uygulamas\u0131 \u00fczerinden eri\u015febilir <br> <li> Kullan\u0131c\u0131 bir dosya hakk\u0131nda yorum yapabilir <\/td><td> <li> \u00d6demeye gerek yok <br> <li> Reklamlar\u0131 var <br> <li> On be\u015f gigabayt (15 GB) depolama i\u00e7in <br> <li> Y\u00fckleme i\u00e7in 2048 MB <br> <li> Teknik Deste\u011fi Var <br> <li> \u0130ndirme i\u00e7in h\u0131zland\u0131r\u0131c\u0131 yok <br> <li> \u0130ndirme i\u015flemine devam edilemiyor <br> <li> Hay\u0131r bir dosya i\u00e7in do\u011frudan indirme ba\u011flant\u0131s\u0131 <br> <li> Detayl\u0131 istatistik yok <br> <li> Arama i\u015flevi var <br> <li> Dosyay\u0131 geri y\u00fckleyebilir <br> <li> Dosya yedeklenemiyor < br> <li> Dosyalar\u0131 ve makaleleri sosyal medya a\u011flar\u0131na veya e-postalara payla\u015fma <br> <li> QR kodlar\u0131n\u0131n kullan\u0131m\u0131 <br> <li> Klas\u00f6rleri kilitlemek i\u00e7in bir parola belirleyin <br> <li> M\u00fczik veya di\u011fer ortamlar\u0131 aktarabilir files <br> <li> Foto\u011fraf g\u00f6r\u00fcnt\u00fcleyicisi var <br> <li> Anti-vir\u00fcs ile dosyalar\u0131 kontrol etme <br> <li> 4shared&#8217;in mobil ve masa\u00fcst\u00fc uygulamas\u0131 \u00fczerinden eri\u015febilir <br> <li> Bir kullan\u0131c\u0131 bir dosyaya yorum yapma <br> <li> Dosya y\u00f6netimi <br> <li> \u00c7ok say\u0131da dosya y\u00fckleyebilir <\/td> <\/tr> <\/tbody> <\/table> <\/figure>\n\n\n\n<h3>The 4shared Premium Hesap Planlar\u0131<\/h3>\n\n\n\n<figure class=\"wp-block-table\"><table class=\"\"><tbody><tr><td>4shared Premium Hesap Planlar\u0131 <\/td><\/tr><tr><td># Ay Say\u0131s\u0131:<\/td><td>1<\/td><td>3<\/td><td>6<\/td><td>12<\/td><\/tr><tr><td>Ayl\u0131k \u00f6denecek tutar:<\/td><td>$ 9.95<\/td><td>$ 7.98<\/td><td>$ 7.16<\/td><td>$ 6.50<\/td><\/tr><\/tbody><\/table><\/figure>\n\n\n\n<p>Yukar\u0131daki 4shared Premium Hesap Planlar\u0131, 4shared&#8217;in resmi sat\u0131c\u0131lar\u0131na veya do\u011frudan 4shared sitesine \u00f6denmelidir. Bir kullan\u0131c\u0131, bir plan sat\u0131n al\u0131rken 4shared&#8217;den bir indirim kuponu uygulad\u0131\u011f\u0131nda indirim alabilir. Ayr\u0131ca, bir kullan\u0131c\u0131n\u0131n Premium plan \u00f6demesi hakk\u0131nda sorular\u0131 varsa, 4shared ile e-posta adresi arac\u0131l\u0131\u011f\u0131yla ileti\u015fim kurabilir.<\/p>\n\n\n\n<p>4shared&#8217;in resmi sat\u0131c\u0131lar\u0131 a\u015fa\u011f\u0131da listelenmi\u015ftir:<\/p>\n\n\n\n<ul><li>24instant.com<\/li><li> BigShareShop<\/li><li> Fast-Premium.com<\/li><li> Premium.Us &#8211; Bu, \u00f6demenizi h\u0131zl\u0131 bir \u015fekilde g\u00f6nderebilen Paypal \u00f6demesini kabul eder.<\/li><li> PremiumInstant &#8211; Bu, Paypal \u00f6demesini kabul eder<\/li><\/ul>\n\n\n<a class=\"maxbutton-2 maxbutton maxbutton-cta\" target=\"_blank\" rel=\"nofollow noopener\" href=\"\/go\/\"><span class='mb-text'>&gt;&gt; Orijinal Linkifier Web Sitesine Git<\/span><\/a>\n\n\n<p><\/p>\n\n\n\n<p>4shared, yukar\u0131da ad\u0131 ge\u00e7en sat\u0131c\u0131lar\u0131 \u00f6nerir ve kullan\u0131c\u0131lara, listede bulunmayan di\u011fer sat\u0131c\u0131lardan veya sat\u0131c\u0131lardan \u00fcr\u00fcn sat\u0131n almamalar\u0131n\u0131 \u00f6nerir.<\/p>\n\n\n\n<h2>Dosyalar\u0131n\u0131zla ne yapmal\u0131?<\/h2>\n\n\n\n<p>4shared sitesindeki dosyalar boyutlara, dosya t\u00fcrlerine, tarih saatine veya ada g\u00f6re s\u0131ralan\u0131r.<\/p>\n\n\n\n<p>Dosyalar boyutlar\u0131na g\u00f6re s\u0131ralan\u0131r:<\/p>\n\n\n\n<ul><li>1 MB&#8217;tan k\u00fc\u00e7\u00fck dosyalar<\/li><li> K\u00fc\u00e7\u00fck dosyalar &#8211; bu 1 MB ile 10 MB aras\u0131nda<\/li><li> Orta boy dosyalar &#8211; bu 10 MB ile 100 MB aras\u0131ndad\u0131r<\/li><li> B\u00fcy\u00fck dosyalar &#8211; bu 100 MB ila 1000 MB veya 1 GB aras\u0131ndad\u0131r<\/li><li> 1 GB&#8217;tan b\u00fcy\u00fck dosyalar<\/li><\/ul>\n\n\n\n<p>Dosyalar, dosya t\u00fcr\u00fcne g\u00f6re s\u0131ralan\u0131r:<\/p>\n\n\n\n<ul><li>rar<\/li><li>zip<\/li><li>7-zip or 7z<\/li><li>cso<\/li><li>Iso<\/li><li>img<\/li><li>Tar<\/li><li>gz<\/li><li>paket<\/li><\/ul>\n\n\n\n<p>Dosyalar, y\u00fcklendikleri tarihe g\u00f6re s\u0131ralan\u0131r:<\/p>\n\n\n\n<ul><li>En yeniden en eskiye<\/li><li> En eskiden en yeniye<\/li><\/ul>\n\n\n\n<p>Dosyalar ad\u0131na g\u00f6re s\u0131ralan\u0131r:<\/p>\n\n\n\n<ul><li>A&#8217;dan Z&#8217;ye isim<\/li><li> Z&#8217;den A&#8217;ya isim<\/li><\/ul>\n\n\n\n<h3>1. Y\u00fckle<\/h3>\n\n\n\n<p>Bir kullan\u0131c\u0131 bir dosyay\u0131 y\u00fckledikten sonra 4shared, y\u00fckleyicinin ad\u0131n\u0131 (kullan\u0131c\u0131), alb\u00fcm\u00fcn veya klas\u00f6r\u00fcn ad\u0131n\u0131, dosyan\u0131n kapak foto\u011fraf\u0131n\u0131, dosyan\u0131n y\u00fcklendi\u011fi tarihi, dosya ad\u0131n\u0131, dosya boyutunu, dosyay\u0131 g\u00f6r\u00fcnt\u00fcler bit h\u0131z\u0131, dosya uzant\u0131s\u0131 ve dosya etiketleri.<\/p>\n\n\n\n<figure class=\"wp-block-image\"><img src=\"https:\/\/lh6.googleusercontent.com\/a_ax3EiHjZa6eEKmxT6O7lglKqEKGdW21vC6NVRSGLpKBnOEJWBC_vtMK96YVkE2vpD1ueIgg0BOoJQZFNBN68cy9M_qNCf76Eb_xQHuMPGnPjeSmJRe1an-NvAH9EqrWMzo0jE\" alt=\"Plus button when adding files to a 4shared account\"\/><\/figure>\n\n\n\n<figure class=\"wp-block-image\"><img src=\"https:\/\/lh5.googleusercontent.com\/brDHiN-SpQWpYp1widxU6wBUEG-qcQhsGBj-ps_vlVwm-rMtMXTH95_jz279RxopjPnp1n_VUugzpFbo_L8FC0XxKlIiwc24MJECa7oci6RS8TeIk6MGnZy9_CiBFtM8uBTaZJQ\" alt=\"Button when adding files to a 4shared account\"\/><\/figure>\n\n\n\n<p>Bir kullan\u0131c\u0131 dosyalar\u0131 4shared&#8217;de kendi hesab\u0131na da ekleyebilir. Dosyan\u0131n art\u0131 d\u00fc\u011fmesini veya &#8220;Hesab\u0131ma ekle&#8221; d\u00fc\u011fmesini t\u0131klamas\u0131 yeterlidir.<\/p>\n\n\n\n<p>Kullan\u0131c\u0131lar bir sonraki di\u011fer dosyalar\u0131 y\u00fcklemek i\u00e7in \u201cDaha fazla y\u00fckle\u201d d\u00fc\u011fmesini veya bir sonraki sayfan\u0131n dosyalar\u0131n\u0131 y\u00fcklemek i\u00e7in \u201cSonraki\u201d d\u00fc\u011fmesini t\u0131klayabilirler.<\/p>\n\n\n\n<p>4shared&#8217;e y\u00fcklenebilecek dosya t\u00fcrleri \u015funlard\u0131r:<\/p>\n\n\n\n<ul><li>M\u00fczik veya Ses<\/li><li> Videolar<\/li><li> Uygulamalar ve Oyunlar<\/li><li> Kitaplar veya E-kitaplar<\/li><li> Ar\u015fiv veya S\u0131k\u0131\u015ft\u0131r\u0131lm\u0131\u015f<\/li><\/ul>\n\n\n\n<h3>2. \u0130ndir<\/h3>\n\n\n\n<figure class=\"wp-block-image\"><img src=\"https:\/\/lh5.googleusercontent.com\/oyBfDjUy1_xgoLHfPGM-edYkEWqQlu03KFB1SH9vVC91cfAYGclV0Af174-2Blc-ATmvn6XAngZvy5M2bwJGMfU_i9wQd02AkMPRS1-PpZlQq0QxgDa3-cL7CGG1XvbJtjyAdzI\" alt=\"Download button of 4shared\"\/><\/figure>\n\n\n\n<p>Bir dosyay\u0131 payla\u015fmak i\u00e7in, kullan\u0131c\u0131lar indirme ba\u011flant\u0131s\u0131ndaki veya Dosya <a rel=\"noreferrer noopener\" aria-label=\"QR kodunu (opens in a new tab)\" href=\"https:\/\/whatis.techtarget.com\/definition\/QR-code-quick-response-code\" target=\"_blank\">QR kodunu<\/a> kullanarak veya belirli bir dosyan\u0131n sayfas\u0131ndaki &#8220;\u0130ndir&#8221; d\u00fc\u011fmesini t\u0131klamal\u0131d\u0131r.<\/p>\n\n\n\n<h3>3. Payla\u015f<\/h3>\n\n\n\n<figure class=\"wp-block-image\"><img src=\"https:\/\/lh3.googleusercontent.com\/wd9_yQb7-lEsBKiVYZ2VlyLGY7NTz42OEEdaQ2p7rzOVxbCZLXw9MuHqqPecrmLmhv11hswTqVqeZumt6le9zFLqrpPx5nXFghhGyAHfZddYoNlqQ-97k4k0r5lVrnJacPcuCgo\" alt=\"Share button of 4shared\"\/><\/figure>\n\n\n\n<p>Bir dosyay\u0131 payla\u015fmak i\u00e7in, kullan\u0131c\u0131lar ba\u011flant\u0131daki veya Dosya QR kodunu kullanarak veya belirli bir dosyan\u0131n sayfas\u0131ndaki \u201cPayla\u015f\u201d d\u00fc\u011fmesini t\u0131klamal\u0131d\u0131r.<\/p>\n\n\n\n<p>Ayr\u0131ca, kullan\u0131c\u0131 yaln\u0131zca herhangi bir cihaz\u0131n web taray\u0131c\u0131s\u0131n\u0131 kullanarak dosyan\u0131n ba\u011flant\u0131s\u0131n\u0131 kopyalay\u0131p yap\u0131\u015ft\u0131rabilir.<\/p>\n\n\n\n<p>4shared&#8217;nin izin verdi\u011fi dosya uzant\u0131lar\u0131 \u015funlard\u0131r:<\/p>\n\n\n\n<figure class=\"wp-block-table\"><table class=\"\"><tbody><tr><td>Evraklar<\/td><td>Ses M\u00fczi\u011fi<\/td><td>Videolar<\/td><td>Foto\u011fraflar<\/td><td>Ar\u015fiv<\/td><\/tr><tr><td>.txt.doc.rtf.pdf.xls<\/td><td>.wav.mp3.ogg.mid<\/td><td>.avi.mpeg.mpg<br><\/td><td>.jpg.png.gif.bmp<\/td><td>.rar.zip.jar<\/td><\/tr><\/tbody><\/table><\/figure>\n\n\n\n<p>Bir kullan\u0131c\u0131 4shared taraf\u0131ndan desteklenen herhangi bir dosyay\u0131 y\u00fckleyebilir ve payla\u015fabilir, ancak <a rel=\"noreferrer noopener\" aria-label=\"pornografi (opens in a new tab)\" href=\"https:\/\/www.merriam-webster.com\/dictionary\/pornography\" target=\"_blank\">pornografi<\/a>, yasad\u0131\u015f\u0131 veya telif hakk\u0131 \u015feyleri veya 4shared Kullan\u0131m \u015eartlar\u0131&#8217;n\u0131 kabul etmeyen herhangi bir dosyay\u0131 y\u00fckleyemez ve payla\u015fmamal\u0131d\u0131r.<\/p>\n\n\n\n<h2>The 4shared Uygulamalar<\/h2>\n\n\n\n<h3>A. Cep Telefonlar\u0131 i\u00e7in Uygulama<\/h3>\n\n\n\n<p>Bir kullan\u0131c\u0131 4shared uygulamas\u0131n\u0131 Android, iOS App Store, Windows Phone Store&#8217;daki Google Play cep telefonlar\u0131ndan indirebilir.<\/p>\n\n\n\n<h3>B. Masa\u00fcst\u00fc i\u00e7in Uygulama<\/h3>\n\n\n\n<p>Bir kullan\u0131c\u0131 4shared uygulamas\u0131n\u0131, 4shared sitesi taraf\u0131ndan \u00e7al\u0131\u015fan mac OS ve Windows i\u00e7in bilgisayar masa\u00fcst\u00fc veya diz\u00fcst\u00fc bilgisayar\u0131ndan indirebilir.<\/p>\n\n\n<a class=\"maxbutton-2 maxbutton maxbutton-cta\" target=\"_blank\" rel=\"nofollow noopener\" href=\"\/go\/\"><span class='mb-text'>&gt;&gt; Orijinal Linkifier Web Sitesine Git<\/span><\/a>\n\n\n<p><br><\/p>\n","protected":false},"excerpt":{"rendered":"<p>The 4shared 4shared, d\u00fcnya \u00e7ap\u0131nda en g\u00fcvenli ve g\u00fcvenilir dosya bar\u0131nd\u0131rma ve dosya aktarma sitelerinden biridir. 4shared&#8217;de kullan\u0131c\u0131lar\u0131n payla\u015ft\u0131\u011f\u0131 on<\/p>\n","protected":false},"author":2,"featured_media":0,"parent":0,"menu_order":0,"comment_status":"closed","ping_status":"closed","template":"","meta":[],"yoast_head":"<!-- This site is optimized with the Yoast SEO plugin v18.3 - https:\/\/yoast.com\/wordpress\/plugins\/seo\/ -->\n<title>4shared Premium Hesap: Bir Bak\u0131\u015fta Filehoster<\/title>\n<meta name=\"description\" content=\"4shared sayg\u0131n bir sa\u011flay\u0131c\u0131 veya de\u011fil, mevcut testte cevap Multihoster.org \u279c \u015eimdi t\u0131klay\u0131n \u271a deneyimlerimizi okumak i\u00e7in!\" \/>\n<meta name=\"robots\" content=\"index, follow, max-snippet:-1, max-image-preview:large, max-video-preview:-1\" \/>\n<link rel=\"canonical\" href=\"https:\/\/multihoster.org\/tr\/4shared\/\" \/>\n<meta property=\"og:locale\" content=\"tr_TR\" \/>\n<meta property=\"og:type\" content=\"article\" \/>\n<meta property=\"og:title\" content=\"4shared Premium Hesap: Bir Bak\u0131\u015fta Filehoster\" \/>\n<meta property=\"og:description\" content=\"4shared sayg\u0131n bir sa\u011flay\u0131c\u0131 veya de\u011fil, mevcut testte cevap Multihoster.org \u279c \u015eimdi t\u0131klay\u0131n \u271a deneyimlerimizi okumak i\u00e7in!\" \/>\n<meta property=\"og:url\" content=\"https:\/\/multihoster.org\/tr\/4shared\/\" \/>\n<meta property=\"og:site_name\" content=\"Multihoster.org\" \/>\n<meta property=\"article:modified_time\" content=\"2020-03-31T15:48:18+00:00\" \/>\n<meta property=\"og:image\" content=\"https:\/\/multihoster.org\/wp-content\/uploads\/2020\/03\/4shared.png\" \/>\n<meta name=\"twitter:card\" content=\"summary\" \/>\n<meta name=\"twitter:label1\" content=\"Tahmini okuma s\u00fcresi\" \/>\n\t<meta name=\"twitter:data1\" content=\"8 dakika\" \/>\n<script type=\"application\/ld+json\" class=\"yoast-schema-graph\">{\"@context\":\"https:\/\/schema.org\",\"@graph\":[{\"@type\":\"WebSite\",\"@id\":\"https:\/\/multihoster.org\/#website\",\"url\":\"https:\/\/multihoster.org\/\",\"name\":\"Multihoster.org\",\"description\":\"Reviews of the major Filehosting services\",\"potentialAction\":[{\"@type\":\"SearchAction\",\"target\":{\"@type\":\"EntryPoint\",\"urlTemplate\":\"https:\/\/multihoster.org\/?s={search_term_string}\"},\"query-input\":\"required name=search_term_string\"}],\"inLanguage\":\"tr\"},{\"@type\":\"ImageObject\",\"@id\":\"https:\/\/multihoster.org\/tr\/4shared\/#primaryimage\",\"inLanguage\":\"tr\",\"url\":\"https:\/\/multihoster.org\/wp-content\/uploads\/2020\/03\/4shared.png\",\"contentUrl\":\"https:\/\/multihoster.org\/wp-content\/uploads\/2020\/03\/4shared.png\",\"width\":350,\"height\":91,\"caption\":\"4shared logo\"},{\"@type\":\"WebPage\",\"@id\":\"https:\/\/multihoster.org\/tr\/4shared\/#webpage\",\"url\":\"https:\/\/multihoster.org\/tr\/4shared\/\",\"name\":\"4shared Premium Hesap: Bir Bak\u0131\u015fta Filehoster\",\"isPartOf\":{\"@id\":\"https:\/\/multihoster.org\/#website\"},\"primaryImageOfPage\":{\"@id\":\"https:\/\/multihoster.org\/tr\/4shared\/#primaryimage\"},\"datePublished\":\"2020-03-30T14:04:07+00:00\",\"dateModified\":\"2020-03-31T15:48:18+00:00\",\"description\":\"4shared sayg\u0131n bir sa\u011flay\u0131c\u0131 veya de\u011fil, mevcut testte cevap Multihoster.org \u279c \u015eimdi t\u0131klay\u0131n \u271a deneyimlerimizi okumak i\u00e7in!\",\"breadcrumb\":{\"@id\":\"https:\/\/multihoster.org\/tr\/4shared\/#breadcrumb\"},\"inLanguage\":\"tr\",\"potentialAction\":[{\"@type\":\"ReadAction\",\"target\":[\"https:\/\/multihoster.org\/tr\/4shared\/\"]}]},{\"@type\":\"BreadcrumbList\",\"@id\":\"https:\/\/multihoster.org\/tr\/4shared\/#breadcrumb\",\"itemListElement\":[{\"@type\":\"ListItem\",\"position\":1,\"name\":\"Startseite\",\"item\":\"https:\/\/multihoster.org\/tr\/\"},{\"@type\":\"ListItem\",\"position\":2,\"name\":\"4shared Premium Hesap: Bir Bak\u0131\u015fta Filehoster\"}]}]}<\/script>\n<!-- \/ Yoast SEO plugin. -->","yoast_head_json":{"title":"4shared Premium Hesap: Bir Bak\u0131\u015fta Filehoster","description":"4shared sayg\u0131n bir sa\u011flay\u0131c\u0131 veya de\u011fil, mevcut testte cevap Multihoster.org \u279c \u015eimdi t\u0131klay\u0131n \u271a deneyimlerimizi okumak i\u00e7in!","robots":{"index":"index","follow":"follow","max-snippet":"max-snippet:-1","max-image-preview":"max-image-preview:large","max-video-preview":"max-video-preview:-1"},"canonical":"https:\/\/multihoster.org\/tr\/4shared\/","og_locale":"tr_TR","og_type":"article","og_title":"4shared Premium Hesap: Bir Bak\u0131\u015fta Filehoster","og_description":"4shared sayg\u0131n bir sa\u011flay\u0131c\u0131 veya de\u011fil, mevcut testte cevap Multihoster.org \u279c \u015eimdi t\u0131klay\u0131n \u271a deneyimlerimizi okumak i\u00e7in!","og_url":"https:\/\/multihoster.org\/tr\/4shared\/","og_site_name":"Multihoster.org","article_modified_time":"2020-03-31T15:48:18+00:00","og_image":[{"url":"https:\/\/multihoster.org\/wp-content\/uploads\/2020\/03\/4shared.png"}],"twitter_card":"summary","twitter_misc":{"Tahmini okuma s\u00fcresi":"8 dakika"},"schema":{"@context":"https:\/\/schema.org","@graph":[{"@type":"WebSite","@id":"https:\/\/multihoster.org\/#website","url":"https:\/\/multihoster.org\/","name":"Multihoster.org","description":"Reviews of the major Filehosting services","potentialAction":[{"@type":"SearchAction","target":{"@type":"EntryPoint","urlTemplate":"https:\/\/multihoster.org\/?s={search_term_string}"},"query-input":"required name=search_term_string"}],"inLanguage":"tr"},{"@type":"ImageObject","@id":"https:\/\/multihoster.org\/tr\/4shared\/#primaryimage","inLanguage":"tr","url":"https:\/\/multihoster.org\/wp-content\/uploads\/2020\/03\/4shared.png","contentUrl":"https:\/\/multihoster.org\/wp-content\/uploads\/2020\/03\/4shared.png","width":350,"height":91,"caption":"4shared logo"},{"@type":"WebPage","@id":"https:\/\/multihoster.org\/tr\/4shared\/#webpage","url":"https:\/\/multihoster.org\/tr\/4shared\/","name":"4shared Premium Hesap: Bir Bak\u0131\u015fta Filehoster","isPartOf":{"@id":"https:\/\/multihoster.org\/#website"},"primaryImageOfPage":{"@id":"https:\/\/multihoster.org\/tr\/4shared\/#primaryimage"},"datePublished":"2020-03-30T14:04:07+00:00","dateModified":"2020-03-31T15:48:18+00:00","description":"4shared sayg\u0131n bir sa\u011flay\u0131c\u0131 veya de\u011fil, mevcut testte cevap Multihoster.org \u279c \u015eimdi t\u0131klay\u0131n \u271a deneyimlerimizi okumak i\u00e7in!","breadcrumb":{"@id":"https:\/\/multihoster.org\/tr\/4shared\/#breadcrumb"},"inLanguage":"tr","potentialAction":[{"@type":"ReadAction","target":["https:\/\/multihoster.org\/tr\/4shared\/"]}]},{"@type":"BreadcrumbList","@id":"https:\/\/multihoster.org\/tr\/4shared\/#breadcrumb","itemListElement":[{"@type":"ListItem","position":1,"name":"Startseite","item":"https:\/\/multihoster.org\/tr\/"},{"@type":"ListItem","position":2,"name":"4shared Premium Hesap: Bir Bak\u0131\u015fta Filehoster"}]}]}},"_links":{"self":[{"href":"https:\/\/multihoster.org\/tr\/wp-json\/wp\/v2\/pages\/2829"}],"collection":[{"href":"https:\/\/multihoster.org\/tr\/wp-json\/wp\/v2\/pages"}],"about":[{"href":"https:\/\/multihoster.org\/tr\/wp-json\/wp\/v2\/types\/page"}],"author":[{"embeddable":true,"href":"https:\/\/multihoster.org\/tr\/wp-json\/wp\/v2\/users\/2"}],"replies":[{"embeddable":true,"href":"https:\/\/multihoster.org\/tr\/wp-json\/wp\/v2\/comments?post=2829"}],"version-history":[{"count":3,"href":"https:\/\/multihoster.org\/tr\/wp-json\/wp\/v2\/pages\/2829\/revisions"}],"predecessor-version":[{"id":3107,"href":"https:\/\/multihoster.org\/tr\/wp-json\/wp\/v2\/pages\/2829\/revisions\/3107"}],"wp:attachment":[{"href":"https:\/\/multihoster.org\/tr\/wp-json\/wp\/v2\/media?parent=2829"}],"curies":[{"name":"wp","href":"https:\/\/api.w.org\/{rel}","templated":true}]}}