{"id":2927,"date":"2020-03-30T13:33:12","date_gmt":"2020-03-30T13:33:12","guid":{"rendered":"https:\/\/multihoster.org\/?page_id=2927"},"modified":"2020-05-29T13:09:37","modified_gmt":"2020-05-29T13:09:37","slug":"streamcloud","status":"publish","type":"page","link":"https:\/\/multihoster.org\/tr\/streamcloud\/","title":{"rendered":"StreamCloud Premium Hesap: Bir Bak\u0131\u015fta Filehoster"},"content":{"rendered":"<a class=\"maxbutton-2 maxbutton maxbutton-cta\" target=\"_blank\" rel=\"nofollow noopener\" href=\"\/go\/\"><span class='mb-text'>&gt;&gt; Orijinal Linkifier Web Sitesine Git<\/span><\/a>\n\n\n<p>Streamcloud Premium <a rel=\"noreferrer noopener\" aria-label=\"\u00e7evrimi\u00e7i web depolama (opens in a new tab)\" href=\"https:\/\/cloud.google.com\/storage\" target=\"_blank\">\u00e7evrimi\u00e7i web depolama<\/a> (bulut depolama) ve web&#8217;de video ak\u0131\u015f\u0131n\u0131 bir araya getiren devrimdir. T\u00fcm dosyalar\u0131n\u0131z\u0131 \u015fifreli bir sunucuda tutarken, platformu kullanarak da video ak\u0131\u015f\u0131 yapabilirsiniz. A\u015fa\u011f\u0131daki incelemeden daha fazlas\u0131n\u0131 okuyarak daha fazla bilgi edinin.<\/p>\n\n\n\n<h2>Streamcloud Premium platformu hakk\u0131nda<\/h2>\n\n\n\n<p>Streamcloud Premium platformu, New Ventures Services, Corp taraf\u0131ndan 4 Ekim 2012 tarihinde geli\u015ftirilen bir web sitesidir. \u015eu anda faaliyetlerinde yedi (7) y\u0131l ve d\u00f6rt (4) ayd\u0131r ve kurucular\u0131 taraf\u0131ndan s\u00fcrd\u00fcr\u00fclmektedir. \u00c7e\u015fitli web sitelerinden yap\u0131lan tahminler, web sitesi 8,95 dolar de\u011ferinde ve 0,15 dolar kazand\u0131\u011f\u0131nda me\u015fruiyetini kan\u0131tlad\u0131. \u0130yi parametreleriyle g\u00fcvenli oldu\u011fu i\u015faretlendi<\/p>\n\n\n\n<figure class=\"wp-block-image\"><img src=\"https:\/\/lh4.googleusercontent.com\/xcxpv9Ok39mZs2azSQyAMZjRiJmA_UPp2NkcIGgn7jTknebXHbBFvyI5GpychS6EqvN1AwTPLUvFkGzWwaxFzbX_4LcrW3vqqHLE04zHgp4L49tAp32tiZ8kelyfa6cjvEWkctM\" alt=\"Streamcloud descriptive image\"\/><\/figure>\n\n\n\n<p><br>Streamcloud, ek \u00f6zelliklere sahip en iyi dosya bar\u0131nd\u0131rma platformunuzdur<\/p>\n\n\n\n<p>Streamcloud Premium platformunu me\u015fru k\u0131lan \u015feyin ne oldu\u011funu art\u0131k bildi\u011finize g\u00f6re, sonraki konuyu okuyarak Streamcloud Premium&#8217;un sizin ve dosyalar\u0131n\u0131z i\u00e7in neler yapabilece\u011fi hakk\u0131nda daha fazla bilgi edinin.<\/p>\n\n\n\n<h2>Streamcloud Premium Platformunun \u00d6zellikleri<\/h2>\n\n\n\n<p>Streamcloud Premium platformu temel olarak bir \u00e7evrimi\u00e7i web depolama (bulut depolama) ve web \u00fczerinde birle\u015ftirilmi\u015f video ak\u0131\u015f\u0131d\u0131r. T\u00fcm dosyalar\u0131n\u0131z\u0131 \u015fifreli bir <a rel=\"noreferrer noopener\" aria-label=\"sunucuda tutabilir (opens in a new tab)\" href=\"https:\/\/computersciencewiki.org\/index.php\/Client-side_scripting_and_server-side_scripting\" target=\"_blank\">sunucuda tutabilir<\/a>, ayr\u0131ca platformu kullanarak video ak\u0131\u015f\u0131 da yapabilirsiniz. Network Solutions, LLC, web sitesinin vaat edilen hizmetlerini sorunsuz bir \u015fekilde sunabilmesi i\u00e7in farkl\u0131 dillerin (HTML, CSS, Javascript, Python, C #, C + ve C ++ gibi) kombinasyonlar\u0131n\u0131 kullanarak web m\u00fchendisli\u011fi ve web programlama uzmanlar\u0131 taraf\u0131ndan desteklenmektedir. ve web sitesine dahil olan e\u015fzamanl\u0131 \u015fifrelemesi ile y\u00fckleyicilerine maksimum g\u00fcvenlik sa\u011flar. Bununla, t\u00fcm dosya y\u00fcklemeleri dahil olmak \u00fczere kullan\u0131c\u0131lar\u0131ndan gelen veriler ve bilgiler, istemci taraf\u0131 komut dosyas\u0131 kullan\u0131larak web&#8217;e gitmeden \u00f6nce \u015fifrelenir. AES algoritmas\u0131 kullan\u0131larak, t\u00fcm veriler ve bilgiler, kullan\u0131c\u0131lar\u0131 i\u00e7in en y\u00fcksek g\u00fcvenlik konusunda daha fazla g\u00fcvence sa\u011flayan birden fazla konuma yerle\u015ftirilen Streamcloud Premium sunucular\u0131 ile g\u00fcvence alt\u0131na al\u0131n\u0131r.<\/p>\n\n\n\n<p>Di\u011fer dosya bar\u0131nd\u0131rma hizmeti (FHS) sa\u011flay\u0131c\u0131lar\u0131 ayn\u0131 sunabilece\u011fi i\u00e7in Streamcloud Premium&#8217;un \u00f6zelliklerinden etkilenmeyebilir, ancak Streamcloud Premium t\u00fcm rakipleri aras\u0131nda benzersizdir. Streamcloud Premium, 3gp, mp4, webm, flv ve di\u011fer t\u00fcm video dosyalar\u0131 gibi \u00f6nemli video dosyalar\u0131n\u0131 \u00e7alabilen entegre bir video oynat\u0131c\u0131ya sahiptir. Streamcloud Premium video ak\u0131\u015f\u0131n\u0131 ve di\u011fer kullan\u0131c\u0131lardan dosyalar\u0131n\u0131 payla\u015fmak istedikleri t\u00fcm videolar\u0131 kullanarak Streamcloud Premium \u00e7evrimi\u00e7i web depolama veya bulut depolama alan\u0131ndaki t\u00fcm videolar\u0131n\u0131z\u0131 izleyebilirsiniz. Video dosyalar\u0131n\u0131n gizlilik ayarlar\u0131na se\u00e7ilen video dosyas\u0131n\u0131n \u00f6zellikleri kullan\u0131larak eri\u015filebilir. Video dosyas\u0131n\u0131n herkes taraf\u0131ndan kullan\u0131labilmesini veya video dosyas\u0131n\u0131n yaln\u0131zca sizin i\u00e7in eri\u015filebilir olmas\u0131n\u0131 istiyorsan\u0131z, \u00d6zellikler&#8217;i t\u0131klaman\u0131z ve herkese a\u00e7\u0131k olan\u0131 se\u00e7meniz yeterlidir. Video dosyalar\u0131n\u0131n \u00f6zellikleri, yaln\u0131zca dosyay\u0131 payla\u015fmak istedi\u011finiz Streamcloud Premium kullan\u0131c\u0131lar\u0131n\u0131n adlar\u0131n\u0131 veya e-posta adreslerini girmeyi se\u00e7erek se\u00e7ilen kullan\u0131c\u0131lar taraf\u0131ndan g\u00f6r\u00fcnt\u00fclenebilecek \u015fekilde de ayarlanabilir.<\/p>\n\n\n\n<figure class=\"wp-block-image\"><img src=\"https:\/\/lh6.googleusercontent.com\/bnFLG5PFEBQOPMFDAWo3rHyJYiu5nEEu9aSxZAy7r_ohcySBJa8icgsb0tprIBpaFsF61MTqBMn4OgCrcJSlR-hVaBJfVCPILVqfvqdQYnQ69kSFjOa-zleyxB2GZk4xBkZ0a1I\" alt=\"Streamcloud online video streaming\"\/><\/figure>\n\n\n\n<p>Streamcloud, y\u00fcklenen videolar\u0131 izlemek i\u00e7in yerle\u015fik bir web ak\u0131\u015f\u0131 \u00f6zelli\u011fine sahiptir<\/p>\n\n\n\n<p>Streamcloud Premium <a rel=\"noreferrer noopener\" aria-label=\"g\u00f6m\u00fcl\u00fc video oynat\u0131c\u0131 (opens in a new tab)\" href=\"https:\/\/developer.mozilla.org\/en\/docs\/Web\/HTML\/Element\/video\" target=\"_blank\">g\u00f6m\u00fcl\u00fc video oynat\u0131c\u0131<\/a>, 240p kalitesinde, 360p kalitesinde, 480p kalitesinde, 720p kalitesinde, HD kalitesinde ve Blu-ray kalitesinde videolar oynatabilir, b\u00f6ylece t\u00fcm dosyalar\u0131n\u0131z\u0131n g\u00fcvence alt\u0131na al\u0131nd\u0131\u011f\u0131ndan emin olarak video dosyalar\u0131n\u0131z\u0131 izlemenin keyfini \u00e7\u0131karabilirsiniz. Streamcloud Premium platformu arac\u0131l\u0131\u011f\u0131yla \u00e7evrimi\u00e7i bir ana bilgisayarda bulabilirsiniz.<\/p>\n\n\n\n<h2>Streamcloud Doland\u0131r\u0131c\u0131l\u0131k Sorunu<\/h2>\n\n\n\n<p>Streamcloud sahtekarl\u0131\u011f\u0131 sorunu hakk\u0131nda web&#8217;de s\u00f6ylentiler dola\u015f\u0131yor, ancak Streamcloud tamamen yasal bir web sitesi oldu\u011fu i\u00e7in Network Solutions, LLC bu sorunu son derece k\u0131n\u0131yor. Bunu kan\u0131tlamak i\u00e7in web sitesinin bile\u015fenlerini bile ger\u00e7ek kazan\u00e7lar\u0131na kadar okudunuz. Streamcloud, kullan\u0131c\u0131lar\u0131n\u0131n \u00e7o\u011fu taraf\u0131ndan istenen benzersiz bir \u00fcr\u00fcn oldu\u011fundan, bu sorun rakipleri taraf\u0131ndan a\u00e7\u0131k\u00e7a yap\u0131lmaktad\u0131r. Bir\u00e7ok \u015firket bile de\u011feri i\u00e7in sat\u0131n almaya \u00e7al\u0131\u015ft\u0131, ancak Network Solutions, LLC y\u00f6netimi alt\u0131nda Streamcloud, videolar\u0131n\u0131z\u0131 yay\u0131nlarken ve bulut \u00fczerindeki en g\u00fcvenli dosya bar\u0131nd\u0131rma hizmetini kullan\u0131rken size en iyi hizmeti vermeyi taahh\u00fct eder.<\/p>\n\n\n\n<h2>Streamcloud Premium Hesap T\u00fcrleri<\/h2>\n\n\n\n<p>Streamcloud Premium, kullan\u0131c\u0131lar\u0131m\u0131z\u0131n g\u00fcnl\u00fck ihtiya\u00e7lar\u0131na g\u00f6re tasarlanm\u0131\u015f farkl\u0131 <a rel=\"noreferrer noopener\" aria-label=\"hesap  (opens in a new tab)\" href=\"https:\/\/www.techopedia.com\/definition\/13458\/user-accountKEwiU-5z0i4joAhUYfd4KHczKAH8QFjAQegQIBxAB&amp;url=https%3A%2F%2Fwww.techopedia.com%2Fdefinition%2F13458%2Fuser-account&amp;usg=AOvVaw2CezyjXl4sE6JmdNqYBYSu\" target=\"_blank\">hesap <\/a>t\u00fcrlerine sahiptir. Streamcloud Premium temel olarak Freemium dosya bar\u0131nd\u0131rma hizmeti (FHS) sunar, ancak daha fazla i\u015flevsellik sunabilen Streamcloud Premium hesaplar\u0131 da vard\u0131r. Her bir hesab\u0131n ayr\u0131nt\u0131lar\u0131n\u0131 a\u015fa\u011f\u0131daki tabloda sunduk.<\/p>\n\n\n\n<p>\u00c7izelge 1. Farkl\u0131 Streamcloud hesaplar\u0131 t\u00fcrleri<\/p>\n\n\n\n<figure class=\"wp-block-table\"><table><tbody><tr><td>Hesap tipi<\/td><td>Bak\u0131m \u00fccreti<\/td><td>Depolama Ay\u0131rma<\/td><td>Bant geni\u015fli\u011fi<\/td><\/tr><tr><td>Streamcloud Freemium<\/td><td>Bedava<\/td><td>Ayda 15 GB<\/td><td>Ayl\u0131k 35 GB<\/td><\/tr><tr><td>Streamcloud Premium<\/td><td>Ayl\u0131k 11,00 ABD dolar\u0131<\/td><td>Ayda 400 GB<\/td><td>Ayda 1 TB<\/td><\/tr><tr><td>Streamcloud Premium Geli\u015fmi\u015f<\/td><td>Ayl\u0131k 23 $<\/td><td>Ayda 2 TB<\/td><td>Ayda 2 TB<\/td><\/tr><tr><td>Streamcloud Premium Prestij<\/td><td>Ayl\u0131k 30,00 ABD dolar\u0131<\/td><td>Ayda 8 TB<\/td><td>Ayda 8 TB<\/td><\/tr><tr><td>Streamcloud Premium Telif Hakk\u0131<\/td><td>Ayl\u0131k 53,00 ABD dolar\u0131<\/td><td>Ayda 16 TB<\/td><td>Ayda 16 TB<\/td><\/tr><\/tbody><\/table><\/figure>\n\n\n\n<p>Yukar\u0131da g\u00f6sterildi\u011fi gibi, farkl\u0131 Streamcloud Premium hesap t\u00fcrleri Streamcloud Freemium Hesab\u0131, Streamcloud Premium Hesab\u0131, Streamcloud Premium Geli\u015fmi\u015f Hesab\u0131, Streamcloud Premium Prestij Hesab\u0131 ve Streamcloud Premium Royalty Hesab\u0131d\u0131r.<\/p>\n\n\n\n<p>Streamcloud Freemium hesap dosya bar\u0131nd\u0131rma hizmetimizden (FHS) memnun kalaca\u011f\u0131n\u0131zdan eminiz, ancak ihtiya\u00e7lar\u0131n\u0131za uygun ek \u00f6zellikler ve i\u015flevler i\u00e7in Streamcloud Premium Hesaplar\u0131m\u0131zdan da memnun kalaca\u011f\u0131n\u0131zdan eminiz. Streamcloud, bir belge, powerpoint, ses, video olup olmad\u0131\u011f\u0131n\u0131 getirebilece\u011finiz her dosya t\u00fcr\u00fc i\u00e7in daha fazla depolama alan\u0131 ay\u0131rmas\u0131 sa\u011flayan d\u00f6rt (4) \u00e7e\u015fitli premium hesap sunar. Streamcloud Premium dosya bar\u0131nd\u0131rma hizmeti (FHS) mutlaka emin ellerde olacakt\u0131r.<\/p>\n\n\n<a class=\"maxbutton-2 maxbutton maxbutton-cta\" target=\"_blank\" rel=\"nofollow noopener\" href=\"\/go\/\"><span class='mb-text'>&gt;&gt; Orijinal Linkifier Web Sitesine Git<\/span><\/a>\n\n\n<p><\/p>\n\n\n\n<figure class=\"wp-block-image\"><img src=\"https:\/\/lh4.googleusercontent.com\/EwSoUUcLaV1VFD69SnYqb4OUrI1isFgChdnJuRgj0tvdu0tMRV-LQGsOL1olFcHCENiI5ZofW8_15Akd2hZ20mry27bXDGCwUzDbyF7otnD4SQgJl1Adbi9Qyrl4bWmUr91kpUQ\" alt=\"Streamcloud features works across devices regardless of the account type\"\/><\/figure>\n\n\n\n<p>Hesap t\u00fcr\u00fc veya cihaz ne olursa olsun Streamcloud otomatik ve dinamik olarak uyarlan\u0131r<\/p>\n\n\n\n<p>Hesab\u0131n\u0131z ne olursa olsun, Streamcloud platformu ayn\u0131 dosyalar\u0131 gizlili\u011finiz i\u00e7in ayn\u0131 g\u00fcvenlik ve \u00f6zelliklerle \u015fifreler. Ek \u00f6zellik i\u00e7in de ayn\u0131 \u015fey ge\u00e7erlidir: Streamcloud \u00e7evrimi\u00e7i video ak\u0131\u015f\u0131 hizmeti. Streamcloud Freemium Hesab\u0131n\u0131z, Streamcloud Premium Hesab\u0131n\u0131z, Streamcloud Premium Geli\u015fmi\u015f Hesab\u0131n\u0131z, Streamcloud Premium Prestij Hesab\u0131n\u0131z veya Streamcloud Premium Telif Hesab\u0131n\u0131z olsun; y\u00fckledi\u011finiz videolar\u0131 ve kullan\u0131c\u0131lar\u0131 taraf\u0131ndan herkese a\u00e7\u0131k hale getirilen videolar\u0131 izleyebilir ve izleyebilirsiniz. Ayr\u0131ca, herhangi bir hesap kullanarak videolar\u0131n\u0131z\u0131 herkesle payla\u015fman\u0131z gerekir. \u00c7\u00fcnk\u00fc Streamcloud, Streamcloud hesap t\u00fcrlerine bak\u0131lmaks\u0131z\u0131n t\u00fcm kullan\u0131c\u0131lar\u0131yla ilgilenir ve ilgilenir.<\/p>\n\n\n\n<h2>Streamcloud Premium ile ilgili son d\u00fc\u015f\u00fcnceler<\/h2>\n\n\n\n<p>\u0130nternette \u00e7ok say\u0131da bulut veya \u00e7evrimi\u00e7i web depolama alan\u0131 bulundu\u011fundan Streamcloud platformundan bir dosya bar\u0131nd\u0131rma hizmeti (FHS) sa\u011flay\u0131c\u0131s\u0131 olarak etkilenmeyebilirsiniz, ancak Streamcloud Premium&#8217;u neyin benzersiz k\u0131ld\u0131\u011f\u0131n\u0131 ve \u015fa\u015f\u0131racaks\u0131n\u0131z Streamcloud premium, sadece bir dosya bar\u0131nd\u0131rma hizmeti (FHS) platformu de\u011fil, ayn\u0131 zamanda boyutu ve kalitesinden ba\u011f\u0131ms\u0131z olarak platformdaki herkese a\u00e7\u0131k t\u00fcm videolar\u0131 izlemek i\u00e7in \u00e7evrimi\u00e7i bir video ak\u0131\u015f\u0131 sitesidir.<\/p>\n\n\n\n<h2>Streamcloud Premium&#8217;da S\u0131k Sorulan Sorular (SSS)<\/h2>\n\n\n\n<h3>1. Streamcloud \u00fccretsiz hizmetler sunuyor mu?<\/h3>\n\n\n\n<p>Evet, Streamcloud Premium, bir kullan\u0131c\u0131n\u0131n yaln\u0131zca e-posta adreslerini kullanarak kullanabilece\u011fi \u00fccretsiz bir premium hizmete sahiptir. Streamcloud premium, bir ay boyunca maksimum otuz be\u015f gigabayt (35 GB) bant geni\u015fli\u011fi ile on be\u015f gigabayt (15 GB) bulut depolama alan\u0131 sunar; bir ay boyunca \u00fccretsiz olarak Streamcloud platformunda herkese a\u00e7\u0131k videolar yay\u0131nlay\u0131n. Streamcloud ayr\u0131ca ihtiya\u00e7lar\u0131n\u0131za uygun daha fazla i\u015flevsellik ve \u00f6zelli\u011fe sahip Streamcloud Premium hesaplar\u0131 sunar.<\/p>\n\n\n\n<h3>2. En iyi Streamcloud Premium Hesab\u0131 nedir?<\/h3>\n\n\n\n<p>Streamcloud Premium&#8217;un d\u00f6rt (4) t\u00fcr Streamcloud premium hesab\u0131 vard\u0131r, ancak en fazla i\u015flevsellik ve \u00f6zelli\u011fe sahip hesap Streamcloud Premium Royalty Hesab\u0131d\u0131r. Ayda yaln\u0131zca elli \u00fc\u00e7 dolar (53,00 $) ile, kullan\u0131c\u0131 bir ay boyunca maksimum on alt\u0131 terabayt (16 TB) bant geni\u015fli\u011fi olan on alt\u0131 terabayt (16 TB) \u00e7evrimi\u00e7i web depolama veya bulut depolama hakk\u0131na sahiptir. Bu, en \u00f6nemli dosyalar\u0131n\u0131z i\u00e7in daha fazla depolama alan\u0131 ve kalan veri ay\u0131rma s\u00fcreniz oldu\u011fu s\u00fcrece dosya t\u00fcr\u00fc ve boyutuna bak\u0131lmaks\u0131z\u0131n \u00f6zel dosyalar\u0131n\u0131z\u0131 yedekleyin. Streamcloud premium yaln\u0131zca bir dosya bar\u0131nd\u0131rma hizmeti (FHS) de\u011fil, ayn\u0131 zamanda platformdaki herkese a\u00e7\u0131k t\u00fcm dosyalar\u0131 izlemek i\u00e7in \u00e7evrimi\u00e7i bir video ak\u0131\u015f\u0131 sitesidir.<\/p>\n\n\n\n<h3>3. Yaln\u0131zca varsay\u0131lan taray\u0131c\u0131m\u0131 kullan\u0131yorum, yine de Streamcloud platformunu kullanabilir miyim?<\/h3>\n\n\n\n<p>\u0130ster Windows, Linux, Ubuntu, iOs veya android olsun, Streamcloud web sitesi her t\u00fcrl\u00fc taray\u0131c\u0131 i\u00e7in dinamik olarak kullan\u0131labilir. Streamcloud web sitesi de\u011fi\u015ftirildi ve herhangi bir kullan\u0131c\u0131n\u0131n cihaz\u0131n\u0131n \u00e7\u00f6z\u00fcn\u00fcrl\u00fc\u011f\u00fcne otomatik olarak ayarlanacak \u015fekilde programland\u0131, b\u00f6ylece onu kullan\u0131rken herhangi bir sorun ya\u015famayacaks\u0131n\u0131z. Internet Explorer, Google Chrome, Mozilla Firefox, Opera, Safari ve hatta Tor taray\u0131c\u0131s\u0131nda kesinlikle g\u00f6r\u00fcnt\u00fclenecektir. Her t\u00fcrl\u00fc taray\u0131c\u0131y\u0131 kullanmas\u0131na ra\u011fmen, Streamcloud platformu, her t\u00fcrl\u00fc veri kimlik av\u0131na ve herhangi bir veri h\u0131rs\u0131zl\u0131\u011f\u0131na kar\u015f\u0131 koruma sa\u011flamak i\u00e7in kullan\u0131c\u0131lar\u0131n\u0131n her bir dosyas\u0131n\u0131 geli\u015fmi\u015f AES \u015fifreleme algoritmas\u0131n\u0131 kullanarak \u015fifreleyece\u011finden emindir.<\/p>\n\n\n\n<h3>&nbsp;4. Di\u011ferleri y\u00fcklenen dosyalar\u0131ma Streamcloud premium platformunda eri\u015febilir mi?<\/h3>\n\n\n\n<p>Streamcloud premium platformundaki t\u00fcm y\u00fcklemeler \u00f6zel gizlilik ayarlar\u0131yla y\u00fcklenir, b\u00f6ylece bir kullan\u0131c\u0131 gizlilik ayarlar\u0131n\u0131 herkese a\u00e7\u0131k olarak de\u011fi\u015ftirmedik\u00e7e ba\u015fka hi\u00e7bir kullan\u0131c\u0131 Streamcloud premium platformunda dosyalar\u0131n\u0131z\u0131 g\u00f6remez veya dosyalar\u0131n\u0131za eri\u015femez.<\/p>\n\n\n\n<h3>5. Streamcloud premium&#8217;un m\u00fc\u015fteri destek temsilcisi var m\u0131?<\/h3>\n\n\n\n<p>Sorular\u0131n\u0131z, a\u00e7\u0131klamalar\u0131n\u0131z ve di\u011fer endi\u015feleriniz i\u00e7in Network Solutions, LLC, Streamcloud premium m\u00fc\u015fteri temsilcilerini, endi\u015felerinizden veya sorunlar\u0131n\u0131zdan herhangi birine kat\u0131lmak i\u00e7in Streamcloud premium m\u00fc\u015fteri temsilcileri arac\u0131l\u0131\u011f\u0131yla belirledi, ancak Streamcloud platformu kullan\u0131c\u0131lar\u0131n\u0131 her zaman memnun etti\u011finden platformdaki herkese a\u00e7\u0131k dosyalar\u0131 izlemek i\u00e7in bir dosya bar\u0131nd\u0131rma hizmeti (FHS) ve \u00e7evrimi\u00e7i bir video ak\u0131\u015f\u0131 sitesi gibi i\u015flevler ve \u00f6zellikler.<\/p>\n\n\n<a class=\"maxbutton-2 maxbutton maxbutton-cta\" target=\"_blank\" rel=\"nofollow noopener\" href=\"\/go\/\"><span class='mb-text'>&gt;&gt; Orijinal Linkifier Web Sitesine Git<\/span><\/a>\n\n\n<p><br><\/p>\n","protected":false},"excerpt":{"rendered":"<p>Streamcloud Premium \u00e7evrimi\u00e7i web depolama (bulut depolama) ve web&#8217;de video ak\u0131\u015f\u0131n\u0131 bir araya getiren devrimdir. T\u00fcm dosyalar\u0131n\u0131z\u0131 \u015fifreli bir sunucuda<\/p>\n","protected":false},"author":2,"featured_media":0,"parent":0,"menu_order":0,"comment_status":"closed","ping_status":"closed","template":"","meta":[],"yoast_head":"<!-- This site is optimized with the Yoast SEO plugin v18.3 - https:\/\/yoast.com\/wordpress\/plugins\/seo\/ -->\n<title>StreamCloud Premium Hesap: Bir Bak\u0131\u015fta Filehoster<\/title>\n<meta name=\"description\" content=\"StreamCloud sayg\u0131n bir sa\u011flay\u0131c\u0131 m\u0131 de\u011fil mi, cevab\u0131 Multihoster.org&#039;daki mevcut testte bulabilirsiniz \u279c \u015eimdi t\u0131klay\u0131n \u271a deneyimlerimizi okumak i\u00e7in!\" \/>\n<meta name=\"robots\" content=\"index, follow, max-snippet:-1, max-image-preview:large, max-video-preview:-1\" \/>\n<link rel=\"canonical\" href=\"https:\/\/multihoster.org\/tr\/streamcloud\/\" \/>\n<meta property=\"og:locale\" content=\"tr_TR\" \/>\n<meta property=\"og:type\" content=\"article\" \/>\n<meta property=\"og:title\" content=\"StreamCloud Premium Hesap: Bir Bak\u0131\u015fta Filehoster\" \/>\n<meta property=\"og:description\" content=\"StreamCloud sayg\u0131n bir sa\u011flay\u0131c\u0131 m\u0131 de\u011fil mi, cevab\u0131 Multihoster.org&#039;daki mevcut testte bulabilirsiniz \u279c \u015eimdi t\u0131klay\u0131n \u271a deneyimlerimizi okumak i\u00e7in!\" \/>\n<meta property=\"og:url\" content=\"https:\/\/multihoster.org\/tr\/streamcloud\/\" \/>\n<meta property=\"og:site_name\" content=\"Multihoster.org\" \/>\n<meta property=\"article:modified_time\" content=\"2020-05-29T13:09:37+00:00\" \/>\n<meta property=\"og:image\" content=\"https:\/\/lh4.googleusercontent.com\/xcxpv9Ok39mZs2azSQyAMZjRiJmA_UPp2NkcIGgn7jTknebXHbBFvyI5GpychS6EqvN1AwTPLUvFkGzWwaxFzbX_4LcrW3vqqHLE04zHgp4L49tAp32tiZ8kelyfa6cjvEWkctM\" \/>\n<meta name=\"twitter:card\" content=\"summary\" \/>\n<meta name=\"twitter:label1\" content=\"Tahmini okuma s\u00fcresi\" \/>\n\t<meta name=\"twitter:data1\" content=\"8 dakika\" \/>\n<script type=\"application\/ld+json\" class=\"yoast-schema-graph\">{\"@context\":\"https:\/\/schema.org\",\"@graph\":[{\"@type\":\"WebSite\",\"@id\":\"https:\/\/multihoster.org\/#website\",\"url\":\"https:\/\/multihoster.org\/\",\"name\":\"Multihoster.org\",\"description\":\"Reviews of the major Filehosting services\",\"potentialAction\":[{\"@type\":\"SearchAction\",\"target\":{\"@type\":\"EntryPoint\",\"urlTemplate\":\"https:\/\/multihoster.org\/?s={search_term_string}\"},\"query-input\":\"required name=search_term_string\"}],\"inLanguage\":\"tr\"},{\"@type\":\"ImageObject\",\"@id\":\"https:\/\/multihoster.org\/tr\/streamcloud\/#primaryimage\",\"inLanguage\":\"tr\",\"url\":\"https:\/\/lh4.googleusercontent.com\/xcxpv9Ok39mZs2azSQyAMZjRiJmA_UPp2NkcIGgn7jTknebXHbBFvyI5GpychS6EqvN1AwTPLUvFkGzWwaxFzbX_4LcrW3vqqHLE04zHgp4L49tAp32tiZ8kelyfa6cjvEWkctM\",\"contentUrl\":\"https:\/\/lh4.googleusercontent.com\/xcxpv9Ok39mZs2azSQyAMZjRiJmA_UPp2NkcIGgn7jTknebXHbBFvyI5GpychS6EqvN1AwTPLUvFkGzWwaxFzbX_4LcrW3vqqHLE04zHgp4L49tAp32tiZ8kelyfa6cjvEWkctM\"},{\"@type\":\"WebPage\",\"@id\":\"https:\/\/multihoster.org\/tr\/streamcloud\/#webpage\",\"url\":\"https:\/\/multihoster.org\/tr\/streamcloud\/\",\"name\":\"StreamCloud Premium Hesap: Bir Bak\u0131\u015fta Filehoster\",\"isPartOf\":{\"@id\":\"https:\/\/multihoster.org\/#website\"},\"primaryImageOfPage\":{\"@id\":\"https:\/\/multihoster.org\/tr\/streamcloud\/#primaryimage\"},\"datePublished\":\"2020-03-30T13:33:12+00:00\",\"dateModified\":\"2020-05-29T13:09:37+00:00\",\"description\":\"StreamCloud sayg\u0131n bir sa\u011flay\u0131c\u0131 m\u0131 de\u011fil mi, cevab\u0131 Multihoster.org'daki mevcut testte bulabilirsiniz \u279c \u015eimdi t\u0131klay\u0131n \u271a deneyimlerimizi okumak i\u00e7in!\",\"breadcrumb\":{\"@id\":\"https:\/\/multihoster.org\/tr\/streamcloud\/#breadcrumb\"},\"inLanguage\":\"tr\",\"potentialAction\":[{\"@type\":\"ReadAction\",\"target\":[\"https:\/\/multihoster.org\/tr\/streamcloud\/\"]}]},{\"@type\":\"BreadcrumbList\",\"@id\":\"https:\/\/multihoster.org\/tr\/streamcloud\/#breadcrumb\",\"itemListElement\":[{\"@type\":\"ListItem\",\"position\":1,\"name\":\"Startseite\",\"item\":\"https:\/\/multihoster.org\/tr\/\"},{\"@type\":\"ListItem\",\"position\":2,\"name\":\"StreamCloud Premium Hesap: Bir Bak\u0131\u015fta Filehoster\"}]}]}<\/script>\n<!-- \/ Yoast SEO plugin. -->","yoast_head_json":{"title":"StreamCloud Premium Hesap: Bir Bak\u0131\u015fta Filehoster","description":"StreamCloud sayg\u0131n bir sa\u011flay\u0131c\u0131 m\u0131 de\u011fil mi, cevab\u0131 Multihoster.org'daki mevcut testte bulabilirsiniz \u279c \u015eimdi t\u0131klay\u0131n \u271a deneyimlerimizi okumak i\u00e7in!","robots":{"index":"index","follow":"follow","max-snippet":"max-snippet:-1","max-image-preview":"max-image-preview:large","max-video-preview":"max-video-preview:-1"},"canonical":"https:\/\/multihoster.org\/tr\/streamcloud\/","og_locale":"tr_TR","og_type":"article","og_title":"StreamCloud Premium Hesap: Bir Bak\u0131\u015fta Filehoster","og_description":"StreamCloud sayg\u0131n bir sa\u011flay\u0131c\u0131 m\u0131 de\u011fil mi, cevab\u0131 Multihoster.org'daki mevcut testte bulabilirsiniz \u279c \u015eimdi t\u0131klay\u0131n \u271a deneyimlerimizi okumak i\u00e7in!","og_url":"https:\/\/multihoster.org\/tr\/streamcloud\/","og_site_name":"Multihoster.org","article_modified_time":"2020-05-29T13:09:37+00:00","og_image":[{"url":"https:\/\/lh4.googleusercontent.com\/xcxpv9Ok39mZs2azSQyAMZjRiJmA_UPp2NkcIGgn7jTknebXHbBFvyI5GpychS6EqvN1AwTPLUvFkGzWwaxFzbX_4LcrW3vqqHLE04zHgp4L49tAp32tiZ8kelyfa6cjvEWkctM"}],"twitter_card":"summary","twitter_misc":{"Tahmini okuma s\u00fcresi":"8 dakika"},"schema":{"@context":"https:\/\/schema.org","@graph":[{"@type":"WebSite","@id":"https:\/\/multihoster.org\/#website","url":"https:\/\/multihoster.org\/","name":"Multihoster.org","description":"Reviews of the major Filehosting services","potentialAction":[{"@type":"SearchAction","target":{"@type":"EntryPoint","urlTemplate":"https:\/\/multihoster.org\/?s={search_term_string}"},"query-input":"required name=search_term_string"}],"inLanguage":"tr"},{"@type":"ImageObject","@id":"https:\/\/multihoster.org\/tr\/streamcloud\/#primaryimage","inLanguage":"tr","url":"https:\/\/lh4.googleusercontent.com\/xcxpv9Ok39mZs2azSQyAMZjRiJmA_UPp2NkcIGgn7jTknebXHbBFvyI5GpychS6EqvN1AwTPLUvFkGzWwaxFzbX_4LcrW3vqqHLE04zHgp4L49tAp32tiZ8kelyfa6cjvEWkctM","contentUrl":"https:\/\/lh4.googleusercontent.com\/xcxpv9Ok39mZs2azSQyAMZjRiJmA_UPp2NkcIGgn7jTknebXHbBFvyI5GpychS6EqvN1AwTPLUvFkGzWwaxFzbX_4LcrW3vqqHLE04zHgp4L49tAp32tiZ8kelyfa6cjvEWkctM"},{"@type":"WebPage","@id":"https:\/\/multihoster.org\/tr\/streamcloud\/#webpage","url":"https:\/\/multihoster.org\/tr\/streamcloud\/","name":"StreamCloud Premium Hesap: Bir Bak\u0131\u015fta Filehoster","isPartOf":{"@id":"https:\/\/multihoster.org\/#website"},"primaryImageOfPage":{"@id":"https:\/\/multihoster.org\/tr\/streamcloud\/#primaryimage"},"datePublished":"2020-03-30T13:33:12+00:00","dateModified":"2020-05-29T13:09:37+00:00","description":"StreamCloud sayg\u0131n bir sa\u011flay\u0131c\u0131 m\u0131 de\u011fil mi, cevab\u0131 Multihoster.org'daki mevcut testte bulabilirsiniz \u279c \u015eimdi t\u0131klay\u0131n \u271a deneyimlerimizi okumak i\u00e7in!","breadcrumb":{"@id":"https:\/\/multihoster.org\/tr\/streamcloud\/#breadcrumb"},"inLanguage":"tr","potentialAction":[{"@type":"ReadAction","target":["https:\/\/multihoster.org\/tr\/streamcloud\/"]}]},{"@type":"BreadcrumbList","@id":"https:\/\/multihoster.org\/tr\/streamcloud\/#breadcrumb","itemListElement":[{"@type":"ListItem","position":1,"name":"Startseite","item":"https:\/\/multihoster.org\/tr\/"},{"@type":"ListItem","position":2,"name":"StreamCloud Premium Hesap: Bir Bak\u0131\u015fta Filehoster"}]}]}},"_links":{"self":[{"href":"https:\/\/multihoster.org\/tr\/wp-json\/wp\/v2\/pages\/2927"}],"collection":[{"href":"https:\/\/multihoster.org\/tr\/wp-json\/wp\/v2\/pages"}],"about":[{"href":"https:\/\/multihoster.org\/tr\/wp-json\/wp\/v2\/types\/page"}],"author":[{"embeddable":true,"href":"https:\/\/multihoster.org\/tr\/wp-json\/wp\/v2\/users\/2"}],"replies":[{"embeddable":true,"href":"https:\/\/multihoster.org\/tr\/wp-json\/wp\/v2\/comments?post=2927"}],"version-history":[{"count":3,"href":"https:\/\/multihoster.org\/tr\/wp-json\/wp\/v2\/pages\/2927\/revisions"}],"predecessor-version":[{"id":4542,"href":"https:\/\/multihoster.org\/tr\/wp-json\/wp\/v2\/pages\/2927\/revisions\/4542"}],"wp:attachment":[{"href":"https:\/\/multihoster.org\/tr\/wp-json\/wp\/v2\/media?parent=2927"}],"curies":[{"name":"wp","href":"https:\/\/api.w.org\/{rel}","templated":true}]}}