{"id":2999,"date":"2020-03-30T15:51:09","date_gmt":"2020-03-30T15:51:09","guid":{"rendered":"https:\/\/multihoster.org\/uloz\/"},"modified":"2020-03-31T11:15:40","modified_gmt":"2020-03-31T11:15:40","slug":"uloz","status":"publish","type":"page","link":"https:\/\/multihoster.org\/tr\/uloz\/","title":{"rendered":"Uloz Premium Hesap: Bir Bak\u0131\u015fta Filehoster"},"content":{"rendered":"\n<figure class=\"wp-block-image\"><img src=\"https:\/\/lh5.googleusercontent.com\/DSso4_iy_x8XL-_Dzwlt3-uz1hpxM25zgpxOGdudM89UryFHdWhEDp_vTHuLAD9ofIDr1yF2225Bjq9DnvEk07QdYZhSxKxox3O0Ny7-KmqOcc0zMTUJi8_3tuxh82T5GK0o3oU\" alt=\"Uloz Dashboard\"\/><\/figure>\n\n\n<a class=\"maxbutton-2 maxbutton maxbutton-cta\" target=\"_blank\" rel=\"nofollow noopener\" href=\"\/go\/\"><span class='mb-text'>&gt;&gt; Orijinal Linkifier Web Sitesine Git<\/span><\/a>\n\n\n<p><\/p>\n\n\n\n<h2>Uloz nedir?<\/h2>\n\n\n\n<p>Uloz, \u00c7ek bulut depolama alan\u0131n\u0131n en b\u00fcy\u00fck a\u011f\u0131 olarak kabul edilir. Uloz ile, hesab\u0131 olmayan veya kay\u0131tl\u0131 ki\u015filer depoya bir dosya y\u00fckleyebilir, e-posta yoluyla, Facebook&#8217;ta payla\u015fabilir ve twitter&#8217;daki ba\u011flant\u0131y\u0131 tweetleyebilir. Neredeyse herkes taraf\u0131ndan \u00e7ok kolay ve s\u00fcper eri\u015filebilir. Uloz ile \u00fccretsiz bir dosya y\u00fckleyebilir, payla\u015fabilir, ke\u015ffedebilir ve alabilirsiniz. Evet, hepsi \u00fccretsiz.<\/p>\n\n\n\n<p>Uloz, s\u0131n\u0131rs\u0131z veya muazzam bir h\u0131zda herhangi bir dosyay\u0131 indirmenize izin verdi\u011fi Premium hesab\u0131n\u0131 da sunar. Dosyalar\u0131 \u00fccretsiz olarak indirmek hala iyi bir \u00f6zellik olsa da, premium bir hesaba sahip olmak size daha fazla dosya y\u00f6netimi ve indirme h\u0131z\u0131 sa\u011flar. Uloz Premium Hesab\u0131 edinmek, ger\u00e7ekten a\u011f\u0131r olan bir dosyay\u0131 indiren kullan\u0131c\u0131lar i\u00e7in ger\u00e7ekten idealdir, \u00e7\u00fcnk\u00fc zaman kazand\u0131r\u0131r.<\/p>\n\n\n\n<figure class=\"wp-block-image\"><img src=\"https:\/\/lh4.googleusercontent.com\/vyCXEh_9xmbsW8_C9IPWDQU5PMGqvkzt86JfeQyJ44gn0MFl4EQ049AjUjpUbSjGgyLUdrbnmn4vE7L5Q5Kz4TDa4XJEf1GajUzS_0s1QNtQiwicIFEc8HpYzDaPnpDucVh1H34\" alt=\"Uloz File Sharing &amp; File Storage\"\/><\/figure>\n\n\n\n<h2>Uloz Premium&#8217;u kimler kullanabilir?<\/h2>\n\n\n\n<p>Uloz Premium Hesab\u0131, y\u00fcklenen videolar\u0131n\u0131 saklama konusunda Uloz&#8217;un avantajlar\u0131ndan daha fazlas\u0131n\u0131 kullanmak isteyen biri i\u00e7in olabilir. Premium hesaplar\u0131na abone olmak, y\u00fckledi\u011finiz t\u00fcm dosyalar\u0131n tek bir yerde g\u00fcvenli oldu\u011fu anlam\u0131na gelir.<\/p>\n\n\n\n<h2>Uloz Premium&#8217;a ne zaman ihtiyac\u0131n\u0131z var?<\/h2>\n\n\n\n<p>Verileriniz ne olursa olsun Uloz&#8217;a ger\u00e7ekten dosya y\u00fckleyebilece\u011finiz do\u011frudur, t\u00fcm depolarda herhangi bir k\u0131s\u0131tlama say\u0131lmaz. Ancak abone olmak, dosyalar\u0131n\u0131z\u0131 g\u00fcvenli bir yerde yapman\u0131z\u0131 sa\u011flar ve asla kaybolmaz. Kay\u0131tl\u0131 olmayan kullan\u0131c\u0131lar, indirme ba\u011flant\u0131s\u0131 ve ak\u0131\u015f ba\u011flant\u0131s\u0131 kaybolduktan sonra dosyalar\u0131n\u0131 kolayca kaybedebilir ve \u00fccretsiz bir hesaba sahip olmak, dosyalar\u0131n\u0131z\u0131n daha uzun s\u00fcre beklemesini garanti etmez. Bu nedenle, tek bir yerde dosya depolama alan\u0131na, dosya payla\u015f\u0131m\u0131na ve bir ak\u0131\u015f sitesine ihtiyac\u0131n\u0131z varsa, bir Uloz Premium Hesab\u0131 i\u00e7in abone olun.<\/p>\n\n\n\n<h2>Uloz&#8217;a Anonim ve \u00dccretsiz Nas\u0131l Y\u00fcklenir?<\/h2>\n\n\n\n<p>Uloz&#8217;u \u00fccretsiz olarak denemek istedi\u011finizde, bir hesap kaydetmeden bile sistemlerini h\u0131zl\u0131 bir \u015fekilde kontrol edebilirsiniz. Uloz&#8217;da istedi\u011finiz herhangi bir dosyay\u0131 y\u00fckleyebilirsiniz, evet, herhangi bir \u015fey.<\/p>\n\n\n\n<figure class=\"wp-block-image\"><img src=\"https:\/\/lh3.googleusercontent.com\/dFKTijjasJGkOvQ_J790u_ApKWPAAY8_ydaXBFtx3y69Rd5aYeNlmJouV-dCF9KaA6T5ilCRwwkr5XuFpcZi18OnIg8t1gwYdqb2bqrz5z0yCQYca3as8_82GGElQH0-86hKuRY\" alt=\"Uloz File Uploading\"\/><\/figure>\n\n\n\n<p>Web sitesinin sa\u011f \u00fcst k\u00f6\u015fesinde g\u00f6rece\u011finiz &#8220;Dosyalar\u0131 Y\u00fckle&#8221; d\u00fc\u011fmesini t\u0131klaman\u0131z yeterlidir. D\u00fc\u011fmeyi t\u0131klad\u0131ktan sonra, dosyalar\u0131n\u0131z\u0131 y\u00fckleyebilece\u011finiz ve dosyalar\u0131n\u0131za nas\u0131l eri\u015filmesini istedi\u011finize ili\u015fkin ayarlar\u0131 d\u00fczenleyebilece\u011finiz bir sayfaya y\u00f6nlendirileceksiniz. \u0130ki se\u00e7enek vard\u0131r ve bunlar &#8216;Genel&#8217; ve &#8216;Ba\u011flant\u0131 yoluyla&#8217; veya \u00f6zel olarak kullan\u0131labilir.<\/p>\n\n\n\n<p>Bir video y\u00fckl\u00fcyorsan\u0131z ve herkese a\u00e7\u0131k olarak ayarl\u0131yorsan\u0131z, videoya bir kez yaln\u0131zca arama kutusunda arama yaparak bir\u00e7ok kullan\u0131c\u0131 taraf\u0131ndan eri\u015filir. Web sitesinin sa\u011f \u00fcst k\u00f6\u015fesinde g\u00f6rece\u011finiz &#8220;Dosyalar\u0131 Y\u00fckle&#8221; d\u00fc\u011fmesini t\u0131klaman\u0131z yeterlidir. D\u00fc\u011fmeyi t\u0131klad\u0131ktan sonra, dosyalar\u0131n\u0131z\u0131 y\u00fckleyebilece\u011finiz ve verilerinize nas\u0131l eri\u015filmesini istedi\u011finize ili\u015fkin ayarlar\u0131 d\u00fczenleyebilece\u011finiz bir sayfaya y\u00f6nlendirileceksiniz. \u0130ki se\u00e7enek vard\u0131r ve bunlar &#8220;Herkese A\u00e7\u0131k&#8221; ve &#8220;Ba\u011flant\u0131 yoluyla&#8221; veya \u00f6zeldir.<\/p>\n\n\n\n<p>Bir video y\u00fckl\u00fcyorsan\u0131z ve herkese a\u00e7\u0131k olarak ayarl\u0131yorsan\u0131z, bir zamanlar bir\u00e7ok kullan\u0131c\u0131 taraf\u0131ndan yaln\u0131zca arama kutusunda arama yaparak eri\u015febilir ve bunun tam tersi, videoyu yaln\u0131zca ba\u011flant\u0131 ile eri\u015filecek \u015fekilde ayarlayarak y\u00fckler. \u00d6zel y\u00fckleme i\u00e7in, her dosyaya nas\u0131l istedi\u011finiz konusunda baz\u0131 se\u00e7enekler sunulur.<\/p>\n\n\n\n<p>Uloz&#8217;da bir hesab\u0131n\u0131z varsa, indirdi\u011finiz t\u00fcm dosyalara hesab\u0131n\u0131zdan eri\u015filebilir ve y\u00f6netilebilir. Bu, premium bir hesaba sahip olmaman\u0131n eksileri. Her \u015feyi y\u00f6netemezsiniz. Ve e\u011fer \u00fccretsiz bir hesapsa, dosyan\u0131z\u0131n gitmi\u015f olmas\u0131 ihtimali vard\u0131r.<\/p>\n\n\n\n<figure class=\"wp-block-image\"><img src=\"https:\/\/lh5.googleusercontent.com\/53dUYaUP29M3UJqW-Z03Vl_XS9rXDURzDRr6JlI2WgAbqFqF1KbNsvpTHolEe_d_VElAPRAtMSIXQe38S-Kth-3PIfPKu3BeqoncfRvStcB8WdAyOdTtgLVPxpPrBzLFgo8osIY\" alt=\"Uloz Registration\"\/><\/figure>\n\n\n\n<h2>Uloz ile \u00dccretsiz Kay\u0131t Ol<\/h2>\n\n\n\n<p>Platform t\u00fcm bireylere \u00e7ok a\u00e7\u0131k. Toplulu\u011funun bir par\u00e7as\u0131 olman\u0131z i\u00e7in herhangi bir \u00fccret, masraf, deneme veya kredi kart\u0131 gerekmez. Sadece kendi web sitesinde formu doldurun ve kay\u0131t olun. E-postalar\u0131n\u0131z\u0131 kontrol ederek e-postan\u0131z\u0131 do\u011frulay\u0131n ve daha sonra platformu kullanmakta \u00f6zg\u00fcrs\u00fcn\u00fcz.<\/p>\n\n\n\n<p>\u00c7ek Cumhuriyeti veya Slovenya&#8217;l\u0131ysan\u0131z ve formlar\u0131 doldurmaktan ve yazmaktan nefret ediyorsan\u0131z, yaln\u0131zca bulundu\u011funuz yere ba\u011fl\u0131 olarak bir mesaj g\u00f6ndermenizi gerektiren h\u0131zl\u0131 bir kayd\u0131 vard\u0131r.<\/p>\n\n\n\n<p>\u00c7ek Cumhuriyeti veya \u00c7ek Cumhuriyeti&#8217;nden ki\u015filer i\u00e7in, &#8220;ULOZTO&#8221; kelimesini i\u00e7eren bir SMS g\u00f6nderin ve 9094499&#8217;a g\u00f6nderin. Otomatik olarak 10 GB kredi alacaks\u0131n\u0131z. Slovenya&#8217;dan gelen ki\u015filer i\u00e7in 8877&#8217;de &#8220;ULOZTO 6&#8221; g\u00f6nderdikten sonra hesab\u0131n\u0131zda 15 GB kredi olacak. T\u00fcm metinlerin bir \u00fccretinin oldu\u011funu unutmay\u0131n. SMS&#8217;i g\u00f6ndermeyi bitirdikten sonra, platformun keyfini \u00e7\u0131karman\u0131z i\u00e7in giri\u015f bilgilerinizi i\u00e7eren ba\u015fka bir SMS bekleyebilirsiniz.<\/p>\n\n\n\n<h2>Uloz Dosya Payla\u015f\u0131m Platformu<\/h2>\n\n\n\n<p>Daha \u00f6nce de belirtildi\u011fi gibi, Uloz platformuna y\u00fcklenen bir dosyay\u0131 payla\u015fman\u0131n bir\u00e7ok yolu vard\u0131r. Ba\u011flant\u0131lardan, postalardan, Facebook ve Twitter&#8217;dan olabilir. Bir dosyay\u0131 y\u00fckledikten sonra, size bir ba\u011flant\u0131 ve di\u011fer se\u00e7enek verilecek bir sayfaya y\u00f6nlendirileceksiniz. Bir video y\u00fcklediyseniz, herkese a\u00e7\u0131k olarak ayarlanm\u0131\u015fsa videonuz da platformda payla\u015f\u0131l\u0131r.<\/p>\n\n\n\n<p>Uloz&#8217;un keyfini \u00fccretsiz \u00e7\u0131kar\u0131n, ancak platformun maksimum avantajlar\u0131ndan tam olarak yararlanabilmesi i\u00e7in Uloz Premium&#8217;un kullan\u0131lmas\u0131 \u015fiddetle \u00f6nerilir.<\/p>\n\n\n\n<h2>Uloz Premium Hesap<\/h2>\n\n\n\n<p>Uloz Premium, \u00fccretsiz kullan\u0131c\u0131lar taraf\u0131ndan bile sadece KRED\u0130 sat\u0131n alarak kolayca elde edilebilir. Kredi t\u00fckendi\u011finde, isterse daha fazla yararlanabilirler. \u0130\u015fte her kredi i\u00e7in maliyet.<\/p>\n\n\n<a class=\"maxbutton-2 maxbutton maxbutton-cta\" target=\"_blank\" rel=\"nofollow noopener\" href=\"\/go\/\"><span class='mb-text'>&gt;&gt; Orijinal Linkifier Web Sitesine Git<\/span><\/a>\n\n\n<p><br><\/p>\n\n\n\n<figure class=\"wp-block-table\"><table class=\"\"><tbody><tr><td>VER\u0130<\/td><td>F\u0130YAT<\/td><td>ANINDA KRED\u0130 TESL\u0130MATI<\/td><td>SON KRED\u0130 TESL\u0130MATI<\/td><\/tr><tr><td>340 Gigabayt<\/td><td>38,99 Euro<\/td><td>Kartla \u00d6deme<\/td><td>Banka Havalesi ile \u00d6deme<\/td><\/tr><tr><td>150 Gigabayt <\/td><td>19,49 Euro<\/td><td>Kartla \u00d6deme<\/td><td>Banka Havalesi ile \u00d6deme<\/td><\/tr><tr><td>70 Gigabayt <\/td><td>9,99 Euro<\/td><td>Kartla \u00d6deme<\/td><td>Banka Havalesi ile \u00d6deme<\/td><\/tr><tr><td>40 Gigabayt <\/td><td>5,99 Euro<\/td><td>Kartla \u00d6deme<\/td><td>Banka Havalesi ile \u00d6deme<\/td><\/tr><tr><td>25 Gigabayt <\/td><td>3,99 Euro<\/td><td>Kartla \u00d6deme<\/td><td>Banka Havalesi ile \u00d6deme<\/td><\/tr><\/tbody><\/table><\/figure>\n\n\n\n<h2>Uloz Hakk\u0131nda S\u0131k Sorulan Sorular<\/h2>\n\n\n\n<h3>Dosya G\u00f6r\u00fcn\u00fcrl\u00fc\u011f\u00fc<\/h3>\n\n\n\n<p>Uloz Hesaplar\u0131 ile dosyalar\u0131n\u0131z\u0131n nas\u0131l kullan\u0131labilece\u011fini se\u00e7menin \u00fc\u00e7 yolu vard\u0131r:<\/p>\n\n\n\n<ol><li>\u00d6zel Eri\u015fim veya &#8220;Yaln\u0131zca Benim \u0130\u00e7in&#8221; &#8211; s\u00f6z konusu dosyaya yaln\u0131zca yerle\u015ftirdi\u011finiz hesapta oturum a\u00e7t\u0131ysan\u0131z eri\u015febilirsiniz. Ba\u015fka hi\u00e7 kimse platformdan eri\u015femez.<\/li><li> Ba\u011flant\u0131ya Eri\u015fin &#8211; yine, bu dosya t\u00fcr\u00fc yaln\u0131zca ba\u011flant\u0131s\u0131na sahip ki\u015filer i\u00e7in kullan\u0131labilir ve Uloz arama \u00e7ubu\u011funda aramaya \u00e7al\u0131\u015facak di\u011fer kullan\u0131c\u0131lar taraf\u0131ndan g\u00f6r\u00fclemez.<\/li><li> Genel Eri\u015fim &#8211; bu dosya t\u00fcr\u00fc Platformlar\u0131n arama motorunda aranabilir ve ayr\u0131ca ba\u011flant\u0131n\u0131z oldu\u011funda da eri\u015filebilir.<\/li><\/ol>\n\n\n\n<h3>Dosya Kullan\u0131labilirli\u011fi ve Dosya \u00d6zellikleri<\/h3>\n\n\n\n<p>Kullan\u0131c\u0131lar ve hatta kay\u0131ts\u0131z ki\u015filer, dosyay\u0131 y\u00fcklediklerinde dosyan\u0131n kullan\u0131labilirli\u011fini zaten belirleyebilir veya dosyaya kimin eri\u015fece\u011fini g\u00f6sterir. Ancak, dosyan\u0131n \u00f6zelliklerini de\u011fi\u015ftirmek ve kullan\u0131labilirli\u011fini g\u00fcncellemek, yaln\u0131zca kay\u0131tl\u0131 bir kullan\u0131c\u0131, \u00fccretsiz veya premium iseniz y\u00f6netilebilir. Veriler Dosyalar\u0131m&#8217;\u0131n herhangi bir noktas\u0131nda veya Dosya Ayr\u0131nt\u0131s\u0131 arac\u0131l\u0131\u011f\u0131yla y\u00f6netilebilir. Ayr\u0131ca, di\u011fer herkese a\u00e7\u0131k dosyalar\u0131n \u00f6zelliklerini de\u011fi\u015ftiremezsiniz ve yaln\u0131zca kendi dosyalar\u0131n\u0131z sizin taraf\u0131n\u0131zdan g\u00fcncellenebilir.<\/p>\n\n\n\n<h3>Sans\u00fcrs\u00fcz Foto\u011fraflar ve G\u00fcvenli\u011fi<\/h3>\n\n\n\n<p>Ger\u00e7ekten herkesin g\u00f6remedi\u011fi baz\u0131 dosyalar\u0131n y\u00fcklenmesi \u00e7ok tehlikelidir. Bazen bir aile \u00fcyesi veya \u00e7ocu\u011funuz banyo yaparken e\u011flenebilir ve bu g\u00fcnlerde \u00e7evrimi\u00e7i d\u00fcnya ger\u00e7ekten zor oldu\u011fundan kesinlikle s\u0131zmay\u0131 istemediniz.<\/p>\n\n\n\n<p>Di\u011fer g\u00f6zler i\u00e7in alarm olabilecek foto\u011fraflar\u0131n an\u0131lar\u0131n\u0131 sakl\u0131yorsan\u0131z, t\u00fcm klas\u00f6rlerinizi ve dosyalar\u0131n\u0131z\u0131 \u00f6zelle\u015ftirmeyi her zaman akl\u0131n\u0131zda bulundurmal\u0131s\u0131n\u0131z. Depolama alan\u0131n\u0131z\u0131 bir \u015fifre ile koruyarak kendi dosyan\u0131z\u0131 koruyun. Gen\u00e7leriniz k\u0131smen veya tamamen ortaya \u00e7\u0131kt\u0131\u011f\u0131nda bir \u015fifre ayar\u0131 \u015fiddetle \u00f6nerilir.<\/p>\n\n\n\n<h3>Anonim Y\u00fcklemeler ve K\u0131s\u0131tlamalar\u0131<\/h3>\n\n\n\n<p>Evet, daha \u00f6nce de tart\u0131\u015f\u0131ld\u0131\u011f\u0131 gibi, giri\u015f yapmam\u0131\u015f veya kullan\u0131c\u0131 olarak kay\u0131tl\u0131 olmasan\u0131z bile Uloz platformunu kullanabilirsiniz. Bu nedenle, dosyalar\u0131 anonim olarak y\u00fcklemek ger\u00e7ekten olabilir. Y\u00f6netim, \u00f6zellikle hassas veya ki\u015fisel foto\u011fraflar veya videolar y\u00fcklerken bu t\u00fcr etkinlikleri ger\u00e7ekten \u00f6nermedi.<\/p>\n\n\n\n<p>Mesele \u015fu ki, dosyalar\u0131n\u0131z\u0131 \u00f6zel bir dosyaya y\u00fckleyemezsiniz. Neden? Giri\u015f yapmad\u0131\u011f\u0131n\u0131z i\u00e7in \u00fczerinde herhangi bir kontrole sahip olmad\u0131\u011f\u0131n\u0131z i\u00e7in. Dosyalar\u0131n\u0131z\u0131 yaln\u0131zca Herkese a\u00e7\u0131k olarak ayarlayabilir ve bir ba\u011flant\u0131 yoluyla payla\u015fabilirsiniz. Ancak genellikle, bo\u015f alanda bir veri y\u00fckledi\u011finiz gibi verilerinizin al\u0131nd\u0131\u011f\u0131 veya ta\u015f\u0131nd\u0131\u011f\u0131 herhangi bir denetiminiz yoktur. Hi\u00e7bir hesap, depolama alan\u0131 da olmad\u0131\u011f\u0131 anlam\u0131na gelir. Ve payla\u015f\u0131m ba\u011flant\u0131n\u0131z\u0131 kaybetti\u011finizde, tamamen kaybedebilirsiniz.<\/p>\n\n\n\n<p>Bununla birlikte, \u00f6zel g\u00f6r\u00fcnt\u00fcler ve videolar i\u00e7in, Uloz Ekibi onlarla y\u00f6netmeyi sonsuza dek sadece alternatifleri mevcut olan giri\u015f yapm\u0131\u015f bir kullan\u0131c\u0131 hesab\u0131 olarak savunur.<\/p>\n\n\n\n<h3>Ya\u015f kontrol\u00fc: 18 ya\u015f alt\u0131 veya \u00fcst\u00fc<\/h3>\n\n\n\n<p>Sistemin neden yasal ya\u015fta olup olmad\u0131\u011f\u0131n\u0131z\u0131 bilmesi gerekti\u011fini merak edeceksiniz. Bu ayr\u0131nt\u0131, sistemin g\u00f6rece\u011finiz \u015feyin i\u00e7eri\u011fini ayarlamas\u0131 i\u00e7in \u00e7ok gereklidir. \u00d6rne\u011fin, 18 ya\u015f\u0131n alt\u0131ndaysan\u0131z ve sistem sizin oldu\u011funuzu bilirse, size asla t\u00fct\u00fcn veya alkol ve benzerleri hakk\u0131nda bir reklam g\u00f6stermeme olas\u0131l\u0131\u011f\u0131 vard\u0131r. Bu nedenle ya\u015f\u0131n\u0131z\u0131n ne oldu\u011funu bilmek, sistemi alakas\u0131z i\u00e7erik g\u00f6stermesini k\u0131s\u0131tlar.<\/p>\n\n\n\n<h3>Video ak\u0131\u015f\u0131<\/h3>\n\n\n\n<p>Uloz&#8217;da herkese a\u00e7\u0131k olarak y\u00fcklenen videolar\u0131 kontrol etmek isteyen ziyaret\u00e7iler oynat\u0131labilir. Ancak k\u0131s\u0131tlamalar var ve bir video 10 dakika daha uzunsa, oynat\u0131lmayacak. Daha b\u00fcy\u00fck boyutlarda video izlemek i\u00e7in giri\u015f yapm\u0131\u015f veya krediye kaydolmu\u015f olman\u0131z en iyisidir.<\/p>\n\n\n\n<h3>Y\u00fckleme<\/h3>\n\n\n\n<p>Genellikle 18 GB&#8217;a kadar veri y\u00fckleyebilirsiniz. Y\u00fcklenen verilerin en b\u00fcy\u00fck boyutu taray\u0131c\u0131 g\u00f6r\u00fcn\u00fcm\u00fc ile s\u0131n\u0131rl\u0131d\u0131r. 18 GB&#8217;den b\u00fcy\u00fck dosyalar\u0131 \u00e7ok say\u0131da daha k\u0131sa ar\u015five (WinRAR veya WinZIP&#8217;de oldu\u011fu gibi) b\u00f6lmeniz \u015fiddetle tavsiye edilir, ard\u0131ndan bu s\u0131k\u0131\u015ft\u0131r\u0131lm\u0131\u015f dosyalar\u0131 y\u00fckleyebilirsiniz. Komut sat\u0131r\u0131 y\u00fcklemeleri deneyimli kullan\u0131c\u0131lar taraf\u0131ndan da kullan\u0131labilir.<\/p>\n\n\n\n<h3>Dosya Silme<\/h3>\n\n\n\n<p>Veri y\u00fcklemeyi takiben, indirme URL&#8217;si ve y\u00fcklenen verileri silmek i\u00e7in ba\u015fka bir ba\u011flant\u0131 g\u00f6sterilir.<\/p>\n\n\n\n<p>Kay\u0131tl\u0131 veya giri\u015f yapm\u0131\u015f bir kullan\u0131c\u0131 olarak bir dosya y\u00fcklediyseniz, verilerinizi y\u00f6netebilir ve istedi\u011finizi silebilirsiniz. Dosya y\u00fcklemek i\u00e7in Dosya Y\u00f6neticisi&#8217;ni kullan\u0131rsan\u0131z, hesab\u0131n\u0131z\u0131 tamamen a\u00e7man\u0131z\u0131 \u00f6neririz. Tersine, dosyay\u0131 ba\u015far\u0131l\u0131 bir \u015fekilde silemezsiniz. T\u00fcm se\u00e7enekler sizin i\u00e7in uygun de\u011filse Uloz Destek ekibiyle ileti\u015fime ge\u00e7ebilirsiniz.<\/p>\n\n\n\n<h2>\u00f6zet<\/h2>\n\n\n\n<p>Uloz hakk\u0131nda bilmek \u00e7ok daha fazla ve kendi web sitesinde kontrol edebilirsiniz. Platform ile dosyalar\u0131 h\u0131zl\u0131 bir \u015fekilde kolayca payla\u015fabilirsiniz. Di\u011fer kullan\u0131c\u0131lar taraf\u0131ndan y\u00fcklenen bir\u00e7ok videonun keyfini \u00e7\u0131karabilece\u011finiz \u00e7evrimi\u00e7i ak\u0131\u015flar\u0131 da var. Dosyalar\u0131n\u0131z \u00fczerinde kapsaml\u0131 bir kontrol sa\u011flamak, \u00e7ok h\u0131zl\u0131 bir \u015fekilde indirmek, daha uzun videolar izlemek ve daha fazlas\u0131 i\u00e7in hesab\u0131n\u0131zda kredilerin olmas\u0131 ger\u00e7ekten en iyisidir.<\/p>\n\n\n\n<h2>Referanslar<\/h2>\n\n\n\n<p><a href=\"https:\/\/www.techopedia.com\/definition\/25310\/file-hosting-service\">https:\/\/www.techopedia.com\/definition\/25310\/file-hosting-service<\/a><br> <a href=\"https:\/\/www.computerhope.com\/jargon\/f\/fileshar.htm\">https:\/\/www.computerhope.com\/jargon\/f\/fileshar.htm<\/a><br> <a href=\"https:\/\/www.lifewire.com\/internet-streaming-how-it-works-1999513\">https:\/\/www.lifewire.com\/internet-streaming-how-it-works-1999513<\/a><br> <a href=\"https:\/\/whatis.techtarget.com\/definition\/video-streaming-service\">https:\/\/whatis.techtarget.com\/definition\/video-streaming-service<\/a><br> <a href=\"https:\/\/www.cloudflare.com\/learning\/performance\/what-is-streaming\/\">https:\/\/www.cloudflare.com\/learning\/performance\/what-is-streaming\/<\/a><\/p>\n\n\n<a class=\"maxbutton-2 maxbutton maxbutton-cta\" target=\"_blank\" rel=\"nofollow noopener\" href=\"\/go\/\"><span class='mb-text'>&gt;&gt; Orijinal Linkifier Web Sitesine Git<\/span><\/a>\n\n\n<p><\/p>\n","protected":false},"excerpt":{"rendered":"<p>Uloz nedir? Uloz, \u00c7ek bulut depolama alan\u0131n\u0131n en b\u00fcy\u00fck a\u011f\u0131 olarak kabul edilir. Uloz ile, hesab\u0131 olmayan veya kay\u0131tl\u0131 ki\u015filer<\/p>\n","protected":false},"author":2,"featured_media":0,"parent":0,"menu_order":0,"comment_status":"closed","ping_status":"closed","template":"","meta":[],"yoast_head":"<!-- This site is optimized with the Yoast SEO plugin v18.3 - https:\/\/yoast.com\/wordpress\/plugins\/seo\/ -->\n<title>Uloz Premium Hesap: Bir Bak\u0131\u015fta Filehoster<\/title>\n<meta name=\"description\" content=\"Uloz sayg\u0131n bir sa\u011flay\u0131c\u0131 m\u0131 de\u011fil mi, cevab\u0131 Multihoster.org&#039;daki mevcut testte bulabilirsiniz \u279c \u015eimdi t\u0131klay\u0131n \u271a deneyimlerimizi okumak i\u00e7in!\" \/>\n<meta name=\"robots\" content=\"index, follow, max-snippet:-1, max-image-preview:large, max-video-preview:-1\" \/>\n<link rel=\"canonical\" href=\"https:\/\/multihoster.org\/tr\/uloz\/\" \/>\n<meta property=\"og:locale\" content=\"tr_TR\" \/>\n<meta property=\"og:type\" content=\"article\" \/>\n<meta property=\"og:title\" content=\"Uloz Premium Hesap: Bir Bak\u0131\u015fta Filehoster\" \/>\n<meta property=\"og:description\" content=\"Uloz sayg\u0131n bir sa\u011flay\u0131c\u0131 m\u0131 de\u011fil mi, cevab\u0131 Multihoster.org&#039;daki mevcut testte bulabilirsiniz \u279c \u015eimdi t\u0131klay\u0131n \u271a deneyimlerimizi okumak i\u00e7in!\" \/>\n<meta property=\"og:url\" content=\"https:\/\/multihoster.org\/tr\/uloz\/\" \/>\n<meta property=\"og:site_name\" content=\"Multihoster.org\" \/>\n<meta property=\"article:modified_time\" content=\"2020-03-31T11:15:40+00:00\" \/>\n<meta property=\"og:image\" content=\"https:\/\/lh5.googleusercontent.com\/DSso4_iy_x8XL-_Dzwlt3-uz1hpxM25zgpxOGdudM89UryFHdWhEDp_vTHuLAD9ofIDr1yF2225Bjq9DnvEk07QdYZhSxKxox3O0Ny7-KmqOcc0zMTUJi8_3tuxh82T5GK0o3oU\" \/>\n<meta name=\"twitter:card\" content=\"summary\" \/>\n<meta name=\"twitter:label1\" content=\"Tahmini okuma s\u00fcresi\" \/>\n\t<meta name=\"twitter:data1\" content=\"9 dakika\" \/>\n<script type=\"application\/ld+json\" class=\"yoast-schema-graph\">{\"@context\":\"https:\/\/schema.org\",\"@graph\":[{\"@type\":\"WebSite\",\"@id\":\"https:\/\/multihoster.org\/#website\",\"url\":\"https:\/\/multihoster.org\/\",\"name\":\"Multihoster.org\",\"description\":\"Reviews of the major Filehosting services\",\"potentialAction\":[{\"@type\":\"SearchAction\",\"target\":{\"@type\":\"EntryPoint\",\"urlTemplate\":\"https:\/\/multihoster.org\/?s={search_term_string}\"},\"query-input\":\"required name=search_term_string\"}],\"inLanguage\":\"tr\"},{\"@type\":\"ImageObject\",\"@id\":\"https:\/\/multihoster.org\/tr\/uloz\/#primaryimage\",\"inLanguage\":\"tr\",\"url\":\"https:\/\/lh5.googleusercontent.com\/DSso4_iy_x8XL-_Dzwlt3-uz1hpxM25zgpxOGdudM89UryFHdWhEDp_vTHuLAD9ofIDr1yF2225Bjq9DnvEk07QdYZhSxKxox3O0Ny7-KmqOcc0zMTUJi8_3tuxh82T5GK0o3oU\",\"contentUrl\":\"https:\/\/lh5.googleusercontent.com\/DSso4_iy_x8XL-_Dzwlt3-uz1hpxM25zgpxOGdudM89UryFHdWhEDp_vTHuLAD9ofIDr1yF2225Bjq9DnvEk07QdYZhSxKxox3O0Ny7-KmqOcc0zMTUJi8_3tuxh82T5GK0o3oU\"},{\"@type\":\"WebPage\",\"@id\":\"https:\/\/multihoster.org\/tr\/uloz\/#webpage\",\"url\":\"https:\/\/multihoster.org\/tr\/uloz\/\",\"name\":\"Uloz Premium Hesap: Bir Bak\u0131\u015fta Filehoster\",\"isPartOf\":{\"@id\":\"https:\/\/multihoster.org\/#website\"},\"primaryImageOfPage\":{\"@id\":\"https:\/\/multihoster.org\/tr\/uloz\/#primaryimage\"},\"datePublished\":\"2020-03-30T15:51:09+00:00\",\"dateModified\":\"2020-03-31T11:15:40+00:00\",\"description\":\"Uloz sayg\u0131n bir sa\u011flay\u0131c\u0131 m\u0131 de\u011fil mi, cevab\u0131 Multihoster.org'daki mevcut testte bulabilirsiniz \u279c \u015eimdi t\u0131klay\u0131n \u271a deneyimlerimizi okumak i\u00e7in!\",\"breadcrumb\":{\"@id\":\"https:\/\/multihoster.org\/tr\/uloz\/#breadcrumb\"},\"inLanguage\":\"tr\",\"potentialAction\":[{\"@type\":\"ReadAction\",\"target\":[\"https:\/\/multihoster.org\/tr\/uloz\/\"]}]},{\"@type\":\"BreadcrumbList\",\"@id\":\"https:\/\/multihoster.org\/tr\/uloz\/#breadcrumb\",\"itemListElement\":[{\"@type\":\"ListItem\",\"position\":1,\"name\":\"Startseite\",\"item\":\"https:\/\/multihoster.org\/tr\/\"},{\"@type\":\"ListItem\",\"position\":2,\"name\":\"Uloz Premium Hesap: Bir Bak\u0131\u015fta Filehoster\"}]}]}<\/script>\n<!-- \/ Yoast SEO plugin. -->","yoast_head_json":{"title":"Uloz Premium Hesap: Bir Bak\u0131\u015fta Filehoster","description":"Uloz sayg\u0131n bir sa\u011flay\u0131c\u0131 m\u0131 de\u011fil mi, cevab\u0131 Multihoster.org'daki mevcut testte bulabilirsiniz \u279c \u015eimdi t\u0131klay\u0131n \u271a deneyimlerimizi okumak i\u00e7in!","robots":{"index":"index","follow":"follow","max-snippet":"max-snippet:-1","max-image-preview":"max-image-preview:large","max-video-preview":"max-video-preview:-1"},"canonical":"https:\/\/multihoster.org\/tr\/uloz\/","og_locale":"tr_TR","og_type":"article","og_title":"Uloz Premium Hesap: Bir Bak\u0131\u015fta Filehoster","og_description":"Uloz sayg\u0131n bir sa\u011flay\u0131c\u0131 m\u0131 de\u011fil mi, cevab\u0131 Multihoster.org'daki mevcut testte bulabilirsiniz \u279c \u015eimdi t\u0131klay\u0131n \u271a deneyimlerimizi okumak i\u00e7in!","og_url":"https:\/\/multihoster.org\/tr\/uloz\/","og_site_name":"Multihoster.org","article_modified_time":"2020-03-31T11:15:40+00:00","og_image":[{"url":"https:\/\/lh5.googleusercontent.com\/DSso4_iy_x8XL-_Dzwlt3-uz1hpxM25zgpxOGdudM89UryFHdWhEDp_vTHuLAD9ofIDr1yF2225Bjq9DnvEk07QdYZhSxKxox3O0Ny7-KmqOcc0zMTUJi8_3tuxh82T5GK0o3oU"}],"twitter_card":"summary","twitter_misc":{"Tahmini okuma s\u00fcresi":"9 dakika"},"schema":{"@context":"https:\/\/schema.org","@graph":[{"@type":"WebSite","@id":"https:\/\/multihoster.org\/#website","url":"https:\/\/multihoster.org\/","name":"Multihoster.org","description":"Reviews of the major Filehosting services","potentialAction":[{"@type":"SearchAction","target":{"@type":"EntryPoint","urlTemplate":"https:\/\/multihoster.org\/?s={search_term_string}"},"query-input":"required name=search_term_string"}],"inLanguage":"tr"},{"@type":"ImageObject","@id":"https:\/\/multihoster.org\/tr\/uloz\/#primaryimage","inLanguage":"tr","url":"https:\/\/lh5.googleusercontent.com\/DSso4_iy_x8XL-_Dzwlt3-uz1hpxM25zgpxOGdudM89UryFHdWhEDp_vTHuLAD9ofIDr1yF2225Bjq9DnvEk07QdYZhSxKxox3O0Ny7-KmqOcc0zMTUJi8_3tuxh82T5GK0o3oU","contentUrl":"https:\/\/lh5.googleusercontent.com\/DSso4_iy_x8XL-_Dzwlt3-uz1hpxM25zgpxOGdudM89UryFHdWhEDp_vTHuLAD9ofIDr1yF2225Bjq9DnvEk07QdYZhSxKxox3O0Ny7-KmqOcc0zMTUJi8_3tuxh82T5GK0o3oU"},{"@type":"WebPage","@id":"https:\/\/multihoster.org\/tr\/uloz\/#webpage","url":"https:\/\/multihoster.org\/tr\/uloz\/","name":"Uloz Premium Hesap: Bir Bak\u0131\u015fta Filehoster","isPartOf":{"@id":"https:\/\/multihoster.org\/#website"},"primaryImageOfPage":{"@id":"https:\/\/multihoster.org\/tr\/uloz\/#primaryimage"},"datePublished":"2020-03-30T15:51:09+00:00","dateModified":"2020-03-31T11:15:40+00:00","description":"Uloz sayg\u0131n bir sa\u011flay\u0131c\u0131 m\u0131 de\u011fil mi, cevab\u0131 Multihoster.org'daki mevcut testte bulabilirsiniz \u279c \u015eimdi t\u0131klay\u0131n \u271a deneyimlerimizi okumak i\u00e7in!","breadcrumb":{"@id":"https:\/\/multihoster.org\/tr\/uloz\/#breadcrumb"},"inLanguage":"tr","potentialAction":[{"@type":"ReadAction","target":["https:\/\/multihoster.org\/tr\/uloz\/"]}]},{"@type":"BreadcrumbList","@id":"https:\/\/multihoster.org\/tr\/uloz\/#breadcrumb","itemListElement":[{"@type":"ListItem","position":1,"name":"Startseite","item":"https:\/\/multihoster.org\/tr\/"},{"@type":"ListItem","position":2,"name":"Uloz Premium Hesap: Bir Bak\u0131\u015fta Filehoster"}]}]}},"_links":{"self":[{"href":"https:\/\/multihoster.org\/tr\/wp-json\/wp\/v2\/pages\/2999"}],"collection":[{"href":"https:\/\/multihoster.org\/tr\/wp-json\/wp\/v2\/pages"}],"about":[{"href":"https:\/\/multihoster.org\/tr\/wp-json\/wp\/v2\/types\/page"}],"author":[{"embeddable":true,"href":"https:\/\/multihoster.org\/tr\/wp-json\/wp\/v2\/users\/2"}],"replies":[{"embeddable":true,"href":"https:\/\/multihoster.org\/tr\/wp-json\/wp\/v2\/comments?post=2999"}],"version-history":[{"count":2,"href":"https:\/\/multihoster.org\/tr\/wp-json\/wp\/v2\/pages\/2999\/revisions"}],"predecessor-version":[{"id":3022,"href":"https:\/\/multihoster.org\/tr\/wp-json\/wp\/v2\/pages\/2999\/revisions\/3022"}],"wp:attachment":[{"href":"https:\/\/multihoster.org\/tr\/wp-json\/wp\/v2\/media?parent=2999"}],"curies":[{"name":"wp","href":"https:\/\/api.w.org\/{rel}","templated":true}]}}